{"id":135042,"date":"2023-01-03T02:29:22","date_gmt":"2023-01-27T08:20:00","guid":{"rendered":"https:\/\/landioustravel.com\/?post_type=product&#038;p=135042"},"modified":"2023-06-16T14:20:07","modified_gmt":"2023-06-16T12:20:07","slug":"see-reitausflug-gouna","status":"publish","type":"product","link":"https:\/\/landioustravel.com\/de\/shop\/see-reitausflug-gouna\/","title":{"rendered":"See Reitausflug El Gouna"},"content":{"rendered":"<p><strong>See Reitausflug El Gouna<\/strong> ist ein fantastisches Erlebnis f\u00fcr das Reiten auf dem offenen Meer von El Gouna, \u00c4gypten! Wir empfehlen den Ausflug, weil Touristen einen ganzen Ausritt in El Gouna genie\u00dfen k\u00f6nnen! Dieses Reiten wird so professionell sein, da es mit einem entspannten Gehen beginnt und dann; Es l\u00e4sst Sie mit diesen sch\u00f6nen Kreaturen ins Meer baden. Au\u00dferdem k\u00f6nnen Sie versuchen, im Trab zu laufen, um aufgeregter zu werden. Die Fahrt ist ein tolles Erlebnis! Dies ist einer der Dienstleistungen, die wir Ihnen in Hurghada, Gouvernement Rotes Meer, anbieten.<\/p>\n<h2>Highlights auf dem See Reitausflug El Gouna<\/h2>\n<ul>\n<li>Lernprogramm.<\/li>\n<li>Ruhiges Reiten im Schritt.<\/li>\n<li>Bad mit Pferden im offenen Meer.<\/li>\n<li>Viel Spa\u00df auch beim Traben.<\/li>\n<\/ul>\n<h2>Programm der Reittour<\/h2>\n<ul>\n<li>Der Vertreter von Landious Travel holt Sie gegen 15:00 Uhr von den Hotels in El Gouna ab.<\/li>\n<li>Nachdem alle Ank\u00f6mmlinge abgeholt wurden, f\u00e4hrt der Bus zum Pferdestall. Der Weg zu diesem Pferdestall dauert ca. 20 Minuten.<\/li>\n<li>Du findest deine Pferde im Stall. Sie sind liebensw\u00fcrdig! Sobald ihr den Stall betretet, bekommt ihr f\u00fcr kurze Zeit eine Einweisung.<\/li>\n<li>Nach diesem Tutorial m\u00fcssen Sie sich auf das Reiten vorbereiten. Dann spazieren Sie auf Pferden, um sich mit der ganzen Sache vertraut zu machen. Ein einzigartiger F\u00fchrer wird Ihnen zur Verf\u00fcgung gestellt.<\/li>\n<li>Als n\u00e4chstes k\u00f6nnen Sie Ihr wahres Abenteuer beginnen, indem Sie auf R\u00fcckenpferden ins Meer schwimmen.<\/li>\n<li>Die Reise geht weiter, damit Sie auch das Traben genie\u00dfen k\u00f6nnen.<\/li>\n<li>Schlie\u00dflich bringen wir Sie zur\u00fcck zu Ihrem Hotel.<\/li>\n<li>Dieser Seereitausflug in El Gouna endet gegen 19:00 Uhr.<\/li>\n<\/ul>\n<h2>Was beinhaltet der Preis f\u00fcr den Seereitausflug El Gouna?<\/h2>\n<ul>\n<li>Lernprogramm.<\/li>\n<li>F\u00fchrung beim Reiten.<\/li>\n<li>Au\u00dferdem Transfer zum Hafen und zur\u00fcck zum Hotel.<\/li>\n<\/ul>\n<h2>Was beinhaltet das El-Gouna-Programm zum Reiten auf dem Meer nicht?<\/h2>\n<ul>\n<li>Video-DVD.<\/li>\n<li>Auch die Foto-CD.<\/li>\n<\/ul>\n<h2>Was nehmen Sie mit auf die Reittour?<\/h2>\n<ul>\n<li>Handtuch.<\/li>\n<li>Au\u00dferdem Sonnencreme.<\/li>\n<\/ul>\n<h2>Buchung Tage des See-Ausritts El Gouna<\/h2>\n<ul>\n<li>T\u00e4glich von 15:00 \u2013 19:00 Uhr.<\/li>\n<\/ul>\n","protected":false},"excerpt":{"rendered":"<p>Erleben Sie das ultimative Abenteuer f\u00fcr Pferdeliebhaber! Machen Sie sich bereit f\u00fcr einen aufregenden Reitausflug auf dem Meer in El Gouna, bei dem Sie zwei Stunden lang auf Pferden durch das offene Meer reiten. Machen Sie einen Spaziergang oder sogar einen Trab mit diesen freundlichen Kreaturen und sp\u00fcren Sie die Aufregung, w\u00e4hrend Sie in das Erlebnis eintauchen. Da der Reisepreis Transfers und Tutorials beinhaltet, m\u00fcssen Sie sich um nichts k\u00fcmmern.<\/p>\n<p>Begeben Sie sich auf ein aufregendes Abenteuer, erkunden Sie die W\u00fcste zu Pferd und atmen Sie die warme W\u00fcstenluft ein, w\u00e4hrend Sie auf die endlose W\u00fcste blicken, die Ihnen den Atem rauben wird. Halten Sie unvergessliche Momente dieses erstaunlichen Erlebnisses fest und machen Sie wundervolle Fotos mit Pferden. Sie werden sp\u00fcren, wie das Adrenalin durch Ihre Adern pumpt und nach der Fahrt neue Kraft und Vitalit\u00e4t erlangen.<\/p>\n<p>Sicherheit steht bei uns an erster Stelle, daher verwenden wir ausschlie\u00dflich Ausr\u00fcstung nach europ\u00e4ischem Standard, einschlie\u00dflich Reithelmen, um Ihre Sicherheit w\u00e4hrend der gesamten Fahrt zu gew\u00e4hrleisten. Sie werden von Ihrem Hotel abgeholt, auf die Fahrt Ihres Lebens mitgenommen und anschlie\u00dfend sicher zu Ihrem Hotel zur\u00fcckgebracht.<\/p>\n<p>Lassen Sie sich diese unglaubliche Gelegenheit nicht entgehen. Erleben Sie mit uns ein unvergessliches Erlebnis, das Sie belebt und in Hochstimmung versetzt. Buchen Sie jetzt und machen Sie sich bereit f\u00fcr die Fahrt Ihres Lebens!<\/p>\n","protected":false},"featured_media":135043,"comment_status":"open","ping_status":"closed","template":"","meta":{"_coblocks_attr":"","_coblocks_dimensions":"","_coblocks_responsive_height":"","_coblocks_accordion_ie_support":"","_uag_custom_page_level_css":"","jetpack_post_was_ever_published":false,"jetpack_publicize_message":"","jetpack_publicize_feature_enabled":true,"jetpack_social_post_already_shared":true,"jetpack_social_options":{"image_generator_settings":{"template":"highway","default_image_id":0,"font":"","enabled":false},"version":2},"_wpas_customize_per_network":false},"product_brand":[],"product_cat":[20131,20133],"product_tag":[1653,1843,1934],"class_list":{"0":"post-135042","1":"product","2":"type-product","3":"status-publish","4":"has-post-thumbnail","6":"product_cat-gouna-ausfluege","7":"product_cat-gouna-unterhaltungsreisen","8":"product_tag-ausflug","9":"product_tag-el-gouna-de","10":"product_tag-pferd","11":"pa_age-erwachsene","12":"pa_age-kind-1-4-jahre","14":"first","15":"instock","16":"sale","17":"taxable","18":"shipping-taxable","19":"purchasable","20":"product-type-variable"},"yoast_head":"<!-- This site is optimized with the Yoast SEO Premium plugin v26.9 (Yoast SEO v27.3) - https:\/\/yoast.com\/product\/yoast-seo-premium-wordpress\/ -->\n<title>See Reitausflug El Gouna<\/title>\n<meta name=\"description\" content=\"See Reitausflug El Gouna ist ein fantastisches Erlebnis f\u00fcr das Reiten auf dem offenen Meer von El Gouna, \u00c4gypten! Wir empfehlen den Ausflug, weil Touristen\" \/>\n<meta name=\"robots\" content=\"index, follow, max-snippet:-1, max-image-preview:large, max-video-preview:-1\" \/>\n<link rel=\"canonical\" href=\"https:\/\/landioustravel.com\/de\/shop\/see-reitausflug-gouna\/\" \/>\n<meta property=\"og:locale\" content=\"de_DE\" \/>\n<meta property=\"og:type\" content=\"article\" \/>\n<meta property=\"og:title\" content=\"See Reitausflug El Gouna\" \/>\n<meta property=\"og:description\" content=\"Landious Travel\" \/>\n<meta property=\"og:url\" content=\"https:\/\/landioustravel.com\/de\/shop\/see-reitausflug-gouna\/\" \/>\n<meta property=\"og:site_name\" content=\"Landious Travel\" \/>\n<meta property=\"article:publisher\" content=\"https:\/\/web.facebook.com\/landiousEgypt\" \/>\n<meta property=\"article:modified_time\" content=\"2023-06-16T12:20:07+00:00\" \/>\n<meta property=\"og:image\" content=\"https:\/\/i0.wp.com\/landioustravel.com\/wp-content\/uploads\/2023\/01\/Sea-Horse-Riding-Trip-El-Gouna-e1672705493808.jpg?fit=1200%2C675&ssl=1\" \/>\n\t<meta property=\"og:image:width\" content=\"1200\" \/>\n\t<meta property=\"og:image:height\" content=\"675\" \/>\n\t<meta property=\"og:image:type\" content=\"image\/jpeg\" \/>\n<meta name=\"twitter:card\" content=\"summary_large_image\" \/>\n<meta name=\"twitter:site\" content=\"@LandiousTours\" \/>\n<meta name=\"twitter:label1\" content=\"Gesch\u00e4tzte Lesezeit\" \/>\n\t<meta name=\"twitter:data1\" content=\"2\u00a0Minuten\" \/>\n<script type=\"application\/ld+json\" class=\"yoast-schema-graph\">{\"@context\":\"https:\\\/\\\/schema.org\",\"@graph\":[{\"@type\":\"WebPage\",\"@id\":\"https:\\\/\\\/landioustravel.com\\\/de\\\/shop\\\/see-reitausflug-gouna\\\/\",\"url\":\"https:\\\/\\\/landioustravel.com\\\/de\\\/shop\\\/see-reitausflug-gouna\\\/\",\"name\":\"See Reitausflug El Gouna\",\"isPartOf\":{\"@id\":\"https:\\\/\\\/landioustravel.com\\\/de\\\/#website\"},\"primaryImageOfPage\":{\"@id\":\"https:\\\/\\\/landioustravel.com\\\/de\\\/shop\\\/see-reitausflug-gouna\\\/#primaryimage\"},\"image\":{\"@id\":\"https:\\\/\\\/landioustravel.com\\\/de\\\/shop\\\/see-reitausflug-gouna\\\/#primaryimage\"},\"thumbnailUrl\":\"https:\\\/\\\/i0.wp.com\\\/landioustravel.com\\\/wp-content\\\/uploads\\\/2023\\\/01\\\/Sea-Horse-Riding-Trip-El-Gouna-e1672705493808.jpg?fit=1200%2C675&ssl=1\",\"datePublished\":\"2023-01-27T08:20:00+00:00\",\"dateModified\":\"2023-06-16T12:20:07+00:00\",\"description\":\"See Reitausflug El Gouna ist ein fantastisches Erlebnis f\u00fcr das Reiten auf dem offenen Meer von El Gouna, \u00c4gypten! Wir empfehlen den Ausflug, weil Touristen\",\"breadcrumb\":{\"@id\":\"https:\\\/\\\/landioustravel.com\\\/de\\\/shop\\\/see-reitausflug-gouna\\\/#breadcrumb\"},\"inLanguage\":\"de\",\"potentialAction\":[{\"@type\":\"ReadAction\",\"target\":[\"https:\\\/\\\/landioustravel.com\\\/de\\\/shop\\\/see-reitausflug-gouna\\\/\"]}]},{\"@type\":\"ImageObject\",\"inLanguage\":\"de\",\"@id\":\"https:\\\/\\\/landioustravel.com\\\/de\\\/shop\\\/see-reitausflug-gouna\\\/#primaryimage\",\"url\":\"https:\\\/\\\/i0.wp.com\\\/landioustravel.com\\\/wp-content\\\/uploads\\\/2023\\\/01\\\/Sea-Horse-Riding-Trip-El-Gouna-e1672705493808.jpg?fit=1200%2C675&ssl=1\",\"contentUrl\":\"https:\\\/\\\/i0.wp.com\\\/landioustravel.com\\\/wp-content\\\/uploads\\\/2023\\\/01\\\/Sea-Horse-Riding-Trip-El-Gouna-e1672705493808.jpg?fit=1200%2C675&ssl=1\",\"width\":1200,\"height\":675,\"caption\":\"Sea Horse Riding Trip El Gouna\"},{\"@type\":\"BreadcrumbList\",\"@id\":\"https:\\\/\\\/landioustravel.com\\\/de\\\/shop\\\/see-reitausflug-gouna\\\/#breadcrumb\",\"itemListElement\":[{\"@type\":\"ListItem\",\"position\":1,\"name\":\"Home\",\"item\":\"https:\\\/\\\/landioustravel.com\\\/de\\\/\"},{\"@type\":\"ListItem\",\"position\":2,\"name\":\"\u00c4gypten Touren\",\"item\":\"https:\\\/\\\/landioustravel.com\\\/de\\\/\"},{\"@type\":\"ListItem\",\"position\":3,\"name\":\"See Reitausflug El Gouna\"}]},{\"@type\":\"WebSite\",\"@id\":\"https:\\\/\\\/landioustravel.com\\\/de\\\/#website\",\"url\":\"https:\\\/\\\/landioustravel.com\\\/de\\\/\",\"name\":\"Landious Travel\",\"description\":\"Excursions, trips and cruises in Egypt\",\"publisher\":{\"@id\":\"https:\\\/\\\/landioustravel.com\\\/de\\\/#organization\"},\"potentialAction\":[{\"@type\":\"SearchAction\",\"target\":{\"@type\":\"EntryPoint\",\"urlTemplate\":\"https:\\\/\\\/landioustravel.com\\\/de\\\/?s={search_term_string}\"},\"query-input\":{\"@type\":\"PropertyValueSpecification\",\"valueRequired\":true,\"valueName\":\"search_term_string\"}}],\"inLanguage\":\"de\"},{\"@type\":[\"Organization\",\"Place\"],\"@id\":\"https:\\\/\\\/landioustravel.com\\\/de\\\/#organization\",\"name\":\"Landious Travel\",\"alternateName\":\"Landious Travel\",\"url\":\"https:\\\/\\\/landioustravel.com\\\/de\\\/\",\"logo\":{\"@id\":\"https:\\\/\\\/landioustravel.com\\\/de\\\/shop\\\/see-reitausflug-gouna\\\/#local-main-organization-logo\"},\"image\":{\"@id\":\"https:\\\/\\\/landioustravel.com\\\/de\\\/shop\\\/see-reitausflug-gouna\\\/#local-main-organization-logo\"},\"sameAs\":[\"https:\\\/\\\/web.facebook.com\\\/landiousEgypt\",\"https:\\\/\\\/x.com\\\/LandiousTours\",\"https:\\\/\\\/mastodon.social\\\/@landious\"],\"legalName\":\"Landious Travel\",\"telephone\":[],\"openingHoursSpecification\":[{\"@type\":\"OpeningHoursSpecification\",\"dayOfWeek\":[\"Monday\",\"Tuesday\",\"Wednesday\",\"Thursday\",\"Friday\",\"Saturday\",\"Sunday\"],\"opens\":\"09:00\",\"closes\":\"17:00\"}]},{\"@type\":\"ImageObject\",\"inLanguage\":\"de\",\"@id\":\"https:\\\/\\\/landioustravel.com\\\/de\\\/shop\\\/see-reitausflug-gouna\\\/#local-main-organization-logo\",\"url\":\"https:\\\/\\\/i0.wp.com\\\/landioustravel.com\\\/wp-content\\\/uploads\\\/2021\\\/06\\\/Landious-T.png?fit=500%2C500&ssl=1\",\"contentUrl\":\"https:\\\/\\\/i0.wp.com\\\/landioustravel.com\\\/wp-content\\\/uploads\\\/2021\\\/06\\\/Landious-T.png?fit=500%2C500&ssl=1\",\"width\":500,\"height\":500,\"caption\":\"Landious Travel\"}]}<\/script>\n<!-- \/ Yoast SEO Premium plugin. -->","yoast_head_json":{"title":"See Reitausflug El Gouna","description":"See Reitausflug El Gouna ist ein fantastisches Erlebnis f\u00fcr das Reiten auf dem offenen Meer von El Gouna, \u00c4gypten! Wir empfehlen den Ausflug, weil Touristen","robots":{"index":"index","follow":"follow","max-snippet":"max-snippet:-1","max-image-preview":"max-image-preview:large","max-video-preview":"max-video-preview:-1"},"canonical":"https:\/\/landioustravel.com\/de\/shop\/see-reitausflug-gouna\/","og_locale":"de_DE","og_type":"article","og_title":"See Reitausflug El Gouna","og_description":"Landious Travel","og_url":"https:\/\/landioustravel.com\/de\/shop\/see-reitausflug-gouna\/","og_site_name":"Landious Travel","article_publisher":"https:\/\/web.facebook.com\/landiousEgypt","article_modified_time":"2023-06-16T12:20:07+00:00","og_image":[{"width":1200,"height":675,"url":"https:\/\/i0.wp.com\/landioustravel.com\/wp-content\/uploads\/2023\/01\/Sea-Horse-Riding-Trip-El-Gouna-e1672705493808.jpg?fit=1200%2C675&ssl=1","type":"image\/jpeg"}],"twitter_card":"summary_large_image","twitter_site":"@LandiousTours","twitter_misc":{"Gesch\u00e4tzte Lesezeit":"2\u00a0Minuten"},"schema":{"@context":"https:\/\/schema.org","@graph":[{"@type":"WebPage","@id":"https:\/\/landioustravel.com\/de\/shop\/see-reitausflug-gouna\/","url":"https:\/\/landioustravel.com\/de\/shop\/see-reitausflug-gouna\/","name":"See Reitausflug El Gouna","isPartOf":{"@id":"https:\/\/landioustravel.com\/de\/#website"},"primaryImageOfPage":{"@id":"https:\/\/landioustravel.com\/de\/shop\/see-reitausflug-gouna\/#primaryimage"},"image":{"@id":"https:\/\/landioustravel.com\/de\/shop\/see-reitausflug-gouna\/#primaryimage"},"thumbnailUrl":"https:\/\/i0.wp.com\/landioustravel.com\/wp-content\/uploads\/2023\/01\/Sea-Horse-Riding-Trip-El-Gouna-e1672705493808.jpg?fit=1200%2C675&ssl=1","datePublished":"2023-01-27T08:20:00+00:00","dateModified":"2023-06-16T12:20:07+00:00","description":"See Reitausflug El Gouna ist ein fantastisches Erlebnis f\u00fcr das Reiten auf dem offenen Meer von El Gouna, \u00c4gypten! Wir empfehlen den Ausflug, weil Touristen","breadcrumb":{"@id":"https:\/\/landioustravel.com\/de\/shop\/see-reitausflug-gouna\/#breadcrumb"},"inLanguage":"de","potentialAction":[{"@type":"ReadAction","target":["https:\/\/landioustravel.com\/de\/shop\/see-reitausflug-gouna\/"]}]},{"@type":"ImageObject","inLanguage":"de","@id":"https:\/\/landioustravel.com\/de\/shop\/see-reitausflug-gouna\/#primaryimage","url":"https:\/\/i0.wp.com\/landioustravel.com\/wp-content\/uploads\/2023\/01\/Sea-Horse-Riding-Trip-El-Gouna-e1672705493808.jpg?fit=1200%2C675&ssl=1","contentUrl":"https:\/\/i0.wp.com\/landioustravel.com\/wp-content\/uploads\/2023\/01\/Sea-Horse-Riding-Trip-El-Gouna-e1672705493808.jpg?fit=1200%2C675&ssl=1","width":1200,"height":675,"caption":"Sea Horse Riding Trip El Gouna"},{"@type":"BreadcrumbList","@id":"https:\/\/landioustravel.com\/de\/shop\/see-reitausflug-gouna\/#breadcrumb","itemListElement":[{"@type":"ListItem","position":1,"name":"Home","item":"https:\/\/landioustravel.com\/de\/"},{"@type":"ListItem","position":2,"name":"\u00c4gypten Touren","item":"https:\/\/landioustravel.com\/de\/"},{"@type":"ListItem","position":3,"name":"See Reitausflug El Gouna"}]},{"@type":"WebSite","@id":"https:\/\/landioustravel.com\/de\/#website","url":"https:\/\/landioustravel.com\/de\/","name":"Landious Travel","description":"Excursions, trips and cruises in Egypt","publisher":{"@id":"https:\/\/landioustravel.com\/de\/#organization"},"potentialAction":[{"@type":"SearchAction","target":{"@type":"EntryPoint","urlTemplate":"https:\/\/landioustravel.com\/de\/?s={search_term_string}"},"query-input":{"@type":"PropertyValueSpecification","valueRequired":true,"valueName":"search_term_string"}}],"inLanguage":"de"},{"@type":["Organization","Place"],"@id":"https:\/\/landioustravel.com\/de\/#organization","name":"Landious Travel","alternateName":"Landious Travel","url":"https:\/\/landioustravel.com\/de\/","logo":{"@id":"https:\/\/landioustravel.com\/de\/shop\/see-reitausflug-gouna\/#local-main-organization-logo"},"image":{"@id":"https:\/\/landioustravel.com\/de\/shop\/see-reitausflug-gouna\/#local-main-organization-logo"},"sameAs":["https:\/\/web.facebook.com\/landiousEgypt","https:\/\/x.com\/LandiousTours","https:\/\/mastodon.social\/@landious"],"legalName":"Landious Travel","telephone":[],"openingHoursSpecification":[{"@type":"OpeningHoursSpecification","dayOfWeek":["Monday","Tuesday","Wednesday","Thursday","Friday","Saturday","Sunday"],"opens":"09:00","closes":"17:00"}]},{"@type":"ImageObject","inLanguage":"de","@id":"https:\/\/landioustravel.com\/de\/shop\/see-reitausflug-gouna\/#local-main-organization-logo","url":"https:\/\/i0.wp.com\/landioustravel.com\/wp-content\/uploads\/2021\/06\/Landious-T.png?fit=500%2C500&ssl=1","contentUrl":"https:\/\/i0.wp.com\/landioustravel.com\/wp-content\/uploads\/2021\/06\/Landious-T.png?fit=500%2C500&ssl=1","width":500,"height":500,"caption":"Landious Travel"}]}},"jetpack_publicize_connections":[],"uagb_featured_image_src":{"full":["https:\/\/i0.wp.com\/landioustravel.com\/wp-content\/uploads\/2023\/01\/Sea-Horse-Riding-Trip-El-Gouna-e1672705493808.jpg?fit=1200%2C675&ssl=1",1200,675,false],"thumbnail":["https:\/\/i0.wp.com\/landioustravel.com\/wp-content\/uploads\/2023\/01\/Sea-Horse-Riding-Trip-El-Gouna-e1672705493808.jpg?resize=150%2C150&ssl=1",150,150,true],"medium":["https:\/\/i0.wp.com\/landioustravel.com\/wp-content\/uploads\/2023\/01\/Sea-Horse-Riding-Trip-El-Gouna-e1672705493808.jpg?fit=300%2C169&ssl=1",300,169,true],"medium_large":["https:\/\/i0.wp.com\/landioustravel.com\/wp-content\/uploads\/2023\/01\/Sea-Horse-Riding-Trip-El-Gouna-e1672705493808.jpg?fit=768%2C432&ssl=1",768,432,true],"large":["https:\/\/i0.wp.com\/landioustravel.com\/wp-content\/uploads\/2023\/01\/Sea-Horse-Riding-Trip-El-Gouna-e1672705493808.jpg?fit=980%2C551&ssl=1",980,551,true],"1536x1536":["https:\/\/i0.wp.com\/landioustravel.com\/wp-content\/uploads\/2023\/01\/Sea-Horse-Riding-Trip-El-Gouna-e1672705493808.jpg?fit=1200%2C675&ssl=1",1200,675,true],"2048x2048":["https:\/\/i0.wp.com\/landioustravel.com\/wp-content\/uploads\/2023\/01\/Sea-Horse-Riding-Trip-El-Gouna-e1672705493808.jpg?fit=1200%2C675&ssl=1",1200,675,true],"newspack-article-block-landscape-large":["https:\/\/i0.wp.com\/landioustravel.com\/wp-content\/uploads\/2023\/01\/Sea-Horse-Riding-Trip-El-Gouna-e1672705493808.jpg?resize=1200%2C675&ssl=1",1200,675,true],"newspack-article-block-portrait-large":["https:\/\/i0.wp.com\/landioustravel.com\/wp-content\/uploads\/2023\/01\/Sea-Horse-Riding-Trip-El-Gouna-e1672705493808.jpg?resize=900%2C675&ssl=1",900,675,true],"newspack-article-block-square-large":["https:\/\/i0.wp.com\/landioustravel.com\/wp-content\/uploads\/2023\/01\/Sea-Horse-Riding-Trip-El-Gouna-e1672705493808.jpg?resize=1200%2C675&ssl=1",1200,675,true],"newspack-article-block-landscape-medium":["https:\/\/i0.wp.com\/landioustravel.com\/wp-content\/uploads\/2023\/01\/Sea-Horse-Riding-Trip-El-Gouna-e1672705493808.jpg?resize=800%2C600&ssl=1",800,600,true],"newspack-article-block-portrait-medium":["https:\/\/i0.wp.com\/landioustravel.com\/wp-content\/uploads\/2023\/01\/Sea-Horse-Riding-Trip-El-Gouna-e1672705493808.jpg?resize=600%2C675&ssl=1",600,675,true],"newspack-article-block-square-medium":["https:\/\/i0.wp.com\/landioustravel.com\/wp-content\/uploads\/2023\/01\/Sea-Horse-Riding-Trip-El-Gouna-e1672705493808.jpg?resize=800%2C675&ssl=1",800,675,true],"newspack-article-block-landscape-intermediate":["https:\/\/i0.wp.com\/landioustravel.com\/wp-content\/uploads\/2023\/01\/Sea-Horse-Riding-Trip-El-Gouna-e1672705493808.jpg?resize=600%2C450&ssl=1",600,450,true],"newspack-article-block-portrait-intermediate":["https:\/\/i0.wp.com\/landioustravel.com\/wp-content\/uploads\/2023\/01\/Sea-Horse-Riding-Trip-El-Gouna-e1672705493808.jpg?resize=450%2C600&ssl=1",450,600,true],"newspack-article-block-square-intermediate":["https:\/\/i0.wp.com\/landioustravel.com\/wp-content\/uploads\/2023\/01\/Sea-Horse-Riding-Trip-El-Gouna-e1672705493808.jpg?resize=600%2C600&ssl=1",600,600,true],"newspack-article-block-landscape-small":["https:\/\/i0.wp.com\/landioustravel.com\/wp-content\/uploads\/2023\/01\/Sea-Horse-Riding-Trip-El-Gouna-e1672705493808.jpg?resize=400%2C300&ssl=1",400,300,true],"newspack-article-block-portrait-small":["https:\/\/i0.wp.com\/landioustravel.com\/wp-content\/uploads\/2023\/01\/Sea-Horse-Riding-Trip-El-Gouna-e1672705493808.jpg?resize=300%2C400&ssl=1",300,400,true],"newspack-article-block-square-small":["https:\/\/i0.wp.com\/landioustravel.com\/wp-content\/uploads\/2023\/01\/Sea-Horse-Riding-Trip-El-Gouna-e1672705493808.jpg?resize=400%2C400&ssl=1",400,400,true],"newspack-article-block-landscape-tiny":["https:\/\/i0.wp.com\/landioustravel.com\/wp-content\/uploads\/2023\/01\/Sea-Horse-Riding-Trip-El-Gouna-e1672705493808.jpg?resize=200%2C150&ssl=1",200,150,true],"newspack-article-block-portrait-tiny":["https:\/\/i0.wp.com\/landioustravel.com\/wp-content\/uploads\/2023\/01\/Sea-Horse-Riding-Trip-El-Gouna-e1672705493808.jpg?resize=150%2C200&ssl=1",150,200,true],"newspack-article-block-square-tiny":["https:\/\/i0.wp.com\/landioustravel.com\/wp-content\/uploads\/2023\/01\/Sea-Horse-Riding-Trip-El-Gouna-e1672705493808.jpg?resize=200%2C200&ssl=1",200,200,true],"newspack-article-block-uncropped":["https:\/\/i0.wp.com\/landioustravel.com\/wp-content\/uploads\/2023\/01\/Sea-Horse-Riding-Trip-El-Gouna-e1672705493808.jpg?fit=1200%2C675&ssl=1",1200,675,true],"woocommerce_thumbnail":["https:\/\/i0.wp.com\/landioustravel.com\/wp-content\/uploads\/2023\/01\/Sea-Horse-Riding-Trip-El-Gouna-e1672705493808.jpg?resize=324%2C324&ssl=1",324,324,true],"woocommerce_single":["https:\/\/i0.wp.com\/landioustravel.com\/wp-content\/uploads\/2023\/01\/Sea-Horse-Riding-Trip-El-Gouna-e1672705493808.jpg?fit=416%2C234&ssl=1",416,234,true],"woocommerce_gallery_thumbnail":["https:\/\/i0.wp.com\/landioustravel.com\/wp-content\/uploads\/2023\/01\/Sea-Horse-Riding-Trip-El-Gouna-e1672705493808.jpg?resize=100%2C100&ssl=1",100,100,true]},"uagb_author_info":{"display_name":"Mofreh Landious","author_link":"https:\/\/landioustravel.com\/de\/author\/"},"uagb_comment_info":0,"uagb_excerpt":"Erleben Sie das ultimative Abenteuer f\u00fcr Pferdeliebhaber! Machen Sie sich bereit f\u00fcr einen aufregenden Reitausflug auf dem Meer in El Gouna, bei dem Sie zwei Stunden lang auf Pferden durch das offene Meer reiten. Machen Sie einen Spaziergang oder sogar einen Trab mit diesen freundlichen Kreaturen und sp\u00fcren Sie die Aufregung, w\u00e4hrend Sie in das&hellip;","jetpack_sharing_enabled":true,"jetpack_likes_enabled":true,"amp_enabled":true,"_links":{"self":[{"href":"https:\/\/landioustravel.com\/de\/wp-json\/wp\/v2\/product\/135042","targetHints":{"allow":["GET"]}}],"collection":[{"href":"https:\/\/landioustravel.com\/de\/wp-json\/wp\/v2\/product"}],"about":[{"href":"https:\/\/landioustravel.com\/de\/wp-json\/wp\/v2\/types\/product"}],"replies":[{"embeddable":true,"href":"https:\/\/landioustravel.com\/de\/wp-json\/wp\/v2\/comments?post=135042"}],"wp:featuredmedia":[{"embeddable":true,"href":"https:\/\/landioustravel.com\/de\/wp-json\/wp\/v2\/media\/135043"}],"wp:attachment":[{"href":"https:\/\/landioustravel.com\/de\/wp-json\/wp\/v2\/media?parent=135042"}],"wp:term":[{"taxonomy":"product_brand","embeddable":true,"href":"https:\/\/landioustravel.com\/de\/wp-json\/wp\/v2\/product_brand?post=135042"},{"taxonomy":"product_cat","embeddable":true,"href":"https:\/\/landioustravel.com\/de\/wp-json\/wp\/v2\/product_cat?post=135042"},{"taxonomy":"product_tag","embeddable":true,"href":"https:\/\/landioustravel.com\/de\/wp-json\/wp\/v2\/product_tag?post=135042"}],"curies":[{"name":"wp","href":"https:\/\/api.w.org\/{rel}","templated":true}]}}