{"id":135086,"date":"2023-01-02T16:27:32","date_gmt":"2023-01-27T17:20:27","guid":{"rendered":"https:\/\/landioustravel.com\/?post_type=product&#038;p=135086"},"modified":"2023-06-16T16:10:40","modified_gmt":"2023-06-16T14:10:40","slug":"hurghada-jeep-safari-von-gouna","status":"publish","type":"product","link":"https:\/\/landioustravel.com\/de\/shop\/hurghada-jeep-safari-von-gouna\/","title":{"rendered":"Hurghada Jeep Safari von El Gouna"},"content":{"rendered":"<p><strong>Hurghada Jeep Safari El Gouna<\/strong> ist ein sehr aktiver Ausflug auf der Jeep Safari in Hurghada von El Gouna aus! Wir empfehlen die Fahrt, weil sie in erster Linie Touristen das Jeepfahren erm\u00f6glicht. Stellen Sie sich vor, Sie fahren mit dem Jeep eine lange Strecke mitten in der W\u00fcste \u2013 50 km oder mehr! Au\u00dferdem erm\u00f6glicht es die Entdeckung der W\u00fcste in \u00c4gypten und das Kennenlernen der Beduinenkultur. Aus diesem Grund nennen wir dieses Programm zweifellos Super Jeep-Safari. Es ist mega mit diversen unterhaltsamen Punkten die es vereint. Es beinhaltet Kamelreiten und den Besuch des Terrariums. Dann sehen Sie die Beduinen und erfahren etwas \u00fcber ihre Kultur. Au\u00dferdem haben unsere Touristen Zeit f\u00fcr Abendessen und orientalische T\u00e4nze.<\/p>\n<h2>H\u00f6hepunkte der Hurghada Jeep Safari von El Gouna<\/h2>\n<ul>\n<li>Jeep f\u00e4hrt 50 km durch die W\u00fcste.<\/li>\n<li>Dann Kamelreiten in der W\u00fcste.<\/li>\n<li>Anschlie\u00dfend Besuch des Terrariums.<\/li>\n<li>Und das Beduinendorf.<\/li>\n<li>Genie\u00dfen Sie au\u00dferdem Abendessen und orientalische T\u00e4nze.<\/li>\n<\/ul>\n<h2>Programm der Jeep Safari Reise<\/h2>\n<ul>\n<li>Der Vertreter von Landious Travel holt Sie gegen 13:00 Uhr von Ihrem Hotel in El Gouna ab.<\/li>\n<li>Nachdem Sie alle Ank\u00f6mmlinge abgeholt haben, f\u00e4hrt der Jeep in die W\u00fcste, eine Jeep-Basis. Es dauert ungef\u00e4hr 20 Minuten, um dorthin zu gelangen.<\/li>\n<li>Zun\u00e4chst wird Ihnen empfohlen, sich vorzubereiten, indem Sie eine Sonnenbrille aufsetzen und einen Schal um den Kopf wickeln.<\/li>\n<li>Danach gibt es noch ein wenig Unterricht und Training.<\/li>\n<li>Weiter geht es 25 km durch die H\u00fcgel und Berge der W\u00fcste zum Beduinendorf.<\/li>\n<li>Sobald Sie im Beduinendorf ankommen, unternehmen Sie Kamelritte. Bis dahin k\u00f6nnen Sie Fotos mit den Beduinen machen.<\/li>\n<li>Dann sehen Sie das Terrarium.<\/li>\n<li>Nach dem Besuch im Terrarium begleitet Sie Ihr Guide zum Beduinendorf. Au\u00dferdem zeigt er Ihnen vor Ort, wie die Beduinen Brot backen und wie sie sich kleiden.<\/li>\n<li>Anschlie\u00dfend essen Sie im Beduinenzelt zu Abend. Au\u00dferdem sehen Sie sich die orientalischen T\u00e4nze an und sehen die Sterne durch ein Teleskop.<\/li>\n<li>Dann machen Sie sich bereit, 25 km in der W\u00fcste zur\u00fcckzugehen.<\/li>\n<li>Schlie\u00dflich bringen wir Sie nach einer fantastischen Jeepfahrt zur\u00fcck zu Ihrem Hotel.<\/li>\n<li>Die Hurghada Jeep Safari ab El Gouna endet gegen 19:00 Uhr.<\/li>\n<\/ul>\n<h2>Mittagessen. Was beinhaltet der Preis der Hurghada Jeep Safari ab El Gouna?<\/h2>\n<ul>\n<li>Mittagessen<\/li>\n<li>Au\u00dferdem Transfer in die W\u00fcste und zur\u00fcck zum Hotel.<\/li>\n<\/ul>\n<h2>Was beinhaltet das Programm des Super Jeep Safari Adventure El Gouna nicht?<\/h2>\n<ul>\n<li>Eintrittsgeb\u00fchr (5 USD pro Person)<\/li>\n<li>Video-DVD.<\/li>\n<li>Auch die Foto-CD.<\/li>\n<\/ul>\n<h2>Was nehmen Sie f\u00fcr die Reise mit?<\/h2>\n<ul>\n<li>Schal.<\/li>\n<li>Auch Sonnenbrillen.<\/li>\n<\/ul>\n<h2>Buchungstage der El Gouna Jeep Safari ab Safaga<\/h2>\n<ul>\n<li>T\u00e4glich von 13:00 \u2013 19:00 Uhr.<\/li>\n<\/ul>\n","protected":false},"excerpt":{"rendered":"<p>Sind Sie bereit f\u00fcr ein Abenteuer? Begleiten Sie uns auf einer aufregenden Jeep-Safari in der W\u00fcste nahe Hurghada! Sie k\u00f6nnen in einem Jeep fahren und die atemberaubende Landschaft der \u00f6stlichen W\u00fcste erkunden. Aber das ist nicht alles! Unser Ausflugsprogramm ist vollgepackt mit spannenden Aktivit\u00e4ten wie Kamelreiten und dem Besuch eines Terrariums. Sie haben auch die M\u00f6glichkeit, mehr \u00fcber die Kultur und Traditionen der Beduinen zu erfahren und sogar einige Folkloret\u00e4nze zu sehen. Und das Beste daran? Ein k\u00f6stliches Abendessen ist im Preis inbegriffen!<\/p>\n<p>Aber denken Sie nicht, dass dies nur eine gew\u00f6hnliche W\u00fcstentour ist. Wenn Sie auf eigene Faust ins Gel\u00e4nde fahren, erhalten Sie nicht das gleiche Erlebnis wie unser Komplettpaket. Sie k\u00f6nnen eine Beduinensiedlung besuchen und einige lokale Outdoor-Aktivit\u00e4ten ausprobieren. Und um das Ganze abzurunden, genie\u00dfen Sie ein Barbecue-Abendessen bei Sonnenuntergang, inklusive alkoholfreier Getr\u00e4nke. Dar\u00fcber hinaus k\u00fcmmern wir uns um die gesamte Logistik mit bequemer Abholung und R\u00fcckgabe vom Hotel. Lassen Sie sich dieses stressfreie und unvergessliche W\u00fcstenabenteuer nicht entgehen!<\/p>\n","protected":false},"featured_media":135087,"comment_status":"open","ping_status":"closed","template":"","meta":{"_coblocks_attr":"","_coblocks_dimensions":"","_coblocks_responsive_height":"","_coblocks_accordion_ie_support":"","_uag_custom_page_level_css":"","jetpack_publicize_message":"","jetpack_publicize_feature_enabled":true,"jetpack_social_post_already_shared":true,"jetpack_social_options":{"image_generator_settings":{"template":"highway","default_image_id":0,"font":"","enabled":false},"version":2},"_wpas_customize_per_network":false},"product_brand":[],"product_cat":[20131,20134,22163],"product_tag":[1653,1843,1774,19039],"class_list":{"0":"post-135086","1":"product","2":"type-product","3":"status-publish","4":"has-post-thumbnail","6":"product_cat-gouna-ausfluege","7":"product_cat-gouna-safari-abenteuer","8":"product_cat-hurghada-jeep-touren","9":"product_tag-ausflug","10":"product_tag-el-gouna-de","11":"product_tag-hurghada-de","12":"product_tag-jeepsafari-de","13":"pa_age-erwachsene","14":"pa_age-kind-1-4-jahre","15":"pa_age-kind-5-11-jahre","17":"first","18":"instock","19":"sale","20":"taxable","21":"shipping-taxable","22":"purchasable","23":"product-type-variable"},"yoast_head":"<!-- This site is optimized with the Yoast SEO Premium plugin v27.5 (Yoast SEO v27.5) - https:\/\/yoast.com\/product\/yoast-seo-premium-wordpress\/ -->\n<title>Hurghada Jeep Safari von El Gouna<\/title>\n<meta name=\"description\" content=\"Hurghada Jeep Safari von El Gouna ist ein sehr aktiver Ausflug auf der Jeep Safari in Hurghada von El Gouna aus! Wir empfehlen die Fahrt, weil sie in erster\" \/>\n<meta name=\"robots\" content=\"index, follow, max-snippet:-1, max-image-preview:large, max-video-preview:-1\" \/>\n<link rel=\"canonical\" href=\"https:\/\/landioustravel.com\/de\/shop\/hurghada-jeep-safari-von-gouna\/\" \/>\n<meta property=\"og:locale\" content=\"de_DE\" \/>\n<meta property=\"og:type\" content=\"article\" \/>\n<meta property=\"og:title\" content=\"Hurghada Jeep Safari von El Gouna\" \/>\n<meta property=\"og:description\" content=\"Landious Travel\" \/>\n<meta property=\"og:url\" content=\"https:\/\/landioustravel.com\/de\/shop\/hurghada-jeep-safari-von-gouna\/\" \/>\n<meta property=\"og:site_name\" content=\"Landious Travel\" \/>\n<meta property=\"article:publisher\" content=\"https:\/\/web.facebook.com\/landiousEgypt\" \/>\n<meta property=\"article:modified_time\" content=\"2023-06-16T14:10:40+00:00\" \/>\n<meta property=\"og:image\" content=\"https:\/\/i0.wp.com\/landioustravel.com\/wp-content\/uploads\/2023\/01\/Hurghada-Jeep-Safari-El-Gouna-e1672668829964.jpg?fit=1200%2C675&ssl=1\" \/>\n\t<meta property=\"og:image:width\" content=\"1200\" \/>\n\t<meta property=\"og:image:height\" content=\"675\" \/>\n\t<meta property=\"og:image:type\" content=\"image\/jpeg\" \/>\n<meta name=\"twitter:card\" content=\"summary_large_image\" \/>\n<meta name=\"twitter:site\" content=\"@LandiousTours\" \/>\n<meta name=\"twitter:label1\" content=\"Gesch\u00e4tzte Lesezeit\" \/>\n\t<meta name=\"twitter:data1\" content=\"2\u00a0Minuten\" \/>\n<script type=\"application\/ld+json\" class=\"yoast-schema-graph\">{\"@context\":\"https:\\\/\\\/schema.org\",\"@graph\":[{\"@type\":\"WebPage\",\"@id\":\"https:\\\/\\\/landioustravel.com\\\/de\\\/shop\\\/hurghada-jeep-safari-von-gouna\\\/\",\"url\":\"https:\\\/\\\/landioustravel.com\\\/de\\\/shop\\\/hurghada-jeep-safari-von-gouna\\\/\",\"name\":\"Hurghada Jeep Safari von El Gouna\",\"isPartOf\":{\"@id\":\"https:\\\/\\\/landioustravel.com\\\/de\\\/#website\"},\"primaryImageOfPage\":{\"@id\":\"https:\\\/\\\/landioustravel.com\\\/de\\\/shop\\\/hurghada-jeep-safari-von-gouna\\\/#primaryimage\"},\"image\":{\"@id\":\"https:\\\/\\\/landioustravel.com\\\/de\\\/shop\\\/hurghada-jeep-safari-von-gouna\\\/#primaryimage\"},\"thumbnailUrl\":\"https:\\\/\\\/i0.wp.com\\\/landioustravel.com\\\/wp-content\\\/uploads\\\/2023\\\/01\\\/Hurghada-Jeep-Safari-El-Gouna-e1672668829964.jpg?fit=1200%2C675&ssl=1\",\"datePublished\":\"2023-01-27T17:20:27+00:00\",\"dateModified\":\"2023-06-16T14:10:40+00:00\",\"description\":\"Hurghada Jeep Safari von El Gouna ist ein sehr aktiver Ausflug auf der Jeep Safari in Hurghada von El Gouna aus! Wir empfehlen die Fahrt, weil sie in erster\",\"breadcrumb\":{\"@id\":\"https:\\\/\\\/landioustravel.com\\\/de\\\/shop\\\/hurghada-jeep-safari-von-gouna\\\/#breadcrumb\"},\"inLanguage\":\"de\",\"potentialAction\":[{\"@type\":\"ReadAction\",\"target\":[\"https:\\\/\\\/landioustravel.com\\\/de\\\/shop\\\/hurghada-jeep-safari-von-gouna\\\/\"]}]},{\"@type\":\"ImageObject\",\"inLanguage\":\"de\",\"@id\":\"https:\\\/\\\/landioustravel.com\\\/de\\\/shop\\\/hurghada-jeep-safari-von-gouna\\\/#primaryimage\",\"url\":\"https:\\\/\\\/i0.wp.com\\\/landioustravel.com\\\/wp-content\\\/uploads\\\/2023\\\/01\\\/Hurghada-Jeep-Safari-El-Gouna-e1672668829964.jpg?fit=1200%2C675&ssl=1\",\"contentUrl\":\"https:\\\/\\\/i0.wp.com\\\/landioustravel.com\\\/wp-content\\\/uploads\\\/2023\\\/01\\\/Hurghada-Jeep-Safari-El-Gouna-e1672668829964.jpg?fit=1200%2C675&ssl=1\",\"width\":1200,\"height\":675,\"caption\":\"Hurghada Jeep Safari El Gouna\"},{\"@type\":\"BreadcrumbList\",\"@id\":\"https:\\\/\\\/landioustravel.com\\\/de\\\/shop\\\/hurghada-jeep-safari-von-gouna\\\/#breadcrumb\",\"itemListElement\":[{\"@type\":\"ListItem\",\"position\":1,\"name\":\"Home\",\"item\":\"https:\\\/\\\/landioustravel.com\\\/de\\\/\"},{\"@type\":\"ListItem\",\"position\":2,\"name\":\"\u00c4gypten Touren\",\"item\":\"https:\\\/\\\/landioustravel.com\\\/de\\\/\"},{\"@type\":\"ListItem\",\"position\":3,\"name\":\"Hurghada Jeep Safari von El Gouna\"}]},{\"@type\":\"WebSite\",\"@id\":\"https:\\\/\\\/landioustravel.com\\\/de\\\/#website\",\"url\":\"https:\\\/\\\/landioustravel.com\\\/de\\\/\",\"name\":\"Landious Travel\",\"description\":\"Excursions, trips and cruises in Egypt\",\"publisher\":{\"@id\":\"https:\\\/\\\/landioustravel.com\\\/de\\\/#organization\"},\"potentialAction\":[{\"@type\":\"SearchAction\",\"target\":{\"@type\":\"EntryPoint\",\"urlTemplate\":\"https:\\\/\\\/landioustravel.com\\\/de\\\/?s={search_term_string}\"},\"query-input\":{\"@type\":\"PropertyValueSpecification\",\"valueRequired\":true,\"valueName\":\"search_term_string\"}}],\"inLanguage\":\"de\"},{\"@type\":[\"Organization\",\"Place\"],\"@id\":\"https:\\\/\\\/landioustravel.com\\\/de\\\/#organization\",\"name\":\"Landious Travel\",\"alternateName\":\"Landious Travel\",\"url\":\"https:\\\/\\\/landioustravel.com\\\/de\\\/\",\"logo\":{\"@id\":\"https:\\\/\\\/landioustravel.com\\\/de\\\/shop\\\/hurghada-jeep-safari-von-gouna\\\/#local-main-organization-logo\"},\"image\":{\"@id\":\"https:\\\/\\\/landioustravel.com\\\/de\\\/shop\\\/hurghada-jeep-safari-von-gouna\\\/#local-main-organization-logo\"},\"sameAs\":[\"https:\\\/\\\/web.facebook.com\\\/landiousEgypt\",\"https:\\\/\\\/x.com\\\/LandiousTours\",\"https:\\\/\\\/mastodon.social\\\/@landious\"],\"legalName\":\"Landious Travel\",\"telephone\":[],\"openingHoursSpecification\":[{\"@type\":\"OpeningHoursSpecification\",\"dayOfWeek\":[\"Monday\",\"Tuesday\",\"Wednesday\",\"Thursday\",\"Friday\",\"Saturday\",\"Sunday\"],\"opens\":\"09:00\",\"closes\":\"17:00\"}]},{\"@type\":\"ImageObject\",\"inLanguage\":\"de\",\"@id\":\"https:\\\/\\\/landioustravel.com\\\/de\\\/shop\\\/hurghada-jeep-safari-von-gouna\\\/#local-main-organization-logo\",\"url\":\"https:\\\/\\\/i0.wp.com\\\/landioustravel.com\\\/wp-content\\\/uploads\\\/2021\\\/06\\\/Landious-T.png?fit=500%2C500&ssl=1\",\"contentUrl\":\"https:\\\/\\\/i0.wp.com\\\/landioustravel.com\\\/wp-content\\\/uploads\\\/2021\\\/06\\\/Landious-T.png?fit=500%2C500&ssl=1\",\"width\":500,\"height\":500,\"caption\":\"Landious Travel\"}]}<\/script>\n<!-- \/ Yoast SEO Premium plugin. -->","yoast_head_json":{"title":"Hurghada Jeep Safari von El Gouna","description":"Hurghada Jeep Safari von El Gouna ist ein sehr aktiver Ausflug auf der Jeep Safari in Hurghada von El Gouna aus! Wir empfehlen die Fahrt, weil sie in erster","robots":{"index":"index","follow":"follow","max-snippet":"max-snippet:-1","max-image-preview":"max-image-preview:large","max-video-preview":"max-video-preview:-1"},"canonical":"https:\/\/landioustravel.com\/de\/shop\/hurghada-jeep-safari-von-gouna\/","og_locale":"de_DE","og_type":"article","og_title":"Hurghada Jeep Safari von El Gouna","og_description":"Landious Travel","og_url":"https:\/\/landioustravel.com\/de\/shop\/hurghada-jeep-safari-von-gouna\/","og_site_name":"Landious Travel","article_publisher":"https:\/\/web.facebook.com\/landiousEgypt","article_modified_time":"2023-06-16T14:10:40+00:00","og_image":[{"width":1200,"height":675,"url":"https:\/\/i0.wp.com\/landioustravel.com\/wp-content\/uploads\/2023\/01\/Hurghada-Jeep-Safari-El-Gouna-e1672668829964.jpg?fit=1200%2C675&ssl=1","type":"image\/jpeg"}],"twitter_card":"summary_large_image","twitter_site":"@LandiousTours","twitter_misc":{"Gesch\u00e4tzte Lesezeit":"2\u00a0Minuten"},"schema":{"@context":"https:\/\/schema.org","@graph":[{"@type":"WebPage","@id":"https:\/\/landioustravel.com\/de\/shop\/hurghada-jeep-safari-von-gouna\/","url":"https:\/\/landioustravel.com\/de\/shop\/hurghada-jeep-safari-von-gouna\/","name":"Hurghada Jeep Safari von El Gouna","isPartOf":{"@id":"https:\/\/landioustravel.com\/de\/#website"},"primaryImageOfPage":{"@id":"https:\/\/landioustravel.com\/de\/shop\/hurghada-jeep-safari-von-gouna\/#primaryimage"},"image":{"@id":"https:\/\/landioustravel.com\/de\/shop\/hurghada-jeep-safari-von-gouna\/#primaryimage"},"thumbnailUrl":"https:\/\/i0.wp.com\/landioustravel.com\/wp-content\/uploads\/2023\/01\/Hurghada-Jeep-Safari-El-Gouna-e1672668829964.jpg?fit=1200%2C675&ssl=1","datePublished":"2023-01-27T17:20:27+00:00","dateModified":"2023-06-16T14:10:40+00:00","description":"Hurghada Jeep Safari von El Gouna ist ein sehr aktiver Ausflug auf der Jeep Safari in Hurghada von El Gouna aus! Wir empfehlen die Fahrt, weil sie in erster","breadcrumb":{"@id":"https:\/\/landioustravel.com\/de\/shop\/hurghada-jeep-safari-von-gouna\/#breadcrumb"},"inLanguage":"de","potentialAction":[{"@type":"ReadAction","target":["https:\/\/landioustravel.com\/de\/shop\/hurghada-jeep-safari-von-gouna\/"]}]},{"@type":"ImageObject","inLanguage":"de","@id":"https:\/\/landioustravel.com\/de\/shop\/hurghada-jeep-safari-von-gouna\/#primaryimage","url":"https:\/\/i0.wp.com\/landioustravel.com\/wp-content\/uploads\/2023\/01\/Hurghada-Jeep-Safari-El-Gouna-e1672668829964.jpg?fit=1200%2C675&ssl=1","contentUrl":"https:\/\/i0.wp.com\/landioustravel.com\/wp-content\/uploads\/2023\/01\/Hurghada-Jeep-Safari-El-Gouna-e1672668829964.jpg?fit=1200%2C675&ssl=1","width":1200,"height":675,"caption":"Hurghada Jeep Safari El Gouna"},{"@type":"BreadcrumbList","@id":"https:\/\/landioustravel.com\/de\/shop\/hurghada-jeep-safari-von-gouna\/#breadcrumb","itemListElement":[{"@type":"ListItem","position":1,"name":"Home","item":"https:\/\/landioustravel.com\/de\/"},{"@type":"ListItem","position":2,"name":"\u00c4gypten Touren","item":"https:\/\/landioustravel.com\/de\/"},{"@type":"ListItem","position":3,"name":"Hurghada Jeep Safari von El Gouna"}]},{"@type":"WebSite","@id":"https:\/\/landioustravel.com\/de\/#website","url":"https:\/\/landioustravel.com\/de\/","name":"Landious Travel","description":"Excursions, trips and cruises in Egypt","publisher":{"@id":"https:\/\/landioustravel.com\/de\/#organization"},"potentialAction":[{"@type":"SearchAction","target":{"@type":"EntryPoint","urlTemplate":"https:\/\/landioustravel.com\/de\/?s={search_term_string}"},"query-input":{"@type":"PropertyValueSpecification","valueRequired":true,"valueName":"search_term_string"}}],"inLanguage":"de"},{"@type":["Organization","Place"],"@id":"https:\/\/landioustravel.com\/de\/#organization","name":"Landious Travel","alternateName":"Landious Travel","url":"https:\/\/landioustravel.com\/de\/","logo":{"@id":"https:\/\/landioustravel.com\/de\/shop\/hurghada-jeep-safari-von-gouna\/#local-main-organization-logo"},"image":{"@id":"https:\/\/landioustravel.com\/de\/shop\/hurghada-jeep-safari-von-gouna\/#local-main-organization-logo"},"sameAs":["https:\/\/web.facebook.com\/landiousEgypt","https:\/\/x.com\/LandiousTours","https:\/\/mastodon.social\/@landious"],"legalName":"Landious Travel","telephone":[],"openingHoursSpecification":[{"@type":"OpeningHoursSpecification","dayOfWeek":["Monday","Tuesday","Wednesday","Thursday","Friday","Saturday","Sunday"],"opens":"09:00","closes":"17:00"}]},{"@type":"ImageObject","inLanguage":"de","@id":"https:\/\/landioustravel.com\/de\/shop\/hurghada-jeep-safari-von-gouna\/#local-main-organization-logo","url":"https:\/\/i0.wp.com\/landioustravel.com\/wp-content\/uploads\/2021\/06\/Landious-T.png?fit=500%2C500&ssl=1","contentUrl":"https:\/\/i0.wp.com\/landioustravel.com\/wp-content\/uploads\/2021\/06\/Landious-T.png?fit=500%2C500&ssl=1","width":500,"height":500,"caption":"Landious Travel"}]}},"jetpack_publicize_connections":[],"uagb_featured_image_src":{"full":["https:\/\/i0.wp.com\/landioustravel.com\/wp-content\/uploads\/2023\/01\/Hurghada-Jeep-Safari-El-Gouna-e1672668829964.jpg?fit=1200%2C675&ssl=1",1200,675,false],"thumbnail":["https:\/\/i0.wp.com\/landioustravel.com\/wp-content\/uploads\/2023\/01\/Hurghada-Jeep-Safari-El-Gouna-e1672668829964.jpg?resize=150%2C150&ssl=1",150,150,true],"medium":["https:\/\/i0.wp.com\/landioustravel.com\/wp-content\/uploads\/2023\/01\/Hurghada-Jeep-Safari-El-Gouna-e1672668829964.jpg?fit=300%2C169&ssl=1",300,169,true],"medium_large":["https:\/\/i0.wp.com\/landioustravel.com\/wp-content\/uploads\/2023\/01\/Hurghada-Jeep-Safari-El-Gouna-e1672668829964.jpg?fit=768%2C432&ssl=1",768,432,true],"large":["https:\/\/i0.wp.com\/landioustravel.com\/wp-content\/uploads\/2023\/01\/Hurghada-Jeep-Safari-El-Gouna-e1672668829964.jpg?fit=980%2C551&ssl=1",980,551,true],"1536x1536":["https:\/\/i0.wp.com\/landioustravel.com\/wp-content\/uploads\/2023\/01\/Hurghada-Jeep-Safari-El-Gouna-e1672668829964.jpg?fit=1536%2C864&ssl=1",1536,864,true],"2048x2048":["https:\/\/i0.wp.com\/landioustravel.com\/wp-content\/uploads\/2023\/01\/Hurghada-Jeep-Safari-El-Gouna-e1672668829964.jpg?fit=1200%2C675&ssl=1",1200,675,true],"newspack-article-block-landscape-large":["https:\/\/i0.wp.com\/landioustravel.com\/wp-content\/uploads\/2023\/01\/Hurghada-Jeep-Safari-El-Gouna-e1672668829964.jpg?resize=1200%2C675&ssl=1",1200,675,true],"newspack-article-block-portrait-large":["https:\/\/i0.wp.com\/landioustravel.com\/wp-content\/uploads\/2023\/01\/Hurghada-Jeep-Safari-El-Gouna-e1672668829964.jpg?resize=900%2C675&ssl=1",900,675,true],"newspack-article-block-square-large":["https:\/\/i0.wp.com\/landioustravel.com\/wp-content\/uploads\/2023\/01\/Hurghada-Jeep-Safari-El-Gouna-e1672668829964.jpg?resize=1200%2C675&ssl=1",1200,675,true],"newspack-article-block-landscape-medium":["https:\/\/i0.wp.com\/landioustravel.com\/wp-content\/uploads\/2023\/01\/Hurghada-Jeep-Safari-El-Gouna-e1672668829964.jpg?resize=800%2C600&ssl=1",800,600,true],"newspack-article-block-portrait-medium":["https:\/\/i0.wp.com\/landioustravel.com\/wp-content\/uploads\/2023\/01\/Hurghada-Jeep-Safari-El-Gouna-e1672668829964.jpg?resize=600%2C675&ssl=1",600,675,true],"newspack-article-block-square-medium":["https:\/\/i0.wp.com\/landioustravel.com\/wp-content\/uploads\/2023\/01\/Hurghada-Jeep-Safari-El-Gouna-e1672668829964.jpg?resize=800%2C675&ssl=1",800,675,true],"newspack-article-block-landscape-intermediate":["https:\/\/i0.wp.com\/landioustravel.com\/wp-content\/uploads\/2023\/01\/Hurghada-Jeep-Safari-El-Gouna-e1672668829964.jpg?resize=600%2C450&ssl=1",600,450,true],"newspack-article-block-portrait-intermediate":["https:\/\/i0.wp.com\/landioustravel.com\/wp-content\/uploads\/2023\/01\/Hurghada-Jeep-Safari-El-Gouna-e1672668829964.jpg?resize=450%2C600&ssl=1",450,600,true],"newspack-article-block-square-intermediate":["https:\/\/i0.wp.com\/landioustravel.com\/wp-content\/uploads\/2023\/01\/Hurghada-Jeep-Safari-El-Gouna-e1672668829964.jpg?resize=600%2C600&ssl=1",600,600,true],"newspack-article-block-landscape-small":["https:\/\/i0.wp.com\/landioustravel.com\/wp-content\/uploads\/2023\/01\/Hurghada-Jeep-Safari-El-Gouna-e1672668829964.jpg?resize=400%2C300&ssl=1",400,300,true],"newspack-article-block-portrait-small":["https:\/\/i0.wp.com\/landioustravel.com\/wp-content\/uploads\/2023\/01\/Hurghada-Jeep-Safari-El-Gouna-e1672668829964.jpg?resize=300%2C400&ssl=1",300,400,true],"newspack-article-block-square-small":["https:\/\/i0.wp.com\/landioustravel.com\/wp-content\/uploads\/2023\/01\/Hurghada-Jeep-Safari-El-Gouna-e1672668829964.jpg?resize=400%2C400&ssl=1",400,400,true],"newspack-article-block-landscape-tiny":["https:\/\/i0.wp.com\/landioustravel.com\/wp-content\/uploads\/2023\/01\/Hurghada-Jeep-Safari-El-Gouna-e1672668829964.jpg?resize=200%2C150&ssl=1",200,150,true],"newspack-article-block-portrait-tiny":["https:\/\/i0.wp.com\/landioustravel.com\/wp-content\/uploads\/2023\/01\/Hurghada-Jeep-Safari-El-Gouna-e1672668829964.jpg?resize=150%2C200&ssl=1",150,200,true],"newspack-article-block-square-tiny":["https:\/\/i0.wp.com\/landioustravel.com\/wp-content\/uploads\/2023\/01\/Hurghada-Jeep-Safari-El-Gouna-e1672668829964.jpg?resize=200%2C200&ssl=1",200,200,true],"newspack-article-block-uncropped":["https:\/\/i0.wp.com\/landioustravel.com\/wp-content\/uploads\/2023\/01\/Hurghada-Jeep-Safari-El-Gouna-e1672668829964.jpg?fit=1200%2C675&ssl=1",1200,675,true],"woocommerce_thumbnail":["https:\/\/i0.wp.com\/landioustravel.com\/wp-content\/uploads\/2023\/01\/Hurghada-Jeep-Safari-El-Gouna-e1672668829964.jpg?resize=324%2C324&ssl=1",324,324,true],"woocommerce_single":["https:\/\/i0.wp.com\/landioustravel.com\/wp-content\/uploads\/2023\/01\/Hurghada-Jeep-Safari-El-Gouna-e1672668829964.jpg?fit=416%2C234&ssl=1",416,234,true],"woocommerce_gallery_thumbnail":["https:\/\/i0.wp.com\/landioustravel.com\/wp-content\/uploads\/2023\/01\/Hurghada-Jeep-Safari-El-Gouna-e1672668829964.jpg?resize=100%2C100&ssl=1",100,100,true]},"uagb_author_info":{"display_name":"Mofreh Landious","author_link":"https:\/\/landioustravel.com\/de\/author\/"},"uagb_comment_info":0,"uagb_excerpt":"Sind Sie bereit f\u00fcr ein Abenteuer? Begleiten Sie uns auf einer aufregenden Jeep-Safari in der W\u00fcste nahe Hurghada! Sie k\u00f6nnen in einem Jeep fahren und die atemberaubende Landschaft der \u00f6stlichen W\u00fcste erkunden. Aber das ist nicht alles! Unser Ausflugsprogramm ist vollgepackt mit spannenden Aktivit\u00e4ten wie Kamelreiten und dem Besuch eines Terrariums. Sie haben auch die&hellip;","jetpack_sharing_enabled":true,"jetpack_likes_enabled":true,"amp_enabled":true,"_links":{"self":[{"href":"https:\/\/landioustravel.com\/de\/wp-json\/wp\/v2\/product\/135086","targetHints":{"allow":["GET"]}}],"collection":[{"href":"https:\/\/landioustravel.com\/de\/wp-json\/wp\/v2\/product"}],"about":[{"href":"https:\/\/landioustravel.com\/de\/wp-json\/wp\/v2\/types\/product"}],"replies":[{"embeddable":true,"href":"https:\/\/landioustravel.com\/de\/wp-json\/wp\/v2\/comments?post=135086"}],"wp:featuredmedia":[{"embeddable":true,"href":"https:\/\/landioustravel.com\/de\/wp-json\/wp\/v2\/media\/135087"}],"wp:attachment":[{"href":"https:\/\/landioustravel.com\/de\/wp-json\/wp\/v2\/media?parent=135086"}],"wp:term":[{"taxonomy":"product_brand","embeddable":true,"href":"https:\/\/landioustravel.com\/de\/wp-json\/wp\/v2\/product_brand?post=135086"},{"taxonomy":"product_cat","embeddable":true,"href":"https:\/\/landioustravel.com\/de\/wp-json\/wp\/v2\/product_cat?post=135086"},{"taxonomy":"product_tag","embeddable":true,"href":"https:\/\/landioustravel.com\/de\/wp-json\/wp\/v2\/product_tag?post=135086"}],"curies":[{"name":"wp","href":"https:\/\/api.w.org\/{rel}","templated":true}]}}