{"id":135105,"date":"2023-01-02T01:42:05","date_gmt":"2023-01-27T20:43:43","guid":{"rendered":"https:\/\/landioustravel.com\/?post_type=product&#038;p=135105"},"modified":"2023-06-16T16:27:56","modified_gmt":"2023-06-16T14:27:56","slug":"u-boot-fahrt-gouna","status":"publish","type":"product","link":"https:\/\/landioustravel.com\/de\/shop\/u-boot-fahrt-gouna\/","title":{"rendered":"U Boot Fahrt von El Gouna"},"content":{"rendered":"<p><strong>U Boot Fahrt von El Gouna<\/strong> ist eine aufregende Seereise mit dem U-Boot \u201eSindbad\u201c in Hurghada, \u00c4gypten! Wir empfehlen die Reise, da dies die einzige Option an Bord eines U-Bootes im Roten Meer ist. Es ist unglaublich, dieses Gef\u00fchl zu erleben und in ein solches U-Boot zu steigen! In der Tat wird es eine einzigartige Gelegenheit sein, wundersch\u00f6ne Korallenriffe und verschiedene Fische an Bord eines U-Bootes zu sehen! Au\u00dferdem erm\u00f6glicht diese Reise ein kurzes Bootspicknick \u00fcber dem Roten Meer. Dieses Picknick findet in der N\u00e4he der atemberaubenden Gegend in der N\u00e4he der Insel Giftun statt.<\/p>\n<h2>H\u00f6hepunkte des U-Boot-Ausflugs El Gouna<\/h2>\n<ul>\n<li>Meerespicknick am Roten Meer.<\/li>\n<li>Sehen Sie sich auch die Unterwasserwelt an Bord des U-Bootes Sindbad an.<\/li>\n<\/ul>\n<h2>Programm der Fahrt mit dem U-Boot Sindbad<\/h2>\n<ul>\n<li>Der Vertreter von Landious Travel holt Sie gegen 10:00 Uhr von Ihrem Hotel in El Gouna ab.<\/li>\n<li>Nachdem Sie alle Ank\u00f6mmlinge abgeholt haben, f\u00e4hrt der Bus direkt zum Hafen. Der Weg zu diesem Hafen dauert ungef\u00e4hr 40 Minuten.<\/li>\n<li>Zu Beginn des Programms genie\u00dfen Sie ein Meerespicknick durch das Rote Meer. Dieses Meerespicknick findet an Bord eines Bootes statt.<\/li>\n<li>Das gleiche Boot wird zu einer schwimmenden B\u00fchne segeln. Dementsprechend wird es Sie zum U-Boot tragen. Dann tauschen Sie die Pl\u00e4tze und nehmen dann einen Platz an Bord des U-Bootes ein.<\/li>\n<li>Danach beginnt das U-Boot auf 25 Meter zu sinken. Infolgedessen k\u00f6nnen Sie in dieser Tiefe Fische und Korallenriffe sehen. Die Unterwasserwelt an Bord dieses U-Bootes zu beobachten, dauert eine ganze Stunde.<\/li>\n<li>Zuletzt tauschen Sie noch einmal die Pl\u00e4tze und nehmen auf dem Boot Platz, das zum Hafen f\u00e4hrt.<\/li>\n<li>Schlie\u00dflich werden wir Sie nach einem so sch\u00f6nen Abenteuer zur\u00fcck zu Ihren Hotels bringen.<\/li>\n<li>Dieser Seeausflug mit einem U-Boot in Hurghada endet gegen 14:00 Uhr.<\/li>\n<\/ul>\n<h2>Was beinhaltet der Preis f\u00fcr den U-Boot-Ausflug El Gouna?<\/h2>\n<ul>\n<li>Eintrittsgeb\u00fchr (5 USD pro Person)<\/li>\n<li>Transfer zum Hafen und zur\u00fcck zum Hotel.<\/li>\n<\/ul>\n<h2>Was beinhaltet das Programm der U-Boot-Ausflug El Gouna nicht?<\/h2>\n<ul>\n<li>Video-DVD.<\/li>\n<li>Auch die Foto-CD.<\/li>\n<\/ul>\n<h2>Was nehmen Sie f\u00fcr die Tour mit?<\/h2>\n<ul>\n<li>Sonnenbrille.<\/li>\n<\/ul>\n<h2>U-Boot-Ausflug El Gouna Buchungstage<\/h2>\n<ul>\n<li>T\u00e4glich von 10:00 \u2013 12:00 Uhr.<\/li>\n<li>Au\u00dferdem t\u00e4glich von 14:00 \u2013 16:00 Uhr.<\/li>\n<\/ul>\n<h2>Dienstleistungen, die w\u00e4hrend des U-Boot-Ausflugs El Gouna angeboten werden<\/h2>\n<p>Transport: Landious Travel verwendet klimatisierte Limousinen\/Minibusse. Ein professioneller Fahrer begleitet Sie zum Hafen und zu Ihrem Hotel.<\/p>\n<p>F\u00fchrung: Ein professioneller englischer Reiseleiter holt Sie von Ihren Hotels ab und begleitet Sie zum Hafen.<\/p>\n<p>Team und Zeug: Sie werden eine freundliche und professionelle Crew auf dem Boot haben. Unsere Instruktoren und Trainer begleiten Sie w\u00e4hrend der Reise.<\/p>\n","protected":false},"excerpt":{"rendered":"<p>Begeben Sie sich mit Ihren Liebsten auf ein spannendes Abenteuer und tauchen Sie ein in die faszinierende Welt des Meereslebens im Roten Meer! Entdecken Sie die Sch\u00f6nheit der Fische des Roten Meeres und des Korallenriffs, w\u00e4hrend Sie mit dem Sindbad-U-Boot in Hurghada 25 m unter Wasser tauchen. Sie werden von den leuchtenden Farben und der Vielfalt der Meeresbewohner, die Sie umgeben, begeistert sein. Dies ist definitiv eines der besten Dinge, die man in EL Gouna unternehmen kann, und wir bieten die besten Preise f\u00fcr Ausfl\u00fcge nach Hurghada.<\/p>\n<p>Mit unserem privaten Transferservice holen wir Sie von Ihrem Hotel in El Gouna ab und nehmen Sie mit auf eine zweist\u00fcndige Seefahrt zum U-Boot Sindbad. Das U-Boot bietet Platz f\u00fcr bis zu 44 Passagiere und verf\u00fcgt \u00fcber zwei Mannschaftskapit\u00e4ne, die Sie auf eine unglaubliche Unterwasserreise begleiten. Sie fahren auf einem 2-Deck-Boot durch das Rote Meer und werden Zeuge der herrlichen Riffe und farbenfrohen Fische in einer Tiefe von 25 Metern.<\/p>\n<p>Das U-Boot taucht in eine Tiefe von bis zu 22 Metern ab, wo Sie verschiedene Arten von Korallenriffen und farbenfrohen Fischen beobachten k\u00f6nnen. Erleben Sie mit uns ein unvergessliches Erlebnis und schaffen Sie Erinnerungen, die ein Leben lang anhalten! Im Reisepreis sind Transfers und eine Eintrittskarte enthalten, sodass Sie sich um nichts k\u00fcmmern m\u00fcssen.<\/p>\n","protected":false},"featured_media":135106,"comment_status":"open","ping_status":"closed","template":"","meta":{"_coblocks_attr":"","_coblocks_dimensions":"","_coblocks_responsive_height":"","_coblocks_accordion_ie_support":"","_uag_custom_page_level_css":"","jetpack_post_was_ever_published":false,"jetpack_publicize_message":"","jetpack_publicize_feature_enabled":true,"jetpack_social_post_already_shared":true,"jetpack_social_options":{"image_generator_settings":{"template":"highway","default_image_id":0,"font":"","enabled":false},"version":2},"_wpas_customize_per_network":false},"product_brand":[],"product_cat":[20131,20135],"product_tag":[1653,1844,1843,1774,1777,2186],"class_list":{"0":"post-135105","1":"product","2":"type-product","3":"status-publish","4":"has-post-thumbnail","6":"product_cat-gouna-ausfluege","7":"product_cat-gouna-seereisen","8":"product_tag-ausflug","9":"product_tag-bootsausfluge","10":"product_tag-el-gouna-de","11":"product_tag-hurghada-de","12":"product_tag-meer","13":"product_tag-u-boot","14":"pa_age-erwachsene","15":"pa_age-kind-1-4-jahre","16":"pa_age-kind-5-11-jahre","18":"first","19":"instock","20":"sale","21":"taxable","22":"shipping-taxable","23":"purchasable","24":"product-type-variable"},"yoast_head":"<!-- This site is optimized with the Yoast SEO Premium plugin v26.9 (Yoast SEO v27.3) - https:\/\/yoast.com\/product\/yoast-seo-premium-wordpress\/ -->\n<title>U Boot Fahrt von El Gouna<\/title>\n<meta name=\"description\" content=\"U Boot Fahrt von El Gouna ist eine aufregende Seereise mit dem U-Boot \u201eSindbad\u201c in Hurghada, \u00c4gypten! Wir empfehlen die Reise, da dies die einzige Option\" \/>\n<meta name=\"robots\" content=\"index, follow, max-snippet:-1, max-image-preview:large, max-video-preview:-1\" \/>\n<link rel=\"canonical\" href=\"https:\/\/landioustravel.com\/de\/shop\/u-boot-fahrt-gouna\/\" \/>\n<meta property=\"og:locale\" content=\"de_DE\" \/>\n<meta property=\"og:type\" content=\"article\" \/>\n<meta property=\"og:title\" content=\"U Boot Fahrt von El Gouna\" \/>\n<meta property=\"og:description\" content=\"Landious Travel\" \/>\n<meta property=\"og:url\" content=\"https:\/\/landioustravel.com\/de\/shop\/u-boot-fahrt-gouna\/\" \/>\n<meta property=\"og:site_name\" content=\"Landious Travel\" \/>\n<meta property=\"article:publisher\" content=\"https:\/\/web.facebook.com\/landiousEgypt\" \/>\n<meta property=\"article:modified_time\" content=\"2023-06-16T14:27:56+00:00\" \/>\n<meta property=\"og:image\" content=\"https:\/\/i0.wp.com\/landioustravel.com\/wp-content\/uploads\/2023\/01\/Submarine-Trip-from-El-Gouna-e1672616413408.jpg?fit=1200%2C675&ssl=1\" \/>\n\t<meta property=\"og:image:width\" content=\"1200\" \/>\n\t<meta property=\"og:image:height\" content=\"675\" \/>\n\t<meta property=\"og:image:type\" content=\"image\/jpeg\" \/>\n<meta name=\"twitter:card\" content=\"summary_large_image\" \/>\n<meta name=\"twitter:site\" content=\"@LandiousTours\" \/>\n<meta name=\"twitter:label1\" content=\"Gesch\u00e4tzte Lesezeit\" \/>\n\t<meta name=\"twitter:data1\" content=\"2\u00a0Minuten\" \/>\n<script type=\"application\/ld+json\" class=\"yoast-schema-graph\">{\"@context\":\"https:\\\/\\\/schema.org\",\"@graph\":[{\"@type\":\"WebPage\",\"@id\":\"https:\\\/\\\/landioustravel.com\\\/de\\\/shop\\\/u-boot-fahrt-gouna\\\/\",\"url\":\"https:\\\/\\\/landioustravel.com\\\/de\\\/shop\\\/u-boot-fahrt-gouna\\\/\",\"name\":\"U Boot Fahrt von El Gouna\",\"isPartOf\":{\"@id\":\"https:\\\/\\\/landioustravel.com\\\/de\\\/#website\"},\"primaryImageOfPage\":{\"@id\":\"https:\\\/\\\/landioustravel.com\\\/de\\\/shop\\\/u-boot-fahrt-gouna\\\/#primaryimage\"},\"image\":{\"@id\":\"https:\\\/\\\/landioustravel.com\\\/de\\\/shop\\\/u-boot-fahrt-gouna\\\/#primaryimage\"},\"thumbnailUrl\":\"https:\\\/\\\/i0.wp.com\\\/landioustravel.com\\\/wp-content\\\/uploads\\\/2023\\\/01\\\/Submarine-Trip-from-El-Gouna-e1672616413408.jpg?fit=1200%2C675&ssl=1\",\"datePublished\":\"2023-01-27T20:43:43+00:00\",\"dateModified\":\"2023-06-16T14:27:56+00:00\",\"description\":\"U Boot Fahrt von El Gouna ist eine aufregende Seereise mit dem U-Boot \u201eSindbad\u201c in Hurghada, \u00c4gypten! Wir empfehlen die Reise, da dies die einzige Option\",\"breadcrumb\":{\"@id\":\"https:\\\/\\\/landioustravel.com\\\/de\\\/shop\\\/u-boot-fahrt-gouna\\\/#breadcrumb\"},\"inLanguage\":\"de\",\"potentialAction\":[{\"@type\":\"ReadAction\",\"target\":[\"https:\\\/\\\/landioustravel.com\\\/de\\\/shop\\\/u-boot-fahrt-gouna\\\/\"]}]},{\"@type\":\"ImageObject\",\"inLanguage\":\"de\",\"@id\":\"https:\\\/\\\/landioustravel.com\\\/de\\\/shop\\\/u-boot-fahrt-gouna\\\/#primaryimage\",\"url\":\"https:\\\/\\\/i0.wp.com\\\/landioustravel.com\\\/wp-content\\\/uploads\\\/2023\\\/01\\\/Submarine-Trip-from-El-Gouna-e1672616413408.jpg?fit=1200%2C675&ssl=1\",\"contentUrl\":\"https:\\\/\\\/i0.wp.com\\\/landioustravel.com\\\/wp-content\\\/uploads\\\/2023\\\/01\\\/Submarine-Trip-from-El-Gouna-e1672616413408.jpg?fit=1200%2C675&ssl=1\",\"width\":1200,\"height\":675,\"caption\":\"Submarine Trip from El Gouna\"},{\"@type\":\"BreadcrumbList\",\"@id\":\"https:\\\/\\\/landioustravel.com\\\/de\\\/shop\\\/u-boot-fahrt-gouna\\\/#breadcrumb\",\"itemListElement\":[{\"@type\":\"ListItem\",\"position\":1,\"name\":\"Home\",\"item\":\"https:\\\/\\\/landioustravel.com\\\/de\\\/\"},{\"@type\":\"ListItem\",\"position\":2,\"name\":\"\u00c4gypten Touren\",\"item\":\"https:\\\/\\\/landioustravel.com\\\/de\\\/\"},{\"@type\":\"ListItem\",\"position\":3,\"name\":\"U Boot Fahrt von El Gouna\"}]},{\"@type\":\"WebSite\",\"@id\":\"https:\\\/\\\/landioustravel.com\\\/de\\\/#website\",\"url\":\"https:\\\/\\\/landioustravel.com\\\/de\\\/\",\"name\":\"Landious Travel\",\"description\":\"Excursions, trips and cruises in Egypt\",\"publisher\":{\"@id\":\"https:\\\/\\\/landioustravel.com\\\/de\\\/#organization\"},\"potentialAction\":[{\"@type\":\"SearchAction\",\"target\":{\"@type\":\"EntryPoint\",\"urlTemplate\":\"https:\\\/\\\/landioustravel.com\\\/de\\\/?s={search_term_string}\"},\"query-input\":{\"@type\":\"PropertyValueSpecification\",\"valueRequired\":true,\"valueName\":\"search_term_string\"}}],\"inLanguage\":\"de\"},{\"@type\":[\"Organization\",\"Place\"],\"@id\":\"https:\\\/\\\/landioustravel.com\\\/de\\\/#organization\",\"name\":\"Landious Travel\",\"alternateName\":\"Landious Travel\",\"url\":\"https:\\\/\\\/landioustravel.com\\\/de\\\/\",\"logo\":{\"@id\":\"https:\\\/\\\/landioustravel.com\\\/de\\\/shop\\\/u-boot-fahrt-gouna\\\/#local-main-organization-logo\"},\"image\":{\"@id\":\"https:\\\/\\\/landioustravel.com\\\/de\\\/shop\\\/u-boot-fahrt-gouna\\\/#local-main-organization-logo\"},\"sameAs\":[\"https:\\\/\\\/web.facebook.com\\\/landiousEgypt\",\"https:\\\/\\\/x.com\\\/LandiousTours\",\"https:\\\/\\\/mastodon.social\\\/@landious\"],\"legalName\":\"Landious Travel\",\"telephone\":[],\"openingHoursSpecification\":[{\"@type\":\"OpeningHoursSpecification\",\"dayOfWeek\":[\"Monday\",\"Tuesday\",\"Wednesday\",\"Thursday\",\"Friday\",\"Saturday\",\"Sunday\"],\"opens\":\"09:00\",\"closes\":\"17:00\"}]},{\"@type\":\"ImageObject\",\"inLanguage\":\"de\",\"@id\":\"https:\\\/\\\/landioustravel.com\\\/de\\\/shop\\\/u-boot-fahrt-gouna\\\/#local-main-organization-logo\",\"url\":\"https:\\\/\\\/i0.wp.com\\\/landioustravel.com\\\/wp-content\\\/uploads\\\/2021\\\/06\\\/Landious-T.png?fit=500%2C500&ssl=1\",\"contentUrl\":\"https:\\\/\\\/i0.wp.com\\\/landioustravel.com\\\/wp-content\\\/uploads\\\/2021\\\/06\\\/Landious-T.png?fit=500%2C500&ssl=1\",\"width\":500,\"height\":500,\"caption\":\"Landious Travel\"}]}<\/script>\n<!-- \/ Yoast SEO Premium plugin. -->","yoast_head_json":{"title":"U Boot Fahrt von El Gouna","description":"U Boot Fahrt von El Gouna ist eine aufregende Seereise mit dem U-Boot \u201eSindbad\u201c in Hurghada, \u00c4gypten! Wir empfehlen die Reise, da dies die einzige Option","robots":{"index":"index","follow":"follow","max-snippet":"max-snippet:-1","max-image-preview":"max-image-preview:large","max-video-preview":"max-video-preview:-1"},"canonical":"https:\/\/landioustravel.com\/de\/shop\/u-boot-fahrt-gouna\/","og_locale":"de_DE","og_type":"article","og_title":"U Boot Fahrt von El Gouna","og_description":"Landious Travel","og_url":"https:\/\/landioustravel.com\/de\/shop\/u-boot-fahrt-gouna\/","og_site_name":"Landious Travel","article_publisher":"https:\/\/web.facebook.com\/landiousEgypt","article_modified_time":"2023-06-16T14:27:56+00:00","og_image":[{"width":1200,"height":675,"url":"https:\/\/i0.wp.com\/landioustravel.com\/wp-content\/uploads\/2023\/01\/Submarine-Trip-from-El-Gouna-e1672616413408.jpg?fit=1200%2C675&ssl=1","type":"image\/jpeg"}],"twitter_card":"summary_large_image","twitter_site":"@LandiousTours","twitter_misc":{"Gesch\u00e4tzte Lesezeit":"2\u00a0Minuten"},"schema":{"@context":"https:\/\/schema.org","@graph":[{"@type":"WebPage","@id":"https:\/\/landioustravel.com\/de\/shop\/u-boot-fahrt-gouna\/","url":"https:\/\/landioustravel.com\/de\/shop\/u-boot-fahrt-gouna\/","name":"U Boot Fahrt von El Gouna","isPartOf":{"@id":"https:\/\/landioustravel.com\/de\/#website"},"primaryImageOfPage":{"@id":"https:\/\/landioustravel.com\/de\/shop\/u-boot-fahrt-gouna\/#primaryimage"},"image":{"@id":"https:\/\/landioustravel.com\/de\/shop\/u-boot-fahrt-gouna\/#primaryimage"},"thumbnailUrl":"https:\/\/i0.wp.com\/landioustravel.com\/wp-content\/uploads\/2023\/01\/Submarine-Trip-from-El-Gouna-e1672616413408.jpg?fit=1200%2C675&ssl=1","datePublished":"2023-01-27T20:43:43+00:00","dateModified":"2023-06-16T14:27:56+00:00","description":"U Boot Fahrt von El Gouna ist eine aufregende Seereise mit dem U-Boot \u201eSindbad\u201c in Hurghada, \u00c4gypten! Wir empfehlen die Reise, da dies die einzige Option","breadcrumb":{"@id":"https:\/\/landioustravel.com\/de\/shop\/u-boot-fahrt-gouna\/#breadcrumb"},"inLanguage":"de","potentialAction":[{"@type":"ReadAction","target":["https:\/\/landioustravel.com\/de\/shop\/u-boot-fahrt-gouna\/"]}]},{"@type":"ImageObject","inLanguage":"de","@id":"https:\/\/landioustravel.com\/de\/shop\/u-boot-fahrt-gouna\/#primaryimage","url":"https:\/\/i0.wp.com\/landioustravel.com\/wp-content\/uploads\/2023\/01\/Submarine-Trip-from-El-Gouna-e1672616413408.jpg?fit=1200%2C675&ssl=1","contentUrl":"https:\/\/i0.wp.com\/landioustravel.com\/wp-content\/uploads\/2023\/01\/Submarine-Trip-from-El-Gouna-e1672616413408.jpg?fit=1200%2C675&ssl=1","width":1200,"height":675,"caption":"Submarine Trip from El Gouna"},{"@type":"BreadcrumbList","@id":"https:\/\/landioustravel.com\/de\/shop\/u-boot-fahrt-gouna\/#breadcrumb","itemListElement":[{"@type":"ListItem","position":1,"name":"Home","item":"https:\/\/landioustravel.com\/de\/"},{"@type":"ListItem","position":2,"name":"\u00c4gypten Touren","item":"https:\/\/landioustravel.com\/de\/"},{"@type":"ListItem","position":3,"name":"U Boot Fahrt von El Gouna"}]},{"@type":"WebSite","@id":"https:\/\/landioustravel.com\/de\/#website","url":"https:\/\/landioustravel.com\/de\/","name":"Landious Travel","description":"Excursions, trips and cruises in Egypt","publisher":{"@id":"https:\/\/landioustravel.com\/de\/#organization"},"potentialAction":[{"@type":"SearchAction","target":{"@type":"EntryPoint","urlTemplate":"https:\/\/landioustravel.com\/de\/?s={search_term_string}"},"query-input":{"@type":"PropertyValueSpecification","valueRequired":true,"valueName":"search_term_string"}}],"inLanguage":"de"},{"@type":["Organization","Place"],"@id":"https:\/\/landioustravel.com\/de\/#organization","name":"Landious Travel","alternateName":"Landious Travel","url":"https:\/\/landioustravel.com\/de\/","logo":{"@id":"https:\/\/landioustravel.com\/de\/shop\/u-boot-fahrt-gouna\/#local-main-organization-logo"},"image":{"@id":"https:\/\/landioustravel.com\/de\/shop\/u-boot-fahrt-gouna\/#local-main-organization-logo"},"sameAs":["https:\/\/web.facebook.com\/landiousEgypt","https:\/\/x.com\/LandiousTours","https:\/\/mastodon.social\/@landious"],"legalName":"Landious Travel","telephone":[],"openingHoursSpecification":[{"@type":"OpeningHoursSpecification","dayOfWeek":["Monday","Tuesday","Wednesday","Thursday","Friday","Saturday","Sunday"],"opens":"09:00","closes":"17:00"}]},{"@type":"ImageObject","inLanguage":"de","@id":"https:\/\/landioustravel.com\/de\/shop\/u-boot-fahrt-gouna\/#local-main-organization-logo","url":"https:\/\/i0.wp.com\/landioustravel.com\/wp-content\/uploads\/2021\/06\/Landious-T.png?fit=500%2C500&ssl=1","contentUrl":"https:\/\/i0.wp.com\/landioustravel.com\/wp-content\/uploads\/2021\/06\/Landious-T.png?fit=500%2C500&ssl=1","width":500,"height":500,"caption":"Landious Travel"}]}},"jetpack_publicize_connections":[],"uagb_featured_image_src":{"full":["https:\/\/i0.wp.com\/landioustravel.com\/wp-content\/uploads\/2023\/01\/Submarine-Trip-from-El-Gouna-e1672616413408.jpg?fit=1200%2C675&ssl=1",1200,675,false],"thumbnail":["https:\/\/i0.wp.com\/landioustravel.com\/wp-content\/uploads\/2023\/01\/Submarine-Trip-from-El-Gouna-e1672616413408.jpg?resize=150%2C150&ssl=1",150,150,true],"medium":["https:\/\/i0.wp.com\/landioustravel.com\/wp-content\/uploads\/2023\/01\/Submarine-Trip-from-El-Gouna-e1672616413408.jpg?fit=300%2C169&ssl=1",300,169,true],"medium_large":["https:\/\/i0.wp.com\/landioustravel.com\/wp-content\/uploads\/2023\/01\/Submarine-Trip-from-El-Gouna-e1672616413408.jpg?fit=768%2C432&ssl=1",768,432,true],"large":["https:\/\/i0.wp.com\/landioustravel.com\/wp-content\/uploads\/2023\/01\/Submarine-Trip-from-El-Gouna-e1672616413408.jpg?fit=980%2C551&ssl=1",980,551,true],"1536x1536":["https:\/\/i0.wp.com\/landioustravel.com\/wp-content\/uploads\/2023\/01\/Submarine-Trip-from-El-Gouna-e1672616413408.jpg?fit=1200%2C675&ssl=1",1200,675,true],"2048x2048":["https:\/\/i0.wp.com\/landioustravel.com\/wp-content\/uploads\/2023\/01\/Submarine-Trip-from-El-Gouna-e1672616413408.jpg?fit=1200%2C675&ssl=1",1200,675,true],"newspack-article-block-landscape-large":["https:\/\/i0.wp.com\/landioustravel.com\/wp-content\/uploads\/2023\/01\/Submarine-Trip-from-El-Gouna-e1672616413408.jpg?resize=1200%2C675&ssl=1",1200,675,true],"newspack-article-block-portrait-large":["https:\/\/i0.wp.com\/landioustravel.com\/wp-content\/uploads\/2023\/01\/Submarine-Trip-from-El-Gouna-e1672616413408.jpg?resize=900%2C675&ssl=1",900,675,true],"newspack-article-block-square-large":["https:\/\/i0.wp.com\/landioustravel.com\/wp-content\/uploads\/2023\/01\/Submarine-Trip-from-El-Gouna-e1672616413408.jpg?resize=1200%2C675&ssl=1",1200,675,true],"newspack-article-block-landscape-medium":["https:\/\/i0.wp.com\/landioustravel.com\/wp-content\/uploads\/2023\/01\/Submarine-Trip-from-El-Gouna-e1672616413408.jpg?resize=800%2C600&ssl=1",800,600,true],"newspack-article-block-portrait-medium":["https:\/\/i0.wp.com\/landioustravel.com\/wp-content\/uploads\/2023\/01\/Submarine-Trip-from-El-Gouna-e1672616413408.jpg?resize=600%2C675&ssl=1",600,675,true],"newspack-article-block-square-medium":["https:\/\/i0.wp.com\/landioustravel.com\/wp-content\/uploads\/2023\/01\/Submarine-Trip-from-El-Gouna-e1672616413408.jpg?resize=800%2C675&ssl=1",800,675,true],"newspack-article-block-landscape-intermediate":["https:\/\/i0.wp.com\/landioustravel.com\/wp-content\/uploads\/2023\/01\/Submarine-Trip-from-El-Gouna-e1672616413408.jpg?resize=600%2C450&ssl=1",600,450,true],"newspack-article-block-portrait-intermediate":["https:\/\/i0.wp.com\/landioustravel.com\/wp-content\/uploads\/2023\/01\/Submarine-Trip-from-El-Gouna-e1672616413408.jpg?resize=450%2C600&ssl=1",450,600,true],"newspack-article-block-square-intermediate":["https:\/\/i0.wp.com\/landioustravel.com\/wp-content\/uploads\/2023\/01\/Submarine-Trip-from-El-Gouna-e1672616413408.jpg?resize=600%2C600&ssl=1",600,600,true],"newspack-article-block-landscape-small":["https:\/\/i0.wp.com\/landioustravel.com\/wp-content\/uploads\/2023\/01\/Submarine-Trip-from-El-Gouna-e1672616413408.jpg?resize=400%2C300&ssl=1",400,300,true],"newspack-article-block-portrait-small":["https:\/\/i0.wp.com\/landioustravel.com\/wp-content\/uploads\/2023\/01\/Submarine-Trip-from-El-Gouna-e1672616413408.jpg?resize=300%2C400&ssl=1",300,400,true],"newspack-article-block-square-small":["https:\/\/i0.wp.com\/landioustravel.com\/wp-content\/uploads\/2023\/01\/Submarine-Trip-from-El-Gouna-e1672616413408.jpg?resize=400%2C400&ssl=1",400,400,true],"newspack-article-block-landscape-tiny":["https:\/\/i0.wp.com\/landioustravel.com\/wp-content\/uploads\/2023\/01\/Submarine-Trip-from-El-Gouna-e1672616413408.jpg?resize=200%2C150&ssl=1",200,150,true],"newspack-article-block-portrait-tiny":["https:\/\/i0.wp.com\/landioustravel.com\/wp-content\/uploads\/2023\/01\/Submarine-Trip-from-El-Gouna-e1672616413408.jpg?resize=150%2C200&ssl=1",150,200,true],"newspack-article-block-square-tiny":["https:\/\/i0.wp.com\/landioustravel.com\/wp-content\/uploads\/2023\/01\/Submarine-Trip-from-El-Gouna-e1672616413408.jpg?resize=200%2C200&ssl=1",200,200,true],"newspack-article-block-uncropped":["https:\/\/i0.wp.com\/landioustravel.com\/wp-content\/uploads\/2023\/01\/Submarine-Trip-from-El-Gouna-e1672616413408.jpg?fit=1200%2C675&ssl=1",1200,675,true],"woocommerce_thumbnail":["https:\/\/i0.wp.com\/landioustravel.com\/wp-content\/uploads\/2023\/01\/Submarine-Trip-from-El-Gouna-e1672616413408.jpg?resize=324%2C324&ssl=1",324,324,true],"woocommerce_single":["https:\/\/i0.wp.com\/landioustravel.com\/wp-content\/uploads\/2023\/01\/Submarine-Trip-from-El-Gouna-e1672616413408.jpg?fit=416%2C234&ssl=1",416,234,true],"woocommerce_gallery_thumbnail":["https:\/\/i0.wp.com\/landioustravel.com\/wp-content\/uploads\/2023\/01\/Submarine-Trip-from-El-Gouna-e1672616413408.jpg?resize=100%2C100&ssl=1",100,100,true]},"uagb_author_info":{"display_name":"Mofreh Landious","author_link":"https:\/\/landioustravel.com\/de\/author\/"},"uagb_comment_info":0,"uagb_excerpt":"Begeben Sie sich mit Ihren Liebsten auf ein spannendes Abenteuer und tauchen Sie ein in die faszinierende Welt des Meereslebens im Roten Meer! Entdecken Sie die Sch\u00f6nheit der Fische des Roten Meeres und des Korallenriffs, w\u00e4hrend Sie mit dem Sindbad-U-Boot in Hurghada 25 m unter Wasser tauchen. Sie werden von den leuchtenden Farben und der&hellip;","jetpack_sharing_enabled":true,"jetpack_likes_enabled":true,"amp_enabled":true,"_links":{"self":[{"href":"https:\/\/landioustravel.com\/de\/wp-json\/wp\/v2\/product\/135105","targetHints":{"allow":["GET"]}}],"collection":[{"href":"https:\/\/landioustravel.com\/de\/wp-json\/wp\/v2\/product"}],"about":[{"href":"https:\/\/landioustravel.com\/de\/wp-json\/wp\/v2\/types\/product"}],"replies":[{"embeddable":true,"href":"https:\/\/landioustravel.com\/de\/wp-json\/wp\/v2\/comments?post=135105"}],"wp:featuredmedia":[{"embeddable":true,"href":"https:\/\/landioustravel.com\/de\/wp-json\/wp\/v2\/media\/135106"}],"wp:attachment":[{"href":"https:\/\/landioustravel.com\/de\/wp-json\/wp\/v2\/media?parent=135105"}],"wp:term":[{"taxonomy":"product_brand","embeddable":true,"href":"https:\/\/landioustravel.com\/de\/wp-json\/wp\/v2\/product_brand?post=135105"},{"taxonomy":"product_cat","embeddable":true,"href":"https:\/\/landioustravel.com\/de\/wp-json\/wp\/v2\/product_cat?post=135105"},{"taxonomy":"product_tag","embeddable":true,"href":"https:\/\/landioustravel.com\/de\/wp-json\/wp\/v2\/product_tag?post=135105"}],"curies":[{"name":"wp","href":"https:\/\/api.w.org\/{rel}","templated":true}]}}