{"id":135112,"date":"2023-01-02T00:51:51","date_gmt":"2023-01-27T21:33:50","guid":{"rendered":"https:\/\/landioustravel.com\/?post_type=product&#038;p=135112"},"modified":"2023-06-16T16:34:18","modified_gmt":"2023-06-16T14:34:18","slug":"super-gouna-reise","status":"publish","type":"product","link":"https:\/\/landioustravel.com\/de\/shop\/super-gouna-reise\/","title":{"rendered":"Super El Gouna Reise"},"content":{"rendered":"<p><strong>Super El Gouna Reise<\/strong> ist eine fantastische Seereise nach dem \u00e4gyptischen Venedig (El-Gouna) mit dem Boot! Wir empfehlen die Reise, weil sie es den Touristen im Allgemeinen erm\u00f6glicht, eine gute Zeit auf See zu verbringen. Insbesondere erm\u00f6glicht Ihnen die Reise, sich im \u00e4gyptischen Venedig \u2013 El Gouna \u2013 zurechtzufinden und mit Delfinen zu schwimmen! Dar\u00fcber hinaus bietet es die M\u00f6glichkeit, wundersch\u00f6ne Korallenriffe und eine Vielzahl von Fischen zu sehen. Au\u00dferdem genie\u00dfen Sie ein Bootspicknick am Roten Meer.<\/p>\n<h2>Highlights auf der Super El Gouna Reise<\/h2>\n<ul>\n<li>Schwimmen mit Delphinen im offenen Meer.<\/li>\n<li>Schnorcheln mit Maske und Flossen.<\/li>\n<li>Mittagessen an Bord des Bootes.<\/li>\n<li>Beobachten Sie das Meeresleben auf dem Halb-U-Boot<\/li>\n<li>Besichtigung-Lagunentour durch El Gouna.<\/li>\n<li>Auch eine Wanderung in El-Gouna.<\/li>\n<\/ul>\n<h2>Programm der Super El Gouna Ausflug<\/h2>\n<ul>\n<li>Der Vertreter von Landious Travel holt Sie gegen 08:00 Uhr von den Hotels in El Gouna ab.<\/li>\n<li>Nachdem alle Ank\u00f6mmlinge abgeholt wurden, f\u00e4hrt der Bus zum Hafen. Der Weg zum Pier dauert ca. 30 Minuten.<\/li>\n<li>Sie finden Ihr Boot im Hafen, der aus zwei Etagen besteht. Es ist so eine riesige und schicke Kreuzfahrt! Sobald Sie das Schiff betreten, ziehen Sie am besten Ihre Schuhe aus. Und dann k\u00f6nnen Sie sich im zweiten Stock zum Br\u00e4unen auf dem oberen Sonnendeck erheben.<\/li>\n<\/ul>\n<h3>Offenes Meer &amp; Delfinschwimmen<\/h3>\n<ul>\n<li>Das Boot wird \u00fcber das Rote Meer segeln, sobald sich die Gruppe versammelt hat.<\/li>\n<li>Zu dieser Zeit wird diese sch\u00f6ne Super-Gouna-Reise nach einem Picknick am Meer den ersten Start machen. Dieser erste Start findet an einem wundersch\u00f6nen Korallenseeplatz statt. Dort machen Sie Ihren ersten Halt auf offener See. Nat\u00fcrlich k\u00f6nnen Sie mit Delfinen schwimmen und mit Maske und Flossen schnorcheln.<\/li>\n<\/ul>\n<h3>Lagunenfahrt &amp; Besichtigung von El Gouna<\/h3>\n<ul>\n<li>Nach diesem au\u00dfergew\u00f6hnlichen Stopp f\u00e4hrt das Boot in Richtung der attraktiven Stadt El-Gouna.<\/li>\n<li>Wie erwartet werden Sie eine Lagunenfahrt genie\u00dfen und sich El Gouna genau ansehen. Sobald Sie dem \u00e4gyptischen Venedig so nahe sind, steigen Sie in ein Motorboot. An diesem Punkt f\u00e4hrt das Motorboot durch die \u00e4gyptischen Kan\u00e4le von Venedig, damit Sie den Ort aus n\u00e4chster N\u00e4he bewundern k\u00f6nnen. W\u00e4hrend dieser Reise gibt Ihr Reiseleiter Informationen \u00fcber die Sehensw\u00fcrdigkeiten und die Geschichte dieses Resorts. In der Tat ist es eine fantastische Lagunenfahrt.<\/li>\n<li>Nach einer solchen Lagunenfahrt landen Sie im Hafen von El-Gouna. Dann starten Sie einen Rundgang durch den Ort. Und wieder wird Ihr Guide Sie begleiten und Ihnen die Sehensw\u00fcrdigkeiten von El Gouna zeigen.<\/li>\n<\/ul>\n<h3>Entdeckung unter Wasser<\/h3>\n<ul>\n<li>In El-Gouna wird das Reiseprogramm mit einer Halb-U-Boot-Bordwache fortgesetzt. Nat\u00fcrlich beobachten Sie die Unterwasserwelt auf einem Halb-U-Boot! Dieses Halb-U-Boot legt im Hafen des \u00e4gyptischen Venedigs an.<\/li>\n<\/ul>\n<h3>Mittagessen an Bord<\/h3>\n<ul>\n<li>Nachdem Sie mit dem Halb-U-Boot fertig sind, bringen wir Sie zur\u00fcck zum Boot. Danach trifft sich die Gruppe zum Mittagessen im Erdgeschoss. W\u00e4hrend der Mittagszeit ist das Buffet ge\u00f6ffnet.<\/li>\n<\/ul>\n<h3>Zur\u00fcck zuhause<\/h3>\n<ul>\n<li>Am Ende dieser Erfahrung f\u00e4hrt unser Boot zum Hafen.<\/li>\n<li>Die Super-Gouna-Reise von El Gouna endet gegen 17:30 Uhr. Diese angegebene Ankunftszeit in Ihrem Hotel ist ungef\u00e4hr. Letztendlich begleiten wir Sie nach einer fantastischen Reise nach El-Gouna zur\u00fcck zu Ihren Hotels.<\/li>\n<\/ul>\n<h2>Was beinhaltet der Preis der Super Gouna Reise?<\/h2>\n<ul>\n<li>Masken und Flossen.<\/li>\n<li>Speisen &amp; Getr\u00e4nke.<\/li>\n<li>Au\u00dferdem Transfer zum Hafen und zur\u00fcck zum Hotel.<\/li>\n<\/ul>\n<h2>Was beinhaltet das Programm von Super Gouna Trip nicht?<\/h2>\n<ul>\n<li>Eintrittsgeb\u00fchr (5 USD Dollar pro Person)<\/li>\n<li>Video-DVD.<\/li>\n<li>Auch die Foto-CD.<\/li>\n<\/ul>\n<h2>Was nehmen Sie f\u00fcr die Tour mit?<\/h2>\n<ul>\n<li>Handtuch.<\/li>\n<li>Au\u00dferdem Sonnencreme.<\/li>\n<\/ul>\n<h2>Super Gouna Ausflug ab El Gouna Buchungstagen<\/h2>\n<ul>\n<li>T\u00e4glich von 08:00 \u2013 17:00 Uhr.<\/li>\n<\/ul>\n<h2>Dienstleistungen, die w\u00e4hrend der Super-Gouna-Reise von El Gouna angeboten werden<\/h2>\n<p>Transport: Landious Travel nutzt eine klimatisierte Limousine\/einen Minibus, um Sie zu bedienen. Ein erfahrener Fahrer begleitet Sie zum Hafen und zu Ihrem Hotel.<\/p>\n<p>F\u00fchrung: Ein professioneller englischer Reiseleiter holt Sie von Ihren Hotels ab und begleitet Sie zum Hafen.<\/p>\n<p>Bootsausstattung: Unsere Boote sind moderne dreist\u00f6ckige Boote. Diese Boote beherbergen einen Speisesalon, einen Wasserk\u00fchler, eine K\u00fcche und zwei Toiletten. Au\u00dferdem stellen wir Schwimmwesten, Schnorchelausr\u00fcstung und zwei Trolling-Rollen im ersten Stock zur Verf\u00fcgung. Gleichzeitig verf\u00fcgt der Boden des Sonnendecks \u00fcber bequeme Sonnenliegen und ein Zelt.<\/p>\n<p>Team und Personal: Auf dem Boot bekommen Sie eine freundliche und erfahrene Crew. Unsere Instruktoren und Trainer begleiten Sie w\u00e4hrend der Reise.<\/p>\n<p>Essen: Wir bieten ein k\u00f6stliches Mittagessen an Bord mit verschiedenen Gerichten an.<\/p>\n","protected":false},"excerpt":{"rendered":"<p>Der Ausflug ins \u00e4gyptische Venedig zieht viele Touristen an. Es ist eine Freude, den Ort zu sehen! Das Ausflugsprogramm ist reichhaltig mit verschiedenen Unterhaltungspunkten. Touristen genie\u00dfen ein Meerespicknick \u00fcber der K\u00fcste des Roten Meeres, w\u00e4hrend sie zum Ferienort El Gouna segeln. Schwimmen mit den sch\u00f6nen Delfinen im offenen Meer ist m\u00f6glich. Es freut alle auf dem Boot! Au\u00dferdem k\u00f6nnen unsere Touristen mit Masken und Flossen schnorcheln. Sobald Sie in El Gouna ankommen, starten Sie eine Motorboottour \u00fcber die Wasserkan\u00e4le und Lagunen dieses Resorts. Sie k\u00f6nnen die Unterwasserwelt auch von einem Halb-U-Boot aus beobachten. Der Reisepreis beinhaltet Mittagessen und ein Getr\u00e4nk.<\/p>\n","protected":false},"featured_media":135113,"comment_status":"open","ping_status":"closed","template":"","meta":{"_coblocks_attr":"","_coblocks_dimensions":"","_coblocks_responsive_height":"","_coblocks_accordion_ie_support":"","_uag_custom_page_level_css":"","jetpack_post_was_ever_published":false,"jetpack_publicize_message":"","jetpack_publicize_feature_enabled":true,"jetpack_social_post_already_shared":true,"jetpack_social_options":{"image_generator_settings":{"template":"highway","default_image_id":0,"font":"","enabled":false},"version":2},"_wpas_customize_per_network":false},"product_brand":[],"product_cat":[20131,20135],"product_tag":[1653,1844,1930,1843,1845,1774,1777,1778],"class_list":{"0":"post-135112","1":"product","2":"type-product","3":"status-publish","4":"has-post-thumbnail","6":"product_cat-gouna-ausfluege","7":"product_cat-gouna-seereisen","8":"product_tag-ausflug","9":"product_tag-bootsausfluge","10":"product_tag-delfinhaus","11":"product_tag-el-gouna-de","12":"product_tag-halb-u-boot","13":"product_tag-hurghada-de","14":"product_tag-meer","15":"product_tag-schnorcheln","16":"pa_age-erwachsene","17":"pa_age-kind-1-4-jahre","18":"pa_age-kind-5-11-jahre","20":"first","21":"instock","22":"sale","23":"taxable","24":"shipping-taxable","25":"purchasable","26":"product-type-variable"},"yoast_head":"<!-- This site is optimized with the Yoast SEO Premium plugin v26.9 (Yoast SEO v27.3) - https:\/\/yoast.com\/product\/yoast-seo-premium-wordpress\/ -->\n<title>Super El Gouna Reise<\/title>\n<meta name=\"description\" content=\"Super El Gouna Reise ist eine fantastische Seereise nach dem \u00e4gyptischen Venedig (El-Gouna) mit dem Boot! Wir empfehlen die Reise, weil sie es den Touristen\" \/>\n<meta name=\"robots\" content=\"index, follow, max-snippet:-1, max-image-preview:large, max-video-preview:-1\" \/>\n<link rel=\"canonical\" href=\"https:\/\/landioustravel.com\/de\/shop\/super-gouna-reise\/\" \/>\n<meta property=\"og:locale\" content=\"de_DE\" \/>\n<meta property=\"og:type\" content=\"article\" \/>\n<meta property=\"og:title\" content=\"Super El Gouna Reise\" \/>\n<meta property=\"og:description\" content=\"Landious Travel\" \/>\n<meta property=\"og:url\" content=\"https:\/\/landioustravel.com\/de\/shop\/super-gouna-reise\/\" \/>\n<meta property=\"og:site_name\" content=\"Landious Travel\" \/>\n<meta property=\"article:publisher\" content=\"https:\/\/web.facebook.com\/landiousEgypt\" \/>\n<meta property=\"article:modified_time\" content=\"2023-06-16T14:34:18+00:00\" \/>\n<meta property=\"og:image\" content=\"https:\/\/i0.wp.com\/landioustravel.com\/wp-content\/uploads\/2023\/01\/Super-El-Gouna-Trip-e1672613280679.jpg?fit=1200%2C675&ssl=1\" \/>\n\t<meta property=\"og:image:width\" content=\"1200\" \/>\n\t<meta property=\"og:image:height\" content=\"675\" \/>\n\t<meta property=\"og:image:type\" content=\"image\/jpeg\" \/>\n<meta name=\"twitter:card\" content=\"summary_large_image\" \/>\n<meta name=\"twitter:site\" content=\"@LandiousTours\" \/>\n<meta name=\"twitter:label1\" content=\"Gesch\u00e4tzte Lesezeit\" \/>\n\t<meta name=\"twitter:data1\" content=\"3\u00a0Minuten\" \/>\n<script type=\"application\/ld+json\" class=\"yoast-schema-graph\">{\"@context\":\"https:\\\/\\\/schema.org\",\"@graph\":[{\"@type\":\"WebPage\",\"@id\":\"https:\\\/\\\/landioustravel.com\\\/de\\\/shop\\\/super-gouna-reise\\\/\",\"url\":\"https:\\\/\\\/landioustravel.com\\\/de\\\/shop\\\/super-gouna-reise\\\/\",\"name\":\"Super El Gouna Reise\",\"isPartOf\":{\"@id\":\"https:\\\/\\\/landioustravel.com\\\/de\\\/#website\"},\"primaryImageOfPage\":{\"@id\":\"https:\\\/\\\/landioustravel.com\\\/de\\\/shop\\\/super-gouna-reise\\\/#primaryimage\"},\"image\":{\"@id\":\"https:\\\/\\\/landioustravel.com\\\/de\\\/shop\\\/super-gouna-reise\\\/#primaryimage\"},\"thumbnailUrl\":\"https:\\\/\\\/i0.wp.com\\\/landioustravel.com\\\/wp-content\\\/uploads\\\/2023\\\/01\\\/Super-El-Gouna-Trip-e1672613280679.jpg?fit=1200%2C675&ssl=1\",\"datePublished\":\"2023-01-27T21:33:50+00:00\",\"dateModified\":\"2023-06-16T14:34:18+00:00\",\"description\":\"Super El Gouna Reise ist eine fantastische Seereise nach dem \u00e4gyptischen Venedig (El-Gouna) mit dem Boot! Wir empfehlen die Reise, weil sie es den Touristen\",\"breadcrumb\":{\"@id\":\"https:\\\/\\\/landioustravel.com\\\/de\\\/shop\\\/super-gouna-reise\\\/#breadcrumb\"},\"inLanguage\":\"de\",\"potentialAction\":[{\"@type\":\"ReadAction\",\"target\":[\"https:\\\/\\\/landioustravel.com\\\/de\\\/shop\\\/super-gouna-reise\\\/\"]}]},{\"@type\":\"ImageObject\",\"inLanguage\":\"de\",\"@id\":\"https:\\\/\\\/landioustravel.com\\\/de\\\/shop\\\/super-gouna-reise\\\/#primaryimage\",\"url\":\"https:\\\/\\\/i0.wp.com\\\/landioustravel.com\\\/wp-content\\\/uploads\\\/2023\\\/01\\\/Super-El-Gouna-Trip-e1672613280679.jpg?fit=1200%2C675&ssl=1\",\"contentUrl\":\"https:\\\/\\\/i0.wp.com\\\/landioustravel.com\\\/wp-content\\\/uploads\\\/2023\\\/01\\\/Super-El-Gouna-Trip-e1672613280679.jpg?fit=1200%2C675&ssl=1\",\"width\":1200,\"height\":675,\"caption\":\"Super El Gouna Trip\"},{\"@type\":\"BreadcrumbList\",\"@id\":\"https:\\\/\\\/landioustravel.com\\\/de\\\/shop\\\/super-gouna-reise\\\/#breadcrumb\",\"itemListElement\":[{\"@type\":\"ListItem\",\"position\":1,\"name\":\"Home\",\"item\":\"https:\\\/\\\/landioustravel.com\\\/de\\\/\"},{\"@type\":\"ListItem\",\"position\":2,\"name\":\"\u00c4gypten Touren\",\"item\":\"https:\\\/\\\/landioustravel.com\\\/de\\\/\"},{\"@type\":\"ListItem\",\"position\":3,\"name\":\"Super El Gouna Reise\"}]},{\"@type\":\"WebSite\",\"@id\":\"https:\\\/\\\/landioustravel.com\\\/de\\\/#website\",\"url\":\"https:\\\/\\\/landioustravel.com\\\/de\\\/\",\"name\":\"Landious Travel\",\"description\":\"Excursions, trips and cruises in Egypt\",\"publisher\":{\"@id\":\"https:\\\/\\\/landioustravel.com\\\/de\\\/#organization\"},\"potentialAction\":[{\"@type\":\"SearchAction\",\"target\":{\"@type\":\"EntryPoint\",\"urlTemplate\":\"https:\\\/\\\/landioustravel.com\\\/de\\\/?s={search_term_string}\"},\"query-input\":{\"@type\":\"PropertyValueSpecification\",\"valueRequired\":true,\"valueName\":\"search_term_string\"}}],\"inLanguage\":\"de\"},{\"@type\":[\"Organization\",\"Place\"],\"@id\":\"https:\\\/\\\/landioustravel.com\\\/de\\\/#organization\",\"name\":\"Landious Travel\",\"alternateName\":\"Landious Travel\",\"url\":\"https:\\\/\\\/landioustravel.com\\\/de\\\/\",\"logo\":{\"@id\":\"https:\\\/\\\/landioustravel.com\\\/de\\\/shop\\\/super-gouna-reise\\\/#local-main-organization-logo\"},\"image\":{\"@id\":\"https:\\\/\\\/landioustravel.com\\\/de\\\/shop\\\/super-gouna-reise\\\/#local-main-organization-logo\"},\"sameAs\":[\"https:\\\/\\\/web.facebook.com\\\/landiousEgypt\",\"https:\\\/\\\/x.com\\\/LandiousTours\",\"https:\\\/\\\/mastodon.social\\\/@landious\"],\"legalName\":\"Landious Travel\",\"telephone\":[],\"openingHoursSpecification\":[{\"@type\":\"OpeningHoursSpecification\",\"dayOfWeek\":[\"Monday\",\"Tuesday\",\"Wednesday\",\"Thursday\",\"Friday\",\"Saturday\",\"Sunday\"],\"opens\":\"09:00\",\"closes\":\"17:00\"}]},{\"@type\":\"ImageObject\",\"inLanguage\":\"de\",\"@id\":\"https:\\\/\\\/landioustravel.com\\\/de\\\/shop\\\/super-gouna-reise\\\/#local-main-organization-logo\",\"url\":\"https:\\\/\\\/i0.wp.com\\\/landioustravel.com\\\/wp-content\\\/uploads\\\/2021\\\/06\\\/Landious-T.png?fit=500%2C500&ssl=1\",\"contentUrl\":\"https:\\\/\\\/i0.wp.com\\\/landioustravel.com\\\/wp-content\\\/uploads\\\/2021\\\/06\\\/Landious-T.png?fit=500%2C500&ssl=1\",\"width\":500,\"height\":500,\"caption\":\"Landious Travel\"}]}<\/script>\n<!-- \/ Yoast SEO Premium plugin. -->","yoast_head_json":{"title":"Super El Gouna Reise","description":"Super El Gouna Reise ist eine fantastische Seereise nach dem \u00e4gyptischen Venedig (El-Gouna) mit dem Boot! Wir empfehlen die Reise, weil sie es den Touristen","robots":{"index":"index","follow":"follow","max-snippet":"max-snippet:-1","max-image-preview":"max-image-preview:large","max-video-preview":"max-video-preview:-1"},"canonical":"https:\/\/landioustravel.com\/de\/shop\/super-gouna-reise\/","og_locale":"de_DE","og_type":"article","og_title":"Super El Gouna Reise","og_description":"Landious Travel","og_url":"https:\/\/landioustravel.com\/de\/shop\/super-gouna-reise\/","og_site_name":"Landious Travel","article_publisher":"https:\/\/web.facebook.com\/landiousEgypt","article_modified_time":"2023-06-16T14:34:18+00:00","og_image":[{"width":1200,"height":675,"url":"https:\/\/i0.wp.com\/landioustravel.com\/wp-content\/uploads\/2023\/01\/Super-El-Gouna-Trip-e1672613280679.jpg?fit=1200%2C675&ssl=1","type":"image\/jpeg"}],"twitter_card":"summary_large_image","twitter_site":"@LandiousTours","twitter_misc":{"Gesch\u00e4tzte Lesezeit":"3\u00a0Minuten"},"schema":{"@context":"https:\/\/schema.org","@graph":[{"@type":"WebPage","@id":"https:\/\/landioustravel.com\/de\/shop\/super-gouna-reise\/","url":"https:\/\/landioustravel.com\/de\/shop\/super-gouna-reise\/","name":"Super El Gouna Reise","isPartOf":{"@id":"https:\/\/landioustravel.com\/de\/#website"},"primaryImageOfPage":{"@id":"https:\/\/landioustravel.com\/de\/shop\/super-gouna-reise\/#primaryimage"},"image":{"@id":"https:\/\/landioustravel.com\/de\/shop\/super-gouna-reise\/#primaryimage"},"thumbnailUrl":"https:\/\/i0.wp.com\/landioustravel.com\/wp-content\/uploads\/2023\/01\/Super-El-Gouna-Trip-e1672613280679.jpg?fit=1200%2C675&ssl=1","datePublished":"2023-01-27T21:33:50+00:00","dateModified":"2023-06-16T14:34:18+00:00","description":"Super El Gouna Reise ist eine fantastische Seereise nach dem \u00e4gyptischen Venedig (El-Gouna) mit dem Boot! Wir empfehlen die Reise, weil sie es den Touristen","breadcrumb":{"@id":"https:\/\/landioustravel.com\/de\/shop\/super-gouna-reise\/#breadcrumb"},"inLanguage":"de","potentialAction":[{"@type":"ReadAction","target":["https:\/\/landioustravel.com\/de\/shop\/super-gouna-reise\/"]}]},{"@type":"ImageObject","inLanguage":"de","@id":"https:\/\/landioustravel.com\/de\/shop\/super-gouna-reise\/#primaryimage","url":"https:\/\/i0.wp.com\/landioustravel.com\/wp-content\/uploads\/2023\/01\/Super-El-Gouna-Trip-e1672613280679.jpg?fit=1200%2C675&ssl=1","contentUrl":"https:\/\/i0.wp.com\/landioustravel.com\/wp-content\/uploads\/2023\/01\/Super-El-Gouna-Trip-e1672613280679.jpg?fit=1200%2C675&ssl=1","width":1200,"height":675,"caption":"Super El Gouna Trip"},{"@type":"BreadcrumbList","@id":"https:\/\/landioustravel.com\/de\/shop\/super-gouna-reise\/#breadcrumb","itemListElement":[{"@type":"ListItem","position":1,"name":"Home","item":"https:\/\/landioustravel.com\/de\/"},{"@type":"ListItem","position":2,"name":"\u00c4gypten Touren","item":"https:\/\/landioustravel.com\/de\/"},{"@type":"ListItem","position":3,"name":"Super El Gouna Reise"}]},{"@type":"WebSite","@id":"https:\/\/landioustravel.com\/de\/#website","url":"https:\/\/landioustravel.com\/de\/","name":"Landious Travel","description":"Excursions, trips and cruises in Egypt","publisher":{"@id":"https:\/\/landioustravel.com\/de\/#organization"},"potentialAction":[{"@type":"SearchAction","target":{"@type":"EntryPoint","urlTemplate":"https:\/\/landioustravel.com\/de\/?s={search_term_string}"},"query-input":{"@type":"PropertyValueSpecification","valueRequired":true,"valueName":"search_term_string"}}],"inLanguage":"de"},{"@type":["Organization","Place"],"@id":"https:\/\/landioustravel.com\/de\/#organization","name":"Landious Travel","alternateName":"Landious Travel","url":"https:\/\/landioustravel.com\/de\/","logo":{"@id":"https:\/\/landioustravel.com\/de\/shop\/super-gouna-reise\/#local-main-organization-logo"},"image":{"@id":"https:\/\/landioustravel.com\/de\/shop\/super-gouna-reise\/#local-main-organization-logo"},"sameAs":["https:\/\/web.facebook.com\/landiousEgypt","https:\/\/x.com\/LandiousTours","https:\/\/mastodon.social\/@landious"],"legalName":"Landious Travel","telephone":[],"openingHoursSpecification":[{"@type":"OpeningHoursSpecification","dayOfWeek":["Monday","Tuesday","Wednesday","Thursday","Friday","Saturday","Sunday"],"opens":"09:00","closes":"17:00"}]},{"@type":"ImageObject","inLanguage":"de","@id":"https:\/\/landioustravel.com\/de\/shop\/super-gouna-reise\/#local-main-organization-logo","url":"https:\/\/i0.wp.com\/landioustravel.com\/wp-content\/uploads\/2021\/06\/Landious-T.png?fit=500%2C500&ssl=1","contentUrl":"https:\/\/i0.wp.com\/landioustravel.com\/wp-content\/uploads\/2021\/06\/Landious-T.png?fit=500%2C500&ssl=1","width":500,"height":500,"caption":"Landious Travel"}]}},"jetpack_publicize_connections":[],"uagb_featured_image_src":{"full":["https:\/\/i0.wp.com\/landioustravel.com\/wp-content\/uploads\/2023\/01\/Super-El-Gouna-Trip-e1672613280679.jpg?fit=1200%2C675&ssl=1",1200,675,false],"thumbnail":["https:\/\/i0.wp.com\/landioustravel.com\/wp-content\/uploads\/2023\/01\/Super-El-Gouna-Trip-e1672613280679.jpg?resize=150%2C150&ssl=1",150,150,true],"medium":["https:\/\/i0.wp.com\/landioustravel.com\/wp-content\/uploads\/2023\/01\/Super-El-Gouna-Trip-e1672613280679.jpg?fit=300%2C169&ssl=1",300,169,true],"medium_large":["https:\/\/i0.wp.com\/landioustravel.com\/wp-content\/uploads\/2023\/01\/Super-El-Gouna-Trip-e1672613280679.jpg?fit=768%2C432&ssl=1",768,432,true],"large":["https:\/\/i0.wp.com\/landioustravel.com\/wp-content\/uploads\/2023\/01\/Super-El-Gouna-Trip-e1672613280679.jpg?fit=980%2C551&ssl=1",980,551,true],"1536x1536":["https:\/\/i0.wp.com\/landioustravel.com\/wp-content\/uploads\/2023\/01\/Super-El-Gouna-Trip-e1672613280679.jpg?fit=1200%2C675&ssl=1",1200,675,true],"2048x2048":["https:\/\/i0.wp.com\/landioustravel.com\/wp-content\/uploads\/2023\/01\/Super-El-Gouna-Trip-e1672613280679.jpg?fit=1200%2C675&ssl=1",1200,675,true],"newspack-article-block-landscape-large":["https:\/\/i0.wp.com\/landioustravel.com\/wp-content\/uploads\/2023\/01\/Super-El-Gouna-Trip-e1672613280679.jpg?resize=1200%2C675&ssl=1",1200,675,true],"newspack-article-block-portrait-large":["https:\/\/i0.wp.com\/landioustravel.com\/wp-content\/uploads\/2023\/01\/Super-El-Gouna-Trip-e1672613280679.jpg?resize=900%2C675&ssl=1",900,675,true],"newspack-article-block-square-large":["https:\/\/i0.wp.com\/landioustravel.com\/wp-content\/uploads\/2023\/01\/Super-El-Gouna-Trip-e1672613280679.jpg?resize=1200%2C675&ssl=1",1200,675,true],"newspack-article-block-landscape-medium":["https:\/\/i0.wp.com\/landioustravel.com\/wp-content\/uploads\/2023\/01\/Super-El-Gouna-Trip-e1672613280679.jpg?resize=800%2C600&ssl=1",800,600,true],"newspack-article-block-portrait-medium":["https:\/\/i0.wp.com\/landioustravel.com\/wp-content\/uploads\/2023\/01\/Super-El-Gouna-Trip-e1672613280679.jpg?resize=600%2C675&ssl=1",600,675,true],"newspack-article-block-square-medium":["https:\/\/i0.wp.com\/landioustravel.com\/wp-content\/uploads\/2023\/01\/Super-El-Gouna-Trip-e1672613280679.jpg?resize=800%2C675&ssl=1",800,675,true],"newspack-article-block-landscape-intermediate":["https:\/\/i0.wp.com\/landioustravel.com\/wp-content\/uploads\/2023\/01\/Super-El-Gouna-Trip-e1672613280679.jpg?resize=600%2C450&ssl=1",600,450,true],"newspack-article-block-portrait-intermediate":["https:\/\/i0.wp.com\/landioustravel.com\/wp-content\/uploads\/2023\/01\/Super-El-Gouna-Trip-e1672613280679.jpg?resize=450%2C600&ssl=1",450,600,true],"newspack-article-block-square-intermediate":["https:\/\/i0.wp.com\/landioustravel.com\/wp-content\/uploads\/2023\/01\/Super-El-Gouna-Trip-e1672613280679.jpg?resize=600%2C600&ssl=1",600,600,true],"newspack-article-block-landscape-small":["https:\/\/i0.wp.com\/landioustravel.com\/wp-content\/uploads\/2023\/01\/Super-El-Gouna-Trip-e1672613280679.jpg?resize=400%2C300&ssl=1",400,300,true],"newspack-article-block-portrait-small":["https:\/\/i0.wp.com\/landioustravel.com\/wp-content\/uploads\/2023\/01\/Super-El-Gouna-Trip-e1672613280679.jpg?resize=300%2C400&ssl=1",300,400,true],"newspack-article-block-square-small":["https:\/\/i0.wp.com\/landioustravel.com\/wp-content\/uploads\/2023\/01\/Super-El-Gouna-Trip-e1672613280679.jpg?resize=400%2C400&ssl=1",400,400,true],"newspack-article-block-landscape-tiny":["https:\/\/i0.wp.com\/landioustravel.com\/wp-content\/uploads\/2023\/01\/Super-El-Gouna-Trip-e1672613280679.jpg?resize=200%2C150&ssl=1",200,150,true],"newspack-article-block-portrait-tiny":["https:\/\/i0.wp.com\/landioustravel.com\/wp-content\/uploads\/2023\/01\/Super-El-Gouna-Trip-e1672613280679.jpg?resize=150%2C200&ssl=1",150,200,true],"newspack-article-block-square-tiny":["https:\/\/i0.wp.com\/landioustravel.com\/wp-content\/uploads\/2023\/01\/Super-El-Gouna-Trip-e1672613280679.jpg?resize=200%2C200&ssl=1",200,200,true],"newspack-article-block-uncropped":["https:\/\/i0.wp.com\/landioustravel.com\/wp-content\/uploads\/2023\/01\/Super-El-Gouna-Trip-e1672613280679.jpg?fit=1200%2C675&ssl=1",1200,675,true],"woocommerce_thumbnail":["https:\/\/i0.wp.com\/landioustravel.com\/wp-content\/uploads\/2023\/01\/Super-El-Gouna-Trip-e1672613280679.jpg?resize=324%2C324&ssl=1",324,324,true],"woocommerce_single":["https:\/\/i0.wp.com\/landioustravel.com\/wp-content\/uploads\/2023\/01\/Super-El-Gouna-Trip-e1672613280679.jpg?fit=416%2C234&ssl=1",416,234,true],"woocommerce_gallery_thumbnail":["https:\/\/i0.wp.com\/landioustravel.com\/wp-content\/uploads\/2023\/01\/Super-El-Gouna-Trip-e1672613280679.jpg?resize=100%2C100&ssl=1",100,100,true]},"uagb_author_info":{"display_name":"Mofreh Landious","author_link":"https:\/\/landioustravel.com\/de\/author\/"},"uagb_comment_info":0,"uagb_excerpt":"Der Ausflug ins \u00e4gyptische Venedig zieht viele Touristen an. Es ist eine Freude, den Ort zu sehen! Das Ausflugsprogramm ist reichhaltig mit verschiedenen Unterhaltungspunkten. Touristen genie\u00dfen ein Meerespicknick \u00fcber der K\u00fcste des Roten Meeres, w\u00e4hrend sie zum Ferienort El Gouna segeln. Schwimmen mit den sch\u00f6nen Delfinen im offenen Meer ist m\u00f6glich. Es freut alle auf&hellip;","jetpack_sharing_enabled":true,"jetpack_likes_enabled":true,"amp_enabled":true,"_links":{"self":[{"href":"https:\/\/landioustravel.com\/de\/wp-json\/wp\/v2\/product\/135112","targetHints":{"allow":["GET"]}}],"collection":[{"href":"https:\/\/landioustravel.com\/de\/wp-json\/wp\/v2\/product"}],"about":[{"href":"https:\/\/landioustravel.com\/de\/wp-json\/wp\/v2\/types\/product"}],"replies":[{"embeddable":true,"href":"https:\/\/landioustravel.com\/de\/wp-json\/wp\/v2\/comments?post=135112"}],"wp:featuredmedia":[{"embeddable":true,"href":"https:\/\/landioustravel.com\/de\/wp-json\/wp\/v2\/media\/135113"}],"wp:attachment":[{"href":"https:\/\/landioustravel.com\/de\/wp-json\/wp\/v2\/media?parent=135112"}],"wp:term":[{"taxonomy":"product_brand","embeddable":true,"href":"https:\/\/landioustravel.com\/de\/wp-json\/wp\/v2\/product_brand?post=135112"},{"taxonomy":"product_cat","embeddable":true,"href":"https:\/\/landioustravel.com\/de\/wp-json\/wp\/v2\/product_cat?post=135112"},{"taxonomy":"product_tag","embeddable":true,"href":"https:\/\/landioustravel.com\/de\/wp-json\/wp\/v2\/product_tag?post=135112"}],"curies":[{"name":"wp","href":"https:\/\/api.w.org\/{rel}","templated":true}]}}