{"id":135124,"date":"2023-01-01T23:02:46","date_gmt":"2023-01-28T10:37:07","guid":{"rendered":"https:\/\/landioustravel.com\/?post_type=product&#038;p=135124"},"modified":"2023-06-16T17:45:11","modified_gmt":"2023-06-16T15:45:11","slug":"halb-u-boot-fahrt-gouna","status":"publish","type":"product","link":"https:\/\/landioustravel.com\/de\/shop\/halb-u-boot-fahrt-gouna\/","title":{"rendered":"Halb U Boot Fahrt El Gouna"},"content":{"rendered":"<p><strong>Halb-U-Boot-Fahrt El Gouna<\/strong> ist eine beliebte Seereise mit einem Halb-U-Boot in El-Gouna\/Hurghada, \u00c4gypten! Wir empfehlen die Reise, weil sie es Touristen jeden Alters erm\u00f6glicht, eine gute Zeit auf See zu verbringen, Korallenriffe und viele Fische zu beobachten. Au\u00dferdem k\u00f6nnen Sie ein Meerespicknick durch das Rote Meer genie\u00dfen. Die Besichtigung der Giftun-Inseln \u2013 eine der Inseln im Roten Meer wird fr\u00f6hlich sein!<\/p>\n<h2>H\u00f6hepunkte der Halb-U-Boot-Entdeckung von El Gouna<\/h2>\n<ul>\n<li>Meerespicknick \u00fcber dem Roten Meer.<\/li>\n<li>Beobachten Sie die Unterwasserwelt an Bord eines Halb-U-Bootes.<\/li>\n<li>Schnorcheln Sie auch im offenen Meer mit Masken und Flossen.<\/li>\n<\/ul>\n<h2>Programm der Halb-U-Boot-Ausflug<\/h2>\n<ul>\n<li>Der Vertreter von Landious Travel holt Sie gegen 10:00 Uhr von Ihrem Hotel in El-Gouna ab.<\/li>\n<li>Nachdem Sie alle Ank\u00f6mmlinge genommen haben, f\u00e4hrt der Bus zum Hafen. Der Weg zum Hafen dauert ca. 20 Minuten.<\/li>\n<li>Zu Beginn des Ausflugsprogramms erwartet Sie ein Meerespicknick am Roten Meer.<\/li>\n<li>Dann steigen Sie in die untere Etage des Halb-U-Bootes hinab. Sie k\u00f6nnen dort sitzen und etwa 45 Minuten lang Fische und Korallenriffe beobachten.<\/li>\n<li>Au\u00dferdem wird das Halb-U-Boot auf offener See anhalten. So k\u00f6nnen Sie etwa 45 Minuten im offenen Ozean schwimmen.<\/li>\n<li>Auf dem R\u00fcckweg zum Hafen haben Sie auch die M\u00f6glichkeit, Korallenriffe und Fische zu sehen.<\/li>\n<li>Schlie\u00dflich bringen wir Sie zur\u00fcck zu Ihrem Hotel.<\/li>\n<li>Diese Seereise mit einem Halb-U-Boot in El-Gouna\/Hurghada endet gegen 13:00 Uhr.<\/li>\n<\/ul>\n<h2>Was beinhaltet der Preis der Halb-U-Boot-Fahrt?<\/h2>\n<ul>\n<li>Masken und Flossen.<\/li>\n<li>Au\u00dferdem Transfer zum Hafen und zur\u00fcck zum Hotel.<\/li>\n<\/ul>\n<h2>Was beinhaltet das Programm Halb-U-Boot-Picknick von El Gouna nicht?<\/h2>\n<ul>\n<li>Eintrittsgeb\u00fchr (5 USD pro Person)<\/li>\n<li>Video-DVD.<\/li>\n<li>Auch die Foto-CD.<\/li>\n<\/ul>\n<h2>Was nehmen Sie f\u00fcr die Tour mit?<\/h2>\n<ul>\n<li>Handtuch.<\/li>\n<li>Au\u00dferdem Sonnencreme.<\/li>\n<\/ul>\n<h2>Buchungstage der Halb-U-Boot-Fahrt El Gouna<\/h2>\n<ul>\n<li>T\u00e4glich von 09:00 \u2013 14:00 Uhr.<\/li>\n<\/ul>\n<h2>Dienstleistungen, die w\u00e4hrend des Halb-U-Boot-Picknicks El Gouna pr\u00e4sentiert werden<\/h2>\n<p>Transport: Landious Travel verwendet klimatisierte Limousinen\/Minibusse. Ein professioneller Fahrer begleitet Sie zum Hafen und zu Ihrem Hotel.<\/p>\n<p>F\u00fchrung: Ein professioneller englischer Reiseleiter holt Sie von Ihren Hotels ab und begleitet Sie zum Hafen.<\/p>\n<p>Bootsausstattung: Unsere Boote sind neu und haben drei Etagen. Diese Boote haben viele Einrichtungen: einen Speisesalon, einen Wasserk\u00fchler, eine K\u00fcche, Toiletten und Schwimmwesten. Au\u00dferdem stellen wir im ersten Stock Schnorchelausr\u00fcstung zur Verf\u00fcgung. Auf dem Sonnendeck befinden sich bequeme Sonnenliegen und ein Zelt.<\/p>\n<p>Team und Personal: Sie werden eine freundliche und professionelle Crew auf dem Boot haben. Unsere Instruktoren und Trainer begleiten Sie w\u00e4hrend der Reise.<\/p>\n<p>Schnorchelausr\u00fcstung: Sie k\u00f6nnen Schwimmwesten und Schnorchelausr\u00fcstung ohne Aufpreis verwenden.<\/p>\n","protected":false},"excerpt":{"rendered":"<p>Bei dieser unglaublichen Seereise in einem zweist\u00f6ckigen Halb-U-Boot in El-Gouna\/Hurghada k\u00f6nnen Sie die pr\u00e4chtigen Riffe und farbenfrohen Fische des Roten Meeres an Bord eines Halb-U-Boots sehen. Das Boot schwimmt auf der Wasseroberfl\u00e4che, w\u00e4hrend sein Boden bis zu 4 Meter unter Wasser geht.<\/p>\n<p>Durch die gro\u00dfen Panoramafenster k\u00f6nnen Sie das Rote Meer bewundern \u2013 das Unterdeck ist mit halbmeterhohen Panoramafenstern ausgestattet, um die Unterwasserwelt zu beobachten. Auf dem Programm stehen Schwimmen und Schnorcheln mit Maske und Flossen im offenen Meer.<\/p>\n","protected":false},"featured_media":135115,"comment_status":"open","ping_status":"closed","template":"","meta":{"_coblocks_attr":"","_coblocks_dimensions":"","_coblocks_responsive_height":"","_coblocks_accordion_ie_support":"","_uag_custom_page_level_css":"","jetpack_post_was_ever_published":false,"jetpack_publicize_message":"","jetpack_publicize_feature_enabled":true,"jetpack_social_post_already_shared":true,"jetpack_social_options":{"image_generator_settings":{"template":"highway","default_image_id":0,"font":"","enabled":false},"version":2},"_wpas_customize_per_network":false},"product_brand":[],"product_cat":[20131,20135],"product_tag":[1653,1844,1843,1845,1774,1777,1778],"class_list":{"0":"post-135124","1":"product","2":"type-product","3":"status-publish","4":"has-post-thumbnail","6":"product_cat-gouna-ausfluege","7":"product_cat-gouna-seereisen","8":"product_tag-ausflug","9":"product_tag-bootsausfluge","10":"product_tag-el-gouna-de","11":"product_tag-halb-u-boot","12":"product_tag-hurghada-de","13":"product_tag-meer","14":"product_tag-schnorcheln","15":"pa_age-erwachsene","16":"pa_age-kind-1-4-jahre","17":"pa_age-kind-5-11-jahre","19":"first","20":"instock","21":"sale","22":"taxable","23":"shipping-taxable","24":"purchasable","25":"product-type-variable"},"yoast_head":"<!-- This site is optimized with the Yoast SEO Premium plugin v26.9 (Yoast SEO v27.3) - https:\/\/yoast.com\/product\/yoast-seo-premium-wordpress\/ -->\n<title>Halb U Boot Fahrt El Gouna<\/title>\n<meta name=\"description\" content=\"Halb U Boot Fahrt El Gouna ist eine beliebte Seereise mit einem Halb-U-Boot in El-Gouna\/Hurghada, \u00c4gypten! Wir empfehlen die Reise, weil sie es Touristen\" \/>\n<meta name=\"robots\" content=\"index, follow, max-snippet:-1, max-image-preview:large, max-video-preview:-1\" \/>\n<link rel=\"canonical\" href=\"https:\/\/landioustravel.com\/de\/shop\/halb-u-boot-fahrt-gouna\/\" \/>\n<meta property=\"og:locale\" content=\"de_DE\" \/>\n<meta property=\"og:type\" content=\"article\" \/>\n<meta property=\"og:title\" content=\"Halb U Boot Fahrt El Gouna\" \/>\n<meta property=\"og:description\" content=\"Landious Travel\" \/>\n<meta property=\"og:url\" content=\"https:\/\/landioustravel.com\/de\/shop\/halb-u-boot-fahrt-gouna\/\" \/>\n<meta property=\"og:site_name\" content=\"Landious Travel\" \/>\n<meta property=\"article:publisher\" content=\"https:\/\/web.facebook.com\/landiousEgypt\" \/>\n<meta property=\"article:modified_time\" content=\"2023-06-16T15:45:11+00:00\" \/>\n<meta property=\"og:image\" content=\"https:\/\/i0.wp.com\/landioustravel.com\/wp-content\/uploads\/2023\/01\/Semi-Submarine-Trip-El-Gouna-e1672606817115.jpg?fit=1200%2C676&ssl=1\" \/>\n\t<meta property=\"og:image:width\" content=\"1200\" \/>\n\t<meta property=\"og:image:height\" content=\"676\" \/>\n\t<meta property=\"og:image:type\" content=\"image\/jpeg\" \/>\n<meta name=\"twitter:card\" content=\"summary_large_image\" \/>\n<meta name=\"twitter:site\" content=\"@LandiousTours\" \/>\n<meta name=\"twitter:label1\" content=\"Gesch\u00e4tzte Lesezeit\" \/>\n\t<meta name=\"twitter:data1\" content=\"2\u00a0Minuten\" \/>\n<script type=\"application\/ld+json\" class=\"yoast-schema-graph\">{\"@context\":\"https:\\\/\\\/schema.org\",\"@graph\":[{\"@type\":\"WebPage\",\"@id\":\"https:\\\/\\\/landioustravel.com\\\/de\\\/shop\\\/halb-u-boot-fahrt-gouna\\\/\",\"url\":\"https:\\\/\\\/landioustravel.com\\\/de\\\/shop\\\/halb-u-boot-fahrt-gouna\\\/\",\"name\":\"Halb U Boot Fahrt El Gouna\",\"isPartOf\":{\"@id\":\"https:\\\/\\\/landioustravel.com\\\/de\\\/#website\"},\"primaryImageOfPage\":{\"@id\":\"https:\\\/\\\/landioustravel.com\\\/de\\\/shop\\\/halb-u-boot-fahrt-gouna\\\/#primaryimage\"},\"image\":{\"@id\":\"https:\\\/\\\/landioustravel.com\\\/de\\\/shop\\\/halb-u-boot-fahrt-gouna\\\/#primaryimage\"},\"thumbnailUrl\":\"https:\\\/\\\/i0.wp.com\\\/landioustravel.com\\\/wp-content\\\/uploads\\\/2023\\\/01\\\/Semi-Submarine-Trip-El-Gouna-e1672606817115.jpg?fit=1200%2C676&ssl=1\",\"datePublished\":\"2023-01-28T10:37:07+00:00\",\"dateModified\":\"2023-06-16T15:45:11+00:00\",\"description\":\"Halb U Boot Fahrt El Gouna ist eine beliebte Seereise mit einem Halb-U-Boot in El-Gouna\\\/Hurghada, \u00c4gypten! Wir empfehlen die Reise, weil sie es Touristen\",\"breadcrumb\":{\"@id\":\"https:\\\/\\\/landioustravel.com\\\/de\\\/shop\\\/halb-u-boot-fahrt-gouna\\\/#breadcrumb\"},\"inLanguage\":\"de\",\"potentialAction\":[{\"@type\":\"ReadAction\",\"target\":[\"https:\\\/\\\/landioustravel.com\\\/de\\\/shop\\\/halb-u-boot-fahrt-gouna\\\/\"]}]},{\"@type\":\"ImageObject\",\"inLanguage\":\"de\",\"@id\":\"https:\\\/\\\/landioustravel.com\\\/de\\\/shop\\\/halb-u-boot-fahrt-gouna\\\/#primaryimage\",\"url\":\"https:\\\/\\\/i0.wp.com\\\/landioustravel.com\\\/wp-content\\\/uploads\\\/2023\\\/01\\\/Semi-Submarine-Trip-El-Gouna-e1672606817115.jpg?fit=1200%2C676&ssl=1\",\"contentUrl\":\"https:\\\/\\\/i0.wp.com\\\/landioustravel.com\\\/wp-content\\\/uploads\\\/2023\\\/01\\\/Semi-Submarine-Trip-El-Gouna-e1672606817115.jpg?fit=1200%2C676&ssl=1\",\"width\":1200,\"height\":676,\"caption\":\"Semi Submarine Trip El Gouna\"},{\"@type\":\"BreadcrumbList\",\"@id\":\"https:\\\/\\\/landioustravel.com\\\/de\\\/shop\\\/halb-u-boot-fahrt-gouna\\\/#breadcrumb\",\"itemListElement\":[{\"@type\":\"ListItem\",\"position\":1,\"name\":\"Home\",\"item\":\"https:\\\/\\\/landioustravel.com\\\/de\\\/\"},{\"@type\":\"ListItem\",\"position\":2,\"name\":\"\u00c4gypten Touren\",\"item\":\"https:\\\/\\\/landioustravel.com\\\/de\\\/\"},{\"@type\":\"ListItem\",\"position\":3,\"name\":\"Halb U Boot Fahrt El Gouna\"}]},{\"@type\":\"WebSite\",\"@id\":\"https:\\\/\\\/landioustravel.com\\\/de\\\/#website\",\"url\":\"https:\\\/\\\/landioustravel.com\\\/de\\\/\",\"name\":\"Landious Travel\",\"description\":\"Excursions, trips and cruises in Egypt\",\"publisher\":{\"@id\":\"https:\\\/\\\/landioustravel.com\\\/de\\\/#organization\"},\"potentialAction\":[{\"@type\":\"SearchAction\",\"target\":{\"@type\":\"EntryPoint\",\"urlTemplate\":\"https:\\\/\\\/landioustravel.com\\\/de\\\/?s={search_term_string}\"},\"query-input\":{\"@type\":\"PropertyValueSpecification\",\"valueRequired\":true,\"valueName\":\"search_term_string\"}}],\"inLanguage\":\"de\"},{\"@type\":[\"Organization\",\"Place\"],\"@id\":\"https:\\\/\\\/landioustravel.com\\\/de\\\/#organization\",\"name\":\"Landious Travel\",\"alternateName\":\"Landious Travel\",\"url\":\"https:\\\/\\\/landioustravel.com\\\/de\\\/\",\"logo\":{\"@id\":\"https:\\\/\\\/landioustravel.com\\\/de\\\/shop\\\/halb-u-boot-fahrt-gouna\\\/#local-main-organization-logo\"},\"image\":{\"@id\":\"https:\\\/\\\/landioustravel.com\\\/de\\\/shop\\\/halb-u-boot-fahrt-gouna\\\/#local-main-organization-logo\"},\"sameAs\":[\"https:\\\/\\\/web.facebook.com\\\/landiousEgypt\",\"https:\\\/\\\/x.com\\\/LandiousTours\",\"https:\\\/\\\/mastodon.social\\\/@landious\"],\"legalName\":\"Landious Travel\",\"telephone\":[],\"openingHoursSpecification\":[{\"@type\":\"OpeningHoursSpecification\",\"dayOfWeek\":[\"Monday\",\"Tuesday\",\"Wednesday\",\"Thursday\",\"Friday\",\"Saturday\",\"Sunday\"],\"opens\":\"09:00\",\"closes\":\"17:00\"}]},{\"@type\":\"ImageObject\",\"inLanguage\":\"de\",\"@id\":\"https:\\\/\\\/landioustravel.com\\\/de\\\/shop\\\/halb-u-boot-fahrt-gouna\\\/#local-main-organization-logo\",\"url\":\"https:\\\/\\\/i0.wp.com\\\/landioustravel.com\\\/wp-content\\\/uploads\\\/2021\\\/06\\\/Landious-T.png?fit=500%2C500&ssl=1\",\"contentUrl\":\"https:\\\/\\\/i0.wp.com\\\/landioustravel.com\\\/wp-content\\\/uploads\\\/2021\\\/06\\\/Landious-T.png?fit=500%2C500&ssl=1\",\"width\":500,\"height\":500,\"caption\":\"Landious Travel\"}]}<\/script>\n<!-- \/ Yoast SEO Premium plugin. -->","yoast_head_json":{"title":"Halb U Boot Fahrt El Gouna","description":"Halb U Boot Fahrt El Gouna ist eine beliebte Seereise mit einem Halb-U-Boot in El-Gouna\/Hurghada, \u00c4gypten! Wir empfehlen die Reise, weil sie es Touristen","robots":{"index":"index","follow":"follow","max-snippet":"max-snippet:-1","max-image-preview":"max-image-preview:large","max-video-preview":"max-video-preview:-1"},"canonical":"https:\/\/landioustravel.com\/de\/shop\/halb-u-boot-fahrt-gouna\/","og_locale":"de_DE","og_type":"article","og_title":"Halb U Boot Fahrt El Gouna","og_description":"Landious Travel","og_url":"https:\/\/landioustravel.com\/de\/shop\/halb-u-boot-fahrt-gouna\/","og_site_name":"Landious Travel","article_publisher":"https:\/\/web.facebook.com\/landiousEgypt","article_modified_time":"2023-06-16T15:45:11+00:00","og_image":[{"width":1200,"height":676,"url":"https:\/\/i0.wp.com\/landioustravel.com\/wp-content\/uploads\/2023\/01\/Semi-Submarine-Trip-El-Gouna-e1672606817115.jpg?fit=1200%2C676&ssl=1","type":"image\/jpeg"}],"twitter_card":"summary_large_image","twitter_site":"@LandiousTours","twitter_misc":{"Gesch\u00e4tzte Lesezeit":"2\u00a0Minuten"},"schema":{"@context":"https:\/\/schema.org","@graph":[{"@type":"WebPage","@id":"https:\/\/landioustravel.com\/de\/shop\/halb-u-boot-fahrt-gouna\/","url":"https:\/\/landioustravel.com\/de\/shop\/halb-u-boot-fahrt-gouna\/","name":"Halb U Boot Fahrt El Gouna","isPartOf":{"@id":"https:\/\/landioustravel.com\/de\/#website"},"primaryImageOfPage":{"@id":"https:\/\/landioustravel.com\/de\/shop\/halb-u-boot-fahrt-gouna\/#primaryimage"},"image":{"@id":"https:\/\/landioustravel.com\/de\/shop\/halb-u-boot-fahrt-gouna\/#primaryimage"},"thumbnailUrl":"https:\/\/i0.wp.com\/landioustravel.com\/wp-content\/uploads\/2023\/01\/Semi-Submarine-Trip-El-Gouna-e1672606817115.jpg?fit=1200%2C676&ssl=1","datePublished":"2023-01-28T10:37:07+00:00","dateModified":"2023-06-16T15:45:11+00:00","description":"Halb U Boot Fahrt El Gouna ist eine beliebte Seereise mit einem Halb-U-Boot in El-Gouna\/Hurghada, \u00c4gypten! Wir empfehlen die Reise, weil sie es Touristen","breadcrumb":{"@id":"https:\/\/landioustravel.com\/de\/shop\/halb-u-boot-fahrt-gouna\/#breadcrumb"},"inLanguage":"de","potentialAction":[{"@type":"ReadAction","target":["https:\/\/landioustravel.com\/de\/shop\/halb-u-boot-fahrt-gouna\/"]}]},{"@type":"ImageObject","inLanguage":"de","@id":"https:\/\/landioustravel.com\/de\/shop\/halb-u-boot-fahrt-gouna\/#primaryimage","url":"https:\/\/i0.wp.com\/landioustravel.com\/wp-content\/uploads\/2023\/01\/Semi-Submarine-Trip-El-Gouna-e1672606817115.jpg?fit=1200%2C676&ssl=1","contentUrl":"https:\/\/i0.wp.com\/landioustravel.com\/wp-content\/uploads\/2023\/01\/Semi-Submarine-Trip-El-Gouna-e1672606817115.jpg?fit=1200%2C676&ssl=1","width":1200,"height":676,"caption":"Semi Submarine Trip El Gouna"},{"@type":"BreadcrumbList","@id":"https:\/\/landioustravel.com\/de\/shop\/halb-u-boot-fahrt-gouna\/#breadcrumb","itemListElement":[{"@type":"ListItem","position":1,"name":"Home","item":"https:\/\/landioustravel.com\/de\/"},{"@type":"ListItem","position":2,"name":"\u00c4gypten Touren","item":"https:\/\/landioustravel.com\/de\/"},{"@type":"ListItem","position":3,"name":"Halb U Boot Fahrt El Gouna"}]},{"@type":"WebSite","@id":"https:\/\/landioustravel.com\/de\/#website","url":"https:\/\/landioustravel.com\/de\/","name":"Landious Travel","description":"Excursions, trips and cruises in Egypt","publisher":{"@id":"https:\/\/landioustravel.com\/de\/#organization"},"potentialAction":[{"@type":"SearchAction","target":{"@type":"EntryPoint","urlTemplate":"https:\/\/landioustravel.com\/de\/?s={search_term_string}"},"query-input":{"@type":"PropertyValueSpecification","valueRequired":true,"valueName":"search_term_string"}}],"inLanguage":"de"},{"@type":["Organization","Place"],"@id":"https:\/\/landioustravel.com\/de\/#organization","name":"Landious Travel","alternateName":"Landious Travel","url":"https:\/\/landioustravel.com\/de\/","logo":{"@id":"https:\/\/landioustravel.com\/de\/shop\/halb-u-boot-fahrt-gouna\/#local-main-organization-logo"},"image":{"@id":"https:\/\/landioustravel.com\/de\/shop\/halb-u-boot-fahrt-gouna\/#local-main-organization-logo"},"sameAs":["https:\/\/web.facebook.com\/landiousEgypt","https:\/\/x.com\/LandiousTours","https:\/\/mastodon.social\/@landious"],"legalName":"Landious Travel","telephone":[],"openingHoursSpecification":[{"@type":"OpeningHoursSpecification","dayOfWeek":["Monday","Tuesday","Wednesday","Thursday","Friday","Saturday","Sunday"],"opens":"09:00","closes":"17:00"}]},{"@type":"ImageObject","inLanguage":"de","@id":"https:\/\/landioustravel.com\/de\/shop\/halb-u-boot-fahrt-gouna\/#local-main-organization-logo","url":"https:\/\/i0.wp.com\/landioustravel.com\/wp-content\/uploads\/2021\/06\/Landious-T.png?fit=500%2C500&ssl=1","contentUrl":"https:\/\/i0.wp.com\/landioustravel.com\/wp-content\/uploads\/2021\/06\/Landious-T.png?fit=500%2C500&ssl=1","width":500,"height":500,"caption":"Landious Travel"}]}},"jetpack_publicize_connections":[],"uagb_featured_image_src":{"full":["https:\/\/i0.wp.com\/landioustravel.com\/wp-content\/uploads\/2023\/01\/Semi-Submarine-Trip-El-Gouna-e1672606817115.jpg?fit=1200%2C676&ssl=1",1200,676,false],"thumbnail":["https:\/\/i0.wp.com\/landioustravel.com\/wp-content\/uploads\/2023\/01\/Semi-Submarine-Trip-El-Gouna-e1672606817115.jpg?resize=150%2C150&ssl=1",150,150,true],"medium":["https:\/\/i0.wp.com\/landioustravel.com\/wp-content\/uploads\/2023\/01\/Semi-Submarine-Trip-El-Gouna-e1672606817115.jpg?fit=300%2C169&ssl=1",300,169,true],"medium_large":["https:\/\/i0.wp.com\/landioustravel.com\/wp-content\/uploads\/2023\/01\/Semi-Submarine-Trip-El-Gouna-e1672606817115.jpg?fit=768%2C433&ssl=1",768,433,true],"large":["https:\/\/i0.wp.com\/landioustravel.com\/wp-content\/uploads\/2023\/01\/Semi-Submarine-Trip-El-Gouna-e1672606817115.jpg?fit=980%2C552&ssl=1",980,552,true],"1536x1536":["https:\/\/i0.wp.com\/landioustravel.com\/wp-content\/uploads\/2023\/01\/Semi-Submarine-Trip-El-Gouna-e1672606817115.jpg?fit=1536%2C866&ssl=1",1536,866,true],"2048x2048":["https:\/\/i0.wp.com\/landioustravel.com\/wp-content\/uploads\/2023\/01\/Semi-Submarine-Trip-El-Gouna-e1672606817115.jpg?fit=2048%2C1259&ssl=1",2048,1259,true],"newspack-article-block-landscape-large":["https:\/\/i0.wp.com\/landioustravel.com\/wp-content\/uploads\/2023\/01\/Semi-Submarine-Trip-El-Gouna-e1672606817115.jpg?resize=1200%2C676&ssl=1",1200,676,true],"newspack-article-block-portrait-large":["https:\/\/i0.wp.com\/landioustravel.com\/wp-content\/uploads\/2023\/01\/Semi-Submarine-Trip-El-Gouna-e1672606817115.jpg?resize=900%2C676&ssl=1",900,676,true],"newspack-article-block-square-large":["https:\/\/i0.wp.com\/landioustravel.com\/wp-content\/uploads\/2023\/01\/Semi-Submarine-Trip-El-Gouna-e1672606817115.jpg?resize=1200%2C676&ssl=1",1200,676,true],"newspack-article-block-landscape-medium":["https:\/\/i0.wp.com\/landioustravel.com\/wp-content\/uploads\/2023\/01\/Semi-Submarine-Trip-El-Gouna-e1672606817115.jpg?resize=800%2C600&ssl=1",800,600,true],"newspack-article-block-portrait-medium":["https:\/\/i0.wp.com\/landioustravel.com\/wp-content\/uploads\/2023\/01\/Semi-Submarine-Trip-El-Gouna-e1672606817115.jpg?resize=600%2C676&ssl=1",600,676,true],"newspack-article-block-square-medium":["https:\/\/i0.wp.com\/landioustravel.com\/wp-content\/uploads\/2023\/01\/Semi-Submarine-Trip-El-Gouna-e1672606817115.jpg?resize=800%2C676&ssl=1",800,676,true],"newspack-article-block-landscape-intermediate":["https:\/\/i0.wp.com\/landioustravel.com\/wp-content\/uploads\/2023\/01\/Semi-Submarine-Trip-El-Gouna-e1672606817115.jpg?resize=600%2C450&ssl=1",600,450,true],"newspack-article-block-portrait-intermediate":["https:\/\/i0.wp.com\/landioustravel.com\/wp-content\/uploads\/2023\/01\/Semi-Submarine-Trip-El-Gouna-e1672606817115.jpg?resize=450%2C600&ssl=1",450,600,true],"newspack-article-block-square-intermediate":["https:\/\/i0.wp.com\/landioustravel.com\/wp-content\/uploads\/2023\/01\/Semi-Submarine-Trip-El-Gouna-e1672606817115.jpg?resize=600%2C600&ssl=1",600,600,true],"newspack-article-block-landscape-small":["https:\/\/i0.wp.com\/landioustravel.com\/wp-content\/uploads\/2023\/01\/Semi-Submarine-Trip-El-Gouna-e1672606817115.jpg?resize=400%2C300&ssl=1",400,300,true],"newspack-article-block-portrait-small":["https:\/\/i0.wp.com\/landioustravel.com\/wp-content\/uploads\/2023\/01\/Semi-Submarine-Trip-El-Gouna-e1672606817115.jpg?resize=300%2C400&ssl=1",300,400,true],"newspack-article-block-square-small":["https:\/\/i0.wp.com\/landioustravel.com\/wp-content\/uploads\/2023\/01\/Semi-Submarine-Trip-El-Gouna-e1672606817115.jpg?resize=400%2C400&ssl=1",400,400,true],"newspack-article-block-landscape-tiny":["https:\/\/i0.wp.com\/landioustravel.com\/wp-content\/uploads\/2023\/01\/Semi-Submarine-Trip-El-Gouna-e1672606817115.jpg?resize=200%2C150&ssl=1",200,150,true],"newspack-article-block-portrait-tiny":["https:\/\/i0.wp.com\/landioustravel.com\/wp-content\/uploads\/2023\/01\/Semi-Submarine-Trip-El-Gouna-e1672606817115.jpg?resize=150%2C200&ssl=1",150,200,true],"newspack-article-block-square-tiny":["https:\/\/i0.wp.com\/landioustravel.com\/wp-content\/uploads\/2023\/01\/Semi-Submarine-Trip-El-Gouna-e1672606817115.jpg?resize=200%2C200&ssl=1",200,200,true],"newspack-article-block-uncropped":["https:\/\/i0.wp.com\/landioustravel.com\/wp-content\/uploads\/2023\/01\/Semi-Submarine-Trip-El-Gouna-e1672606817115.jpg?fit=1200%2C676&ssl=1",1200,676,true],"woocommerce_thumbnail":["https:\/\/i0.wp.com\/landioustravel.com\/wp-content\/uploads\/2023\/01\/Semi-Submarine-Trip-El-Gouna-e1672606817115.jpg?resize=324%2C324&ssl=1",324,324,true],"woocommerce_single":["https:\/\/i0.wp.com\/landioustravel.com\/wp-content\/uploads\/2023\/01\/Semi-Submarine-Trip-El-Gouna-e1672606817115.jpg?fit=416%2C234&ssl=1",416,234,true],"woocommerce_gallery_thumbnail":["https:\/\/i0.wp.com\/landioustravel.com\/wp-content\/uploads\/2023\/01\/Semi-Submarine-Trip-El-Gouna-e1672606817115.jpg?resize=100%2C100&ssl=1",100,100,true]},"uagb_author_info":{"display_name":"Mofreh Landious","author_link":"https:\/\/landioustravel.com\/de\/author\/"},"uagb_comment_info":0,"uagb_excerpt":"Bei dieser unglaublichen Seereise in einem zweist\u00f6ckigen Halb-U-Boot in El-Gouna\/Hurghada k\u00f6nnen Sie die pr\u00e4chtigen Riffe und farbenfrohen Fische des Roten Meeres an Bord eines Halb-U-Boots sehen. Das Boot schwimmt auf der Wasseroberfl\u00e4che, w\u00e4hrend sein Boden bis zu 4 Meter unter Wasser geht. Durch die gro\u00dfen Panoramafenster k\u00f6nnen Sie das Rote Meer bewundern \u2013 das Unterdeck&hellip;","jetpack_sharing_enabled":true,"jetpack_likes_enabled":true,"amp_enabled":true,"_links":{"self":[{"href":"https:\/\/landioustravel.com\/de\/wp-json\/wp\/v2\/product\/135124","targetHints":{"allow":["GET"]}}],"collection":[{"href":"https:\/\/landioustravel.com\/de\/wp-json\/wp\/v2\/product"}],"about":[{"href":"https:\/\/landioustravel.com\/de\/wp-json\/wp\/v2\/types\/product"}],"replies":[{"embeddable":true,"href":"https:\/\/landioustravel.com\/de\/wp-json\/wp\/v2\/comments?post=135124"}],"wp:featuredmedia":[{"embeddable":true,"href":"https:\/\/landioustravel.com\/de\/wp-json\/wp\/v2\/media\/135115"}],"wp:attachment":[{"href":"https:\/\/landioustravel.com\/de\/wp-json\/wp\/v2\/media?parent=135124"}],"wp:term":[{"taxonomy":"product_brand","embeddable":true,"href":"https:\/\/landioustravel.com\/de\/wp-json\/wp\/v2\/product_brand?post=135124"},{"taxonomy":"product_cat","embeddable":true,"href":"https:\/\/landioustravel.com\/de\/wp-json\/wp\/v2\/product_cat?post=135124"},{"taxonomy":"product_tag","embeddable":true,"href":"https:\/\/landioustravel.com\/de\/wp-json\/wp\/v2\/product_tag?post=135124"}],"curies":[{"name":"wp","href":"https:\/\/api.w.org\/{rel}","templated":true}]}}