{"id":135140,"date":"2023-01-01T21:14:04","date_gmt":"2023-01-28T11:43:24","guid":{"rendered":"https:\/\/landioustravel.com\/?post_type=product&#038;p=135140"},"modified":"2023-06-16T19:07:00","modified_gmt":"2023-06-16T17:07:00","slug":"mahmya-insel-ausflug-gouna","status":"publish","type":"product","link":"https:\/\/landioustravel.com\/de\/shop\/mahmya-insel-ausflug-gouna\/","title":{"rendered":"Mahmya Insel ausflug El Gouna"},"content":{"rendered":"<p><strong>Mahmya Insel ausflug El Gouna<\/strong> ist eine wundersch\u00f6ne Bootsfahrt zum Strand der Insel Mahmya auf der Insel Grand Giftun in Hurghada \u2013 \u00c4gypten! Wir empfehlen diesen Ausflug, weil er Touristen einen perfekten Tag am Meer erm\u00f6glicht! Nat\u00fcrlich k\u00f6nnen Sie wundersch\u00f6ne Korallenriffe und eine Vielzahl von Fischen im t\u00fcrkisfarbenen Wasser des Meeres sehen. Zweifellos werden Sie bei dieser Reise einen ganzen Tag am wei\u00dfen Sandstrand von Mahmya verbringen.<\/p>\n<p>Sie genie\u00dfen ein Bootspicknick \u00fcber dem Roten Meer und finden sich am traumhaften Strand von Mahmya wieder! Dar\u00fcber hinaus bietet dieser Strand hervorragende Dienstleistungen und ein Open-Air-Restaurant.<\/p>\n<h2>Highlights auf der Insel Mahmya El Gouna<\/h2>\n<ul>\n<li>Schwimmen Sie vom Boot aus im offenen Meer.<\/li>\n<li>Schnorcheln Sie mit Maske und Flossen im offenen Meer.<\/li>\n<li>Genie\u00dfen Sie Speisen und Getr\u00e4nke (Wasser und alkoholfreie Getr\u00e4nke).<\/li>\n<li>Landen Sie auch am Mahmya Beach auf den Giftun-Inseln.<\/li>\n<\/ul>\n<h2>Programm der Bootsfahrt nach Mahmya<\/h2>\n<ul>\n<li>Der Vertreter von Landious Travel holt Sie gegen 08:00 Uhr vom Hotel in El Gouna ab.<\/li>\n<li>Nachdem Sie alle Ank\u00f6mmlinge abgeholt haben, f\u00e4hrt der Bus direkt zum Hafen. Der Weg zu diesem Hafen dauert ungef\u00e4hr 20 Minuten.<\/li>\n<li>Sobald Sie in diesem Hafen ankommen, finden Sie Ihr Boot. Es ist gro\u00df und schick! Dieses Boot besteht aus zwei Etagen. Ziehen Sie Ihre Schuhe am besten gleich nach dem Einsteigen aus. Danach k\u00f6nnen Sie in der zweiten Etage auf dem oberen Sonnendeck br\u00e4unen.<\/li>\n<li>Dieses Boot wird durch das Rote Meer segeln, sobald sich die Gruppe versammelt hat.<\/li>\n<li>Au\u00dferdem machen Sie Ihren ersten Halt an den wundersch\u00f6nen Korallenriffen. Dort k\u00f6nnen Sie mit Masken und Flossen schwimmen und schnorcheln.<\/li>\n<li>Ihr n\u00e4chster Halt wird genau auf Giftun Island sein; Mahmya-Strand. Aus diesem Grund bringen wir Sie mit einem Motorboot zum Strand von Mahmya auf dieser Insel. Bis dahin gibt Ihnen Ihr Guide einen Einblick in die M\u00f6glichkeiten am Strand. Unsere Guides geben Auskunft dar\u00fcber, wo Zelte, Sonnenliegen, Toiletten und das Restaurant zu finden sind.<\/li>\n<li>Auf der Insel verbringen Sie drei Stunden. Sie haben gen\u00fcgend Zeit zum Schwimmen, Schnorcheln und Sonnenbaden.<\/li>\n<li>Das Restaurant existiert auf der Insel selbst. Mittags steht Ihnen ein reichhaltiges Buffet zur Auswahl.<\/li>\n<li>Diese Bootsfahrt von El Gouna zur Insel Mahmya endet gegen 17:30 Uhr.<\/li>\n<\/ul>\n<h2>Was beinhaltet der Mahmya Insel ausflug nach Hurghada im Preis?<\/h2>\n<ul>\n<li>Schnorchelausr\u00fcstung (Masken und Flossen).<\/li>\n<li>Speisen &amp; Getr\u00e4nke.<\/li>\n<li>Eintrittsgeb\u00fchren f\u00fcr die Insel Mahmya.<\/li>\n<li>Sonnenliegen am Strand.<\/li>\n<li>Au\u00dferdem Transfer zum Hafen und zur\u00fcck zum Hotel.<\/li>\n<\/ul>\n<h2>Was beinhaltet das Mahmya Insel El Gouna Programm nicht?<\/h2>\n<ul>\n<li>Eintrittsgeb\u00fchr (5 USD pro Person)<\/li>\n<li>Video-DVD.<\/li>\n<li>Auch die Foto-CD.<\/li>\n<\/ul>\n<h2>Was nehmen Sie f\u00fcr die Reise mit?<\/h2>\n<ul>\n<li>Handtuch.<\/li>\n<li>Au\u00dferdem Sonnencreme.<\/li>\n<\/ul>\n<h2>Mahmya Insel Ausflug El Gouna Buchungstage<\/h2>\n<ul>\n<li>T\u00e4glich von 08:00 \u2013 17:00 Uhr.<\/li>\n<\/ul>\n<h2>Insel Mahmya<\/h2>\n<p>Inspiriert von seiner nat\u00fcrlichen Umgebung ist Mahmya ein Paradies f\u00fcr \u00d6kotourismus, das von unber\u00fchrten blauen Gew\u00e4ssern umgeben ist, die darauf warten, erkundet zu werden, und einem wei\u00dfen Sandstrand, der zum Entspannen einl\u00e4dt.<\/p>\n<p>Begleitet von gutem Essen, gro\u00dfartiger Musik und einem lustigen Publikum ist Mahmya ein exotischer Zufluchtsort, der Ihre Vorstellung von einem perfekten Tag im Roten Meer ver\u00e4ndern und Ihnen unvergessliche Erinnerungen bescheren wird!<\/p>\n<h2>Giftun-Inseln<\/h2>\n<p>Giftun Island liegt innerhalb des N\u00f6rdlichen Inselreservats in den Red Sea Reserves. Dieser Nationalpark ist ber\u00fchmt f\u00fcr seine unverwechselbaren Korallenriffe, die in der Vergangenheit lange gealtert sind. Au\u00dferdem beherbergen diese Inseln seltene Fischriffe, die Touristen gerne sehen, wenn sie in das Meer um sie herum eintauchen. Dar\u00fcber hinaus ist der Ort reich an Delfinschw\u00e4rmen, die vor allem Touristen weltweit besuchen.<\/p>\n<h2>Dienstleistungen, die w\u00e4hrend des Ausflugs zur Insel Mahmya von El Gouna angeboten werden<\/h2>\n<p>Transport: Landious Travel nutzt eine klimatisierte Limousine\/einen Minibus, um Sie zu bedienen. Ein professioneller Fahrer begleitet Sie zum Hafen und zu Ihrem Hotel.<\/p>\n<p>F\u00fchrung: Ein professioneller englischer Reiseleiter holt Sie von Ihren Hotels ab. Anschlie\u00dfend begleiten Sie unsere Guides zum Hafen.<\/p>\n<p>Bootsausstattung: Unsere Boote sind neu und haben drei Etagen. Wir statten diese Boote mit Speisesaal, Wasserk\u00fchler, K\u00fcche und Toiletten aus. Au\u00dferdem stellen wir ihnen im ersten Stock Schwimmwesten und Schnorchelausr\u00fcstung zur Verf\u00fcgung. Gleichzeitig verf\u00fcgt ihr Sonnendeckboden \u00fcber bequeme Sonnenliegen und ein Zelt.<\/p>\n<p>Team und Personal: Sie werden eine freundliche und professionelle Crew auf dem Boot haben. Unsere Instruktoren und Trainer begleiten Sie w\u00e4hrend der Reise.<\/p>\n<p>Essen: Wir bieten ein hochwertiges Mittagessen auf dem Boot mit verschiedenen Gerichten.<\/p>\n","protected":false},"excerpt":{"rendered":"<p>Erleben Sie die atemberaubende Sch\u00f6nheit der Insel Mahmya im Roten Meer und ihrer gesch\u00fctzten Gew\u00e4sser im Giftun Island National Park. Schnorcheln Sie zwischen atemberaubenden Korallenriffen und G\u00e4rten und erleben Sie das Wunder der Delfine und lebhaften Fischschw\u00e4rme. Entspannen Sie sich an den unber\u00fchrten wei\u00dfen Sandstr\u00e4nden und schwimmen Sie im kristallklaren Wasser. Machen Sie w\u00e4hrend Ihrer Reise von El Gouna aus ein unvergessliches Meerespicknick durch das Rote Meer und machen Sie einen Halt an den Sapina-Korallenriffen zum Schwimmen und Schnorcheln. Bei Ihrer Ankunft auf der Insel Giftun haben Sie die M\u00f6glichkeit, den goldenen Sand zu genie\u00dfen, zu schwimmen oder wundersch\u00f6ne Fotos zu machen. Sie werden au\u00dferdem mit einem dekadenten Mittagessen im Open-Air-Restaurant der Insel verw\u00f6hnt, was allen unseren gesch\u00e4tzten Besuchern ein unvergessliches Erlebnis garantiert.<\/p>\n","protected":false},"featured_media":135141,"comment_status":"open","ping_status":"closed","template":"","meta":{"_coblocks_attr":"","_coblocks_dimensions":"","_coblocks_responsive_height":"","_coblocks_accordion_ie_support":"","_uag_custom_page_level_css":"","jetpack_post_was_ever_published":false,"jetpack_publicize_message":"","jetpack_publicize_feature_enabled":true,"jetpack_social_post_already_shared":true,"jetpack_social_options":{"image_generator_settings":{"template":"highway","default_image_id":0,"font":"","enabled":false},"version":2},"_wpas_customize_per_network":false},"product_brand":[],"product_cat":[20131,20135],"product_tag":[1653,1844,2172,1843,1774,1777,1778],"class_list":{"0":"post-135140","1":"product","2":"type-product","3":"status-publish","4":"has-post-thumbnail","6":"product_cat-gouna-ausfluege","7":"product_cat-gouna-seereisen","8":"product_tag-ausflug","9":"product_tag-bootsausfluge","10":"product_tag-die-insel","11":"product_tag-el-gouna-de","12":"product_tag-hurghada-de","13":"product_tag-meer","14":"product_tag-schnorcheln","15":"pa_age-erwachsene","16":"pa_age-kind-1-4-jahre","17":"pa_age-kind-5-11-jahre","19":"first","20":"instock","21":"sale","22":"taxable","23":"shipping-taxable","24":"purchasable","25":"product-type-variable"},"yoast_head":"<!-- This site is optimized with the Yoast SEO Premium plugin v26.9 (Yoast SEO v27.3) - https:\/\/yoast.com\/product\/yoast-seo-premium-wordpress\/ -->\n<title>Mahmya Insel ausflug El Gouna<\/title>\n<meta name=\"description\" content=\"Mahmya Insel ausflug El Gouna ist eine wundersch\u00f6ne Bootsfahrt zum Strand der Insel Mahmya auf der Insel Grand Giftun in Hurghada \u2013 \u00c4gypten! Wir empfehlen\" \/>\n<meta name=\"robots\" content=\"index, follow, max-snippet:-1, max-image-preview:large, max-video-preview:-1\" \/>\n<link rel=\"canonical\" href=\"https:\/\/landioustravel.com\/de\/shop\/mahmya-insel-ausflug-gouna\/\" \/>\n<meta property=\"og:locale\" content=\"de_DE\" \/>\n<meta property=\"og:type\" content=\"article\" \/>\n<meta property=\"og:title\" content=\"Mahmya Insel ausflug El Gouna\" \/>\n<meta property=\"og:description\" content=\"Landious Travel\" \/>\n<meta property=\"og:url\" content=\"https:\/\/landioustravel.com\/de\/shop\/mahmya-insel-ausflug-gouna\/\" \/>\n<meta property=\"og:site_name\" content=\"Landious Travel\" \/>\n<meta property=\"article:publisher\" content=\"https:\/\/web.facebook.com\/landiousEgypt\" \/>\n<meta property=\"article:modified_time\" content=\"2023-06-16T17:07:00+00:00\" \/>\n<meta property=\"og:image\" content=\"https:\/\/i0.wp.com\/landioustravel.com\/wp-content\/uploads\/2023\/01\/Mahmya-Island-Trip-El-Gouna-e1672600345452.jpg?fit=2000%2C1125&ssl=1\" \/>\n\t<meta property=\"og:image:width\" content=\"2000\" \/>\n\t<meta property=\"og:image:height\" content=\"1125\" \/>\n\t<meta property=\"og:image:type\" content=\"image\/jpeg\" \/>\n<meta name=\"twitter:card\" content=\"summary_large_image\" \/>\n<meta name=\"twitter:site\" content=\"@LandiousTours\" \/>\n<meta name=\"twitter:label1\" content=\"Gesch\u00e4tzte Lesezeit\" \/>\n\t<meta name=\"twitter:data1\" content=\"3\u00a0Minuten\" \/>\n<script type=\"application\/ld+json\" class=\"yoast-schema-graph\">{\"@context\":\"https:\\\/\\\/schema.org\",\"@graph\":[{\"@type\":\"WebPage\",\"@id\":\"https:\\\/\\\/landioustravel.com\\\/de\\\/shop\\\/mahmya-insel-ausflug-gouna\\\/\",\"url\":\"https:\\\/\\\/landioustravel.com\\\/de\\\/shop\\\/mahmya-insel-ausflug-gouna\\\/\",\"name\":\"Mahmya Insel ausflug El Gouna\",\"isPartOf\":{\"@id\":\"https:\\\/\\\/landioustravel.com\\\/de\\\/#website\"},\"primaryImageOfPage\":{\"@id\":\"https:\\\/\\\/landioustravel.com\\\/de\\\/shop\\\/mahmya-insel-ausflug-gouna\\\/#primaryimage\"},\"image\":{\"@id\":\"https:\\\/\\\/landioustravel.com\\\/de\\\/shop\\\/mahmya-insel-ausflug-gouna\\\/#primaryimage\"},\"thumbnailUrl\":\"https:\\\/\\\/i0.wp.com\\\/landioustravel.com\\\/wp-content\\\/uploads\\\/2023\\\/01\\\/Mahmya-Island-Trip-El-Gouna-e1672600345452.jpg?fit=2000%2C1125&ssl=1\",\"datePublished\":\"2023-01-28T11:43:24+00:00\",\"dateModified\":\"2023-06-16T17:07:00+00:00\",\"description\":\"Mahmya Insel ausflug El Gouna ist eine wundersch\u00f6ne Bootsfahrt zum Strand der Insel Mahmya auf der Insel Grand Giftun in Hurghada \u2013 \u00c4gypten! Wir empfehlen\",\"breadcrumb\":{\"@id\":\"https:\\\/\\\/landioustravel.com\\\/de\\\/shop\\\/mahmya-insel-ausflug-gouna\\\/#breadcrumb\"},\"inLanguage\":\"de\",\"potentialAction\":[{\"@type\":\"ReadAction\",\"target\":[\"https:\\\/\\\/landioustravel.com\\\/de\\\/shop\\\/mahmya-insel-ausflug-gouna\\\/\"]}]},{\"@type\":\"ImageObject\",\"inLanguage\":\"de\",\"@id\":\"https:\\\/\\\/landioustravel.com\\\/de\\\/shop\\\/mahmya-insel-ausflug-gouna\\\/#primaryimage\",\"url\":\"https:\\\/\\\/i0.wp.com\\\/landioustravel.com\\\/wp-content\\\/uploads\\\/2023\\\/01\\\/Mahmya-Island-Trip-El-Gouna-e1672600345452.jpg?fit=2000%2C1125&ssl=1\",\"contentUrl\":\"https:\\\/\\\/i0.wp.com\\\/landioustravel.com\\\/wp-content\\\/uploads\\\/2023\\\/01\\\/Mahmya-Island-Trip-El-Gouna-e1672600345452.jpg?fit=2000%2C1125&ssl=1\",\"width\":2000,\"height\":1125,\"caption\":\"Mahmya Island Trip El Gouna\"},{\"@type\":\"BreadcrumbList\",\"@id\":\"https:\\\/\\\/landioustravel.com\\\/de\\\/shop\\\/mahmya-insel-ausflug-gouna\\\/#breadcrumb\",\"itemListElement\":[{\"@type\":\"ListItem\",\"position\":1,\"name\":\"Home\",\"item\":\"https:\\\/\\\/landioustravel.com\\\/de\\\/\"},{\"@type\":\"ListItem\",\"position\":2,\"name\":\"\u00c4gypten Touren\",\"item\":\"https:\\\/\\\/landioustravel.com\\\/de\\\/\"},{\"@type\":\"ListItem\",\"position\":3,\"name\":\"Mahmya Insel ausflug El Gouna\"}]},{\"@type\":\"WebSite\",\"@id\":\"https:\\\/\\\/landioustravel.com\\\/de\\\/#website\",\"url\":\"https:\\\/\\\/landioustravel.com\\\/de\\\/\",\"name\":\"Landious Travel\",\"description\":\"Excursions, trips and cruises in Egypt\",\"publisher\":{\"@id\":\"https:\\\/\\\/landioustravel.com\\\/de\\\/#organization\"},\"potentialAction\":[{\"@type\":\"SearchAction\",\"target\":{\"@type\":\"EntryPoint\",\"urlTemplate\":\"https:\\\/\\\/landioustravel.com\\\/de\\\/?s={search_term_string}\"},\"query-input\":{\"@type\":\"PropertyValueSpecification\",\"valueRequired\":true,\"valueName\":\"search_term_string\"}}],\"inLanguage\":\"de\"},{\"@type\":[\"Organization\",\"Place\"],\"@id\":\"https:\\\/\\\/landioustravel.com\\\/de\\\/#organization\",\"name\":\"Landious Travel\",\"alternateName\":\"Landious Travel\",\"url\":\"https:\\\/\\\/landioustravel.com\\\/de\\\/\",\"logo\":{\"@id\":\"https:\\\/\\\/landioustravel.com\\\/de\\\/shop\\\/mahmya-insel-ausflug-gouna\\\/#local-main-organization-logo\"},\"image\":{\"@id\":\"https:\\\/\\\/landioustravel.com\\\/de\\\/shop\\\/mahmya-insel-ausflug-gouna\\\/#local-main-organization-logo\"},\"sameAs\":[\"https:\\\/\\\/web.facebook.com\\\/landiousEgypt\",\"https:\\\/\\\/x.com\\\/LandiousTours\",\"https:\\\/\\\/mastodon.social\\\/@landious\"],\"legalName\":\"Landious Travel\",\"telephone\":[],\"openingHoursSpecification\":[{\"@type\":\"OpeningHoursSpecification\",\"dayOfWeek\":[\"Monday\",\"Tuesday\",\"Wednesday\",\"Thursday\",\"Friday\",\"Saturday\",\"Sunday\"],\"opens\":\"09:00\",\"closes\":\"17:00\"}]},{\"@type\":\"ImageObject\",\"inLanguage\":\"de\",\"@id\":\"https:\\\/\\\/landioustravel.com\\\/de\\\/shop\\\/mahmya-insel-ausflug-gouna\\\/#local-main-organization-logo\",\"url\":\"https:\\\/\\\/i0.wp.com\\\/landioustravel.com\\\/wp-content\\\/uploads\\\/2021\\\/06\\\/Landious-T.png?fit=500%2C500&ssl=1\",\"contentUrl\":\"https:\\\/\\\/i0.wp.com\\\/landioustravel.com\\\/wp-content\\\/uploads\\\/2021\\\/06\\\/Landious-T.png?fit=500%2C500&ssl=1\",\"width\":500,\"height\":500,\"caption\":\"Landious Travel\"}]}<\/script>\n<!-- \/ Yoast SEO Premium plugin. -->","yoast_head_json":{"title":"Mahmya Insel ausflug El Gouna","description":"Mahmya Insel ausflug El Gouna ist eine wundersch\u00f6ne Bootsfahrt zum Strand der Insel Mahmya auf der Insel Grand Giftun in Hurghada \u2013 \u00c4gypten! Wir empfehlen","robots":{"index":"index","follow":"follow","max-snippet":"max-snippet:-1","max-image-preview":"max-image-preview:large","max-video-preview":"max-video-preview:-1"},"canonical":"https:\/\/landioustravel.com\/de\/shop\/mahmya-insel-ausflug-gouna\/","og_locale":"de_DE","og_type":"article","og_title":"Mahmya Insel ausflug El Gouna","og_description":"Landious Travel","og_url":"https:\/\/landioustravel.com\/de\/shop\/mahmya-insel-ausflug-gouna\/","og_site_name":"Landious Travel","article_publisher":"https:\/\/web.facebook.com\/landiousEgypt","article_modified_time":"2023-06-16T17:07:00+00:00","og_image":[{"width":2000,"height":1125,"url":"https:\/\/i0.wp.com\/landioustravel.com\/wp-content\/uploads\/2023\/01\/Mahmya-Island-Trip-El-Gouna-e1672600345452.jpg?fit=2000%2C1125&ssl=1","type":"image\/jpeg"}],"twitter_card":"summary_large_image","twitter_site":"@LandiousTours","twitter_misc":{"Gesch\u00e4tzte Lesezeit":"3\u00a0Minuten"},"schema":{"@context":"https:\/\/schema.org","@graph":[{"@type":"WebPage","@id":"https:\/\/landioustravel.com\/de\/shop\/mahmya-insel-ausflug-gouna\/","url":"https:\/\/landioustravel.com\/de\/shop\/mahmya-insel-ausflug-gouna\/","name":"Mahmya Insel ausflug El Gouna","isPartOf":{"@id":"https:\/\/landioustravel.com\/de\/#website"},"primaryImageOfPage":{"@id":"https:\/\/landioustravel.com\/de\/shop\/mahmya-insel-ausflug-gouna\/#primaryimage"},"image":{"@id":"https:\/\/landioustravel.com\/de\/shop\/mahmya-insel-ausflug-gouna\/#primaryimage"},"thumbnailUrl":"https:\/\/i0.wp.com\/landioustravel.com\/wp-content\/uploads\/2023\/01\/Mahmya-Island-Trip-El-Gouna-e1672600345452.jpg?fit=2000%2C1125&ssl=1","datePublished":"2023-01-28T11:43:24+00:00","dateModified":"2023-06-16T17:07:00+00:00","description":"Mahmya Insel ausflug El Gouna ist eine wundersch\u00f6ne Bootsfahrt zum Strand der Insel Mahmya auf der Insel Grand Giftun in Hurghada \u2013 \u00c4gypten! Wir empfehlen","breadcrumb":{"@id":"https:\/\/landioustravel.com\/de\/shop\/mahmya-insel-ausflug-gouna\/#breadcrumb"},"inLanguage":"de","potentialAction":[{"@type":"ReadAction","target":["https:\/\/landioustravel.com\/de\/shop\/mahmya-insel-ausflug-gouna\/"]}]},{"@type":"ImageObject","inLanguage":"de","@id":"https:\/\/landioustravel.com\/de\/shop\/mahmya-insel-ausflug-gouna\/#primaryimage","url":"https:\/\/i0.wp.com\/landioustravel.com\/wp-content\/uploads\/2023\/01\/Mahmya-Island-Trip-El-Gouna-e1672600345452.jpg?fit=2000%2C1125&ssl=1","contentUrl":"https:\/\/i0.wp.com\/landioustravel.com\/wp-content\/uploads\/2023\/01\/Mahmya-Island-Trip-El-Gouna-e1672600345452.jpg?fit=2000%2C1125&ssl=1","width":2000,"height":1125,"caption":"Mahmya Island Trip El Gouna"},{"@type":"BreadcrumbList","@id":"https:\/\/landioustravel.com\/de\/shop\/mahmya-insel-ausflug-gouna\/#breadcrumb","itemListElement":[{"@type":"ListItem","position":1,"name":"Home","item":"https:\/\/landioustravel.com\/de\/"},{"@type":"ListItem","position":2,"name":"\u00c4gypten Touren","item":"https:\/\/landioustravel.com\/de\/"},{"@type":"ListItem","position":3,"name":"Mahmya Insel ausflug El Gouna"}]},{"@type":"WebSite","@id":"https:\/\/landioustravel.com\/de\/#website","url":"https:\/\/landioustravel.com\/de\/","name":"Landious Travel","description":"Excursions, trips and cruises in Egypt","publisher":{"@id":"https:\/\/landioustravel.com\/de\/#organization"},"potentialAction":[{"@type":"SearchAction","target":{"@type":"EntryPoint","urlTemplate":"https:\/\/landioustravel.com\/de\/?s={search_term_string}"},"query-input":{"@type":"PropertyValueSpecification","valueRequired":true,"valueName":"search_term_string"}}],"inLanguage":"de"},{"@type":["Organization","Place"],"@id":"https:\/\/landioustravel.com\/de\/#organization","name":"Landious Travel","alternateName":"Landious Travel","url":"https:\/\/landioustravel.com\/de\/","logo":{"@id":"https:\/\/landioustravel.com\/de\/shop\/mahmya-insel-ausflug-gouna\/#local-main-organization-logo"},"image":{"@id":"https:\/\/landioustravel.com\/de\/shop\/mahmya-insel-ausflug-gouna\/#local-main-organization-logo"},"sameAs":["https:\/\/web.facebook.com\/landiousEgypt","https:\/\/x.com\/LandiousTours","https:\/\/mastodon.social\/@landious"],"legalName":"Landious Travel","telephone":[],"openingHoursSpecification":[{"@type":"OpeningHoursSpecification","dayOfWeek":["Monday","Tuesday","Wednesday","Thursday","Friday","Saturday","Sunday"],"opens":"09:00","closes":"17:00"}]},{"@type":"ImageObject","inLanguage":"de","@id":"https:\/\/landioustravel.com\/de\/shop\/mahmya-insel-ausflug-gouna\/#local-main-organization-logo","url":"https:\/\/i0.wp.com\/landioustravel.com\/wp-content\/uploads\/2021\/06\/Landious-T.png?fit=500%2C500&ssl=1","contentUrl":"https:\/\/i0.wp.com\/landioustravel.com\/wp-content\/uploads\/2021\/06\/Landious-T.png?fit=500%2C500&ssl=1","width":500,"height":500,"caption":"Landious Travel"}]}},"jetpack_publicize_connections":[],"uagb_featured_image_src":{"full":["https:\/\/i0.wp.com\/landioustravel.com\/wp-content\/uploads\/2023\/01\/Mahmya-Island-Trip-El-Gouna-e1672600345452.jpg?fit=2000%2C1125&ssl=1",2000,1125,false],"thumbnail":["https:\/\/i0.wp.com\/landioustravel.com\/wp-content\/uploads\/2023\/01\/Mahmya-Island-Trip-El-Gouna-e1672600345452.jpg?resize=150%2C150&ssl=1",150,150,true],"medium":["https:\/\/i0.wp.com\/landioustravel.com\/wp-content\/uploads\/2023\/01\/Mahmya-Island-Trip-El-Gouna-e1672600345452.jpg?fit=300%2C169&ssl=1",300,169,true],"medium_large":["https:\/\/i0.wp.com\/landioustravel.com\/wp-content\/uploads\/2023\/01\/Mahmya-Island-Trip-El-Gouna-e1672600345452.jpg?fit=768%2C432&ssl=1",768,432,true],"large":["https:\/\/i0.wp.com\/landioustravel.com\/wp-content\/uploads\/2023\/01\/Mahmya-Island-Trip-El-Gouna-e1672600345452.jpg?fit=980%2C551&ssl=1",980,551,true],"1536x1536":["https:\/\/i0.wp.com\/landioustravel.com\/wp-content\/uploads\/2023\/01\/Mahmya-Island-Trip-El-Gouna-e1672600345452.jpg?fit=1536%2C864&ssl=1",1536,864,true],"2048x2048":["https:\/\/i0.wp.com\/landioustravel.com\/wp-content\/uploads\/2023\/01\/Mahmya-Island-Trip-El-Gouna-e1672600345452.jpg?fit=2000%2C1125&ssl=1",2000,1125,true],"newspack-article-block-landscape-large":["https:\/\/i0.wp.com\/landioustravel.com\/wp-content\/uploads\/2023\/01\/Mahmya-Island-Trip-El-Gouna-e1672600345452.jpg?resize=1200%2C900&ssl=1",1200,900,true],"newspack-article-block-portrait-large":["https:\/\/i0.wp.com\/landioustravel.com\/wp-content\/uploads\/2023\/01\/Mahmya-Island-Trip-El-Gouna-e1672600345452.jpg?resize=900%2C1125&ssl=1",900,1125,true],"newspack-article-block-square-large":["https:\/\/i0.wp.com\/landioustravel.com\/wp-content\/uploads\/2023\/01\/Mahmya-Island-Trip-El-Gouna-e1672600345452.jpg?resize=1200%2C1125&ssl=1",1200,1125,true],"newspack-article-block-landscape-medium":["https:\/\/i0.wp.com\/landioustravel.com\/wp-content\/uploads\/2023\/01\/Mahmya-Island-Trip-El-Gouna-e1672600345452.jpg?resize=800%2C600&ssl=1",800,600,true],"newspack-article-block-portrait-medium":["https:\/\/i0.wp.com\/landioustravel.com\/wp-content\/uploads\/2023\/01\/Mahmya-Island-Trip-El-Gouna-e1672600345452.jpg?resize=600%2C800&ssl=1",600,800,true],"newspack-article-block-square-medium":["https:\/\/i0.wp.com\/landioustravel.com\/wp-content\/uploads\/2023\/01\/Mahmya-Island-Trip-El-Gouna-e1672600345452.jpg?resize=800%2C800&ssl=1",800,800,true],"newspack-article-block-landscape-intermediate":["https:\/\/i0.wp.com\/landioustravel.com\/wp-content\/uploads\/2023\/01\/Mahmya-Island-Trip-El-Gouna-e1672600345452.jpg?resize=600%2C450&ssl=1",600,450,true],"newspack-article-block-portrait-intermediate":["https:\/\/i0.wp.com\/landioustravel.com\/wp-content\/uploads\/2023\/01\/Mahmya-Island-Trip-El-Gouna-e1672600345452.jpg?resize=450%2C600&ssl=1",450,600,true],"newspack-article-block-square-intermediate":["https:\/\/i0.wp.com\/landioustravel.com\/wp-content\/uploads\/2023\/01\/Mahmya-Island-Trip-El-Gouna-e1672600345452.jpg?resize=600%2C600&ssl=1",600,600,true],"newspack-article-block-landscape-small":["https:\/\/i0.wp.com\/landioustravel.com\/wp-content\/uploads\/2023\/01\/Mahmya-Island-Trip-El-Gouna-e1672600345452.jpg?resize=400%2C300&ssl=1",400,300,true],"newspack-article-block-portrait-small":["https:\/\/i0.wp.com\/landioustravel.com\/wp-content\/uploads\/2023\/01\/Mahmya-Island-Trip-El-Gouna-e1672600345452.jpg?resize=300%2C400&ssl=1",300,400,true],"newspack-article-block-square-small":["https:\/\/i0.wp.com\/landioustravel.com\/wp-content\/uploads\/2023\/01\/Mahmya-Island-Trip-El-Gouna-e1672600345452.jpg?resize=400%2C400&ssl=1",400,400,true],"newspack-article-block-landscape-tiny":["https:\/\/i0.wp.com\/landioustravel.com\/wp-content\/uploads\/2023\/01\/Mahmya-Island-Trip-El-Gouna-e1672600345452.jpg?resize=200%2C150&ssl=1",200,150,true],"newspack-article-block-portrait-tiny":["https:\/\/i0.wp.com\/landioustravel.com\/wp-content\/uploads\/2023\/01\/Mahmya-Island-Trip-El-Gouna-e1672600345452.jpg?resize=150%2C200&ssl=1",150,200,true],"newspack-article-block-square-tiny":["https:\/\/i0.wp.com\/landioustravel.com\/wp-content\/uploads\/2023\/01\/Mahmya-Island-Trip-El-Gouna-e1672600345452.jpg?resize=200%2C200&ssl=1",200,200,true],"newspack-article-block-uncropped":["https:\/\/i0.wp.com\/landioustravel.com\/wp-content\/uploads\/2023\/01\/Mahmya-Island-Trip-El-Gouna-e1672600345452.jpg?fit=1200%2C675&ssl=1",1200,675,true],"woocommerce_thumbnail":["https:\/\/i0.wp.com\/landioustravel.com\/wp-content\/uploads\/2023\/01\/Mahmya-Island-Trip-El-Gouna-e1672600345452.jpg?resize=324%2C324&ssl=1",324,324,true],"woocommerce_single":["https:\/\/i0.wp.com\/landioustravel.com\/wp-content\/uploads\/2023\/01\/Mahmya-Island-Trip-El-Gouna-e1672600345452.jpg?fit=416%2C234&ssl=1",416,234,true],"woocommerce_gallery_thumbnail":["https:\/\/i0.wp.com\/landioustravel.com\/wp-content\/uploads\/2023\/01\/Mahmya-Island-Trip-El-Gouna-e1672600345452.jpg?resize=100%2C100&ssl=1",100,100,true]},"uagb_author_info":{"display_name":"Mofreh Landious","author_link":"https:\/\/landioustravel.com\/de\/author\/"},"uagb_comment_info":0,"uagb_excerpt":"Erleben Sie die atemberaubende Sch\u00f6nheit der Insel Mahmya im Roten Meer und ihrer gesch\u00fctzten Gew\u00e4sser im Giftun Island National Park. Schnorcheln Sie zwischen atemberaubenden Korallenriffen und G\u00e4rten und erleben Sie das Wunder der Delfine und lebhaften Fischschw\u00e4rme. Entspannen Sie sich an den unber\u00fchrten wei\u00dfen Sandstr\u00e4nden und schwimmen Sie im kristallklaren Wasser. Machen Sie w\u00e4hrend Ihrer&hellip;","jetpack_sharing_enabled":true,"jetpack_likes_enabled":true,"amp_enabled":true,"_links":{"self":[{"href":"https:\/\/landioustravel.com\/de\/wp-json\/wp\/v2\/product\/135140","targetHints":{"allow":["GET"]}}],"collection":[{"href":"https:\/\/landioustravel.com\/de\/wp-json\/wp\/v2\/product"}],"about":[{"href":"https:\/\/landioustravel.com\/de\/wp-json\/wp\/v2\/types\/product"}],"replies":[{"embeddable":true,"href":"https:\/\/landioustravel.com\/de\/wp-json\/wp\/v2\/comments?post=135140"}],"wp:featuredmedia":[{"embeddable":true,"href":"https:\/\/landioustravel.com\/de\/wp-json\/wp\/v2\/media\/135141"}],"wp:attachment":[{"href":"https:\/\/landioustravel.com\/de\/wp-json\/wp\/v2\/media?parent=135140"}],"wp:term":[{"taxonomy":"product_brand","embeddable":true,"href":"https:\/\/landioustravel.com\/de\/wp-json\/wp\/v2\/product_brand?post=135140"},{"taxonomy":"product_cat","embeddable":true,"href":"https:\/\/landioustravel.com\/de\/wp-json\/wp\/v2\/product_cat?post=135140"},{"taxonomy":"product_tag","embeddable":true,"href":"https:\/\/landioustravel.com\/de\/wp-json\/wp\/v2\/product_tag?post=135140"}],"curies":[{"name":"wp","href":"https:\/\/api.w.org\/{rel}","templated":true}]}}