{"id":135148,"date":"2023-01-01T00:40:52","date_gmt":"2023-01-28T12:15:42","guid":{"rendered":"https:\/\/landioustravel.com\/?post_type=product&#038;p=135148"},"modified":"2023-06-17T03:21:03","modified_gmt":"2023-06-17T01:21:03","slug":"delfinhaus-ausflug-gouna","status":"publish","type":"product","link":"https:\/\/landioustravel.com\/de\/shop\/delfinhaus-ausflug-gouna\/","title":{"rendered":"Delfinhaus Ausflug El Gouna"},"content":{"rendered":"<p><strong>Delfinhaus Ausflug El Gouna<\/strong> ist eine beliebte Seereise zum Delfinhaus Meeresstelle in Hurghada, \u00c4gypten! Wir empfehlen den Ausflug, weil es den Touristen erm\u00f6glicht, eine gute Zeit im Meer zu verbringen und mit Delfinen zu schwimmen. Au\u00dferdem k\u00f6nnen Sie die wundersch\u00f6nen Korallenriffe und verschiedene Fische sehen. W\u00e4hrend dieser Bootsfahrt haben Sie die einmalige Gelegenheit, mit den sch\u00f6nen S\u00e4ugetieren \u2013 Delfinen \u2013 zu schnorcheln und zu schwimmen. Au\u00dferdem genie\u00dfen Sie ein Meerespicknick \u00fcber dem Roten Meer.<\/p>\n<h2>H\u00f6hepunkte des Delfinhaus Ausflugs von El Gouna<\/h2>\n<ul>\n<li>Schwimmen mit Delfinen im offenen Meer.<\/li>\n<li>Schnorcheln im offenen Meer.<\/li>\n<li>Mittagessen an Bord des Bootes.<\/li>\n<li>Auch Bananen- und Sofafahrten.<\/li>\n<\/ul>\n<h2>Programm der Delfinhausreise El Gouna<\/h2>\n<ul>\n<li>Zun\u00e4chst holt Sie der Vertreter von Landious Travel gegen 07:00 Uhr von Ihrem Hotel in El Gouna ab.<\/li>\n<li>Zweitens f\u00e4hrt der Bus direkt zum Hafen, nachdem er alle Ank\u00f6mmlinge abgeholt hat. Der Weg zu diesem Hafen dauert ungef\u00e4hr 10 Minuten.<\/li>\n<li>In diesem Hafen finden Sie Ihr Boot. Es ist gro\u00df und schick! Dieses Boot hat zwei Etagen. Sobald Sie das Schiff betreten, m\u00fcssen Sie die Schuhe ausziehen. Dann k\u00f6nnen Sie sich im zweiten Stock zum Br\u00e4unen im oberen Sonnendeck erheben.<\/li>\n<\/ul>\n<h3>Picknick am Meer &amp; Sonnenbaden<\/h3>\n<ul>\n<li>Das Boot wird \u00fcber das Rote Meer segeln, sobald sich die Gruppe versammelt hat. Es wird zur Delfinbucht in Richtung El Gouna fahren. Sie werden ein einzigartiges Picknick am Meer genie\u00dfen, w\u00e4hrend Sie die Naturlandschaften der Region des Roten Meeres beobachten und auf das blaue Wasser und den klaren Himmel blicken. Nat\u00fcrlich haben Sie die M\u00f6glichkeit, ein Sonnenbad unter den warmen Sonnenstrahlen zu genie\u00dfen.<\/li>\n<\/ul>\n<h3>Schnorcheln &amp; Schwimmen mit Dolfins Stop<\/h3>\n<ul>\n<li>Diese sch\u00f6ne Reise nach Dolphin Bay beginnt mit einem einzigartigen Erlebnis! Ihr erster Halt wird auf offener See sein. Dort k\u00f6nnen Sie auch schnorcheln und mit Delfinen schwimmen.<\/li>\n<li>Dann machen Sie an einem anderen Ort Halt, um mit Masken und Flossen zu schnorcheln.<\/li>\n<li>Nach diesem Halt trifft sich die Gruppe im Erdgeschoss zum Mittagessen. W\u00e4hrend des Mittagessens ist das Buffet ge\u00f6ffnet.<\/li>\n<li>Schlie\u00dflich vergn\u00fcgen Sie sich, indem Sie Bananen und Sofa-Wasserspielzeug reiten.<\/li>\n<\/ul>\n<h3>Zur\u00fcck zuhause<\/h3>\n<ul>\n<li>Schlie\u00dflich, nach einem so fantastischen Schnorchelausflug und Schwimmen mit Delfinen, f\u00e4hrt Ihr Boot zur\u00fcck zum Hafen. Noch einmal werden wir Sie zu Ihrem Hotel begleiten.<\/li>\n<li>Dieser Ausflug zum Delfinhaus in Hurghada endet gegen 16:30 Uhr.<\/li>\n<\/ul>\n<h2>Was beinhaltet der Preis f\u00fcr den Dolfinhaus Ausflug nach El Gouna?<\/h2>\n<ul>\n<li>Schnorchelausr\u00fcstung.<\/li>\n<li>Speisen &amp; Getr\u00e4nke.<\/li>\n<li>Au\u00dferdem Transfer zum Hafen und zur\u00fcck zum Hotel.<\/li>\n<\/ul>\n<h2>Was beinhaltet das Programm der Dolfinhaus Ausflug El Gouna nicht?<\/h2>\n<ul>\n<li>Eintrittsgeb\u00fchr (5 USD Dollar pro Person)<\/li>\n<li>Video-DVD.<\/li>\n<li>Auch die Foto-CD.<\/li>\n<\/ul>\n<h2>Was nehmen Sie f\u00fcr die Reise mit?<\/h2>\n<ul>\n<li>Handtuch.<\/li>\n<li>Au\u00dferdem Sonnencreme.<\/li>\n<\/ul>\n<h2>Dolfinhaus Ausflug El Gouna Buchungstage<\/h2>\n<ul>\n<li>T\u00e4glich von 08:00 \u2013 17:00 Uhr.<\/li>\n<\/ul>\n<h2>Informationen \u00fcber das Delfinhaus<\/h2>\n<h2>Delfinhaus in Hurghada<\/h2>\n<p>Dolphin House ist ein Meeresgebiet an der K\u00fcste des Roten Meeres zwischen Hurghada und El Gouna. In diesem Meeresgebiet lebt eine gro\u00dfe Anzahl von Delfinen. Es ist der sch\u00f6nste Ort in Hurghada, wo Sie das Meeresleben genie\u00dfen k\u00f6nnen. Touristen k\u00f6nnen insbesondere das Schwimmen mit Delfinen in ihrer nat\u00fcrlichen Umgebung \u2013 der Dolphin Bay \u2013 genie\u00dfen. Dieses Erlebnis ist eines der besten Meereserlebnisse, die Sie in Hurghada machen k\u00f6nnen!<\/p>\n<h2>Dienstleistungen, die w\u00e4hrend des Dolphin House-Ausflugs El Gouna angeboten werden<\/h2>\n<p>Transport: Landious Travel bedient Sie mit einer klimatisierten Limousine\/einem Minibus. Ein professioneller Fahrer begleitet Sie zum Hafen und zu Ihrem Hotel.<\/p>\n<p>F\u00fchrung: Ein professioneller englischer Reiseleiter holt Sie von Ihren Hotels ab und begleitet Sie zum Hafen.<\/p>\n<p>Bootsausstattung: Unsere Boote sind neu und haben drei Etagen. Wir statten diese Boote mit einem Speisesaal, einem Wasserk\u00fchler, einer K\u00fcche und zwei Toiletten aus. Au\u00dferdem stellen wir Schwimmwesten, Schnorchelausr\u00fcstung und zwei Trolling-Rollen im ersten Stock zur Verf\u00fcgung. Auf dem Sonnendeck befinden sich bequeme Sonnenliegen und ein Zelt.<\/p>\n<p>Team und Personal: Sie werden eine freundliche und professionelle Crew auf dem Boot haben. Unsere Instruktoren und Trainer begleiten Sie w\u00e4hrend der Reise.<\/p>\n<p>Essen: Wir servieren ein k\u00f6stliches Mittagessen an Bord mit verschiedenen Gerichten.<\/p>\n","protected":false},"excerpt":{"rendered":"<p>Machen Sie sich bereit f\u00fcr einen Tag voller Spa\u00df und Abenteuer! Auf unserem Seeausflug von El Gouna zur Dolphin Bay k\u00f6nnen Sie mit den freundlichsten Delfinen in ihrer nat\u00fcrlichen Umgebung schwimmen. Dar\u00fcber hinaus k\u00f6nnen Sie die sch\u00f6nsten Korallenriffe und unbekannte Fische sehen. Und wenn das noch nicht genug ist, haben wir Bananen- und Tablet-Wasserspielzeuge f\u00fcr Sie zum Mitfahren!<\/p>\n<p>Aber das ist noch nicht alles \u2013 wir sorgen daf\u00fcr, dass Sie mit einem k\u00f6stlichen Mittagessen und Getr\u00e4nken an Bord des Bootes gut ern\u00e4hrt und hydriert sind. Dar\u00fcber hinaus sorgt unsere freundliche Bootsbesatzung daf\u00fcr, dass Sie das bestm\u00f6gliche Erlebnis haben.<\/p>\n<p>Die Nordk\u00fcste des Roten Meeres ist ein ganz besonderer Ort f\u00fcr alle, die das Meeresleben lieben. Und Sie werden sich freuen, denn jeden Tag bringen wir Hunderte von Touristen an diesen Ort! Im Dolphin House El Gouna k\u00f6nnen Sie Delfine \u2013 die Menschen des Meeres \u2013 in ihrem nat\u00fcrlichen Lebensraum beobachten. Und wenn Sie Gl\u00fcck haben, haben Sie vielleicht sogar die Chance, mit ihnen zu schwimmen!<\/p>\n<p>Also, worauf wartest Du? Buchen Sie jetzt und machen Sie sich bereit f\u00fcr das Abenteuer Ihres Lebens!<\/p>\n","protected":false},"featured_media":133249,"comment_status":"open","ping_status":"closed","template":"","meta":{"_coblocks_attr":"","_coblocks_dimensions":"","_coblocks_responsive_height":"","_coblocks_accordion_ie_support":"","_uag_custom_page_level_css":"","jetpack_post_was_ever_published":false,"jetpack_publicize_message":"","jetpack_publicize_feature_enabled":true,"jetpack_social_post_already_shared":true,"jetpack_social_options":{"image_generator_settings":{"template":"highway","default_image_id":0,"font":"","enabled":false},"version":2},"_wpas_customize_per_network":false},"product_brand":[],"product_cat":[20131,20135],"product_tag":[1653,1844,1930,1843,1774,1777,1778],"class_list":{"0":"post-135148","1":"product","2":"type-product","3":"status-publish","4":"has-post-thumbnail","6":"product_cat-gouna-ausfluege","7":"product_cat-gouna-seereisen","8":"product_tag-ausflug","9":"product_tag-bootsausfluge","10":"product_tag-delfinhaus","11":"product_tag-el-gouna-de","12":"product_tag-hurghada-de","13":"product_tag-meer","14":"product_tag-schnorcheln","15":"pa_age-erwachsene","16":"pa_age-kind-1-4-jahre","17":"pa_age-kind-5-11-jahre","19":"first","20":"instock","21":"sale","22":"taxable","23":"shipping-taxable","24":"purchasable","25":"product-type-variable"},"yoast_head":"<!-- This site is optimized with the Yoast SEO Premium plugin v26.9 (Yoast SEO v27.3) - https:\/\/yoast.com\/product\/yoast-seo-premium-wordpress\/ -->\n<title>Delfinhaus Ausflug El Gouna<\/title>\n<meta name=\"description\" content=\"Delfinhaus Ausflug El Gouna ist eine beliebte Seereise zum Delfinhaus Meeresstelle in Hurghada, \u00c4gypten! Wir empfehlen den Ausflug, weil es den Touristen\" \/>\n<meta name=\"robots\" content=\"index, follow, max-snippet:-1, max-image-preview:large, max-video-preview:-1\" \/>\n<link rel=\"canonical\" href=\"https:\/\/landioustravel.com\/de\/shop\/delfinhaus-ausflug-gouna\/\" \/>\n<meta property=\"og:locale\" content=\"de_DE\" \/>\n<meta property=\"og:type\" content=\"article\" \/>\n<meta property=\"og:title\" content=\"Delfinhaus Ausflug El Gouna\" \/>\n<meta property=\"og:description\" content=\"Landious Travel\" \/>\n<meta property=\"og:url\" content=\"https:\/\/landioustravel.com\/de\/shop\/delfinhaus-ausflug-gouna\/\" \/>\n<meta property=\"og:site_name\" content=\"Landious Travel\" \/>\n<meta property=\"article:publisher\" content=\"https:\/\/web.facebook.com\/landiousEgypt\" \/>\n<meta property=\"article:modified_time\" content=\"2023-06-17T01:21:03+00:00\" \/>\n<meta property=\"og:image\" content=\"https:\/\/i0.wp.com\/landioustravel.com\/wp-content\/uploads\/2023\/01\/Dolphin-House-Trip-El-Gouna-e1672526313510.jpg?fit=1024%2C675&ssl=1\" \/>\n\t<meta property=\"og:image:width\" content=\"1024\" \/>\n\t<meta property=\"og:image:height\" content=\"675\" \/>\n\t<meta property=\"og:image:type\" content=\"image\/jpeg\" \/>\n<meta name=\"twitter:card\" content=\"summary_large_image\" \/>\n<meta name=\"twitter:site\" content=\"@LandiousTours\" \/>\n<meta name=\"twitter:label1\" content=\"Gesch\u00e4tzte Lesezeit\" \/>\n\t<meta name=\"twitter:data1\" content=\"3\u00a0Minuten\" \/>\n<script type=\"application\/ld+json\" class=\"yoast-schema-graph\">{\"@context\":\"https:\\\/\\\/schema.org\",\"@graph\":[{\"@type\":\"WebPage\",\"@id\":\"https:\\\/\\\/landioustravel.com\\\/de\\\/shop\\\/delfinhaus-ausflug-gouna\\\/\",\"url\":\"https:\\\/\\\/landioustravel.com\\\/de\\\/shop\\\/delfinhaus-ausflug-gouna\\\/\",\"name\":\"Delfinhaus Ausflug El Gouna\",\"isPartOf\":{\"@id\":\"https:\\\/\\\/landioustravel.com\\\/de\\\/#website\"},\"primaryImageOfPage\":{\"@id\":\"https:\\\/\\\/landioustravel.com\\\/de\\\/shop\\\/delfinhaus-ausflug-gouna\\\/#primaryimage\"},\"image\":{\"@id\":\"https:\\\/\\\/landioustravel.com\\\/de\\\/shop\\\/delfinhaus-ausflug-gouna\\\/#primaryimage\"},\"thumbnailUrl\":\"https:\\\/\\\/i0.wp.com\\\/landioustravel.com\\\/wp-content\\\/uploads\\\/2023\\\/01\\\/Dolphin-House-Trip-El-Gouna-e1672526313510.jpg?fit=1024%2C675&ssl=1\",\"datePublished\":\"2023-01-28T12:15:42+00:00\",\"dateModified\":\"2023-06-17T01:21:03+00:00\",\"description\":\"Delfinhaus Ausflug El Gouna ist eine beliebte Seereise zum Delfinhaus Meeresstelle in Hurghada, \u00c4gypten! Wir empfehlen den Ausflug, weil es den Touristen\",\"breadcrumb\":{\"@id\":\"https:\\\/\\\/landioustravel.com\\\/de\\\/shop\\\/delfinhaus-ausflug-gouna\\\/#breadcrumb\"},\"inLanguage\":\"de\",\"potentialAction\":[{\"@type\":\"ReadAction\",\"target\":[\"https:\\\/\\\/landioustravel.com\\\/de\\\/shop\\\/delfinhaus-ausflug-gouna\\\/\"]}]},{\"@type\":\"ImageObject\",\"inLanguage\":\"de\",\"@id\":\"https:\\\/\\\/landioustravel.com\\\/de\\\/shop\\\/delfinhaus-ausflug-gouna\\\/#primaryimage\",\"url\":\"https:\\\/\\\/i0.wp.com\\\/landioustravel.com\\\/wp-content\\\/uploads\\\/2023\\\/01\\\/Dolphin-House-Trip-El-Gouna-e1672526313510.jpg?fit=1024%2C675&ssl=1\",\"contentUrl\":\"https:\\\/\\\/i0.wp.com\\\/landioustravel.com\\\/wp-content\\\/uploads\\\/2023\\\/01\\\/Dolphin-House-Trip-El-Gouna-e1672526313510.jpg?fit=1024%2C675&ssl=1\",\"width\":1024,\"height\":675,\"caption\":\"Dolphin House Trip El Gouna\"},{\"@type\":\"BreadcrumbList\",\"@id\":\"https:\\\/\\\/landioustravel.com\\\/de\\\/shop\\\/delfinhaus-ausflug-gouna\\\/#breadcrumb\",\"itemListElement\":[{\"@type\":\"ListItem\",\"position\":1,\"name\":\"Home\",\"item\":\"https:\\\/\\\/landioustravel.com\\\/de\\\/\"},{\"@type\":\"ListItem\",\"position\":2,\"name\":\"\u00c4gypten Touren\",\"item\":\"https:\\\/\\\/landioustravel.com\\\/de\\\/\"},{\"@type\":\"ListItem\",\"position\":3,\"name\":\"Delfinhaus Ausflug El Gouna\"}]},{\"@type\":\"WebSite\",\"@id\":\"https:\\\/\\\/landioustravel.com\\\/de\\\/#website\",\"url\":\"https:\\\/\\\/landioustravel.com\\\/de\\\/\",\"name\":\"Landious Travel\",\"description\":\"Excursions, trips and cruises in Egypt\",\"publisher\":{\"@id\":\"https:\\\/\\\/landioustravel.com\\\/de\\\/#organization\"},\"potentialAction\":[{\"@type\":\"SearchAction\",\"target\":{\"@type\":\"EntryPoint\",\"urlTemplate\":\"https:\\\/\\\/landioustravel.com\\\/de\\\/?s={search_term_string}\"},\"query-input\":{\"@type\":\"PropertyValueSpecification\",\"valueRequired\":true,\"valueName\":\"search_term_string\"}}],\"inLanguage\":\"de\"},{\"@type\":[\"Organization\",\"Place\"],\"@id\":\"https:\\\/\\\/landioustravel.com\\\/de\\\/#organization\",\"name\":\"Landious Travel\",\"alternateName\":\"Landious Travel\",\"url\":\"https:\\\/\\\/landioustravel.com\\\/de\\\/\",\"logo\":{\"@id\":\"https:\\\/\\\/landioustravel.com\\\/de\\\/shop\\\/delfinhaus-ausflug-gouna\\\/#local-main-organization-logo\"},\"image\":{\"@id\":\"https:\\\/\\\/landioustravel.com\\\/de\\\/shop\\\/delfinhaus-ausflug-gouna\\\/#local-main-organization-logo\"},\"sameAs\":[\"https:\\\/\\\/web.facebook.com\\\/landiousEgypt\",\"https:\\\/\\\/x.com\\\/LandiousTours\",\"https:\\\/\\\/mastodon.social\\\/@landious\"],\"legalName\":\"Landious Travel\",\"telephone\":[],\"openingHoursSpecification\":[{\"@type\":\"OpeningHoursSpecification\",\"dayOfWeek\":[\"Monday\",\"Tuesday\",\"Wednesday\",\"Thursday\",\"Friday\",\"Saturday\",\"Sunday\"],\"opens\":\"09:00\",\"closes\":\"17:00\"}]},{\"@type\":\"ImageObject\",\"inLanguage\":\"de\",\"@id\":\"https:\\\/\\\/landioustravel.com\\\/de\\\/shop\\\/delfinhaus-ausflug-gouna\\\/#local-main-organization-logo\",\"url\":\"https:\\\/\\\/i0.wp.com\\\/landioustravel.com\\\/wp-content\\\/uploads\\\/2021\\\/06\\\/Landious-T.png?fit=500%2C500&ssl=1\",\"contentUrl\":\"https:\\\/\\\/i0.wp.com\\\/landioustravel.com\\\/wp-content\\\/uploads\\\/2021\\\/06\\\/Landious-T.png?fit=500%2C500&ssl=1\",\"width\":500,\"height\":500,\"caption\":\"Landious Travel\"}]}<\/script>\n<!-- \/ Yoast SEO Premium plugin. -->","yoast_head_json":{"title":"Delfinhaus Ausflug El Gouna","description":"Delfinhaus Ausflug El Gouna ist eine beliebte Seereise zum Delfinhaus Meeresstelle in Hurghada, \u00c4gypten! Wir empfehlen den Ausflug, weil es den Touristen","robots":{"index":"index","follow":"follow","max-snippet":"max-snippet:-1","max-image-preview":"max-image-preview:large","max-video-preview":"max-video-preview:-1"},"canonical":"https:\/\/landioustravel.com\/de\/shop\/delfinhaus-ausflug-gouna\/","og_locale":"de_DE","og_type":"article","og_title":"Delfinhaus Ausflug El Gouna","og_description":"Landious Travel","og_url":"https:\/\/landioustravel.com\/de\/shop\/delfinhaus-ausflug-gouna\/","og_site_name":"Landious Travel","article_publisher":"https:\/\/web.facebook.com\/landiousEgypt","article_modified_time":"2023-06-17T01:21:03+00:00","og_image":[{"width":1024,"height":675,"url":"https:\/\/i0.wp.com\/landioustravel.com\/wp-content\/uploads\/2023\/01\/Dolphin-House-Trip-El-Gouna-e1672526313510.jpg?fit=1024%2C675&ssl=1","type":"image\/jpeg"}],"twitter_card":"summary_large_image","twitter_site":"@LandiousTours","twitter_misc":{"Gesch\u00e4tzte Lesezeit":"3\u00a0Minuten"},"schema":{"@context":"https:\/\/schema.org","@graph":[{"@type":"WebPage","@id":"https:\/\/landioustravel.com\/de\/shop\/delfinhaus-ausflug-gouna\/","url":"https:\/\/landioustravel.com\/de\/shop\/delfinhaus-ausflug-gouna\/","name":"Delfinhaus Ausflug El Gouna","isPartOf":{"@id":"https:\/\/landioustravel.com\/de\/#website"},"primaryImageOfPage":{"@id":"https:\/\/landioustravel.com\/de\/shop\/delfinhaus-ausflug-gouna\/#primaryimage"},"image":{"@id":"https:\/\/landioustravel.com\/de\/shop\/delfinhaus-ausflug-gouna\/#primaryimage"},"thumbnailUrl":"https:\/\/i0.wp.com\/landioustravel.com\/wp-content\/uploads\/2023\/01\/Dolphin-House-Trip-El-Gouna-e1672526313510.jpg?fit=1024%2C675&ssl=1","datePublished":"2023-01-28T12:15:42+00:00","dateModified":"2023-06-17T01:21:03+00:00","description":"Delfinhaus Ausflug El Gouna ist eine beliebte Seereise zum Delfinhaus Meeresstelle in Hurghada, \u00c4gypten! Wir empfehlen den Ausflug, weil es den Touristen","breadcrumb":{"@id":"https:\/\/landioustravel.com\/de\/shop\/delfinhaus-ausflug-gouna\/#breadcrumb"},"inLanguage":"de","potentialAction":[{"@type":"ReadAction","target":["https:\/\/landioustravel.com\/de\/shop\/delfinhaus-ausflug-gouna\/"]}]},{"@type":"ImageObject","inLanguage":"de","@id":"https:\/\/landioustravel.com\/de\/shop\/delfinhaus-ausflug-gouna\/#primaryimage","url":"https:\/\/i0.wp.com\/landioustravel.com\/wp-content\/uploads\/2023\/01\/Dolphin-House-Trip-El-Gouna-e1672526313510.jpg?fit=1024%2C675&ssl=1","contentUrl":"https:\/\/i0.wp.com\/landioustravel.com\/wp-content\/uploads\/2023\/01\/Dolphin-House-Trip-El-Gouna-e1672526313510.jpg?fit=1024%2C675&ssl=1","width":1024,"height":675,"caption":"Dolphin House Trip El Gouna"},{"@type":"BreadcrumbList","@id":"https:\/\/landioustravel.com\/de\/shop\/delfinhaus-ausflug-gouna\/#breadcrumb","itemListElement":[{"@type":"ListItem","position":1,"name":"Home","item":"https:\/\/landioustravel.com\/de\/"},{"@type":"ListItem","position":2,"name":"\u00c4gypten Touren","item":"https:\/\/landioustravel.com\/de\/"},{"@type":"ListItem","position":3,"name":"Delfinhaus Ausflug El Gouna"}]},{"@type":"WebSite","@id":"https:\/\/landioustravel.com\/de\/#website","url":"https:\/\/landioustravel.com\/de\/","name":"Landious Travel","description":"Excursions, trips and cruises in Egypt","publisher":{"@id":"https:\/\/landioustravel.com\/de\/#organization"},"potentialAction":[{"@type":"SearchAction","target":{"@type":"EntryPoint","urlTemplate":"https:\/\/landioustravel.com\/de\/?s={search_term_string}"},"query-input":{"@type":"PropertyValueSpecification","valueRequired":true,"valueName":"search_term_string"}}],"inLanguage":"de"},{"@type":["Organization","Place"],"@id":"https:\/\/landioustravel.com\/de\/#organization","name":"Landious Travel","alternateName":"Landious Travel","url":"https:\/\/landioustravel.com\/de\/","logo":{"@id":"https:\/\/landioustravel.com\/de\/shop\/delfinhaus-ausflug-gouna\/#local-main-organization-logo"},"image":{"@id":"https:\/\/landioustravel.com\/de\/shop\/delfinhaus-ausflug-gouna\/#local-main-organization-logo"},"sameAs":["https:\/\/web.facebook.com\/landiousEgypt","https:\/\/x.com\/LandiousTours","https:\/\/mastodon.social\/@landious"],"legalName":"Landious Travel","telephone":[],"openingHoursSpecification":[{"@type":"OpeningHoursSpecification","dayOfWeek":["Monday","Tuesday","Wednesday","Thursday","Friday","Saturday","Sunday"],"opens":"09:00","closes":"17:00"}]},{"@type":"ImageObject","inLanguage":"de","@id":"https:\/\/landioustravel.com\/de\/shop\/delfinhaus-ausflug-gouna\/#local-main-organization-logo","url":"https:\/\/i0.wp.com\/landioustravel.com\/wp-content\/uploads\/2021\/06\/Landious-T.png?fit=500%2C500&ssl=1","contentUrl":"https:\/\/i0.wp.com\/landioustravel.com\/wp-content\/uploads\/2021\/06\/Landious-T.png?fit=500%2C500&ssl=1","width":500,"height":500,"caption":"Landious Travel"}]}},"jetpack_publicize_connections":[],"uagb_featured_image_src":{"full":["https:\/\/i0.wp.com\/landioustravel.com\/wp-content\/uploads\/2023\/01\/Dolphin-House-Trip-El-Gouna-e1672526313510.jpg?fit=1024%2C675&ssl=1",1024,675,false],"thumbnail":["https:\/\/i0.wp.com\/landioustravel.com\/wp-content\/uploads\/2023\/01\/Dolphin-House-Trip-El-Gouna-e1672526313510.jpg?resize=150%2C150&ssl=1",150,150,true],"medium":["https:\/\/i0.wp.com\/landioustravel.com\/wp-content\/uploads\/2023\/01\/Dolphin-House-Trip-El-Gouna-e1672526313510.jpg?fit=300%2C198&ssl=1",300,198,true],"medium_large":["https:\/\/i0.wp.com\/landioustravel.com\/wp-content\/uploads\/2023\/01\/Dolphin-House-Trip-El-Gouna-e1672526313510.jpg?fit=768%2C506&ssl=1",768,506,true],"large":["https:\/\/i0.wp.com\/landioustravel.com\/wp-content\/uploads\/2023\/01\/Dolphin-House-Trip-El-Gouna-e1672526313510.jpg?fit=980%2C646&ssl=1",980,646,true],"1536x1536":["https:\/\/i0.wp.com\/landioustravel.com\/wp-content\/uploads\/2023\/01\/Dolphin-House-Trip-El-Gouna-e1672526313510.jpg?fit=1024%2C675&ssl=1",1024,675,true],"2048x2048":["https:\/\/i0.wp.com\/landioustravel.com\/wp-content\/uploads\/2023\/01\/Dolphin-House-Trip-El-Gouna-e1672526313510.jpg?fit=1024%2C675&ssl=1",1024,675,true],"newspack-article-block-landscape-large":["https:\/\/i0.wp.com\/landioustravel.com\/wp-content\/uploads\/2023\/01\/Dolphin-House-Trip-El-Gouna-e1672526313510.jpg?resize=1024%2C675&ssl=1",1024,675,true],"newspack-article-block-portrait-large":["https:\/\/i0.wp.com\/landioustravel.com\/wp-content\/uploads\/2023\/01\/Dolphin-House-Trip-El-Gouna-e1672526313510.jpg?resize=900%2C675&ssl=1",900,675,true],"newspack-article-block-square-large":["https:\/\/i0.wp.com\/landioustravel.com\/wp-content\/uploads\/2023\/01\/Dolphin-House-Trip-El-Gouna-e1672526313510.jpg?resize=1024%2C675&ssl=1",1024,675,true],"newspack-article-block-landscape-medium":["https:\/\/i0.wp.com\/landioustravel.com\/wp-content\/uploads\/2023\/01\/Dolphin-House-Trip-El-Gouna-e1672526313510.jpg?resize=800%2C600&ssl=1",800,600,true],"newspack-article-block-portrait-medium":["https:\/\/i0.wp.com\/landioustravel.com\/wp-content\/uploads\/2023\/01\/Dolphin-House-Trip-El-Gouna-e1672526313510.jpg?resize=600%2C675&ssl=1",600,675,true],"newspack-article-block-square-medium":["https:\/\/i0.wp.com\/landioustravel.com\/wp-content\/uploads\/2023\/01\/Dolphin-House-Trip-El-Gouna-e1672526313510.jpg?resize=800%2C675&ssl=1",800,675,true],"newspack-article-block-landscape-intermediate":["https:\/\/i0.wp.com\/landioustravel.com\/wp-content\/uploads\/2023\/01\/Dolphin-House-Trip-El-Gouna-e1672526313510.jpg?resize=600%2C450&ssl=1",600,450,true],"newspack-article-block-portrait-intermediate":["https:\/\/i0.wp.com\/landioustravel.com\/wp-content\/uploads\/2023\/01\/Dolphin-House-Trip-El-Gouna-e1672526313510.jpg?resize=450%2C600&ssl=1",450,600,true],"newspack-article-block-square-intermediate":["https:\/\/i0.wp.com\/landioustravel.com\/wp-content\/uploads\/2023\/01\/Dolphin-House-Trip-El-Gouna-e1672526313510.jpg?resize=600%2C600&ssl=1",600,600,true],"newspack-article-block-landscape-small":["https:\/\/i0.wp.com\/landioustravel.com\/wp-content\/uploads\/2023\/01\/Dolphin-House-Trip-El-Gouna-e1672526313510.jpg?resize=400%2C300&ssl=1",400,300,true],"newspack-article-block-portrait-small":["https:\/\/i0.wp.com\/landioustravel.com\/wp-content\/uploads\/2023\/01\/Dolphin-House-Trip-El-Gouna-e1672526313510.jpg?resize=300%2C400&ssl=1",300,400,true],"newspack-article-block-square-small":["https:\/\/i0.wp.com\/landioustravel.com\/wp-content\/uploads\/2023\/01\/Dolphin-House-Trip-El-Gouna-e1672526313510.jpg?resize=400%2C400&ssl=1",400,400,true],"newspack-article-block-landscape-tiny":["https:\/\/i0.wp.com\/landioustravel.com\/wp-content\/uploads\/2023\/01\/Dolphin-House-Trip-El-Gouna-e1672526313510.jpg?resize=200%2C150&ssl=1",200,150,true],"newspack-article-block-portrait-tiny":["https:\/\/i0.wp.com\/landioustravel.com\/wp-content\/uploads\/2023\/01\/Dolphin-House-Trip-El-Gouna-e1672526313510.jpg?resize=150%2C200&ssl=1",150,200,true],"newspack-article-block-square-tiny":["https:\/\/i0.wp.com\/landioustravel.com\/wp-content\/uploads\/2023\/01\/Dolphin-House-Trip-El-Gouna-e1672526313510.jpg?resize=200%2C200&ssl=1",200,200,true],"newspack-article-block-uncropped":["https:\/\/i0.wp.com\/landioustravel.com\/wp-content\/uploads\/2023\/01\/Dolphin-House-Trip-El-Gouna-e1672526313510.jpg?fit=1024%2C675&ssl=1",1024,675,true],"woocommerce_thumbnail":["https:\/\/i0.wp.com\/landioustravel.com\/wp-content\/uploads\/2023\/01\/Dolphin-House-Trip-El-Gouna-e1672526313510.jpg?resize=324%2C324&ssl=1",324,324,true],"woocommerce_single":["https:\/\/i0.wp.com\/landioustravel.com\/wp-content\/uploads\/2023\/01\/Dolphin-House-Trip-El-Gouna-e1672526313510.jpg?fit=416%2C274&ssl=1",416,274,true],"woocommerce_gallery_thumbnail":["https:\/\/i0.wp.com\/landioustravel.com\/wp-content\/uploads\/2023\/01\/Dolphin-House-Trip-El-Gouna-e1672526313510.jpg?resize=100%2C100&ssl=1",100,100,true]},"uagb_author_info":{"display_name":"Mofreh Landious","author_link":"https:\/\/landioustravel.com\/de\/author\/"},"uagb_comment_info":0,"uagb_excerpt":"Machen Sie sich bereit f\u00fcr einen Tag voller Spa\u00df und Abenteuer! Auf unserem Seeausflug von El Gouna zur Dolphin Bay k\u00f6nnen Sie mit den freundlichsten Delfinen in ihrer nat\u00fcrlichen Umgebung schwimmen. Dar\u00fcber hinaus k\u00f6nnen Sie die sch\u00f6nsten Korallenriffe und unbekannte Fische sehen. Und wenn das noch nicht genug ist, haben wir Bananen- und Tablet-Wasserspielzeuge f\u00fcr&hellip;","jetpack_sharing_enabled":true,"jetpack_likes_enabled":true,"amp_enabled":true,"_links":{"self":[{"href":"https:\/\/landioustravel.com\/de\/wp-json\/wp\/v2\/product\/135148","targetHints":{"allow":["GET"]}}],"collection":[{"href":"https:\/\/landioustravel.com\/de\/wp-json\/wp\/v2\/product"}],"about":[{"href":"https:\/\/landioustravel.com\/de\/wp-json\/wp\/v2\/types\/product"}],"replies":[{"embeddable":true,"href":"https:\/\/landioustravel.com\/de\/wp-json\/wp\/v2\/comments?post=135148"}],"wp:featuredmedia":[{"embeddable":true,"href":"https:\/\/landioustravel.com\/de\/wp-json\/wp\/v2\/media\/133249"}],"wp:attachment":[{"href":"https:\/\/landioustravel.com\/de\/wp-json\/wp\/v2\/media?parent=135148"}],"wp:term":[{"taxonomy":"product_brand","embeddable":true,"href":"https:\/\/landioustravel.com\/de\/wp-json\/wp\/v2\/product_brand?post=135148"},{"taxonomy":"product_cat","embeddable":true,"href":"https:\/\/landioustravel.com\/de\/wp-json\/wp\/v2\/product_cat?post=135148"},{"taxonomy":"product_tag","embeddable":true,"href":"https:\/\/landioustravel.com\/de\/wp-json\/wp\/v2\/product_tag?post=135148"}],"curies":[{"name":"wp","href":"https:\/\/api.w.org\/{rel}","templated":true}]}}