{"id":135152,"date":"2022-12-31T23:32:07","date_gmt":"2023-01-28T12:42:15","guid":{"rendered":"https:\/\/landioustravel.com\/?post_type=product&#038;p=135152"},"modified":"2023-06-17T03:37:15","modified_gmt":"2023-06-17T01:37:15","slug":"orange-bay-ausflug-gouna","status":"publish","type":"product","link":"https:\/\/landioustravel.com\/de\/shop\/orange-bay-ausflug-gouna\/","title":{"rendered":"Orange Bay Ausflug El Gouna"},"content":{"rendered":"<p><strong>Orange Bay Ausflug El Gouna<\/strong> ist ein wundersch\u00f6ner Meeresausflug nach Orange Bay auf der Insel Grand Giftun in Hurghada \u2013 \u00c4gypten! Wir empfehlen die Reise, weil sie in erster Linie Touristen eine gute Zeit auf See erm\u00f6glicht! Nat\u00fcrlich k\u00f6nnen Sie bei diesem Schnorchelausflug wundersch\u00f6ne Korallenriffe und eine unglaubliche Vielfalt an Fischen sehen. Au\u00dferdem genie\u00dfen Sie ein Bootspicknick durch das Rote Meer und legen Ihre F\u00fc\u00dfe auf die Insel Giftun.<\/p>\n<p>Am Orange Beach auf Giftun f\u00fchlt man sich wie auf den Malediven. Wir ermutigen jeden, die \u00e4gyptische Karibik, Orange Bay, zu erleben! Es ist \u00fcberw\u00e4ltigend, an diesem Inselstrand im kristallklaren Wasser des Roten Meeres zu schnorcheln! Verbringen Sie einen ganzen Tag voller Entspannung und Spa\u00df! Schnorcheln Sie im t\u00fcrkisfarbenen Wasser des Roten Meeres und genie\u00dfen Sie den weichen wei\u00dfen Sand im seichten Wasser! Wir bieten exzellenten Service sowohl am Strand als auch auf dem Boot!<\/p>\n<p>Das Strandgehege nimmt mehr als 3000 Quadratmeter ein. Es wurde durch die Verwendung umweltfreundlicher Materialien in Zusammenarbeit mit der Hurghada Environmental Protection and Preservation Organization erm\u00f6glicht.<\/p>\n<h2>Highlights auf der Orange Bay Ausflug in El Gouna<\/h2>\n<ul>\n<li>Schwimmen Sie vom Boot aus im offenen Meer.<\/li>\n<li>Schnorcheln Sie mit Maske und Flossen im offenen Meer.<\/li>\n<li>Mittagessen auf dem Boot.<\/li>\n<li>Auch Landung Orange Bay auf Giftun Island.<\/li>\n<\/ul>\n<h2>Schnorchelprogramm zum Orange Insel Beach<\/h2>\n<ul>\n<li>Startzeit: Der Vertreter von Landious Travel holt Sie gegen 07:00 Uhr vom Hotel in El Gouna ab.<\/li>\n<li>Ziel: Nachdem alle Ank\u00f6mmlinge abgeholt wurden, f\u00e4hrt der Bus zum Hafen. Der Weg zum Hafen dauert ca. 40 Minuten.<\/li>\n<\/ul>\n<h3>Beginn der Reise<\/h3>\n<ul>\n<li>Getting Ready: Sie finden Ihr Boot im Hafen. Es ist gro\u00df und schick! Das Boot besteht aus zwei Etagen. Wenn Sie das Schiff betreten, m\u00fcssen Sie Ihre Schuhe ausziehen. Dann k\u00f6nnen Sie in den zweiten Stock aufsteigen. Fr\u00f6hlich k\u00f6nnen Sie sich auf dem oberen Sonnendeck br\u00e4unen.<\/li>\n<\/ul>\n<h3>Erlebnis auf offener See<\/h3>\n<ul>\n<li>Meerespicknick: Das Boot f\u00e4hrt weiter durch das Rote Meer, sobald sich die Gruppe versammelt hat.<\/li>\n<li>Schnorchelstopp: Au\u00dferdem halten Sie an den wundersch\u00f6nen Korallenriffen. W\u00e4hrend dieses Stopps k\u00f6nnen Sie mit Masken und Flossen schwimmen und schnorcheln.<\/li>\n<li>Wasserspiele: Nach dem Anhalten fahren Sie mit den Bananen- und Sofa-Wasserspielzeugen. Nat\u00fcrlich k\u00f6nnen Sie dieses Abenteuer auch auf offener See ausprobieren.<\/li>\n<li>Mittagessen: An Bord des Bootes genie\u00dfen Sie ein offenes Buffet mit vielen Gerichten.<\/li>\n<\/ul>\n<h3>Landung &amp; Entspannung<\/h3>\n<ul>\n<li>Landung auf der Insel: Ihre n\u00e4chste Station ist der traumhafte Strand von Orange Bay auf Giftun Island. Zuerst bringen wir Sie mit einem Motorboot zu diesem Strand. Dann gibt Ihnen der Guide einen Einblick in die M\u00f6glichkeiten am Strand \u2013 Toiletten, Zelte und Sonnenliegen.<\/li>\n<li>Entspannung: Danach verbringen Sie etwa zwei Stunden auf der Insel. In dieser Zeit haben Sie gen\u00fcgend Zeit zum Schwimmen und Br\u00e4unen. In der Tat ist es eine Insel wie in der Karibik!<\/li>\n<li>DVD-Briefing: Sobald Sie Ihre Interaktion beendet haben, beginnt ein Bild- und DVD-Briefing. W\u00e4hrend des Schnorchelausflugs zum Strand der Insel Orange Bay bietet Ihnen Ihr Fotograf an, ein paar Fotos von Ihnen zu machen. Nat\u00fcrlich, um diese sch\u00f6nen Momente festzuhalten. Anschlie\u00dfend pr\u00e4sentiert er Ihnen diese Bilder gegen Aufpreis. Nat\u00fcrlich variiert der Preis je nach Gr\u00f6\u00dfe. Es wird etwas Optionales sein. Das DVD-Briefing dauert 30 Minuten.<\/li>\n<\/ul>\n<h3>Zur\u00fcck zuhause<\/h3>\n<ul>\n<li>Zur\u00fcckkommen: Nach einer wundersch\u00f6nen Seereise, Ankunft im Hafen, bringen wir Sie zur\u00fcck zu Ihren Hotels.<\/li>\n<li>Endzeit: Diese Orange Bay-Tour in El Gouna endet gegen 17:00 Uhr.<\/li>\n<\/ul>\n<h2>Was beinhaltet der Preis f\u00fcr den Orange Bay Trip von El Gouna?<\/h2>\n<ul>\n<li>Der Preis beinhaltet Schnorchelausr\u00fcstung (Masken und Flossen).<\/li>\n<li>Speisen &amp; Getr\u00e4nke.<\/li>\n<li>Au\u00dferdem Transfer zum Hafen und zur\u00fcck zum Hotel.<\/li>\n<\/ul>\n<h2>Was beinhaltet das Programm der Orange Bay Ausflug El Gouna nicht?<\/h2>\n<ul>\n<li>Eintrittsgeb\u00fchr (5 USD Dollar pro Person)<\/li>\n<li>Video-DVD.<\/li>\n<li>Auch die Foto-CD.<\/li>\n<\/ul>\n<h2>Was nehmen Sie f\u00fcr die Reise mit?<\/h2>\n<ul>\n<li>Handtuch.<\/li>\n<li>Au\u00dferdem Sonnencreme.<\/li>\n<\/ul>\n<h2>Orange Bay El Gouna Buchungsbuchten<\/h2>\n<ul>\n<li>T\u00e4glich von 08:00 \u2013 17:00 Uhr.<\/li>\n<\/ul>\n<h2>Was erwartet Sie w\u00e4hrend des Ausflugs nach Orange Bay in Hurghada?<\/h2>\n<p>Orange Bay: Dieser Inselstrand befindet sich auf der wundersch\u00f6nen Insel Giftun an der K\u00fcste von Hurghada. Es ist ber\u00fchmt f\u00fcr seinen wei\u00dfen Sand in seichten Gew\u00e4ssern; und orangefarbene Str\u00e4nde.<\/p>\n<h2>Dienstleistungen, die w\u00e4hrend der Bootsfahrt nach Orange Bay angeboten werden<\/h2>\n<p>Transport: Landious Travel verwendet klimatisierte Limousinen\/Minibusse. Ein professioneller Fahrer begleitet Sie zum Hafen und zu Ihrem Hotel.<\/p>\n<p>F\u00fchrung: Ein professioneller englischer Reiseleiter holt Sie von Ihren Hotels ab und begleitet Sie zum Hafen<\/p>\n<p>Bootsausstattung: Unsere Boote sind neu und haben drei Etagen. Diese Boote haben viele Einrichtungen: einen Speisesalon, einen Wasserk\u00fchler, eine K\u00fcche und Toiletten. Au\u00dferdem stellen wir im ersten Stock Schnorchelausr\u00fcstung und Schwimmwesten zur Verf\u00fcgung. Auf dem Sonnendeck befinden sich bequeme Sonnenliegen und ein Zelt.<\/p>\n<p>Strandeinrichtungen: Orange Bay bietet viele Dienstleistungen an seinem Strand. Zur Ausstattung geh\u00f6ren ein Open-Air-Restaurant, Zelte, Sitz- und Sonnenliegen.<\/p>\n<p>Team und Personal: Sie werden eine freundliche und professionelle Crew auf dem Boot haben. Unsere Instruktoren und Trainer begleiten Sie w\u00e4hrend der Reise.<\/p>\n<p>Speisen und Getr\u00e4nke: Wir pr\u00e4sentieren ein hochwertiges Mittagessen auf dem Boot mit verschiedenen Gerichten. Auch das Restaurant am Strand bietet leckeres Essen gegen Aufpreis. Dar\u00fcber hinaus sind Wasser und alkoholfreie Getr\u00e4nke an Bord des Bootes kostenlos.<\/p>\n<p>Schnorchelausr\u00fcstung: Sie k\u00f6nnen Schwimmwesten und Schnorchelausr\u00fcstung ohne Aufpreis verwenden.<\/p>\n","protected":false},"excerpt":{"rendered":"<p>Kommen Sie mit uns auf ein wunderbares Abenteuer von El Gouna aus zur Insel Orange Bay Giftun! Tauchen Sie ein in das kristallklare blaue Wasser des Roten Meeres, umgeben von Lagunen und lebhaften Korallenriffen. Wir holen Sie gegen 8.00 Uhr von Ihrem Hotel ab (genaue Details werden vor Ort best\u00e4tigt) und bringen Sie zum Bootssteg, wo Sie an Bord unseres Bootes gehen. Segeln Sie 45 Minuten lang in Richtung Osten von El Gouna, wo Sie der perfekte Ort zum Schnorcheln oder Schwimmen erwartet. Die Korallenriffe und Fische werden Sie in Erstaunen versetzen!<\/p>\n<p>Nachdem wir etwas Sonne genossen haben, segeln wir zu unserem zweiten Ort zum Schnorcheln oder Schwimmen. Als n\u00e4chstes fahren wir in Richtung Orange Bay, einem der sch\u00f6nsten Str\u00e4nde in der N\u00e4he von El Gouna. Sie verbringen etwa zwei Stunden an diesem atemberaubenden wei\u00dfen Sandstrand, der alle m\u00f6glichen zuverl\u00e4ssigen Dienstleistungen bietet, damit Sie sich wie zu Hause f\u00fchlen. Sie haben sogar einen speziellen Spielbereich f\u00fcr Kinder! Das Mittagessen wird auf dem Boot bereit sein, bevor wir unseren letzten Stopp einlegen (jeder Stopp dauert etwa 45 Minuten).<\/p>\n<p>Unser Paket beinhaltet Abholung und Transfer in klimatisierten Fahrzeugen, Mineralwasser und alkoholfreie Getr\u00e4nke w\u00e4hrend der Bootsfahrten, Unterst\u00fctzung durch einen Reiseleiter, Mittagessen auf der Insel, alle Steuern und Servicegeb\u00fchren sowie Schnorchelausr\u00fcstung. Am Ende des Tages segeln wir zur\u00fcck zur Anlegestelle von El Gouna (ca. 16:00 Uhr), wo Sie der Van erwartet, der Sie zur\u00fcck zu Ihrem Hotel bringt.<\/p>\n<p>Lassen Sie sich von uns auf eine magische Reise mitnehmen und gemeinsam unvergessliche Erinnerungen schaffen!<\/p>\n","protected":false},"featured_media":134914,"comment_status":"open","ping_status":"closed","template":"","meta":{"_coblocks_attr":"","_coblocks_dimensions":"","_coblocks_responsive_height":"","_coblocks_accordion_ie_support":"","_uag_custom_page_level_css":"","jetpack_post_was_ever_published":false,"jetpack_publicize_message":"","jetpack_publicize_feature_enabled":true,"jetpack_social_post_already_shared":true,"jetpack_social_options":{"image_generator_settings":{"template":"highway","default_image_id":0,"font":"","enabled":false},"version":2},"_wpas_customize_per_network":false},"product_brand":[],"product_cat":[20131,20135],"product_tag":[1653,1844,2172,1774,1777,1778],"class_list":{"0":"post-135152","1":"product","2":"type-product","3":"status-publish","4":"has-post-thumbnail","6":"product_cat-gouna-ausfluege","7":"product_cat-gouna-seereisen","8":"product_tag-ausflug","9":"product_tag-bootsausfluge","10":"product_tag-die-insel","11":"product_tag-hurghada-de","12":"product_tag-meer","13":"product_tag-schnorcheln","14":"pa_age-erwachsene","15":"pa_age-kind-1-4-jahre","16":"pa_age-kind-5-11-jahre","18":"first","19":"instock","20":"sale","21":"taxable","22":"shipping-taxable","23":"purchasable","24":"product-type-variable"},"yoast_head":"<!-- This site is optimized with the Yoast SEO Premium plugin v26.9 (Yoast SEO v27.3) - https:\/\/yoast.com\/product\/yoast-seo-premium-wordpress\/ -->\n<title>Orange Bay Ausflug El Gouna<\/title>\n<meta name=\"description\" content=\"Orange Bay Ausflug El Gouna ist ein wundersch\u00f6ner Meeresausflug nach Orange Bay auf der Insel Grand Giftun in Hurghada \u2013 \u00c4gypten! Wir empfehlen die Reise,\" \/>\n<meta name=\"robots\" content=\"index, follow, max-snippet:-1, max-image-preview:large, max-video-preview:-1\" \/>\n<link rel=\"canonical\" href=\"https:\/\/landioustravel.com\/de\/shop\/orange-bay-ausflug-gouna\/\" \/>\n<meta property=\"og:locale\" content=\"de_DE\" \/>\n<meta property=\"og:type\" content=\"article\" \/>\n<meta property=\"og:title\" content=\"Orange Bay Ausflug El Gouna\" \/>\n<meta property=\"og:description\" content=\"Landious Travel\" \/>\n<meta property=\"og:url\" content=\"https:\/\/landioustravel.com\/de\/shop\/orange-bay-ausflug-gouna\/\" \/>\n<meta property=\"og:site_name\" content=\"Landious Travel\" \/>\n<meta property=\"article:publisher\" content=\"https:\/\/web.facebook.com\/landiousEgypt\" \/>\n<meta property=\"article:modified_time\" content=\"2023-06-17T01:37:15+00:00\" \/>\n<meta property=\"og:image\" content=\"https:\/\/i0.wp.com\/landioustravel.com\/wp-content\/uploads\/2022\/12\/Orange-Bay-Trip-e1672522236232.jpg?fit=1200%2C675&ssl=1\" \/>\n\t<meta property=\"og:image:width\" content=\"1200\" \/>\n\t<meta property=\"og:image:height\" content=\"675\" \/>\n\t<meta property=\"og:image:type\" content=\"image\/jpeg\" \/>\n<meta name=\"twitter:card\" content=\"summary_large_image\" \/>\n<meta name=\"twitter:site\" content=\"@LandiousTours\" \/>\n<meta name=\"twitter:label1\" content=\"Gesch\u00e4tzte Lesezeit\" \/>\n\t<meta name=\"twitter:data1\" content=\"4\u00a0Minuten\" \/>\n<script type=\"application\/ld+json\" class=\"yoast-schema-graph\">{\"@context\":\"https:\\\/\\\/schema.org\",\"@graph\":[{\"@type\":\"WebPage\",\"@id\":\"https:\\\/\\\/landioustravel.com\\\/de\\\/shop\\\/orange-bay-ausflug-gouna\\\/\",\"url\":\"https:\\\/\\\/landioustravel.com\\\/de\\\/shop\\\/orange-bay-ausflug-gouna\\\/\",\"name\":\"Orange Bay Ausflug El Gouna\",\"isPartOf\":{\"@id\":\"https:\\\/\\\/landioustravel.com\\\/de\\\/#website\"},\"primaryImageOfPage\":{\"@id\":\"https:\\\/\\\/landioustravel.com\\\/de\\\/shop\\\/orange-bay-ausflug-gouna\\\/#primaryimage\"},\"image\":{\"@id\":\"https:\\\/\\\/landioustravel.com\\\/de\\\/shop\\\/orange-bay-ausflug-gouna\\\/#primaryimage\"},\"thumbnailUrl\":\"https:\\\/\\\/i0.wp.com\\\/landioustravel.com\\\/wp-content\\\/uploads\\\/2022\\\/12\\\/Orange-Bay-Trip-e1672522236232.jpg?fit=1200%2C675&ssl=1\",\"datePublished\":\"2023-01-28T12:42:15+00:00\",\"dateModified\":\"2023-06-17T01:37:15+00:00\",\"description\":\"Orange Bay Ausflug El Gouna ist ein wundersch\u00f6ner Meeresausflug nach Orange Bay auf der Insel Grand Giftun in Hurghada \u2013 \u00c4gypten! Wir empfehlen die Reise,\",\"breadcrumb\":{\"@id\":\"https:\\\/\\\/landioustravel.com\\\/de\\\/shop\\\/orange-bay-ausflug-gouna\\\/#breadcrumb\"},\"inLanguage\":\"de\",\"potentialAction\":[{\"@type\":\"ReadAction\",\"target\":[\"https:\\\/\\\/landioustravel.com\\\/de\\\/shop\\\/orange-bay-ausflug-gouna\\\/\"]}]},{\"@type\":\"ImageObject\",\"inLanguage\":\"de\",\"@id\":\"https:\\\/\\\/landioustravel.com\\\/de\\\/shop\\\/orange-bay-ausflug-gouna\\\/#primaryimage\",\"url\":\"https:\\\/\\\/i0.wp.com\\\/landioustravel.com\\\/wp-content\\\/uploads\\\/2022\\\/12\\\/Orange-Bay-Trip-e1672522236232.jpg?fit=1200%2C675&ssl=1\",\"contentUrl\":\"https:\\\/\\\/i0.wp.com\\\/landioustravel.com\\\/wp-content\\\/uploads\\\/2022\\\/12\\\/Orange-Bay-Trip-e1672522236232.jpg?fit=1200%2C675&ssl=1\",\"width\":1200,\"height\":675,\"caption\":\"Orange Bay Trip\"},{\"@type\":\"BreadcrumbList\",\"@id\":\"https:\\\/\\\/landioustravel.com\\\/de\\\/shop\\\/orange-bay-ausflug-gouna\\\/#breadcrumb\",\"itemListElement\":[{\"@type\":\"ListItem\",\"position\":1,\"name\":\"Home\",\"item\":\"https:\\\/\\\/landioustravel.com\\\/de\\\/\"},{\"@type\":\"ListItem\",\"position\":2,\"name\":\"\u00c4gypten Touren\",\"item\":\"https:\\\/\\\/landioustravel.com\\\/de\\\/\"},{\"@type\":\"ListItem\",\"position\":3,\"name\":\"Orange Bay Ausflug El Gouna\"}]},{\"@type\":\"WebSite\",\"@id\":\"https:\\\/\\\/landioustravel.com\\\/de\\\/#website\",\"url\":\"https:\\\/\\\/landioustravel.com\\\/de\\\/\",\"name\":\"Landious Travel\",\"description\":\"Excursions, trips and cruises in Egypt\",\"publisher\":{\"@id\":\"https:\\\/\\\/landioustravel.com\\\/de\\\/#organization\"},\"potentialAction\":[{\"@type\":\"SearchAction\",\"target\":{\"@type\":\"EntryPoint\",\"urlTemplate\":\"https:\\\/\\\/landioustravel.com\\\/de\\\/?s={search_term_string}\"},\"query-input\":{\"@type\":\"PropertyValueSpecification\",\"valueRequired\":true,\"valueName\":\"search_term_string\"}}],\"inLanguage\":\"de\"},{\"@type\":[\"Organization\",\"Place\"],\"@id\":\"https:\\\/\\\/landioustravel.com\\\/de\\\/#organization\",\"name\":\"Landious Travel\",\"alternateName\":\"Landious Travel\",\"url\":\"https:\\\/\\\/landioustravel.com\\\/de\\\/\",\"logo\":{\"@id\":\"https:\\\/\\\/landioustravel.com\\\/de\\\/shop\\\/orange-bay-ausflug-gouna\\\/#local-main-organization-logo\"},\"image\":{\"@id\":\"https:\\\/\\\/landioustravel.com\\\/de\\\/shop\\\/orange-bay-ausflug-gouna\\\/#local-main-organization-logo\"},\"sameAs\":[\"https:\\\/\\\/web.facebook.com\\\/landiousEgypt\",\"https:\\\/\\\/x.com\\\/LandiousTours\",\"https:\\\/\\\/mastodon.social\\\/@landious\"],\"legalName\":\"Landious Travel\",\"telephone\":[],\"openingHoursSpecification\":[{\"@type\":\"OpeningHoursSpecification\",\"dayOfWeek\":[\"Monday\",\"Tuesday\",\"Wednesday\",\"Thursday\",\"Friday\",\"Saturday\",\"Sunday\"],\"opens\":\"09:00\",\"closes\":\"17:00\"}]},{\"@type\":\"ImageObject\",\"inLanguage\":\"de\",\"@id\":\"https:\\\/\\\/landioustravel.com\\\/de\\\/shop\\\/orange-bay-ausflug-gouna\\\/#local-main-organization-logo\",\"url\":\"https:\\\/\\\/i0.wp.com\\\/landioustravel.com\\\/wp-content\\\/uploads\\\/2021\\\/06\\\/Landious-T.png?fit=500%2C500&ssl=1\",\"contentUrl\":\"https:\\\/\\\/i0.wp.com\\\/landioustravel.com\\\/wp-content\\\/uploads\\\/2021\\\/06\\\/Landious-T.png?fit=500%2C500&ssl=1\",\"width\":500,\"height\":500,\"caption\":\"Landious Travel\"}]}<\/script>\n<!-- \/ Yoast SEO Premium plugin. -->","yoast_head_json":{"title":"Orange Bay Ausflug El Gouna","description":"Orange Bay Ausflug El Gouna ist ein wundersch\u00f6ner Meeresausflug nach Orange Bay auf der Insel Grand Giftun in Hurghada \u2013 \u00c4gypten! Wir empfehlen die Reise,","robots":{"index":"index","follow":"follow","max-snippet":"max-snippet:-1","max-image-preview":"max-image-preview:large","max-video-preview":"max-video-preview:-1"},"canonical":"https:\/\/landioustravel.com\/de\/shop\/orange-bay-ausflug-gouna\/","og_locale":"de_DE","og_type":"article","og_title":"Orange Bay Ausflug El Gouna","og_description":"Landious Travel","og_url":"https:\/\/landioustravel.com\/de\/shop\/orange-bay-ausflug-gouna\/","og_site_name":"Landious Travel","article_publisher":"https:\/\/web.facebook.com\/landiousEgypt","article_modified_time":"2023-06-17T01:37:15+00:00","og_image":[{"width":1200,"height":675,"url":"https:\/\/i0.wp.com\/landioustravel.com\/wp-content\/uploads\/2022\/12\/Orange-Bay-Trip-e1672522236232.jpg?fit=1200%2C675&ssl=1","type":"image\/jpeg"}],"twitter_card":"summary_large_image","twitter_site":"@LandiousTours","twitter_misc":{"Gesch\u00e4tzte Lesezeit":"4\u00a0Minuten"},"schema":{"@context":"https:\/\/schema.org","@graph":[{"@type":"WebPage","@id":"https:\/\/landioustravel.com\/de\/shop\/orange-bay-ausflug-gouna\/","url":"https:\/\/landioustravel.com\/de\/shop\/orange-bay-ausflug-gouna\/","name":"Orange Bay Ausflug El Gouna","isPartOf":{"@id":"https:\/\/landioustravel.com\/de\/#website"},"primaryImageOfPage":{"@id":"https:\/\/landioustravel.com\/de\/shop\/orange-bay-ausflug-gouna\/#primaryimage"},"image":{"@id":"https:\/\/landioustravel.com\/de\/shop\/orange-bay-ausflug-gouna\/#primaryimage"},"thumbnailUrl":"https:\/\/i0.wp.com\/landioustravel.com\/wp-content\/uploads\/2022\/12\/Orange-Bay-Trip-e1672522236232.jpg?fit=1200%2C675&ssl=1","datePublished":"2023-01-28T12:42:15+00:00","dateModified":"2023-06-17T01:37:15+00:00","description":"Orange Bay Ausflug El Gouna ist ein wundersch\u00f6ner Meeresausflug nach Orange Bay auf der Insel Grand Giftun in Hurghada \u2013 \u00c4gypten! Wir empfehlen die Reise,","breadcrumb":{"@id":"https:\/\/landioustravel.com\/de\/shop\/orange-bay-ausflug-gouna\/#breadcrumb"},"inLanguage":"de","potentialAction":[{"@type":"ReadAction","target":["https:\/\/landioustravel.com\/de\/shop\/orange-bay-ausflug-gouna\/"]}]},{"@type":"ImageObject","inLanguage":"de","@id":"https:\/\/landioustravel.com\/de\/shop\/orange-bay-ausflug-gouna\/#primaryimage","url":"https:\/\/i0.wp.com\/landioustravel.com\/wp-content\/uploads\/2022\/12\/Orange-Bay-Trip-e1672522236232.jpg?fit=1200%2C675&ssl=1","contentUrl":"https:\/\/i0.wp.com\/landioustravel.com\/wp-content\/uploads\/2022\/12\/Orange-Bay-Trip-e1672522236232.jpg?fit=1200%2C675&ssl=1","width":1200,"height":675,"caption":"Orange Bay Trip"},{"@type":"BreadcrumbList","@id":"https:\/\/landioustravel.com\/de\/shop\/orange-bay-ausflug-gouna\/#breadcrumb","itemListElement":[{"@type":"ListItem","position":1,"name":"Home","item":"https:\/\/landioustravel.com\/de\/"},{"@type":"ListItem","position":2,"name":"\u00c4gypten Touren","item":"https:\/\/landioustravel.com\/de\/"},{"@type":"ListItem","position":3,"name":"Orange Bay Ausflug El Gouna"}]},{"@type":"WebSite","@id":"https:\/\/landioustravel.com\/de\/#website","url":"https:\/\/landioustravel.com\/de\/","name":"Landious Travel","description":"Excursions, trips and cruises in Egypt","publisher":{"@id":"https:\/\/landioustravel.com\/de\/#organization"},"potentialAction":[{"@type":"SearchAction","target":{"@type":"EntryPoint","urlTemplate":"https:\/\/landioustravel.com\/de\/?s={search_term_string}"},"query-input":{"@type":"PropertyValueSpecification","valueRequired":true,"valueName":"search_term_string"}}],"inLanguage":"de"},{"@type":["Organization","Place"],"@id":"https:\/\/landioustravel.com\/de\/#organization","name":"Landious Travel","alternateName":"Landious Travel","url":"https:\/\/landioustravel.com\/de\/","logo":{"@id":"https:\/\/landioustravel.com\/de\/shop\/orange-bay-ausflug-gouna\/#local-main-organization-logo"},"image":{"@id":"https:\/\/landioustravel.com\/de\/shop\/orange-bay-ausflug-gouna\/#local-main-organization-logo"},"sameAs":["https:\/\/web.facebook.com\/landiousEgypt","https:\/\/x.com\/LandiousTours","https:\/\/mastodon.social\/@landious"],"legalName":"Landious Travel","telephone":[],"openingHoursSpecification":[{"@type":"OpeningHoursSpecification","dayOfWeek":["Monday","Tuesday","Wednesday","Thursday","Friday","Saturday","Sunday"],"opens":"09:00","closes":"17:00"}]},{"@type":"ImageObject","inLanguage":"de","@id":"https:\/\/landioustravel.com\/de\/shop\/orange-bay-ausflug-gouna\/#local-main-organization-logo","url":"https:\/\/i0.wp.com\/landioustravel.com\/wp-content\/uploads\/2021\/06\/Landious-T.png?fit=500%2C500&ssl=1","contentUrl":"https:\/\/i0.wp.com\/landioustravel.com\/wp-content\/uploads\/2021\/06\/Landious-T.png?fit=500%2C500&ssl=1","width":500,"height":500,"caption":"Landious Travel"}]}},"jetpack_publicize_connections":[],"uagb_featured_image_src":{"full":["https:\/\/i0.wp.com\/landioustravel.com\/wp-content\/uploads\/2022\/12\/Orange-Bay-Trip-e1672522236232.jpg?fit=1200%2C675&ssl=1",1200,675,false],"thumbnail":["https:\/\/i0.wp.com\/landioustravel.com\/wp-content\/uploads\/2022\/12\/Orange-Bay-Trip-e1672522236232.jpg?resize=150%2C150&ssl=1",150,150,true],"medium":["https:\/\/i0.wp.com\/landioustravel.com\/wp-content\/uploads\/2022\/12\/Orange-Bay-Trip-e1672522236232.jpg?fit=300%2C169&ssl=1",300,169,true],"medium_large":["https:\/\/i0.wp.com\/landioustravel.com\/wp-content\/uploads\/2022\/12\/Orange-Bay-Trip-e1672522236232.jpg?fit=768%2C432&ssl=1",768,432,true],"large":["https:\/\/i0.wp.com\/landioustravel.com\/wp-content\/uploads\/2022\/12\/Orange-Bay-Trip-e1672522236232.jpg?fit=980%2C551&ssl=1",980,551,true],"1536x1536":["https:\/\/i0.wp.com\/landioustravel.com\/wp-content\/uploads\/2022\/12\/Orange-Bay-Trip-e1672522236232.jpg?fit=1200%2C675&ssl=1",1200,675,true],"2048x2048":["https:\/\/i0.wp.com\/landioustravel.com\/wp-content\/uploads\/2022\/12\/Orange-Bay-Trip-e1672522236232.jpg?fit=1200%2C675&ssl=1",1200,675,true],"newspack-article-block-landscape-large":["https:\/\/i0.wp.com\/landioustravel.com\/wp-content\/uploads\/2022\/12\/Orange-Bay-Trip-e1672522236232.jpg?resize=1200%2C675&ssl=1",1200,675,true],"newspack-article-block-portrait-large":["https:\/\/i0.wp.com\/landioustravel.com\/wp-content\/uploads\/2022\/12\/Orange-Bay-Trip-e1672522236232.jpg?resize=900%2C675&ssl=1",900,675,true],"newspack-article-block-square-large":["https:\/\/i0.wp.com\/landioustravel.com\/wp-content\/uploads\/2022\/12\/Orange-Bay-Trip-e1672522236232.jpg?resize=1200%2C675&ssl=1",1200,675,true],"newspack-article-block-landscape-medium":["https:\/\/i0.wp.com\/landioustravel.com\/wp-content\/uploads\/2022\/12\/Orange-Bay-Trip-e1672522236232.jpg?resize=800%2C600&ssl=1",800,600,true],"newspack-article-block-portrait-medium":["https:\/\/i0.wp.com\/landioustravel.com\/wp-content\/uploads\/2022\/12\/Orange-Bay-Trip-e1672522236232.jpg?resize=600%2C675&ssl=1",600,675,true],"newspack-article-block-square-medium":["https:\/\/i0.wp.com\/landioustravel.com\/wp-content\/uploads\/2022\/12\/Orange-Bay-Trip-e1672522236232.jpg?resize=800%2C675&ssl=1",800,675,true],"newspack-article-block-landscape-intermediate":["https:\/\/i0.wp.com\/landioustravel.com\/wp-content\/uploads\/2022\/12\/Orange-Bay-Trip-e1672522236232.jpg?resize=600%2C450&ssl=1",600,450,true],"newspack-article-block-portrait-intermediate":["https:\/\/i0.wp.com\/landioustravel.com\/wp-content\/uploads\/2022\/12\/Orange-Bay-Trip-e1672522236232.jpg?resize=450%2C600&ssl=1",450,600,true],"newspack-article-block-square-intermediate":["https:\/\/i0.wp.com\/landioustravel.com\/wp-content\/uploads\/2022\/12\/Orange-Bay-Trip-e1672522236232.jpg?resize=600%2C600&ssl=1",600,600,true],"newspack-article-block-landscape-small":["https:\/\/i0.wp.com\/landioustravel.com\/wp-content\/uploads\/2022\/12\/Orange-Bay-Trip-e1672522236232.jpg?resize=400%2C300&ssl=1",400,300,true],"newspack-article-block-portrait-small":["https:\/\/i0.wp.com\/landioustravel.com\/wp-content\/uploads\/2022\/12\/Orange-Bay-Trip-e1672522236232.jpg?resize=300%2C400&ssl=1",300,400,true],"newspack-article-block-square-small":["https:\/\/i0.wp.com\/landioustravel.com\/wp-content\/uploads\/2022\/12\/Orange-Bay-Trip-e1672522236232.jpg?resize=400%2C400&ssl=1",400,400,true],"newspack-article-block-landscape-tiny":["https:\/\/i0.wp.com\/landioustravel.com\/wp-content\/uploads\/2022\/12\/Orange-Bay-Trip-e1672522236232.jpg?resize=200%2C150&ssl=1",200,150,true],"newspack-article-block-portrait-tiny":["https:\/\/i0.wp.com\/landioustravel.com\/wp-content\/uploads\/2022\/12\/Orange-Bay-Trip-e1672522236232.jpg?resize=150%2C200&ssl=1",150,200,true],"newspack-article-block-square-tiny":["https:\/\/i0.wp.com\/landioustravel.com\/wp-content\/uploads\/2022\/12\/Orange-Bay-Trip-e1672522236232.jpg?resize=200%2C200&ssl=1",200,200,true],"newspack-article-block-uncropped":["https:\/\/i0.wp.com\/landioustravel.com\/wp-content\/uploads\/2022\/12\/Orange-Bay-Trip-e1672522236232.jpg?fit=1200%2C675&ssl=1",1200,675,true],"woocommerce_thumbnail":["https:\/\/i0.wp.com\/landioustravel.com\/wp-content\/uploads\/2022\/12\/Orange-Bay-Trip-e1672522236232.jpg?resize=324%2C324&ssl=1",324,324,true],"woocommerce_single":["https:\/\/i0.wp.com\/landioustravel.com\/wp-content\/uploads\/2022\/12\/Orange-Bay-Trip-e1672522236232.jpg?fit=416%2C234&ssl=1",416,234,true],"woocommerce_gallery_thumbnail":["https:\/\/i0.wp.com\/landioustravel.com\/wp-content\/uploads\/2022\/12\/Orange-Bay-Trip-e1672522236232.jpg?resize=100%2C100&ssl=1",100,100,true]},"uagb_author_info":{"display_name":"Mofreh Landious","author_link":"https:\/\/landioustravel.com\/de\/author\/"},"uagb_comment_info":0,"uagb_excerpt":"Kommen Sie mit uns auf ein wunderbares Abenteuer von El Gouna aus zur Insel Orange Bay Giftun! Tauchen Sie ein in das kristallklare blaue Wasser des Roten Meeres, umgeben von Lagunen und lebhaften Korallenriffen. Wir holen Sie gegen 8.00 Uhr von Ihrem Hotel ab (genaue Details werden vor Ort best\u00e4tigt) und bringen Sie zum Bootssteg,&hellip;","jetpack_sharing_enabled":true,"jetpack_likes_enabled":true,"amp_enabled":true,"_links":{"self":[{"href":"https:\/\/landioustravel.com\/de\/wp-json\/wp\/v2\/product\/135152","targetHints":{"allow":["GET"]}}],"collection":[{"href":"https:\/\/landioustravel.com\/de\/wp-json\/wp\/v2\/product"}],"about":[{"href":"https:\/\/landioustravel.com\/de\/wp-json\/wp\/v2\/types\/product"}],"replies":[{"embeddable":true,"href":"https:\/\/landioustravel.com\/de\/wp-json\/wp\/v2\/comments?post=135152"}],"wp:featuredmedia":[{"embeddable":true,"href":"https:\/\/landioustravel.com\/de\/wp-json\/wp\/v2\/media\/134914"}],"wp:attachment":[{"href":"https:\/\/landioustravel.com\/de\/wp-json\/wp\/v2\/media?parent=135152"}],"wp:term":[{"taxonomy":"product_brand","embeddable":true,"href":"https:\/\/landioustravel.com\/de\/wp-json\/wp\/v2\/product_brand?post=135152"},{"taxonomy":"product_cat","embeddable":true,"href":"https:\/\/landioustravel.com\/de\/wp-json\/wp\/v2\/product_cat?post=135152"},{"taxonomy":"product_tag","embeddable":true,"href":"https:\/\/landioustravel.com\/de\/wp-json\/wp\/v2\/product_tag?post=135152"}],"curies":[{"name":"wp","href":"https:\/\/api.w.org\/{rel}","templated":true}]}}