{"id":135173,"date":"2023-01-29T00:44:47","date_gmt":"2023-01-28T23:55:31","guid":{"rendered":"https:\/\/landioustravel.com\/?post_type=product&#038;p=135173"},"modified":"2023-06-14T00:11:29","modified_gmt":"2023-06-13T22:11:29","slug":"sternenbeobachtung-reise-hurghada","status":"publish","type":"product","link":"https:\/\/landioustravel.com\/de\/shop\/sternenbeobachtung-reise-hurghada\/","title":{"rendered":"Sternenbeobachtung Reise Hurghada"},"content":{"rendered":"<p>Der <strong>Sternenbeobachtung Reise Hurghada<\/strong> ist eine aufregende Safari-Aktivit\u00e4t mit dem Jeep 4\u00d74 in Hurghada, \u00c4gypten! Wir empfehlen den <strong>Sternenbeobachtung Reise Hurghada<\/strong>, weil er Touristen die einzigartige Gelegenheit bietet, die Sterne in einer ruhigen W\u00fcstenatmosph\u00e4re zu sehen. Au\u00dferdem erm\u00f6glicht das Sternenbeobachtung-Programm, die W\u00fcste zu sehen und die Beduinenkultur zu treffen. In der Tat beinhaltet es einen Besuch des Beduinendorfes, wo Sie mehr Unterhaltung haben werden, wie z. B. Kamelreiten. Es ist ein lustiges Erlebnis mit bleibendem Eindruck!<\/p>\n<h2>H\u00f6hepunkte der Sternbeobachtung Reise in Hurghada<\/h2>\n<ul>\n<li>Kamelreiten in der W\u00fcste.<\/li>\n<li>Als n\u00e4chstes Beduinen-Abendessen mit alkoholfreien Getr\u00e4nken.<\/li>\n<li>Dann Sternenbeobachtung \u00fcber Teleskope.<\/li>\n<li>Abschlie\u00dfend genie\u00dfen Sie das orientalische Abendessen.<\/li>\n<\/ul>\n<h2>Programm des Sternenbeobachtungsabenteuers in Hurghada<\/h2>\n<ul>\n<li>Der Vertreter von Landious Travel holt Sie gegen 15:00 Uhr vom Hotel in Hurghada ab.<\/li>\n<li>Nachdem wir alle Ank\u00f6mmlinge abgeholt haben, f\u00e4hrt unser Minibus\/Bus in Richtung der W\u00fcste, einer Beduinengemeinschaft. Der Weg zur Basis dauert ca. 40 Minuten.<\/li>\n<\/ul>\n<h3>Kamelreiten und Beduinenzelt<\/h3>\n<ul>\n<li>Die Stargazing-Reise beginnt mit einem aufregenden Stopp: Kamelreiten. Zun\u00e4chst sollten Sie sich vorbereiten, indem Sie eine Sonnenbrille tragen, einen Schal auf den Kopf rollen und ihn anziehen. Zweitens erhalten Sie eine kurze Anleitung und ein Training zum Kamelreiten. Als n\u00e4chstes reiten Sie etwa 20 Minuten lang auf Kamelen mitten in der W\u00fcste.<\/li>\n<li>Nach dieser sch\u00f6nen Fahrt k\u00f6nnen Sie den fabelhaften Sonnenuntergang auf einem nahe gelegenen H\u00fcgel beobachten und einen Panoramablick auf die W\u00fcste haben.<\/li>\n<li>Unser n\u00e4chster Halt wird ein Beduinenzelt sein. Sobald Sie im Beduinendorf ankommen, k\u00f6nnen Sie mit Beduinen Fotos machen und Beduinentee trinken.<\/li>\n<li>Unser Team serviert Ihnen im Kerzenschein ein k\u00f6stliches Abendessen im Beduinenzelt. Es ist so ein romantisches Gef\u00fchl!<\/li>\n<li>Nat\u00fcrlich erfahren Sie, wie die Beduinen in der W\u00fcste ihr Brot backen. Es wird so interessant sein, sich selbst zu beobachten.<\/li>\n<\/ul>\n<h3>Sternenbeobachtung \u00fcber Teleskope<\/h3>\n<ul>\n<li>Au\u00dferdem werden Sie den Hauptpunkt des Programms genie\u00dfen: Sternenbeobachtung durch Riesenteleskope, GPS-gesteuertes Teleskop \u201eMeade\u201c. Sie sind die professionellsten in \u00c4gypten mit Computerf\u00fchrung. Ihr Guide begleitet Sie zum Bereich dieser Teleskope. Dann werden Sie die Erkl\u00e4rung des Astronomen so sehr lieben und die Gelegenheit haben, mit diesen Expertenteleskopen Sterne zu beobachten. Es wird so sch\u00f6n sein, den Abend mit dieser gro\u00dfartigen Aktivit\u00e4t zu beenden.<\/li>\n<\/ul>\n<h3>Zur\u00fcck zuhause<\/h3>\n<ul>\n<li>Schlie\u00dflich machen Sie sich bereit f\u00fcr die R\u00fcckfahrt zu Ihrem Hotel.<\/li>\n<li>Diese Sternenbeobachtung Tour in Hurghada endet gegen 20:00 Uhr.<\/li>\n<\/ul>\n<h2>Was beinhaltet der Preis f\u00fcr einen Sternenbeobachtung Ausflug nach Hurghada?<\/h2>\n<ul>\n<li>Mittagessen.<\/li>\n<li>Au\u00dferdem Transfer in die W\u00fcste und zur\u00fcck zum Hotel.<\/li>\n<\/ul>\n<h2>Was beinhaltet das Sternenbeobachtung-Programm in Hurghada nicht?<\/h2>\n<ul>\n<li>Video-DVD.<\/li>\n<li>Auch die Foto-CD.<\/li>\n<\/ul>\n<h2>Was nehmen Sie f\u00fcr die Reise mit?<\/h2>\n<ul>\n<li>Schal.<\/li>\n<li>Auch die Sonnenbrille.<\/li>\n<\/ul>\n<h2>Buchungstage<\/h2>\n<ul>\n<li>T\u00e4glich von 15:00 \u2013 20:00 Uhr.<\/li>\n<\/ul>\n","protected":false},"excerpt":{"rendered":"<p>Waren Sie schon einmal auf einer Sternenbeobachtungsreise? Das in Hurghada klingt nach einem absoluten Abenteuer! Stellen Sie sich vor, Sie blicken durch riesige Teleskope in der W\u00fcste auf die Sterne. Und das ist nicht alles! Sie k\u00f6nnen auch auf einem Kamel reiten und die Beduinen treffen, um mehr \u00fcber ihre Kultur zu erfahren. Au\u00dferdem gibt es ein Beduinen-Abendessen! Anschlie\u00dfend erleben Sie eine atemberaubende Jeep-Safari durch die \u00e4gyptische W\u00fcste und werden Zeuge des faszinierenden Sonnenuntergangs. Und das Beste daran? Sie besuchen ein Observatorium und erfahren alles \u00fcber die Sterne und Planeten. Wie aufregend ist das? Auf dieser Sternbeobachtungstour ab Hurghada tauchen Sie v\u00f6llig in die Sch\u00f6nheit der \u00e4gyptischen W\u00fcste ein, inklusive Hoteltransfer. Alles beginnt mit der Abholung durch einen Jeep, der Sie zu Ihrem Tourstartpunkt bringt, und von dort aus wagen Sie sich in die malerische W\u00fcste von Hurghada. Sie k\u00f6nnen die ferne Milchstra\u00dfe, dargestellt durch die Sterne, und sogar einige der Planeten durch ein Teleskop sehen, w\u00e4hrend Sie von einem Astronomen spannende Informationen \u00fcber den Weltraum und die Sternenforschung erfahren. Sobald Sie mit dem Bewundern der Sterne fertig sind, kehren Sie mit dem Jeep zu Ihrem Hotel zur\u00fcck.<\/p>\n","protected":false},"featured_media":135174,"comment_status":"open","ping_status":"closed","template":"","meta":{"_coblocks_attr":"","_coblocks_dimensions":"","_coblocks_responsive_height":"","_coblocks_accordion_ie_support":"","_uag_custom_page_level_css":"","jetpack_post_was_ever_published":false,"jetpack_publicize_message":"","jetpack_publicize_feature_enabled":true,"jetpack_social_post_already_shared":true,"jetpack_social_options":{"image_generator_settings":{"template":"highway","default_image_id":0,"font":"","enabled":false},"version":2},"_wpas_customize_per_network":false},"product_brand":[],"product_cat":[22096,1597,22163,1602],"product_tag":[1653,1774,19039,2177,2113],"class_list":{"0":"post-135173","1":"product","2":"type-product","3":"status-publish","4":"has-post-thumbnail","6":"product_cat-budgetfreundliche-hurghada-ausfluege","7":"product_cat-ausfluge-hurghada","8":"product_cat-hurghada-jeep-touren","9":"product_cat-safaritouren-hurghada","10":"product_tag-ausflug","11":"product_tag-hurghada-de","12":"product_tag-jeepsafari-de","13":"product_tag-safari-de","14":"product_tag-wustensafari","15":"pa_age-erwachsene","16":"pa_age-kind-5-11-jahre","18":"first","19":"instock","20":"sale","21":"taxable","22":"shipping-taxable","23":"purchasable","24":"product-type-variable"},"yoast_head":"<!-- This site is optimized with the Yoast SEO Premium plugin v26.9 (Yoast SEO v27.3) - https:\/\/yoast.com\/product\/yoast-seo-premium-wordpress\/ -->\n<title>Sternenbeobachtung Reise Hurghada<\/title>\n<meta name=\"description\" content=\"Sternenbeobachtung Reise Hurghada ist eine aufregende Safari-Aktivit\u00e4t mit dem Jeep 4\u00d74 in Hurghada, \u00c4gypten! Wir empfehlen den Stargazing Trip Hurghada,\" \/>\n<meta name=\"robots\" content=\"index, follow, max-snippet:-1, max-image-preview:large, max-video-preview:-1\" \/>\n<link rel=\"canonical\" href=\"https:\/\/landioustravel.com\/de\/shop\/sternenbeobachtung-reise-hurghada\/\" \/>\n<meta property=\"og:locale\" content=\"de_DE\" \/>\n<meta property=\"og:type\" content=\"article\" \/>\n<meta property=\"og:title\" content=\"Sternenbeobachtung Reise Hurghada\" \/>\n<meta property=\"og:description\" content=\"Landious Travel\" \/>\n<meta property=\"og:url\" content=\"https:\/\/landioustravel.com\/de\/shop\/sternenbeobachtung-reise-hurghada\/\" \/>\n<meta property=\"og:site_name\" content=\"Landious Travel\" \/>\n<meta property=\"article:publisher\" content=\"https:\/\/web.facebook.com\/landiousEgypt\" \/>\n<meta property=\"article:modified_time\" content=\"2023-06-13T22:11:29+00:00\" \/>\n<meta property=\"og:image\" content=\"https:\/\/i0.wp.com\/landioustravel.com\/wp-content\/uploads\/2023\/01\/Stargazing-Trip-Hurghada-e1674945357951.jpg?fit=1199%2C674&ssl=1\" \/>\n\t<meta property=\"og:image:width\" content=\"1199\" \/>\n\t<meta property=\"og:image:height\" content=\"674\" \/>\n\t<meta property=\"og:image:type\" content=\"image\/jpeg\" \/>\n<meta name=\"twitter:card\" content=\"summary_large_image\" \/>\n<meta name=\"twitter:site\" content=\"@LandiousTours\" \/>\n<meta name=\"twitter:label1\" content=\"Gesch\u00e4tzte Lesezeit\" \/>\n\t<meta name=\"twitter:data1\" content=\"2\u00a0Minuten\" \/>\n<script type=\"application\/ld+json\" class=\"yoast-schema-graph\">{\"@context\":\"https:\\\/\\\/schema.org\",\"@graph\":[{\"@type\":\"WebPage\",\"@id\":\"https:\\\/\\\/landioustravel.com\\\/de\\\/shop\\\/sternenbeobachtung-reise-hurghada\\\/\",\"url\":\"https:\\\/\\\/landioustravel.com\\\/de\\\/shop\\\/sternenbeobachtung-reise-hurghada\\\/\",\"name\":\"Sternenbeobachtung Reise Hurghada\",\"isPartOf\":{\"@id\":\"https:\\\/\\\/landioustravel.com\\\/de\\\/#website\"},\"primaryImageOfPage\":{\"@id\":\"https:\\\/\\\/landioustravel.com\\\/de\\\/shop\\\/sternenbeobachtung-reise-hurghada\\\/#primaryimage\"},\"image\":{\"@id\":\"https:\\\/\\\/landioustravel.com\\\/de\\\/shop\\\/sternenbeobachtung-reise-hurghada\\\/#primaryimage\"},\"thumbnailUrl\":\"https:\\\/\\\/i0.wp.com\\\/landioustravel.com\\\/wp-content\\\/uploads\\\/2023\\\/01\\\/Stargazing-Trip-Hurghada-e1674945357951.jpg?fit=1199%2C674&ssl=1\",\"datePublished\":\"2023-01-28T23:55:31+00:00\",\"dateModified\":\"2023-06-13T22:11:29+00:00\",\"description\":\"Sternenbeobachtung Reise Hurghada ist eine aufregende Safari-Aktivit\u00e4t mit dem Jeep 4\u00d74 in Hurghada, \u00c4gypten! Wir empfehlen den Stargazing Trip Hurghada,\",\"breadcrumb\":{\"@id\":\"https:\\\/\\\/landioustravel.com\\\/de\\\/shop\\\/sternenbeobachtung-reise-hurghada\\\/#breadcrumb\"},\"inLanguage\":\"de\",\"potentialAction\":[{\"@type\":\"ReadAction\",\"target\":[\"https:\\\/\\\/landioustravel.com\\\/de\\\/shop\\\/sternenbeobachtung-reise-hurghada\\\/\"]}]},{\"@type\":\"ImageObject\",\"inLanguage\":\"de\",\"@id\":\"https:\\\/\\\/landioustravel.com\\\/de\\\/shop\\\/sternenbeobachtung-reise-hurghada\\\/#primaryimage\",\"url\":\"https:\\\/\\\/i0.wp.com\\\/landioustravel.com\\\/wp-content\\\/uploads\\\/2023\\\/01\\\/Stargazing-Trip-Hurghada-e1674945357951.jpg?fit=1199%2C674&ssl=1\",\"contentUrl\":\"https:\\\/\\\/i0.wp.com\\\/landioustravel.com\\\/wp-content\\\/uploads\\\/2023\\\/01\\\/Stargazing-Trip-Hurghada-e1674945357951.jpg?fit=1199%2C674&ssl=1\",\"width\":1199,\"height\":674,\"caption\":\"Stargazing Trip Hurghada\"},{\"@type\":\"BreadcrumbList\",\"@id\":\"https:\\\/\\\/landioustravel.com\\\/de\\\/shop\\\/sternenbeobachtung-reise-hurghada\\\/#breadcrumb\",\"itemListElement\":[{\"@type\":\"ListItem\",\"position\":1,\"name\":\"Home\",\"item\":\"https:\\\/\\\/landioustravel.com\\\/de\\\/\"},{\"@type\":\"ListItem\",\"position\":2,\"name\":\"\u00c4gypten Touren\",\"item\":\"https:\\\/\\\/landioustravel.com\\\/de\\\/\"},{\"@type\":\"ListItem\",\"position\":3,\"name\":\"Sternenbeobachtung Reise Hurghada\"}]},{\"@type\":\"WebSite\",\"@id\":\"https:\\\/\\\/landioustravel.com\\\/de\\\/#website\",\"url\":\"https:\\\/\\\/landioustravel.com\\\/de\\\/\",\"name\":\"Landious Travel\",\"description\":\"Excursions, trips and cruises in Egypt\",\"publisher\":{\"@id\":\"https:\\\/\\\/landioustravel.com\\\/de\\\/#organization\"},\"potentialAction\":[{\"@type\":\"SearchAction\",\"target\":{\"@type\":\"EntryPoint\",\"urlTemplate\":\"https:\\\/\\\/landioustravel.com\\\/de\\\/?s={search_term_string}\"},\"query-input\":{\"@type\":\"PropertyValueSpecification\",\"valueRequired\":true,\"valueName\":\"search_term_string\"}}],\"inLanguage\":\"de\"},{\"@type\":[\"Organization\",\"Place\"],\"@id\":\"https:\\\/\\\/landioustravel.com\\\/de\\\/#organization\",\"name\":\"Landious Travel\",\"alternateName\":\"Landious Travel\",\"url\":\"https:\\\/\\\/landioustravel.com\\\/de\\\/\",\"logo\":{\"@id\":\"https:\\\/\\\/landioustravel.com\\\/de\\\/shop\\\/sternenbeobachtung-reise-hurghada\\\/#local-main-organization-logo\"},\"image\":{\"@id\":\"https:\\\/\\\/landioustravel.com\\\/de\\\/shop\\\/sternenbeobachtung-reise-hurghada\\\/#local-main-organization-logo\"},\"sameAs\":[\"https:\\\/\\\/web.facebook.com\\\/landiousEgypt\",\"https:\\\/\\\/x.com\\\/LandiousTours\",\"https:\\\/\\\/mastodon.social\\\/@landious\"],\"legalName\":\"Landious Travel\",\"telephone\":[],\"openingHoursSpecification\":[{\"@type\":\"OpeningHoursSpecification\",\"dayOfWeek\":[\"Monday\",\"Tuesday\",\"Wednesday\",\"Thursday\",\"Friday\",\"Saturday\",\"Sunday\"],\"opens\":\"09:00\",\"closes\":\"17:00\"}]},{\"@type\":\"ImageObject\",\"inLanguage\":\"de\",\"@id\":\"https:\\\/\\\/landioustravel.com\\\/de\\\/shop\\\/sternenbeobachtung-reise-hurghada\\\/#local-main-organization-logo\",\"url\":\"https:\\\/\\\/i0.wp.com\\\/landioustravel.com\\\/wp-content\\\/uploads\\\/2021\\\/06\\\/Landious-T.png?fit=500%2C500&ssl=1\",\"contentUrl\":\"https:\\\/\\\/i0.wp.com\\\/landioustravel.com\\\/wp-content\\\/uploads\\\/2021\\\/06\\\/Landious-T.png?fit=500%2C500&ssl=1\",\"width\":500,\"height\":500,\"caption\":\"Landious Travel\"}]}<\/script>\n<!-- \/ Yoast SEO Premium plugin. -->","yoast_head_json":{"title":"Sternenbeobachtung Reise Hurghada","description":"Sternenbeobachtung Reise Hurghada ist eine aufregende Safari-Aktivit\u00e4t mit dem Jeep 4\u00d74 in Hurghada, \u00c4gypten! Wir empfehlen den Stargazing Trip Hurghada,","robots":{"index":"index","follow":"follow","max-snippet":"max-snippet:-1","max-image-preview":"max-image-preview:large","max-video-preview":"max-video-preview:-1"},"canonical":"https:\/\/landioustravel.com\/de\/shop\/sternenbeobachtung-reise-hurghada\/","og_locale":"de_DE","og_type":"article","og_title":"Sternenbeobachtung Reise Hurghada","og_description":"Landious Travel","og_url":"https:\/\/landioustravel.com\/de\/shop\/sternenbeobachtung-reise-hurghada\/","og_site_name":"Landious Travel","article_publisher":"https:\/\/web.facebook.com\/landiousEgypt","article_modified_time":"2023-06-13T22:11:29+00:00","og_image":[{"width":1199,"height":674,"url":"https:\/\/i0.wp.com\/landioustravel.com\/wp-content\/uploads\/2023\/01\/Stargazing-Trip-Hurghada-e1674945357951.jpg?fit=1199%2C674&ssl=1","type":"image\/jpeg"}],"twitter_card":"summary_large_image","twitter_site":"@LandiousTours","twitter_misc":{"Gesch\u00e4tzte Lesezeit":"2\u00a0Minuten"},"schema":{"@context":"https:\/\/schema.org","@graph":[{"@type":"WebPage","@id":"https:\/\/landioustravel.com\/de\/shop\/sternenbeobachtung-reise-hurghada\/","url":"https:\/\/landioustravel.com\/de\/shop\/sternenbeobachtung-reise-hurghada\/","name":"Sternenbeobachtung Reise Hurghada","isPartOf":{"@id":"https:\/\/landioustravel.com\/de\/#website"},"primaryImageOfPage":{"@id":"https:\/\/landioustravel.com\/de\/shop\/sternenbeobachtung-reise-hurghada\/#primaryimage"},"image":{"@id":"https:\/\/landioustravel.com\/de\/shop\/sternenbeobachtung-reise-hurghada\/#primaryimage"},"thumbnailUrl":"https:\/\/i0.wp.com\/landioustravel.com\/wp-content\/uploads\/2023\/01\/Stargazing-Trip-Hurghada-e1674945357951.jpg?fit=1199%2C674&ssl=1","datePublished":"2023-01-28T23:55:31+00:00","dateModified":"2023-06-13T22:11:29+00:00","description":"Sternenbeobachtung Reise Hurghada ist eine aufregende Safari-Aktivit\u00e4t mit dem Jeep 4\u00d74 in Hurghada, \u00c4gypten! Wir empfehlen den Stargazing Trip Hurghada,","breadcrumb":{"@id":"https:\/\/landioustravel.com\/de\/shop\/sternenbeobachtung-reise-hurghada\/#breadcrumb"},"inLanguage":"de","potentialAction":[{"@type":"ReadAction","target":["https:\/\/landioustravel.com\/de\/shop\/sternenbeobachtung-reise-hurghada\/"]}]},{"@type":"ImageObject","inLanguage":"de","@id":"https:\/\/landioustravel.com\/de\/shop\/sternenbeobachtung-reise-hurghada\/#primaryimage","url":"https:\/\/i0.wp.com\/landioustravel.com\/wp-content\/uploads\/2023\/01\/Stargazing-Trip-Hurghada-e1674945357951.jpg?fit=1199%2C674&ssl=1","contentUrl":"https:\/\/i0.wp.com\/landioustravel.com\/wp-content\/uploads\/2023\/01\/Stargazing-Trip-Hurghada-e1674945357951.jpg?fit=1199%2C674&ssl=1","width":1199,"height":674,"caption":"Stargazing Trip Hurghada"},{"@type":"BreadcrumbList","@id":"https:\/\/landioustravel.com\/de\/shop\/sternenbeobachtung-reise-hurghada\/#breadcrumb","itemListElement":[{"@type":"ListItem","position":1,"name":"Home","item":"https:\/\/landioustravel.com\/de\/"},{"@type":"ListItem","position":2,"name":"\u00c4gypten Touren","item":"https:\/\/landioustravel.com\/de\/"},{"@type":"ListItem","position":3,"name":"Sternenbeobachtung Reise Hurghada"}]},{"@type":"WebSite","@id":"https:\/\/landioustravel.com\/de\/#website","url":"https:\/\/landioustravel.com\/de\/","name":"Landious Travel","description":"Excursions, trips and cruises in Egypt","publisher":{"@id":"https:\/\/landioustravel.com\/de\/#organization"},"potentialAction":[{"@type":"SearchAction","target":{"@type":"EntryPoint","urlTemplate":"https:\/\/landioustravel.com\/de\/?s={search_term_string}"},"query-input":{"@type":"PropertyValueSpecification","valueRequired":true,"valueName":"search_term_string"}}],"inLanguage":"de"},{"@type":["Organization","Place"],"@id":"https:\/\/landioustravel.com\/de\/#organization","name":"Landious Travel","alternateName":"Landious Travel","url":"https:\/\/landioustravel.com\/de\/","logo":{"@id":"https:\/\/landioustravel.com\/de\/shop\/sternenbeobachtung-reise-hurghada\/#local-main-organization-logo"},"image":{"@id":"https:\/\/landioustravel.com\/de\/shop\/sternenbeobachtung-reise-hurghada\/#local-main-organization-logo"},"sameAs":["https:\/\/web.facebook.com\/landiousEgypt","https:\/\/x.com\/LandiousTours","https:\/\/mastodon.social\/@landious"],"legalName":"Landious Travel","telephone":[],"openingHoursSpecification":[{"@type":"OpeningHoursSpecification","dayOfWeek":["Monday","Tuesday","Wednesday","Thursday","Friday","Saturday","Sunday"],"opens":"09:00","closes":"17:00"}]},{"@type":"ImageObject","inLanguage":"de","@id":"https:\/\/landioustravel.com\/de\/shop\/sternenbeobachtung-reise-hurghada\/#local-main-organization-logo","url":"https:\/\/i0.wp.com\/landioustravel.com\/wp-content\/uploads\/2021\/06\/Landious-T.png?fit=500%2C500&ssl=1","contentUrl":"https:\/\/i0.wp.com\/landioustravel.com\/wp-content\/uploads\/2021\/06\/Landious-T.png?fit=500%2C500&ssl=1","width":500,"height":500,"caption":"Landious Travel"}]}},"jetpack_publicize_connections":[],"uagb_featured_image_src":{"full":["https:\/\/i0.wp.com\/landioustravel.com\/wp-content\/uploads\/2023\/01\/Stargazing-Trip-Hurghada-e1674945357951.jpg?fit=1199%2C674&ssl=1",1199,674,false],"thumbnail":["https:\/\/i0.wp.com\/landioustravel.com\/wp-content\/uploads\/2023\/01\/Stargazing-Trip-Hurghada-e1674945357951.jpg?resize=150%2C150&ssl=1",150,150,true],"medium":["https:\/\/i0.wp.com\/landioustravel.com\/wp-content\/uploads\/2023\/01\/Stargazing-Trip-Hurghada-e1674945357951.jpg?fit=300%2C169&ssl=1",300,169,true],"medium_large":["https:\/\/i0.wp.com\/landioustravel.com\/wp-content\/uploads\/2023\/01\/Stargazing-Trip-Hurghada-e1674945357951.jpg?fit=768%2C432&ssl=1",768,432,true],"large":["https:\/\/i0.wp.com\/landioustravel.com\/wp-content\/uploads\/2023\/01\/Stargazing-Trip-Hurghada-e1674945357951.jpg?fit=980%2C551&ssl=1",980,551,true],"1536x1536":["https:\/\/i0.wp.com\/landioustravel.com\/wp-content\/uploads\/2023\/01\/Stargazing-Trip-Hurghada-e1674945357951.jpg?fit=1536%2C853&ssl=1",1536,853,true],"2048x2048":["https:\/\/i0.wp.com\/landioustravel.com\/wp-content\/uploads\/2023\/01\/Stargazing-Trip-Hurghada-e1674945357951.jpg?fit=1199%2C674&ssl=1",1199,674,true],"newspack-article-block-landscape-large":["https:\/\/i0.wp.com\/landioustravel.com\/wp-content\/uploads\/2023\/01\/Stargazing-Trip-Hurghada-e1674945357951.jpg?resize=1199%2C674&ssl=1",1199,674,true],"newspack-article-block-portrait-large":["https:\/\/i0.wp.com\/landioustravel.com\/wp-content\/uploads\/2023\/01\/Stargazing-Trip-Hurghada-e1674945357951.jpg?resize=900%2C674&ssl=1",900,674,true],"newspack-article-block-square-large":["https:\/\/i0.wp.com\/landioustravel.com\/wp-content\/uploads\/2023\/01\/Stargazing-Trip-Hurghada-e1674945357951.jpg?resize=1199%2C674&ssl=1",1199,674,true],"newspack-article-block-landscape-medium":["https:\/\/i0.wp.com\/landioustravel.com\/wp-content\/uploads\/2023\/01\/Stargazing-Trip-Hurghada-e1674945357951.jpg?resize=800%2C600&ssl=1",800,600,true],"newspack-article-block-portrait-medium":["https:\/\/i0.wp.com\/landioustravel.com\/wp-content\/uploads\/2023\/01\/Stargazing-Trip-Hurghada-e1674945357951.jpg?resize=600%2C674&ssl=1",600,674,true],"newspack-article-block-square-medium":["https:\/\/i0.wp.com\/landioustravel.com\/wp-content\/uploads\/2023\/01\/Stargazing-Trip-Hurghada-e1674945357951.jpg?resize=800%2C674&ssl=1",800,674,true],"newspack-article-block-landscape-intermediate":["https:\/\/i0.wp.com\/landioustravel.com\/wp-content\/uploads\/2023\/01\/Stargazing-Trip-Hurghada-e1674945357951.jpg?resize=600%2C450&ssl=1",600,450,true],"newspack-article-block-portrait-intermediate":["https:\/\/i0.wp.com\/landioustravel.com\/wp-content\/uploads\/2023\/01\/Stargazing-Trip-Hurghada-e1674945357951.jpg?resize=450%2C600&ssl=1",450,600,true],"newspack-article-block-square-intermediate":["https:\/\/i0.wp.com\/landioustravel.com\/wp-content\/uploads\/2023\/01\/Stargazing-Trip-Hurghada-e1674945357951.jpg?resize=600%2C600&ssl=1",600,600,true],"newspack-article-block-landscape-small":["https:\/\/i0.wp.com\/landioustravel.com\/wp-content\/uploads\/2023\/01\/Stargazing-Trip-Hurghada-e1674945357951.jpg?resize=400%2C300&ssl=1",400,300,true],"newspack-article-block-portrait-small":["https:\/\/i0.wp.com\/landioustravel.com\/wp-content\/uploads\/2023\/01\/Stargazing-Trip-Hurghada-e1674945357951.jpg?resize=300%2C400&ssl=1",300,400,true],"newspack-article-block-square-small":["https:\/\/i0.wp.com\/landioustravel.com\/wp-content\/uploads\/2023\/01\/Stargazing-Trip-Hurghada-e1674945357951.jpg?resize=400%2C400&ssl=1",400,400,true],"newspack-article-block-landscape-tiny":["https:\/\/i0.wp.com\/landioustravel.com\/wp-content\/uploads\/2023\/01\/Stargazing-Trip-Hurghada-e1674945357951.jpg?resize=200%2C150&ssl=1",200,150,true],"newspack-article-block-portrait-tiny":["https:\/\/i0.wp.com\/landioustravel.com\/wp-content\/uploads\/2023\/01\/Stargazing-Trip-Hurghada-e1674945357951.jpg?resize=150%2C200&ssl=1",150,200,true],"newspack-article-block-square-tiny":["https:\/\/i0.wp.com\/landioustravel.com\/wp-content\/uploads\/2023\/01\/Stargazing-Trip-Hurghada-e1674945357951.jpg?resize=200%2C200&ssl=1",200,200,true],"newspack-article-block-uncropped":["https:\/\/i0.wp.com\/landioustravel.com\/wp-content\/uploads\/2023\/01\/Stargazing-Trip-Hurghada-e1674945357951.jpg?fit=1199%2C674&ssl=1",1199,674,true],"woocommerce_thumbnail":["https:\/\/i0.wp.com\/landioustravel.com\/wp-content\/uploads\/2023\/01\/Stargazing-Trip-Hurghada-e1674945357951.jpg?resize=324%2C324&ssl=1",324,324,true],"woocommerce_single":["https:\/\/i0.wp.com\/landioustravel.com\/wp-content\/uploads\/2023\/01\/Stargazing-Trip-Hurghada-e1674945357951.jpg?fit=416%2C234&ssl=1",416,234,true],"woocommerce_gallery_thumbnail":["https:\/\/i0.wp.com\/landioustravel.com\/wp-content\/uploads\/2023\/01\/Stargazing-Trip-Hurghada-e1674945357951.jpg?resize=100%2C100&ssl=1",100,100,true]},"uagb_author_info":{"display_name":"Mofreh Landious","author_link":"https:\/\/landioustravel.com\/de\/author\/"},"uagb_comment_info":0,"uagb_excerpt":"Waren Sie schon einmal auf einer Sternenbeobachtungsreise? Das in Hurghada klingt nach einem absoluten Abenteuer! Stellen Sie sich vor, Sie blicken durch riesige Teleskope in der W\u00fcste auf die Sterne. Und das ist nicht alles! Sie k\u00f6nnen auch auf einem Kamel reiten und die Beduinen treffen, um mehr \u00fcber ihre Kultur zu erfahren. Au\u00dferdem gibt&hellip;","jetpack_sharing_enabled":true,"jetpack_likes_enabled":true,"amp_enabled":true,"_links":{"self":[{"href":"https:\/\/landioustravel.com\/de\/wp-json\/wp\/v2\/product\/135173","targetHints":{"allow":["GET"]}}],"collection":[{"href":"https:\/\/landioustravel.com\/de\/wp-json\/wp\/v2\/product"}],"about":[{"href":"https:\/\/landioustravel.com\/de\/wp-json\/wp\/v2\/types\/product"}],"replies":[{"embeddable":true,"href":"https:\/\/landioustravel.com\/de\/wp-json\/wp\/v2\/comments?post=135173"}],"wp:featuredmedia":[{"embeddable":true,"href":"https:\/\/landioustravel.com\/de\/wp-json\/wp\/v2\/media\/135174"}],"wp:attachment":[{"href":"https:\/\/landioustravel.com\/de\/wp-json\/wp\/v2\/media?parent=135173"}],"wp:term":[{"taxonomy":"product_brand","embeddable":true,"href":"https:\/\/landioustravel.com\/de\/wp-json\/wp\/v2\/product_brand?post=135173"},{"taxonomy":"product_cat","embeddable":true,"href":"https:\/\/landioustravel.com\/de\/wp-json\/wp\/v2\/product_cat?post=135173"},{"taxonomy":"product_tag","embeddable":true,"href":"https:\/\/landioustravel.com\/de\/wp-json\/wp\/v2\/product_tag?post=135173"}],"curies":[{"name":"wp","href":"https:\/\/api.w.org\/{rel}","templated":true}]}}