{"id":135210,"date":"2022-12-30T09:07:23","date_gmt":"2023-01-29T15:12:26","guid":{"rendered":"https:\/\/landioustravel.com\/?post_type=product&#038;p=135210"},"modified":"2023-06-17T22:56:32","modified_gmt":"2023-06-17T20:56:32","slug":"kairo-tour-von-gouna","status":"publish","type":"product","link":"https:\/\/landioustravel.com\/de\/shop\/kairo-tour-von-gouna\/","title":{"rendered":"Kairo Tour von El Gouna"},"content":{"rendered":"<p>Die <strong>Kairo-Tour von El Gouna<\/strong> aus ist eine aufregende Reise zu den wichtigsten Sehensw\u00fcrdigkeiten in Kairo und Gizeh von El Gouna, \u00c4gypten! Zweifellos ist es eine der beliebtesten El-Gouna-Touren zu den Pyramiden von Gizeh! Wir empfehlen den Ausflug, weil er es den Touristen erm\u00f6glicht, die beeindruckendsten Denkm\u00e4ler zu sehen, die im alten \u00c4gypten errichtet wurden. Dar\u00fcber hinaus wird es Touristen erm\u00f6glichen, mehr \u00fcber die Geschichte des Landes zu erfahren.<\/p>\n<h2>H\u00f6hepunkte der Kairo-Tour ab El Gouna<\/h2>\n<ul>\n<li>Besuchen Sie das \u00c4gyptische Museum in Kairo.<\/li>\n<li>Mittagessen in einem Restaurant.<\/li>\n<li>Besuchen Sie die drei Pyramiden in Gizeh.<\/li>\n<li>Besuchen Sie auch die Gro\u00dfe Sphinx im Pyramidenkomplex.<\/li>\n<\/ul>\n<h2>Programm der Kairo-Gizeh-Reise<\/h2>\n<ul>\n<li>Zuerst holt Sie der Vertreter von Landious Travel gegen 03:00 Uhr von Ihrem Hotel in El Gouna ab.<\/li>\n<li>Zweitens f\u00e4hrt der Minibus, nachdem er alle Ank\u00f6mmlinge abgeholt hat, nach Kairo. Es wird die St\u00e4dte Ras Ghareb, Zaafaran, Ain Sokhna und Suez passieren. Alle diese St\u00e4dte liegen n\u00f6rdlich von El Gouna an der K\u00fcste des Roten Meeres. Die Stra\u00dfe vom Zentrum von Hurghada nach Kairo dauert etwa 6 Stunden.<\/li>\n<li>Der Ausflug nach Kairo \u2013 Gizeh von El Gouna f\u00fchrt in zwei St\u00e4dte, Kairo und Gizeh. Es ist eine der sch\u00f6nsten Touren zur Sphinx!<\/li>\n<\/ul>\n<h3>Programm in Kairo<\/h3>\n<ul>\n<li>In Kairo angekommen, zeigen wir Ihnen das \u00c4gyptische Museum. Ihr Reiseleiter hat die Aufgabe, Ihnen all diese Tempel zu zeigen und Ihnen Zeit zum Fotografieren zu geben.<\/li>\n<li>Nach dem Besuch des \u00c4gyptischen Museums in Kairo starten Sie zu einer Bootsfahrt \u00fcber den Nil. Es ist ein zus\u00e4tzliches Programm. Nat\u00fcrlich k\u00f6nnen Sie es vorab \u00fcber uns buchen! Sobald die Bootsfahrt auf dem Nil endet, fahren Sie in eine andere Stadt \u2013 Gizeh.<\/li>\n<\/ul>\n<h3>Programm in Gizeh<\/h3>\n<ul>\n<li>Nat\u00fcrlich wird die Tour in Gizeh fortgesetzt. Die erste Station dort wird im Restaurant sein. Es bietet ein Buffet.<\/li>\n<li>Dann begibt sich die Gruppe zum Pyramidenkomplex, den fantastischen drei Pyramiden und der Sphinx. Noch einmal zeigt Ihnen Ihr Reiseleiter diese Denkm\u00e4ler und gibt Ihnen Zeit, ein Foto zu machen.<\/li>\n<\/ul>\n<h3>Abfahrt<\/h3>\n<ul>\n<li>Schlie\u00dflich wird unser Bus nach einem solchen Programm in die wundersch\u00f6nen St\u00e4dte Kairo und Gizeh abfahren.<\/li>\n<li>Dieser Ausflug von El Gouna nach Kairo und Gizeh endet gegen 22:00 Uhr.<\/li>\n<\/ul>\n<h2>Was beinhaltet der Preis f\u00fcr den Ausflug nach Kairo und Gizeh nach El Gouna?<\/h2>\n<ul>\n<li>Eintrittskarten f\u00fcr Tempelbesuche.<\/li>\n<li>Mittagessen.<\/li>\n<li>F\u00fchrung.<\/li>\n<li>Au\u00dferdem Transfer nach Kairo und zur\u00fcck zum Hotel.<\/li>\n<\/ul>\n<h2>Was beinhaltet das Programm Kairo &amp; Gizeh Exkursion El Gouna nicht?<\/h2>\n<ul>\n<li>Zus\u00e4tzliche Ausflugsprogramme, falls nicht im obigen Programm enthalten.<\/li>\n<li>Au\u00dferdem sind Getr\u00e4nke im Restaurant gegen Aufpreis erh\u00e4ltlich.<\/li>\n<\/ul>\n<h2>Was nehmen Sie mit f\u00fcr die Reise nach Kairo \u2013 Gizeh?<\/h2>\n<ul>\n<li>Fr\u00fchst\u00fccksbox.<\/li>\n<li>Reisepass.<\/li>\n<li>Ziehen Sie au\u00dferdem der Jahreszeit entsprechende Kleidung an.<\/li>\n<\/ul>\n<h2>Buchungstage der Kairo-Tour ab El Gouna<\/h2>\n<ul>\n<li>T\u00e4glich von 02:00 \u2013 22:00 Uhr.<\/li>\n<\/ul>\n<h2>Was erwartet Sie w\u00e4hrend des Gizeh-Kairo-Ausflugs El Gouna?<\/h2>\n<h3>\u00e4gyptisches Museum<\/h3>\n<p>Das \u00c4gyptische Museum ist das \u00e4lteste arch\u00e4ologische Museum in \u00c4gypten und im Nahen Osten. Es zeigt eine umfangreiche Sammlung, die von der vordynastischen Zeit bis zur griechisch-r\u00f6mischen Zeit reicht. Dar\u00fcber hinaus beherbergt dieses Depot die umfassendste Sammlung pharaonischer Altert\u00fcmer der Welt. Diese fantastische Sammlung zeichnet 5.000 Jahre \u00e4gyptische Geschichte nach.<\/p>\n<h3>Pyramidenkomplex von Gizeh<\/h3>\n<p>Der Pyramidenkomplex von Gizeh ist die beliebteste Touristenattraktion in \u00c4gypten. Dieser Komplex ist eine alt\u00e4gyptische St\u00e4tte auf dem Gizeh-Plateau. Es ist weithin bekannt und umfasst die Gro\u00dfe Pyramide von Gizeh mit den dazugeh\u00f6rigen Netzwerken und die Sphinx von Gizeh. Wir nennen es auch die Nekropole von Gizeh.<\/p>\n<p>Die alten \u00c4gypter bauten diese massiven Konstruktionen w\u00e4hrend der vierten Dynastie des alten K\u00f6nigreichs des alten \u00c4gypten. Dar\u00fcber hinaus umfasst der Gizeh-Komplex mehrere Friedh\u00f6fe und die \u00dcberreste einer Arbeitersiedlung auf seinem Territorium.<\/p>\n<h3>Cheops-Pyramide<\/h3>\n<p>Die Cheops-Pyramide erhebt sich in einer H\u00f6he von 138,5 Metern. Diese \u00e4lteste und gr\u00f6\u00dfte Pyramide befindet sich im Pyramidenkomplex von Gizeh und hat die Menschen im Laufe der Jahrhunderte in Erstaunen versetzt. Dieses Wunder ist ein Teil der Sieben Weltwunder der Antike.<\/p>\n<h3>Pyramide von Chephren<\/h3>\n<p>Die Pyramide von Khafre steht bei 448 Fu\u00df mit einer Basisl\u00e4nge von 706 Fu\u00df. Diese Ma\u00dfe machen die Pyramide zur zweith\u00f6chsten und zweitgr\u00f6\u00dften des Pyramidenkomplexes von Gizeh. Dieses historische Denkmal ist auch als Chephren-Pyramide bekannt. Es beherbergt das Grab des Pharao Khafre aus der vierten Dynastie, der zwischen 2558 und 2532 v. Chr. regierte.<\/p>\n<h3>Menkaure-Pyramide<\/h3>\n<p>Mykerinos ist die dritte Pyramide im Pyramidenkomplex von Gizeh im Gro\u00dfraum Kairo, \u00c4gypten. Kleinster der drei; Diese sch\u00f6ne Struktur erhebt sich auf 66 Meter (218 Fu\u00df). Die Menkaure-Pyramide beherbergt einige der beeindruckendsten Skulpturen aus der alt\u00e4gyptischen Geschichte, obwohl sie kurz ist.<\/p>\n<h3>Gro\u00dfe Sphinx<\/h3>\n<p>Die Gro\u00dfe Sphinx ist eine der bedeutendsten Skulpturen der Welt. Es ist fast 66 Fu\u00df hoch und zeigt den K\u00f6rper eines zur\u00fcckgelehnten L\u00f6wen und einen menschlichen Kopf. Ein k\u00f6niglicher Kopfschmuck ziert den menschlichen Kopf der Sphinx. Die L\u00e4nge dieser pr\u00e4chtigen Statue betr\u00e4gt etwa 240 Fu\u00df.<\/p>\n","protected":false},"excerpt":{"rendered":"<p>Bereiten Sie sich darauf vor, auf Ihrer Reise von El Gouna nach Kairo beeindruckt zu sein, w\u00e4hrend Sie sich auf den Weg zu den gro\u00dfen Pyramiden von Gizeh und der Sphinx machen. Sie genie\u00dfen ein k\u00f6stliches Mittagessen, bevor Sie das faszinierende \u00c4gyptische Museum erkunden, das eine erstaunliche Sammlung von \u00fcber 150.000 Artefakten in 100 Ausstellungshallen beherbergt. Im Reisepreis sind Eintrittskarten und Mittagessen enthalten. Lehnen Sie sich also zur\u00fcck und entspannen Sie sich, w\u00e4hrend Sie sich auf ein unvergessliches Abenteuer begeben. Genie\u00dfen Sie einen aufregenden Tagesausflug von El Gouna nach Kairo und zu den Pyramiden in einem privaten Auto mit Klimaanlage und entdecken Sie die reiche Geschichte Kairos aus verschiedenen Epochen, einschlie\u00dflich der Pharaonenzeit, der koptischen und islamischen Zeit. Unser Vertreter holt Sie um 03:30 Uhr von Ihrem Hotel ab. Die 500 km lange Fahrt nach Kairo dauert etwa 6 Stunden, wo Sie von unserem hilfsbereiten Vertreter begr\u00fc\u00dft werden. Ihr \u00e4gyptologischer Reiseleiter nimmt Sie dann mit auf eine fesselnde Tour zu den Pyramiden von Cheops, Chephren, Mykerinus, der Sphinx und dem Taltempel der Chephren-Pyramide. Nach einem k\u00f6stlichen Mittagessen in einem lokalen Restaurant erkunden Sie das \u00c4gyptische Museum, das eine seltene Sammlung von 5.000 Jahren Kunst beherbergt, darunter eine Ausstellung, die den Sch\u00e4tzen und Schmuckst\u00fccken von Tutanchamun gewidmet ist. Ihre Reise endet mit einer bequemen R\u00fcckfahrt von Kairo zu Ihrem Hotel in El Gouna. Machen Sie sich bereit f\u00fcr ein zuk\u00fcnftiges Erlebnis, das Sie nicht vergessen werden!<\/p>\n","protected":false},"featured_media":135211,"comment_status":"open","ping_status":"closed","template":"","meta":{"_coblocks_attr":"","_coblocks_dimensions":"","_coblocks_responsive_height":"","_coblocks_accordion_ie_support":"","_uag_custom_page_level_css":"","jetpack_post_was_ever_published":false,"jetpack_publicize_message":"","jetpack_publicize_feature_enabled":true,"jetpack_social_post_already_shared":true,"jetpack_social_options":{"image_generator_settings":{"template":"highway","default_image_id":0,"font":"","enabled":false},"version":2},"_wpas_customize_per_network":false},"product_brand":[],"product_cat":[20131,20136],"product_tag":[1653,9906,1843,1652,1654,1655],"class_list":{"0":"post-135210","1":"product","2":"type-product","3":"status-publish","4":"has-post-thumbnail","6":"product_cat-gouna-ausfluege","7":"product_cat-gouna-besichtigungstouren","8":"product_tag-ausflug","9":"product_tag-besichtigung","10":"product_tag-el-gouna-de","11":"product_tag-kairo","12":"product_tag-pyramiden","13":"product_tag-sphinx-de","14":"pa_age-erwachsene","15":"pa_age-kind-1-4-jahre","16":"pa_age-kind-5-11-jahre","18":"first","19":"instock","20":"sale","21":"taxable","22":"shipping-taxable","23":"purchasable","24":"product-type-variable"},"yoast_head":"<!-- This site is optimized with the Yoast SEO Premium plugin v26.9 (Yoast SEO v27.3) - https:\/\/yoast.com\/product\/yoast-seo-premium-wordpress\/ -->\n<title>Kairo Tour von El Gouna<\/title>\n<meta name=\"description\" content=\"Kairo Tour von El Gouna ist eine aufregende Reise zu den wichtigsten Sehensw\u00fcrdigkeiten in Kairo und Gizeh von El Gouna, \u00c4gypten! Zweifellos ist es eine\" \/>\n<meta name=\"robots\" content=\"index, follow, max-snippet:-1, max-image-preview:large, max-video-preview:-1\" \/>\n<link rel=\"canonical\" href=\"https:\/\/landioustravel.com\/de\/shop\/kairo-tour-von-gouna\/\" \/>\n<meta property=\"og:locale\" content=\"de_DE\" \/>\n<meta property=\"og:type\" content=\"article\" \/>\n<meta property=\"og:title\" content=\"Kairo Tour von El Gouna\" \/>\n<meta property=\"og:description\" content=\"Landious Travel\" \/>\n<meta property=\"og:url\" content=\"https:\/\/landioustravel.com\/de\/shop\/kairo-tour-von-gouna\/\" \/>\n<meta property=\"og:site_name\" content=\"Landious Travel\" \/>\n<meta property=\"article:publisher\" content=\"https:\/\/web.facebook.com\/landiousEgypt\" \/>\n<meta property=\"article:modified_time\" content=\"2023-06-17T20:56:32+00:00\" \/>\n<meta property=\"og:image\" content=\"https:\/\/i0.wp.com\/landioustravel.com\/wp-content\/uploads\/2022\/12\/Cairo-Tour-from-El-Gouna-e1672383802731.jpeg?fit=1200%2C675&ssl=1\" \/>\n\t<meta property=\"og:image:width\" content=\"1200\" \/>\n\t<meta property=\"og:image:height\" content=\"675\" \/>\n\t<meta property=\"og:image:type\" content=\"image\/jpeg\" \/>\n<meta name=\"twitter:card\" content=\"summary_large_image\" \/>\n<meta name=\"twitter:site\" content=\"@LandiousTours\" \/>\n<meta name=\"twitter:label1\" content=\"Gesch\u00e4tzte Lesezeit\" \/>\n\t<meta name=\"twitter:data1\" content=\"4\u00a0Minuten\" \/>\n<script type=\"application\/ld+json\" class=\"yoast-schema-graph\">{\"@context\":\"https:\\\/\\\/schema.org\",\"@graph\":[{\"@type\":\"WebPage\",\"@id\":\"https:\\\/\\\/landioustravel.com\\\/de\\\/shop\\\/kairo-tour-von-gouna\\\/\",\"url\":\"https:\\\/\\\/landioustravel.com\\\/de\\\/shop\\\/kairo-tour-von-gouna\\\/\",\"name\":\"Kairo Tour von El Gouna\",\"isPartOf\":{\"@id\":\"https:\\\/\\\/landioustravel.com\\\/de\\\/#website\"},\"primaryImageOfPage\":{\"@id\":\"https:\\\/\\\/landioustravel.com\\\/de\\\/shop\\\/kairo-tour-von-gouna\\\/#primaryimage\"},\"image\":{\"@id\":\"https:\\\/\\\/landioustravel.com\\\/de\\\/shop\\\/kairo-tour-von-gouna\\\/#primaryimage\"},\"thumbnailUrl\":\"https:\\\/\\\/i0.wp.com\\\/landioustravel.com\\\/wp-content\\\/uploads\\\/2022\\\/12\\\/Cairo-Tour-from-El-Gouna-e1672383802731.jpeg?fit=1200%2C675&ssl=1\",\"datePublished\":\"2023-01-29T15:12:26+00:00\",\"dateModified\":\"2023-06-17T20:56:32+00:00\",\"description\":\"Kairo Tour von El Gouna ist eine aufregende Reise zu den wichtigsten Sehensw\u00fcrdigkeiten in Kairo und Gizeh von El Gouna, \u00c4gypten! Zweifellos ist es eine\",\"breadcrumb\":{\"@id\":\"https:\\\/\\\/landioustravel.com\\\/de\\\/shop\\\/kairo-tour-von-gouna\\\/#breadcrumb\"},\"inLanguage\":\"de\",\"potentialAction\":[{\"@type\":\"ReadAction\",\"target\":[\"https:\\\/\\\/landioustravel.com\\\/de\\\/shop\\\/kairo-tour-von-gouna\\\/\"]}]},{\"@type\":\"ImageObject\",\"inLanguage\":\"de\",\"@id\":\"https:\\\/\\\/landioustravel.com\\\/de\\\/shop\\\/kairo-tour-von-gouna\\\/#primaryimage\",\"url\":\"https:\\\/\\\/i0.wp.com\\\/landioustravel.com\\\/wp-content\\\/uploads\\\/2022\\\/12\\\/Cairo-Tour-from-El-Gouna-e1672383802731.jpeg?fit=1200%2C675&ssl=1\",\"contentUrl\":\"https:\\\/\\\/i0.wp.com\\\/landioustravel.com\\\/wp-content\\\/uploads\\\/2022\\\/12\\\/Cairo-Tour-from-El-Gouna-e1672383802731.jpeg?fit=1200%2C675&ssl=1\",\"width\":1200,\"height\":675,\"caption\":\"Cairo Tour from El Gouna\"},{\"@type\":\"BreadcrumbList\",\"@id\":\"https:\\\/\\\/landioustravel.com\\\/de\\\/shop\\\/kairo-tour-von-gouna\\\/#breadcrumb\",\"itemListElement\":[{\"@type\":\"ListItem\",\"position\":1,\"name\":\"Home\",\"item\":\"https:\\\/\\\/landioustravel.com\\\/de\\\/\"},{\"@type\":\"ListItem\",\"position\":2,\"name\":\"\u00c4gypten Touren\",\"item\":\"https:\\\/\\\/landioustravel.com\\\/de\\\/\"},{\"@type\":\"ListItem\",\"position\":3,\"name\":\"Kairo Tour von El Gouna\"}]},{\"@type\":\"WebSite\",\"@id\":\"https:\\\/\\\/landioustravel.com\\\/de\\\/#website\",\"url\":\"https:\\\/\\\/landioustravel.com\\\/de\\\/\",\"name\":\"Landious Travel\",\"description\":\"Excursions, trips and cruises in Egypt\",\"publisher\":{\"@id\":\"https:\\\/\\\/landioustravel.com\\\/de\\\/#organization\"},\"potentialAction\":[{\"@type\":\"SearchAction\",\"target\":{\"@type\":\"EntryPoint\",\"urlTemplate\":\"https:\\\/\\\/landioustravel.com\\\/de\\\/?s={search_term_string}\"},\"query-input\":{\"@type\":\"PropertyValueSpecification\",\"valueRequired\":true,\"valueName\":\"search_term_string\"}}],\"inLanguage\":\"de\"},{\"@type\":[\"Organization\",\"Place\"],\"@id\":\"https:\\\/\\\/landioustravel.com\\\/de\\\/#organization\",\"name\":\"Landious Travel\",\"alternateName\":\"Landious Travel\",\"url\":\"https:\\\/\\\/landioustravel.com\\\/de\\\/\",\"logo\":{\"@id\":\"https:\\\/\\\/landioustravel.com\\\/de\\\/shop\\\/kairo-tour-von-gouna\\\/#local-main-organization-logo\"},\"image\":{\"@id\":\"https:\\\/\\\/landioustravel.com\\\/de\\\/shop\\\/kairo-tour-von-gouna\\\/#local-main-organization-logo\"},\"sameAs\":[\"https:\\\/\\\/web.facebook.com\\\/landiousEgypt\",\"https:\\\/\\\/x.com\\\/LandiousTours\",\"https:\\\/\\\/mastodon.social\\\/@landious\"],\"legalName\":\"Landious Travel\",\"telephone\":[],\"openingHoursSpecification\":[{\"@type\":\"OpeningHoursSpecification\",\"dayOfWeek\":[\"Monday\",\"Tuesday\",\"Wednesday\",\"Thursday\",\"Friday\",\"Saturday\",\"Sunday\"],\"opens\":\"09:00\",\"closes\":\"17:00\"}]},{\"@type\":\"ImageObject\",\"inLanguage\":\"de\",\"@id\":\"https:\\\/\\\/landioustravel.com\\\/de\\\/shop\\\/kairo-tour-von-gouna\\\/#local-main-organization-logo\",\"url\":\"https:\\\/\\\/i0.wp.com\\\/landioustravel.com\\\/wp-content\\\/uploads\\\/2021\\\/06\\\/Landious-T.png?fit=500%2C500&ssl=1\",\"contentUrl\":\"https:\\\/\\\/i0.wp.com\\\/landioustravel.com\\\/wp-content\\\/uploads\\\/2021\\\/06\\\/Landious-T.png?fit=500%2C500&ssl=1\",\"width\":500,\"height\":500,\"caption\":\"Landious Travel\"}]}<\/script>\n<!-- \/ Yoast SEO Premium plugin. -->","yoast_head_json":{"title":"Kairo Tour von El Gouna","description":"Kairo Tour von El Gouna ist eine aufregende Reise zu den wichtigsten Sehensw\u00fcrdigkeiten in Kairo und Gizeh von El Gouna, \u00c4gypten! Zweifellos ist es eine","robots":{"index":"index","follow":"follow","max-snippet":"max-snippet:-1","max-image-preview":"max-image-preview:large","max-video-preview":"max-video-preview:-1"},"canonical":"https:\/\/landioustravel.com\/de\/shop\/kairo-tour-von-gouna\/","og_locale":"de_DE","og_type":"article","og_title":"Kairo Tour von El Gouna","og_description":"Landious Travel","og_url":"https:\/\/landioustravel.com\/de\/shop\/kairo-tour-von-gouna\/","og_site_name":"Landious Travel","article_publisher":"https:\/\/web.facebook.com\/landiousEgypt","article_modified_time":"2023-06-17T20:56:32+00:00","og_image":[{"width":1200,"height":675,"url":"https:\/\/i0.wp.com\/landioustravel.com\/wp-content\/uploads\/2022\/12\/Cairo-Tour-from-El-Gouna-e1672383802731.jpeg?fit=1200%2C675&ssl=1","type":"image\/jpeg"}],"twitter_card":"summary_large_image","twitter_site":"@LandiousTours","twitter_misc":{"Gesch\u00e4tzte Lesezeit":"4\u00a0Minuten"},"schema":{"@context":"https:\/\/schema.org","@graph":[{"@type":"WebPage","@id":"https:\/\/landioustravel.com\/de\/shop\/kairo-tour-von-gouna\/","url":"https:\/\/landioustravel.com\/de\/shop\/kairo-tour-von-gouna\/","name":"Kairo Tour von El Gouna","isPartOf":{"@id":"https:\/\/landioustravel.com\/de\/#website"},"primaryImageOfPage":{"@id":"https:\/\/landioustravel.com\/de\/shop\/kairo-tour-von-gouna\/#primaryimage"},"image":{"@id":"https:\/\/landioustravel.com\/de\/shop\/kairo-tour-von-gouna\/#primaryimage"},"thumbnailUrl":"https:\/\/i0.wp.com\/landioustravel.com\/wp-content\/uploads\/2022\/12\/Cairo-Tour-from-El-Gouna-e1672383802731.jpeg?fit=1200%2C675&ssl=1","datePublished":"2023-01-29T15:12:26+00:00","dateModified":"2023-06-17T20:56:32+00:00","description":"Kairo Tour von El Gouna ist eine aufregende Reise zu den wichtigsten Sehensw\u00fcrdigkeiten in Kairo und Gizeh von El Gouna, \u00c4gypten! Zweifellos ist es eine","breadcrumb":{"@id":"https:\/\/landioustravel.com\/de\/shop\/kairo-tour-von-gouna\/#breadcrumb"},"inLanguage":"de","potentialAction":[{"@type":"ReadAction","target":["https:\/\/landioustravel.com\/de\/shop\/kairo-tour-von-gouna\/"]}]},{"@type":"ImageObject","inLanguage":"de","@id":"https:\/\/landioustravel.com\/de\/shop\/kairo-tour-von-gouna\/#primaryimage","url":"https:\/\/i0.wp.com\/landioustravel.com\/wp-content\/uploads\/2022\/12\/Cairo-Tour-from-El-Gouna-e1672383802731.jpeg?fit=1200%2C675&ssl=1","contentUrl":"https:\/\/i0.wp.com\/landioustravel.com\/wp-content\/uploads\/2022\/12\/Cairo-Tour-from-El-Gouna-e1672383802731.jpeg?fit=1200%2C675&ssl=1","width":1200,"height":675,"caption":"Cairo Tour from El Gouna"},{"@type":"BreadcrumbList","@id":"https:\/\/landioustravel.com\/de\/shop\/kairo-tour-von-gouna\/#breadcrumb","itemListElement":[{"@type":"ListItem","position":1,"name":"Home","item":"https:\/\/landioustravel.com\/de\/"},{"@type":"ListItem","position":2,"name":"\u00c4gypten Touren","item":"https:\/\/landioustravel.com\/de\/"},{"@type":"ListItem","position":3,"name":"Kairo Tour von El Gouna"}]},{"@type":"WebSite","@id":"https:\/\/landioustravel.com\/de\/#website","url":"https:\/\/landioustravel.com\/de\/","name":"Landious Travel","description":"Excursions, trips and cruises in Egypt","publisher":{"@id":"https:\/\/landioustravel.com\/de\/#organization"},"potentialAction":[{"@type":"SearchAction","target":{"@type":"EntryPoint","urlTemplate":"https:\/\/landioustravel.com\/de\/?s={search_term_string}"},"query-input":{"@type":"PropertyValueSpecification","valueRequired":true,"valueName":"search_term_string"}}],"inLanguage":"de"},{"@type":["Organization","Place"],"@id":"https:\/\/landioustravel.com\/de\/#organization","name":"Landious Travel","alternateName":"Landious Travel","url":"https:\/\/landioustravel.com\/de\/","logo":{"@id":"https:\/\/landioustravel.com\/de\/shop\/kairo-tour-von-gouna\/#local-main-organization-logo"},"image":{"@id":"https:\/\/landioustravel.com\/de\/shop\/kairo-tour-von-gouna\/#local-main-organization-logo"},"sameAs":["https:\/\/web.facebook.com\/landiousEgypt","https:\/\/x.com\/LandiousTours","https:\/\/mastodon.social\/@landious"],"legalName":"Landious Travel","telephone":[],"openingHoursSpecification":[{"@type":"OpeningHoursSpecification","dayOfWeek":["Monday","Tuesday","Wednesday","Thursday","Friday","Saturday","Sunday"],"opens":"09:00","closes":"17:00"}]},{"@type":"ImageObject","inLanguage":"de","@id":"https:\/\/landioustravel.com\/de\/shop\/kairo-tour-von-gouna\/#local-main-organization-logo","url":"https:\/\/i0.wp.com\/landioustravel.com\/wp-content\/uploads\/2021\/06\/Landious-T.png?fit=500%2C500&ssl=1","contentUrl":"https:\/\/i0.wp.com\/landioustravel.com\/wp-content\/uploads\/2021\/06\/Landious-T.png?fit=500%2C500&ssl=1","width":500,"height":500,"caption":"Landious Travel"}]}},"jetpack_publicize_connections":[],"uagb_featured_image_src":{"full":["https:\/\/i0.wp.com\/landioustravel.com\/wp-content\/uploads\/2022\/12\/Cairo-Tour-from-El-Gouna-e1672383802731.jpeg?fit=1200%2C675&ssl=1",1200,675,false],"thumbnail":["https:\/\/i0.wp.com\/landioustravel.com\/wp-content\/uploads\/2022\/12\/Cairo-Tour-from-El-Gouna-e1672383802731.jpeg?resize=150%2C150&ssl=1",150,150,true],"medium":["https:\/\/i0.wp.com\/landioustravel.com\/wp-content\/uploads\/2022\/12\/Cairo-Tour-from-El-Gouna-e1672383802731.jpeg?fit=300%2C169&ssl=1",300,169,true],"medium_large":["https:\/\/i0.wp.com\/landioustravel.com\/wp-content\/uploads\/2022\/12\/Cairo-Tour-from-El-Gouna-e1672383802731.jpeg?fit=768%2C432&ssl=1",768,432,true],"large":["https:\/\/i0.wp.com\/landioustravel.com\/wp-content\/uploads\/2022\/12\/Cairo-Tour-from-El-Gouna-e1672383802731.jpeg?fit=980%2C551&ssl=1",980,551,true],"1536x1536":["https:\/\/i0.wp.com\/landioustravel.com\/wp-content\/uploads\/2022\/12\/Cairo-Tour-from-El-Gouna-e1672383802731.jpeg?fit=1200%2C675&ssl=1",1200,675,true],"2048x2048":["https:\/\/i0.wp.com\/landioustravel.com\/wp-content\/uploads\/2022\/12\/Cairo-Tour-from-El-Gouna-e1672383802731.jpeg?fit=1200%2C675&ssl=1",1200,675,true],"newspack-article-block-landscape-large":["https:\/\/i0.wp.com\/landioustravel.com\/wp-content\/uploads\/2022\/12\/Cairo-Tour-from-El-Gouna-e1672383802731.jpeg?resize=1200%2C675&ssl=1",1200,675,true],"newspack-article-block-portrait-large":["https:\/\/i0.wp.com\/landioustravel.com\/wp-content\/uploads\/2022\/12\/Cairo-Tour-from-El-Gouna-e1672383802731.jpeg?resize=900%2C675&ssl=1",900,675,true],"newspack-article-block-square-large":["https:\/\/i0.wp.com\/landioustravel.com\/wp-content\/uploads\/2022\/12\/Cairo-Tour-from-El-Gouna-e1672383802731.jpeg?resize=1200%2C675&ssl=1",1200,675,true],"newspack-article-block-landscape-medium":["https:\/\/i0.wp.com\/landioustravel.com\/wp-content\/uploads\/2022\/12\/Cairo-Tour-from-El-Gouna-e1672383802731.jpeg?resize=800%2C600&ssl=1",800,600,true],"newspack-article-block-portrait-medium":["https:\/\/i0.wp.com\/landioustravel.com\/wp-content\/uploads\/2022\/12\/Cairo-Tour-from-El-Gouna-e1672383802731.jpeg?resize=600%2C675&ssl=1",600,675,true],"newspack-article-block-square-medium":["https:\/\/i0.wp.com\/landioustravel.com\/wp-content\/uploads\/2022\/12\/Cairo-Tour-from-El-Gouna-e1672383802731.jpeg?resize=800%2C675&ssl=1",800,675,true],"newspack-article-block-landscape-intermediate":["https:\/\/i0.wp.com\/landioustravel.com\/wp-content\/uploads\/2022\/12\/Cairo-Tour-from-El-Gouna-e1672383802731.jpeg?resize=600%2C450&ssl=1",600,450,true],"newspack-article-block-portrait-intermediate":["https:\/\/i0.wp.com\/landioustravel.com\/wp-content\/uploads\/2022\/12\/Cairo-Tour-from-El-Gouna-e1672383802731.jpeg?resize=450%2C600&ssl=1",450,600,true],"newspack-article-block-square-intermediate":["https:\/\/i0.wp.com\/landioustravel.com\/wp-content\/uploads\/2022\/12\/Cairo-Tour-from-El-Gouna-e1672383802731.jpeg?resize=600%2C600&ssl=1",600,600,true],"newspack-article-block-landscape-small":["https:\/\/i0.wp.com\/landioustravel.com\/wp-content\/uploads\/2022\/12\/Cairo-Tour-from-El-Gouna-e1672383802731.jpeg?resize=400%2C300&ssl=1",400,300,true],"newspack-article-block-portrait-small":["https:\/\/i0.wp.com\/landioustravel.com\/wp-content\/uploads\/2022\/12\/Cairo-Tour-from-El-Gouna-e1672383802731.jpeg?resize=300%2C400&ssl=1",300,400,true],"newspack-article-block-square-small":["https:\/\/i0.wp.com\/landioustravel.com\/wp-content\/uploads\/2022\/12\/Cairo-Tour-from-El-Gouna-e1672383802731.jpeg?resize=400%2C400&ssl=1",400,400,true],"newspack-article-block-landscape-tiny":["https:\/\/i0.wp.com\/landioustravel.com\/wp-content\/uploads\/2022\/12\/Cairo-Tour-from-El-Gouna-e1672383802731.jpeg?resize=200%2C150&ssl=1",200,150,true],"newspack-article-block-portrait-tiny":["https:\/\/i0.wp.com\/landioustravel.com\/wp-content\/uploads\/2022\/12\/Cairo-Tour-from-El-Gouna-e1672383802731.jpeg?resize=150%2C200&ssl=1",150,200,true],"newspack-article-block-square-tiny":["https:\/\/i0.wp.com\/landioustravel.com\/wp-content\/uploads\/2022\/12\/Cairo-Tour-from-El-Gouna-e1672383802731.jpeg?resize=200%2C200&ssl=1",200,200,true],"newspack-article-block-uncropped":["https:\/\/i0.wp.com\/landioustravel.com\/wp-content\/uploads\/2022\/12\/Cairo-Tour-from-El-Gouna-e1672383802731.jpeg?fit=1200%2C675&ssl=1",1200,675,true],"woocommerce_thumbnail":["https:\/\/i0.wp.com\/landioustravel.com\/wp-content\/uploads\/2022\/12\/Cairo-Tour-from-El-Gouna-e1672383802731.jpeg?resize=324%2C324&ssl=1",324,324,true],"woocommerce_single":["https:\/\/i0.wp.com\/landioustravel.com\/wp-content\/uploads\/2022\/12\/Cairo-Tour-from-El-Gouna-e1672383802731.jpeg?fit=416%2C234&ssl=1",416,234,true],"woocommerce_gallery_thumbnail":["https:\/\/i0.wp.com\/landioustravel.com\/wp-content\/uploads\/2022\/12\/Cairo-Tour-from-El-Gouna-e1672383802731.jpeg?resize=100%2C100&ssl=1",100,100,true]},"uagb_author_info":{"display_name":"Mofreh Landious","author_link":"https:\/\/landioustravel.com\/de\/author\/"},"uagb_comment_info":0,"uagb_excerpt":"Bereiten Sie sich darauf vor, auf Ihrer Reise von El Gouna nach Kairo beeindruckt zu sein, w\u00e4hrend Sie sich auf den Weg zu den gro\u00dfen Pyramiden von Gizeh und der Sphinx machen. Sie genie\u00dfen ein k\u00f6stliches Mittagessen, bevor Sie das faszinierende \u00c4gyptische Museum erkunden, das eine erstaunliche Sammlung von \u00fcber 150.000 Artefakten in 100 Ausstellungshallen&hellip;","jetpack_sharing_enabled":true,"jetpack_likes_enabled":true,"amp_enabled":true,"_links":{"self":[{"href":"https:\/\/landioustravel.com\/de\/wp-json\/wp\/v2\/product\/135210","targetHints":{"allow":["GET"]}}],"collection":[{"href":"https:\/\/landioustravel.com\/de\/wp-json\/wp\/v2\/product"}],"about":[{"href":"https:\/\/landioustravel.com\/de\/wp-json\/wp\/v2\/types\/product"}],"replies":[{"embeddable":true,"href":"https:\/\/landioustravel.com\/de\/wp-json\/wp\/v2\/comments?post=135210"}],"wp:featuredmedia":[{"embeddable":true,"href":"https:\/\/landioustravel.com\/de\/wp-json\/wp\/v2\/media\/135211"}],"wp:attachment":[{"href":"https:\/\/landioustravel.com\/de\/wp-json\/wp\/v2\/media?parent=135210"}],"wp:term":[{"taxonomy":"product_brand","embeddable":true,"href":"https:\/\/landioustravel.com\/de\/wp-json\/wp\/v2\/product_brand?post=135210"},{"taxonomy":"product_cat","embeddable":true,"href":"https:\/\/landioustravel.com\/de\/wp-json\/wp\/v2\/product_cat?post=135210"},{"taxonomy":"product_tag","embeddable":true,"href":"https:\/\/landioustravel.com\/de\/wp-json\/wp\/v2\/product_tag?post=135210"}],"curies":[{"name":"wp","href":"https:\/\/api.w.org\/{rel}","templated":true}]}}