{"id":135216,"date":"2022-12-29T23:39:16","date_gmt":"2023-01-29T15:45:43","guid":{"rendered":"https:\/\/landioustravel.com\/?post_type=product&#038;p=135216"},"modified":"2023-06-17T23:03:48","modified_gmt":"2023-06-17T21:03:48","slug":"bahariya-oasentour-safaga","status":"publish","type":"product","link":"https:\/\/landioustravel.com\/de\/shop\/bahariya-oasentour-safaga\/","title":{"rendered":"Bahariya Oasentour Safaga"},"content":{"rendered":"<p><strong>Bahariya Oasentour Safaga<\/strong> ist eine wundersch\u00f6ne zweit\u00e4gige W\u00fcstensafari-Tour zur Oase Bahariya von Safaga, \u00c4gypten! Wir empfehlen diesen Tagesausflug gerne, denn er erm\u00f6glicht Touristen, die fantastischsten Sehensw\u00fcrdigkeiten und Denkm\u00e4ler in dieser Oase zu sehen. In der Tat wird es erm\u00f6glichen, die W\u00fcstennatur mit ihren undurchdringlichen Ausblicken zu genie\u00dfen; und die alt\u00e4gyptischen Denkm\u00e4ler. Diese Reise beinhaltet viele Aktivit\u00e4ten wie W\u00fcstensafari, Reisen, Sightseeing und Camping. Es wird ein unvergessliches Erlebnis und ein aufregendes Abenteuer in \u00c4gypten!<\/p>\n<h2>H\u00f6hepunkte der Bahariya-Oasentour ab Safaga<\/h2>\n<ul>\n<li>Besuchen Sie die Oase Bahariya.<\/li>\n<li>Besuchen Sie die Schwarze W\u00fcste und die nat\u00fcrlichen hei\u00dfen Quellen von El Haize.<\/li>\n<li>Mittagessen.<\/li>\n<li>Kristallberg.<\/li>\n<li>Tal von Agabat.<\/li>\n<li>Nationalpark Wei\u00dfe W\u00fcste.<\/li>\n<li>Camping in der wei\u00dfen W\u00fcste.<\/li>\n<li>Auch Golden Mumien-Showroom und Nobles Tombs.<\/li>\n<\/ul>\n<h2>Programm f\u00fcr einen privaten Ausflug in die Oase Baharyia<\/h2>\n<ul>\n<li>Der Vertreter von Landious Travel holt Sie gegen 02:00 Uhr vom Hotel (in Safaga) ab.<\/li>\n<li>Sobald wir jede Ecke ausgew\u00e4hlt haben, f\u00e4hrt ein privates Fahrzeug (Limousine oder Minibus) direkt zur Oase Bahariya. Der Weg vom Zentrum von Safaga nach Baharyia dauert ungef\u00e4hr 7 Stunden.<\/li>\n<\/ul>\n<h2>Ersttagsprogramm in der Oase Baharyia<\/h2>\n<ul>\n<li>Sobald Sie in der Oase Bahariya ankommen, werden Sie zu Mittag essen. Dann besuchen Sie die Schwarze W\u00fcste und die nat\u00fcrliche hei\u00dfe Quelle von El Haize \u2013 wir nennen sie auch St. George Oasis. Danach fahren Sie zum Kristallberg und den Felsformationen im Tal von Agabat.<\/li>\n<li>Die Fahrt zur Oase Bahariya geht weiter. Weiter geht es zum White Desert National Park \u2013 \u00c4gyptens bekanntestes W\u00fcstenziel. Erstaunlicherweise ist die Anzahl der wundersch\u00f6nen, vom Wind geschnitzten Felsformationen, die wie riesige Pilze oder Kiesel geformt sind, etwas Herausragendes im Vergleich zu jeder W\u00fcste der Welt.<\/li>\n<li>Wenn es Abend wird, campen Sie in der wei\u00dfen W\u00fcste oder wir \u00fcbernachten im Oasenhotel Farafra. Das h\u00e4ngt nat\u00fcrlich von der Verf\u00fcgbarkeit ab.<\/li>\n<\/ul>\n<h3>Programm am zweiten Tag in der Oase Baharyia<\/h3>\n<ul>\n<li>Der zweite Tag der Tour zur Oase Bahariya beginnt mit dem Fr\u00fchst\u00fcck. Dann fahren Sie zum goldenen Mumienausstellungsraum. Danach genie\u00dfen Sie einen Besuch der Noble Tombs \u2013 eine riesige Bestattung in der Oase Bahariya, die auf die 26. Dynastie zur\u00fcckgeht.<\/li>\n<li>Der n\u00e4chste Halt wird auf dem Gipfel des Schwarzen Berges sein. In der Tat werden Sie so viel Spa\u00df daran haben, diesen Berg zu besteigen!<\/li>\n<li>Nach all diesen Abenteuern und dem Spa\u00df genie\u00dfen Sie ein Mittagessen, bevor Sie sich von diesem besonderen Ort verabschieden.<\/li>\n<\/ul>\n<h3>Abfahrt<\/h3>\n<ul>\n<li>Schlie\u00dflich kehren Sie nach dem Programm der Wei\u00dfen und Schwarzen W\u00fcste zu den Hotels zur\u00fcck.<\/li>\n<li>Diese Tour zur Bahariya-Oase ab Safaga endet am zweiten Tag gegen 23:00 Uhr.<\/li>\n<\/ul>\n<h2>Was beinhaltet der Preis der Bahariya-Oasentour Safaga?<\/h2>\n<ul>\n<li>Eintrittskarten f\u00fcr Tempelbesuche.<\/li>\n<li>Getr\u00e4nke.<\/li>\n<li>Privater F\u00fchrer.<\/li>\n<li>Der Preis beinhaltet auch private klimatisierte Fahrzeuge.<\/li>\n<li>Transfer mit einem privaten 4\u00d74-Fahrzeug in die Wei\u00dfe und Schwarze W\u00fcste.<\/li>\n<li>Au\u00dferdem ist eine \u00dcbernachtung in der W\u00fcste (Camping) enthalten.<\/li>\n<li>Au\u00dferdem erhalten Ausfl\u00fcgler ein Fr\u00fchst\u00fcck, zwei Mittagessen und ein Abendessen.<\/li>\n<\/ul>\n<h2>Was beinhaltet das Programm der Bahariya-Oasentour Safaga nicht?<\/h2>\n<ul>\n<li>Kippen<\/li>\n<li>Zus\u00e4tzliche Programme, falls nicht im obigen Programm enthalten.<\/li>\n<\/ul>\n<h2>WAS MUSS MAN F\u00dcR DIE REISE MITNEHMEN?<\/h2>\n<ul>\n<li>Reisepass.<\/li>\n<li>Sonnenbrille.<\/li>\n<li>Tragen Sie auch Kleidung f\u00fcr die Saison mit sich.<\/li>\n<\/ul>\n<h2>Oase Bahariya Tour Safaga Buchungstage<\/h2>\n<ul>\n<li>T\u00e4glich von 08:00 \u2013 16:00 Uhr zweiter Tag.<\/li>\n<\/ul>\n","protected":false},"excerpt":{"rendered":"<p>Begeben Sie sich auf ein einzigartiges Abenteuer mit der Baharyia-Oasentour ab Safaga. Tauchen Sie ein in die Sch\u00f6nheit der W\u00fcstenlandschaft und bewundern Sie die historischen Sehensw\u00fcrdigkeiten. Entdecken Sie die Wunder der Schwarzen W\u00fcste, die nat\u00fcrliche hei\u00dfe Quelle von El Haize, den Crystal Mountain, das Tal von Agabat, den White Desert National Park, den Golden Mummy Showroom und die Nobles Tombs. Seien Sie beruhigt, denn Speisen und Getr\u00e4nke sind im Reisepreis enthalten.<\/p>\n","protected":false},"featured_media":103637,"comment_status":"open","ping_status":"closed","template":"","meta":{"_coblocks_attr":"","_coblocks_dimensions":"","_coblocks_responsive_height":"","_coblocks_accordion_ie_support":"","_uag_custom_page_level_css":"","jetpack_publicize_message":"","jetpack_publicize_feature_enabled":true,"jetpack_social_post_already_shared":true,"jetpack_social_options":{"image_generator_settings":{"template":"highway","default_image_id":0,"font":"","enabled":false},"version":2},"_wpas_customize_per_network":false},"product_brand":[],"product_cat":[20139,22111],"product_tag":[1653,9906,19039,2177,2113],"class_list":{"0":"post-135216","1":"product","2":"type-product","3":"status-publish","4":"has-post-thumbnail","6":"product_cat-safaga-private-ausfluege","7":"product_cat-safaga-private-safari-touren","8":"product_tag-ausflug","9":"product_tag-besichtigung","10":"product_tag-jeepsafari-de","11":"product_tag-safari-de","12":"product_tag-wustensafari","14":"first","15":"instock","16":"sale","17":"taxable","18":"shipping-taxable","19":"purchasable","20":"product-type-variable"},"yoast_head":"<!-- This site is optimized with the Yoast SEO Premium plugin v27.5 (Yoast SEO v27.5) - https:\/\/yoast.com\/product\/yoast-seo-premium-wordpress\/ -->\n<title>Bahariya Oasentour Safaga<\/title>\n<meta name=\"description\" content=\"Bahariya Oasentour Safaga ist eine wundersch\u00f6ne zweit\u00e4gige W\u00fcstensafari-Tour zur Oase Bahariya von Safaga, \u00c4gypten! Wir empfehlen diesen Tagesausflug gerne\" \/>\n<meta name=\"robots\" content=\"index, follow, max-snippet:-1, max-image-preview:large, max-video-preview:-1\" \/>\n<link rel=\"canonical\" href=\"https:\/\/landioustravel.com\/de\/shop\/bahariya-oasentour-safaga\/\" \/>\n<meta property=\"og:locale\" content=\"de_DE\" \/>\n<meta property=\"og:type\" content=\"article\" \/>\n<meta property=\"og:title\" content=\"Bahariya Oasentour Safaga\" \/>\n<meta property=\"og:description\" content=\"Landious Travel\" \/>\n<meta property=\"og:url\" content=\"https:\/\/landioustravel.com\/de\/shop\/bahariya-oasentour-safaga\/\" \/>\n<meta property=\"og:site_name\" content=\"Landious Travel\" \/>\n<meta property=\"article:publisher\" content=\"https:\/\/web.facebook.com\/landiousEgypt\" \/>\n<meta property=\"article:modified_time\" content=\"2023-06-17T21:03:48+00:00\" \/>\n<meta property=\"og:image\" content=\"https:\/\/i0.wp.com\/landioustravel.com\/wp-content\/uploads\/2022\/04\/Baharia-Oasis-e1651013355602.jpg?fit=1200%2C675&ssl=1\" \/>\n\t<meta property=\"og:image:width\" content=\"1200\" \/>\n\t<meta property=\"og:image:height\" content=\"675\" \/>\n\t<meta property=\"og:image:type\" content=\"image\/jpeg\" \/>\n<meta name=\"twitter:card\" content=\"summary_large_image\" \/>\n<meta name=\"twitter:site\" content=\"@LandiousTours\" \/>\n<meta name=\"twitter:label1\" content=\"Gesch\u00e4tzte Lesezeit\" \/>\n\t<meta name=\"twitter:data1\" content=\"3\u00a0Minuten\" \/>\n<script type=\"application\/ld+json\" class=\"yoast-schema-graph\">{\"@context\":\"https:\\\/\\\/schema.org\",\"@graph\":[{\"@type\":\"WebPage\",\"@id\":\"https:\\\/\\\/landioustravel.com\\\/de\\\/shop\\\/bahariya-oasentour-safaga\\\/\",\"url\":\"https:\\\/\\\/landioustravel.com\\\/de\\\/shop\\\/bahariya-oasentour-safaga\\\/\",\"name\":\"Bahariya Oasentour Safaga\",\"isPartOf\":{\"@id\":\"https:\\\/\\\/landioustravel.com\\\/de\\\/#website\"},\"primaryImageOfPage\":{\"@id\":\"https:\\\/\\\/landioustravel.com\\\/de\\\/shop\\\/bahariya-oasentour-safaga\\\/#primaryimage\"},\"image\":{\"@id\":\"https:\\\/\\\/landioustravel.com\\\/de\\\/shop\\\/bahariya-oasentour-safaga\\\/#primaryimage\"},\"thumbnailUrl\":\"https:\\\/\\\/i0.wp.com\\\/landioustravel.com\\\/wp-content\\\/uploads\\\/2022\\\/04\\\/Baharia-Oasis-e1651013355602.jpg?fit=1200%2C675&ssl=1\",\"datePublished\":\"2023-01-29T15:45:43+00:00\",\"dateModified\":\"2023-06-17T21:03:48+00:00\",\"description\":\"Bahariya Oasentour Safaga ist eine wundersch\u00f6ne zweit\u00e4gige W\u00fcstensafari-Tour zur Oase Bahariya von Safaga, \u00c4gypten! Wir empfehlen diesen Tagesausflug gerne\",\"breadcrumb\":{\"@id\":\"https:\\\/\\\/landioustravel.com\\\/de\\\/shop\\\/bahariya-oasentour-safaga\\\/#breadcrumb\"},\"inLanguage\":\"de\",\"potentialAction\":[{\"@type\":\"ReadAction\",\"target\":[\"https:\\\/\\\/landioustravel.com\\\/de\\\/shop\\\/bahariya-oasentour-safaga\\\/\"]}]},{\"@type\":\"ImageObject\",\"inLanguage\":\"de\",\"@id\":\"https:\\\/\\\/landioustravel.com\\\/de\\\/shop\\\/bahariya-oasentour-safaga\\\/#primaryimage\",\"url\":\"https:\\\/\\\/i0.wp.com\\\/landioustravel.com\\\/wp-content\\\/uploads\\\/2022\\\/04\\\/Baharia-Oasis-e1651013355602.jpg?fit=1200%2C675&ssl=1\",\"contentUrl\":\"https:\\\/\\\/i0.wp.com\\\/landioustravel.com\\\/wp-content\\\/uploads\\\/2022\\\/04\\\/Baharia-Oasis-e1651013355602.jpg?fit=1200%2C675&ssl=1\",\"width\":1200,\"height\":675,\"caption\":\"Bahariya Oasis\"},{\"@type\":\"BreadcrumbList\",\"@id\":\"https:\\\/\\\/landioustravel.com\\\/de\\\/shop\\\/bahariya-oasentour-safaga\\\/#breadcrumb\",\"itemListElement\":[{\"@type\":\"ListItem\",\"position\":1,\"name\":\"Home\",\"item\":\"https:\\\/\\\/landioustravel.com\\\/de\\\/\"},{\"@type\":\"ListItem\",\"position\":2,\"name\":\"\u00c4gypten Touren\",\"item\":\"https:\\\/\\\/landioustravel.com\\\/de\\\/\"},{\"@type\":\"ListItem\",\"position\":3,\"name\":\"Bahariya Oasentour Safaga\"}]},{\"@type\":\"WebSite\",\"@id\":\"https:\\\/\\\/landioustravel.com\\\/de\\\/#website\",\"url\":\"https:\\\/\\\/landioustravel.com\\\/de\\\/\",\"name\":\"Landious Travel\",\"description\":\"Excursions, trips and cruises in Egypt\",\"publisher\":{\"@id\":\"https:\\\/\\\/landioustravel.com\\\/de\\\/#organization\"},\"potentialAction\":[{\"@type\":\"SearchAction\",\"target\":{\"@type\":\"EntryPoint\",\"urlTemplate\":\"https:\\\/\\\/landioustravel.com\\\/de\\\/?s={search_term_string}\"},\"query-input\":{\"@type\":\"PropertyValueSpecification\",\"valueRequired\":true,\"valueName\":\"search_term_string\"}}],\"inLanguage\":\"de\"},{\"@type\":[\"Organization\",\"Place\"],\"@id\":\"https:\\\/\\\/landioustravel.com\\\/de\\\/#organization\",\"name\":\"Landious Travel\",\"alternateName\":\"Landious Travel\",\"url\":\"https:\\\/\\\/landioustravel.com\\\/de\\\/\",\"logo\":{\"@id\":\"https:\\\/\\\/landioustravel.com\\\/de\\\/shop\\\/bahariya-oasentour-safaga\\\/#local-main-organization-logo\"},\"image\":{\"@id\":\"https:\\\/\\\/landioustravel.com\\\/de\\\/shop\\\/bahariya-oasentour-safaga\\\/#local-main-organization-logo\"},\"sameAs\":[\"https:\\\/\\\/web.facebook.com\\\/landiousEgypt\",\"https:\\\/\\\/x.com\\\/LandiousTours\",\"https:\\\/\\\/mastodon.social\\\/@landious\"],\"legalName\":\"Landious Travel\",\"telephone\":[],\"openingHoursSpecification\":[{\"@type\":\"OpeningHoursSpecification\",\"dayOfWeek\":[\"Monday\",\"Tuesday\",\"Wednesday\",\"Thursday\",\"Friday\",\"Saturday\",\"Sunday\"],\"opens\":\"09:00\",\"closes\":\"17:00\"}]},{\"@type\":\"ImageObject\",\"inLanguage\":\"de\",\"@id\":\"https:\\\/\\\/landioustravel.com\\\/de\\\/shop\\\/bahariya-oasentour-safaga\\\/#local-main-organization-logo\",\"url\":\"https:\\\/\\\/i0.wp.com\\\/landioustravel.com\\\/wp-content\\\/uploads\\\/2021\\\/06\\\/Landious-T.png?fit=500%2C500&ssl=1\",\"contentUrl\":\"https:\\\/\\\/i0.wp.com\\\/landioustravel.com\\\/wp-content\\\/uploads\\\/2021\\\/06\\\/Landious-T.png?fit=500%2C500&ssl=1\",\"width\":500,\"height\":500,\"caption\":\"Landious Travel\"}]}<\/script>\n<!-- \/ Yoast SEO Premium plugin. -->","yoast_head_json":{"title":"Bahariya Oasentour Safaga","description":"Bahariya Oasentour Safaga ist eine wundersch\u00f6ne zweit\u00e4gige W\u00fcstensafari-Tour zur Oase Bahariya von Safaga, \u00c4gypten! Wir empfehlen diesen Tagesausflug gerne","robots":{"index":"index","follow":"follow","max-snippet":"max-snippet:-1","max-image-preview":"max-image-preview:large","max-video-preview":"max-video-preview:-1"},"canonical":"https:\/\/landioustravel.com\/de\/shop\/bahariya-oasentour-safaga\/","og_locale":"de_DE","og_type":"article","og_title":"Bahariya Oasentour Safaga","og_description":"Landious Travel","og_url":"https:\/\/landioustravel.com\/de\/shop\/bahariya-oasentour-safaga\/","og_site_name":"Landious Travel","article_publisher":"https:\/\/web.facebook.com\/landiousEgypt","article_modified_time":"2023-06-17T21:03:48+00:00","og_image":[{"width":1200,"height":675,"url":"https:\/\/i0.wp.com\/landioustravel.com\/wp-content\/uploads\/2022\/04\/Baharia-Oasis-e1651013355602.jpg?fit=1200%2C675&ssl=1","type":"image\/jpeg"}],"twitter_card":"summary_large_image","twitter_site":"@LandiousTours","twitter_misc":{"Gesch\u00e4tzte Lesezeit":"3\u00a0Minuten"},"schema":{"@context":"https:\/\/schema.org","@graph":[{"@type":"WebPage","@id":"https:\/\/landioustravel.com\/de\/shop\/bahariya-oasentour-safaga\/","url":"https:\/\/landioustravel.com\/de\/shop\/bahariya-oasentour-safaga\/","name":"Bahariya Oasentour Safaga","isPartOf":{"@id":"https:\/\/landioustravel.com\/de\/#website"},"primaryImageOfPage":{"@id":"https:\/\/landioustravel.com\/de\/shop\/bahariya-oasentour-safaga\/#primaryimage"},"image":{"@id":"https:\/\/landioustravel.com\/de\/shop\/bahariya-oasentour-safaga\/#primaryimage"},"thumbnailUrl":"https:\/\/i0.wp.com\/landioustravel.com\/wp-content\/uploads\/2022\/04\/Baharia-Oasis-e1651013355602.jpg?fit=1200%2C675&ssl=1","datePublished":"2023-01-29T15:45:43+00:00","dateModified":"2023-06-17T21:03:48+00:00","description":"Bahariya Oasentour Safaga ist eine wundersch\u00f6ne zweit\u00e4gige W\u00fcstensafari-Tour zur Oase Bahariya von Safaga, \u00c4gypten! Wir empfehlen diesen Tagesausflug gerne","breadcrumb":{"@id":"https:\/\/landioustravel.com\/de\/shop\/bahariya-oasentour-safaga\/#breadcrumb"},"inLanguage":"de","potentialAction":[{"@type":"ReadAction","target":["https:\/\/landioustravel.com\/de\/shop\/bahariya-oasentour-safaga\/"]}]},{"@type":"ImageObject","inLanguage":"de","@id":"https:\/\/landioustravel.com\/de\/shop\/bahariya-oasentour-safaga\/#primaryimage","url":"https:\/\/i0.wp.com\/landioustravel.com\/wp-content\/uploads\/2022\/04\/Baharia-Oasis-e1651013355602.jpg?fit=1200%2C675&ssl=1","contentUrl":"https:\/\/i0.wp.com\/landioustravel.com\/wp-content\/uploads\/2022\/04\/Baharia-Oasis-e1651013355602.jpg?fit=1200%2C675&ssl=1","width":1200,"height":675,"caption":"Bahariya Oasis"},{"@type":"BreadcrumbList","@id":"https:\/\/landioustravel.com\/de\/shop\/bahariya-oasentour-safaga\/#breadcrumb","itemListElement":[{"@type":"ListItem","position":1,"name":"Home","item":"https:\/\/landioustravel.com\/de\/"},{"@type":"ListItem","position":2,"name":"\u00c4gypten Touren","item":"https:\/\/landioustravel.com\/de\/"},{"@type":"ListItem","position":3,"name":"Bahariya Oasentour Safaga"}]},{"@type":"WebSite","@id":"https:\/\/landioustravel.com\/de\/#website","url":"https:\/\/landioustravel.com\/de\/","name":"Landious Travel","description":"Excursions, trips and cruises in Egypt","publisher":{"@id":"https:\/\/landioustravel.com\/de\/#organization"},"potentialAction":[{"@type":"SearchAction","target":{"@type":"EntryPoint","urlTemplate":"https:\/\/landioustravel.com\/de\/?s={search_term_string}"},"query-input":{"@type":"PropertyValueSpecification","valueRequired":true,"valueName":"search_term_string"}}],"inLanguage":"de"},{"@type":["Organization","Place"],"@id":"https:\/\/landioustravel.com\/de\/#organization","name":"Landious Travel","alternateName":"Landious Travel","url":"https:\/\/landioustravel.com\/de\/","logo":{"@id":"https:\/\/landioustravel.com\/de\/shop\/bahariya-oasentour-safaga\/#local-main-organization-logo"},"image":{"@id":"https:\/\/landioustravel.com\/de\/shop\/bahariya-oasentour-safaga\/#local-main-organization-logo"},"sameAs":["https:\/\/web.facebook.com\/landiousEgypt","https:\/\/x.com\/LandiousTours","https:\/\/mastodon.social\/@landious"],"legalName":"Landious Travel","telephone":[],"openingHoursSpecification":[{"@type":"OpeningHoursSpecification","dayOfWeek":["Monday","Tuesday","Wednesday","Thursday","Friday","Saturday","Sunday"],"opens":"09:00","closes":"17:00"}]},{"@type":"ImageObject","inLanguage":"de","@id":"https:\/\/landioustravel.com\/de\/shop\/bahariya-oasentour-safaga\/#local-main-organization-logo","url":"https:\/\/i0.wp.com\/landioustravel.com\/wp-content\/uploads\/2021\/06\/Landious-T.png?fit=500%2C500&ssl=1","contentUrl":"https:\/\/i0.wp.com\/landioustravel.com\/wp-content\/uploads\/2021\/06\/Landious-T.png?fit=500%2C500&ssl=1","width":500,"height":500,"caption":"Landious Travel"}]}},"jetpack_publicize_connections":[],"uagb_featured_image_src":{"full":["https:\/\/i0.wp.com\/landioustravel.com\/wp-content\/uploads\/2022\/04\/Baharia-Oasis-e1651013355602.jpg?fit=1200%2C675&ssl=1",1200,675,false],"thumbnail":["https:\/\/i0.wp.com\/landioustravel.com\/wp-content\/uploads\/2022\/04\/Baharia-Oasis-e1651013355602.jpg?resize=150%2C150&ssl=1",150,150,true],"medium":["https:\/\/i0.wp.com\/landioustravel.com\/wp-content\/uploads\/2022\/04\/Baharia-Oasis-e1651013355602.jpg?fit=300%2C169&ssl=1",300,169,true],"medium_large":["https:\/\/i0.wp.com\/landioustravel.com\/wp-content\/uploads\/2022\/04\/Baharia-Oasis-e1651013355602.jpg?fit=768%2C432&ssl=1",768,432,true],"large":["https:\/\/i0.wp.com\/landioustravel.com\/wp-content\/uploads\/2022\/04\/Baharia-Oasis-e1651013355602.jpg?fit=980%2C551&ssl=1",980,551,true],"1536x1536":["https:\/\/i0.wp.com\/landioustravel.com\/wp-content\/uploads\/2022\/04\/Baharia-Oasis-e1651013355602.jpg?fit=1536%2C960&ssl=1",1536,960,true],"2048x2048":["https:\/\/i0.wp.com\/landioustravel.com\/wp-content\/uploads\/2022\/04\/Baharia-Oasis-e1651013355602.jpg?fit=1200%2C675&ssl=1",1200,675,true],"newspack-article-block-landscape-large":["https:\/\/i0.wp.com\/landioustravel.com\/wp-content\/uploads\/2022\/04\/Baharia-Oasis-e1651013355602.jpg?resize=1200%2C675&ssl=1",1200,675,true],"newspack-article-block-portrait-large":["https:\/\/i0.wp.com\/landioustravel.com\/wp-content\/uploads\/2022\/04\/Baharia-Oasis-e1651013355602.jpg?resize=900%2C675&ssl=1",900,675,true],"newspack-article-block-square-large":["https:\/\/i0.wp.com\/landioustravel.com\/wp-content\/uploads\/2022\/04\/Baharia-Oasis-e1651013355602.jpg?resize=1200%2C675&ssl=1",1200,675,true],"newspack-article-block-landscape-medium":["https:\/\/i0.wp.com\/landioustravel.com\/wp-content\/uploads\/2022\/04\/Baharia-Oasis-e1651013355602.jpg?resize=800%2C600&ssl=1",800,600,true],"newspack-article-block-portrait-medium":["https:\/\/i0.wp.com\/landioustravel.com\/wp-content\/uploads\/2022\/04\/Baharia-Oasis-e1651013355602.jpg?resize=600%2C675&ssl=1",600,675,true],"newspack-article-block-square-medium":["https:\/\/i0.wp.com\/landioustravel.com\/wp-content\/uploads\/2022\/04\/Baharia-Oasis-e1651013355602.jpg?resize=800%2C675&ssl=1",800,675,true],"newspack-article-block-landscape-intermediate":["https:\/\/i0.wp.com\/landioustravel.com\/wp-content\/uploads\/2022\/04\/Baharia-Oasis-e1651013355602.jpg?resize=600%2C450&ssl=1",600,450,true],"newspack-article-block-portrait-intermediate":["https:\/\/i0.wp.com\/landioustravel.com\/wp-content\/uploads\/2022\/04\/Baharia-Oasis-e1651013355602.jpg?resize=450%2C600&ssl=1",450,600,true],"newspack-article-block-square-intermediate":["https:\/\/i0.wp.com\/landioustravel.com\/wp-content\/uploads\/2022\/04\/Baharia-Oasis-e1651013355602.jpg?resize=600%2C600&ssl=1",600,600,true],"newspack-article-block-landscape-small":["https:\/\/i0.wp.com\/landioustravel.com\/wp-content\/uploads\/2022\/04\/Baharia-Oasis-e1651013355602.jpg?resize=400%2C300&ssl=1",400,300,true],"newspack-article-block-portrait-small":["https:\/\/i0.wp.com\/landioustravel.com\/wp-content\/uploads\/2022\/04\/Baharia-Oasis-e1651013355602.jpg?resize=300%2C400&ssl=1",300,400,true],"newspack-article-block-square-small":["https:\/\/i0.wp.com\/landioustravel.com\/wp-content\/uploads\/2022\/04\/Baharia-Oasis-e1651013355602.jpg?resize=400%2C400&ssl=1",400,400,true],"newspack-article-block-landscape-tiny":["https:\/\/i0.wp.com\/landioustravel.com\/wp-content\/uploads\/2022\/04\/Baharia-Oasis-e1651013355602.jpg?resize=200%2C150&ssl=1",200,150,true],"newspack-article-block-portrait-tiny":["https:\/\/i0.wp.com\/landioustravel.com\/wp-content\/uploads\/2022\/04\/Baharia-Oasis-e1651013355602.jpg?resize=150%2C200&ssl=1",150,200,true],"newspack-article-block-square-tiny":["https:\/\/i0.wp.com\/landioustravel.com\/wp-content\/uploads\/2022\/04\/Baharia-Oasis-e1651013355602.jpg?resize=200%2C200&ssl=1",200,200,true],"newspack-article-block-uncropped":["https:\/\/i0.wp.com\/landioustravel.com\/wp-content\/uploads\/2022\/04\/Baharia-Oasis-e1651013355602.jpg?fit=1200%2C675&ssl=1",1200,675,true],"woocommerce_thumbnail":["https:\/\/i0.wp.com\/landioustravel.com\/wp-content\/uploads\/2022\/04\/Baharia-Oasis-e1651013355602.jpg?resize=324%2C324&ssl=1",324,324,true],"woocommerce_single":["https:\/\/i0.wp.com\/landioustravel.com\/wp-content\/uploads\/2022\/04\/Baharia-Oasis-e1651013355602.jpg?fit=416%2C234&ssl=1",416,234,true],"woocommerce_gallery_thumbnail":["https:\/\/i0.wp.com\/landioustravel.com\/wp-content\/uploads\/2022\/04\/Baharia-Oasis-e1651013355602.jpg?resize=100%2C100&ssl=1",100,100,true]},"uagb_author_info":{"display_name":"Mofreh Landious","author_link":"https:\/\/landioustravel.com\/de\/author\/"},"uagb_comment_info":0,"uagb_excerpt":"Begeben Sie sich auf ein einzigartiges Abenteuer mit der Baharyia-Oasentour ab Safaga. Tauchen Sie ein in die Sch\u00f6nheit der W\u00fcstenlandschaft und bewundern Sie die historischen Sehensw\u00fcrdigkeiten. Entdecken Sie die Wunder der Schwarzen W\u00fcste, die nat\u00fcrliche hei\u00dfe Quelle von El Haize, den Crystal Mountain, das Tal von Agabat, den White Desert National Park, den Golden Mummy&hellip;","jetpack_sharing_enabled":true,"jetpack_likes_enabled":true,"amp_enabled":true,"_links":{"self":[{"href":"https:\/\/landioustravel.com\/de\/wp-json\/wp\/v2\/product\/135216","targetHints":{"allow":["GET"]}}],"collection":[{"href":"https:\/\/landioustravel.com\/de\/wp-json\/wp\/v2\/product"}],"about":[{"href":"https:\/\/landioustravel.com\/de\/wp-json\/wp\/v2\/types\/product"}],"replies":[{"embeddable":true,"href":"https:\/\/landioustravel.com\/de\/wp-json\/wp\/v2\/comments?post=135216"}],"wp:featuredmedia":[{"embeddable":true,"href":"https:\/\/landioustravel.com\/de\/wp-json\/wp\/v2\/media\/103637"}],"wp:attachment":[{"href":"https:\/\/landioustravel.com\/de\/wp-json\/wp\/v2\/media?parent=135216"}],"wp:term":[{"taxonomy":"product_brand","embeddable":true,"href":"https:\/\/landioustravel.com\/de\/wp-json\/wp\/v2\/product_brand?post=135216"},{"taxonomy":"product_cat","embeddable":true,"href":"https:\/\/landioustravel.com\/de\/wp-json\/wp\/v2\/product_cat?post=135216"},{"taxonomy":"product_tag","embeddable":true,"href":"https:\/\/landioustravel.com\/de\/wp-json\/wp\/v2\/product_tag?post=135216"}],"curies":[{"name":"wp","href":"https:\/\/api.w.org\/{rel}","templated":true}]}}