{"id":135267,"date":"2022-12-28T21:23:31","date_gmt":"2023-01-29T20:44:39","guid":{"rendered":"https:\/\/landioustravel.com\/?post_type=product&#038;p=135267"},"modified":"2023-06-18T01:38:38","modified_gmt":"2023-06-17T23:38:38","slug":"sohag-private-tour-von-safaga","status":"publish","type":"product","link":"https:\/\/landioustravel.com\/de\/shop\/sohag-private-tour-von-safaga\/","title":{"rendered":"Sohag Private Tour von Safaga"},"content":{"rendered":"<p><strong>Sohag Private Tour Safaga<\/strong> ist eine unterhaltsame individuelle Tour, um die antiken Sehensw\u00fcrdigkeiten von Abydos und Sohag aus Safaga, \u00c4gypten, zu bewundern! Wir empfehlen die Reise, weil sie es den Touristen erm\u00f6glicht, viele Attraktionen zu sehen. Diese Attraktionen liegen in zwei St\u00e4dten \u2013 Abydos und Sohag. Sie stammen aus zwei Epochen der \u00e4gyptischen Geschichte \u2013 dem alten \u00c4gypten und dem R\u00f6mischen Reich. Au\u00dferdem k\u00f6nnen Sie bei dieser Tour eine geh\u00f6rige Portion Freude haben und mehr \u00fcber die Geschichte des Landes erfahren.<\/p>\n<h2>H\u00f6hepunkte der Sohag Private Tour Safaga<\/h2>\n<ul>\n<li>Besuch der Tempel von Abydos.<\/li>\n<li>Mittagessen in einem Restaurant.<\/li>\n<li>Auch das Rote Kloster und das Wei\u00dfe Kloster in Sohag.<\/li>\n<\/ul>\n<h2>Programm der Reise nach Abydos \u2013 Sohag von Safaga<\/h2>\n<ul>\n<li>Der Vertreter von Landious Travel holt Sie gegen 04:00 Uhr vom Hotel in Safaga ab.<\/li>\n<li>Nach der Abholung f\u00e4hrt der Bus (Limousine oder Minibus) in Richtung der Stadt Qena. Sie passiert die Stadt Safaga auf ihrem Weg nach Qena, das 220 km entfernt im Niltal liegt. Vom Zentrum von Hurghada nach Qena dauert der Kurs ca. 3 Stunden. Von Qena aus fahren Sie weiter nach Norden in Richtung des Gouvernements Sohag, um das Dorf Abydos zu erreichen. Es dauert ungef\u00e4hr eine Stunde l\u00e4nger, um nach Abydos zu gelangen.<\/li>\n<\/ul>\n<h3>Programm in Abydos<\/h3>\n<ul>\n<li>Sobald Sie im Gouvernement Sohag ankommen, genau; In Abydos beginnen Sie Ihre Reise. Der Start erfolgt im Tempelkomplex von Abydos. Es ist ein Komplex aus Tempeln, Geb\u00e4uden und T\u00fcrmen aus verschiedenen Epochen. In diesen Tempeln beginnt Ihr F\u00fchrer mit der Erkl\u00e4rung und zeigt dann die h\u00e4ufig besuchten Orte dieses gro\u00dfen Komplexes.<\/li>\n<\/ul>\n<h3>Programm in Sohag<\/h3>\n<ul>\n<li>Dann fahren Sie nach Norden nach Sohag. Wieder einmal beginnen Sie Ihre Reise nach Sohag mit dem Mittagessen. Dieser erste Halt wird in einem Qualit\u00e4tsrestaurant sein.<\/li>\n<li>Nach dem Mittagessen fahren Sie zu den nahe gelegenen christlichen Kl\u00f6stern \u2013 dem Roten Kloster und dem Wei\u00dfen Kloster. Wieder beginnt Ihr Guide mit seiner Erkl\u00e4rung und zeigt die h\u00e4ufig besuchten Orte dieser gro\u00dfen Anlage. Bitte beachten Sie, dass dieser Komplex aus verschiedenen Tempeln und Geb\u00e4uden besteht. Daher wird Ihr Guide die Aufgabe haben, all diese Tempel zu zeigen. Au\u00dferdem gibt er Ihnen Freizeit, um Fotos zu machen.<\/li>\n<\/ul>\n<h3>Abfahrt<\/h3>\n<ul>\n<li>Endlich f\u00e4hrt unser Bus nach so einer tollen individuellen Reise nach Sohag.<\/li>\n<li>Diese individuelle Fahrt von Safaga nach Abydos 6 Sohag endet gegen 22:00 Uhr.<\/li>\n<\/ul>\n<h2>Was beinhaltet der Preis von Abydos &amp; Sohag Private Trip Safaga?<\/h2>\n<ul>\n<li>Eintrittskarten f\u00fcr Tempelbesuche.<\/li>\n<li>Mittagessen.<\/li>\n<li>Getr\u00e4nke.<\/li>\n<li>Privater F\u00fchrer.<\/li>\n<li>Auch ein privates Fahrzeug nach Abydos \u2013 Sohag und zur\u00fcck zum Hotel.<\/li>\n<\/ul>\n<h2>Was beinhaltet das Programm von Abydos &amp; Sohag Safaga nicht?<\/h2>\n<ul>\n<li>Zus\u00e4tzliche Ausflugsprogramme, die nicht im oben genannten Programm enthalten sind.<\/li>\n<\/ul>\n<h2>Was nehmen Sie f\u00fcr die Reise mit?<\/h2>\n<ul>\n<li>Fr\u00fchst\u00fccksbox.<\/li>\n<li>Bringen Sie au\u00dferdem der Jahreszeit entsprechende Kleidung mit.<\/li>\n<\/ul>\n<h2>Buchungstage der Sohag Private Tour Safaga<\/h2>\n<ul>\n<li>T\u00e4glich von 04:00 \u2013 22:00 Uhr.<\/li>\n<\/ul>\n<h2>Was k\u00f6nnen Sie w\u00e4hrend der Reise nach Abydos und Sohag erwarten?<\/h2>\n<h3>Abydos-Dorf<\/h3>\n<p>Abydos scheint ein Dorf in der modernen \u00e4gyptischen Stadt Al-Balyana s\u00fcdlich des Gouvernements Sohag zu sein. Es war die Hauptstadt des achten Nome im alten \u00c4gypten. Das Dorf Abydos liegt 11 Kilometer westlich des Nils auf der Breite 26\u00b0 10\u2032 N.<\/p>\n<h3>Rotes Kloster<\/h3>\n<p>Das Rote Kloster, oder Apa Psoi, ist ein koptisch-orthodoxes Kloster, das nach einem \u00e4gyptischen Heiligen namens Psoi oder Pishoy benannt ist. Au\u00dferdem hat dieses Kloster den Namen Rotes Kloster, das von der Farbe der Baumaterialien seiner Au\u00dfenw\u00e4nde herr\u00fchrt. Diese W\u00e4nde sind an der Basis erheblich dicker als an der Spitze. Wie diese W\u00e4nde alt\u00e4gyptischer Tempel werden sie von Hohlkehlen \u00fcberragt. Das Rote Kloster \u00e4hnelt architektonisch dem Wei\u00dfen Kloster.<\/p>\n<h3>Wei\u00dfes Kloster<\/h3>\n<p>Das Koptische Wei\u00dfe Kloster, Kloster von Abba Shenouda oder das Athribian-Kloster, ist ein koptisch-orthodoxes Heiligtum, das nach dem Heiligen Shenouda, dem Archimandriten, benannt ist. Der Name des Klosters leitet sich vom wei\u00dfen Kalkstein seiner Au\u00dfenmauern ab. Das Wei\u00dfe Kloster \u00e4hnelt architektonisch dem Roten Kloster.<\/p>\n","protected":false},"excerpt":{"rendered":"<p>Begeben Sie sich von Safaga aus auf ein unglaubliches Abenteuer nach Abydos und Sohag und entdecken Sie die Wunder der Tempel von Abydos. Machen Sie sich bereit, umgeblendet zu werden! Und als ob das noch nicht genug w\u00e4re, haben Sie auch die M\u00f6glichkeit, sich ein k\u00f6stliches Mittagessen zu g\u00f6nnen, um neue Energie zu tanken. Aber die Aufregung h\u00f6rt hier nicht auf! Die Reise beinhaltet auch einen Besuch des Roten Klosters und des Wei\u00dfen Klosters in Sohag. Und das Beste daran? Sie m\u00fcssen sich um nichts k\u00fcmmern, denn im Reisepreis sind Transfers, Eintrittskarten und Mittagessen enthalten. Also, worauf wartest Du? Kommen Sie vorbei und erleben Sie den Nervenkitzel Ihres Lebens!<\/p>\n","protected":false},"featured_media":135003,"comment_status":"open","ping_status":"closed","template":"","meta":{"_coblocks_attr":"","_coblocks_dimensions":"","_coblocks_responsive_height":"","_coblocks_accordion_ie_support":"","_uag_custom_page_level_css":"","jetpack_publicize_message":"","jetpack_publicize_feature_enabled":true,"jetpack_social_post_already_shared":true,"jetpack_social_options":{"image_generator_settings":{"template":"highway","default_image_id":0,"font":"","enabled":false},"version":2},"_wpas_customize_per_network":false},"product_brand":[],"product_cat":[20139,22089],"product_tag":[1653,9906],"class_list":{"0":"post-135267","1":"product","2":"type-product","3":"status-publish","4":"has-post-thumbnail","6":"product_cat-safaga-private-ausfluege","7":"product_cat-safaga-private-besichtigungstouren","8":"product_tag-ausflug","9":"product_tag-besichtigung","11":"first","12":"instock","13":"sale","14":"taxable","15":"shipping-taxable","16":"purchasable","17":"product-type-variable"},"yoast_head":"<!-- This site is optimized with the Yoast SEO Premium plugin v27.5 (Yoast SEO v27.5) - https:\/\/yoast.com\/product\/yoast-seo-premium-wordpress\/ -->\n<title>Sohag Private Tour von Safaga<\/title>\n<meta name=\"description\" content=\"Sohag Private Tour von Safaga ist eine unterhaltsame individuelle Tour, um die antiken Sehensw\u00fcrdigkeiten von Abydos und Sohag aus Safaga, \u00c4gypten, zu\" \/>\n<meta name=\"robots\" content=\"index, follow, max-snippet:-1, max-image-preview:large, max-video-preview:-1\" \/>\n<link rel=\"canonical\" href=\"https:\/\/landioustravel.com\/de\/shop\/sohag-private-tour-von-safaga\/\" \/>\n<meta property=\"og:locale\" content=\"de_DE\" \/>\n<meta property=\"og:type\" content=\"article\" \/>\n<meta property=\"og:title\" content=\"Sohag Private Tour von Safaga\" \/>\n<meta property=\"og:description\" content=\"Landious Travel\" \/>\n<meta property=\"og:url\" content=\"https:\/\/landioustravel.com\/de\/shop\/sohag-private-tour-von-safaga\/\" \/>\n<meta property=\"og:site_name\" content=\"Landious Travel\" \/>\n<meta property=\"article:publisher\" content=\"https:\/\/web.facebook.com\/landiousEgypt\" \/>\n<meta property=\"article:modified_time\" content=\"2023-06-17T23:38:38+00:00\" \/>\n<meta property=\"og:image\" content=\"https:\/\/i0.wp.com\/landioustravel.com\/wp-content\/uploads\/2022\/12\/Sohag-Private-Tour-from-Safaga-e1672254624507.jpg?fit=1200%2C675&ssl=1\" \/>\n\t<meta property=\"og:image:width\" content=\"1200\" \/>\n\t<meta property=\"og:image:height\" content=\"675\" \/>\n\t<meta property=\"og:image:type\" content=\"image\/jpeg\" \/>\n<meta name=\"twitter:card\" content=\"summary_large_image\" \/>\n<meta name=\"twitter:site\" content=\"@LandiousTours\" \/>\n<meta name=\"twitter:label1\" content=\"Gesch\u00e4tzte Lesezeit\" \/>\n\t<meta name=\"twitter:data1\" content=\"3\u00a0Minuten\" \/>\n<script type=\"application\/ld+json\" class=\"yoast-schema-graph\">{\"@context\":\"https:\\\/\\\/schema.org\",\"@graph\":[{\"@type\":\"WebPage\",\"@id\":\"https:\\\/\\\/landioustravel.com\\\/de\\\/shop\\\/sohag-private-tour-von-safaga\\\/\",\"url\":\"https:\\\/\\\/landioustravel.com\\\/de\\\/shop\\\/sohag-private-tour-von-safaga\\\/\",\"name\":\"Sohag Private Tour von Safaga\",\"isPartOf\":{\"@id\":\"https:\\\/\\\/landioustravel.com\\\/de\\\/#website\"},\"primaryImageOfPage\":{\"@id\":\"https:\\\/\\\/landioustravel.com\\\/de\\\/shop\\\/sohag-private-tour-von-safaga\\\/#primaryimage\"},\"image\":{\"@id\":\"https:\\\/\\\/landioustravel.com\\\/de\\\/shop\\\/sohag-private-tour-von-safaga\\\/#primaryimage\"},\"thumbnailUrl\":\"https:\\\/\\\/i0.wp.com\\\/landioustravel.com\\\/wp-content\\\/uploads\\\/2022\\\/12\\\/Sohag-Private-Tour-from-Safaga-e1672254624507.jpg?fit=1200%2C675&ssl=1\",\"datePublished\":\"2023-01-29T20:44:39+00:00\",\"dateModified\":\"2023-06-17T23:38:38+00:00\",\"description\":\"Sohag Private Tour von Safaga ist eine unterhaltsame individuelle Tour, um die antiken Sehensw\u00fcrdigkeiten von Abydos und Sohag aus Safaga, \u00c4gypten, zu\",\"breadcrumb\":{\"@id\":\"https:\\\/\\\/landioustravel.com\\\/de\\\/shop\\\/sohag-private-tour-von-safaga\\\/#breadcrumb\"},\"inLanguage\":\"de\",\"potentialAction\":[{\"@type\":\"ReadAction\",\"target\":[\"https:\\\/\\\/landioustravel.com\\\/de\\\/shop\\\/sohag-private-tour-von-safaga\\\/\"]}]},{\"@type\":\"ImageObject\",\"inLanguage\":\"de\",\"@id\":\"https:\\\/\\\/landioustravel.com\\\/de\\\/shop\\\/sohag-private-tour-von-safaga\\\/#primaryimage\",\"url\":\"https:\\\/\\\/i0.wp.com\\\/landioustravel.com\\\/wp-content\\\/uploads\\\/2022\\\/12\\\/Sohag-Private-Tour-from-Safaga-e1672254624507.jpg?fit=1200%2C675&ssl=1\",\"contentUrl\":\"https:\\\/\\\/i0.wp.com\\\/landioustravel.com\\\/wp-content\\\/uploads\\\/2022\\\/12\\\/Sohag-Private-Tour-from-Safaga-e1672254624507.jpg?fit=1200%2C675&ssl=1\",\"width\":1200,\"height\":675,\"caption\":\"Sohag Private Tour from Safaga\"},{\"@type\":\"BreadcrumbList\",\"@id\":\"https:\\\/\\\/landioustravel.com\\\/de\\\/shop\\\/sohag-private-tour-von-safaga\\\/#breadcrumb\",\"itemListElement\":[{\"@type\":\"ListItem\",\"position\":1,\"name\":\"Home\",\"item\":\"https:\\\/\\\/landioustravel.com\\\/de\\\/\"},{\"@type\":\"ListItem\",\"position\":2,\"name\":\"\u00c4gypten Touren\",\"item\":\"https:\\\/\\\/landioustravel.com\\\/de\\\/\"},{\"@type\":\"ListItem\",\"position\":3,\"name\":\"Sohag Private Tour von Safaga\"}]},{\"@type\":\"WebSite\",\"@id\":\"https:\\\/\\\/landioustravel.com\\\/de\\\/#website\",\"url\":\"https:\\\/\\\/landioustravel.com\\\/de\\\/\",\"name\":\"Landious Travel\",\"description\":\"Excursions, trips and cruises in Egypt\",\"publisher\":{\"@id\":\"https:\\\/\\\/landioustravel.com\\\/de\\\/#organization\"},\"potentialAction\":[{\"@type\":\"SearchAction\",\"target\":{\"@type\":\"EntryPoint\",\"urlTemplate\":\"https:\\\/\\\/landioustravel.com\\\/de\\\/?s={search_term_string}\"},\"query-input\":{\"@type\":\"PropertyValueSpecification\",\"valueRequired\":true,\"valueName\":\"search_term_string\"}}],\"inLanguage\":\"de\"},{\"@type\":[\"Organization\",\"Place\"],\"@id\":\"https:\\\/\\\/landioustravel.com\\\/de\\\/#organization\",\"name\":\"Landious Travel\",\"alternateName\":\"Landious Travel\",\"url\":\"https:\\\/\\\/landioustravel.com\\\/de\\\/\",\"logo\":{\"@id\":\"https:\\\/\\\/landioustravel.com\\\/de\\\/shop\\\/sohag-private-tour-von-safaga\\\/#local-main-organization-logo\"},\"image\":{\"@id\":\"https:\\\/\\\/landioustravel.com\\\/de\\\/shop\\\/sohag-private-tour-von-safaga\\\/#local-main-organization-logo\"},\"sameAs\":[\"https:\\\/\\\/web.facebook.com\\\/landiousEgypt\",\"https:\\\/\\\/x.com\\\/LandiousTours\",\"https:\\\/\\\/mastodon.social\\\/@landious\"],\"legalName\":\"Landious Travel\",\"telephone\":[],\"openingHoursSpecification\":[{\"@type\":\"OpeningHoursSpecification\",\"dayOfWeek\":[\"Monday\",\"Tuesday\",\"Wednesday\",\"Thursday\",\"Friday\",\"Saturday\",\"Sunday\"],\"opens\":\"09:00\",\"closes\":\"17:00\"}]},{\"@type\":\"ImageObject\",\"inLanguage\":\"de\",\"@id\":\"https:\\\/\\\/landioustravel.com\\\/de\\\/shop\\\/sohag-private-tour-von-safaga\\\/#local-main-organization-logo\",\"url\":\"https:\\\/\\\/i0.wp.com\\\/landioustravel.com\\\/wp-content\\\/uploads\\\/2021\\\/06\\\/Landious-T.png?fit=500%2C500&ssl=1\",\"contentUrl\":\"https:\\\/\\\/i0.wp.com\\\/landioustravel.com\\\/wp-content\\\/uploads\\\/2021\\\/06\\\/Landious-T.png?fit=500%2C500&ssl=1\",\"width\":500,\"height\":500,\"caption\":\"Landious Travel\"}]}<\/script>\n<!-- \/ Yoast SEO Premium plugin. -->","yoast_head_json":{"title":"Sohag Private Tour von Safaga","description":"Sohag Private Tour von Safaga ist eine unterhaltsame individuelle Tour, um die antiken Sehensw\u00fcrdigkeiten von Abydos und Sohag aus Safaga, \u00c4gypten, zu","robots":{"index":"index","follow":"follow","max-snippet":"max-snippet:-1","max-image-preview":"max-image-preview:large","max-video-preview":"max-video-preview:-1"},"canonical":"https:\/\/landioustravel.com\/de\/shop\/sohag-private-tour-von-safaga\/","og_locale":"de_DE","og_type":"article","og_title":"Sohag Private Tour von Safaga","og_description":"Landious Travel","og_url":"https:\/\/landioustravel.com\/de\/shop\/sohag-private-tour-von-safaga\/","og_site_name":"Landious Travel","article_publisher":"https:\/\/web.facebook.com\/landiousEgypt","article_modified_time":"2023-06-17T23:38:38+00:00","og_image":[{"width":1200,"height":675,"url":"https:\/\/i0.wp.com\/landioustravel.com\/wp-content\/uploads\/2022\/12\/Sohag-Private-Tour-from-Safaga-e1672254624507.jpg?fit=1200%2C675&ssl=1","type":"image\/jpeg"}],"twitter_card":"summary_large_image","twitter_site":"@LandiousTours","twitter_misc":{"Gesch\u00e4tzte Lesezeit":"3\u00a0Minuten"},"schema":{"@context":"https:\/\/schema.org","@graph":[{"@type":"WebPage","@id":"https:\/\/landioustravel.com\/de\/shop\/sohag-private-tour-von-safaga\/","url":"https:\/\/landioustravel.com\/de\/shop\/sohag-private-tour-von-safaga\/","name":"Sohag Private Tour von Safaga","isPartOf":{"@id":"https:\/\/landioustravel.com\/de\/#website"},"primaryImageOfPage":{"@id":"https:\/\/landioustravel.com\/de\/shop\/sohag-private-tour-von-safaga\/#primaryimage"},"image":{"@id":"https:\/\/landioustravel.com\/de\/shop\/sohag-private-tour-von-safaga\/#primaryimage"},"thumbnailUrl":"https:\/\/i0.wp.com\/landioustravel.com\/wp-content\/uploads\/2022\/12\/Sohag-Private-Tour-from-Safaga-e1672254624507.jpg?fit=1200%2C675&ssl=1","datePublished":"2023-01-29T20:44:39+00:00","dateModified":"2023-06-17T23:38:38+00:00","description":"Sohag Private Tour von Safaga ist eine unterhaltsame individuelle Tour, um die antiken Sehensw\u00fcrdigkeiten von Abydos und Sohag aus Safaga, \u00c4gypten, zu","breadcrumb":{"@id":"https:\/\/landioustravel.com\/de\/shop\/sohag-private-tour-von-safaga\/#breadcrumb"},"inLanguage":"de","potentialAction":[{"@type":"ReadAction","target":["https:\/\/landioustravel.com\/de\/shop\/sohag-private-tour-von-safaga\/"]}]},{"@type":"ImageObject","inLanguage":"de","@id":"https:\/\/landioustravel.com\/de\/shop\/sohag-private-tour-von-safaga\/#primaryimage","url":"https:\/\/i0.wp.com\/landioustravel.com\/wp-content\/uploads\/2022\/12\/Sohag-Private-Tour-from-Safaga-e1672254624507.jpg?fit=1200%2C675&ssl=1","contentUrl":"https:\/\/i0.wp.com\/landioustravel.com\/wp-content\/uploads\/2022\/12\/Sohag-Private-Tour-from-Safaga-e1672254624507.jpg?fit=1200%2C675&ssl=1","width":1200,"height":675,"caption":"Sohag Private Tour from Safaga"},{"@type":"BreadcrumbList","@id":"https:\/\/landioustravel.com\/de\/shop\/sohag-private-tour-von-safaga\/#breadcrumb","itemListElement":[{"@type":"ListItem","position":1,"name":"Home","item":"https:\/\/landioustravel.com\/de\/"},{"@type":"ListItem","position":2,"name":"\u00c4gypten Touren","item":"https:\/\/landioustravel.com\/de\/"},{"@type":"ListItem","position":3,"name":"Sohag Private Tour von Safaga"}]},{"@type":"WebSite","@id":"https:\/\/landioustravel.com\/de\/#website","url":"https:\/\/landioustravel.com\/de\/","name":"Landious Travel","description":"Excursions, trips and cruises in Egypt","publisher":{"@id":"https:\/\/landioustravel.com\/de\/#organization"},"potentialAction":[{"@type":"SearchAction","target":{"@type":"EntryPoint","urlTemplate":"https:\/\/landioustravel.com\/de\/?s={search_term_string}"},"query-input":{"@type":"PropertyValueSpecification","valueRequired":true,"valueName":"search_term_string"}}],"inLanguage":"de"},{"@type":["Organization","Place"],"@id":"https:\/\/landioustravel.com\/de\/#organization","name":"Landious Travel","alternateName":"Landious Travel","url":"https:\/\/landioustravel.com\/de\/","logo":{"@id":"https:\/\/landioustravel.com\/de\/shop\/sohag-private-tour-von-safaga\/#local-main-organization-logo"},"image":{"@id":"https:\/\/landioustravel.com\/de\/shop\/sohag-private-tour-von-safaga\/#local-main-organization-logo"},"sameAs":["https:\/\/web.facebook.com\/landiousEgypt","https:\/\/x.com\/LandiousTours","https:\/\/mastodon.social\/@landious"],"legalName":"Landious Travel","telephone":[],"openingHoursSpecification":[{"@type":"OpeningHoursSpecification","dayOfWeek":["Monday","Tuesday","Wednesday","Thursday","Friday","Saturday","Sunday"],"opens":"09:00","closes":"17:00"}]},{"@type":"ImageObject","inLanguage":"de","@id":"https:\/\/landioustravel.com\/de\/shop\/sohag-private-tour-von-safaga\/#local-main-organization-logo","url":"https:\/\/i0.wp.com\/landioustravel.com\/wp-content\/uploads\/2021\/06\/Landious-T.png?fit=500%2C500&ssl=1","contentUrl":"https:\/\/i0.wp.com\/landioustravel.com\/wp-content\/uploads\/2021\/06\/Landious-T.png?fit=500%2C500&ssl=1","width":500,"height":500,"caption":"Landious Travel"}]}},"jetpack_publicize_connections":[],"uagb_featured_image_src":{"full":["https:\/\/i0.wp.com\/landioustravel.com\/wp-content\/uploads\/2022\/12\/Sohag-Private-Tour-from-Safaga-e1672254624507.jpg?fit=1200%2C675&ssl=1",1200,675,false],"thumbnail":["https:\/\/i0.wp.com\/landioustravel.com\/wp-content\/uploads\/2022\/12\/Sohag-Private-Tour-from-Safaga-e1672254624507.jpg?resize=150%2C150&ssl=1",150,150,true],"medium":["https:\/\/i0.wp.com\/landioustravel.com\/wp-content\/uploads\/2022\/12\/Sohag-Private-Tour-from-Safaga-e1672254624507.jpg?fit=300%2C169&ssl=1",300,169,true],"medium_large":["https:\/\/i0.wp.com\/landioustravel.com\/wp-content\/uploads\/2022\/12\/Sohag-Private-Tour-from-Safaga-e1672254624507.jpg?fit=768%2C432&ssl=1",768,432,true],"large":["https:\/\/i0.wp.com\/landioustravel.com\/wp-content\/uploads\/2022\/12\/Sohag-Private-Tour-from-Safaga-e1672254624507.jpg?fit=980%2C551&ssl=1",980,551,true],"1536x1536":["https:\/\/i0.wp.com\/landioustravel.com\/wp-content\/uploads\/2022\/12\/Sohag-Private-Tour-from-Safaga-e1672254624507.jpg?fit=1200%2C675&ssl=1",1200,675,true],"2048x2048":["https:\/\/i0.wp.com\/landioustravel.com\/wp-content\/uploads\/2022\/12\/Sohag-Private-Tour-from-Safaga-e1672254624507.jpg?fit=1200%2C675&ssl=1",1200,675,true],"newspack-article-block-landscape-large":["https:\/\/i0.wp.com\/landioustravel.com\/wp-content\/uploads\/2022\/12\/Sohag-Private-Tour-from-Safaga-e1672254624507.jpg?resize=1200%2C675&ssl=1",1200,675,true],"newspack-article-block-portrait-large":["https:\/\/i0.wp.com\/landioustravel.com\/wp-content\/uploads\/2022\/12\/Sohag-Private-Tour-from-Safaga-e1672254624507.jpg?resize=900%2C675&ssl=1",900,675,true],"newspack-article-block-square-large":["https:\/\/i0.wp.com\/landioustravel.com\/wp-content\/uploads\/2022\/12\/Sohag-Private-Tour-from-Safaga-e1672254624507.jpg?resize=1200%2C675&ssl=1",1200,675,true],"newspack-article-block-landscape-medium":["https:\/\/i0.wp.com\/landioustravel.com\/wp-content\/uploads\/2022\/12\/Sohag-Private-Tour-from-Safaga-e1672254624507.jpg?resize=800%2C600&ssl=1",800,600,true],"newspack-article-block-portrait-medium":["https:\/\/i0.wp.com\/landioustravel.com\/wp-content\/uploads\/2022\/12\/Sohag-Private-Tour-from-Safaga-e1672254624507.jpg?resize=600%2C675&ssl=1",600,675,true],"newspack-article-block-square-medium":["https:\/\/i0.wp.com\/landioustravel.com\/wp-content\/uploads\/2022\/12\/Sohag-Private-Tour-from-Safaga-e1672254624507.jpg?resize=800%2C675&ssl=1",800,675,true],"newspack-article-block-landscape-intermediate":["https:\/\/i0.wp.com\/landioustravel.com\/wp-content\/uploads\/2022\/12\/Sohag-Private-Tour-from-Safaga-e1672254624507.jpg?resize=600%2C450&ssl=1",600,450,true],"newspack-article-block-portrait-intermediate":["https:\/\/i0.wp.com\/landioustravel.com\/wp-content\/uploads\/2022\/12\/Sohag-Private-Tour-from-Safaga-e1672254624507.jpg?resize=450%2C600&ssl=1",450,600,true],"newspack-article-block-square-intermediate":["https:\/\/i0.wp.com\/landioustravel.com\/wp-content\/uploads\/2022\/12\/Sohag-Private-Tour-from-Safaga-e1672254624507.jpg?resize=600%2C600&ssl=1",600,600,true],"newspack-article-block-landscape-small":["https:\/\/i0.wp.com\/landioustravel.com\/wp-content\/uploads\/2022\/12\/Sohag-Private-Tour-from-Safaga-e1672254624507.jpg?resize=400%2C300&ssl=1",400,300,true],"newspack-article-block-portrait-small":["https:\/\/i0.wp.com\/landioustravel.com\/wp-content\/uploads\/2022\/12\/Sohag-Private-Tour-from-Safaga-e1672254624507.jpg?resize=300%2C400&ssl=1",300,400,true],"newspack-article-block-square-small":["https:\/\/i0.wp.com\/landioustravel.com\/wp-content\/uploads\/2022\/12\/Sohag-Private-Tour-from-Safaga-e1672254624507.jpg?resize=400%2C400&ssl=1",400,400,true],"newspack-article-block-landscape-tiny":["https:\/\/i0.wp.com\/landioustravel.com\/wp-content\/uploads\/2022\/12\/Sohag-Private-Tour-from-Safaga-e1672254624507.jpg?resize=200%2C150&ssl=1",200,150,true],"newspack-article-block-portrait-tiny":["https:\/\/i0.wp.com\/landioustravel.com\/wp-content\/uploads\/2022\/12\/Sohag-Private-Tour-from-Safaga-e1672254624507.jpg?resize=150%2C200&ssl=1",150,200,true],"newspack-article-block-square-tiny":["https:\/\/i0.wp.com\/landioustravel.com\/wp-content\/uploads\/2022\/12\/Sohag-Private-Tour-from-Safaga-e1672254624507.jpg?resize=200%2C200&ssl=1",200,200,true],"newspack-article-block-uncropped":["https:\/\/i0.wp.com\/landioustravel.com\/wp-content\/uploads\/2022\/12\/Sohag-Private-Tour-from-Safaga-e1672254624507.jpg?fit=1200%2C675&ssl=1",1200,675,true],"woocommerce_thumbnail":["https:\/\/i0.wp.com\/landioustravel.com\/wp-content\/uploads\/2022\/12\/Sohag-Private-Tour-from-Safaga-e1672254624507.jpg?resize=324%2C324&ssl=1",324,324,true],"woocommerce_single":["https:\/\/i0.wp.com\/landioustravel.com\/wp-content\/uploads\/2022\/12\/Sohag-Private-Tour-from-Safaga-e1672254624507.jpg?fit=416%2C234&ssl=1",416,234,true],"woocommerce_gallery_thumbnail":["https:\/\/i0.wp.com\/landioustravel.com\/wp-content\/uploads\/2022\/12\/Sohag-Private-Tour-from-Safaga-e1672254624507.jpg?resize=100%2C100&ssl=1",100,100,true]},"uagb_author_info":{"display_name":"Mofreh Landious","author_link":"https:\/\/landioustravel.com\/de\/author\/"},"uagb_comment_info":0,"uagb_excerpt":"Begeben Sie sich von Safaga aus auf ein unglaubliches Abenteuer nach Abydos und Sohag und entdecken Sie die Wunder der Tempel von Abydos. Machen Sie sich bereit, umgeblendet zu werden! Und als ob das noch nicht genug w\u00e4re, haben Sie auch die M\u00f6glichkeit, sich ein k\u00f6stliches Mittagessen zu g\u00f6nnen, um neue Energie zu tanken. Aber&hellip;","jetpack_sharing_enabled":true,"jetpack_likes_enabled":true,"amp_enabled":true,"_links":{"self":[{"href":"https:\/\/landioustravel.com\/de\/wp-json\/wp\/v2\/product\/135267","targetHints":{"allow":["GET"]}}],"collection":[{"href":"https:\/\/landioustravel.com\/de\/wp-json\/wp\/v2\/product"}],"about":[{"href":"https:\/\/landioustravel.com\/de\/wp-json\/wp\/v2\/types\/product"}],"replies":[{"embeddable":true,"href":"https:\/\/landioustravel.com\/de\/wp-json\/wp\/v2\/comments?post=135267"}],"wp:featuredmedia":[{"embeddable":true,"href":"https:\/\/landioustravel.com\/de\/wp-json\/wp\/v2\/media\/135003"}],"wp:attachment":[{"href":"https:\/\/landioustravel.com\/de\/wp-json\/wp\/v2\/media?parent=135267"}],"wp:term":[{"taxonomy":"product_brand","embeddable":true,"href":"https:\/\/landioustravel.com\/de\/wp-json\/wp\/v2\/product_brand?post=135267"},{"taxonomy":"product_cat","embeddable":true,"href":"https:\/\/landioustravel.com\/de\/wp-json\/wp\/v2\/product_cat?post=135267"},{"taxonomy":"product_tag","embeddable":true,"href":"https:\/\/landioustravel.com\/de\/wp-json\/wp\/v2\/product_tag?post=135267"}],"curies":[{"name":"wp","href":"https:\/\/api.w.org\/{rel}","templated":true}]}}