{"id":135282,"date":"2022-12-28T17:36:13","date_gmt":"2023-01-29T21:52:45","guid":{"rendered":"https:\/\/landioustravel.com\/?post_type=product&#038;p=135282"},"modified":"2023-06-18T02:01:52","modified_gmt":"2023-06-18T00:01:52","slug":"delfinhaus-schnellboot-safaga","status":"publish","type":"product","link":"https:\/\/landioustravel.com\/de\/shop\/delfinhaus-schnellboot-safaga\/","title":{"rendered":"Delfinhaus mit Schnellboot Safaga"},"content":{"rendered":"<p><strong>Delfinhaus mit Schnellboot Safaga<\/strong> ist eine fantastische Reise mit dem Schnellboot von Safaga, \u00c4gypten, nach Dolphin Bay! Wir empfehlen den Ausflug, weil es den Touristen erm\u00f6glicht, eine gute Zeit im Meer zu verbringen und mit Delfinen zu schwimmen. Au\u00dferdem k\u00f6nnen Sie die wundersch\u00f6nen Korallenriffe und eine Vielzahl von Fischen sehen und ein Meerespicknick durch das Rote Meer genie\u00dfen. Wir empfehlen Ihnen, Ihre Reisen individuell zu gestalten, um alles f\u00fcr Sie zu besorgen! Diese Reise ist die perfekte Wahl f\u00fcr Menschen, die nicht den ganzen Tag in einem Boot verbringen oder es mit anderen teilen m\u00f6chten.<\/p>\n<h2>H\u00f6hepunkte auf dem privaten Schnellboot zum Delfinhaus von Safaga mit dem Schnellboot<\/h2>\n<ul>\n<li>Schwimmen Sie mit den Delphinen im offenen Meer.<\/li>\n<li>Schnorcheln Sie auch im offenen Meer.<\/li>\n<\/ul>\n<h2>Programm der individuellen Schnellbootfahrt<\/h2>\n<ul>\n<li>Der Vertreter von Landious Travel holt Sie gegen 08:00 Uhr vom Safaga Hotel ab.<\/li>\n<li>Nachdem alle Ank\u00f6mmlinge abgeholt wurden, f\u00e4hrt der Bus zum Hafen. Der Weg zum Hafen dauert ca. 10 Minuten.<\/li>\n<li>Im Hafen finden Sie Ihr Schnellboot. Es ist ein unglaublich schickes! Dieses Schnellboot hat bequeme Sitze und K\u00fchlboxen. Sobald Sie in das Schnellboot steigen, bereiten Sie sich auf ein fabelhaftes Picknick \u00fcber dem Roten Meer vor.<\/li>\n<li>Zu diesem Zweck segelt das Schnellboot \u00fcber das Rote Meer zu einem wundersch\u00f6nen Korallenriffplatz. Als n\u00e4chstes machen Sie an diesem wundersch\u00f6nen Meeresplatz Halt. Nat\u00fcrlich k\u00f6nnen Sie mit Maske und Flossen schwimmen und schnorcheln.<\/li>\n<li>Als n\u00e4chstes halten Sie an einem anderen Ort mit sch\u00f6nen Meerestieren \u2013 Delfinen. Dieser Stopp ist etwas Besonderes \u2013 Schwimmen mit Delfinen im offenen Meer. Nat\u00fcrlich in Dolphin Bay, wo Delfine in gro\u00dfer Zahl leben.<\/li>\n<li>Schlie\u00dflich bringen wir Sie zur\u00fcck zu Ihrem Hotel.<\/li>\n<li>Dieses private Schnellboot von Safaga nach Delfinbucht endet gegen 12:30 Uhr.<\/li>\n<\/ul>\n<h2>Was beinhaltet der Preis des Schnellboots Delfinbucht Safaga?<\/h2>\n<ul>\n<li>Privates Schnellboot.<\/li>\n<li>Der Preis beinhaltet Schnorchelausr\u00fcstung (Masken und Flossen).<\/li>\n<li>Es beinhaltet auch Getr\u00e4nke und frisches Obst auf dem Schnellboot.<\/li>\n<li>Au\u00dferdem Transfer zum Hafen und zur\u00fcck zum Hotel.<\/li>\n<\/ul>\n<p>Was beinhaltet das Programm von Delfinbucht Schnellboot Safaga nicht?<\/p>\n<ul>\n<li>Video-DVD.<\/li>\n<li>Auch die Foto-CD.<\/li>\n<\/ul>\n<h2>Was nehmen Sie f\u00fcr die Reise mit?<\/h2>\n<ul>\n<li>Handtuch.<\/li>\n<li>Au\u00dferdem Sonnencreme.<\/li>\n<\/ul>\n<h2>Buchungstage des Delfinhaus mit dem Schnellboot Safaga<\/h2>\n<ul>\n<li>T\u00e4glich von 08:00 \u2013 12:30 Uhr.<\/li>\n<\/ul>\n<h2>N\u00fctzliche Gesten \u00fcber Schnellbooteinrichtungen<\/h2>\n<p>Alle unsere Schnellboote verf\u00fcgen \u00fcber ein JBL-Soundsystem, eine Frischwasserdusche, ein Bimini-Top, ein Sonnendeck, eine Eisbox, Steckdosen und eine Leiter. Auf der anderen Seite unterscheiden sich Schnellboote je nach Motorleistung und Sitzplatzkapazit\u00e4t. Die folgende Liste zeigt diese Variationen:<\/p>\n<ul>\n<li>140 PS mit vier Sitzen.<\/li>\n<li>140 PS mit sechs Sitzen.<\/li>\n<li>200 PS mit sechs Sitzen.<\/li>\n<li>250 PS mit acht Sitzpl\u00e4tzen. Dieser ist mit einer Toilette ausgestattet.<\/li>\n<li>Und auch der 500 PS mit acht Sitzen.<\/li>\n<\/ul>\n","protected":false},"excerpt":{"rendered":"<p>Begeben Sie sich von Safaga aus auf eine private Seereise mit dem Schnellboot zur Dolphin Bay, wo Sie ein Picknick am Meer genie\u00dfen k\u00f6nnen, w\u00e4hrend Sie durch das malerische Rote Meer fahren. Nehmen Sie ein erfrischendes Bad und schnorcheln Sie mit Maske und Flossen im offenen Meer, bevor Sie sich auf den Weg zu einem anderen Ort machen, an dem es von entz\u00fcckenden Meeresbewohnern wimmelt: Delfinen. Das Besondere an diesem besonderen Stopp ist, dass Sie die Delfine in ihrem nat\u00fcrlichen Lebensraum in der Dolphin Bay beobachten k\u00f6nnen, wo sie in gro\u00dfer Zahl leben.<\/p>\n","protected":false},"featured_media":134978,"comment_status":"open","ping_status":"closed","template":"","meta":{"_coblocks_attr":"","_coblocks_dimensions":"","_coblocks_responsive_height":"","_coblocks_accordion_ie_support":"","_uag_custom_page_level_css":"","jetpack_publicize_message":"","jetpack_publicize_feature_enabled":true,"jetpack_social_post_already_shared":true,"jetpack_social_options":{"image_generator_settings":{"template":"highway","default_image_id":0,"font":"","enabled":false},"version":2},"_wpas_customize_per_network":false},"product_brand":[],"product_cat":[20139,22088,22112],"product_tag":[1653,1844,1930,1777,1778],"class_list":{"0":"post-135282","1":"product","2":"type-product","3":"status-publish","4":"has-post-thumbnail","6":"product_cat-safaga-private-ausfluege","7":"product_cat-safaga-private-schnorchelausfluege","8":"product_cat-safaga-private-seereisen","9":"product_tag-ausflug","10":"product_tag-bootsausfluge","11":"product_tag-delfinhaus","12":"product_tag-meer","13":"product_tag-schnorcheln","15":"first","16":"instock","17":"sale","18":"taxable","19":"shipping-taxable","20":"purchasable","21":"product-type-variable"},"yoast_head":"<!-- This site is optimized with the Yoast SEO Premium plugin v27.5 (Yoast SEO v27.5) - https:\/\/yoast.com\/product\/yoast-seo-premium-wordpress\/ -->\n<title>Delfinhaus mit Schnellboot Safaga<\/title>\n<meta name=\"description\" content=\"Delfinhaus mit Schnellboot Safaga ist eine fantastische Reise mit dem Schnellboot von Safaga, \u00c4gypten, nach Dolphin Bay! Wir empfehlen den Ausflug, weil es\" \/>\n<meta name=\"robots\" content=\"index, follow, max-snippet:-1, max-image-preview:large, max-video-preview:-1\" \/>\n<link rel=\"canonical\" href=\"https:\/\/landioustravel.com\/de\/shop\/delfinhaus-schnellboot-safaga\/\" \/>\n<meta property=\"og:locale\" content=\"de_DE\" \/>\n<meta property=\"og:type\" content=\"article\" \/>\n<meta property=\"og:title\" content=\"Delfinhaus mit Schnellboot Safaga\" \/>\n<meta property=\"og:description\" content=\"Landious Travel\" \/>\n<meta property=\"og:url\" content=\"https:\/\/landioustravel.com\/de\/shop\/delfinhaus-schnellboot-safaga\/\" \/>\n<meta property=\"og:site_name\" content=\"Landious Travel\" \/>\n<meta property=\"article:publisher\" content=\"https:\/\/web.facebook.com\/landiousEgypt\" \/>\n<meta property=\"article:modified_time\" content=\"2023-06-18T00:01:52+00:00\" \/>\n<meta property=\"og:image\" content=\"https:\/\/i0.wp.com\/landioustravel.com\/wp-content\/uploads\/2022\/12\/Dolphin-House-by-Speedboat-Safaga-e1672240599633.jpg?fit=1080%2C607&ssl=1\" \/>\n\t<meta property=\"og:image:width\" content=\"1080\" \/>\n\t<meta property=\"og:image:height\" content=\"607\" \/>\n\t<meta property=\"og:image:type\" content=\"image\/jpeg\" \/>\n<meta name=\"twitter:card\" content=\"summary_large_image\" \/>\n<meta name=\"twitter:site\" content=\"@LandiousTours\" \/>\n<meta name=\"twitter:label1\" content=\"Gesch\u00e4tzte Lesezeit\" \/>\n\t<meta name=\"twitter:data1\" content=\"2\u00a0Minuten\" \/>\n<script type=\"application\/ld+json\" class=\"yoast-schema-graph\">{\"@context\":\"https:\\\/\\\/schema.org\",\"@graph\":[{\"@type\":\"WebPage\",\"@id\":\"https:\\\/\\\/landioustravel.com\\\/de\\\/shop\\\/delfinhaus-schnellboot-safaga\\\/\",\"url\":\"https:\\\/\\\/landioustravel.com\\\/de\\\/shop\\\/delfinhaus-schnellboot-safaga\\\/\",\"name\":\"Delfinhaus mit Schnellboot Safaga\",\"isPartOf\":{\"@id\":\"https:\\\/\\\/landioustravel.com\\\/de\\\/#website\"},\"primaryImageOfPage\":{\"@id\":\"https:\\\/\\\/landioustravel.com\\\/de\\\/shop\\\/delfinhaus-schnellboot-safaga\\\/#primaryimage\"},\"image\":{\"@id\":\"https:\\\/\\\/landioustravel.com\\\/de\\\/shop\\\/delfinhaus-schnellboot-safaga\\\/#primaryimage\"},\"thumbnailUrl\":\"https:\\\/\\\/i0.wp.com\\\/landioustravel.com\\\/wp-content\\\/uploads\\\/2022\\\/12\\\/Dolphin-House-by-Speedboat-Safaga-e1672240599633.jpg?fit=1080%2C607&ssl=1\",\"datePublished\":\"2023-01-29T21:52:45+00:00\",\"dateModified\":\"2023-06-18T00:01:52+00:00\",\"description\":\"Delfinhaus mit Schnellboot Safaga ist eine fantastische Reise mit dem Schnellboot von Safaga, \u00c4gypten, nach Dolphin Bay! Wir empfehlen den Ausflug, weil es\",\"breadcrumb\":{\"@id\":\"https:\\\/\\\/landioustravel.com\\\/de\\\/shop\\\/delfinhaus-schnellboot-safaga\\\/#breadcrumb\"},\"inLanguage\":\"de\",\"potentialAction\":[{\"@type\":\"ReadAction\",\"target\":[\"https:\\\/\\\/landioustravel.com\\\/de\\\/shop\\\/delfinhaus-schnellboot-safaga\\\/\"]}]},{\"@type\":\"ImageObject\",\"inLanguage\":\"de\",\"@id\":\"https:\\\/\\\/landioustravel.com\\\/de\\\/shop\\\/delfinhaus-schnellboot-safaga\\\/#primaryimage\",\"url\":\"https:\\\/\\\/i0.wp.com\\\/landioustravel.com\\\/wp-content\\\/uploads\\\/2022\\\/12\\\/Dolphin-House-by-Speedboat-Safaga-e1672240599633.jpg?fit=1080%2C607&ssl=1\",\"contentUrl\":\"https:\\\/\\\/i0.wp.com\\\/landioustravel.com\\\/wp-content\\\/uploads\\\/2022\\\/12\\\/Dolphin-House-by-Speedboat-Safaga-e1672240599633.jpg?fit=1080%2C607&ssl=1\",\"width\":1080,\"height\":607,\"caption\":\"Dolphin House by Speedboat Safaga\"},{\"@type\":\"BreadcrumbList\",\"@id\":\"https:\\\/\\\/landioustravel.com\\\/de\\\/shop\\\/delfinhaus-schnellboot-safaga\\\/#breadcrumb\",\"itemListElement\":[{\"@type\":\"ListItem\",\"position\":1,\"name\":\"Home\",\"item\":\"https:\\\/\\\/landioustravel.com\\\/de\\\/\"},{\"@type\":\"ListItem\",\"position\":2,\"name\":\"\u00c4gypten Touren\",\"item\":\"https:\\\/\\\/landioustravel.com\\\/de\\\/\"},{\"@type\":\"ListItem\",\"position\":3,\"name\":\"Delfinhaus mit Schnellboot Safaga\"}]},{\"@type\":\"WebSite\",\"@id\":\"https:\\\/\\\/landioustravel.com\\\/de\\\/#website\",\"url\":\"https:\\\/\\\/landioustravel.com\\\/de\\\/\",\"name\":\"Landious Travel\",\"description\":\"Excursions, trips and cruises in Egypt\",\"publisher\":{\"@id\":\"https:\\\/\\\/landioustravel.com\\\/de\\\/#organization\"},\"potentialAction\":[{\"@type\":\"SearchAction\",\"target\":{\"@type\":\"EntryPoint\",\"urlTemplate\":\"https:\\\/\\\/landioustravel.com\\\/de\\\/?s={search_term_string}\"},\"query-input\":{\"@type\":\"PropertyValueSpecification\",\"valueRequired\":true,\"valueName\":\"search_term_string\"}}],\"inLanguage\":\"de\"},{\"@type\":[\"Organization\",\"Place\"],\"@id\":\"https:\\\/\\\/landioustravel.com\\\/de\\\/#organization\",\"name\":\"Landious Travel\",\"alternateName\":\"Landious Travel\",\"url\":\"https:\\\/\\\/landioustravel.com\\\/de\\\/\",\"logo\":{\"@id\":\"https:\\\/\\\/landioustravel.com\\\/de\\\/shop\\\/delfinhaus-schnellboot-safaga\\\/#local-main-organization-logo\"},\"image\":{\"@id\":\"https:\\\/\\\/landioustravel.com\\\/de\\\/shop\\\/delfinhaus-schnellboot-safaga\\\/#local-main-organization-logo\"},\"sameAs\":[\"https:\\\/\\\/web.facebook.com\\\/landiousEgypt\",\"https:\\\/\\\/x.com\\\/LandiousTours\",\"https:\\\/\\\/mastodon.social\\\/@landious\"],\"legalName\":\"Landious Travel\",\"telephone\":[],\"openingHoursSpecification\":[{\"@type\":\"OpeningHoursSpecification\",\"dayOfWeek\":[\"Monday\",\"Tuesday\",\"Wednesday\",\"Thursday\",\"Friday\",\"Saturday\",\"Sunday\"],\"opens\":\"09:00\",\"closes\":\"17:00\"}]},{\"@type\":\"ImageObject\",\"inLanguage\":\"de\",\"@id\":\"https:\\\/\\\/landioustravel.com\\\/de\\\/shop\\\/delfinhaus-schnellboot-safaga\\\/#local-main-organization-logo\",\"url\":\"https:\\\/\\\/i0.wp.com\\\/landioustravel.com\\\/wp-content\\\/uploads\\\/2021\\\/06\\\/Landious-T.png?fit=500%2C500&ssl=1\",\"contentUrl\":\"https:\\\/\\\/i0.wp.com\\\/landioustravel.com\\\/wp-content\\\/uploads\\\/2021\\\/06\\\/Landious-T.png?fit=500%2C500&ssl=1\",\"width\":500,\"height\":500,\"caption\":\"Landious Travel\"}]}<\/script>\n<!-- \/ Yoast SEO Premium plugin. -->","yoast_head_json":{"title":"Delfinhaus mit Schnellboot Safaga","description":"Delfinhaus mit Schnellboot Safaga ist eine fantastische Reise mit dem Schnellboot von Safaga, \u00c4gypten, nach Dolphin Bay! Wir empfehlen den Ausflug, weil es","robots":{"index":"index","follow":"follow","max-snippet":"max-snippet:-1","max-image-preview":"max-image-preview:large","max-video-preview":"max-video-preview:-1"},"canonical":"https:\/\/landioustravel.com\/de\/shop\/delfinhaus-schnellboot-safaga\/","og_locale":"de_DE","og_type":"article","og_title":"Delfinhaus mit Schnellboot Safaga","og_description":"Landious Travel","og_url":"https:\/\/landioustravel.com\/de\/shop\/delfinhaus-schnellboot-safaga\/","og_site_name":"Landious Travel","article_publisher":"https:\/\/web.facebook.com\/landiousEgypt","article_modified_time":"2023-06-18T00:01:52+00:00","og_image":[{"width":1080,"height":607,"url":"https:\/\/i0.wp.com\/landioustravel.com\/wp-content\/uploads\/2022\/12\/Dolphin-House-by-Speedboat-Safaga-e1672240599633.jpg?fit=1080%2C607&ssl=1","type":"image\/jpeg"}],"twitter_card":"summary_large_image","twitter_site":"@LandiousTours","twitter_misc":{"Gesch\u00e4tzte Lesezeit":"2\u00a0Minuten"},"schema":{"@context":"https:\/\/schema.org","@graph":[{"@type":"WebPage","@id":"https:\/\/landioustravel.com\/de\/shop\/delfinhaus-schnellboot-safaga\/","url":"https:\/\/landioustravel.com\/de\/shop\/delfinhaus-schnellboot-safaga\/","name":"Delfinhaus mit Schnellboot Safaga","isPartOf":{"@id":"https:\/\/landioustravel.com\/de\/#website"},"primaryImageOfPage":{"@id":"https:\/\/landioustravel.com\/de\/shop\/delfinhaus-schnellboot-safaga\/#primaryimage"},"image":{"@id":"https:\/\/landioustravel.com\/de\/shop\/delfinhaus-schnellboot-safaga\/#primaryimage"},"thumbnailUrl":"https:\/\/i0.wp.com\/landioustravel.com\/wp-content\/uploads\/2022\/12\/Dolphin-House-by-Speedboat-Safaga-e1672240599633.jpg?fit=1080%2C607&ssl=1","datePublished":"2023-01-29T21:52:45+00:00","dateModified":"2023-06-18T00:01:52+00:00","description":"Delfinhaus mit Schnellboot Safaga ist eine fantastische Reise mit dem Schnellboot von Safaga, \u00c4gypten, nach Dolphin Bay! Wir empfehlen den Ausflug, weil es","breadcrumb":{"@id":"https:\/\/landioustravel.com\/de\/shop\/delfinhaus-schnellboot-safaga\/#breadcrumb"},"inLanguage":"de","potentialAction":[{"@type":"ReadAction","target":["https:\/\/landioustravel.com\/de\/shop\/delfinhaus-schnellboot-safaga\/"]}]},{"@type":"ImageObject","inLanguage":"de","@id":"https:\/\/landioustravel.com\/de\/shop\/delfinhaus-schnellboot-safaga\/#primaryimage","url":"https:\/\/i0.wp.com\/landioustravel.com\/wp-content\/uploads\/2022\/12\/Dolphin-House-by-Speedboat-Safaga-e1672240599633.jpg?fit=1080%2C607&ssl=1","contentUrl":"https:\/\/i0.wp.com\/landioustravel.com\/wp-content\/uploads\/2022\/12\/Dolphin-House-by-Speedboat-Safaga-e1672240599633.jpg?fit=1080%2C607&ssl=1","width":1080,"height":607,"caption":"Dolphin House by Speedboat Safaga"},{"@type":"BreadcrumbList","@id":"https:\/\/landioustravel.com\/de\/shop\/delfinhaus-schnellboot-safaga\/#breadcrumb","itemListElement":[{"@type":"ListItem","position":1,"name":"Home","item":"https:\/\/landioustravel.com\/de\/"},{"@type":"ListItem","position":2,"name":"\u00c4gypten Touren","item":"https:\/\/landioustravel.com\/de\/"},{"@type":"ListItem","position":3,"name":"Delfinhaus mit Schnellboot Safaga"}]},{"@type":"WebSite","@id":"https:\/\/landioustravel.com\/de\/#website","url":"https:\/\/landioustravel.com\/de\/","name":"Landious Travel","description":"Excursions, trips and cruises in Egypt","publisher":{"@id":"https:\/\/landioustravel.com\/de\/#organization"},"potentialAction":[{"@type":"SearchAction","target":{"@type":"EntryPoint","urlTemplate":"https:\/\/landioustravel.com\/de\/?s={search_term_string}"},"query-input":{"@type":"PropertyValueSpecification","valueRequired":true,"valueName":"search_term_string"}}],"inLanguage":"de"},{"@type":["Organization","Place"],"@id":"https:\/\/landioustravel.com\/de\/#organization","name":"Landious Travel","alternateName":"Landious Travel","url":"https:\/\/landioustravel.com\/de\/","logo":{"@id":"https:\/\/landioustravel.com\/de\/shop\/delfinhaus-schnellboot-safaga\/#local-main-organization-logo"},"image":{"@id":"https:\/\/landioustravel.com\/de\/shop\/delfinhaus-schnellboot-safaga\/#local-main-organization-logo"},"sameAs":["https:\/\/web.facebook.com\/landiousEgypt","https:\/\/x.com\/LandiousTours","https:\/\/mastodon.social\/@landious"],"legalName":"Landious Travel","telephone":[],"openingHoursSpecification":[{"@type":"OpeningHoursSpecification","dayOfWeek":["Monday","Tuesday","Wednesday","Thursday","Friday","Saturday","Sunday"],"opens":"09:00","closes":"17:00"}]},{"@type":"ImageObject","inLanguage":"de","@id":"https:\/\/landioustravel.com\/de\/shop\/delfinhaus-schnellboot-safaga\/#local-main-organization-logo","url":"https:\/\/i0.wp.com\/landioustravel.com\/wp-content\/uploads\/2021\/06\/Landious-T.png?fit=500%2C500&ssl=1","contentUrl":"https:\/\/i0.wp.com\/landioustravel.com\/wp-content\/uploads\/2021\/06\/Landious-T.png?fit=500%2C500&ssl=1","width":500,"height":500,"caption":"Landious Travel"}]}},"jetpack_publicize_connections":[],"uagb_featured_image_src":{"full":["https:\/\/i0.wp.com\/landioustravel.com\/wp-content\/uploads\/2022\/12\/Dolphin-House-by-Speedboat-Safaga-e1672240599633.jpg?fit=1080%2C607&ssl=1",1080,607,false],"thumbnail":["https:\/\/i0.wp.com\/landioustravel.com\/wp-content\/uploads\/2022\/12\/Dolphin-House-by-Speedboat-Safaga-e1672240599633.jpg?resize=150%2C150&ssl=1",150,150,true],"medium":["https:\/\/i0.wp.com\/landioustravel.com\/wp-content\/uploads\/2022\/12\/Dolphin-House-by-Speedboat-Safaga-e1672240599633.jpg?fit=300%2C169&ssl=1",300,169,true],"medium_large":["https:\/\/i0.wp.com\/landioustravel.com\/wp-content\/uploads\/2022\/12\/Dolphin-House-by-Speedboat-Safaga-e1672240599633.jpg?fit=768%2C432&ssl=1",768,432,true],"large":["https:\/\/i0.wp.com\/landioustravel.com\/wp-content\/uploads\/2022\/12\/Dolphin-House-by-Speedboat-Safaga-e1672240599633.jpg?fit=980%2C551&ssl=1",980,551,true],"1536x1536":["https:\/\/i0.wp.com\/landioustravel.com\/wp-content\/uploads\/2022\/12\/Dolphin-House-by-Speedboat-Safaga-e1672240599633.jpg?fit=1080%2C607&ssl=1",1080,607,true],"2048x2048":["https:\/\/i0.wp.com\/landioustravel.com\/wp-content\/uploads\/2022\/12\/Dolphin-House-by-Speedboat-Safaga-e1672240599633.jpg?fit=1080%2C607&ssl=1",1080,607,true],"newspack-article-block-landscape-large":["https:\/\/i0.wp.com\/landioustravel.com\/wp-content\/uploads\/2022\/12\/Dolphin-House-by-Speedboat-Safaga-e1672240599633.jpg?resize=1080%2C607&ssl=1",1080,607,true],"newspack-article-block-portrait-large":["https:\/\/i0.wp.com\/landioustravel.com\/wp-content\/uploads\/2022\/12\/Dolphin-House-by-Speedboat-Safaga-e1672240599633.jpg?resize=900%2C607&ssl=1",900,607,true],"newspack-article-block-square-large":["https:\/\/i0.wp.com\/landioustravel.com\/wp-content\/uploads\/2022\/12\/Dolphin-House-by-Speedboat-Safaga-e1672240599633.jpg?resize=1080%2C607&ssl=1",1080,607,true],"newspack-article-block-landscape-medium":["https:\/\/i0.wp.com\/landioustravel.com\/wp-content\/uploads\/2022\/12\/Dolphin-House-by-Speedboat-Safaga-e1672240599633.jpg?resize=800%2C600&ssl=1",800,600,true],"newspack-article-block-portrait-medium":["https:\/\/i0.wp.com\/landioustravel.com\/wp-content\/uploads\/2022\/12\/Dolphin-House-by-Speedboat-Safaga-e1672240599633.jpg?resize=600%2C607&ssl=1",600,607,true],"newspack-article-block-square-medium":["https:\/\/i0.wp.com\/landioustravel.com\/wp-content\/uploads\/2022\/12\/Dolphin-House-by-Speedboat-Safaga-e1672240599633.jpg?resize=800%2C607&ssl=1",800,607,true],"newspack-article-block-landscape-intermediate":["https:\/\/i0.wp.com\/landioustravel.com\/wp-content\/uploads\/2022\/12\/Dolphin-House-by-Speedboat-Safaga-e1672240599633.jpg?resize=600%2C450&ssl=1",600,450,true],"newspack-article-block-portrait-intermediate":["https:\/\/i0.wp.com\/landioustravel.com\/wp-content\/uploads\/2022\/12\/Dolphin-House-by-Speedboat-Safaga-e1672240599633.jpg?resize=450%2C600&ssl=1",450,600,true],"newspack-article-block-square-intermediate":["https:\/\/i0.wp.com\/landioustravel.com\/wp-content\/uploads\/2022\/12\/Dolphin-House-by-Speedboat-Safaga-e1672240599633.jpg?resize=600%2C600&ssl=1",600,600,true],"newspack-article-block-landscape-small":["https:\/\/i0.wp.com\/landioustravel.com\/wp-content\/uploads\/2022\/12\/Dolphin-House-by-Speedboat-Safaga-e1672240599633.jpg?resize=400%2C300&ssl=1",400,300,true],"newspack-article-block-portrait-small":["https:\/\/i0.wp.com\/landioustravel.com\/wp-content\/uploads\/2022\/12\/Dolphin-House-by-Speedboat-Safaga-e1672240599633.jpg?resize=300%2C400&ssl=1",300,400,true],"newspack-article-block-square-small":["https:\/\/i0.wp.com\/landioustravel.com\/wp-content\/uploads\/2022\/12\/Dolphin-House-by-Speedboat-Safaga-e1672240599633.jpg?resize=400%2C400&ssl=1",400,400,true],"newspack-article-block-landscape-tiny":["https:\/\/i0.wp.com\/landioustravel.com\/wp-content\/uploads\/2022\/12\/Dolphin-House-by-Speedboat-Safaga-e1672240599633.jpg?resize=200%2C150&ssl=1",200,150,true],"newspack-article-block-portrait-tiny":["https:\/\/i0.wp.com\/landioustravel.com\/wp-content\/uploads\/2022\/12\/Dolphin-House-by-Speedboat-Safaga-e1672240599633.jpg?resize=150%2C200&ssl=1",150,200,true],"newspack-article-block-square-tiny":["https:\/\/i0.wp.com\/landioustravel.com\/wp-content\/uploads\/2022\/12\/Dolphin-House-by-Speedboat-Safaga-e1672240599633.jpg?resize=200%2C200&ssl=1",200,200,true],"newspack-article-block-uncropped":["https:\/\/i0.wp.com\/landioustravel.com\/wp-content\/uploads\/2022\/12\/Dolphin-House-by-Speedboat-Safaga-e1672240599633.jpg?fit=1080%2C607&ssl=1",1080,607,true],"woocommerce_thumbnail":["https:\/\/i0.wp.com\/landioustravel.com\/wp-content\/uploads\/2022\/12\/Dolphin-House-by-Speedboat-Safaga-e1672240599633.jpg?resize=324%2C324&ssl=1",324,324,true],"woocommerce_single":["https:\/\/i0.wp.com\/landioustravel.com\/wp-content\/uploads\/2022\/12\/Dolphin-House-by-Speedboat-Safaga-e1672240599633.jpg?fit=416%2C234&ssl=1",416,234,true],"woocommerce_gallery_thumbnail":["https:\/\/i0.wp.com\/landioustravel.com\/wp-content\/uploads\/2022\/12\/Dolphin-House-by-Speedboat-Safaga-e1672240599633.jpg?resize=100%2C100&ssl=1",100,100,true]},"uagb_author_info":{"display_name":"Mofreh Landious","author_link":"https:\/\/landioustravel.com\/de\/author\/"},"uagb_comment_info":0,"uagb_excerpt":"Begeben Sie sich von Safaga aus auf eine private Seereise mit dem Schnellboot zur Dolphin Bay, wo Sie ein Picknick am Meer genie\u00dfen k\u00f6nnen, w\u00e4hrend Sie durch das malerische Rote Meer fahren. Nehmen Sie ein erfrischendes Bad und schnorcheln Sie mit Maske und Flossen im offenen Meer, bevor Sie sich auf den Weg zu einem&hellip;","jetpack_sharing_enabled":true,"jetpack_likes_enabled":true,"amp_enabled":true,"_links":{"self":[{"href":"https:\/\/landioustravel.com\/de\/wp-json\/wp\/v2\/product\/135282","targetHints":{"allow":["GET"]}}],"collection":[{"href":"https:\/\/landioustravel.com\/de\/wp-json\/wp\/v2\/product"}],"about":[{"href":"https:\/\/landioustravel.com\/de\/wp-json\/wp\/v2\/types\/product"}],"replies":[{"embeddable":true,"href":"https:\/\/landioustravel.com\/de\/wp-json\/wp\/v2\/comments?post=135282"}],"wp:featuredmedia":[{"embeddable":true,"href":"https:\/\/landioustravel.com\/de\/wp-json\/wp\/v2\/media\/134978"}],"wp:attachment":[{"href":"https:\/\/landioustravel.com\/de\/wp-json\/wp\/v2\/media?parent=135282"}],"wp:term":[{"taxonomy":"product_brand","embeddable":true,"href":"https:\/\/landioustravel.com\/de\/wp-json\/wp\/v2\/product_brand?post=135282"},{"taxonomy":"product_cat","embeddable":true,"href":"https:\/\/landioustravel.com\/de\/wp-json\/wp\/v2\/product_cat?post=135282"},{"taxonomy":"product_tag","embeddable":true,"href":"https:\/\/landioustravel.com\/de\/wp-json\/wp\/v2\/product_tag?post=135282"}],"curies":[{"name":"wp","href":"https:\/\/api.w.org\/{rel}","templated":true}]}}