{"id":135320,"date":"2022-12-27T12:44:51","date_gmt":"2023-01-30T12:15:02","guid":{"rendered":"https:\/\/landioustravel.com\/?post_type=product&#038;p=135320"},"modified":"2024-03-01T02:54:41","modified_gmt":"2024-03-01T00:54:41","slug":"luxor-abu-simbel-tour-von-safaga","status":"publish","type":"product","link":"https:\/\/landioustravel.com\/de\/shop\/luxor-abu-simbel-tour-von-safaga\/","title":{"rendered":"Luxor Abu Simbel Tour von Safaga"},"content":{"rendered":"<p class=\"product_title entry-title\"><strong>Luxor Abu Simbel Tour Safaga<\/strong> ist ein wunderbarer Ausflug nach Luxor, Assuan und Abu Simbel von Safaga, \u00c4gypten! Wir empfehlen einen Ausflug, da Touristen viele alt\u00e4gyptische Sehensw\u00fcrdigkeiten sehen und mehr \u00fcber seine Geschichte erfahren k\u00f6nnen.<\/p>\n<h2>H\u00f6hepunkte der Luxor &amp; Abu Simbel Tour ab Safaga<\/h2>\n<ul>\n<li>Bewundern Sie den Karnak-Tempel.<\/li>\n<li>Sehen Sie den Hochdamm in Assuan.<\/li>\n<li>Philae-Tempel auf Agelika Island.<\/li>\n<li>Unvollendeter Obelisk in Assuan.<\/li>\n<li>Nil-Picknick mit \u00e4gyptischer Felucca in Assuan.<\/li>\n<li>Auch die Tempel von Ramses II in Abu Simbel.<\/li>\n<li>Entdecken Sie das Tal der K\u00f6nige.<\/li>\n<li>Sehen Sie den Tempel der Hatschepsut.<\/li>\n<li>Machen Sie Erinnerungen durch die Kolosse von Memnon.<\/li>\n<\/ul>\n<h2>Tourprogramm zu den Tempeln von Luxor und Abu Simbel<\/h2>\n<ul>\n<li>Der Vertreter von Landious Travel holt Sie gegen Mitternacht vom Hotel in Safaga ab.<\/li>\n<li>Nachdem alle Ank\u00f6mmlinge abgeholt wurden, f\u00e4hrt der Bus nach Luxor. Sie umgeht die K\u00fcstenstadt Qena im Niltal. Der Weg dauert ungef\u00e4hr drei Stunden vom Zentrum von Safaga nach Luxor.<\/li>\n<\/ul>\n<h3>Erster Tag in Luxor<\/h3>\n<ul>\n<li>Sobald Sie in Luxor angekommen sind, werden Sie es genie\u00dfen, die Denkm\u00e4ler am Westufer des Nils zu betrachten. Zu diesen Denkm\u00e4lern geh\u00f6ren das unglaubliche Tal der K\u00f6nige, der Hatschepsut-Tempel und die Memnon-Kolosse.<\/li>\n<li>Nach diesen spannenden Besichtigungen genie\u00dfen Sie ein Mittagessen in einem \u00e4gyptischen Restaurant.<\/li>\n<li>Als n\u00e4chstes fahren Sie in das Gouvernement Assuan, das s\u00fcdlich von Luxor liegt. Der Weg in diese Stadt dauert ungef\u00e4hr drei Stunden.<\/li>\n<li>Nach Ihrer Ankunft in Assuan checken Sie in Ihrem Hotel ein.<\/li>\n<li>Anschlie\u00dfend nehmen Sie Ihr Abendessen in einem der Restaurants der Stadt ein.<\/li>\n<\/ul>\n<h3>Zweiter Tag in Assuan<\/h3>\n<ul>\n<li>Sie werden am fr\u00fchen Morgen aufstehen, um sich dem Konvoi anzuschlie\u00dfen, der zu den Tempeln von Ramses II in Abu Simbel f\u00e4hrt.<\/li>\n<li>Ihr Reiseleiter wird Sie bei Ihrer Ankunft in diese wundersch\u00f6nen Tempel begleiten.<\/li>\n<li>Als n\u00e4chstes fahren Sie zur\u00fcck nach Assuan.<\/li>\n<li>Die ersten Monumente in Assuan sind der High Dam und das Monument Memorial.<\/li>\n<li>Die n\u00e4chste Station ist der unvollendete Obelisk der Hatschepsut.<\/li>\n<li>Als n\u00e4chstes begeben Sie sich ins Restaurant, um ein k\u00f6stliches Mittagessen zu genie\u00dfen.<\/li>\n<li>Nach dem Mittagessen ruhen Sie sich in Ihrem Hotel aus.<\/li>\n<li>Am Abend fahren Sie zum Tempel von Philae, um die Klang- und Lichtspektakel zu genie\u00dfen.<\/li>\n<li>Danach geht es zum Abendessen ins Restaurant.<\/li>\n<li>Schlie\u00dflich kehren Sie zu Ihrem Hotel zur\u00fcck.<\/li>\n<\/ul>\n<h3>Dritter Tag in Assuan<\/h3>\n<ul>\n<li>Sie werden morgens aufstehen, um in Ihrem Hotel zu fr\u00fchst\u00fccken und auszuchecken.<\/li>\n<li>Anschlie\u00dfend fahren Sie zur\u00fcck nach Luxor. Dort werden Sie es genie\u00dfen, den riesigen Tempel von Karnak zu sehen.<\/li>\n<li>Nach dem Besuch des Karnak werden Sie zu Mittag essen.<\/li>\n<\/ul>\n<h3>Abfahrt<\/h3>\n<ul>\n<li>Schlie\u00dflich kehrt unser Bus nach einer so aufregenden Tour in den St\u00e4dten Luxor und Assuan nach Safaga zur\u00fcck.<\/li>\n<li>Diese Reise von Safaga nach Luxor, Assuan und Abu Simbel endet gegen 24:00 Uhr.<\/li>\n<\/ul>\n<h3>Was beinhaltet der Preis der Luxor Abu Simbel Tour Safaga?<\/h3>\n<ul>\n<li>Eintrittskarten f\u00fcr Tempelbesuche.<\/li>\n<li>Mittagessen.<\/li>\n<li>F\u00fchrung.<\/li>\n<li>Hotelaufenthalt.<\/li>\n<li>Au\u00dferdem Transfer nach Assuan \u2013 Abu Simbel und zur\u00fcck zum Hotel.<\/li>\n<\/ul>\n<h2>Was beinhaltet das Programm der Luxor Abu Simbel Tour nicht?<\/h2>\n<ul>\n<li>Zus\u00e4tzliche Ausflugsprogramme.<\/li>\n<li>Auch Getr\u00e4nke.<\/li>\n<\/ul>\n<h2>Was sollte man f\u00fcr die Reise nach Abu Simbel mitnehmen?<\/h2>\n<ul>\n<li>Fr\u00fchst\u00fccksbox.<\/li>\n<li>Reisepass.<\/li>\n<li>Nehmen Sie auch geeignete Kleidung f\u00fcr die Jahreszeit mit.<\/li>\n<\/ul>\n<h2>Assuan Abu Simbel Ausflug Safaga Buchungstage<\/h2>\n<ul>\n<li>T\u00e4glich von 04:00 \u2013 19:00 Uhr dritter Tag.<\/li>\n<\/ul>\n<h2>Was erwartet Sie w\u00e4hrend der Assuan- und Abu Simbel-Reise von Safaga aus?<\/h2>\n<p>Tempel von Ramses II. in Abu Simbel: Die Tempel von Abu Simbel sind zwei massive Felsentempel im nubischen Dorf Abu Simbel, Gouvernement Assuan, \u00c4gypten. Mit anderen Worten, diese Tempel stehen am Westufer des Nassersees, etwa 230 km s\u00fcdwestlich von Assuan. Die alten \u00c4gypter bauten diese Tempel w\u00e4hrend der Herrschaft von Ramses II.<\/p>\n<p>Philae-Tempel: Dieser einzigartige Tempelkomplex existiert auf einer der Inseln im Nil. Sein urspr\u00fcnglicher Standort war auf der Insel Philae in Assuan. Nach dem Bau des Hochdamms in Assuan musste dieser Komplex auf die n\u00e4chste Insel, Agilika, verlegt werden. Mit Hilfe der UNESCO bauten Ingenieure es auf der benachbarten Insel Agilika wieder auf. Die Insel Agilika liegt 12 km s\u00fcdlich des Hochdamms.<\/p>\n","protected":false},"excerpt":{"rendered":"<p>Erleben Sie die Sch\u00f6nheit von Luxor und Assuan bei einer privaten Tour unter der Leitung eines erfahrenen \u00c4gyptologen. In nur zwei Tagen haben Sie die M\u00f6glichkeit, die unglaublichen Sehensw\u00fcrdigkeiten des Karnak-Tempels, des Tempels der G\u00f6ttin Isis auf der Insel Philae, des unvollendeten Obelisken der Hatschepsut und der Tempel von Ramses II. zu erleben. Genie\u00dfen Sie die atemberaubende Aussicht auf Nubien und erkunden Sie die Tempel von Abu Simbel. Sie k\u00f6nnen sogar ein sch\u00f6nes Bootspicknick bei Felucca \u00fcber dem Nil genie\u00dfen. Im Reisepreis sind Verpflegung und Unterkunft inbegriffen, sodass Sie sich entspannen und auf unvergessliche Erinnerungen konzentrieren k\u00f6nnen. Bei dieser privaten Tour erhalten Sie die individuelle Betreuung durch Ihren Reiseleiter und k\u00f6nnen sogar ein im Preis inbegriffenes Mittagessen genie\u00dfen, das in einem lokalen Restaurant serviert wird. Buchen Sie noch heute Ihr Luxor- und Assuan-Abenteuer!<\/p>\n","protected":false},"featured_media":134935,"comment_status":"open","ping_status":"closed","template":"","meta":{"_coblocks_attr":"","_coblocks_dimensions":"","_coblocks_responsive_height":"","_coblocks_accordion_ie_support":"","_uag_custom_page_level_css":"","jetpack_post_was_ever_published":false,"jetpack_publicize_message":"","jetpack_publicize_feature_enabled":true,"jetpack_social_post_already_shared":true,"jetpack_social_options":{"image_generator_settings":{"template":"highway","default_image_id":0,"font":"","enabled":false},"version":2},"_wpas_customize_per_network":false},"product_brand":[],"product_cat":[20139,22089,22086],"product_tag":[1653,9906,2185],"class_list":{"0":"post-135320","1":"product","2":"type-product","3":"status-publish","4":"has-post-thumbnail","6":"product_cat-safaga-private-ausfluege","7":"product_cat-safaga-private-besichtigungstouren","8":"product_cat-safaga-privatetouren-luxor","9":"product_tag-ausflug","10":"product_tag-besichtigung","11":"product_tag-luxor-de","13":"first","14":"instock","15":"sale","16":"taxable","17":"shipping-taxable","18":"purchasable","19":"product-type-variable"},"yoast_head":"<!-- This site is optimized with the Yoast SEO Premium plugin v26.9 (Yoast SEO v27.3) - https:\/\/yoast.com\/product\/yoast-seo-premium-wordpress\/ -->\n<title>Luxor Abu Simbel Tour von Safaga<\/title>\n<meta name=\"description\" content=\"Luxor Abu Simbel Tour von Safaga ist ein wunderbarer Ausflug nach Luxor, Assuan und Abu Simbel von Safaga, \u00c4gypten! Wir empfehlen einen Ausflug, da\" \/>\n<meta name=\"robots\" content=\"index, follow, max-snippet:-1, max-image-preview:large, max-video-preview:-1\" \/>\n<link rel=\"canonical\" href=\"https:\/\/landioustravel.com\/de\/shop\/luxor-abu-simbel-tour-von-safaga\/\" \/>\n<meta property=\"og:locale\" content=\"de_DE\" \/>\n<meta property=\"og:type\" content=\"article\" \/>\n<meta property=\"og:title\" content=\"Luxor Abu Simbel Tour von Safaga\" \/>\n<meta property=\"og:description\" content=\"Landious Travel\" \/>\n<meta property=\"og:url\" content=\"https:\/\/landioustravel.com\/de\/shop\/luxor-abu-simbel-tour-von-safaga\/\" \/>\n<meta property=\"og:site_name\" content=\"Landious Travel\" \/>\n<meta property=\"article:publisher\" content=\"https:\/\/web.facebook.com\/landiousEgypt\" \/>\n<meta property=\"article:modified_time\" content=\"2024-03-01T00:54:41+00:00\" \/>\n<meta property=\"og:image\" content=\"https:\/\/i0.wp.com\/landioustravel.com\/wp-content\/uploads\/2022\/12\/Luxor-Abu-Simbel-Tour-Safaga-e1672137213363.jpg?fit=1200%2C675&ssl=1\" \/>\n\t<meta property=\"og:image:width\" content=\"1200\" \/>\n\t<meta property=\"og:image:height\" content=\"675\" \/>\n\t<meta property=\"og:image:type\" content=\"image\/jpeg\" \/>\n<meta name=\"twitter:card\" content=\"summary_large_image\" \/>\n<meta name=\"twitter:site\" content=\"@LandiousTours\" \/>\n<meta name=\"twitter:label1\" content=\"Gesch\u00e4tzte Lesezeit\" \/>\n\t<meta name=\"twitter:data1\" content=\"3\u00a0Minuten\" \/>\n<script type=\"application\/ld+json\" class=\"yoast-schema-graph\">{\"@context\":\"https:\\\/\\\/schema.org\",\"@graph\":[{\"@type\":\"WebPage\",\"@id\":\"https:\\\/\\\/landioustravel.com\\\/de\\\/shop\\\/luxor-abu-simbel-tour-von-safaga\\\/\",\"url\":\"https:\\\/\\\/landioustravel.com\\\/de\\\/shop\\\/luxor-abu-simbel-tour-von-safaga\\\/\",\"name\":\"Luxor Abu Simbel Tour von Safaga\",\"isPartOf\":{\"@id\":\"https:\\\/\\\/landioustravel.com\\\/de\\\/#website\"},\"primaryImageOfPage\":{\"@id\":\"https:\\\/\\\/landioustravel.com\\\/de\\\/shop\\\/luxor-abu-simbel-tour-von-safaga\\\/#primaryimage\"},\"image\":{\"@id\":\"https:\\\/\\\/landioustravel.com\\\/de\\\/shop\\\/luxor-abu-simbel-tour-von-safaga\\\/#primaryimage\"},\"thumbnailUrl\":\"https:\\\/\\\/i0.wp.com\\\/landioustravel.com\\\/wp-content\\\/uploads\\\/2022\\\/12\\\/Luxor-Abu-Simbel-Tour-Safaga-e1672137213363.jpg?fit=1200%2C675&ssl=1\",\"datePublished\":\"2023-01-30T12:15:02+00:00\",\"dateModified\":\"2024-03-01T00:54:41+00:00\",\"description\":\"Luxor Abu Simbel Tour von Safaga ist ein wunderbarer Ausflug nach Luxor, Assuan und Abu Simbel von Safaga, \u00c4gypten! Wir empfehlen einen Ausflug, da\",\"breadcrumb\":{\"@id\":\"https:\\\/\\\/landioustravel.com\\\/de\\\/shop\\\/luxor-abu-simbel-tour-von-safaga\\\/#breadcrumb\"},\"inLanguage\":\"de\",\"potentialAction\":[{\"@type\":\"ReadAction\",\"target\":[\"https:\\\/\\\/landioustravel.com\\\/de\\\/shop\\\/luxor-abu-simbel-tour-von-safaga\\\/\"]}]},{\"@type\":\"ImageObject\",\"inLanguage\":\"de\",\"@id\":\"https:\\\/\\\/landioustravel.com\\\/de\\\/shop\\\/luxor-abu-simbel-tour-von-safaga\\\/#primaryimage\",\"url\":\"https:\\\/\\\/i0.wp.com\\\/landioustravel.com\\\/wp-content\\\/uploads\\\/2022\\\/12\\\/Luxor-Abu-Simbel-Tour-Safaga-e1672137213363.jpg?fit=1200%2C675&ssl=1\",\"contentUrl\":\"https:\\\/\\\/i0.wp.com\\\/landioustravel.com\\\/wp-content\\\/uploads\\\/2022\\\/12\\\/Luxor-Abu-Simbel-Tour-Safaga-e1672137213363.jpg?fit=1200%2C675&ssl=1\",\"width\":1200,\"height\":675,\"caption\":\"Luxor Abu Simbel Tour Safaga\"},{\"@type\":\"BreadcrumbList\",\"@id\":\"https:\\\/\\\/landioustravel.com\\\/de\\\/shop\\\/luxor-abu-simbel-tour-von-safaga\\\/#breadcrumb\",\"itemListElement\":[{\"@type\":\"ListItem\",\"position\":1,\"name\":\"Home\",\"item\":\"https:\\\/\\\/landioustravel.com\\\/de\\\/\"},{\"@type\":\"ListItem\",\"position\":2,\"name\":\"\u00c4gypten Touren\",\"item\":\"https:\\\/\\\/landioustravel.com\\\/de\\\/\"},{\"@type\":\"ListItem\",\"position\":3,\"name\":\"Luxor Abu Simbel Tour von Safaga\"}]},{\"@type\":\"WebSite\",\"@id\":\"https:\\\/\\\/landioustravel.com\\\/de\\\/#website\",\"url\":\"https:\\\/\\\/landioustravel.com\\\/de\\\/\",\"name\":\"Landious Travel\",\"description\":\"Excursions, trips and cruises in Egypt\",\"publisher\":{\"@id\":\"https:\\\/\\\/landioustravel.com\\\/de\\\/#organization\"},\"potentialAction\":[{\"@type\":\"SearchAction\",\"target\":{\"@type\":\"EntryPoint\",\"urlTemplate\":\"https:\\\/\\\/landioustravel.com\\\/de\\\/?s={search_term_string}\"},\"query-input\":{\"@type\":\"PropertyValueSpecification\",\"valueRequired\":true,\"valueName\":\"search_term_string\"}}],\"inLanguage\":\"de\"},{\"@type\":[\"Organization\",\"Place\"],\"@id\":\"https:\\\/\\\/landioustravel.com\\\/de\\\/#organization\",\"name\":\"Landious Travel\",\"alternateName\":\"Landious Travel\",\"url\":\"https:\\\/\\\/landioustravel.com\\\/de\\\/\",\"logo\":{\"@id\":\"https:\\\/\\\/landioustravel.com\\\/de\\\/shop\\\/luxor-abu-simbel-tour-von-safaga\\\/#local-main-organization-logo\"},\"image\":{\"@id\":\"https:\\\/\\\/landioustravel.com\\\/de\\\/shop\\\/luxor-abu-simbel-tour-von-safaga\\\/#local-main-organization-logo\"},\"sameAs\":[\"https:\\\/\\\/web.facebook.com\\\/landiousEgypt\",\"https:\\\/\\\/x.com\\\/LandiousTours\",\"https:\\\/\\\/mastodon.social\\\/@landious\"],\"legalName\":\"Landious Travel\",\"telephone\":[],\"openingHoursSpecification\":[{\"@type\":\"OpeningHoursSpecification\",\"dayOfWeek\":[\"Monday\",\"Tuesday\",\"Wednesday\",\"Thursday\",\"Friday\",\"Saturday\",\"Sunday\"],\"opens\":\"09:00\",\"closes\":\"17:00\"}]},{\"@type\":\"ImageObject\",\"inLanguage\":\"de\",\"@id\":\"https:\\\/\\\/landioustravel.com\\\/de\\\/shop\\\/luxor-abu-simbel-tour-von-safaga\\\/#local-main-organization-logo\",\"url\":\"https:\\\/\\\/i0.wp.com\\\/landioustravel.com\\\/wp-content\\\/uploads\\\/2021\\\/06\\\/Landious-T.png?fit=500%2C500&ssl=1\",\"contentUrl\":\"https:\\\/\\\/i0.wp.com\\\/landioustravel.com\\\/wp-content\\\/uploads\\\/2021\\\/06\\\/Landious-T.png?fit=500%2C500&ssl=1\",\"width\":500,\"height\":500,\"caption\":\"Landious Travel\"}]}<\/script>\n<!-- \/ Yoast SEO Premium plugin. -->","yoast_head_json":{"title":"Luxor Abu Simbel Tour von Safaga","description":"Luxor Abu Simbel Tour von Safaga ist ein wunderbarer Ausflug nach Luxor, Assuan und Abu Simbel von Safaga, \u00c4gypten! Wir empfehlen einen Ausflug, da","robots":{"index":"index","follow":"follow","max-snippet":"max-snippet:-1","max-image-preview":"max-image-preview:large","max-video-preview":"max-video-preview:-1"},"canonical":"https:\/\/landioustravel.com\/de\/shop\/luxor-abu-simbel-tour-von-safaga\/","og_locale":"de_DE","og_type":"article","og_title":"Luxor Abu Simbel Tour von Safaga","og_description":"Landious Travel","og_url":"https:\/\/landioustravel.com\/de\/shop\/luxor-abu-simbel-tour-von-safaga\/","og_site_name":"Landious Travel","article_publisher":"https:\/\/web.facebook.com\/landiousEgypt","article_modified_time":"2024-03-01T00:54:41+00:00","og_image":[{"width":1200,"height":675,"url":"https:\/\/i0.wp.com\/landioustravel.com\/wp-content\/uploads\/2022\/12\/Luxor-Abu-Simbel-Tour-Safaga-e1672137213363.jpg?fit=1200%2C675&ssl=1","type":"image\/jpeg"}],"twitter_card":"summary_large_image","twitter_site":"@LandiousTours","twitter_misc":{"Gesch\u00e4tzte Lesezeit":"3\u00a0Minuten"},"schema":{"@context":"https:\/\/schema.org","@graph":[{"@type":"WebPage","@id":"https:\/\/landioustravel.com\/de\/shop\/luxor-abu-simbel-tour-von-safaga\/","url":"https:\/\/landioustravel.com\/de\/shop\/luxor-abu-simbel-tour-von-safaga\/","name":"Luxor Abu Simbel Tour von Safaga","isPartOf":{"@id":"https:\/\/landioustravel.com\/de\/#website"},"primaryImageOfPage":{"@id":"https:\/\/landioustravel.com\/de\/shop\/luxor-abu-simbel-tour-von-safaga\/#primaryimage"},"image":{"@id":"https:\/\/landioustravel.com\/de\/shop\/luxor-abu-simbel-tour-von-safaga\/#primaryimage"},"thumbnailUrl":"https:\/\/i0.wp.com\/landioustravel.com\/wp-content\/uploads\/2022\/12\/Luxor-Abu-Simbel-Tour-Safaga-e1672137213363.jpg?fit=1200%2C675&ssl=1","datePublished":"2023-01-30T12:15:02+00:00","dateModified":"2024-03-01T00:54:41+00:00","description":"Luxor Abu Simbel Tour von Safaga ist ein wunderbarer Ausflug nach Luxor, Assuan und Abu Simbel von Safaga, \u00c4gypten! Wir empfehlen einen Ausflug, da","breadcrumb":{"@id":"https:\/\/landioustravel.com\/de\/shop\/luxor-abu-simbel-tour-von-safaga\/#breadcrumb"},"inLanguage":"de","potentialAction":[{"@type":"ReadAction","target":["https:\/\/landioustravel.com\/de\/shop\/luxor-abu-simbel-tour-von-safaga\/"]}]},{"@type":"ImageObject","inLanguage":"de","@id":"https:\/\/landioustravel.com\/de\/shop\/luxor-abu-simbel-tour-von-safaga\/#primaryimage","url":"https:\/\/i0.wp.com\/landioustravel.com\/wp-content\/uploads\/2022\/12\/Luxor-Abu-Simbel-Tour-Safaga-e1672137213363.jpg?fit=1200%2C675&ssl=1","contentUrl":"https:\/\/i0.wp.com\/landioustravel.com\/wp-content\/uploads\/2022\/12\/Luxor-Abu-Simbel-Tour-Safaga-e1672137213363.jpg?fit=1200%2C675&ssl=1","width":1200,"height":675,"caption":"Luxor Abu Simbel Tour Safaga"},{"@type":"BreadcrumbList","@id":"https:\/\/landioustravel.com\/de\/shop\/luxor-abu-simbel-tour-von-safaga\/#breadcrumb","itemListElement":[{"@type":"ListItem","position":1,"name":"Home","item":"https:\/\/landioustravel.com\/de\/"},{"@type":"ListItem","position":2,"name":"\u00c4gypten Touren","item":"https:\/\/landioustravel.com\/de\/"},{"@type":"ListItem","position":3,"name":"Luxor Abu Simbel Tour von Safaga"}]},{"@type":"WebSite","@id":"https:\/\/landioustravel.com\/de\/#website","url":"https:\/\/landioustravel.com\/de\/","name":"Landious Travel","description":"Excursions, trips and cruises in Egypt","publisher":{"@id":"https:\/\/landioustravel.com\/de\/#organization"},"potentialAction":[{"@type":"SearchAction","target":{"@type":"EntryPoint","urlTemplate":"https:\/\/landioustravel.com\/de\/?s={search_term_string}"},"query-input":{"@type":"PropertyValueSpecification","valueRequired":true,"valueName":"search_term_string"}}],"inLanguage":"de"},{"@type":["Organization","Place"],"@id":"https:\/\/landioustravel.com\/de\/#organization","name":"Landious Travel","alternateName":"Landious Travel","url":"https:\/\/landioustravel.com\/de\/","logo":{"@id":"https:\/\/landioustravel.com\/de\/shop\/luxor-abu-simbel-tour-von-safaga\/#local-main-organization-logo"},"image":{"@id":"https:\/\/landioustravel.com\/de\/shop\/luxor-abu-simbel-tour-von-safaga\/#local-main-organization-logo"},"sameAs":["https:\/\/web.facebook.com\/landiousEgypt","https:\/\/x.com\/LandiousTours","https:\/\/mastodon.social\/@landious"],"legalName":"Landious Travel","telephone":[],"openingHoursSpecification":[{"@type":"OpeningHoursSpecification","dayOfWeek":["Monday","Tuesday","Wednesday","Thursday","Friday","Saturday","Sunday"],"opens":"09:00","closes":"17:00"}]},{"@type":"ImageObject","inLanguage":"de","@id":"https:\/\/landioustravel.com\/de\/shop\/luxor-abu-simbel-tour-von-safaga\/#local-main-organization-logo","url":"https:\/\/i0.wp.com\/landioustravel.com\/wp-content\/uploads\/2021\/06\/Landious-T.png?fit=500%2C500&ssl=1","contentUrl":"https:\/\/i0.wp.com\/landioustravel.com\/wp-content\/uploads\/2021\/06\/Landious-T.png?fit=500%2C500&ssl=1","width":500,"height":500,"caption":"Landious Travel"}]}},"jetpack_publicize_connections":[],"uagb_featured_image_src":{"full":["https:\/\/i0.wp.com\/landioustravel.com\/wp-content\/uploads\/2022\/12\/Luxor-Abu-Simbel-Tour-Safaga-e1672137213363.jpg?fit=1200%2C675&ssl=1",1200,675,false],"thumbnail":["https:\/\/i0.wp.com\/landioustravel.com\/wp-content\/uploads\/2022\/12\/Luxor-Abu-Simbel-Tour-Safaga-e1672137213363.jpg?resize=150%2C150&ssl=1",150,150,true],"medium":["https:\/\/i0.wp.com\/landioustravel.com\/wp-content\/uploads\/2022\/12\/Luxor-Abu-Simbel-Tour-Safaga-e1672137213363.jpg?fit=300%2C169&ssl=1",300,169,true],"medium_large":["https:\/\/i0.wp.com\/landioustravel.com\/wp-content\/uploads\/2022\/12\/Luxor-Abu-Simbel-Tour-Safaga-e1672137213363.jpg?fit=768%2C432&ssl=1",768,432,true],"large":["https:\/\/i0.wp.com\/landioustravel.com\/wp-content\/uploads\/2022\/12\/Luxor-Abu-Simbel-Tour-Safaga-e1672137213363.jpg?fit=980%2C551&ssl=1",980,551,true],"1536x1536":["https:\/\/i0.wp.com\/landioustravel.com\/wp-content\/uploads\/2022\/12\/Luxor-Abu-Simbel-Tour-Safaga-e1672137213363.jpg?fit=1200%2C675&ssl=1",1200,675,true],"2048x2048":["https:\/\/i0.wp.com\/landioustravel.com\/wp-content\/uploads\/2022\/12\/Luxor-Abu-Simbel-Tour-Safaga-e1672137213363.jpg?fit=1200%2C675&ssl=1",1200,675,true],"newspack-article-block-landscape-large":["https:\/\/i0.wp.com\/landioustravel.com\/wp-content\/uploads\/2022\/12\/Luxor-Abu-Simbel-Tour-Safaga-e1672137213363.jpg?resize=1200%2C675&ssl=1",1200,675,true],"newspack-article-block-portrait-large":["https:\/\/i0.wp.com\/landioustravel.com\/wp-content\/uploads\/2022\/12\/Luxor-Abu-Simbel-Tour-Safaga-e1672137213363.jpg?resize=900%2C675&ssl=1",900,675,true],"newspack-article-block-square-large":["https:\/\/i0.wp.com\/landioustravel.com\/wp-content\/uploads\/2022\/12\/Luxor-Abu-Simbel-Tour-Safaga-e1672137213363.jpg?resize=1200%2C675&ssl=1",1200,675,true],"newspack-article-block-landscape-medium":["https:\/\/i0.wp.com\/landioustravel.com\/wp-content\/uploads\/2022\/12\/Luxor-Abu-Simbel-Tour-Safaga-e1672137213363.jpg?resize=800%2C600&ssl=1",800,600,true],"newspack-article-block-portrait-medium":["https:\/\/i0.wp.com\/landioustravel.com\/wp-content\/uploads\/2022\/12\/Luxor-Abu-Simbel-Tour-Safaga-e1672137213363.jpg?resize=600%2C675&ssl=1",600,675,true],"newspack-article-block-square-medium":["https:\/\/i0.wp.com\/landioustravel.com\/wp-content\/uploads\/2022\/12\/Luxor-Abu-Simbel-Tour-Safaga-e1672137213363.jpg?resize=800%2C675&ssl=1",800,675,true],"newspack-article-block-landscape-intermediate":["https:\/\/i0.wp.com\/landioustravel.com\/wp-content\/uploads\/2022\/12\/Luxor-Abu-Simbel-Tour-Safaga-e1672137213363.jpg?resize=600%2C450&ssl=1",600,450,true],"newspack-article-block-portrait-intermediate":["https:\/\/i0.wp.com\/landioustravel.com\/wp-content\/uploads\/2022\/12\/Luxor-Abu-Simbel-Tour-Safaga-e1672137213363.jpg?resize=450%2C600&ssl=1",450,600,true],"newspack-article-block-square-intermediate":["https:\/\/i0.wp.com\/landioustravel.com\/wp-content\/uploads\/2022\/12\/Luxor-Abu-Simbel-Tour-Safaga-e1672137213363.jpg?resize=600%2C600&ssl=1",600,600,true],"newspack-article-block-landscape-small":["https:\/\/i0.wp.com\/landioustravel.com\/wp-content\/uploads\/2022\/12\/Luxor-Abu-Simbel-Tour-Safaga-e1672137213363.jpg?resize=400%2C300&ssl=1",400,300,true],"newspack-article-block-portrait-small":["https:\/\/i0.wp.com\/landioustravel.com\/wp-content\/uploads\/2022\/12\/Luxor-Abu-Simbel-Tour-Safaga-e1672137213363.jpg?resize=300%2C400&ssl=1",300,400,true],"newspack-article-block-square-small":["https:\/\/i0.wp.com\/landioustravel.com\/wp-content\/uploads\/2022\/12\/Luxor-Abu-Simbel-Tour-Safaga-e1672137213363.jpg?resize=400%2C400&ssl=1",400,400,true],"newspack-article-block-landscape-tiny":["https:\/\/i0.wp.com\/landioustravel.com\/wp-content\/uploads\/2022\/12\/Luxor-Abu-Simbel-Tour-Safaga-e1672137213363.jpg?resize=200%2C150&ssl=1",200,150,true],"newspack-article-block-portrait-tiny":["https:\/\/i0.wp.com\/landioustravel.com\/wp-content\/uploads\/2022\/12\/Luxor-Abu-Simbel-Tour-Safaga-e1672137213363.jpg?resize=150%2C200&ssl=1",150,200,true],"newspack-article-block-square-tiny":["https:\/\/i0.wp.com\/landioustravel.com\/wp-content\/uploads\/2022\/12\/Luxor-Abu-Simbel-Tour-Safaga-e1672137213363.jpg?resize=200%2C200&ssl=1",200,200,true],"newspack-article-block-uncropped":["https:\/\/i0.wp.com\/landioustravel.com\/wp-content\/uploads\/2022\/12\/Luxor-Abu-Simbel-Tour-Safaga-e1672137213363.jpg?fit=1200%2C675&ssl=1",1200,675,true],"woocommerce_thumbnail":["https:\/\/i0.wp.com\/landioustravel.com\/wp-content\/uploads\/2022\/12\/Luxor-Abu-Simbel-Tour-Safaga-e1672137213363.jpg?resize=324%2C324&ssl=1",324,324,true],"woocommerce_single":["https:\/\/i0.wp.com\/landioustravel.com\/wp-content\/uploads\/2022\/12\/Luxor-Abu-Simbel-Tour-Safaga-e1672137213363.jpg?fit=416%2C234&ssl=1",416,234,true],"woocommerce_gallery_thumbnail":["https:\/\/i0.wp.com\/landioustravel.com\/wp-content\/uploads\/2022\/12\/Luxor-Abu-Simbel-Tour-Safaga-e1672137213363.jpg?resize=100%2C100&ssl=1",100,100,true]},"uagb_author_info":{"display_name":"Mofreh Landious","author_link":"https:\/\/landioustravel.com\/de\/author\/"},"uagb_comment_info":0,"uagb_excerpt":"Erleben Sie die Sch\u00f6nheit von Luxor und Assuan bei einer privaten Tour unter der Leitung eines erfahrenen \u00c4gyptologen. In nur zwei Tagen haben Sie die M\u00f6glichkeit, die unglaublichen Sehensw\u00fcrdigkeiten des Karnak-Tempels, des Tempels der G\u00f6ttin Isis auf der Insel Philae, des unvollendeten Obelisken der Hatschepsut und der Tempel von Ramses II. zu erleben. Genie\u00dfen Sie&hellip;","jetpack_sharing_enabled":true,"jetpack_likes_enabled":true,"amp_enabled":true,"_links":{"self":[{"href":"https:\/\/landioustravel.com\/de\/wp-json\/wp\/v2\/product\/135320","targetHints":{"allow":["GET"]}}],"collection":[{"href":"https:\/\/landioustravel.com\/de\/wp-json\/wp\/v2\/product"}],"about":[{"href":"https:\/\/landioustravel.com\/de\/wp-json\/wp\/v2\/types\/product"}],"replies":[{"embeddable":true,"href":"https:\/\/landioustravel.com\/de\/wp-json\/wp\/v2\/comments?post=135320"}],"wp:featuredmedia":[{"embeddable":true,"href":"https:\/\/landioustravel.com\/de\/wp-json\/wp\/v2\/media\/134935"}],"wp:attachment":[{"href":"https:\/\/landioustravel.com\/de\/wp-json\/wp\/v2\/media?parent=135320"}],"wp:term":[{"taxonomy":"product_brand","embeddable":true,"href":"https:\/\/landioustravel.com\/de\/wp-json\/wp\/v2\/product_brand?post=135320"},{"taxonomy":"product_cat","embeddable":true,"href":"https:\/\/landioustravel.com\/de\/wp-json\/wp\/v2\/product_cat?post=135320"},{"taxonomy":"product_tag","embeddable":true,"href":"https:\/\/landioustravel.com\/de\/wp-json\/wp\/v2\/product_tag?post=135320"}],"curies":[{"name":"wp","href":"https:\/\/api.w.org\/{rel}","templated":true}]}}