{"id":135325,"date":"2022-12-27T02:21:10","date_gmt":"2023-01-30T12:47:18","guid":{"rendered":"https:\/\/landioustravel.com\/?post_type=product&#038;p=135325"},"modified":"2023-06-18T15:44:52","modified_gmt":"2023-06-18T13:44:52","slug":"hurghada-museum-stadtrundfahrt-safaga","status":"publish","type":"product","link":"https:\/\/landioustravel.com\/de\/shop\/hurghada-museum-stadtrundfahrt-safaga\/","title":{"rendered":"Hurghada Museum Stadtrundfahrt Safaga"},"content":{"rendered":"<p>Entdecken Sie beide Seiten von <a href=\"https:\/\/landioustravel.com\/de\/agypten\/aegyptische-staedte\/bahr-ahmar-gouvernement\/hurghada-stadt\/\">Hurghada<\/a>, die traditionelle Altstadt und die neue, moderne Stadt, in Begleitung eines aufschlussreichen und freundlichen Reisef\u00fchrers. Erkunden Sie \u00fcber 1500 alt\u00e4gyptische Artefakte im Hurghada Museum, das im Februar 2020 seine Pforten \u00f6ffnete. Lehnen Sie sich zur\u00fcck und erleben Sie das Stra\u00dfenleben, w\u00e4hrend Sie in einem orientalischen Caf\u00e9 einen Drink genie\u00dfen. Buchen Sie <strong>Hurghada Museum Stadtrundfahrt Safaga<\/strong> online und erhalten Sie den besten Preis!<\/p>\n<h2>H\u00f6hepunkte der Stadtrundfahrt durch das Hurghada Museum ab Safaga<\/h2>\n<ul>\n<li>Entdecken Sie im Hurghada Museum \u00fcber 1.500 Artefakte aus dem alten \u00c4gypten<\/li>\n<li>Entdecken Sie die Highlights von Hurghada in einem klimatisierten Fahrzeug<\/li>\n<li>Sehen Sie die gr\u00f6\u00dfte Moschee und die \u00e4lteste Kirche in Hurghada<\/li>\n<li>Lernen Sie einheimische Fischer am Hafen kennen<\/li>\n<li>Genie\u00dfen Sie ein Erfrischungsgetr\u00e4nk in einem orientalischen Caf\u00e9<\/li>\n<\/ul>\n<h2>Was beinhaltet die Hurghada Museum Stadtrundfahrt?<\/h2>\n<ul>\n<li>Abholung und R\u00fcckgabe von Hotels in Soma Bay, Makadi und Sahl Hasheesh<\/li>\n<li>Transfers im klimatisierten Fahrzeug<\/li>\n<li>Genie\u00dfen Sie einen Kaffee oder ein Erfrischungsgetr\u00e4nk in einem orientalischen Caf\u00e9<\/li>\n<li>El Mina-Moschee<\/li>\n<li>Koptisch-orthodoxe Kirche St. Shenouda<\/li>\n<li>Hurghada Marina Boulevard<\/li>\n<li>Altes Fischerdorf und Hafen<\/li>\n<li>El Daher (Altstadt) Souk<\/li>\n<li>Hurghada-Museum<\/li>\n<li>Zeit zum Einkaufen<\/li>\n<li>Englischsprachiger F\u00fchrer<\/li>\n<li>Servicegeb\u00fchren und Steuern<\/li>\n<\/ul>\n<h2>Was beinhaltet die Hurghada Museum Stadtrundfahrt nicht?<\/h2>\n<ul>\n<li>Souvenirs und pers\u00f6nliche Eink\u00e4ufe<\/li>\n<li>Alle Extras, die nicht im Programm erw\u00e4hnt sind<\/li>\n<li>Trinkgelder f\u00fcr Fahrer und Reiseleiter (erwartet, aber nicht obligatorisch)<\/li>\n<\/ul>\n<h2>Was Sie mitbringen sollten<\/h2>\n<ul>\n<li>Bequeme Schuhe<\/li>\n<li>Hut und Sonnenbrille<\/li>\n<li>Sonnencreme<\/li>\n<li>Wasserflasche<\/li>\n<\/ul>\n<h2>Buchungstage der Hurghada Museum Stadtrundfahrt von Safaga<\/h2>\n<ul>\n<li>Montag<\/li>\n<li>Mittwoch<\/li>\n<\/ul>\n","protected":false},"excerpt":{"rendered":"<p>Wenn Sie daran interessiert sind, die alte Kultur \u00c4gyptens kennenzulernen, ohne nach Kairo oder Luxor reisen zu m\u00fcssen, ist dieser Ausflug genau das Richtige f\u00fcr Sie! K\u00fcrzlich wurde in Hurghada ein Museum er\u00f6ffnet, das echte Artefakte aus verschiedenen Gr\u00e4bern und Gebieten zeigt, in denen Menschen verschiedener Epochen in diesem mysteri\u00f6sen Land lebten. Das Ministerium f\u00fcr Altert\u00fcmer war daf\u00fcr verantwortlich, diese Exponate in ein Museum umzuwandeln, das f\u00fcr jedermann zug\u00e4nglich ist.<\/p>\n","protected":false},"featured_media":134925,"comment_status":"open","ping_status":"closed","template":"","meta":{"_coblocks_attr":"","_coblocks_dimensions":"","_coblocks_responsive_height":"","_coblocks_accordion_ie_support":"","_uag_custom_page_level_css":"","jetpack_publicize_message":"","jetpack_publicize_feature_enabled":true,"jetpack_social_post_already_shared":true,"jetpack_social_options":{"image_generator_settings":{"template":"highway","default_image_id":0,"font":"","enabled":false},"version":2},"_wpas_customize_per_network":false},"product_brand":[],"product_cat":[20139,22107],"product_tag":[1653,9906,1774,2110],"class_list":{"0":"post-135325","1":"product","2":"type-product","3":"status-publish","4":"has-post-thumbnail","6":"product_cat-safaga-private-ausfluege","7":"product_cat-safaga-private-stadtrundfahrten","8":"product_tag-ausflug","9":"product_tag-besichtigung","10":"product_tag-hurghada-de","11":"product_tag-stadtrundfahrt","13":"first","14":"instock","15":"sale","16":"taxable","17":"shipping-taxable","18":"purchasable","19":"product-type-variable"},"yoast_head":"<!-- This site is optimized with the Yoast SEO Premium plugin v27.5 (Yoast SEO v27.5) - https:\/\/yoast.com\/product\/yoast-seo-premium-wordpress\/ -->\n<title>Hurghada Museum Stadtrundfahrt Safaga<\/title>\n<meta name=\"description\" content=\"Hurghada Museum Stadtrundfahrt Safaga Erkunden Sie \u00fcber 1500 alt\u00e4gyptische Artefakte im Hurghada Museum, das im Februar 2020 seine Pforten \u00f6ffnete. Lehnen\" \/>\n<meta name=\"robots\" content=\"index, follow, max-snippet:-1, max-image-preview:large, max-video-preview:-1\" \/>\n<link rel=\"canonical\" href=\"https:\/\/landioustravel.com\/de\/shop\/hurghada-museum-stadtrundfahrt-safaga\/\" \/>\n<meta property=\"og:locale\" content=\"de_DE\" \/>\n<meta property=\"og:type\" content=\"article\" \/>\n<meta property=\"og:title\" content=\"Hurghada Museum Stadtrundfahrt Safaga\" \/>\n<meta property=\"og:description\" content=\"Landious Travel\" \/>\n<meta property=\"og:url\" content=\"https:\/\/landioustravel.com\/de\/shop\/hurghada-museum-stadtrundfahrt-safaga\/\" \/>\n<meta property=\"og:site_name\" content=\"Landious Travel\" \/>\n<meta property=\"article:publisher\" content=\"https:\/\/web.facebook.com\/landiousEgypt\" \/>\n<meta property=\"article:modified_time\" content=\"2023-06-18T13:44:52+00:00\" \/>\n<meta property=\"og:image\" content=\"https:\/\/i0.wp.com\/landioustravel.com\/wp-content\/uploads\/2022\/12\/Hurghada-Museum-City-Tour-Safaga-e1672100176602.jpg?fit=1200%2C675&ssl=1\" \/>\n\t<meta property=\"og:image:width\" content=\"1200\" \/>\n\t<meta property=\"og:image:height\" content=\"675\" \/>\n\t<meta property=\"og:image:type\" content=\"image\/jpeg\" \/>\n<meta name=\"twitter:card\" content=\"summary_large_image\" \/>\n<meta name=\"twitter:site\" content=\"@LandiousTours\" \/>\n<meta name=\"twitter:label1\" content=\"Gesch\u00e4tzte Lesezeit\" \/>\n\t<meta name=\"twitter:data1\" content=\"2\u00a0Minuten\" \/>\n<script type=\"application\/ld+json\" class=\"yoast-schema-graph\">{\"@context\":\"https:\\\/\\\/schema.org\",\"@graph\":[{\"@type\":\"WebPage\",\"@id\":\"https:\\\/\\\/landioustravel.com\\\/de\\\/shop\\\/hurghada-museum-stadtrundfahrt-safaga\\\/\",\"url\":\"https:\\\/\\\/landioustravel.com\\\/de\\\/shop\\\/hurghada-museum-stadtrundfahrt-safaga\\\/\",\"name\":\"Hurghada Museum Stadtrundfahrt Safaga\",\"isPartOf\":{\"@id\":\"https:\\\/\\\/landioustravel.com\\\/de\\\/#website\"},\"primaryImageOfPage\":{\"@id\":\"https:\\\/\\\/landioustravel.com\\\/de\\\/shop\\\/hurghada-museum-stadtrundfahrt-safaga\\\/#primaryimage\"},\"image\":{\"@id\":\"https:\\\/\\\/landioustravel.com\\\/de\\\/shop\\\/hurghada-museum-stadtrundfahrt-safaga\\\/#primaryimage\"},\"thumbnailUrl\":\"https:\\\/\\\/i0.wp.com\\\/landioustravel.com\\\/wp-content\\\/uploads\\\/2022\\\/12\\\/Hurghada-Museum-City-Tour-Safaga-e1672100176602.jpg?fit=1200%2C675&ssl=1\",\"datePublished\":\"2023-01-30T12:47:18+00:00\",\"dateModified\":\"2023-06-18T13:44:52+00:00\",\"description\":\"Hurghada Museum Stadtrundfahrt Safaga Erkunden Sie \u00fcber 1500 alt\u00e4gyptische Artefakte im Hurghada Museum, das im Februar 2020 seine Pforten \u00f6ffnete. Lehnen\",\"breadcrumb\":{\"@id\":\"https:\\\/\\\/landioustravel.com\\\/de\\\/shop\\\/hurghada-museum-stadtrundfahrt-safaga\\\/#breadcrumb\"},\"inLanguage\":\"de\",\"potentialAction\":[{\"@type\":\"ReadAction\",\"target\":[\"https:\\\/\\\/landioustravel.com\\\/de\\\/shop\\\/hurghada-museum-stadtrundfahrt-safaga\\\/\"]}]},{\"@type\":\"ImageObject\",\"inLanguage\":\"de\",\"@id\":\"https:\\\/\\\/landioustravel.com\\\/de\\\/shop\\\/hurghada-museum-stadtrundfahrt-safaga\\\/#primaryimage\",\"url\":\"https:\\\/\\\/i0.wp.com\\\/landioustravel.com\\\/wp-content\\\/uploads\\\/2022\\\/12\\\/Hurghada-Museum-City-Tour-Safaga-e1672100176602.jpg?fit=1200%2C675&ssl=1\",\"contentUrl\":\"https:\\\/\\\/i0.wp.com\\\/landioustravel.com\\\/wp-content\\\/uploads\\\/2022\\\/12\\\/Hurghada-Museum-City-Tour-Safaga-e1672100176602.jpg?fit=1200%2C675&ssl=1\",\"width\":1200,\"height\":675,\"caption\":\"Hurghada Museum City Tour Safaga\"},{\"@type\":\"BreadcrumbList\",\"@id\":\"https:\\\/\\\/landioustravel.com\\\/de\\\/shop\\\/hurghada-museum-stadtrundfahrt-safaga\\\/#breadcrumb\",\"itemListElement\":[{\"@type\":\"ListItem\",\"position\":1,\"name\":\"Home\",\"item\":\"https:\\\/\\\/landioustravel.com\\\/de\\\/\"},{\"@type\":\"ListItem\",\"position\":2,\"name\":\"\u00c4gypten Touren\",\"item\":\"https:\\\/\\\/landioustravel.com\\\/de\\\/\"},{\"@type\":\"ListItem\",\"position\":3,\"name\":\"Hurghada Museum Stadtrundfahrt Safaga\"}]},{\"@type\":\"WebSite\",\"@id\":\"https:\\\/\\\/landioustravel.com\\\/de\\\/#website\",\"url\":\"https:\\\/\\\/landioustravel.com\\\/de\\\/\",\"name\":\"Landious Travel\",\"description\":\"Excursions, trips and cruises in Egypt\",\"publisher\":{\"@id\":\"https:\\\/\\\/landioustravel.com\\\/de\\\/#organization\"},\"potentialAction\":[{\"@type\":\"SearchAction\",\"target\":{\"@type\":\"EntryPoint\",\"urlTemplate\":\"https:\\\/\\\/landioustravel.com\\\/de\\\/?s={search_term_string}\"},\"query-input\":{\"@type\":\"PropertyValueSpecification\",\"valueRequired\":true,\"valueName\":\"search_term_string\"}}],\"inLanguage\":\"de\"},{\"@type\":[\"Organization\",\"Place\"],\"@id\":\"https:\\\/\\\/landioustravel.com\\\/de\\\/#organization\",\"name\":\"Landious Travel\",\"alternateName\":\"Landious Travel\",\"url\":\"https:\\\/\\\/landioustravel.com\\\/de\\\/\",\"logo\":{\"@id\":\"https:\\\/\\\/landioustravel.com\\\/de\\\/shop\\\/hurghada-museum-stadtrundfahrt-safaga\\\/#local-main-organization-logo\"},\"image\":{\"@id\":\"https:\\\/\\\/landioustravel.com\\\/de\\\/shop\\\/hurghada-museum-stadtrundfahrt-safaga\\\/#local-main-organization-logo\"},\"sameAs\":[\"https:\\\/\\\/web.facebook.com\\\/landiousEgypt\",\"https:\\\/\\\/x.com\\\/LandiousTours\",\"https:\\\/\\\/mastodon.social\\\/@landious\"],\"legalName\":\"Landious Travel\",\"telephone\":[],\"openingHoursSpecification\":[{\"@type\":\"OpeningHoursSpecification\",\"dayOfWeek\":[\"Monday\",\"Tuesday\",\"Wednesday\",\"Thursday\",\"Friday\",\"Saturday\",\"Sunday\"],\"opens\":\"09:00\",\"closes\":\"17:00\"}]},{\"@type\":\"ImageObject\",\"inLanguage\":\"de\",\"@id\":\"https:\\\/\\\/landioustravel.com\\\/de\\\/shop\\\/hurghada-museum-stadtrundfahrt-safaga\\\/#local-main-organization-logo\",\"url\":\"https:\\\/\\\/i0.wp.com\\\/landioustravel.com\\\/wp-content\\\/uploads\\\/2021\\\/06\\\/Landious-T.png?fit=500%2C500&ssl=1\",\"contentUrl\":\"https:\\\/\\\/i0.wp.com\\\/landioustravel.com\\\/wp-content\\\/uploads\\\/2021\\\/06\\\/Landious-T.png?fit=500%2C500&ssl=1\",\"width\":500,\"height\":500,\"caption\":\"Landious Travel\"}]}<\/script>\n<!-- \/ Yoast SEO Premium plugin. -->","yoast_head_json":{"title":"Hurghada Museum Stadtrundfahrt Safaga","description":"Hurghada Museum Stadtrundfahrt Safaga Erkunden Sie \u00fcber 1500 alt\u00e4gyptische Artefakte im Hurghada Museum, das im Februar 2020 seine Pforten \u00f6ffnete. Lehnen","robots":{"index":"index","follow":"follow","max-snippet":"max-snippet:-1","max-image-preview":"max-image-preview:large","max-video-preview":"max-video-preview:-1"},"canonical":"https:\/\/landioustravel.com\/de\/shop\/hurghada-museum-stadtrundfahrt-safaga\/","og_locale":"de_DE","og_type":"article","og_title":"Hurghada Museum Stadtrundfahrt Safaga","og_description":"Landious Travel","og_url":"https:\/\/landioustravel.com\/de\/shop\/hurghada-museum-stadtrundfahrt-safaga\/","og_site_name":"Landious Travel","article_publisher":"https:\/\/web.facebook.com\/landiousEgypt","article_modified_time":"2023-06-18T13:44:52+00:00","og_image":[{"width":1200,"height":675,"url":"https:\/\/i0.wp.com\/landioustravel.com\/wp-content\/uploads\/2022\/12\/Hurghada-Museum-City-Tour-Safaga-e1672100176602.jpg?fit=1200%2C675&ssl=1","type":"image\/jpeg"}],"twitter_card":"summary_large_image","twitter_site":"@LandiousTours","twitter_misc":{"Gesch\u00e4tzte Lesezeit":"2\u00a0Minuten"},"schema":{"@context":"https:\/\/schema.org","@graph":[{"@type":"WebPage","@id":"https:\/\/landioustravel.com\/de\/shop\/hurghada-museum-stadtrundfahrt-safaga\/","url":"https:\/\/landioustravel.com\/de\/shop\/hurghada-museum-stadtrundfahrt-safaga\/","name":"Hurghada Museum Stadtrundfahrt Safaga","isPartOf":{"@id":"https:\/\/landioustravel.com\/de\/#website"},"primaryImageOfPage":{"@id":"https:\/\/landioustravel.com\/de\/shop\/hurghada-museum-stadtrundfahrt-safaga\/#primaryimage"},"image":{"@id":"https:\/\/landioustravel.com\/de\/shop\/hurghada-museum-stadtrundfahrt-safaga\/#primaryimage"},"thumbnailUrl":"https:\/\/i0.wp.com\/landioustravel.com\/wp-content\/uploads\/2022\/12\/Hurghada-Museum-City-Tour-Safaga-e1672100176602.jpg?fit=1200%2C675&ssl=1","datePublished":"2023-01-30T12:47:18+00:00","dateModified":"2023-06-18T13:44:52+00:00","description":"Hurghada Museum Stadtrundfahrt Safaga Erkunden Sie \u00fcber 1500 alt\u00e4gyptische Artefakte im Hurghada Museum, das im Februar 2020 seine Pforten \u00f6ffnete. Lehnen","breadcrumb":{"@id":"https:\/\/landioustravel.com\/de\/shop\/hurghada-museum-stadtrundfahrt-safaga\/#breadcrumb"},"inLanguage":"de","potentialAction":[{"@type":"ReadAction","target":["https:\/\/landioustravel.com\/de\/shop\/hurghada-museum-stadtrundfahrt-safaga\/"]}]},{"@type":"ImageObject","inLanguage":"de","@id":"https:\/\/landioustravel.com\/de\/shop\/hurghada-museum-stadtrundfahrt-safaga\/#primaryimage","url":"https:\/\/i0.wp.com\/landioustravel.com\/wp-content\/uploads\/2022\/12\/Hurghada-Museum-City-Tour-Safaga-e1672100176602.jpg?fit=1200%2C675&ssl=1","contentUrl":"https:\/\/i0.wp.com\/landioustravel.com\/wp-content\/uploads\/2022\/12\/Hurghada-Museum-City-Tour-Safaga-e1672100176602.jpg?fit=1200%2C675&ssl=1","width":1200,"height":675,"caption":"Hurghada Museum City Tour Safaga"},{"@type":"BreadcrumbList","@id":"https:\/\/landioustravel.com\/de\/shop\/hurghada-museum-stadtrundfahrt-safaga\/#breadcrumb","itemListElement":[{"@type":"ListItem","position":1,"name":"Home","item":"https:\/\/landioustravel.com\/de\/"},{"@type":"ListItem","position":2,"name":"\u00c4gypten Touren","item":"https:\/\/landioustravel.com\/de\/"},{"@type":"ListItem","position":3,"name":"Hurghada Museum Stadtrundfahrt Safaga"}]},{"@type":"WebSite","@id":"https:\/\/landioustravel.com\/de\/#website","url":"https:\/\/landioustravel.com\/de\/","name":"Landious Travel","description":"Excursions, trips and cruises in Egypt","publisher":{"@id":"https:\/\/landioustravel.com\/de\/#organization"},"potentialAction":[{"@type":"SearchAction","target":{"@type":"EntryPoint","urlTemplate":"https:\/\/landioustravel.com\/de\/?s={search_term_string}"},"query-input":{"@type":"PropertyValueSpecification","valueRequired":true,"valueName":"search_term_string"}}],"inLanguage":"de"},{"@type":["Organization","Place"],"@id":"https:\/\/landioustravel.com\/de\/#organization","name":"Landious Travel","alternateName":"Landious Travel","url":"https:\/\/landioustravel.com\/de\/","logo":{"@id":"https:\/\/landioustravel.com\/de\/shop\/hurghada-museum-stadtrundfahrt-safaga\/#local-main-organization-logo"},"image":{"@id":"https:\/\/landioustravel.com\/de\/shop\/hurghada-museum-stadtrundfahrt-safaga\/#local-main-organization-logo"},"sameAs":["https:\/\/web.facebook.com\/landiousEgypt","https:\/\/x.com\/LandiousTours","https:\/\/mastodon.social\/@landious"],"legalName":"Landious Travel","telephone":[],"openingHoursSpecification":[{"@type":"OpeningHoursSpecification","dayOfWeek":["Monday","Tuesday","Wednesday","Thursday","Friday","Saturday","Sunday"],"opens":"09:00","closes":"17:00"}]},{"@type":"ImageObject","inLanguage":"de","@id":"https:\/\/landioustravel.com\/de\/shop\/hurghada-museum-stadtrundfahrt-safaga\/#local-main-organization-logo","url":"https:\/\/i0.wp.com\/landioustravel.com\/wp-content\/uploads\/2021\/06\/Landious-T.png?fit=500%2C500&ssl=1","contentUrl":"https:\/\/i0.wp.com\/landioustravel.com\/wp-content\/uploads\/2021\/06\/Landious-T.png?fit=500%2C500&ssl=1","width":500,"height":500,"caption":"Landious Travel"}]}},"jetpack_publicize_connections":[],"uagb_featured_image_src":{"full":["https:\/\/i0.wp.com\/landioustravel.com\/wp-content\/uploads\/2022\/12\/Hurghada-Museum-City-Tour-Safaga-e1672100176602.jpg?fit=1200%2C675&ssl=1",1200,675,false],"thumbnail":["https:\/\/i0.wp.com\/landioustravel.com\/wp-content\/uploads\/2022\/12\/Hurghada-Museum-City-Tour-Safaga-e1672100176602.jpg?resize=150%2C150&ssl=1",150,150,true],"medium":["https:\/\/i0.wp.com\/landioustravel.com\/wp-content\/uploads\/2022\/12\/Hurghada-Museum-City-Tour-Safaga-e1672100176602.jpg?fit=300%2C169&ssl=1",300,169,true],"medium_large":["https:\/\/i0.wp.com\/landioustravel.com\/wp-content\/uploads\/2022\/12\/Hurghada-Museum-City-Tour-Safaga-e1672100176602.jpg?fit=768%2C432&ssl=1",768,432,true],"large":["https:\/\/i0.wp.com\/landioustravel.com\/wp-content\/uploads\/2022\/12\/Hurghada-Museum-City-Tour-Safaga-e1672100176602.jpg?fit=980%2C551&ssl=1",980,551,true],"1536x1536":["https:\/\/i0.wp.com\/landioustravel.com\/wp-content\/uploads\/2022\/12\/Hurghada-Museum-City-Tour-Safaga-e1672100176602.jpg?fit=1200%2C675&ssl=1",1200,675,true],"2048x2048":["https:\/\/i0.wp.com\/landioustravel.com\/wp-content\/uploads\/2022\/12\/Hurghada-Museum-City-Tour-Safaga-e1672100176602.jpg?fit=1200%2C675&ssl=1",1200,675,true],"newspack-article-block-landscape-large":["https:\/\/i0.wp.com\/landioustravel.com\/wp-content\/uploads\/2022\/12\/Hurghada-Museum-City-Tour-Safaga-e1672100176602.jpg?resize=1200%2C675&ssl=1",1200,675,true],"newspack-article-block-portrait-large":["https:\/\/i0.wp.com\/landioustravel.com\/wp-content\/uploads\/2022\/12\/Hurghada-Museum-City-Tour-Safaga-e1672100176602.jpg?resize=900%2C675&ssl=1",900,675,true],"newspack-article-block-square-large":["https:\/\/i0.wp.com\/landioustravel.com\/wp-content\/uploads\/2022\/12\/Hurghada-Museum-City-Tour-Safaga-e1672100176602.jpg?resize=1200%2C675&ssl=1",1200,675,true],"newspack-article-block-landscape-medium":["https:\/\/i0.wp.com\/landioustravel.com\/wp-content\/uploads\/2022\/12\/Hurghada-Museum-City-Tour-Safaga-e1672100176602.jpg?resize=800%2C600&ssl=1",800,600,true],"newspack-article-block-portrait-medium":["https:\/\/i0.wp.com\/landioustravel.com\/wp-content\/uploads\/2022\/12\/Hurghada-Museum-City-Tour-Safaga-e1672100176602.jpg?resize=600%2C675&ssl=1",600,675,true],"newspack-article-block-square-medium":["https:\/\/i0.wp.com\/landioustravel.com\/wp-content\/uploads\/2022\/12\/Hurghada-Museum-City-Tour-Safaga-e1672100176602.jpg?resize=800%2C675&ssl=1",800,675,true],"newspack-article-block-landscape-intermediate":["https:\/\/i0.wp.com\/landioustravel.com\/wp-content\/uploads\/2022\/12\/Hurghada-Museum-City-Tour-Safaga-e1672100176602.jpg?resize=600%2C450&ssl=1",600,450,true],"newspack-article-block-portrait-intermediate":["https:\/\/i0.wp.com\/landioustravel.com\/wp-content\/uploads\/2022\/12\/Hurghada-Museum-City-Tour-Safaga-e1672100176602.jpg?resize=450%2C600&ssl=1",450,600,true],"newspack-article-block-square-intermediate":["https:\/\/i0.wp.com\/landioustravel.com\/wp-content\/uploads\/2022\/12\/Hurghada-Museum-City-Tour-Safaga-e1672100176602.jpg?resize=600%2C600&ssl=1",600,600,true],"newspack-article-block-landscape-small":["https:\/\/i0.wp.com\/landioustravel.com\/wp-content\/uploads\/2022\/12\/Hurghada-Museum-City-Tour-Safaga-e1672100176602.jpg?resize=400%2C300&ssl=1",400,300,true],"newspack-article-block-portrait-small":["https:\/\/i0.wp.com\/landioustravel.com\/wp-content\/uploads\/2022\/12\/Hurghada-Museum-City-Tour-Safaga-e1672100176602.jpg?resize=300%2C400&ssl=1",300,400,true],"newspack-article-block-square-small":["https:\/\/i0.wp.com\/landioustravel.com\/wp-content\/uploads\/2022\/12\/Hurghada-Museum-City-Tour-Safaga-e1672100176602.jpg?resize=400%2C400&ssl=1",400,400,true],"newspack-article-block-landscape-tiny":["https:\/\/i0.wp.com\/landioustravel.com\/wp-content\/uploads\/2022\/12\/Hurghada-Museum-City-Tour-Safaga-e1672100176602.jpg?resize=200%2C150&ssl=1",200,150,true],"newspack-article-block-portrait-tiny":["https:\/\/i0.wp.com\/landioustravel.com\/wp-content\/uploads\/2022\/12\/Hurghada-Museum-City-Tour-Safaga-e1672100176602.jpg?resize=150%2C200&ssl=1",150,200,true],"newspack-article-block-square-tiny":["https:\/\/i0.wp.com\/landioustravel.com\/wp-content\/uploads\/2022\/12\/Hurghada-Museum-City-Tour-Safaga-e1672100176602.jpg?resize=200%2C200&ssl=1",200,200,true],"newspack-article-block-uncropped":["https:\/\/i0.wp.com\/landioustravel.com\/wp-content\/uploads\/2022\/12\/Hurghada-Museum-City-Tour-Safaga-e1672100176602.jpg?fit=1200%2C675&ssl=1",1200,675,true],"woocommerce_thumbnail":["https:\/\/i0.wp.com\/landioustravel.com\/wp-content\/uploads\/2022\/12\/Hurghada-Museum-City-Tour-Safaga-e1672100176602.jpg?resize=324%2C324&ssl=1",324,324,true],"woocommerce_single":["https:\/\/i0.wp.com\/landioustravel.com\/wp-content\/uploads\/2022\/12\/Hurghada-Museum-City-Tour-Safaga-e1672100176602.jpg?fit=416%2C234&ssl=1",416,234,true],"woocommerce_gallery_thumbnail":["https:\/\/i0.wp.com\/landioustravel.com\/wp-content\/uploads\/2022\/12\/Hurghada-Museum-City-Tour-Safaga-e1672100176602.jpg?resize=100%2C100&ssl=1",100,100,true]},"uagb_author_info":{"display_name":"Mofreh Landious","author_link":"https:\/\/landioustravel.com\/de\/author\/"},"uagb_comment_info":0,"uagb_excerpt":"Wenn Sie daran interessiert sind, die alte Kultur \u00c4gyptens kennenzulernen, ohne nach Kairo oder Luxor reisen zu m\u00fcssen, ist dieser Ausflug genau das Richtige f\u00fcr Sie! K\u00fcrzlich wurde in Hurghada ein Museum er\u00f6ffnet, das echte Artefakte aus verschiedenen Gr\u00e4bern und Gebieten zeigt, in denen Menschen verschiedener Epochen in diesem mysteri\u00f6sen Land lebten. Das Ministerium f\u00fcr&hellip;","jetpack_sharing_enabled":true,"jetpack_likes_enabled":true,"amp_enabled":true,"_links":{"self":[{"href":"https:\/\/landioustravel.com\/de\/wp-json\/wp\/v2\/product\/135325","targetHints":{"allow":["GET"]}}],"collection":[{"href":"https:\/\/landioustravel.com\/de\/wp-json\/wp\/v2\/product"}],"about":[{"href":"https:\/\/landioustravel.com\/de\/wp-json\/wp\/v2\/types\/product"}],"replies":[{"embeddable":true,"href":"https:\/\/landioustravel.com\/de\/wp-json\/wp\/v2\/comments?post=135325"}],"wp:featuredmedia":[{"embeddable":true,"href":"https:\/\/landioustravel.com\/de\/wp-json\/wp\/v2\/media\/134925"}],"wp:attachment":[{"href":"https:\/\/landioustravel.com\/de\/wp-json\/wp\/v2\/media?parent=135325"}],"wp:term":[{"taxonomy":"product_brand","embeddable":true,"href":"https:\/\/landioustravel.com\/de\/wp-json\/wp\/v2\/product_brand?post=135325"},{"taxonomy":"product_cat","embeddable":true,"href":"https:\/\/landioustravel.com\/de\/wp-json\/wp\/v2\/product_cat?post=135325"},{"taxonomy":"product_tag","embeddable":true,"href":"https:\/\/landioustravel.com\/de\/wp-json\/wp\/v2\/product_tag?post=135325"}],"curies":[{"name":"wp","href":"https:\/\/api.w.org\/{rel}","templated":true}]}}