{"id":135357,"date":"2022-12-26T18:15:35","date_gmt":"2023-01-30T20:37:27","guid":{"rendered":"https:\/\/landioustravel.com\/?post_type=product&#038;p=135357"},"modified":"2023-06-18T17:21:13","modified_gmt":"2023-06-18T15:21:13","slug":"gouna-private-stadtrundfahrt-safaga","status":"publish","type":"product","link":"https:\/\/landioustravel.com\/de\/shop\/gouna-private-stadtrundfahrt-safaga\/","title":{"rendered":"El Gouna Private Stadtrundfahrt Safaga"},"content":{"rendered":"<p><strong>El Gouna Private Stadtrundfahrt Safaga<\/strong> ist eine aufregende private Sightseeing-Tour zur Erkundung von El-Gouna aus Safaga, \u00c4gypten! Wir empfehlen die Reise, weil sie Touristen El-Gouna City mit seinen verschiedenen Gegenden und Sehensw\u00fcrdigkeiten entdecken l\u00e4sst. Au\u00dferdem machen Touristen eine fantastische Lagunenfahrt, um den Ort vom Meer aus zu finden. Nat\u00fcrlich k\u00f6nnen Sie diese fantastische Tour individuell in einem privaten Fahrzeug und mit einem unserer professionellen Guides machen!<\/p>\n<h2>H\u00f6hepunkte der individuellen Stadtrundfahrt von El-Gouna ab Safaga<\/h2>\n<ul>\n<li>Besuchen Sie El-Gouna auf dem Landweg.<\/li>\n<li>Haben Sie einen Panoramablick auf den Ort.<\/li>\n<li>Machen Sie eine Lagunenfahrt mit einem Schnellboot von El-Gouna.<\/li>\n<li>Gehen Sie auch am Yachthafen von Abu Tig spazieren.<\/li>\n<li>Au\u00dferdem einkaufen gehen.<\/li>\n<\/ul>\n<h2>Programm der Stadtrundfahrt durch das \u00e4gyptische Venedig ab Safaga<\/h2>\n<ul>\n<li>Der Vertreter von Landious Travel holt Sie gegen 09:00 Uhr von Ihrem Hotel in Safaga ab.<\/li>\n<li>Nachdem Sie alle Ank\u00f6mmlinge abgeholt haben, f\u00e4hrt der Bus in die Kurstadt El-Gouna. Es dauert ungef\u00e4hr 40 Minuten, um dorthin zu gelangen.<\/li>\n<li>Zu Beginn der Tour erhalten Sie einen Panoramablick \u00fcber die Stadt. Bis dahin wird Ihr Reiseleiter Informationen dar\u00fcber geben, welche Gebiete El-Gouna hat.<\/li>\n<li>Nach diesem Panoramablick auf El-Gouna fahren Sie in die Innenstadt der Stadt. Danach machen Sie einen Spaziergang in der Abu-Tig Marina. Sp\u00e4ter k\u00f6nnen Sie im Ort einkaufen gehen.<\/li>\n<li>Der n\u00e4chste Halt wird ein sch\u00f6ner \u2013 eine Lagunenfahrt. Diese Lagunenfahrt dauert eine Stunde. Nat\u00fcrlich k\u00f6nnen Sie diese Lagunenfahrt mit dem Schnellboot so sehr genie\u00dfen, dass Sie den Ort vom Meer aus entdecken k\u00f6nnen. Es wird etwas Herausragendes!<\/li>\n<li>Schlie\u00dflich machen Sie einen Rundgang durch diesen sch\u00f6nen Ort.<\/li>\n<li>Das Programm der privaten Besichtigungstour von El-Gouna aus Safaga endet gegen 14:00 Uhr.<\/li>\n<\/ul>\n<h2>Was beinhaltet der Preis f\u00fcr die private Stadtrundfahrt durch El Gouna in Safaga?<\/h2>\n<ul>\n<li>Der Preis beinhaltet den individuellen Transfer nach El-Gouna und zur\u00fcck zum Hotel.<\/li>\n<li>Au\u00dferdem enth\u00e4lt es einen professionellen Guide.<\/li>\n<\/ul>\n<h2>Was beinhaltet das Programm der individuellen Stadtrundfahrt El Gouna Safaga nicht?<\/h2>\n<ul>\n<li>Zus\u00e4tzliche Programme, wenn sie nicht im Hauptprogramm der Reise enthalten sind.<\/li>\n<\/ul>\n<h2>Was nehmen Sie f\u00fcr die Tour mit?<\/h2>\n<ul>\n<li>Sonnenbrille.<\/li>\n<\/ul>\n<h2>El Gouna Private Stadtrundfahrt Safaga Buchungstage<\/h2>\n<ul>\n<li>T\u00e4glich von 09:00 \u2013 14:00 Uhr.<\/li>\n<\/ul>\n","protected":false},"excerpt":{"rendered":"<p>Entdecken Sie die Wunder von El Gouna auf einer individuellen Tour mit einem sachkundigen F\u00fchrer. Erleben Sie den bezaubernden Yachthafen Abo Tig, den Golfclub, die Innenstadt von El Gouna, den neuen Yachthafen, den El Gouna Tower und das Geb\u00e4ude des Filmfestivals. Dieses Sightseeing-Abenteuer deckt die interessantesten Orte der Stadt ab und bietet Ihnen zahlreiche M\u00f6glichkeiten, etwas \u00fcber die Geschichte und Entwicklung von El Gouna zu erfahren. Auf dem Programm stehen ein Besuch der atemberaubenden Stadt, eine Orientierung \u00fcber die Gegend, ein Spaziergang durch die Innenstadt und ein aufregender Ausflug in die Lagune. W\u00e4hrend der Tour wird Ihr Guide wertvolle Einblicke und faszinierende Fakten \u00fcber die Sehensw\u00fcrdigkeiten der Stadt vermitteln.<\/p>\n","protected":false},"featured_media":99100,"comment_status":"open","ping_status":"closed","template":"","meta":{"_coblocks_attr":"","_coblocks_dimensions":"","_coblocks_responsive_height":"","_coblocks_accordion_ie_support":"","_uag_custom_page_level_css":"","jetpack_publicize_message":"","jetpack_publicize_feature_enabled":true,"jetpack_social_post_already_shared":true,"jetpack_social_options":{"image_generator_settings":{"template":"highway","default_image_id":0,"font":"","enabled":false},"version":2},"_wpas_customize_per_network":false},"product_brand":[],"product_cat":[20139,22107],"product_tag":[1653,9906,1843,2110],"class_list":{"0":"post-135357","1":"product","2":"type-product","3":"status-publish","4":"has-post-thumbnail","6":"product_cat-safaga-private-ausfluege","7":"product_cat-safaga-private-stadtrundfahrten","8":"product_tag-ausflug","9":"product_tag-besichtigung","10":"product_tag-el-gouna-de","11":"product_tag-stadtrundfahrt","13":"first","14":"instock","15":"sale","16":"taxable","17":"shipping-taxable","18":"purchasable","19":"product-type-variable"},"yoast_head":"<!-- This site is optimized with the Yoast SEO Premium plugin v27.5 (Yoast SEO v27.5) - https:\/\/yoast.com\/product\/yoast-seo-premium-wordpress\/ -->\n<title>El Gouna Private Stadtrundfahrt Safaga<\/title>\n<meta name=\"description\" content=\"El Gouna Private Stadtrundfahrt Safaga ist eine aufregende private Sightseeing-Tour zur Erkundung von El-Gouna aus Safaga, \u00c4gypten! Wir empfehlen die Reise\" \/>\n<meta name=\"robots\" content=\"index, follow, max-snippet:-1, max-image-preview:large, max-video-preview:-1\" \/>\n<link rel=\"canonical\" href=\"https:\/\/landioustravel.com\/de\/shop\/gouna-private-stadtrundfahrt-safaga\/\" \/>\n<meta property=\"og:locale\" content=\"de_DE\" \/>\n<meta property=\"og:type\" content=\"article\" \/>\n<meta property=\"og:title\" content=\"El Gouna Private Stadtrundfahrt Safaga\" \/>\n<meta property=\"og:description\" content=\"Landious Travel\" \/>\n<meta property=\"og:url\" content=\"https:\/\/landioustravel.com\/de\/shop\/gouna-private-stadtrundfahrt-safaga\/\" \/>\n<meta property=\"og:site_name\" content=\"Landious Travel\" \/>\n<meta property=\"article:publisher\" content=\"https:\/\/web.facebook.com\/landiousEgypt\" \/>\n<meta property=\"article:modified_time\" content=\"2023-06-18T15:21:13+00:00\" \/>\n<meta property=\"og:image\" content=\"https:\/\/i0.wp.com\/landioustravel.com\/wp-content\/uploads\/2019\/06\/El-Gouna-Individual-City-Tour-Hurghada.jpg?fit=1000%2C667&ssl=1\" \/>\n\t<meta property=\"og:image:width\" content=\"1000\" \/>\n\t<meta property=\"og:image:height\" content=\"667\" \/>\n\t<meta property=\"og:image:type\" content=\"image\/jpeg\" \/>\n<meta name=\"twitter:card\" content=\"summary_large_image\" \/>\n<meta name=\"twitter:site\" content=\"@LandiousTours\" \/>\n<meta name=\"twitter:label1\" content=\"Gesch\u00e4tzte Lesezeit\" \/>\n\t<meta name=\"twitter:data1\" content=\"2\u00a0Minuten\" \/>\n<script type=\"application\/ld+json\" class=\"yoast-schema-graph\">{\"@context\":\"https:\\\/\\\/schema.org\",\"@graph\":[{\"@type\":\"WebPage\",\"@id\":\"https:\\\/\\\/landioustravel.com\\\/de\\\/shop\\\/gouna-private-stadtrundfahrt-safaga\\\/\",\"url\":\"https:\\\/\\\/landioustravel.com\\\/de\\\/shop\\\/gouna-private-stadtrundfahrt-safaga\\\/\",\"name\":\"El Gouna Private Stadtrundfahrt Safaga\",\"isPartOf\":{\"@id\":\"https:\\\/\\\/landioustravel.com\\\/de\\\/#website\"},\"primaryImageOfPage\":{\"@id\":\"https:\\\/\\\/landioustravel.com\\\/de\\\/shop\\\/gouna-private-stadtrundfahrt-safaga\\\/#primaryimage\"},\"image\":{\"@id\":\"https:\\\/\\\/landioustravel.com\\\/de\\\/shop\\\/gouna-private-stadtrundfahrt-safaga\\\/#primaryimage\"},\"thumbnailUrl\":\"https:\\\/\\\/i0.wp.com\\\/landioustravel.com\\\/wp-content\\\/uploads\\\/2019\\\/06\\\/El-Gouna-Individual-City-Tour-Hurghada.jpg?fit=1000%2C667&ssl=1\",\"datePublished\":\"2023-01-30T20:37:27+00:00\",\"dateModified\":\"2023-06-18T15:21:13+00:00\",\"description\":\"El Gouna Private Stadtrundfahrt Safaga ist eine aufregende private Sightseeing-Tour zur Erkundung von El-Gouna aus Safaga, \u00c4gypten! Wir empfehlen die Reise\",\"breadcrumb\":{\"@id\":\"https:\\\/\\\/landioustravel.com\\\/de\\\/shop\\\/gouna-private-stadtrundfahrt-safaga\\\/#breadcrumb\"},\"inLanguage\":\"de\",\"potentialAction\":[{\"@type\":\"ReadAction\",\"target\":[\"https:\\\/\\\/landioustravel.com\\\/de\\\/shop\\\/gouna-private-stadtrundfahrt-safaga\\\/\"]}]},{\"@type\":\"ImageObject\",\"inLanguage\":\"de\",\"@id\":\"https:\\\/\\\/landioustravel.com\\\/de\\\/shop\\\/gouna-private-stadtrundfahrt-safaga\\\/#primaryimage\",\"url\":\"https:\\\/\\\/i0.wp.com\\\/landioustravel.com\\\/wp-content\\\/uploads\\\/2019\\\/06\\\/El-Gouna-Individual-City-Tour-Hurghada.jpg?fit=1000%2C667&ssl=1\",\"contentUrl\":\"https:\\\/\\\/i0.wp.com\\\/landioustravel.com\\\/wp-content\\\/uploads\\\/2019\\\/06\\\/El-Gouna-Individual-City-Tour-Hurghada.jpg?fit=1000%2C667&ssl=1\",\"width\":1000,\"height\":667,\"caption\":\"El Gouna Individual City Tour Hurghada\"},{\"@type\":\"BreadcrumbList\",\"@id\":\"https:\\\/\\\/landioustravel.com\\\/de\\\/shop\\\/gouna-private-stadtrundfahrt-safaga\\\/#breadcrumb\",\"itemListElement\":[{\"@type\":\"ListItem\",\"position\":1,\"name\":\"Home\",\"item\":\"https:\\\/\\\/landioustravel.com\\\/de\\\/\"},{\"@type\":\"ListItem\",\"position\":2,\"name\":\"\u00c4gypten Touren\",\"item\":\"https:\\\/\\\/landioustravel.com\\\/de\\\/\"},{\"@type\":\"ListItem\",\"position\":3,\"name\":\"El Gouna Private Stadtrundfahrt Safaga\"}]},{\"@type\":\"WebSite\",\"@id\":\"https:\\\/\\\/landioustravel.com\\\/de\\\/#website\",\"url\":\"https:\\\/\\\/landioustravel.com\\\/de\\\/\",\"name\":\"Landious Travel\",\"description\":\"Excursions, trips and cruises in Egypt\",\"publisher\":{\"@id\":\"https:\\\/\\\/landioustravel.com\\\/de\\\/#organization\"},\"potentialAction\":[{\"@type\":\"SearchAction\",\"target\":{\"@type\":\"EntryPoint\",\"urlTemplate\":\"https:\\\/\\\/landioustravel.com\\\/de\\\/?s={search_term_string}\"},\"query-input\":{\"@type\":\"PropertyValueSpecification\",\"valueRequired\":true,\"valueName\":\"search_term_string\"}}],\"inLanguage\":\"de\"},{\"@type\":[\"Organization\",\"Place\"],\"@id\":\"https:\\\/\\\/landioustravel.com\\\/de\\\/#organization\",\"name\":\"Landious Travel\",\"alternateName\":\"Landious Travel\",\"url\":\"https:\\\/\\\/landioustravel.com\\\/de\\\/\",\"logo\":{\"@id\":\"https:\\\/\\\/landioustravel.com\\\/de\\\/shop\\\/gouna-private-stadtrundfahrt-safaga\\\/#local-main-organization-logo\"},\"image\":{\"@id\":\"https:\\\/\\\/landioustravel.com\\\/de\\\/shop\\\/gouna-private-stadtrundfahrt-safaga\\\/#local-main-organization-logo\"},\"sameAs\":[\"https:\\\/\\\/web.facebook.com\\\/landiousEgypt\",\"https:\\\/\\\/x.com\\\/LandiousTours\",\"https:\\\/\\\/mastodon.social\\\/@landious\"],\"legalName\":\"Landious Travel\",\"telephone\":[],\"openingHoursSpecification\":[{\"@type\":\"OpeningHoursSpecification\",\"dayOfWeek\":[\"Monday\",\"Tuesday\",\"Wednesday\",\"Thursday\",\"Friday\",\"Saturday\",\"Sunday\"],\"opens\":\"09:00\",\"closes\":\"17:00\"}]},{\"@type\":\"ImageObject\",\"inLanguage\":\"de\",\"@id\":\"https:\\\/\\\/landioustravel.com\\\/de\\\/shop\\\/gouna-private-stadtrundfahrt-safaga\\\/#local-main-organization-logo\",\"url\":\"https:\\\/\\\/i0.wp.com\\\/landioustravel.com\\\/wp-content\\\/uploads\\\/2021\\\/06\\\/Landious-T.png?fit=500%2C500&ssl=1\",\"contentUrl\":\"https:\\\/\\\/i0.wp.com\\\/landioustravel.com\\\/wp-content\\\/uploads\\\/2021\\\/06\\\/Landious-T.png?fit=500%2C500&ssl=1\",\"width\":500,\"height\":500,\"caption\":\"Landious Travel\"}]}<\/script>\n<!-- \/ Yoast SEO Premium plugin. -->","yoast_head_json":{"title":"El Gouna Private Stadtrundfahrt Safaga","description":"El Gouna Private Stadtrundfahrt Safaga ist eine aufregende private Sightseeing-Tour zur Erkundung von El-Gouna aus Safaga, \u00c4gypten! Wir empfehlen die Reise","robots":{"index":"index","follow":"follow","max-snippet":"max-snippet:-1","max-image-preview":"max-image-preview:large","max-video-preview":"max-video-preview:-1"},"canonical":"https:\/\/landioustravel.com\/de\/shop\/gouna-private-stadtrundfahrt-safaga\/","og_locale":"de_DE","og_type":"article","og_title":"El Gouna Private Stadtrundfahrt Safaga","og_description":"Landious Travel","og_url":"https:\/\/landioustravel.com\/de\/shop\/gouna-private-stadtrundfahrt-safaga\/","og_site_name":"Landious Travel","article_publisher":"https:\/\/web.facebook.com\/landiousEgypt","article_modified_time":"2023-06-18T15:21:13+00:00","og_image":[{"width":1000,"height":667,"url":"https:\/\/i0.wp.com\/landioustravel.com\/wp-content\/uploads\/2019\/06\/El-Gouna-Individual-City-Tour-Hurghada.jpg?fit=1000%2C667&ssl=1","type":"image\/jpeg"}],"twitter_card":"summary_large_image","twitter_site":"@LandiousTours","twitter_misc":{"Gesch\u00e4tzte Lesezeit":"2\u00a0Minuten"},"schema":{"@context":"https:\/\/schema.org","@graph":[{"@type":"WebPage","@id":"https:\/\/landioustravel.com\/de\/shop\/gouna-private-stadtrundfahrt-safaga\/","url":"https:\/\/landioustravel.com\/de\/shop\/gouna-private-stadtrundfahrt-safaga\/","name":"El Gouna Private Stadtrundfahrt Safaga","isPartOf":{"@id":"https:\/\/landioustravel.com\/de\/#website"},"primaryImageOfPage":{"@id":"https:\/\/landioustravel.com\/de\/shop\/gouna-private-stadtrundfahrt-safaga\/#primaryimage"},"image":{"@id":"https:\/\/landioustravel.com\/de\/shop\/gouna-private-stadtrundfahrt-safaga\/#primaryimage"},"thumbnailUrl":"https:\/\/i0.wp.com\/landioustravel.com\/wp-content\/uploads\/2019\/06\/El-Gouna-Individual-City-Tour-Hurghada.jpg?fit=1000%2C667&ssl=1","datePublished":"2023-01-30T20:37:27+00:00","dateModified":"2023-06-18T15:21:13+00:00","description":"El Gouna Private Stadtrundfahrt Safaga ist eine aufregende private Sightseeing-Tour zur Erkundung von El-Gouna aus Safaga, \u00c4gypten! Wir empfehlen die Reise","breadcrumb":{"@id":"https:\/\/landioustravel.com\/de\/shop\/gouna-private-stadtrundfahrt-safaga\/#breadcrumb"},"inLanguage":"de","potentialAction":[{"@type":"ReadAction","target":["https:\/\/landioustravel.com\/de\/shop\/gouna-private-stadtrundfahrt-safaga\/"]}]},{"@type":"ImageObject","inLanguage":"de","@id":"https:\/\/landioustravel.com\/de\/shop\/gouna-private-stadtrundfahrt-safaga\/#primaryimage","url":"https:\/\/i0.wp.com\/landioustravel.com\/wp-content\/uploads\/2019\/06\/El-Gouna-Individual-City-Tour-Hurghada.jpg?fit=1000%2C667&ssl=1","contentUrl":"https:\/\/i0.wp.com\/landioustravel.com\/wp-content\/uploads\/2019\/06\/El-Gouna-Individual-City-Tour-Hurghada.jpg?fit=1000%2C667&ssl=1","width":1000,"height":667,"caption":"El Gouna Individual City Tour Hurghada"},{"@type":"BreadcrumbList","@id":"https:\/\/landioustravel.com\/de\/shop\/gouna-private-stadtrundfahrt-safaga\/#breadcrumb","itemListElement":[{"@type":"ListItem","position":1,"name":"Home","item":"https:\/\/landioustravel.com\/de\/"},{"@type":"ListItem","position":2,"name":"\u00c4gypten Touren","item":"https:\/\/landioustravel.com\/de\/"},{"@type":"ListItem","position":3,"name":"El Gouna Private Stadtrundfahrt Safaga"}]},{"@type":"WebSite","@id":"https:\/\/landioustravel.com\/de\/#website","url":"https:\/\/landioustravel.com\/de\/","name":"Landious Travel","description":"Excursions, trips and cruises in Egypt","publisher":{"@id":"https:\/\/landioustravel.com\/de\/#organization"},"potentialAction":[{"@type":"SearchAction","target":{"@type":"EntryPoint","urlTemplate":"https:\/\/landioustravel.com\/de\/?s={search_term_string}"},"query-input":{"@type":"PropertyValueSpecification","valueRequired":true,"valueName":"search_term_string"}}],"inLanguage":"de"},{"@type":["Organization","Place"],"@id":"https:\/\/landioustravel.com\/de\/#organization","name":"Landious Travel","alternateName":"Landious Travel","url":"https:\/\/landioustravel.com\/de\/","logo":{"@id":"https:\/\/landioustravel.com\/de\/shop\/gouna-private-stadtrundfahrt-safaga\/#local-main-organization-logo"},"image":{"@id":"https:\/\/landioustravel.com\/de\/shop\/gouna-private-stadtrundfahrt-safaga\/#local-main-organization-logo"},"sameAs":["https:\/\/web.facebook.com\/landiousEgypt","https:\/\/x.com\/LandiousTours","https:\/\/mastodon.social\/@landious"],"legalName":"Landious Travel","telephone":[],"openingHoursSpecification":[{"@type":"OpeningHoursSpecification","dayOfWeek":["Monday","Tuesday","Wednesday","Thursday","Friday","Saturday","Sunday"],"opens":"09:00","closes":"17:00"}]},{"@type":"ImageObject","inLanguage":"de","@id":"https:\/\/landioustravel.com\/de\/shop\/gouna-private-stadtrundfahrt-safaga\/#local-main-organization-logo","url":"https:\/\/i0.wp.com\/landioustravel.com\/wp-content\/uploads\/2021\/06\/Landious-T.png?fit=500%2C500&ssl=1","contentUrl":"https:\/\/i0.wp.com\/landioustravel.com\/wp-content\/uploads\/2021\/06\/Landious-T.png?fit=500%2C500&ssl=1","width":500,"height":500,"caption":"Landious Travel"}]}},"jetpack_publicize_connections":[],"uagb_featured_image_src":{"full":["https:\/\/i0.wp.com\/landioustravel.com\/wp-content\/uploads\/2019\/06\/El-Gouna-Individual-City-Tour-Hurghada.jpg?fit=1000%2C667&ssl=1",1000,667,false],"thumbnail":["https:\/\/i0.wp.com\/landioustravel.com\/wp-content\/uploads\/2019\/06\/El-Gouna-Individual-City-Tour-Hurghada.jpg?resize=150%2C150&ssl=1",150,150,true],"medium":["https:\/\/i0.wp.com\/landioustravel.com\/wp-content\/uploads\/2019\/06\/El-Gouna-Individual-City-Tour-Hurghada.jpg?fit=300%2C200&ssl=1",300,200,true],"medium_large":["https:\/\/i0.wp.com\/landioustravel.com\/wp-content\/uploads\/2019\/06\/El-Gouna-Individual-City-Tour-Hurghada.jpg?fit=768%2C512&ssl=1",768,512,true],"large":["https:\/\/i0.wp.com\/landioustravel.com\/wp-content\/uploads\/2019\/06\/El-Gouna-Individual-City-Tour-Hurghada.jpg?fit=980%2C654&ssl=1",980,654,true],"1536x1536":["https:\/\/i0.wp.com\/landioustravel.com\/wp-content\/uploads\/2019\/06\/El-Gouna-Individual-City-Tour-Hurghada.jpg?fit=1000%2C667&ssl=1",1000,667,true],"2048x2048":["https:\/\/i0.wp.com\/landioustravel.com\/wp-content\/uploads\/2019\/06\/El-Gouna-Individual-City-Tour-Hurghada.jpg?fit=1000%2C667&ssl=1",1000,667,true],"newspack-article-block-landscape-large":["https:\/\/i0.wp.com\/landioustravel.com\/wp-content\/uploads\/2019\/06\/El-Gouna-Individual-City-Tour-Hurghada.jpg?resize=1000%2C667&ssl=1",1000,667,true],"newspack-article-block-portrait-large":["https:\/\/i0.wp.com\/landioustravel.com\/wp-content\/uploads\/2019\/06\/El-Gouna-Individual-City-Tour-Hurghada.jpg?resize=900%2C667&ssl=1",900,667,true],"newspack-article-block-square-large":["https:\/\/i0.wp.com\/landioustravel.com\/wp-content\/uploads\/2019\/06\/El-Gouna-Individual-City-Tour-Hurghada.jpg?resize=1000%2C667&ssl=1",1000,667,true],"newspack-article-block-landscape-medium":["https:\/\/i0.wp.com\/landioustravel.com\/wp-content\/uploads\/2019\/06\/El-Gouna-Individual-City-Tour-Hurghada.jpg?resize=800%2C600&ssl=1",800,600,true],"newspack-article-block-portrait-medium":["https:\/\/i0.wp.com\/landioustravel.com\/wp-content\/uploads\/2019\/06\/El-Gouna-Individual-City-Tour-Hurghada.jpg?resize=600%2C667&ssl=1",600,667,true],"newspack-article-block-square-medium":["https:\/\/i0.wp.com\/landioustravel.com\/wp-content\/uploads\/2019\/06\/El-Gouna-Individual-City-Tour-Hurghada.jpg?resize=800%2C667&ssl=1",800,667,true],"newspack-article-block-landscape-intermediate":["https:\/\/i0.wp.com\/landioustravel.com\/wp-content\/uploads\/2019\/06\/El-Gouna-Individual-City-Tour-Hurghada.jpg?resize=600%2C450&ssl=1",600,450,true],"newspack-article-block-portrait-intermediate":["https:\/\/i0.wp.com\/landioustravel.com\/wp-content\/uploads\/2019\/06\/El-Gouna-Individual-City-Tour-Hurghada.jpg?resize=450%2C600&ssl=1",450,600,true],"newspack-article-block-square-intermediate":["https:\/\/i0.wp.com\/landioustravel.com\/wp-content\/uploads\/2019\/06\/El-Gouna-Individual-City-Tour-Hurghada.jpg?resize=600%2C600&ssl=1",600,600,true],"newspack-article-block-landscape-small":["https:\/\/i0.wp.com\/landioustravel.com\/wp-content\/uploads\/2019\/06\/El-Gouna-Individual-City-Tour-Hurghada.jpg?resize=400%2C300&ssl=1",400,300,true],"newspack-article-block-portrait-small":["https:\/\/i0.wp.com\/landioustravel.com\/wp-content\/uploads\/2019\/06\/El-Gouna-Individual-City-Tour-Hurghada.jpg?resize=300%2C400&ssl=1",300,400,true],"newspack-article-block-square-small":["https:\/\/i0.wp.com\/landioustravel.com\/wp-content\/uploads\/2019\/06\/El-Gouna-Individual-City-Tour-Hurghada.jpg?resize=400%2C400&ssl=1",400,400,true],"newspack-article-block-landscape-tiny":["https:\/\/i0.wp.com\/landioustravel.com\/wp-content\/uploads\/2019\/06\/El-Gouna-Individual-City-Tour-Hurghada.jpg?resize=200%2C150&ssl=1",200,150,true],"newspack-article-block-portrait-tiny":["https:\/\/i0.wp.com\/landioustravel.com\/wp-content\/uploads\/2019\/06\/El-Gouna-Individual-City-Tour-Hurghada.jpg?resize=150%2C200&ssl=1",150,200,true],"newspack-article-block-square-tiny":["https:\/\/i0.wp.com\/landioustravel.com\/wp-content\/uploads\/2019\/06\/El-Gouna-Individual-City-Tour-Hurghada.jpg?resize=200%2C200&ssl=1",200,200,true],"newspack-article-block-uncropped":["https:\/\/i0.wp.com\/landioustravel.com\/wp-content\/uploads\/2019\/06\/El-Gouna-Individual-City-Tour-Hurghada.jpg?fit=1000%2C667&ssl=1",1000,667,true],"woocommerce_thumbnail":["https:\/\/i0.wp.com\/landioustravel.com\/wp-content\/uploads\/2019\/06\/El-Gouna-Individual-City-Tour-Hurghada.jpg?resize=324%2C324&ssl=1",324,324,true],"woocommerce_single":["https:\/\/i0.wp.com\/landioustravel.com\/wp-content\/uploads\/2019\/06\/El-Gouna-Individual-City-Tour-Hurghada.jpg?fit=416%2C277&ssl=1",416,277,true],"woocommerce_gallery_thumbnail":["https:\/\/i0.wp.com\/landioustravel.com\/wp-content\/uploads\/2019\/06\/El-Gouna-Individual-City-Tour-Hurghada.jpg?resize=100%2C100&ssl=1",100,100,true]},"uagb_author_info":{"display_name":"Mofreh Landious","author_link":"https:\/\/landioustravel.com\/de\/author\/"},"uagb_comment_info":0,"uagb_excerpt":"Entdecken Sie die Wunder von El Gouna auf einer individuellen Tour mit einem sachkundigen F\u00fchrer. Erleben Sie den bezaubernden Yachthafen Abo Tig, den Golfclub, die Innenstadt von El Gouna, den neuen Yachthafen, den El Gouna Tower und das Geb\u00e4ude des Filmfestivals. Dieses Sightseeing-Abenteuer deckt die interessantesten Orte der Stadt ab und bietet Ihnen zahlreiche M\u00f6glichkeiten,&hellip;","jetpack_sharing_enabled":true,"jetpack_likes_enabled":true,"amp_enabled":true,"_links":{"self":[{"href":"https:\/\/landioustravel.com\/de\/wp-json\/wp\/v2\/product\/135357","targetHints":{"allow":["GET"]}}],"collection":[{"href":"https:\/\/landioustravel.com\/de\/wp-json\/wp\/v2\/product"}],"about":[{"href":"https:\/\/landioustravel.com\/de\/wp-json\/wp\/v2\/types\/product"}],"replies":[{"embeddable":true,"href":"https:\/\/landioustravel.com\/de\/wp-json\/wp\/v2\/comments?post=135357"}],"wp:featuredmedia":[{"embeddable":true,"href":"https:\/\/landioustravel.com\/de\/wp-json\/wp\/v2\/media\/99100"}],"wp:attachment":[{"href":"https:\/\/landioustravel.com\/de\/wp-json\/wp\/v2\/media?parent=135357"}],"wp:term":[{"taxonomy":"product_brand","embeddable":true,"href":"https:\/\/landioustravel.com\/de\/wp-json\/wp\/v2\/product_brand?post=135357"},{"taxonomy":"product_cat","embeddable":true,"href":"https:\/\/landioustravel.com\/de\/wp-json\/wp\/v2\/product_cat?post=135357"},{"taxonomy":"product_tag","embeddable":true,"href":"https:\/\/landioustravel.com\/de\/wp-json\/wp\/v2\/product_tag?post=135357"}],"curies":[{"name":"wp","href":"https:\/\/api.w.org\/{rel}","templated":true}]}}