{"id":135361,"date":"2022-12-26T02:26:50","date_gmt":"2023-01-30T20:57:55","guid":{"rendered":"https:\/\/landioustravel.com\/?post_type=product&#038;p=135361"},"modified":"2023-06-18T17:27:25","modified_gmt":"2023-06-18T15:27:25","slug":"kairo-private-tour-flugzeug-safaga","status":"publish","type":"product","link":"https:\/\/landioustravel.com\/de\/shop\/kairo-private-tour-flugzeug-safaga\/","title":{"rendered":"Kairo Private Tour mit Flugzeug Safaga"},"content":{"rendered":"<p><strong>Kairo Private Tour mit dem Flugzeug Safaga<\/strong> ist eine fantastische private Reise nach Kairo von Safaga mit dem Flugzeug, \u00c4gypten! Wir empfehlen diese individuelle Reise, weil sie es Touristen erm\u00f6glicht, die beeindruckendsten Sehensw\u00fcrdigkeiten zu sehen und mehr \u00fcber ihre Geschichte zu erfahren. Nat\u00fcrlich f\u00fchrt diese Reise zu den gro\u00dfen Pyramiden und der Sphinx in Gizeh. Au\u00dferdem geht es auch an das \u00c4gyptische Museum in Kairo. Dar\u00fcber hinaus werden die Passagiere der Reise diese lang erwartete Reise machen, ohne viel Zeit zu verlieren. Im Allgemeinen spart das Reisen mit dem Flugzeug Zeit.<\/p>\n<h2>Highlights auf einer privaten Reise nach Kairo von Safaga mit dem Flugzeug<\/h2>\n<ul>\n<li>Besuchen Sie das \u00c4gyptische Museum in Kairo.<\/li>\n<li>Mittagessen in einem Restaurant.<\/li>\n<li>Besuchen Sie die drei Pyramiden in Gizeh.<\/li>\n<li>Auch die Gro\u00dfe Sphinx im Pyramidenkomplex.<\/li>\n<\/ul>\n<h2>Programm der individuellen Flugreise nach Kairo<\/h2>\n<ul>\n<li>Der Vertreter von Landious Travel holt Sie gegen 05:00 Uhr in einem Privatfahrzeug von Ihrem Hotel in Safaga ab.<\/li>\n<li>Nachdem alle Ank\u00f6mmlinge abgeholt wurden, f\u00e4hrt der Bus zum internationalen Flughafen von Hurghada. Es dauert ungef\u00e4hr 30 Minuten, um zum Flughafen zu gelangen.<\/li>\n<\/ul>\n<h3>Programm in Kairo<\/h3>\n<ul>\n<li>Wir zeigen Ihnen das \u00c4gyptische Museum, sobald Sie in Kairo ankommen. Dieses Museum hat etwa 100 Ausstellungsr\u00e4ume in diesem Museum. In diesen S\u00e4len befindet sich eine einzigartige Sammlung von etwa 150.000 Gegenst\u00e4nden. Ihr Reiseleiter zeigt Ihnen alle wichtigen Exponate in diesem riesigen Museum. Au\u00dferdem gibt er Ihnen Freizeit, um Fotos zu machen.<\/li>\n<li>Nach dem Besuch des \u00c4gyptischen Museums starten Sie das Bootspicknick auf dem Nil. Diese Nilfahrt ist ein Zusatzprogramm; Sie k\u00f6nnen es \u00fcber uns im Voraus buchen! Sobald das Bootspicknick auf dem Nil endet, fahren Sie in eine andere Stadt \u2013 Gizeh.<\/li>\n<\/ul>\n<h3>Programm in Gizeh<\/h3>\n<ul>\n<li>Nat\u00fcrlich geht die Reise in Gizeh weiter. Die erste Station an diesem Ort ist das Restaurant. Es bietet ein offenes Buffet.<\/li>\n<li>Dann geht die Gruppe weiter zum Pyramidenkomplex von Gizeh mit gro\u00dfen Pyramiden und der Sphinx. Noch einmal zeigt Ihnen Ihr Reiseleiter diese Denkm\u00e4ler und gibt Ihnen Zeit, ein Foto zu machen.<\/li>\n<\/ul>\n<h3>Abfahrt<\/h3>\n<ul>\n<li>Nach einem so hervorragenden Programm in den St\u00e4dten Kairo und Gizeh geht es schlie\u00dflich zum Flughafen Kairo.<\/li>\n<li>Diese private Reise von Safaga nach Kairo mit dem Flugzeug endet gegen 23:00 Uhr.<\/li>\n<\/ul>\n<h2>Was beinhaltet der Preis der Kairoer Privattour Safaga mit dem Flugzeug?<\/h2>\n<ul>\n<li>Eintrittskarten f\u00fcr Tempelbesuche.<\/li>\n<li>Mittagessen.<\/li>\n<li>Privater F\u00fchrer.<\/li>\n<li>Individueller Transfer zum Flughafen Hurghada.<\/li>\n<li>Privatfahrzeug in Kairo.<\/li>\n<li>Au\u00dferdem individueller Transfer vom Flughafen Hurghada zur\u00fcck zu Ihrem Hotel.<\/li>\n<\/ul>\n<h2>Was beinhaltet das Programm der Kairoer Individualreise Safaga mit dem Flugzeug nicht?<\/h2>\n<ul>\n<li>Zus\u00e4tzliche Ausflugsprogramme, falls nicht im obigen Programm enthalten.<\/li>\n<li>Auch Getr\u00e4nke.<\/li>\n<\/ul>\n<h2>Was nehmen Sie mit auf die Reise?<\/h2>\n<ul>\n<li>Fr\u00fchst\u00fccksbox.<\/li>\n<li>Auch Reisepass.<\/li>\n<\/ul>\n<h2>Buchungstage der privaten Kairo-Tour mit dem Flugzeug Safaga<\/h2>\n<ul>\n<li>Donnerstags von 05:00 \u2013 23:00 Uhr.<\/li>\n<li>Au\u00dferdem sind freitags von 05:00 \u2013 23:00 Uhr.<\/li>\n<li>Bitte erkundigen Sie sich bei uns nach dem Flugplan.<\/li>\n<\/ul>\n","protected":false},"excerpt":{"rendered":"<p>Wenn Sie auf der Suche nach einem aufregenden Ausflug sind, sollten Sie einen Privatflug von Safaga nach Kairo-Gizeh in Betracht ziehen. W\u00e4hrend dieser Reise k\u00f6nnen Sie das \u00e4lteste der 7 Weltwunder der Antike in Gizeh erkunden und die ber\u00fchmten Pyramiden von Gizeh, die Sphinx und das \u00c4gyptische Museum besuchen. Im Reisepreis sind Flugtickets, Eintrittskarten und Transfers enthalten. Folgendes m\u00fcssen Sie wissen, bevor Sie losfahren:<\/p>\n<p>Sie werden am fr\u00fchen Morgen von Ihrem Hotel zum Flughafen gefahren, von wo aus Sie einen 45-min\u00fctigen Flug nach Kairo nehmen k\u00f6nnen. Am Ausgang der Ankunftshalle in Kairo wird ein Guide mit Ihnen Ihre W\u00fcnsche besprechen und anschlie\u00dfend den Tagesablauf festlegen und erkl\u00e4ren. Zuerst besuchen Sie das \u00c4gyptische Museum, das die weltweit gr\u00f6\u00dfte Sammlung antiker \u00e4gyptischer Kunst beherbergt. Unser Reiseleiter erkl\u00e4rt Ihnen in einem zweist\u00fcndigen Aufenthalt humorvoll die wichtigsten Exponate und beantwortet Ihre Fragen.<\/p>\n<p>Anschlie\u00dfend k\u00f6nnen Sie eine entspannte Felukenfahrt auf dem Nil unternehmen oder ein k\u00f6stliches Mittagessen in einem guten Restaurant genie\u00dfen. Dann geht es weiter zu den Pyramiden von Gizeh \u2013 einem der antiken Weltwunder. In dieser Gegend finden Sie insgesamt drei Pyramiden, die Sie zu Fu\u00df, zu Pferd oder auf dem Kamel erkunden k\u00f6nnen. Sie besuchen auch die Gro\u00dfe Sphinx von Gizeh, die ber\u00fchmteste und gr\u00f6\u00dfte Sphinx der Welt. Unser Reiseleiter gibt Ihnen Tipps und Empfehlungen.<\/p>\n<p>Als m\u00f6glichen Abschluss Ihrer Kairo-Tour k\u00f6nnen Sie durch die ber\u00fchmte Basarstra\u00dfe von Khan EL Khalili schlendern. Nach einem aufregenden und ereignisreichen Tag in Kairo bringt Sie unser Guide zur\u00fcck zum Flughafen und Sie werden nach Safaga gefahren. Um eine reibungslose Reise zu gew\u00e4hrleisten, bringen Sie unbedingt einen g\u00fcltigen Reisepass mit Visum, eine Sonnenbrille\/M\u00fctze, bequeme Schuhe und Kleidung sowie ein Fr\u00fchst\u00fcckspaket mit (das Sie am Vorabend kostenlos im Hotel bestellen k\u00f6nnen).<\/p>\n","protected":false},"featured_media":135362,"comment_status":"open","ping_status":"closed","template":"","meta":{"_coblocks_attr":"","_coblocks_dimensions":"","_coblocks_responsive_height":"","_coblocks_accordion_ie_support":"","_uag_custom_page_level_css":"","jetpack_publicize_message":"","jetpack_publicize_feature_enabled":true,"jetpack_social_post_already_shared":true,"jetpack_social_options":{"image_generator_settings":{"template":"highway","default_image_id":0,"font":"","enabled":false},"version":2},"_wpas_customize_per_network":false},"product_brand":[],"product_cat":[22095,22087,16902,20139,22089,22110],"product_tag":[1653,9906,1652,1654,1655],"class_list":{"0":"post-135361","1":"product","2":"type-product","3":"status-publish","4":"has-post-thumbnail","6":"product_cat-hurghada-lufttouren","7":"product_cat-private-safaga-touren-pyramiden","8":"product_cat-ausfluege-safaga","9":"product_cat-safaga-private-ausfluege","10":"product_cat-safaga-private-besichtigungstouren","11":"product_cat-safaga-private-tagestouren-kairo","12":"product_tag-ausflug","13":"product_tag-besichtigung","14":"product_tag-kairo","15":"product_tag-pyramiden","16":"product_tag-sphinx-de","18":"first","19":"instock","20":"sale","21":"taxable","22":"shipping-taxable","23":"purchasable","24":"product-type-variable"},"yoast_head":"<!-- This site is optimized with the Yoast SEO Premium plugin v27.5 (Yoast SEO v27.5) - https:\/\/yoast.com\/product\/yoast-seo-premium-wordpress\/ -->\n<title>Kairo Private Tour mit Flugzeug Safaga<\/title>\n<meta name=\"description\" content=\"Kairo Private Tour mit Flugzeug Safaga ist eine fantastische private Reise nach Kairo von Safaga mit dem Flugzeug, \u00c4gypten! Wir empfehlen diese individuelle\" \/>\n<meta name=\"robots\" content=\"index, follow, max-snippet:-1, max-image-preview:large, max-video-preview:-1\" \/>\n<link rel=\"canonical\" href=\"https:\/\/landioustravel.com\/de\/shop\/kairo-private-tour-flugzeug-safaga\/\" \/>\n<meta property=\"og:locale\" content=\"de_DE\" \/>\n<meta property=\"og:type\" content=\"article\" \/>\n<meta property=\"og:title\" content=\"Kairo Private Tour mit Flugzeug Safaga\" \/>\n<meta property=\"og:description\" content=\"Landious Travel\" \/>\n<meta property=\"og:url\" content=\"https:\/\/landioustravel.com\/de\/shop\/kairo-private-tour-flugzeug-safaga\/\" \/>\n<meta property=\"og:site_name\" content=\"Landious Travel\" \/>\n<meta property=\"article:publisher\" content=\"https:\/\/web.facebook.com\/landiousEgypt\" \/>\n<meta property=\"article:modified_time\" content=\"2023-06-18T15:27:25+00:00\" \/>\n<meta property=\"og:image\" content=\"https:\/\/i0.wp.com\/landioustravel.com\/wp-content\/uploads\/2022\/12\/Cairo-Private-Tour-by-Plane-Safaga-e1672013789928.jpg?fit=1200%2C675&ssl=1\" \/>\n\t<meta property=\"og:image:width\" content=\"1200\" \/>\n\t<meta property=\"og:image:height\" content=\"675\" \/>\n\t<meta property=\"og:image:type\" content=\"image\/jpeg\" \/>\n<meta name=\"twitter:card\" content=\"summary_large_image\" \/>\n<meta name=\"twitter:site\" content=\"@LandiousTours\" \/>\n<meta name=\"twitter:label1\" content=\"Gesch\u00e4tzte Lesezeit\" \/>\n\t<meta name=\"twitter:data1\" content=\"2\u00a0Minuten\" \/>\n<script type=\"application\/ld+json\" class=\"yoast-schema-graph\">{\"@context\":\"https:\\\/\\\/schema.org\",\"@graph\":[{\"@type\":\"WebPage\",\"@id\":\"https:\\\/\\\/landioustravel.com\\\/de\\\/shop\\\/kairo-private-tour-flugzeug-safaga\\\/\",\"url\":\"https:\\\/\\\/landioustravel.com\\\/de\\\/shop\\\/kairo-private-tour-flugzeug-safaga\\\/\",\"name\":\"Kairo Private Tour mit Flugzeug Safaga\",\"isPartOf\":{\"@id\":\"https:\\\/\\\/landioustravel.com\\\/de\\\/#website\"},\"primaryImageOfPage\":{\"@id\":\"https:\\\/\\\/landioustravel.com\\\/de\\\/shop\\\/kairo-private-tour-flugzeug-safaga\\\/#primaryimage\"},\"image\":{\"@id\":\"https:\\\/\\\/landioustravel.com\\\/de\\\/shop\\\/kairo-private-tour-flugzeug-safaga\\\/#primaryimage\"},\"thumbnailUrl\":\"https:\\\/\\\/i0.wp.com\\\/landioustravel.com\\\/wp-content\\\/uploads\\\/2022\\\/12\\\/Cairo-Private-Tour-by-Plane-Safaga-e1672013789928.jpg?fit=1200%2C675&ssl=1\",\"datePublished\":\"2023-01-30T20:57:55+00:00\",\"dateModified\":\"2023-06-18T15:27:25+00:00\",\"description\":\"Kairo Private Tour mit Flugzeug Safaga ist eine fantastische private Reise nach Kairo von Safaga mit dem Flugzeug, \u00c4gypten! Wir empfehlen diese individuelle\",\"breadcrumb\":{\"@id\":\"https:\\\/\\\/landioustravel.com\\\/de\\\/shop\\\/kairo-private-tour-flugzeug-safaga\\\/#breadcrumb\"},\"inLanguage\":\"de\",\"potentialAction\":[{\"@type\":\"ReadAction\",\"target\":[\"https:\\\/\\\/landioustravel.com\\\/de\\\/shop\\\/kairo-private-tour-flugzeug-safaga\\\/\"]}]},{\"@type\":\"ImageObject\",\"inLanguage\":\"de\",\"@id\":\"https:\\\/\\\/landioustravel.com\\\/de\\\/shop\\\/kairo-private-tour-flugzeug-safaga\\\/#primaryimage\",\"url\":\"https:\\\/\\\/i0.wp.com\\\/landioustravel.com\\\/wp-content\\\/uploads\\\/2022\\\/12\\\/Cairo-Private-Tour-by-Plane-Safaga-e1672013789928.jpg?fit=1200%2C675&ssl=1\",\"contentUrl\":\"https:\\\/\\\/i0.wp.com\\\/landioustravel.com\\\/wp-content\\\/uploads\\\/2022\\\/12\\\/Cairo-Private-Tour-by-Plane-Safaga-e1672013789928.jpg?fit=1200%2C675&ssl=1\",\"width\":1200,\"height\":675,\"caption\":\"Cairo Private Tour by Plane Safaga\"},{\"@type\":\"BreadcrumbList\",\"@id\":\"https:\\\/\\\/landioustravel.com\\\/de\\\/shop\\\/kairo-private-tour-flugzeug-safaga\\\/#breadcrumb\",\"itemListElement\":[{\"@type\":\"ListItem\",\"position\":1,\"name\":\"Home\",\"item\":\"https:\\\/\\\/landioustravel.com\\\/de\\\/\"},{\"@type\":\"ListItem\",\"position\":2,\"name\":\"\u00c4gypten Touren\",\"item\":\"https:\\\/\\\/landioustravel.com\\\/de\\\/\"},{\"@type\":\"ListItem\",\"position\":3,\"name\":\"Kairo Private Tour mit Flugzeug Safaga\"}]},{\"@type\":\"WebSite\",\"@id\":\"https:\\\/\\\/landioustravel.com\\\/de\\\/#website\",\"url\":\"https:\\\/\\\/landioustravel.com\\\/de\\\/\",\"name\":\"Landious Travel\",\"description\":\"Excursions, trips and cruises in Egypt\",\"publisher\":{\"@id\":\"https:\\\/\\\/landioustravel.com\\\/de\\\/#organization\"},\"potentialAction\":[{\"@type\":\"SearchAction\",\"target\":{\"@type\":\"EntryPoint\",\"urlTemplate\":\"https:\\\/\\\/landioustravel.com\\\/de\\\/?s={search_term_string}\"},\"query-input\":{\"@type\":\"PropertyValueSpecification\",\"valueRequired\":true,\"valueName\":\"search_term_string\"}}],\"inLanguage\":\"de\"},{\"@type\":[\"Organization\",\"Place\"],\"@id\":\"https:\\\/\\\/landioustravel.com\\\/de\\\/#organization\",\"name\":\"Landious Travel\",\"alternateName\":\"Landious Travel\",\"url\":\"https:\\\/\\\/landioustravel.com\\\/de\\\/\",\"logo\":{\"@id\":\"https:\\\/\\\/landioustravel.com\\\/de\\\/shop\\\/kairo-private-tour-flugzeug-safaga\\\/#local-main-organization-logo\"},\"image\":{\"@id\":\"https:\\\/\\\/landioustravel.com\\\/de\\\/shop\\\/kairo-private-tour-flugzeug-safaga\\\/#local-main-organization-logo\"},\"sameAs\":[\"https:\\\/\\\/web.facebook.com\\\/landiousEgypt\",\"https:\\\/\\\/x.com\\\/LandiousTours\",\"https:\\\/\\\/mastodon.social\\\/@landious\"],\"legalName\":\"Landious Travel\",\"telephone\":[],\"openingHoursSpecification\":[{\"@type\":\"OpeningHoursSpecification\",\"dayOfWeek\":[\"Monday\",\"Tuesday\",\"Wednesday\",\"Thursday\",\"Friday\",\"Saturday\",\"Sunday\"],\"opens\":\"09:00\",\"closes\":\"17:00\"}]},{\"@type\":\"ImageObject\",\"inLanguage\":\"de\",\"@id\":\"https:\\\/\\\/landioustravel.com\\\/de\\\/shop\\\/kairo-private-tour-flugzeug-safaga\\\/#local-main-organization-logo\",\"url\":\"https:\\\/\\\/i0.wp.com\\\/landioustravel.com\\\/wp-content\\\/uploads\\\/2021\\\/06\\\/Landious-T.png?fit=500%2C500&ssl=1\",\"contentUrl\":\"https:\\\/\\\/i0.wp.com\\\/landioustravel.com\\\/wp-content\\\/uploads\\\/2021\\\/06\\\/Landious-T.png?fit=500%2C500&ssl=1\",\"width\":500,\"height\":500,\"caption\":\"Landious Travel\"}]}<\/script>\n<!-- \/ Yoast SEO Premium plugin. -->","yoast_head_json":{"title":"Kairo Private Tour mit Flugzeug Safaga","description":"Kairo Private Tour mit Flugzeug Safaga ist eine fantastische private Reise nach Kairo von Safaga mit dem Flugzeug, \u00c4gypten! Wir empfehlen diese individuelle","robots":{"index":"index","follow":"follow","max-snippet":"max-snippet:-1","max-image-preview":"max-image-preview:large","max-video-preview":"max-video-preview:-1"},"canonical":"https:\/\/landioustravel.com\/de\/shop\/kairo-private-tour-flugzeug-safaga\/","og_locale":"de_DE","og_type":"article","og_title":"Kairo Private Tour mit Flugzeug Safaga","og_description":"Landious Travel","og_url":"https:\/\/landioustravel.com\/de\/shop\/kairo-private-tour-flugzeug-safaga\/","og_site_name":"Landious Travel","article_publisher":"https:\/\/web.facebook.com\/landiousEgypt","article_modified_time":"2023-06-18T15:27:25+00:00","og_image":[{"width":1200,"height":675,"url":"https:\/\/i0.wp.com\/landioustravel.com\/wp-content\/uploads\/2022\/12\/Cairo-Private-Tour-by-Plane-Safaga-e1672013789928.jpg?fit=1200%2C675&ssl=1","type":"image\/jpeg"}],"twitter_card":"summary_large_image","twitter_site":"@LandiousTours","twitter_misc":{"Gesch\u00e4tzte Lesezeit":"2\u00a0Minuten"},"schema":{"@context":"https:\/\/schema.org","@graph":[{"@type":"WebPage","@id":"https:\/\/landioustravel.com\/de\/shop\/kairo-private-tour-flugzeug-safaga\/","url":"https:\/\/landioustravel.com\/de\/shop\/kairo-private-tour-flugzeug-safaga\/","name":"Kairo Private Tour mit Flugzeug Safaga","isPartOf":{"@id":"https:\/\/landioustravel.com\/de\/#website"},"primaryImageOfPage":{"@id":"https:\/\/landioustravel.com\/de\/shop\/kairo-private-tour-flugzeug-safaga\/#primaryimage"},"image":{"@id":"https:\/\/landioustravel.com\/de\/shop\/kairo-private-tour-flugzeug-safaga\/#primaryimage"},"thumbnailUrl":"https:\/\/i0.wp.com\/landioustravel.com\/wp-content\/uploads\/2022\/12\/Cairo-Private-Tour-by-Plane-Safaga-e1672013789928.jpg?fit=1200%2C675&ssl=1","datePublished":"2023-01-30T20:57:55+00:00","dateModified":"2023-06-18T15:27:25+00:00","description":"Kairo Private Tour mit Flugzeug Safaga ist eine fantastische private Reise nach Kairo von Safaga mit dem Flugzeug, \u00c4gypten! Wir empfehlen diese individuelle","breadcrumb":{"@id":"https:\/\/landioustravel.com\/de\/shop\/kairo-private-tour-flugzeug-safaga\/#breadcrumb"},"inLanguage":"de","potentialAction":[{"@type":"ReadAction","target":["https:\/\/landioustravel.com\/de\/shop\/kairo-private-tour-flugzeug-safaga\/"]}]},{"@type":"ImageObject","inLanguage":"de","@id":"https:\/\/landioustravel.com\/de\/shop\/kairo-private-tour-flugzeug-safaga\/#primaryimage","url":"https:\/\/i0.wp.com\/landioustravel.com\/wp-content\/uploads\/2022\/12\/Cairo-Private-Tour-by-Plane-Safaga-e1672013789928.jpg?fit=1200%2C675&ssl=1","contentUrl":"https:\/\/i0.wp.com\/landioustravel.com\/wp-content\/uploads\/2022\/12\/Cairo-Private-Tour-by-Plane-Safaga-e1672013789928.jpg?fit=1200%2C675&ssl=1","width":1200,"height":675,"caption":"Cairo Private Tour by Plane Safaga"},{"@type":"BreadcrumbList","@id":"https:\/\/landioustravel.com\/de\/shop\/kairo-private-tour-flugzeug-safaga\/#breadcrumb","itemListElement":[{"@type":"ListItem","position":1,"name":"Home","item":"https:\/\/landioustravel.com\/de\/"},{"@type":"ListItem","position":2,"name":"\u00c4gypten Touren","item":"https:\/\/landioustravel.com\/de\/"},{"@type":"ListItem","position":3,"name":"Kairo Private Tour mit Flugzeug Safaga"}]},{"@type":"WebSite","@id":"https:\/\/landioustravel.com\/de\/#website","url":"https:\/\/landioustravel.com\/de\/","name":"Landious Travel","description":"Excursions, trips and cruises in Egypt","publisher":{"@id":"https:\/\/landioustravel.com\/de\/#organization"},"potentialAction":[{"@type":"SearchAction","target":{"@type":"EntryPoint","urlTemplate":"https:\/\/landioustravel.com\/de\/?s={search_term_string}"},"query-input":{"@type":"PropertyValueSpecification","valueRequired":true,"valueName":"search_term_string"}}],"inLanguage":"de"},{"@type":["Organization","Place"],"@id":"https:\/\/landioustravel.com\/de\/#organization","name":"Landious Travel","alternateName":"Landious Travel","url":"https:\/\/landioustravel.com\/de\/","logo":{"@id":"https:\/\/landioustravel.com\/de\/shop\/kairo-private-tour-flugzeug-safaga\/#local-main-organization-logo"},"image":{"@id":"https:\/\/landioustravel.com\/de\/shop\/kairo-private-tour-flugzeug-safaga\/#local-main-organization-logo"},"sameAs":["https:\/\/web.facebook.com\/landiousEgypt","https:\/\/x.com\/LandiousTours","https:\/\/mastodon.social\/@landious"],"legalName":"Landious Travel","telephone":[],"openingHoursSpecification":[{"@type":"OpeningHoursSpecification","dayOfWeek":["Monday","Tuesday","Wednesday","Thursday","Friday","Saturday","Sunday"],"opens":"09:00","closes":"17:00"}]},{"@type":"ImageObject","inLanguage":"de","@id":"https:\/\/landioustravel.com\/de\/shop\/kairo-private-tour-flugzeug-safaga\/#local-main-organization-logo","url":"https:\/\/i0.wp.com\/landioustravel.com\/wp-content\/uploads\/2021\/06\/Landious-T.png?fit=500%2C500&ssl=1","contentUrl":"https:\/\/i0.wp.com\/landioustravel.com\/wp-content\/uploads\/2021\/06\/Landious-T.png?fit=500%2C500&ssl=1","width":500,"height":500,"caption":"Landious Travel"}]}},"jetpack_publicize_connections":[],"uagb_featured_image_src":{"full":["https:\/\/i0.wp.com\/landioustravel.com\/wp-content\/uploads\/2022\/12\/Cairo-Private-Tour-by-Plane-Safaga-e1672013789928.jpg?fit=1200%2C675&ssl=1",1200,675,false],"thumbnail":["https:\/\/i0.wp.com\/landioustravel.com\/wp-content\/uploads\/2022\/12\/Cairo-Private-Tour-by-Plane-Safaga-e1672013789928.jpg?resize=150%2C150&ssl=1",150,150,true],"medium":["https:\/\/i0.wp.com\/landioustravel.com\/wp-content\/uploads\/2022\/12\/Cairo-Private-Tour-by-Plane-Safaga-e1672013789928.jpg?fit=300%2C169&ssl=1",300,169,true],"medium_large":["https:\/\/i0.wp.com\/landioustravel.com\/wp-content\/uploads\/2022\/12\/Cairo-Private-Tour-by-Plane-Safaga-e1672013789928.jpg?fit=768%2C432&ssl=1",768,432,true],"large":["https:\/\/i0.wp.com\/landioustravel.com\/wp-content\/uploads\/2022\/12\/Cairo-Private-Tour-by-Plane-Safaga-e1672013789928.jpg?fit=980%2C551&ssl=1",980,551,true],"1536x1536":["https:\/\/i0.wp.com\/landioustravel.com\/wp-content\/uploads\/2022\/12\/Cairo-Private-Tour-by-Plane-Safaga-e1672013789928.jpg?fit=1536%2C864&ssl=1",1536,864,true],"2048x2048":["https:\/\/i0.wp.com\/landioustravel.com\/wp-content\/uploads\/2022\/12\/Cairo-Private-Tour-by-Plane-Safaga-e1672013789928.jpg?fit=1200%2C675&ssl=1",1200,675,true],"newspack-article-block-landscape-large":["https:\/\/i0.wp.com\/landioustravel.com\/wp-content\/uploads\/2022\/12\/Cairo-Private-Tour-by-Plane-Safaga-e1672013789928.jpg?resize=1200%2C675&ssl=1",1200,675,true],"newspack-article-block-portrait-large":["https:\/\/i0.wp.com\/landioustravel.com\/wp-content\/uploads\/2022\/12\/Cairo-Private-Tour-by-Plane-Safaga-e1672013789928.jpg?resize=900%2C675&ssl=1",900,675,true],"newspack-article-block-square-large":["https:\/\/i0.wp.com\/landioustravel.com\/wp-content\/uploads\/2022\/12\/Cairo-Private-Tour-by-Plane-Safaga-e1672013789928.jpg?resize=1200%2C675&ssl=1",1200,675,true],"newspack-article-block-landscape-medium":["https:\/\/i0.wp.com\/landioustravel.com\/wp-content\/uploads\/2022\/12\/Cairo-Private-Tour-by-Plane-Safaga-e1672013789928.jpg?resize=800%2C600&ssl=1",800,600,true],"newspack-article-block-portrait-medium":["https:\/\/i0.wp.com\/landioustravel.com\/wp-content\/uploads\/2022\/12\/Cairo-Private-Tour-by-Plane-Safaga-e1672013789928.jpg?resize=600%2C675&ssl=1",600,675,true],"newspack-article-block-square-medium":["https:\/\/i0.wp.com\/landioustravel.com\/wp-content\/uploads\/2022\/12\/Cairo-Private-Tour-by-Plane-Safaga-e1672013789928.jpg?resize=800%2C675&ssl=1",800,675,true],"newspack-article-block-landscape-intermediate":["https:\/\/i0.wp.com\/landioustravel.com\/wp-content\/uploads\/2022\/12\/Cairo-Private-Tour-by-Plane-Safaga-e1672013789928.jpg?resize=600%2C450&ssl=1",600,450,true],"newspack-article-block-portrait-intermediate":["https:\/\/i0.wp.com\/landioustravel.com\/wp-content\/uploads\/2022\/12\/Cairo-Private-Tour-by-Plane-Safaga-e1672013789928.jpg?resize=450%2C600&ssl=1",450,600,true],"newspack-article-block-square-intermediate":["https:\/\/i0.wp.com\/landioustravel.com\/wp-content\/uploads\/2022\/12\/Cairo-Private-Tour-by-Plane-Safaga-e1672013789928.jpg?resize=600%2C600&ssl=1",600,600,true],"newspack-article-block-landscape-small":["https:\/\/i0.wp.com\/landioustravel.com\/wp-content\/uploads\/2022\/12\/Cairo-Private-Tour-by-Plane-Safaga-e1672013789928.jpg?resize=400%2C300&ssl=1",400,300,true],"newspack-article-block-portrait-small":["https:\/\/i0.wp.com\/landioustravel.com\/wp-content\/uploads\/2022\/12\/Cairo-Private-Tour-by-Plane-Safaga-e1672013789928.jpg?resize=300%2C400&ssl=1",300,400,true],"newspack-article-block-square-small":["https:\/\/i0.wp.com\/landioustravel.com\/wp-content\/uploads\/2022\/12\/Cairo-Private-Tour-by-Plane-Safaga-e1672013789928.jpg?resize=400%2C400&ssl=1",400,400,true],"newspack-article-block-landscape-tiny":["https:\/\/i0.wp.com\/landioustravel.com\/wp-content\/uploads\/2022\/12\/Cairo-Private-Tour-by-Plane-Safaga-e1672013789928.jpg?resize=200%2C150&ssl=1",200,150,true],"newspack-article-block-portrait-tiny":["https:\/\/i0.wp.com\/landioustravel.com\/wp-content\/uploads\/2022\/12\/Cairo-Private-Tour-by-Plane-Safaga-e1672013789928.jpg?resize=150%2C200&ssl=1",150,200,true],"newspack-article-block-square-tiny":["https:\/\/i0.wp.com\/landioustravel.com\/wp-content\/uploads\/2022\/12\/Cairo-Private-Tour-by-Plane-Safaga-e1672013789928.jpg?resize=200%2C200&ssl=1",200,200,true],"newspack-article-block-uncropped":["https:\/\/i0.wp.com\/landioustravel.com\/wp-content\/uploads\/2022\/12\/Cairo-Private-Tour-by-Plane-Safaga-e1672013789928.jpg?fit=1200%2C675&ssl=1",1200,675,true],"woocommerce_thumbnail":["https:\/\/i0.wp.com\/landioustravel.com\/wp-content\/uploads\/2022\/12\/Cairo-Private-Tour-by-Plane-Safaga-e1672013789928.jpg?resize=324%2C324&ssl=1",324,324,true],"woocommerce_single":["https:\/\/i0.wp.com\/landioustravel.com\/wp-content\/uploads\/2022\/12\/Cairo-Private-Tour-by-Plane-Safaga-e1672013789928.jpg?fit=416%2C234&ssl=1",416,234,true],"woocommerce_gallery_thumbnail":["https:\/\/i0.wp.com\/landioustravel.com\/wp-content\/uploads\/2022\/12\/Cairo-Private-Tour-by-Plane-Safaga-e1672013789928.jpg?resize=100%2C100&ssl=1",100,100,true]},"uagb_author_info":{"display_name":"Mofreh Landious","author_link":"https:\/\/landioustravel.com\/de\/author\/"},"uagb_comment_info":0,"uagb_excerpt":"Wenn Sie auf der Suche nach einem aufregenden Ausflug sind, sollten Sie einen Privatflug von Safaga nach Kairo-Gizeh in Betracht ziehen. W\u00e4hrend dieser Reise k\u00f6nnen Sie das \u00e4lteste der 7 Weltwunder der Antike in Gizeh erkunden und die ber\u00fchmten Pyramiden von Gizeh, die Sphinx und das \u00c4gyptische Museum besuchen. Im Reisepreis sind Flugtickets, Eintrittskarten und&hellip;","jetpack_sharing_enabled":true,"jetpack_likes_enabled":true,"amp_enabled":true,"_links":{"self":[{"href":"https:\/\/landioustravel.com\/de\/wp-json\/wp\/v2\/product\/135361","targetHints":{"allow":["GET"]}}],"collection":[{"href":"https:\/\/landioustravel.com\/de\/wp-json\/wp\/v2\/product"}],"about":[{"href":"https:\/\/landioustravel.com\/de\/wp-json\/wp\/v2\/types\/product"}],"replies":[{"embeddable":true,"href":"https:\/\/landioustravel.com\/de\/wp-json\/wp\/v2\/comments?post=135361"}],"wp:featuredmedia":[{"embeddable":true,"href":"https:\/\/landioustravel.com\/de\/wp-json\/wp\/v2\/media\/135362"}],"wp:attachment":[{"href":"https:\/\/landioustravel.com\/de\/wp-json\/wp\/v2\/media?parent=135361"}],"wp:term":[{"taxonomy":"product_brand","embeddable":true,"href":"https:\/\/landioustravel.com\/de\/wp-json\/wp\/v2\/product_brand?post=135361"},{"taxonomy":"product_cat","embeddable":true,"href":"https:\/\/landioustravel.com\/de\/wp-json\/wp\/v2\/product_cat?post=135361"},{"taxonomy":"product_tag","embeddable":true,"href":"https:\/\/landioustravel.com\/de\/wp-json\/wp\/v2\/product_tag?post=135361"}],"curies":[{"name":"wp","href":"https:\/\/api.w.org\/{rel}","templated":true}]}}