{"id":135366,"date":"2022-12-26T01:23:39","date_gmt":"2023-01-30T21:48:11","guid":{"rendered":"https:\/\/landioustravel.com\/?post_type=product&#038;p=135366"},"modified":"2023-06-18T17:34:36","modified_gmt":"2023-06-18T15:34:36","slug":"kloster-heiligen-antonius-tour-safaga","status":"publish","type":"product","link":"https:\/\/landioustravel.com\/de\/shop\/kloster-heiligen-antonius-tour-safaga\/","title":{"rendered":"Kloster des Heiligen Antonius Tour Safaga"},"content":{"rendered":"<p><strong>Kloster des Heiligen Antonius Tour Safaga<\/strong> ist ein spiritueller Tagesausflug zum Kloster des Heiligen Antonius von Safaga, \u00c4gypten! Wir empfehlen die Reise, da sie es Touristen erm\u00f6glicht, die \u00e4ltesten christlichen Sehensw\u00fcrdigkeiten zu sehen, die w\u00e4hrend des r\u00f6mischen \u00c4gyptens gebaut wurden. Au\u00dferdem wird das Programm des Klosters des Heiligen Antonius Safaga mehr \u00fcber die Geschichte des Landes vermitteln.<\/p>\n<h2>H\u00f6hepunkte auf der Reise zum Kloster des Heiligen Antonius<\/h2>\n<ul>\n<li>Besuchen Sie das Kloster St. Antonius.<\/li>\n<li>Mittagessen in einem Restaurant.<\/li>\n<li>Besuchen Sie au\u00dferdem das Kloster des Heiligen Paulus.<\/li>\n<\/ul>\n<h2>Ausflugsprogramm der Kl\u00f6ster der Heiligen Antonius und Paulus<\/h2>\n<ul>\n<li>Landious Travel holt Sie gegen 03:00 Uhr von den Hotels in Safaga ab.<\/li>\n<li>Nach der Abholung f\u00e4hrt Ihr privates Fahrzeug (Limousine oder Kleinbus) zum Kloster St. Antonius. Auf Ihrem Weg zu diesem Kloster passieren Sie die St\u00e4dte Ras Ghareb und Ain Sokhna. Alle diese St\u00e4dte liegen n\u00f6rdlich von Hurghada an der K\u00fcste des Roten Meeres. Au\u00dferdem kommen Sie schlie\u00dflich in Zaafarana an. Der Weg vom Zentrum von Safaga zum Kloster St. Anthony dauert etwa 5 Stunden.<\/li>\n<\/ul>\n<h2>Programm im Kloster St. Antonius<\/h2>\n<ul>\n<li>Sobald Sie im Kloster des Heiligen Antonius angekommen sind, begleitet Sie Ihr Reiseleiter auf der Tour. Das Kloster des Heiligen Antonius ist von einer massiven Mauer umgeben. Innerhalb dieser kolossalen Mauer leben M\u00f6nche und ein Abt. Vor mehr als 1.600 Jahren lebte der Einsiedler Antonius in einer H\u00f6hle auf einem 680 Meter hohen Berg. Auch eine Treppe mit etwa 1.000 Stufen f\u00fchrt Sie zu dieser H\u00f6hle. Besonders sehenswert in der Anlage: die Gassen, Kapellen und G\u00e4rten.<\/li>\n<li>Sp\u00e4ter, nach dem Besuch des Klosters des Heiligen Antonius in Zaafarana, genie\u00dfen Sie Ihr Mittagessen.<\/li>\n<\/ul>\n<h3>Programm im Kloster des Heiligen Paulus<\/h3>\n<ul>\n<li>Dann fahren Sie etwa 40 km zur\u00fcck zum Kloster des Heiligen Paulus. Dementsprechend ben\u00f6tigen Sie ungef\u00e4hr 40 Minuten, um dorthin zu gelangen.<\/li>\n<li>Die Fahrt geht weiter im Kloster St. Paul. Obwohl dieses Kloster kleiner als das des Heiligen Antonius ist, hat es einige Sch\u00e4tze und eine gro\u00dfe Bedeutung. Unter diesen Sch\u00e4tzen sind Alt\u00e4re, Ikonen, eine alte Olivenpresse, ein alter Flaschenzug und ein Sarg. Dieser Sarg enth\u00e4lt die \u00dcberreste von St. Paul.<\/li>\n<\/ul>\n<h3>Abfahrt<\/h3>\n<ul>\n<li>Schlie\u00dflich fahren Sie nach einem solchen Programm in den heiligen koptischen Kl\u00f6stern der Heiligen Antonius und Paulus nach Safaga.<\/li>\n<li>Diese Reise zu den Kl\u00f6stern der Heiligen Antonius und Paulus von Safaga endet gegen 17:00 Uhr.<\/li>\n<\/ul>\n<h2>Was beinhaltet der Preis f\u00fcr das Kloster des Heiligen Antonius Ausflug Safaga?<\/h2>\n<ul>\n<li>Privates, klimatisiertes Fahrzeug.<\/li>\n<li>Mittagessen.<\/li>\n<li>Getr\u00e4nke.<\/li>\n<li>Au\u00dferdem stellen wir einen privaten F\u00fchrer zur Verf\u00fcgung.<\/li>\n<\/ul>\n<h2>Was beinhaltet das Programm des Klosters des Heiligen Antonius Safaga nicht?<\/h2>\n<ul>\n<li>Zus\u00e4tzliche Programme, falls nicht im obigen Programm enthalten.<\/li>\n<li>Au\u00dferdem sind im Preis keine Getr\u00e4nke im Restaurant enthalten.<\/li>\n<\/ul>\n<h2>Was nehmen Sie f\u00fcr die Reise mit?<\/h2>\n<ul>\n<li>Fr\u00fchst\u00fccksbox.<\/li>\n<li>Tragen Sie auch Kleidung f\u00fcr die Saison mit sich.<\/li>\n<\/ul>\n<h2>Kloster des Heiligen Antonius Ausflug Safaga Buchungstage<\/h2>\n<ul>\n<li>T\u00e4glich von 03:00 \u2013 17:00 Uhr.<\/li>\n<\/ul>\n<h2>Was k\u00f6nnen Sie w\u00e4hrend der Klosterfahrt des Heiligen Antonius in Safaga erwarten?<\/h2>\n<p>Das Kloster des Heiligen Antonius ist ein koptisch-orthodoxes Kloster, das in einer Oase in der \u00f6stlichen W\u00fcste \u00c4gyptens im s\u00fcdlichen Teil des Gouvernements Suez liegt, etwa 50 km von der K\u00fcste des Roten Meeres entfernt. Es erscheint tief in den Bergen des Roten Meeres; Das St.-Antonius-Kloster ist \u00c4gyptens gr\u00f6\u00dftes und \u00e4ltestes koptisches Kloster.<\/p>\n<p>Das M\u00f6nchtum, das vom heiligen Antonius dem Gro\u00dfen ins Leben gerufen wurde, ist \u00c4gyptens gr\u00f6\u00dftes Geschenk an das Christentum. Seine Sch\u00fcler gr\u00fcndeten das Kloster im 4. Jahrhundert n. Chr., nur ein kurzes St\u00fcck unterhalb der H\u00f6hle des Hl. Antonius.<\/p>\n<p>Das Kloster wurde mehrfach gepl\u00fcndert. Auch sie wurde im 11. Jahrhundert teilweise zerst\u00f6rt. Aufgrund solcher Angriffe ist dies ein Kloster im Festungsstil.<\/p>\n<p>Obwohl koptisch, war das Heiligtum oft multireligi\u00f6s und beherbergte viele Jahre lang M\u00f6nche verschiedener christlicher Religionen.<\/p>\n<h3>H\u00f6hle des Heiligen Antonius<\/h3>\n<p>Reisen Sie durch 17 Jahrhunderte faszinierender Geschichte und erleben Sie die Ehrfurcht vor der nat\u00fcrlichen Bergh\u00f6hle, die der heilige Antonius liebte und die er 43 Jahre lang sein Zuhause nannte. Die 45-min\u00fctige Fahrt auf 276 m ist die atemberaubende Aussicht \u00fcber die Wadis und das Rote Meer wert. Die St.-Antonius-H\u00f6hle, in der er als Einsiedler lebte, befindet sich 2 km entfernt, 1200 Stufen hinauf.<\/p>\n<p>Obwohl einige Teile des Klosters f\u00fcr Touristen gesperrt bleiben, erhalten die Besucher eine F\u00fchrung durch einen englischsprachigen M\u00f6nch. Heute ist es ein eigenst\u00e4ndiges Dorf mit G\u00e4rten, einer M\u00fchle, einer B\u00e4ckerei und f\u00fcnf Kirchen, von denen die Heiligen Antonius-Kirche die beste ist. Es gibt auch eine Bibliothek mit \u00fcber 1.700 Manuskripten.<\/p>\n<h3>Au\u00dfergew\u00f6hnliche Wandmalereien<\/h3>\n<p>Das Kloster hat au\u00dfergew\u00f6hnliche Wandmalereien von heiligen Rittern in leuchtenden Farben und die Einsiedlergr\u00fcnder des Klosters in ged\u00e4mpften Farben und Ikonen. Diese Wandmalereien, die M\u00f6nchen und Kunsthistorikern weithin bekannt sind, wurden von Ru\u00df, Kerzenfett, \u00d6l und Staub verdeckt.<\/p>\n<p>K\u00fcrzlich wurden diese einzigartigen Gem\u00e4lde in Zusammenarbeit zwischen dem Supreme Council of Antiquities und dem American Research Center in \u00c4gypten restauriert. Die \u00e4ltesten Bilder stammen aus dem 7. und 8. Jahrhundert, die neuesten aus dem 13. Jahrhundert. Neben den Gem\u00e4lden sind Holzarbeiten im Inneren von At. Auch die Antoniuskirche wurde restauriert.<\/p>\n","protected":false},"excerpt":{"rendered":"<p>Begeben Sie sich auf einen individuellen Ausflug zum Kloster St. Antonius, wo Sie das \u00e4lteste koptische Kloster \u00c4gyptens entdecken. Bewundern Sie die au\u00dfergew\u00f6hnlichen Wandgem\u00e4lde, die heilige Ritter in lebendigen Farbt\u00f6nen und die Einsiedlergr\u00fcnder in ged\u00e4mpfteren Farbt\u00f6nen und Symbolen darstellen. G\u00f6nnen Sie sich nach der Tour ein k\u00f6stliches Mittagessen, bevor Sie Ihre Reise zum Kloster St. Paul fortsetzen. Im Preis f\u00fcr dieses unvergessliche Erlebnis sind Transfers und Mittagessen enthalten.<\/p>\n","protected":false},"featured_media":99002,"comment_status":"open","ping_status":"closed","template":"","meta":{"_coblocks_attr":"","_coblocks_dimensions":"","_coblocks_responsive_height":"","_coblocks_accordion_ie_support":"","_uag_custom_page_level_css":"","jetpack_publicize_message":"","jetpack_publicize_feature_enabled":true,"jetpack_social_post_already_shared":true,"jetpack_social_options":{"image_generator_settings":{"template":"highway","default_image_id":0,"font":"","enabled":false},"version":2},"_wpas_customize_per_network":false},"product_brand":[],"product_cat":[20139,22089],"product_tag":[1653,9906],"class_list":{"0":"post-135366","1":"product","2":"type-product","3":"status-publish","4":"has-post-thumbnail","6":"product_cat-safaga-private-ausfluege","7":"product_cat-safaga-private-besichtigungstouren","8":"product_tag-ausflug","9":"product_tag-besichtigung","11":"first","12":"instock","13":"sale","14":"taxable","15":"shipping-taxable","16":"purchasable","17":"product-type-variable"},"yoast_head":"<!-- This site is optimized with the Yoast SEO Premium plugin v27.5 (Yoast SEO v27.5) - https:\/\/yoast.com\/product\/yoast-seo-premium-wordpress\/ -->\n<title>Kloster des Heiligen Antonius Tour Safaga<\/title>\n<meta name=\"description\" content=\"Kloster des Heiligen Antonius Tour Safaga ist ein spiritueller Tagesausflug zum Kloster des Heiligen Antonius von Safaga, \u00c4gypten! Wir empfehlen die Reise,\" \/>\n<meta name=\"robots\" content=\"index, follow, max-snippet:-1, max-image-preview:large, max-video-preview:-1\" \/>\n<link rel=\"canonical\" href=\"https:\/\/landioustravel.com\/de\/shop\/kloster-heiligen-antonius-tour-safaga\/\" \/>\n<meta property=\"og:locale\" content=\"de_DE\" \/>\n<meta property=\"og:type\" content=\"article\" \/>\n<meta property=\"og:title\" content=\"Kloster des Heiligen Antonius Tour Safaga\" \/>\n<meta property=\"og:description\" content=\"Landious Travel\" \/>\n<meta property=\"og:url\" content=\"https:\/\/landioustravel.com\/de\/shop\/kloster-heiligen-antonius-tour-safaga\/\" \/>\n<meta property=\"og:site_name\" content=\"Landious Travel\" \/>\n<meta property=\"article:publisher\" content=\"https:\/\/web.facebook.com\/landiousEgypt\" \/>\n<meta property=\"article:modified_time\" content=\"2023-06-18T15:34:36+00:00\" \/>\n<meta property=\"og:image\" content=\"https:\/\/landioustravel.com\/wp-content\/uploads\/2019\/06\/Monastery-of-Saint-Anthony-Trip-Hurghada-1-e1669073027555-1024x576.jpg\" \/>\n\t<meta property=\"og:image:width\" content=\"1024\" \/>\n\t<meta property=\"og:image:height\" content=\"576\" \/>\n\t<meta property=\"og:image:type\" content=\"image\/jpeg\" \/>\n<meta name=\"twitter:card\" content=\"summary_large_image\" \/>\n<meta name=\"twitter:site\" content=\"@LandiousTours\" \/>\n<meta name=\"twitter:label1\" content=\"Gesch\u00e4tzte Lesezeit\" \/>\n\t<meta name=\"twitter:data1\" content=\"4\u00a0Minuten\" \/>\n<script type=\"application\/ld+json\" class=\"yoast-schema-graph\">{\"@context\":\"https:\\\/\\\/schema.org\",\"@graph\":[{\"@type\":\"WebPage\",\"@id\":\"https:\\\/\\\/landioustravel.com\\\/de\\\/shop\\\/kloster-heiligen-antonius-tour-safaga\\\/\",\"url\":\"https:\\\/\\\/landioustravel.com\\\/de\\\/shop\\\/kloster-heiligen-antonius-tour-safaga\\\/\",\"name\":\"Kloster des Heiligen Antonius Tour Safaga\",\"isPartOf\":{\"@id\":\"https:\\\/\\\/landioustravel.com\\\/de\\\/#website\"},\"primaryImageOfPage\":{\"@id\":\"https:\\\/\\\/landioustravel.com\\\/de\\\/shop\\\/kloster-heiligen-antonius-tour-safaga\\\/#primaryimage\"},\"image\":{\"@id\":\"https:\\\/\\\/landioustravel.com\\\/de\\\/shop\\\/kloster-heiligen-antonius-tour-safaga\\\/#primaryimage\"},\"thumbnailUrl\":\"https:\\\/\\\/i0.wp.com\\\/landioustravel.com\\\/wp-content\\\/uploads\\\/2019\\\/06\\\/Monastery-of-Saint-Anthony-Trip-Hurghada-1-e1669073027555.jpg?fit=1200%2C675&ssl=1\",\"datePublished\":\"2023-01-30T21:48:11+00:00\",\"dateModified\":\"2023-06-18T15:34:36+00:00\",\"description\":\"Kloster des Heiligen Antonius Tour Safaga ist ein spiritueller Tagesausflug zum Kloster des Heiligen Antonius von Safaga, \u00c4gypten! Wir empfehlen die Reise,\",\"breadcrumb\":{\"@id\":\"https:\\\/\\\/landioustravel.com\\\/de\\\/shop\\\/kloster-heiligen-antonius-tour-safaga\\\/#breadcrumb\"},\"inLanguage\":\"de\",\"potentialAction\":[{\"@type\":\"ReadAction\",\"target\":[\"https:\\\/\\\/landioustravel.com\\\/de\\\/shop\\\/kloster-heiligen-antonius-tour-safaga\\\/\"]}]},{\"@type\":\"ImageObject\",\"inLanguage\":\"de\",\"@id\":\"https:\\\/\\\/landioustravel.com\\\/de\\\/shop\\\/kloster-heiligen-antonius-tour-safaga\\\/#primaryimage\",\"url\":\"https:\\\/\\\/i0.wp.com\\\/landioustravel.com\\\/wp-content\\\/uploads\\\/2019\\\/06\\\/Monastery-of-Saint-Anthony-Trip-Hurghada-1-e1669073027555.jpg?fit=1200%2C675&ssl=1\",\"contentUrl\":\"https:\\\/\\\/i0.wp.com\\\/landioustravel.com\\\/wp-content\\\/uploads\\\/2019\\\/06\\\/Monastery-of-Saint-Anthony-Trip-Hurghada-1-e1669073027555.jpg?fit=1200%2C675&ssl=1\",\"width\":1200,\"height\":675,\"caption\":\"Monastery of Saint Anthony Trip Hurghada\"},{\"@type\":\"BreadcrumbList\",\"@id\":\"https:\\\/\\\/landioustravel.com\\\/de\\\/shop\\\/kloster-heiligen-antonius-tour-safaga\\\/#breadcrumb\",\"itemListElement\":[{\"@type\":\"ListItem\",\"position\":1,\"name\":\"Home\",\"item\":\"https:\\\/\\\/landioustravel.com\\\/de\\\/\"},{\"@type\":\"ListItem\",\"position\":2,\"name\":\"\u00c4gypten Touren\",\"item\":\"https:\\\/\\\/landioustravel.com\\\/de\\\/\"},{\"@type\":\"ListItem\",\"position\":3,\"name\":\"Kloster des Heiligen Antonius Tour Safaga\"}]},{\"@type\":\"WebSite\",\"@id\":\"https:\\\/\\\/landioustravel.com\\\/de\\\/#website\",\"url\":\"https:\\\/\\\/landioustravel.com\\\/de\\\/\",\"name\":\"Landious Travel\",\"description\":\"Excursions, trips and cruises in Egypt\",\"publisher\":{\"@id\":\"https:\\\/\\\/landioustravel.com\\\/de\\\/#organization\"},\"potentialAction\":[{\"@type\":\"SearchAction\",\"target\":{\"@type\":\"EntryPoint\",\"urlTemplate\":\"https:\\\/\\\/landioustravel.com\\\/de\\\/?s={search_term_string}\"},\"query-input\":{\"@type\":\"PropertyValueSpecification\",\"valueRequired\":true,\"valueName\":\"search_term_string\"}}],\"inLanguage\":\"de\"},{\"@type\":[\"Organization\",\"Place\"],\"@id\":\"https:\\\/\\\/landioustravel.com\\\/de\\\/#organization\",\"name\":\"Landious Travel\",\"alternateName\":\"Landious Travel\",\"url\":\"https:\\\/\\\/landioustravel.com\\\/de\\\/\",\"logo\":{\"@id\":\"https:\\\/\\\/landioustravel.com\\\/de\\\/shop\\\/kloster-heiligen-antonius-tour-safaga\\\/#local-main-organization-logo\"},\"image\":{\"@id\":\"https:\\\/\\\/landioustravel.com\\\/de\\\/shop\\\/kloster-heiligen-antonius-tour-safaga\\\/#local-main-organization-logo\"},\"sameAs\":[\"https:\\\/\\\/web.facebook.com\\\/landiousEgypt\",\"https:\\\/\\\/x.com\\\/LandiousTours\",\"https:\\\/\\\/mastodon.social\\\/@landious\"],\"legalName\":\"Landious Travel\",\"telephone\":[],\"openingHoursSpecification\":[{\"@type\":\"OpeningHoursSpecification\",\"dayOfWeek\":[\"Monday\",\"Tuesday\",\"Wednesday\",\"Thursday\",\"Friday\",\"Saturday\",\"Sunday\"],\"opens\":\"09:00\",\"closes\":\"17:00\"}]},{\"@type\":\"ImageObject\",\"inLanguage\":\"de\",\"@id\":\"https:\\\/\\\/landioustravel.com\\\/de\\\/shop\\\/kloster-heiligen-antonius-tour-safaga\\\/#local-main-organization-logo\",\"url\":\"https:\\\/\\\/i0.wp.com\\\/landioustravel.com\\\/wp-content\\\/uploads\\\/2021\\\/06\\\/Landious-T.png?fit=500%2C500&ssl=1\",\"contentUrl\":\"https:\\\/\\\/i0.wp.com\\\/landioustravel.com\\\/wp-content\\\/uploads\\\/2021\\\/06\\\/Landious-T.png?fit=500%2C500&ssl=1\",\"width\":500,\"height\":500,\"caption\":\"Landious Travel\"}]}<\/script>\n<!-- \/ Yoast SEO Premium plugin. -->","yoast_head_json":{"title":"Kloster des Heiligen Antonius Tour Safaga","description":"Kloster des Heiligen Antonius Tour Safaga ist ein spiritueller Tagesausflug zum Kloster des Heiligen Antonius von Safaga, \u00c4gypten! Wir empfehlen die Reise,","robots":{"index":"index","follow":"follow","max-snippet":"max-snippet:-1","max-image-preview":"max-image-preview:large","max-video-preview":"max-video-preview:-1"},"canonical":"https:\/\/landioustravel.com\/de\/shop\/kloster-heiligen-antonius-tour-safaga\/","og_locale":"de_DE","og_type":"article","og_title":"Kloster des Heiligen Antonius Tour Safaga","og_description":"Landious Travel","og_url":"https:\/\/landioustravel.com\/de\/shop\/kloster-heiligen-antonius-tour-safaga\/","og_site_name":"Landious Travel","article_publisher":"https:\/\/web.facebook.com\/landiousEgypt","article_modified_time":"2023-06-18T15:34:36+00:00","og_image":[{"width":1024,"height":576,"url":"https:\/\/landioustravel.com\/wp-content\/uploads\/2019\/06\/Monastery-of-Saint-Anthony-Trip-Hurghada-1-e1669073027555-1024x576.jpg","type":"image\/jpeg"}],"twitter_card":"summary_large_image","twitter_site":"@LandiousTours","twitter_misc":{"Gesch\u00e4tzte Lesezeit":"4\u00a0Minuten"},"schema":{"@context":"https:\/\/schema.org","@graph":[{"@type":"WebPage","@id":"https:\/\/landioustravel.com\/de\/shop\/kloster-heiligen-antonius-tour-safaga\/","url":"https:\/\/landioustravel.com\/de\/shop\/kloster-heiligen-antonius-tour-safaga\/","name":"Kloster des Heiligen Antonius Tour Safaga","isPartOf":{"@id":"https:\/\/landioustravel.com\/de\/#website"},"primaryImageOfPage":{"@id":"https:\/\/landioustravel.com\/de\/shop\/kloster-heiligen-antonius-tour-safaga\/#primaryimage"},"image":{"@id":"https:\/\/landioustravel.com\/de\/shop\/kloster-heiligen-antonius-tour-safaga\/#primaryimage"},"thumbnailUrl":"https:\/\/i0.wp.com\/landioustravel.com\/wp-content\/uploads\/2019\/06\/Monastery-of-Saint-Anthony-Trip-Hurghada-1-e1669073027555.jpg?fit=1200%2C675&ssl=1","datePublished":"2023-01-30T21:48:11+00:00","dateModified":"2023-06-18T15:34:36+00:00","description":"Kloster des Heiligen Antonius Tour Safaga ist ein spiritueller Tagesausflug zum Kloster des Heiligen Antonius von Safaga, \u00c4gypten! Wir empfehlen die Reise,","breadcrumb":{"@id":"https:\/\/landioustravel.com\/de\/shop\/kloster-heiligen-antonius-tour-safaga\/#breadcrumb"},"inLanguage":"de","potentialAction":[{"@type":"ReadAction","target":["https:\/\/landioustravel.com\/de\/shop\/kloster-heiligen-antonius-tour-safaga\/"]}]},{"@type":"ImageObject","inLanguage":"de","@id":"https:\/\/landioustravel.com\/de\/shop\/kloster-heiligen-antonius-tour-safaga\/#primaryimage","url":"https:\/\/i0.wp.com\/landioustravel.com\/wp-content\/uploads\/2019\/06\/Monastery-of-Saint-Anthony-Trip-Hurghada-1-e1669073027555.jpg?fit=1200%2C675&ssl=1","contentUrl":"https:\/\/i0.wp.com\/landioustravel.com\/wp-content\/uploads\/2019\/06\/Monastery-of-Saint-Anthony-Trip-Hurghada-1-e1669073027555.jpg?fit=1200%2C675&ssl=1","width":1200,"height":675,"caption":"Monastery of Saint Anthony Trip Hurghada"},{"@type":"BreadcrumbList","@id":"https:\/\/landioustravel.com\/de\/shop\/kloster-heiligen-antonius-tour-safaga\/#breadcrumb","itemListElement":[{"@type":"ListItem","position":1,"name":"Home","item":"https:\/\/landioustravel.com\/de\/"},{"@type":"ListItem","position":2,"name":"\u00c4gypten Touren","item":"https:\/\/landioustravel.com\/de\/"},{"@type":"ListItem","position":3,"name":"Kloster des Heiligen Antonius Tour Safaga"}]},{"@type":"WebSite","@id":"https:\/\/landioustravel.com\/de\/#website","url":"https:\/\/landioustravel.com\/de\/","name":"Landious Travel","description":"Excursions, trips and cruises in Egypt","publisher":{"@id":"https:\/\/landioustravel.com\/de\/#organization"},"potentialAction":[{"@type":"SearchAction","target":{"@type":"EntryPoint","urlTemplate":"https:\/\/landioustravel.com\/de\/?s={search_term_string}"},"query-input":{"@type":"PropertyValueSpecification","valueRequired":true,"valueName":"search_term_string"}}],"inLanguage":"de"},{"@type":["Organization","Place"],"@id":"https:\/\/landioustravel.com\/de\/#organization","name":"Landious Travel","alternateName":"Landious Travel","url":"https:\/\/landioustravel.com\/de\/","logo":{"@id":"https:\/\/landioustravel.com\/de\/shop\/kloster-heiligen-antonius-tour-safaga\/#local-main-organization-logo"},"image":{"@id":"https:\/\/landioustravel.com\/de\/shop\/kloster-heiligen-antonius-tour-safaga\/#local-main-organization-logo"},"sameAs":["https:\/\/web.facebook.com\/landiousEgypt","https:\/\/x.com\/LandiousTours","https:\/\/mastodon.social\/@landious"],"legalName":"Landious Travel","telephone":[],"openingHoursSpecification":[{"@type":"OpeningHoursSpecification","dayOfWeek":["Monday","Tuesday","Wednesday","Thursday","Friday","Saturday","Sunday"],"opens":"09:00","closes":"17:00"}]},{"@type":"ImageObject","inLanguage":"de","@id":"https:\/\/landioustravel.com\/de\/shop\/kloster-heiligen-antonius-tour-safaga\/#local-main-organization-logo","url":"https:\/\/i0.wp.com\/landioustravel.com\/wp-content\/uploads\/2021\/06\/Landious-T.png?fit=500%2C500&ssl=1","contentUrl":"https:\/\/i0.wp.com\/landioustravel.com\/wp-content\/uploads\/2021\/06\/Landious-T.png?fit=500%2C500&ssl=1","width":500,"height":500,"caption":"Landious Travel"}]}},"jetpack_publicize_connections":[],"uagb_featured_image_src":{"full":["https:\/\/i0.wp.com\/landioustravel.com\/wp-content\/uploads\/2019\/06\/Monastery-of-Saint-Anthony-Trip-Hurghada-1-e1669073027555.jpg?fit=1200%2C675&ssl=1",1200,675,false],"thumbnail":["https:\/\/i0.wp.com\/landioustravel.com\/wp-content\/uploads\/2019\/06\/Monastery-of-Saint-Anthony-Trip-Hurghada-1-e1669073027555.jpg?resize=150%2C150&ssl=1",150,150,true],"medium":["https:\/\/i0.wp.com\/landioustravel.com\/wp-content\/uploads\/2019\/06\/Monastery-of-Saint-Anthony-Trip-Hurghada-1-e1669073027555.jpg?fit=300%2C169&ssl=1",300,169,true],"medium_large":["https:\/\/i0.wp.com\/landioustravel.com\/wp-content\/uploads\/2019\/06\/Monastery-of-Saint-Anthony-Trip-Hurghada-1-e1669073027555.jpg?fit=768%2C432&ssl=1",768,432,true],"large":["https:\/\/i0.wp.com\/landioustravel.com\/wp-content\/uploads\/2019\/06\/Monastery-of-Saint-Anthony-Trip-Hurghada-1-e1669073027555.jpg?fit=980%2C551&ssl=1",980,551,true],"1536x1536":["https:\/\/i0.wp.com\/landioustravel.com\/wp-content\/uploads\/2019\/06\/Monastery-of-Saint-Anthony-Trip-Hurghada-1-e1669073027555.jpg?fit=1536%2C864&ssl=1",1536,864,true],"2048x2048":["https:\/\/i0.wp.com\/landioustravel.com\/wp-content\/uploads\/2019\/06\/Monastery-of-Saint-Anthony-Trip-Hurghada-1-e1669073027555.jpg?fit=2048%2C1152&ssl=1",2048,1152,true],"newspack-article-block-landscape-large":["https:\/\/i0.wp.com\/landioustravel.com\/wp-content\/uploads\/2019\/06\/Monastery-of-Saint-Anthony-Trip-Hurghada-1-e1669073027555.jpg?resize=1200%2C675&ssl=1",1200,675,true],"newspack-article-block-portrait-large":["https:\/\/i0.wp.com\/landioustravel.com\/wp-content\/uploads\/2019\/06\/Monastery-of-Saint-Anthony-Trip-Hurghada-1-e1669073027555.jpg?resize=900%2C675&ssl=1",900,675,true],"newspack-article-block-square-large":["https:\/\/i0.wp.com\/landioustravel.com\/wp-content\/uploads\/2019\/06\/Monastery-of-Saint-Anthony-Trip-Hurghada-1-e1669073027555.jpg?resize=1200%2C675&ssl=1",1200,675,true],"newspack-article-block-landscape-medium":["https:\/\/i0.wp.com\/landioustravel.com\/wp-content\/uploads\/2019\/06\/Monastery-of-Saint-Anthony-Trip-Hurghada-1-e1669073027555.jpg?resize=800%2C600&ssl=1",800,600,true],"newspack-article-block-portrait-medium":["https:\/\/i0.wp.com\/landioustravel.com\/wp-content\/uploads\/2019\/06\/Monastery-of-Saint-Anthony-Trip-Hurghada-1-e1669073027555.jpg?resize=600%2C675&ssl=1",600,675,true],"newspack-article-block-square-medium":["https:\/\/i0.wp.com\/landioustravel.com\/wp-content\/uploads\/2019\/06\/Monastery-of-Saint-Anthony-Trip-Hurghada-1-e1669073027555.jpg?resize=800%2C675&ssl=1",800,675,true],"newspack-article-block-landscape-intermediate":["https:\/\/i0.wp.com\/landioustravel.com\/wp-content\/uploads\/2019\/06\/Monastery-of-Saint-Anthony-Trip-Hurghada-1-e1669073027555.jpg?resize=600%2C450&ssl=1",600,450,true],"newspack-article-block-portrait-intermediate":["https:\/\/i0.wp.com\/landioustravel.com\/wp-content\/uploads\/2019\/06\/Monastery-of-Saint-Anthony-Trip-Hurghada-1-e1669073027555.jpg?resize=450%2C600&ssl=1",450,600,true],"newspack-article-block-square-intermediate":["https:\/\/i0.wp.com\/landioustravel.com\/wp-content\/uploads\/2019\/06\/Monastery-of-Saint-Anthony-Trip-Hurghada-1-e1669073027555.jpg?resize=600%2C600&ssl=1",600,600,true],"newspack-article-block-landscape-small":["https:\/\/i0.wp.com\/landioustravel.com\/wp-content\/uploads\/2019\/06\/Monastery-of-Saint-Anthony-Trip-Hurghada-1-e1669073027555.jpg?resize=400%2C300&ssl=1",400,300,true],"newspack-article-block-portrait-small":["https:\/\/i0.wp.com\/landioustravel.com\/wp-content\/uploads\/2019\/06\/Monastery-of-Saint-Anthony-Trip-Hurghada-1-e1669073027555.jpg?resize=300%2C400&ssl=1",300,400,true],"newspack-article-block-square-small":["https:\/\/i0.wp.com\/landioustravel.com\/wp-content\/uploads\/2019\/06\/Monastery-of-Saint-Anthony-Trip-Hurghada-1-e1669073027555.jpg?resize=400%2C400&ssl=1",400,400,true],"newspack-article-block-landscape-tiny":["https:\/\/i0.wp.com\/landioustravel.com\/wp-content\/uploads\/2019\/06\/Monastery-of-Saint-Anthony-Trip-Hurghada-1-e1669073027555.jpg?resize=200%2C150&ssl=1",200,150,true],"newspack-article-block-portrait-tiny":["https:\/\/i0.wp.com\/landioustravel.com\/wp-content\/uploads\/2019\/06\/Monastery-of-Saint-Anthony-Trip-Hurghada-1-e1669073027555.jpg?resize=150%2C200&ssl=1",150,200,true],"newspack-article-block-square-tiny":["https:\/\/i0.wp.com\/landioustravel.com\/wp-content\/uploads\/2019\/06\/Monastery-of-Saint-Anthony-Trip-Hurghada-1-e1669073027555.jpg?resize=200%2C200&ssl=1",200,200,true],"newspack-article-block-uncropped":["https:\/\/i0.wp.com\/landioustravel.com\/wp-content\/uploads\/2019\/06\/Monastery-of-Saint-Anthony-Trip-Hurghada-1-e1669073027555.jpg?fit=1200%2C675&ssl=1",1200,675,true],"woocommerce_thumbnail":["https:\/\/i0.wp.com\/landioustravel.com\/wp-content\/uploads\/2019\/06\/Monastery-of-Saint-Anthony-Trip-Hurghada-1-e1669073027555.jpg?resize=324%2C324&ssl=1",324,324,true],"woocommerce_single":["https:\/\/i0.wp.com\/landioustravel.com\/wp-content\/uploads\/2019\/06\/Monastery-of-Saint-Anthony-Trip-Hurghada-1-e1669073027555.jpg?fit=416%2C234&ssl=1",416,234,true],"woocommerce_gallery_thumbnail":["https:\/\/i0.wp.com\/landioustravel.com\/wp-content\/uploads\/2019\/06\/Monastery-of-Saint-Anthony-Trip-Hurghada-1-e1669073027555.jpg?resize=100%2C100&ssl=1",100,100,true]},"uagb_author_info":{"display_name":"Mofreh Landious","author_link":"https:\/\/landioustravel.com\/de\/author\/"},"uagb_comment_info":0,"uagb_excerpt":"Begeben Sie sich auf einen individuellen Ausflug zum Kloster St. Antonius, wo Sie das \u00e4lteste koptische Kloster \u00c4gyptens entdecken. Bewundern Sie die au\u00dfergew\u00f6hnlichen Wandgem\u00e4lde, die heilige Ritter in lebendigen Farbt\u00f6nen und die Einsiedlergr\u00fcnder in ged\u00e4mpfteren Farbt\u00f6nen und Symbolen darstellen. G\u00f6nnen Sie sich nach der Tour ein k\u00f6stliches Mittagessen, bevor Sie Ihre Reise zum Kloster St.&hellip;","jetpack_sharing_enabled":true,"jetpack_likes_enabled":true,"amp_enabled":true,"_links":{"self":[{"href":"https:\/\/landioustravel.com\/de\/wp-json\/wp\/v2\/product\/135366","targetHints":{"allow":["GET"]}}],"collection":[{"href":"https:\/\/landioustravel.com\/de\/wp-json\/wp\/v2\/product"}],"about":[{"href":"https:\/\/landioustravel.com\/de\/wp-json\/wp\/v2\/types\/product"}],"replies":[{"embeddable":true,"href":"https:\/\/landioustravel.com\/de\/wp-json\/wp\/v2\/comments?post=135366"}],"wp:featuredmedia":[{"embeddable":true,"href":"https:\/\/landioustravel.com\/de\/wp-json\/wp\/v2\/media\/99002"}],"wp:attachment":[{"href":"https:\/\/landioustravel.com\/de\/wp-json\/wp\/v2\/media?parent=135366"}],"wp:term":[{"taxonomy":"product_brand","embeddable":true,"href":"https:\/\/landioustravel.com\/de\/wp-json\/wp\/v2\/product_brand?post=135366"},{"taxonomy":"product_cat","embeddable":true,"href":"https:\/\/landioustravel.com\/de\/wp-json\/wp\/v2\/product_cat?post=135366"},{"taxonomy":"product_tag","embeddable":true,"href":"https:\/\/landioustravel.com\/de\/wp-json\/wp\/v2\/product_tag?post=135366"}],"curies":[{"name":"wp","href":"https:\/\/api.w.org\/{rel}","templated":true}]}}