{"id":135370,"date":"2022-12-26T00:31:22","date_gmt":"2023-01-30T22:30:24","guid":{"rendered":"https:\/\/landioustravel.com\/?post_type=product&#038;p=135370"},"modified":"2023-06-18T17:39:19","modified_gmt":"2023-06-18T15:39:19","slug":"minya-private-tour-von-safaga","status":"publish","type":"product","link":"https:\/\/landioustravel.com\/de\/shop\/minya-private-tour-von-safaga\/","title":{"rendered":"El Minya Private Tour von Safaga"},"content":{"rendered":"<p><strong>El Minya Private Tour Safaga<\/strong> ist eine informative private Tagestour nach El Minya von Safaga, \u00c4gypten! Wir empfehlen die Reise, weil sie es Touristen erm\u00f6glicht, viele alt\u00e4gyptische Sehensw\u00fcrdigkeiten zu sehen. Au\u00dferdem erfahren Sie viel \u00fcber die Geschichte des alten \u00c4gypten!<\/p>\n<h2>H\u00f6hepunkte der individuellen El Minya-Reise von Safaga<\/h2>\n<ul>\n<li>Thunfisch El-Gabel.<\/li>\n<li>Sag Al Amarna.<\/li>\n<li>Mittagessen in einem Restaurant.<\/li>\n<li>Auch die Gr\u00e4ber von Beni Hassan.<\/li>\n<\/ul>\n<h2>Programm der El-Minya Tour<\/h2>\n<ul>\n<li>Der Vertreter von Landious Travel holt Sie gegen 04:00 Uhr vom Hotel in Hurghada ab.<\/li>\n<li>Nach der Abholung f\u00e4hrt der Bus (Limousine oder Minibus) nach El-Minya. Als n\u00e4chstes passiert Ihr Bus die St\u00e4dte Ras Shukeir und Ras Ghareb auf dem Weg nach El Minya. Diese St\u00e4dte liegen n\u00f6rdlich von Hurghada an der K\u00fcste des Roten Meeres. Die Strecke vom Zentrum von Hurghada nach El-Minya dauert etwa 5 Stunden.<\/li>\n<\/ul>\n<h3>Beni-Hassan-Gr\u00e4ber<\/h3>\n<ul>\n<li>Sobald Sie in El Minya ankommen, begeben Sie sich zu den Gr\u00e4bern von Beni Hassan. Es ist der Ort von fast 40 Bestattungen aus der 11. und 12. Dynastie. Die ber\u00fchmtesten Gr\u00e4ber unter ihnen sind wie folgt:<\/li>\n<li>Das Grab geh\u00f6rt Baqet, der Gouverneur und Soldat war.<\/li>\n<li>Der zweite geh\u00f6rt seinem Sohn \u2013 Khety.<\/li>\n<li>Au\u00dferdem geh\u00f6rt der dritte zu Amenemhat.<\/li>\n<li>Der vierte Tom geh\u00f6rt jedoch Khunumhotep, dem Nachfolger von K\u00f6nig Amenemhat.<\/li>\n<li>Die n\u00e4chste Station ist das Restaurant. Dort k\u00f6nnen Sie ein leckeres Mittagessen genie\u00dfen.<\/li>\n<li>Anschlie\u00dfend setzen Sie diese individuelle Reise im Gebiet von Tuna El Gabel fort. Es war das kulturelle Zentrum, in dem Pilger Gott Thoth huldigten.<\/li>\n<li>Sagen Sie der Stadt El Amarna Bescheid<\/li>\n<li>Danach fahren Sie weiter nach Tel El Amarna. K\u00f6nig Echnaton und seine Frau, K\u00f6nigin Nofretete, gr\u00fcndeten diese Stadt f\u00fcr den Gott Aton.<\/li>\n<\/ul>\n<h3>Abfahrt<\/h3>\n<ul>\n<li>Schlie\u00dflich f\u00e4hrt unser Bus nach einem solchen Programm in der wundersch\u00f6nen Stadt El Minya zur\u00fcck nach Safaga.<\/li>\n<li>Diese private Tour von Safaga nach El Minya endet gegen 20:00 Uhr.<\/li>\n<\/ul>\n<h2>Was beinhaltet der Preis der El Minya Individualreise Safaga?<\/h2>\n<ul>\n<li>Der Preis beinhaltet Tickets f\u00fcr den Besuch der Tempel in El-Minya.<\/li>\n<li>Mittagessen.<\/li>\n<li>Getr\u00e4nke.<\/li>\n<li>Privater F\u00fchrer.<\/li>\n<li>Auch ein privates Fahrzeug nach El-Minya und zur\u00fcck zum Hotel.<\/li>\n<\/ul>\n<h2>Was beinhaltet das Programm der El Minya Individualreise Safaga nicht?<\/h2>\n<ul>\n<li>Zus\u00e4tzliche Ausflugsprogramme, sofern nicht im oben genannten Programm enthalten.<\/li>\n<\/ul>\n<h2>Was nehmen Sie f\u00fcr die Tour mit?<\/h2>\n<ul>\n<li>Fr\u00fchst\u00fccksbox.<\/li>\n<li>Tragen Sie auch geeignete Kleidung f\u00fcr die Jahreszeit.<\/li>\n<\/ul>\n<h2>El Minya Individuelle Reise Safaga Buchungstage<\/h2>\n<ul>\n<li>T\u00e4glich von 04:00 \u2013 20:00 Uhr.<\/li>\n<\/ul>\n","protected":false},"excerpt":{"rendered":"<p>Haben Sie schon einmal von Al Minya in \u00c4gypten geh\u00f6rt? Es ist eine faszinierende arch\u00e4ologische St\u00e4tte, die Sie nicht verpassen sollten! W\u00e4hrend eines privaten Tagesausflugs von Safaga aus besuchen Sie Tell El Amarna, die einstige Hauptstadt des Ketzerk\u00f6nigs Echnaton. Erkunden Sie anschlie\u00dfend die Gr\u00e4ber hoher Beamter w\u00e4hrend seiner Herrschaft und besuchen Sie sogar das K\u00f6nigsgrab von K\u00f6nig Echnaton selbst. Aber das ist nicht alles; Sie werden auch Bani Hassan sehen, ein kleines Dorf mit beeindruckenden Herrschergr\u00e4bern aus dem Reich der Mitte. Und vergessen Sie nicht Tuna El Gebel, den alten Friedhof mit dem Grab von Petosiris, dem Hohepriester von Thoth, und dem Grab von Isadora. Lassen Sie Ihren Tag mit einem sp\u00e4ten Mittagessen in einem lokalen Restaurant ausklingen. Im Reisepreis ist alles enthalten, von Eintrittsgeldern und Transfers bis hin zu einem privaten englischsprachigen \u00c4gyptologenf\u00fchrer. Au\u00dferdem erhalten Sie Mineralwasser und alle Steuern und Servicegeb\u00fchren werden \u00fcbernommen. Also, was sagst du? Sind Sie bereit, Al-Minya zu erkunden?<\/p>\n","protected":false},"featured_media":133150,"comment_status":"open","ping_status":"closed","template":"","meta":{"_coblocks_attr":"","_coblocks_dimensions":"","_coblocks_responsive_height":"","_coblocks_accordion_ie_support":"","_uag_custom_page_level_css":"","jetpack_post_was_ever_published":false,"jetpack_publicize_message":"","jetpack_publicize_feature_enabled":true,"jetpack_social_post_already_shared":true,"jetpack_social_options":{"image_generator_settings":{"template":"highway","default_image_id":0,"font":"","enabled":false},"version":2},"_wpas_customize_per_network":false},"product_brand":[],"product_cat":[20139,22089],"product_tag":[1653,9906],"class_list":{"0":"post-135370","1":"product","2":"type-product","3":"status-publish","4":"has-post-thumbnail","6":"product_cat-safaga-private-ausfluege","7":"product_cat-safaga-private-besichtigungstouren","8":"product_tag-ausflug","9":"product_tag-besichtigung","11":"first","12":"instock","13":"sale","14":"taxable","15":"shipping-taxable","16":"purchasable","17":"product-type-variable"},"yoast_head":"<!-- This site is optimized with the Yoast SEO Premium plugin v26.9 (Yoast SEO v27.3) - https:\/\/yoast.com\/product\/yoast-seo-premium-wordpress\/ -->\n<title>El Minya Private Tour von Safaga<\/title>\n<meta name=\"description\" content=\"El Minya Private Tour von Safaga ist eine informative private Tagestour nach El Minya von Safaga, \u00c4gypten! Wir empfehlen die Reise, weil sie es Touristen\" \/>\n<meta name=\"robots\" content=\"index, follow, max-snippet:-1, max-image-preview:large, max-video-preview:-1\" \/>\n<link rel=\"canonical\" href=\"https:\/\/landioustravel.com\/de\/shop\/minya-private-tour-von-safaga\/\" \/>\n<meta property=\"og:locale\" content=\"de_DE\" \/>\n<meta property=\"og:type\" content=\"article\" \/>\n<meta property=\"og:title\" content=\"El Minya Private Tour von Safaga\" \/>\n<meta property=\"og:description\" content=\"Landious Travel\" \/>\n<meta property=\"og:url\" content=\"https:\/\/landioustravel.com\/de\/shop\/minya-private-tour-von-safaga\/\" \/>\n<meta property=\"og:site_name\" content=\"Landious Travel\" \/>\n<meta property=\"article:publisher\" content=\"https:\/\/web.facebook.com\/landiousEgypt\" \/>\n<meta property=\"article:modified_time\" content=\"2023-06-18T15:39:19+00:00\" \/>\n<meta property=\"og:image\" content=\"https:\/\/i0.wp.com\/landioustravel.com\/wp-content\/uploads\/2022\/12\/El-Minya-Private-Tour-Safaga-e1672006579222.jpg?fit=1200%2C675&ssl=1\" \/>\n\t<meta property=\"og:image:width\" content=\"1200\" \/>\n\t<meta property=\"og:image:height\" content=\"675\" \/>\n\t<meta property=\"og:image:type\" content=\"image\/jpeg\" \/>\n<meta name=\"twitter:card\" content=\"summary_large_image\" \/>\n<meta name=\"twitter:site\" content=\"@LandiousTours\" \/>\n<meta name=\"twitter:label1\" content=\"Gesch\u00e4tzte Lesezeit\" \/>\n\t<meta name=\"twitter:data1\" content=\"2\u00a0Minuten\" \/>\n<script type=\"application\/ld+json\" class=\"yoast-schema-graph\">{\"@context\":\"https:\\\/\\\/schema.org\",\"@graph\":[{\"@type\":\"WebPage\",\"@id\":\"https:\\\/\\\/landioustravel.com\\\/de\\\/shop\\\/minya-private-tour-von-safaga\\\/\",\"url\":\"https:\\\/\\\/landioustravel.com\\\/de\\\/shop\\\/minya-private-tour-von-safaga\\\/\",\"name\":\"El Minya Private Tour von Safaga\",\"isPartOf\":{\"@id\":\"https:\\\/\\\/landioustravel.com\\\/de\\\/#website\"},\"primaryImageOfPage\":{\"@id\":\"https:\\\/\\\/landioustravel.com\\\/de\\\/shop\\\/minya-private-tour-von-safaga\\\/#primaryimage\"},\"image\":{\"@id\":\"https:\\\/\\\/landioustravel.com\\\/de\\\/shop\\\/minya-private-tour-von-safaga\\\/#primaryimage\"},\"thumbnailUrl\":\"https:\\\/\\\/i0.wp.com\\\/landioustravel.com\\\/wp-content\\\/uploads\\\/2022\\\/12\\\/El-Minya-Private-Tour-Safaga-e1672006579222.jpg?fit=1200%2C675&ssl=1\",\"datePublished\":\"2023-01-30T22:30:24+00:00\",\"dateModified\":\"2023-06-18T15:39:19+00:00\",\"description\":\"El Minya Private Tour von Safaga ist eine informative private Tagestour nach El Minya von Safaga, \u00c4gypten! Wir empfehlen die Reise, weil sie es Touristen\",\"breadcrumb\":{\"@id\":\"https:\\\/\\\/landioustravel.com\\\/de\\\/shop\\\/minya-private-tour-von-safaga\\\/#breadcrumb\"},\"inLanguage\":\"de\",\"potentialAction\":[{\"@type\":\"ReadAction\",\"target\":[\"https:\\\/\\\/landioustravel.com\\\/de\\\/shop\\\/minya-private-tour-von-safaga\\\/\"]}]},{\"@type\":\"ImageObject\",\"inLanguage\":\"de\",\"@id\":\"https:\\\/\\\/landioustravel.com\\\/de\\\/shop\\\/minya-private-tour-von-safaga\\\/#primaryimage\",\"url\":\"https:\\\/\\\/i0.wp.com\\\/landioustravel.com\\\/wp-content\\\/uploads\\\/2022\\\/12\\\/El-Minya-Private-Tour-Safaga-e1672006579222.jpg?fit=1200%2C675&ssl=1\",\"contentUrl\":\"https:\\\/\\\/i0.wp.com\\\/landioustravel.com\\\/wp-content\\\/uploads\\\/2022\\\/12\\\/El-Minya-Private-Tour-Safaga-e1672006579222.jpg?fit=1200%2C675&ssl=1\",\"width\":1200,\"height\":675,\"caption\":\"El Minya Private Tour Safaga\"},{\"@type\":\"BreadcrumbList\",\"@id\":\"https:\\\/\\\/landioustravel.com\\\/de\\\/shop\\\/minya-private-tour-von-safaga\\\/#breadcrumb\",\"itemListElement\":[{\"@type\":\"ListItem\",\"position\":1,\"name\":\"Home\",\"item\":\"https:\\\/\\\/landioustravel.com\\\/de\\\/\"},{\"@type\":\"ListItem\",\"position\":2,\"name\":\"\u00c4gypten Touren\",\"item\":\"https:\\\/\\\/landioustravel.com\\\/de\\\/\"},{\"@type\":\"ListItem\",\"position\":3,\"name\":\"El Minya Private Tour von Safaga\"}]},{\"@type\":\"WebSite\",\"@id\":\"https:\\\/\\\/landioustravel.com\\\/de\\\/#website\",\"url\":\"https:\\\/\\\/landioustravel.com\\\/de\\\/\",\"name\":\"Landious Travel\",\"description\":\"Excursions, trips and cruises in Egypt\",\"publisher\":{\"@id\":\"https:\\\/\\\/landioustravel.com\\\/de\\\/#organization\"},\"potentialAction\":[{\"@type\":\"SearchAction\",\"target\":{\"@type\":\"EntryPoint\",\"urlTemplate\":\"https:\\\/\\\/landioustravel.com\\\/de\\\/?s={search_term_string}\"},\"query-input\":{\"@type\":\"PropertyValueSpecification\",\"valueRequired\":true,\"valueName\":\"search_term_string\"}}],\"inLanguage\":\"de\"},{\"@type\":[\"Organization\",\"Place\"],\"@id\":\"https:\\\/\\\/landioustravel.com\\\/de\\\/#organization\",\"name\":\"Landious Travel\",\"alternateName\":\"Landious Travel\",\"url\":\"https:\\\/\\\/landioustravel.com\\\/de\\\/\",\"logo\":{\"@id\":\"https:\\\/\\\/landioustravel.com\\\/de\\\/shop\\\/minya-private-tour-von-safaga\\\/#local-main-organization-logo\"},\"image\":{\"@id\":\"https:\\\/\\\/landioustravel.com\\\/de\\\/shop\\\/minya-private-tour-von-safaga\\\/#local-main-organization-logo\"},\"sameAs\":[\"https:\\\/\\\/web.facebook.com\\\/landiousEgypt\",\"https:\\\/\\\/x.com\\\/LandiousTours\",\"https:\\\/\\\/mastodon.social\\\/@landious\"],\"legalName\":\"Landious Travel\",\"telephone\":[],\"openingHoursSpecification\":[{\"@type\":\"OpeningHoursSpecification\",\"dayOfWeek\":[\"Monday\",\"Tuesday\",\"Wednesday\",\"Thursday\",\"Friday\",\"Saturday\",\"Sunday\"],\"opens\":\"09:00\",\"closes\":\"17:00\"}]},{\"@type\":\"ImageObject\",\"inLanguage\":\"de\",\"@id\":\"https:\\\/\\\/landioustravel.com\\\/de\\\/shop\\\/minya-private-tour-von-safaga\\\/#local-main-organization-logo\",\"url\":\"https:\\\/\\\/i0.wp.com\\\/landioustravel.com\\\/wp-content\\\/uploads\\\/2021\\\/06\\\/Landious-T.png?fit=500%2C500&ssl=1\",\"contentUrl\":\"https:\\\/\\\/i0.wp.com\\\/landioustravel.com\\\/wp-content\\\/uploads\\\/2021\\\/06\\\/Landious-T.png?fit=500%2C500&ssl=1\",\"width\":500,\"height\":500,\"caption\":\"Landious Travel\"}]}<\/script>\n<!-- \/ Yoast SEO Premium plugin. -->","yoast_head_json":{"title":"El Minya Private Tour von Safaga","description":"El Minya Private Tour von Safaga ist eine informative private Tagestour nach El Minya von Safaga, \u00c4gypten! Wir empfehlen die Reise, weil sie es Touristen","robots":{"index":"index","follow":"follow","max-snippet":"max-snippet:-1","max-image-preview":"max-image-preview:large","max-video-preview":"max-video-preview:-1"},"canonical":"https:\/\/landioustravel.com\/de\/shop\/minya-private-tour-von-safaga\/","og_locale":"de_DE","og_type":"article","og_title":"El Minya Private Tour von Safaga","og_description":"Landious Travel","og_url":"https:\/\/landioustravel.com\/de\/shop\/minya-private-tour-von-safaga\/","og_site_name":"Landious Travel","article_publisher":"https:\/\/web.facebook.com\/landiousEgypt","article_modified_time":"2023-06-18T15:39:19+00:00","og_image":[{"width":1200,"height":675,"url":"https:\/\/i0.wp.com\/landioustravel.com\/wp-content\/uploads\/2022\/12\/El-Minya-Private-Tour-Safaga-e1672006579222.jpg?fit=1200%2C675&ssl=1","type":"image\/jpeg"}],"twitter_card":"summary_large_image","twitter_site":"@LandiousTours","twitter_misc":{"Gesch\u00e4tzte Lesezeit":"2\u00a0Minuten"},"schema":{"@context":"https:\/\/schema.org","@graph":[{"@type":"WebPage","@id":"https:\/\/landioustravel.com\/de\/shop\/minya-private-tour-von-safaga\/","url":"https:\/\/landioustravel.com\/de\/shop\/minya-private-tour-von-safaga\/","name":"El Minya Private Tour von Safaga","isPartOf":{"@id":"https:\/\/landioustravel.com\/de\/#website"},"primaryImageOfPage":{"@id":"https:\/\/landioustravel.com\/de\/shop\/minya-private-tour-von-safaga\/#primaryimage"},"image":{"@id":"https:\/\/landioustravel.com\/de\/shop\/minya-private-tour-von-safaga\/#primaryimage"},"thumbnailUrl":"https:\/\/i0.wp.com\/landioustravel.com\/wp-content\/uploads\/2022\/12\/El-Minya-Private-Tour-Safaga-e1672006579222.jpg?fit=1200%2C675&ssl=1","datePublished":"2023-01-30T22:30:24+00:00","dateModified":"2023-06-18T15:39:19+00:00","description":"El Minya Private Tour von Safaga ist eine informative private Tagestour nach El Minya von Safaga, \u00c4gypten! Wir empfehlen die Reise, weil sie es Touristen","breadcrumb":{"@id":"https:\/\/landioustravel.com\/de\/shop\/minya-private-tour-von-safaga\/#breadcrumb"},"inLanguage":"de","potentialAction":[{"@type":"ReadAction","target":["https:\/\/landioustravel.com\/de\/shop\/minya-private-tour-von-safaga\/"]}]},{"@type":"ImageObject","inLanguage":"de","@id":"https:\/\/landioustravel.com\/de\/shop\/minya-private-tour-von-safaga\/#primaryimage","url":"https:\/\/i0.wp.com\/landioustravel.com\/wp-content\/uploads\/2022\/12\/El-Minya-Private-Tour-Safaga-e1672006579222.jpg?fit=1200%2C675&ssl=1","contentUrl":"https:\/\/i0.wp.com\/landioustravel.com\/wp-content\/uploads\/2022\/12\/El-Minya-Private-Tour-Safaga-e1672006579222.jpg?fit=1200%2C675&ssl=1","width":1200,"height":675,"caption":"El Minya Private Tour Safaga"},{"@type":"BreadcrumbList","@id":"https:\/\/landioustravel.com\/de\/shop\/minya-private-tour-von-safaga\/#breadcrumb","itemListElement":[{"@type":"ListItem","position":1,"name":"Home","item":"https:\/\/landioustravel.com\/de\/"},{"@type":"ListItem","position":2,"name":"\u00c4gypten Touren","item":"https:\/\/landioustravel.com\/de\/"},{"@type":"ListItem","position":3,"name":"El Minya Private Tour von Safaga"}]},{"@type":"WebSite","@id":"https:\/\/landioustravel.com\/de\/#website","url":"https:\/\/landioustravel.com\/de\/","name":"Landious Travel","description":"Excursions, trips and cruises in Egypt","publisher":{"@id":"https:\/\/landioustravel.com\/de\/#organization"},"potentialAction":[{"@type":"SearchAction","target":{"@type":"EntryPoint","urlTemplate":"https:\/\/landioustravel.com\/de\/?s={search_term_string}"},"query-input":{"@type":"PropertyValueSpecification","valueRequired":true,"valueName":"search_term_string"}}],"inLanguage":"de"},{"@type":["Organization","Place"],"@id":"https:\/\/landioustravel.com\/de\/#organization","name":"Landious Travel","alternateName":"Landious Travel","url":"https:\/\/landioustravel.com\/de\/","logo":{"@id":"https:\/\/landioustravel.com\/de\/shop\/minya-private-tour-von-safaga\/#local-main-organization-logo"},"image":{"@id":"https:\/\/landioustravel.com\/de\/shop\/minya-private-tour-von-safaga\/#local-main-organization-logo"},"sameAs":["https:\/\/web.facebook.com\/landiousEgypt","https:\/\/x.com\/LandiousTours","https:\/\/mastodon.social\/@landious"],"legalName":"Landious Travel","telephone":[],"openingHoursSpecification":[{"@type":"OpeningHoursSpecification","dayOfWeek":["Monday","Tuesday","Wednesday","Thursday","Friday","Saturday","Sunday"],"opens":"09:00","closes":"17:00"}]},{"@type":"ImageObject","inLanguage":"de","@id":"https:\/\/landioustravel.com\/de\/shop\/minya-private-tour-von-safaga\/#local-main-organization-logo","url":"https:\/\/i0.wp.com\/landioustravel.com\/wp-content\/uploads\/2021\/06\/Landious-T.png?fit=500%2C500&ssl=1","contentUrl":"https:\/\/i0.wp.com\/landioustravel.com\/wp-content\/uploads\/2021\/06\/Landious-T.png?fit=500%2C500&ssl=1","width":500,"height":500,"caption":"Landious Travel"}]}},"jetpack_publicize_connections":[],"uagb_featured_image_src":{"full":["https:\/\/i0.wp.com\/landioustravel.com\/wp-content\/uploads\/2022\/12\/El-Minya-Private-Tour-Safaga-e1672006579222.jpg?fit=1200%2C675&ssl=1",1200,675,false],"thumbnail":["https:\/\/i0.wp.com\/landioustravel.com\/wp-content\/uploads\/2022\/12\/El-Minya-Private-Tour-Safaga-e1672006579222.jpg?resize=150%2C150&ssl=1",150,150,true],"medium":["https:\/\/i0.wp.com\/landioustravel.com\/wp-content\/uploads\/2022\/12\/El-Minya-Private-Tour-Safaga-e1672006579222.jpg?fit=300%2C169&ssl=1",300,169,true],"medium_large":["https:\/\/i0.wp.com\/landioustravel.com\/wp-content\/uploads\/2022\/12\/El-Minya-Private-Tour-Safaga-e1672006579222.jpg?fit=768%2C432&ssl=1",768,432,true],"large":["https:\/\/i0.wp.com\/landioustravel.com\/wp-content\/uploads\/2022\/12\/El-Minya-Private-Tour-Safaga-e1672006579222.jpg?fit=980%2C551&ssl=1",980,551,true],"1536x1536":["https:\/\/i0.wp.com\/landioustravel.com\/wp-content\/uploads\/2022\/12\/El-Minya-Private-Tour-Safaga-e1672006579222.jpg?fit=1536%2C864&ssl=1",1536,864,true],"2048x2048":["https:\/\/i0.wp.com\/landioustravel.com\/wp-content\/uploads\/2022\/12\/El-Minya-Private-Tour-Safaga-e1672006579222.jpg?fit=1200%2C675&ssl=1",1200,675,true],"newspack-article-block-landscape-large":["https:\/\/i0.wp.com\/landioustravel.com\/wp-content\/uploads\/2022\/12\/El-Minya-Private-Tour-Safaga-e1672006579222.jpg?resize=1200%2C675&ssl=1",1200,675,true],"newspack-article-block-portrait-large":["https:\/\/i0.wp.com\/landioustravel.com\/wp-content\/uploads\/2022\/12\/El-Minya-Private-Tour-Safaga-e1672006579222.jpg?resize=900%2C675&ssl=1",900,675,true],"newspack-article-block-square-large":["https:\/\/i0.wp.com\/landioustravel.com\/wp-content\/uploads\/2022\/12\/El-Minya-Private-Tour-Safaga-e1672006579222.jpg?resize=1200%2C675&ssl=1",1200,675,true],"newspack-article-block-landscape-medium":["https:\/\/i0.wp.com\/landioustravel.com\/wp-content\/uploads\/2022\/12\/El-Minya-Private-Tour-Safaga-e1672006579222.jpg?resize=800%2C600&ssl=1",800,600,true],"newspack-article-block-portrait-medium":["https:\/\/i0.wp.com\/landioustravel.com\/wp-content\/uploads\/2022\/12\/El-Minya-Private-Tour-Safaga-e1672006579222.jpg?resize=600%2C675&ssl=1",600,675,true],"newspack-article-block-square-medium":["https:\/\/i0.wp.com\/landioustravel.com\/wp-content\/uploads\/2022\/12\/El-Minya-Private-Tour-Safaga-e1672006579222.jpg?resize=800%2C675&ssl=1",800,675,true],"newspack-article-block-landscape-intermediate":["https:\/\/i0.wp.com\/landioustravel.com\/wp-content\/uploads\/2022\/12\/El-Minya-Private-Tour-Safaga-e1672006579222.jpg?resize=600%2C450&ssl=1",600,450,true],"newspack-article-block-portrait-intermediate":["https:\/\/i0.wp.com\/landioustravel.com\/wp-content\/uploads\/2022\/12\/El-Minya-Private-Tour-Safaga-e1672006579222.jpg?resize=450%2C600&ssl=1",450,600,true],"newspack-article-block-square-intermediate":["https:\/\/i0.wp.com\/landioustravel.com\/wp-content\/uploads\/2022\/12\/El-Minya-Private-Tour-Safaga-e1672006579222.jpg?resize=600%2C600&ssl=1",600,600,true],"newspack-article-block-landscape-small":["https:\/\/i0.wp.com\/landioustravel.com\/wp-content\/uploads\/2022\/12\/El-Minya-Private-Tour-Safaga-e1672006579222.jpg?resize=400%2C300&ssl=1",400,300,true],"newspack-article-block-portrait-small":["https:\/\/i0.wp.com\/landioustravel.com\/wp-content\/uploads\/2022\/12\/El-Minya-Private-Tour-Safaga-e1672006579222.jpg?resize=300%2C400&ssl=1",300,400,true],"newspack-article-block-square-small":["https:\/\/i0.wp.com\/landioustravel.com\/wp-content\/uploads\/2022\/12\/El-Minya-Private-Tour-Safaga-e1672006579222.jpg?resize=400%2C400&ssl=1",400,400,true],"newspack-article-block-landscape-tiny":["https:\/\/i0.wp.com\/landioustravel.com\/wp-content\/uploads\/2022\/12\/El-Minya-Private-Tour-Safaga-e1672006579222.jpg?resize=200%2C150&ssl=1",200,150,true],"newspack-article-block-portrait-tiny":["https:\/\/i0.wp.com\/landioustravel.com\/wp-content\/uploads\/2022\/12\/El-Minya-Private-Tour-Safaga-e1672006579222.jpg?resize=150%2C200&ssl=1",150,200,true],"newspack-article-block-square-tiny":["https:\/\/i0.wp.com\/landioustravel.com\/wp-content\/uploads\/2022\/12\/El-Minya-Private-Tour-Safaga-e1672006579222.jpg?resize=200%2C200&ssl=1",200,200,true],"newspack-article-block-uncropped":["https:\/\/i0.wp.com\/landioustravel.com\/wp-content\/uploads\/2022\/12\/El-Minya-Private-Tour-Safaga-e1672006579222.jpg?fit=1200%2C675&ssl=1",1200,675,true],"woocommerce_thumbnail":["https:\/\/i0.wp.com\/landioustravel.com\/wp-content\/uploads\/2022\/12\/El-Minya-Private-Tour-Safaga-e1672006579222.jpg?resize=324%2C324&ssl=1",324,324,true],"woocommerce_single":["https:\/\/i0.wp.com\/landioustravel.com\/wp-content\/uploads\/2022\/12\/El-Minya-Private-Tour-Safaga-e1672006579222.jpg?fit=416%2C234&ssl=1",416,234,true],"woocommerce_gallery_thumbnail":["https:\/\/i0.wp.com\/landioustravel.com\/wp-content\/uploads\/2022\/12\/El-Minya-Private-Tour-Safaga-e1672006579222.jpg?resize=100%2C100&ssl=1",100,100,true]},"uagb_author_info":{"display_name":"Mofreh Landious","author_link":"https:\/\/landioustravel.com\/de\/author\/"},"uagb_comment_info":0,"uagb_excerpt":"Haben Sie schon einmal von Al Minya in \u00c4gypten geh\u00f6rt? Es ist eine faszinierende arch\u00e4ologische St\u00e4tte, die Sie nicht verpassen sollten! W\u00e4hrend eines privaten Tagesausflugs von Safaga aus besuchen Sie Tell El Amarna, die einstige Hauptstadt des Ketzerk\u00f6nigs Echnaton. Erkunden Sie anschlie\u00dfend die Gr\u00e4ber hoher Beamter w\u00e4hrend seiner Herrschaft und besuchen Sie sogar das K\u00f6nigsgrab&hellip;","jetpack_sharing_enabled":true,"jetpack_likes_enabled":true,"amp_enabled":true,"_links":{"self":[{"href":"https:\/\/landioustravel.com\/de\/wp-json\/wp\/v2\/product\/135370","targetHints":{"allow":["GET"]}}],"collection":[{"href":"https:\/\/landioustravel.com\/de\/wp-json\/wp\/v2\/product"}],"about":[{"href":"https:\/\/landioustravel.com\/de\/wp-json\/wp\/v2\/types\/product"}],"replies":[{"embeddable":true,"href":"https:\/\/landioustravel.com\/de\/wp-json\/wp\/v2\/comments?post=135370"}],"wp:featuredmedia":[{"embeddable":true,"href":"https:\/\/landioustravel.com\/de\/wp-json\/wp\/v2\/media\/133150"}],"wp:attachment":[{"href":"https:\/\/landioustravel.com\/de\/wp-json\/wp\/v2\/media?parent=135370"}],"wp:term":[{"taxonomy":"product_brand","embeddable":true,"href":"https:\/\/landioustravel.com\/de\/wp-json\/wp\/v2\/product_brand?post=135370"},{"taxonomy":"product_cat","embeddable":true,"href":"https:\/\/landioustravel.com\/de\/wp-json\/wp\/v2\/product_cat?post=135370"},{"taxonomy":"product_tag","embeddable":true,"href":"https:\/\/landioustravel.com\/de\/wp-json\/wp\/v2\/product_tag?post=135370"}],"curies":[{"name":"wp","href":"https:\/\/api.w.org\/{rel}","templated":true}]}}