{"id":135389,"date":"2022-12-25T02:05:00","date_gmt":"2023-02-01T03:59:36","guid":{"rendered":"https:\/\/landioustravel.com\/?post_type=product&#038;p=135389"},"modified":"2023-06-18T23:44:47","modified_gmt":"2023-06-18T21:44:47","slug":"luxor-private-tour-von-safaga","status":"publish","type":"product","link":"https:\/\/landioustravel.com\/de\/shop\/luxor-private-tour-von-safaga\/","title":{"rendered":"Luxor Private Tour von Safaga"},"content":{"rendered":"<p><strong>Luxor Private Tour Safaga<\/strong> ist eine inspirierende individuelle Besichtigungsreise nach Luxor von Safaga, \u00c4gypten! Wir empfehlen diese informative Reise, da Touristen viele alt\u00e4gyptische Sehensw\u00fcrdigkeiten sehen k\u00f6nnen. Zu diesen Attraktionen geh\u00f6ren die Tempel und Gr\u00e4ber von Luxor im Tal der K\u00f6nige. Au\u00dferdem erfahren Sie viel \u00fcber die Geschichte des alten \u00c4gypten!<\/p>\n<h2>H\u00f6hepunkte der Luxor Private Tour von Safaga<\/h2>\n<ul>\n<li>Karnak-Tempel in der Stadt der Lebenden.<\/li>\n<li>Mittagessen in einem Restaurant am Nil.<\/li>\n<li>Au\u00dferdem sind die Memnonkolosse im Tempel von Amenophis III.<\/li>\n<li>Der Tempel der K\u00f6nigin Hatschepsut.<\/li>\n<li>Auch ein Besuch im Tal der K\u00f6nige in der Stadt der Toten.<\/li>\n<\/ul>\n<h2>Programm der Ausflug nach Luxor und ins Tal der K\u00f6nige<\/h2>\n<ul>\n<li>Der Vertreter von Landious Travel holt Sie gegen 05:00 Uhr vom Hotel ab.<\/li>\n<li>Nach der Abholung f\u00e4hrt der Bus (Limousine oder Minibus) in Richtung Luxor ab, vorbei an Qena, 174 km entfernt im Niltal. Vom Zentrum von Safaga nach Luxor dauert der Weg etwa 4 Stunden.<\/li>\n<\/ul>\n<h3>Programm in Ost-Luxor<\/h3>\n<ul>\n<li>Bei Ihrer Ankunft in Luxor zeigen wir Ihnen den Karnak-Tempel. Dieser Tempel ist der gr\u00f6\u00dfte in \u00c4gypten und der ganzen alten Welt. Sie finden diesen Tempel in der Stadt des Lebens \u2013 Ost-Luxor. In diesem Tempel beginnt Ihr F\u00fchrer mit seiner Erkl\u00e4rung; dann wird er die h\u00e4ufig besuchten Orte in diesem gro\u00dfen Komplex zeigen. Bitte beachten Sie, dass dieser Komplex verschiedene Tempel und Geb\u00e4ude kombiniert. Daher wird Ihr Guide die Aufgabe haben, Ihnen all diese Tempel zu zeigen. Au\u00dferdem gibt er Ihnen Freizeit, um ein Foto zu machen.<\/li>\n<li>Nach dem Besuch des Karnak-Tempels in Ost-Luxor machen Sie ein Bootspicknick. Es ist ein Zusatzprogramm! Optional ist diese Bootsfahrt \u00fcber den Nil auf Anfrage m\u00f6glich.<\/li>\n<li>Sobald das Bootspicknick endet, werden Sie feststellen, dass Sie bereits das westliche Luxor \u2013 die Stadt der Toten \u2013 erreicht haben.<\/li>\n<\/ul>\n<h3>Programm in West-Luxor<\/h3>\n<ul>\n<li>In West-Luxor wird die Reise mit einem Halt im Restaurant fortgesetzt. Dort k\u00f6nnen Sie ein leckeres Mittagessen genie\u00dfen.<\/li>\n<li>Nach dem Mittagessen ist die n\u00e4chste Station die Memnon-Kolosse. Die Kolosse von Memnon sind diese beiden grandiosen Statuen, die am Eingang des Tempels von Amenhotep III stehen. Dementsprechend zeigt Ihnen Ihr Guide diese riesigen Statuen. Au\u00dferdem wird er Ihnen gen\u00fcgend Zeit geben, um ein Foto zu machen.<\/li>\n<li>Weiter f\u00e4hrt der Bus zum wundersch\u00f6nen Tempel der K\u00f6nigin Hatschepsut. Es ist ein bemerkenswerter Tempel, der in Deir El-Bahari existiert. Die antiken Baumeister haben diese drei Stockwerke von Tempeln direkt in den Felsen gehauen. Rund um diesen Tempel sehen Sie auch die Tempel und Gr\u00e4ber des Deir El Bahari Complex. Au\u00dferdem haben Thutmose III und Amenhotep Neb Hept Ra andere Tempel. Auch hier gibt Ihnen Ihr Reiseleiter Informationen und Freizeit zum Wandern.<\/li>\n<li>Anschlie\u00dfend besuchen Sie das Tal der K\u00f6nige. Es ist an diesem Ort ausgezeichnet und interessant! Au\u00dferdem werden Sie im Tal drei Gr\u00e4ber sehen, die den gro\u00dfen Pharaonen \u00c4gyptens geh\u00f6ren.<\/li>\n<\/ul>\n<h3>Abfahrt<\/h3>\n<ul>\n<li>Schlie\u00dflich f\u00e4hrt unser Bus nach einem solchen Programm in der sch\u00f6nen Stadt Luxor nach Safaga.<\/li>\n<li>Diese individuelle Reise von Safaga nach Luxor endet gegen 20:00 Uhr.<\/li>\n<\/ul>\n<h2>Was beinhaltet der Preis der Luxor Individualreise Safaga?<\/h2>\n<ul>\n<li>Eintrittskarten f\u00fcr Tempelbesuche.<\/li>\n<li>Mittagessen.<\/li>\n<li>Getr\u00e4nke.<\/li>\n<li>Privater F\u00fchrer.<\/li>\n<li>Auch ein privates Fahrzeug nach Luxor und zur\u00fcck zum Hotel.<\/li>\n<\/ul>\n<h2>Was beinhaltet das Programm der Luxor-Einzelreise Safaga nicht?<\/h2>\n<ul>\n<li>Zus\u00e4tzliche Ausflugsprogramme, falls nicht im oben genannten Programm enthalten.<\/li>\n<\/ul>\n<h2>Was nehmen Sie f\u00fcr diese individuelle Reise mit?<\/h2>\n<ul>\n<li>Fr\u00fchst\u00fccksbox.<\/li>\n<li>Auch Kleidung f\u00fcr die Saison.<\/li>\n<li>Buchungstage der Luxor Private Tour Safaga<\/li>\n<li>T\u00e4glich von 05:00 \u2013 20:00 Uhr.<\/li>\n<\/ul>\n<h2>Was wird w\u00e4hrend der individuellen Luxor-Reise von Safaga erwartet?<\/h2>\n<h3>Denkm\u00e4ler am \u00f6stlichen Ufer des Nils<\/h3>\n<p>Karnak-Tempel: ist der gr\u00f6\u00dfte Tempelkomplex der Antike. Erstaunlicherweise repr\u00e4sentiert es die kombinierte Errungenschaft vieler Generationen antiker Baumeister und Pharaonen. Sein alter Name Ipet-isut bedeutet \u201eder heiligste aller Orte\u201c. Der kontinuierliche Bau dieses komplexen Tempels dauerte mehr als zweitausend Jahre. Es besteht aus drei Haupttempeln, kleineren geschlossenen Tempeln und mehreren \u00e4u\u00dferen Tempeln auf 247 Hektar. Die gro\u00dfe \u201eHypostyle Hall\u201c ist ein unglaublicher Wald aus riesigen S\u00e4ulen.<\/p>\n<p>Luxor-Tempel: Der Tempel von Luxor war das Zentrum des wichtigsten Festivals \u2013 des Festivals von Opet. Amenhotep III und Ramses II bauten diesen majest\u00e4tischen Luxor-Tempel, der Amun gewidmet war. Dieses Fest sollte den menschlichen Aspekt des Herrschers mit dem g\u00f6ttlichen Amt vers\u00f6hnen.<\/p>\n<h3>Denkm\u00e4ler am Westufer des Nils<\/h3>\n<p>Tal der K\u00f6nige: Im Tal der K\u00f6nige befinden sich die pr\u00e4chtigen Gr\u00e4ber. Dieses Tal beherbergt Gr\u00e4ber alt\u00e4gyptischer K\u00f6nige, z. B. der gro\u00dfen Pharaonen Ramses II und Tutanchamun. Die alten \u00c4gypter haben diese Gr\u00e4ber professionell tief in den Bergfelsen gehauen. Au\u00dferdem schm\u00fcckten sie sie reich und f\u00fcllten sie mit Sch\u00e4tzen f\u00fcr das Jenseits.<\/p>\n<p>Hatschepsut-Tempel: Der Hatschepsut-Tempel in El Deir El Bahary ist ein beeindruckender Tempel, der K\u00f6nigin Hatschepsut gewidmet ist. Dieser Tempel erhebt sich eindrucksvoll in der W\u00fcste mit einer Reihe von Terrassen. Es verschmilzt mit den steilen Kalksteinfelsen, die es umgeben. Au\u00dferdem ist er einer der sch\u00f6nsten und am besten erhaltenen aller Tempel des alten \u00c4gypten.<\/p>\n<p>Auch Kolosse von Memnon: Zwei massive Monosteinstatuen von K\u00f6nig Amenhotep III sind die bedeutenden \u00dcberreste eines riesigen Totentempels.<\/p>\n","protected":false},"excerpt":{"rendered":"<p>Erleben Sie das ultimative Abenteuer mit einer luxuri\u00f6sen Tagestour von Safaga in die pr\u00e4chtige Stadt Luxor! Machen Sie sich bereit f\u00fcr eine unvergessliche Reise durch die Zeit und erkunden Sie antike \u00e4gyptische Denkm\u00e4ler wie nie zuvor. Ihre private Tour f\u00fchrt Sie zum ber\u00fchmten Karnak-Tempel, wo Sie von der Gr\u00f6\u00dfe und Sch\u00f6nheit dieses atemberaubenden Bauwerks beeindruckt sein werden. Nach einem k\u00f6stlichen Mittagessen begeben wir uns in den westlichen Teil von Luxor, um den unglaublichen Tempel von Amenophis III. zu besichtigen, wo Sie von den Memnonkolossen fasziniert sein werden. Aber das ist nicht alles! Wir reisen auch in das legend\u00e4re Tal der K\u00f6nige und zum atemberaubenden Tempel der K\u00f6nigin Hatschepsut. Da Transfers, Eintrittskarten und Mittagessen im Preis inbegriffen sind, ist dies ein Abenteuer, das Sie sich nicht entgehen lassen d\u00fcrfen!<\/p>\n","protected":false},"featured_media":134936,"comment_status":"open","ping_status":"closed","template":"","meta":{"_coblocks_attr":"","_coblocks_dimensions":"","_coblocks_responsive_height":"","_coblocks_accordion_ie_support":"","_uag_custom_page_level_css":"","jetpack_publicize_message":"","jetpack_publicize_feature_enabled":true,"jetpack_social_post_already_shared":true,"jetpack_social_options":{"image_generator_settings":{"template":"highway","default_image_id":0,"font":"","enabled":false},"version":2},"_wpas_customize_per_network":false},"product_brand":[],"product_cat":[20139,22089,22086],"product_tag":[1653,9906,2185],"class_list":{"0":"post-135389","1":"product","2":"type-product","3":"status-publish","4":"has-post-thumbnail","6":"product_cat-safaga-private-ausfluege","7":"product_cat-safaga-private-besichtigungstouren","8":"product_cat-safaga-privatetouren-luxor","9":"product_tag-ausflug","10":"product_tag-besichtigung","11":"product_tag-luxor-de","13":"first","14":"instock","15":"sale","16":"taxable","17":"shipping-taxable","18":"purchasable","19":"product-type-variable"},"yoast_head":"<!-- This site is optimized with the Yoast SEO Premium plugin v27.5 (Yoast SEO v27.5) - https:\/\/yoast.com\/product\/yoast-seo-premium-wordpress\/ -->\n<title>Luxor Private Tour von Safaga<\/title>\n<meta name=\"description\" content=\"Luxor Private Tour von Safaga ist eine inspirierende individuelle Besichtigungsreise nach Luxor von Safaga, \u00c4gypten! Wir empfehlen diese informative Reise,\" \/>\n<meta name=\"robots\" content=\"index, follow, max-snippet:-1, max-image-preview:large, max-video-preview:-1\" \/>\n<link rel=\"canonical\" href=\"https:\/\/landioustravel.com\/de\/shop\/luxor-private-tour-von-safaga\/\" \/>\n<meta property=\"og:locale\" content=\"de_DE\" \/>\n<meta property=\"og:type\" content=\"article\" \/>\n<meta property=\"og:title\" content=\"Luxor Private Tour von Safaga\" \/>\n<meta property=\"og:description\" content=\"Landious Travel\" \/>\n<meta property=\"og:url\" content=\"https:\/\/landioustravel.com\/de\/shop\/luxor-private-tour-von-safaga\/\" \/>\n<meta property=\"og:site_name\" content=\"Landious Travel\" \/>\n<meta property=\"article:publisher\" content=\"https:\/\/web.facebook.com\/landiousEgypt\" \/>\n<meta property=\"article:modified_time\" content=\"2023-06-18T21:44:47+00:00\" \/>\n<meta property=\"og:image\" content=\"https:\/\/i0.wp.com\/landioustravel.com\/wp-content\/uploads\/2022\/12\/Luxor-Private-Tour-Safaga-e1671926326754.jpg?fit=1200%2C675&ssl=1\" \/>\n\t<meta property=\"og:image:width\" content=\"1200\" \/>\n\t<meta property=\"og:image:height\" content=\"675\" \/>\n\t<meta property=\"og:image:type\" content=\"image\/jpeg\" \/>\n<meta name=\"twitter:card\" content=\"summary_large_image\" \/>\n<meta name=\"twitter:site\" content=\"@LandiousTours\" \/>\n<meta name=\"twitter:label1\" content=\"Gesch\u00e4tzte Lesezeit\" \/>\n\t<meta name=\"twitter:data1\" content=\"4\u00a0Minuten\" \/>\n<script type=\"application\/ld+json\" class=\"yoast-schema-graph\">{\"@context\":\"https:\\\/\\\/schema.org\",\"@graph\":[{\"@type\":\"WebPage\",\"@id\":\"https:\\\/\\\/landioustravel.com\\\/de\\\/shop\\\/luxor-private-tour-von-safaga\\\/\",\"url\":\"https:\\\/\\\/landioustravel.com\\\/de\\\/shop\\\/luxor-private-tour-von-safaga\\\/\",\"name\":\"Luxor Private Tour von Safaga\",\"isPartOf\":{\"@id\":\"https:\\\/\\\/landioustravel.com\\\/de\\\/#website\"},\"primaryImageOfPage\":{\"@id\":\"https:\\\/\\\/landioustravel.com\\\/de\\\/shop\\\/luxor-private-tour-von-safaga\\\/#primaryimage\"},\"image\":{\"@id\":\"https:\\\/\\\/landioustravel.com\\\/de\\\/shop\\\/luxor-private-tour-von-safaga\\\/#primaryimage\"},\"thumbnailUrl\":\"https:\\\/\\\/i0.wp.com\\\/landioustravel.com\\\/wp-content\\\/uploads\\\/2022\\\/12\\\/Luxor-Private-Tour-Safaga-e1671926326754.jpg?fit=1200%2C675&ssl=1\",\"datePublished\":\"2023-02-01T03:59:36+00:00\",\"dateModified\":\"2023-06-18T21:44:47+00:00\",\"description\":\"Luxor Private Tour von Safaga ist eine inspirierende individuelle Besichtigungsreise nach Luxor von Safaga, \u00c4gypten! Wir empfehlen diese informative Reise,\",\"breadcrumb\":{\"@id\":\"https:\\\/\\\/landioustravel.com\\\/de\\\/shop\\\/luxor-private-tour-von-safaga\\\/#breadcrumb\"},\"inLanguage\":\"de\",\"potentialAction\":[{\"@type\":\"ReadAction\",\"target\":[\"https:\\\/\\\/landioustravel.com\\\/de\\\/shop\\\/luxor-private-tour-von-safaga\\\/\"]}]},{\"@type\":\"ImageObject\",\"inLanguage\":\"de\",\"@id\":\"https:\\\/\\\/landioustravel.com\\\/de\\\/shop\\\/luxor-private-tour-von-safaga\\\/#primaryimage\",\"url\":\"https:\\\/\\\/i0.wp.com\\\/landioustravel.com\\\/wp-content\\\/uploads\\\/2022\\\/12\\\/Luxor-Private-Tour-Safaga-e1671926326754.jpg?fit=1200%2C675&ssl=1\",\"contentUrl\":\"https:\\\/\\\/i0.wp.com\\\/landioustravel.com\\\/wp-content\\\/uploads\\\/2022\\\/12\\\/Luxor-Private-Tour-Safaga-e1671926326754.jpg?fit=1200%2C675&ssl=1\",\"width\":1200,\"height\":675,\"caption\":\"Luxor Private Tour Safaga\"},{\"@type\":\"BreadcrumbList\",\"@id\":\"https:\\\/\\\/landioustravel.com\\\/de\\\/shop\\\/luxor-private-tour-von-safaga\\\/#breadcrumb\",\"itemListElement\":[{\"@type\":\"ListItem\",\"position\":1,\"name\":\"Home\",\"item\":\"https:\\\/\\\/landioustravel.com\\\/de\\\/\"},{\"@type\":\"ListItem\",\"position\":2,\"name\":\"\u00c4gypten Touren\",\"item\":\"https:\\\/\\\/landioustravel.com\\\/de\\\/\"},{\"@type\":\"ListItem\",\"position\":3,\"name\":\"Luxor Private Tour von Safaga\"}]},{\"@type\":\"WebSite\",\"@id\":\"https:\\\/\\\/landioustravel.com\\\/de\\\/#website\",\"url\":\"https:\\\/\\\/landioustravel.com\\\/de\\\/\",\"name\":\"Landious Travel\",\"description\":\"Excursions, trips and cruises in Egypt\",\"publisher\":{\"@id\":\"https:\\\/\\\/landioustravel.com\\\/de\\\/#organization\"},\"potentialAction\":[{\"@type\":\"SearchAction\",\"target\":{\"@type\":\"EntryPoint\",\"urlTemplate\":\"https:\\\/\\\/landioustravel.com\\\/de\\\/?s={search_term_string}\"},\"query-input\":{\"@type\":\"PropertyValueSpecification\",\"valueRequired\":true,\"valueName\":\"search_term_string\"}}],\"inLanguage\":\"de\"},{\"@type\":[\"Organization\",\"Place\"],\"@id\":\"https:\\\/\\\/landioustravel.com\\\/de\\\/#organization\",\"name\":\"Landious Travel\",\"alternateName\":\"Landious Travel\",\"url\":\"https:\\\/\\\/landioustravel.com\\\/de\\\/\",\"logo\":{\"@id\":\"https:\\\/\\\/landioustravel.com\\\/de\\\/shop\\\/luxor-private-tour-von-safaga\\\/#local-main-organization-logo\"},\"image\":{\"@id\":\"https:\\\/\\\/landioustravel.com\\\/de\\\/shop\\\/luxor-private-tour-von-safaga\\\/#local-main-organization-logo\"},\"sameAs\":[\"https:\\\/\\\/web.facebook.com\\\/landiousEgypt\",\"https:\\\/\\\/x.com\\\/LandiousTours\",\"https:\\\/\\\/mastodon.social\\\/@landious\"],\"legalName\":\"Landious Travel\",\"telephone\":[],\"openingHoursSpecification\":[{\"@type\":\"OpeningHoursSpecification\",\"dayOfWeek\":[\"Monday\",\"Tuesday\",\"Wednesday\",\"Thursday\",\"Friday\",\"Saturday\",\"Sunday\"],\"opens\":\"09:00\",\"closes\":\"17:00\"}]},{\"@type\":\"ImageObject\",\"inLanguage\":\"de\",\"@id\":\"https:\\\/\\\/landioustravel.com\\\/de\\\/shop\\\/luxor-private-tour-von-safaga\\\/#local-main-organization-logo\",\"url\":\"https:\\\/\\\/i0.wp.com\\\/landioustravel.com\\\/wp-content\\\/uploads\\\/2021\\\/06\\\/Landious-T.png?fit=500%2C500&ssl=1\",\"contentUrl\":\"https:\\\/\\\/i0.wp.com\\\/landioustravel.com\\\/wp-content\\\/uploads\\\/2021\\\/06\\\/Landious-T.png?fit=500%2C500&ssl=1\",\"width\":500,\"height\":500,\"caption\":\"Landious Travel\"}]}<\/script>\n<!-- \/ Yoast SEO Premium plugin. -->","yoast_head_json":{"title":"Luxor Private Tour von Safaga","description":"Luxor Private Tour von Safaga ist eine inspirierende individuelle Besichtigungsreise nach Luxor von Safaga, \u00c4gypten! Wir empfehlen diese informative Reise,","robots":{"index":"index","follow":"follow","max-snippet":"max-snippet:-1","max-image-preview":"max-image-preview:large","max-video-preview":"max-video-preview:-1"},"canonical":"https:\/\/landioustravel.com\/de\/shop\/luxor-private-tour-von-safaga\/","og_locale":"de_DE","og_type":"article","og_title":"Luxor Private Tour von Safaga","og_description":"Landious Travel","og_url":"https:\/\/landioustravel.com\/de\/shop\/luxor-private-tour-von-safaga\/","og_site_name":"Landious Travel","article_publisher":"https:\/\/web.facebook.com\/landiousEgypt","article_modified_time":"2023-06-18T21:44:47+00:00","og_image":[{"width":1200,"height":675,"url":"https:\/\/i0.wp.com\/landioustravel.com\/wp-content\/uploads\/2022\/12\/Luxor-Private-Tour-Safaga-e1671926326754.jpg?fit=1200%2C675&ssl=1","type":"image\/jpeg"}],"twitter_card":"summary_large_image","twitter_site":"@LandiousTours","twitter_misc":{"Gesch\u00e4tzte Lesezeit":"4\u00a0Minuten"},"schema":{"@context":"https:\/\/schema.org","@graph":[{"@type":"WebPage","@id":"https:\/\/landioustravel.com\/de\/shop\/luxor-private-tour-von-safaga\/","url":"https:\/\/landioustravel.com\/de\/shop\/luxor-private-tour-von-safaga\/","name":"Luxor Private Tour von Safaga","isPartOf":{"@id":"https:\/\/landioustravel.com\/de\/#website"},"primaryImageOfPage":{"@id":"https:\/\/landioustravel.com\/de\/shop\/luxor-private-tour-von-safaga\/#primaryimage"},"image":{"@id":"https:\/\/landioustravel.com\/de\/shop\/luxor-private-tour-von-safaga\/#primaryimage"},"thumbnailUrl":"https:\/\/i0.wp.com\/landioustravel.com\/wp-content\/uploads\/2022\/12\/Luxor-Private-Tour-Safaga-e1671926326754.jpg?fit=1200%2C675&ssl=1","datePublished":"2023-02-01T03:59:36+00:00","dateModified":"2023-06-18T21:44:47+00:00","description":"Luxor Private Tour von Safaga ist eine inspirierende individuelle Besichtigungsreise nach Luxor von Safaga, \u00c4gypten! Wir empfehlen diese informative Reise,","breadcrumb":{"@id":"https:\/\/landioustravel.com\/de\/shop\/luxor-private-tour-von-safaga\/#breadcrumb"},"inLanguage":"de","potentialAction":[{"@type":"ReadAction","target":["https:\/\/landioustravel.com\/de\/shop\/luxor-private-tour-von-safaga\/"]}]},{"@type":"ImageObject","inLanguage":"de","@id":"https:\/\/landioustravel.com\/de\/shop\/luxor-private-tour-von-safaga\/#primaryimage","url":"https:\/\/i0.wp.com\/landioustravel.com\/wp-content\/uploads\/2022\/12\/Luxor-Private-Tour-Safaga-e1671926326754.jpg?fit=1200%2C675&ssl=1","contentUrl":"https:\/\/i0.wp.com\/landioustravel.com\/wp-content\/uploads\/2022\/12\/Luxor-Private-Tour-Safaga-e1671926326754.jpg?fit=1200%2C675&ssl=1","width":1200,"height":675,"caption":"Luxor Private Tour Safaga"},{"@type":"BreadcrumbList","@id":"https:\/\/landioustravel.com\/de\/shop\/luxor-private-tour-von-safaga\/#breadcrumb","itemListElement":[{"@type":"ListItem","position":1,"name":"Home","item":"https:\/\/landioustravel.com\/de\/"},{"@type":"ListItem","position":2,"name":"\u00c4gypten Touren","item":"https:\/\/landioustravel.com\/de\/"},{"@type":"ListItem","position":3,"name":"Luxor Private Tour von Safaga"}]},{"@type":"WebSite","@id":"https:\/\/landioustravel.com\/de\/#website","url":"https:\/\/landioustravel.com\/de\/","name":"Landious Travel","description":"Excursions, trips and cruises in Egypt","publisher":{"@id":"https:\/\/landioustravel.com\/de\/#organization"},"potentialAction":[{"@type":"SearchAction","target":{"@type":"EntryPoint","urlTemplate":"https:\/\/landioustravel.com\/de\/?s={search_term_string}"},"query-input":{"@type":"PropertyValueSpecification","valueRequired":true,"valueName":"search_term_string"}}],"inLanguage":"de"},{"@type":["Organization","Place"],"@id":"https:\/\/landioustravel.com\/de\/#organization","name":"Landious Travel","alternateName":"Landious Travel","url":"https:\/\/landioustravel.com\/de\/","logo":{"@id":"https:\/\/landioustravel.com\/de\/shop\/luxor-private-tour-von-safaga\/#local-main-organization-logo"},"image":{"@id":"https:\/\/landioustravel.com\/de\/shop\/luxor-private-tour-von-safaga\/#local-main-organization-logo"},"sameAs":["https:\/\/web.facebook.com\/landiousEgypt","https:\/\/x.com\/LandiousTours","https:\/\/mastodon.social\/@landious"],"legalName":"Landious Travel","telephone":[],"openingHoursSpecification":[{"@type":"OpeningHoursSpecification","dayOfWeek":["Monday","Tuesday","Wednesday","Thursday","Friday","Saturday","Sunday"],"opens":"09:00","closes":"17:00"}]},{"@type":"ImageObject","inLanguage":"de","@id":"https:\/\/landioustravel.com\/de\/shop\/luxor-private-tour-von-safaga\/#local-main-organization-logo","url":"https:\/\/i0.wp.com\/landioustravel.com\/wp-content\/uploads\/2021\/06\/Landious-T.png?fit=500%2C500&ssl=1","contentUrl":"https:\/\/i0.wp.com\/landioustravel.com\/wp-content\/uploads\/2021\/06\/Landious-T.png?fit=500%2C500&ssl=1","width":500,"height":500,"caption":"Landious Travel"}]}},"jetpack_publicize_connections":[],"uagb_featured_image_src":{"full":["https:\/\/i0.wp.com\/landioustravel.com\/wp-content\/uploads\/2022\/12\/Luxor-Private-Tour-Safaga-e1671926326754.jpg?fit=1200%2C675&ssl=1",1200,675,false],"thumbnail":["https:\/\/i0.wp.com\/landioustravel.com\/wp-content\/uploads\/2022\/12\/Luxor-Private-Tour-Safaga-e1671926326754.jpg?resize=150%2C150&ssl=1",150,150,true],"medium":["https:\/\/i0.wp.com\/landioustravel.com\/wp-content\/uploads\/2022\/12\/Luxor-Private-Tour-Safaga-e1671926326754.jpg?fit=300%2C169&ssl=1",300,169,true],"medium_large":["https:\/\/i0.wp.com\/landioustravel.com\/wp-content\/uploads\/2022\/12\/Luxor-Private-Tour-Safaga-e1671926326754.jpg?fit=768%2C432&ssl=1",768,432,true],"large":["https:\/\/i0.wp.com\/landioustravel.com\/wp-content\/uploads\/2022\/12\/Luxor-Private-Tour-Safaga-e1671926326754.jpg?fit=980%2C551&ssl=1",980,551,true],"1536x1536":["https:\/\/i0.wp.com\/landioustravel.com\/wp-content\/uploads\/2022\/12\/Luxor-Private-Tour-Safaga-e1671926326754.jpg?fit=1200%2C675&ssl=1",1200,675,true],"2048x2048":["https:\/\/i0.wp.com\/landioustravel.com\/wp-content\/uploads\/2022\/12\/Luxor-Private-Tour-Safaga-e1671926326754.jpg?fit=1200%2C675&ssl=1",1200,675,true],"newspack-article-block-landscape-large":["https:\/\/i0.wp.com\/landioustravel.com\/wp-content\/uploads\/2022\/12\/Luxor-Private-Tour-Safaga-e1671926326754.jpg?resize=1200%2C675&ssl=1",1200,675,true],"newspack-article-block-portrait-large":["https:\/\/i0.wp.com\/landioustravel.com\/wp-content\/uploads\/2022\/12\/Luxor-Private-Tour-Safaga-e1671926326754.jpg?resize=900%2C675&ssl=1",900,675,true],"newspack-article-block-square-large":["https:\/\/i0.wp.com\/landioustravel.com\/wp-content\/uploads\/2022\/12\/Luxor-Private-Tour-Safaga-e1671926326754.jpg?resize=1200%2C675&ssl=1",1200,675,true],"newspack-article-block-landscape-medium":["https:\/\/i0.wp.com\/landioustravel.com\/wp-content\/uploads\/2022\/12\/Luxor-Private-Tour-Safaga-e1671926326754.jpg?resize=800%2C600&ssl=1",800,600,true],"newspack-article-block-portrait-medium":["https:\/\/i0.wp.com\/landioustravel.com\/wp-content\/uploads\/2022\/12\/Luxor-Private-Tour-Safaga-e1671926326754.jpg?resize=600%2C675&ssl=1",600,675,true],"newspack-article-block-square-medium":["https:\/\/i0.wp.com\/landioustravel.com\/wp-content\/uploads\/2022\/12\/Luxor-Private-Tour-Safaga-e1671926326754.jpg?resize=800%2C675&ssl=1",800,675,true],"newspack-article-block-landscape-intermediate":["https:\/\/i0.wp.com\/landioustravel.com\/wp-content\/uploads\/2022\/12\/Luxor-Private-Tour-Safaga-e1671926326754.jpg?resize=600%2C450&ssl=1",600,450,true],"newspack-article-block-portrait-intermediate":["https:\/\/i0.wp.com\/landioustravel.com\/wp-content\/uploads\/2022\/12\/Luxor-Private-Tour-Safaga-e1671926326754.jpg?resize=450%2C600&ssl=1",450,600,true],"newspack-article-block-square-intermediate":["https:\/\/i0.wp.com\/landioustravel.com\/wp-content\/uploads\/2022\/12\/Luxor-Private-Tour-Safaga-e1671926326754.jpg?resize=600%2C600&ssl=1",600,600,true],"newspack-article-block-landscape-small":["https:\/\/i0.wp.com\/landioustravel.com\/wp-content\/uploads\/2022\/12\/Luxor-Private-Tour-Safaga-e1671926326754.jpg?resize=400%2C300&ssl=1",400,300,true],"newspack-article-block-portrait-small":["https:\/\/i0.wp.com\/landioustravel.com\/wp-content\/uploads\/2022\/12\/Luxor-Private-Tour-Safaga-e1671926326754.jpg?resize=300%2C400&ssl=1",300,400,true],"newspack-article-block-square-small":["https:\/\/i0.wp.com\/landioustravel.com\/wp-content\/uploads\/2022\/12\/Luxor-Private-Tour-Safaga-e1671926326754.jpg?resize=400%2C400&ssl=1",400,400,true],"newspack-article-block-landscape-tiny":["https:\/\/i0.wp.com\/landioustravel.com\/wp-content\/uploads\/2022\/12\/Luxor-Private-Tour-Safaga-e1671926326754.jpg?resize=200%2C150&ssl=1",200,150,true],"newspack-article-block-portrait-tiny":["https:\/\/i0.wp.com\/landioustravel.com\/wp-content\/uploads\/2022\/12\/Luxor-Private-Tour-Safaga-e1671926326754.jpg?resize=150%2C200&ssl=1",150,200,true],"newspack-article-block-square-tiny":["https:\/\/i0.wp.com\/landioustravel.com\/wp-content\/uploads\/2022\/12\/Luxor-Private-Tour-Safaga-e1671926326754.jpg?resize=200%2C200&ssl=1",200,200,true],"newspack-article-block-uncropped":["https:\/\/i0.wp.com\/landioustravel.com\/wp-content\/uploads\/2022\/12\/Luxor-Private-Tour-Safaga-e1671926326754.jpg?fit=1200%2C675&ssl=1",1200,675,true],"woocommerce_thumbnail":["https:\/\/i0.wp.com\/landioustravel.com\/wp-content\/uploads\/2022\/12\/Luxor-Private-Tour-Safaga-e1671926326754.jpg?resize=324%2C324&ssl=1",324,324,true],"woocommerce_single":["https:\/\/i0.wp.com\/landioustravel.com\/wp-content\/uploads\/2022\/12\/Luxor-Private-Tour-Safaga-e1671926326754.jpg?fit=416%2C234&ssl=1",416,234,true],"woocommerce_gallery_thumbnail":["https:\/\/i0.wp.com\/landioustravel.com\/wp-content\/uploads\/2022\/12\/Luxor-Private-Tour-Safaga-e1671926326754.jpg?resize=100%2C100&ssl=1",100,100,true]},"uagb_author_info":{"display_name":"Mofreh Landious","author_link":"https:\/\/landioustravel.com\/de\/author\/"},"uagb_comment_info":0,"uagb_excerpt":"Erleben Sie das ultimative Abenteuer mit einer luxuri\u00f6sen Tagestour von Safaga in die pr\u00e4chtige Stadt Luxor! Machen Sie sich bereit f\u00fcr eine unvergessliche Reise durch die Zeit und erkunden Sie antike \u00e4gyptische Denkm\u00e4ler wie nie zuvor. Ihre private Tour f\u00fchrt Sie zum ber\u00fchmten Karnak-Tempel, wo Sie von der Gr\u00f6\u00dfe und Sch\u00f6nheit dieses atemberaubenden Bauwerks beeindruckt&hellip;","jetpack_sharing_enabled":true,"jetpack_likes_enabled":true,"amp_enabled":true,"_links":{"self":[{"href":"https:\/\/landioustravel.com\/de\/wp-json\/wp\/v2\/product\/135389","targetHints":{"allow":["GET"]}}],"collection":[{"href":"https:\/\/landioustravel.com\/de\/wp-json\/wp\/v2\/product"}],"about":[{"href":"https:\/\/landioustravel.com\/de\/wp-json\/wp\/v2\/types\/product"}],"replies":[{"embeddable":true,"href":"https:\/\/landioustravel.com\/de\/wp-json\/wp\/v2\/comments?post=135389"}],"wp:featuredmedia":[{"embeddable":true,"href":"https:\/\/landioustravel.com\/de\/wp-json\/wp\/v2\/media\/134936"}],"wp:attachment":[{"href":"https:\/\/landioustravel.com\/de\/wp-json\/wp\/v2\/media?parent=135389"}],"wp:term":[{"taxonomy":"product_brand","embeddable":true,"href":"https:\/\/landioustravel.com\/de\/wp-json\/wp\/v2\/product_brand?post=135389"},{"taxonomy":"product_cat","embeddable":true,"href":"https:\/\/landioustravel.com\/de\/wp-json\/wp\/v2\/product_cat?post=135389"},{"taxonomy":"product_tag","embeddable":true,"href":"https:\/\/landioustravel.com\/de\/wp-json\/wp\/v2\/product_tag?post=135389"}],"curies":[{"name":"wp","href":"https:\/\/api.w.org\/{rel}","templated":true}]}}