{"id":135413,"date":"2022-12-22T01:33:23","date_gmt":"2023-02-01T09:15:41","guid":{"rendered":"https:\/\/landioustravel.com\/?post_type=product&#038;p=135413"},"modified":"2023-06-19T00:46:11","modified_gmt":"2023-06-18T22:46:11","slug":"mega-quadfahren-safaga","status":"publish","type":"product","link":"https:\/\/landioustravel.com\/de\/shop\/mega-quadfahren-safaga\/","title":{"rendered":"Mega Quadfahren Safaga"},"content":{"rendered":"<p>Wir empfehlen die Reise, da Touristen 50 km mit dem Quad fahren k\u00f6nnen. Die Reise erm\u00f6glicht es Ihnen auch, die W\u00fcste zu sehen und sich mit dem Lebensstil der Beduinen vertraut zu machen. Au\u00dferdem beinhaltet es den Besuch des Beduinendorfes, wo Sie weitere Unterhaltungsstopps erhalten. Wir nennen dieses Programm \u201eMega-Safari\u201c, die 50 km quer durch die W\u00fcste f\u00fchrt. <strong>Mega Quadfahren Safaga<\/strong> hat mehrere Unterhaltungspunkte; Es ist der aktivste Ausflug auf einer W\u00fcstensafari in Hurghada, \u00c4gypten!<\/p>\n<h2>Highlights auf Mega Quadfahren von Safaga<\/h2>\n<ul>\n<li>Fahren Sie mit dem Quad 50 km quer durch die W\u00fcste.<\/li>\n<li>Dann genie\u00dfen Sie Kamelreiten.<\/li>\n<li>Als n\u00e4chstes sehen Sie sich das Terrarium an.<\/li>\n<li>Und besuchen Sie das Beduinendorf.<\/li>\n<li>Trotzdem haben Sie Zeit f\u00fcr Abendessen und orientalische T\u00e4nze.<\/li>\n<\/ul>\n<h2>Programm der Mega-Safari Reise<\/h2>\n<ul>\n<li>Zun\u00e4chst holt Sie der Vertreter von Landious Travel gegen 13:00 Uhr von Ihrem Hotel in Safaga ab.<\/li>\n<li>Zweitens f\u00e4hrt der Minibus\/Jeep, nachdem er alle Ank\u00f6mmlinge abgeholt hat, in Richtung W\u00fcste zu unserem Quad-Biking-Zentrum. Der Weg zu diesem Zentrum dauert etwa 40 Minuten.<\/li>\n<\/ul>\n<h3>Aufw\u00e4rmen &amp; Anleitung<\/h3>\n<ul>\n<li>Zuerst machen Sie sich fertig, tragen eine Sonnenbrille, falten einen Schal um den Kopf und setzen einen Helm auf.<\/li>\n<li>Zweitens wird es f\u00fcr kurze Zeit Schulungen und Schulungen geben. Dieses Training f\u00fchren wir durch, um sicherzustellen, dass Sie Quads sicher fahren k\u00f6nnen.<\/li>\n<\/ul>\n<h3>Quadfahren zum Beduinendorf<\/h3>\n<ul>\n<li>Schlie\u00dflich beginnen Sie Ihren Mega-Safari-Plan mit einer 25 km langen Fahrt durch die W\u00fcste in Richtung des Beduinendorfs.<\/li>\n<\/ul>\n<h3>Aktivit\u00e4ten im Beduinendorf<\/h3>\n<ul>\n<li>Sobald Sie im Beduinendorf ankommen, werden Sie Kamele reiten. Und Sie k\u00f6nnen auch Fotos mit Beduinen machen.<\/li>\n<li>Nach dem Kamelreiten geht es weiter zur n\u00e4chsten Station. Diese Haltestelle wird das Terrarium beobachten.<\/li>\n<li>Nat\u00fcrlich gibt es im Beduinendorf noch mehr zu tun. Nat\u00fcrlich begleitet Sie Ihr Reiseleiter zum Beduinendorf. Dann zeigt er Ihnen, wie die Beduinen in der W\u00fcste leben. Insbesondere zeigt er Ihnen, wie sie Brot zubereiten und backen. Es wird faszinierend!<\/li>\n<li>Im Beduinenzelt essen Sie zu Abend.<\/li>\n<li>Au\u00dferdem sehen Sie sich die orientalischen T\u00e4nze an und bestaunen die Sterne durch ein Teleskop.<\/li>\n<\/ul>\n<h3>Quadfahren zum Bahnhof<\/h3>\n<ul>\n<li>Der folgende zentrale Punkt in diesem Programm wird 25 km zur\u00fcck zur Basis fahren.<\/li>\n<\/ul>\n<h3>Zur\u00fcck zuhause<\/h3>\n<ul>\n<li>Schlie\u00dflich bringen wir Sie nach einem fantastischen Abenteuer in der W\u00fcste rund um Hurghada zur\u00fcck zu Ihren Hotels.<\/li>\n<li>Dieser Ausflug Mega Quad Biking Safaga endet gegen 19:00 Uhr.<\/li>\n<\/ul>\n<h2>Was beinhaltet der Preis f\u00fcr Mega Quadfahren von Safaga?<\/h2>\n<ul>\n<li>Eintrittsgeb\u00fchr (5 USD pro Person)<\/li>\n<li>Abendessen.<\/li>\n<li>Au\u00dferdem Transfer in die W\u00fcste und zur\u00fcck zum Hotel.<\/li>\n<\/ul>\n<h2>Was beinhaltet das Programm des Mega Quadfahren Tour Safaga nicht?<\/h2>\n<ul>\n<li>Video-DVD.<\/li>\n<li>Auch die Foto-CD.<\/li>\n<\/ul>\n<h2>Was Sie f\u00fcr die Reise mitnehmen sollten<\/h2>\n<ul>\n<li>Schal.<\/li>\n<li>Auch die Sonnenbrille.<\/li>\n<\/ul>\n<h2>Mega Safari Ausflug Hurghada Buchungstage<\/h2>\n<ul>\n<li>T\u00e4glich von 13:00 \u2013 19:00 Uhr.<\/li>\n<\/ul>\n","protected":false},"excerpt":{"rendered":"<p>Begeben Sie sich auf eine Reise voller Liebe und Abenteuer mit der Hurghada Mega-Safari, dem ultimativen Sahara-Safari-Erlebnis in Hurghada. Steigen Sie auf ein Quad und fahren Sie durch die W\u00fcste, w\u00e4hrend Sie Kamelreiten genie\u00dfen und das pr\u00e4chtige Terrarium beobachten. Au\u00dferdem lernen Sie die charmanten Beduinen kennen und erfahren mehr \u00fcber ihre reiche Kultur. Lassen Sie Ihren Tag mit einem k\u00f6stlichen Abendessen und den bezaubernden Rhythmen orientalischer T\u00e4nze in einem Beduinenzelt ausklingen.<\/p>\n<p>Reisen Sie auf unserer Hurghada-Sonnenuntergangssafari mit dem Quad tief ins Herz der W\u00fcste. Erkunden Sie ein Beduinendorf, g\u00f6nnen Sie sich einen Kamelritt, genie\u00dfen Sie ein k\u00f6stliches Barbecue-Abendessen und erleben Sie eine spektakul\u00e4re orientalische Show.<\/p>\n<p>Die Hurghada-Sonnenuntergangs-W\u00fcstensafari mit dem Quad ist ein unvergessliches Erlebnis. Sie werden in einem klimatisierten Auto von Ihrem Hotel abgeholt und zum Safarizentrum gebracht, wo Sie wichtige Anweisungen erhalten, um eine sichere und angenehme Tour zu gew\u00e4hrleisten. Nach einer 45-min\u00fctigen Quad-Fahrt (30 km) erreichen Sie ein Beduinendorf, wo Sie seinen einzigartigen Lebensstil entdecken, Beduinentee genie\u00dfen und auf einem Kamel durch den Sand reiten k\u00f6nnen.<\/p>\n<p>Erleben Sie die Sch\u00f6nheit des Sonnenuntergangs in der W\u00fcste von Hurghada, w\u00e4hrend Sie ein offenes Barbecue-Abendessen mit unbegrenzten alkoholfreien Getr\u00e4nken und Wasser genie\u00dfen. Beenden Sie Ihren Tag mit unserer speziellen orientalischen Show, bevor Sie mit Ihrem Quad zum Ausgangspunkt zur\u00fcckkehren. Verlieben Sie sich in den magischen Reiz der W\u00fcste und schaffen Sie unvergessliche Erinnerungen mit Ihren Lieben.<\/p>\n","protected":false},"featured_media":135299,"comment_status":"open","ping_status":"closed","template":"","meta":{"_coblocks_attr":"","_coblocks_dimensions":"","_coblocks_responsive_height":"","_coblocks_accordion_ie_support":"","_uag_custom_page_level_css":"","jetpack_publicize_message":"","jetpack_publicize_feature_enabled":true,"jetpack_social_post_already_shared":true,"jetpack_social_options":{"image_generator_settings":{"template":"highway","default_image_id":0,"font":"","enabled":false},"version":2},"_wpas_customize_per_network":false},"product_brand":[],"product_cat":[23604,22160,16902,20146],"product_tag":[1653,2180,2177,2113],"class_list":{"0":"post-135413","1":"product","2":"type-product","3":"status-publish","4":"has-post-thumbnail","6":"product_cat-budgetfreundliche-ausfluege-safaga","7":"product_cat-hurghada-quad-touren","8":"product_cat-ausfluege-safaga","9":"product_cat-safaga-safari-ausfluege","10":"product_tag-ausflug","11":"product_tag-quadfahren","12":"product_tag-safari-de","13":"product_tag-wustensafari","14":"pa_age-erwachsene","15":"pa_age-kind-1-4-jahre","16":"pa_age-kind-5-11-jahre","18":"first","19":"instock","20":"sale","21":"taxable","22":"shipping-taxable","23":"purchasable","24":"product-type-variable"},"yoast_head":"<!-- This site is optimized with the Yoast SEO Premium plugin v27.5 (Yoast SEO v27.5) - https:\/\/yoast.com\/product\/yoast-seo-premium-wordpress\/ -->\n<title>Mega Quadfahren Safaga<\/title>\n<meta name=\"description\" content=\"Mega Quadfahren Safaga hat mehrere Unterhaltungspunkte; Es ist der aktivste Ausflug auf einer W\u00fcstensafari in Hurghada, \u00c4gypten. die W\u00fcste zu sehen und sich\" \/>\n<meta name=\"robots\" content=\"index, follow, max-snippet:-1, max-image-preview:large, max-video-preview:-1\" \/>\n<link rel=\"canonical\" href=\"https:\/\/landioustravel.com\/de\/shop\/mega-quadfahren-safaga\/\" \/>\n<meta property=\"og:locale\" content=\"de_DE\" \/>\n<meta property=\"og:type\" content=\"article\" \/>\n<meta property=\"og:title\" content=\"Mega Quadfahren Safaga\" \/>\n<meta property=\"og:description\" content=\"Landious Travel\" \/>\n<meta property=\"og:url\" content=\"https:\/\/landioustravel.com\/de\/shop\/mega-quadfahren-safaga\/\" \/>\n<meta property=\"og:site_name\" content=\"Landious Travel\" \/>\n<meta property=\"article:publisher\" content=\"https:\/\/web.facebook.com\/landiousEgypt\" \/>\n<meta property=\"article:modified_time\" content=\"2023-06-18T22:46:11+00:00\" \/>\n<meta property=\"og:image\" content=\"https:\/\/i0.wp.com\/landioustravel.com\/wp-content\/uploads\/2022\/12\/Mega-Quad-Biking-Safaga-e1671665009339.jpg?fit=1200%2C675&ssl=1\" \/>\n\t<meta property=\"og:image:width\" content=\"1200\" \/>\n\t<meta property=\"og:image:height\" content=\"675\" \/>\n\t<meta property=\"og:image:type\" content=\"image\/jpeg\" \/>\n<meta name=\"twitter:card\" content=\"summary_large_image\" \/>\n<meta name=\"twitter:site\" content=\"@LandiousTours\" \/>\n<meta name=\"twitter:label1\" content=\"Gesch\u00e4tzte Lesezeit\" \/>\n\t<meta name=\"twitter:data1\" content=\"2\u00a0Minuten\" \/>\n<script type=\"application\/ld+json\" class=\"yoast-schema-graph\">{\"@context\":\"https:\\\/\\\/schema.org\",\"@graph\":[{\"@type\":\"WebPage\",\"@id\":\"https:\\\/\\\/landioustravel.com\\\/de\\\/shop\\\/mega-quadfahren-safaga\\\/\",\"url\":\"https:\\\/\\\/landioustravel.com\\\/de\\\/shop\\\/mega-quadfahren-safaga\\\/\",\"name\":\"Mega Quadfahren Safaga\",\"isPartOf\":{\"@id\":\"https:\\\/\\\/landioustravel.com\\\/de\\\/#website\"},\"primaryImageOfPage\":{\"@id\":\"https:\\\/\\\/landioustravel.com\\\/de\\\/shop\\\/mega-quadfahren-safaga\\\/#primaryimage\"},\"image\":{\"@id\":\"https:\\\/\\\/landioustravel.com\\\/de\\\/shop\\\/mega-quadfahren-safaga\\\/#primaryimage\"},\"thumbnailUrl\":\"https:\\\/\\\/i0.wp.com\\\/landioustravel.com\\\/wp-content\\\/uploads\\\/2022\\\/12\\\/Mega-Quad-Biking-Safaga-e1671665009339.jpg?fit=1200%2C675&ssl=1\",\"datePublished\":\"2023-02-01T09:15:41+00:00\",\"dateModified\":\"2023-06-18T22:46:11+00:00\",\"description\":\"Mega Quadfahren Safaga hat mehrere Unterhaltungspunkte; Es ist der aktivste Ausflug auf einer W\u00fcstensafari in Hurghada, \u00c4gypten. die W\u00fcste zu sehen und sich\",\"breadcrumb\":{\"@id\":\"https:\\\/\\\/landioustravel.com\\\/de\\\/shop\\\/mega-quadfahren-safaga\\\/#breadcrumb\"},\"inLanguage\":\"de\",\"potentialAction\":[{\"@type\":\"ReadAction\",\"target\":[\"https:\\\/\\\/landioustravel.com\\\/de\\\/shop\\\/mega-quadfahren-safaga\\\/\"]}]},{\"@type\":\"ImageObject\",\"inLanguage\":\"de\",\"@id\":\"https:\\\/\\\/landioustravel.com\\\/de\\\/shop\\\/mega-quadfahren-safaga\\\/#primaryimage\",\"url\":\"https:\\\/\\\/i0.wp.com\\\/landioustravel.com\\\/wp-content\\\/uploads\\\/2022\\\/12\\\/Mega-Quad-Biking-Safaga-e1671665009339.jpg?fit=1200%2C675&ssl=1\",\"contentUrl\":\"https:\\\/\\\/i0.wp.com\\\/landioustravel.com\\\/wp-content\\\/uploads\\\/2022\\\/12\\\/Mega-Quad-Biking-Safaga-e1671665009339.jpg?fit=1200%2C675&ssl=1\",\"width\":1200,\"height\":675,\"caption\":\"Mega Quad Biking Safaga\"},{\"@type\":\"BreadcrumbList\",\"@id\":\"https:\\\/\\\/landioustravel.com\\\/de\\\/shop\\\/mega-quadfahren-safaga\\\/#breadcrumb\",\"itemListElement\":[{\"@type\":\"ListItem\",\"position\":1,\"name\":\"Home\",\"item\":\"https:\\\/\\\/landioustravel.com\\\/de\\\/\"},{\"@type\":\"ListItem\",\"position\":2,\"name\":\"\u00c4gypten Touren\",\"item\":\"https:\\\/\\\/landioustravel.com\\\/de\\\/\"},{\"@type\":\"ListItem\",\"position\":3,\"name\":\"Mega Quadfahren Safaga\"}]},{\"@type\":\"WebSite\",\"@id\":\"https:\\\/\\\/landioustravel.com\\\/de\\\/#website\",\"url\":\"https:\\\/\\\/landioustravel.com\\\/de\\\/\",\"name\":\"Landious Travel\",\"description\":\"Excursions, trips and cruises in Egypt\",\"publisher\":{\"@id\":\"https:\\\/\\\/landioustravel.com\\\/de\\\/#organization\"},\"potentialAction\":[{\"@type\":\"SearchAction\",\"target\":{\"@type\":\"EntryPoint\",\"urlTemplate\":\"https:\\\/\\\/landioustravel.com\\\/de\\\/?s={search_term_string}\"},\"query-input\":{\"@type\":\"PropertyValueSpecification\",\"valueRequired\":true,\"valueName\":\"search_term_string\"}}],\"inLanguage\":\"de\"},{\"@type\":[\"Organization\",\"Place\"],\"@id\":\"https:\\\/\\\/landioustravel.com\\\/de\\\/#organization\",\"name\":\"Landious Travel\",\"alternateName\":\"Landious Travel\",\"url\":\"https:\\\/\\\/landioustravel.com\\\/de\\\/\",\"logo\":{\"@id\":\"https:\\\/\\\/landioustravel.com\\\/de\\\/shop\\\/mega-quadfahren-safaga\\\/#local-main-organization-logo\"},\"image\":{\"@id\":\"https:\\\/\\\/landioustravel.com\\\/de\\\/shop\\\/mega-quadfahren-safaga\\\/#local-main-organization-logo\"},\"sameAs\":[\"https:\\\/\\\/web.facebook.com\\\/landiousEgypt\",\"https:\\\/\\\/x.com\\\/LandiousTours\",\"https:\\\/\\\/mastodon.social\\\/@landious\"],\"legalName\":\"Landious Travel\",\"telephone\":[],\"openingHoursSpecification\":[{\"@type\":\"OpeningHoursSpecification\",\"dayOfWeek\":[\"Monday\",\"Tuesday\",\"Wednesday\",\"Thursday\",\"Friday\",\"Saturday\",\"Sunday\"],\"opens\":\"09:00\",\"closes\":\"17:00\"}]},{\"@type\":\"ImageObject\",\"inLanguage\":\"de\",\"@id\":\"https:\\\/\\\/landioustravel.com\\\/de\\\/shop\\\/mega-quadfahren-safaga\\\/#local-main-organization-logo\",\"url\":\"https:\\\/\\\/i0.wp.com\\\/landioustravel.com\\\/wp-content\\\/uploads\\\/2021\\\/06\\\/Landious-T.png?fit=500%2C500&ssl=1\",\"contentUrl\":\"https:\\\/\\\/i0.wp.com\\\/landioustravel.com\\\/wp-content\\\/uploads\\\/2021\\\/06\\\/Landious-T.png?fit=500%2C500&ssl=1\",\"width\":500,\"height\":500,\"caption\":\"Landious Travel\"}]}<\/script>\n<!-- \/ Yoast SEO Premium plugin. -->","yoast_head_json":{"title":"Mega Quadfahren Safaga","description":"Mega Quadfahren Safaga hat mehrere Unterhaltungspunkte; Es ist der aktivste Ausflug auf einer W\u00fcstensafari in Hurghada, \u00c4gypten. die W\u00fcste zu sehen und sich","robots":{"index":"index","follow":"follow","max-snippet":"max-snippet:-1","max-image-preview":"max-image-preview:large","max-video-preview":"max-video-preview:-1"},"canonical":"https:\/\/landioustravel.com\/de\/shop\/mega-quadfahren-safaga\/","og_locale":"de_DE","og_type":"article","og_title":"Mega Quadfahren Safaga","og_description":"Landious Travel","og_url":"https:\/\/landioustravel.com\/de\/shop\/mega-quadfahren-safaga\/","og_site_name":"Landious Travel","article_publisher":"https:\/\/web.facebook.com\/landiousEgypt","article_modified_time":"2023-06-18T22:46:11+00:00","og_image":[{"width":1200,"height":675,"url":"https:\/\/i0.wp.com\/landioustravel.com\/wp-content\/uploads\/2022\/12\/Mega-Quad-Biking-Safaga-e1671665009339.jpg?fit=1200%2C675&ssl=1","type":"image\/jpeg"}],"twitter_card":"summary_large_image","twitter_site":"@LandiousTours","twitter_misc":{"Gesch\u00e4tzte Lesezeit":"2\u00a0Minuten"},"schema":{"@context":"https:\/\/schema.org","@graph":[{"@type":"WebPage","@id":"https:\/\/landioustravel.com\/de\/shop\/mega-quadfahren-safaga\/","url":"https:\/\/landioustravel.com\/de\/shop\/mega-quadfahren-safaga\/","name":"Mega Quadfahren Safaga","isPartOf":{"@id":"https:\/\/landioustravel.com\/de\/#website"},"primaryImageOfPage":{"@id":"https:\/\/landioustravel.com\/de\/shop\/mega-quadfahren-safaga\/#primaryimage"},"image":{"@id":"https:\/\/landioustravel.com\/de\/shop\/mega-quadfahren-safaga\/#primaryimage"},"thumbnailUrl":"https:\/\/i0.wp.com\/landioustravel.com\/wp-content\/uploads\/2022\/12\/Mega-Quad-Biking-Safaga-e1671665009339.jpg?fit=1200%2C675&ssl=1","datePublished":"2023-02-01T09:15:41+00:00","dateModified":"2023-06-18T22:46:11+00:00","description":"Mega Quadfahren Safaga hat mehrere Unterhaltungspunkte; Es ist der aktivste Ausflug auf einer W\u00fcstensafari in Hurghada, \u00c4gypten. die W\u00fcste zu sehen und sich","breadcrumb":{"@id":"https:\/\/landioustravel.com\/de\/shop\/mega-quadfahren-safaga\/#breadcrumb"},"inLanguage":"de","potentialAction":[{"@type":"ReadAction","target":["https:\/\/landioustravel.com\/de\/shop\/mega-quadfahren-safaga\/"]}]},{"@type":"ImageObject","inLanguage":"de","@id":"https:\/\/landioustravel.com\/de\/shop\/mega-quadfahren-safaga\/#primaryimage","url":"https:\/\/i0.wp.com\/landioustravel.com\/wp-content\/uploads\/2022\/12\/Mega-Quad-Biking-Safaga-e1671665009339.jpg?fit=1200%2C675&ssl=1","contentUrl":"https:\/\/i0.wp.com\/landioustravel.com\/wp-content\/uploads\/2022\/12\/Mega-Quad-Biking-Safaga-e1671665009339.jpg?fit=1200%2C675&ssl=1","width":1200,"height":675,"caption":"Mega Quad Biking Safaga"},{"@type":"BreadcrumbList","@id":"https:\/\/landioustravel.com\/de\/shop\/mega-quadfahren-safaga\/#breadcrumb","itemListElement":[{"@type":"ListItem","position":1,"name":"Home","item":"https:\/\/landioustravel.com\/de\/"},{"@type":"ListItem","position":2,"name":"\u00c4gypten Touren","item":"https:\/\/landioustravel.com\/de\/"},{"@type":"ListItem","position":3,"name":"Mega Quadfahren Safaga"}]},{"@type":"WebSite","@id":"https:\/\/landioustravel.com\/de\/#website","url":"https:\/\/landioustravel.com\/de\/","name":"Landious Travel","description":"Excursions, trips and cruises in Egypt","publisher":{"@id":"https:\/\/landioustravel.com\/de\/#organization"},"potentialAction":[{"@type":"SearchAction","target":{"@type":"EntryPoint","urlTemplate":"https:\/\/landioustravel.com\/de\/?s={search_term_string}"},"query-input":{"@type":"PropertyValueSpecification","valueRequired":true,"valueName":"search_term_string"}}],"inLanguage":"de"},{"@type":["Organization","Place"],"@id":"https:\/\/landioustravel.com\/de\/#organization","name":"Landious Travel","alternateName":"Landious Travel","url":"https:\/\/landioustravel.com\/de\/","logo":{"@id":"https:\/\/landioustravel.com\/de\/shop\/mega-quadfahren-safaga\/#local-main-organization-logo"},"image":{"@id":"https:\/\/landioustravel.com\/de\/shop\/mega-quadfahren-safaga\/#local-main-organization-logo"},"sameAs":["https:\/\/web.facebook.com\/landiousEgypt","https:\/\/x.com\/LandiousTours","https:\/\/mastodon.social\/@landious"],"legalName":"Landious Travel","telephone":[],"openingHoursSpecification":[{"@type":"OpeningHoursSpecification","dayOfWeek":["Monday","Tuesday","Wednesday","Thursday","Friday","Saturday","Sunday"],"opens":"09:00","closes":"17:00"}]},{"@type":"ImageObject","inLanguage":"de","@id":"https:\/\/landioustravel.com\/de\/shop\/mega-quadfahren-safaga\/#local-main-organization-logo","url":"https:\/\/i0.wp.com\/landioustravel.com\/wp-content\/uploads\/2021\/06\/Landious-T.png?fit=500%2C500&ssl=1","contentUrl":"https:\/\/i0.wp.com\/landioustravel.com\/wp-content\/uploads\/2021\/06\/Landious-T.png?fit=500%2C500&ssl=1","width":500,"height":500,"caption":"Landious Travel"}]}},"jetpack_publicize_connections":[],"uagb_featured_image_src":{"full":["https:\/\/i0.wp.com\/landioustravel.com\/wp-content\/uploads\/2022\/12\/Mega-Quad-Biking-Safaga-e1671665009339.jpg?fit=1200%2C675&ssl=1",1200,675,false],"thumbnail":["https:\/\/i0.wp.com\/landioustravel.com\/wp-content\/uploads\/2022\/12\/Mega-Quad-Biking-Safaga-e1671665009339.jpg?resize=150%2C150&ssl=1",150,150,true],"medium":["https:\/\/i0.wp.com\/landioustravel.com\/wp-content\/uploads\/2022\/12\/Mega-Quad-Biking-Safaga-e1671665009339.jpg?fit=300%2C169&ssl=1",300,169,true],"medium_large":["https:\/\/i0.wp.com\/landioustravel.com\/wp-content\/uploads\/2022\/12\/Mega-Quad-Biking-Safaga-e1671665009339.jpg?fit=768%2C432&ssl=1",768,432,true],"large":["https:\/\/i0.wp.com\/landioustravel.com\/wp-content\/uploads\/2022\/12\/Mega-Quad-Biking-Safaga-e1671665009339.jpg?fit=980%2C551&ssl=1",980,551,true],"1536x1536":["https:\/\/i0.wp.com\/landioustravel.com\/wp-content\/uploads\/2022\/12\/Mega-Quad-Biking-Safaga-e1671665009339.jpg?fit=1536%2C864&ssl=1",1536,864,true],"2048x2048":["https:\/\/i0.wp.com\/landioustravel.com\/wp-content\/uploads\/2022\/12\/Mega-Quad-Biking-Safaga-e1671665009339.jpg?fit=1200%2C675&ssl=1",1200,675,true],"newspack-article-block-landscape-large":["https:\/\/i0.wp.com\/landioustravel.com\/wp-content\/uploads\/2022\/12\/Mega-Quad-Biking-Safaga-e1671665009339.jpg?resize=1200%2C675&ssl=1",1200,675,true],"newspack-article-block-portrait-large":["https:\/\/i0.wp.com\/landioustravel.com\/wp-content\/uploads\/2022\/12\/Mega-Quad-Biking-Safaga-e1671665009339.jpg?resize=900%2C675&ssl=1",900,675,true],"newspack-article-block-square-large":["https:\/\/i0.wp.com\/landioustravel.com\/wp-content\/uploads\/2022\/12\/Mega-Quad-Biking-Safaga-e1671665009339.jpg?resize=1200%2C675&ssl=1",1200,675,true],"newspack-article-block-landscape-medium":["https:\/\/i0.wp.com\/landioustravel.com\/wp-content\/uploads\/2022\/12\/Mega-Quad-Biking-Safaga-e1671665009339.jpg?resize=800%2C600&ssl=1",800,600,true],"newspack-article-block-portrait-medium":["https:\/\/i0.wp.com\/landioustravel.com\/wp-content\/uploads\/2022\/12\/Mega-Quad-Biking-Safaga-e1671665009339.jpg?resize=600%2C675&ssl=1",600,675,true],"newspack-article-block-square-medium":["https:\/\/i0.wp.com\/landioustravel.com\/wp-content\/uploads\/2022\/12\/Mega-Quad-Biking-Safaga-e1671665009339.jpg?resize=800%2C675&ssl=1",800,675,true],"newspack-article-block-landscape-intermediate":["https:\/\/i0.wp.com\/landioustravel.com\/wp-content\/uploads\/2022\/12\/Mega-Quad-Biking-Safaga-e1671665009339.jpg?resize=600%2C450&ssl=1",600,450,true],"newspack-article-block-portrait-intermediate":["https:\/\/i0.wp.com\/landioustravel.com\/wp-content\/uploads\/2022\/12\/Mega-Quad-Biking-Safaga-e1671665009339.jpg?resize=450%2C600&ssl=1",450,600,true],"newspack-article-block-square-intermediate":["https:\/\/i0.wp.com\/landioustravel.com\/wp-content\/uploads\/2022\/12\/Mega-Quad-Biking-Safaga-e1671665009339.jpg?resize=600%2C600&ssl=1",600,600,true],"newspack-article-block-landscape-small":["https:\/\/i0.wp.com\/landioustravel.com\/wp-content\/uploads\/2022\/12\/Mega-Quad-Biking-Safaga-e1671665009339.jpg?resize=400%2C300&ssl=1",400,300,true],"newspack-article-block-portrait-small":["https:\/\/i0.wp.com\/landioustravel.com\/wp-content\/uploads\/2022\/12\/Mega-Quad-Biking-Safaga-e1671665009339.jpg?resize=300%2C400&ssl=1",300,400,true],"newspack-article-block-square-small":["https:\/\/i0.wp.com\/landioustravel.com\/wp-content\/uploads\/2022\/12\/Mega-Quad-Biking-Safaga-e1671665009339.jpg?resize=400%2C400&ssl=1",400,400,true],"newspack-article-block-landscape-tiny":["https:\/\/i0.wp.com\/landioustravel.com\/wp-content\/uploads\/2022\/12\/Mega-Quad-Biking-Safaga-e1671665009339.jpg?resize=200%2C150&ssl=1",200,150,true],"newspack-article-block-portrait-tiny":["https:\/\/i0.wp.com\/landioustravel.com\/wp-content\/uploads\/2022\/12\/Mega-Quad-Biking-Safaga-e1671665009339.jpg?resize=150%2C200&ssl=1",150,200,true],"newspack-article-block-square-tiny":["https:\/\/i0.wp.com\/landioustravel.com\/wp-content\/uploads\/2022\/12\/Mega-Quad-Biking-Safaga-e1671665009339.jpg?resize=200%2C200&ssl=1",200,200,true],"newspack-article-block-uncropped":["https:\/\/i0.wp.com\/landioustravel.com\/wp-content\/uploads\/2022\/12\/Mega-Quad-Biking-Safaga-e1671665009339.jpg?fit=1200%2C675&ssl=1",1200,675,true],"woocommerce_thumbnail":["https:\/\/i0.wp.com\/landioustravel.com\/wp-content\/uploads\/2022\/12\/Mega-Quad-Biking-Safaga-e1671665009339.jpg?resize=324%2C324&ssl=1",324,324,true],"woocommerce_single":["https:\/\/i0.wp.com\/landioustravel.com\/wp-content\/uploads\/2022\/12\/Mega-Quad-Biking-Safaga-e1671665009339.jpg?fit=416%2C234&ssl=1",416,234,true],"woocommerce_gallery_thumbnail":["https:\/\/i0.wp.com\/landioustravel.com\/wp-content\/uploads\/2022\/12\/Mega-Quad-Biking-Safaga-e1671665009339.jpg?resize=100%2C100&ssl=1",100,100,true]},"uagb_author_info":{"display_name":"Mofreh Landious","author_link":"https:\/\/landioustravel.com\/de\/author\/"},"uagb_comment_info":0,"uagb_excerpt":"Begeben Sie sich auf eine Reise voller Liebe und Abenteuer mit der Hurghada Mega-Safari, dem ultimativen Sahara-Safari-Erlebnis in Hurghada. Steigen Sie auf ein Quad und fahren Sie durch die W\u00fcste, w\u00e4hrend Sie Kamelreiten genie\u00dfen und das pr\u00e4chtige Terrarium beobachten. Au\u00dferdem lernen Sie die charmanten Beduinen kennen und erfahren mehr \u00fcber ihre reiche Kultur. Lassen Sie&hellip;","jetpack_sharing_enabled":true,"jetpack_likes_enabled":true,"amp_enabled":true,"_links":{"self":[{"href":"https:\/\/landioustravel.com\/de\/wp-json\/wp\/v2\/product\/135413","targetHints":{"allow":["GET"]}}],"collection":[{"href":"https:\/\/landioustravel.com\/de\/wp-json\/wp\/v2\/product"}],"about":[{"href":"https:\/\/landioustravel.com\/de\/wp-json\/wp\/v2\/types\/product"}],"replies":[{"embeddable":true,"href":"https:\/\/landioustravel.com\/de\/wp-json\/wp\/v2\/comments?post=135413"}],"wp:featuredmedia":[{"embeddable":true,"href":"https:\/\/landioustravel.com\/de\/wp-json\/wp\/v2\/media\/135299"}],"wp:attachment":[{"href":"https:\/\/landioustravel.com\/de\/wp-json\/wp\/v2\/media?parent=135413"}],"wp:term":[{"taxonomy":"product_brand","embeddable":true,"href":"https:\/\/landioustravel.com\/de\/wp-json\/wp\/v2\/product_brand?post=135413"},{"taxonomy":"product_cat","embeddable":true,"href":"https:\/\/landioustravel.com\/de\/wp-json\/wp\/v2\/product_cat?post=135413"},{"taxonomy":"product_tag","embeddable":true,"href":"https:\/\/landioustravel.com\/de\/wp-json\/wp\/v2\/product_tag?post=135413"}],"curies":[{"name":"wp","href":"https:\/\/api.w.org\/{rel}","templated":true}]}}