{"id":135418,"date":"2022-12-22T00:17:26","date_gmt":"2023-02-01T15:53:35","guid":{"rendered":"https:\/\/landioustravel.com\/?post_type=product&#038;p=135418"},"modified":"2023-06-19T00:55:49","modified_gmt":"2023-06-18T22:55:49","slug":"hurghada-quadfahren-safaga","status":"publish","type":"product","link":"https:\/\/landioustravel.com\/de\/shop\/hurghada-quadfahren-safaga\/","title":{"rendered":"Hurghada Quadfahren Safaga"},"content":{"rendered":"<p><strong>Hurghada Quadfahren Safaga<\/strong> ist eine aktive Reise zum Quadfahren in Hurghada, an der Touristen von Safaga aus teilnehmen k\u00f6nnen. \u00c4gypten! Wir empfehlen den Ausflug, weil er es den Touristen erm\u00f6glicht, Quads zu fahren. Au\u00dferdem erm\u00f6glicht es die Entdeckung der W\u00fcste in Hurghada und das Kennenlernen der Kultur der Beduinen. Es ist eine sch\u00f6ne Erfahrung f\u00fcr eine dreist\u00fcndige Moto-Safari in Hurghada! Diese Fahrt wird eine lange Strecke in der W\u00fcste sein \u2013 50 km.<\/p>\n<h2>Highlights auf Hurghada Quadfahren von Safaga<\/h2>\n<ul>\n<li>Quadfahren f\u00fcr eine Strecke von 50 km in der W\u00fcste.<\/li>\n<li>Kamelreiten in der W\u00fcste.<\/li>\n<li>Trinken Sie auch Tee im Beduinenzelt.<\/li>\n<\/ul>\n<h2>Quad-Fahrprogramm<\/h2>\n<ul>\n<li>Zun\u00e4chst holt Sie der Vertreter von Landious Travel gegen 08:00 Uhr vom Hotel ab.<\/li>\n<li>Zweitens wird unser Minibus\/Jeep, nachdem er alle Ank\u00f6mmlinge abgeholt hat, mit einer Quad-Basis in die W\u00fcste fahren. Der Weg zu dieser Basis dauert etwa 30 Minuten.<\/li>\n<\/ul>\n<h3>Aufw\u00e4rmen &amp; Anleitung<\/h3>\n<ul>\n<li>Grunds\u00e4tzlich m\u00fcssen Sie sich vorbereiten. Sie tragen ein Kopftuch, einen Helm und eine Sonnenbrille.<\/li>\n<li>Dann gibt es noch ein bisschen Unterricht und Training.<\/li>\n<\/ul>\n<h3>Quadfahren zum Beduinendorf<\/h3>\n<ul>\n<li>Anschlie\u00dfend fahren Sie 25 km durch die W\u00fcste zum Beduinendorf.<\/li>\n<li>Sobald Sie im Beduinendorf ankommen, unternehmen Sie einen Kamelritt. An diesem Ort k\u00f6nnen Sie Fotos mit den Beduinen machen.<\/li>\n<li>Nach dem Kamelreiten begleitet Sie Ihr Guide zum Beduinenzelt. In diesem Zelt trinken Sie eine Tasse Tee. Au\u00dferdem k\u00f6nnen Sie die Leitfragen stellen, die Sie ben\u00f6tigen, um eine Antwort zu erhalten.<\/li>\n<\/ul>\n<h3>Quadfahren zum Bahnhof<\/h3>\n<ul>\n<li>Auch hier m\u00fcssen Sie sich auf die R\u00fcckfahrt vorbereiten. Der R\u00fcckweg ist die gleiche Distanz \u2013 25 km von der Basis entfernt. Diese Quad-Safarifahrt dauert normalerweise drei Stunden.<\/li>\n<li>Sobald Sie Ihr Abenteuer und Ihre angenehme Aktivit\u00e4t beendet haben, beginnt eine Bild- und DVD-Einweisung. Vor dem Start des Quadfahrens bietet Ihnen Ihr Trainer an, einige Fotos zu machen. Nat\u00fcrlich ist es eine hervorragende Gelegenheit, diese sch\u00f6nen Momente in Erinnerung zu behalten. Anschlie\u00dfend bietet Ihnen der Fotograf diese Bilder gegen Aufpreis an. Der Preis dieser Bilder variiert je nach Gr\u00f6\u00dfe. Es wird etwas Optionales sein. Das DVD-Briefing dauert 10 Minuten.<\/li>\n<\/ul>\n<h3>Zur\u00fcck zuhause<\/h3>\n<ul>\n<li>Schlie\u00dflich bringen wir Sie zur\u00fcck zu Ihrem Hotel.<\/li>\n<li>Das Hurghada Quad Biking von Safaga endet gegen Mittag.<\/li>\n<\/ul>\n<h2>Was beinhaltet der Preis f\u00fcr die Quad-Radtour ab Safaga?<\/h2>\n<ul>\n<li>Eintrittspreis<\/li>\n<li>Transfer in die W\u00fcste und zur\u00fcck zum Hotel.<\/li>\n<\/ul>\n<h2>Was beinhaltet das Programm der Quadfahren-Tour ab Safaga nicht?<\/h2>\n<ul>\n<li>Eintrittsgeb\u00fchr (5 USD pro Person)<\/li>\n<li>Video-DVD.<\/li>\n<li>Auch die Foto-CD.<\/li>\n<\/ul>\n<h2>Was sollte man f\u00fcr die dreist\u00fcndige Moto-Safari-Reise mitnehmen?<\/h2>\n<ul>\n<li>Schal.<\/li>\n<li>Auch Sonnenbrillen.<\/li>\n<\/ul>\n<h2>Buchungstage von Hurghada Quadfahren von Safaga<\/h2>\n<ul>\n<li>T\u00e4glich von 08:00 \u2013 13:00 Uhr.<\/li>\n<\/ul>\n","protected":false},"excerpt":{"rendered":"<p>Erleben Sie den Nervenkitzel Ihres Lebens bei einem morgendlichen Quad-Abenteuer durch die Sahara in Hurghada, wenn Sie in einem Safaga-Jhotel untergebracht sind! Lassen Sie sich um 7:30 Uhr von Ihrem Hotel abholen und begeben Sie sich zur Quad-Station, um die Grundlagen des Man\u00f6vrierens Ihres Quads zu erlernen. Lassen Sie dann los und sp\u00fcren Sie den Wind in Ihren Haaren, w\u00e4hrend Sie 20 km durch D\u00fcnen und Ebenen fahren. Unterwegs treffen Sie auf ein kleines Beduinendorf, wo Sie Ihr Fahrrad abstellen und die Gegend zu Fu\u00df erkunden k\u00f6nnen. Treffen Sie die freundlichen Einheimischen, probieren Sie ihren k\u00f6stlichen Tee und probieren Sie sogar die Shisha-Pfeife, w\u00e4hrend Sie mehr \u00fcber ihre traditionelle Lebensweise erfahren. Dies ist wirklich ein unvergessliches Erlebnis, das alles beinhaltet, was Sie f\u00fcr eine sichere und angenehme Reise ben\u00f6tigen, einschlie\u00dflich Hin- und R\u00fccktransfer zum Hotel und aller notwendigen Sicherheitsausr\u00fcstung. Buchen Sie noch heute Ihr Abenteuer und machen Sie sich bereit f\u00fcr einen aufregenden Tag in der W\u00fcste!<\/p>\n","protected":false},"featured_media":134233,"comment_status":"open","ping_status":"closed","template":"","meta":{"_coblocks_attr":"","_coblocks_dimensions":"","_coblocks_responsive_height":"","_coblocks_accordion_ie_support":"","_uag_custom_page_level_css":"","jetpack_post_was_ever_published":false,"jetpack_publicize_message":"","jetpack_publicize_feature_enabled":true,"jetpack_social_post_already_shared":true,"jetpack_social_options":{"image_generator_settings":{"template":"highway","default_image_id":0,"font":"","enabled":false},"version":2},"_wpas_customize_per_network":false},"product_brand":[],"product_cat":[23604,22160,16902,20146],"product_tag":[1653,2180,2177,2113],"class_list":{"0":"post-135418","1":"product","2":"type-product","3":"status-publish","4":"has-post-thumbnail","6":"product_cat-budgetfreundliche-ausfluege-safaga","7":"product_cat-hurghada-quad-touren","8":"product_cat-ausfluege-safaga","9":"product_cat-safaga-safari-ausfluege","10":"product_tag-ausflug","11":"product_tag-quadfahren","12":"product_tag-safari-de","13":"product_tag-wustensafari","14":"pa_age-erwachsene","15":"pa_age-kind-1-4-jahre","16":"pa_age-kind-5-11-jahre","18":"first","19":"instock","20":"sale","21":"taxable","22":"shipping-taxable","23":"purchasable","24":"product-type-variable"},"yoast_head":"<!-- This site is optimized with the Yoast SEO Premium plugin v26.9 (Yoast SEO v27.3) - https:\/\/yoast.com\/product\/yoast-seo-premium-wordpress\/ -->\n<title>Hurghada Quadfahren Safaga - Buchen - Landious Travel<\/title>\n<meta name=\"description\" content=\"Hurghada Quadfahren Safaga ist eine aktive Reise zum Quadfahren in Hurghada, an der Touristen von Safaga aus teilnehmen k\u00f6nnen. \u00c4gypten! Wir empfehlen den\" \/>\n<meta name=\"robots\" content=\"index, follow, max-snippet:-1, max-image-preview:large, max-video-preview:-1\" \/>\n<link rel=\"canonical\" href=\"https:\/\/landioustravel.com\/de\/shop\/hurghada-quadfahren-safaga\/\" \/>\n<meta property=\"og:locale\" content=\"de_DE\" \/>\n<meta property=\"og:type\" content=\"article\" \/>\n<meta property=\"og:title\" content=\"Hurghada Quadfahren Safaga\" \/>\n<meta property=\"og:description\" content=\"Landious Travel\" \/>\n<meta property=\"og:url\" content=\"https:\/\/landioustravel.com\/de\/shop\/hurghada-quadfahren-safaga\/\" \/>\n<meta property=\"og:site_name\" content=\"Landious Travel\" \/>\n<meta property=\"article:publisher\" content=\"https:\/\/web.facebook.com\/landiousEgypt\" \/>\n<meta property=\"article:modified_time\" content=\"2023-06-18T22:55:49+00:00\" \/>\n<meta property=\"og:image\" content=\"https:\/\/i0.wp.com\/landioustravel.com\/wp-content\/uploads\/2022\/12\/Hurghada-Quad-Biking-from-Safaga-e1671661505322.jpg?fit=1200%2C675&ssl=1\" \/>\n\t<meta property=\"og:image:width\" content=\"1200\" \/>\n\t<meta property=\"og:image:height\" content=\"675\" \/>\n\t<meta property=\"og:image:type\" content=\"image\/jpeg\" \/>\n<meta name=\"twitter:card\" content=\"summary_large_image\" \/>\n<meta name=\"twitter:site\" content=\"@LandiousTours\" \/>\n<meta name=\"twitter:label1\" content=\"Gesch\u00e4tzte Lesezeit\" \/>\n\t<meta name=\"twitter:data1\" content=\"2\u00a0Minuten\" \/>\n<script type=\"application\/ld+json\" class=\"yoast-schema-graph\">{\"@context\":\"https:\\\/\\\/schema.org\",\"@graph\":[{\"@type\":\"WebPage\",\"@id\":\"https:\\\/\\\/landioustravel.com\\\/de\\\/shop\\\/hurghada-quadfahren-safaga\\\/\",\"url\":\"https:\\\/\\\/landioustravel.com\\\/de\\\/shop\\\/hurghada-quadfahren-safaga\\\/\",\"name\":\"Hurghada Quadfahren Safaga - Buchen - Landious Travel\",\"isPartOf\":{\"@id\":\"https:\\\/\\\/landioustravel.com\\\/de\\\/#website\"},\"primaryImageOfPage\":{\"@id\":\"https:\\\/\\\/landioustravel.com\\\/de\\\/shop\\\/hurghada-quadfahren-safaga\\\/#primaryimage\"},\"image\":{\"@id\":\"https:\\\/\\\/landioustravel.com\\\/de\\\/shop\\\/hurghada-quadfahren-safaga\\\/#primaryimage\"},\"thumbnailUrl\":\"https:\\\/\\\/i0.wp.com\\\/landioustravel.com\\\/wp-content\\\/uploads\\\/2022\\\/12\\\/Hurghada-Quad-Biking-from-Safaga-e1671661505322.jpg?fit=1200%2C675&ssl=1\",\"datePublished\":\"2023-02-01T15:53:35+00:00\",\"dateModified\":\"2023-06-18T22:55:49+00:00\",\"description\":\"Hurghada Quadfahren Safaga ist eine aktive Reise zum Quadfahren in Hurghada, an der Touristen von Safaga aus teilnehmen k\u00f6nnen. \u00c4gypten! Wir empfehlen den\",\"breadcrumb\":{\"@id\":\"https:\\\/\\\/landioustravel.com\\\/de\\\/shop\\\/hurghada-quadfahren-safaga\\\/#breadcrumb\"},\"inLanguage\":\"de\",\"potentialAction\":[{\"@type\":\"ReadAction\",\"target\":[\"https:\\\/\\\/landioustravel.com\\\/de\\\/shop\\\/hurghada-quadfahren-safaga\\\/\"]}]},{\"@type\":\"ImageObject\",\"inLanguage\":\"de\",\"@id\":\"https:\\\/\\\/landioustravel.com\\\/de\\\/shop\\\/hurghada-quadfahren-safaga\\\/#primaryimage\",\"url\":\"https:\\\/\\\/i0.wp.com\\\/landioustravel.com\\\/wp-content\\\/uploads\\\/2022\\\/12\\\/Hurghada-Quad-Biking-from-Safaga-e1671661505322.jpg?fit=1200%2C675&ssl=1\",\"contentUrl\":\"https:\\\/\\\/i0.wp.com\\\/landioustravel.com\\\/wp-content\\\/uploads\\\/2022\\\/12\\\/Hurghada-Quad-Biking-from-Safaga-e1671661505322.jpg?fit=1200%2C675&ssl=1\",\"width\":1200,\"height\":675,\"caption\":\"Hurghada Quad Biking from Safaga\"},{\"@type\":\"BreadcrumbList\",\"@id\":\"https:\\\/\\\/landioustravel.com\\\/de\\\/shop\\\/hurghada-quadfahren-safaga\\\/#breadcrumb\",\"itemListElement\":[{\"@type\":\"ListItem\",\"position\":1,\"name\":\"Home\",\"item\":\"https:\\\/\\\/landioustravel.com\\\/de\\\/\"},{\"@type\":\"ListItem\",\"position\":2,\"name\":\"\u00c4gypten Touren\",\"item\":\"https:\\\/\\\/landioustravel.com\\\/de\\\/\"},{\"@type\":\"ListItem\",\"position\":3,\"name\":\"Hurghada Quadfahren Safaga\"}]},{\"@type\":\"WebSite\",\"@id\":\"https:\\\/\\\/landioustravel.com\\\/de\\\/#website\",\"url\":\"https:\\\/\\\/landioustravel.com\\\/de\\\/\",\"name\":\"Landious Travel\",\"description\":\"Excursions, trips and cruises in Egypt\",\"publisher\":{\"@id\":\"https:\\\/\\\/landioustravel.com\\\/de\\\/#organization\"},\"potentialAction\":[{\"@type\":\"SearchAction\",\"target\":{\"@type\":\"EntryPoint\",\"urlTemplate\":\"https:\\\/\\\/landioustravel.com\\\/de\\\/?s={search_term_string}\"},\"query-input\":{\"@type\":\"PropertyValueSpecification\",\"valueRequired\":true,\"valueName\":\"search_term_string\"}}],\"inLanguage\":\"de\"},{\"@type\":[\"Organization\",\"Place\"],\"@id\":\"https:\\\/\\\/landioustravel.com\\\/de\\\/#organization\",\"name\":\"Landious Travel\",\"alternateName\":\"Landious Travel\",\"url\":\"https:\\\/\\\/landioustravel.com\\\/de\\\/\",\"logo\":{\"@id\":\"https:\\\/\\\/landioustravel.com\\\/de\\\/shop\\\/hurghada-quadfahren-safaga\\\/#local-main-organization-logo\"},\"image\":{\"@id\":\"https:\\\/\\\/landioustravel.com\\\/de\\\/shop\\\/hurghada-quadfahren-safaga\\\/#local-main-organization-logo\"},\"sameAs\":[\"https:\\\/\\\/web.facebook.com\\\/landiousEgypt\",\"https:\\\/\\\/x.com\\\/LandiousTours\",\"https:\\\/\\\/mastodon.social\\\/@landious\"],\"legalName\":\"Landious Travel\",\"telephone\":[],\"openingHoursSpecification\":[{\"@type\":\"OpeningHoursSpecification\",\"dayOfWeek\":[\"Monday\",\"Tuesday\",\"Wednesday\",\"Thursday\",\"Friday\",\"Saturday\",\"Sunday\"],\"opens\":\"09:00\",\"closes\":\"17:00\"}]},{\"@type\":\"ImageObject\",\"inLanguage\":\"de\",\"@id\":\"https:\\\/\\\/landioustravel.com\\\/de\\\/shop\\\/hurghada-quadfahren-safaga\\\/#local-main-organization-logo\",\"url\":\"https:\\\/\\\/i0.wp.com\\\/landioustravel.com\\\/wp-content\\\/uploads\\\/2021\\\/06\\\/Landious-T.png?fit=500%2C500&ssl=1\",\"contentUrl\":\"https:\\\/\\\/i0.wp.com\\\/landioustravel.com\\\/wp-content\\\/uploads\\\/2021\\\/06\\\/Landious-T.png?fit=500%2C500&ssl=1\",\"width\":500,\"height\":500,\"caption\":\"Landious Travel\"}]}<\/script>\n<!-- \/ Yoast SEO Premium plugin. -->","yoast_head_json":{"title":"Hurghada Quadfahren Safaga - Buchen - Landious Travel","description":"Hurghada Quadfahren Safaga ist eine aktive Reise zum Quadfahren in Hurghada, an der Touristen von Safaga aus teilnehmen k\u00f6nnen. \u00c4gypten! Wir empfehlen den","robots":{"index":"index","follow":"follow","max-snippet":"max-snippet:-1","max-image-preview":"max-image-preview:large","max-video-preview":"max-video-preview:-1"},"canonical":"https:\/\/landioustravel.com\/de\/shop\/hurghada-quadfahren-safaga\/","og_locale":"de_DE","og_type":"article","og_title":"Hurghada Quadfahren Safaga","og_description":"Landious Travel","og_url":"https:\/\/landioustravel.com\/de\/shop\/hurghada-quadfahren-safaga\/","og_site_name":"Landious Travel","article_publisher":"https:\/\/web.facebook.com\/landiousEgypt","article_modified_time":"2023-06-18T22:55:49+00:00","og_image":[{"width":1200,"height":675,"url":"https:\/\/i0.wp.com\/landioustravel.com\/wp-content\/uploads\/2022\/12\/Hurghada-Quad-Biking-from-Safaga-e1671661505322.jpg?fit=1200%2C675&ssl=1","type":"image\/jpeg"}],"twitter_card":"summary_large_image","twitter_site":"@LandiousTours","twitter_misc":{"Gesch\u00e4tzte Lesezeit":"2\u00a0Minuten"},"schema":{"@context":"https:\/\/schema.org","@graph":[{"@type":"WebPage","@id":"https:\/\/landioustravel.com\/de\/shop\/hurghada-quadfahren-safaga\/","url":"https:\/\/landioustravel.com\/de\/shop\/hurghada-quadfahren-safaga\/","name":"Hurghada Quadfahren Safaga - Buchen - Landious Travel","isPartOf":{"@id":"https:\/\/landioustravel.com\/de\/#website"},"primaryImageOfPage":{"@id":"https:\/\/landioustravel.com\/de\/shop\/hurghada-quadfahren-safaga\/#primaryimage"},"image":{"@id":"https:\/\/landioustravel.com\/de\/shop\/hurghada-quadfahren-safaga\/#primaryimage"},"thumbnailUrl":"https:\/\/i0.wp.com\/landioustravel.com\/wp-content\/uploads\/2022\/12\/Hurghada-Quad-Biking-from-Safaga-e1671661505322.jpg?fit=1200%2C675&ssl=1","datePublished":"2023-02-01T15:53:35+00:00","dateModified":"2023-06-18T22:55:49+00:00","description":"Hurghada Quadfahren Safaga ist eine aktive Reise zum Quadfahren in Hurghada, an der Touristen von Safaga aus teilnehmen k\u00f6nnen. \u00c4gypten! Wir empfehlen den","breadcrumb":{"@id":"https:\/\/landioustravel.com\/de\/shop\/hurghada-quadfahren-safaga\/#breadcrumb"},"inLanguage":"de","potentialAction":[{"@type":"ReadAction","target":["https:\/\/landioustravel.com\/de\/shop\/hurghada-quadfahren-safaga\/"]}]},{"@type":"ImageObject","inLanguage":"de","@id":"https:\/\/landioustravel.com\/de\/shop\/hurghada-quadfahren-safaga\/#primaryimage","url":"https:\/\/i0.wp.com\/landioustravel.com\/wp-content\/uploads\/2022\/12\/Hurghada-Quad-Biking-from-Safaga-e1671661505322.jpg?fit=1200%2C675&ssl=1","contentUrl":"https:\/\/i0.wp.com\/landioustravel.com\/wp-content\/uploads\/2022\/12\/Hurghada-Quad-Biking-from-Safaga-e1671661505322.jpg?fit=1200%2C675&ssl=1","width":1200,"height":675,"caption":"Hurghada Quad Biking from Safaga"},{"@type":"BreadcrumbList","@id":"https:\/\/landioustravel.com\/de\/shop\/hurghada-quadfahren-safaga\/#breadcrumb","itemListElement":[{"@type":"ListItem","position":1,"name":"Home","item":"https:\/\/landioustravel.com\/de\/"},{"@type":"ListItem","position":2,"name":"\u00c4gypten Touren","item":"https:\/\/landioustravel.com\/de\/"},{"@type":"ListItem","position":3,"name":"Hurghada Quadfahren Safaga"}]},{"@type":"WebSite","@id":"https:\/\/landioustravel.com\/de\/#website","url":"https:\/\/landioustravel.com\/de\/","name":"Landious Travel","description":"Excursions, trips and cruises in Egypt","publisher":{"@id":"https:\/\/landioustravel.com\/de\/#organization"},"potentialAction":[{"@type":"SearchAction","target":{"@type":"EntryPoint","urlTemplate":"https:\/\/landioustravel.com\/de\/?s={search_term_string}"},"query-input":{"@type":"PropertyValueSpecification","valueRequired":true,"valueName":"search_term_string"}}],"inLanguage":"de"},{"@type":["Organization","Place"],"@id":"https:\/\/landioustravel.com\/de\/#organization","name":"Landious Travel","alternateName":"Landious Travel","url":"https:\/\/landioustravel.com\/de\/","logo":{"@id":"https:\/\/landioustravel.com\/de\/shop\/hurghada-quadfahren-safaga\/#local-main-organization-logo"},"image":{"@id":"https:\/\/landioustravel.com\/de\/shop\/hurghada-quadfahren-safaga\/#local-main-organization-logo"},"sameAs":["https:\/\/web.facebook.com\/landiousEgypt","https:\/\/x.com\/LandiousTours","https:\/\/mastodon.social\/@landious"],"legalName":"Landious Travel","telephone":[],"openingHoursSpecification":[{"@type":"OpeningHoursSpecification","dayOfWeek":["Monday","Tuesday","Wednesday","Thursday","Friday","Saturday","Sunday"],"opens":"09:00","closes":"17:00"}]},{"@type":"ImageObject","inLanguage":"de","@id":"https:\/\/landioustravel.com\/de\/shop\/hurghada-quadfahren-safaga\/#local-main-organization-logo","url":"https:\/\/i0.wp.com\/landioustravel.com\/wp-content\/uploads\/2021\/06\/Landious-T.png?fit=500%2C500&ssl=1","contentUrl":"https:\/\/i0.wp.com\/landioustravel.com\/wp-content\/uploads\/2021\/06\/Landious-T.png?fit=500%2C500&ssl=1","width":500,"height":500,"caption":"Landious Travel"}]}},"jetpack_publicize_connections":[],"uagb_featured_image_src":{"full":["https:\/\/i0.wp.com\/landioustravel.com\/wp-content\/uploads\/2022\/12\/Hurghada-Quad-Biking-from-Safaga-e1671661505322.jpg?fit=1200%2C675&ssl=1",1200,675,false],"thumbnail":["https:\/\/i0.wp.com\/landioustravel.com\/wp-content\/uploads\/2022\/12\/Hurghada-Quad-Biking-from-Safaga-e1671661505322.jpg?resize=150%2C150&ssl=1",150,150,true],"medium":["https:\/\/i0.wp.com\/landioustravel.com\/wp-content\/uploads\/2022\/12\/Hurghada-Quad-Biking-from-Safaga-e1671661505322.jpg?fit=300%2C169&ssl=1",300,169,true],"medium_large":["https:\/\/i0.wp.com\/landioustravel.com\/wp-content\/uploads\/2022\/12\/Hurghada-Quad-Biking-from-Safaga-e1671661505322.jpg?fit=768%2C432&ssl=1",768,432,true],"large":["https:\/\/i0.wp.com\/landioustravel.com\/wp-content\/uploads\/2022\/12\/Hurghada-Quad-Biking-from-Safaga-e1671661505322.jpg?fit=980%2C551&ssl=1",980,551,true],"1536x1536":["https:\/\/i0.wp.com\/landioustravel.com\/wp-content\/uploads\/2022\/12\/Hurghada-Quad-Biking-from-Safaga-e1671661505322.jpg?fit=1200%2C675&ssl=1",1200,675,true],"2048x2048":["https:\/\/i0.wp.com\/landioustravel.com\/wp-content\/uploads\/2022\/12\/Hurghada-Quad-Biking-from-Safaga-e1671661505322.jpg?fit=1200%2C675&ssl=1",1200,675,true],"newspack-article-block-landscape-large":["https:\/\/i0.wp.com\/landioustravel.com\/wp-content\/uploads\/2022\/12\/Hurghada-Quad-Biking-from-Safaga-e1671661505322.jpg?resize=1200%2C675&ssl=1",1200,675,true],"newspack-article-block-portrait-large":["https:\/\/i0.wp.com\/landioustravel.com\/wp-content\/uploads\/2022\/12\/Hurghada-Quad-Biking-from-Safaga-e1671661505322.jpg?resize=900%2C675&ssl=1",900,675,true],"newspack-article-block-square-large":["https:\/\/i0.wp.com\/landioustravel.com\/wp-content\/uploads\/2022\/12\/Hurghada-Quad-Biking-from-Safaga-e1671661505322.jpg?resize=1200%2C675&ssl=1",1200,675,true],"newspack-article-block-landscape-medium":["https:\/\/i0.wp.com\/landioustravel.com\/wp-content\/uploads\/2022\/12\/Hurghada-Quad-Biking-from-Safaga-e1671661505322.jpg?resize=800%2C600&ssl=1",800,600,true],"newspack-article-block-portrait-medium":["https:\/\/i0.wp.com\/landioustravel.com\/wp-content\/uploads\/2022\/12\/Hurghada-Quad-Biking-from-Safaga-e1671661505322.jpg?resize=600%2C675&ssl=1",600,675,true],"newspack-article-block-square-medium":["https:\/\/i0.wp.com\/landioustravel.com\/wp-content\/uploads\/2022\/12\/Hurghada-Quad-Biking-from-Safaga-e1671661505322.jpg?resize=800%2C675&ssl=1",800,675,true],"newspack-article-block-landscape-intermediate":["https:\/\/i0.wp.com\/landioustravel.com\/wp-content\/uploads\/2022\/12\/Hurghada-Quad-Biking-from-Safaga-e1671661505322.jpg?resize=600%2C450&ssl=1",600,450,true],"newspack-article-block-portrait-intermediate":["https:\/\/i0.wp.com\/landioustravel.com\/wp-content\/uploads\/2022\/12\/Hurghada-Quad-Biking-from-Safaga-e1671661505322.jpg?resize=450%2C600&ssl=1",450,600,true],"newspack-article-block-square-intermediate":["https:\/\/i0.wp.com\/landioustravel.com\/wp-content\/uploads\/2022\/12\/Hurghada-Quad-Biking-from-Safaga-e1671661505322.jpg?resize=600%2C600&ssl=1",600,600,true],"newspack-article-block-landscape-small":["https:\/\/i0.wp.com\/landioustravel.com\/wp-content\/uploads\/2022\/12\/Hurghada-Quad-Biking-from-Safaga-e1671661505322.jpg?resize=400%2C300&ssl=1",400,300,true],"newspack-article-block-portrait-small":["https:\/\/i0.wp.com\/landioustravel.com\/wp-content\/uploads\/2022\/12\/Hurghada-Quad-Biking-from-Safaga-e1671661505322.jpg?resize=300%2C400&ssl=1",300,400,true],"newspack-article-block-square-small":["https:\/\/i0.wp.com\/landioustravel.com\/wp-content\/uploads\/2022\/12\/Hurghada-Quad-Biking-from-Safaga-e1671661505322.jpg?resize=400%2C400&ssl=1",400,400,true],"newspack-article-block-landscape-tiny":["https:\/\/i0.wp.com\/landioustravel.com\/wp-content\/uploads\/2022\/12\/Hurghada-Quad-Biking-from-Safaga-e1671661505322.jpg?resize=200%2C150&ssl=1",200,150,true],"newspack-article-block-portrait-tiny":["https:\/\/i0.wp.com\/landioustravel.com\/wp-content\/uploads\/2022\/12\/Hurghada-Quad-Biking-from-Safaga-e1671661505322.jpg?resize=150%2C200&ssl=1",150,200,true],"newspack-article-block-square-tiny":["https:\/\/i0.wp.com\/landioustravel.com\/wp-content\/uploads\/2022\/12\/Hurghada-Quad-Biking-from-Safaga-e1671661505322.jpg?resize=200%2C200&ssl=1",200,200,true],"newspack-article-block-uncropped":["https:\/\/i0.wp.com\/landioustravel.com\/wp-content\/uploads\/2022\/12\/Hurghada-Quad-Biking-from-Safaga-e1671661505322.jpg?fit=1200%2C675&ssl=1",1200,675,true],"woocommerce_thumbnail":["https:\/\/i0.wp.com\/landioustravel.com\/wp-content\/uploads\/2022\/12\/Hurghada-Quad-Biking-from-Safaga-e1671661505322.jpg?resize=324%2C324&ssl=1",324,324,true],"woocommerce_single":["https:\/\/i0.wp.com\/landioustravel.com\/wp-content\/uploads\/2022\/12\/Hurghada-Quad-Biking-from-Safaga-e1671661505322.jpg?fit=416%2C234&ssl=1",416,234,true],"woocommerce_gallery_thumbnail":["https:\/\/i0.wp.com\/landioustravel.com\/wp-content\/uploads\/2022\/12\/Hurghada-Quad-Biking-from-Safaga-e1671661505322.jpg?resize=100%2C100&ssl=1",100,100,true]},"uagb_author_info":{"display_name":"Mofreh Landious","author_link":"https:\/\/landioustravel.com\/de\/author\/"},"uagb_comment_info":0,"uagb_excerpt":"Erleben Sie den Nervenkitzel Ihres Lebens bei einem morgendlichen Quad-Abenteuer durch die Sahara in Hurghada, wenn Sie in einem Safaga-Jhotel untergebracht sind! Lassen Sie sich um 7:30 Uhr von Ihrem Hotel abholen und begeben Sie sich zur Quad-Station, um die Grundlagen des Man\u00f6vrierens Ihres Quads zu erlernen. Lassen Sie dann los und sp\u00fcren Sie den&hellip;","jetpack_sharing_enabled":true,"jetpack_likes_enabled":true,"amp_enabled":true,"_links":{"self":[{"href":"https:\/\/landioustravel.com\/de\/wp-json\/wp\/v2\/product\/135418","targetHints":{"allow":["GET"]}}],"collection":[{"href":"https:\/\/landioustravel.com\/de\/wp-json\/wp\/v2\/product"}],"about":[{"href":"https:\/\/landioustravel.com\/de\/wp-json\/wp\/v2\/types\/product"}],"replies":[{"embeddable":true,"href":"https:\/\/landioustravel.com\/de\/wp-json\/wp\/v2\/comments?post=135418"}],"wp:featuredmedia":[{"embeddable":true,"href":"https:\/\/landioustravel.com\/de\/wp-json\/wp\/v2\/media\/134233"}],"wp:attachment":[{"href":"https:\/\/landioustravel.com\/de\/wp-json\/wp\/v2\/media?parent=135418"}],"wp:term":[{"taxonomy":"product_brand","embeddable":true,"href":"https:\/\/landioustravel.com\/de\/wp-json\/wp\/v2\/product_brand?post=135418"},{"taxonomy":"product_cat","embeddable":true,"href":"https:\/\/landioustravel.com\/de\/wp-json\/wp\/v2\/product_cat?post=135418"},{"taxonomy":"product_tag","embeddable":true,"href":"https:\/\/landioustravel.com\/de\/wp-json\/wp\/v2\/product_tag?post=135418"}],"curies":[{"name":"wp","href":"https:\/\/api.w.org\/{rel}","templated":true}]}}