{"id":135428,"date":"2022-12-20T21:33:49","date_gmt":"2023-02-01T16:45:38","guid":{"rendered":"https:\/\/landioustravel.com\/?post_type=product&#038;p=135428"},"modified":"2023-06-19T03:47:06","modified_gmt":"2023-06-19T01:47:06","slug":"super-gouna-reise-safaga","status":"publish","type":"product","link":"https:\/\/landioustravel.com\/de\/shop\/super-gouna-reise-safaga\/","title":{"rendered":"Super Gouna Reise Safaga"},"content":{"rendered":"<p><strong>Super Gouna Reise Safaga<\/strong> ist eine fantastische Seereise nach dem \u00e4gyptischen Venedig (El-Gouna) von Safaga, \u00c4gypten! Wir empfehlen die Reise, weil sie es den Touristen im Allgemeinen erm\u00f6glicht, eine gute Zeit auf See zu verbringen. Dar\u00fcber hinaus bietet es die M\u00f6glichkeit, wundersch\u00f6ne Korallenriffe und eine Vielzahl von Fischen zu sehen. Au\u00dferdem genie\u00dfen Sie ein Bootspicknick am Roten Meer. Insbesondere erm\u00f6glicht Ihnen die Reise, sich im \u00e4gyptischen Venedig \u2013 El Gouna \u2013 zurechtzufinden und mit Delfinen zu schwimmen!<\/p>\n<p>Dieses Programm hat eine gro\u00dfe Auswahl an Unterhaltungspunkten: deshalb nennen wir es: Super Gouna-Reise von Safaga!<\/p>\n<h2>H\u00f6hepunkte der Super-Gouna-Reise von Safaga<\/h2>\n<ul>\n<li>Schwimmen Sie mit Delfinen im offenen Meer.<\/li>\n<li>Schnorcheln Sie mit Masken und Flossen.<\/li>\n<li>Mittagessen an Bord des Bootes.<\/li>\n<li>Beobachten Sie das Meeresleben auf dem Halb-U-Boot<\/li>\n<li>Genie\u00dfen Sie eine Besichtigungstour durch die Lagune von El Gouna.<\/li>\n<li>Machen Sie auch eine Fu\u00dfg\u00e4ngertour in El-Gouna.<\/li>\n<\/ul>\n<h2>Programm der Ausflug nach El Gouna<\/h2>\n<ul>\n<li>Der Vertreter von Landious Travel holt Sie gegen 08:00 Uhr von den Hotels in Safaga ab.<\/li>\n<li>Nachdem alle Ank\u00f6mmlinge abgeholt wurden, f\u00e4hrt der Bus zum Hafen. Der Weg zum Pier dauert ca. 40 Minuten.<\/li>\n<li>Sie finden Ihr Boot im Hafen, der aus zwei Etagen besteht. Es ist so eine riesige und schicke Kreuzfahrt! Sobald Sie das Schiff betreten, ziehen Sie am besten Ihre Schuhe aus. Und dann k\u00f6nnen Sie sich im zweiten Stock zum Br\u00e4unen auf dem oberen Sonnendeck erheben.<\/li>\n<\/ul>\n<h3>Offenes Meer &amp; Delfinschwimmen<\/h3>\n<ul>\n<li>Das Boot wird \u00fcber das Rote Meer segeln, sobald sich die Gruppe versammelt hat.<\/li>\n<li>Zu dieser Zeit wird diese sch\u00f6ne Super-Gouna-Reise von Safaga nach einem Picknick am Meer den ersten Start machen. Dieser erste Start findet an einem wundersch\u00f6nen Korallenseeplatz statt. Dort machen Sie Ihren ersten Halt auf offener See. Nat\u00fcrlich k\u00f6nnen Sie mit Delfinen schwimmen und mit Maske und Flossen schnorcheln.<\/li>\n<\/ul>\n<h3>Lagunenfahrt &amp; Besichtigung von El Gouna<\/h3>\n<ul>\n<li>Nach diesem au\u00dfergew\u00f6hnlichen Stopp f\u00e4hrt das Boot in Richtung der attraktiven Stadt El-Gouna.<\/li>\n<li>Wie erwartet werden Sie eine Lagunenfahrt genie\u00dfen und sich El Gouna genau ansehen. Sobald Sie dem \u00e4gyptischen Venedig so nahe sind, steigen Sie in ein Motorboot. An diesem Punkt f\u00e4hrt das Motorboot durch die \u00e4gyptischen Kan\u00e4le von Venedig, damit Sie den Ort aus n\u00e4chster N\u00e4he bewundern k\u00f6nnen. W\u00e4hrend dieser Reise gibt Ihr Reiseleiter Informationen \u00fcber die Sehensw\u00fcrdigkeiten und die Geschichte dieses Resorts. In der Tat ist es eine fantastische Lagunenfahrt.<\/li>\n<li>Nach einer solchen Lagunenfahrt landen Sie im Hafen von El-Gouna. Dann starten Sie einen Rundgang durch den Ort. Und wieder wird Ihr Guide Sie begleiten und Ihnen die Sehensw\u00fcrdigkeiten von El Gouna zeigen.<\/li>\n<\/ul>\n<h3>Entdeckung unter Wasser<\/h3>\n<ul>\n<li>In El-Gouna wird das Reiseprogramm mit einer Halb-U-Boot-Bordwache fortgesetzt. Nat\u00fcrlich beobachten Sie die Unterwasserwelt auf einem Halb-U-Boot! Dieses Halb-U-Boot legt im Hafen des \u00e4gyptischen Venedigs an.<\/li>\n<\/ul>\n<h3>Mittagessen an Bord<\/h3>\n<ul>\n<li>Nachdem Sie mit dem Halb-U-Boot fertig sind, bringen wir Sie zur\u00fcck zum Boot. Danach trifft sich die Gruppe zum Mittagessen im Erdgeschoss. W\u00e4hrend der Mittagszeit ist das Buffet ge\u00f6ffnet.<\/li>\n<\/ul>\n<h3>Zur\u00fcck zuhause<\/h3>\n<ul>\n<li>Am Ende dieser Erfahrung f\u00e4hrt unser Boot zum Hafen.<\/li>\n<li>Die Super-Gouna-Reise von Safaga endet gegen 17:30 Uhr. Diese angegebene Ankunftszeit in Ihrem Hotel ist ungef\u00e4hr. Letztendlich begleiten wir Sie nach einer fantastischen Reise nach El-Gouna zur\u00fcck zu Ihren Hotels.<\/li>\n<\/ul>\n<h2>Was beinhaltet der Preis der Super Gouna Reise Safaga?<\/h2>\n<ul>\n<li>Masken und Flossen.<\/li>\n<li>Speisen &amp; Getr\u00e4nke.<\/li>\n<li>Au\u00dferdem Transfer zum Hafen und zur\u00fcck zum Hotel.<\/li>\n<\/ul>\n<h2>Was beinhaltet das Programm der Super Gouna Reise Safaga nicht?<\/h2>\n<ul>\n<li>Eintrittsgeb\u00fchr (5 USD Dollar pro Person)<\/li>\n<li>Video-DVD.<\/li>\n<li>Auch die Foto-CD.<\/li>\n<\/ul>\n<h2>Was nehmen Sie f\u00fcr die Tour mit?<\/h2>\n<ul>\n<li>Handtuch.<\/li>\n<li>Au\u00dferdem Sonnencreme.<\/li>\n<\/ul>\n<h2>Super Gouna Reise Safaga Buchungstage<\/h2>\n<ul>\n<li>T\u00e4glich von 08:00 \u2013 17:00 Uhr.<\/li>\n<\/ul>\n","protected":false},"excerpt":{"rendered":"<p>Die Reise von Safaga ins \u00e4gyptische Venedig ist absolut reizvoll und ein Muss f\u00fcr alle Touristen. Die Reiseroute ist vollgepackt mit aufregenden Aktivit\u00e4ten, die Ihnen mit Sicherheit ein L\u00e4cheln ins Gesicht zaubern werden. W\u00e4hrend Sie zum charmanten Ferienort El Gouna segeln, k\u00f6nnen Sie die Sch\u00f6nheit der K\u00fcste des Roten Meeres genie\u00dfen und ein herrliches Picknick am Meer genie\u00dfen. Wenn Sie Gl\u00fcck haben, haben Sie vielleicht sogar die Chance, mit den freundlichen Delfinen zu schwimmen, ein Erlebnis, das Sie \u00fcbergl\u00fccklich machen wird! Und f\u00fcr diejenigen, die gerne die Unterwasserwelt erkunden, ist auch Schnorcheln mit Maske und Flossen eine Option. Sobald Sie in El Gouna angekommen sind, werden Sie zu einer malerischen Motorboottour durch die malerischen Wasserkan\u00e4le und Lagunen des Resorts eingeladen. Und f\u00fcr ein wirklich einzigartiges Erlebnis k\u00f6nnen Sie die atemberaubende Unterwasserwelt bequem von einem Halb-U-Boot aus betrachten. Die Reise beinhaltet auch ein k\u00f6stliches Mittagessen und erfrischende Getr\u00e4nke, was sie zu einem rundum tollen Erlebnis macht.<\/p>\n","protected":false},"featured_media":135429,"comment_status":"open","ping_status":"closed","template":"","meta":{"_coblocks_attr":"","_coblocks_dimensions":"","_coblocks_responsive_height":"","_coblocks_accordion_ie_support":"","_uag_custom_page_level_css":"","jetpack_post_was_ever_published":false,"jetpack_publicize_message":"","jetpack_publicize_feature_enabled":true,"jetpack_social_post_already_shared":true,"jetpack_social_options":{"image_generator_settings":{"template":"highway","default_image_id":0,"font":"","enabled":false},"version":2},"_wpas_customize_per_network":false},"product_brand":[],"product_cat":[23604,16902,19549],"product_tag":[1653,1844,1843,1845,1777,1778],"class_list":{"0":"post-135428","1":"product","2":"type-product","3":"status-publish","4":"has-post-thumbnail","6":"product_cat-budgetfreundliche-ausfluege-safaga","7":"product_cat-ausfluege-safaga","8":"product_cat-seeausfluege-safaga","9":"product_tag-ausflug","10":"product_tag-bootsausfluge","11":"product_tag-el-gouna-de","12":"product_tag-halb-u-boot","13":"product_tag-meer","14":"product_tag-schnorcheln","15":"pa_age-erwachsene","16":"pa_age-kind-1-4-jahre","17":"pa_age-kind-5-11-jahre","19":"first","20":"instock","21":"sale","22":"taxable","23":"shipping-taxable","24":"purchasable","25":"product-type-variable"},"yoast_head":"<!-- This site is optimized with the Yoast SEO Premium plugin v26.9 (Yoast SEO v27.3) - https:\/\/yoast.com\/product\/yoast-seo-premium-wordpress\/ -->\n<title>Super Gouna Reise Safaga<\/title>\n<meta name=\"description\" content=\"Super Gouna Reise Safaga ist eine fantastische Seereise nach dem \u00e4gyptischen Venedig (El-Gouna) von Safaga, \u00c4gypten! Wir empfehlen die Reise, weil sie es\" \/>\n<meta name=\"robots\" content=\"index, follow, max-snippet:-1, max-image-preview:large, max-video-preview:-1\" \/>\n<link rel=\"canonical\" href=\"https:\/\/landioustravel.com\/de\/shop\/super-gouna-reise-safaga\/\" \/>\n<meta property=\"og:locale\" content=\"de_DE\" \/>\n<meta property=\"og:type\" content=\"article\" \/>\n<meta property=\"og:title\" content=\"Super Gouna Reise Safaga\" \/>\n<meta property=\"og:description\" content=\"Landious Travel\" \/>\n<meta property=\"og:url\" content=\"https:\/\/landioustravel.com\/de\/shop\/super-gouna-reise-safaga\/\" \/>\n<meta property=\"og:site_name\" content=\"Landious Travel\" \/>\n<meta property=\"article:publisher\" content=\"https:\/\/web.facebook.com\/landiousEgypt\" \/>\n<meta property=\"article:modified_time\" content=\"2023-06-19T01:47:06+00:00\" \/>\n<meta property=\"og:image\" content=\"https:\/\/i0.wp.com\/landioustravel.com\/wp-content\/uploads\/2022\/12\/Super-Gouna-Trip-Safaga-e1671564714540.jpg?fit=1200%2C675&ssl=1\" \/>\n\t<meta property=\"og:image:width\" content=\"1200\" \/>\n\t<meta property=\"og:image:height\" content=\"675\" \/>\n\t<meta property=\"og:image:type\" content=\"image\/jpeg\" \/>\n<meta name=\"twitter:card\" content=\"summary_large_image\" \/>\n<meta name=\"twitter:site\" content=\"@LandiousTours\" \/>\n<meta name=\"twitter:label1\" content=\"Gesch\u00e4tzte Lesezeit\" \/>\n\t<meta name=\"twitter:data1\" content=\"3\u00a0Minuten\" \/>\n<script type=\"application\/ld+json\" class=\"yoast-schema-graph\">{\"@context\":\"https:\\\/\\\/schema.org\",\"@graph\":[{\"@type\":\"WebPage\",\"@id\":\"https:\\\/\\\/landioustravel.com\\\/de\\\/shop\\\/super-gouna-reise-safaga\\\/\",\"url\":\"https:\\\/\\\/landioustravel.com\\\/de\\\/shop\\\/super-gouna-reise-safaga\\\/\",\"name\":\"Super Gouna Reise Safaga\",\"isPartOf\":{\"@id\":\"https:\\\/\\\/landioustravel.com\\\/de\\\/#website\"},\"primaryImageOfPage\":{\"@id\":\"https:\\\/\\\/landioustravel.com\\\/de\\\/shop\\\/super-gouna-reise-safaga\\\/#primaryimage\"},\"image\":{\"@id\":\"https:\\\/\\\/landioustravel.com\\\/de\\\/shop\\\/super-gouna-reise-safaga\\\/#primaryimage\"},\"thumbnailUrl\":\"https:\\\/\\\/i0.wp.com\\\/landioustravel.com\\\/wp-content\\\/uploads\\\/2022\\\/12\\\/Super-Gouna-Trip-Safaga-e1671564714540.jpg?fit=1200%2C675&ssl=1\",\"datePublished\":\"2023-02-01T16:45:38+00:00\",\"dateModified\":\"2023-06-19T01:47:06+00:00\",\"description\":\"Super Gouna Reise Safaga ist eine fantastische Seereise nach dem \u00e4gyptischen Venedig (El-Gouna) von Safaga, \u00c4gypten! Wir empfehlen die Reise, weil sie es\",\"breadcrumb\":{\"@id\":\"https:\\\/\\\/landioustravel.com\\\/de\\\/shop\\\/super-gouna-reise-safaga\\\/#breadcrumb\"},\"inLanguage\":\"de\",\"potentialAction\":[{\"@type\":\"ReadAction\",\"target\":[\"https:\\\/\\\/landioustravel.com\\\/de\\\/shop\\\/super-gouna-reise-safaga\\\/\"]}]},{\"@type\":\"ImageObject\",\"inLanguage\":\"de\",\"@id\":\"https:\\\/\\\/landioustravel.com\\\/de\\\/shop\\\/super-gouna-reise-safaga\\\/#primaryimage\",\"url\":\"https:\\\/\\\/i0.wp.com\\\/landioustravel.com\\\/wp-content\\\/uploads\\\/2022\\\/12\\\/Super-Gouna-Trip-Safaga-e1671564714540.jpg?fit=1200%2C675&ssl=1\",\"contentUrl\":\"https:\\\/\\\/i0.wp.com\\\/landioustravel.com\\\/wp-content\\\/uploads\\\/2022\\\/12\\\/Super-Gouna-Trip-Safaga-e1671564714540.jpg?fit=1200%2C675&ssl=1\",\"width\":1200,\"height\":675,\"caption\":\"Super Gouna Trip Safaga\"},{\"@type\":\"BreadcrumbList\",\"@id\":\"https:\\\/\\\/landioustravel.com\\\/de\\\/shop\\\/super-gouna-reise-safaga\\\/#breadcrumb\",\"itemListElement\":[{\"@type\":\"ListItem\",\"position\":1,\"name\":\"Home\",\"item\":\"https:\\\/\\\/landioustravel.com\\\/de\\\/\"},{\"@type\":\"ListItem\",\"position\":2,\"name\":\"\u00c4gypten Touren\",\"item\":\"https:\\\/\\\/landioustravel.com\\\/de\\\/\"},{\"@type\":\"ListItem\",\"position\":3,\"name\":\"Super Gouna Reise Safaga\"}]},{\"@type\":\"WebSite\",\"@id\":\"https:\\\/\\\/landioustravel.com\\\/de\\\/#website\",\"url\":\"https:\\\/\\\/landioustravel.com\\\/de\\\/\",\"name\":\"Landious Travel\",\"description\":\"Excursions, trips and cruises in Egypt\",\"publisher\":{\"@id\":\"https:\\\/\\\/landioustravel.com\\\/de\\\/#organization\"},\"potentialAction\":[{\"@type\":\"SearchAction\",\"target\":{\"@type\":\"EntryPoint\",\"urlTemplate\":\"https:\\\/\\\/landioustravel.com\\\/de\\\/?s={search_term_string}\"},\"query-input\":{\"@type\":\"PropertyValueSpecification\",\"valueRequired\":true,\"valueName\":\"search_term_string\"}}],\"inLanguage\":\"de\"},{\"@type\":[\"Organization\",\"Place\"],\"@id\":\"https:\\\/\\\/landioustravel.com\\\/de\\\/#organization\",\"name\":\"Landious Travel\",\"alternateName\":\"Landious Travel\",\"url\":\"https:\\\/\\\/landioustravel.com\\\/de\\\/\",\"logo\":{\"@id\":\"https:\\\/\\\/landioustravel.com\\\/de\\\/shop\\\/super-gouna-reise-safaga\\\/#local-main-organization-logo\"},\"image\":{\"@id\":\"https:\\\/\\\/landioustravel.com\\\/de\\\/shop\\\/super-gouna-reise-safaga\\\/#local-main-organization-logo\"},\"sameAs\":[\"https:\\\/\\\/web.facebook.com\\\/landiousEgypt\",\"https:\\\/\\\/x.com\\\/LandiousTours\",\"https:\\\/\\\/mastodon.social\\\/@landious\"],\"legalName\":\"Landious Travel\",\"telephone\":[],\"openingHoursSpecification\":[{\"@type\":\"OpeningHoursSpecification\",\"dayOfWeek\":[\"Monday\",\"Tuesday\",\"Wednesday\",\"Thursday\",\"Friday\",\"Saturday\",\"Sunday\"],\"opens\":\"09:00\",\"closes\":\"17:00\"}]},{\"@type\":\"ImageObject\",\"inLanguage\":\"de\",\"@id\":\"https:\\\/\\\/landioustravel.com\\\/de\\\/shop\\\/super-gouna-reise-safaga\\\/#local-main-organization-logo\",\"url\":\"https:\\\/\\\/i0.wp.com\\\/landioustravel.com\\\/wp-content\\\/uploads\\\/2021\\\/06\\\/Landious-T.png?fit=500%2C500&ssl=1\",\"contentUrl\":\"https:\\\/\\\/i0.wp.com\\\/landioustravel.com\\\/wp-content\\\/uploads\\\/2021\\\/06\\\/Landious-T.png?fit=500%2C500&ssl=1\",\"width\":500,\"height\":500,\"caption\":\"Landious Travel\"}]}<\/script>\n<!-- \/ Yoast SEO Premium plugin. -->","yoast_head_json":{"title":"Super Gouna Reise Safaga","description":"Super Gouna Reise Safaga ist eine fantastische Seereise nach dem \u00e4gyptischen Venedig (El-Gouna) von Safaga, \u00c4gypten! Wir empfehlen die Reise, weil sie es","robots":{"index":"index","follow":"follow","max-snippet":"max-snippet:-1","max-image-preview":"max-image-preview:large","max-video-preview":"max-video-preview:-1"},"canonical":"https:\/\/landioustravel.com\/de\/shop\/super-gouna-reise-safaga\/","og_locale":"de_DE","og_type":"article","og_title":"Super Gouna Reise Safaga","og_description":"Landious Travel","og_url":"https:\/\/landioustravel.com\/de\/shop\/super-gouna-reise-safaga\/","og_site_name":"Landious Travel","article_publisher":"https:\/\/web.facebook.com\/landiousEgypt","article_modified_time":"2023-06-19T01:47:06+00:00","og_image":[{"width":1200,"height":675,"url":"https:\/\/i0.wp.com\/landioustravel.com\/wp-content\/uploads\/2022\/12\/Super-Gouna-Trip-Safaga-e1671564714540.jpg?fit=1200%2C675&ssl=1","type":"image\/jpeg"}],"twitter_card":"summary_large_image","twitter_site":"@LandiousTours","twitter_misc":{"Gesch\u00e4tzte Lesezeit":"3\u00a0Minuten"},"schema":{"@context":"https:\/\/schema.org","@graph":[{"@type":"WebPage","@id":"https:\/\/landioustravel.com\/de\/shop\/super-gouna-reise-safaga\/","url":"https:\/\/landioustravel.com\/de\/shop\/super-gouna-reise-safaga\/","name":"Super Gouna Reise Safaga","isPartOf":{"@id":"https:\/\/landioustravel.com\/de\/#website"},"primaryImageOfPage":{"@id":"https:\/\/landioustravel.com\/de\/shop\/super-gouna-reise-safaga\/#primaryimage"},"image":{"@id":"https:\/\/landioustravel.com\/de\/shop\/super-gouna-reise-safaga\/#primaryimage"},"thumbnailUrl":"https:\/\/i0.wp.com\/landioustravel.com\/wp-content\/uploads\/2022\/12\/Super-Gouna-Trip-Safaga-e1671564714540.jpg?fit=1200%2C675&ssl=1","datePublished":"2023-02-01T16:45:38+00:00","dateModified":"2023-06-19T01:47:06+00:00","description":"Super Gouna Reise Safaga ist eine fantastische Seereise nach dem \u00e4gyptischen Venedig (El-Gouna) von Safaga, \u00c4gypten! Wir empfehlen die Reise, weil sie es","breadcrumb":{"@id":"https:\/\/landioustravel.com\/de\/shop\/super-gouna-reise-safaga\/#breadcrumb"},"inLanguage":"de","potentialAction":[{"@type":"ReadAction","target":["https:\/\/landioustravel.com\/de\/shop\/super-gouna-reise-safaga\/"]}]},{"@type":"ImageObject","inLanguage":"de","@id":"https:\/\/landioustravel.com\/de\/shop\/super-gouna-reise-safaga\/#primaryimage","url":"https:\/\/i0.wp.com\/landioustravel.com\/wp-content\/uploads\/2022\/12\/Super-Gouna-Trip-Safaga-e1671564714540.jpg?fit=1200%2C675&ssl=1","contentUrl":"https:\/\/i0.wp.com\/landioustravel.com\/wp-content\/uploads\/2022\/12\/Super-Gouna-Trip-Safaga-e1671564714540.jpg?fit=1200%2C675&ssl=1","width":1200,"height":675,"caption":"Super Gouna Trip Safaga"},{"@type":"BreadcrumbList","@id":"https:\/\/landioustravel.com\/de\/shop\/super-gouna-reise-safaga\/#breadcrumb","itemListElement":[{"@type":"ListItem","position":1,"name":"Home","item":"https:\/\/landioustravel.com\/de\/"},{"@type":"ListItem","position":2,"name":"\u00c4gypten Touren","item":"https:\/\/landioustravel.com\/de\/"},{"@type":"ListItem","position":3,"name":"Super Gouna Reise Safaga"}]},{"@type":"WebSite","@id":"https:\/\/landioustravel.com\/de\/#website","url":"https:\/\/landioustravel.com\/de\/","name":"Landious Travel","description":"Excursions, trips and cruises in Egypt","publisher":{"@id":"https:\/\/landioustravel.com\/de\/#organization"},"potentialAction":[{"@type":"SearchAction","target":{"@type":"EntryPoint","urlTemplate":"https:\/\/landioustravel.com\/de\/?s={search_term_string}"},"query-input":{"@type":"PropertyValueSpecification","valueRequired":true,"valueName":"search_term_string"}}],"inLanguage":"de"},{"@type":["Organization","Place"],"@id":"https:\/\/landioustravel.com\/de\/#organization","name":"Landious Travel","alternateName":"Landious Travel","url":"https:\/\/landioustravel.com\/de\/","logo":{"@id":"https:\/\/landioustravel.com\/de\/shop\/super-gouna-reise-safaga\/#local-main-organization-logo"},"image":{"@id":"https:\/\/landioustravel.com\/de\/shop\/super-gouna-reise-safaga\/#local-main-organization-logo"},"sameAs":["https:\/\/web.facebook.com\/landiousEgypt","https:\/\/x.com\/LandiousTours","https:\/\/mastodon.social\/@landious"],"legalName":"Landious Travel","telephone":[],"openingHoursSpecification":[{"@type":"OpeningHoursSpecification","dayOfWeek":["Monday","Tuesday","Wednesday","Thursday","Friday","Saturday","Sunday"],"opens":"09:00","closes":"17:00"}]},{"@type":"ImageObject","inLanguage":"de","@id":"https:\/\/landioustravel.com\/de\/shop\/super-gouna-reise-safaga\/#local-main-organization-logo","url":"https:\/\/i0.wp.com\/landioustravel.com\/wp-content\/uploads\/2021\/06\/Landious-T.png?fit=500%2C500&ssl=1","contentUrl":"https:\/\/i0.wp.com\/landioustravel.com\/wp-content\/uploads\/2021\/06\/Landious-T.png?fit=500%2C500&ssl=1","width":500,"height":500,"caption":"Landious Travel"}]}},"jetpack_publicize_connections":[],"uagb_featured_image_src":{"full":["https:\/\/i0.wp.com\/landioustravel.com\/wp-content\/uploads\/2022\/12\/Super-Gouna-Trip-Safaga-e1671564714540.jpg?fit=1200%2C675&ssl=1",1200,675,false],"thumbnail":["https:\/\/i0.wp.com\/landioustravel.com\/wp-content\/uploads\/2022\/12\/Super-Gouna-Trip-Safaga-e1671564714540.jpg?resize=150%2C150&ssl=1",150,150,true],"medium":["https:\/\/i0.wp.com\/landioustravel.com\/wp-content\/uploads\/2022\/12\/Super-Gouna-Trip-Safaga-e1671564714540.jpg?fit=300%2C169&ssl=1",300,169,true],"medium_large":["https:\/\/i0.wp.com\/landioustravel.com\/wp-content\/uploads\/2022\/12\/Super-Gouna-Trip-Safaga-e1671564714540.jpg?fit=768%2C432&ssl=1",768,432,true],"large":["https:\/\/i0.wp.com\/landioustravel.com\/wp-content\/uploads\/2022\/12\/Super-Gouna-Trip-Safaga-e1671564714540.jpg?fit=980%2C551&ssl=1",980,551,true],"1536x1536":["https:\/\/i0.wp.com\/landioustravel.com\/wp-content\/uploads\/2022\/12\/Super-Gouna-Trip-Safaga-e1671564714540.jpg?fit=1536%2C1024&ssl=1",1536,1024,true],"2048x2048":["https:\/\/i0.wp.com\/landioustravel.com\/wp-content\/uploads\/2022\/12\/Super-Gouna-Trip-Safaga-e1671564714540.jpg?fit=1200%2C675&ssl=1",1200,675,true],"newspack-article-block-landscape-large":["https:\/\/i0.wp.com\/landioustravel.com\/wp-content\/uploads\/2022\/12\/Super-Gouna-Trip-Safaga-e1671564714540.jpg?resize=1200%2C675&ssl=1",1200,675,true],"newspack-article-block-portrait-large":["https:\/\/i0.wp.com\/landioustravel.com\/wp-content\/uploads\/2022\/12\/Super-Gouna-Trip-Safaga-e1671564714540.jpg?resize=900%2C675&ssl=1",900,675,true],"newspack-article-block-square-large":["https:\/\/i0.wp.com\/landioustravel.com\/wp-content\/uploads\/2022\/12\/Super-Gouna-Trip-Safaga-e1671564714540.jpg?resize=1200%2C675&ssl=1",1200,675,true],"newspack-article-block-landscape-medium":["https:\/\/i0.wp.com\/landioustravel.com\/wp-content\/uploads\/2022\/12\/Super-Gouna-Trip-Safaga-e1671564714540.jpg?resize=800%2C600&ssl=1",800,600,true],"newspack-article-block-portrait-medium":["https:\/\/i0.wp.com\/landioustravel.com\/wp-content\/uploads\/2022\/12\/Super-Gouna-Trip-Safaga-e1671564714540.jpg?resize=600%2C675&ssl=1",600,675,true],"newspack-article-block-square-medium":["https:\/\/i0.wp.com\/landioustravel.com\/wp-content\/uploads\/2022\/12\/Super-Gouna-Trip-Safaga-e1671564714540.jpg?resize=800%2C675&ssl=1",800,675,true],"newspack-article-block-landscape-intermediate":["https:\/\/i0.wp.com\/landioustravel.com\/wp-content\/uploads\/2022\/12\/Super-Gouna-Trip-Safaga-e1671564714540.jpg?resize=600%2C450&ssl=1",600,450,true],"newspack-article-block-portrait-intermediate":["https:\/\/i0.wp.com\/landioustravel.com\/wp-content\/uploads\/2022\/12\/Super-Gouna-Trip-Safaga-e1671564714540.jpg?resize=450%2C600&ssl=1",450,600,true],"newspack-article-block-square-intermediate":["https:\/\/i0.wp.com\/landioustravel.com\/wp-content\/uploads\/2022\/12\/Super-Gouna-Trip-Safaga-e1671564714540.jpg?resize=600%2C600&ssl=1",600,600,true],"newspack-article-block-landscape-small":["https:\/\/i0.wp.com\/landioustravel.com\/wp-content\/uploads\/2022\/12\/Super-Gouna-Trip-Safaga-e1671564714540.jpg?resize=400%2C300&ssl=1",400,300,true],"newspack-article-block-portrait-small":["https:\/\/i0.wp.com\/landioustravel.com\/wp-content\/uploads\/2022\/12\/Super-Gouna-Trip-Safaga-e1671564714540.jpg?resize=300%2C400&ssl=1",300,400,true],"newspack-article-block-square-small":["https:\/\/i0.wp.com\/landioustravel.com\/wp-content\/uploads\/2022\/12\/Super-Gouna-Trip-Safaga-e1671564714540.jpg?resize=400%2C400&ssl=1",400,400,true],"newspack-article-block-landscape-tiny":["https:\/\/i0.wp.com\/landioustravel.com\/wp-content\/uploads\/2022\/12\/Super-Gouna-Trip-Safaga-e1671564714540.jpg?resize=200%2C150&ssl=1",200,150,true],"newspack-article-block-portrait-tiny":["https:\/\/i0.wp.com\/landioustravel.com\/wp-content\/uploads\/2022\/12\/Super-Gouna-Trip-Safaga-e1671564714540.jpg?resize=150%2C200&ssl=1",150,200,true],"newspack-article-block-square-tiny":["https:\/\/i0.wp.com\/landioustravel.com\/wp-content\/uploads\/2022\/12\/Super-Gouna-Trip-Safaga-e1671564714540.jpg?resize=200%2C200&ssl=1",200,200,true],"newspack-article-block-uncropped":["https:\/\/i0.wp.com\/landioustravel.com\/wp-content\/uploads\/2022\/12\/Super-Gouna-Trip-Safaga-e1671564714540.jpg?fit=1200%2C675&ssl=1",1200,675,true],"woocommerce_thumbnail":["https:\/\/i0.wp.com\/landioustravel.com\/wp-content\/uploads\/2022\/12\/Super-Gouna-Trip-Safaga-e1671564714540.jpg?resize=324%2C324&ssl=1",324,324,true],"woocommerce_single":["https:\/\/i0.wp.com\/landioustravel.com\/wp-content\/uploads\/2022\/12\/Super-Gouna-Trip-Safaga-e1671564714540.jpg?fit=416%2C234&ssl=1",416,234,true],"woocommerce_gallery_thumbnail":["https:\/\/i0.wp.com\/landioustravel.com\/wp-content\/uploads\/2022\/12\/Super-Gouna-Trip-Safaga-e1671564714540.jpg?resize=100%2C100&ssl=1",100,100,true]},"uagb_author_info":{"display_name":"Mofreh Landious","author_link":"https:\/\/landioustravel.com\/de\/author\/"},"uagb_comment_info":0,"uagb_excerpt":"Die Reise von Safaga ins \u00e4gyptische Venedig ist absolut reizvoll und ein Muss f\u00fcr alle Touristen. Die Reiseroute ist vollgepackt mit aufregenden Aktivit\u00e4ten, die Ihnen mit Sicherheit ein L\u00e4cheln ins Gesicht zaubern werden. W\u00e4hrend Sie zum charmanten Ferienort El Gouna segeln, k\u00f6nnen Sie die Sch\u00f6nheit der K\u00fcste des Roten Meeres genie\u00dfen und ein herrliches Picknick&hellip;","jetpack_sharing_enabled":true,"jetpack_likes_enabled":true,"amp_enabled":true,"_links":{"self":[{"href":"https:\/\/landioustravel.com\/de\/wp-json\/wp\/v2\/product\/135428","targetHints":{"allow":["GET"]}}],"collection":[{"href":"https:\/\/landioustravel.com\/de\/wp-json\/wp\/v2\/product"}],"about":[{"href":"https:\/\/landioustravel.com\/de\/wp-json\/wp\/v2\/types\/product"}],"replies":[{"embeddable":true,"href":"https:\/\/landioustravel.com\/de\/wp-json\/wp\/v2\/comments?post=135428"}],"wp:featuredmedia":[{"embeddable":true,"href":"https:\/\/landioustravel.com\/de\/wp-json\/wp\/v2\/media\/135429"}],"wp:attachment":[{"href":"https:\/\/landioustravel.com\/de\/wp-json\/wp\/v2\/media?parent=135428"}],"wp:term":[{"taxonomy":"product_brand","embeddable":true,"href":"https:\/\/landioustravel.com\/de\/wp-json\/wp\/v2\/product_brand?post=135428"},{"taxonomy":"product_cat","embeddable":true,"href":"https:\/\/landioustravel.com\/de\/wp-json\/wp\/v2\/product_cat?post=135428"},{"taxonomy":"product_tag","embeddable":true,"href":"https:\/\/landioustravel.com\/de\/wp-json\/wp\/v2\/product_tag?post=135428"}],"curies":[{"name":"wp","href":"https:\/\/api.w.org\/{rel}","templated":true}]}}