{"id":135434,"date":"2022-12-20T18:40:48","date_gmt":"2023-02-01T17:14:46","guid":{"rendered":"https:\/\/landioustravel.com\/?post_type=product&#038;p=135434"},"modified":"2024-03-01T02:29:00","modified_gmt":"2024-03-01T00:29:00","slug":"tauchausflug-safaga","status":"publish","type":"product","link":"https:\/\/landioustravel.com\/de\/shop\/tauchausflug-safaga\/","title":{"rendered":"Tauchausflug von Safaga"},"content":{"rendered":"<p><strong>Tauchausflug von Safaga<\/strong> ist eine aufregende Seereise zum Tauchen im Roten Meer von <a href=\"https:\/\/landioustravel.com\/de\/agypten\/aegyptische-staedte\/bahr-ahmar-gouvernement\/safaga-stadt\/\">Safaga<\/a>, \u00c4gypten! Wir empfehlen die Reise, weil sie den Touristen eine gute Zeit beim Tauchen und Schnorcheln an den farbenfrohen Korallenriffen erm\u00f6glicht. In der Tat erm\u00f6glicht diese Erfahrung dem Tauchen, die wundersch\u00f6nen Korallenriffe und verschiedene Fische genauer zu beobachten. Au\u00dferdem gew\u00e4hrt es Ihnen, ein Bootspicknick \u00fcber das Rote Meer zu genie\u00dfen. Wir werden h\u00f6chstwahrscheinlich die Tauchg\u00e4nge in der N\u00e4he von Giftun machen \u2013 einer der Inseln im Roten Meer! All dies findet unter Wasser an einem der ber\u00fchmtesten Orte der Welt statt. Um diese Reise zu genie\u00dfen, ben\u00f6tigen Sie keine Zertifizierung oder vorherige Schulung. Tauchliebhaber sollten dieses sch\u00f6ne Abenteuer als eine der besten Seereisen in Safaga nicht verpassen!<\/p>\n<h2>H\u00f6hepunkte des Tauchausflugs in Safaga<\/h2>\n<ul>\n<li>Meerespicknick \u00fcber dem Roten Meer.<\/li>\n<li>Zweimal unter Wasser tauchen.<\/li>\n<li>Schnorcheln im offenen Meer vom Boot aus.<\/li>\n<li>Auch das Mittagessen ist an Bord.<\/li>\n<\/ul>\n<h2>Programm der Tauchreise<\/h2>\n<ul>\n<li>Zun\u00e4chst holt Sie der Vertreter von Landious Travel gegen 08:00 Uhr von den Hotels in Safaga ab.<\/li>\n<li>Zweitens f\u00e4hrt der Bus zum Hafen, nachdem er alle Ank\u00f6mmlinge abgeholt hat. Der Weg zu diesem Hafen dauert ungef\u00e4hr 30 Minuten.<\/li>\n<li>In diesem Hafen finden Sie Ihr Boot. Es ist gro\u00df und schick und hat zwei Stockwerke. Sobald Sie das Schiff betreten, m\u00fcssen Sie Ihre Schuhe ausziehen. Und dann k\u00f6nnen Sie sich frei in den zweiten Stock erheben, um sich auf dem oberen Sonnendeck zu br\u00e4unen.<\/li>\n<\/ul>\n<h3>Picknick am Meer<\/h3>\n<ul>\n<li>Das Boot f\u00e4hrt weiter durch das Rote Meer, sobald sich die Gruppe versammelt hat. Sie werden auf dem Weg sein, zwei unglaubliche Tauchg\u00e4nge im Roten Meer zu erleben.<\/li>\n<\/ul>\n<h3>Einweisung &amp; Erster Tauchgang<\/h3>\n<ul>\n<li>An der wundersch\u00f6nen Korallenriff-Seestelle machen Sie einen Halt im offenen Meer. Dort k\u00f6nnen Sie tauchen gehen. Bevor Sie mit dieser Aktivit\u00e4t beginnen, geben Ihnen unsere Trainer und Taucher eine Einweisung und begleiten Sie individuell unter Wasser. Sie werden Ihren ersten Tauchgang so sehr genie\u00dfen! Dieser Tauchgang dauert etwa 15 Minuten unter Wasser. Sie werden es genie\u00dfen, die Korallenriffe und unz\u00e4hlige bunte Fische zu beobachten, die sich bis dahin direkt vor Ihren Augen tummeln.<\/li>\n<\/ul>\n<h3>Mittagessen an Bord<\/h3>\n<ul>\n<li>Nach diesem Tauchgang trifft sich die Gruppe im ersten Stock des Bootes zum Mittagessen. W\u00e4hrend der Mittagszeit ist das Buffet ge\u00f6ffnet.<\/li>\n<\/ul>\n<h3>Zweiter Tauchgang<\/h3>\n<ul>\n<li>Nat\u00fcrlich haben Sie Zeit, an einem anderen Meeresplatz zu tauchen \u2013 das Boot f\u00e4hrt zu einem anderen Tauchplatz.<\/li>\n<li>Sobald Sie Ihre Interaktion beendet haben, beginnt ein Bild- und DVD-Briefing. Bevor der Tauchausflug beginnt, bietet Ihnen der Fotograf an, einige Fotos und ein Video von sich zu machen. Nat\u00fcrlich ist es eine hervorragende Gelegenheit, diese sch\u00f6nen Momente in Erinnerung zu behalten. Diese Bilder stellt er Ihnen jedoch gegen Aufpreis am Ende der Reise zur Verf\u00fcgung. Der Preis variiert je nach Gr\u00f6\u00dfe. Es wird etwas Optionales sein. Das DVD-Briefing dauert 10 Minuten.<\/li>\n<\/ul>\n<h3>Zur\u00fcck zuhause<\/h3>\n<ul>\n<li>Wenn das Boot schlie\u00dflich im Hafen ankommt, bringen wir Sie zur\u00fcck zu Ihrem Hotel.<\/li>\n<li>Dieser Tauchausflug in Safaga endet gegen 16:30 Uhr.<\/li>\n<\/ul>\n<h2>Was beinhaltet der Tauchausflug Safaga Preis?<\/h2>\n<ul>\n<li>Tauchausr\u00fcstung.<\/li>\n<li>Schnorchelausr\u00fcstung.<\/li>\n<li>Speisen &amp; Getr\u00e4nke.<\/li>\n<li>Au\u00dferdem Transfer zum Hafen und zur\u00fcck zum Hotel.<\/li>\n<\/ul>\n<h2>Was beinhaltet das Tauchausflugsprogramm Safaga Hurghada nicht?<\/h2>\n<ul>\n<li>Eintrittsgeb\u00fchr (5 USD pro Person)<\/li>\n<li>Video-DVD.<\/li>\n<li>Auch die Foto-CD.<\/li>\n<\/ul>\n<h2>Was nehmen Sie f\u00fcr die Reise mit?<\/h2>\n<ul>\n<li>Handtuch.<\/li>\n<li>Au\u00dferdem Sonnencreme.<\/li>\n<\/ul>\n<h2>Tauchausflug Safaga Buchungstage<\/h2>\n<ul>\n<li>T\u00e4glich von 08:00 \u2013 17:00 Uhr.<\/li>\n<\/ul>\n<h2>Dienstleistungen, die w\u00e4hrend des Tauchausflugs Safaga angeboten werden<\/h2>\n<p>Transport: Landious Travel bedient Sie mit einer klimatisierten Limousine\/einem Minibus. Ein professioneller Fahrer begleitet Sie zum Hafen und zu Ihrem Hotel.<\/p>\n<p>F\u00fchrung: Ein professioneller englischer Reiseleiter holt Sie von Ihren Hotels ab und begleitet Sie zum Hafen.<\/p>\n<p>Bootsausstattung: Unsere Boote sind neu und haben drei Etagen. Diese Boote haben einen Speisesaal, einen Wasserk\u00fchler, eine K\u00fcche und zwei Toiletten. Au\u00dferdem stellen wir Schwimmwesten, Schnorchel- und Tauchausr\u00fcstung im ersten Stock zur Verf\u00fcgung. Auf dem Sonnendeck befinden sich bequeme Sonnenliegen und ein Zelt.<\/p>\n<p>Team und Personal: Sie werden eine freundliche und professionelle Crew auf dem Boot haben. Unsere Instruktoren und Trainer begleiten Sie w\u00e4hrend der Reise.<\/p>\n<p>Essen: Wir bieten ein dekadentes Mittagessen an Bord in Form eines offenen Buffets an.<\/p>\n","protected":false},"excerpt":{"rendered":"<p>Erleben Sie die Magie und das Geheimnis des Roten Meeres bei einem Tauchausflug ab Safaga. Unser Team stellt Ihnen erstklassige Ausr\u00fcstung und Dienstleistungen zur Verf\u00fcgung, um sicherzustellen, dass Sie das bestm\u00f6gliche Erlebnis haben. Bei zwei unvergesslichen Tauchg\u00e4ngen an zwei verschiedenen Orten haben Sie die M\u00f6glichkeit, die atemberaubenden Korallenriffe zu erkunden und einer Vielzahl farbenfroher Fische zu begegnen. Im Reisepreis ist alles enthalten, was Sie brauchen, von der Tauchausr\u00fcstung bis hin zu einem k\u00f6stlichen Mittagessen und erfrischenden Erfrischungsgetr\u00e4nken. Aber damit ist das Abenteuer noch nicht zu Ende \u2013 Sie haben an diesem gesegneten Tag auch die M\u00f6glichkeit, mit Tauchmasken und Flossen zu schwimmen und zu schnorcheln. Buchen Sie jetzt dieses aufregende Abenteuer im Wasser und schaffen Sie unvergessliche Erinnerungen in Ihrem Urlaub.<\/p>\n","protected":false},"featured_media":135435,"comment_status":"open","ping_status":"closed","template":"","meta":{"_coblocks_attr":"","_coblocks_dimensions":"","_coblocks_responsive_height":"","_coblocks_accordion_ie_support":"","_uag_custom_page_level_css":"","jetpack_post_was_ever_published":false,"jetpack_publicize_message":"","jetpack_publicize_feature_enabled":true,"jetpack_social_post_already_shared":true,"jetpack_social_options":{"image_generator_settings":{"template":"highway","default_image_id":0,"font":"","enabled":false},"version":2},"_wpas_customize_per_network":false},"product_brand":[],"product_cat":[23604,16902,19549],"product_tag":[1653,1844,1777,1778,2114],"class_list":{"0":"post-135434","1":"product","2":"type-product","3":"status-publish","4":"has-post-thumbnail","6":"product_cat-budgetfreundliche-ausfluege-safaga","7":"product_cat-ausfluege-safaga","8":"product_cat-seeausfluege-safaga","9":"product_tag-ausflug","10":"product_tag-bootsausfluge","11":"product_tag-meer","12":"product_tag-schnorcheln","13":"product_tag-tauchen","14":"pa_age-erwachsene","15":"pa_age-kind-1-4-jahre","16":"pa_age-kind-5-11-jahre","18":"first","19":"instock","20":"sale","21":"taxable","22":"shipping-taxable","23":"purchasable","24":"product-type-variable"},"yoast_head":"<!-- This site is optimized with the Yoast SEO Premium plugin v26.9 (Yoast SEO v27.3) - https:\/\/yoast.com\/product\/yoast-seo-premium-wordpress\/ -->\n<title>Tauchausflug von Safaga<\/title>\n<meta name=\"description\" content=\"Tauchausflug von Safaga ist eine aufregende Seereise zum Tauchen im Roten Meer von Safaga, \u00c4gypten! Wir empfehlen die Reise, weil sie den Touristen eine\" \/>\n<meta name=\"robots\" content=\"index, follow, max-snippet:-1, max-image-preview:large, max-video-preview:-1\" \/>\n<link rel=\"canonical\" href=\"https:\/\/landioustravel.com\/de\/shop\/tauchausflug-safaga\/\" \/>\n<meta property=\"og:locale\" content=\"de_DE\" \/>\n<meta property=\"og:type\" content=\"article\" \/>\n<meta property=\"og:title\" content=\"Tauchausflug von Safaga\" \/>\n<meta property=\"og:description\" content=\"Landious Travel\" \/>\n<meta property=\"og:url\" content=\"https:\/\/landioustravel.com\/de\/shop\/tauchausflug-safaga\/\" \/>\n<meta property=\"og:site_name\" content=\"Landious Travel\" \/>\n<meta property=\"article:publisher\" content=\"https:\/\/web.facebook.com\/landiousEgypt\" \/>\n<meta property=\"article:modified_time\" content=\"2024-03-01T00:29:00+00:00\" \/>\n<meta property=\"og:image\" content=\"https:\/\/i0.wp.com\/landioustravel.com\/wp-content\/uploads\/2022\/12\/Diving-Trip-from-Safaga-e1671553135734.jpg?fit=1200%2C675&ssl=1\" \/>\n\t<meta property=\"og:image:width\" content=\"1200\" \/>\n\t<meta property=\"og:image:height\" content=\"675\" \/>\n\t<meta property=\"og:image:type\" content=\"image\/jpeg\" \/>\n<meta name=\"twitter:card\" content=\"summary_large_image\" \/>\n<meta name=\"twitter:site\" content=\"@LandiousTours\" \/>\n<meta name=\"twitter:label1\" content=\"Gesch\u00e4tzte Lesezeit\" \/>\n\t<meta name=\"twitter:data1\" content=\"3\u00a0Minuten\" \/>\n<script type=\"application\/ld+json\" class=\"yoast-schema-graph\">{\"@context\":\"https:\\\/\\\/schema.org\",\"@graph\":[{\"@type\":\"WebPage\",\"@id\":\"https:\\\/\\\/landioustravel.com\\\/de\\\/shop\\\/tauchausflug-safaga\\\/\",\"url\":\"https:\\\/\\\/landioustravel.com\\\/de\\\/shop\\\/tauchausflug-safaga\\\/\",\"name\":\"Tauchausflug von Safaga\",\"isPartOf\":{\"@id\":\"https:\\\/\\\/landioustravel.com\\\/de\\\/#website\"},\"primaryImageOfPage\":{\"@id\":\"https:\\\/\\\/landioustravel.com\\\/de\\\/shop\\\/tauchausflug-safaga\\\/#primaryimage\"},\"image\":{\"@id\":\"https:\\\/\\\/landioustravel.com\\\/de\\\/shop\\\/tauchausflug-safaga\\\/#primaryimage\"},\"thumbnailUrl\":\"https:\\\/\\\/i0.wp.com\\\/landioustravel.com\\\/wp-content\\\/uploads\\\/2022\\\/12\\\/Diving-Trip-from-Safaga-e1671553135734.jpg?fit=1200%2C675&ssl=1\",\"datePublished\":\"2023-02-01T17:14:46+00:00\",\"dateModified\":\"2024-03-01T00:29:00+00:00\",\"description\":\"Tauchausflug von Safaga ist eine aufregende Seereise zum Tauchen im Roten Meer von Safaga, \u00c4gypten! Wir empfehlen die Reise, weil sie den Touristen eine\",\"breadcrumb\":{\"@id\":\"https:\\\/\\\/landioustravel.com\\\/de\\\/shop\\\/tauchausflug-safaga\\\/#breadcrumb\"},\"inLanguage\":\"de\",\"potentialAction\":[{\"@type\":\"ReadAction\",\"target\":[\"https:\\\/\\\/landioustravel.com\\\/de\\\/shop\\\/tauchausflug-safaga\\\/\"]}]},{\"@type\":\"ImageObject\",\"inLanguage\":\"de\",\"@id\":\"https:\\\/\\\/landioustravel.com\\\/de\\\/shop\\\/tauchausflug-safaga\\\/#primaryimage\",\"url\":\"https:\\\/\\\/i0.wp.com\\\/landioustravel.com\\\/wp-content\\\/uploads\\\/2022\\\/12\\\/Diving-Trip-from-Safaga-e1671553135734.jpg?fit=1200%2C675&ssl=1\",\"contentUrl\":\"https:\\\/\\\/i0.wp.com\\\/landioustravel.com\\\/wp-content\\\/uploads\\\/2022\\\/12\\\/Diving-Trip-from-Safaga-e1671553135734.jpg?fit=1200%2C675&ssl=1\",\"width\":1200,\"height\":675,\"caption\":\"Diving Trip from Safaga\"},{\"@type\":\"BreadcrumbList\",\"@id\":\"https:\\\/\\\/landioustravel.com\\\/de\\\/shop\\\/tauchausflug-safaga\\\/#breadcrumb\",\"itemListElement\":[{\"@type\":\"ListItem\",\"position\":1,\"name\":\"Home\",\"item\":\"https:\\\/\\\/landioustravel.com\\\/de\\\/\"},{\"@type\":\"ListItem\",\"position\":2,\"name\":\"\u00c4gypten Touren\",\"item\":\"https:\\\/\\\/landioustravel.com\\\/de\\\/\"},{\"@type\":\"ListItem\",\"position\":3,\"name\":\"Tauchausflug von Safaga\"}]},{\"@type\":\"WebSite\",\"@id\":\"https:\\\/\\\/landioustravel.com\\\/de\\\/#website\",\"url\":\"https:\\\/\\\/landioustravel.com\\\/de\\\/\",\"name\":\"Landious Travel\",\"description\":\"Excursions, trips and cruises in Egypt\",\"publisher\":{\"@id\":\"https:\\\/\\\/landioustravel.com\\\/de\\\/#organization\"},\"potentialAction\":[{\"@type\":\"SearchAction\",\"target\":{\"@type\":\"EntryPoint\",\"urlTemplate\":\"https:\\\/\\\/landioustravel.com\\\/de\\\/?s={search_term_string}\"},\"query-input\":{\"@type\":\"PropertyValueSpecification\",\"valueRequired\":true,\"valueName\":\"search_term_string\"}}],\"inLanguage\":\"de\"},{\"@type\":[\"Organization\",\"Place\"],\"@id\":\"https:\\\/\\\/landioustravel.com\\\/de\\\/#organization\",\"name\":\"Landious Travel\",\"alternateName\":\"Landious Travel\",\"url\":\"https:\\\/\\\/landioustravel.com\\\/de\\\/\",\"logo\":{\"@id\":\"https:\\\/\\\/landioustravel.com\\\/de\\\/shop\\\/tauchausflug-safaga\\\/#local-main-organization-logo\"},\"image\":{\"@id\":\"https:\\\/\\\/landioustravel.com\\\/de\\\/shop\\\/tauchausflug-safaga\\\/#local-main-organization-logo\"},\"sameAs\":[\"https:\\\/\\\/web.facebook.com\\\/landiousEgypt\",\"https:\\\/\\\/x.com\\\/LandiousTours\",\"https:\\\/\\\/mastodon.social\\\/@landious\"],\"legalName\":\"Landious Travel\",\"telephone\":[],\"openingHoursSpecification\":[{\"@type\":\"OpeningHoursSpecification\",\"dayOfWeek\":[\"Monday\",\"Tuesday\",\"Wednesday\",\"Thursday\",\"Friday\",\"Saturday\",\"Sunday\"],\"opens\":\"09:00\",\"closes\":\"17:00\"}]},{\"@type\":\"ImageObject\",\"inLanguage\":\"de\",\"@id\":\"https:\\\/\\\/landioustravel.com\\\/de\\\/shop\\\/tauchausflug-safaga\\\/#local-main-organization-logo\",\"url\":\"https:\\\/\\\/i0.wp.com\\\/landioustravel.com\\\/wp-content\\\/uploads\\\/2021\\\/06\\\/Landious-T.png?fit=500%2C500&ssl=1\",\"contentUrl\":\"https:\\\/\\\/i0.wp.com\\\/landioustravel.com\\\/wp-content\\\/uploads\\\/2021\\\/06\\\/Landious-T.png?fit=500%2C500&ssl=1\",\"width\":500,\"height\":500,\"caption\":\"Landious Travel\"}]}<\/script>\n<!-- \/ Yoast SEO Premium plugin. -->","yoast_head_json":{"title":"Tauchausflug von Safaga","description":"Tauchausflug von Safaga ist eine aufregende Seereise zum Tauchen im Roten Meer von Safaga, \u00c4gypten! Wir empfehlen die Reise, weil sie den Touristen eine","robots":{"index":"index","follow":"follow","max-snippet":"max-snippet:-1","max-image-preview":"max-image-preview:large","max-video-preview":"max-video-preview:-1"},"canonical":"https:\/\/landioustravel.com\/de\/shop\/tauchausflug-safaga\/","og_locale":"de_DE","og_type":"article","og_title":"Tauchausflug von Safaga","og_description":"Landious Travel","og_url":"https:\/\/landioustravel.com\/de\/shop\/tauchausflug-safaga\/","og_site_name":"Landious Travel","article_publisher":"https:\/\/web.facebook.com\/landiousEgypt","article_modified_time":"2024-03-01T00:29:00+00:00","og_image":[{"width":1200,"height":675,"url":"https:\/\/i0.wp.com\/landioustravel.com\/wp-content\/uploads\/2022\/12\/Diving-Trip-from-Safaga-e1671553135734.jpg?fit=1200%2C675&ssl=1","type":"image\/jpeg"}],"twitter_card":"summary_large_image","twitter_site":"@LandiousTours","twitter_misc":{"Gesch\u00e4tzte Lesezeit":"3\u00a0Minuten"},"schema":{"@context":"https:\/\/schema.org","@graph":[{"@type":"WebPage","@id":"https:\/\/landioustravel.com\/de\/shop\/tauchausflug-safaga\/","url":"https:\/\/landioustravel.com\/de\/shop\/tauchausflug-safaga\/","name":"Tauchausflug von Safaga","isPartOf":{"@id":"https:\/\/landioustravel.com\/de\/#website"},"primaryImageOfPage":{"@id":"https:\/\/landioustravel.com\/de\/shop\/tauchausflug-safaga\/#primaryimage"},"image":{"@id":"https:\/\/landioustravel.com\/de\/shop\/tauchausflug-safaga\/#primaryimage"},"thumbnailUrl":"https:\/\/i0.wp.com\/landioustravel.com\/wp-content\/uploads\/2022\/12\/Diving-Trip-from-Safaga-e1671553135734.jpg?fit=1200%2C675&ssl=1","datePublished":"2023-02-01T17:14:46+00:00","dateModified":"2024-03-01T00:29:00+00:00","description":"Tauchausflug von Safaga ist eine aufregende Seereise zum Tauchen im Roten Meer von Safaga, \u00c4gypten! Wir empfehlen die Reise, weil sie den Touristen eine","breadcrumb":{"@id":"https:\/\/landioustravel.com\/de\/shop\/tauchausflug-safaga\/#breadcrumb"},"inLanguage":"de","potentialAction":[{"@type":"ReadAction","target":["https:\/\/landioustravel.com\/de\/shop\/tauchausflug-safaga\/"]}]},{"@type":"ImageObject","inLanguage":"de","@id":"https:\/\/landioustravel.com\/de\/shop\/tauchausflug-safaga\/#primaryimage","url":"https:\/\/i0.wp.com\/landioustravel.com\/wp-content\/uploads\/2022\/12\/Diving-Trip-from-Safaga-e1671553135734.jpg?fit=1200%2C675&ssl=1","contentUrl":"https:\/\/i0.wp.com\/landioustravel.com\/wp-content\/uploads\/2022\/12\/Diving-Trip-from-Safaga-e1671553135734.jpg?fit=1200%2C675&ssl=1","width":1200,"height":675,"caption":"Diving Trip from Safaga"},{"@type":"BreadcrumbList","@id":"https:\/\/landioustravel.com\/de\/shop\/tauchausflug-safaga\/#breadcrumb","itemListElement":[{"@type":"ListItem","position":1,"name":"Home","item":"https:\/\/landioustravel.com\/de\/"},{"@type":"ListItem","position":2,"name":"\u00c4gypten Touren","item":"https:\/\/landioustravel.com\/de\/"},{"@type":"ListItem","position":3,"name":"Tauchausflug von Safaga"}]},{"@type":"WebSite","@id":"https:\/\/landioustravel.com\/de\/#website","url":"https:\/\/landioustravel.com\/de\/","name":"Landious Travel","description":"Excursions, trips and cruises in Egypt","publisher":{"@id":"https:\/\/landioustravel.com\/de\/#organization"},"potentialAction":[{"@type":"SearchAction","target":{"@type":"EntryPoint","urlTemplate":"https:\/\/landioustravel.com\/de\/?s={search_term_string}"},"query-input":{"@type":"PropertyValueSpecification","valueRequired":true,"valueName":"search_term_string"}}],"inLanguage":"de"},{"@type":["Organization","Place"],"@id":"https:\/\/landioustravel.com\/de\/#organization","name":"Landious Travel","alternateName":"Landious Travel","url":"https:\/\/landioustravel.com\/de\/","logo":{"@id":"https:\/\/landioustravel.com\/de\/shop\/tauchausflug-safaga\/#local-main-organization-logo"},"image":{"@id":"https:\/\/landioustravel.com\/de\/shop\/tauchausflug-safaga\/#local-main-organization-logo"},"sameAs":["https:\/\/web.facebook.com\/landiousEgypt","https:\/\/x.com\/LandiousTours","https:\/\/mastodon.social\/@landious"],"legalName":"Landious Travel","telephone":[],"openingHoursSpecification":[{"@type":"OpeningHoursSpecification","dayOfWeek":["Monday","Tuesday","Wednesday","Thursday","Friday","Saturday","Sunday"],"opens":"09:00","closes":"17:00"}]},{"@type":"ImageObject","inLanguage":"de","@id":"https:\/\/landioustravel.com\/de\/shop\/tauchausflug-safaga\/#local-main-organization-logo","url":"https:\/\/i0.wp.com\/landioustravel.com\/wp-content\/uploads\/2021\/06\/Landious-T.png?fit=500%2C500&ssl=1","contentUrl":"https:\/\/i0.wp.com\/landioustravel.com\/wp-content\/uploads\/2021\/06\/Landious-T.png?fit=500%2C500&ssl=1","width":500,"height":500,"caption":"Landious Travel"}]}},"jetpack_publicize_connections":[],"uagb_featured_image_src":{"full":["https:\/\/i0.wp.com\/landioustravel.com\/wp-content\/uploads\/2022\/12\/Diving-Trip-from-Safaga-e1671553135734.jpg?fit=1200%2C675&ssl=1",1200,675,false],"thumbnail":["https:\/\/i0.wp.com\/landioustravel.com\/wp-content\/uploads\/2022\/12\/Diving-Trip-from-Safaga-e1671553135734.jpg?resize=150%2C150&ssl=1",150,150,true],"medium":["https:\/\/i0.wp.com\/landioustravel.com\/wp-content\/uploads\/2022\/12\/Diving-Trip-from-Safaga-e1671553135734.jpg?fit=300%2C169&ssl=1",300,169,true],"medium_large":["https:\/\/i0.wp.com\/landioustravel.com\/wp-content\/uploads\/2022\/12\/Diving-Trip-from-Safaga-e1671553135734.jpg?fit=768%2C432&ssl=1",768,432,true],"large":["https:\/\/i0.wp.com\/landioustravel.com\/wp-content\/uploads\/2022\/12\/Diving-Trip-from-Safaga-e1671553135734.jpg?fit=980%2C551&ssl=1",980,551,true],"1536x1536":["https:\/\/i0.wp.com\/landioustravel.com\/wp-content\/uploads\/2022\/12\/Diving-Trip-from-Safaga-e1671553135734.jpg?fit=1536%2C864&ssl=1",1536,864,true],"2048x2048":["https:\/\/i0.wp.com\/landioustravel.com\/wp-content\/uploads\/2022\/12\/Diving-Trip-from-Safaga-e1671553135734.jpg?fit=1200%2C675&ssl=1",1200,675,true],"newspack-article-block-landscape-large":["https:\/\/i0.wp.com\/landioustravel.com\/wp-content\/uploads\/2022\/12\/Diving-Trip-from-Safaga-e1671553135734.jpg?resize=1200%2C675&ssl=1",1200,675,true],"newspack-article-block-portrait-large":["https:\/\/i0.wp.com\/landioustravel.com\/wp-content\/uploads\/2022\/12\/Diving-Trip-from-Safaga-e1671553135734.jpg?resize=900%2C675&ssl=1",900,675,true],"newspack-article-block-square-large":["https:\/\/i0.wp.com\/landioustravel.com\/wp-content\/uploads\/2022\/12\/Diving-Trip-from-Safaga-e1671553135734.jpg?resize=1200%2C675&ssl=1",1200,675,true],"newspack-article-block-landscape-medium":["https:\/\/i0.wp.com\/landioustravel.com\/wp-content\/uploads\/2022\/12\/Diving-Trip-from-Safaga-e1671553135734.jpg?resize=800%2C600&ssl=1",800,600,true],"newspack-article-block-portrait-medium":["https:\/\/i0.wp.com\/landioustravel.com\/wp-content\/uploads\/2022\/12\/Diving-Trip-from-Safaga-e1671553135734.jpg?resize=600%2C675&ssl=1",600,675,true],"newspack-article-block-square-medium":["https:\/\/i0.wp.com\/landioustravel.com\/wp-content\/uploads\/2022\/12\/Diving-Trip-from-Safaga-e1671553135734.jpg?resize=800%2C675&ssl=1",800,675,true],"newspack-article-block-landscape-intermediate":["https:\/\/i0.wp.com\/landioustravel.com\/wp-content\/uploads\/2022\/12\/Diving-Trip-from-Safaga-e1671553135734.jpg?resize=600%2C450&ssl=1",600,450,true],"newspack-article-block-portrait-intermediate":["https:\/\/i0.wp.com\/landioustravel.com\/wp-content\/uploads\/2022\/12\/Diving-Trip-from-Safaga-e1671553135734.jpg?resize=450%2C600&ssl=1",450,600,true],"newspack-article-block-square-intermediate":["https:\/\/i0.wp.com\/landioustravel.com\/wp-content\/uploads\/2022\/12\/Diving-Trip-from-Safaga-e1671553135734.jpg?resize=600%2C600&ssl=1",600,600,true],"newspack-article-block-landscape-small":["https:\/\/i0.wp.com\/landioustravel.com\/wp-content\/uploads\/2022\/12\/Diving-Trip-from-Safaga-e1671553135734.jpg?resize=400%2C300&ssl=1",400,300,true],"newspack-article-block-portrait-small":["https:\/\/i0.wp.com\/landioustravel.com\/wp-content\/uploads\/2022\/12\/Diving-Trip-from-Safaga-e1671553135734.jpg?resize=300%2C400&ssl=1",300,400,true],"newspack-article-block-square-small":["https:\/\/i0.wp.com\/landioustravel.com\/wp-content\/uploads\/2022\/12\/Diving-Trip-from-Safaga-e1671553135734.jpg?resize=400%2C400&ssl=1",400,400,true],"newspack-article-block-landscape-tiny":["https:\/\/i0.wp.com\/landioustravel.com\/wp-content\/uploads\/2022\/12\/Diving-Trip-from-Safaga-e1671553135734.jpg?resize=200%2C150&ssl=1",200,150,true],"newspack-article-block-portrait-tiny":["https:\/\/i0.wp.com\/landioustravel.com\/wp-content\/uploads\/2022\/12\/Diving-Trip-from-Safaga-e1671553135734.jpg?resize=150%2C200&ssl=1",150,200,true],"newspack-article-block-square-tiny":["https:\/\/i0.wp.com\/landioustravel.com\/wp-content\/uploads\/2022\/12\/Diving-Trip-from-Safaga-e1671553135734.jpg?resize=200%2C200&ssl=1",200,200,true],"newspack-article-block-uncropped":["https:\/\/i0.wp.com\/landioustravel.com\/wp-content\/uploads\/2022\/12\/Diving-Trip-from-Safaga-e1671553135734.jpg?fit=1200%2C675&ssl=1",1200,675,true],"woocommerce_thumbnail":["https:\/\/i0.wp.com\/landioustravel.com\/wp-content\/uploads\/2022\/12\/Diving-Trip-from-Safaga-e1671553135734.jpg?resize=324%2C324&ssl=1",324,324,true],"woocommerce_single":["https:\/\/i0.wp.com\/landioustravel.com\/wp-content\/uploads\/2022\/12\/Diving-Trip-from-Safaga-e1671553135734.jpg?fit=416%2C234&ssl=1",416,234,true],"woocommerce_gallery_thumbnail":["https:\/\/i0.wp.com\/landioustravel.com\/wp-content\/uploads\/2022\/12\/Diving-Trip-from-Safaga-e1671553135734.jpg?resize=100%2C100&ssl=1",100,100,true]},"uagb_author_info":{"display_name":"Mofreh Landious","author_link":"https:\/\/landioustravel.com\/de\/author\/"},"uagb_comment_info":0,"uagb_excerpt":"Erleben Sie die Magie und das Geheimnis des Roten Meeres bei einem Tauchausflug ab Safaga. Unser Team stellt Ihnen erstklassige Ausr\u00fcstung und Dienstleistungen zur Verf\u00fcgung, um sicherzustellen, dass Sie das bestm\u00f6gliche Erlebnis haben. Bei zwei unvergesslichen Tauchg\u00e4ngen an zwei verschiedenen Orten haben Sie die M\u00f6glichkeit, die atemberaubenden Korallenriffe zu erkunden und einer Vielzahl farbenfroher Fische&hellip;","jetpack_sharing_enabled":true,"jetpack_likes_enabled":true,"amp_enabled":true,"_links":{"self":[{"href":"https:\/\/landioustravel.com\/de\/wp-json\/wp\/v2\/product\/135434","targetHints":{"allow":["GET"]}}],"collection":[{"href":"https:\/\/landioustravel.com\/de\/wp-json\/wp\/v2\/product"}],"about":[{"href":"https:\/\/landioustravel.com\/de\/wp-json\/wp\/v2\/types\/product"}],"replies":[{"embeddable":true,"href":"https:\/\/landioustravel.com\/de\/wp-json\/wp\/v2\/comments?post=135434"}],"wp:featuredmedia":[{"embeddable":true,"href":"https:\/\/landioustravel.com\/de\/wp-json\/wp\/v2\/media\/135435"}],"wp:attachment":[{"href":"https:\/\/landioustravel.com\/de\/wp-json\/wp\/v2\/media?parent=135434"}],"wp:term":[{"taxonomy":"product_brand","embeddable":true,"href":"https:\/\/landioustravel.com\/de\/wp-json\/wp\/v2\/product_brand?post=135434"},{"taxonomy":"product_cat","embeddable":true,"href":"https:\/\/landioustravel.com\/de\/wp-json\/wp\/v2\/product_cat?post=135434"},{"taxonomy":"product_tag","embeddable":true,"href":"https:\/\/landioustravel.com\/de\/wp-json\/wp\/v2\/product_tag?post=135434"}],"curies":[{"name":"wp","href":"https:\/\/api.w.org\/{rel}","templated":true}]}}