{"id":135443,"date":"2022-12-20T16:53:02","date_gmt":"2023-02-01T21:19:13","guid":{"rendered":"https:\/\/landioustravel.com\/?post_type=product&#038;p=135443"},"modified":"2023-06-19T04:03:50","modified_gmt":"2023-06-19T02:03:50","slug":"halb-u-boot-ausflug-safaga","status":"publish","type":"product","link":"https:\/\/landioustravel.com\/de\/shop\/halb-u-boot-ausflug-safaga\/","title":{"rendered":"Halb U Boot Ausflug Safaga"},"content":{"rendered":"<p><strong>Halb U Boot Ausflug Safaga<\/strong> ist ein beliebter Seeausflug mit einem Halb-U-Boot, um die Unterwasserwelt des Roten Meeres in <a href=\"https:\/\/landioustravel.com\/de\/agypten\/aegyptische-staedte\/bahr-ahmar-gouvernement\/safaga-stadt\/\">Safaga<\/a>, \u00c4gypten, zu entdecken! Wir empfehlen den Ausflug, da Touristen jeden Alters eine gute Zeit auf See verbringen und Korallen beobachten k\u00f6nnen Riffe und viele Fische. Au\u00dferdem k\u00f6nnen Sie ein Meerespicknick durch das Rote Meer genie\u00dfen. Besichtigung der Safaga-Inseln \u2013 die Inseln des Roten Meeres werden fr\u00f6hlich sein!<\/p>\n<h2>H\u00f6hepunkte des Halb-U-Boot-Ausflugs von Safaga<\/h2>\n<ul>\n<li>Meerespicknick \u00fcber dem Roten Meer.<\/li>\n<li>Beobachten Sie die Unterwasserwelt an Bord eines Halb-U-Bootes.<\/li>\n<li>Schnorcheln Sie auch im offenen Meer mit Masken und Flossen.<\/li>\n<\/ul>\n<h2>Programm der Halb-U-Boot-Ausflug<\/h2>\n<ul>\n<li>Der Vertreter von Landious Travel holt Sie gegen 10:00 Uhr von Ihrem Hotel in Safaga ab.<\/li>\n<li>Nachdem Sie alle Ank\u00f6mmlinge genommen haben, f\u00e4hrt der Bus zum Hafen. Der Weg zum Hafen dauert ca. 30 Minuten.<\/li>\n<li>Zu Beginn des Ausflugsprogramms erwartet Sie ein Meerespicknick am Roten Meer.<\/li>\n<li>Dann steigen Sie in die untere Etage des Halb-U-Bootes hinab. Sie k\u00f6nnen dort sitzen und etwa 45 Minuten lang Fische und Korallenriffe beobachten.<\/li>\n<li>Au\u00dferdem wird das Halb-U-Boot auf offener See anhalten. So k\u00f6nnen Sie etwa 45 Minuten im offenen Ozean schwimmen.<\/li>\n<li>Auf dem R\u00fcckweg zum Hafen haben Sie auch die M\u00f6glichkeit, Korallenriffe und Fische zu sehen.<\/li>\n<li>Schlie\u00dflich bringen wir Sie zur\u00fcck zu Ihrem Hotel.<\/li>\n<li>Diese Seereise mit einem Halb-U-Boot in Safaga endet gegen 13:00 Uhr.<\/li>\n<\/ul>\n<h2>Was beinhaltet der Preis f\u00fcr die Halb-U-Boot-Fahrt Safaga?<\/h2>\n<ul>\n<li>Masken und Flossen.<\/li>\n<li>Au\u00dferdem Transfer zum Hafen und zur\u00fcck zum Hotel.<\/li>\n<\/ul>\n<h2>Was beinhaltet das Programm der Halb-U-Boot-Fahrt Safaga nicht?<\/h2>\n<ul>\n<li>Eintrittsgeb\u00fchr (5 USD pro Person)<\/li>\n<li>Video-DVD.<\/li>\n<li>Auch die Foto-CD.<\/li>\n<\/ul>\n<h2>Was nehmen Sie f\u00fcr die Tour mit?<\/h2>\n<ul>\n<li>Handtuch.<\/li>\n<li>Au\u00dferdem Sonnencreme.<\/li>\n<\/ul>\n<h2>Halb-U-Boot-Fahrt Safaga Buchungstage<\/h2>\n<ul>\n<li>T\u00e4glich von 010:00 \u2013 14:00 Uhr.<\/li>\n<\/ul>\n<h2>Dienstleistungen, die w\u00e4hrend der Halb-U-Boot-Fahrt Safaga pr\u00e4sentiert werden<\/h2>\n<p>Transport: Landious Travel verwendet klimatisierte Limousinen\/Minibusse. Ein professioneller Fahrer begleitet Sie zum Hafen und zu Ihrem Hotel.<\/p>\n<p>F\u00fchrung: Ein professioneller englischer Reiseleiter holt Sie von Ihren Hotels ab und begleitet Sie zum Hafen.<\/p>\n<p>Bootsausstattung: Unsere Boote sind neu und haben drei Etagen. Diese Boote haben viele Einrichtungen: einen Speisesalon, einen Wasserk\u00fchler, eine K\u00fcche, Toiletten und Schwimmwesten. Au\u00dferdem stellen wir im ersten Stock Schnorchelausr\u00fcstung zur Verf\u00fcgung. Auf dem Sonnendeck befinden sich bequeme Sonnenliegen und ein Zelt.<\/p>\n<p>Team und Personal: Sie werden eine freundliche und professionelle Crew auf dem Boot haben. Unsere Instruktoren und Trainer begleiten Sie w\u00e4hrend der Reise.<\/p>\n<p>Schnorchelausr\u00fcstung: Sie k\u00f6nnen Schwimmwesten und Schnorchelausr\u00fcstung ohne Aufpreis verwenden.<\/p>\n","protected":false},"excerpt":{"rendered":"<p>Erleben Sie den Zauber des Roten Meeres wie nie zuvor bei einer Halb-U-Boot-Kreuzfahrt ab Soma Bay oder Safaga! Erfreuen Sie sich an einem atemberaubenden Seeabenteuer an Bord eines Halb-U-Boots mit zwei Decks in Safaga. Tauchen Sie ein in die faszinierende Unterwasserlandschaft des Roten Meeresbodens und bestaunen Sie die herrlichen Korallenriffe und farbenfrohen Fische. W\u00e4hrend Sie auf der Wasseroberfl\u00e4che schweben, bringt Sie der Boden des Bootes bis zu 4 Meter unter die Wasseroberfl\u00e4che, sodass Sie durch die gro\u00dfen Panoramafenster die Wunder der Tiefe beobachten k\u00f6nnen. Das Unterdeck ist mit halbmetergro\u00dfen Panoramafenstern ausgestattet, die den perfekten Blick auf die Unterwasserwelt erm\u00f6glichen. Sie k\u00f6nnen auch das Schwimmen und Schnorcheln mit Tauchmasken und Flossen im offenen Meer genie\u00dfen. Entdecken Sie die pulsierende und sonnige Soma Bay bei einer unvergesslichen U-Boot-Tour ab Safaga oder Soma Bay. Kommen Sie wilden Seel\u00f6wen ganz nah und erkunden Sie die fantastischen Orte mit farbenfrohen Korallenriffen. Tauchen Sie bequem und stilvoll in die geheimnisvolle Unterwasserwelt ein. Nippen Sie an einem Erfrischungsgetr\u00e4nk, w\u00e4hrend Sie den Panoramablick auf das kristallklare Wasser bewundern \u2013 eine wirklich einzigartige und besondere Art, durch die ruhige und sonnige Soma Bay zu reisen.<\/p>\n","protected":false},"featured_media":135127,"comment_status":"open","ping_status":"closed","template":"","meta":{"_coblocks_attr":"","_coblocks_dimensions":"","_coblocks_responsive_height":"","_coblocks_accordion_ie_support":"","_uag_custom_page_level_css":"","jetpack_post_was_ever_published":false,"jetpack_publicize_message":"","jetpack_publicize_feature_enabled":true,"jetpack_social_post_already_shared":true,"jetpack_social_options":{"image_generator_settings":{"template":"highway","default_image_id":0,"font":"","enabled":false},"version":2},"_wpas_customize_per_network":false},"product_brand":[],"product_cat":[23604,16902,19549],"product_tag":[1653,1844,1845,1777,1778],"class_list":{"0":"post-135443","1":"product","2":"type-product","3":"status-publish","4":"has-post-thumbnail","6":"product_cat-budgetfreundliche-ausfluege-safaga","7":"product_cat-ausfluege-safaga","8":"product_cat-seeausfluege-safaga","9":"product_tag-ausflug","10":"product_tag-bootsausfluge","11":"product_tag-halb-u-boot","12":"product_tag-meer","13":"product_tag-schnorcheln","14":"pa_age-erwachsene","15":"pa_age-kind-1-4-jahre","16":"pa_age-kind-5-11-jahre","18":"first","19":"instock","20":"sale","21":"taxable","22":"shipping-taxable","23":"purchasable","24":"product-type-variable"},"yoast_head":"<!-- This site is optimized with the Yoast SEO Premium plugin v26.9 (Yoast SEO v27.3) - https:\/\/yoast.com\/product\/yoast-seo-premium-wordpress\/ -->\n<title>Halb U Boot Ausflug Safaga<\/title>\n<meta name=\"description\" content=\"Halb U Boot Ausflug Safaga ist ein beliebter Seeausflug mit einem Halb-U-Boot, um die Unterwasserwelt des Roten Meeres in Safaga, \u00c4gypten, zu entdecken!\" \/>\n<meta name=\"robots\" content=\"index, follow, max-snippet:-1, max-image-preview:large, max-video-preview:-1\" \/>\n<link rel=\"canonical\" href=\"https:\/\/landioustravel.com\/de\/shop\/halb-u-boot-ausflug-safaga\/\" \/>\n<meta property=\"og:locale\" content=\"de_DE\" \/>\n<meta property=\"og:type\" content=\"article\" \/>\n<meta property=\"og:title\" content=\"Halb U Boot Ausflug Safaga\" \/>\n<meta property=\"og:description\" content=\"Landious Travel\" \/>\n<meta property=\"og:url\" content=\"https:\/\/landioustravel.com\/de\/shop\/halb-u-boot-ausflug-safaga\/\" \/>\n<meta property=\"og:site_name\" content=\"Landious Travel\" \/>\n<meta property=\"article:publisher\" content=\"https:\/\/web.facebook.com\/landiousEgypt\" \/>\n<meta property=\"article:modified_time\" content=\"2023-06-19T02:03:50+00:00\" \/>\n<meta property=\"og:image\" content=\"https:\/\/i0.wp.com\/landioustravel.com\/wp-content\/uploads\/2022\/12\/Semi-Submarine-Trip-from-Safaga-e1671547593813.jpg?fit=1200%2C675&ssl=1\" \/>\n\t<meta property=\"og:image:width\" content=\"1200\" \/>\n\t<meta property=\"og:image:height\" content=\"675\" \/>\n\t<meta property=\"og:image:type\" content=\"image\/jpeg\" \/>\n<meta name=\"twitter:card\" content=\"summary_large_image\" \/>\n<meta name=\"twitter:site\" content=\"@LandiousTours\" \/>\n<meta name=\"twitter:label1\" content=\"Gesch\u00e4tzte Lesezeit\" \/>\n\t<meta name=\"twitter:data1\" content=\"2\u00a0Minuten\" \/>\n<script type=\"application\/ld+json\" class=\"yoast-schema-graph\">{\"@context\":\"https:\\\/\\\/schema.org\",\"@graph\":[{\"@type\":\"WebPage\",\"@id\":\"https:\\\/\\\/landioustravel.com\\\/de\\\/shop\\\/halb-u-boot-ausflug-safaga\\\/\",\"url\":\"https:\\\/\\\/landioustravel.com\\\/de\\\/shop\\\/halb-u-boot-ausflug-safaga\\\/\",\"name\":\"Halb U Boot Ausflug Safaga\",\"isPartOf\":{\"@id\":\"https:\\\/\\\/landioustravel.com\\\/de\\\/#website\"},\"primaryImageOfPage\":{\"@id\":\"https:\\\/\\\/landioustravel.com\\\/de\\\/shop\\\/halb-u-boot-ausflug-safaga\\\/#primaryimage\"},\"image\":{\"@id\":\"https:\\\/\\\/landioustravel.com\\\/de\\\/shop\\\/halb-u-boot-ausflug-safaga\\\/#primaryimage\"},\"thumbnailUrl\":\"https:\\\/\\\/i0.wp.com\\\/landioustravel.com\\\/wp-content\\\/uploads\\\/2022\\\/12\\\/Semi-Submarine-Trip-from-Safaga-e1671547593813.jpg?fit=1200%2C675&ssl=1\",\"datePublished\":\"2023-02-01T21:19:13+00:00\",\"dateModified\":\"2023-06-19T02:03:50+00:00\",\"description\":\"Halb U Boot Ausflug Safaga ist ein beliebter Seeausflug mit einem Halb-U-Boot, um die Unterwasserwelt des Roten Meeres in Safaga, \u00c4gypten, zu entdecken!\",\"breadcrumb\":{\"@id\":\"https:\\\/\\\/landioustravel.com\\\/de\\\/shop\\\/halb-u-boot-ausflug-safaga\\\/#breadcrumb\"},\"inLanguage\":\"de\",\"potentialAction\":[{\"@type\":\"ReadAction\",\"target\":[\"https:\\\/\\\/landioustravel.com\\\/de\\\/shop\\\/halb-u-boot-ausflug-safaga\\\/\"]}]},{\"@type\":\"ImageObject\",\"inLanguage\":\"de\",\"@id\":\"https:\\\/\\\/landioustravel.com\\\/de\\\/shop\\\/halb-u-boot-ausflug-safaga\\\/#primaryimage\",\"url\":\"https:\\\/\\\/i0.wp.com\\\/landioustravel.com\\\/wp-content\\\/uploads\\\/2022\\\/12\\\/Semi-Submarine-Trip-from-Safaga-e1671547593813.jpg?fit=1200%2C675&ssl=1\",\"contentUrl\":\"https:\\\/\\\/i0.wp.com\\\/landioustravel.com\\\/wp-content\\\/uploads\\\/2022\\\/12\\\/Semi-Submarine-Trip-from-Safaga-e1671547593813.jpg?fit=1200%2C675&ssl=1\",\"width\":1200,\"height\":675,\"caption\":\"Semi Submarine Trip from Safaga\"},{\"@type\":\"BreadcrumbList\",\"@id\":\"https:\\\/\\\/landioustravel.com\\\/de\\\/shop\\\/halb-u-boot-ausflug-safaga\\\/#breadcrumb\",\"itemListElement\":[{\"@type\":\"ListItem\",\"position\":1,\"name\":\"Home\",\"item\":\"https:\\\/\\\/landioustravel.com\\\/de\\\/\"},{\"@type\":\"ListItem\",\"position\":2,\"name\":\"\u00c4gypten Touren\",\"item\":\"https:\\\/\\\/landioustravel.com\\\/de\\\/\"},{\"@type\":\"ListItem\",\"position\":3,\"name\":\"Halb U Boot Ausflug Safaga\"}]},{\"@type\":\"WebSite\",\"@id\":\"https:\\\/\\\/landioustravel.com\\\/de\\\/#website\",\"url\":\"https:\\\/\\\/landioustravel.com\\\/de\\\/\",\"name\":\"Landious Travel\",\"description\":\"Excursions, trips and cruises in Egypt\",\"publisher\":{\"@id\":\"https:\\\/\\\/landioustravel.com\\\/de\\\/#organization\"},\"potentialAction\":[{\"@type\":\"SearchAction\",\"target\":{\"@type\":\"EntryPoint\",\"urlTemplate\":\"https:\\\/\\\/landioustravel.com\\\/de\\\/?s={search_term_string}\"},\"query-input\":{\"@type\":\"PropertyValueSpecification\",\"valueRequired\":true,\"valueName\":\"search_term_string\"}}],\"inLanguage\":\"de\"},{\"@type\":[\"Organization\",\"Place\"],\"@id\":\"https:\\\/\\\/landioustravel.com\\\/de\\\/#organization\",\"name\":\"Landious Travel\",\"alternateName\":\"Landious Travel\",\"url\":\"https:\\\/\\\/landioustravel.com\\\/de\\\/\",\"logo\":{\"@id\":\"https:\\\/\\\/landioustravel.com\\\/de\\\/shop\\\/halb-u-boot-ausflug-safaga\\\/#local-main-organization-logo\"},\"image\":{\"@id\":\"https:\\\/\\\/landioustravel.com\\\/de\\\/shop\\\/halb-u-boot-ausflug-safaga\\\/#local-main-organization-logo\"},\"sameAs\":[\"https:\\\/\\\/web.facebook.com\\\/landiousEgypt\",\"https:\\\/\\\/x.com\\\/LandiousTours\",\"https:\\\/\\\/mastodon.social\\\/@landious\"],\"legalName\":\"Landious Travel\",\"telephone\":[],\"openingHoursSpecification\":[{\"@type\":\"OpeningHoursSpecification\",\"dayOfWeek\":[\"Monday\",\"Tuesday\",\"Wednesday\",\"Thursday\",\"Friday\",\"Saturday\",\"Sunday\"],\"opens\":\"09:00\",\"closes\":\"17:00\"}]},{\"@type\":\"ImageObject\",\"inLanguage\":\"de\",\"@id\":\"https:\\\/\\\/landioustravel.com\\\/de\\\/shop\\\/halb-u-boot-ausflug-safaga\\\/#local-main-organization-logo\",\"url\":\"https:\\\/\\\/i0.wp.com\\\/landioustravel.com\\\/wp-content\\\/uploads\\\/2021\\\/06\\\/Landious-T.png?fit=500%2C500&ssl=1\",\"contentUrl\":\"https:\\\/\\\/i0.wp.com\\\/landioustravel.com\\\/wp-content\\\/uploads\\\/2021\\\/06\\\/Landious-T.png?fit=500%2C500&ssl=1\",\"width\":500,\"height\":500,\"caption\":\"Landious Travel\"}]}<\/script>\n<!-- \/ Yoast SEO Premium plugin. -->","yoast_head_json":{"title":"Halb U Boot Ausflug Safaga","description":"Halb U Boot Ausflug Safaga ist ein beliebter Seeausflug mit einem Halb-U-Boot, um die Unterwasserwelt des Roten Meeres in Safaga, \u00c4gypten, zu entdecken!","robots":{"index":"index","follow":"follow","max-snippet":"max-snippet:-1","max-image-preview":"max-image-preview:large","max-video-preview":"max-video-preview:-1"},"canonical":"https:\/\/landioustravel.com\/de\/shop\/halb-u-boot-ausflug-safaga\/","og_locale":"de_DE","og_type":"article","og_title":"Halb U Boot Ausflug Safaga","og_description":"Landious Travel","og_url":"https:\/\/landioustravel.com\/de\/shop\/halb-u-boot-ausflug-safaga\/","og_site_name":"Landious Travel","article_publisher":"https:\/\/web.facebook.com\/landiousEgypt","article_modified_time":"2023-06-19T02:03:50+00:00","og_image":[{"width":1200,"height":675,"url":"https:\/\/i0.wp.com\/landioustravel.com\/wp-content\/uploads\/2022\/12\/Semi-Submarine-Trip-from-Safaga-e1671547593813.jpg?fit=1200%2C675&ssl=1","type":"image\/jpeg"}],"twitter_card":"summary_large_image","twitter_site":"@LandiousTours","twitter_misc":{"Gesch\u00e4tzte Lesezeit":"2\u00a0Minuten"},"schema":{"@context":"https:\/\/schema.org","@graph":[{"@type":"WebPage","@id":"https:\/\/landioustravel.com\/de\/shop\/halb-u-boot-ausflug-safaga\/","url":"https:\/\/landioustravel.com\/de\/shop\/halb-u-boot-ausflug-safaga\/","name":"Halb U Boot Ausflug Safaga","isPartOf":{"@id":"https:\/\/landioustravel.com\/de\/#website"},"primaryImageOfPage":{"@id":"https:\/\/landioustravel.com\/de\/shop\/halb-u-boot-ausflug-safaga\/#primaryimage"},"image":{"@id":"https:\/\/landioustravel.com\/de\/shop\/halb-u-boot-ausflug-safaga\/#primaryimage"},"thumbnailUrl":"https:\/\/i0.wp.com\/landioustravel.com\/wp-content\/uploads\/2022\/12\/Semi-Submarine-Trip-from-Safaga-e1671547593813.jpg?fit=1200%2C675&ssl=1","datePublished":"2023-02-01T21:19:13+00:00","dateModified":"2023-06-19T02:03:50+00:00","description":"Halb U Boot Ausflug Safaga ist ein beliebter Seeausflug mit einem Halb-U-Boot, um die Unterwasserwelt des Roten Meeres in Safaga, \u00c4gypten, zu entdecken!","breadcrumb":{"@id":"https:\/\/landioustravel.com\/de\/shop\/halb-u-boot-ausflug-safaga\/#breadcrumb"},"inLanguage":"de","potentialAction":[{"@type":"ReadAction","target":["https:\/\/landioustravel.com\/de\/shop\/halb-u-boot-ausflug-safaga\/"]}]},{"@type":"ImageObject","inLanguage":"de","@id":"https:\/\/landioustravel.com\/de\/shop\/halb-u-boot-ausflug-safaga\/#primaryimage","url":"https:\/\/i0.wp.com\/landioustravel.com\/wp-content\/uploads\/2022\/12\/Semi-Submarine-Trip-from-Safaga-e1671547593813.jpg?fit=1200%2C675&ssl=1","contentUrl":"https:\/\/i0.wp.com\/landioustravel.com\/wp-content\/uploads\/2022\/12\/Semi-Submarine-Trip-from-Safaga-e1671547593813.jpg?fit=1200%2C675&ssl=1","width":1200,"height":675,"caption":"Semi Submarine Trip from Safaga"},{"@type":"BreadcrumbList","@id":"https:\/\/landioustravel.com\/de\/shop\/halb-u-boot-ausflug-safaga\/#breadcrumb","itemListElement":[{"@type":"ListItem","position":1,"name":"Home","item":"https:\/\/landioustravel.com\/de\/"},{"@type":"ListItem","position":2,"name":"\u00c4gypten Touren","item":"https:\/\/landioustravel.com\/de\/"},{"@type":"ListItem","position":3,"name":"Halb U Boot Ausflug Safaga"}]},{"@type":"WebSite","@id":"https:\/\/landioustravel.com\/de\/#website","url":"https:\/\/landioustravel.com\/de\/","name":"Landious Travel","description":"Excursions, trips and cruises in Egypt","publisher":{"@id":"https:\/\/landioustravel.com\/de\/#organization"},"potentialAction":[{"@type":"SearchAction","target":{"@type":"EntryPoint","urlTemplate":"https:\/\/landioustravel.com\/de\/?s={search_term_string}"},"query-input":{"@type":"PropertyValueSpecification","valueRequired":true,"valueName":"search_term_string"}}],"inLanguage":"de"},{"@type":["Organization","Place"],"@id":"https:\/\/landioustravel.com\/de\/#organization","name":"Landious Travel","alternateName":"Landious Travel","url":"https:\/\/landioustravel.com\/de\/","logo":{"@id":"https:\/\/landioustravel.com\/de\/shop\/halb-u-boot-ausflug-safaga\/#local-main-organization-logo"},"image":{"@id":"https:\/\/landioustravel.com\/de\/shop\/halb-u-boot-ausflug-safaga\/#local-main-organization-logo"},"sameAs":["https:\/\/web.facebook.com\/landiousEgypt","https:\/\/x.com\/LandiousTours","https:\/\/mastodon.social\/@landious"],"legalName":"Landious Travel","telephone":[],"openingHoursSpecification":[{"@type":"OpeningHoursSpecification","dayOfWeek":["Monday","Tuesday","Wednesday","Thursday","Friday","Saturday","Sunday"],"opens":"09:00","closes":"17:00"}]},{"@type":"ImageObject","inLanguage":"de","@id":"https:\/\/landioustravel.com\/de\/shop\/halb-u-boot-ausflug-safaga\/#local-main-organization-logo","url":"https:\/\/i0.wp.com\/landioustravel.com\/wp-content\/uploads\/2021\/06\/Landious-T.png?fit=500%2C500&ssl=1","contentUrl":"https:\/\/i0.wp.com\/landioustravel.com\/wp-content\/uploads\/2021\/06\/Landious-T.png?fit=500%2C500&ssl=1","width":500,"height":500,"caption":"Landious Travel"}]}},"jetpack_publicize_connections":[],"uagb_featured_image_src":{"full":["https:\/\/i0.wp.com\/landioustravel.com\/wp-content\/uploads\/2022\/12\/Semi-Submarine-Trip-from-Safaga-e1671547593813.jpg?fit=1200%2C675&ssl=1",1200,675,false],"thumbnail":["https:\/\/i0.wp.com\/landioustravel.com\/wp-content\/uploads\/2022\/12\/Semi-Submarine-Trip-from-Safaga-e1671547593813.jpg?resize=150%2C150&ssl=1",150,150,true],"medium":["https:\/\/i0.wp.com\/landioustravel.com\/wp-content\/uploads\/2022\/12\/Semi-Submarine-Trip-from-Safaga-e1671547593813.jpg?fit=300%2C169&ssl=1",300,169,true],"medium_large":["https:\/\/i0.wp.com\/landioustravel.com\/wp-content\/uploads\/2022\/12\/Semi-Submarine-Trip-from-Safaga-e1671547593813.jpg?fit=768%2C432&ssl=1",768,432,true],"large":["https:\/\/i0.wp.com\/landioustravel.com\/wp-content\/uploads\/2022\/12\/Semi-Submarine-Trip-from-Safaga-e1671547593813.jpg?fit=980%2C551&ssl=1",980,551,true],"1536x1536":["https:\/\/i0.wp.com\/landioustravel.com\/wp-content\/uploads\/2022\/12\/Semi-Submarine-Trip-from-Safaga-e1671547593813.jpg?fit=1200%2C675&ssl=1",1200,675,true],"2048x2048":["https:\/\/i0.wp.com\/landioustravel.com\/wp-content\/uploads\/2022\/12\/Semi-Submarine-Trip-from-Safaga-e1671547593813.jpg?fit=1200%2C675&ssl=1",1200,675,true],"newspack-article-block-landscape-large":["https:\/\/i0.wp.com\/landioustravel.com\/wp-content\/uploads\/2022\/12\/Semi-Submarine-Trip-from-Safaga-e1671547593813.jpg?resize=1200%2C675&ssl=1",1200,675,true],"newspack-article-block-portrait-large":["https:\/\/i0.wp.com\/landioustravel.com\/wp-content\/uploads\/2022\/12\/Semi-Submarine-Trip-from-Safaga-e1671547593813.jpg?resize=900%2C675&ssl=1",900,675,true],"newspack-article-block-square-large":["https:\/\/i0.wp.com\/landioustravel.com\/wp-content\/uploads\/2022\/12\/Semi-Submarine-Trip-from-Safaga-e1671547593813.jpg?resize=1200%2C675&ssl=1",1200,675,true],"newspack-article-block-landscape-medium":["https:\/\/i0.wp.com\/landioustravel.com\/wp-content\/uploads\/2022\/12\/Semi-Submarine-Trip-from-Safaga-e1671547593813.jpg?resize=800%2C600&ssl=1",800,600,true],"newspack-article-block-portrait-medium":["https:\/\/i0.wp.com\/landioustravel.com\/wp-content\/uploads\/2022\/12\/Semi-Submarine-Trip-from-Safaga-e1671547593813.jpg?resize=600%2C675&ssl=1",600,675,true],"newspack-article-block-square-medium":["https:\/\/i0.wp.com\/landioustravel.com\/wp-content\/uploads\/2022\/12\/Semi-Submarine-Trip-from-Safaga-e1671547593813.jpg?resize=800%2C675&ssl=1",800,675,true],"newspack-article-block-landscape-intermediate":["https:\/\/i0.wp.com\/landioustravel.com\/wp-content\/uploads\/2022\/12\/Semi-Submarine-Trip-from-Safaga-e1671547593813.jpg?resize=600%2C450&ssl=1",600,450,true],"newspack-article-block-portrait-intermediate":["https:\/\/i0.wp.com\/landioustravel.com\/wp-content\/uploads\/2022\/12\/Semi-Submarine-Trip-from-Safaga-e1671547593813.jpg?resize=450%2C600&ssl=1",450,600,true],"newspack-article-block-square-intermediate":["https:\/\/i0.wp.com\/landioustravel.com\/wp-content\/uploads\/2022\/12\/Semi-Submarine-Trip-from-Safaga-e1671547593813.jpg?resize=600%2C600&ssl=1",600,600,true],"newspack-article-block-landscape-small":["https:\/\/i0.wp.com\/landioustravel.com\/wp-content\/uploads\/2022\/12\/Semi-Submarine-Trip-from-Safaga-e1671547593813.jpg?resize=400%2C300&ssl=1",400,300,true],"newspack-article-block-portrait-small":["https:\/\/i0.wp.com\/landioustravel.com\/wp-content\/uploads\/2022\/12\/Semi-Submarine-Trip-from-Safaga-e1671547593813.jpg?resize=300%2C400&ssl=1",300,400,true],"newspack-article-block-square-small":["https:\/\/i0.wp.com\/landioustravel.com\/wp-content\/uploads\/2022\/12\/Semi-Submarine-Trip-from-Safaga-e1671547593813.jpg?resize=400%2C400&ssl=1",400,400,true],"newspack-article-block-landscape-tiny":["https:\/\/i0.wp.com\/landioustravel.com\/wp-content\/uploads\/2022\/12\/Semi-Submarine-Trip-from-Safaga-e1671547593813.jpg?resize=200%2C150&ssl=1",200,150,true],"newspack-article-block-portrait-tiny":["https:\/\/i0.wp.com\/landioustravel.com\/wp-content\/uploads\/2022\/12\/Semi-Submarine-Trip-from-Safaga-e1671547593813.jpg?resize=150%2C200&ssl=1",150,200,true],"newspack-article-block-square-tiny":["https:\/\/i0.wp.com\/landioustravel.com\/wp-content\/uploads\/2022\/12\/Semi-Submarine-Trip-from-Safaga-e1671547593813.jpg?resize=200%2C200&ssl=1",200,200,true],"newspack-article-block-uncropped":["https:\/\/i0.wp.com\/landioustravel.com\/wp-content\/uploads\/2022\/12\/Semi-Submarine-Trip-from-Safaga-e1671547593813.jpg?fit=1200%2C675&ssl=1",1200,675,true],"woocommerce_thumbnail":["https:\/\/i0.wp.com\/landioustravel.com\/wp-content\/uploads\/2022\/12\/Semi-Submarine-Trip-from-Safaga-e1671547593813.jpg?resize=324%2C324&ssl=1",324,324,true],"woocommerce_single":["https:\/\/i0.wp.com\/landioustravel.com\/wp-content\/uploads\/2022\/12\/Semi-Submarine-Trip-from-Safaga-e1671547593813.jpg?fit=416%2C234&ssl=1",416,234,true],"woocommerce_gallery_thumbnail":["https:\/\/i0.wp.com\/landioustravel.com\/wp-content\/uploads\/2022\/12\/Semi-Submarine-Trip-from-Safaga-e1671547593813.jpg?resize=100%2C100&ssl=1",100,100,true]},"uagb_author_info":{"display_name":"Mofreh Landious","author_link":"https:\/\/landioustravel.com\/de\/author\/"},"uagb_comment_info":1,"uagb_excerpt":"Erleben Sie den Zauber des Roten Meeres wie nie zuvor bei einer Halb-U-Boot-Kreuzfahrt ab Soma Bay oder Safaga! Erfreuen Sie sich an einem atemberaubenden Seeabenteuer an Bord eines Halb-U-Boots mit zwei Decks in Safaga. Tauchen Sie ein in die faszinierende Unterwasserlandschaft des Roten Meeresbodens und bestaunen Sie die herrlichen Korallenriffe und farbenfrohen Fische. W\u00e4hrend Sie&hellip;","jetpack_sharing_enabled":true,"jetpack_likes_enabled":true,"amp_enabled":true,"_links":{"self":[{"href":"https:\/\/landioustravel.com\/de\/wp-json\/wp\/v2\/product\/135443","targetHints":{"allow":["GET"]}}],"collection":[{"href":"https:\/\/landioustravel.com\/de\/wp-json\/wp\/v2\/product"}],"about":[{"href":"https:\/\/landioustravel.com\/de\/wp-json\/wp\/v2\/types\/product"}],"replies":[{"embeddable":true,"href":"https:\/\/landioustravel.com\/de\/wp-json\/wp\/v2\/comments?post=135443"}],"wp:featuredmedia":[{"embeddable":true,"href":"https:\/\/landioustravel.com\/de\/wp-json\/wp\/v2\/media\/135127"}],"wp:attachment":[{"href":"https:\/\/landioustravel.com\/de\/wp-json\/wp\/v2\/media?parent=135443"}],"wp:term":[{"taxonomy":"product_brand","embeddable":true,"href":"https:\/\/landioustravel.com\/de\/wp-json\/wp\/v2\/product_brand?post=135443"},{"taxonomy":"product_cat","embeddable":true,"href":"https:\/\/landioustravel.com\/de\/wp-json\/wp\/v2\/product_cat?post=135443"},{"taxonomy":"product_tag","embeddable":true,"href":"https:\/\/landioustravel.com\/de\/wp-json\/wp\/v2\/product_tag?post=135443"}],"curies":[{"name":"wp","href":"https:\/\/api.w.org\/{rel}","templated":true}]}}