{"id":135455,"date":"2022-12-19T22:49:24","date_gmt":"2023-02-02T12:00:19","guid":{"rendered":"https:\/\/landioustravel.com\/?post_type=product&#038;p=135455"},"modified":"2023-06-19T04:47:46","modified_gmt":"2023-06-19T02:47:46","slug":"angelausflug-safaga","status":"publish","type":"product","link":"https:\/\/landioustravel.com\/de\/shop\/angelausflug-safaga\/","title":{"rendered":"Angelausflug Safaga"},"content":{"rendered":"<p><strong>Angelausflug Safaga<\/strong> ist ein aufregender Ausflug mit einem Fischerboot im Roten Meer in Hurghada, \u00c4gypten! Wir empfehlen den Ausflug, weil es Touristen erm\u00f6glicht, im Meer zu fischen. Sie sehen auch die wundersch\u00f6nen Korallenriffe und verschiedene Fische und genie\u00dfen ein Picknick durch das Rote Meer. In der Tat ist es einer der am meisten existierenden Safaga-Ausfl\u00fcge!<\/p>\n<h2>Highlights auf Angelausflug in Hurghada von Safaga<\/h2>\n<ul>\n<li>Angeln im offenen Meer.<\/li>\n<li>Schnorcheln mit Maske und Flossen.<\/li>\n<li>Auch Mittagessen an Bord des Bootes.<\/li>\n<\/ul>\n<h2>Programm des Fischfang-Abenteuers<\/h2>\n<ul>\n<li>Landious Travel holt Sie gegen 08:00 Uhr von Ihrem Hotel in Safaga ab.<\/li>\n<li>Nachdem alle Ank\u00f6mmlinge abgeholt wurden, f\u00e4hrt der Bus zum Hafen. Der Weg zum Pier dauert ca. 40 Minuten.<\/li>\n<li>Sie finden Ihr Boot im Hafen. Es ist ein gro\u00dfes und schickes Boot; und besteht aus zwei Etagen. Sobald Sie das Schiff betreten, sollten Sie Ihre Schuhe ausziehen und sich auf das Schleppangeln vorbereiten. Das Fangen eines Fisches durch Trolling findet statt, w\u00e4hrend das Boot auf dem Meer segelt. Aus diesem Grund statten wir unser Boot hinten mit zwei Schleppruten aus.<\/li>\n<li>Sobald sich die Gruppe versammelt hat, segelt das Boot \u00fcber das Rote Meer. Dann wird es irgendwo auf offener See vor Anker gehen, damit Sie direkt von seinem Brett aus angeln k\u00f6nnen. Bis dahin kann jeder fischen gehen.<\/li>\n<li>Als n\u00e4chstes halten Sie an einem anderen Ort, an dem Sie mit Masken und Flossen schwimmen.<\/li>\n<li>Nach dieser Haltestelle trifft sich die Gruppe im ersten Stock zum Mittagessen. W\u00e4hrend der Mittagszeit ist das Buffet ge\u00f6ffnet.<\/li>\n<li>Sp\u00e4ter versuchen Sie erneut, woanders Fische zu fangen.<\/li>\n<li>Schlie\u00dflich begleiten wir Sie nach einem aufregenden Angelerlebnis im Roten Meer zur\u00fcck zu Ihren Hotels.<\/li>\n<li>Dieser Angelausflug in Safaga endet gegen 16:30 Uhr.<\/li>\n<\/ul>\n<h2>Was beinhaltet der Preis des Safaga-Angelausflugs?<\/h2>\n<ul>\n<li>Angelausr\u00fcstung.<\/li>\n<li>Schnorchelausr\u00fcstung.<\/li>\n<li>Essen.<\/li>\n<li>Au\u00dferdem Transfer zum Hafen und zur\u00fcck zum Hotel.<\/li>\n<\/ul>\n<h2>Was beinhaltet das Programm der Angeltour Safaga nicht?<\/h2>\n<ul>\n<li>Eintrittsgeb\u00fchr (5 USD Dollar pro Person)<\/li>\n<li>Video-DVD.<\/li>\n<li>Auch die Foto-CD.<\/li>\n<\/ul>\n<h2>Was Sie f\u00fcr die Reise mitnehmen sollten<\/h2>\n<ul>\n<li>Handtuch.<\/li>\n<li>Au\u00dferdem Sonnencreme.<\/li>\n<\/ul>\n<h2>Angelausflug Safaga Buchungstage<\/h2>\n<ul>\n<li>Dienstags von 08:00 \u2013 17:00 Uhr.<\/li>\n<li>Freitags auch von 08:00 \u2013 17:00 Uhr.<\/li>\n<\/ul>\n<h2>Dienstleistungen, die w\u00e4hrend des Angelausflugs in Hurghada angeboten werden<\/h2>\n<p>Transport: Landious Travel nutzt klimatisierte Limousinen\/Kleinbusse als Transportmittel. Au\u00dferdem begleitet Sie ein professioneller Fahrer zum Hafen und zur\u00fcck zu Ihrem Hotel.<\/p>\n<p>F\u00fchrung: Ein professioneller englischer Reiseleiter holt Sie von Ihren Hotels ab und begleitet Sie zum Hafen.<\/p>\n<p>Bootsausstattung: Unsere Boote sind neu und haben drei Etagen. Diese Boote haben einen Speisesaal, einen Wasserk\u00fchler, eine K\u00fcche und zwei Toiletten. Au\u00dferdem statten wir sie mit Schwimmwesten, Schnorchelausr\u00fcstung und zwei Trolling-Rollen im ersten Stock aus. Auf dem Sonnendeck befinden sich bequeme Sonnenliegen und ein Zelt.<\/p>\n<p>Team und Personal: Sie werden eine freundliche und professionelle Crew auf dem Boot haben. Unsere Instruktoren und Trainer begleiten Sie w\u00e4hrend der Reise.<\/p>\n<p>Essen: Wir bieten ein k\u00f6stliches Mittagessen an Bord mit verschiedenen Gerichten an.<\/p>\n","protected":false},"excerpt":{"rendered":"<p>Begeben Sie sich von der bezaubernden K\u00fcstenstadt Safaga am Roten Meer aus auf eine malerische Kreuzfahrt und tauchen Sie ein in die weltber\u00fchmten Angel- und Schnorchelpl\u00e4tze. Dieser Ausflug ist eine Gelegenheit, Ihren Wunsch zu erf\u00fcllen, im Roten Meer Fisch zu fangen und ihn an Bord zu kochen. Es verspricht ein spannendes und k\u00f6stliches Erlebnis zu werden! W\u00e4hrend der Fahrt ankert das Boot im offenen Meer, sodass Sie viele Fische fangen k\u00f6nnen. Sie k\u00f6nnen Ihren Fang in der Bootsk\u00fcche zubereiten und zum Mittagessen genie\u00dfen. Bevor der Ausflug endet, k\u00f6nnen Sie mit Maske und Flossen im offenen Meer schwimmen. Im Reisepreis sind Transfers, Angelausr\u00fcstung und Mittagessen enthalten. Beim Schnorcheln werden Sie auf lebendige Koralleng\u00e4rten und Fischschw\u00e4rme sto\u00dfen. Das Rote Meer beherbergt eine vielf\u00e4ltige Vielfalt an Meereslebewesen und ist daher ein ideales Ziel f\u00fcr Unterwasserfotografie. Die Riffe ragen in bestimmten Bereichen aus dem Meer heraus und bilden H\u00f6hlen, Hochebenen und Lagunen. Entdecken Sie auf dieser Tour die farbenfrohe Unterwasserwelt des Roten Meeres!<\/p>\n","protected":false},"featured_media":134080,"comment_status":"open","ping_status":"closed","template":"","meta":{"_coblocks_attr":"","_coblocks_dimensions":"","_coblocks_responsive_height":"","_coblocks_accordion_ie_support":"","_uag_custom_page_level_css":"","jetpack_post_was_ever_published":false,"jetpack_publicize_message":"","jetpack_publicize_feature_enabled":true,"jetpack_social_post_already_shared":true,"jetpack_social_options":{"image_generator_settings":{"template":"highway","default_image_id":0,"font":"","enabled":false},"version":2},"_wpas_customize_per_network":false},"product_brand":[],"product_cat":[23604,16902,19549],"product_tag":[2168,1653,1844,1777,1778],"class_list":{"0":"post-135455","1":"product","2":"type-product","3":"status-publish","4":"has-post-thumbnail","6":"product_cat-budgetfreundliche-ausfluege-safaga","7":"product_cat-ausfluege-safaga","8":"product_cat-seeausfluege-safaga","9":"product_tag-das-fischen","10":"product_tag-ausflug","11":"product_tag-bootsausfluge","12":"product_tag-meer","13":"product_tag-schnorcheln","14":"pa_age-erwachsene","15":"pa_age-kind-1-4-jahre","16":"pa_age-kind-5-11-jahre","18":"first","19":"instock","20":"sale","21":"taxable","22":"shipping-taxable","23":"purchasable","24":"product-type-variable"},"yoast_head":"<!-- This site is optimized with the Yoast SEO Premium plugin v26.9 (Yoast SEO v27.3) - https:\/\/yoast.com\/product\/yoast-seo-premium-wordpress\/ -->\n<title>Angelausflug Safaga<\/title>\n<meta name=\"description\" content=\"Angelausflug Safaga ist ein aufregender Ausflug mit einem Fischerboot im Roten Meer in Hurghada, \u00c4gypten! Wir empfehlen den Ausflug, weil es Touristen\" \/>\n<meta name=\"robots\" content=\"index, follow, max-snippet:-1, max-image-preview:large, max-video-preview:-1\" \/>\n<link rel=\"canonical\" href=\"https:\/\/landioustravel.com\/de\/shop\/angelausflug-safaga\/\" \/>\n<meta property=\"og:locale\" content=\"de_DE\" \/>\n<meta property=\"og:type\" content=\"article\" \/>\n<meta property=\"og:title\" content=\"Angelausflug Safaga\" \/>\n<meta property=\"og:description\" content=\"Landious Travel\" \/>\n<meta property=\"og:url\" content=\"https:\/\/landioustravel.com\/de\/shop\/angelausflug-safaga\/\" \/>\n<meta property=\"og:site_name\" content=\"Landious Travel\" \/>\n<meta property=\"article:publisher\" content=\"https:\/\/web.facebook.com\/landiousEgypt\" \/>\n<meta property=\"article:modified_time\" content=\"2023-06-19T02:47:46+00:00\" \/>\n<meta property=\"og:image\" content=\"https:\/\/i0.wp.com\/landioustravel.com\/wp-content\/uploads\/2022\/12\/Fishing-Trip-Safaga-e1671482848449.jpg?fit=1200%2C675&ssl=1\" \/>\n\t<meta property=\"og:image:width\" content=\"1200\" \/>\n\t<meta property=\"og:image:height\" content=\"675\" \/>\n\t<meta property=\"og:image:type\" content=\"image\/jpeg\" \/>\n<meta name=\"twitter:card\" content=\"summary_large_image\" \/>\n<meta name=\"twitter:site\" content=\"@LandiousTours\" \/>\n<meta name=\"twitter:label1\" content=\"Gesch\u00e4tzte Lesezeit\" \/>\n\t<meta name=\"twitter:data1\" content=\"3\u00a0Minuten\" \/>\n<script type=\"application\/ld+json\" class=\"yoast-schema-graph\">{\"@context\":\"https:\\\/\\\/schema.org\",\"@graph\":[{\"@type\":\"WebPage\",\"@id\":\"https:\\\/\\\/landioustravel.com\\\/de\\\/shop\\\/angelausflug-safaga\\\/\",\"url\":\"https:\\\/\\\/landioustravel.com\\\/de\\\/shop\\\/angelausflug-safaga\\\/\",\"name\":\"Angelausflug Safaga\",\"isPartOf\":{\"@id\":\"https:\\\/\\\/landioustravel.com\\\/de\\\/#website\"},\"primaryImageOfPage\":{\"@id\":\"https:\\\/\\\/landioustravel.com\\\/de\\\/shop\\\/angelausflug-safaga\\\/#primaryimage\"},\"image\":{\"@id\":\"https:\\\/\\\/landioustravel.com\\\/de\\\/shop\\\/angelausflug-safaga\\\/#primaryimage\"},\"thumbnailUrl\":\"https:\\\/\\\/i0.wp.com\\\/landioustravel.com\\\/wp-content\\\/uploads\\\/2022\\\/12\\\/Fishing-Trip-Safaga-e1671482848449.jpg?fit=1200%2C675&ssl=1\",\"datePublished\":\"2023-02-02T12:00:19+00:00\",\"dateModified\":\"2023-06-19T02:47:46+00:00\",\"description\":\"Angelausflug Safaga ist ein aufregender Ausflug mit einem Fischerboot im Roten Meer in Hurghada, \u00c4gypten! Wir empfehlen den Ausflug, weil es Touristen\",\"breadcrumb\":{\"@id\":\"https:\\\/\\\/landioustravel.com\\\/de\\\/shop\\\/angelausflug-safaga\\\/#breadcrumb\"},\"inLanguage\":\"de\",\"potentialAction\":[{\"@type\":\"ReadAction\",\"target\":[\"https:\\\/\\\/landioustravel.com\\\/de\\\/shop\\\/angelausflug-safaga\\\/\"]}]},{\"@type\":\"ImageObject\",\"inLanguage\":\"de\",\"@id\":\"https:\\\/\\\/landioustravel.com\\\/de\\\/shop\\\/angelausflug-safaga\\\/#primaryimage\",\"url\":\"https:\\\/\\\/i0.wp.com\\\/landioustravel.com\\\/wp-content\\\/uploads\\\/2022\\\/12\\\/Fishing-Trip-Safaga-e1671482848449.jpg?fit=1200%2C675&ssl=1\",\"contentUrl\":\"https:\\\/\\\/i0.wp.com\\\/landioustravel.com\\\/wp-content\\\/uploads\\\/2022\\\/12\\\/Fishing-Trip-Safaga-e1671482848449.jpg?fit=1200%2C675&ssl=1\",\"width\":1200,\"height\":675,\"caption\":\"Fishing Trip Safaga\"},{\"@type\":\"BreadcrumbList\",\"@id\":\"https:\\\/\\\/landioustravel.com\\\/de\\\/shop\\\/angelausflug-safaga\\\/#breadcrumb\",\"itemListElement\":[{\"@type\":\"ListItem\",\"position\":1,\"name\":\"Home\",\"item\":\"https:\\\/\\\/landioustravel.com\\\/de\\\/\"},{\"@type\":\"ListItem\",\"position\":2,\"name\":\"\u00c4gypten Touren\",\"item\":\"https:\\\/\\\/landioustravel.com\\\/de\\\/\"},{\"@type\":\"ListItem\",\"position\":3,\"name\":\"Angelausflug Safaga\"}]},{\"@type\":\"WebSite\",\"@id\":\"https:\\\/\\\/landioustravel.com\\\/de\\\/#website\",\"url\":\"https:\\\/\\\/landioustravel.com\\\/de\\\/\",\"name\":\"Landious Travel\",\"description\":\"Excursions, trips and cruises in Egypt\",\"publisher\":{\"@id\":\"https:\\\/\\\/landioustravel.com\\\/de\\\/#organization\"},\"potentialAction\":[{\"@type\":\"SearchAction\",\"target\":{\"@type\":\"EntryPoint\",\"urlTemplate\":\"https:\\\/\\\/landioustravel.com\\\/de\\\/?s={search_term_string}\"},\"query-input\":{\"@type\":\"PropertyValueSpecification\",\"valueRequired\":true,\"valueName\":\"search_term_string\"}}],\"inLanguage\":\"de\"},{\"@type\":[\"Organization\",\"Place\"],\"@id\":\"https:\\\/\\\/landioustravel.com\\\/de\\\/#organization\",\"name\":\"Landious Travel\",\"alternateName\":\"Landious Travel\",\"url\":\"https:\\\/\\\/landioustravel.com\\\/de\\\/\",\"logo\":{\"@id\":\"https:\\\/\\\/landioustravel.com\\\/de\\\/shop\\\/angelausflug-safaga\\\/#local-main-organization-logo\"},\"image\":{\"@id\":\"https:\\\/\\\/landioustravel.com\\\/de\\\/shop\\\/angelausflug-safaga\\\/#local-main-organization-logo\"},\"sameAs\":[\"https:\\\/\\\/web.facebook.com\\\/landiousEgypt\",\"https:\\\/\\\/x.com\\\/LandiousTours\",\"https:\\\/\\\/mastodon.social\\\/@landious\"],\"legalName\":\"Landious Travel\",\"telephone\":[],\"openingHoursSpecification\":[{\"@type\":\"OpeningHoursSpecification\",\"dayOfWeek\":[\"Monday\",\"Tuesday\",\"Wednesday\",\"Thursday\",\"Friday\",\"Saturday\",\"Sunday\"],\"opens\":\"09:00\",\"closes\":\"17:00\"}]},{\"@type\":\"ImageObject\",\"inLanguage\":\"de\",\"@id\":\"https:\\\/\\\/landioustravel.com\\\/de\\\/shop\\\/angelausflug-safaga\\\/#local-main-organization-logo\",\"url\":\"https:\\\/\\\/i0.wp.com\\\/landioustravel.com\\\/wp-content\\\/uploads\\\/2021\\\/06\\\/Landious-T.png?fit=500%2C500&ssl=1\",\"contentUrl\":\"https:\\\/\\\/i0.wp.com\\\/landioustravel.com\\\/wp-content\\\/uploads\\\/2021\\\/06\\\/Landious-T.png?fit=500%2C500&ssl=1\",\"width\":500,\"height\":500,\"caption\":\"Landious Travel\"}]}<\/script>\n<!-- \/ Yoast SEO Premium plugin. -->","yoast_head_json":{"title":"Angelausflug Safaga","description":"Angelausflug Safaga ist ein aufregender Ausflug mit einem Fischerboot im Roten Meer in Hurghada, \u00c4gypten! Wir empfehlen den Ausflug, weil es Touristen","robots":{"index":"index","follow":"follow","max-snippet":"max-snippet:-1","max-image-preview":"max-image-preview:large","max-video-preview":"max-video-preview:-1"},"canonical":"https:\/\/landioustravel.com\/de\/shop\/angelausflug-safaga\/","og_locale":"de_DE","og_type":"article","og_title":"Angelausflug Safaga","og_description":"Landious Travel","og_url":"https:\/\/landioustravel.com\/de\/shop\/angelausflug-safaga\/","og_site_name":"Landious Travel","article_publisher":"https:\/\/web.facebook.com\/landiousEgypt","article_modified_time":"2023-06-19T02:47:46+00:00","og_image":[{"width":1200,"height":675,"url":"https:\/\/i0.wp.com\/landioustravel.com\/wp-content\/uploads\/2022\/12\/Fishing-Trip-Safaga-e1671482848449.jpg?fit=1200%2C675&ssl=1","type":"image\/jpeg"}],"twitter_card":"summary_large_image","twitter_site":"@LandiousTours","twitter_misc":{"Gesch\u00e4tzte Lesezeit":"3\u00a0Minuten"},"schema":{"@context":"https:\/\/schema.org","@graph":[{"@type":"WebPage","@id":"https:\/\/landioustravel.com\/de\/shop\/angelausflug-safaga\/","url":"https:\/\/landioustravel.com\/de\/shop\/angelausflug-safaga\/","name":"Angelausflug Safaga","isPartOf":{"@id":"https:\/\/landioustravel.com\/de\/#website"},"primaryImageOfPage":{"@id":"https:\/\/landioustravel.com\/de\/shop\/angelausflug-safaga\/#primaryimage"},"image":{"@id":"https:\/\/landioustravel.com\/de\/shop\/angelausflug-safaga\/#primaryimage"},"thumbnailUrl":"https:\/\/i0.wp.com\/landioustravel.com\/wp-content\/uploads\/2022\/12\/Fishing-Trip-Safaga-e1671482848449.jpg?fit=1200%2C675&ssl=1","datePublished":"2023-02-02T12:00:19+00:00","dateModified":"2023-06-19T02:47:46+00:00","description":"Angelausflug Safaga ist ein aufregender Ausflug mit einem Fischerboot im Roten Meer in Hurghada, \u00c4gypten! Wir empfehlen den Ausflug, weil es Touristen","breadcrumb":{"@id":"https:\/\/landioustravel.com\/de\/shop\/angelausflug-safaga\/#breadcrumb"},"inLanguage":"de","potentialAction":[{"@type":"ReadAction","target":["https:\/\/landioustravel.com\/de\/shop\/angelausflug-safaga\/"]}]},{"@type":"ImageObject","inLanguage":"de","@id":"https:\/\/landioustravel.com\/de\/shop\/angelausflug-safaga\/#primaryimage","url":"https:\/\/i0.wp.com\/landioustravel.com\/wp-content\/uploads\/2022\/12\/Fishing-Trip-Safaga-e1671482848449.jpg?fit=1200%2C675&ssl=1","contentUrl":"https:\/\/i0.wp.com\/landioustravel.com\/wp-content\/uploads\/2022\/12\/Fishing-Trip-Safaga-e1671482848449.jpg?fit=1200%2C675&ssl=1","width":1200,"height":675,"caption":"Fishing Trip Safaga"},{"@type":"BreadcrumbList","@id":"https:\/\/landioustravel.com\/de\/shop\/angelausflug-safaga\/#breadcrumb","itemListElement":[{"@type":"ListItem","position":1,"name":"Home","item":"https:\/\/landioustravel.com\/de\/"},{"@type":"ListItem","position":2,"name":"\u00c4gypten Touren","item":"https:\/\/landioustravel.com\/de\/"},{"@type":"ListItem","position":3,"name":"Angelausflug Safaga"}]},{"@type":"WebSite","@id":"https:\/\/landioustravel.com\/de\/#website","url":"https:\/\/landioustravel.com\/de\/","name":"Landious Travel","description":"Excursions, trips and cruises in Egypt","publisher":{"@id":"https:\/\/landioustravel.com\/de\/#organization"},"potentialAction":[{"@type":"SearchAction","target":{"@type":"EntryPoint","urlTemplate":"https:\/\/landioustravel.com\/de\/?s={search_term_string}"},"query-input":{"@type":"PropertyValueSpecification","valueRequired":true,"valueName":"search_term_string"}}],"inLanguage":"de"},{"@type":["Organization","Place"],"@id":"https:\/\/landioustravel.com\/de\/#organization","name":"Landious Travel","alternateName":"Landious Travel","url":"https:\/\/landioustravel.com\/de\/","logo":{"@id":"https:\/\/landioustravel.com\/de\/shop\/angelausflug-safaga\/#local-main-organization-logo"},"image":{"@id":"https:\/\/landioustravel.com\/de\/shop\/angelausflug-safaga\/#local-main-organization-logo"},"sameAs":["https:\/\/web.facebook.com\/landiousEgypt","https:\/\/x.com\/LandiousTours","https:\/\/mastodon.social\/@landious"],"legalName":"Landious Travel","telephone":[],"openingHoursSpecification":[{"@type":"OpeningHoursSpecification","dayOfWeek":["Monday","Tuesday","Wednesday","Thursday","Friday","Saturday","Sunday"],"opens":"09:00","closes":"17:00"}]},{"@type":"ImageObject","inLanguage":"de","@id":"https:\/\/landioustravel.com\/de\/shop\/angelausflug-safaga\/#local-main-organization-logo","url":"https:\/\/i0.wp.com\/landioustravel.com\/wp-content\/uploads\/2021\/06\/Landious-T.png?fit=500%2C500&ssl=1","contentUrl":"https:\/\/i0.wp.com\/landioustravel.com\/wp-content\/uploads\/2021\/06\/Landious-T.png?fit=500%2C500&ssl=1","width":500,"height":500,"caption":"Landious Travel"}]}},"jetpack_publicize_connections":[],"uagb_featured_image_src":{"full":["https:\/\/i0.wp.com\/landioustravel.com\/wp-content\/uploads\/2022\/12\/Fishing-Trip-Safaga-e1671482848449.jpg?fit=1200%2C675&ssl=1",1200,675,false],"thumbnail":["https:\/\/i0.wp.com\/landioustravel.com\/wp-content\/uploads\/2022\/12\/Fishing-Trip-Safaga-e1671482848449.jpg?resize=150%2C150&ssl=1",150,150,true],"medium":["https:\/\/i0.wp.com\/landioustravel.com\/wp-content\/uploads\/2022\/12\/Fishing-Trip-Safaga-e1671482848449.jpg?fit=300%2C169&ssl=1",300,169,true],"medium_large":["https:\/\/i0.wp.com\/landioustravel.com\/wp-content\/uploads\/2022\/12\/Fishing-Trip-Safaga-e1671482848449.jpg?fit=768%2C432&ssl=1",768,432,true],"large":["https:\/\/i0.wp.com\/landioustravel.com\/wp-content\/uploads\/2022\/12\/Fishing-Trip-Safaga-e1671482848449.jpg?fit=980%2C551&ssl=1",980,551,true],"1536x1536":["https:\/\/i0.wp.com\/landioustravel.com\/wp-content\/uploads\/2022\/12\/Fishing-Trip-Safaga-e1671482848449.jpg?fit=1200%2C675&ssl=1",1200,675,true],"2048x2048":["https:\/\/i0.wp.com\/landioustravel.com\/wp-content\/uploads\/2022\/12\/Fishing-Trip-Safaga-e1671482848449.jpg?fit=1200%2C675&ssl=1",1200,675,true],"newspack-article-block-landscape-large":["https:\/\/i0.wp.com\/landioustravel.com\/wp-content\/uploads\/2022\/12\/Fishing-Trip-Safaga-e1671482848449.jpg?resize=1200%2C675&ssl=1",1200,675,true],"newspack-article-block-portrait-large":["https:\/\/i0.wp.com\/landioustravel.com\/wp-content\/uploads\/2022\/12\/Fishing-Trip-Safaga-e1671482848449.jpg?resize=900%2C675&ssl=1",900,675,true],"newspack-article-block-square-large":["https:\/\/i0.wp.com\/landioustravel.com\/wp-content\/uploads\/2022\/12\/Fishing-Trip-Safaga-e1671482848449.jpg?resize=1200%2C675&ssl=1",1200,675,true],"newspack-article-block-landscape-medium":["https:\/\/i0.wp.com\/landioustravel.com\/wp-content\/uploads\/2022\/12\/Fishing-Trip-Safaga-e1671482848449.jpg?resize=800%2C600&ssl=1",800,600,true],"newspack-article-block-portrait-medium":["https:\/\/i0.wp.com\/landioustravel.com\/wp-content\/uploads\/2022\/12\/Fishing-Trip-Safaga-e1671482848449.jpg?resize=600%2C675&ssl=1",600,675,true],"newspack-article-block-square-medium":["https:\/\/i0.wp.com\/landioustravel.com\/wp-content\/uploads\/2022\/12\/Fishing-Trip-Safaga-e1671482848449.jpg?resize=800%2C675&ssl=1",800,675,true],"newspack-article-block-landscape-intermediate":["https:\/\/i0.wp.com\/landioustravel.com\/wp-content\/uploads\/2022\/12\/Fishing-Trip-Safaga-e1671482848449.jpg?resize=600%2C450&ssl=1",600,450,true],"newspack-article-block-portrait-intermediate":["https:\/\/i0.wp.com\/landioustravel.com\/wp-content\/uploads\/2022\/12\/Fishing-Trip-Safaga-e1671482848449.jpg?resize=450%2C600&ssl=1",450,600,true],"newspack-article-block-square-intermediate":["https:\/\/i0.wp.com\/landioustravel.com\/wp-content\/uploads\/2022\/12\/Fishing-Trip-Safaga-e1671482848449.jpg?resize=600%2C600&ssl=1",600,600,true],"newspack-article-block-landscape-small":["https:\/\/i0.wp.com\/landioustravel.com\/wp-content\/uploads\/2022\/12\/Fishing-Trip-Safaga-e1671482848449.jpg?resize=400%2C300&ssl=1",400,300,true],"newspack-article-block-portrait-small":["https:\/\/i0.wp.com\/landioustravel.com\/wp-content\/uploads\/2022\/12\/Fishing-Trip-Safaga-e1671482848449.jpg?resize=300%2C400&ssl=1",300,400,true],"newspack-article-block-square-small":["https:\/\/i0.wp.com\/landioustravel.com\/wp-content\/uploads\/2022\/12\/Fishing-Trip-Safaga-e1671482848449.jpg?resize=400%2C400&ssl=1",400,400,true],"newspack-article-block-landscape-tiny":["https:\/\/i0.wp.com\/landioustravel.com\/wp-content\/uploads\/2022\/12\/Fishing-Trip-Safaga-e1671482848449.jpg?resize=200%2C150&ssl=1",200,150,true],"newspack-article-block-portrait-tiny":["https:\/\/i0.wp.com\/landioustravel.com\/wp-content\/uploads\/2022\/12\/Fishing-Trip-Safaga-e1671482848449.jpg?resize=150%2C200&ssl=1",150,200,true],"newspack-article-block-square-tiny":["https:\/\/i0.wp.com\/landioustravel.com\/wp-content\/uploads\/2022\/12\/Fishing-Trip-Safaga-e1671482848449.jpg?resize=200%2C200&ssl=1",200,200,true],"newspack-article-block-uncropped":["https:\/\/i0.wp.com\/landioustravel.com\/wp-content\/uploads\/2022\/12\/Fishing-Trip-Safaga-e1671482848449.jpg?fit=1200%2C675&ssl=1",1200,675,true],"woocommerce_thumbnail":["https:\/\/i0.wp.com\/landioustravel.com\/wp-content\/uploads\/2022\/12\/Fishing-Trip-Safaga-e1671482848449.jpg?resize=324%2C324&ssl=1",324,324,true],"woocommerce_single":["https:\/\/i0.wp.com\/landioustravel.com\/wp-content\/uploads\/2022\/12\/Fishing-Trip-Safaga-e1671482848449.jpg?fit=416%2C234&ssl=1",416,234,true],"woocommerce_gallery_thumbnail":["https:\/\/i0.wp.com\/landioustravel.com\/wp-content\/uploads\/2022\/12\/Fishing-Trip-Safaga-e1671482848449.jpg?resize=100%2C100&ssl=1",100,100,true]},"uagb_author_info":{"display_name":"Mofreh Landious","author_link":"https:\/\/landioustravel.com\/de\/author\/"},"uagb_comment_info":0,"uagb_excerpt":"Begeben Sie sich von der bezaubernden K\u00fcstenstadt Safaga am Roten Meer aus auf eine malerische Kreuzfahrt und tauchen Sie ein in die weltber\u00fchmten Angel- und Schnorchelpl\u00e4tze. Dieser Ausflug ist eine Gelegenheit, Ihren Wunsch zu erf\u00fcllen, im Roten Meer Fisch zu fangen und ihn an Bord zu kochen. Es verspricht ein spannendes und k\u00f6stliches Erlebnis zu&hellip;","jetpack_sharing_enabled":true,"jetpack_likes_enabled":true,"amp_enabled":true,"_links":{"self":[{"href":"https:\/\/landioustravel.com\/de\/wp-json\/wp\/v2\/product\/135455","targetHints":{"allow":["GET"]}}],"collection":[{"href":"https:\/\/landioustravel.com\/de\/wp-json\/wp\/v2\/product"}],"about":[{"href":"https:\/\/landioustravel.com\/de\/wp-json\/wp\/v2\/types\/product"}],"replies":[{"embeddable":true,"href":"https:\/\/landioustravel.com\/de\/wp-json\/wp\/v2\/comments?post=135455"}],"wp:featuredmedia":[{"embeddable":true,"href":"https:\/\/landioustravel.com\/de\/wp-json\/wp\/v2\/media\/134080"}],"wp:attachment":[{"href":"https:\/\/landioustravel.com\/de\/wp-json\/wp\/v2\/media?parent=135455"}],"wp:term":[{"taxonomy":"product_brand","embeddable":true,"href":"https:\/\/landioustravel.com\/de\/wp-json\/wp\/v2\/product_brand?post=135455"},{"taxonomy":"product_cat","embeddable":true,"href":"https:\/\/landioustravel.com\/de\/wp-json\/wp\/v2\/product_cat?post=135455"},{"taxonomy":"product_tag","embeddable":true,"href":"https:\/\/landioustravel.com\/de\/wp-json\/wp\/v2\/product_tag?post=135455"}],"curies":[{"name":"wp","href":"https:\/\/api.w.org\/{rel}","templated":true}]}}