{"id":135462,"date":"2022-12-19T21:11:02","date_gmt":"2023-02-02T12:28:21","guid":{"rendered":"https:\/\/landioustravel.com\/?post_type=product&#038;p=135462"},"modified":"2023-06-19T04:54:23","modified_gmt":"2023-06-19T02:54:23","slug":"delfinhaus-ausflug-safaga","status":"publish","type":"product","link":"https:\/\/landioustravel.com\/de\/shop\/delfinhaus-ausflug-safaga\/","title":{"rendered":"Delfinhaus Ausflug Safaga"},"content":{"rendered":"<p><strong>Delfinhaus Ausflug Safaga<\/strong> ist eine beliebte Seereise, um Delfine in ihrem Lebensraum im Dolphin House in Hurghada, \u00c4gypten, zu beobachten! Wir empfehlen den Ausflug, weil es den Touristen erm\u00f6glicht, eine gute Zeit im Meer zu verbringen und mit Delfinen zu schwimmen. Au\u00dferdem k\u00f6nnen Sie die wundersch\u00f6nen Korallenriffe und verschiedene Fische sehen. W\u00e4hrend dieser Bootsfahrt haben Sie die einmalige Gelegenheit, mit den sch\u00f6nen S\u00e4ugetieren \u2013 Delfinen \u2013 zu schnorcheln und zu schwimmen. Au\u00dferdem genie\u00dfen Sie ein Meerespicknick \u00fcber dem Roten Meer.<\/p>\n<h2>H\u00f6hepunkte des Delfinhaus Tour von Safaga<\/h2>\n<ul>\n<li>Schwimmen mit Delfinen im offenen Meer.<\/li>\n<li>Schnorcheln im offenen Meer.<\/li>\n<li>Mittagessen an Bord des Bootes.<\/li>\n<li>Auch Bananen- und Sofafahrten.<\/li>\n<\/ul>\n<h2>Programm der Delfinbucht Reise<\/h2>\n<ul>\n<li>Zun\u00e4chst holt Sie der Vertreter von Landious Travel gegen 08:00 Uhr von Ihrem Hotel in Safaga ab.<\/li>\n<li>Zweitens f\u00e4hrt der Bus direkt zum Hafen, nachdem er alle Ank\u00f6mmlinge abgeholt hat. Der Weg zu diesem Hafen dauert ungef\u00e4hr 40 Minuten.<\/li>\n<li>In diesem Hafen finden Sie Ihr Boot. Es ist gro\u00df und schick! Dieses Boot hat zwei Etagen. Sobald Sie das Schiff betreten, m\u00fcssen Sie die Schuhe ausziehen. Dann k\u00f6nnen Sie sich im zweiten Stock zum Br\u00e4unen im oberen Sonnendeck erheben.<\/li>\n<\/ul>\n<h3>Picknick am Meer &amp; Sonnenbaden<\/h3>\n<ul>\n<li>Das Boot wird \u00fcber das Rote Meer segeln, sobald sich die Gruppe versammelt hat. Es wird zur Delfinbucht in Richtung El Gouna fahren. Sie werden ein einzigartiges Picknick am Meer genie\u00dfen, w\u00e4hrend Sie die Naturlandschaften der Region des Roten Meeres beobachten und auf das blaue Wasser und den klaren Himmel blicken. Nat\u00fcrlich haben Sie die M\u00f6glichkeit, ein Sonnenbad unter den warmen Sonnenstrahlen zu genie\u00dfen.<\/li>\n<\/ul>\n<h3>Schnorcheln und Delfinschwimm Stopp<\/h3>\n<ul>\n<li>Diese sch\u00f6ne Reise nach Dolphin Bay beginnt mit einem einzigartigen Erlebnis! Ihr erster Halt wird auf offener See sein. Dort k\u00f6nnen Sie auch schnorcheln und mit Delfinen schwimmen.<\/li>\n<li>Dann machen Sie an einem anderen Ort Halt, um mit Masken und Flossen zu schnorcheln.<\/li>\n<li>Nach diesem Halt trifft sich die Gruppe im Erdgeschoss zum Mittagessen. W\u00e4hrend des Mittagessens ist das Buffet ge\u00f6ffnet.<\/li>\n<li>Schlie\u00dflich vergn\u00fcgen Sie sich, indem Sie Bananen und Sofa-Wasserspielzeug reiten.<\/li>\n<\/ul>\n<h3>Zur\u00fcck zuhause<\/h3>\n<ul>\n<li>Schlie\u00dflich, nach einem so fantastischen Schnorchelausflug und Schwimmen mit Delfinen, f\u00e4hrt Ihr Boot zur\u00fcck zum Hafen. Noch einmal werden wir Sie zu Ihrem Hotel begleiten.<\/li>\n<li>Dieser Ausflug zum Delfinhaus von Safaga endet gegen 16:30 Uhr.<\/li>\n<\/ul>\n<h2>Was beinhaltet der Preis f\u00fcr den Delfinhaus-Ausflug Safaga?<\/h2>\n<ul>\n<li>Schnorchelausr\u00fcstung.<\/li>\n<li>Speisen &amp; Getr\u00e4nke.<\/li>\n<li>Au\u00dferdem Transfer zum Hafen und zur\u00fcck zum Hotel.<\/li>\n<\/ul>\n<h2>Was beinhaltet der Preis f\u00fcr den Delfinhaus-Tour Safaga?<\/h2>\n<ul>\n<li>Eintrittsgeb\u00fchr (5 USD Dollar pro Person)<\/li>\n<li>Video-DVD.<\/li>\n<li>Auch die Foto-CD.<\/li>\n<\/ul>\n<h2>Was nehmen Sie f\u00fcr die Reise mit?<\/h2>\n<ul>\n<li>Handtuch.<\/li>\n<li>Au\u00dferdem Sonnencreme.<\/li>\n<\/ul>\n<h2>Buchungstage des Delfinhaus Ausflugs Safaga<\/h2>\n<ul>\n<li>T\u00e4glich von 08:00 \u2013 17:00 Uhr.<\/li>\n<\/ul>\n<h2>Informationen \u00fcber das Delfinhaus<\/h2>\n<h3>Delfinhaus in Hurghada<\/h3>\n<p>Dolphin House ist ein Meeresgebiet an der K\u00fcste des Roten Meeres zwischen Hurghada und El Gouna. In diesem Meeresgebiet lebt eine gro\u00dfe Anzahl von Delfinen. Es ist der sch\u00f6nste Ort in Hurghada, wo Sie das Meeresleben genie\u00dfen k\u00f6nnen. Touristen k\u00f6nnen insbesondere das Schwimmen mit Delfinen in ihrer nat\u00fcrlichen Umgebung \u2013 der Dolphin Bay \u2013 genie\u00dfen. Dieses Erlebnis ist eines der besten Meereserlebnisse, die Sie in Hurghada machen k\u00f6nnen!<\/p>\n<h2>Dienstleistungen, die w\u00e4hrend des Delfinhaus-Ausflugs Safaga pr\u00e4sentiert werden<\/h2>\n<p>Transport: Landious Travel bedient Sie mit einer klimatisierten Limousine\/einem Minibus. Ein professioneller Fahrer begleitet Sie zum Hafen und zu Ihrem Hotel.<\/p>\n<p>F\u00fchrung: Ein professioneller englischer Reiseleiter holt Sie von Ihren Hotels ab und begleitet Sie zum Hafen.<\/p>\n<p>Bootsausstattung: Unsere Boote sind neu und haben drei Etagen. Wir statten diese Boote mit einem Speisesaal, einem Wasserk\u00fchler, einer K\u00fcche und zwei Toiletten aus. Au\u00dferdem stellen wir Schwimmwesten, Schnorchelausr\u00fcstung und zwei Trolling-Rollen im ersten Stock zur Verf\u00fcgung. Auf dem Sonnendeck befinden sich bequeme Sonnenliegen und ein Zelt.<\/p>\n<p>Team und Personal: Sie werden eine freundliche und professionelle Crew auf dem Boot haben. Unsere Instruktoren und Trainer begleiten Sie w\u00e4hrend der Reise.<\/p>\n<p>Essen: Wir servieren ein k\u00f6stliches Mittagessen an Bord mit verschiedenen Gerichten.<\/p>\n","protected":false},"excerpt":{"rendered":"<p>Erleben Sie einen unvergesslichen Tag auf dem Wasser mit einem Besuch im Dolphin House, einem ber\u00fchmten Ort im Roten Meer, wo Sie wilde Delfine in ihrem nat\u00fcrlichen Lebensraum bestaunen k\u00f6nnen. Sie haben die M\u00f6glichkeit, mit diesen gro\u00dfartigen Kreaturen zu schwimmen und dabei die atemberaubende Aussicht auf die Korallenriffe und Fische zu genie\u00dfen. Das Abenteuer h\u00f6rt hier nicht auf! Sie k\u00f6nnen auch mit dem Bananenboot fahren und mit Wasserspielzeugen auf Wassertabletten spielen. An Bord werden ein k\u00f6stliches Mittagsbuffet und erfrischende Getr\u00e4nke serviert und die freundliche Bootsbesatzung sorgt daf\u00fcr, dass Sie eine sichere und angenehme Reise haben. Machen Sie sich keine Sorgen um den Transport, da der Transfer von und zu Ihrem Hotel im Reisepreis enthalten ist. Erleben Sie mit uns einen fantastischen Tag auf dem Wasser!<\/p>\n","protected":false},"featured_media":133250,"comment_status":"open","ping_status":"closed","template":"","meta":{"_coblocks_attr":"","_coblocks_dimensions":"","_coblocks_responsive_height":"","_coblocks_accordion_ie_support":"","_uag_custom_page_level_css":"","jetpack_publicize_message":"","jetpack_publicize_feature_enabled":true,"jetpack_social_post_already_shared":true,"jetpack_social_options":{"image_generator_settings":{"template":"highway","default_image_id":0,"font":"","enabled":false},"version":2},"_wpas_customize_per_network":false},"product_brand":[],"product_cat":[23604,16902,19549],"product_tag":[1653,1844,1930,1777,1778],"class_list":{"0":"post-135462","1":"product","2":"type-product","3":"status-publish","4":"has-post-thumbnail","6":"product_cat-budgetfreundliche-ausfluege-safaga","7":"product_cat-ausfluege-safaga","8":"product_cat-seeausfluege-safaga","9":"product_tag-ausflug","10":"product_tag-bootsausfluge","11":"product_tag-delfinhaus","12":"product_tag-meer","13":"product_tag-schnorcheln","14":"pa_age-erwachsene","15":"pa_age-kind-1-4-jahre","16":"pa_age-kind-5-11-jahre","18":"first","19":"instock","20":"sale","21":"taxable","22":"shipping-taxable","23":"purchasable","24":"product-type-variable"},"yoast_head":"<!-- This site is optimized with the Yoast SEO Premium plugin v27.5 (Yoast SEO v27.5) - https:\/\/yoast.com\/product\/yoast-seo-premium-wordpress\/ -->\n<title>Delfinhaus Ausflug Safaga - Buchen - Landious Travel<\/title>\n<meta name=\"description\" content=\"Delfinhaus Ausflug Safaga ist eine beliebte Seereise, um Delfine in ihrem Lebensraum im Dolphin House in Hurghada, \u00c4gypten, zu beobachten! Wir empfehlen\" \/>\n<meta name=\"robots\" content=\"index, follow, max-snippet:-1, max-image-preview:large, max-video-preview:-1\" \/>\n<link rel=\"canonical\" href=\"https:\/\/landioustravel.com\/de\/shop\/delfinhaus-ausflug-safaga\/\" \/>\n<meta property=\"og:locale\" content=\"de_DE\" \/>\n<meta property=\"og:type\" content=\"article\" \/>\n<meta property=\"og:title\" content=\"Delfinhaus Ausflug Safaga\" \/>\n<meta property=\"og:description\" content=\"Landious Travel\" \/>\n<meta property=\"og:url\" content=\"https:\/\/landioustravel.com\/de\/shop\/delfinhaus-ausflug-safaga\/\" \/>\n<meta property=\"og:site_name\" content=\"Landious Travel\" \/>\n<meta property=\"article:publisher\" content=\"https:\/\/web.facebook.com\/landiousEgypt\" \/>\n<meta property=\"article:modified_time\" content=\"2023-06-19T02:54:23+00:00\" \/>\n<meta property=\"og:image\" content=\"https:\/\/i0.wp.com\/landioustravel.com\/wp-content\/uploads\/2022\/12\/Dolphin-House-Trip-Safaga-e1671476782596.jpg?fit=1200%2C675&ssl=1\" \/>\n\t<meta property=\"og:image:width\" content=\"1200\" \/>\n\t<meta property=\"og:image:height\" content=\"675\" \/>\n\t<meta property=\"og:image:type\" content=\"image\/jpeg\" \/>\n<meta name=\"twitter:card\" content=\"summary_large_image\" \/>\n<meta name=\"twitter:site\" content=\"@LandiousTours\" \/>\n<meta name=\"twitter:label1\" content=\"Gesch\u00e4tzte Lesezeit\" \/>\n\t<meta name=\"twitter:data1\" content=\"3\u00a0Minuten\" \/>\n<script type=\"application\/ld+json\" class=\"yoast-schema-graph\">{\"@context\":\"https:\\\/\\\/schema.org\",\"@graph\":[{\"@type\":\"WebPage\",\"@id\":\"https:\\\/\\\/landioustravel.com\\\/de\\\/shop\\\/delfinhaus-ausflug-safaga\\\/\",\"url\":\"https:\\\/\\\/landioustravel.com\\\/de\\\/shop\\\/delfinhaus-ausflug-safaga\\\/\",\"name\":\"Delfinhaus Ausflug Safaga - Buchen - Landious Travel\",\"isPartOf\":{\"@id\":\"https:\\\/\\\/landioustravel.com\\\/de\\\/#website\"},\"primaryImageOfPage\":{\"@id\":\"https:\\\/\\\/landioustravel.com\\\/de\\\/shop\\\/delfinhaus-ausflug-safaga\\\/#primaryimage\"},\"image\":{\"@id\":\"https:\\\/\\\/landioustravel.com\\\/de\\\/shop\\\/delfinhaus-ausflug-safaga\\\/#primaryimage\"},\"thumbnailUrl\":\"https:\\\/\\\/i0.wp.com\\\/landioustravel.com\\\/wp-content\\\/uploads\\\/2022\\\/12\\\/Dolphin-House-Trip-Safaga-e1671476782596.jpg?fit=1200%2C675&ssl=1\",\"datePublished\":\"2023-02-02T12:28:21+00:00\",\"dateModified\":\"2023-06-19T02:54:23+00:00\",\"description\":\"Delfinhaus Ausflug Safaga ist eine beliebte Seereise, um Delfine in ihrem Lebensraum im Dolphin House in Hurghada, \u00c4gypten, zu beobachten! Wir empfehlen\",\"breadcrumb\":{\"@id\":\"https:\\\/\\\/landioustravel.com\\\/de\\\/shop\\\/delfinhaus-ausflug-safaga\\\/#breadcrumb\"},\"inLanguage\":\"de\",\"potentialAction\":[{\"@type\":\"ReadAction\",\"target\":[\"https:\\\/\\\/landioustravel.com\\\/de\\\/shop\\\/delfinhaus-ausflug-safaga\\\/\"]}]},{\"@type\":\"ImageObject\",\"inLanguage\":\"de\",\"@id\":\"https:\\\/\\\/landioustravel.com\\\/de\\\/shop\\\/delfinhaus-ausflug-safaga\\\/#primaryimage\",\"url\":\"https:\\\/\\\/i0.wp.com\\\/landioustravel.com\\\/wp-content\\\/uploads\\\/2022\\\/12\\\/Dolphin-House-Trip-Safaga-e1671476782596.jpg?fit=1200%2C675&ssl=1\",\"contentUrl\":\"https:\\\/\\\/i0.wp.com\\\/landioustravel.com\\\/wp-content\\\/uploads\\\/2022\\\/12\\\/Dolphin-House-Trip-Safaga-e1671476782596.jpg?fit=1200%2C675&ssl=1\",\"width\":1200,\"height\":675,\"caption\":\"Dolphin House Trip Safaga\"},{\"@type\":\"BreadcrumbList\",\"@id\":\"https:\\\/\\\/landioustravel.com\\\/de\\\/shop\\\/delfinhaus-ausflug-safaga\\\/#breadcrumb\",\"itemListElement\":[{\"@type\":\"ListItem\",\"position\":1,\"name\":\"Home\",\"item\":\"https:\\\/\\\/landioustravel.com\\\/de\\\/\"},{\"@type\":\"ListItem\",\"position\":2,\"name\":\"\u00c4gypten Touren\",\"item\":\"https:\\\/\\\/landioustravel.com\\\/de\\\/\"},{\"@type\":\"ListItem\",\"position\":3,\"name\":\"Delfinhaus Ausflug Safaga\"}]},{\"@type\":\"WebSite\",\"@id\":\"https:\\\/\\\/landioustravel.com\\\/de\\\/#website\",\"url\":\"https:\\\/\\\/landioustravel.com\\\/de\\\/\",\"name\":\"Landious Travel\",\"description\":\"Excursions, trips and cruises in Egypt\",\"publisher\":{\"@id\":\"https:\\\/\\\/landioustravel.com\\\/de\\\/#organization\"},\"potentialAction\":[{\"@type\":\"SearchAction\",\"target\":{\"@type\":\"EntryPoint\",\"urlTemplate\":\"https:\\\/\\\/landioustravel.com\\\/de\\\/?s={search_term_string}\"},\"query-input\":{\"@type\":\"PropertyValueSpecification\",\"valueRequired\":true,\"valueName\":\"search_term_string\"}}],\"inLanguage\":\"de\"},{\"@type\":[\"Organization\",\"Place\"],\"@id\":\"https:\\\/\\\/landioustravel.com\\\/de\\\/#organization\",\"name\":\"Landious Travel\",\"alternateName\":\"Landious Travel\",\"url\":\"https:\\\/\\\/landioustravel.com\\\/de\\\/\",\"logo\":{\"@id\":\"https:\\\/\\\/landioustravel.com\\\/de\\\/shop\\\/delfinhaus-ausflug-safaga\\\/#local-main-organization-logo\"},\"image\":{\"@id\":\"https:\\\/\\\/landioustravel.com\\\/de\\\/shop\\\/delfinhaus-ausflug-safaga\\\/#local-main-organization-logo\"},\"sameAs\":[\"https:\\\/\\\/web.facebook.com\\\/landiousEgypt\",\"https:\\\/\\\/x.com\\\/LandiousTours\",\"https:\\\/\\\/mastodon.social\\\/@landious\"],\"legalName\":\"Landious Travel\",\"telephone\":[],\"openingHoursSpecification\":[{\"@type\":\"OpeningHoursSpecification\",\"dayOfWeek\":[\"Monday\",\"Tuesday\",\"Wednesday\",\"Thursday\",\"Friday\",\"Saturday\",\"Sunday\"],\"opens\":\"09:00\",\"closes\":\"17:00\"}]},{\"@type\":\"ImageObject\",\"inLanguage\":\"de\",\"@id\":\"https:\\\/\\\/landioustravel.com\\\/de\\\/shop\\\/delfinhaus-ausflug-safaga\\\/#local-main-organization-logo\",\"url\":\"https:\\\/\\\/i0.wp.com\\\/landioustravel.com\\\/wp-content\\\/uploads\\\/2021\\\/06\\\/Landious-T.png?fit=500%2C500&ssl=1\",\"contentUrl\":\"https:\\\/\\\/i0.wp.com\\\/landioustravel.com\\\/wp-content\\\/uploads\\\/2021\\\/06\\\/Landious-T.png?fit=500%2C500&ssl=1\",\"width\":500,\"height\":500,\"caption\":\"Landious Travel\"}]}<\/script>\n<!-- \/ Yoast SEO Premium plugin. -->","yoast_head_json":{"title":"Delfinhaus Ausflug Safaga - Buchen - Landious Travel","description":"Delfinhaus Ausflug Safaga ist eine beliebte Seereise, um Delfine in ihrem Lebensraum im Dolphin House in Hurghada, \u00c4gypten, zu beobachten! Wir empfehlen","robots":{"index":"index","follow":"follow","max-snippet":"max-snippet:-1","max-image-preview":"max-image-preview:large","max-video-preview":"max-video-preview:-1"},"canonical":"https:\/\/landioustravel.com\/de\/shop\/delfinhaus-ausflug-safaga\/","og_locale":"de_DE","og_type":"article","og_title":"Delfinhaus Ausflug Safaga","og_description":"Landious Travel","og_url":"https:\/\/landioustravel.com\/de\/shop\/delfinhaus-ausflug-safaga\/","og_site_name":"Landious Travel","article_publisher":"https:\/\/web.facebook.com\/landiousEgypt","article_modified_time":"2023-06-19T02:54:23+00:00","og_image":[{"width":1200,"height":675,"url":"https:\/\/i0.wp.com\/landioustravel.com\/wp-content\/uploads\/2022\/12\/Dolphin-House-Trip-Safaga-e1671476782596.jpg?fit=1200%2C675&ssl=1","type":"image\/jpeg"}],"twitter_card":"summary_large_image","twitter_site":"@LandiousTours","twitter_misc":{"Gesch\u00e4tzte Lesezeit":"3\u00a0Minuten"},"schema":{"@context":"https:\/\/schema.org","@graph":[{"@type":"WebPage","@id":"https:\/\/landioustravel.com\/de\/shop\/delfinhaus-ausflug-safaga\/","url":"https:\/\/landioustravel.com\/de\/shop\/delfinhaus-ausflug-safaga\/","name":"Delfinhaus Ausflug Safaga - Buchen - Landious Travel","isPartOf":{"@id":"https:\/\/landioustravel.com\/de\/#website"},"primaryImageOfPage":{"@id":"https:\/\/landioustravel.com\/de\/shop\/delfinhaus-ausflug-safaga\/#primaryimage"},"image":{"@id":"https:\/\/landioustravel.com\/de\/shop\/delfinhaus-ausflug-safaga\/#primaryimage"},"thumbnailUrl":"https:\/\/i0.wp.com\/landioustravel.com\/wp-content\/uploads\/2022\/12\/Dolphin-House-Trip-Safaga-e1671476782596.jpg?fit=1200%2C675&ssl=1","datePublished":"2023-02-02T12:28:21+00:00","dateModified":"2023-06-19T02:54:23+00:00","description":"Delfinhaus Ausflug Safaga ist eine beliebte Seereise, um Delfine in ihrem Lebensraum im Dolphin House in Hurghada, \u00c4gypten, zu beobachten! Wir empfehlen","breadcrumb":{"@id":"https:\/\/landioustravel.com\/de\/shop\/delfinhaus-ausflug-safaga\/#breadcrumb"},"inLanguage":"de","potentialAction":[{"@type":"ReadAction","target":["https:\/\/landioustravel.com\/de\/shop\/delfinhaus-ausflug-safaga\/"]}]},{"@type":"ImageObject","inLanguage":"de","@id":"https:\/\/landioustravel.com\/de\/shop\/delfinhaus-ausflug-safaga\/#primaryimage","url":"https:\/\/i0.wp.com\/landioustravel.com\/wp-content\/uploads\/2022\/12\/Dolphin-House-Trip-Safaga-e1671476782596.jpg?fit=1200%2C675&ssl=1","contentUrl":"https:\/\/i0.wp.com\/landioustravel.com\/wp-content\/uploads\/2022\/12\/Dolphin-House-Trip-Safaga-e1671476782596.jpg?fit=1200%2C675&ssl=1","width":1200,"height":675,"caption":"Dolphin House Trip Safaga"},{"@type":"BreadcrumbList","@id":"https:\/\/landioustravel.com\/de\/shop\/delfinhaus-ausflug-safaga\/#breadcrumb","itemListElement":[{"@type":"ListItem","position":1,"name":"Home","item":"https:\/\/landioustravel.com\/de\/"},{"@type":"ListItem","position":2,"name":"\u00c4gypten Touren","item":"https:\/\/landioustravel.com\/de\/"},{"@type":"ListItem","position":3,"name":"Delfinhaus Ausflug Safaga"}]},{"@type":"WebSite","@id":"https:\/\/landioustravel.com\/de\/#website","url":"https:\/\/landioustravel.com\/de\/","name":"Landious Travel","description":"Excursions, trips and cruises in Egypt","publisher":{"@id":"https:\/\/landioustravel.com\/de\/#organization"},"potentialAction":[{"@type":"SearchAction","target":{"@type":"EntryPoint","urlTemplate":"https:\/\/landioustravel.com\/de\/?s={search_term_string}"},"query-input":{"@type":"PropertyValueSpecification","valueRequired":true,"valueName":"search_term_string"}}],"inLanguage":"de"},{"@type":["Organization","Place"],"@id":"https:\/\/landioustravel.com\/de\/#organization","name":"Landious Travel","alternateName":"Landious Travel","url":"https:\/\/landioustravel.com\/de\/","logo":{"@id":"https:\/\/landioustravel.com\/de\/shop\/delfinhaus-ausflug-safaga\/#local-main-organization-logo"},"image":{"@id":"https:\/\/landioustravel.com\/de\/shop\/delfinhaus-ausflug-safaga\/#local-main-organization-logo"},"sameAs":["https:\/\/web.facebook.com\/landiousEgypt","https:\/\/x.com\/LandiousTours","https:\/\/mastodon.social\/@landious"],"legalName":"Landious Travel","telephone":[],"openingHoursSpecification":[{"@type":"OpeningHoursSpecification","dayOfWeek":["Monday","Tuesday","Wednesday","Thursday","Friday","Saturday","Sunday"],"opens":"09:00","closes":"17:00"}]},{"@type":"ImageObject","inLanguage":"de","@id":"https:\/\/landioustravel.com\/de\/shop\/delfinhaus-ausflug-safaga\/#local-main-organization-logo","url":"https:\/\/i0.wp.com\/landioustravel.com\/wp-content\/uploads\/2021\/06\/Landious-T.png?fit=500%2C500&ssl=1","contentUrl":"https:\/\/i0.wp.com\/landioustravel.com\/wp-content\/uploads\/2021\/06\/Landious-T.png?fit=500%2C500&ssl=1","width":500,"height":500,"caption":"Landious Travel"}]}},"jetpack_publicize_connections":[],"uagb_featured_image_src":{"full":["https:\/\/i0.wp.com\/landioustravel.com\/wp-content\/uploads\/2022\/12\/Dolphin-House-Trip-Safaga-e1671476782596.jpg?fit=1200%2C675&ssl=1",1200,675,false],"thumbnail":["https:\/\/i0.wp.com\/landioustravel.com\/wp-content\/uploads\/2022\/12\/Dolphin-House-Trip-Safaga-e1671476782596.jpg?resize=150%2C150&ssl=1",150,150,true],"medium":["https:\/\/i0.wp.com\/landioustravel.com\/wp-content\/uploads\/2022\/12\/Dolphin-House-Trip-Safaga-e1671476782596.jpg?fit=300%2C169&ssl=1",300,169,true],"medium_large":["https:\/\/i0.wp.com\/landioustravel.com\/wp-content\/uploads\/2022\/12\/Dolphin-House-Trip-Safaga-e1671476782596.jpg?fit=768%2C432&ssl=1",768,432,true],"large":["https:\/\/i0.wp.com\/landioustravel.com\/wp-content\/uploads\/2022\/12\/Dolphin-House-Trip-Safaga-e1671476782596.jpg?fit=980%2C551&ssl=1",980,551,true],"1536x1536":["https:\/\/i0.wp.com\/landioustravel.com\/wp-content\/uploads\/2022\/12\/Dolphin-House-Trip-Safaga-e1671476782596.jpg?fit=1536%2C864&ssl=1",1536,864,true],"2048x2048":["https:\/\/i0.wp.com\/landioustravel.com\/wp-content\/uploads\/2022\/12\/Dolphin-House-Trip-Safaga-e1671476782596.jpg?fit=2048%2C1151&ssl=1",2048,1151,true],"newspack-article-block-landscape-large":["https:\/\/i0.wp.com\/landioustravel.com\/wp-content\/uploads\/2022\/12\/Dolphin-House-Trip-Safaga-e1671476782596.jpg?resize=1200%2C675&ssl=1",1200,675,true],"newspack-article-block-portrait-large":["https:\/\/i0.wp.com\/landioustravel.com\/wp-content\/uploads\/2022\/12\/Dolphin-House-Trip-Safaga-e1671476782596.jpg?resize=900%2C675&ssl=1",900,675,true],"newspack-article-block-square-large":["https:\/\/i0.wp.com\/landioustravel.com\/wp-content\/uploads\/2022\/12\/Dolphin-House-Trip-Safaga-e1671476782596.jpg?resize=1200%2C675&ssl=1",1200,675,true],"newspack-article-block-landscape-medium":["https:\/\/i0.wp.com\/landioustravel.com\/wp-content\/uploads\/2022\/12\/Dolphin-House-Trip-Safaga-e1671476782596.jpg?resize=800%2C600&ssl=1",800,600,true],"newspack-article-block-portrait-medium":["https:\/\/i0.wp.com\/landioustravel.com\/wp-content\/uploads\/2022\/12\/Dolphin-House-Trip-Safaga-e1671476782596.jpg?resize=600%2C675&ssl=1",600,675,true],"newspack-article-block-square-medium":["https:\/\/i0.wp.com\/landioustravel.com\/wp-content\/uploads\/2022\/12\/Dolphin-House-Trip-Safaga-e1671476782596.jpg?resize=800%2C675&ssl=1",800,675,true],"newspack-article-block-landscape-intermediate":["https:\/\/i0.wp.com\/landioustravel.com\/wp-content\/uploads\/2022\/12\/Dolphin-House-Trip-Safaga-e1671476782596.jpg?resize=600%2C450&ssl=1",600,450,true],"newspack-article-block-portrait-intermediate":["https:\/\/i0.wp.com\/landioustravel.com\/wp-content\/uploads\/2022\/12\/Dolphin-House-Trip-Safaga-e1671476782596.jpg?resize=450%2C600&ssl=1",450,600,true],"newspack-article-block-square-intermediate":["https:\/\/i0.wp.com\/landioustravel.com\/wp-content\/uploads\/2022\/12\/Dolphin-House-Trip-Safaga-e1671476782596.jpg?resize=600%2C600&ssl=1",600,600,true],"newspack-article-block-landscape-small":["https:\/\/i0.wp.com\/landioustravel.com\/wp-content\/uploads\/2022\/12\/Dolphin-House-Trip-Safaga-e1671476782596.jpg?resize=400%2C300&ssl=1",400,300,true],"newspack-article-block-portrait-small":["https:\/\/i0.wp.com\/landioustravel.com\/wp-content\/uploads\/2022\/12\/Dolphin-House-Trip-Safaga-e1671476782596.jpg?resize=300%2C400&ssl=1",300,400,true],"newspack-article-block-square-small":["https:\/\/i0.wp.com\/landioustravel.com\/wp-content\/uploads\/2022\/12\/Dolphin-House-Trip-Safaga-e1671476782596.jpg?resize=400%2C400&ssl=1",400,400,true],"newspack-article-block-landscape-tiny":["https:\/\/i0.wp.com\/landioustravel.com\/wp-content\/uploads\/2022\/12\/Dolphin-House-Trip-Safaga-e1671476782596.jpg?resize=200%2C150&ssl=1",200,150,true],"newspack-article-block-portrait-tiny":["https:\/\/i0.wp.com\/landioustravel.com\/wp-content\/uploads\/2022\/12\/Dolphin-House-Trip-Safaga-e1671476782596.jpg?resize=150%2C200&ssl=1",150,200,true],"newspack-article-block-square-tiny":["https:\/\/i0.wp.com\/landioustravel.com\/wp-content\/uploads\/2022\/12\/Dolphin-House-Trip-Safaga-e1671476782596.jpg?resize=200%2C200&ssl=1",200,200,true],"newspack-article-block-uncropped":["https:\/\/i0.wp.com\/landioustravel.com\/wp-content\/uploads\/2022\/12\/Dolphin-House-Trip-Safaga-e1671476782596.jpg?fit=1200%2C675&ssl=1",1200,675,true],"woocommerce_thumbnail":["https:\/\/i0.wp.com\/landioustravel.com\/wp-content\/uploads\/2022\/12\/Dolphin-House-Trip-Safaga-e1671476782596.jpg?resize=324%2C324&ssl=1",324,324,true],"woocommerce_single":["https:\/\/i0.wp.com\/landioustravel.com\/wp-content\/uploads\/2022\/12\/Dolphin-House-Trip-Safaga-e1671476782596.jpg?fit=416%2C234&ssl=1",416,234,true],"woocommerce_gallery_thumbnail":["https:\/\/i0.wp.com\/landioustravel.com\/wp-content\/uploads\/2022\/12\/Dolphin-House-Trip-Safaga-e1671476782596.jpg?resize=100%2C100&ssl=1",100,100,true]},"uagb_author_info":{"display_name":"Mofreh Landious","author_link":"https:\/\/landioustravel.com\/de\/author\/"},"uagb_comment_info":0,"uagb_excerpt":"Erleben Sie einen unvergesslichen Tag auf dem Wasser mit einem Besuch im Dolphin House, einem ber\u00fchmten Ort im Roten Meer, wo Sie wilde Delfine in ihrem nat\u00fcrlichen Lebensraum bestaunen k\u00f6nnen. Sie haben die M\u00f6glichkeit, mit diesen gro\u00dfartigen Kreaturen zu schwimmen und dabei die atemberaubende Aussicht auf die Korallenriffe und Fische zu genie\u00dfen. Das Abenteuer h\u00f6rt&hellip;","jetpack_sharing_enabled":true,"jetpack_likes_enabled":true,"amp_enabled":true,"_links":{"self":[{"href":"https:\/\/landioustravel.com\/de\/wp-json\/wp\/v2\/product\/135462","targetHints":{"allow":["GET"]}}],"collection":[{"href":"https:\/\/landioustravel.com\/de\/wp-json\/wp\/v2\/product"}],"about":[{"href":"https:\/\/landioustravel.com\/de\/wp-json\/wp\/v2\/types\/product"}],"replies":[{"embeddable":true,"href":"https:\/\/landioustravel.com\/de\/wp-json\/wp\/v2\/comments?post=135462"}],"wp:featuredmedia":[{"embeddable":true,"href":"https:\/\/landioustravel.com\/de\/wp-json\/wp\/v2\/media\/133250"}],"wp:attachment":[{"href":"https:\/\/landioustravel.com\/de\/wp-json\/wp\/v2\/media?parent=135462"}],"wp:term":[{"taxonomy":"product_brand","embeddable":true,"href":"https:\/\/landioustravel.com\/de\/wp-json\/wp\/v2\/product_brand?post=135462"},{"taxonomy":"product_cat","embeddable":true,"href":"https:\/\/landioustravel.com\/de\/wp-json\/wp\/v2\/product_cat?post=135462"},{"taxonomy":"product_tag","embeddable":true,"href":"https:\/\/landioustravel.com\/de\/wp-json\/wp\/v2\/product_tag?post=135462"}],"curies":[{"name":"wp","href":"https:\/\/api.w.org\/{rel}","templated":true}]}}