{"id":135498,"date":"2022-12-18T18:22:36","date_gmt":"2023-02-02T16:50:04","guid":{"rendered":"https:\/\/landioustravel.com\/?post_type=product&#038;p=135498"},"modified":"2023-02-02T18:50:05","modified_gmt":"2023-02-02T16:50:05","slug":"nil-bootsfahrt-safaga","status":"publish","type":"product","link":"https:\/\/landioustravel.com\/de\/shop\/nil-bootsfahrt-safaga\/","title":{"rendered":"Nil Bootsfahrt Safaga"},"content":{"rendered":"<p><strong>Nil Bootsfahrt Safaga<\/strong> ist ein ausgezeichnetes Zusatzprogramm f\u00fcr Touristen, die Luxor von verschiedenen Zielen aus besuchen. Wir bieten diese Reise als Zusatzprogramm zu Luxor-Reisen und Rundreisen an. Zum Beispiel bieten wir es Touristen an, die Luxor aus Safaga besuchen. Wir empfehlen die Reise, weil sie es Touristen erm\u00f6glicht, den Nil zu genie\u00dfen. Dar\u00fcber hinaus k\u00f6nnen sie viele moderne und alt\u00e4gyptische Attraktionen sehen. Zu diesen Attraktionen geh\u00f6ren moderne Geb\u00e4ude, gr\u00fcne Felder, V\u00f6gel, Tiere und Tempel.<\/p>\n<h2>H\u00f6hepunkte der Nil-Bootsfahrt f\u00fcr Safaga-Ausfl\u00fcgler<\/h2>\n<ul>\n<li>Nil-Picknick auf einem Motorboot.<\/li>\n<li>Besuchen Sie die Bananeninsel.<\/li>\n<li>Genie\u00dfen Sie auch einen Obstkorb mit saisonaler Ernte.<\/li>\n<\/ul>\n<h2>Programm des Bootspicknicks \u00fcber dem Nil<\/h2>\n<p>Da es sich bei der Bootsfahrt um ein Zusatzprogramm handelt, erkl\u00e4ren wir Ihnen das Programm im Rahmen einer Reise nach Luxor. Wie erwartet starten die Reisen nach Luxor von Hurghada, Safaga, Marsa Alam und Sharm El Sheikh. Das folgende Programm zeigt die Bootsfahrt als Teil des eint\u00e4gigen Ausflugs von Safaga nach Luxor:<\/p>\n<ul>\n<li>Zuerst holt Sie der Vertreter von Landious Travel zur vereinbarten Zeit f\u00fcr die Reise nach Luxor von Ihrem Hotel ab.<\/li>\n<li>Zweitens, sobald unser Vertreter alle Ank\u00f6mmlinge abgeholt hatte, w\u00fcrde der Bus\/Minibus nach Luxor abfahren.<\/li>\n<\/ul>\n<h3>Programm in Ost-Luxor<\/h3>\n<ul>\n<li>Sobald Sie in Luxor ankommen, leiten wir Sie zum Karnak-Tempel. Bemerkenswert, dass die alten \u00c4gypter diesen Tempel dem Gott Amun widmeten. Es ist das gr\u00f6\u00dfte in \u00c4gypten und der ganzen antiken Welt. Der Karnak-Tempel liegt in der Stadt des Lebens \u2013 Ost-Luxor.<\/li>\n<li>Ihr Guide beginnt mit der Erkl\u00e4rung und gibt hilfreiche Informationen \u00fcber den Tempel. Dann geht die Gruppe mit diesem Reiseleiter in den Tempel. Dementsprechend zeigt Ihnen Ihr Guide die h\u00e4ufig besuchten Orte in diesem gro\u00dfen Komplex. Bemerkenswert, dass dieser Komplex verschiedene Tempel und Geb\u00e4ude enth\u00e4lt. Zusammenfassend hat Ihr Guide die Aufgabe, Ihnen all diese Tempel zu zeigen. Au\u00dferdem geben Ihnen unsere Guides Zeit, um ein Foto zu machen.<\/li>\n<\/ul>\n<h3>Nilboot-Picknick<\/h3>\n<ul>\n<li>Nach dem Besuch des Karnak-Tempels im Osten von Luxor starten Sie zu einem Bootspicknick \u00fcber den Nil. Dieses Bootspicknick ist ein Zusatzprogramm, das Sie vorab \u00fcber uns buchen k\u00f6nnen!<\/li>\n<li>Im Detail beginnt diese Bootsfahrt mit einer 25-min\u00fctigen Fahrt \u00fcber den Nil.<\/li>\n<li>Dann landen Sie auf Banana Island. Bezeichnenderweise werden Sie auf dieser Insel spazieren gehen, um die Obstb\u00e4ume zu entdecken. Der Bananenbaum wird eine der Pflanzen sein, die Sie auf dieser Insel sehen werden.<\/li>\n<li>Danach nehmen Sie in einem Caf\u00e9 auf dieser Insel Platz. W\u00e4hrend Sie in diesem Caf\u00e9 sitzen, bieten wir Ihnen ein k\u00f6stliches Gericht aus verschiedenen Fr\u00fcchten an.<\/li>\n<li>Sp\u00e4ter setzen Sie Ihr Bootspicknick in Richtung Westufer des Nils fort.<\/li>\n<li>Sobald das Boot im Hafen anlegt, befinden Sie sich in West-Luxor, der Stadt der Toten.<\/li>\n<\/ul>\n<h3>Programm in West-Luxor<\/h3>\n<ul>\n<li>In West-Luxor wird die Reise daher mit einem Besuch der Memnon-Kolosse fortgesetzt. Die Memnonkolosse sind zwei grandiose Statuen, die am Eingang des Tempels von Amenophis III. stehen. Au\u00dferdem zeigt Ihnen Ihr Guide diese Statuen; Dann gibt er Ihnen die M\u00f6glichkeit, ein Foto zu machen.<\/li>\n<li>Au\u00dferdem f\u00e4hrt der Bus zum wundersch\u00f6nen Tempel der K\u00f6nigin Hatschepsut. Es ist ein fantastischer Tempel in Deir El-Bahari. Um diesen Tempel herum sehen Sie alle Arten von Gr\u00e4bern und anderen Tempeln. Die Tempel von Thutmose \u0399\u0399\u0399 und Amenophis Neb Hept Ra stehen neben dem Tempel der Hatschepsut. Die antiken Baumeister haben die Spuren dieser drei Tempel direkt in den Felsen gehauen. Auch hier bietet der Guide Informationen und freie Zeit, um den Ort zu erkunden.<\/li>\n<li>Vor dem Ende des Programms in West-Luxor besuchen Sie das Tal der K\u00f6nige. Es ist an diesem Ort ausgezeichnet und interessant! Im Tal der K\u00f6nige sehen Sie nach und nach drei Gr\u00e4ber, die den gro\u00dfen Pharaonen \u00c4gyptens geh\u00f6ren.<\/li>\n<\/ul>\n<h3>Abfahrt<\/h3>\n<ul>\n<li>Daher endet der Ausflug nach Luxor gem\u00e4\u00df dem oben genannten Programm gegen 17:00 Uhr.<\/li>\n<li>Schlie\u00dflich kehrt unser Bus nach einer so fantastischen Reise nach Luxor zu Ihrem Zielort zur\u00fcck.<\/li>\n<\/ul>\n<h2>Was beinhaltet der Preis f\u00fcr die Nil-Bootsfahrt von Safaga?<\/h2>\n<ul>\n<li>Eintrittskarten f\u00fcr den Besuch der Bananeninsel.<\/li>\n<li>Fr\u00fcchtekorb.<\/li>\n<li>Und F\u00fchrer.<\/li>\n<li>Au\u00dferdem beinhaltet es ein Bootspicknick vom Ostufer des Nils zum Westufer.<\/li>\n<\/ul>\n<h2>Was beinhaltet das Nil-Bootsreiseprogramm nicht?<\/h2>\n<ul>\n<li>Die zus\u00e4tzlichen Ausflugsprogramme sind nicht im obigen Programm enthalten.<\/li>\n<li>Auch Getr\u00e4nke auf Banana Island.<\/li>\n<\/ul>\n<h2>Was nehmen Sie f\u00fcr die Reise mit?<\/h2>\n<ul>\n<li>Sonnenbrille.<\/li>\n<li>Und eine Fotokamera oder ein Handy.<\/li>\n<li>Nehmen Sie auch geeignete Kleidung f\u00fcr die Jahreszeit mit.<\/li>\n<\/ul>\n<h2>Nil-Bootsfahrt Safaga Buchungstage<\/h2>\n<ul>\n<li>T\u00e4glich, abh\u00e4ngig von der Reise, die Sie in Luxor machen.<\/li>\n<\/ul>\n<h2>Was erwartet Sie w\u00e4hrend der Reise nach Luxor?<\/h2>\n<h3>Denkm\u00e4ler am \u00f6stlichen Ufer des Nils<\/h3>\n<p>Karnak-Tempel: Der Tempel von Karnak ist die gr\u00f6\u00dfte Tempelanlage der Antike. Erstaunlicherweise repr\u00e4sentiert es die kombinierte Errungenschaft vieler Generationen antiker Baumeister und Pharaonen. Der alte Name des Tempels Ipet-isut bedeutet \u201edie heiligsten Orte\u201c.<\/p>\n<p>Der Bau dieses komplexen Tempels dauerte unaufh\u00f6rlich mehr als zweitausend Jahre. Es besteht aus drei prominenten Tempeln, kleineren geschlossenen Tempeln und mehreren \u00e4u\u00dferen Tempeln auf 247 Morgen. In der gro\u00dfen \u201eHypostyle Hall\u201c befindet sich ein unglaublicher Wald aus riesigen S\u00e4ulen.<\/p>\n<p>Luxor-Tempel: Der Tempel von Luxor blieb das Zentrum des historischsten Festivals, Opet. Dieses Fest sollte den menschlichen Aspekt des Herrschers mit dem g\u00f6ttlichen Amt vers\u00f6hnen. Amenhotep III und Ramses II bauten diesen majest\u00e4tischen Luxor-Tempel und weihten ihn dem Gott Amun.<\/p>\n<h3>Denkm\u00e4ler am Westufer des Nils<\/h3>\n<p>Hatschepsut-Tempel: Der Hatschepsut-Tempel in El Deir El Bahary ist ein beeindruckender Tempel, der K\u00f6nigin Hatschepsut, der einzigen weiblichen Pharaonin, gewidmet ist. Beeindruckend erhebt sich der Tempel der Hatschepsut mit einer Reihe von Terrassen aus der W\u00fcste. Es verschmilzt scheinbar mit den steilen Kalksteinfelsen, die es umgeben. Er ist einer der sch\u00f6nsten und am besten erhaltenen aller Tempel des alten \u00c4gypten.<\/p>\n<p>Tempel von Amenophis III.: Der Tempel von Amenophis III. ist einer der fantastischen Tempel am Westufer des Nils in der thebanischen Nekropole im Gouvernement Luxor. Amenophis III., Pharao der XVIII. Dynastie, baute diesen Tempel um 1400 v. Chr., wo ihn die alten \u00c4gypter als Gott verehrten.<\/p>\n<p>Tempel von Thutmosis III: Deir el-Bahari ist die Heimat des Tempels von Thutmosis III. Der Tempel liegt auf einer felsigen Plattform im Zentrum des Deir el-Bahari-Tals. Daher dominiert es \u00fcber die anderen Strukturen. Der Tempel der Hatschepsut und Mentuhotep Nebhepetre umgeben das Design selbst.<\/p>\n","protected":false},"excerpt":{"rendered":"<p>Die Nil-Bootsfahrt stellt ein zus\u00e4tzliches Programm dar, das Sie w\u00e4hrend Ihres Ausflugs in Luxor bewundernswert durchf\u00fchren k\u00f6nnen. Es erm\u00f6glicht Ihnen, die au\u00dfergew\u00f6hnliche Sch\u00f6nheit dieser Stadt am Nil zu bewundern. Es enth\u00e4lt prominent hervorragende Punkte mit einer Insellandung. Diese Reise ist ein optionales Programm, um von verschiedenen Zielen nach Luxor zu reisen.<\/p>\n<p>Auf dieser Nilfahrt segeln Sie majest\u00e4tisch mit dem Boot \u00fcber den Nil, beginnend vom \u00f6stlichen Flussufer zum \u00f6stlichen. W\u00e4hrend der Fahrt sehen Sie alle benachbarten Sehensw\u00fcrdigkeiten an beiden Flussufern. Au\u00dferdem machen Sie einen Halt auf Banana Island.<\/p>\n","protected":false},"featured_media":135499,"comment_status":"open","ping_status":"closed","template":"","meta":{"_coblocks_attr":"","_coblocks_dimensions":"","_coblocks_responsive_height":"","_coblocks_accordion_ie_support":"","_uag_custom_page_level_css":"","jetpack_post_was_ever_published":false,"jetpack_publicize_message":"","jetpack_publicize_feature_enabled":true,"jetpack_social_post_already_shared":true,"jetpack_social_options":{"image_generator_settings":{"template":"highway","default_image_id":0,"font":"","enabled":false},"version":2},"_wpas_customize_per_network":false},"product_brand":[],"product_cat":[16902,20145],"product_tag":[9906,2185],"class_list":{"0":"post-135498","1":"product","2":"type-product","3":"status-publish","4":"has-post-thumbnail","6":"product_cat-ausfluege-safaga","7":"product_cat-safaga-besichtigungstouren","8":"product_tag-besichtigung","9":"product_tag-luxor-de","11":"first","12":"instock","13":"sale","14":"virtual","15":"taxable","16":"purchasable","17":"product-type-simple"},"yoast_head":"<!-- This site is optimized with the Yoast SEO Premium plugin v26.9 (Yoast SEO v27.3) - https:\/\/yoast.com\/product\/yoast-seo-premium-wordpress\/ -->\n<title>Nil Bootsfahrt Safaga<\/title>\n<meta name=\"description\" content=\"Nil Bootsfahrt Safaga ist ein ausgezeichnetes Zusatzprogramm f\u00fcr Touristen, die Luxor von verschiedenen Zielen aus besuchen. Wir bieten diese Reise als\" \/>\n<meta name=\"robots\" content=\"index, follow, max-snippet:-1, max-image-preview:large, max-video-preview:-1\" \/>\n<link rel=\"canonical\" href=\"https:\/\/landioustravel.com\/de\/shop\/nil-bootsfahrt-safaga\/\" \/>\n<meta property=\"og:locale\" content=\"de_DE\" \/>\n<meta property=\"og:type\" content=\"article\" \/>\n<meta property=\"og:title\" content=\"Nil Bootsfahrt Safaga\" \/>\n<meta property=\"og:description\" content=\"Landious Travel\" \/>\n<meta property=\"og:url\" content=\"https:\/\/landioustravel.com\/de\/shop\/nil-bootsfahrt-safaga\/\" \/>\n<meta property=\"og:site_name\" content=\"Landious Travel\" \/>\n<meta property=\"article:publisher\" content=\"https:\/\/web.facebook.com\/landiousEgypt\" \/>\n<meta property=\"article:modified_time\" content=\"2023-02-02T16:50:05+00:00\" \/>\n<meta property=\"og:image\" content=\"https:\/\/i0.wp.com\/landioustravel.com\/wp-content\/uploads\/2022\/12\/Nile-Boat-Trip-Safaga-e1671380515196.jpg?fit=1200%2C675&ssl=1\" \/>\n\t<meta property=\"og:image:width\" content=\"1200\" \/>\n\t<meta property=\"og:image:height\" content=\"675\" \/>\n\t<meta property=\"og:image:type\" content=\"image\/jpeg\" \/>\n<meta name=\"twitter:card\" content=\"summary_large_image\" \/>\n<meta name=\"twitter:site\" content=\"@LandiousTours\" \/>\n<meta name=\"twitter:label1\" content=\"Gesch\u00e4tzte Lesezeit\" \/>\n\t<meta name=\"twitter:data1\" content=\"5\u00a0Minuten\" \/>\n<script type=\"application\/ld+json\" class=\"yoast-schema-graph\">{\"@context\":\"https:\\\/\\\/schema.org\",\"@graph\":[{\"@type\":\"WebPage\",\"@id\":\"https:\\\/\\\/landioustravel.com\\\/de\\\/shop\\\/nil-bootsfahrt-safaga\\\/\",\"url\":\"https:\\\/\\\/landioustravel.com\\\/de\\\/shop\\\/nil-bootsfahrt-safaga\\\/\",\"name\":\"Nil Bootsfahrt Safaga\",\"isPartOf\":{\"@id\":\"https:\\\/\\\/landioustravel.com\\\/de\\\/#website\"},\"primaryImageOfPage\":{\"@id\":\"https:\\\/\\\/landioustravel.com\\\/de\\\/shop\\\/nil-bootsfahrt-safaga\\\/#primaryimage\"},\"image\":{\"@id\":\"https:\\\/\\\/landioustravel.com\\\/de\\\/shop\\\/nil-bootsfahrt-safaga\\\/#primaryimage\"},\"thumbnailUrl\":\"https:\\\/\\\/i0.wp.com\\\/landioustravel.com\\\/wp-content\\\/uploads\\\/2022\\\/12\\\/Nile-Boat-Trip-Safaga-e1671380515196.jpg?fit=1200%2C675&ssl=1\",\"datePublished\":\"2023-02-02T16:50:04+00:00\",\"dateModified\":\"2023-02-02T16:50:05+00:00\",\"description\":\"Nil Bootsfahrt Safaga ist ein ausgezeichnetes Zusatzprogramm f\u00fcr Touristen, die Luxor von verschiedenen Zielen aus besuchen. Wir bieten diese Reise als\",\"breadcrumb\":{\"@id\":\"https:\\\/\\\/landioustravel.com\\\/de\\\/shop\\\/nil-bootsfahrt-safaga\\\/#breadcrumb\"},\"inLanguage\":\"de\",\"potentialAction\":[{\"@type\":\"ReadAction\",\"target\":[\"https:\\\/\\\/landioustravel.com\\\/de\\\/shop\\\/nil-bootsfahrt-safaga\\\/\"]}]},{\"@type\":\"ImageObject\",\"inLanguage\":\"de\",\"@id\":\"https:\\\/\\\/landioustravel.com\\\/de\\\/shop\\\/nil-bootsfahrt-safaga\\\/#primaryimage\",\"url\":\"https:\\\/\\\/i0.wp.com\\\/landioustravel.com\\\/wp-content\\\/uploads\\\/2022\\\/12\\\/Nile-Boat-Trip-Safaga-e1671380515196.jpg?fit=1200%2C675&ssl=1\",\"contentUrl\":\"https:\\\/\\\/i0.wp.com\\\/landioustravel.com\\\/wp-content\\\/uploads\\\/2022\\\/12\\\/Nile-Boat-Trip-Safaga-e1671380515196.jpg?fit=1200%2C675&ssl=1\",\"width\":1200,\"height\":675,\"caption\":\"Nile Boat Trip Safaga\"},{\"@type\":\"BreadcrumbList\",\"@id\":\"https:\\\/\\\/landioustravel.com\\\/de\\\/shop\\\/nil-bootsfahrt-safaga\\\/#breadcrumb\",\"itemListElement\":[{\"@type\":\"ListItem\",\"position\":1,\"name\":\"Home\",\"item\":\"https:\\\/\\\/landioustravel.com\\\/de\\\/\"},{\"@type\":\"ListItem\",\"position\":2,\"name\":\"\u00c4gypten Touren\",\"item\":\"https:\\\/\\\/landioustravel.com\\\/de\\\/\"},{\"@type\":\"ListItem\",\"position\":3,\"name\":\"Nil Bootsfahrt Safaga\"}]},{\"@type\":\"WebSite\",\"@id\":\"https:\\\/\\\/landioustravel.com\\\/de\\\/#website\",\"url\":\"https:\\\/\\\/landioustravel.com\\\/de\\\/\",\"name\":\"Landious Travel\",\"description\":\"Excursions, trips and cruises in Egypt\",\"publisher\":{\"@id\":\"https:\\\/\\\/landioustravel.com\\\/de\\\/#organization\"},\"potentialAction\":[{\"@type\":\"SearchAction\",\"target\":{\"@type\":\"EntryPoint\",\"urlTemplate\":\"https:\\\/\\\/landioustravel.com\\\/de\\\/?s={search_term_string}\"},\"query-input\":{\"@type\":\"PropertyValueSpecification\",\"valueRequired\":true,\"valueName\":\"search_term_string\"}}],\"inLanguage\":\"de\"},{\"@type\":[\"Organization\",\"Place\"],\"@id\":\"https:\\\/\\\/landioustravel.com\\\/de\\\/#organization\",\"name\":\"Landious Travel\",\"alternateName\":\"Landious Travel\",\"url\":\"https:\\\/\\\/landioustravel.com\\\/de\\\/\",\"logo\":{\"@id\":\"https:\\\/\\\/landioustravel.com\\\/de\\\/shop\\\/nil-bootsfahrt-safaga\\\/#local-main-organization-logo\"},\"image\":{\"@id\":\"https:\\\/\\\/landioustravel.com\\\/de\\\/shop\\\/nil-bootsfahrt-safaga\\\/#local-main-organization-logo\"},\"sameAs\":[\"https:\\\/\\\/web.facebook.com\\\/landiousEgypt\",\"https:\\\/\\\/x.com\\\/LandiousTours\",\"https:\\\/\\\/mastodon.social\\\/@landious\"],\"legalName\":\"Landious Travel\",\"telephone\":[],\"openingHoursSpecification\":[{\"@type\":\"OpeningHoursSpecification\",\"dayOfWeek\":[\"Monday\",\"Tuesday\",\"Wednesday\",\"Thursday\",\"Friday\",\"Saturday\",\"Sunday\"],\"opens\":\"09:00\",\"closes\":\"17:00\"}]},{\"@type\":\"ImageObject\",\"inLanguage\":\"de\",\"@id\":\"https:\\\/\\\/landioustravel.com\\\/de\\\/shop\\\/nil-bootsfahrt-safaga\\\/#local-main-organization-logo\",\"url\":\"https:\\\/\\\/i0.wp.com\\\/landioustravel.com\\\/wp-content\\\/uploads\\\/2021\\\/06\\\/Landious-T.png?fit=500%2C500&ssl=1\",\"contentUrl\":\"https:\\\/\\\/i0.wp.com\\\/landioustravel.com\\\/wp-content\\\/uploads\\\/2021\\\/06\\\/Landious-T.png?fit=500%2C500&ssl=1\",\"width\":500,\"height\":500,\"caption\":\"Landious Travel\"}]}<\/script>\n<!-- \/ Yoast SEO Premium plugin. -->","yoast_head_json":{"title":"Nil Bootsfahrt Safaga","description":"Nil Bootsfahrt Safaga ist ein ausgezeichnetes Zusatzprogramm f\u00fcr Touristen, die Luxor von verschiedenen Zielen aus besuchen. Wir bieten diese Reise als","robots":{"index":"index","follow":"follow","max-snippet":"max-snippet:-1","max-image-preview":"max-image-preview:large","max-video-preview":"max-video-preview:-1"},"canonical":"https:\/\/landioustravel.com\/de\/shop\/nil-bootsfahrt-safaga\/","og_locale":"de_DE","og_type":"article","og_title":"Nil Bootsfahrt Safaga","og_description":"Landious Travel","og_url":"https:\/\/landioustravel.com\/de\/shop\/nil-bootsfahrt-safaga\/","og_site_name":"Landious Travel","article_publisher":"https:\/\/web.facebook.com\/landiousEgypt","article_modified_time":"2023-02-02T16:50:05+00:00","og_image":[{"width":1200,"height":675,"url":"https:\/\/i0.wp.com\/landioustravel.com\/wp-content\/uploads\/2022\/12\/Nile-Boat-Trip-Safaga-e1671380515196.jpg?fit=1200%2C675&ssl=1","type":"image\/jpeg"}],"twitter_card":"summary_large_image","twitter_site":"@LandiousTours","twitter_misc":{"Gesch\u00e4tzte Lesezeit":"5\u00a0Minuten"},"schema":{"@context":"https:\/\/schema.org","@graph":[{"@type":"WebPage","@id":"https:\/\/landioustravel.com\/de\/shop\/nil-bootsfahrt-safaga\/","url":"https:\/\/landioustravel.com\/de\/shop\/nil-bootsfahrt-safaga\/","name":"Nil Bootsfahrt Safaga","isPartOf":{"@id":"https:\/\/landioustravel.com\/de\/#website"},"primaryImageOfPage":{"@id":"https:\/\/landioustravel.com\/de\/shop\/nil-bootsfahrt-safaga\/#primaryimage"},"image":{"@id":"https:\/\/landioustravel.com\/de\/shop\/nil-bootsfahrt-safaga\/#primaryimage"},"thumbnailUrl":"https:\/\/i0.wp.com\/landioustravel.com\/wp-content\/uploads\/2022\/12\/Nile-Boat-Trip-Safaga-e1671380515196.jpg?fit=1200%2C675&ssl=1","datePublished":"2023-02-02T16:50:04+00:00","dateModified":"2023-02-02T16:50:05+00:00","description":"Nil Bootsfahrt Safaga ist ein ausgezeichnetes Zusatzprogramm f\u00fcr Touristen, die Luxor von verschiedenen Zielen aus besuchen. Wir bieten diese Reise als","breadcrumb":{"@id":"https:\/\/landioustravel.com\/de\/shop\/nil-bootsfahrt-safaga\/#breadcrumb"},"inLanguage":"de","potentialAction":[{"@type":"ReadAction","target":["https:\/\/landioustravel.com\/de\/shop\/nil-bootsfahrt-safaga\/"]}]},{"@type":"ImageObject","inLanguage":"de","@id":"https:\/\/landioustravel.com\/de\/shop\/nil-bootsfahrt-safaga\/#primaryimage","url":"https:\/\/i0.wp.com\/landioustravel.com\/wp-content\/uploads\/2022\/12\/Nile-Boat-Trip-Safaga-e1671380515196.jpg?fit=1200%2C675&ssl=1","contentUrl":"https:\/\/i0.wp.com\/landioustravel.com\/wp-content\/uploads\/2022\/12\/Nile-Boat-Trip-Safaga-e1671380515196.jpg?fit=1200%2C675&ssl=1","width":1200,"height":675,"caption":"Nile Boat Trip Safaga"},{"@type":"BreadcrumbList","@id":"https:\/\/landioustravel.com\/de\/shop\/nil-bootsfahrt-safaga\/#breadcrumb","itemListElement":[{"@type":"ListItem","position":1,"name":"Home","item":"https:\/\/landioustravel.com\/de\/"},{"@type":"ListItem","position":2,"name":"\u00c4gypten Touren","item":"https:\/\/landioustravel.com\/de\/"},{"@type":"ListItem","position":3,"name":"Nil Bootsfahrt Safaga"}]},{"@type":"WebSite","@id":"https:\/\/landioustravel.com\/de\/#website","url":"https:\/\/landioustravel.com\/de\/","name":"Landious Travel","description":"Excursions, trips and cruises in Egypt","publisher":{"@id":"https:\/\/landioustravel.com\/de\/#organization"},"potentialAction":[{"@type":"SearchAction","target":{"@type":"EntryPoint","urlTemplate":"https:\/\/landioustravel.com\/de\/?s={search_term_string}"},"query-input":{"@type":"PropertyValueSpecification","valueRequired":true,"valueName":"search_term_string"}}],"inLanguage":"de"},{"@type":["Organization","Place"],"@id":"https:\/\/landioustravel.com\/de\/#organization","name":"Landious Travel","alternateName":"Landious Travel","url":"https:\/\/landioustravel.com\/de\/","logo":{"@id":"https:\/\/landioustravel.com\/de\/shop\/nil-bootsfahrt-safaga\/#local-main-organization-logo"},"image":{"@id":"https:\/\/landioustravel.com\/de\/shop\/nil-bootsfahrt-safaga\/#local-main-organization-logo"},"sameAs":["https:\/\/web.facebook.com\/landiousEgypt","https:\/\/x.com\/LandiousTours","https:\/\/mastodon.social\/@landious"],"legalName":"Landious Travel","telephone":[],"openingHoursSpecification":[{"@type":"OpeningHoursSpecification","dayOfWeek":["Monday","Tuesday","Wednesday","Thursday","Friday","Saturday","Sunday"],"opens":"09:00","closes":"17:00"}]},{"@type":"ImageObject","inLanguage":"de","@id":"https:\/\/landioustravel.com\/de\/shop\/nil-bootsfahrt-safaga\/#local-main-organization-logo","url":"https:\/\/i0.wp.com\/landioustravel.com\/wp-content\/uploads\/2021\/06\/Landious-T.png?fit=500%2C500&ssl=1","contentUrl":"https:\/\/i0.wp.com\/landioustravel.com\/wp-content\/uploads\/2021\/06\/Landious-T.png?fit=500%2C500&ssl=1","width":500,"height":500,"caption":"Landious Travel"}]}},"jetpack_publicize_connections":[],"uagb_featured_image_src":{"full":["https:\/\/i0.wp.com\/landioustravel.com\/wp-content\/uploads\/2022\/12\/Nile-Boat-Trip-Safaga-e1671380515196.jpg?fit=1200%2C675&ssl=1",1200,675,false],"thumbnail":["https:\/\/i0.wp.com\/landioustravel.com\/wp-content\/uploads\/2022\/12\/Nile-Boat-Trip-Safaga-e1671380515196.jpg?resize=150%2C150&ssl=1",150,150,true],"medium":["https:\/\/i0.wp.com\/landioustravel.com\/wp-content\/uploads\/2022\/12\/Nile-Boat-Trip-Safaga-e1671380515196.jpg?fit=300%2C169&ssl=1",300,169,true],"medium_large":["https:\/\/i0.wp.com\/landioustravel.com\/wp-content\/uploads\/2022\/12\/Nile-Boat-Trip-Safaga-e1671380515196.jpg?fit=768%2C432&ssl=1",768,432,true],"large":["https:\/\/i0.wp.com\/landioustravel.com\/wp-content\/uploads\/2022\/12\/Nile-Boat-Trip-Safaga-e1671380515196.jpg?fit=980%2C551&ssl=1",980,551,true],"1536x1536":["https:\/\/i0.wp.com\/landioustravel.com\/wp-content\/uploads\/2022\/12\/Nile-Boat-Trip-Safaga-e1671380515196.jpg?fit=1200%2C675&ssl=1",1200,675,true],"2048x2048":["https:\/\/i0.wp.com\/landioustravel.com\/wp-content\/uploads\/2022\/12\/Nile-Boat-Trip-Safaga-e1671380515196.jpg?fit=1200%2C675&ssl=1",1200,675,true],"newspack-article-block-landscape-large":["https:\/\/i0.wp.com\/landioustravel.com\/wp-content\/uploads\/2022\/12\/Nile-Boat-Trip-Safaga-e1671380515196.jpg?resize=1200%2C675&ssl=1",1200,675,true],"newspack-article-block-portrait-large":["https:\/\/i0.wp.com\/landioustravel.com\/wp-content\/uploads\/2022\/12\/Nile-Boat-Trip-Safaga-e1671380515196.jpg?resize=900%2C675&ssl=1",900,675,true],"newspack-article-block-square-large":["https:\/\/i0.wp.com\/landioustravel.com\/wp-content\/uploads\/2022\/12\/Nile-Boat-Trip-Safaga-e1671380515196.jpg?resize=1200%2C675&ssl=1",1200,675,true],"newspack-article-block-landscape-medium":["https:\/\/i0.wp.com\/landioustravel.com\/wp-content\/uploads\/2022\/12\/Nile-Boat-Trip-Safaga-e1671380515196.jpg?resize=800%2C600&ssl=1",800,600,true],"newspack-article-block-portrait-medium":["https:\/\/i0.wp.com\/landioustravel.com\/wp-content\/uploads\/2022\/12\/Nile-Boat-Trip-Safaga-e1671380515196.jpg?resize=600%2C675&ssl=1",600,675,true],"newspack-article-block-square-medium":["https:\/\/i0.wp.com\/landioustravel.com\/wp-content\/uploads\/2022\/12\/Nile-Boat-Trip-Safaga-e1671380515196.jpg?resize=800%2C675&ssl=1",800,675,true],"newspack-article-block-landscape-intermediate":["https:\/\/i0.wp.com\/landioustravel.com\/wp-content\/uploads\/2022\/12\/Nile-Boat-Trip-Safaga-e1671380515196.jpg?resize=600%2C450&ssl=1",600,450,true],"newspack-article-block-portrait-intermediate":["https:\/\/i0.wp.com\/landioustravel.com\/wp-content\/uploads\/2022\/12\/Nile-Boat-Trip-Safaga-e1671380515196.jpg?resize=450%2C600&ssl=1",450,600,true],"newspack-article-block-square-intermediate":["https:\/\/i0.wp.com\/landioustravel.com\/wp-content\/uploads\/2022\/12\/Nile-Boat-Trip-Safaga-e1671380515196.jpg?resize=600%2C600&ssl=1",600,600,true],"newspack-article-block-landscape-small":["https:\/\/i0.wp.com\/landioustravel.com\/wp-content\/uploads\/2022\/12\/Nile-Boat-Trip-Safaga-e1671380515196.jpg?resize=400%2C300&ssl=1",400,300,true],"newspack-article-block-portrait-small":["https:\/\/i0.wp.com\/landioustravel.com\/wp-content\/uploads\/2022\/12\/Nile-Boat-Trip-Safaga-e1671380515196.jpg?resize=300%2C400&ssl=1",300,400,true],"newspack-article-block-square-small":["https:\/\/i0.wp.com\/landioustravel.com\/wp-content\/uploads\/2022\/12\/Nile-Boat-Trip-Safaga-e1671380515196.jpg?resize=400%2C400&ssl=1",400,400,true],"newspack-article-block-landscape-tiny":["https:\/\/i0.wp.com\/landioustravel.com\/wp-content\/uploads\/2022\/12\/Nile-Boat-Trip-Safaga-e1671380515196.jpg?resize=200%2C150&ssl=1",200,150,true],"newspack-article-block-portrait-tiny":["https:\/\/i0.wp.com\/landioustravel.com\/wp-content\/uploads\/2022\/12\/Nile-Boat-Trip-Safaga-e1671380515196.jpg?resize=150%2C200&ssl=1",150,200,true],"newspack-article-block-square-tiny":["https:\/\/i0.wp.com\/landioustravel.com\/wp-content\/uploads\/2022\/12\/Nile-Boat-Trip-Safaga-e1671380515196.jpg?resize=200%2C200&ssl=1",200,200,true],"newspack-article-block-uncropped":["https:\/\/i0.wp.com\/landioustravel.com\/wp-content\/uploads\/2022\/12\/Nile-Boat-Trip-Safaga-e1671380515196.jpg?fit=1200%2C675&ssl=1",1200,675,true],"woocommerce_thumbnail":["https:\/\/i0.wp.com\/landioustravel.com\/wp-content\/uploads\/2022\/12\/Nile-Boat-Trip-Safaga-e1671380515196.jpg?resize=324%2C324&ssl=1",324,324,true],"woocommerce_single":["https:\/\/i0.wp.com\/landioustravel.com\/wp-content\/uploads\/2022\/12\/Nile-Boat-Trip-Safaga-e1671380515196.jpg?fit=416%2C234&ssl=1",416,234,true],"woocommerce_gallery_thumbnail":["https:\/\/i0.wp.com\/landioustravel.com\/wp-content\/uploads\/2022\/12\/Nile-Boat-Trip-Safaga-e1671380515196.jpg?resize=100%2C100&ssl=1",100,100,true]},"uagb_author_info":{"display_name":"Mofreh Landious","author_link":"https:\/\/landioustravel.com\/de\/author\/"},"uagb_comment_info":0,"uagb_excerpt":"Die Nil-Bootsfahrt stellt ein zus\u00e4tzliches Programm dar, das Sie w\u00e4hrend Ihres Ausflugs in Luxor bewundernswert durchf\u00fchren k\u00f6nnen. Es erm\u00f6glicht Ihnen, die au\u00dfergew\u00f6hnliche Sch\u00f6nheit dieser Stadt am Nil zu bewundern. Es enth\u00e4lt prominent hervorragende Punkte mit einer Insellandung. Diese Reise ist ein optionales Programm, um von verschiedenen Zielen nach Luxor zu reisen. Auf dieser Nilfahrt segeln&hellip;","jetpack_sharing_enabled":true,"jetpack_likes_enabled":true,"amp_enabled":true,"_links":{"self":[{"href":"https:\/\/landioustravel.com\/de\/wp-json\/wp\/v2\/product\/135498","targetHints":{"allow":["GET"]}}],"collection":[{"href":"https:\/\/landioustravel.com\/de\/wp-json\/wp\/v2\/product"}],"about":[{"href":"https:\/\/landioustravel.com\/de\/wp-json\/wp\/v2\/types\/product"}],"replies":[{"embeddable":true,"href":"https:\/\/landioustravel.com\/de\/wp-json\/wp\/v2\/comments?post=135498"}],"wp:featuredmedia":[{"embeddable":true,"href":"https:\/\/landioustravel.com\/de\/wp-json\/wp\/v2\/media\/135499"}],"wp:attachment":[{"href":"https:\/\/landioustravel.com\/de\/wp-json\/wp\/v2\/media?parent=135498"}],"wp:term":[{"taxonomy":"product_brand","embeddable":true,"href":"https:\/\/landioustravel.com\/de\/wp-json\/wp\/v2\/product_brand?post=135498"},{"taxonomy":"product_cat","embeddable":true,"href":"https:\/\/landioustravel.com\/de\/wp-json\/wp\/v2\/product_cat?post=135498"},{"taxonomy":"product_tag","embeddable":true,"href":"https:\/\/landioustravel.com\/de\/wp-json\/wp\/v2\/product_tag?post=135498"}],"curies":[{"name":"wp","href":"https:\/\/api.w.org\/{rel}","templated":true}]}}