{"id":135580,"date":"2022-12-14T17:59:36","date_gmt":"2023-02-03T17:39:37","guid":{"rendered":"https:\/\/landioustravel.com\/?post_type=product&#038;p=135580"},"modified":"2023-06-20T06:18:37","modified_gmt":"2023-06-20T04:18:37","slug":"wadi-gemal-privatreise-marsa-alam","status":"publish","type":"product","link":"https:\/\/landioustravel.com\/de\/shop\/wadi-gemal-privatreise-marsa-alam\/","title":{"rendered":"Wadi Gemal Privatreise Marsa Alam"},"content":{"rendered":"<p>Wir empfehlen den <strong>Wadi el Gemal Privatreise Marsa Alam<\/strong>, da er es Touristen erm\u00f6glicht, das Meer und die W\u00fcste zu genie\u00dfen. Erkunden Sie den Nationalpark Wadi El Gemal: ein W\u00fcstengebiet mit einem relativ gr\u00fcnen und stark bewachsenen \u00d6kosystem, Heimat vieler seltener und gef\u00e4hrdeter Tiere. In diesem Wadi kann man mit etwas Gl\u00fcck wilde Dromedarherden und auch den Nachwuchs sehen. Dorka-Gazellen, Nubischer Steinbock, afrikanische (Wild-)Esel und M\u00e4hnenspringer sind dort anzutreffen.<\/p>\n<h2>H\u00f6hepunkte der Wadi El Gemal Individualreise von Marsa Alam<\/h2>\n<ul>\n<li>Schwimmen Sie am Strand von Hankurab im offenen Meer.<\/li>\n<li>Schnorcheln Sie mit Maske und Flossen im offenen Meer.<\/li>\n<li>Entdecken Sie das R\u00f6merdorf.<\/li>\n<li>Haben Sie auch ein BBQ-Dinner mitten in der W\u00fcste.<\/li>\n<\/ul>\n<h3>Programm des privaten Abenteuers Wadi El Gemal<\/h3>\n<ul>\n<li>Der Vertreter von Landious Travel holt Sie gegen 08:00 Uhr vom Hotel in Marsa Alam ab.<\/li>\n<li>Nachdem Sie alle Ank\u00f6mmlinge abgeholt haben, beginnt das Abenteuer mit der Fahrt in das ber\u00fchmte Tal der Kamele mit dem 4\u00d74-Jeep, Marsa Alam City. Der Weg zur ersten Haltestelle dauert etwa eine Stunde.<\/li>\n<\/ul>\n<h3>Hankurab-Strand<\/h3>\n<ul>\n<li>Wir fahren 70,4 km s\u00fcdlich von Marsa Alam zum Strand von Hankurab, Sharm el Lulli. Sie verbringen 1 Stunde mit Schnorcheln und Spazierengehen am fantastischen Strand.<\/li>\n<\/ul>\n<h3>Wadi el Qulaan<\/h3>\n<ul>\n<li>Dann fahren wir 8,5 km bis zur zweiten Stufe (Wadi el Qulaan), wo die Mangrovenb\u00e4ume im seichten Wasser des Wadi el Qulaan spazieren gehen.<\/li>\n<li>Genie\u00dfen Sie das Mittagessen im Wadi el Qulaan.<\/li>\n<li>Nach dem Mittagessen beginnen wir unser Safari-Abenteuer in der W\u00fcste. Wir machen den ersten Halt f\u00fcr einen einzigartigen Panoramablick, um Ihnen die Sch\u00f6nheit der W\u00fcste zu zeigen.<\/li>\n<li>Mit dem Jeep fahren wir weiter zu unserem zweiten Stopp, wo unser professioneller Guide Sie mit dem ber\u00fchmten Akazienbaum verw\u00f6hnen wird.<\/li>\n<\/ul>\n<h3>Kamelschlucht<\/h3>\n<ul>\n<li>Wir werden den Camel Canyon besuchen, um zu einer nat\u00fcrlichen Wasserquelle zu wandern.<\/li>\n<\/ul>\n<h3>R\u00f6misches Dorf<\/h3>\n<ul>\n<li>Im r\u00f6mischen Dorf zeigt Ihnen unser Guide die Geschichte des antiken r\u00f6mischen Tempels, der Smaragdmine und der H\u00e4user der alten Bergleute.<\/li>\n<\/ul>\n<h3>BBQ-Abendessen<\/h3>\n<ul>\n<li>Wir werden unseren Tag auch mit einem leckeren BBQ-Dinner mitten in der W\u00fcste genie\u00dfen.<\/li>\n<\/ul>\n<h3>Zur\u00fcck zuhause<\/h3>\n<ul>\n<li>Nach einer so fantastischen Reise nach Wadi El Gemal kehrt unser Bus schlie\u00dflich zu Ihrem Hotel zur\u00fcck.<\/li>\n<li>Diese Wadi El Gemal Private Trip Marsa Alam endet gegen 20:00 Uhr.<\/li>\n<\/ul>\n<h2>Was beinhaltet der Preis der Wadi El Gemal Jeep Safari Marsa Alam?<\/h2>\n<ul>\n<li>Individuelle F\u00fchrung<\/li>\n<li>BBQ-Abendessen<\/li>\n<li>Getr\u00e4nke<\/li>\n<li>Au\u00dferdem privater Transfer mit einem 4X4 Land Cruiser Jeep nach Wadi El Gemal und zur\u00fcck zum Hotel.<\/li>\n<\/ul>\n<h2>Was beinhaltet das Programm der Wadi El Gemal Privatreise nach Marsa Alam nicht?<\/h2>\n<ul>\n<li>Eintrittsgeb\u00fchr (10 USD pro Person)<\/li>\n<li>Schnorchelausr\u00fcstung.<\/li>\n<li>Video-DVD.<\/li>\n<li>Auch die Foto-CD.<\/li>\n<\/ul>\n<h2>Was sollten Sie f\u00fcr die Reise nach Wadi El Gemal mitnehmen?<\/h2>\n<ul>\n<li>Schnorchelausr\u00fcstung.<\/li>\n<li>Handtuch.<\/li>\n<li>Sonnenbrille.<\/li>\n<li>Au\u00dferdem Sonnencreme.<\/li>\n<\/ul>\n<h2>Buchungstage Wadi El Gemal Einzelausflug Marsa Alam<\/h2>\n<ul>\n<li>T\u00e4glich von 08:00 \u2013 20:00 Uhr.<\/li>\n<\/ul>\n","protected":false},"excerpt":{"rendered":"<p>Begeben Sie sich auf ein Abenteuer Ihres Lebens mit einer privaten Reise von Marsa Alam ins Wadi El Gemal! Machen Sie sich bereit, den atemberaubenden Nationalpark Wadi El Gemal zu erkunden und tauchen Sie ein in die Wunder seiner reichen Tierwelt. Nehmen Sie ein Bad im kristallklaren Wasser von Sharm el Lulli, genie\u00dfen Sie die atemberaubende Sch\u00f6nheit des Mangrovenstrandes von Wadi el Qulaan und genie\u00dfen Sie eine k\u00f6stliche Mahlzeit zwischen den majest\u00e4tischen Bergen. Mit dem Wadi El Gemal-Abenteuer erleben Sie eine unvergessliche Safari-Tour mit den Beduinen und erleben den Nervenkitzel Ihres Lebens. Warum also warten? Buchen Sie noch heute Ihre private Reise und entdecken Sie die verborgenen Sch\u00e4tze des Nationalparks Wadi El Gemal!<\/p>\n","protected":false},"featured_media":135581,"comment_status":"open","ping_status":"closed","template":"","meta":{"_coblocks_attr":"","_coblocks_dimensions":"","_coblocks_responsive_height":"","_coblocks_accordion_ie_support":"","_uag_custom_page_level_css":"","jetpack_publicize_message":"","jetpack_publicize_feature_enabled":true,"jetpack_social_post_already_shared":true,"jetpack_social_options":{"image_generator_settings":{"template":"highway","default_image_id":0,"font":"","enabled":false},"version":2},"_wpas_customize_per_network":false},"product_brand":[],"product_cat":[9085],"product_tag":[1653,9906,1844,19039,1777,2177,1778,2113],"class_list":{"0":"post-135580","1":"product","2":"type-product","3":"status-publish","4":"has-post-thumbnail","6":"product_cat-individuelle-ausfluege-marsa-alam","7":"product_tag-ausflug","8":"product_tag-besichtigung","9":"product_tag-bootsausfluge","10":"product_tag-jeepsafari-de","11":"product_tag-meer","12":"product_tag-safari-de","13":"product_tag-schnorcheln","14":"product_tag-wustensafari","16":"first","17":"instock","18":"sale","19":"taxable","20":"shipping-taxable","21":"purchasable","22":"product-type-variable"},"yoast_head":"<!-- This site is optimized with the Yoast SEO Premium plugin v27.5 (Yoast SEO v27.5) - https:\/\/yoast.com\/product\/yoast-seo-premium-wordpress\/ -->\n<title>Wadi Gemal Privatreise Marsa Alam<\/title>\n<meta name=\"description\" content=\"Wadi Gemal Privatreise Marsa Alam da er es Touristen erm\u00f6glicht, das Meer und die W\u00fcste zu genie\u00dfen. Erkunden Sie den Nationalpark Wadi El Gemal: ein\" \/>\n<meta name=\"robots\" content=\"index, follow, max-snippet:-1, max-image-preview:large, max-video-preview:-1\" \/>\n<link rel=\"canonical\" href=\"https:\/\/landioustravel.com\/de\/shop\/wadi-gemal-privatreise-marsa-alam\/\" \/>\n<meta property=\"og:locale\" content=\"de_DE\" \/>\n<meta property=\"og:type\" content=\"article\" \/>\n<meta property=\"og:title\" content=\"Wadi Gemal Privatreise Marsa Alam\" \/>\n<meta property=\"og:description\" content=\"Landious Travel\" \/>\n<meta property=\"og:url\" content=\"https:\/\/landioustravel.com\/de\/shop\/wadi-gemal-privatreise-marsa-alam\/\" \/>\n<meta property=\"og:site_name\" content=\"Landious Travel\" \/>\n<meta property=\"article:publisher\" content=\"https:\/\/web.facebook.com\/landiousEgypt\" \/>\n<meta property=\"article:modified_time\" content=\"2023-06-20T04:18:37+00:00\" \/>\n<meta property=\"og:image\" content=\"https:\/\/i0.wp.com\/landioustravel.com\/wp-content\/uploads\/2022\/12\/Wadi-el-Gemal-Private-Trip-Marsa-Alam-e1671033264756.jpg?fit=1200%2C675&ssl=1\" \/>\n\t<meta property=\"og:image:width\" content=\"1200\" \/>\n\t<meta property=\"og:image:height\" content=\"675\" \/>\n\t<meta property=\"og:image:type\" content=\"image\/jpeg\" \/>\n<meta name=\"twitter:card\" content=\"summary_large_image\" \/>\n<meta name=\"twitter:site\" content=\"@LandiousTours\" \/>\n<meta name=\"twitter:label1\" content=\"Gesch\u00e4tzte Lesezeit\" \/>\n\t<meta name=\"twitter:data1\" content=\"2\u00a0Minuten\" \/>\n<script type=\"application\/ld+json\" class=\"yoast-schema-graph\">{\"@context\":\"https:\\\/\\\/schema.org\",\"@graph\":[{\"@type\":\"WebPage\",\"@id\":\"https:\\\/\\\/landioustravel.com\\\/de\\\/shop\\\/wadi-gemal-privatreise-marsa-alam\\\/\",\"url\":\"https:\\\/\\\/landioustravel.com\\\/de\\\/shop\\\/wadi-gemal-privatreise-marsa-alam\\\/\",\"name\":\"Wadi Gemal Privatreise Marsa Alam\",\"isPartOf\":{\"@id\":\"https:\\\/\\\/landioustravel.com\\\/de\\\/#website\"},\"primaryImageOfPage\":{\"@id\":\"https:\\\/\\\/landioustravel.com\\\/de\\\/shop\\\/wadi-gemal-privatreise-marsa-alam\\\/#primaryimage\"},\"image\":{\"@id\":\"https:\\\/\\\/landioustravel.com\\\/de\\\/shop\\\/wadi-gemal-privatreise-marsa-alam\\\/#primaryimage\"},\"thumbnailUrl\":\"https:\\\/\\\/i0.wp.com\\\/landioustravel.com\\\/wp-content\\\/uploads\\\/2022\\\/12\\\/Wadi-el-Gemal-Private-Trip-Marsa-Alam-e1671033264756.jpg?fit=1200%2C675&ssl=1\",\"datePublished\":\"2023-02-03T17:39:37+00:00\",\"dateModified\":\"2023-06-20T04:18:37+00:00\",\"description\":\"Wadi Gemal Privatreise Marsa Alam da er es Touristen erm\u00f6glicht, das Meer und die W\u00fcste zu genie\u00dfen. Erkunden Sie den Nationalpark Wadi El Gemal: ein\",\"breadcrumb\":{\"@id\":\"https:\\\/\\\/landioustravel.com\\\/de\\\/shop\\\/wadi-gemal-privatreise-marsa-alam\\\/#breadcrumb\"},\"inLanguage\":\"de\",\"potentialAction\":[{\"@type\":\"ReadAction\",\"target\":[\"https:\\\/\\\/landioustravel.com\\\/de\\\/shop\\\/wadi-gemal-privatreise-marsa-alam\\\/\"]}]},{\"@type\":\"ImageObject\",\"inLanguage\":\"de\",\"@id\":\"https:\\\/\\\/landioustravel.com\\\/de\\\/shop\\\/wadi-gemal-privatreise-marsa-alam\\\/#primaryimage\",\"url\":\"https:\\\/\\\/i0.wp.com\\\/landioustravel.com\\\/wp-content\\\/uploads\\\/2022\\\/12\\\/Wadi-el-Gemal-Private-Trip-Marsa-Alam-e1671033264756.jpg?fit=1200%2C675&ssl=1\",\"contentUrl\":\"https:\\\/\\\/i0.wp.com\\\/landioustravel.com\\\/wp-content\\\/uploads\\\/2022\\\/12\\\/Wadi-el-Gemal-Private-Trip-Marsa-Alam-e1671033264756.jpg?fit=1200%2C675&ssl=1\",\"width\":1200,\"height\":675,\"caption\":\"Wadi el Gemal Private Trip Marsa Alam\"},{\"@type\":\"BreadcrumbList\",\"@id\":\"https:\\\/\\\/landioustravel.com\\\/de\\\/shop\\\/wadi-gemal-privatreise-marsa-alam\\\/#breadcrumb\",\"itemListElement\":[{\"@type\":\"ListItem\",\"position\":1,\"name\":\"Home\",\"item\":\"https:\\\/\\\/landioustravel.com\\\/de\\\/\"},{\"@type\":\"ListItem\",\"position\":2,\"name\":\"\u00c4gypten Touren\",\"item\":\"https:\\\/\\\/landioustravel.com\\\/de\\\/\"},{\"@type\":\"ListItem\",\"position\":3,\"name\":\"Wadi Gemal Privatreise Marsa Alam\"}]},{\"@type\":\"WebSite\",\"@id\":\"https:\\\/\\\/landioustravel.com\\\/de\\\/#website\",\"url\":\"https:\\\/\\\/landioustravel.com\\\/de\\\/\",\"name\":\"Landious Travel\",\"description\":\"Excursions, trips and cruises in Egypt\",\"publisher\":{\"@id\":\"https:\\\/\\\/landioustravel.com\\\/de\\\/#organization\"},\"potentialAction\":[{\"@type\":\"SearchAction\",\"target\":{\"@type\":\"EntryPoint\",\"urlTemplate\":\"https:\\\/\\\/landioustravel.com\\\/de\\\/?s={search_term_string}\"},\"query-input\":{\"@type\":\"PropertyValueSpecification\",\"valueRequired\":true,\"valueName\":\"search_term_string\"}}],\"inLanguage\":\"de\"},{\"@type\":[\"Organization\",\"Place\"],\"@id\":\"https:\\\/\\\/landioustravel.com\\\/de\\\/#organization\",\"name\":\"Landious Travel\",\"alternateName\":\"Landious Travel\",\"url\":\"https:\\\/\\\/landioustravel.com\\\/de\\\/\",\"logo\":{\"@id\":\"https:\\\/\\\/landioustravel.com\\\/de\\\/shop\\\/wadi-gemal-privatreise-marsa-alam\\\/#local-main-organization-logo\"},\"image\":{\"@id\":\"https:\\\/\\\/landioustravel.com\\\/de\\\/shop\\\/wadi-gemal-privatreise-marsa-alam\\\/#local-main-organization-logo\"},\"sameAs\":[\"https:\\\/\\\/web.facebook.com\\\/landiousEgypt\",\"https:\\\/\\\/x.com\\\/LandiousTours\",\"https:\\\/\\\/mastodon.social\\\/@landious\"],\"legalName\":\"Landious Travel\",\"telephone\":[],\"openingHoursSpecification\":[{\"@type\":\"OpeningHoursSpecification\",\"dayOfWeek\":[\"Monday\",\"Tuesday\",\"Wednesday\",\"Thursday\",\"Friday\",\"Saturday\",\"Sunday\"],\"opens\":\"09:00\",\"closes\":\"17:00\"}]},{\"@type\":\"ImageObject\",\"inLanguage\":\"de\",\"@id\":\"https:\\\/\\\/landioustravel.com\\\/de\\\/shop\\\/wadi-gemal-privatreise-marsa-alam\\\/#local-main-organization-logo\",\"url\":\"https:\\\/\\\/i0.wp.com\\\/landioustravel.com\\\/wp-content\\\/uploads\\\/2021\\\/06\\\/Landious-T.png?fit=500%2C500&ssl=1\",\"contentUrl\":\"https:\\\/\\\/i0.wp.com\\\/landioustravel.com\\\/wp-content\\\/uploads\\\/2021\\\/06\\\/Landious-T.png?fit=500%2C500&ssl=1\",\"width\":500,\"height\":500,\"caption\":\"Landious Travel\"}]}<\/script>\n<!-- \/ Yoast SEO Premium plugin. -->","yoast_head_json":{"title":"Wadi Gemal Privatreise Marsa Alam","description":"Wadi Gemal Privatreise Marsa Alam da er es Touristen erm\u00f6glicht, das Meer und die W\u00fcste zu genie\u00dfen. Erkunden Sie den Nationalpark Wadi El Gemal: ein","robots":{"index":"index","follow":"follow","max-snippet":"max-snippet:-1","max-image-preview":"max-image-preview:large","max-video-preview":"max-video-preview:-1"},"canonical":"https:\/\/landioustravel.com\/de\/shop\/wadi-gemal-privatreise-marsa-alam\/","og_locale":"de_DE","og_type":"article","og_title":"Wadi Gemal Privatreise Marsa Alam","og_description":"Landious Travel","og_url":"https:\/\/landioustravel.com\/de\/shop\/wadi-gemal-privatreise-marsa-alam\/","og_site_name":"Landious Travel","article_publisher":"https:\/\/web.facebook.com\/landiousEgypt","article_modified_time":"2023-06-20T04:18:37+00:00","og_image":[{"width":1200,"height":675,"url":"https:\/\/i0.wp.com\/landioustravel.com\/wp-content\/uploads\/2022\/12\/Wadi-el-Gemal-Private-Trip-Marsa-Alam-e1671033264756.jpg?fit=1200%2C675&ssl=1","type":"image\/jpeg"}],"twitter_card":"summary_large_image","twitter_site":"@LandiousTours","twitter_misc":{"Gesch\u00e4tzte Lesezeit":"2\u00a0Minuten"},"schema":{"@context":"https:\/\/schema.org","@graph":[{"@type":"WebPage","@id":"https:\/\/landioustravel.com\/de\/shop\/wadi-gemal-privatreise-marsa-alam\/","url":"https:\/\/landioustravel.com\/de\/shop\/wadi-gemal-privatreise-marsa-alam\/","name":"Wadi Gemal Privatreise Marsa Alam","isPartOf":{"@id":"https:\/\/landioustravel.com\/de\/#website"},"primaryImageOfPage":{"@id":"https:\/\/landioustravel.com\/de\/shop\/wadi-gemal-privatreise-marsa-alam\/#primaryimage"},"image":{"@id":"https:\/\/landioustravel.com\/de\/shop\/wadi-gemal-privatreise-marsa-alam\/#primaryimage"},"thumbnailUrl":"https:\/\/i0.wp.com\/landioustravel.com\/wp-content\/uploads\/2022\/12\/Wadi-el-Gemal-Private-Trip-Marsa-Alam-e1671033264756.jpg?fit=1200%2C675&ssl=1","datePublished":"2023-02-03T17:39:37+00:00","dateModified":"2023-06-20T04:18:37+00:00","description":"Wadi Gemal Privatreise Marsa Alam da er es Touristen erm\u00f6glicht, das Meer und die W\u00fcste zu genie\u00dfen. Erkunden Sie den Nationalpark Wadi El Gemal: ein","breadcrumb":{"@id":"https:\/\/landioustravel.com\/de\/shop\/wadi-gemal-privatreise-marsa-alam\/#breadcrumb"},"inLanguage":"de","potentialAction":[{"@type":"ReadAction","target":["https:\/\/landioustravel.com\/de\/shop\/wadi-gemal-privatreise-marsa-alam\/"]}]},{"@type":"ImageObject","inLanguage":"de","@id":"https:\/\/landioustravel.com\/de\/shop\/wadi-gemal-privatreise-marsa-alam\/#primaryimage","url":"https:\/\/i0.wp.com\/landioustravel.com\/wp-content\/uploads\/2022\/12\/Wadi-el-Gemal-Private-Trip-Marsa-Alam-e1671033264756.jpg?fit=1200%2C675&ssl=1","contentUrl":"https:\/\/i0.wp.com\/landioustravel.com\/wp-content\/uploads\/2022\/12\/Wadi-el-Gemal-Private-Trip-Marsa-Alam-e1671033264756.jpg?fit=1200%2C675&ssl=1","width":1200,"height":675,"caption":"Wadi el Gemal Private Trip Marsa Alam"},{"@type":"BreadcrumbList","@id":"https:\/\/landioustravel.com\/de\/shop\/wadi-gemal-privatreise-marsa-alam\/#breadcrumb","itemListElement":[{"@type":"ListItem","position":1,"name":"Home","item":"https:\/\/landioustravel.com\/de\/"},{"@type":"ListItem","position":2,"name":"\u00c4gypten Touren","item":"https:\/\/landioustravel.com\/de\/"},{"@type":"ListItem","position":3,"name":"Wadi Gemal Privatreise Marsa Alam"}]},{"@type":"WebSite","@id":"https:\/\/landioustravel.com\/de\/#website","url":"https:\/\/landioustravel.com\/de\/","name":"Landious Travel","description":"Excursions, trips and cruises in Egypt","publisher":{"@id":"https:\/\/landioustravel.com\/de\/#organization"},"potentialAction":[{"@type":"SearchAction","target":{"@type":"EntryPoint","urlTemplate":"https:\/\/landioustravel.com\/de\/?s={search_term_string}"},"query-input":{"@type":"PropertyValueSpecification","valueRequired":true,"valueName":"search_term_string"}}],"inLanguage":"de"},{"@type":["Organization","Place"],"@id":"https:\/\/landioustravel.com\/de\/#organization","name":"Landious Travel","alternateName":"Landious Travel","url":"https:\/\/landioustravel.com\/de\/","logo":{"@id":"https:\/\/landioustravel.com\/de\/shop\/wadi-gemal-privatreise-marsa-alam\/#local-main-organization-logo"},"image":{"@id":"https:\/\/landioustravel.com\/de\/shop\/wadi-gemal-privatreise-marsa-alam\/#local-main-organization-logo"},"sameAs":["https:\/\/web.facebook.com\/landiousEgypt","https:\/\/x.com\/LandiousTours","https:\/\/mastodon.social\/@landious"],"legalName":"Landious Travel","telephone":[],"openingHoursSpecification":[{"@type":"OpeningHoursSpecification","dayOfWeek":["Monday","Tuesday","Wednesday","Thursday","Friday","Saturday","Sunday"],"opens":"09:00","closes":"17:00"}]},{"@type":"ImageObject","inLanguage":"de","@id":"https:\/\/landioustravel.com\/de\/shop\/wadi-gemal-privatreise-marsa-alam\/#local-main-organization-logo","url":"https:\/\/i0.wp.com\/landioustravel.com\/wp-content\/uploads\/2021\/06\/Landious-T.png?fit=500%2C500&ssl=1","contentUrl":"https:\/\/i0.wp.com\/landioustravel.com\/wp-content\/uploads\/2021\/06\/Landious-T.png?fit=500%2C500&ssl=1","width":500,"height":500,"caption":"Landious Travel"}]}},"jetpack_publicize_connections":[],"uagb_featured_image_src":{"full":["https:\/\/i0.wp.com\/landioustravel.com\/wp-content\/uploads\/2022\/12\/Wadi-el-Gemal-Private-Trip-Marsa-Alam-e1671033264756.jpg?fit=1200%2C675&ssl=1",1200,675,false],"thumbnail":["https:\/\/i0.wp.com\/landioustravel.com\/wp-content\/uploads\/2022\/12\/Wadi-el-Gemal-Private-Trip-Marsa-Alam-e1671033264756.jpg?resize=150%2C150&ssl=1",150,150,true],"medium":["https:\/\/i0.wp.com\/landioustravel.com\/wp-content\/uploads\/2022\/12\/Wadi-el-Gemal-Private-Trip-Marsa-Alam-e1671033264756.jpg?fit=300%2C169&ssl=1",300,169,true],"medium_large":["https:\/\/i0.wp.com\/landioustravel.com\/wp-content\/uploads\/2022\/12\/Wadi-el-Gemal-Private-Trip-Marsa-Alam-e1671033264756.jpg?fit=768%2C432&ssl=1",768,432,true],"large":["https:\/\/i0.wp.com\/landioustravel.com\/wp-content\/uploads\/2022\/12\/Wadi-el-Gemal-Private-Trip-Marsa-Alam-e1671033264756.jpg?fit=980%2C551&ssl=1",980,551,true],"1536x1536":["https:\/\/i0.wp.com\/landioustravel.com\/wp-content\/uploads\/2022\/12\/Wadi-el-Gemal-Private-Trip-Marsa-Alam-e1671033264756.jpg?fit=1200%2C675&ssl=1",1200,675,true],"2048x2048":["https:\/\/i0.wp.com\/landioustravel.com\/wp-content\/uploads\/2022\/12\/Wadi-el-Gemal-Private-Trip-Marsa-Alam-e1671033264756.jpg?fit=1200%2C675&ssl=1",1200,675,true],"newspack-article-block-landscape-large":["https:\/\/i0.wp.com\/landioustravel.com\/wp-content\/uploads\/2022\/12\/Wadi-el-Gemal-Private-Trip-Marsa-Alam-e1671033264756.jpg?resize=1200%2C675&ssl=1",1200,675,true],"newspack-article-block-portrait-large":["https:\/\/i0.wp.com\/landioustravel.com\/wp-content\/uploads\/2022\/12\/Wadi-el-Gemal-Private-Trip-Marsa-Alam-e1671033264756.jpg?resize=900%2C675&ssl=1",900,675,true],"newspack-article-block-square-large":["https:\/\/i0.wp.com\/landioustravel.com\/wp-content\/uploads\/2022\/12\/Wadi-el-Gemal-Private-Trip-Marsa-Alam-e1671033264756.jpg?resize=1200%2C675&ssl=1",1200,675,true],"newspack-article-block-landscape-medium":["https:\/\/i0.wp.com\/landioustravel.com\/wp-content\/uploads\/2022\/12\/Wadi-el-Gemal-Private-Trip-Marsa-Alam-e1671033264756.jpg?resize=800%2C600&ssl=1",800,600,true],"newspack-article-block-portrait-medium":["https:\/\/i0.wp.com\/landioustravel.com\/wp-content\/uploads\/2022\/12\/Wadi-el-Gemal-Private-Trip-Marsa-Alam-e1671033264756.jpg?resize=600%2C675&ssl=1",600,675,true],"newspack-article-block-square-medium":["https:\/\/i0.wp.com\/landioustravel.com\/wp-content\/uploads\/2022\/12\/Wadi-el-Gemal-Private-Trip-Marsa-Alam-e1671033264756.jpg?resize=800%2C675&ssl=1",800,675,true],"newspack-article-block-landscape-intermediate":["https:\/\/i0.wp.com\/landioustravel.com\/wp-content\/uploads\/2022\/12\/Wadi-el-Gemal-Private-Trip-Marsa-Alam-e1671033264756.jpg?resize=600%2C450&ssl=1",600,450,true],"newspack-article-block-portrait-intermediate":["https:\/\/i0.wp.com\/landioustravel.com\/wp-content\/uploads\/2022\/12\/Wadi-el-Gemal-Private-Trip-Marsa-Alam-e1671033264756.jpg?resize=450%2C600&ssl=1",450,600,true],"newspack-article-block-square-intermediate":["https:\/\/i0.wp.com\/landioustravel.com\/wp-content\/uploads\/2022\/12\/Wadi-el-Gemal-Private-Trip-Marsa-Alam-e1671033264756.jpg?resize=600%2C600&ssl=1",600,600,true],"newspack-article-block-landscape-small":["https:\/\/i0.wp.com\/landioustravel.com\/wp-content\/uploads\/2022\/12\/Wadi-el-Gemal-Private-Trip-Marsa-Alam-e1671033264756.jpg?resize=400%2C300&ssl=1",400,300,true],"newspack-article-block-portrait-small":["https:\/\/i0.wp.com\/landioustravel.com\/wp-content\/uploads\/2022\/12\/Wadi-el-Gemal-Private-Trip-Marsa-Alam-e1671033264756.jpg?resize=300%2C400&ssl=1",300,400,true],"newspack-article-block-square-small":["https:\/\/i0.wp.com\/landioustravel.com\/wp-content\/uploads\/2022\/12\/Wadi-el-Gemal-Private-Trip-Marsa-Alam-e1671033264756.jpg?resize=400%2C400&ssl=1",400,400,true],"newspack-article-block-landscape-tiny":["https:\/\/i0.wp.com\/landioustravel.com\/wp-content\/uploads\/2022\/12\/Wadi-el-Gemal-Private-Trip-Marsa-Alam-e1671033264756.jpg?resize=200%2C150&ssl=1",200,150,true],"newspack-article-block-portrait-tiny":["https:\/\/i0.wp.com\/landioustravel.com\/wp-content\/uploads\/2022\/12\/Wadi-el-Gemal-Private-Trip-Marsa-Alam-e1671033264756.jpg?resize=150%2C200&ssl=1",150,200,true],"newspack-article-block-square-tiny":["https:\/\/i0.wp.com\/landioustravel.com\/wp-content\/uploads\/2022\/12\/Wadi-el-Gemal-Private-Trip-Marsa-Alam-e1671033264756.jpg?resize=200%2C200&ssl=1",200,200,true],"newspack-article-block-uncropped":["https:\/\/i0.wp.com\/landioustravel.com\/wp-content\/uploads\/2022\/12\/Wadi-el-Gemal-Private-Trip-Marsa-Alam-e1671033264756.jpg?fit=1200%2C675&ssl=1",1200,675,true],"woocommerce_thumbnail":["https:\/\/i0.wp.com\/landioustravel.com\/wp-content\/uploads\/2022\/12\/Wadi-el-Gemal-Private-Trip-Marsa-Alam-e1671033264756.jpg?resize=324%2C324&ssl=1",324,324,true],"woocommerce_single":["https:\/\/i0.wp.com\/landioustravel.com\/wp-content\/uploads\/2022\/12\/Wadi-el-Gemal-Private-Trip-Marsa-Alam-e1671033264756.jpg?fit=416%2C234&ssl=1",416,234,true],"woocommerce_gallery_thumbnail":["https:\/\/i0.wp.com\/landioustravel.com\/wp-content\/uploads\/2022\/12\/Wadi-el-Gemal-Private-Trip-Marsa-Alam-e1671033264756.jpg?resize=100%2C100&ssl=1",100,100,true]},"uagb_author_info":{"display_name":"Mofreh Landious","author_link":"https:\/\/landioustravel.com\/de\/author\/"},"uagb_comment_info":0,"uagb_excerpt":"Begeben Sie sich auf ein Abenteuer Ihres Lebens mit einer privaten Reise von Marsa Alam ins Wadi El Gemal! Machen Sie sich bereit, den atemberaubenden Nationalpark Wadi El Gemal zu erkunden und tauchen Sie ein in die Wunder seiner reichen Tierwelt. Nehmen Sie ein Bad im kristallklaren Wasser von Sharm el Lulli, genie\u00dfen Sie die&hellip;","jetpack_sharing_enabled":true,"jetpack_likes_enabled":true,"amp_enabled":true,"_links":{"self":[{"href":"https:\/\/landioustravel.com\/de\/wp-json\/wp\/v2\/product\/135580","targetHints":{"allow":["GET"]}}],"collection":[{"href":"https:\/\/landioustravel.com\/de\/wp-json\/wp\/v2\/product"}],"about":[{"href":"https:\/\/landioustravel.com\/de\/wp-json\/wp\/v2\/types\/product"}],"replies":[{"embeddable":true,"href":"https:\/\/landioustravel.com\/de\/wp-json\/wp\/v2\/comments?post=135580"}],"wp:featuredmedia":[{"embeddable":true,"href":"https:\/\/landioustravel.com\/de\/wp-json\/wp\/v2\/media\/135581"}],"wp:attachment":[{"href":"https:\/\/landioustravel.com\/de\/wp-json\/wp\/v2\/media?parent=135580"}],"wp:term":[{"taxonomy":"product_brand","embeddable":true,"href":"https:\/\/landioustravel.com\/de\/wp-json\/wp\/v2\/product_brand?post=135580"},{"taxonomy":"product_cat","embeddable":true,"href":"https:\/\/landioustravel.com\/de\/wp-json\/wp\/v2\/product_cat?post=135580"},{"taxonomy":"product_tag","embeddable":true,"href":"https:\/\/landioustravel.com\/de\/wp-json\/wp\/v2\/product_tag?post=135580"}],"curies":[{"name":"wp","href":"https:\/\/api.w.org\/{rel}","templated":true}]}}