{"id":135585,"date":"2022-12-13T19:37:10","date_gmt":"2023-02-03T20:40:34","guid":{"rendered":"https:\/\/landioustravel.com\/?post_type=product&#038;p=135585"},"modified":"2023-06-20T06:40:41","modified_gmt":"2023-06-20T04:40:41","slug":"abu-dabbab-strandausflug-alam","status":"publish","type":"product","link":"https:\/\/landioustravel.com\/de\/shop\/abu-dabbab-strandausflug-alam\/","title":{"rendered":"Abu Dabbab Strandausflug Marsa Alam"},"content":{"rendered":"<p>Entdecken Sie eines der faszinierenden Schnorchel- und Tauchgebiete in Marsa Alam und schwimmen Sie mit Meeresschildkr\u00f6ten. Ein fesselndes Erlebnis f\u00fcr die ganze Familie. <strong>Abu Dabbab Strandausflug Marsa Alam<\/strong> ist ein ganzt\u00e4giger Schnorchelausflug zum Abu Dabbab Beach von Marsa Alam, \u00c4gypten! Wir empfehlen diese Reise, weil sie es Touristen erm\u00f6glicht, eine gute Zeit auf See zu verbringen. Au\u00dferdem k\u00f6nnen Sie wundersch\u00f6ne Korallenriffe und eine Vielzahl von Fischen sehen.<\/p>\n<h2>H\u00f6hepunkte des Strandausflugs von Abu Dabbab nach Marsa Alam<\/h2>\n<ul>\n<li>Schwimmen Sie am Strand von Abu Dabab im offenen Meer.<\/li>\n<li>Schnorcheln Sie mit Maske und Flossen im offenen Meer.<\/li>\n<li>Essen Sie auch am Strand zu Mittag.<\/li>\n<\/ul>\n<h2>Programm des ganzt\u00e4gigen Schnorchelns nach Abu Dabbab<\/h2>\n<ul>\n<li>Der Vertreter von Landious Travel holt Sie gegen 08:00 Uhr vom Hotel in Marsa Alam ab.<\/li>\n<li>Nachdem alle Ank\u00f6mmlinge abgeholt wurden, f\u00e4hrt der Bus nach Abu Dabbab Beach, Marsa Alam City. Der Weg zum Abu Dabbab Beach dauert etwa eine Stunde.<\/li>\n<li>Dann kommt Ihre n\u00e4chste Station. Dieser Stopp wird am traumhaften Strand von Abu Dabab sein. Dieser Strand verf\u00fcgt \u00fcber alle Einrichtungen \u2013 Sonnenschirme, Liegen, ein Restaurant, eine Snackbar und Toiletten.<\/li>\n<li>Am Strand von Abu Dabab verbringen Sie 5 Stunden. So haben Sie gen\u00fcgend Zeit zu schwimmen, die Sonne zu genie\u00dfen und sch\u00f6ne Fotos zu machen.<\/li>\n<li>Das Restaurant \u00f6ffnet seine Pforten am Strand. Es erm\u00f6glicht unseren G\u00e4sten, ein offenes Buffet mit einem reichhaltigen Men\u00fc zu genie\u00dfen.<\/li>\n<li>Nach einer so fantastischen Seereise am Strand von Abu Dabab kehrt unser Bus schlie\u00dflich zu Ihrem Hotel zur\u00fcck.<\/li>\n<li>Dieser Strandausflug zum Abu Dabab Beach von Marsa Alam endet gegen 16:00 Uhr.<\/li>\n<\/ul>\n<h2>Was beinhaltet der Preis des Abu Dabbab Strandausflugs von Marsa Alam?<\/h2>\n<ul>\n<li>Mittagessen (Pizza)<\/li>\n<li>Au\u00dferdem Transfer zum Strand von Abu Dabab und zur\u00fcck zum Hotel.<\/li>\n<\/ul>\n<h2>Was beinhaltet das Programm der Abu Dabbab Strandreise von Marsa Alam nicht?<\/h2>\n<ul>\n<li>Schnorchelausr\u00fcstung.<\/li>\n<li>Getr\u00e4nke und Speisen falls nicht vereinbart.<\/li>\n<li>Video-DVD.<\/li>\n<li>Auch die Foto-CD.<\/li>\n<\/ul>\n<h2>Was sollten Sie f\u00fcr die Reise nach Abu Dabab mitnehmen?<\/h2>\n<ul>\n<li>Schnorchelausr\u00fcstung.<\/li>\n<li>Handtuch.<\/li>\n<li>Au\u00dferdem Sonnencreme.<\/li>\n<\/ul>\n<h2>Buchungstage des Abu Dabbab Strandausflugs Marsa Alam<\/h2>\n<ul>\n<li>T\u00e4glich von 08:00 \u2013 17:00 Uhr.<\/li>\n<\/ul>\n<h2>Leistungen w\u00e4hrend der Tour zum Abu Dabbab Beach Ausflug Marsa Alam<\/h2>\n<p>Transport: Landious Travel bedient Sie mit einer klimatisierten Limousine\/einem Minibus. Ein professioneller Fahrer begleitet Sie zum Hafen und zu Ihrem Hotel.<\/p>\n<p>F\u00fchrung: Ein professioneller englischer Reiseleiter holt Sie von Ihren Hotels ab und begleitet Sie zum Hafen.<\/p>\n<p>Strandeinrichtungen: Der Strand ist sandig. Es verf\u00fcgt \u00fcber bequeme Sonnenliegen und ein Zelt. Au\u00dferdem gibt es ein Open-Air-Restaurant.<\/p>\n<p>Team und Personal: Sie werden eine freundliche und professionelle Crew auf dem Boot haben. Unsere Instruktoren und Trainer begleiten Sie w\u00e4hrend der Reise.<\/p>\n<p>Essen: Wir bieten ein hochwertiges Mittagessen auf dem Boot mit verschiedenen Gerichten.<\/p>\n","protected":false},"excerpt":{"rendered":"<p>Erleben Sie einen ganzen Tag voller Wunder und Abenteuer am Abu Dabbab Beach, wo Sie atemberaubende Korallenformationen entdecken und die M\u00f6glichkeit haben, majest\u00e4tische Schildkr\u00f6ten und sogar Dugongs zu beobachten. Vergessen Sie den Stress des Selbstfahrens und lassen Sie uns alles erledigen \u2013 vom Transfer direkt von Ihrem Hotel bis zur Bereitstellung der notwendigen Schnorchelausr\u00fcstung, Wasser und alkoholfreien Getr\u00e4nken. Unser fachkundiger Guide steht Ihnen mit der Ausr\u00fcstung zur Seite und hilft Ihnen dabei, Meereslebewesen zu entdecken, sodass dies ein wirklich stressfreies Erlebnis wird. Bitte beachten Sie, dass die Eintrittsgeb\u00fchren f\u00fcr den Nationalpark vor Ort zu entrichten sind. Alternativ k\u00f6nnen Sie mit uns an einer Schnorcheltour in der Abu Dabbab Dugong Bay teilnehmen, wo Sie die M\u00f6glichkeit haben, Meeresschildkr\u00f6ten und Dugongs aus n\u00e4chster N\u00e4he zu beobachten. Der atemberaubende Strand von Abu Dabbab bietet eine wundersch\u00f6ne Mischung aus weichem, feinem Sand und Korallen mit winzigen Muscheln. Schnorchler k\u00f6nnen die farbenfrohe Flora und Fauna bequem erkunden, indem sie vom Ufer aus hineinwaten. Der Strand ist mit Cabanas ausgestattet und somit der perfekte Ort zum Entspannen und Sonnenbaden nach Ihrem aufregenden Abenteuer.<\/p>\n","protected":false},"featured_media":134994,"comment_status":"open","ping_status":"closed","template":"","meta":{"_coblocks_attr":"","_coblocks_dimensions":"","_coblocks_responsive_height":"","_coblocks_accordion_ie_support":"","_uag_custom_page_level_css":"","jetpack_publicize_message":"","jetpack_publicize_feature_enabled":true,"jetpack_social_post_already_shared":true,"jetpack_social_options":{"image_generator_settings":{"template":"highway","default_image_id":0,"font":"","enabled":false},"version":2},"_wpas_customize_per_network":false},"product_brand":[],"product_cat":[9085],"product_tag":[1653,1844,1777],"class_list":{"0":"post-135585","1":"product","2":"type-product","3":"status-publish","4":"has-post-thumbnail","6":"product_cat-individuelle-ausfluege-marsa-alam","7":"product_tag-ausflug","8":"product_tag-bootsausfluge","9":"product_tag-meer","10":"pa_age-erwachsene","11":"pa_age-kind-1-4-jahre","12":"pa_age-kind-5-11-jahre","14":"first","15":"instock","16":"sale","17":"taxable","18":"shipping-taxable","19":"purchasable","20":"product-type-variable"},"yoast_head":"<!-- This site is optimized with the Yoast SEO Premium plugin v27.5 (Yoast SEO v27.5) - https:\/\/yoast.com\/product\/yoast-seo-premium-wordpress\/ -->\n<title>Abu Dabbab Strandausflug Marsa Alam<\/title>\n<meta name=\"description\" content=\"Abu Dabbab Strandausflug Marsa Alam ist ein ganzt\u00e4giger Schnorchelausflug zum Abu Dabbab Beach von Marsa Alam, \u00c4gypten! Wir empfehlen diese Reise, weil sie\" \/>\n<meta name=\"robots\" content=\"index, follow, max-snippet:-1, max-image-preview:large, max-video-preview:-1\" \/>\n<link rel=\"canonical\" href=\"https:\/\/landioustravel.com\/de\/shop\/abu-dabbab-strandausflug-alam\/\" \/>\n<meta property=\"og:locale\" content=\"de_DE\" \/>\n<meta property=\"og:type\" content=\"article\" \/>\n<meta property=\"og:title\" content=\"Abu Dabbab Strandausflug Marsa Alam\" \/>\n<meta property=\"og:description\" content=\"Landious Travel\" \/>\n<meta property=\"og:url\" content=\"https:\/\/landioustravel.com\/de\/shop\/abu-dabbab-strandausflug-alam\/\" \/>\n<meta property=\"og:site_name\" content=\"Landious Travel\" \/>\n<meta property=\"article:publisher\" content=\"https:\/\/web.facebook.com\/landiousEgypt\" \/>\n<meta property=\"article:modified_time\" content=\"2023-06-20T04:40:41+00:00\" \/>\n<meta property=\"og:image\" content=\"https:\/\/i0.wp.com\/landioustravel.com\/wp-content\/uploads\/2022\/12\/Abu-Dabbab-Beach-Trip-Marsa-Alam.jpg?fit=1140%2C641&ssl=1\" \/>\n\t<meta property=\"og:image:width\" content=\"1140\" \/>\n\t<meta property=\"og:image:height\" content=\"641\" \/>\n\t<meta property=\"og:image:type\" content=\"image\/jpeg\" \/>\n<meta name=\"twitter:card\" content=\"summary_large_image\" \/>\n<meta name=\"twitter:site\" content=\"@LandiousTours\" \/>\n<meta name=\"twitter:label1\" content=\"Gesch\u00e4tzte Lesezeit\" \/>\n\t<meta name=\"twitter:data1\" content=\"2\u00a0Minuten\" \/>\n<script type=\"application\/ld+json\" class=\"yoast-schema-graph\">{\"@context\":\"https:\\\/\\\/schema.org\",\"@graph\":[{\"@type\":\"WebPage\",\"@id\":\"https:\\\/\\\/landioustravel.com\\\/de\\\/shop\\\/abu-dabbab-strandausflug-alam\\\/\",\"url\":\"https:\\\/\\\/landioustravel.com\\\/de\\\/shop\\\/abu-dabbab-strandausflug-alam\\\/\",\"name\":\"Abu Dabbab Strandausflug Marsa Alam\",\"isPartOf\":{\"@id\":\"https:\\\/\\\/landioustravel.com\\\/de\\\/#website\"},\"primaryImageOfPage\":{\"@id\":\"https:\\\/\\\/landioustravel.com\\\/de\\\/shop\\\/abu-dabbab-strandausflug-alam\\\/#primaryimage\"},\"image\":{\"@id\":\"https:\\\/\\\/landioustravel.com\\\/de\\\/shop\\\/abu-dabbab-strandausflug-alam\\\/#primaryimage\"},\"thumbnailUrl\":\"https:\\\/\\\/i0.wp.com\\\/landioustravel.com\\\/wp-content\\\/uploads\\\/2022\\\/12\\\/Abu-Dabbab-Beach-Trip-Marsa-Alam.jpg?fit=1140%2C641&ssl=1\",\"datePublished\":\"2023-02-03T20:40:34+00:00\",\"dateModified\":\"2023-06-20T04:40:41+00:00\",\"description\":\"Abu Dabbab Strandausflug Marsa Alam ist ein ganzt\u00e4giger Schnorchelausflug zum Abu Dabbab Beach von Marsa Alam, \u00c4gypten! Wir empfehlen diese Reise, weil sie\",\"breadcrumb\":{\"@id\":\"https:\\\/\\\/landioustravel.com\\\/de\\\/shop\\\/abu-dabbab-strandausflug-alam\\\/#breadcrumb\"},\"inLanguage\":\"de\",\"potentialAction\":[{\"@type\":\"ReadAction\",\"target\":[\"https:\\\/\\\/landioustravel.com\\\/de\\\/shop\\\/abu-dabbab-strandausflug-alam\\\/\"]}]},{\"@type\":\"ImageObject\",\"inLanguage\":\"de\",\"@id\":\"https:\\\/\\\/landioustravel.com\\\/de\\\/shop\\\/abu-dabbab-strandausflug-alam\\\/#primaryimage\",\"url\":\"https:\\\/\\\/i0.wp.com\\\/landioustravel.com\\\/wp-content\\\/uploads\\\/2022\\\/12\\\/Abu-Dabbab-Beach-Trip-Marsa-Alam.jpg?fit=1140%2C641&ssl=1\",\"contentUrl\":\"https:\\\/\\\/i0.wp.com\\\/landioustravel.com\\\/wp-content\\\/uploads\\\/2022\\\/12\\\/Abu-Dabbab-Beach-Trip-Marsa-Alam.jpg?fit=1140%2C641&ssl=1\",\"width\":1140,\"height\":641,\"caption\":\"Abu Dabbab Beach Trip Marsa Alam\"},{\"@type\":\"BreadcrumbList\",\"@id\":\"https:\\\/\\\/landioustravel.com\\\/de\\\/shop\\\/abu-dabbab-strandausflug-alam\\\/#breadcrumb\",\"itemListElement\":[{\"@type\":\"ListItem\",\"position\":1,\"name\":\"Home\",\"item\":\"https:\\\/\\\/landioustravel.com\\\/de\\\/\"},{\"@type\":\"ListItem\",\"position\":2,\"name\":\"\u00c4gypten Touren\",\"item\":\"https:\\\/\\\/landioustravel.com\\\/de\\\/\"},{\"@type\":\"ListItem\",\"position\":3,\"name\":\"Abu Dabbab Strandausflug Marsa Alam\"}]},{\"@type\":\"WebSite\",\"@id\":\"https:\\\/\\\/landioustravel.com\\\/de\\\/#website\",\"url\":\"https:\\\/\\\/landioustravel.com\\\/de\\\/\",\"name\":\"Landious Travel\",\"description\":\"Excursions, trips and cruises in Egypt\",\"publisher\":{\"@id\":\"https:\\\/\\\/landioustravel.com\\\/de\\\/#organization\"},\"potentialAction\":[{\"@type\":\"SearchAction\",\"target\":{\"@type\":\"EntryPoint\",\"urlTemplate\":\"https:\\\/\\\/landioustravel.com\\\/de\\\/?s={search_term_string}\"},\"query-input\":{\"@type\":\"PropertyValueSpecification\",\"valueRequired\":true,\"valueName\":\"search_term_string\"}}],\"inLanguage\":\"de\"},{\"@type\":[\"Organization\",\"Place\"],\"@id\":\"https:\\\/\\\/landioustravel.com\\\/de\\\/#organization\",\"name\":\"Landious Travel\",\"alternateName\":\"Landious Travel\",\"url\":\"https:\\\/\\\/landioustravel.com\\\/de\\\/\",\"logo\":{\"@id\":\"https:\\\/\\\/landioustravel.com\\\/de\\\/shop\\\/abu-dabbab-strandausflug-alam\\\/#local-main-organization-logo\"},\"image\":{\"@id\":\"https:\\\/\\\/landioustravel.com\\\/de\\\/shop\\\/abu-dabbab-strandausflug-alam\\\/#local-main-organization-logo\"},\"sameAs\":[\"https:\\\/\\\/web.facebook.com\\\/landiousEgypt\",\"https:\\\/\\\/x.com\\\/LandiousTours\",\"https:\\\/\\\/mastodon.social\\\/@landious\"],\"legalName\":\"Landious Travel\",\"telephone\":[],\"openingHoursSpecification\":[{\"@type\":\"OpeningHoursSpecification\",\"dayOfWeek\":[\"Monday\",\"Tuesday\",\"Wednesday\",\"Thursday\",\"Friday\",\"Saturday\",\"Sunday\"],\"opens\":\"09:00\",\"closes\":\"17:00\"}]},{\"@type\":\"ImageObject\",\"inLanguage\":\"de\",\"@id\":\"https:\\\/\\\/landioustravel.com\\\/de\\\/shop\\\/abu-dabbab-strandausflug-alam\\\/#local-main-organization-logo\",\"url\":\"https:\\\/\\\/i0.wp.com\\\/landioustravel.com\\\/wp-content\\\/uploads\\\/2021\\\/06\\\/Landious-T.png?fit=500%2C500&ssl=1\",\"contentUrl\":\"https:\\\/\\\/i0.wp.com\\\/landioustravel.com\\\/wp-content\\\/uploads\\\/2021\\\/06\\\/Landious-T.png?fit=500%2C500&ssl=1\",\"width\":500,\"height\":500,\"caption\":\"Landious Travel\"}]}<\/script>\n<!-- \/ Yoast SEO Premium plugin. -->","yoast_head_json":{"title":"Abu Dabbab Strandausflug Marsa Alam","description":"Abu Dabbab Strandausflug Marsa Alam ist ein ganzt\u00e4giger Schnorchelausflug zum Abu Dabbab Beach von Marsa Alam, \u00c4gypten! Wir empfehlen diese Reise, weil sie","robots":{"index":"index","follow":"follow","max-snippet":"max-snippet:-1","max-image-preview":"max-image-preview:large","max-video-preview":"max-video-preview:-1"},"canonical":"https:\/\/landioustravel.com\/de\/shop\/abu-dabbab-strandausflug-alam\/","og_locale":"de_DE","og_type":"article","og_title":"Abu Dabbab Strandausflug Marsa Alam","og_description":"Landious Travel","og_url":"https:\/\/landioustravel.com\/de\/shop\/abu-dabbab-strandausflug-alam\/","og_site_name":"Landious Travel","article_publisher":"https:\/\/web.facebook.com\/landiousEgypt","article_modified_time":"2023-06-20T04:40:41+00:00","og_image":[{"width":1140,"height":641,"url":"https:\/\/i0.wp.com\/landioustravel.com\/wp-content\/uploads\/2022\/12\/Abu-Dabbab-Beach-Trip-Marsa-Alam.jpg?fit=1140%2C641&ssl=1","type":"image\/jpeg"}],"twitter_card":"summary_large_image","twitter_site":"@LandiousTours","twitter_misc":{"Gesch\u00e4tzte Lesezeit":"2\u00a0Minuten"},"schema":{"@context":"https:\/\/schema.org","@graph":[{"@type":"WebPage","@id":"https:\/\/landioustravel.com\/de\/shop\/abu-dabbab-strandausflug-alam\/","url":"https:\/\/landioustravel.com\/de\/shop\/abu-dabbab-strandausflug-alam\/","name":"Abu Dabbab Strandausflug Marsa Alam","isPartOf":{"@id":"https:\/\/landioustravel.com\/de\/#website"},"primaryImageOfPage":{"@id":"https:\/\/landioustravel.com\/de\/shop\/abu-dabbab-strandausflug-alam\/#primaryimage"},"image":{"@id":"https:\/\/landioustravel.com\/de\/shop\/abu-dabbab-strandausflug-alam\/#primaryimage"},"thumbnailUrl":"https:\/\/i0.wp.com\/landioustravel.com\/wp-content\/uploads\/2022\/12\/Abu-Dabbab-Beach-Trip-Marsa-Alam.jpg?fit=1140%2C641&ssl=1","datePublished":"2023-02-03T20:40:34+00:00","dateModified":"2023-06-20T04:40:41+00:00","description":"Abu Dabbab Strandausflug Marsa Alam ist ein ganzt\u00e4giger Schnorchelausflug zum Abu Dabbab Beach von Marsa Alam, \u00c4gypten! Wir empfehlen diese Reise, weil sie","breadcrumb":{"@id":"https:\/\/landioustravel.com\/de\/shop\/abu-dabbab-strandausflug-alam\/#breadcrumb"},"inLanguage":"de","potentialAction":[{"@type":"ReadAction","target":["https:\/\/landioustravel.com\/de\/shop\/abu-dabbab-strandausflug-alam\/"]}]},{"@type":"ImageObject","inLanguage":"de","@id":"https:\/\/landioustravel.com\/de\/shop\/abu-dabbab-strandausflug-alam\/#primaryimage","url":"https:\/\/i0.wp.com\/landioustravel.com\/wp-content\/uploads\/2022\/12\/Abu-Dabbab-Beach-Trip-Marsa-Alam.jpg?fit=1140%2C641&ssl=1","contentUrl":"https:\/\/i0.wp.com\/landioustravel.com\/wp-content\/uploads\/2022\/12\/Abu-Dabbab-Beach-Trip-Marsa-Alam.jpg?fit=1140%2C641&ssl=1","width":1140,"height":641,"caption":"Abu Dabbab Beach Trip Marsa Alam"},{"@type":"BreadcrumbList","@id":"https:\/\/landioustravel.com\/de\/shop\/abu-dabbab-strandausflug-alam\/#breadcrumb","itemListElement":[{"@type":"ListItem","position":1,"name":"Home","item":"https:\/\/landioustravel.com\/de\/"},{"@type":"ListItem","position":2,"name":"\u00c4gypten Touren","item":"https:\/\/landioustravel.com\/de\/"},{"@type":"ListItem","position":3,"name":"Abu Dabbab Strandausflug Marsa Alam"}]},{"@type":"WebSite","@id":"https:\/\/landioustravel.com\/de\/#website","url":"https:\/\/landioustravel.com\/de\/","name":"Landious Travel","description":"Excursions, trips and cruises in Egypt","publisher":{"@id":"https:\/\/landioustravel.com\/de\/#organization"},"potentialAction":[{"@type":"SearchAction","target":{"@type":"EntryPoint","urlTemplate":"https:\/\/landioustravel.com\/de\/?s={search_term_string}"},"query-input":{"@type":"PropertyValueSpecification","valueRequired":true,"valueName":"search_term_string"}}],"inLanguage":"de"},{"@type":["Organization","Place"],"@id":"https:\/\/landioustravel.com\/de\/#organization","name":"Landious Travel","alternateName":"Landious Travel","url":"https:\/\/landioustravel.com\/de\/","logo":{"@id":"https:\/\/landioustravel.com\/de\/shop\/abu-dabbab-strandausflug-alam\/#local-main-organization-logo"},"image":{"@id":"https:\/\/landioustravel.com\/de\/shop\/abu-dabbab-strandausflug-alam\/#local-main-organization-logo"},"sameAs":["https:\/\/web.facebook.com\/landiousEgypt","https:\/\/x.com\/LandiousTours","https:\/\/mastodon.social\/@landious"],"legalName":"Landious Travel","telephone":[],"openingHoursSpecification":[{"@type":"OpeningHoursSpecification","dayOfWeek":["Monday","Tuesday","Wednesday","Thursday","Friday","Saturday","Sunday"],"opens":"09:00","closes":"17:00"}]},{"@type":"ImageObject","inLanguage":"de","@id":"https:\/\/landioustravel.com\/de\/shop\/abu-dabbab-strandausflug-alam\/#local-main-organization-logo","url":"https:\/\/i0.wp.com\/landioustravel.com\/wp-content\/uploads\/2021\/06\/Landious-T.png?fit=500%2C500&ssl=1","contentUrl":"https:\/\/i0.wp.com\/landioustravel.com\/wp-content\/uploads\/2021\/06\/Landious-T.png?fit=500%2C500&ssl=1","width":500,"height":500,"caption":"Landious Travel"}]}},"jetpack_publicize_connections":[],"uagb_featured_image_src":{"full":["https:\/\/i0.wp.com\/landioustravel.com\/wp-content\/uploads\/2022\/12\/Abu-Dabbab-Beach-Trip-Marsa-Alam.jpg?fit=1140%2C641&ssl=1",1140,641,false],"thumbnail":["https:\/\/i0.wp.com\/landioustravel.com\/wp-content\/uploads\/2022\/12\/Abu-Dabbab-Beach-Trip-Marsa-Alam.jpg?resize=150%2C150&ssl=1",150,150,true],"medium":["https:\/\/i0.wp.com\/landioustravel.com\/wp-content\/uploads\/2022\/12\/Abu-Dabbab-Beach-Trip-Marsa-Alam.jpg?fit=300%2C169&ssl=1",300,169,true],"medium_large":["https:\/\/i0.wp.com\/landioustravel.com\/wp-content\/uploads\/2022\/12\/Abu-Dabbab-Beach-Trip-Marsa-Alam.jpg?fit=768%2C432&ssl=1",768,432,true],"large":["https:\/\/i0.wp.com\/landioustravel.com\/wp-content\/uploads\/2022\/12\/Abu-Dabbab-Beach-Trip-Marsa-Alam.jpg?fit=980%2C551&ssl=1",980,551,true],"1536x1536":["https:\/\/i0.wp.com\/landioustravel.com\/wp-content\/uploads\/2022\/12\/Abu-Dabbab-Beach-Trip-Marsa-Alam.jpg?fit=1140%2C641&ssl=1",1140,641,true],"2048x2048":["https:\/\/i0.wp.com\/landioustravel.com\/wp-content\/uploads\/2022\/12\/Abu-Dabbab-Beach-Trip-Marsa-Alam.jpg?fit=1140%2C641&ssl=1",1140,641,true],"newspack-article-block-landscape-large":["https:\/\/i0.wp.com\/landioustravel.com\/wp-content\/uploads\/2022\/12\/Abu-Dabbab-Beach-Trip-Marsa-Alam.jpg?resize=1140%2C641&ssl=1",1140,641,true],"newspack-article-block-portrait-large":["https:\/\/i0.wp.com\/landioustravel.com\/wp-content\/uploads\/2022\/12\/Abu-Dabbab-Beach-Trip-Marsa-Alam.jpg?resize=900%2C641&ssl=1",900,641,true],"newspack-article-block-square-large":["https:\/\/i0.wp.com\/landioustravel.com\/wp-content\/uploads\/2022\/12\/Abu-Dabbab-Beach-Trip-Marsa-Alam.jpg?resize=1140%2C641&ssl=1",1140,641,true],"newspack-article-block-landscape-medium":["https:\/\/i0.wp.com\/landioustravel.com\/wp-content\/uploads\/2022\/12\/Abu-Dabbab-Beach-Trip-Marsa-Alam.jpg?resize=800%2C600&ssl=1",800,600,true],"newspack-article-block-portrait-medium":["https:\/\/i0.wp.com\/landioustravel.com\/wp-content\/uploads\/2022\/12\/Abu-Dabbab-Beach-Trip-Marsa-Alam.jpg?resize=600%2C641&ssl=1",600,641,true],"newspack-article-block-square-medium":["https:\/\/i0.wp.com\/landioustravel.com\/wp-content\/uploads\/2022\/12\/Abu-Dabbab-Beach-Trip-Marsa-Alam.jpg?resize=800%2C641&ssl=1",800,641,true],"newspack-article-block-landscape-intermediate":["https:\/\/i0.wp.com\/landioustravel.com\/wp-content\/uploads\/2022\/12\/Abu-Dabbab-Beach-Trip-Marsa-Alam.jpg?resize=600%2C450&ssl=1",600,450,true],"newspack-article-block-portrait-intermediate":["https:\/\/i0.wp.com\/landioustravel.com\/wp-content\/uploads\/2022\/12\/Abu-Dabbab-Beach-Trip-Marsa-Alam.jpg?resize=450%2C600&ssl=1",450,600,true],"newspack-article-block-square-intermediate":["https:\/\/i0.wp.com\/landioustravel.com\/wp-content\/uploads\/2022\/12\/Abu-Dabbab-Beach-Trip-Marsa-Alam.jpg?resize=600%2C600&ssl=1",600,600,true],"newspack-article-block-landscape-small":["https:\/\/i0.wp.com\/landioustravel.com\/wp-content\/uploads\/2022\/12\/Abu-Dabbab-Beach-Trip-Marsa-Alam.jpg?resize=400%2C300&ssl=1",400,300,true],"newspack-article-block-portrait-small":["https:\/\/i0.wp.com\/landioustravel.com\/wp-content\/uploads\/2022\/12\/Abu-Dabbab-Beach-Trip-Marsa-Alam.jpg?resize=300%2C400&ssl=1",300,400,true],"newspack-article-block-square-small":["https:\/\/i0.wp.com\/landioustravel.com\/wp-content\/uploads\/2022\/12\/Abu-Dabbab-Beach-Trip-Marsa-Alam.jpg?resize=400%2C400&ssl=1",400,400,true],"newspack-article-block-landscape-tiny":["https:\/\/i0.wp.com\/landioustravel.com\/wp-content\/uploads\/2022\/12\/Abu-Dabbab-Beach-Trip-Marsa-Alam.jpg?resize=200%2C150&ssl=1",200,150,true],"newspack-article-block-portrait-tiny":["https:\/\/i0.wp.com\/landioustravel.com\/wp-content\/uploads\/2022\/12\/Abu-Dabbab-Beach-Trip-Marsa-Alam.jpg?resize=150%2C200&ssl=1",150,200,true],"newspack-article-block-square-tiny":["https:\/\/i0.wp.com\/landioustravel.com\/wp-content\/uploads\/2022\/12\/Abu-Dabbab-Beach-Trip-Marsa-Alam.jpg?resize=200%2C200&ssl=1",200,200,true],"newspack-article-block-uncropped":["https:\/\/i0.wp.com\/landioustravel.com\/wp-content\/uploads\/2022\/12\/Abu-Dabbab-Beach-Trip-Marsa-Alam.jpg?fit=1140%2C641&ssl=1",1140,641,true],"woocommerce_thumbnail":["https:\/\/i0.wp.com\/landioustravel.com\/wp-content\/uploads\/2022\/12\/Abu-Dabbab-Beach-Trip-Marsa-Alam.jpg?resize=324%2C324&ssl=1",324,324,true],"woocommerce_single":["https:\/\/i0.wp.com\/landioustravel.com\/wp-content\/uploads\/2022\/12\/Abu-Dabbab-Beach-Trip-Marsa-Alam.jpg?fit=416%2C234&ssl=1",416,234,true],"woocommerce_gallery_thumbnail":["https:\/\/i0.wp.com\/landioustravel.com\/wp-content\/uploads\/2022\/12\/Abu-Dabbab-Beach-Trip-Marsa-Alam.jpg?resize=100%2C100&ssl=1",100,100,true]},"uagb_author_info":{"display_name":"Mofreh Landious","author_link":"https:\/\/landioustravel.com\/de\/author\/"},"uagb_comment_info":0,"uagb_excerpt":"Erleben Sie einen ganzen Tag voller Wunder und Abenteuer am Abu Dabbab Beach, wo Sie atemberaubende Korallenformationen entdecken und die M\u00f6glichkeit haben, majest\u00e4tische Schildkr\u00f6ten und sogar Dugongs zu beobachten. Vergessen Sie den Stress des Selbstfahrens und lassen Sie uns alles erledigen \u2013 vom Transfer direkt von Ihrem Hotel bis zur Bereitstellung der notwendigen Schnorchelausr\u00fcstung, Wasser&hellip;","jetpack_sharing_enabled":true,"jetpack_likes_enabled":true,"amp_enabled":true,"_links":{"self":[{"href":"https:\/\/landioustravel.com\/de\/wp-json\/wp\/v2\/product\/135585","targetHints":{"allow":["GET"]}}],"collection":[{"href":"https:\/\/landioustravel.com\/de\/wp-json\/wp\/v2\/product"}],"about":[{"href":"https:\/\/landioustravel.com\/de\/wp-json\/wp\/v2\/types\/product"}],"replies":[{"embeddable":true,"href":"https:\/\/landioustravel.com\/de\/wp-json\/wp\/v2\/comments?post=135585"}],"wp:featuredmedia":[{"embeddable":true,"href":"https:\/\/landioustravel.com\/de\/wp-json\/wp\/v2\/media\/134994"}],"wp:attachment":[{"href":"https:\/\/landioustravel.com\/de\/wp-json\/wp\/v2\/media?parent=135585"}],"wp:term":[{"taxonomy":"product_brand","embeddable":true,"href":"https:\/\/landioustravel.com\/de\/wp-json\/wp\/v2\/product_brand?post=135585"},{"taxonomy":"product_cat","embeddable":true,"href":"https:\/\/landioustravel.com\/de\/wp-json\/wp\/v2\/product_cat?post=135585"},{"taxonomy":"product_tag","embeddable":true,"href":"https:\/\/landioustravel.com\/de\/wp-json\/wp\/v2\/product_tag?post=135585"}],"curies":[{"name":"wp","href":"https:\/\/api.w.org\/{rel}","templated":true}]}}