{"id":135616,"date":"2022-11-08T12:00:35","date_gmt":"2023-02-04T00:31:24","guid":{"rendered":"https:\/\/landioustravel.com\/?post_type=product&#038;p=135616"},"modified":"2023-06-20T15:27:02","modified_gmt":"2023-06-20T13:27:02","slug":"abydos-dendera-reise-luxor","status":"publish","type":"product","link":"https:\/\/landioustravel.com\/de\/shop\/abydos-dendera-reise-luxor\/","title":{"rendered":"Abydos Dendera Reise Luxor"},"content":{"rendered":"<p><strong>Abydos Dendera Reise Luxor<\/strong> ist eine faszinierende individuelle Tour, um die Denkm\u00e4ler in Abydos und Dendera von Luxor \u2013 \u00c4gypten aus zu sehen! Wir empfehlen den Ausflug, weil er es den Touristen erm\u00f6glicht, viele Sehensw\u00fcrdigkeiten zu sehen. Diese Attraktionen gibt es in zwei St\u00e4dten \u2013 Dendera und Sohag. Au\u00dferdem stammen diese Denkm\u00e4ler aus zwei verschiedenen Epochen der \u00e4gyptischen Geschichte \u2013 dem alten \u00c4gypten und dem R\u00f6mischen Reich. So k\u00f6nnen Sie sich eine geh\u00f6rige Portion Freude holen und mehr \u00fcber die Geschichte des Landes erfahren.<\/p>\n<h2>H\u00f6hepunkte der individuellen Reise nach Abydos &amp; Dendera von Luxor<\/h2>\n<ul>\n<li>Sehen Sie die Tempel von Abydos.<\/li>\n<li>Mittagessen in einem Restaurant.<\/li>\n<li>Bewundern Sie auch den Tempel der G\u00f6ttin Hathor in Dendera.<\/li>\n<\/ul>\n<h2>Programm der Privatreise nach Dendera-Abydos<\/h2>\n<ul>\n<li>Der Vertreter von Landious Travel holt Sie gegen 07:00 Uhr vom Hotel in Luxor ab.<\/li>\n<li>Nach der Abholung f\u00e4hrt der Bus (Limousine oder Minibus) in Richtung der Stadt Qena. Von Qena aus fahren Sie weiter nach Norden in Richtung des Gouvernements Sohag, um das Dorf Abydos zu erreichen. Es dauert ungef\u00e4hr eine weitere Stunde, um nach Abydos zu gelangen.<\/li>\n<\/ul>\n<h3>Programm in Abydos<\/h3>\n<ul>\n<li>Sobald Sie im Gouvernement Sohag angekommen sind, beginnen Sie Ihren Ausflug zum Tempelkomplex von Abydos. Es ist ein riesiger Komplex von Tempeln und Geb\u00e4uden, der in Abydos liegt. Der Komplex kombiniert verschiedene Tempelt\u00fcrme. In diesem Tempel erkl\u00e4rt Ihnen Ihr F\u00fchrer den Ort. Und dann zeigt er die h\u00e4ufig besuchten Seiten dieses gro\u00dfen Komplexes. Nat\u00fcrlich wird Ihr Guide die Aufgabe haben, all diese Tempel zu zeigen. Au\u00dferdem gibt er Ihnen Freizeit, um Fotos zu machen.<\/li>\n<\/ul>\n<h3>Programm in Qena<\/h3>\n<ul>\n<li>Sobald Sie Qena bekommen, werden Sie zu Mittag essen. Anschlie\u00dfend fahren Sie zur\u00fcck nach Qena. Es wird Ihre erste Station in dieser Stadt sein.<\/li>\n<li>Nach dem Mittagessen fahren Sie in das nahe gelegene Dorf Dendera, wo Sie den Tempelkomplex von Dendera besuchen k\u00f6nnen. Noch einmal erkl\u00e4rt und zeigt Ihr Guide die h\u00e4ufig besuchten Orte dieser gro\u00dfen Anlage. Dieser Komplex hat verschiedene Tempel und Geb\u00e4ude. Daher wird Ihr Guide die Aufgabe haben, all diese Tempel zu zeigen. Au\u00dferdem gibt er Ihnen Freizeit, um Fotos zu machen.<\/li>\n<\/ul>\n<h3>Abfahrt nach Luxor<\/h3>\n<ul>\n<li>Schlie\u00dflich fahren Sie nach einer fantastischen Reise in Abydos \u2013 Dendera zur\u00fcck nach Hurghada.<\/li>\n<li>Die individuelle Reise nach Abydos &amp; Dendera von Luxor endet gegen 20:00 Uhr.<\/li>\n<\/ul>\n<h2>Was beinhaltet der Preis der Abydos &amp; Dendera Individualreise Luxor?<\/h2>\n<ul>\n<li>Eintrittskarten f\u00fcr Tempelbesuche.<\/li>\n<li>Mittagessen.<\/li>\n<li>Getr\u00e4nke.<\/li>\n<li>Privater F\u00fchrer.<\/li>\n<li>Auch ein privates Fahrzeug nach Abydos \u2013 Dendera und zur\u00fcck zum Hotel.<\/li>\n<\/ul>\n<h2>Was beinhaltet das Abydos-Programm der Individualreise Luxor nicht?<\/h2>\n<ul>\n<li>Zus\u00e4tzliche Ausflugsprogramme, falls nicht im obigen Programm enthalten.<\/li>\n<\/ul>\n<h2>Was ist f\u00fcr die individuelle Reise von Luxor nach Abydos mitzunehmen?<\/h2>\n<ul>\n<li>Fr\u00fchst\u00fccksbox.<\/li>\n<li>Bringen Sie auch geeignete Kleidung f\u00fcr die Jahreszeit mit.<\/li>\n<\/ul>\n<h2>Abydos &amp; Dendera Individualreise Luxor Buchungstage<\/h2>\n<ul>\n<li>T\u00e4glich von 04:00 \u2013 20:00 Uhr.<\/li>\n<\/ul>\n<h2>Was erwartet Sie w\u00e4hrend der individuellen Reise von Luxor nach Abydos &amp; Dendera?<\/h2>\n<p>Tempel von Dendera: Der komplexe Tempel von Dendera ist einer der am besten erhaltenen Tempelkomplexe in \u00c4gypten. Der Komplex umfasst 40.000 Quadratmeter und ist von einer gro\u00dfen Lehmziegelmauer umgeben. Dieses Gebiet war der Standort des sechsten Nome im alten \u00c4gypten, s\u00fcdlich von Abydos.<\/p>\n","protected":false},"excerpt":{"rendered":"<p>Sind Sie bereit f\u00fcr ein Abenteuer wie kein anderes? Begleiten Sie uns auf einer unglaublichen Reise von Luxor nach Abydos und Dendera und erkunden Sie zwei antike Tempel voller Geschichte und Kunstwerke. Ihr erfahrener \u00c4gyptologe nimmt Sie mit auf eine faszinierende Tour durch den Abydos-Tempel, wo Sie die beeindruckenden Kunstreliefs mit den Pharaonen \u00c4gyptens und die sieben Kapellen, die verschiedenen G\u00f6ttern gewidmet sind, bewundern werden. Aber das ist nicht alles; Sie werden auch das r\u00e4tselhafte Osireion sehen, von dem man annimmt, dass es das Grab des Gottes Osiris ist. Anschlie\u00dfend machen wir eine Mittagspause, bevor wir zum Dendera-Tempelkomplex aufbrechen, einem der am besten erhaltenen Tempelkomplexe \u00c4gyptens. Die k\u00fcrzlich gereinigte Decke des Hathor-Tempels wird Sie mit ihren lebendigen und farbenfrohen Gem\u00e4lden aus der Antike in Erstaunen versetzen. Verpassen Sie nicht das weithin bekannte Tierkreisrelief von Dendera und die Szenen, die Kleopatra VII. und ihren Sohn Caesarion von Julius C\u00e4sar darstellen. Mit Abholung und R\u00fccktransfer zu Ihrem Hotel in Luxor oder einer Nilkreuzfahrt ist diese ganzt\u00e4gige Privattour die perfekte M\u00f6glichkeit, die bemerkenswerte Geschichte und Kunst des alten \u00c4gypten zu erkunden. Also, worauf wartest Du? Begleiten Sie uns auf diesem Abenteuer und entdecken Sie die Geheimnisse von Abydos und Dendera!<\/p>\n","protected":false},"featured_media":99498,"comment_status":"open","ping_status":"closed","template":"","meta":{"_coblocks_attr":"","_coblocks_dimensions":"","_coblocks_responsive_height":"","_coblocks_accordion_ie_support":"","_uag_custom_page_level_css":"","jetpack_publicize_message":"","jetpack_publicize_feature_enabled":true,"jetpack_social_post_already_shared":true,"jetpack_social_options":{"image_generator_settings":{"template":"highway","default_image_id":0,"font":"","enabled":false},"version":2},"_wpas_customize_per_network":false},"product_brand":[],"product_cat":[19548],"product_tag":[1653,9906,2112,2185],"class_list":{"0":"post-135616","1":"product","2":"type-product","3":"status-publish","4":"has-post-thumbnail","6":"product_cat-luxor-ausfluege","7":"product_tag-ausflug","8":"product_tag-besichtigung","9":"product_tag-dendera-de","10":"product_tag-luxor-de","11":"pa_age-erwachsene","12":"pa_age-kind-5-11-jahre","14":"first","15":"instock","16":"sale","17":"taxable","18":"shipping-taxable","19":"purchasable","20":"product-type-variable"},"yoast_head":"<!-- This site is optimized with the Yoast SEO Premium plugin v27.5 (Yoast SEO v27.5) - https:\/\/yoast.com\/product\/yoast-seo-premium-wordpress\/ -->\n<title>Abydos Dendera Reise Luxor<\/title>\n<meta name=\"description\" content=\"Abydos Dendera Reise Luxor ist eine faszinierende individuelle Tour, um die Denkm\u00e4ler in Abydos und Dendera von Luxor \u2013 \u00c4gypten aus zu sehen! Wir empfehlen\" \/>\n<meta name=\"robots\" content=\"index, follow, max-snippet:-1, max-image-preview:large, max-video-preview:-1\" \/>\n<link rel=\"canonical\" href=\"https:\/\/landioustravel.com\/de\/shop\/abydos-dendera-reise-luxor\/\" \/>\n<meta property=\"og:locale\" content=\"de_DE\" \/>\n<meta property=\"og:type\" content=\"article\" \/>\n<meta property=\"og:title\" content=\"Abydos Dendera Reise Luxor\" \/>\n<meta property=\"og:description\" content=\"Landious Travel\" \/>\n<meta property=\"og:url\" content=\"https:\/\/landioustravel.com\/de\/shop\/abydos-dendera-reise-luxor\/\" \/>\n<meta property=\"og:site_name\" content=\"Landious Travel\" \/>\n<meta property=\"article:publisher\" content=\"https:\/\/web.facebook.com\/landiousEgypt\" \/>\n<meta property=\"article:modified_time\" content=\"2023-06-20T13:27:02+00:00\" \/>\n<meta property=\"og:image\" content=\"https:\/\/i0.wp.com\/landioustravel.com\/wp-content\/uploads\/2022\/07\/Dendera-e1657106168248.jpg?fit=1200%2C675&ssl=1\" \/>\n\t<meta property=\"og:image:width\" content=\"1200\" \/>\n\t<meta property=\"og:image:height\" content=\"675\" \/>\n\t<meta property=\"og:image:type\" content=\"image\/jpeg\" \/>\n<meta name=\"twitter:card\" content=\"summary_large_image\" \/>\n<meta name=\"twitter:site\" content=\"@LandiousTours\" \/>\n<meta name=\"twitter:label1\" content=\"Gesch\u00e4tzte Lesezeit\" \/>\n\t<meta name=\"twitter:data1\" content=\"3\u00a0Minuten\" \/>\n<script type=\"application\/ld+json\" class=\"yoast-schema-graph\">{\"@context\":\"https:\\\/\\\/schema.org\",\"@graph\":[{\"@type\":\"WebPage\",\"@id\":\"https:\\\/\\\/landioustravel.com\\\/de\\\/shop\\\/abydos-dendera-reise-luxor\\\/\",\"url\":\"https:\\\/\\\/landioustravel.com\\\/de\\\/shop\\\/abydos-dendera-reise-luxor\\\/\",\"name\":\"Abydos Dendera Reise Luxor\",\"isPartOf\":{\"@id\":\"https:\\\/\\\/landioustravel.com\\\/de\\\/#website\"},\"primaryImageOfPage\":{\"@id\":\"https:\\\/\\\/landioustravel.com\\\/de\\\/shop\\\/abydos-dendera-reise-luxor\\\/#primaryimage\"},\"image\":{\"@id\":\"https:\\\/\\\/landioustravel.com\\\/de\\\/shop\\\/abydos-dendera-reise-luxor\\\/#primaryimage\"},\"thumbnailUrl\":\"https:\\\/\\\/i0.wp.com\\\/landioustravel.com\\\/wp-content\\\/uploads\\\/2022\\\/07\\\/Dendera-e1657106168248.jpg?fit=1200%2C675&ssl=1\",\"datePublished\":\"2023-02-04T00:31:24+00:00\",\"dateModified\":\"2023-06-20T13:27:02+00:00\",\"description\":\"Abydos Dendera Reise Luxor ist eine faszinierende individuelle Tour, um die Denkm\u00e4ler in Abydos und Dendera von Luxor \u2013 \u00c4gypten aus zu sehen! Wir empfehlen\",\"breadcrumb\":{\"@id\":\"https:\\\/\\\/landioustravel.com\\\/de\\\/shop\\\/abydos-dendera-reise-luxor\\\/#breadcrumb\"},\"inLanguage\":\"de\",\"potentialAction\":[{\"@type\":\"ReadAction\",\"target\":[\"https:\\\/\\\/landioustravel.com\\\/de\\\/shop\\\/abydos-dendera-reise-luxor\\\/\"]}]},{\"@type\":\"ImageObject\",\"inLanguage\":\"de\",\"@id\":\"https:\\\/\\\/landioustravel.com\\\/de\\\/shop\\\/abydos-dendera-reise-luxor\\\/#primaryimage\",\"url\":\"https:\\\/\\\/i0.wp.com\\\/landioustravel.com\\\/wp-content\\\/uploads\\\/2022\\\/07\\\/Dendera-e1657106168248.jpg?fit=1200%2C675&ssl=1\",\"contentUrl\":\"https:\\\/\\\/i0.wp.com\\\/landioustravel.com\\\/wp-content\\\/uploads\\\/2022\\\/07\\\/Dendera-e1657106168248.jpg?fit=1200%2C675&ssl=1\",\"width\":1200,\"height\":675,\"caption\":\"Dendera\"},{\"@type\":\"BreadcrumbList\",\"@id\":\"https:\\\/\\\/landioustravel.com\\\/de\\\/shop\\\/abydos-dendera-reise-luxor\\\/#breadcrumb\",\"itemListElement\":[{\"@type\":\"ListItem\",\"position\":1,\"name\":\"Home\",\"item\":\"https:\\\/\\\/landioustravel.com\\\/de\\\/\"},{\"@type\":\"ListItem\",\"position\":2,\"name\":\"\u00c4gypten Touren\",\"item\":\"https:\\\/\\\/landioustravel.com\\\/de\\\/\"},{\"@type\":\"ListItem\",\"position\":3,\"name\":\"Abydos Dendera Reise Luxor\"}]},{\"@type\":\"WebSite\",\"@id\":\"https:\\\/\\\/landioustravel.com\\\/de\\\/#website\",\"url\":\"https:\\\/\\\/landioustravel.com\\\/de\\\/\",\"name\":\"Landious Travel\",\"description\":\"Excursions, trips and cruises in Egypt\",\"publisher\":{\"@id\":\"https:\\\/\\\/landioustravel.com\\\/de\\\/#organization\"},\"potentialAction\":[{\"@type\":\"SearchAction\",\"target\":{\"@type\":\"EntryPoint\",\"urlTemplate\":\"https:\\\/\\\/landioustravel.com\\\/de\\\/?s={search_term_string}\"},\"query-input\":{\"@type\":\"PropertyValueSpecification\",\"valueRequired\":true,\"valueName\":\"search_term_string\"}}],\"inLanguage\":\"de\"},{\"@type\":[\"Organization\",\"Place\"],\"@id\":\"https:\\\/\\\/landioustravel.com\\\/de\\\/#organization\",\"name\":\"Landious Travel\",\"alternateName\":\"Landious Travel\",\"url\":\"https:\\\/\\\/landioustravel.com\\\/de\\\/\",\"logo\":{\"@id\":\"https:\\\/\\\/landioustravel.com\\\/de\\\/shop\\\/abydos-dendera-reise-luxor\\\/#local-main-organization-logo\"},\"image\":{\"@id\":\"https:\\\/\\\/landioustravel.com\\\/de\\\/shop\\\/abydos-dendera-reise-luxor\\\/#local-main-organization-logo\"},\"sameAs\":[\"https:\\\/\\\/web.facebook.com\\\/landiousEgypt\",\"https:\\\/\\\/x.com\\\/LandiousTours\",\"https:\\\/\\\/mastodon.social\\\/@landious\"],\"legalName\":\"Landious Travel\",\"telephone\":[],\"openingHoursSpecification\":[{\"@type\":\"OpeningHoursSpecification\",\"dayOfWeek\":[\"Monday\",\"Tuesday\",\"Wednesday\",\"Thursday\",\"Friday\",\"Saturday\",\"Sunday\"],\"opens\":\"09:00\",\"closes\":\"17:00\"}]},{\"@type\":\"ImageObject\",\"inLanguage\":\"de\",\"@id\":\"https:\\\/\\\/landioustravel.com\\\/de\\\/shop\\\/abydos-dendera-reise-luxor\\\/#local-main-organization-logo\",\"url\":\"https:\\\/\\\/i0.wp.com\\\/landioustravel.com\\\/wp-content\\\/uploads\\\/2021\\\/06\\\/Landious-T.png?fit=500%2C500&ssl=1\",\"contentUrl\":\"https:\\\/\\\/i0.wp.com\\\/landioustravel.com\\\/wp-content\\\/uploads\\\/2021\\\/06\\\/Landious-T.png?fit=500%2C500&ssl=1\",\"width\":500,\"height\":500,\"caption\":\"Landious Travel\"}]}<\/script>\n<!-- \/ Yoast SEO Premium plugin. -->","yoast_head_json":{"title":"Abydos Dendera Reise Luxor","description":"Abydos Dendera Reise Luxor ist eine faszinierende individuelle Tour, um die Denkm\u00e4ler in Abydos und Dendera von Luxor \u2013 \u00c4gypten aus zu sehen! Wir empfehlen","robots":{"index":"index","follow":"follow","max-snippet":"max-snippet:-1","max-image-preview":"max-image-preview:large","max-video-preview":"max-video-preview:-1"},"canonical":"https:\/\/landioustravel.com\/de\/shop\/abydos-dendera-reise-luxor\/","og_locale":"de_DE","og_type":"article","og_title":"Abydos Dendera Reise Luxor","og_description":"Landious Travel","og_url":"https:\/\/landioustravel.com\/de\/shop\/abydos-dendera-reise-luxor\/","og_site_name":"Landious Travel","article_publisher":"https:\/\/web.facebook.com\/landiousEgypt","article_modified_time":"2023-06-20T13:27:02+00:00","og_image":[{"width":1200,"height":675,"url":"https:\/\/i0.wp.com\/landioustravel.com\/wp-content\/uploads\/2022\/07\/Dendera-e1657106168248.jpg?fit=1200%2C675&ssl=1","type":"image\/jpeg"}],"twitter_card":"summary_large_image","twitter_site":"@LandiousTours","twitter_misc":{"Gesch\u00e4tzte Lesezeit":"3\u00a0Minuten"},"schema":{"@context":"https:\/\/schema.org","@graph":[{"@type":"WebPage","@id":"https:\/\/landioustravel.com\/de\/shop\/abydos-dendera-reise-luxor\/","url":"https:\/\/landioustravel.com\/de\/shop\/abydos-dendera-reise-luxor\/","name":"Abydos Dendera Reise Luxor","isPartOf":{"@id":"https:\/\/landioustravel.com\/de\/#website"},"primaryImageOfPage":{"@id":"https:\/\/landioustravel.com\/de\/shop\/abydos-dendera-reise-luxor\/#primaryimage"},"image":{"@id":"https:\/\/landioustravel.com\/de\/shop\/abydos-dendera-reise-luxor\/#primaryimage"},"thumbnailUrl":"https:\/\/i0.wp.com\/landioustravel.com\/wp-content\/uploads\/2022\/07\/Dendera-e1657106168248.jpg?fit=1200%2C675&ssl=1","datePublished":"2023-02-04T00:31:24+00:00","dateModified":"2023-06-20T13:27:02+00:00","description":"Abydos Dendera Reise Luxor ist eine faszinierende individuelle Tour, um die Denkm\u00e4ler in Abydos und Dendera von Luxor \u2013 \u00c4gypten aus zu sehen! Wir empfehlen","breadcrumb":{"@id":"https:\/\/landioustravel.com\/de\/shop\/abydos-dendera-reise-luxor\/#breadcrumb"},"inLanguage":"de","potentialAction":[{"@type":"ReadAction","target":["https:\/\/landioustravel.com\/de\/shop\/abydos-dendera-reise-luxor\/"]}]},{"@type":"ImageObject","inLanguage":"de","@id":"https:\/\/landioustravel.com\/de\/shop\/abydos-dendera-reise-luxor\/#primaryimage","url":"https:\/\/i0.wp.com\/landioustravel.com\/wp-content\/uploads\/2022\/07\/Dendera-e1657106168248.jpg?fit=1200%2C675&ssl=1","contentUrl":"https:\/\/i0.wp.com\/landioustravel.com\/wp-content\/uploads\/2022\/07\/Dendera-e1657106168248.jpg?fit=1200%2C675&ssl=1","width":1200,"height":675,"caption":"Dendera"},{"@type":"BreadcrumbList","@id":"https:\/\/landioustravel.com\/de\/shop\/abydos-dendera-reise-luxor\/#breadcrumb","itemListElement":[{"@type":"ListItem","position":1,"name":"Home","item":"https:\/\/landioustravel.com\/de\/"},{"@type":"ListItem","position":2,"name":"\u00c4gypten Touren","item":"https:\/\/landioustravel.com\/de\/"},{"@type":"ListItem","position":3,"name":"Abydos Dendera Reise Luxor"}]},{"@type":"WebSite","@id":"https:\/\/landioustravel.com\/de\/#website","url":"https:\/\/landioustravel.com\/de\/","name":"Landious Travel","description":"Excursions, trips and cruises in Egypt","publisher":{"@id":"https:\/\/landioustravel.com\/de\/#organization"},"potentialAction":[{"@type":"SearchAction","target":{"@type":"EntryPoint","urlTemplate":"https:\/\/landioustravel.com\/de\/?s={search_term_string}"},"query-input":{"@type":"PropertyValueSpecification","valueRequired":true,"valueName":"search_term_string"}}],"inLanguage":"de"},{"@type":["Organization","Place"],"@id":"https:\/\/landioustravel.com\/de\/#organization","name":"Landious Travel","alternateName":"Landious Travel","url":"https:\/\/landioustravel.com\/de\/","logo":{"@id":"https:\/\/landioustravel.com\/de\/shop\/abydos-dendera-reise-luxor\/#local-main-organization-logo"},"image":{"@id":"https:\/\/landioustravel.com\/de\/shop\/abydos-dendera-reise-luxor\/#local-main-organization-logo"},"sameAs":["https:\/\/web.facebook.com\/landiousEgypt","https:\/\/x.com\/LandiousTours","https:\/\/mastodon.social\/@landious"],"legalName":"Landious Travel","telephone":[],"openingHoursSpecification":[{"@type":"OpeningHoursSpecification","dayOfWeek":["Monday","Tuesday","Wednesday","Thursday","Friday","Saturday","Sunday"],"opens":"09:00","closes":"17:00"}]},{"@type":"ImageObject","inLanguage":"de","@id":"https:\/\/landioustravel.com\/de\/shop\/abydos-dendera-reise-luxor\/#local-main-organization-logo","url":"https:\/\/i0.wp.com\/landioustravel.com\/wp-content\/uploads\/2021\/06\/Landious-T.png?fit=500%2C500&ssl=1","contentUrl":"https:\/\/i0.wp.com\/landioustravel.com\/wp-content\/uploads\/2021\/06\/Landious-T.png?fit=500%2C500&ssl=1","width":500,"height":500,"caption":"Landious Travel"}]}},"jetpack_publicize_connections":[],"uagb_featured_image_src":{"full":["https:\/\/i0.wp.com\/landioustravel.com\/wp-content\/uploads\/2022\/07\/Dendera-e1657106168248.jpg?fit=1200%2C675&ssl=1",1200,675,false],"thumbnail":["https:\/\/i0.wp.com\/landioustravel.com\/wp-content\/uploads\/2022\/07\/Dendera-e1657106168248.jpg?resize=150%2C150&ssl=1",150,150,true],"medium":["https:\/\/i0.wp.com\/landioustravel.com\/wp-content\/uploads\/2022\/07\/Dendera-e1657106168248.jpg?fit=300%2C169&ssl=1",300,169,true],"medium_large":["https:\/\/i0.wp.com\/landioustravel.com\/wp-content\/uploads\/2022\/07\/Dendera-e1657106168248.jpg?fit=768%2C432&ssl=1",768,432,true],"large":["https:\/\/i0.wp.com\/landioustravel.com\/wp-content\/uploads\/2022\/07\/Dendera-e1657106168248.jpg?fit=980%2C551&ssl=1",980,551,true],"1536x1536":["https:\/\/i0.wp.com\/landioustravel.com\/wp-content\/uploads\/2022\/07\/Dendera-e1657106168248.jpg?fit=1200%2C675&ssl=1",1200,675,true],"2048x2048":["https:\/\/i0.wp.com\/landioustravel.com\/wp-content\/uploads\/2022\/07\/Dendera-e1657106168248.jpg?fit=1200%2C675&ssl=1",1200,675,true],"newspack-article-block-landscape-large":["https:\/\/i0.wp.com\/landioustravel.com\/wp-content\/uploads\/2022\/07\/Dendera-e1657106168248.jpg?resize=1200%2C675&ssl=1",1200,675,true],"newspack-article-block-portrait-large":["https:\/\/i0.wp.com\/landioustravel.com\/wp-content\/uploads\/2022\/07\/Dendera-e1657106168248.jpg?resize=900%2C675&ssl=1",900,675,true],"newspack-article-block-square-large":["https:\/\/i0.wp.com\/landioustravel.com\/wp-content\/uploads\/2022\/07\/Dendera-e1657106168248.jpg?resize=1200%2C675&ssl=1",1200,675,true],"newspack-article-block-landscape-medium":["https:\/\/i0.wp.com\/landioustravel.com\/wp-content\/uploads\/2022\/07\/Dendera-e1657106168248.jpg?resize=800%2C600&ssl=1",800,600,true],"newspack-article-block-portrait-medium":["https:\/\/i0.wp.com\/landioustravel.com\/wp-content\/uploads\/2022\/07\/Dendera-e1657106168248.jpg?resize=600%2C675&ssl=1",600,675,true],"newspack-article-block-square-medium":["https:\/\/i0.wp.com\/landioustravel.com\/wp-content\/uploads\/2022\/07\/Dendera-e1657106168248.jpg?resize=800%2C675&ssl=1",800,675,true],"newspack-article-block-landscape-intermediate":["https:\/\/i0.wp.com\/landioustravel.com\/wp-content\/uploads\/2022\/07\/Dendera-e1657106168248.jpg?resize=600%2C450&ssl=1",600,450,true],"newspack-article-block-portrait-intermediate":["https:\/\/i0.wp.com\/landioustravel.com\/wp-content\/uploads\/2022\/07\/Dendera-e1657106168248.jpg?resize=450%2C600&ssl=1",450,600,true],"newspack-article-block-square-intermediate":["https:\/\/i0.wp.com\/landioustravel.com\/wp-content\/uploads\/2022\/07\/Dendera-e1657106168248.jpg?resize=600%2C600&ssl=1",600,600,true],"newspack-article-block-landscape-small":["https:\/\/i0.wp.com\/landioustravel.com\/wp-content\/uploads\/2022\/07\/Dendera-e1657106168248.jpg?resize=400%2C300&ssl=1",400,300,true],"newspack-article-block-portrait-small":["https:\/\/i0.wp.com\/landioustravel.com\/wp-content\/uploads\/2022\/07\/Dendera-e1657106168248.jpg?resize=300%2C400&ssl=1",300,400,true],"newspack-article-block-square-small":["https:\/\/i0.wp.com\/landioustravel.com\/wp-content\/uploads\/2022\/07\/Dendera-e1657106168248.jpg?resize=400%2C400&ssl=1",400,400,true],"newspack-article-block-landscape-tiny":["https:\/\/i0.wp.com\/landioustravel.com\/wp-content\/uploads\/2022\/07\/Dendera-e1657106168248.jpg?resize=200%2C150&ssl=1",200,150,true],"newspack-article-block-portrait-tiny":["https:\/\/i0.wp.com\/landioustravel.com\/wp-content\/uploads\/2022\/07\/Dendera-e1657106168248.jpg?resize=150%2C200&ssl=1",150,200,true],"newspack-article-block-square-tiny":["https:\/\/i0.wp.com\/landioustravel.com\/wp-content\/uploads\/2022\/07\/Dendera-e1657106168248.jpg?resize=200%2C200&ssl=1",200,200,true],"newspack-article-block-uncropped":["https:\/\/i0.wp.com\/landioustravel.com\/wp-content\/uploads\/2022\/07\/Dendera-e1657106168248.jpg?fit=1200%2C675&ssl=1",1200,675,true],"woocommerce_thumbnail":["https:\/\/i0.wp.com\/landioustravel.com\/wp-content\/uploads\/2022\/07\/Dendera-e1657106168248.jpg?resize=324%2C324&ssl=1",324,324,true],"woocommerce_single":["https:\/\/i0.wp.com\/landioustravel.com\/wp-content\/uploads\/2022\/07\/Dendera-e1657106168248.jpg?fit=416%2C234&ssl=1",416,234,true],"woocommerce_gallery_thumbnail":["https:\/\/i0.wp.com\/landioustravel.com\/wp-content\/uploads\/2022\/07\/Dendera-e1657106168248.jpg?resize=100%2C100&ssl=1",100,100,true]},"uagb_author_info":{"display_name":"Mofreh Landious","author_link":"https:\/\/landioustravel.com\/de\/author\/"},"uagb_comment_info":0,"uagb_excerpt":"Sind Sie bereit f\u00fcr ein Abenteuer wie kein anderes? Begleiten Sie uns auf einer unglaublichen Reise von Luxor nach Abydos und Dendera und erkunden Sie zwei antike Tempel voller Geschichte und Kunstwerke. Ihr erfahrener \u00c4gyptologe nimmt Sie mit auf eine faszinierende Tour durch den Abydos-Tempel, wo Sie die beeindruckenden Kunstreliefs mit den Pharaonen \u00c4gyptens und&hellip;","jetpack_sharing_enabled":true,"jetpack_likes_enabled":true,"amp_enabled":true,"_links":{"self":[{"href":"https:\/\/landioustravel.com\/de\/wp-json\/wp\/v2\/product\/135616","targetHints":{"allow":["GET"]}}],"collection":[{"href":"https:\/\/landioustravel.com\/de\/wp-json\/wp\/v2\/product"}],"about":[{"href":"https:\/\/landioustravel.com\/de\/wp-json\/wp\/v2\/types\/product"}],"replies":[{"embeddable":true,"href":"https:\/\/landioustravel.com\/de\/wp-json\/wp\/v2\/comments?post=135616"}],"wp:featuredmedia":[{"embeddable":true,"href":"https:\/\/landioustravel.com\/de\/wp-json\/wp\/v2\/media\/99498"}],"wp:attachment":[{"href":"https:\/\/landioustravel.com\/de\/wp-json\/wp\/v2\/media?parent=135616"}],"wp:term":[{"taxonomy":"product_brand","embeddable":true,"href":"https:\/\/landioustravel.com\/de\/wp-json\/wp\/v2\/product_brand?post=135616"},{"taxonomy":"product_cat","embeddable":true,"href":"https:\/\/landioustravel.com\/de\/wp-json\/wp\/v2\/product_cat?post=135616"},{"taxonomy":"product_tag","embeddable":true,"href":"https:\/\/landioustravel.com\/de\/wp-json\/wp\/v2\/product_tag?post=135616"}],"curies":[{"name":"wp","href":"https:\/\/api.w.org\/{rel}","templated":true}]}}