{"id":135621,"date":"2022-11-06T18:02:36","date_gmt":"2023-02-04T02:54:23","guid":{"rendered":"https:\/\/landioustravel.com\/?post_type=product&#038;p=135621"},"modified":"2023-06-21T05:41:12","modified_gmt":"2023-06-21T03:41:12","slug":"assuan-reise-luxor","status":"publish","type":"product","link":"https:\/\/landioustravel.com\/de\/shop\/assuan-reise-luxor\/","title":{"rendered":"Assuan Reise von Luxor"},"content":{"rendered":"<p><strong>Assuan Reise von Luxor<\/strong> ist ein \u00fcberw\u00e4ltigender eint\u00e4giger Ausflug nach Assuan von Luxor, \u00c4gypten! Wir empfehlen einen Ausflug, da Touristen viele alt\u00e4gyptische Sehensw\u00fcrdigkeiten sehen und mehr \u00fcber seine Geschichte erfahren k\u00f6nnen.<\/p>\n<h2>H\u00f6hepunkte auf Assuan von Luxor<\/h2>\n<ul>\n<li>Sehen Sie den Hochdamm in Assuan.<\/li>\n<li>Philae-Tempel auf der Insel Agilika.<\/li>\n<li>Unvollendeter Obelisk in Assuan.<\/li>\n<\/ul>\n<h2>Reiseprogramm nach Assuan<\/h2>\n<ul>\n<li>Der Vertreter von Landious Travel holt Sie gegen 05:00 Uhr morgens vom Hotel in Luxor ab.<\/li>\n<li>Nachdem Sie alle Ank\u00f6mmlinge abgeholt haben, f\u00e4hrt der Bus nach Assuan, vorbei an den St\u00e4dten Edfu und Kom Ombo. Vom Zentrum Luxors nach Assuan dauert der Weg etwa 3 Stunden.<\/li>\n<li>Sobald Sie in Assuan ankommen, zeigen wir Ihnen den Tempel der G\u00f6ttin Isis auf der Insel Philae.<\/li>\n<li>Dann bewegen wir uns zum Hochdamm, nachdem wir die komplexen Tempel in Philae besucht haben.<\/li>\n<li>Zum Mittagessen gehen Sie ins Restaurant.<\/li>\n<li>Danach k\u00f6nnen Sie den unvollendeten Obelisken der K\u00f6nigin Hatschepsut besichtigen.<\/li>\n<li>Schlie\u00dflich wird unser Bus nach einem solchen Programm in der sch\u00f6nen Stadt Assuan nach Luxor zur\u00fcckkehren.<\/li>\n<li>Diese Reise von Luxor nach Assuan endet gegen 22:00 Uhr.<\/li>\n<\/ul>\n<h2>Was beinhaltet die Reise nach Assuan ab Luxor?<\/h2>\n<ul>\n<li>Eintrittskarten f\u00fcr Tempelbesuche.<\/li>\n<li>Mittagessen.<\/li>\n<li>F\u00fchrung.<\/li>\n<li>Au\u00dferdem Transfer nach Assuan und zur\u00fcck zum Hotel.<\/li>\n<\/ul>\n<h2>Was beinhaltet das Programm der Assuan-Reise von Luxor nicht?<\/h2>\n<ul>\n<li>Zus\u00e4tzliche Ausflugsprogramme.<\/li>\n<li>Auch Getr\u00e4nke.<\/li>\n<\/ul>\n<h2>Was nehmen Sie f\u00fcr die Reise mit?<\/h2>\n<ul>\n<li>Fr\u00fchst\u00fccksbox.<\/li>\n<li>Reisepass.<\/li>\n<li>Bringen Sie au\u00dferdem der Jahreszeit entsprechende Kleidung mit.<\/li>\n<\/ul>\n<h2>Assuan-Reise ab Luxor-Buchungstagen<\/h2>\n<ul>\n<li>T\u00e4glich von 05:00 \u2013 22:00 Uhr.<\/li>\n<\/ul>\n","protected":false},"excerpt":{"rendered":"<p>Begeben Sie sich auf eine aufregende Expedition in die pr\u00e4chtige Stadt Assuan, dem Tor zum Handel und zur strategischen Macht S\u00fcd\u00e4gyptens, auf einer epischen ganzt\u00e4gigen Bus- und Niltour ab Luxor. Bereiten Sie sich unter der Leitung eines erfahrenen \u00c4gyptologen auf ein unvergessliches Abenteuer mit Stopps in der unglaublichen Stadt Edfu am Westufer, der charmanten Agrarstadt Kom Ombo, der malerischen Inselstadt Philae und Assuan vor. Machen Sie sich bereit, vom atemberaubenden Tempel von Edfu, dem beeindruckenden Tempel von Kom Ombo, dem legend\u00e4ren Assuan-Staudamm und vielem mehr \u00fcberw\u00e4ltigt zu werden! Genie\u00dfen Sie ein stressfreies Erlebnis mit dem Abhol- und Bringservice von Ihrem Luxor-Hotel. Auf dieser unglaublichen Reise k\u00f6nnen Sie einige Besichtigungsaktivit\u00e4ten genie\u00dfen, darunter Besuche der weltber\u00fchmten Tempel von Abu Simbel. Zu den Sehensw\u00fcrdigkeiten, die Sie erleben werden, geh\u00f6ren der Staudamm, der Tempel der majest\u00e4tischen G\u00f6ttin Isis auf der Insel Philae, der unvollendete Obelisk der legend\u00e4ren Hatschepsut und die gro\u00dfen Tempel des gro\u00dfen Ramses II. Machen Sie sich bereit f\u00fcr das Abenteuer Ihres Lebens!<\/p>\n","protected":false},"featured_media":121425,"comment_status":"open","ping_status":"closed","template":"","meta":{"_coblocks_attr":"","_coblocks_dimensions":"","_coblocks_responsive_height":"","_coblocks_accordion_ie_support":"","_uag_custom_page_level_css":"","jetpack_publicize_message":"","jetpack_publicize_feature_enabled":true,"jetpack_social_post_already_shared":true,"jetpack_social_options":{"image_generator_settings":{"template":"highway","default_image_id":0,"font":"","enabled":false},"version":2},"_wpas_customize_per_network":false},"product_brand":[],"product_cat":[19548],"product_tag":[1653,9906,2185],"class_list":{"0":"post-135621","1":"product","2":"type-product","3":"status-publish","4":"has-post-thumbnail","6":"product_cat-luxor-ausfluege","7":"product_tag-ausflug","8":"product_tag-besichtigung","9":"product_tag-luxor-de","10":"pa_age-erwachsene","11":"pa_age-kind-5-11-jahre","13":"first","14":"instock","15":"sale","16":"taxable","17":"shipping-taxable","18":"purchasable","19":"product-type-variable"},"yoast_head":"<!-- This site is optimized with the Yoast SEO Premium plugin v27.5 (Yoast SEO v27.5) - https:\/\/yoast.com\/product\/yoast-seo-premium-wordpress\/ -->\n<title>Assuan Reise von Luxor<\/title>\n<meta name=\"description\" content=\"Assuan Reise von Luxor ist ein \u00fcberw\u00e4ltigender eint\u00e4giger Ausflug nach Assuan von Luxor, \u00c4gypten! Wir empfehlen einen Ausflug, da Touristen viele\" \/>\n<meta name=\"robots\" content=\"index, follow, max-snippet:-1, max-image-preview:large, max-video-preview:-1\" \/>\n<link rel=\"canonical\" href=\"https:\/\/landioustravel.com\/de\/shop\/assuan-reise-luxor\/\" \/>\n<meta property=\"og:locale\" content=\"de_DE\" \/>\n<meta property=\"og:type\" content=\"article\" \/>\n<meta property=\"og:title\" content=\"Assuan Reise von Luxor\" \/>\n<meta property=\"og:description\" content=\"Landious Travel\" \/>\n<meta property=\"og:url\" content=\"https:\/\/landioustravel.com\/de\/shop\/assuan-reise-luxor\/\" \/>\n<meta property=\"og:site_name\" content=\"Landious Travel\" \/>\n<meta property=\"article:publisher\" content=\"https:\/\/web.facebook.com\/landiousEgypt\" \/>\n<meta property=\"article:modified_time\" content=\"2023-06-21T03:41:12+00:00\" \/>\n<meta property=\"og:image\" content=\"https:\/\/i0.wp.com\/landioustravel.com\/wp-content\/uploads\/2022\/08\/Ptolemaic-Dynasty.jpg?fit=628%2C378&ssl=1\" \/>\n\t<meta property=\"og:image:width\" content=\"628\" \/>\n\t<meta property=\"og:image:height\" content=\"378\" \/>\n\t<meta property=\"og:image:type\" content=\"image\/jpeg\" \/>\n<meta name=\"twitter:card\" content=\"summary_large_image\" \/>\n<meta name=\"twitter:site\" content=\"@LandiousTours\" \/>\n<meta name=\"twitter:label1\" content=\"Gesch\u00e4tzte Lesezeit\" \/>\n\t<meta name=\"twitter:data1\" content=\"2\u00a0Minuten\" \/>\n<script type=\"application\/ld+json\" class=\"yoast-schema-graph\">{\"@context\":\"https:\\\/\\\/schema.org\",\"@graph\":[{\"@type\":\"WebPage\",\"@id\":\"https:\\\/\\\/landioustravel.com\\\/de\\\/shop\\\/assuan-reise-luxor\\\/\",\"url\":\"https:\\\/\\\/landioustravel.com\\\/de\\\/shop\\\/assuan-reise-luxor\\\/\",\"name\":\"Assuan Reise von Luxor\",\"isPartOf\":{\"@id\":\"https:\\\/\\\/landioustravel.com\\\/de\\\/#website\"},\"primaryImageOfPage\":{\"@id\":\"https:\\\/\\\/landioustravel.com\\\/de\\\/shop\\\/assuan-reise-luxor\\\/#primaryimage\"},\"image\":{\"@id\":\"https:\\\/\\\/landioustravel.com\\\/de\\\/shop\\\/assuan-reise-luxor\\\/#primaryimage\"},\"thumbnailUrl\":\"https:\\\/\\\/i0.wp.com\\\/landioustravel.com\\\/wp-content\\\/uploads\\\/2022\\\/08\\\/Ptolemaic-Dynasty.jpg?fit=628%2C378&ssl=1\",\"datePublished\":\"2023-02-04T02:54:23+00:00\",\"dateModified\":\"2023-06-21T03:41:12+00:00\",\"description\":\"Assuan Reise von Luxor ist ein \u00fcberw\u00e4ltigender eint\u00e4giger Ausflug nach Assuan von Luxor, \u00c4gypten! Wir empfehlen einen Ausflug, da Touristen viele\",\"breadcrumb\":{\"@id\":\"https:\\\/\\\/landioustravel.com\\\/de\\\/shop\\\/assuan-reise-luxor\\\/#breadcrumb\"},\"inLanguage\":\"de\",\"potentialAction\":[{\"@type\":\"ReadAction\",\"target\":[\"https:\\\/\\\/landioustravel.com\\\/de\\\/shop\\\/assuan-reise-luxor\\\/\"]}]},{\"@type\":\"ImageObject\",\"inLanguage\":\"de\",\"@id\":\"https:\\\/\\\/landioustravel.com\\\/de\\\/shop\\\/assuan-reise-luxor\\\/#primaryimage\",\"url\":\"https:\\\/\\\/i0.wp.com\\\/landioustravel.com\\\/wp-content\\\/uploads\\\/2022\\\/08\\\/Ptolemaic-Dynasty.jpg?fit=628%2C378&ssl=1\",\"contentUrl\":\"https:\\\/\\\/i0.wp.com\\\/landioustravel.com\\\/wp-content\\\/uploads\\\/2022\\\/08\\\/Ptolemaic-Dynasty.jpg?fit=628%2C378&ssl=1\",\"width\":628,\"height\":378,\"caption\":\"Ptolemaic Dynasty\"},{\"@type\":\"BreadcrumbList\",\"@id\":\"https:\\\/\\\/landioustravel.com\\\/de\\\/shop\\\/assuan-reise-luxor\\\/#breadcrumb\",\"itemListElement\":[{\"@type\":\"ListItem\",\"position\":1,\"name\":\"Home\",\"item\":\"https:\\\/\\\/landioustravel.com\\\/de\\\/\"},{\"@type\":\"ListItem\",\"position\":2,\"name\":\"\u00c4gypten Touren\",\"item\":\"https:\\\/\\\/landioustravel.com\\\/de\\\/\"},{\"@type\":\"ListItem\",\"position\":3,\"name\":\"Assuan Reise von Luxor\"}]},{\"@type\":\"WebSite\",\"@id\":\"https:\\\/\\\/landioustravel.com\\\/de\\\/#website\",\"url\":\"https:\\\/\\\/landioustravel.com\\\/de\\\/\",\"name\":\"Landious Travel\",\"description\":\"Excursions, trips and cruises in Egypt\",\"publisher\":{\"@id\":\"https:\\\/\\\/landioustravel.com\\\/de\\\/#organization\"},\"potentialAction\":[{\"@type\":\"SearchAction\",\"target\":{\"@type\":\"EntryPoint\",\"urlTemplate\":\"https:\\\/\\\/landioustravel.com\\\/de\\\/?s={search_term_string}\"},\"query-input\":{\"@type\":\"PropertyValueSpecification\",\"valueRequired\":true,\"valueName\":\"search_term_string\"}}],\"inLanguage\":\"de\"},{\"@type\":[\"Organization\",\"Place\"],\"@id\":\"https:\\\/\\\/landioustravel.com\\\/de\\\/#organization\",\"name\":\"Landious Travel\",\"alternateName\":\"Landious Travel\",\"url\":\"https:\\\/\\\/landioustravel.com\\\/de\\\/\",\"logo\":{\"@id\":\"https:\\\/\\\/landioustravel.com\\\/de\\\/shop\\\/assuan-reise-luxor\\\/#local-main-organization-logo\"},\"image\":{\"@id\":\"https:\\\/\\\/landioustravel.com\\\/de\\\/shop\\\/assuan-reise-luxor\\\/#local-main-organization-logo\"},\"sameAs\":[\"https:\\\/\\\/web.facebook.com\\\/landiousEgypt\",\"https:\\\/\\\/x.com\\\/LandiousTours\",\"https:\\\/\\\/mastodon.social\\\/@landious\"],\"legalName\":\"Landious Travel\",\"telephone\":[],\"openingHoursSpecification\":[{\"@type\":\"OpeningHoursSpecification\",\"dayOfWeek\":[\"Monday\",\"Tuesday\",\"Wednesday\",\"Thursday\",\"Friday\",\"Saturday\",\"Sunday\"],\"opens\":\"09:00\",\"closes\":\"17:00\"}]},{\"@type\":\"ImageObject\",\"inLanguage\":\"de\",\"@id\":\"https:\\\/\\\/landioustravel.com\\\/de\\\/shop\\\/assuan-reise-luxor\\\/#local-main-organization-logo\",\"url\":\"https:\\\/\\\/i0.wp.com\\\/landioustravel.com\\\/wp-content\\\/uploads\\\/2021\\\/06\\\/Landious-T.png?fit=500%2C500&ssl=1\",\"contentUrl\":\"https:\\\/\\\/i0.wp.com\\\/landioustravel.com\\\/wp-content\\\/uploads\\\/2021\\\/06\\\/Landious-T.png?fit=500%2C500&ssl=1\",\"width\":500,\"height\":500,\"caption\":\"Landious Travel\"}]}<\/script>\n<!-- \/ Yoast SEO Premium plugin. -->","yoast_head_json":{"title":"Assuan Reise von Luxor","description":"Assuan Reise von Luxor ist ein \u00fcberw\u00e4ltigender eint\u00e4giger Ausflug nach Assuan von Luxor, \u00c4gypten! Wir empfehlen einen Ausflug, da Touristen viele","robots":{"index":"index","follow":"follow","max-snippet":"max-snippet:-1","max-image-preview":"max-image-preview:large","max-video-preview":"max-video-preview:-1"},"canonical":"https:\/\/landioustravel.com\/de\/shop\/assuan-reise-luxor\/","og_locale":"de_DE","og_type":"article","og_title":"Assuan Reise von Luxor","og_description":"Landious Travel","og_url":"https:\/\/landioustravel.com\/de\/shop\/assuan-reise-luxor\/","og_site_name":"Landious Travel","article_publisher":"https:\/\/web.facebook.com\/landiousEgypt","article_modified_time":"2023-06-21T03:41:12+00:00","og_image":[{"width":628,"height":378,"url":"https:\/\/i0.wp.com\/landioustravel.com\/wp-content\/uploads\/2022\/08\/Ptolemaic-Dynasty.jpg?fit=628%2C378&ssl=1","type":"image\/jpeg"}],"twitter_card":"summary_large_image","twitter_site":"@LandiousTours","twitter_misc":{"Gesch\u00e4tzte Lesezeit":"2\u00a0Minuten"},"schema":{"@context":"https:\/\/schema.org","@graph":[{"@type":"WebPage","@id":"https:\/\/landioustravel.com\/de\/shop\/assuan-reise-luxor\/","url":"https:\/\/landioustravel.com\/de\/shop\/assuan-reise-luxor\/","name":"Assuan Reise von Luxor","isPartOf":{"@id":"https:\/\/landioustravel.com\/de\/#website"},"primaryImageOfPage":{"@id":"https:\/\/landioustravel.com\/de\/shop\/assuan-reise-luxor\/#primaryimage"},"image":{"@id":"https:\/\/landioustravel.com\/de\/shop\/assuan-reise-luxor\/#primaryimage"},"thumbnailUrl":"https:\/\/i0.wp.com\/landioustravel.com\/wp-content\/uploads\/2022\/08\/Ptolemaic-Dynasty.jpg?fit=628%2C378&ssl=1","datePublished":"2023-02-04T02:54:23+00:00","dateModified":"2023-06-21T03:41:12+00:00","description":"Assuan Reise von Luxor ist ein \u00fcberw\u00e4ltigender eint\u00e4giger Ausflug nach Assuan von Luxor, \u00c4gypten! Wir empfehlen einen Ausflug, da Touristen viele","breadcrumb":{"@id":"https:\/\/landioustravel.com\/de\/shop\/assuan-reise-luxor\/#breadcrumb"},"inLanguage":"de","potentialAction":[{"@type":"ReadAction","target":["https:\/\/landioustravel.com\/de\/shop\/assuan-reise-luxor\/"]}]},{"@type":"ImageObject","inLanguage":"de","@id":"https:\/\/landioustravel.com\/de\/shop\/assuan-reise-luxor\/#primaryimage","url":"https:\/\/i0.wp.com\/landioustravel.com\/wp-content\/uploads\/2022\/08\/Ptolemaic-Dynasty.jpg?fit=628%2C378&ssl=1","contentUrl":"https:\/\/i0.wp.com\/landioustravel.com\/wp-content\/uploads\/2022\/08\/Ptolemaic-Dynasty.jpg?fit=628%2C378&ssl=1","width":628,"height":378,"caption":"Ptolemaic Dynasty"},{"@type":"BreadcrumbList","@id":"https:\/\/landioustravel.com\/de\/shop\/assuan-reise-luxor\/#breadcrumb","itemListElement":[{"@type":"ListItem","position":1,"name":"Home","item":"https:\/\/landioustravel.com\/de\/"},{"@type":"ListItem","position":2,"name":"\u00c4gypten Touren","item":"https:\/\/landioustravel.com\/de\/"},{"@type":"ListItem","position":3,"name":"Assuan Reise von Luxor"}]},{"@type":"WebSite","@id":"https:\/\/landioustravel.com\/de\/#website","url":"https:\/\/landioustravel.com\/de\/","name":"Landious Travel","description":"Excursions, trips and cruises in Egypt","publisher":{"@id":"https:\/\/landioustravel.com\/de\/#organization"},"potentialAction":[{"@type":"SearchAction","target":{"@type":"EntryPoint","urlTemplate":"https:\/\/landioustravel.com\/de\/?s={search_term_string}"},"query-input":{"@type":"PropertyValueSpecification","valueRequired":true,"valueName":"search_term_string"}}],"inLanguage":"de"},{"@type":["Organization","Place"],"@id":"https:\/\/landioustravel.com\/de\/#organization","name":"Landious Travel","alternateName":"Landious Travel","url":"https:\/\/landioustravel.com\/de\/","logo":{"@id":"https:\/\/landioustravel.com\/de\/shop\/assuan-reise-luxor\/#local-main-organization-logo"},"image":{"@id":"https:\/\/landioustravel.com\/de\/shop\/assuan-reise-luxor\/#local-main-organization-logo"},"sameAs":["https:\/\/web.facebook.com\/landiousEgypt","https:\/\/x.com\/LandiousTours","https:\/\/mastodon.social\/@landious"],"legalName":"Landious Travel","telephone":[],"openingHoursSpecification":[{"@type":"OpeningHoursSpecification","dayOfWeek":["Monday","Tuesday","Wednesday","Thursday","Friday","Saturday","Sunday"],"opens":"09:00","closes":"17:00"}]},{"@type":"ImageObject","inLanguage":"de","@id":"https:\/\/landioustravel.com\/de\/shop\/assuan-reise-luxor\/#local-main-organization-logo","url":"https:\/\/i0.wp.com\/landioustravel.com\/wp-content\/uploads\/2021\/06\/Landious-T.png?fit=500%2C500&ssl=1","contentUrl":"https:\/\/i0.wp.com\/landioustravel.com\/wp-content\/uploads\/2021\/06\/Landious-T.png?fit=500%2C500&ssl=1","width":500,"height":500,"caption":"Landious Travel"}]}},"jetpack_publicize_connections":[],"uagb_featured_image_src":{"full":["https:\/\/i0.wp.com\/landioustravel.com\/wp-content\/uploads\/2022\/08\/Ptolemaic-Dynasty.jpg?fit=628%2C378&ssl=1",628,378,false],"thumbnail":["https:\/\/i0.wp.com\/landioustravel.com\/wp-content\/uploads\/2022\/08\/Ptolemaic-Dynasty.jpg?resize=150%2C150&ssl=1",150,150,true],"medium":["https:\/\/i0.wp.com\/landioustravel.com\/wp-content\/uploads\/2022\/08\/Ptolemaic-Dynasty.jpg?fit=300%2C181&ssl=1",300,181,true],"medium_large":["https:\/\/i0.wp.com\/landioustravel.com\/wp-content\/uploads\/2022\/08\/Ptolemaic-Dynasty.jpg?fit=628%2C378&ssl=1",628,378,true],"large":["https:\/\/i0.wp.com\/landioustravel.com\/wp-content\/uploads\/2022\/08\/Ptolemaic-Dynasty.jpg?fit=628%2C378&ssl=1",628,378,true],"1536x1536":["https:\/\/i0.wp.com\/landioustravel.com\/wp-content\/uploads\/2022\/08\/Ptolemaic-Dynasty.jpg?fit=628%2C378&ssl=1",628,378,true],"2048x2048":["https:\/\/i0.wp.com\/landioustravel.com\/wp-content\/uploads\/2022\/08\/Ptolemaic-Dynasty.jpg?fit=628%2C378&ssl=1",628,378,true],"newspack-article-block-landscape-large":["https:\/\/i0.wp.com\/landioustravel.com\/wp-content\/uploads\/2022\/08\/Ptolemaic-Dynasty.jpg?resize=628%2C378&ssl=1",628,378,true],"newspack-article-block-portrait-large":["https:\/\/i0.wp.com\/landioustravel.com\/wp-content\/uploads\/2022\/08\/Ptolemaic-Dynasty.jpg?resize=628%2C378&ssl=1",628,378,true],"newspack-article-block-square-large":["https:\/\/i0.wp.com\/landioustravel.com\/wp-content\/uploads\/2022\/08\/Ptolemaic-Dynasty.jpg?resize=628%2C378&ssl=1",628,378,true],"newspack-article-block-landscape-medium":["https:\/\/i0.wp.com\/landioustravel.com\/wp-content\/uploads\/2022\/08\/Ptolemaic-Dynasty.jpg?resize=628%2C378&ssl=1",628,378,true],"newspack-article-block-portrait-medium":["https:\/\/i0.wp.com\/landioustravel.com\/wp-content\/uploads\/2022\/08\/Ptolemaic-Dynasty.jpg?resize=600%2C378&ssl=1",600,378,true],"newspack-article-block-square-medium":["https:\/\/i0.wp.com\/landioustravel.com\/wp-content\/uploads\/2022\/08\/Ptolemaic-Dynasty.jpg?resize=628%2C378&ssl=1",628,378,true],"newspack-article-block-landscape-intermediate":["https:\/\/i0.wp.com\/landioustravel.com\/wp-content\/uploads\/2022\/08\/Ptolemaic-Dynasty.jpg?resize=600%2C378&ssl=1",600,378,true],"newspack-article-block-portrait-intermediate":["https:\/\/i0.wp.com\/landioustravel.com\/wp-content\/uploads\/2022\/08\/Ptolemaic-Dynasty.jpg?resize=450%2C378&ssl=1",450,378,true],"newspack-article-block-square-intermediate":["https:\/\/i0.wp.com\/landioustravel.com\/wp-content\/uploads\/2022\/08\/Ptolemaic-Dynasty.jpg?resize=600%2C378&ssl=1",600,378,true],"newspack-article-block-landscape-small":["https:\/\/i0.wp.com\/landioustravel.com\/wp-content\/uploads\/2022\/08\/Ptolemaic-Dynasty.jpg?resize=400%2C300&ssl=1",400,300,true],"newspack-article-block-portrait-small":["https:\/\/i0.wp.com\/landioustravel.com\/wp-content\/uploads\/2022\/08\/Ptolemaic-Dynasty.jpg?resize=300%2C378&ssl=1",300,378,true],"newspack-article-block-square-small":["https:\/\/i0.wp.com\/landioustravel.com\/wp-content\/uploads\/2022\/08\/Ptolemaic-Dynasty.jpg?resize=400%2C378&ssl=1",400,378,true],"newspack-article-block-landscape-tiny":["https:\/\/i0.wp.com\/landioustravel.com\/wp-content\/uploads\/2022\/08\/Ptolemaic-Dynasty.jpg?resize=200%2C150&ssl=1",200,150,true],"newspack-article-block-portrait-tiny":["https:\/\/i0.wp.com\/landioustravel.com\/wp-content\/uploads\/2022\/08\/Ptolemaic-Dynasty.jpg?resize=150%2C200&ssl=1",150,200,true],"newspack-article-block-square-tiny":["https:\/\/i0.wp.com\/landioustravel.com\/wp-content\/uploads\/2022\/08\/Ptolemaic-Dynasty.jpg?resize=200%2C200&ssl=1",200,200,true],"newspack-article-block-uncropped":["https:\/\/i0.wp.com\/landioustravel.com\/wp-content\/uploads\/2022\/08\/Ptolemaic-Dynasty.jpg?fit=628%2C378&ssl=1",628,378,true],"woocommerce_thumbnail":["https:\/\/i0.wp.com\/landioustravel.com\/wp-content\/uploads\/2022\/08\/Ptolemaic-Dynasty.jpg?resize=324%2C324&ssl=1",324,324,true],"woocommerce_single":["https:\/\/i0.wp.com\/landioustravel.com\/wp-content\/uploads\/2022\/08\/Ptolemaic-Dynasty.jpg?fit=416%2C250&ssl=1",416,250,true],"woocommerce_gallery_thumbnail":["https:\/\/i0.wp.com\/landioustravel.com\/wp-content\/uploads\/2022\/08\/Ptolemaic-Dynasty.jpg?resize=100%2C100&ssl=1",100,100,true]},"uagb_author_info":{"display_name":"Mofreh Landious","author_link":"https:\/\/landioustravel.com\/de\/author\/"},"uagb_comment_info":0,"uagb_excerpt":"Begeben Sie sich auf eine aufregende Expedition in die pr\u00e4chtige Stadt Assuan, dem Tor zum Handel und zur strategischen Macht S\u00fcd\u00e4gyptens, auf einer epischen ganzt\u00e4gigen Bus- und Niltour ab Luxor. Bereiten Sie sich unter der Leitung eines erfahrenen \u00c4gyptologen auf ein unvergessliches Abenteuer mit Stopps in der unglaublichen Stadt Edfu am Westufer, der charmanten Agrarstadt&hellip;","jetpack_sharing_enabled":true,"jetpack_likes_enabled":true,"amp_enabled":true,"_links":{"self":[{"href":"https:\/\/landioustravel.com\/de\/wp-json\/wp\/v2\/product\/135621","targetHints":{"allow":["GET"]}}],"collection":[{"href":"https:\/\/landioustravel.com\/de\/wp-json\/wp\/v2\/product"}],"about":[{"href":"https:\/\/landioustravel.com\/de\/wp-json\/wp\/v2\/types\/product"}],"replies":[{"embeddable":true,"href":"https:\/\/landioustravel.com\/de\/wp-json\/wp\/v2\/comments?post=135621"}],"wp:featuredmedia":[{"embeddable":true,"href":"https:\/\/landioustravel.com\/de\/wp-json\/wp\/v2\/media\/121425"}],"wp:attachment":[{"href":"https:\/\/landioustravel.com\/de\/wp-json\/wp\/v2\/media?parent=135621"}],"wp:term":[{"taxonomy":"product_brand","embeddable":true,"href":"https:\/\/landioustravel.com\/de\/wp-json\/wp\/v2\/product_brand?post=135621"},{"taxonomy":"product_cat","embeddable":true,"href":"https:\/\/landioustravel.com\/de\/wp-json\/wp\/v2\/product_cat?post=135621"},{"taxonomy":"product_tag","embeddable":true,"href":"https:\/\/landioustravel.com\/de\/wp-json\/wp\/v2\/product_tag?post=135621"}],"curies":[{"name":"wp","href":"https:\/\/api.w.org\/{rel}","templated":true}]}}