{"id":135627,"date":"2022-11-06T15:29:51","date_gmt":"2023-02-04T03:15:48","guid":{"rendered":"https:\/\/landioustravel.com\/?post_type=product&#038;p=135627"},"modified":"2023-06-21T05:50:50","modified_gmt":"2023-06-21T03:50:50","slug":"westufer-reise-luxor","status":"publish","type":"product","link":"https:\/\/landioustravel.com\/de\/shop\/westufer-reise-luxor\/","title":{"rendered":"Westufer Reise Luxor"},"content":{"rendered":"<p><strong>Westufer Reise Luxor<\/strong> ist ein unvergesslicher halbt\u00e4giger Ausflug zu den alt\u00e4gyptischen Denkm\u00e4lern am Westufer von <a href=\"https:\/\/landioustravel.com\/de\/agypten\/aegyptische-staedte\/luxor-gouvernement\/\">Luxor<\/a>, \u00c4gypten! Wir empfehlen die Reise, da sie es Touristen in der Regel erm\u00f6glicht, viele alt\u00e4gyptische Sehensw\u00fcrdigkeiten zu entdecken und etwas \u00fcber die Geschichte des Landes zu erfahren.<\/p>\n<h2>H\u00f6hepunkte des Westufer-Ausflugs von Luxor<\/h2>\n<ul>\n<li>Die Memnonkolosse im Tempel von Amenophis III.<\/li>\n<li>Besuchen Sie den Tempel der K\u00f6nigin Hatschepsut.<\/li>\n<li>Auch das Tal der K\u00f6nige in der Stadt der Toten.<\/li>\n<li>Mittagessen<\/li>\n<\/ul>\n<h2>Programm in West-Luxor<\/h2>\n<ul>\n<li>Der erste Halt dort wird bei den Kolosse von Memnon sein. Dies sind die beiden majest\u00e4tischen Statuen, die am Eingang des Tempels von Amenhotep III stehen. Ihr Guide zeigt sie und erlaubt Ihnen, ein Foto zu machen.<\/li>\n<li>Weiter f\u00e4hrt der Bus zum pr\u00e4chtigen Tempel der K\u00f6nigin Hatschepsut. Es ist ein beeindruckender Tempel in Deir El-Bahari. Die Erbauer dieses Tempels haben ihn professionell in den Felsen geschnitten. Au\u00dferdem besteht es aus drei Etagen. Um diesen Tempel herum sehen Sie alle Arten von Gr\u00e4bern und zwei Tempel. Auf der rechten Seite entdecken Sie die Tempel von Thutmose III und Amenhopa Neb Hept Ra. Auch hier gibt der Guide Informationen und Freizeit, um den Ort zu erkunden.<\/li>\n<li>Folglich k\u00f6nnen Sie mit dem Programm sehen, wie Handwerker antiquierte Statuen herstellen. Die Touristen kommen zweifellos in der Fabrik Alabaster auf diese Idee.<\/li>\n<li>Vor dem Ende des Programms in West-Luxor besuchen Sie das Tal der K\u00f6nige. Es ist so toll an diesem Ort und interessant!<\/li>\n<li>Schlie\u00dflich kehrt unser Bus nach einem solchen Programm in der herrlichen Stadt Luxor zu Ihren Hotels zur\u00fcck.<\/li>\n<li>Dieser Ausflug zum Westufer von Luxor mit einem Besuch des Tals der K\u00f6nige von Luxor endet gegen 22:00 Uhr.<\/li>\n<\/ul>\n<h2>Was beinhaltet der Preis der West Bank Tour?<\/h2>\n<ul>\n<li>Eintrittskarten f\u00fcr Tempelbesuche.<\/li>\n<li>Mittagessen.<\/li>\n<li>F\u00fchrung.<\/li>\n<li>Au\u00dferdem Transfer zum Westufer von Luxor und zur\u00fcck zum Hotel.<\/li>\n<\/ul>\n<h2>Was beinhaltet das Programm Westuferreise nicht?<\/h2>\n<ul>\n<li>Zus\u00e4tzliche Ausflugsprogramme.<\/li>\n<li>Auch Getr\u00e4nke.<\/li>\n<li>Was nehmen Sie f\u00fcr die Reise mit?<\/li>\n<li>Ziehen Sie der Jahreszeit entsprechende Kleidung an.<\/li>\n<\/ul>\n<h2>Buchungstage des Westufer-Ausflugs von Luxor<\/h2>\n<ul>\n<li>T\u00e4glich 08:00 \u2013 16:00<\/li>\n<\/ul>\n<h2>Was erwartet Sie w\u00e4hrend des Ausflugs zum Westufer von Luxor?<\/h2>\n<h3>Denkm\u00e4ler am Westufer des Nils<\/h3>\n<h4>Hatschepsut-Tempel<\/h4>\n<p>Der Hatschepsut-Tempel in El Deir El Bahary ist ein beeindruckender Tempel, der K\u00f6nigin Hatschepsut, der einzigen weiblichen Pharaonin, gewidmet ist. Beeindruckend erhebt es sich mit einer Reihe von Terrassen in der W\u00fcste. Es verschmilzt mit den steilen Kalksteinfelsen, die es umgeben. Er ist einer der sch\u00f6nsten und am besten erhaltenen aller Tempel des alten \u00c4gypten.<\/p>\n<h4>Tempel Tuthmosis III<\/h4>\n<p>Der Bau des Tempels erfolgte im letzten Jahrzehnt der Herrschaft von Thutmosis III. Wir k\u00f6nnen vermuten, dass es um 1435-1425 v. H\u00f6chstwahrscheinlich wurde der Tempel durch ein Erdbeben zerst\u00f6rt. Es geschah zu Beginn der einundzwanzigsten Dynastie. Viele Entdeckungen fanden schlie\u00dflich statt. Eines davon waren die mit Reliefverzierungen bedeckten Mauerfragmente.<\/p>\n<h4>Auch Kolosse von Memnon<\/h4>\n<p>Zwei massive Monosteinstatuen von K\u00f6nig Amenophis III. sind die bedeutenden \u00dcberreste eines riesigen Totentempels.<\/p>\n","protected":false},"excerpt":{"rendered":"<p>Erleben Sie die Wunder des alten \u00c4gypten auf einer privaten Halbtagestour durch das Tal der K\u00f6nige, den K\u00f6nigin-Hatschepsut-Tempel und die Memnonkolosse. Ihr sachkundiger Reisef\u00fchrer gibt Einblicke in die Geschichte der einzelnen St\u00e4tten, sodass Sie mehr erfahren k\u00f6nnen, als Sie es in einem Reisef\u00fchrer tun w\u00fcrden. Genie\u00dfen Sie den Komfort eines klimatisierten Transports, w\u00e4hrend Sie das beeindruckende Tal der K\u00f6nige besuchen, wo viele K\u00f6nige begraben wurden, darunter Tutmosis I., Tutmosis III., Tut-Ankh-Amon, K\u00f6nig Ramsess VI., K\u00f6nig Mrenptah und Amonhotep II. Erkunden Sie als n\u00e4chstes den Tempel der K\u00f6nigin Hatschepsut, auch bekannt als El Dir El Bahari, der von der einzigen pharaonischen Frau erbaut wurde, die im alten \u00c4gypten regierte. Besuchen Sie abschlie\u00dfend die \u00f6rtliche Alabasterfabrik, um Souvenirs zu kaufen. Mit einem privaten Reisef\u00fchrer und Transport k\u00f6nnen Sie jeden Ort in Ihrem eigenen Tempo erkunden und Ihre ungeteilte Aufmerksamkeit erhalten. W\u00e4hlen Sie aus mehreren Startzeiten, die zu Ihrem Zeitplan passen, und lehnen Sie sich zur\u00fcck und genie\u00dfen Sie die Landschaft, w\u00e4hrend Sie zwischen den einzelnen Zielen hin und her reisen.<\/p>\n","protected":false},"featured_media":125968,"comment_status":"open","ping_status":"closed","template":"","meta":{"_coblocks_attr":"","_coblocks_dimensions":"","_coblocks_responsive_height":"","_coblocks_accordion_ie_support":"","_uag_custom_page_level_css":"","jetpack_publicize_message":"","jetpack_publicize_feature_enabled":true,"jetpack_social_post_already_shared":true,"jetpack_social_options":{"image_generator_settings":{"template":"highway","default_image_id":0,"font":"","enabled":false},"version":2},"_wpas_customize_per_network":false},"product_brand":[],"product_cat":[19548],"product_tag":[1653,9906,2185],"class_list":{"0":"post-135627","1":"product","2":"type-product","3":"status-publish","4":"has-post-thumbnail","6":"product_cat-luxor-ausfluege","7":"product_tag-ausflug","8":"product_tag-besichtigung","9":"product_tag-luxor-de","10":"pa_age-erwachsene","11":"pa_age-kind-5-11-jahre","13":"first","14":"instock","15":"sale","16":"taxable","17":"shipping-taxable","18":"purchasable","19":"product-type-variable"},"yoast_head":"<!-- This site is optimized with the Yoast SEO Premium plugin v27.5 (Yoast SEO v27.5) - https:\/\/yoast.com\/product\/yoast-seo-premium-wordpress\/ -->\n<title>Westufer Reise Luxor<\/title>\n<meta name=\"description\" content=\"Westufer Reise Luxor ist ein unvergesslicher halbt\u00e4giger Ausflug zu den alt\u00e4gyptischen Denkm\u00e4lern am Westufer von Luxor, \u00c4gypten! Wir empfehlen die Reise,\" \/>\n<meta name=\"robots\" content=\"index, follow, max-snippet:-1, max-image-preview:large, max-video-preview:-1\" \/>\n<link rel=\"canonical\" href=\"https:\/\/landioustravel.com\/de\/shop\/westufer-reise-luxor\/\" \/>\n<meta property=\"og:locale\" content=\"de_DE\" \/>\n<meta property=\"og:type\" content=\"article\" \/>\n<meta property=\"og:title\" content=\"Westufer Reise Luxor\" \/>\n<meta property=\"og:description\" content=\"Landious Travel\" \/>\n<meta property=\"og:url\" content=\"https:\/\/landioustravel.com\/de\/shop\/westufer-reise-luxor\/\" \/>\n<meta property=\"og:site_name\" content=\"Landious Travel\" \/>\n<meta property=\"article:publisher\" content=\"https:\/\/web.facebook.com\/landiousEgypt\" \/>\n<meta property=\"article:modified_time\" content=\"2023-06-21T03:50:50+00:00\" \/>\n<meta property=\"og:image\" content=\"https:\/\/i0.wp.com\/landioustravel.com\/wp-content\/uploads\/2022\/09\/Tomb-of-Tutankhamun.jpg?fit=976%2C549&ssl=1\" \/>\n\t<meta property=\"og:image:width\" content=\"976\" \/>\n\t<meta property=\"og:image:height\" content=\"549\" \/>\n\t<meta property=\"og:image:type\" content=\"image\/jpeg\" \/>\n<meta name=\"twitter:card\" content=\"summary_large_image\" \/>\n<meta name=\"twitter:site\" content=\"@LandiousTours\" \/>\n<meta name=\"twitter:label1\" content=\"Gesch\u00e4tzte Lesezeit\" \/>\n\t<meta name=\"twitter:data1\" content=\"3\u00a0Minuten\" \/>\n<script type=\"application\/ld+json\" class=\"yoast-schema-graph\">{\"@context\":\"https:\\\/\\\/schema.org\",\"@graph\":[{\"@type\":\"WebPage\",\"@id\":\"https:\\\/\\\/landioustravel.com\\\/de\\\/shop\\\/westufer-reise-luxor\\\/\",\"url\":\"https:\\\/\\\/landioustravel.com\\\/de\\\/shop\\\/westufer-reise-luxor\\\/\",\"name\":\"Westufer Reise Luxor\",\"isPartOf\":{\"@id\":\"https:\\\/\\\/landioustravel.com\\\/de\\\/#website\"},\"primaryImageOfPage\":{\"@id\":\"https:\\\/\\\/landioustravel.com\\\/de\\\/shop\\\/westufer-reise-luxor\\\/#primaryimage\"},\"image\":{\"@id\":\"https:\\\/\\\/landioustravel.com\\\/de\\\/shop\\\/westufer-reise-luxor\\\/#primaryimage\"},\"thumbnailUrl\":\"https:\\\/\\\/i0.wp.com\\\/landioustravel.com\\\/wp-content\\\/uploads\\\/2022\\\/09\\\/Tomb-of-Tutankhamun.jpg?fit=976%2C549&ssl=1\",\"datePublished\":\"2023-02-04T03:15:48+00:00\",\"dateModified\":\"2023-06-21T03:50:50+00:00\",\"description\":\"Westufer Reise Luxor ist ein unvergesslicher halbt\u00e4giger Ausflug zu den alt\u00e4gyptischen Denkm\u00e4lern am Westufer von Luxor, \u00c4gypten! Wir empfehlen die Reise,\",\"breadcrumb\":{\"@id\":\"https:\\\/\\\/landioustravel.com\\\/de\\\/shop\\\/westufer-reise-luxor\\\/#breadcrumb\"},\"inLanguage\":\"de\",\"potentialAction\":[{\"@type\":\"ReadAction\",\"target\":[\"https:\\\/\\\/landioustravel.com\\\/de\\\/shop\\\/westufer-reise-luxor\\\/\"]}]},{\"@type\":\"ImageObject\",\"inLanguage\":\"de\",\"@id\":\"https:\\\/\\\/landioustravel.com\\\/de\\\/shop\\\/westufer-reise-luxor\\\/#primaryimage\",\"url\":\"https:\\\/\\\/i0.wp.com\\\/landioustravel.com\\\/wp-content\\\/uploads\\\/2022\\\/09\\\/Tomb-of-Tutankhamun.jpg?fit=976%2C549&ssl=1\",\"contentUrl\":\"https:\\\/\\\/i0.wp.com\\\/landioustravel.com\\\/wp-content\\\/uploads\\\/2022\\\/09\\\/Tomb-of-Tutankhamun.jpg?fit=976%2C549&ssl=1\",\"width\":976,\"height\":549,\"caption\":\"Tomb of Tutankhamun\"},{\"@type\":\"BreadcrumbList\",\"@id\":\"https:\\\/\\\/landioustravel.com\\\/de\\\/shop\\\/westufer-reise-luxor\\\/#breadcrumb\",\"itemListElement\":[{\"@type\":\"ListItem\",\"position\":1,\"name\":\"Home\",\"item\":\"https:\\\/\\\/landioustravel.com\\\/de\\\/\"},{\"@type\":\"ListItem\",\"position\":2,\"name\":\"\u00c4gypten Touren\",\"item\":\"https:\\\/\\\/landioustravel.com\\\/de\\\/\"},{\"@type\":\"ListItem\",\"position\":3,\"name\":\"Westufer Reise Luxor\"}]},{\"@type\":\"WebSite\",\"@id\":\"https:\\\/\\\/landioustravel.com\\\/de\\\/#website\",\"url\":\"https:\\\/\\\/landioustravel.com\\\/de\\\/\",\"name\":\"Landious Travel\",\"description\":\"Excursions, trips and cruises in Egypt\",\"publisher\":{\"@id\":\"https:\\\/\\\/landioustravel.com\\\/de\\\/#organization\"},\"potentialAction\":[{\"@type\":\"SearchAction\",\"target\":{\"@type\":\"EntryPoint\",\"urlTemplate\":\"https:\\\/\\\/landioustravel.com\\\/de\\\/?s={search_term_string}\"},\"query-input\":{\"@type\":\"PropertyValueSpecification\",\"valueRequired\":true,\"valueName\":\"search_term_string\"}}],\"inLanguage\":\"de\"},{\"@type\":[\"Organization\",\"Place\"],\"@id\":\"https:\\\/\\\/landioustravel.com\\\/de\\\/#organization\",\"name\":\"Landious Travel\",\"alternateName\":\"Landious Travel\",\"url\":\"https:\\\/\\\/landioustravel.com\\\/de\\\/\",\"logo\":{\"@id\":\"https:\\\/\\\/landioustravel.com\\\/de\\\/shop\\\/westufer-reise-luxor\\\/#local-main-organization-logo\"},\"image\":{\"@id\":\"https:\\\/\\\/landioustravel.com\\\/de\\\/shop\\\/westufer-reise-luxor\\\/#local-main-organization-logo\"},\"sameAs\":[\"https:\\\/\\\/web.facebook.com\\\/landiousEgypt\",\"https:\\\/\\\/x.com\\\/LandiousTours\",\"https:\\\/\\\/mastodon.social\\\/@landious\"],\"legalName\":\"Landious Travel\",\"telephone\":[],\"openingHoursSpecification\":[{\"@type\":\"OpeningHoursSpecification\",\"dayOfWeek\":[\"Monday\",\"Tuesday\",\"Wednesday\",\"Thursday\",\"Friday\",\"Saturday\",\"Sunday\"],\"opens\":\"09:00\",\"closes\":\"17:00\"}]},{\"@type\":\"ImageObject\",\"inLanguage\":\"de\",\"@id\":\"https:\\\/\\\/landioustravel.com\\\/de\\\/shop\\\/westufer-reise-luxor\\\/#local-main-organization-logo\",\"url\":\"https:\\\/\\\/i0.wp.com\\\/landioustravel.com\\\/wp-content\\\/uploads\\\/2021\\\/06\\\/Landious-T.png?fit=500%2C500&ssl=1\",\"contentUrl\":\"https:\\\/\\\/i0.wp.com\\\/landioustravel.com\\\/wp-content\\\/uploads\\\/2021\\\/06\\\/Landious-T.png?fit=500%2C500&ssl=1\",\"width\":500,\"height\":500,\"caption\":\"Landious Travel\"}]}<\/script>\n<!-- \/ Yoast SEO Premium plugin. -->","yoast_head_json":{"title":"Westufer Reise Luxor","description":"Westufer Reise Luxor ist ein unvergesslicher halbt\u00e4giger Ausflug zu den alt\u00e4gyptischen Denkm\u00e4lern am Westufer von Luxor, \u00c4gypten! Wir empfehlen die Reise,","robots":{"index":"index","follow":"follow","max-snippet":"max-snippet:-1","max-image-preview":"max-image-preview:large","max-video-preview":"max-video-preview:-1"},"canonical":"https:\/\/landioustravel.com\/de\/shop\/westufer-reise-luxor\/","og_locale":"de_DE","og_type":"article","og_title":"Westufer Reise Luxor","og_description":"Landious Travel","og_url":"https:\/\/landioustravel.com\/de\/shop\/westufer-reise-luxor\/","og_site_name":"Landious Travel","article_publisher":"https:\/\/web.facebook.com\/landiousEgypt","article_modified_time":"2023-06-21T03:50:50+00:00","og_image":[{"width":976,"height":549,"url":"https:\/\/i0.wp.com\/landioustravel.com\/wp-content\/uploads\/2022\/09\/Tomb-of-Tutankhamun.jpg?fit=976%2C549&ssl=1","type":"image\/jpeg"}],"twitter_card":"summary_large_image","twitter_site":"@LandiousTours","twitter_misc":{"Gesch\u00e4tzte Lesezeit":"3\u00a0Minuten"},"schema":{"@context":"https:\/\/schema.org","@graph":[{"@type":"WebPage","@id":"https:\/\/landioustravel.com\/de\/shop\/westufer-reise-luxor\/","url":"https:\/\/landioustravel.com\/de\/shop\/westufer-reise-luxor\/","name":"Westufer Reise Luxor","isPartOf":{"@id":"https:\/\/landioustravel.com\/de\/#website"},"primaryImageOfPage":{"@id":"https:\/\/landioustravel.com\/de\/shop\/westufer-reise-luxor\/#primaryimage"},"image":{"@id":"https:\/\/landioustravel.com\/de\/shop\/westufer-reise-luxor\/#primaryimage"},"thumbnailUrl":"https:\/\/i0.wp.com\/landioustravel.com\/wp-content\/uploads\/2022\/09\/Tomb-of-Tutankhamun.jpg?fit=976%2C549&ssl=1","datePublished":"2023-02-04T03:15:48+00:00","dateModified":"2023-06-21T03:50:50+00:00","description":"Westufer Reise Luxor ist ein unvergesslicher halbt\u00e4giger Ausflug zu den alt\u00e4gyptischen Denkm\u00e4lern am Westufer von Luxor, \u00c4gypten! Wir empfehlen die Reise,","breadcrumb":{"@id":"https:\/\/landioustravel.com\/de\/shop\/westufer-reise-luxor\/#breadcrumb"},"inLanguage":"de","potentialAction":[{"@type":"ReadAction","target":["https:\/\/landioustravel.com\/de\/shop\/westufer-reise-luxor\/"]}]},{"@type":"ImageObject","inLanguage":"de","@id":"https:\/\/landioustravel.com\/de\/shop\/westufer-reise-luxor\/#primaryimage","url":"https:\/\/i0.wp.com\/landioustravel.com\/wp-content\/uploads\/2022\/09\/Tomb-of-Tutankhamun.jpg?fit=976%2C549&ssl=1","contentUrl":"https:\/\/i0.wp.com\/landioustravel.com\/wp-content\/uploads\/2022\/09\/Tomb-of-Tutankhamun.jpg?fit=976%2C549&ssl=1","width":976,"height":549,"caption":"Tomb of Tutankhamun"},{"@type":"BreadcrumbList","@id":"https:\/\/landioustravel.com\/de\/shop\/westufer-reise-luxor\/#breadcrumb","itemListElement":[{"@type":"ListItem","position":1,"name":"Home","item":"https:\/\/landioustravel.com\/de\/"},{"@type":"ListItem","position":2,"name":"\u00c4gypten Touren","item":"https:\/\/landioustravel.com\/de\/"},{"@type":"ListItem","position":3,"name":"Westufer Reise Luxor"}]},{"@type":"WebSite","@id":"https:\/\/landioustravel.com\/de\/#website","url":"https:\/\/landioustravel.com\/de\/","name":"Landious Travel","description":"Excursions, trips and cruises in Egypt","publisher":{"@id":"https:\/\/landioustravel.com\/de\/#organization"},"potentialAction":[{"@type":"SearchAction","target":{"@type":"EntryPoint","urlTemplate":"https:\/\/landioustravel.com\/de\/?s={search_term_string}"},"query-input":{"@type":"PropertyValueSpecification","valueRequired":true,"valueName":"search_term_string"}}],"inLanguage":"de"},{"@type":["Organization","Place"],"@id":"https:\/\/landioustravel.com\/de\/#organization","name":"Landious Travel","alternateName":"Landious Travel","url":"https:\/\/landioustravel.com\/de\/","logo":{"@id":"https:\/\/landioustravel.com\/de\/shop\/westufer-reise-luxor\/#local-main-organization-logo"},"image":{"@id":"https:\/\/landioustravel.com\/de\/shop\/westufer-reise-luxor\/#local-main-organization-logo"},"sameAs":["https:\/\/web.facebook.com\/landiousEgypt","https:\/\/x.com\/LandiousTours","https:\/\/mastodon.social\/@landious"],"legalName":"Landious Travel","telephone":[],"openingHoursSpecification":[{"@type":"OpeningHoursSpecification","dayOfWeek":["Monday","Tuesday","Wednesday","Thursday","Friday","Saturday","Sunday"],"opens":"09:00","closes":"17:00"}]},{"@type":"ImageObject","inLanguage":"de","@id":"https:\/\/landioustravel.com\/de\/shop\/westufer-reise-luxor\/#local-main-organization-logo","url":"https:\/\/i0.wp.com\/landioustravel.com\/wp-content\/uploads\/2021\/06\/Landious-T.png?fit=500%2C500&ssl=1","contentUrl":"https:\/\/i0.wp.com\/landioustravel.com\/wp-content\/uploads\/2021\/06\/Landious-T.png?fit=500%2C500&ssl=1","width":500,"height":500,"caption":"Landious Travel"}]}},"jetpack_publicize_connections":[],"uagb_featured_image_src":{"full":["https:\/\/i0.wp.com\/landioustravel.com\/wp-content\/uploads\/2022\/09\/Tomb-of-Tutankhamun.jpg?fit=976%2C549&ssl=1",976,549,false],"thumbnail":["https:\/\/i0.wp.com\/landioustravel.com\/wp-content\/uploads\/2022\/09\/Tomb-of-Tutankhamun.jpg?resize=150%2C150&ssl=1",150,150,true],"medium":["https:\/\/i0.wp.com\/landioustravel.com\/wp-content\/uploads\/2022\/09\/Tomb-of-Tutankhamun.jpg?fit=300%2C169&ssl=1",300,169,true],"medium_large":["https:\/\/i0.wp.com\/landioustravel.com\/wp-content\/uploads\/2022\/09\/Tomb-of-Tutankhamun.jpg?fit=768%2C432&ssl=1",768,432,true],"large":["https:\/\/i0.wp.com\/landioustravel.com\/wp-content\/uploads\/2022\/09\/Tomb-of-Tutankhamun.jpg?fit=976%2C549&ssl=1",976,549,true],"1536x1536":["https:\/\/i0.wp.com\/landioustravel.com\/wp-content\/uploads\/2022\/09\/Tomb-of-Tutankhamun.jpg?fit=976%2C549&ssl=1",976,549,true],"2048x2048":["https:\/\/i0.wp.com\/landioustravel.com\/wp-content\/uploads\/2022\/09\/Tomb-of-Tutankhamun.jpg?fit=976%2C549&ssl=1",976,549,true],"newspack-article-block-landscape-large":["https:\/\/i0.wp.com\/landioustravel.com\/wp-content\/uploads\/2022\/09\/Tomb-of-Tutankhamun.jpg?resize=976%2C549&ssl=1",976,549,true],"newspack-article-block-portrait-large":["https:\/\/i0.wp.com\/landioustravel.com\/wp-content\/uploads\/2022\/09\/Tomb-of-Tutankhamun.jpg?resize=900%2C549&ssl=1",900,549,true],"newspack-article-block-square-large":["https:\/\/i0.wp.com\/landioustravel.com\/wp-content\/uploads\/2022\/09\/Tomb-of-Tutankhamun.jpg?resize=976%2C549&ssl=1",976,549,true],"newspack-article-block-landscape-medium":["https:\/\/i0.wp.com\/landioustravel.com\/wp-content\/uploads\/2022\/09\/Tomb-of-Tutankhamun.jpg?resize=800%2C549&ssl=1",800,549,true],"newspack-article-block-portrait-medium":["https:\/\/i0.wp.com\/landioustravel.com\/wp-content\/uploads\/2022\/09\/Tomb-of-Tutankhamun.jpg?resize=600%2C549&ssl=1",600,549,true],"newspack-article-block-square-medium":["https:\/\/i0.wp.com\/landioustravel.com\/wp-content\/uploads\/2022\/09\/Tomb-of-Tutankhamun.jpg?resize=800%2C549&ssl=1",800,549,true],"newspack-article-block-landscape-intermediate":["https:\/\/i0.wp.com\/landioustravel.com\/wp-content\/uploads\/2022\/09\/Tomb-of-Tutankhamun.jpg?resize=600%2C450&ssl=1",600,450,true],"newspack-article-block-portrait-intermediate":["https:\/\/i0.wp.com\/landioustravel.com\/wp-content\/uploads\/2022\/09\/Tomb-of-Tutankhamun.jpg?resize=450%2C549&ssl=1",450,549,true],"newspack-article-block-square-intermediate":["https:\/\/i0.wp.com\/landioustravel.com\/wp-content\/uploads\/2022\/09\/Tomb-of-Tutankhamun.jpg?resize=600%2C549&ssl=1",600,549,true],"newspack-article-block-landscape-small":["https:\/\/i0.wp.com\/landioustravel.com\/wp-content\/uploads\/2022\/09\/Tomb-of-Tutankhamun.jpg?resize=400%2C300&ssl=1",400,300,true],"newspack-article-block-portrait-small":["https:\/\/i0.wp.com\/landioustravel.com\/wp-content\/uploads\/2022\/09\/Tomb-of-Tutankhamun.jpg?resize=300%2C400&ssl=1",300,400,true],"newspack-article-block-square-small":["https:\/\/i0.wp.com\/landioustravel.com\/wp-content\/uploads\/2022\/09\/Tomb-of-Tutankhamun.jpg?resize=400%2C400&ssl=1",400,400,true],"newspack-article-block-landscape-tiny":["https:\/\/i0.wp.com\/landioustravel.com\/wp-content\/uploads\/2022\/09\/Tomb-of-Tutankhamun.jpg?resize=200%2C150&ssl=1",200,150,true],"newspack-article-block-portrait-tiny":["https:\/\/i0.wp.com\/landioustravel.com\/wp-content\/uploads\/2022\/09\/Tomb-of-Tutankhamun.jpg?resize=150%2C200&ssl=1",150,200,true],"newspack-article-block-square-tiny":["https:\/\/i0.wp.com\/landioustravel.com\/wp-content\/uploads\/2022\/09\/Tomb-of-Tutankhamun.jpg?resize=200%2C200&ssl=1",200,200,true],"newspack-article-block-uncropped":["https:\/\/i0.wp.com\/landioustravel.com\/wp-content\/uploads\/2022\/09\/Tomb-of-Tutankhamun.jpg?fit=976%2C549&ssl=1",976,549,true],"woocommerce_thumbnail":["https:\/\/i0.wp.com\/landioustravel.com\/wp-content\/uploads\/2022\/09\/Tomb-of-Tutankhamun.jpg?resize=324%2C324&ssl=1",324,324,true],"woocommerce_single":["https:\/\/i0.wp.com\/landioustravel.com\/wp-content\/uploads\/2022\/09\/Tomb-of-Tutankhamun.jpg?fit=416%2C234&ssl=1",416,234,true],"woocommerce_gallery_thumbnail":["https:\/\/i0.wp.com\/landioustravel.com\/wp-content\/uploads\/2022\/09\/Tomb-of-Tutankhamun.jpg?resize=100%2C100&ssl=1",100,100,true]},"uagb_author_info":{"display_name":"Mofreh Landious","author_link":"https:\/\/landioustravel.com\/de\/author\/"},"uagb_comment_info":0,"uagb_excerpt":"Erleben Sie die Wunder des alten \u00c4gypten auf einer privaten Halbtagestour durch das Tal der K\u00f6nige, den K\u00f6nigin-Hatschepsut-Tempel und die Memnonkolosse. Ihr sachkundiger Reisef\u00fchrer gibt Einblicke in die Geschichte der einzelnen St\u00e4tten, sodass Sie mehr erfahren k\u00f6nnen, als Sie es in einem Reisef\u00fchrer tun w\u00fcrden. Genie\u00dfen Sie den Komfort eines klimatisierten Transports, w\u00e4hrend Sie das&hellip;","jetpack_sharing_enabled":true,"jetpack_likes_enabled":true,"amp_enabled":true,"_links":{"self":[{"href":"https:\/\/landioustravel.com\/de\/wp-json\/wp\/v2\/product\/135627","targetHints":{"allow":["GET"]}}],"collection":[{"href":"https:\/\/landioustravel.com\/de\/wp-json\/wp\/v2\/product"}],"about":[{"href":"https:\/\/landioustravel.com\/de\/wp-json\/wp\/v2\/types\/product"}],"replies":[{"embeddable":true,"href":"https:\/\/landioustravel.com\/de\/wp-json\/wp\/v2\/comments?post=135627"}],"wp:featuredmedia":[{"embeddable":true,"href":"https:\/\/landioustravel.com\/de\/wp-json\/wp\/v2\/media\/125968"}],"wp:attachment":[{"href":"https:\/\/landioustravel.com\/de\/wp-json\/wp\/v2\/media?parent=135627"}],"wp:term":[{"taxonomy":"product_brand","embeddable":true,"href":"https:\/\/landioustravel.com\/de\/wp-json\/wp\/v2\/product_brand?post=135627"},{"taxonomy":"product_cat","embeddable":true,"href":"https:\/\/landioustravel.com\/de\/wp-json\/wp\/v2\/product_cat?post=135627"},{"taxonomy":"product_tag","embeddable":true,"href":"https:\/\/landioustravel.com\/de\/wp-json\/wp\/v2\/product_tag?post=135627"}],"curies":[{"name":"wp","href":"https:\/\/api.w.org\/{rel}","templated":true}]}}