{"id":135634,"date":"2022-11-06T13:48:07","date_gmt":"2023-02-04T11:30:01","guid":{"rendered":"https:\/\/landioustravel.com\/?post_type=product&#038;p=135634"},"modified":"2023-06-19T16:23:43","modified_gmt":"2023-06-19T14:23:43","slug":"kairo-reise-flugzeug-luxor","status":"publish","type":"product","link":"https:\/\/landioustravel.com\/de\/shop\/kairo-reise-flugzeug-luxor\/","title":{"rendered":"Kairo Reise mit Flugzeug Luxor"},"content":{"rendered":"<p><strong>Kairo Reise mit Flugzeug Luxor<\/strong> ist eine fantastische eint\u00e4gige Tour, um die alt\u00e4gyptischen Sehensw\u00fcrdigkeiten in Kairo und Gizeh von Luxor aus mit dem Flugzeug, \u00c4gypten, zu sehen! Wir empfehlen diese Reise, weil sie es Touristen erm\u00f6glicht, die beeindruckendsten Sehensw\u00fcrdigkeiten zu sehen und mehr \u00fcber ihre Geschichte zu erfahren. Nat\u00fcrlich f\u00fchrt diese Reise zu den gro\u00dfen Pyramiden und der riesigen Sphinx in Gizeh. Au\u00dferdem geht es auch an das \u00c4gyptische Museum in Kairo. Au\u00dferdem werden die Teilnehmer diese lang ersehnte Reise machen, ohne viel Zeit zu verlieren. Im Allgemeinen spart das Reisen mit dem Flugzeug Zeit.<\/p>\n<h2>H\u00f6hepunkte auf der Reise von Luxor nach Kairo mit dem Flugzeug<\/h2>\n<ul>\n<li>Besuchen Sie das \u00c4gyptische Museum in Kairo.<\/li>\n<li>Mittagessen in einem Restaurant.<\/li>\n<li>Besuchen Sie die drei Pyramiden in Gizeh.<\/li>\n<li>Bewundern Sie auch die Gro\u00dfe Sphinx im Pyramidenkomplex.<\/li>\n<li>Gehen Sie in die Altstadt von Kairo und entdecken Sie Khan El Khalili.<\/li>\n<\/ul>\n<h2>Programm der Flugreise nach Kairo und Gizeh<\/h2>\n<ul>\n<li>Der Vertreter von Landious Travel holt Sie gegen 05:00 Uhr in einem klimatisierten Fahrzeug von Ihrem Hotel in Luxor ab.<\/li>\n<li>Nachdem alle Ank\u00f6mmlinge abgeholt wurden, f\u00e4hrt der Bus zum internationalen Flughafen von Luxor. Es dauert ungef\u00e4hr 30 Minuten, um zum Flughafen zu gelangen.<\/li>\n<\/ul>\n<h3>Programm in Kairo<\/h3>\n<ul>\n<li>Wir zeigen Ihnen das \u00c4gyptische Museum, sobald Sie in Kairo ankommen. Dieses Museum hat etwa 100 Ausstellungsr\u00e4ume in diesem Museum. In diesen S\u00e4len befindet sich eine einzigartige Sammlung von etwa 150.000 Gegenst\u00e4nden. Ihr Reiseleiter zeigt Ihnen alle wichtigen Exponate in diesem riesigen Museum. Au\u00dferdem gibt er Ihnen Freizeit, um Fotos zu machen.<\/li>\n<li>Nach dem Besuch des \u00c4gyptischen Museums starten Sie das Bootspicknick auf dem Nil. Diese Nilfahrt ist ein Zusatzprogramm; Sie k\u00f6nnen es \u00fcber uns im Voraus buchen! Sobald das Bootspicknick auf dem Nil endet, fahren Sie in eine andere Stadt \u2013 Gizeh.<\/li>\n<\/ul>\n<h3>Programm in Gizeh<\/h3>\n<ul>\n<li>Nat\u00fcrlich geht die Reise in Gizeh weiter. Die erste Station an diesem Ort ist das Restaurant. Es bietet ein offenes Buffet.<\/li>\n<li>Dann geht die Gruppe weiter zum Pyramidenkomplex von Gizeh mit gro\u00dfen Pyramiden und der Sphinx. Noch einmal zeigt Ihnen Ihr Reiseleiter diese Denkm\u00e4ler und gibt Ihnen Zeit, ein Foto zu machen.<\/li>\n<\/ul>\n<h3>Abfahrt nach Luxor<\/h3>\n<ul>\n<li>Nach einem so hervorragenden Programm in den St\u00e4dten Kairo und Gizeh geht es schlie\u00dflich zum Flughafen Kairo.<\/li>\n<li>Diese Reise von Luxor nach Kairo mit dem Flugzeug endet gegen 23:00 Uhr.<\/li>\n<\/ul>\n<h2>Was beinhaltet der Preis der Kairo-Reise mit dem Flugzeug Luxor?<\/h2>\n<ul>\n<li>Eintrittskarten f\u00fcr Tempelbesuche.<\/li>\n<li>Mittagessen.<\/li>\n<li>F\u00fchrung.<\/li>\n<li>Transfer zum Flughafen Luxor.<\/li>\n<li>Fahrzeug in Kairo.<\/li>\n<li>Au\u00dferdem Transfer vom Flughafen Luxor zur\u00fcck zu Ihrem Hotel.<\/li>\n<\/ul>\n<h2>Was beinhaltet das Programm der Kairo Tour Luxor mit dem Flugzeug nicht?<\/h2>\n<ul>\n<li>Zus\u00e4tzliche Ausflugsprogramme, falls nicht im obigen Programm enthalten.<\/li>\n<li>Auch Getr\u00e4nke.<\/li>\n<\/ul>\n<h2>Was nehmen Sie mit auf die Reise?<\/h2>\n<ul>\n<li>Fr\u00fchst\u00fccksbox.<\/li>\n<li>Auch Reisepass.<\/li>\n<\/ul>\n<h2>Kairo Reise mit dem Flugzeug Luxor Buchungstage<\/h2>\n<ul>\n<li>Bitte pr\u00fcfen Sie unbedingt die Verf\u00fcgbarkeit bei uns!<\/li>\n<li>Sonntags von 05:00 \u2013 23:00 Uhr.<\/li>\n<li>Donnerstags von 05:00 \u2013 23:00 Uhr.<\/li>\n<li>Au\u00dferdem sind freitags von 05:00 \u2013 23:00 Uhr.<\/li>\n<\/ul>\n<h2>Was wird w\u00e4hrend des Kairo-Ausflugs mit dem Flugzeug Luxor erwartet?<\/h2>\n<h3>\u00e4gyptisches Museum<\/h3>\n<p>Das \u00c4gyptische Museum ist das \u00e4lteste arch\u00e4ologische Museum in \u00c4gypten und im Nahen Osten. Es zeigt eine umfangreiche Sammlung, die von der pr\u00e4dynastischen Zeit bis zur griechisch-r\u00f6mischen Zeit reicht. Dar\u00fcber hinaus beherbergt dieses Depot die umfassendste Sammlung pharaonischer Altert\u00fcmer der Welt. Diese fantastische Sammlung zeichnet 5.000 Jahre \u00e4gyptische Geschichte nach.<\/p>\n<h3>Pyramidenkomplex von Gizeh<\/h3>\n<p>Der Pyramidenkomplex von Gizeh ist die beliebteste Touristenattraktion in \u00c4gypten. Dieser Komplex ist eine alt\u00e4gyptische St\u00e4tte auf dem Gizeh-Plateau. Es ist weithin bekannt und umfasst die Gro\u00dfe Pyramide von Gizeh mit den dazugeh\u00f6rigen Netzwerken und die Sphinx von Gizeh. Wir nennen es auch die Nekropole von Gizeh.<\/p>\n<p>Die alten \u00c4gypter bauten diese massiven Konstruktionen w\u00e4hrend der vierten Dynastie des alten K\u00f6nigreichs des alten \u00c4gypten. Dar\u00fcber hinaus umfasst der Gizeh-Komplex mehrere Friedh\u00f6fe und die \u00dcberreste einer Arbeitersiedlung auf seinem Territorium.<\/p>\n<h3>Cheops-Pyramide<\/h3>\n<p>Die Cheops-Pyramide erhebt sich in einer H\u00f6he von 138,5 Metern. Diese \u00e4lteste und gr\u00f6\u00dfte Pyramide befindet sich im Pyramidenkomplex von Gizeh und hat die Menschen im Laufe der Jahrhunderte in Erstaunen versetzt. Dieses Wunder ist ein Teil der Sieben Weltwunder der Antike.<\/p>\n<h3>Pyramide von Chephren<\/h3>\n<p>Die Pyramide von Khafre steht bei 448 Fu\u00df mit einer Basisl\u00e4nge von 706 Fu\u00df. Diese Ma\u00dfe machen die Pyramide zum zweith\u00f6chsten und zweitgr\u00f6\u00dften Pyramidenkomplex von Gizeh. Es beherbergt das Grab des Pharao Khafre aus der vierten Dynastie, der zwischen 2558 und 2532 v. Chr. regierte. Dieses historische Denkmal ist auch als Chephren-Pyramide bekannt.<\/p>\n<h3>Menkaure-Pyramide<\/h3>\n<p>Mykerinos ist die dritte Pyramide im Pyramidenkomplex von Gizeh im Gro\u00dfraum Kairo, \u00c4gypten. Kleinster der drei; Diese sch\u00f6ne Struktur erhebt sich auf 66 Meter (218 Fu\u00df). Die Menkaure-Pyramide beherbergt einige der beeindruckendsten Skulpturen aus der alt\u00e4gyptischen Geschichte, obwohl sie kurz ist.<\/p>\n<h3>Gro\u00dfe Sphinx<\/h3>\n<p>Die Gro\u00dfe Sphinx ist eine der bedeutendsten Skulpturen der Welt. Es ist fast 66 Fu\u00df hoch und zeigt den K\u00f6rper eines zur\u00fcckgelehnten L\u00f6wen und einen menschlichen Kopf. Au\u00dferdem schm\u00fcckt ein k\u00f6niglicher Kopfschmuck den menschlichen Kopf der Sphinx. Die L\u00e4nge dieser pr\u00e4chtigen Statue betr\u00e4gt etwa 240 Fu\u00df.<\/p>\n","protected":false},"excerpt":{"rendered":"<p>Begeben Sie sich mit dem Flugzeug auf ein unvergessliches Abenteuer von Luxor nach Kairo und erleben Sie die Pracht der Pyramiden von Gizeh, der Sphinx und des \u00c4gyptischen Museums! Dieser au\u00dfergew\u00f6hnliche Tagesausflug ist voller Spannung und wird Sie von den antiken Wundern \u00c4gyptens in Erstaunen versetzen. Verpassen Sie nicht, die pulsierende \u00e4gyptische Hauptstadt und alles, was sie zu bieten hat, zu erkunden. Mit einem erfahrenen \u00e4gyptologischen Reiseleiter an Ihrer Seite werden Sie auf einen ganzt\u00e4gigen Ausflug zu den Hauptattraktionen von Kairo entf\u00fchrt, darunter die Pyramiden von Gizeh, das \u00c4gyptische Museum, den Khan El Khalili-Basar und das koptische Alt-Kairo. W\u00e4hrend Sie auf Ihrem Flug nach Kairo durch die L\u00fcfte schweben, werden Sie von der atemberaubenden Aussicht auf die drei gro\u00dfen Pyramiden von Gizeh und die Gro\u00dfe Sphinx beeindruckt sein. Und nach einem Tag voller Abenteuer werden Sie sicher zu Ihrem Hotel in Luxor oder auf einer Nilkreuzfahrt zur\u00fcckgebracht. Machen Sie sich bereit f\u00fcr eine unvergessliche Reise durch die Zeit und erleben Sie die Wunder des alten \u00c4gypten bei dieser einmaligen Tagestour nach Kairo ab Luxor per Flug!<\/p>\n","protected":false},"featured_media":123595,"comment_status":"open","ping_status":"closed","template":"","meta":{"_coblocks_attr":"","_coblocks_dimensions":"","_coblocks_responsive_height":"","_coblocks_accordion_ie_support":"","_uag_custom_page_level_css":"","jetpack_publicize_message":"","jetpack_publicize_feature_enabled":true,"jetpack_social_post_already_shared":true,"jetpack_social_options":{"image_generator_settings":{"template":"highway","default_image_id":0,"font":"","enabled":false},"version":2},"_wpas_customize_per_network":false},"product_brand":[],"product_cat":[19548],"product_tag":[1653,9906,1652,2185,1654,1655],"class_list":{"0":"post-135634","1":"product","2":"type-product","3":"status-publish","4":"has-post-thumbnail","6":"product_cat-luxor-ausfluege","7":"product_tag-ausflug","8":"product_tag-besichtigung","9":"product_tag-kairo","10":"product_tag-luxor-de","11":"product_tag-pyramiden","12":"product_tag-sphinx-de","13":"pa_age-erwachsene","14":"pa_age-kind-1-4-jahre","15":"pa_age-kind-5-11-jahre","17":"first","18":"instock","19":"sale","20":"taxable","21":"shipping-taxable","22":"purchasable","23":"product-type-variable"},"yoast_head":"<!-- This site is optimized with the Yoast SEO Premium plugin v27.5 (Yoast SEO v27.5) - https:\/\/yoast.com\/product\/yoast-seo-premium-wordpress\/ -->\n<title>Kairo Reise mit Flugzeug Luxor<\/title>\n<meta name=\"description\" content=\"Kairo Reise mit Flugzeug Luxor ist eine fantastische eint\u00e4gige Tour, um die alt\u00e4gyptischen Sehensw\u00fcrdigkeiten in Kairo und Gizeh von Luxor aus mit dem\" \/>\n<meta name=\"robots\" content=\"index, follow, max-snippet:-1, max-image-preview:large, max-video-preview:-1\" \/>\n<link rel=\"canonical\" href=\"https:\/\/landioustravel.com\/de\/shop\/kairo-reise-flugzeug-luxor\/\" \/>\n<meta property=\"og:locale\" content=\"de_DE\" \/>\n<meta property=\"og:type\" content=\"article\" \/>\n<meta property=\"og:title\" content=\"Kairo Reise mit Flugzeug Luxor\" \/>\n<meta property=\"og:description\" content=\"Landious Travel\" \/>\n<meta property=\"og:url\" content=\"https:\/\/landioustravel.com\/de\/shop\/kairo-reise-flugzeug-luxor\/\" \/>\n<meta property=\"og:site_name\" content=\"Landious Travel\" \/>\n<meta property=\"article:publisher\" content=\"https:\/\/web.facebook.com\/landiousEgypt\" \/>\n<meta property=\"article:modified_time\" content=\"2023-06-19T14:23:43+00:00\" \/>\n<meta property=\"og:image\" content=\"https:\/\/landioustravel.com\/wp-content\/uploads\/2022\/09\/Tourism-in-Egypt-e1663172482774-1024x683.jpg\" \/>\n\t<meta property=\"og:image:width\" content=\"1024\" \/>\n\t<meta property=\"og:image:height\" content=\"683\" \/>\n\t<meta property=\"og:image:type\" content=\"image\/jpeg\" \/>\n<meta name=\"twitter:card\" content=\"summary_large_image\" \/>\n<meta name=\"twitter:site\" content=\"@LandiousTours\" \/>\n<meta name=\"twitter:label1\" content=\"Gesch\u00e4tzte Lesezeit\" \/>\n\t<meta name=\"twitter:data1\" content=\"4\u00a0Minuten\" \/>\n<script type=\"application\/ld+json\" class=\"yoast-schema-graph\">{\"@context\":\"https:\\\/\\\/schema.org\",\"@graph\":[{\"@type\":\"WebPage\",\"@id\":\"https:\\\/\\\/landioustravel.com\\\/de\\\/shop\\\/kairo-reise-flugzeug-luxor\\\/\",\"url\":\"https:\\\/\\\/landioustravel.com\\\/de\\\/shop\\\/kairo-reise-flugzeug-luxor\\\/\",\"name\":\"Kairo Reise mit Flugzeug Luxor\",\"isPartOf\":{\"@id\":\"https:\\\/\\\/landioustravel.com\\\/de\\\/#website\"},\"primaryImageOfPage\":{\"@id\":\"https:\\\/\\\/landioustravel.com\\\/de\\\/shop\\\/kairo-reise-flugzeug-luxor\\\/#primaryimage\"},\"image\":{\"@id\":\"https:\\\/\\\/landioustravel.com\\\/de\\\/shop\\\/kairo-reise-flugzeug-luxor\\\/#primaryimage\"},\"thumbnailUrl\":\"https:\\\/\\\/i0.wp.com\\\/landioustravel.com\\\/wp-content\\\/uploads\\\/2022\\\/09\\\/Tourism-in-Egypt-e1663172482774.jpg?fit=1200%2C800&ssl=1\",\"datePublished\":\"2023-02-04T11:30:01+00:00\",\"dateModified\":\"2023-06-19T14:23:43+00:00\",\"description\":\"Kairo Reise mit Flugzeug Luxor ist eine fantastische eint\u00e4gige Tour, um die alt\u00e4gyptischen Sehensw\u00fcrdigkeiten in Kairo und Gizeh von Luxor aus mit dem\",\"breadcrumb\":{\"@id\":\"https:\\\/\\\/landioustravel.com\\\/de\\\/shop\\\/kairo-reise-flugzeug-luxor\\\/#breadcrumb\"},\"inLanguage\":\"de\",\"potentialAction\":[{\"@type\":\"ReadAction\",\"target\":[\"https:\\\/\\\/landioustravel.com\\\/de\\\/shop\\\/kairo-reise-flugzeug-luxor\\\/\"]}]},{\"@type\":\"ImageObject\",\"inLanguage\":\"de\",\"@id\":\"https:\\\/\\\/landioustravel.com\\\/de\\\/shop\\\/kairo-reise-flugzeug-luxor\\\/#primaryimage\",\"url\":\"https:\\\/\\\/i0.wp.com\\\/landioustravel.com\\\/wp-content\\\/uploads\\\/2022\\\/09\\\/Tourism-in-Egypt-e1663172482774.jpg?fit=1200%2C800&ssl=1\",\"contentUrl\":\"https:\\\/\\\/i0.wp.com\\\/landioustravel.com\\\/wp-content\\\/uploads\\\/2022\\\/09\\\/Tourism-in-Egypt-e1663172482774.jpg?fit=1200%2C800&ssl=1\",\"width\":1200,\"height\":800,\"caption\":\"Tourism in Egypt\"},{\"@type\":\"BreadcrumbList\",\"@id\":\"https:\\\/\\\/landioustravel.com\\\/de\\\/shop\\\/kairo-reise-flugzeug-luxor\\\/#breadcrumb\",\"itemListElement\":[{\"@type\":\"ListItem\",\"position\":1,\"name\":\"Home\",\"item\":\"https:\\\/\\\/landioustravel.com\\\/de\\\/\"},{\"@type\":\"ListItem\",\"position\":2,\"name\":\"\u00c4gypten Touren\",\"item\":\"https:\\\/\\\/landioustravel.com\\\/de\\\/\"},{\"@type\":\"ListItem\",\"position\":3,\"name\":\"Kairo Reise mit Flugzeug Luxor\"}]},{\"@type\":\"WebSite\",\"@id\":\"https:\\\/\\\/landioustravel.com\\\/de\\\/#website\",\"url\":\"https:\\\/\\\/landioustravel.com\\\/de\\\/\",\"name\":\"Landious Travel\",\"description\":\"Excursions, trips and cruises in Egypt\",\"publisher\":{\"@id\":\"https:\\\/\\\/landioustravel.com\\\/de\\\/#organization\"},\"potentialAction\":[{\"@type\":\"SearchAction\",\"target\":{\"@type\":\"EntryPoint\",\"urlTemplate\":\"https:\\\/\\\/landioustravel.com\\\/de\\\/?s={search_term_string}\"},\"query-input\":{\"@type\":\"PropertyValueSpecification\",\"valueRequired\":true,\"valueName\":\"search_term_string\"}}],\"inLanguage\":\"de\"},{\"@type\":[\"Organization\",\"Place\"],\"@id\":\"https:\\\/\\\/landioustravel.com\\\/de\\\/#organization\",\"name\":\"Landious Travel\",\"alternateName\":\"Landious Travel\",\"url\":\"https:\\\/\\\/landioustravel.com\\\/de\\\/\",\"logo\":{\"@id\":\"https:\\\/\\\/landioustravel.com\\\/de\\\/shop\\\/kairo-reise-flugzeug-luxor\\\/#local-main-organization-logo\"},\"image\":{\"@id\":\"https:\\\/\\\/landioustravel.com\\\/de\\\/shop\\\/kairo-reise-flugzeug-luxor\\\/#local-main-organization-logo\"},\"sameAs\":[\"https:\\\/\\\/web.facebook.com\\\/landiousEgypt\",\"https:\\\/\\\/x.com\\\/LandiousTours\",\"https:\\\/\\\/mastodon.social\\\/@landious\"],\"legalName\":\"Landious Travel\",\"telephone\":[],\"openingHoursSpecification\":[{\"@type\":\"OpeningHoursSpecification\",\"dayOfWeek\":[\"Monday\",\"Tuesday\",\"Wednesday\",\"Thursday\",\"Friday\",\"Saturday\",\"Sunday\"],\"opens\":\"09:00\",\"closes\":\"17:00\"}]},{\"@type\":\"ImageObject\",\"inLanguage\":\"de\",\"@id\":\"https:\\\/\\\/landioustravel.com\\\/de\\\/shop\\\/kairo-reise-flugzeug-luxor\\\/#local-main-organization-logo\",\"url\":\"https:\\\/\\\/i0.wp.com\\\/landioustravel.com\\\/wp-content\\\/uploads\\\/2021\\\/06\\\/Landious-T.png?fit=500%2C500&ssl=1\",\"contentUrl\":\"https:\\\/\\\/i0.wp.com\\\/landioustravel.com\\\/wp-content\\\/uploads\\\/2021\\\/06\\\/Landious-T.png?fit=500%2C500&ssl=1\",\"width\":500,\"height\":500,\"caption\":\"Landious Travel\"}]}<\/script>\n<!-- \/ Yoast SEO Premium plugin. -->","yoast_head_json":{"title":"Kairo Reise mit Flugzeug Luxor","description":"Kairo Reise mit Flugzeug Luxor ist eine fantastische eint\u00e4gige Tour, um die alt\u00e4gyptischen Sehensw\u00fcrdigkeiten in Kairo und Gizeh von Luxor aus mit dem","robots":{"index":"index","follow":"follow","max-snippet":"max-snippet:-1","max-image-preview":"max-image-preview:large","max-video-preview":"max-video-preview:-1"},"canonical":"https:\/\/landioustravel.com\/de\/shop\/kairo-reise-flugzeug-luxor\/","og_locale":"de_DE","og_type":"article","og_title":"Kairo Reise mit Flugzeug Luxor","og_description":"Landious Travel","og_url":"https:\/\/landioustravel.com\/de\/shop\/kairo-reise-flugzeug-luxor\/","og_site_name":"Landious Travel","article_publisher":"https:\/\/web.facebook.com\/landiousEgypt","article_modified_time":"2023-06-19T14:23:43+00:00","og_image":[{"width":1024,"height":683,"url":"https:\/\/landioustravel.com\/wp-content\/uploads\/2022\/09\/Tourism-in-Egypt-e1663172482774-1024x683.jpg","type":"image\/jpeg"}],"twitter_card":"summary_large_image","twitter_site":"@LandiousTours","twitter_misc":{"Gesch\u00e4tzte Lesezeit":"4\u00a0Minuten"},"schema":{"@context":"https:\/\/schema.org","@graph":[{"@type":"WebPage","@id":"https:\/\/landioustravel.com\/de\/shop\/kairo-reise-flugzeug-luxor\/","url":"https:\/\/landioustravel.com\/de\/shop\/kairo-reise-flugzeug-luxor\/","name":"Kairo Reise mit Flugzeug Luxor","isPartOf":{"@id":"https:\/\/landioustravel.com\/de\/#website"},"primaryImageOfPage":{"@id":"https:\/\/landioustravel.com\/de\/shop\/kairo-reise-flugzeug-luxor\/#primaryimage"},"image":{"@id":"https:\/\/landioustravel.com\/de\/shop\/kairo-reise-flugzeug-luxor\/#primaryimage"},"thumbnailUrl":"https:\/\/i0.wp.com\/landioustravel.com\/wp-content\/uploads\/2022\/09\/Tourism-in-Egypt-e1663172482774.jpg?fit=1200%2C800&ssl=1","datePublished":"2023-02-04T11:30:01+00:00","dateModified":"2023-06-19T14:23:43+00:00","description":"Kairo Reise mit Flugzeug Luxor ist eine fantastische eint\u00e4gige Tour, um die alt\u00e4gyptischen Sehensw\u00fcrdigkeiten in Kairo und Gizeh von Luxor aus mit dem","breadcrumb":{"@id":"https:\/\/landioustravel.com\/de\/shop\/kairo-reise-flugzeug-luxor\/#breadcrumb"},"inLanguage":"de","potentialAction":[{"@type":"ReadAction","target":["https:\/\/landioustravel.com\/de\/shop\/kairo-reise-flugzeug-luxor\/"]}]},{"@type":"ImageObject","inLanguage":"de","@id":"https:\/\/landioustravel.com\/de\/shop\/kairo-reise-flugzeug-luxor\/#primaryimage","url":"https:\/\/i0.wp.com\/landioustravel.com\/wp-content\/uploads\/2022\/09\/Tourism-in-Egypt-e1663172482774.jpg?fit=1200%2C800&ssl=1","contentUrl":"https:\/\/i0.wp.com\/landioustravel.com\/wp-content\/uploads\/2022\/09\/Tourism-in-Egypt-e1663172482774.jpg?fit=1200%2C800&ssl=1","width":1200,"height":800,"caption":"Tourism in Egypt"},{"@type":"BreadcrumbList","@id":"https:\/\/landioustravel.com\/de\/shop\/kairo-reise-flugzeug-luxor\/#breadcrumb","itemListElement":[{"@type":"ListItem","position":1,"name":"Home","item":"https:\/\/landioustravel.com\/de\/"},{"@type":"ListItem","position":2,"name":"\u00c4gypten Touren","item":"https:\/\/landioustravel.com\/de\/"},{"@type":"ListItem","position":3,"name":"Kairo Reise mit Flugzeug Luxor"}]},{"@type":"WebSite","@id":"https:\/\/landioustravel.com\/de\/#website","url":"https:\/\/landioustravel.com\/de\/","name":"Landious Travel","description":"Excursions, trips and cruises in Egypt","publisher":{"@id":"https:\/\/landioustravel.com\/de\/#organization"},"potentialAction":[{"@type":"SearchAction","target":{"@type":"EntryPoint","urlTemplate":"https:\/\/landioustravel.com\/de\/?s={search_term_string}"},"query-input":{"@type":"PropertyValueSpecification","valueRequired":true,"valueName":"search_term_string"}}],"inLanguage":"de"},{"@type":["Organization","Place"],"@id":"https:\/\/landioustravel.com\/de\/#organization","name":"Landious Travel","alternateName":"Landious Travel","url":"https:\/\/landioustravel.com\/de\/","logo":{"@id":"https:\/\/landioustravel.com\/de\/shop\/kairo-reise-flugzeug-luxor\/#local-main-organization-logo"},"image":{"@id":"https:\/\/landioustravel.com\/de\/shop\/kairo-reise-flugzeug-luxor\/#local-main-organization-logo"},"sameAs":["https:\/\/web.facebook.com\/landiousEgypt","https:\/\/x.com\/LandiousTours","https:\/\/mastodon.social\/@landious"],"legalName":"Landious Travel","telephone":[],"openingHoursSpecification":[{"@type":"OpeningHoursSpecification","dayOfWeek":["Monday","Tuesday","Wednesday","Thursday","Friday","Saturday","Sunday"],"opens":"09:00","closes":"17:00"}]},{"@type":"ImageObject","inLanguage":"de","@id":"https:\/\/landioustravel.com\/de\/shop\/kairo-reise-flugzeug-luxor\/#local-main-organization-logo","url":"https:\/\/i0.wp.com\/landioustravel.com\/wp-content\/uploads\/2021\/06\/Landious-T.png?fit=500%2C500&ssl=1","contentUrl":"https:\/\/i0.wp.com\/landioustravel.com\/wp-content\/uploads\/2021\/06\/Landious-T.png?fit=500%2C500&ssl=1","width":500,"height":500,"caption":"Landious Travel"}]}},"jetpack_publicize_connections":[],"uagb_featured_image_src":{"full":["https:\/\/i0.wp.com\/landioustravel.com\/wp-content\/uploads\/2022\/09\/Tourism-in-Egypt-e1663172482774.jpg?fit=1200%2C800&ssl=1",1200,800,false],"thumbnail":["https:\/\/i0.wp.com\/landioustravel.com\/wp-content\/uploads\/2022\/09\/Tourism-in-Egypt-e1663172482774.jpg?resize=150%2C150&ssl=1",150,150,true],"medium":["https:\/\/i0.wp.com\/landioustravel.com\/wp-content\/uploads\/2022\/09\/Tourism-in-Egypt-e1663172482774.jpg?fit=300%2C200&ssl=1",300,200,true],"medium_large":["https:\/\/i0.wp.com\/landioustravel.com\/wp-content\/uploads\/2022\/09\/Tourism-in-Egypt-e1663172482774.jpg?fit=768%2C512&ssl=1",768,512,true],"large":["https:\/\/i0.wp.com\/landioustravel.com\/wp-content\/uploads\/2022\/09\/Tourism-in-Egypt-e1663172482774.jpg?fit=980%2C654&ssl=1",980,654,true],"1536x1536":["https:\/\/i0.wp.com\/landioustravel.com\/wp-content\/uploads\/2022\/09\/Tourism-in-Egypt-e1663172482774.jpg?fit=1536%2C1024&ssl=1",1536,1024,true],"2048x2048":["https:\/\/i0.wp.com\/landioustravel.com\/wp-content\/uploads\/2022\/09\/Tourism-in-Egypt-e1663172482774.jpg?fit=1200%2C800&ssl=1",1200,800,true],"newspack-article-block-landscape-large":["https:\/\/i0.wp.com\/landioustravel.com\/wp-content\/uploads\/2022\/09\/Tourism-in-Egypt-e1663172482774.jpg?resize=1200%2C800&ssl=1",1200,800,true],"newspack-article-block-portrait-large":["https:\/\/i0.wp.com\/landioustravel.com\/wp-content\/uploads\/2022\/09\/Tourism-in-Egypt-e1663172482774.jpg?resize=900%2C800&ssl=1",900,800,true],"newspack-article-block-square-large":["https:\/\/i0.wp.com\/landioustravel.com\/wp-content\/uploads\/2022\/09\/Tourism-in-Egypt-e1663172482774.jpg?resize=1200%2C800&ssl=1",1200,800,true],"newspack-article-block-landscape-medium":["https:\/\/i0.wp.com\/landioustravel.com\/wp-content\/uploads\/2022\/09\/Tourism-in-Egypt-e1663172482774.jpg?resize=800%2C600&ssl=1",800,600,true],"newspack-article-block-portrait-medium":["https:\/\/i0.wp.com\/landioustravel.com\/wp-content\/uploads\/2022\/09\/Tourism-in-Egypt-e1663172482774.jpg?resize=600%2C800&ssl=1",600,800,true],"newspack-article-block-square-medium":["https:\/\/i0.wp.com\/landioustravel.com\/wp-content\/uploads\/2022\/09\/Tourism-in-Egypt-e1663172482774.jpg?resize=800%2C800&ssl=1",800,800,true],"newspack-article-block-landscape-intermediate":["https:\/\/i0.wp.com\/landioustravel.com\/wp-content\/uploads\/2022\/09\/Tourism-in-Egypt-e1663172482774.jpg?resize=600%2C450&ssl=1",600,450,true],"newspack-article-block-portrait-intermediate":["https:\/\/i0.wp.com\/landioustravel.com\/wp-content\/uploads\/2022\/09\/Tourism-in-Egypt-e1663172482774.jpg?resize=450%2C600&ssl=1",450,600,true],"newspack-article-block-square-intermediate":["https:\/\/i0.wp.com\/landioustravel.com\/wp-content\/uploads\/2022\/09\/Tourism-in-Egypt-e1663172482774.jpg?resize=600%2C600&ssl=1",600,600,true],"newspack-article-block-landscape-small":["https:\/\/i0.wp.com\/landioustravel.com\/wp-content\/uploads\/2022\/09\/Tourism-in-Egypt-e1663172482774.jpg?resize=400%2C300&ssl=1",400,300,true],"newspack-article-block-portrait-small":["https:\/\/i0.wp.com\/landioustravel.com\/wp-content\/uploads\/2022\/09\/Tourism-in-Egypt-e1663172482774.jpg?resize=300%2C400&ssl=1",300,400,true],"newspack-article-block-square-small":["https:\/\/i0.wp.com\/landioustravel.com\/wp-content\/uploads\/2022\/09\/Tourism-in-Egypt-e1663172482774.jpg?resize=400%2C400&ssl=1",400,400,true],"newspack-article-block-landscape-tiny":["https:\/\/i0.wp.com\/landioustravel.com\/wp-content\/uploads\/2022\/09\/Tourism-in-Egypt-e1663172482774.jpg?resize=200%2C150&ssl=1",200,150,true],"newspack-article-block-portrait-tiny":["https:\/\/i0.wp.com\/landioustravel.com\/wp-content\/uploads\/2022\/09\/Tourism-in-Egypt-e1663172482774.jpg?resize=150%2C200&ssl=1",150,200,true],"newspack-article-block-square-tiny":["https:\/\/i0.wp.com\/landioustravel.com\/wp-content\/uploads\/2022\/09\/Tourism-in-Egypt-e1663172482774.jpg?resize=200%2C200&ssl=1",200,200,true],"newspack-article-block-uncropped":["https:\/\/i0.wp.com\/landioustravel.com\/wp-content\/uploads\/2022\/09\/Tourism-in-Egypt-e1663172482774.jpg?fit=1200%2C800&ssl=1",1200,800,true],"woocommerce_thumbnail":["https:\/\/i0.wp.com\/landioustravel.com\/wp-content\/uploads\/2022\/09\/Tourism-in-Egypt-e1663172482774.jpg?resize=324%2C324&ssl=1",324,324,true],"woocommerce_single":["https:\/\/i0.wp.com\/landioustravel.com\/wp-content\/uploads\/2022\/09\/Tourism-in-Egypt-e1663172482774.jpg?fit=416%2C277&ssl=1",416,277,true],"woocommerce_gallery_thumbnail":["https:\/\/i0.wp.com\/landioustravel.com\/wp-content\/uploads\/2022\/09\/Tourism-in-Egypt-e1663172482774.jpg?resize=100%2C100&ssl=1",100,100,true]},"uagb_author_info":{"display_name":"Mofreh Landious","author_link":"https:\/\/landioustravel.com\/de\/author\/"},"uagb_comment_info":0,"uagb_excerpt":"Begeben Sie sich mit dem Flugzeug auf ein unvergessliches Abenteuer von Luxor nach Kairo und erleben Sie die Pracht der Pyramiden von Gizeh, der Sphinx und des \u00c4gyptischen Museums! Dieser au\u00dfergew\u00f6hnliche Tagesausflug ist voller Spannung und wird Sie von den antiken Wundern \u00c4gyptens in Erstaunen versetzen. Verpassen Sie nicht, die pulsierende \u00e4gyptische Hauptstadt und alles,&hellip;","jetpack_sharing_enabled":true,"jetpack_likes_enabled":true,"amp_enabled":true,"_links":{"self":[{"href":"https:\/\/landioustravel.com\/de\/wp-json\/wp\/v2\/product\/135634","targetHints":{"allow":["GET"]}}],"collection":[{"href":"https:\/\/landioustravel.com\/de\/wp-json\/wp\/v2\/product"}],"about":[{"href":"https:\/\/landioustravel.com\/de\/wp-json\/wp\/v2\/types\/product"}],"replies":[{"embeddable":true,"href":"https:\/\/landioustravel.com\/de\/wp-json\/wp\/v2\/comments?post=135634"}],"wp:featuredmedia":[{"embeddable":true,"href":"https:\/\/landioustravel.com\/de\/wp-json\/wp\/v2\/media\/123595"}],"wp:attachment":[{"href":"https:\/\/landioustravel.com\/de\/wp-json\/wp\/v2\/media?parent=135634"}],"wp:term":[{"taxonomy":"product_brand","embeddable":true,"href":"https:\/\/landioustravel.com\/de\/wp-json\/wp\/v2\/product_brand?post=135634"},{"taxonomy":"product_cat","embeddable":true,"href":"https:\/\/landioustravel.com\/de\/wp-json\/wp\/v2\/product_cat?post=135634"},{"taxonomy":"product_tag","embeddable":true,"href":"https:\/\/landioustravel.com\/de\/wp-json\/wp\/v2\/product_tag?post=135634"}],"curies":[{"name":"wp","href":"https:\/\/api.w.org\/{rel}","templated":true}]}}