{"id":150570,"date":"2024-05-02T16:14:40","date_gmt":"2024-05-02T13:14:40","guid":{"rendered":"https:\/\/landioustravel.com\/?post_type=product&#038;p=150570"},"modified":"2024-05-22T09:47:39","modified_gmt":"2024-05-22T06:47:39","slug":"private-tagestour-assuan-simbel","status":"publish","type":"product","link":"https:\/\/landioustravel.com\/de\/shop\/private-tagestour-assuan-simbel\/","title":{"rendered":"Private Tagestour von Assuan nach Abu Simbel"},"content":{"rendered":"<p>Sind Sie bereit f\u00fcr ein fantastisches Abenteuer, das Sie zur\u00fcck in die antike Welt \u00c4gyptens f\u00fchrt? Machen Sie sich bereit, die atemberaubende Sch\u00f6nheit und Erhabenheit der beiden Tempel von Abu Simbel zu erleben, die als Meisterwerke des alten \u00c4gypten gelten. Nehmen Sie an der privaten Tagestour von Assuan nach Abu Simbel teil!<\/p>\n<p>In K\u00fcrze holt Sie ein Vertreter von Landious Travel mit einem privaten, klimatisierten Fahrzeug von Ihrem Hotel\/Ihrer Nilkreuzfahrt in Assuan ab und bringt Sie nach Abu Simbel, wo unser qualifizierter \u00c4gyptologe darauf wartet, Sie zu treffen und auf Ihrer Tour zu begleiten.<\/p>\n<p>Sie werden sich in die Vergangenheit zur\u00fcckversetzt f\u00fchlen, wenn Sie die verborgenen Kammern und Statuen erkunden und jede Wand schm\u00fccken. Sie erfahren mehr \u00fcber den Tempel von Ramses II., der den vier universellen G\u00f6ttern Ptah, Re-Her-Akhtey, Amun-Re und Ramses II. selbst gewidmet ist. Dar\u00fcber hinaus besuchen Sie den gro\u00dfen Tempel von Abu Simbel, auch Sonnentempel von Ramses II. genannt, und den Tempel der K\u00f6nigin Nefertari, auch bekannt als Tempel von Hathor, der Frau des Sonnengottes.<\/p>\n<p>Wenn Sie die Sehensw\u00fcrdigkeiten und Ger\u00e4usche dieser pr\u00e4chtigen Tempel genie\u00dfen, werden Sie von ihrem einzigartigen Stil begeistert sein und davon, wie sie den Ruhm und die Erhabenheit des neuen K\u00f6nigreichs widerspiegeln. Au\u00dferdem erfahren Sie, wie die \u00e4gyptische Regierung und die UNESCO zusammengearbeitet haben, um diese Tempel vor den \u00dcberschwemmungen zu retten, die andernfalls \u00fcber 28 Denkm\u00e4ler zerst\u00f6rt h\u00e4tten.<\/p>\n<p>Bereiten Sie sich auf eine unvergessliche Reise vor, die Ihnen unvergessliche Erinnerungen hinterlassen wird!<\/p>\n<h2>H\u00f6hepunkte der privaten Tagestour von Assuan nach Abu Simbel<\/h2>\n<ul>\n<li>Der gro\u00dfe Tempel von Ramses II. und der kleinere Hathor-Tempel in Abu Simbel<\/li>\n<\/ul>\n<h2>Reiseroute der privaten Tagestour von Assuan nach Abu Simbel<\/h2>\n<ul>\n<li>Der Vertreter von Landious Travel\u00a0holt Sie gegen 005:00 Uhr in einem Privatfahrzeug von Ihrem Hotel in Assuan ab<\/li>\n<li>Unser Team ist bestrebt, eine komfortable und stressfreie Reise zu den Tempeln von Abu Simbel von Ihrem Hotel oder Ihrer Nilkreuzfahrt in Assuan aus zu erm\u00f6glichen. Wir verstehen, dass dies ein wichtiger Teil Ihrer Reise ist und m\u00f6chten sicherstellen, dass Sie ein unvergessliches Erlebnis haben.<\/li>\n<li>Zu Beginn der Reise holen wir Sie von Ihrer Unterkunft ab und fahren Sie zum Kontrollpunkt von Abu Simbel in der N\u00e4he des Staudamms. Die Reise von Assuan nach Abu Simbel ist lang und umfasst etwa 280 km. Wir beginnen um 55:00 Uhr. Nach anderthalb Stunden Fahrt machen wir jedoch eine Pause, damit Sie sich die Beine vertreten und entspannen k\u00f6nnen, bevor Sie die Fahrt fortsetzen.<\/li>\n<\/ul>\n<h3>Zeitplan in Abu Simbel<\/h3>\n<ul>\n<li>In den Tempeln von Abu Simbel erfahren Sie mehr \u00fcber ihre reiche Geschichte und wie sie 1960 mit Hilfe der \u00e4gyptischen Regierung und der UNESCO vertrieben wurden, um dem steigenden Wasser des Nils zu entgehen. Sie k\u00f6nnen au\u00dferdem das atemberaubende Wandgem\u00e4lde bewundern, das den ber\u00fchmten Sieg von Ramses II. in der Schlacht von Qadesh darstellt, und den kleinen Tempel besichtigen, den er f\u00fcr seine geliebte Frau, K\u00f6nigin Nefertari, erbaut hat.<\/li>\n<\/ul>\n<h3>Abreise nach Assuan<\/h3>\n<ul>\n<li>Sobald der Tempelbesuch beendet ist, fahren wir Sie zur\u00fcck nach Assuan, wo Sie gegen 23:30 Uhr ankommen. Wir sind bei der Abfahrtszeit flexibel, wenn Sie mehr Zeit in den Tempeln verbringen und sp\u00e4ter abreisen m\u00f6chten. Wir m\u00f6chten, dass Sie ein wundervolles Erlebnis haben und werden alles tun, um dies zu erm\u00f6glichen.<\/li>\n<\/ul>\n<h2>Was kostet die private Tagestour von Assuan nach Abu Simbel?<\/h2>\n<ul>\n<li>Abholung vom Hotel\/Kreuzfahrtschiff und R\u00fccktransfer.<\/li>\n<li>Qualifizierter englischsprachiger \u00c4gyptologenf\u00fchrer<\/li>\n<li>Moderner, klimatisierter Transport<\/li>\n<li>In Flaschen abgef\u00fclltes Wasser<\/li>\n<li>Eintritt\/Eintrittsgeb\u00fchren f\u00fcr Besichtigungen<\/li>\n<li>Andere Sprachen und \u00c4gyptologenf\u00fchrer sind auf Anfrage erh\u00e4ltlich<\/li>\n<\/ul>\n<h2>Was beinhaltet die private Tagestour von Assuan nach Abu Simbel nicht?<\/h2>\n<ul>\n<li>Zus\u00e4tzliche Ausflugsprogramme, sofern nicht im oben genannten Programm enthalten.<\/li>\n<li>Auch Trinkgeld.<\/li>\n<\/ul>\n<h2>Gegenst\u00e4nde, die Sie auf die Reise mitnehmen k\u00f6nnen<\/h2>\n<ul>\n<li>Fr\u00fchst\u00fccksbox.<\/li>\n<li>Auch Reisepass.<\/li>\n<\/ul>\n<h2>Private Tagestour nach Abu Simbel ab Assuan Buchungstage<\/h2>\n<ul>\n<li>T\u00e4glich von 05:00 \u2013 13:00 Uhr.<\/li>\n<\/ul>\n","protected":false},"excerpt":{"rendered":"<p>Suchen Sie eine ruhige und private Tour von Assuan nach Abu Simbel mit einem mitf\u00fchlenden F\u00fchrer? Wir verstehen Ihr Bed\u00fcrfnis, die alte \u00e4gyptische Kultur und Geschichte sicher und bequem zu erleben. Aus diesem Grund bieten wir eine personalisierte Tour zu den in den Fels gehauenen Tempeln von Abu Simbel an, wo Sie Zeuge der Gr\u00f6\u00dfe und Herrlichkeit des Neuen K\u00f6nigreichs werden k\u00f6nnen. Wir holen Sie mit einem klimatisierten Fahrzeug von Ihrem Hotel oder Ihrer Nilkreuzfahrt in Assuan ab und bringen Sie zum gro\u00dfen Tempel von Ramses II. und zum Tempel der K\u00f6nigin Nefertari, wo Sie die versteckten Kammern, Statuen und Hieroglyphen bewundern k\u00f6nnen, die jede Wand schm\u00fccken .<\/p>\n<p>Unser lizenzierter \u00c4gyptologe begleitet Sie w\u00e4hrend der Tour und vermittelt Ihnen interessante Fakten und Einblicke in die beiden Tempel. Wir bieten auch T\u00fcr-zu-T\u00fcr-Transfers von und zu Ihrem Hotel oder Kreuzfahrtschiff in Assuan an. Nachdem Sie diese fantastische Reise genossen haben, bringen wir Sie zur\u00fcck zu Ihrem Ziel in Assuan. Alle Servicegeb\u00fchren und Steuern sind in der Tour enthalten. Wenn Sie Fragen oder Bedenken haben, k\u00f6nnen Sie sich gerne an uns wenden.<\/p>\n","protected":false},"featured_media":150571,"comment_status":"open","ping_status":"closed","template":"","meta":{"_coblocks_attr":"","_coblocks_dimensions":"","_coblocks_responsive_height":"","_coblocks_accordion_ie_support":"","_uag_custom_page_level_css":"","jetpack_post_was_ever_published":false,"jetpack_publicize_message":"","jetpack_publicize_feature_enabled":true,"jetpack_social_post_already_shared":true,"jetpack_social_options":{"image_generator_settings":{"template":"highway","default_image_id":0,"font":"","enabled":false},"version":2},"_wpas_customize_per_network":false},"product_brand":[],"product_cat":[23453],"product_tag":[1653,9906],"class_list":{"0":"post-150570","1":"product","2":"type-product","3":"status-publish","4":"has-post-thumbnail","6":"product_cat-assuan-ausfluege","7":"product_tag-ausflug","8":"product_tag-besichtigung","10":"first","11":"instock","12":"sale","13":"virtual","14":"taxable","15":"purchasable","16":"product-type-simple"},"yoast_head":"<!-- This site is optimized with the Yoast SEO Premium plugin v26.9 (Yoast SEO v27.3) - https:\/\/yoast.com\/product\/yoast-seo-premium-wordpress\/ -->\n<title>Private Tagestour von Assuan nach Abu Simbel<\/title>\n<meta name=\"description\" content=\"Private Tagestour von Assuan nach Abu Simbel Suchen Sie eine ruhige und private Tour von Assuan nach Abu Simbel mit einem mitf\u00fchlenden F\u00fchrer? Wir verstehen\" \/>\n<meta name=\"robots\" content=\"index, follow, max-snippet:-1, max-image-preview:large, max-video-preview:-1\" \/>\n<link rel=\"canonical\" href=\"https:\/\/landioustravel.com\/de\/shop\/private-tagestour-assuan-simbel\/\" \/>\n<meta property=\"og:locale\" content=\"de_DE\" \/>\n<meta property=\"og:type\" content=\"article\" \/>\n<meta property=\"og:title\" content=\"Private Tagestour von Assuan nach Abu Simbel\" \/>\n<meta property=\"og:description\" content=\"Landious Travel\" \/>\n<meta property=\"og:url\" content=\"https:\/\/landioustravel.com\/de\/shop\/private-tagestour-assuan-simbel\/\" \/>\n<meta property=\"og:site_name\" content=\"Landious Travel\" \/>\n<meta property=\"article:publisher\" content=\"https:\/\/web.facebook.com\/landiousEgypt\" \/>\n<meta property=\"article:modified_time\" content=\"2024-05-22T06:47:39+00:00\" \/>\n<meta property=\"og:image\" content=\"https:\/\/landioustravel.com\/wp-content\/uploads\/2024\/05\/Private-Day-Tour-to-Abu-Simbel-from-Aswan-e1714654635506.jpg\" \/>\n\t<meta property=\"og:image:width\" content=\"1200\" \/>\n\t<meta property=\"og:image:height\" content=\"676\" \/>\n\t<meta property=\"og:image:type\" content=\"image\/jpeg\" \/>\n<meta name=\"twitter:card\" content=\"summary_large_image\" \/>\n<meta name=\"twitter:site\" content=\"@LandiousTours\" \/>\n<meta name=\"twitter:label1\" content=\"Gesch\u00e4tzte Lesezeit\" \/>\n\t<meta name=\"twitter:data1\" content=\"3\u00a0Minuten\" \/>\n<script type=\"application\/ld+json\" class=\"yoast-schema-graph\">{\"@context\":\"https:\\\/\\\/schema.org\",\"@graph\":[{\"@type\":\"WebPage\",\"@id\":\"https:\\\/\\\/landioustravel.com\\\/de\\\/shop\\\/private-tagestour-assuan-simbel\\\/\",\"url\":\"https:\\\/\\\/landioustravel.com\\\/de\\\/shop\\\/private-tagestour-assuan-simbel\\\/\",\"name\":\"Private Tagestour von Assuan nach Abu Simbel\",\"isPartOf\":{\"@id\":\"https:\\\/\\\/landioustravel.com\\\/de\\\/#website\"},\"primaryImageOfPage\":{\"@id\":\"https:\\\/\\\/landioustravel.com\\\/de\\\/shop\\\/private-tagestour-assuan-simbel\\\/#primaryimage\"},\"image\":{\"@id\":\"https:\\\/\\\/landioustravel.com\\\/de\\\/shop\\\/private-tagestour-assuan-simbel\\\/#primaryimage\"},\"thumbnailUrl\":\"https:\\\/\\\/i0.wp.com\\\/landioustravel.com\\\/wp-content\\\/uploads\\\/2024\\\/05\\\/Private-Day-Tour-to-Abu-Simbel-from-Aswan-e1714654635506.jpg?fit=1200%2C676&ssl=1\",\"datePublished\":\"2024-05-02T13:14:40+00:00\",\"dateModified\":\"2024-05-22T06:47:39+00:00\",\"description\":\"Private Tagestour von Assuan nach Abu Simbel Suchen Sie eine ruhige und private Tour von Assuan nach Abu Simbel mit einem mitf\u00fchlenden F\u00fchrer? Wir verstehen\",\"breadcrumb\":{\"@id\":\"https:\\\/\\\/landioustravel.com\\\/de\\\/shop\\\/private-tagestour-assuan-simbel\\\/#breadcrumb\"},\"inLanguage\":\"de\",\"potentialAction\":[{\"@type\":\"ReadAction\",\"target\":[\"https:\\\/\\\/landioustravel.com\\\/de\\\/shop\\\/private-tagestour-assuan-simbel\\\/\"]}]},{\"@type\":\"ImageObject\",\"inLanguage\":\"de\",\"@id\":\"https:\\\/\\\/landioustravel.com\\\/de\\\/shop\\\/private-tagestour-assuan-simbel\\\/#primaryimage\",\"url\":\"https:\\\/\\\/i0.wp.com\\\/landioustravel.com\\\/wp-content\\\/uploads\\\/2024\\\/05\\\/Private-Day-Tour-to-Abu-Simbel-from-Aswan-e1714654635506.jpg?fit=1200%2C676&ssl=1\",\"contentUrl\":\"https:\\\/\\\/i0.wp.com\\\/landioustravel.com\\\/wp-content\\\/uploads\\\/2024\\\/05\\\/Private-Day-Tour-to-Abu-Simbel-from-Aswan-e1714654635506.jpg?fit=1200%2C676&ssl=1\",\"width\":1200,\"height\":676,\"caption\":\"Private Day Tour to Abu Simbel from Aswan\"},{\"@type\":\"BreadcrumbList\",\"@id\":\"https:\\\/\\\/landioustravel.com\\\/de\\\/shop\\\/private-tagestour-assuan-simbel\\\/#breadcrumb\",\"itemListElement\":[{\"@type\":\"ListItem\",\"position\":1,\"name\":\"Home\",\"item\":\"https:\\\/\\\/landioustravel.com\\\/de\\\/\"},{\"@type\":\"ListItem\",\"position\":2,\"name\":\"\u00c4gypten Touren\",\"item\":\"https:\\\/\\\/landioustravel.com\\\/de\\\/\"},{\"@type\":\"ListItem\",\"position\":3,\"name\":\"Private Tagestour von Assuan nach Abu Simbel\"}]},{\"@type\":\"WebSite\",\"@id\":\"https:\\\/\\\/landioustravel.com\\\/de\\\/#website\",\"url\":\"https:\\\/\\\/landioustravel.com\\\/de\\\/\",\"name\":\"Landious Travel\",\"description\":\"Excursions, trips and cruises in Egypt\",\"publisher\":{\"@id\":\"https:\\\/\\\/landioustravel.com\\\/de\\\/#organization\"},\"potentialAction\":[{\"@type\":\"SearchAction\",\"target\":{\"@type\":\"EntryPoint\",\"urlTemplate\":\"https:\\\/\\\/landioustravel.com\\\/de\\\/?s={search_term_string}\"},\"query-input\":{\"@type\":\"PropertyValueSpecification\",\"valueRequired\":true,\"valueName\":\"search_term_string\"}}],\"inLanguage\":\"de\"},{\"@type\":[\"Organization\",\"Place\"],\"@id\":\"https:\\\/\\\/landioustravel.com\\\/de\\\/#organization\",\"name\":\"Landious Travel\",\"alternateName\":\"Landious Travel\",\"url\":\"https:\\\/\\\/landioustravel.com\\\/de\\\/\",\"logo\":{\"@id\":\"https:\\\/\\\/landioustravel.com\\\/de\\\/shop\\\/private-tagestour-assuan-simbel\\\/#local-main-organization-logo\"},\"image\":{\"@id\":\"https:\\\/\\\/landioustravel.com\\\/de\\\/shop\\\/private-tagestour-assuan-simbel\\\/#local-main-organization-logo\"},\"sameAs\":[\"https:\\\/\\\/web.facebook.com\\\/landiousEgypt\",\"https:\\\/\\\/x.com\\\/LandiousTours\",\"https:\\\/\\\/mastodon.social\\\/@landious\"],\"legalName\":\"Landious Travel\",\"telephone\":[],\"openingHoursSpecification\":[{\"@type\":\"OpeningHoursSpecification\",\"dayOfWeek\":[\"Monday\",\"Tuesday\",\"Wednesday\",\"Thursday\",\"Friday\",\"Saturday\",\"Sunday\"],\"opens\":\"09:00\",\"closes\":\"17:00\"}]},{\"@type\":\"ImageObject\",\"inLanguage\":\"de\",\"@id\":\"https:\\\/\\\/landioustravel.com\\\/de\\\/shop\\\/private-tagestour-assuan-simbel\\\/#local-main-organization-logo\",\"url\":\"https:\\\/\\\/i0.wp.com\\\/landioustravel.com\\\/wp-content\\\/uploads\\\/2021\\\/06\\\/Landious-T.png?fit=500%2C500&ssl=1\",\"contentUrl\":\"https:\\\/\\\/i0.wp.com\\\/landioustravel.com\\\/wp-content\\\/uploads\\\/2021\\\/06\\\/Landious-T.png?fit=500%2C500&ssl=1\",\"width\":500,\"height\":500,\"caption\":\"Landious Travel\"}]}<\/script>\n<!-- \/ Yoast SEO Premium plugin. -->","yoast_head_json":{"title":"Private Tagestour von Assuan nach Abu Simbel","description":"Private Tagestour von Assuan nach Abu Simbel Suchen Sie eine ruhige und private Tour von Assuan nach Abu Simbel mit einem mitf\u00fchlenden F\u00fchrer? Wir verstehen","robots":{"index":"index","follow":"follow","max-snippet":"max-snippet:-1","max-image-preview":"max-image-preview:large","max-video-preview":"max-video-preview:-1"},"canonical":"https:\/\/landioustravel.com\/de\/shop\/private-tagestour-assuan-simbel\/","og_locale":"de_DE","og_type":"article","og_title":"Private Tagestour von Assuan nach Abu Simbel","og_description":"Landious Travel","og_url":"https:\/\/landioustravel.com\/de\/shop\/private-tagestour-assuan-simbel\/","og_site_name":"Landious Travel","article_publisher":"https:\/\/web.facebook.com\/landiousEgypt","article_modified_time":"2024-05-22T06:47:39+00:00","og_image":[{"width":1200,"height":676,"url":"https:\/\/landioustravel.com\/wp-content\/uploads\/2024\/05\/Private-Day-Tour-to-Abu-Simbel-from-Aswan-e1714654635506.jpg","type":"image\/jpeg"}],"twitter_card":"summary_large_image","twitter_site":"@LandiousTours","twitter_misc":{"Gesch\u00e4tzte Lesezeit":"3\u00a0Minuten"},"schema":{"@context":"https:\/\/schema.org","@graph":[{"@type":"WebPage","@id":"https:\/\/landioustravel.com\/de\/shop\/private-tagestour-assuan-simbel\/","url":"https:\/\/landioustravel.com\/de\/shop\/private-tagestour-assuan-simbel\/","name":"Private Tagestour von Assuan nach Abu Simbel","isPartOf":{"@id":"https:\/\/landioustravel.com\/de\/#website"},"primaryImageOfPage":{"@id":"https:\/\/landioustravel.com\/de\/shop\/private-tagestour-assuan-simbel\/#primaryimage"},"image":{"@id":"https:\/\/landioustravel.com\/de\/shop\/private-tagestour-assuan-simbel\/#primaryimage"},"thumbnailUrl":"https:\/\/i0.wp.com\/landioustravel.com\/wp-content\/uploads\/2024\/05\/Private-Day-Tour-to-Abu-Simbel-from-Aswan-e1714654635506.jpg?fit=1200%2C676&ssl=1","datePublished":"2024-05-02T13:14:40+00:00","dateModified":"2024-05-22T06:47:39+00:00","description":"Private Tagestour von Assuan nach Abu Simbel Suchen Sie eine ruhige und private Tour von Assuan nach Abu Simbel mit einem mitf\u00fchlenden F\u00fchrer? Wir verstehen","breadcrumb":{"@id":"https:\/\/landioustravel.com\/de\/shop\/private-tagestour-assuan-simbel\/#breadcrumb"},"inLanguage":"de","potentialAction":[{"@type":"ReadAction","target":["https:\/\/landioustravel.com\/de\/shop\/private-tagestour-assuan-simbel\/"]}]},{"@type":"ImageObject","inLanguage":"de","@id":"https:\/\/landioustravel.com\/de\/shop\/private-tagestour-assuan-simbel\/#primaryimage","url":"https:\/\/i0.wp.com\/landioustravel.com\/wp-content\/uploads\/2024\/05\/Private-Day-Tour-to-Abu-Simbel-from-Aswan-e1714654635506.jpg?fit=1200%2C676&ssl=1","contentUrl":"https:\/\/i0.wp.com\/landioustravel.com\/wp-content\/uploads\/2024\/05\/Private-Day-Tour-to-Abu-Simbel-from-Aswan-e1714654635506.jpg?fit=1200%2C676&ssl=1","width":1200,"height":676,"caption":"Private Day Tour to Abu Simbel from Aswan"},{"@type":"BreadcrumbList","@id":"https:\/\/landioustravel.com\/de\/shop\/private-tagestour-assuan-simbel\/#breadcrumb","itemListElement":[{"@type":"ListItem","position":1,"name":"Home","item":"https:\/\/landioustravel.com\/de\/"},{"@type":"ListItem","position":2,"name":"\u00c4gypten Touren","item":"https:\/\/landioustravel.com\/de\/"},{"@type":"ListItem","position":3,"name":"Private Tagestour von Assuan nach Abu Simbel"}]},{"@type":"WebSite","@id":"https:\/\/landioustravel.com\/de\/#website","url":"https:\/\/landioustravel.com\/de\/","name":"Landious Travel","description":"Excursions, trips and cruises in Egypt","publisher":{"@id":"https:\/\/landioustravel.com\/de\/#organization"},"potentialAction":[{"@type":"SearchAction","target":{"@type":"EntryPoint","urlTemplate":"https:\/\/landioustravel.com\/de\/?s={search_term_string}"},"query-input":{"@type":"PropertyValueSpecification","valueRequired":true,"valueName":"search_term_string"}}],"inLanguage":"de"},{"@type":["Organization","Place"],"@id":"https:\/\/landioustravel.com\/de\/#organization","name":"Landious Travel","alternateName":"Landious Travel","url":"https:\/\/landioustravel.com\/de\/","logo":{"@id":"https:\/\/landioustravel.com\/de\/shop\/private-tagestour-assuan-simbel\/#local-main-organization-logo"},"image":{"@id":"https:\/\/landioustravel.com\/de\/shop\/private-tagestour-assuan-simbel\/#local-main-organization-logo"},"sameAs":["https:\/\/web.facebook.com\/landiousEgypt","https:\/\/x.com\/LandiousTours","https:\/\/mastodon.social\/@landious"],"legalName":"Landious Travel","telephone":[],"openingHoursSpecification":[{"@type":"OpeningHoursSpecification","dayOfWeek":["Monday","Tuesday","Wednesday","Thursday","Friday","Saturday","Sunday"],"opens":"09:00","closes":"17:00"}]},{"@type":"ImageObject","inLanguage":"de","@id":"https:\/\/landioustravel.com\/de\/shop\/private-tagestour-assuan-simbel\/#local-main-organization-logo","url":"https:\/\/i0.wp.com\/landioustravel.com\/wp-content\/uploads\/2021\/06\/Landious-T.png?fit=500%2C500&ssl=1","contentUrl":"https:\/\/i0.wp.com\/landioustravel.com\/wp-content\/uploads\/2021\/06\/Landious-T.png?fit=500%2C500&ssl=1","width":500,"height":500,"caption":"Landious Travel"}]}},"jetpack_publicize_connections":[],"uagb_featured_image_src":{"full":["https:\/\/i0.wp.com\/landioustravel.com\/wp-content\/uploads\/2024\/05\/Private-Day-Tour-to-Abu-Simbel-from-Aswan-e1714654635506.jpg?fit=1200%2C676&ssl=1",1200,676,false],"thumbnail":["https:\/\/i0.wp.com\/landioustravel.com\/wp-content\/uploads\/2024\/05\/Private-Day-Tour-to-Abu-Simbel-from-Aswan-e1714654635506.jpg?resize=150%2C150&ssl=1",150,150,true],"medium":["https:\/\/i0.wp.com\/landioustravel.com\/wp-content\/uploads\/2024\/05\/Private-Day-Tour-to-Abu-Simbel-from-Aswan-e1714654635506.jpg?fit=300%2C169&ssl=1",300,169,true],"medium_large":["https:\/\/i0.wp.com\/landioustravel.com\/wp-content\/uploads\/2024\/05\/Private-Day-Tour-to-Abu-Simbel-from-Aswan-e1714654635506.jpg?fit=768%2C433&ssl=1",768,433,true],"large":["https:\/\/i0.wp.com\/landioustravel.com\/wp-content\/uploads\/2024\/05\/Private-Day-Tour-to-Abu-Simbel-from-Aswan-e1714654635506.jpg?fit=980%2C552&ssl=1",980,552,true],"1536x1536":["https:\/\/i0.wp.com\/landioustravel.com\/wp-content\/uploads\/2024\/05\/Private-Day-Tour-to-Abu-Simbel-from-Aswan-e1714654635506.jpg?fit=1200%2C676&ssl=1",1200,676,true],"2048x2048":["https:\/\/i0.wp.com\/landioustravel.com\/wp-content\/uploads\/2024\/05\/Private-Day-Tour-to-Abu-Simbel-from-Aswan-e1714654635506.jpg?fit=1200%2C676&ssl=1",1200,676,true],"newspack-article-block-landscape-large":["https:\/\/i0.wp.com\/landioustravel.com\/wp-content\/uploads\/2024\/05\/Private-Day-Tour-to-Abu-Simbel-from-Aswan-e1714654635506.jpg?resize=1200%2C676&ssl=1",1200,698,true],"newspack-article-block-portrait-large":["https:\/\/i0.wp.com\/landioustravel.com\/wp-content\/uploads\/2024\/05\/Private-Day-Tour-to-Abu-Simbel-from-Aswan-e1714654635506.jpg?resize=900%2C676&ssl=1",900,698,true],"newspack-article-block-square-large":["https:\/\/i0.wp.com\/landioustravel.com\/wp-content\/uploads\/2024\/05\/Private-Day-Tour-to-Abu-Simbel-from-Aswan-e1714654635506.jpg?resize=1200%2C676&ssl=1",1200,698,true],"newspack-article-block-landscape-medium":["https:\/\/i0.wp.com\/landioustravel.com\/wp-content\/uploads\/2024\/05\/Private-Day-Tour-to-Abu-Simbel-from-Aswan-e1714654635506.jpg?resize=800%2C600&ssl=1",800,600,true],"newspack-article-block-portrait-medium":["https:\/\/i0.wp.com\/landioustravel.com\/wp-content\/uploads\/2024\/05\/Private-Day-Tour-to-Abu-Simbel-from-Aswan-e1714654635506.jpg?resize=600%2C676&ssl=1",600,698,true],"newspack-article-block-square-medium":["https:\/\/i0.wp.com\/landioustravel.com\/wp-content\/uploads\/2024\/05\/Private-Day-Tour-to-Abu-Simbel-from-Aswan-e1714654635506.jpg?resize=800%2C676&ssl=1",800,698,true],"newspack-article-block-landscape-intermediate":["https:\/\/i0.wp.com\/landioustravel.com\/wp-content\/uploads\/2024\/05\/Private-Day-Tour-to-Abu-Simbel-from-Aswan-e1714654635506.jpg?resize=600%2C450&ssl=1",600,450,true],"newspack-article-block-portrait-intermediate":["https:\/\/i0.wp.com\/landioustravel.com\/wp-content\/uploads\/2024\/05\/Private-Day-Tour-to-Abu-Simbel-from-Aswan-e1714654635506.jpg?resize=450%2C600&ssl=1",450,600,true],"newspack-article-block-square-intermediate":["https:\/\/i0.wp.com\/landioustravel.com\/wp-content\/uploads\/2024\/05\/Private-Day-Tour-to-Abu-Simbel-from-Aswan-e1714654635506.jpg?resize=600%2C600&ssl=1",600,600,true],"newspack-article-block-landscape-small":["https:\/\/i0.wp.com\/landioustravel.com\/wp-content\/uploads\/2024\/05\/Private-Day-Tour-to-Abu-Simbel-from-Aswan-e1714654635506.jpg?resize=400%2C300&ssl=1",400,300,true],"newspack-article-block-portrait-small":["https:\/\/i0.wp.com\/landioustravel.com\/wp-content\/uploads\/2024\/05\/Private-Day-Tour-to-Abu-Simbel-from-Aswan-e1714654635506.jpg?resize=300%2C400&ssl=1",300,400,true],"newspack-article-block-square-small":["https:\/\/i0.wp.com\/landioustravel.com\/wp-content\/uploads\/2024\/05\/Private-Day-Tour-to-Abu-Simbel-from-Aswan-e1714654635506.jpg?resize=400%2C400&ssl=1",400,400,true],"newspack-article-block-landscape-tiny":["https:\/\/i0.wp.com\/landioustravel.com\/wp-content\/uploads\/2024\/05\/Private-Day-Tour-to-Abu-Simbel-from-Aswan-e1714654635506.jpg?resize=200%2C150&ssl=1",200,150,true],"newspack-article-block-portrait-tiny":["https:\/\/i0.wp.com\/landioustravel.com\/wp-content\/uploads\/2024\/05\/Private-Day-Tour-to-Abu-Simbel-from-Aswan-e1714654635506.jpg?resize=150%2C200&ssl=1",150,200,true],"newspack-article-block-square-tiny":["https:\/\/i0.wp.com\/landioustravel.com\/wp-content\/uploads\/2024\/05\/Private-Day-Tour-to-Abu-Simbel-from-Aswan-e1714654635506.jpg?resize=200%2C200&ssl=1",200,200,true],"newspack-article-block-uncropped":["https:\/\/i0.wp.com\/landioustravel.com\/wp-content\/uploads\/2024\/05\/Private-Day-Tour-to-Abu-Simbel-from-Aswan-e1714654635506.jpg?fit=1200%2C676&ssl=1",1200,676,true],"woocommerce_thumbnail":["https:\/\/i0.wp.com\/landioustravel.com\/wp-content\/uploads\/2024\/05\/Private-Day-Tour-to-Abu-Simbel-from-Aswan-e1714654635506.jpg?resize=324%2C324&ssl=1",324,324,true],"woocommerce_single":["https:\/\/i0.wp.com\/landioustravel.com\/wp-content\/uploads\/2024\/05\/Private-Day-Tour-to-Abu-Simbel-from-Aswan-e1714654635506.jpg?fit=416%2C234&ssl=1",416,234,true],"woocommerce_gallery_thumbnail":["https:\/\/i0.wp.com\/landioustravel.com\/wp-content\/uploads\/2024\/05\/Private-Day-Tour-to-Abu-Simbel-from-Aswan-e1714654635506.jpg?resize=100%2C100&ssl=1",100,100,true]},"uagb_author_info":{"display_name":"Mofreh Landious","author_link":"https:\/\/landioustravel.com\/de\/author\/"},"uagb_comment_info":0,"uagb_excerpt":"Suchen Sie eine ruhige und private Tour von Assuan nach Abu Simbel mit einem mitf\u00fchlenden F\u00fchrer? Wir verstehen Ihr Bed\u00fcrfnis, die alte \u00e4gyptische Kultur und Geschichte sicher und bequem zu erleben. Aus diesem Grund bieten wir eine personalisierte Tour zu den in den Fels gehauenen Tempeln von Abu Simbel an, wo Sie Zeuge der Gr\u00f6\u00dfe&hellip;","jetpack_sharing_enabled":true,"jetpack_likes_enabled":true,"amp_enabled":true,"_links":{"self":[{"href":"https:\/\/landioustravel.com\/de\/wp-json\/wp\/v2\/product\/150570","targetHints":{"allow":["GET"]}}],"collection":[{"href":"https:\/\/landioustravel.com\/de\/wp-json\/wp\/v2\/product"}],"about":[{"href":"https:\/\/landioustravel.com\/de\/wp-json\/wp\/v2\/types\/product"}],"replies":[{"embeddable":true,"href":"https:\/\/landioustravel.com\/de\/wp-json\/wp\/v2\/comments?post=150570"}],"wp:featuredmedia":[{"embeddable":true,"href":"https:\/\/landioustravel.com\/de\/wp-json\/wp\/v2\/media\/150571"}],"wp:attachment":[{"href":"https:\/\/landioustravel.com\/de\/wp-json\/wp\/v2\/media?parent=150570"}],"wp:term":[{"taxonomy":"product_brand","embeddable":true,"href":"https:\/\/landioustravel.com\/de\/wp-json\/wp\/v2\/product_brand?post=150570"},{"taxonomy":"product_cat","embeddable":true,"href":"https:\/\/landioustravel.com\/de\/wp-json\/wp\/v2\/product_cat?post=150570"},{"taxonomy":"product_tag","embeddable":true,"href":"https:\/\/landioustravel.com\/de\/wp-json\/wp\/v2\/product_tag?post=150570"}],"curies":[{"name":"wp","href":"https:\/\/api.w.org\/{rel}","templated":true}]}}