{"id":150573,"date":"2024-05-02T12:19:30","date_gmt":"2024-05-02T09:19:30","guid":{"rendered":"https:\/\/landioustravel.com\/?post_type=product&#038;p=150573"},"modified":"2024-05-26T07:12:05","modified_gmt":"2024-05-26T04:12:05","slug":"tagesausflug-abu-simbel-assuan-flug","status":"publish","type":"product","link":"https:\/\/landioustravel.com\/de\/shop\/tagesausflug-abu-simbel-assuan-flug\/","title":{"rendered":"Tagesausflug nach Abu Simbel von Assuan mit dem Flug"},"content":{"rendered":"<p>Sind Sie bereit f\u00fcr ein fantastisches Abenteuer, das Sie zur\u00fcck in die antike Welt \u00c4gyptens f\u00fchrt? Machen Sie sich bereit, die atemberaubende Sch\u00f6nheit und Erhabenheit der beiden Tempel von Abu Simbel zu erleben, die als Meisterwerke des alten \u00c4gypten gelten. Nehmen Sie an dem Tagesausflug von Assuan nach Abu Simbel mit dem Flug teil!<\/p>\n<p>In K\u00fcrze wird Sie ein Vertreter von Landious Travel mit einem privaten, klimatisierten Fahrzeug von Ihrem Hotel\/Ihrer Nilkreuzfahrt in Assuan abholen und zum Flughafen Assuan bringen. Von dort aus genie\u00dfen Sie einen Flug nach Abu Simbel, wo unser qualifizierter \u00c4gyptologe auf Sie wartet und Sie auf Ihrer Tour begleitet.<\/p>\n<p>Wenn Sie die verborgenen Kammern, Statuen und Hieroglyphen erkunden, die jede Wand schm\u00fccken, werden Sie sich in die Vergangenheit zur\u00fcckversetzt f\u00fchlen. Sie erfahren mehr \u00fcber den Tempel von Ramses II., der den vier universellen G\u00f6ttern Ptah, Re-Her-Akhtey, Amun-Re und Ramses II. selbst gewidmet ist. Dar\u00fcber hinaus besuchen Sie den gro\u00dfen Tempel von Abu Simbel, auch Sonnentempel von Ramses II. genannt, und den Tempel der K\u00f6nigin Nefertari, auch bekannt als Tempel von Hathor, der Frau des Sonnengottes.<\/p>\n<p>Wenn Sie die Sehensw\u00fcrdigkeiten und Ger\u00e4usche dieser pr\u00e4chtigen Tempel genie\u00dfen, werden Sie von ihrem einzigartigen Stil begeistert sein und davon, wie sie den Ruhm und die Erhabenheit des neuen K\u00f6nigreichs widerspiegeln. Au\u00dferdem erfahren Sie, wie die \u00e4gyptische Regierung und die UNESCO zusammengearbeitet haben, um diese Tempel vor den \u00dcberschwemmungen zu retten, die andernfalls \u00fcber 28 Denkm\u00e4ler zerst\u00f6rt h\u00e4tten.<\/p>\n<p>Nach dieser fantastischen Tour werden Sie zum Flughafen Abu Simbel zur\u00fcckgebracht und fliegen zur\u00fcck nach Assuan, wo unser Vertreter auf Sie wartet und Sie zur\u00fcck zu Ihrem Ausgangspunkt bringt. Bereiten Sie sich auf eine unvergessliche Reise vor, die Ihnen unvergessliche Erinnerungen hinterlassen wird!<\/p>\n<h2>H\u00f6hepunkte der Abu Simbel-Tour ab Assuan per Flug<\/h2>\n<ul>\n<li>Der gro\u00dfe Tempel von Ramses II. und der kleinere Hathor-Tempel in Abu Simbel<\/li>\n<\/ul>\n<h2>Reiseroute des Tagesausflugs von Assuan nach Abu Simbel mit dem Flug<\/h2>\n<ul>\n<li>Der Vertreter von Landious Travel holt Sie gegen 05:00 Uhr in einem Privatfahrzeug von Ihrem Hotel in Assuan ab.<\/li>\n<li>Nachdem alle Ank\u00f6mmlinge abgeholt wurden, f\u00e4hrt der Bus zum internationalen Flughafen Assuan. Die Fahrt zum Flughafen dauert etwa 30 Minuten.<\/li>\n<\/ul>\n<h3>Zeitplan in Abu Simbel<\/h3>\n<ul>\n<li>Wir freuen uns, Ihnen eine hervorragende Gelegenheit bieten zu k\u00f6nnen, die Wunder von Abu Simbel zu erkunden. Unsere Tour beginnt mit einem Abholservice von Ihrem Hotel oder einer Nilkreuzfahrt in Assuan. Von dort aus begeben Sie sich auf einen Flug nach Abu Simbel, wo Sie den pr\u00e4chtigen Sonnentempel von Ramses II. und den Tempel der K\u00f6nigin Nefertari besichtigen. Diese beiden Tempel, die f\u00fcr ihren einzigartigen Stil bekannt sind, gelten als Meisterwerke des alten \u00c4gypten.<\/li>\n<li>Die alten \u00c4gypter weihten den Tempel von Ramses II. den vier universellen G\u00f6ttern: Ptah, Re-Her-Akhtey, Amun-Re und Ramses II. Er ist auch als Sonnentempel von Ramses II. bekannt. Andererseits ist der Tempel der K\u00f6nigin Nefertari, auch Hathor-Tempel genannt, eine Hommage an die Frau des Sonnengottes. Symbolisch vereinen die beiden Tempel Ramses II., Nefertari, Hathor und den Sonnengott zu einem Ganzen.<\/li>\n<li>Nach dem Besuch dieser beeindruckenden Sehensw\u00fcrdigkeiten kehren Sie per Flug nach Assuan zur\u00fcck und werden zu Ihrem Hotel zur\u00fcckgefahren. Wir hoffen, dass diese Tour Ihnen ein unvergessliches und bereicherndes Erlebnis der antiken Wunder \u00c4gyptens bietet.<\/li>\n<\/ul>\n<h3>Abreise nach Assuan<\/h3>\n<ul>\n<li>Nach einem so hervorragenden Programm in Abu Simbel geht es schlie\u00dflich zum Flughafen Kairo.<\/li>\n<li>Diese <strong>private Flugreise von Assuan nach Abu Simbel<\/strong> endet gegen 23:00 Uhr.<\/li>\n<\/ul>\n<h2>Was kostet die\u00a0\u00a0<em>private Flugreise von Assuan nach Abu Simbel<\/em>\u00a0?<\/h2>\n<ul>\n<li>Flug von Assuan nach Abu Simbel und R\u00fcckflug<\/li>\n<li>Abholung vom Hotel\/Kreuzfahrtschiff und R\u00fccktransfer.<\/li>\n<li>Qualifizierter englischsprachiger \u00c4gyptologenf\u00fchrer<\/li>\n<li>Moderner, klimatisierter Transport<\/li>\n<li>In Flaschen abgef\u00fclltes Wasser<\/li>\n<li>Eintritt\/Eintrittsgeb\u00fchren f\u00fcr Besichtigungen<\/li>\n<li>Andere Sprachen und \u00c4gyptologenf\u00fchrer sind auf Anfrage erh\u00e4ltlich<\/li>\n<\/ul>\n<h2>Was ist im Einzelflug nach Abu Simbel mit dem Flugzeug nach Assuan nicht enthalten?<\/h2>\n<ul>\n<li>Zus\u00e4tzliche Ausflugsprogramme, sofern nicht im oben genannten Programm enthalten.<\/li>\n<li>Auch Getr\u00e4nke.<\/li>\n<\/ul>\n<h2>Gegenst\u00e4nde, die Sie auf die Reise mitnehmen k\u00f6nnen<\/h2>\n<ul>\n<li>Fr\u00fchst\u00fccksbox.<\/li>\n<li>Auch Reisepass.<\/li>\n<\/ul>\n<h2>Abu Simbel Flug und Tour ab Assuan Buchungstage<\/h2>\n<ul>\n<li>Donnerstags von 05:00 \u2013 11:00 Uhr.<\/li>\n<li>Freitags ist au\u00dferdem von 05:00 bis 11:00 Uhr ge\u00f6ffnet.<\/li>\n<li>Bitte erkundigen Sie sich bei uns nach dem Flugplan.<\/li>\n<\/ul>\n","protected":false},"excerpt":{"rendered":"<p>Eine Reise nach Abu Simbel kann etwas entmutigend sein, aber wir haben es Ihnen leicht gemacht. Sie k\u00f6nnen morgens in Assuan ein Flugzeug besteigen und nach Abu Simbel fliegen, wo Sie den Vormittag damit verbringen, die unglaublichen Felsengr\u00e4ber am Ufer des Nassersees zu bewundern. Anschlie\u00dfend k\u00f6nnen Sie zur\u00fcck nach Assuan fliegen, um den Nachmittag zu genie\u00dfen.<\/p>\n<p>Das Beste an dieser Reise ist, dass Sie von einem erfahrenen \u00c4gyptologenf\u00fchrer begleitet werden, der Ihnen w\u00e4hrend der gesamten Tour privilegierte, pers\u00f6nliche Betreuung bietet. Sie haben die M\u00f6glichkeit, die beiden Tempel, den von Ramses II. und den Nefertari, zu erkunden und die pr\u00e4chtigen Kolosse zu sehen, die den Gro\u00dfen Tempel bewachen, sowie die geschnitzten Paviane hoch oben auf der Felswand.<\/p>\n<p>Da es sich au\u00dferdem um eine private Tour handelt, k\u00f6nnen Sie die Reise individuell an Ihren Komfort und Ihre Privatsph\u00e4re anpassen. Sie werden von Ihrem Standort in Assuan abgeholt und wieder zur\u00fcckgebracht und f\u00fcr Ihren Transport wird gesorgt. Au\u00dferdem steht Ihnen ein informativer \u00e4gyptologischer Reiseleiter zur Seite, der Ihnen hilft, die reiche Geschichte von Abu Simbel zu verstehen.<\/p>\n<p>Dies ist also die perfekte Option, wenn Sie eine komfortable, informative und sichere Tour durch Abu Simbel w\u00fcnschen.<\/p>\n","protected":false},"featured_media":150574,"comment_status":"open","ping_status":"closed","template":"","meta":{"_coblocks_attr":"","_coblocks_dimensions":"","_coblocks_responsive_height":"","_coblocks_accordion_ie_support":"","_uag_custom_page_level_css":"","jetpack_post_was_ever_published":false,"jetpack_publicize_message":"","jetpack_publicize_feature_enabled":true,"jetpack_social_post_already_shared":true,"jetpack_social_options":{"image_generator_settings":{"template":"highway","default_image_id":0,"font":"","enabled":false},"version":2},"_wpas_customize_per_network":false},"product_brand":[],"product_cat":[23453],"product_tag":[1653,9906],"class_list":{"0":"post-150573","1":"product","2":"type-product","3":"status-publish","4":"has-post-thumbnail","6":"product_cat-assuan-ausfluege","7":"product_tag-ausflug","8":"product_tag-besichtigung","10":"first","11":"instock","12":"sale","13":"virtual","14":"taxable","15":"purchasable","16":"product-type-simple"},"yoast_head":"<!-- This site is optimized with the Yoast SEO Premium plugin v26.9 (Yoast SEO v27.3) - https:\/\/yoast.com\/product\/yoast-seo-premium-wordpress\/ -->\n<title>Tagesausflug nach Abu Simbel von Assuan mit dem Flug<\/title>\n<meta name=\"description\" content=\"Tagesausflug nach Abu Simbel von Assuan mit dem Flug Eine Reise nach Abu Simbel kann etwas entmutigend sein, aber wir haben es Ihnen leicht gemacht. Sie\" \/>\n<meta name=\"robots\" content=\"index, follow, max-snippet:-1, max-image-preview:large, max-video-preview:-1\" \/>\n<link rel=\"canonical\" href=\"https:\/\/landioustravel.com\/de\/shop\/tagesausflug-abu-simbel-assuan-flug\/\" \/>\n<meta property=\"og:locale\" content=\"de_DE\" \/>\n<meta property=\"og:type\" content=\"article\" \/>\n<meta property=\"og:title\" content=\"Tagesausflug nach Abu Simbel von Assuan mit dem Flug\" \/>\n<meta property=\"og:description\" content=\"Landious Travel\" \/>\n<meta property=\"og:url\" content=\"https:\/\/landioustravel.com\/de\/shop\/tagesausflug-abu-simbel-assuan-flug\/\" \/>\n<meta property=\"og:site_name\" content=\"Landious Travel\" \/>\n<meta property=\"article:publisher\" content=\"https:\/\/web.facebook.com\/landiousEgypt\" \/>\n<meta property=\"article:modified_time\" content=\"2024-05-26T04:12:05+00:00\" \/>\n<meta property=\"og:image\" content=\"https:\/\/landioustravel.com\/wp-content\/uploads\/2024\/05\/Day-Trip-to-Abu-Simbel-from-Aswan-by-Flight-e1714641482553.jpg\" \/>\n\t<meta property=\"og:image:width\" content=\"1200\" \/>\n\t<meta property=\"og:image:height\" content=\"676\" \/>\n\t<meta property=\"og:image:type\" content=\"image\/jpeg\" \/>\n<meta name=\"twitter:card\" content=\"summary_large_image\" \/>\n<meta name=\"twitter:site\" content=\"@LandiousTours\" \/>\n<meta name=\"twitter:label1\" content=\"Gesch\u00e4tzte Lesezeit\" \/>\n\t<meta name=\"twitter:data1\" content=\"4\u00a0Minuten\" \/>\n<script type=\"application\/ld+json\" class=\"yoast-schema-graph\">{\"@context\":\"https:\\\/\\\/schema.org\",\"@graph\":[{\"@type\":\"WebPage\",\"@id\":\"https:\\\/\\\/landioustravel.com\\\/de\\\/shop\\\/tagesausflug-abu-simbel-assuan-flug\\\/\",\"url\":\"https:\\\/\\\/landioustravel.com\\\/de\\\/shop\\\/tagesausflug-abu-simbel-assuan-flug\\\/\",\"name\":\"Tagesausflug nach Abu Simbel von Assuan mit dem Flug\",\"isPartOf\":{\"@id\":\"https:\\\/\\\/landioustravel.com\\\/de\\\/#website\"},\"primaryImageOfPage\":{\"@id\":\"https:\\\/\\\/landioustravel.com\\\/de\\\/shop\\\/tagesausflug-abu-simbel-assuan-flug\\\/#primaryimage\"},\"image\":{\"@id\":\"https:\\\/\\\/landioustravel.com\\\/de\\\/shop\\\/tagesausflug-abu-simbel-assuan-flug\\\/#primaryimage\"},\"thumbnailUrl\":\"https:\\\/\\\/i0.wp.com\\\/landioustravel.com\\\/wp-content\\\/uploads\\\/2024\\\/05\\\/Day-Trip-to-Abu-Simbel-from-Aswan-by-Flight-e1714641482553.jpg?fit=1200%2C676&ssl=1\",\"datePublished\":\"2024-05-02T09:19:30+00:00\",\"dateModified\":\"2024-05-26T04:12:05+00:00\",\"description\":\"Tagesausflug nach Abu Simbel von Assuan mit dem Flug Eine Reise nach Abu Simbel kann etwas entmutigend sein, aber wir haben es Ihnen leicht gemacht. Sie\",\"breadcrumb\":{\"@id\":\"https:\\\/\\\/landioustravel.com\\\/de\\\/shop\\\/tagesausflug-abu-simbel-assuan-flug\\\/#breadcrumb\"},\"inLanguage\":\"de\",\"potentialAction\":[{\"@type\":\"ReadAction\",\"target\":[\"https:\\\/\\\/landioustravel.com\\\/de\\\/shop\\\/tagesausflug-abu-simbel-assuan-flug\\\/\"]}]},{\"@type\":\"ImageObject\",\"inLanguage\":\"de\",\"@id\":\"https:\\\/\\\/landioustravel.com\\\/de\\\/shop\\\/tagesausflug-abu-simbel-assuan-flug\\\/#primaryimage\",\"url\":\"https:\\\/\\\/i0.wp.com\\\/landioustravel.com\\\/wp-content\\\/uploads\\\/2024\\\/05\\\/Day-Trip-to-Abu-Simbel-from-Aswan-by-Flight-e1714641482553.jpg?fit=1200%2C676&ssl=1\",\"contentUrl\":\"https:\\\/\\\/i0.wp.com\\\/landioustravel.com\\\/wp-content\\\/uploads\\\/2024\\\/05\\\/Day-Trip-to-Abu-Simbel-from-Aswan-by-Flight-e1714641482553.jpg?fit=1200%2C676&ssl=1\",\"width\":1200,\"height\":676,\"caption\":\"Day Trip to Abu Simbel from Aswan by Flight\"},{\"@type\":\"BreadcrumbList\",\"@id\":\"https:\\\/\\\/landioustravel.com\\\/de\\\/shop\\\/tagesausflug-abu-simbel-assuan-flug\\\/#breadcrumb\",\"itemListElement\":[{\"@type\":\"ListItem\",\"position\":1,\"name\":\"Home\",\"item\":\"https:\\\/\\\/landioustravel.com\\\/de\\\/\"},{\"@type\":\"ListItem\",\"position\":2,\"name\":\"\u00c4gypten Touren\",\"item\":\"https:\\\/\\\/landioustravel.com\\\/de\\\/\"},{\"@type\":\"ListItem\",\"position\":3,\"name\":\"Tagesausflug nach Abu Simbel von Assuan mit dem Flug\"}]},{\"@type\":\"WebSite\",\"@id\":\"https:\\\/\\\/landioustravel.com\\\/de\\\/#website\",\"url\":\"https:\\\/\\\/landioustravel.com\\\/de\\\/\",\"name\":\"Landious Travel\",\"description\":\"Excursions, trips and cruises in Egypt\",\"publisher\":{\"@id\":\"https:\\\/\\\/landioustravel.com\\\/de\\\/#organization\"},\"potentialAction\":[{\"@type\":\"SearchAction\",\"target\":{\"@type\":\"EntryPoint\",\"urlTemplate\":\"https:\\\/\\\/landioustravel.com\\\/de\\\/?s={search_term_string}\"},\"query-input\":{\"@type\":\"PropertyValueSpecification\",\"valueRequired\":true,\"valueName\":\"search_term_string\"}}],\"inLanguage\":\"de\"},{\"@type\":[\"Organization\",\"Place\"],\"@id\":\"https:\\\/\\\/landioustravel.com\\\/de\\\/#organization\",\"name\":\"Landious Travel\",\"alternateName\":\"Landious Travel\",\"url\":\"https:\\\/\\\/landioustravel.com\\\/de\\\/\",\"logo\":{\"@id\":\"https:\\\/\\\/landioustravel.com\\\/de\\\/shop\\\/tagesausflug-abu-simbel-assuan-flug\\\/#local-main-organization-logo\"},\"image\":{\"@id\":\"https:\\\/\\\/landioustravel.com\\\/de\\\/shop\\\/tagesausflug-abu-simbel-assuan-flug\\\/#local-main-organization-logo\"},\"sameAs\":[\"https:\\\/\\\/web.facebook.com\\\/landiousEgypt\",\"https:\\\/\\\/x.com\\\/LandiousTours\",\"https:\\\/\\\/mastodon.social\\\/@landious\"],\"legalName\":\"Landious Travel\",\"telephone\":[],\"openingHoursSpecification\":[{\"@type\":\"OpeningHoursSpecification\",\"dayOfWeek\":[\"Monday\",\"Tuesday\",\"Wednesday\",\"Thursday\",\"Friday\",\"Saturday\",\"Sunday\"],\"opens\":\"09:00\",\"closes\":\"17:00\"}]},{\"@type\":\"ImageObject\",\"inLanguage\":\"de\",\"@id\":\"https:\\\/\\\/landioustravel.com\\\/de\\\/shop\\\/tagesausflug-abu-simbel-assuan-flug\\\/#local-main-organization-logo\",\"url\":\"https:\\\/\\\/i0.wp.com\\\/landioustravel.com\\\/wp-content\\\/uploads\\\/2021\\\/06\\\/Landious-T.png?fit=500%2C500&ssl=1\",\"contentUrl\":\"https:\\\/\\\/i0.wp.com\\\/landioustravel.com\\\/wp-content\\\/uploads\\\/2021\\\/06\\\/Landious-T.png?fit=500%2C500&ssl=1\",\"width\":500,\"height\":500,\"caption\":\"Landious Travel\"}]}<\/script>\n<!-- \/ Yoast SEO Premium plugin. -->","yoast_head_json":{"title":"Tagesausflug nach Abu Simbel von Assuan mit dem Flug","description":"Tagesausflug nach Abu Simbel von Assuan mit dem Flug Eine Reise nach Abu Simbel kann etwas entmutigend sein, aber wir haben es Ihnen leicht gemacht. Sie","robots":{"index":"index","follow":"follow","max-snippet":"max-snippet:-1","max-image-preview":"max-image-preview:large","max-video-preview":"max-video-preview:-1"},"canonical":"https:\/\/landioustravel.com\/de\/shop\/tagesausflug-abu-simbel-assuan-flug\/","og_locale":"de_DE","og_type":"article","og_title":"Tagesausflug nach Abu Simbel von Assuan mit dem Flug","og_description":"Landious Travel","og_url":"https:\/\/landioustravel.com\/de\/shop\/tagesausflug-abu-simbel-assuan-flug\/","og_site_name":"Landious Travel","article_publisher":"https:\/\/web.facebook.com\/landiousEgypt","article_modified_time":"2024-05-26T04:12:05+00:00","og_image":[{"width":1200,"height":676,"url":"https:\/\/landioustravel.com\/wp-content\/uploads\/2024\/05\/Day-Trip-to-Abu-Simbel-from-Aswan-by-Flight-e1714641482553.jpg","type":"image\/jpeg"}],"twitter_card":"summary_large_image","twitter_site":"@LandiousTours","twitter_misc":{"Gesch\u00e4tzte Lesezeit":"4\u00a0Minuten"},"schema":{"@context":"https:\/\/schema.org","@graph":[{"@type":"WebPage","@id":"https:\/\/landioustravel.com\/de\/shop\/tagesausflug-abu-simbel-assuan-flug\/","url":"https:\/\/landioustravel.com\/de\/shop\/tagesausflug-abu-simbel-assuan-flug\/","name":"Tagesausflug nach Abu Simbel von Assuan mit dem Flug","isPartOf":{"@id":"https:\/\/landioustravel.com\/de\/#website"},"primaryImageOfPage":{"@id":"https:\/\/landioustravel.com\/de\/shop\/tagesausflug-abu-simbel-assuan-flug\/#primaryimage"},"image":{"@id":"https:\/\/landioustravel.com\/de\/shop\/tagesausflug-abu-simbel-assuan-flug\/#primaryimage"},"thumbnailUrl":"https:\/\/i0.wp.com\/landioustravel.com\/wp-content\/uploads\/2024\/05\/Day-Trip-to-Abu-Simbel-from-Aswan-by-Flight-e1714641482553.jpg?fit=1200%2C676&ssl=1","datePublished":"2024-05-02T09:19:30+00:00","dateModified":"2024-05-26T04:12:05+00:00","description":"Tagesausflug nach Abu Simbel von Assuan mit dem Flug Eine Reise nach Abu Simbel kann etwas entmutigend sein, aber wir haben es Ihnen leicht gemacht. Sie","breadcrumb":{"@id":"https:\/\/landioustravel.com\/de\/shop\/tagesausflug-abu-simbel-assuan-flug\/#breadcrumb"},"inLanguage":"de","potentialAction":[{"@type":"ReadAction","target":["https:\/\/landioustravel.com\/de\/shop\/tagesausflug-abu-simbel-assuan-flug\/"]}]},{"@type":"ImageObject","inLanguage":"de","@id":"https:\/\/landioustravel.com\/de\/shop\/tagesausflug-abu-simbel-assuan-flug\/#primaryimage","url":"https:\/\/i0.wp.com\/landioustravel.com\/wp-content\/uploads\/2024\/05\/Day-Trip-to-Abu-Simbel-from-Aswan-by-Flight-e1714641482553.jpg?fit=1200%2C676&ssl=1","contentUrl":"https:\/\/i0.wp.com\/landioustravel.com\/wp-content\/uploads\/2024\/05\/Day-Trip-to-Abu-Simbel-from-Aswan-by-Flight-e1714641482553.jpg?fit=1200%2C676&ssl=1","width":1200,"height":676,"caption":"Day Trip to Abu Simbel from Aswan by Flight"},{"@type":"BreadcrumbList","@id":"https:\/\/landioustravel.com\/de\/shop\/tagesausflug-abu-simbel-assuan-flug\/#breadcrumb","itemListElement":[{"@type":"ListItem","position":1,"name":"Home","item":"https:\/\/landioustravel.com\/de\/"},{"@type":"ListItem","position":2,"name":"\u00c4gypten Touren","item":"https:\/\/landioustravel.com\/de\/"},{"@type":"ListItem","position":3,"name":"Tagesausflug nach Abu Simbel von Assuan mit dem Flug"}]},{"@type":"WebSite","@id":"https:\/\/landioustravel.com\/de\/#website","url":"https:\/\/landioustravel.com\/de\/","name":"Landious Travel","description":"Excursions, trips and cruises in Egypt","publisher":{"@id":"https:\/\/landioustravel.com\/de\/#organization"},"potentialAction":[{"@type":"SearchAction","target":{"@type":"EntryPoint","urlTemplate":"https:\/\/landioustravel.com\/de\/?s={search_term_string}"},"query-input":{"@type":"PropertyValueSpecification","valueRequired":true,"valueName":"search_term_string"}}],"inLanguage":"de"},{"@type":["Organization","Place"],"@id":"https:\/\/landioustravel.com\/de\/#organization","name":"Landious Travel","alternateName":"Landious Travel","url":"https:\/\/landioustravel.com\/de\/","logo":{"@id":"https:\/\/landioustravel.com\/de\/shop\/tagesausflug-abu-simbel-assuan-flug\/#local-main-organization-logo"},"image":{"@id":"https:\/\/landioustravel.com\/de\/shop\/tagesausflug-abu-simbel-assuan-flug\/#local-main-organization-logo"},"sameAs":["https:\/\/web.facebook.com\/landiousEgypt","https:\/\/x.com\/LandiousTours","https:\/\/mastodon.social\/@landious"],"legalName":"Landious Travel","telephone":[],"openingHoursSpecification":[{"@type":"OpeningHoursSpecification","dayOfWeek":["Monday","Tuesday","Wednesday","Thursday","Friday","Saturday","Sunday"],"opens":"09:00","closes":"17:00"}]},{"@type":"ImageObject","inLanguage":"de","@id":"https:\/\/landioustravel.com\/de\/shop\/tagesausflug-abu-simbel-assuan-flug\/#local-main-organization-logo","url":"https:\/\/i0.wp.com\/landioustravel.com\/wp-content\/uploads\/2021\/06\/Landious-T.png?fit=500%2C500&ssl=1","contentUrl":"https:\/\/i0.wp.com\/landioustravel.com\/wp-content\/uploads\/2021\/06\/Landious-T.png?fit=500%2C500&ssl=1","width":500,"height":500,"caption":"Landious Travel"}]}},"jetpack_publicize_connections":[],"uagb_featured_image_src":{"full":["https:\/\/i0.wp.com\/landioustravel.com\/wp-content\/uploads\/2024\/05\/Day-Trip-to-Abu-Simbel-from-Aswan-by-Flight-e1714641482553.jpg?fit=1200%2C676&ssl=1",1200,676,false],"thumbnail":["https:\/\/i0.wp.com\/landioustravel.com\/wp-content\/uploads\/2024\/05\/Day-Trip-to-Abu-Simbel-from-Aswan-by-Flight-e1714641482553.jpg?resize=150%2C150&ssl=1",150,150,true],"medium":["https:\/\/i0.wp.com\/landioustravel.com\/wp-content\/uploads\/2024\/05\/Day-Trip-to-Abu-Simbel-from-Aswan-by-Flight-e1714641482553.jpg?fit=300%2C169&ssl=1",300,169,true],"medium_large":["https:\/\/i0.wp.com\/landioustravel.com\/wp-content\/uploads\/2024\/05\/Day-Trip-to-Abu-Simbel-from-Aswan-by-Flight-e1714641482553.jpg?fit=768%2C432&ssl=1",768,432,true],"large":["https:\/\/i0.wp.com\/landioustravel.com\/wp-content\/uploads\/2024\/05\/Day-Trip-to-Abu-Simbel-from-Aswan-by-Flight-e1714641482553.jpg?fit=980%2C552&ssl=1",980,552,true],"1536x1536":["https:\/\/i0.wp.com\/landioustravel.com\/wp-content\/uploads\/2024\/05\/Day-Trip-to-Abu-Simbel-from-Aswan-by-Flight-e1714641482553.jpg?fit=1200%2C676&ssl=1",1200,676,true],"2048x2048":["https:\/\/i0.wp.com\/landioustravel.com\/wp-content\/uploads\/2024\/05\/Day-Trip-to-Abu-Simbel-from-Aswan-by-Flight-e1714641482553.jpg?fit=1200%2C676&ssl=1",1200,676,true],"newspack-article-block-landscape-large":["https:\/\/i0.wp.com\/landioustravel.com\/wp-content\/uploads\/2024\/05\/Day-Trip-to-Abu-Simbel-from-Aswan-by-Flight-e1714641482553.jpg?resize=1200%2C676&ssl=1",1200,732,true],"newspack-article-block-portrait-large":["https:\/\/i0.wp.com\/landioustravel.com\/wp-content\/uploads\/2024\/05\/Day-Trip-to-Abu-Simbel-from-Aswan-by-Flight-e1714641482553.jpg?resize=900%2C676&ssl=1",900,732,true],"newspack-article-block-square-large":["https:\/\/i0.wp.com\/landioustravel.com\/wp-content\/uploads\/2024\/05\/Day-Trip-to-Abu-Simbel-from-Aswan-by-Flight-e1714641482553.jpg?resize=1200%2C676&ssl=1",1200,732,true],"newspack-article-block-landscape-medium":["https:\/\/i0.wp.com\/landioustravel.com\/wp-content\/uploads\/2024\/05\/Day-Trip-to-Abu-Simbel-from-Aswan-by-Flight-e1714641482553.jpg?resize=800%2C600&ssl=1",800,600,true],"newspack-article-block-portrait-medium":["https:\/\/i0.wp.com\/landioustravel.com\/wp-content\/uploads\/2024\/05\/Day-Trip-to-Abu-Simbel-from-Aswan-by-Flight-e1714641482553.jpg?resize=600%2C676&ssl=1",600,732,true],"newspack-article-block-square-medium":["https:\/\/i0.wp.com\/landioustravel.com\/wp-content\/uploads\/2024\/05\/Day-Trip-to-Abu-Simbel-from-Aswan-by-Flight-e1714641482553.jpg?resize=800%2C676&ssl=1",800,732,true],"newspack-article-block-landscape-intermediate":["https:\/\/i0.wp.com\/landioustravel.com\/wp-content\/uploads\/2024\/05\/Day-Trip-to-Abu-Simbel-from-Aswan-by-Flight-e1714641482553.jpg?resize=600%2C450&ssl=1",600,450,true],"newspack-article-block-portrait-intermediate":["https:\/\/i0.wp.com\/landioustravel.com\/wp-content\/uploads\/2024\/05\/Day-Trip-to-Abu-Simbel-from-Aswan-by-Flight-e1714641482553.jpg?resize=450%2C600&ssl=1",450,600,true],"newspack-article-block-square-intermediate":["https:\/\/i0.wp.com\/landioustravel.com\/wp-content\/uploads\/2024\/05\/Day-Trip-to-Abu-Simbel-from-Aswan-by-Flight-e1714641482553.jpg?resize=600%2C600&ssl=1",600,600,true],"newspack-article-block-landscape-small":["https:\/\/i0.wp.com\/landioustravel.com\/wp-content\/uploads\/2024\/05\/Day-Trip-to-Abu-Simbel-from-Aswan-by-Flight-e1714641482553.jpg?resize=400%2C300&ssl=1",400,300,true],"newspack-article-block-portrait-small":["https:\/\/i0.wp.com\/landioustravel.com\/wp-content\/uploads\/2024\/05\/Day-Trip-to-Abu-Simbel-from-Aswan-by-Flight-e1714641482553.jpg?resize=300%2C400&ssl=1",300,400,true],"newspack-article-block-square-small":["https:\/\/i0.wp.com\/landioustravel.com\/wp-content\/uploads\/2024\/05\/Day-Trip-to-Abu-Simbel-from-Aswan-by-Flight-e1714641482553.jpg?resize=400%2C400&ssl=1",400,400,true],"newspack-article-block-landscape-tiny":["https:\/\/i0.wp.com\/landioustravel.com\/wp-content\/uploads\/2024\/05\/Day-Trip-to-Abu-Simbel-from-Aswan-by-Flight-e1714641482553.jpg?resize=200%2C150&ssl=1",200,150,true],"newspack-article-block-portrait-tiny":["https:\/\/i0.wp.com\/landioustravel.com\/wp-content\/uploads\/2024\/05\/Day-Trip-to-Abu-Simbel-from-Aswan-by-Flight-e1714641482553.jpg?resize=150%2C200&ssl=1",150,200,true],"newspack-article-block-square-tiny":["https:\/\/i0.wp.com\/landioustravel.com\/wp-content\/uploads\/2024\/05\/Day-Trip-to-Abu-Simbel-from-Aswan-by-Flight-e1714641482553.jpg?resize=200%2C200&ssl=1",200,200,true],"newspack-article-block-uncropped":["https:\/\/i0.wp.com\/landioustravel.com\/wp-content\/uploads\/2024\/05\/Day-Trip-to-Abu-Simbel-from-Aswan-by-Flight-e1714641482553.jpg?fit=1200%2C676&ssl=1",1200,676,true],"woocommerce_thumbnail":["https:\/\/i0.wp.com\/landioustravel.com\/wp-content\/uploads\/2024\/05\/Day-Trip-to-Abu-Simbel-from-Aswan-by-Flight-e1714641482553.jpg?resize=324%2C324&ssl=1",324,324,true],"woocommerce_single":["https:\/\/i0.wp.com\/landioustravel.com\/wp-content\/uploads\/2024\/05\/Day-Trip-to-Abu-Simbel-from-Aswan-by-Flight-e1714641482553.jpg?fit=416%2C234&ssl=1",416,234,true],"woocommerce_gallery_thumbnail":["https:\/\/i0.wp.com\/landioustravel.com\/wp-content\/uploads\/2024\/05\/Day-Trip-to-Abu-Simbel-from-Aswan-by-Flight-e1714641482553.jpg?resize=100%2C100&ssl=1",100,100,true]},"uagb_author_info":{"display_name":"Mofreh Landious","author_link":"https:\/\/landioustravel.com\/de\/author\/"},"uagb_comment_info":0,"uagb_excerpt":"Eine Reise nach Abu Simbel kann etwas entmutigend sein, aber wir haben es Ihnen leicht gemacht. Sie k\u00f6nnen morgens in Assuan ein Flugzeug besteigen und nach Abu Simbel fliegen, wo Sie den Vormittag damit verbringen, die unglaublichen Felsengr\u00e4ber am Ufer des Nassersees zu bewundern. Anschlie\u00dfend k\u00f6nnen Sie zur\u00fcck nach Assuan fliegen, um den Nachmittag zu&hellip;","jetpack_sharing_enabled":true,"jetpack_likes_enabled":true,"amp_enabled":true,"_links":{"self":[{"href":"https:\/\/landioustravel.com\/de\/wp-json\/wp\/v2\/product\/150573","targetHints":{"allow":["GET"]}}],"collection":[{"href":"https:\/\/landioustravel.com\/de\/wp-json\/wp\/v2\/product"}],"about":[{"href":"https:\/\/landioustravel.com\/de\/wp-json\/wp\/v2\/types\/product"}],"replies":[{"embeddable":true,"href":"https:\/\/landioustravel.com\/de\/wp-json\/wp\/v2\/comments?post=150573"}],"wp:featuredmedia":[{"embeddable":true,"href":"https:\/\/landioustravel.com\/de\/wp-json\/wp\/v2\/media\/150574"}],"wp:attachment":[{"href":"https:\/\/landioustravel.com\/de\/wp-json\/wp\/v2\/media?parent=150573"}],"wp:term":[{"taxonomy":"product_brand","embeddable":true,"href":"https:\/\/landioustravel.com\/de\/wp-json\/wp\/v2\/product_brand?post=150573"},{"taxonomy":"product_cat","embeddable":true,"href":"https:\/\/landioustravel.com\/de\/wp-json\/wp\/v2\/product_cat?post=150573"},{"taxonomy":"product_tag","embeddable":true,"href":"https:\/\/landioustravel.com\/de\/wp-json\/wp\/v2\/product_tag?post=150573"}],"curies":[{"name":"wp","href":"https:\/\/api.w.org\/{rel}","templated":true}]}}