{"id":150576,"date":"2024-05-02T10:11:04","date_gmt":"2024-05-02T07:11:04","guid":{"rendered":"https:\/\/landioustravel.com\/?post_type=product&#038;p=150576"},"modified":"2024-05-26T10:03:35","modified_gmt":"2024-05-26T07:03:35","slug":"kairo-tour-assuan-mit-dem-flug","status":"publish","type":"product","link":"https:\/\/landioustravel.com\/de\/shop\/kairo-tour-assuan-mit-dem-flug\/","title":{"rendered":"Kairo-Tour ab Assuan mit dem Flug"},"content":{"rendered":"<p>Wir haben genau das richtige Paket f\u00fcr Sie, wenn Sie eine Reise von Assuan nach Kairo planen und diese einfach und unvergesslich gestalten m\u00f6chten. Unser Paket umfasst Flugtickets, Eintrittskarten und Transfers, sodass Sie sich um nichts k\u00fcmmern m\u00fcssen. Wir holen Sie um 4:30 Uhr von Ihrem Hotel in Assuan ab und bringen Sie zum Flughafen.<\/p>\n<p>Nach einem kurzen Flug nach Kairo wird Sie unser Vertreter den ganzen Tag \u00fcber treffen und unterst\u00fctzen. Genie\u00dfen Sie eine private Tour mit unserem \u00e4gyptologischen Reiseleiter, der Ihnen detaillierte Einblicke in die exquisiten Pyramiden von Gizeh, die Gro\u00dfe Sphinx und den Taltempel der Chephren-Pyramide gew\u00e4hrt. Anschlie\u00dfend bringen wir Sie zum Mittagessen in ein lokales Restaurant.<\/p>\n<p>Die n\u00e4chste Station ist das \u00c4gyptische Museum, das Artefakte aus der Pharaonenzeit zeigt. Das Museum verf\u00fcgt \u00fcber eine seltene Sammlung von 5000 Jahren Kunst, darunter eine Ausstellung, die Tutanchamuns Schatz-, Gold- und Schmucksammlung gewidmet ist. Sie haben ausreichend Zeit, Khan El Khalili, Kairos alten Basar, zu erkunden, bevor Sie zum Flughafen Kairo gefahren werden und von dort aus nach Assuan zur\u00fcckfliegen.<\/p>\n<p>Wir sorgen daf\u00fcr, dass Sie sicher in Ihrem Hotel ankommen und eine reibungslose und angenehme Reise haben. Wir k\u00fcmmern uns um alles, damit Sie sich darauf konzentrieren k\u00f6nnen, unvergessliche Erinnerungen in der \u00e4gyptischen Hauptstadt zu schaffen. Bei Interesse bieten wir eine private Tagestour von Assuan nach Kairo mit Inlandsflug, privatem Reisef\u00fchrer, privatem Transport und Mittagessen an. Sie besuchen die wichtigsten Sehensw\u00fcrdigkeiten und Meisterwerke von Kairo und Gizeh, angefangen bei der Gro\u00dfen Pyramide von Gizeh und der Sphinx, den kleinen Pyramiden der K\u00f6nigin sowie dem Taltempel und der Sphinx. Anschlie\u00dfend beenden Sie Ihre Tour mit dem \u00c4gyptischen Museum und enden mit dem Kairoer Basar (Souk).<\/p>\n<h2>H\u00f6hepunkte der Kairo-Tour ab Assuan mit dem Flug<\/h2>\n<ul>\n<li><strong>Besuchen Sie das \u00c4gyptische Museum in Kairo.<\/strong><\/li>\n<li><strong>Mittagessen in einem Restaurant.<\/strong><\/li>\n<li><strong>Besuchen Sie die drei Pyramiden in Gizeh.<\/strong><\/li>\n<li>Au\u00dferdem <strong>die Gro\u00dfe Sphinx im Pyramidenkomplex.<\/strong><\/li>\n<\/ul>\n<h2>Ablauf der individuellen Flugreise nach Kairo<\/h2>\n<ul>\n<li>Der Vertreter von Landious Travel\u00a0holt Sie gegen 05:00 Uhr in einem Privatfahrzeug von Ihrem Hotel in Assuan ab.<\/li>\n<li>Nachdem alle Ank\u00f6mmlinge abgeholt wurden, f\u00e4hrt der Bus zum internationalen Flughafen Assuan. Die Fahrt zum Flughafen dauert etwa 30 Minuten.<\/li>\n<\/ul>\n<h3>Zeitplan in Kairo<\/h3>\n<ul>\n<li>Anschlie\u00dfend besuchen Sie das \u00c4gyptische Museum, das Artefakte aus der Pharaonenzeit zeigt. Das Museum verf\u00fcgt \u00fcber eine seltene und umfangreiche Sammlung von 5.000 Jahren Kunst, was es mit \u00fcber 250.000 ausgestellten authentischen Artefakten zur teuersten und wertvollsten \u00e4gyptischen Kunst macht. Zu den Exponaten geh\u00f6rt eine einzigartige Ausstellung, die Tutanchamuns Sch\u00e4tzen, Gold und Schmuck gewidmet ist, die \u00fcber 3.500 Jahre lang in seinem Grab versiegelt waren, bevor sie 1920 bei einer Ausgrabung entdeckt wurden. Wenn Sie in Kairo ankommen, bringen wir Sie zu diesem unglaublichen Museum, das etwa 100 Ausstellungsr\u00e4ume mit jeweils einer einzigartigen Sammlung von rund 150.000 Objekten umfasst. Ihr Guide zeigt Ihnen die wichtigsten Exponate und Sie haben ausreichend Zeit zum Fotografieren.<\/li>\n<li>Nach dem Besuch im \u00c4gyptischen Museum beginnen Sie mit dem Bootspicknick auf dem Nil. Diese Nilfahrt ist ein Zusatzprogramm; Sie k\u00f6nnen es im Voraus \u00fcber uns buchen! Sobald das Bootspicknick auf dem Nil endet, fahren Sie in eine andere Stadt \u2013 Gizeh.<\/li>\n<\/ul>\n<h3>Agenda in Gizeh<\/h3>\n<ul>\n<li>Nat\u00fcrlich geht die Reise in Gizeh weiter. Der erste Halt ist das Restaurant, das ein offenes Buffet anbietet.<\/li>\n<li>Anschlie\u00dfend geht die Gruppe weiter zum Pyramidenkomplex von Gizeh, zu dem die Gro\u00dfen Pyramiden und die Sphinx geh\u00f6ren. Ihr Guide zeigt Ihnen noch einmal diese Denkm\u00e4ler und gibt Ihnen Zeit zum Fotografieren.<\/li>\n<\/ul>\n<h3>Altes Kairo<\/h3>\n<ul>\n<li>Nach der Erkundung der Pyramiden empfiehlt es sich, das koptische Kairo zu besuchen, um mehr \u00fcber das christliche und j\u00fcdische Erbe zu erfahren. Zu diesem Zweck k\u00f6nnen Sie die H\u00e4ngende Kirche und die Ben-Ezra-Synagoge besichtigen.<\/li>\n<li>Als n\u00e4chstes k\u00f6nnen Sie das islamische Kairo besuchen und Khan El Khalili, einen ber\u00fchmten alten Basar, erkunden.<\/li>\n<\/ul>\n<h3>Abreise nach Assuan<\/h3>\n<ul>\n<li>Nach einem so hervorragenden Programm in Kairo und Gizeh geht es schlie\u00dflich zum Flughafen Kairo.<\/li>\n<li>Diese <strong>private Flugreise von Assuan nach Kairo<\/strong> endet gegen 23:00 Uhr.<\/li>\n<\/ul>\n<h2>Was kostet der <em>Privatflug nach Assuan nach Kairo<\/em>?<\/h2>\n<ol>\n<li>Tickets f\u00fcr Tempelbesuche.<\/li>\n<li>Mittagessen.<\/li>\n<li>Privater Reisef\u00fchrer.<\/li>\n<li>Individueller Transfer zum Flughafen Hurghada.<\/li>\n<li>Privatfahrzeug in Kairo.<\/li>\n<li>Au\u00dferdem individueller Transfer vom Flughafen Assuan zur\u00fcck zu Ihrem Hotel.<\/li>\n<\/ol>\n<h2>Was ist im Programm der Kairo-Einzelreise mit dem Assuan-Flugzeug nicht enthalten?<\/h2>\n<ul>\n<li>Zus\u00e4tzliche Ausflugsprogramme, sofern nicht im oben genannten Programm enthalten.<\/li>\n<li>Auch Getr\u00e4nke.<\/li>\n<\/ul>\n<h2>Gegenst\u00e4nde, die Sie auf die Reise mitnehmen k\u00f6nnen<\/h2>\n<ul>\n<li>Fr\u00fchst\u00fccksbox.<\/li>\n<li>Auch Reisepass.<\/li>\n<\/ul>\n<h2>Privatreise nach Kairo, Assuan-Flugbuchungstage<\/h2>\n<ul>\n<li>Donnerstags von 05:00 \u2013 23:00 Uhr.<\/li>\n<li>Freitags ist au\u00dferdem von 05:00 \u2013 23:00 Uhr ge\u00f6ffnet.<\/li>\n<li>Bitte erkundigen Sie sich bei uns nach dem Flugplan.<\/li>\n<\/ul>\n","protected":false},"excerpt":{"rendered":"<p>Erleben Sie einen ganzt\u00e4gigen Ausflug nach Kairo und besuchen Sie die Gro\u00dfen Pyramiden, das \u00c4gyptische Museum und das alte Kairo. Genie\u00dfen Sie einen komfortablen und sicheren Abhol- und Bringservice von Ihrem Standort in Assuan. Die Tour ist privat und Sie k\u00f6nnen sie nach Ihren W\u00fcnschen gestalten, um maximalen Komfort und Privatsph\u00e4re zu gew\u00e4hrleisten. Ein erfahrener \u00e4gyptologischer Reiseleiter wird Sie begleiten und Ihnen aufschlussreiche Informationen \u00fcber die reiche Geschichte dieser ber\u00fchmten St\u00e4tten geben. Sie haben die M\u00f6glichkeit, die fantastischsten Attraktionen Kairos zu erkunden, auch wenn die Zeit begrenzt ist. Die Tour ist f\u00fcr alle Altersgruppen geeignet.<\/p>\n","protected":false},"featured_media":99440,"comment_status":"open","ping_status":"closed","template":"","meta":{"_coblocks_attr":"","_coblocks_dimensions":"","_coblocks_responsive_height":"","_coblocks_accordion_ie_support":"","_uag_custom_page_level_css":"","jetpack_post_was_ever_published":false,"jetpack_publicize_message":"","jetpack_publicize_feature_enabled":true,"jetpack_social_post_already_shared":true,"jetpack_social_options":{"image_generator_settings":{"template":"highway","default_image_id":0,"font":"","enabled":false},"version":2},"_wpas_customize_per_network":false},"product_brand":[],"product_cat":[23453],"product_tag":[1653,9906,1652,1654,1655],"class_list":{"0":"post-150576","1":"product","2":"type-product","3":"status-publish","4":"has-post-thumbnail","6":"product_cat-assuan-ausfluege","7":"product_tag-ausflug","8":"product_tag-besichtigung","9":"product_tag-kairo","10":"product_tag-pyramiden","11":"product_tag-sphinx-de","13":"first","14":"instock","15":"sale","16":"virtual","17":"taxable","18":"purchasable","19":"product-type-simple"},"yoast_head":"<!-- This site is optimized with the Yoast SEO Premium plugin v26.9 (Yoast SEO v27.3) - https:\/\/yoast.com\/product\/yoast-seo-premium-wordpress\/ -->\n<title>Kairo-Tour ab Assuan mit dem Flug<\/title>\n<meta name=\"description\" content=\"Kairo-Tour ab Assuan mit dem Flug Erleben Sie einen ganzt\u00e4gigen Ausflug nach Kairo und besuchen Sie die Gro\u00dfen Pyramiden, das \u00c4gyptische Museum und das alte\" \/>\n<meta name=\"robots\" content=\"index, follow, max-snippet:-1, max-image-preview:large, max-video-preview:-1\" \/>\n<link rel=\"canonical\" href=\"https:\/\/landioustravel.com\/de\/shop\/kairo-tour-assuan-mit-dem-flug\/\" \/>\n<meta property=\"og:locale\" content=\"de_DE\" \/>\n<meta property=\"og:type\" content=\"article\" \/>\n<meta property=\"og:title\" content=\"Kairo-Tour ab Assuan mit dem Flug\" \/>\n<meta property=\"og:description\" content=\"Landious Travel\" \/>\n<meta property=\"og:url\" content=\"https:\/\/landioustravel.com\/de\/shop\/kairo-tour-assuan-mit-dem-flug\/\" \/>\n<meta property=\"og:site_name\" content=\"Landious Travel\" \/>\n<meta property=\"article:publisher\" content=\"https:\/\/web.facebook.com\/landiousEgypt\" \/>\n<meta property=\"article:modified_time\" content=\"2024-05-26T07:03:35+00:00\" \/>\n<meta property=\"og:image\" content=\"https:\/\/landioustravel.com\/wp-content\/uploads\/2022\/05\/Egyptian-Pyramids-e1652448963518.jpg\" \/>\n\t<meta property=\"og:image:width\" content=\"1200\" \/>\n\t<meta property=\"og:image:height\" content=\"675\" \/>\n\t<meta property=\"og:image:type\" content=\"image\/jpeg\" \/>\n<meta name=\"twitter:card\" content=\"summary_large_image\" \/>\n<meta name=\"twitter:site\" content=\"@LandiousTours\" \/>\n<meta name=\"twitter:label1\" content=\"Gesch\u00e4tzte Lesezeit\" \/>\n\t<meta name=\"twitter:data1\" content=\"4\u00a0Minuten\" \/>\n<script type=\"application\/ld+json\" class=\"yoast-schema-graph\">{\"@context\":\"https:\\\/\\\/schema.org\",\"@graph\":[{\"@type\":\"WebPage\",\"@id\":\"https:\\\/\\\/landioustravel.com\\\/de\\\/shop\\\/kairo-tour-assuan-mit-dem-flug\\\/\",\"url\":\"https:\\\/\\\/landioustravel.com\\\/de\\\/shop\\\/kairo-tour-assuan-mit-dem-flug\\\/\",\"name\":\"Kairo-Tour ab Assuan mit dem Flug\",\"isPartOf\":{\"@id\":\"https:\\\/\\\/landioustravel.com\\\/de\\\/#website\"},\"primaryImageOfPage\":{\"@id\":\"https:\\\/\\\/landioustravel.com\\\/de\\\/shop\\\/kairo-tour-assuan-mit-dem-flug\\\/#primaryimage\"},\"image\":{\"@id\":\"https:\\\/\\\/landioustravel.com\\\/de\\\/shop\\\/kairo-tour-assuan-mit-dem-flug\\\/#primaryimage\"},\"thumbnailUrl\":\"https:\\\/\\\/i0.wp.com\\\/landioustravel.com\\\/wp-content\\\/uploads\\\/2022\\\/05\\\/Egyptian-Pyramids-e1652448963518.jpg?fit=1200%2C675&ssl=1\",\"datePublished\":\"2024-05-02T07:11:04+00:00\",\"dateModified\":\"2024-05-26T07:03:35+00:00\",\"description\":\"Kairo-Tour ab Assuan mit dem Flug Erleben Sie einen ganzt\u00e4gigen Ausflug nach Kairo und besuchen Sie die Gro\u00dfen Pyramiden, das \u00c4gyptische Museum und das alte\",\"breadcrumb\":{\"@id\":\"https:\\\/\\\/landioustravel.com\\\/de\\\/shop\\\/kairo-tour-assuan-mit-dem-flug\\\/#breadcrumb\"},\"inLanguage\":\"de\",\"potentialAction\":[{\"@type\":\"ReadAction\",\"target\":[\"https:\\\/\\\/landioustravel.com\\\/de\\\/shop\\\/kairo-tour-assuan-mit-dem-flug\\\/\"]}]},{\"@type\":\"ImageObject\",\"inLanguage\":\"de\",\"@id\":\"https:\\\/\\\/landioustravel.com\\\/de\\\/shop\\\/kairo-tour-assuan-mit-dem-flug\\\/#primaryimage\",\"url\":\"https:\\\/\\\/i0.wp.com\\\/landioustravel.com\\\/wp-content\\\/uploads\\\/2022\\\/05\\\/Egyptian-Pyramids-e1652448963518.jpg?fit=1200%2C675&ssl=1\",\"contentUrl\":\"https:\\\/\\\/i0.wp.com\\\/landioustravel.com\\\/wp-content\\\/uploads\\\/2022\\\/05\\\/Egyptian-Pyramids-e1652448963518.jpg?fit=1200%2C675&ssl=1\",\"width\":1200,\"height\":675,\"caption\":\"Egyptian pyramids\"},{\"@type\":\"BreadcrumbList\",\"@id\":\"https:\\\/\\\/landioustravel.com\\\/de\\\/shop\\\/kairo-tour-assuan-mit-dem-flug\\\/#breadcrumb\",\"itemListElement\":[{\"@type\":\"ListItem\",\"position\":1,\"name\":\"Home\",\"item\":\"https:\\\/\\\/landioustravel.com\\\/de\\\/\"},{\"@type\":\"ListItem\",\"position\":2,\"name\":\"\u00c4gypten Touren\",\"item\":\"https:\\\/\\\/landioustravel.com\\\/de\\\/\"},{\"@type\":\"ListItem\",\"position\":3,\"name\":\"Kairo-Tour ab Assuan mit dem Flug\"}]},{\"@type\":\"WebSite\",\"@id\":\"https:\\\/\\\/landioustravel.com\\\/de\\\/#website\",\"url\":\"https:\\\/\\\/landioustravel.com\\\/de\\\/\",\"name\":\"Landious Travel\",\"description\":\"Excursions, trips and cruises in Egypt\",\"publisher\":{\"@id\":\"https:\\\/\\\/landioustravel.com\\\/de\\\/#organization\"},\"potentialAction\":[{\"@type\":\"SearchAction\",\"target\":{\"@type\":\"EntryPoint\",\"urlTemplate\":\"https:\\\/\\\/landioustravel.com\\\/de\\\/?s={search_term_string}\"},\"query-input\":{\"@type\":\"PropertyValueSpecification\",\"valueRequired\":true,\"valueName\":\"search_term_string\"}}],\"inLanguage\":\"de\"},{\"@type\":[\"Organization\",\"Place\"],\"@id\":\"https:\\\/\\\/landioustravel.com\\\/de\\\/#organization\",\"name\":\"Landious Travel\",\"alternateName\":\"Landious Travel\",\"url\":\"https:\\\/\\\/landioustravel.com\\\/de\\\/\",\"logo\":{\"@id\":\"https:\\\/\\\/landioustravel.com\\\/de\\\/shop\\\/kairo-tour-assuan-mit-dem-flug\\\/#local-main-organization-logo\"},\"image\":{\"@id\":\"https:\\\/\\\/landioustravel.com\\\/de\\\/shop\\\/kairo-tour-assuan-mit-dem-flug\\\/#local-main-organization-logo\"},\"sameAs\":[\"https:\\\/\\\/web.facebook.com\\\/landiousEgypt\",\"https:\\\/\\\/x.com\\\/LandiousTours\",\"https:\\\/\\\/mastodon.social\\\/@landious\"],\"legalName\":\"Landious Travel\",\"telephone\":[],\"openingHoursSpecification\":[{\"@type\":\"OpeningHoursSpecification\",\"dayOfWeek\":[\"Monday\",\"Tuesday\",\"Wednesday\",\"Thursday\",\"Friday\",\"Saturday\",\"Sunday\"],\"opens\":\"09:00\",\"closes\":\"17:00\"}]},{\"@type\":\"ImageObject\",\"inLanguage\":\"de\",\"@id\":\"https:\\\/\\\/landioustravel.com\\\/de\\\/shop\\\/kairo-tour-assuan-mit-dem-flug\\\/#local-main-organization-logo\",\"url\":\"https:\\\/\\\/i0.wp.com\\\/landioustravel.com\\\/wp-content\\\/uploads\\\/2021\\\/06\\\/Landious-T.png?fit=500%2C500&ssl=1\",\"contentUrl\":\"https:\\\/\\\/i0.wp.com\\\/landioustravel.com\\\/wp-content\\\/uploads\\\/2021\\\/06\\\/Landious-T.png?fit=500%2C500&ssl=1\",\"width\":500,\"height\":500,\"caption\":\"Landious Travel\"}]}<\/script>\n<!-- \/ Yoast SEO Premium plugin. -->","yoast_head_json":{"title":"Kairo-Tour ab Assuan mit dem Flug","description":"Kairo-Tour ab Assuan mit dem Flug Erleben Sie einen ganzt\u00e4gigen Ausflug nach Kairo und besuchen Sie die Gro\u00dfen Pyramiden, das \u00c4gyptische Museum und das alte","robots":{"index":"index","follow":"follow","max-snippet":"max-snippet:-1","max-image-preview":"max-image-preview:large","max-video-preview":"max-video-preview:-1"},"canonical":"https:\/\/landioustravel.com\/de\/shop\/kairo-tour-assuan-mit-dem-flug\/","og_locale":"de_DE","og_type":"article","og_title":"Kairo-Tour ab Assuan mit dem Flug","og_description":"Landious Travel","og_url":"https:\/\/landioustravel.com\/de\/shop\/kairo-tour-assuan-mit-dem-flug\/","og_site_name":"Landious Travel","article_publisher":"https:\/\/web.facebook.com\/landiousEgypt","article_modified_time":"2024-05-26T07:03:35+00:00","og_image":[{"width":1200,"height":675,"url":"https:\/\/landioustravel.com\/wp-content\/uploads\/2022\/05\/Egyptian-Pyramids-e1652448963518.jpg","type":"image\/jpeg"}],"twitter_card":"summary_large_image","twitter_site":"@LandiousTours","twitter_misc":{"Gesch\u00e4tzte Lesezeit":"4\u00a0Minuten"},"schema":{"@context":"https:\/\/schema.org","@graph":[{"@type":"WebPage","@id":"https:\/\/landioustravel.com\/de\/shop\/kairo-tour-assuan-mit-dem-flug\/","url":"https:\/\/landioustravel.com\/de\/shop\/kairo-tour-assuan-mit-dem-flug\/","name":"Kairo-Tour ab Assuan mit dem Flug","isPartOf":{"@id":"https:\/\/landioustravel.com\/de\/#website"},"primaryImageOfPage":{"@id":"https:\/\/landioustravel.com\/de\/shop\/kairo-tour-assuan-mit-dem-flug\/#primaryimage"},"image":{"@id":"https:\/\/landioustravel.com\/de\/shop\/kairo-tour-assuan-mit-dem-flug\/#primaryimage"},"thumbnailUrl":"https:\/\/i0.wp.com\/landioustravel.com\/wp-content\/uploads\/2022\/05\/Egyptian-Pyramids-e1652448963518.jpg?fit=1200%2C675&ssl=1","datePublished":"2024-05-02T07:11:04+00:00","dateModified":"2024-05-26T07:03:35+00:00","description":"Kairo-Tour ab Assuan mit dem Flug Erleben Sie einen ganzt\u00e4gigen Ausflug nach Kairo und besuchen Sie die Gro\u00dfen Pyramiden, das \u00c4gyptische Museum und das alte","breadcrumb":{"@id":"https:\/\/landioustravel.com\/de\/shop\/kairo-tour-assuan-mit-dem-flug\/#breadcrumb"},"inLanguage":"de","potentialAction":[{"@type":"ReadAction","target":["https:\/\/landioustravel.com\/de\/shop\/kairo-tour-assuan-mit-dem-flug\/"]}]},{"@type":"ImageObject","inLanguage":"de","@id":"https:\/\/landioustravel.com\/de\/shop\/kairo-tour-assuan-mit-dem-flug\/#primaryimage","url":"https:\/\/i0.wp.com\/landioustravel.com\/wp-content\/uploads\/2022\/05\/Egyptian-Pyramids-e1652448963518.jpg?fit=1200%2C675&ssl=1","contentUrl":"https:\/\/i0.wp.com\/landioustravel.com\/wp-content\/uploads\/2022\/05\/Egyptian-Pyramids-e1652448963518.jpg?fit=1200%2C675&ssl=1","width":1200,"height":675,"caption":"Egyptian pyramids"},{"@type":"BreadcrumbList","@id":"https:\/\/landioustravel.com\/de\/shop\/kairo-tour-assuan-mit-dem-flug\/#breadcrumb","itemListElement":[{"@type":"ListItem","position":1,"name":"Home","item":"https:\/\/landioustravel.com\/de\/"},{"@type":"ListItem","position":2,"name":"\u00c4gypten Touren","item":"https:\/\/landioustravel.com\/de\/"},{"@type":"ListItem","position":3,"name":"Kairo-Tour ab Assuan mit dem Flug"}]},{"@type":"WebSite","@id":"https:\/\/landioustravel.com\/de\/#website","url":"https:\/\/landioustravel.com\/de\/","name":"Landious Travel","description":"Excursions, trips and cruises in Egypt","publisher":{"@id":"https:\/\/landioustravel.com\/de\/#organization"},"potentialAction":[{"@type":"SearchAction","target":{"@type":"EntryPoint","urlTemplate":"https:\/\/landioustravel.com\/de\/?s={search_term_string}"},"query-input":{"@type":"PropertyValueSpecification","valueRequired":true,"valueName":"search_term_string"}}],"inLanguage":"de"},{"@type":["Organization","Place"],"@id":"https:\/\/landioustravel.com\/de\/#organization","name":"Landious Travel","alternateName":"Landious Travel","url":"https:\/\/landioustravel.com\/de\/","logo":{"@id":"https:\/\/landioustravel.com\/de\/shop\/kairo-tour-assuan-mit-dem-flug\/#local-main-organization-logo"},"image":{"@id":"https:\/\/landioustravel.com\/de\/shop\/kairo-tour-assuan-mit-dem-flug\/#local-main-organization-logo"},"sameAs":["https:\/\/web.facebook.com\/landiousEgypt","https:\/\/x.com\/LandiousTours","https:\/\/mastodon.social\/@landious"],"legalName":"Landious Travel","telephone":[],"openingHoursSpecification":[{"@type":"OpeningHoursSpecification","dayOfWeek":["Monday","Tuesday","Wednesday","Thursday","Friday","Saturday","Sunday"],"opens":"09:00","closes":"17:00"}]},{"@type":"ImageObject","inLanguage":"de","@id":"https:\/\/landioustravel.com\/de\/shop\/kairo-tour-assuan-mit-dem-flug\/#local-main-organization-logo","url":"https:\/\/i0.wp.com\/landioustravel.com\/wp-content\/uploads\/2021\/06\/Landious-T.png?fit=500%2C500&ssl=1","contentUrl":"https:\/\/i0.wp.com\/landioustravel.com\/wp-content\/uploads\/2021\/06\/Landious-T.png?fit=500%2C500&ssl=1","width":500,"height":500,"caption":"Landious Travel"}]}},"jetpack_publicize_connections":[],"uagb_featured_image_src":{"full":["https:\/\/i0.wp.com\/landioustravel.com\/wp-content\/uploads\/2022\/05\/Egyptian-Pyramids-e1652448963518.jpg?fit=1200%2C675&ssl=1",1200,675,false],"thumbnail":["https:\/\/i0.wp.com\/landioustravel.com\/wp-content\/uploads\/2022\/05\/Egyptian-Pyramids-e1652448963518.jpg?resize=150%2C150&ssl=1",150,150,true],"medium":["https:\/\/i0.wp.com\/landioustravel.com\/wp-content\/uploads\/2022\/05\/Egyptian-Pyramids-e1652448963518.jpg?fit=300%2C169&ssl=1",300,169,true],"medium_large":["https:\/\/i0.wp.com\/landioustravel.com\/wp-content\/uploads\/2022\/05\/Egyptian-Pyramids-e1652448963518.jpg?fit=768%2C432&ssl=1",768,432,true],"large":["https:\/\/i0.wp.com\/landioustravel.com\/wp-content\/uploads\/2022\/05\/Egyptian-Pyramids-e1652448963518.jpg?fit=980%2C551&ssl=1",980,551,true],"1536x1536":["https:\/\/i0.wp.com\/landioustravel.com\/wp-content\/uploads\/2022\/05\/Egyptian-Pyramids-e1652448963518.jpg?fit=1536%2C864&ssl=1",1536,864,true],"2048x2048":["https:\/\/i0.wp.com\/landioustravel.com\/wp-content\/uploads\/2022\/05\/Egyptian-Pyramids-e1652448963518.jpg?fit=1200%2C675&ssl=1",1200,675,true],"newspack-article-block-landscape-large":["https:\/\/i0.wp.com\/landioustravel.com\/wp-content\/uploads\/2022\/05\/Egyptian-Pyramids-e1652448963518.jpg?resize=1200%2C675&ssl=1",1200,675,true],"newspack-article-block-portrait-large":["https:\/\/i0.wp.com\/landioustravel.com\/wp-content\/uploads\/2022\/05\/Egyptian-Pyramids-e1652448963518.jpg?resize=900%2C675&ssl=1",900,675,true],"newspack-article-block-square-large":["https:\/\/i0.wp.com\/landioustravel.com\/wp-content\/uploads\/2022\/05\/Egyptian-Pyramids-e1652448963518.jpg?resize=1200%2C675&ssl=1",1200,675,true],"newspack-article-block-landscape-medium":["https:\/\/i0.wp.com\/landioustravel.com\/wp-content\/uploads\/2022\/05\/Egyptian-Pyramids-e1652448963518.jpg?resize=800%2C600&ssl=1",800,600,true],"newspack-article-block-portrait-medium":["https:\/\/i0.wp.com\/landioustravel.com\/wp-content\/uploads\/2022\/05\/Egyptian-Pyramids-e1652448963518.jpg?resize=600%2C675&ssl=1",600,675,true],"newspack-article-block-square-medium":["https:\/\/i0.wp.com\/landioustravel.com\/wp-content\/uploads\/2022\/05\/Egyptian-Pyramids-e1652448963518.jpg?resize=800%2C675&ssl=1",800,675,true],"newspack-article-block-landscape-intermediate":["https:\/\/i0.wp.com\/landioustravel.com\/wp-content\/uploads\/2022\/05\/Egyptian-Pyramids-e1652448963518.jpg?resize=600%2C450&ssl=1",600,450,true],"newspack-article-block-portrait-intermediate":["https:\/\/i0.wp.com\/landioustravel.com\/wp-content\/uploads\/2022\/05\/Egyptian-Pyramids-e1652448963518.jpg?resize=450%2C600&ssl=1",450,600,true],"newspack-article-block-square-intermediate":["https:\/\/i0.wp.com\/landioustravel.com\/wp-content\/uploads\/2022\/05\/Egyptian-Pyramids-e1652448963518.jpg?resize=600%2C600&ssl=1",600,600,true],"newspack-article-block-landscape-small":["https:\/\/i0.wp.com\/landioustravel.com\/wp-content\/uploads\/2022\/05\/Egyptian-Pyramids-e1652448963518.jpg?resize=400%2C300&ssl=1",400,300,true],"newspack-article-block-portrait-small":["https:\/\/i0.wp.com\/landioustravel.com\/wp-content\/uploads\/2022\/05\/Egyptian-Pyramids-e1652448963518.jpg?resize=300%2C400&ssl=1",300,400,true],"newspack-article-block-square-small":["https:\/\/i0.wp.com\/landioustravel.com\/wp-content\/uploads\/2022\/05\/Egyptian-Pyramids-e1652448963518.jpg?resize=400%2C400&ssl=1",400,400,true],"newspack-article-block-landscape-tiny":["https:\/\/i0.wp.com\/landioustravel.com\/wp-content\/uploads\/2022\/05\/Egyptian-Pyramids-e1652448963518.jpg?resize=200%2C150&ssl=1",200,150,true],"newspack-article-block-portrait-tiny":["https:\/\/i0.wp.com\/landioustravel.com\/wp-content\/uploads\/2022\/05\/Egyptian-Pyramids-e1652448963518.jpg?resize=150%2C200&ssl=1",150,200,true],"newspack-article-block-square-tiny":["https:\/\/i0.wp.com\/landioustravel.com\/wp-content\/uploads\/2022\/05\/Egyptian-Pyramids-e1652448963518.jpg?resize=200%2C200&ssl=1",200,200,true],"newspack-article-block-uncropped":["https:\/\/i0.wp.com\/landioustravel.com\/wp-content\/uploads\/2022\/05\/Egyptian-Pyramids-e1652448963518.jpg?fit=1200%2C675&ssl=1",1200,675,true],"woocommerce_thumbnail":["https:\/\/i0.wp.com\/landioustravel.com\/wp-content\/uploads\/2022\/05\/Egyptian-Pyramids-e1652448963518.jpg?resize=324%2C324&ssl=1",324,324,true],"woocommerce_single":["https:\/\/i0.wp.com\/landioustravel.com\/wp-content\/uploads\/2022\/05\/Egyptian-Pyramids-e1652448963518.jpg?fit=416%2C234&ssl=1",416,234,true],"woocommerce_gallery_thumbnail":["https:\/\/i0.wp.com\/landioustravel.com\/wp-content\/uploads\/2022\/05\/Egyptian-Pyramids-e1652448963518.jpg?resize=100%2C100&ssl=1",100,100,true]},"uagb_author_info":{"display_name":"Mofreh Landious","author_link":"https:\/\/landioustravel.com\/de\/author\/"},"uagb_comment_info":0,"uagb_excerpt":"Erleben Sie einen ganzt\u00e4gigen Ausflug nach Kairo und besuchen Sie die Gro\u00dfen Pyramiden, das \u00c4gyptische Museum und das alte Kairo. Genie\u00dfen Sie einen komfortablen und sicheren Abhol- und Bringservice von Ihrem Standort in Assuan. Die Tour ist privat und Sie k\u00f6nnen sie nach Ihren W\u00fcnschen gestalten, um maximalen Komfort und Privatsph\u00e4re zu gew\u00e4hrleisten. Ein erfahrener&hellip;","jetpack_sharing_enabled":true,"jetpack_likes_enabled":true,"amp_enabled":true,"_links":{"self":[{"href":"https:\/\/landioustravel.com\/de\/wp-json\/wp\/v2\/product\/150576","targetHints":{"allow":["GET"]}}],"collection":[{"href":"https:\/\/landioustravel.com\/de\/wp-json\/wp\/v2\/product"}],"about":[{"href":"https:\/\/landioustravel.com\/de\/wp-json\/wp\/v2\/types\/product"}],"replies":[{"embeddable":true,"href":"https:\/\/landioustravel.com\/de\/wp-json\/wp\/v2\/comments?post=150576"}],"wp:featuredmedia":[{"embeddable":true,"href":"https:\/\/landioustravel.com\/de\/wp-json\/wp\/v2\/media\/99440"}],"wp:attachment":[{"href":"https:\/\/landioustravel.com\/de\/wp-json\/wp\/v2\/media?parent=150576"}],"wp:term":[{"taxonomy":"product_brand","embeddable":true,"href":"https:\/\/landioustravel.com\/de\/wp-json\/wp\/v2\/product_brand?post=150576"},{"taxonomy":"product_cat","embeddable":true,"href":"https:\/\/landioustravel.com\/de\/wp-json\/wp\/v2\/product_cat?post=150576"},{"taxonomy":"product_tag","embeddable":true,"href":"https:\/\/landioustravel.com\/de\/wp-json\/wp\/v2\/product_tag?post=150576"}],"curies":[{"name":"wp","href":"https:\/\/api.w.org\/{rel}","templated":true}]}}