{"id":150653,"date":"2023-08-26T03:48:17","date_gmt":"2023-08-26T01:48:17","guid":{"rendered":"https:\/\/landioustravel.com\/?post_type=product&#038;p=150653"},"modified":"2024-05-25T12:21:17","modified_gmt":"2024-05-25T09:21:17","slug":"grand-aquarium-ausflug-sahl-hasheesh","status":"publish","type":"product","link":"https:\/\/landioustravel.com\/de\/shop\/grand-aquarium-ausflug-sahl-hasheesh\/","title":{"rendered":"Grand Aquarium Ausflug von Sahl Hasheesh"},"content":{"rendered":"<p><span>Der Grand Aquarium Trip von Sahl Hasheesh ist ein besichtigender und unterhaltsamer Ausflug zum riesigen Aquarium in\u00a0<\/span><span>Hurghada<\/span><span>\u00a0\u2013 dem Grand Aquarium! Bei Sahl Hasheesh-Ausfl\u00fcgen k\u00f6nnen Sie Ihre Reise zwischen 09:00 und 19:00 Uhr entsprechend Ihrer Zeit planen und dort so viel verbringen, wie Sie m\u00f6chten. Bei Ausfl\u00fcgen zum Grand Aquarium von Sahl Hasheesh aus k\u00f6nnen Sie die Lebewesen des S\u00fc\u00dfwasseraquariums, des Freiluftzoos und vieles mehr bestaunen.<\/span><\/p>\n<p><span>Grunds\u00e4tzlich empfehlen wir den Ausflug, da er den Touristen die M\u00f6glichkeit bietet, das gr\u00f6\u00dfte Aquarium\u00a0\u00a0<\/span><span>\u00c4gyptens<\/span><span>\u00a0zu besichtigen . Au\u00dferdem gibt es in diesem Ort einen kleinen Zoo! Tats\u00e4chlich wird diese Tour Ihnen und der ganzen Familie Spa\u00df und Unterhaltung bieten.<\/span><\/p>\n<h2><span>H\u00f6hepunkte des Grand Aquarium Excursion Sahl Hasheesh<\/span><\/h2>\n<ul>\n<li><strong><span>Die Orientierung des\u00a0\u00a0<\/span><span>Aquariums<\/span><span> und Zoos mit einem professionellen F\u00fchrer.<\/span><\/strong><\/li>\n<li><strong><span>Kostenlose F\u00fchrung durch das Grand Aquarium.<\/span><\/strong><\/li>\n<li><span>Machen Sie auch\u00a0<\/span><strong><span>\u00a0ein Foto von Meeresbewohnern und -tieren.<\/span><\/strong><\/li>\n<\/ul>\n<h2><span>Programm der Reise zum Grand Aquarium<\/span><\/h2>\n<ul>\n<li><span>Zun\u00e4chst\u00a0holt Sie der Vertreter von <\/span><span>Landious Travel gegen 10:00 Uhr von Ihrem Hotel in Sahl Hasheesh ab.<\/span><\/li>\n<li><span>Zweitens f\u00e4hrt der Bus nach der Abholung aller zum Grand Aquarium. Die Fahrt dorthin dauert etwa 20 Minuten.<\/span><\/li>\n<li><span>Sobald Sie im Aquarium angekommen sind, zeigt Ihnen Ihr Guide die verschiedenen Bereiche des Grand Aquariums.<\/span><\/li>\n<li><span>Anschlie\u00dfend erhalten Sie eine kostenlose F\u00fchrung, die fast zwei Stunden dauert und Ihnen die Besichtigung aller Bereiche des Grand Aquariums erm\u00f6glicht.<\/span><\/li>\n<\/ul>\n<p><span>Es ist erw\u00e4hnenswert, dass dieser Ort sechs Bereiche hat: ein Restaurant und ein Caf\u00e9. Nachfolgend finden Sie einen Hinweis auf diese Abschnitte:<\/span><\/p>\n<ol>\n<li><span>Im ersten Abschnitt geht es um den afrikanischen Regenwald.<\/span><\/li>\n<li><span>Der zweite Abschnitt ist das Salzwasseraquarium.<\/span><\/li>\n<li><span>Der dritte Abschnitt ist ein S\u00fc\u00dfwasseraquarium.<\/span><\/li>\n<li><span>Der vierte Abschnitt ist Zoo.<\/span><\/li>\n<li><span>Der f\u00fcnfte Abschnitt ist das Biologische Museum.<\/span><\/li>\n<li><span>Der sechste Abschnitt ist das arabische Zelt.<\/span><\/li>\n<\/ol>\n<ul>\n<li><span>Nach einer sch\u00f6nen Reise f\u00e4hrt der Bus schlie\u00dflich zu Ihrem Hotel.<\/span><\/li>\n<li><span>Dieser Ausflug zum\u00a0<\/span><strong><span>Grand Aquarium von Sahl Hasheesh<\/span><\/strong><span>\u00a0\u00a0endet gegen Mittag. Normalerweise dauert es in diesem sch\u00f6nen Aquarium zwei Stunden.<\/span><\/li>\n<\/ul>\n<h2><span>Was ist im Preis des Grand Aquarium Excursion Sahl Hasheesh enthalten?<\/span><\/h2>\n<ul>\n<li><span>Transfer zum Aquarium und zur\u00fcck zum Hotel.<\/span><\/li>\n<li><span>Au\u00dferdem Eintrittskarten.<\/span><\/li>\n<\/ul>\n<h2><span>Was ist im Programm des Grand Aquarium Trip Sahl Hasheesh nicht enthalten?<\/span><\/h2>\n<ul>\n<li><span>Video-DVD.<\/span><\/li>\n<li><span>Au\u00dferdem die Foto-CD.<\/span><\/li>\n<\/ul>\n<h2><span>Gegenst\u00e4nde, die Sie f\u00fcr den Ausflug zum Hurghada Grand Aquarium mitnehmen k\u00f6nnen<\/span><\/h2>\n<ul>\n<li><span>Sonnenbrille<\/span><\/li>\n<\/ul>\n<h2><span>Grand Aquarium Sahl Hasheesh Buchungstage<\/span><\/h2>\n<ul>\n<li><span>T\u00e4glich von 10:00 \u2013 12:00 Uhr.<\/span><\/li>\n<li><span>Au\u00dferdem t\u00e4glich von 14:00 \u2013 16:00 Uhr.<\/span><\/li>\n<\/ul>\n","protected":false},"excerpt":{"rendered":"<p>Suchen Sie nach einer familienfreundlichen Aktivit\u00e4t in Sahl Hasheesh, \u00c4gypten? Das Grand Aquarium ist ein Muss! Sowohl im Salzwasser- als auch im S\u00fc\u00dfwasseraquarium k\u00f6nnen Sie die faszinierende Unterwasserwelt des Roten Meeres durch die Sicherheit von Glas entdecken. Au\u00dferdem k\u00f6nnen Sie unbekannte Lebewesen wie Haie und Meeresschildkr\u00f6ten aus n\u00e4chster N\u00e4he bewundern.<\/p>\n<p>Um Ihren Besuch noch stressfreier zu gestalten, bieten wir eine gro\u00dfe Aquarium-Tour ab Sahl Hasheesh Hotels mit privatem Transfer an, sodass Sie die lange Wartezeit \u00fcberspringen und Ihre Zeit mit Ihren Lieben genie\u00dfen k\u00f6nnen. Das Hurghada Grand Aquarium m\u00f6chte Besucher jeden Alters dazu inspirieren, das Meeresleben zu sch\u00e4tzen und zu sch\u00fctzen.<\/p>\n<p>W\u00e4hrend Ihres Besuchs k\u00f6nnen Sie auch den tropischen Wald, den kleinen Zoo und die Fossiliengalerie erkunden. Wenn Sie sich f\u00fcr die afrikanische Tierwelt interessieren, sollten Sie sich den offenen Zoo nicht entgehen lassen.<\/p>\n<p>Wir wissen, wie wichtig Lebensqualit\u00e4t und Artenvielfalt sind, weshalb sich das Grand Aquarium daf\u00fcr einsetzt, beides zu verbessern. Das Hurghada Grand Aquarium ist ein Museum f\u00fcr Wasserlebewesen mit \u00fcber 24 verschiedenen Aquarien und mehr als 100 Arten von Meeresbewohnern, darunter seltene Fische wie Murray-Schlangen und Quallen.<\/p>\n","protected":false},"featured_media":150654,"comment_status":"open","ping_status":"closed","template":"","meta":{"_coblocks_attr":"","_coblocks_dimensions":"","_coblocks_responsive_height":"","_coblocks_accordion_ie_support":"","_uag_custom_page_level_css":"","jetpack_post_was_ever_published":false,"jetpack_publicize_message":"","jetpack_publicize_feature_enabled":true,"jetpack_social_post_already_shared":true,"jetpack_social_options":{"image_generator_settings":{"template":"highway","default_image_id":0,"font":"","enabled":false},"version":2},"_wpas_customize_per_network":false},"product_brand":[],"product_cat":[16902,23605],"product_tag":[1653,9906,1698,1774],"class_list":{"0":"post-150653","1":"product","2":"type-product","3":"status-publish","4":"has-post-thumbnail","6":"product_cat-ausfluege-safaga","7":"product_cat-sahl-hasheesh-ausfluege","8":"product_tag-ausflug","9":"product_tag-besichtigung","10":"product_tag-aquarium-de","11":"product_tag-hurghada-de","13":"first","14":"instock","15":"sale","16":"virtual","17":"taxable","18":"purchasable","19":"product-type-simple"},"yoast_head":"<!-- This site is optimized with the Yoast SEO Premium plugin v26.9 (Yoast SEO v27.3) - https:\/\/yoast.com\/product\/yoast-seo-premium-wordpress\/ -->\n<title>Grand Aquarium Ausflug von Sahl Hasheesh<\/title>\n<meta name=\"description\" content=\"Grand Aquarium Ausflug von Sahl Hasheesh Suchen Sie nach einer familienfreundlichen Aktivit\u00e4t in Sahl Hasheesh, \u00c4gypten? Das Grand Aquarium ist ein Muss!\" \/>\n<meta name=\"robots\" content=\"index, follow, max-snippet:-1, max-image-preview:large, max-video-preview:-1\" \/>\n<link rel=\"canonical\" href=\"https:\/\/landioustravel.com\/de\/shop\/grand-aquarium-ausflug-sahl-hasheesh\/\" \/>\n<meta property=\"og:locale\" content=\"de_DE\" \/>\n<meta property=\"og:type\" content=\"article\" \/>\n<meta property=\"og:title\" content=\"Grand Aquarium Ausflug von Sahl Hasheesh\" \/>\n<meta property=\"og:description\" content=\"Landious Travel\" \/>\n<meta property=\"og:url\" content=\"https:\/\/landioustravel.com\/de\/shop\/grand-aquarium-ausflug-sahl-hasheesh\/\" \/>\n<meta property=\"og:site_name\" content=\"Landious Travel\" \/>\n<meta property=\"article:publisher\" content=\"https:\/\/web.facebook.com\/landiousEgypt\" \/>\n<meta property=\"article:modified_time\" content=\"2024-05-25T09:21:17+00:00\" \/>\n<meta property=\"og:image\" content=\"https:\/\/landioustravel.com\/wp-content\/uploads\/2023\/08\/Grand-Aquarium-Trip-from-Sahl-Hasheesh-e1693014243358.jpg\" \/>\n\t<meta property=\"og:image:width\" content=\"1200\" \/>\n\t<meta property=\"og:image:height\" content=\"676\" \/>\n\t<meta property=\"og:image:type\" content=\"image\/jpeg\" \/>\n<meta name=\"twitter:card\" content=\"summary_large_image\" \/>\n<meta name=\"twitter:site\" content=\"@LandiousTours\" \/>\n<meta name=\"twitter:label1\" content=\"Gesch\u00e4tzte Lesezeit\" \/>\n\t<meta name=\"twitter:data1\" content=\"3\u00a0Minuten\" \/>\n<script type=\"application\/ld+json\" class=\"yoast-schema-graph\">{\"@context\":\"https:\\\/\\\/schema.org\",\"@graph\":[{\"@type\":\"WebPage\",\"@id\":\"https:\\\/\\\/landioustravel.com\\\/de\\\/shop\\\/grand-aquarium-ausflug-sahl-hasheesh\\\/\",\"url\":\"https:\\\/\\\/landioustravel.com\\\/de\\\/shop\\\/grand-aquarium-ausflug-sahl-hasheesh\\\/\",\"name\":\"Grand Aquarium Ausflug von Sahl Hasheesh\",\"isPartOf\":{\"@id\":\"https:\\\/\\\/landioustravel.com\\\/de\\\/#website\"},\"primaryImageOfPage\":{\"@id\":\"https:\\\/\\\/landioustravel.com\\\/de\\\/shop\\\/grand-aquarium-ausflug-sahl-hasheesh\\\/#primaryimage\"},\"image\":{\"@id\":\"https:\\\/\\\/landioustravel.com\\\/de\\\/shop\\\/grand-aquarium-ausflug-sahl-hasheesh\\\/#primaryimage\"},\"thumbnailUrl\":\"https:\\\/\\\/i0.wp.com\\\/landioustravel.com\\\/wp-content\\\/uploads\\\/2023\\\/08\\\/Grand-Aquarium-Trip-from-Sahl-Hasheesh-e1693014243358.jpg?fit=1200%2C676&ssl=1\",\"datePublished\":\"2023-08-26T01:48:17+00:00\",\"dateModified\":\"2024-05-25T09:21:17+00:00\",\"description\":\"Grand Aquarium Ausflug von Sahl Hasheesh Suchen Sie nach einer familienfreundlichen Aktivit\u00e4t in Sahl Hasheesh, \u00c4gypten? Das Grand Aquarium ist ein Muss!\",\"breadcrumb\":{\"@id\":\"https:\\\/\\\/landioustravel.com\\\/de\\\/shop\\\/grand-aquarium-ausflug-sahl-hasheesh\\\/#breadcrumb\"},\"inLanguage\":\"de\",\"potentialAction\":[{\"@type\":\"ReadAction\",\"target\":[\"https:\\\/\\\/landioustravel.com\\\/de\\\/shop\\\/grand-aquarium-ausflug-sahl-hasheesh\\\/\"]}]},{\"@type\":\"ImageObject\",\"inLanguage\":\"de\",\"@id\":\"https:\\\/\\\/landioustravel.com\\\/de\\\/shop\\\/grand-aquarium-ausflug-sahl-hasheesh\\\/#primaryimage\",\"url\":\"https:\\\/\\\/i0.wp.com\\\/landioustravel.com\\\/wp-content\\\/uploads\\\/2023\\\/08\\\/Grand-Aquarium-Trip-from-Sahl-Hasheesh-e1693014243358.jpg?fit=1200%2C676&ssl=1\",\"contentUrl\":\"https:\\\/\\\/i0.wp.com\\\/landioustravel.com\\\/wp-content\\\/uploads\\\/2023\\\/08\\\/Grand-Aquarium-Trip-from-Sahl-Hasheesh-e1693014243358.jpg?fit=1200%2C676&ssl=1\",\"width\":1200,\"height\":676,\"caption\":\"Grand Aquarium Trip from Sahl Hasheesh\"},{\"@type\":\"BreadcrumbList\",\"@id\":\"https:\\\/\\\/landioustravel.com\\\/de\\\/shop\\\/grand-aquarium-ausflug-sahl-hasheesh\\\/#breadcrumb\",\"itemListElement\":[{\"@type\":\"ListItem\",\"position\":1,\"name\":\"Home\",\"item\":\"https:\\\/\\\/landioustravel.com\\\/de\\\/\"},{\"@type\":\"ListItem\",\"position\":2,\"name\":\"\u00c4gypten Touren\",\"item\":\"https:\\\/\\\/landioustravel.com\\\/de\\\/\"},{\"@type\":\"ListItem\",\"position\":3,\"name\":\"Grand Aquarium Ausflug von Sahl Hasheesh\"}]},{\"@type\":\"WebSite\",\"@id\":\"https:\\\/\\\/landioustravel.com\\\/de\\\/#website\",\"url\":\"https:\\\/\\\/landioustravel.com\\\/de\\\/\",\"name\":\"Landious Travel\",\"description\":\"Excursions, trips and cruises in Egypt\",\"publisher\":{\"@id\":\"https:\\\/\\\/landioustravel.com\\\/de\\\/#organization\"},\"potentialAction\":[{\"@type\":\"SearchAction\",\"target\":{\"@type\":\"EntryPoint\",\"urlTemplate\":\"https:\\\/\\\/landioustravel.com\\\/de\\\/?s={search_term_string}\"},\"query-input\":{\"@type\":\"PropertyValueSpecification\",\"valueRequired\":true,\"valueName\":\"search_term_string\"}}],\"inLanguage\":\"de\"},{\"@type\":[\"Organization\",\"Place\"],\"@id\":\"https:\\\/\\\/landioustravel.com\\\/de\\\/#organization\",\"name\":\"Landious Travel\",\"alternateName\":\"Landious Travel\",\"url\":\"https:\\\/\\\/landioustravel.com\\\/de\\\/\",\"logo\":{\"@id\":\"https:\\\/\\\/landioustravel.com\\\/de\\\/shop\\\/grand-aquarium-ausflug-sahl-hasheesh\\\/#local-main-organization-logo\"},\"image\":{\"@id\":\"https:\\\/\\\/landioustravel.com\\\/de\\\/shop\\\/grand-aquarium-ausflug-sahl-hasheesh\\\/#local-main-organization-logo\"},\"sameAs\":[\"https:\\\/\\\/web.facebook.com\\\/landiousEgypt\",\"https:\\\/\\\/x.com\\\/LandiousTours\",\"https:\\\/\\\/mastodon.social\\\/@landious\"],\"legalName\":\"Landious Travel\",\"telephone\":[],\"openingHoursSpecification\":[{\"@type\":\"OpeningHoursSpecification\",\"dayOfWeek\":[\"Monday\",\"Tuesday\",\"Wednesday\",\"Thursday\",\"Friday\",\"Saturday\",\"Sunday\"],\"opens\":\"09:00\",\"closes\":\"17:00\"}]},{\"@type\":\"ImageObject\",\"inLanguage\":\"de\",\"@id\":\"https:\\\/\\\/landioustravel.com\\\/de\\\/shop\\\/grand-aquarium-ausflug-sahl-hasheesh\\\/#local-main-organization-logo\",\"url\":\"https:\\\/\\\/i0.wp.com\\\/landioustravel.com\\\/wp-content\\\/uploads\\\/2021\\\/06\\\/Landious-T.png?fit=500%2C500&ssl=1\",\"contentUrl\":\"https:\\\/\\\/i0.wp.com\\\/landioustravel.com\\\/wp-content\\\/uploads\\\/2021\\\/06\\\/Landious-T.png?fit=500%2C500&ssl=1\",\"width\":500,\"height\":500,\"caption\":\"Landious Travel\"}]}<\/script>\n<!-- \/ Yoast SEO Premium plugin. -->","yoast_head_json":{"title":"Grand Aquarium Ausflug von Sahl Hasheesh","description":"Grand Aquarium Ausflug von Sahl Hasheesh Suchen Sie nach einer familienfreundlichen Aktivit\u00e4t in Sahl Hasheesh, \u00c4gypten? Das Grand Aquarium ist ein Muss!","robots":{"index":"index","follow":"follow","max-snippet":"max-snippet:-1","max-image-preview":"max-image-preview:large","max-video-preview":"max-video-preview:-1"},"canonical":"https:\/\/landioustravel.com\/de\/shop\/grand-aquarium-ausflug-sahl-hasheesh\/","og_locale":"de_DE","og_type":"article","og_title":"Grand Aquarium Ausflug von Sahl Hasheesh","og_description":"Landious Travel","og_url":"https:\/\/landioustravel.com\/de\/shop\/grand-aquarium-ausflug-sahl-hasheesh\/","og_site_name":"Landious Travel","article_publisher":"https:\/\/web.facebook.com\/landiousEgypt","article_modified_time":"2024-05-25T09:21:17+00:00","og_image":[{"width":1200,"height":676,"url":"https:\/\/landioustravel.com\/wp-content\/uploads\/2023\/08\/Grand-Aquarium-Trip-from-Sahl-Hasheesh-e1693014243358.jpg","type":"image\/jpeg"}],"twitter_card":"summary_large_image","twitter_site":"@LandiousTours","twitter_misc":{"Gesch\u00e4tzte Lesezeit":"3\u00a0Minuten"},"schema":{"@context":"https:\/\/schema.org","@graph":[{"@type":"WebPage","@id":"https:\/\/landioustravel.com\/de\/shop\/grand-aquarium-ausflug-sahl-hasheesh\/","url":"https:\/\/landioustravel.com\/de\/shop\/grand-aquarium-ausflug-sahl-hasheesh\/","name":"Grand Aquarium Ausflug von Sahl Hasheesh","isPartOf":{"@id":"https:\/\/landioustravel.com\/de\/#website"},"primaryImageOfPage":{"@id":"https:\/\/landioustravel.com\/de\/shop\/grand-aquarium-ausflug-sahl-hasheesh\/#primaryimage"},"image":{"@id":"https:\/\/landioustravel.com\/de\/shop\/grand-aquarium-ausflug-sahl-hasheesh\/#primaryimage"},"thumbnailUrl":"https:\/\/i0.wp.com\/landioustravel.com\/wp-content\/uploads\/2023\/08\/Grand-Aquarium-Trip-from-Sahl-Hasheesh-e1693014243358.jpg?fit=1200%2C676&ssl=1","datePublished":"2023-08-26T01:48:17+00:00","dateModified":"2024-05-25T09:21:17+00:00","description":"Grand Aquarium Ausflug von Sahl Hasheesh Suchen Sie nach einer familienfreundlichen Aktivit\u00e4t in Sahl Hasheesh, \u00c4gypten? Das Grand Aquarium ist ein Muss!","breadcrumb":{"@id":"https:\/\/landioustravel.com\/de\/shop\/grand-aquarium-ausflug-sahl-hasheesh\/#breadcrumb"},"inLanguage":"de","potentialAction":[{"@type":"ReadAction","target":["https:\/\/landioustravel.com\/de\/shop\/grand-aquarium-ausflug-sahl-hasheesh\/"]}]},{"@type":"ImageObject","inLanguage":"de","@id":"https:\/\/landioustravel.com\/de\/shop\/grand-aquarium-ausflug-sahl-hasheesh\/#primaryimage","url":"https:\/\/i0.wp.com\/landioustravel.com\/wp-content\/uploads\/2023\/08\/Grand-Aquarium-Trip-from-Sahl-Hasheesh-e1693014243358.jpg?fit=1200%2C676&ssl=1","contentUrl":"https:\/\/i0.wp.com\/landioustravel.com\/wp-content\/uploads\/2023\/08\/Grand-Aquarium-Trip-from-Sahl-Hasheesh-e1693014243358.jpg?fit=1200%2C676&ssl=1","width":1200,"height":676,"caption":"Grand Aquarium Trip from Sahl Hasheesh"},{"@type":"BreadcrumbList","@id":"https:\/\/landioustravel.com\/de\/shop\/grand-aquarium-ausflug-sahl-hasheesh\/#breadcrumb","itemListElement":[{"@type":"ListItem","position":1,"name":"Home","item":"https:\/\/landioustravel.com\/de\/"},{"@type":"ListItem","position":2,"name":"\u00c4gypten Touren","item":"https:\/\/landioustravel.com\/de\/"},{"@type":"ListItem","position":3,"name":"Grand Aquarium Ausflug von Sahl Hasheesh"}]},{"@type":"WebSite","@id":"https:\/\/landioustravel.com\/de\/#website","url":"https:\/\/landioustravel.com\/de\/","name":"Landious Travel","description":"Excursions, trips and cruises in Egypt","publisher":{"@id":"https:\/\/landioustravel.com\/de\/#organization"},"potentialAction":[{"@type":"SearchAction","target":{"@type":"EntryPoint","urlTemplate":"https:\/\/landioustravel.com\/de\/?s={search_term_string}"},"query-input":{"@type":"PropertyValueSpecification","valueRequired":true,"valueName":"search_term_string"}}],"inLanguage":"de"},{"@type":["Organization","Place"],"@id":"https:\/\/landioustravel.com\/de\/#organization","name":"Landious Travel","alternateName":"Landious Travel","url":"https:\/\/landioustravel.com\/de\/","logo":{"@id":"https:\/\/landioustravel.com\/de\/shop\/grand-aquarium-ausflug-sahl-hasheesh\/#local-main-organization-logo"},"image":{"@id":"https:\/\/landioustravel.com\/de\/shop\/grand-aquarium-ausflug-sahl-hasheesh\/#local-main-organization-logo"},"sameAs":["https:\/\/web.facebook.com\/landiousEgypt","https:\/\/x.com\/LandiousTours","https:\/\/mastodon.social\/@landious"],"legalName":"Landious Travel","telephone":[],"openingHoursSpecification":[{"@type":"OpeningHoursSpecification","dayOfWeek":["Monday","Tuesday","Wednesday","Thursday","Friday","Saturday","Sunday"],"opens":"09:00","closes":"17:00"}]},{"@type":"ImageObject","inLanguage":"de","@id":"https:\/\/landioustravel.com\/de\/shop\/grand-aquarium-ausflug-sahl-hasheesh\/#local-main-organization-logo","url":"https:\/\/i0.wp.com\/landioustravel.com\/wp-content\/uploads\/2021\/06\/Landious-T.png?fit=500%2C500&ssl=1","contentUrl":"https:\/\/i0.wp.com\/landioustravel.com\/wp-content\/uploads\/2021\/06\/Landious-T.png?fit=500%2C500&ssl=1","width":500,"height":500,"caption":"Landious Travel"}]}},"jetpack_publicize_connections":[],"uagb_featured_image_src":{"full":["https:\/\/i0.wp.com\/landioustravel.com\/wp-content\/uploads\/2023\/08\/Grand-Aquarium-Trip-from-Sahl-Hasheesh-e1693014243358.jpg?fit=1200%2C676&ssl=1",1200,676,false],"thumbnail":["https:\/\/i0.wp.com\/landioustravel.com\/wp-content\/uploads\/2023\/08\/Grand-Aquarium-Trip-from-Sahl-Hasheesh-e1693014243358.jpg?resize=150%2C150&ssl=1",150,150,true],"medium":["https:\/\/i0.wp.com\/landioustravel.com\/wp-content\/uploads\/2023\/08\/Grand-Aquarium-Trip-from-Sahl-Hasheesh-e1693014243358.jpg?fit=300%2C169&ssl=1",300,169,true],"medium_large":["https:\/\/i0.wp.com\/landioustravel.com\/wp-content\/uploads\/2023\/08\/Grand-Aquarium-Trip-from-Sahl-Hasheesh-e1693014243358.jpg?fit=768%2C433&ssl=1",768,433,true],"large":["https:\/\/i0.wp.com\/landioustravel.com\/wp-content\/uploads\/2023\/08\/Grand-Aquarium-Trip-from-Sahl-Hasheesh-e1693014243358.jpg?fit=980%2C552&ssl=1",980,552,true],"1536x1536":["https:\/\/i0.wp.com\/landioustravel.com\/wp-content\/uploads\/2023\/08\/Grand-Aquarium-Trip-from-Sahl-Hasheesh-e1693014243358.jpg?fit=1200%2C676&ssl=1",1200,676,true],"2048x2048":["https:\/\/i0.wp.com\/landioustravel.com\/wp-content\/uploads\/2023\/08\/Grand-Aquarium-Trip-from-Sahl-Hasheesh-e1693014243358.jpg?fit=1200%2C676&ssl=1",1200,676,true],"newspack-article-block-landscape-large":["https:\/\/i0.wp.com\/landioustravel.com\/wp-content\/uploads\/2023\/08\/Grand-Aquarium-Trip-from-Sahl-Hasheesh-e1693014243358.jpg?resize=1200%2C676&ssl=1",1200,676,true],"newspack-article-block-portrait-large":["https:\/\/i0.wp.com\/landioustravel.com\/wp-content\/uploads\/2023\/08\/Grand-Aquarium-Trip-from-Sahl-Hasheesh-e1693014243358.jpg?resize=900%2C676&ssl=1",900,676,true],"newspack-article-block-square-large":["https:\/\/i0.wp.com\/landioustravel.com\/wp-content\/uploads\/2023\/08\/Grand-Aquarium-Trip-from-Sahl-Hasheesh-e1693014243358.jpg?resize=1200%2C676&ssl=1",1200,676,true],"newspack-article-block-landscape-medium":["https:\/\/i0.wp.com\/landioustravel.com\/wp-content\/uploads\/2023\/08\/Grand-Aquarium-Trip-from-Sahl-Hasheesh-e1693014243358.jpg?resize=800%2C600&ssl=1",800,600,true],"newspack-article-block-portrait-medium":["https:\/\/i0.wp.com\/landioustravel.com\/wp-content\/uploads\/2023\/08\/Grand-Aquarium-Trip-from-Sahl-Hasheesh-e1693014243358.jpg?resize=600%2C676&ssl=1",600,676,true],"newspack-article-block-square-medium":["https:\/\/i0.wp.com\/landioustravel.com\/wp-content\/uploads\/2023\/08\/Grand-Aquarium-Trip-from-Sahl-Hasheesh-e1693014243358.jpg?resize=800%2C676&ssl=1",800,676,true],"newspack-article-block-landscape-intermediate":["https:\/\/i0.wp.com\/landioustravel.com\/wp-content\/uploads\/2023\/08\/Grand-Aquarium-Trip-from-Sahl-Hasheesh-e1693014243358.jpg?resize=600%2C450&ssl=1",600,450,true],"newspack-article-block-portrait-intermediate":["https:\/\/i0.wp.com\/landioustravel.com\/wp-content\/uploads\/2023\/08\/Grand-Aquarium-Trip-from-Sahl-Hasheesh-e1693014243358.jpg?resize=450%2C600&ssl=1",450,600,true],"newspack-article-block-square-intermediate":["https:\/\/i0.wp.com\/landioustravel.com\/wp-content\/uploads\/2023\/08\/Grand-Aquarium-Trip-from-Sahl-Hasheesh-e1693014243358.jpg?resize=600%2C600&ssl=1",600,600,true],"newspack-article-block-landscape-small":["https:\/\/i0.wp.com\/landioustravel.com\/wp-content\/uploads\/2023\/08\/Grand-Aquarium-Trip-from-Sahl-Hasheesh-e1693014243358.jpg?resize=400%2C300&ssl=1",400,300,true],"newspack-article-block-portrait-small":["https:\/\/i0.wp.com\/landioustravel.com\/wp-content\/uploads\/2023\/08\/Grand-Aquarium-Trip-from-Sahl-Hasheesh-e1693014243358.jpg?resize=300%2C400&ssl=1",300,400,true],"newspack-article-block-square-small":["https:\/\/i0.wp.com\/landioustravel.com\/wp-content\/uploads\/2023\/08\/Grand-Aquarium-Trip-from-Sahl-Hasheesh-e1693014243358.jpg?resize=400%2C400&ssl=1",400,400,true],"newspack-article-block-landscape-tiny":["https:\/\/i0.wp.com\/landioustravel.com\/wp-content\/uploads\/2023\/08\/Grand-Aquarium-Trip-from-Sahl-Hasheesh-e1693014243358.jpg?resize=200%2C150&ssl=1",200,150,true],"newspack-article-block-portrait-tiny":["https:\/\/i0.wp.com\/landioustravel.com\/wp-content\/uploads\/2023\/08\/Grand-Aquarium-Trip-from-Sahl-Hasheesh-e1693014243358.jpg?resize=150%2C200&ssl=1",150,200,true],"newspack-article-block-square-tiny":["https:\/\/i0.wp.com\/landioustravel.com\/wp-content\/uploads\/2023\/08\/Grand-Aquarium-Trip-from-Sahl-Hasheesh-e1693014243358.jpg?resize=200%2C200&ssl=1",200,200,true],"newspack-article-block-uncropped":["https:\/\/i0.wp.com\/landioustravel.com\/wp-content\/uploads\/2023\/08\/Grand-Aquarium-Trip-from-Sahl-Hasheesh-e1693014243358.jpg?fit=1200%2C676&ssl=1",1200,676,true],"woocommerce_thumbnail":["https:\/\/i0.wp.com\/landioustravel.com\/wp-content\/uploads\/2023\/08\/Grand-Aquarium-Trip-from-Sahl-Hasheesh-e1693014243358.jpg?resize=324%2C324&ssl=1",324,324,true],"woocommerce_single":["https:\/\/i0.wp.com\/landioustravel.com\/wp-content\/uploads\/2023\/08\/Grand-Aquarium-Trip-from-Sahl-Hasheesh-e1693014243358.jpg?fit=416%2C234&ssl=1",416,234,true],"woocommerce_gallery_thumbnail":["https:\/\/i0.wp.com\/landioustravel.com\/wp-content\/uploads\/2023\/08\/Grand-Aquarium-Trip-from-Sahl-Hasheesh-e1693014243358.jpg?resize=100%2C100&ssl=1",100,100,true]},"uagb_author_info":{"display_name":"Mofreh Landious","author_link":"https:\/\/landioustravel.com\/de\/author\/"},"uagb_comment_info":0,"uagb_excerpt":"Suchen Sie nach einer familienfreundlichen Aktivit\u00e4t in Sahl Hasheesh, \u00c4gypten? Das Grand Aquarium ist ein Muss! Sowohl im Salzwasser- als auch im S\u00fc\u00dfwasseraquarium k\u00f6nnen Sie die faszinierende Unterwasserwelt des Roten Meeres durch die Sicherheit von Glas entdecken. Au\u00dferdem k\u00f6nnen Sie unbekannte Lebewesen wie Haie und Meeresschildkr\u00f6ten aus n\u00e4chster N\u00e4he bewundern. Um Ihren Besuch noch stressfreier&hellip;","jetpack_sharing_enabled":true,"jetpack_likes_enabled":true,"amp_enabled":true,"_links":{"self":[{"href":"https:\/\/landioustravel.com\/de\/wp-json\/wp\/v2\/product\/150653","targetHints":{"allow":["GET"]}}],"collection":[{"href":"https:\/\/landioustravel.com\/de\/wp-json\/wp\/v2\/product"}],"about":[{"href":"https:\/\/landioustravel.com\/de\/wp-json\/wp\/v2\/types\/product"}],"replies":[{"embeddable":true,"href":"https:\/\/landioustravel.com\/de\/wp-json\/wp\/v2\/comments?post=150653"}],"wp:featuredmedia":[{"embeddable":true,"href":"https:\/\/landioustravel.com\/de\/wp-json\/wp\/v2\/media\/150654"}],"wp:attachment":[{"href":"https:\/\/landioustravel.com\/de\/wp-json\/wp\/v2\/media?parent=150653"}],"wp:term":[{"taxonomy":"product_brand","embeddable":true,"href":"https:\/\/landioustravel.com\/de\/wp-json\/wp\/v2\/product_brand?post=150653"},{"taxonomy":"product_cat","embeddable":true,"href":"https:\/\/landioustravel.com\/de\/wp-json\/wp\/v2\/product_cat?post=150653"},{"taxonomy":"product_tag","embeddable":true,"href":"https:\/\/landioustravel.com\/de\/wp-json\/wp\/v2\/product_tag?post=150653"}],"curies":[{"name":"wp","href":"https:\/\/api.w.org\/{rel}","templated":true}]}}