{"id":150843,"date":"2023-08-17T17:07:02","date_gmt":"2023-08-17T15:07:02","guid":{"rendered":"https:\/\/landioustravel.com\/?post_type=product&#038;p=150843"},"modified":"2024-05-28T16:23:30","modified_gmt":"2024-05-28T13:23:30","slug":"grand-aquarium-tour-makadi-bay","status":"publish","type":"product","link":"https:\/\/landioustravel.com\/de\/shop\/grand-aquarium-tour-makadi-bay\/","title":{"rendered":"Grand Aquarium tour ab Makadi Bay"},"content":{"rendered":"<p><span>Die Grand Aquarium Tour ab Makadi Bay ist ein unterhaltsamer Ausflug zum riesigen Aquarium in\u00a0<\/span><span>Hurghada<\/span><span>\u00a0\u2013 dem Grand Aquarium! Wir empfehlen den Ausflug, weil er den Touristen die M\u00f6glichkeit gibt, das gr\u00f6\u00dfte Aquarium\u00a0<\/span><span>\u00c4gyptens<\/span><span>\u00a0zu besichtigen\u00a0. Au\u00dferdem gibt es in diesem Ort einen kleinen Zoo! Tats\u00e4chlich wird diese Tour Spa\u00df und Unterhaltung f\u00fcr Sie und Ihre Familie bieten.<\/span><\/p>\n<h2><span>H\u00f6hepunkte des Grand Aquarium Excursion Makadi Bay<\/span><\/h2>\n<ul>\n<li><strong><span>Die Orientierung des <\/span><span>Aquariums<\/span><span> und Zoos mit einem professionellen F\u00fchrer.<\/span><\/strong><\/li>\n<li><strong><span>Kostenlose F\u00fchrung durch das Grand Aquarium.<\/span><\/strong><\/li>\n<li><span>Machen Sie auch <\/span><strong><span>ein Foto von Meeresbewohnern und -tieren.<\/span><\/strong><\/li>\n<\/ul>\n<h2><span>Reiseroute der Hurghada Grand Aquarium Tour<\/span><\/h2>\n<ul>\n<li><span>Zu Beginn\u00a0holt Sie der Vertreter von <\/span><span>Landious Travel gegen 10:00 Uhr von Ihrem Hotel in Makadi Bay ab<\/span><\/li>\n<li><span>Zweitens f\u00e4hrt der Bus nach der Abholung aller zum Grand Aquarium. Die Fahrt dorthin dauert etwa 20 Minuten.<\/span><\/li>\n<li><span>Sobald Sie im Aquarium angekommen sind, zeigt Ihnen Ihr Guide die verschiedenen Bereiche des Grand Aquariums, einschlie\u00dflich des Unterwassertunnels.<\/span><\/li>\n<li><span>Anschlie\u00dfend gibt Ihnen unser Reiseleiter eine kostenlose Tour, die Sie fast zwei Stunden lang durch alle Bereiche des Grand Aquarium f\u00fchrt.<\/span><\/li>\n<\/ul>\n<p><span>Es ist erw\u00e4hnenswert, dass dieser Ort sechs Bereiche hat: ein Restaurant und ein Caf\u00e9. Nachfolgend finden Sie einen Hinweis auf diese Abschnitte:<\/span><\/p>\n<ol>\n<li><span>Im ersten Abschnitt geht es um den afrikanischen Regenwald.<\/span><\/li>\n<li><span>Der zweite Abschnitt ist das Salzwasseraquarium.<\/span><\/li>\n<li><span>Der dritte Abschnitt ist ein S\u00fc\u00dfwasseraquarium.<\/span><\/li>\n<li><span>Der vierte Abschnitt ist Zoo.<\/span><\/li>\n<li><span>Der f\u00fcnfte Abschnitt ist das Biologische Museum.<\/span><\/li>\n<li><span>Der sechste Abschnitt ist das arabische Zelt.<\/span><\/li>\n<\/ol>\n<ul>\n<li><span>Nach einer sch\u00f6nen Reise f\u00e4hrt der Bus schlie\u00dflich zu Ihrem Hotel.<\/span><\/li>\n<li><span>Dieser Ausflug zum\u00a0<\/span><strong><span>Grand Aquarium von Makadi Bay<\/span><\/strong><span> endet gegen Mittag. Normalerweise dauert es in diesem wundersch\u00f6nen Aquarium zwei Stunden.<\/span><\/li>\n<\/ul>\n<h2>Was ist im Preis des Grand Aquarium-Ausflugs ab Makadi Bay enthalten?<\/h2>\n<ul>\n<li><span>Transfer zum Aquarium und zur\u00fcck zum Hotel.<\/span><\/li>\n<li><span>Au\u00dferdem Eintrittskarten.<\/span><\/li>\n<\/ul>\n<h2>Was ist im Programm des Grand Aquarium-Ausflugs Makadi Bay nicht enthalten?<\/h2>\n<ul>\n<li><span>Video-DVD.<\/span><\/li>\n<li><span>Au\u00dferdem die Foto-CD.<\/span><\/li>\n<\/ul>\n<h2><span>Gegenst\u00e4nde, die Sie auf die Reise mitnehmen k\u00f6nnen<\/span><\/h2>\n<ul>\n<li><span>Sonnenbrille<\/span><\/li>\n<\/ul>\n<h2>Buchungstage des Grand Aquarium-Ausflugs Makadi Bay<\/h2>\n<ul>\n<li><span>T\u00e4glich von 10:00 \u2013 12:00 Uhr.<\/span><\/li>\n<li><span>Au\u00dferdem t\u00e4glich von 14:00 \u2013 16:00 Uhr.<\/span><\/li>\n<\/ul>\n","protected":false},"excerpt":{"rendered":"<p>Sind Sie daran interessiert, die atemberaubende Unterwasserwelt \u00c4gyptens zu erkunden? Wir empfehlen w\u00e4rmstens das beeindruckende \u201eRote Meer hinter Glas\u201c-Erlebnis im Grand Aquarium in Hurghada. Diese aufregende Attraktion verf\u00fcgt \u00fcber das gr\u00f6\u00dfte Aquarium der Stadt und vieles mehr. Es ist ein komplettes Unterhaltungszentrum mit Au\u00dfenpools, einem Au\u00dfenzoo und verschiedenen Aquarienbereichen, die Sie faszinieren werden.<\/p>\n<p>Sie werden von den 3D-Effekten begeistert sein, die M\u00f6glichkeit haben, in Caf\u00e9s und Restaurants zu speisen und ein Bildungszentrum zu besuchen. Die Grand Aquarium Tour ab Makadi Bay beginnt um 10:00 Uhr und dauert zwei Stunden im Museum. Sie sehen den Indoor-Zoo, das Regenwaldgebiet und die Beduinen und betreten einen Tunnel, um die hervorragenden Fische durch eine Glasscheibe zu sehen.<\/p>\n<p>Erkunden Sie anschlie\u00dfend das Walgebiet, bevor Sie zu Ihrem Hotel in Makadi Bay zur\u00fcckkehren. Ihr Reisepreis beinhaltet Transfers und eine Eintrittskarte. Wir m\u00f6chten nicht, dass Sie sich diese unglaubliche Gelegenheit entgehen lassen, eine neue Welt zu entdecken!<\/p>\n","protected":false},"featured_media":150844,"comment_status":"open","ping_status":"closed","template":"","meta":{"_coblocks_attr":"","_coblocks_dimensions":"","_coblocks_responsive_height":"","_coblocks_accordion_ie_support":"","_uag_custom_page_level_css":"","jetpack_publicize_message":"","jetpack_publicize_feature_enabled":true,"jetpack_social_post_already_shared":true,"jetpack_social_options":{"image_generator_settings":{"template":"highway","default_image_id":0,"font":"","enabled":false},"version":2},"_wpas_customize_per_network":false},"product_brand":[],"product_cat":[23601,16902],"product_tag":[1653,1698],"class_list":{"0":"post-150843","1":"product","2":"type-product","3":"status-publish","4":"has-post-thumbnail","6":"product_cat-ausfluege-makadi-bay","7":"product_cat-ausfluege-safaga","8":"product_tag-ausflug","9":"product_tag-aquarium-de","11":"first","12":"instock","13":"sale","14":"virtual","15":"taxable","16":"purchasable","17":"product-type-simple"},"yoast_head":"<!-- This site is optimized with the Yoast SEO Premium plugin v27.5 (Yoast SEO v27.5) - https:\/\/yoast.com\/product\/yoast-seo-premium-wordpress\/ -->\n<title>Grand Aquarium tour ab Makadi Bay<\/title>\n<meta name=\"description\" content=\"Grand Aquarium tour ab Makadi Bay Sind Sie daran interessiert, die atemberaubende Unterwasserwelt \u00c4gyptens zu erkunden? Wir empfehlen w\u00e4rmstens das\" \/>\n<meta name=\"robots\" content=\"index, follow, max-snippet:-1, max-image-preview:large, max-video-preview:-1\" \/>\n<link rel=\"canonical\" href=\"https:\/\/landioustravel.com\/de\/shop\/grand-aquarium-tour-makadi-bay\/\" \/>\n<meta property=\"og:locale\" content=\"de_DE\" \/>\n<meta property=\"og:type\" content=\"article\" \/>\n<meta property=\"og:title\" content=\"Grand Aquarium tour ab Makadi Bay\" \/>\n<meta property=\"og:description\" content=\"Landious Travel\" \/>\n<meta property=\"og:url\" content=\"https:\/\/landioustravel.com\/de\/shop\/grand-aquarium-tour-makadi-bay\/\" \/>\n<meta property=\"og:site_name\" content=\"Landious Travel\" \/>\n<meta property=\"article:publisher\" content=\"https:\/\/web.facebook.com\/landiousEgypt\" \/>\n<meta property=\"article:modified_time\" content=\"2024-05-28T13:23:30+00:00\" \/>\n<meta property=\"og:image\" content=\"https:\/\/landioustravel.com\/wp-content\/uploads\/2023\/08\/Grand-Aquarium-Tour-from-Makadi-Bay-e1692284787882.jpg\" \/>\n\t<meta property=\"og:image:width\" content=\"1200\" \/>\n\t<meta property=\"og:image:height\" content=\"676\" \/>\n\t<meta property=\"og:image:type\" content=\"image\/jpeg\" \/>\n<meta name=\"twitter:card\" content=\"summary_large_image\" \/>\n<meta name=\"twitter:site\" content=\"@LandiousTours\" \/>\n<meta name=\"twitter:label1\" content=\"Gesch\u00e4tzte Lesezeit\" \/>\n\t<meta name=\"twitter:data1\" content=\"2\u00a0Minuten\" \/>\n<script type=\"application\/ld+json\" class=\"yoast-schema-graph\">{\"@context\":\"https:\\\/\\\/schema.org\",\"@graph\":[{\"@type\":\"WebPage\",\"@id\":\"https:\\\/\\\/landioustravel.com\\\/de\\\/shop\\\/grand-aquarium-tour-makadi-bay\\\/\",\"url\":\"https:\\\/\\\/landioustravel.com\\\/de\\\/shop\\\/grand-aquarium-tour-makadi-bay\\\/\",\"name\":\"Grand Aquarium tour ab Makadi Bay\",\"isPartOf\":{\"@id\":\"https:\\\/\\\/landioustravel.com\\\/de\\\/#website\"},\"primaryImageOfPage\":{\"@id\":\"https:\\\/\\\/landioustravel.com\\\/de\\\/shop\\\/grand-aquarium-tour-makadi-bay\\\/#primaryimage\"},\"image\":{\"@id\":\"https:\\\/\\\/landioustravel.com\\\/de\\\/shop\\\/grand-aquarium-tour-makadi-bay\\\/#primaryimage\"},\"thumbnailUrl\":\"https:\\\/\\\/i0.wp.com\\\/landioustravel.com\\\/wp-content\\\/uploads\\\/2023\\\/08\\\/Grand-Aquarium-Tour-from-Makadi-Bay-e1692284787882.jpg?fit=1200%2C676&ssl=1\",\"datePublished\":\"2023-08-17T15:07:02+00:00\",\"dateModified\":\"2024-05-28T13:23:30+00:00\",\"description\":\"Grand Aquarium tour ab Makadi Bay Sind Sie daran interessiert, die atemberaubende Unterwasserwelt \u00c4gyptens zu erkunden? Wir empfehlen w\u00e4rmstens das\",\"breadcrumb\":{\"@id\":\"https:\\\/\\\/landioustravel.com\\\/de\\\/shop\\\/grand-aquarium-tour-makadi-bay\\\/#breadcrumb\"},\"inLanguage\":\"de\",\"potentialAction\":[{\"@type\":\"ReadAction\",\"target\":[\"https:\\\/\\\/landioustravel.com\\\/de\\\/shop\\\/grand-aquarium-tour-makadi-bay\\\/\"]}]},{\"@type\":\"ImageObject\",\"inLanguage\":\"de\",\"@id\":\"https:\\\/\\\/landioustravel.com\\\/de\\\/shop\\\/grand-aquarium-tour-makadi-bay\\\/#primaryimage\",\"url\":\"https:\\\/\\\/i0.wp.com\\\/landioustravel.com\\\/wp-content\\\/uploads\\\/2023\\\/08\\\/Grand-Aquarium-Tour-from-Makadi-Bay-e1692284787882.jpg?fit=1200%2C676&ssl=1\",\"contentUrl\":\"https:\\\/\\\/i0.wp.com\\\/landioustravel.com\\\/wp-content\\\/uploads\\\/2023\\\/08\\\/Grand-Aquarium-Tour-from-Makadi-Bay-e1692284787882.jpg?fit=1200%2C676&ssl=1\",\"width\":1200,\"height\":676,\"caption\":\"Grand Aquarium Tour from Makadi Bay\"},{\"@type\":\"BreadcrumbList\",\"@id\":\"https:\\\/\\\/landioustravel.com\\\/de\\\/shop\\\/grand-aquarium-tour-makadi-bay\\\/#breadcrumb\",\"itemListElement\":[{\"@type\":\"ListItem\",\"position\":1,\"name\":\"Home\",\"item\":\"https:\\\/\\\/landioustravel.com\\\/de\\\/\"},{\"@type\":\"ListItem\",\"position\":2,\"name\":\"\u00c4gypten Touren\",\"item\":\"https:\\\/\\\/landioustravel.com\\\/de\\\/\"},{\"@type\":\"ListItem\",\"position\":3,\"name\":\"Grand Aquarium tour ab Makadi Bay\"}]},{\"@type\":\"WebSite\",\"@id\":\"https:\\\/\\\/landioustravel.com\\\/de\\\/#website\",\"url\":\"https:\\\/\\\/landioustravel.com\\\/de\\\/\",\"name\":\"Landious Travel\",\"description\":\"Excursions, trips and cruises in Egypt\",\"publisher\":{\"@id\":\"https:\\\/\\\/landioustravel.com\\\/de\\\/#organization\"},\"potentialAction\":[{\"@type\":\"SearchAction\",\"target\":{\"@type\":\"EntryPoint\",\"urlTemplate\":\"https:\\\/\\\/landioustravel.com\\\/de\\\/?s={search_term_string}\"},\"query-input\":{\"@type\":\"PropertyValueSpecification\",\"valueRequired\":true,\"valueName\":\"search_term_string\"}}],\"inLanguage\":\"de\"},{\"@type\":[\"Organization\",\"Place\"],\"@id\":\"https:\\\/\\\/landioustravel.com\\\/de\\\/#organization\",\"name\":\"Landious Travel\",\"alternateName\":\"Landious Travel\",\"url\":\"https:\\\/\\\/landioustravel.com\\\/de\\\/\",\"logo\":{\"@id\":\"https:\\\/\\\/landioustravel.com\\\/de\\\/shop\\\/grand-aquarium-tour-makadi-bay\\\/#local-main-organization-logo\"},\"image\":{\"@id\":\"https:\\\/\\\/landioustravel.com\\\/de\\\/shop\\\/grand-aquarium-tour-makadi-bay\\\/#local-main-organization-logo\"},\"sameAs\":[\"https:\\\/\\\/web.facebook.com\\\/landiousEgypt\",\"https:\\\/\\\/x.com\\\/LandiousTours\",\"https:\\\/\\\/mastodon.social\\\/@landious\"],\"legalName\":\"Landious Travel\",\"telephone\":[],\"openingHoursSpecification\":[{\"@type\":\"OpeningHoursSpecification\",\"dayOfWeek\":[\"Monday\",\"Tuesday\",\"Wednesday\",\"Thursday\",\"Friday\",\"Saturday\",\"Sunday\"],\"opens\":\"09:00\",\"closes\":\"17:00\"}]},{\"@type\":\"ImageObject\",\"inLanguage\":\"de\",\"@id\":\"https:\\\/\\\/landioustravel.com\\\/de\\\/shop\\\/grand-aquarium-tour-makadi-bay\\\/#local-main-organization-logo\",\"url\":\"https:\\\/\\\/i0.wp.com\\\/landioustravel.com\\\/wp-content\\\/uploads\\\/2021\\\/06\\\/Landious-T.png?fit=500%2C500&ssl=1\",\"contentUrl\":\"https:\\\/\\\/i0.wp.com\\\/landioustravel.com\\\/wp-content\\\/uploads\\\/2021\\\/06\\\/Landious-T.png?fit=500%2C500&ssl=1\",\"width\":500,\"height\":500,\"caption\":\"Landious Travel\"}]}<\/script>\n<!-- \/ Yoast SEO Premium plugin. -->","yoast_head_json":{"title":"Grand Aquarium tour ab Makadi Bay","description":"Grand Aquarium tour ab Makadi Bay Sind Sie daran interessiert, die atemberaubende Unterwasserwelt \u00c4gyptens zu erkunden? Wir empfehlen w\u00e4rmstens das","robots":{"index":"index","follow":"follow","max-snippet":"max-snippet:-1","max-image-preview":"max-image-preview:large","max-video-preview":"max-video-preview:-1"},"canonical":"https:\/\/landioustravel.com\/de\/shop\/grand-aquarium-tour-makadi-bay\/","og_locale":"de_DE","og_type":"article","og_title":"Grand Aquarium tour ab Makadi Bay","og_description":"Landious Travel","og_url":"https:\/\/landioustravel.com\/de\/shop\/grand-aquarium-tour-makadi-bay\/","og_site_name":"Landious Travel","article_publisher":"https:\/\/web.facebook.com\/landiousEgypt","article_modified_time":"2024-05-28T13:23:30+00:00","og_image":[{"width":1200,"height":676,"url":"https:\/\/landioustravel.com\/wp-content\/uploads\/2023\/08\/Grand-Aquarium-Tour-from-Makadi-Bay-e1692284787882.jpg","type":"image\/jpeg"}],"twitter_card":"summary_large_image","twitter_site":"@LandiousTours","twitter_misc":{"Gesch\u00e4tzte Lesezeit":"2\u00a0Minuten"},"schema":{"@context":"https:\/\/schema.org","@graph":[{"@type":"WebPage","@id":"https:\/\/landioustravel.com\/de\/shop\/grand-aquarium-tour-makadi-bay\/","url":"https:\/\/landioustravel.com\/de\/shop\/grand-aquarium-tour-makadi-bay\/","name":"Grand Aquarium tour ab Makadi Bay","isPartOf":{"@id":"https:\/\/landioustravel.com\/de\/#website"},"primaryImageOfPage":{"@id":"https:\/\/landioustravel.com\/de\/shop\/grand-aquarium-tour-makadi-bay\/#primaryimage"},"image":{"@id":"https:\/\/landioustravel.com\/de\/shop\/grand-aquarium-tour-makadi-bay\/#primaryimage"},"thumbnailUrl":"https:\/\/i0.wp.com\/landioustravel.com\/wp-content\/uploads\/2023\/08\/Grand-Aquarium-Tour-from-Makadi-Bay-e1692284787882.jpg?fit=1200%2C676&ssl=1","datePublished":"2023-08-17T15:07:02+00:00","dateModified":"2024-05-28T13:23:30+00:00","description":"Grand Aquarium tour ab Makadi Bay Sind Sie daran interessiert, die atemberaubende Unterwasserwelt \u00c4gyptens zu erkunden? Wir empfehlen w\u00e4rmstens das","breadcrumb":{"@id":"https:\/\/landioustravel.com\/de\/shop\/grand-aquarium-tour-makadi-bay\/#breadcrumb"},"inLanguage":"de","potentialAction":[{"@type":"ReadAction","target":["https:\/\/landioustravel.com\/de\/shop\/grand-aquarium-tour-makadi-bay\/"]}]},{"@type":"ImageObject","inLanguage":"de","@id":"https:\/\/landioustravel.com\/de\/shop\/grand-aquarium-tour-makadi-bay\/#primaryimage","url":"https:\/\/i0.wp.com\/landioustravel.com\/wp-content\/uploads\/2023\/08\/Grand-Aquarium-Tour-from-Makadi-Bay-e1692284787882.jpg?fit=1200%2C676&ssl=1","contentUrl":"https:\/\/i0.wp.com\/landioustravel.com\/wp-content\/uploads\/2023\/08\/Grand-Aquarium-Tour-from-Makadi-Bay-e1692284787882.jpg?fit=1200%2C676&ssl=1","width":1200,"height":676,"caption":"Grand Aquarium Tour from Makadi Bay"},{"@type":"BreadcrumbList","@id":"https:\/\/landioustravel.com\/de\/shop\/grand-aquarium-tour-makadi-bay\/#breadcrumb","itemListElement":[{"@type":"ListItem","position":1,"name":"Home","item":"https:\/\/landioustravel.com\/de\/"},{"@type":"ListItem","position":2,"name":"\u00c4gypten Touren","item":"https:\/\/landioustravel.com\/de\/"},{"@type":"ListItem","position":3,"name":"Grand Aquarium tour ab Makadi Bay"}]},{"@type":"WebSite","@id":"https:\/\/landioustravel.com\/de\/#website","url":"https:\/\/landioustravel.com\/de\/","name":"Landious Travel","description":"Excursions, trips and cruises in Egypt","publisher":{"@id":"https:\/\/landioustravel.com\/de\/#organization"},"potentialAction":[{"@type":"SearchAction","target":{"@type":"EntryPoint","urlTemplate":"https:\/\/landioustravel.com\/de\/?s={search_term_string}"},"query-input":{"@type":"PropertyValueSpecification","valueRequired":true,"valueName":"search_term_string"}}],"inLanguage":"de"},{"@type":["Organization","Place"],"@id":"https:\/\/landioustravel.com\/de\/#organization","name":"Landious Travel","alternateName":"Landious Travel","url":"https:\/\/landioustravel.com\/de\/","logo":{"@id":"https:\/\/landioustravel.com\/de\/shop\/grand-aquarium-tour-makadi-bay\/#local-main-organization-logo"},"image":{"@id":"https:\/\/landioustravel.com\/de\/shop\/grand-aquarium-tour-makadi-bay\/#local-main-organization-logo"},"sameAs":["https:\/\/web.facebook.com\/landiousEgypt","https:\/\/x.com\/LandiousTours","https:\/\/mastodon.social\/@landious"],"legalName":"Landious Travel","telephone":[],"openingHoursSpecification":[{"@type":"OpeningHoursSpecification","dayOfWeek":["Monday","Tuesday","Wednesday","Thursday","Friday","Saturday","Sunday"],"opens":"09:00","closes":"17:00"}]},{"@type":"ImageObject","inLanguage":"de","@id":"https:\/\/landioustravel.com\/de\/shop\/grand-aquarium-tour-makadi-bay\/#local-main-organization-logo","url":"https:\/\/i0.wp.com\/landioustravel.com\/wp-content\/uploads\/2021\/06\/Landious-T.png?fit=500%2C500&ssl=1","contentUrl":"https:\/\/i0.wp.com\/landioustravel.com\/wp-content\/uploads\/2021\/06\/Landious-T.png?fit=500%2C500&ssl=1","width":500,"height":500,"caption":"Landious Travel"}]}},"jetpack_publicize_connections":[],"uagb_featured_image_src":{"full":["https:\/\/i0.wp.com\/landioustravel.com\/wp-content\/uploads\/2023\/08\/Grand-Aquarium-Tour-from-Makadi-Bay-e1692284787882.jpg?fit=1200%2C676&ssl=1",1200,676,false],"thumbnail":["https:\/\/i0.wp.com\/landioustravel.com\/wp-content\/uploads\/2023\/08\/Grand-Aquarium-Tour-from-Makadi-Bay-e1692284787882.jpg?resize=150%2C150&ssl=1",150,150,true],"medium":["https:\/\/i0.wp.com\/landioustravel.com\/wp-content\/uploads\/2023\/08\/Grand-Aquarium-Tour-from-Makadi-Bay-e1692284787882.jpg?fit=300%2C169&ssl=1",300,169,true],"medium_large":["https:\/\/i0.wp.com\/landioustravel.com\/wp-content\/uploads\/2023\/08\/Grand-Aquarium-Tour-from-Makadi-Bay-e1692284787882.jpg?fit=768%2C433&ssl=1",768,433,true],"large":["https:\/\/i0.wp.com\/landioustravel.com\/wp-content\/uploads\/2023\/08\/Grand-Aquarium-Tour-from-Makadi-Bay-e1692284787882.jpg?fit=980%2C552&ssl=1",980,552,true],"1536x1536":["https:\/\/i0.wp.com\/landioustravel.com\/wp-content\/uploads\/2023\/08\/Grand-Aquarium-Tour-from-Makadi-Bay-e1692284787882.jpg?fit=1200%2C676&ssl=1",1200,676,true],"2048x2048":["https:\/\/i0.wp.com\/landioustravel.com\/wp-content\/uploads\/2023\/08\/Grand-Aquarium-Tour-from-Makadi-Bay-e1692284787882.jpg?fit=1200%2C676&ssl=1",1200,676,true],"newspack-article-block-landscape-large":["https:\/\/i0.wp.com\/landioustravel.com\/wp-content\/uploads\/2023\/08\/Grand-Aquarium-Tour-from-Makadi-Bay-e1692284787882.jpg?resize=1200%2C676&ssl=1",1200,676,true],"newspack-article-block-portrait-large":["https:\/\/i0.wp.com\/landioustravel.com\/wp-content\/uploads\/2023\/08\/Grand-Aquarium-Tour-from-Makadi-Bay-e1692284787882.jpg?resize=900%2C676&ssl=1",900,676,true],"newspack-article-block-square-large":["https:\/\/i0.wp.com\/landioustravel.com\/wp-content\/uploads\/2023\/08\/Grand-Aquarium-Tour-from-Makadi-Bay-e1692284787882.jpg?resize=1200%2C676&ssl=1",1200,676,true],"newspack-article-block-landscape-medium":["https:\/\/i0.wp.com\/landioustravel.com\/wp-content\/uploads\/2023\/08\/Grand-Aquarium-Tour-from-Makadi-Bay-e1692284787882.jpg?resize=800%2C600&ssl=1",800,600,true],"newspack-article-block-portrait-medium":["https:\/\/i0.wp.com\/landioustravel.com\/wp-content\/uploads\/2023\/08\/Grand-Aquarium-Tour-from-Makadi-Bay-e1692284787882.jpg?resize=600%2C676&ssl=1",600,676,true],"newspack-article-block-square-medium":["https:\/\/i0.wp.com\/landioustravel.com\/wp-content\/uploads\/2023\/08\/Grand-Aquarium-Tour-from-Makadi-Bay-e1692284787882.jpg?resize=800%2C676&ssl=1",800,676,true],"newspack-article-block-landscape-intermediate":["https:\/\/i0.wp.com\/landioustravel.com\/wp-content\/uploads\/2023\/08\/Grand-Aquarium-Tour-from-Makadi-Bay-e1692284787882.jpg?resize=600%2C450&ssl=1",600,450,true],"newspack-article-block-portrait-intermediate":["https:\/\/i0.wp.com\/landioustravel.com\/wp-content\/uploads\/2023\/08\/Grand-Aquarium-Tour-from-Makadi-Bay-e1692284787882.jpg?resize=450%2C600&ssl=1",450,600,true],"newspack-article-block-square-intermediate":["https:\/\/i0.wp.com\/landioustravel.com\/wp-content\/uploads\/2023\/08\/Grand-Aquarium-Tour-from-Makadi-Bay-e1692284787882.jpg?resize=600%2C600&ssl=1",600,600,true],"newspack-article-block-landscape-small":["https:\/\/i0.wp.com\/landioustravel.com\/wp-content\/uploads\/2023\/08\/Grand-Aquarium-Tour-from-Makadi-Bay-e1692284787882.jpg?resize=400%2C300&ssl=1",400,300,true],"newspack-article-block-portrait-small":["https:\/\/i0.wp.com\/landioustravel.com\/wp-content\/uploads\/2023\/08\/Grand-Aquarium-Tour-from-Makadi-Bay-e1692284787882.jpg?resize=300%2C400&ssl=1",300,400,true],"newspack-article-block-square-small":["https:\/\/i0.wp.com\/landioustravel.com\/wp-content\/uploads\/2023\/08\/Grand-Aquarium-Tour-from-Makadi-Bay-e1692284787882.jpg?resize=400%2C400&ssl=1",400,400,true],"newspack-article-block-landscape-tiny":["https:\/\/i0.wp.com\/landioustravel.com\/wp-content\/uploads\/2023\/08\/Grand-Aquarium-Tour-from-Makadi-Bay-e1692284787882.jpg?resize=200%2C150&ssl=1",200,150,true],"newspack-article-block-portrait-tiny":["https:\/\/i0.wp.com\/landioustravel.com\/wp-content\/uploads\/2023\/08\/Grand-Aquarium-Tour-from-Makadi-Bay-e1692284787882.jpg?resize=150%2C200&ssl=1",150,200,true],"newspack-article-block-square-tiny":["https:\/\/i0.wp.com\/landioustravel.com\/wp-content\/uploads\/2023\/08\/Grand-Aquarium-Tour-from-Makadi-Bay-e1692284787882.jpg?resize=200%2C200&ssl=1",200,200,true],"newspack-article-block-uncropped":["https:\/\/i0.wp.com\/landioustravel.com\/wp-content\/uploads\/2023\/08\/Grand-Aquarium-Tour-from-Makadi-Bay-e1692284787882.jpg?fit=1200%2C676&ssl=1",1200,676,true],"woocommerce_thumbnail":["https:\/\/i0.wp.com\/landioustravel.com\/wp-content\/uploads\/2023\/08\/Grand-Aquarium-Tour-from-Makadi-Bay-e1692284787882.jpg?resize=324%2C324&ssl=1",324,324,true],"woocommerce_single":["https:\/\/i0.wp.com\/landioustravel.com\/wp-content\/uploads\/2023\/08\/Grand-Aquarium-Tour-from-Makadi-Bay-e1692284787882.jpg?fit=416%2C234&ssl=1",416,234,true],"woocommerce_gallery_thumbnail":["https:\/\/i0.wp.com\/landioustravel.com\/wp-content\/uploads\/2023\/08\/Grand-Aquarium-Tour-from-Makadi-Bay-e1692284787882.jpg?resize=100%2C100&ssl=1",100,100,true]},"uagb_author_info":{"display_name":"Mofreh Landious","author_link":"https:\/\/landioustravel.com\/de\/author\/"},"uagb_comment_info":0,"uagb_excerpt":"Sind Sie daran interessiert, die atemberaubende Unterwasserwelt \u00c4gyptens zu erkunden? Wir empfehlen w\u00e4rmstens das beeindruckende \u201eRote Meer hinter Glas\u201c-Erlebnis im Grand Aquarium in Hurghada. Diese aufregende Attraktion verf\u00fcgt \u00fcber das gr\u00f6\u00dfte Aquarium der Stadt und vieles mehr. Es ist ein komplettes Unterhaltungszentrum mit Au\u00dfenpools, einem Au\u00dfenzoo und verschiedenen Aquarienbereichen, die Sie faszinieren werden. Sie werden&hellip;","jetpack_sharing_enabled":true,"jetpack_likes_enabled":true,"amp_enabled":true,"_links":{"self":[{"href":"https:\/\/landioustravel.com\/de\/wp-json\/wp\/v2\/product\/150843","targetHints":{"allow":["GET"]}}],"collection":[{"href":"https:\/\/landioustravel.com\/de\/wp-json\/wp\/v2\/product"}],"about":[{"href":"https:\/\/landioustravel.com\/de\/wp-json\/wp\/v2\/types\/product"}],"replies":[{"embeddable":true,"href":"https:\/\/landioustravel.com\/de\/wp-json\/wp\/v2\/comments?post=150843"}],"wp:featuredmedia":[{"embeddable":true,"href":"https:\/\/landioustravel.com\/de\/wp-json\/wp\/v2\/media\/150844"}],"wp:attachment":[{"href":"https:\/\/landioustravel.com\/de\/wp-json\/wp\/v2\/media?parent=150843"}],"wp:term":[{"taxonomy":"product_brand","embeddable":true,"href":"https:\/\/landioustravel.com\/de\/wp-json\/wp\/v2\/product_brand?post=150843"},{"taxonomy":"product_cat","embeddable":true,"href":"https:\/\/landioustravel.com\/de\/wp-json\/wp\/v2\/product_cat?post=150843"},{"taxonomy":"product_tag","embeddable":true,"href":"https:\/\/landioustravel.com\/de\/wp-json\/wp\/v2\/product_tag?post=150843"}],"curies":[{"name":"wp","href":"https:\/\/api.w.org\/{rel}","templated":true}]}}