{"id":151130,"date":"2023-08-09T17:36:59","date_gmt":"2023-08-09T14:36:59","guid":{"rendered":"https:\/\/landioustravel.com\/?post_type=product&#038;p=151130"},"modified":"2024-05-30T13:05:58","modified_gmt":"2024-05-30T10:05:58","slug":"ras-abu-galum-schnorchelausflug-dahab","status":"publish","type":"product","link":"https:\/\/landioustravel.com\/de\/shop\/ras-abu-galum-schnorchelausflug-dahab\/","title":{"rendered":"Ras Abu Galum Schnorchelausflug Dahab"},"content":{"rendered":"<p>Planen Sie, die Sch\u00f6nheit des\u00a0Roten Meeres\u00a0zu erkunden ? Wir verstehen, wie \u00fcberw\u00e4ltigend es sein kann, mit lokalen Fahrern zu verhandeln und Preise auszuhandeln. Deshalb sind wir hier, um Ihnen ein stressfreies und sicheres T\u00fcr-zu-T\u00fcr-Paket zu drei verschiedenen, aber gleicherma\u00dfen bezaubernden Orten anzubieten.<\/p>\n<p>Schlie\u00dfen Sie sich einer kleinen Gruppe von nicht mehr als 15 Personen an und schnorcheln Sie durch das bemerkenswerte Blue Hole, die ruhigen Korallen von\u00a0Ras Abu Galum\u00a0und die ruhigen Gew\u00e4sser der Blauen Lagune. Wir versorgen Sie mit einem Mittagessen und einer Maske, um einen angenehmen und angenehmen Tag zu gew\u00e4hrleisten.<\/p>\n<p>Bitte beachten Sie jedoch, dass die Eintrittsgelder nicht im Preis inbegriffen sind. Seien Sie versichert, wir k\u00fcmmern uns um alle Ihre Transportbed\u00fcrfnisse von und zu Ihrem Hotel in Dahab. Erleben Sie mit uns die wahre Essenz \u00c4gyptens und seiner Unterwasserwunder.<\/p>\n<h2>Reiseroute des Ras Abu Galum Schnorchelausflugs Dahab<\/h2>\n<p>Ein toller Start in den Tag ist eine Jeepfahrt zum Blue Hole und das fantastische Schnorcheln dort.<\/p>\n<p>Ras Abu Galum ist ein au\u00dfergew\u00f6hnlicher Ort zum Tauchen, Schnorcheln und Entspannen. \u00dcber die Stra\u00dfe nicht leicht zu erreichen, wurde diese Reise traditionell \u00fcber Land per Kamel unternommen! Aber heutzutage ist es \u00fcblicher, mit einem Schnellboot \u00fcbers Meer zu fahren!<\/p>\n<p>Wir verlassen Dahab fr\u00fch am Morgen und fahren bis zum Ende der Stra\u00dfe am Blue Hole. Hier steigen wir in ein Schnellboot und machen uns auf den Weg nach Abu Galum, was zwanzig Minuten dauert!<\/p>\n<p>Anschlie\u00dfend fahren Sie mit dem Schnellboot nach Ras Abu Gallum, wo Sie noch einmal schnorcheln und ein leckeres Mittagessen genie\u00dfen k\u00f6nnen, w\u00e4hrend Sie die Sch\u00f6nheit und Ruhe des ruhigen, idyllischen Ortes genie\u00dfen.<\/p>\n<p>Die Blaue Lagune in Dahab ist der perfekte Ort, um den Kopf frei zu bekommen und inneren Frieden zu finden, umgeben von einer atemberaubend ruhigen Atmosph\u00e4re.<\/p>\n<p>Die Tour endet gegen 17:00 Uhr, wenn Sie nach Dahab zur\u00fcckkehren. F\u00fcr diejenigen, die ein besonderes Erlebnis w\u00fcnschen, k\u00f6nnen Sie die Nacht unter den Sternen verbringen und die Biolumineszenz und die wohlhabenden Fische im Meer beobachten.<\/p>\n<h2>Was ist im Preis des Schnorchelausflugs Blue Hole Ras Abu Galum-Blue Lagoon enthalten?<\/h2>\n<ul>\n<li>Transfer zum Hafen und zur\u00fcck zum Hotel.<\/li>\n<li>Mittagessen<\/li>\n<li>Schnorchelausr\u00fcstung (nur Masken)<\/li>\n<li>Reisef\u00fchrer<\/li>\n<\/ul>\n<h2>Was ist im Programm des Ras Abu Galum Schnorchelausflugs in Dahab nicht enthalten?<\/h2>\n<ul>\n<li>Alle Extras, die nicht im Programm aufgef\u00fchrt sind<\/li>\n<li>Pers\u00f6nliche Ausgaben<\/li>\n<li>Eintrittsgelder f\u00fcr das Blue Hole<\/li>\n<\/ul>\n<h2>Gegenst\u00e4nde, die Sie auf die Reise mitnehmen k\u00f6nnen<\/h2>\n<ul>\n<li>Sonnenschutz.<\/li>\n<\/ul>\n<h2>Ras Abu Galum Schnorcheltour Dahab Buchungstage<\/h2>\n<ul>\n<li>T\u00e4glich von 08:30 \u2013 15:00 Uhr.<\/li>\n<\/ul>\n","protected":false},"excerpt":{"rendered":"<p>Begeben Sie sich auf eine wirklich unvergessliche Reise zum faszinierenden Blue Hole, einem der ber\u00fchmtesten Tauchpl\u00e4tze der Welt. Sie schnorcheln und begegnen verschiedenen Fischarten und schaffen so Erinnerungen, die ein Leben lang anhalten.<\/p>\n<p>Entspannen Sie sich anschlie\u00dfend und genie\u00dfen Sie die atemberaubende Landschaft des Ras Abu Gallum Protected Reserve bei einer ganzt\u00e4gigen Safari mit dem Jeep. Entspannen Sie sich schlie\u00dflich und genie\u00dfen Sie die Sch\u00f6nheit der Blauen Lagune. Wir k\u00fcmmern uns um alles, von der Bereitstellung der notwendigen Schnorchelausr\u00fcstung (nur Maske) \u00fcber die Abholung und R\u00fcckfahrt zu Ihrem Hotel bis hin zu Transport, Mittagessen und Mineralwasser.<\/p>\n<p>Wir sind hier, um sicherzustellen, dass Sie ein sicheres und angenehmes Erlebnis haben.<\/p>\n","protected":false},"featured_media":151131,"comment_status":"open","ping_status":"closed","template":"","meta":{"_coblocks_attr":"","_coblocks_dimensions":"","_coblocks_responsive_height":"","_coblocks_accordion_ie_support":"","_uag_custom_page_level_css":"","jetpack_publicize_message":"","jetpack_publicize_feature_enabled":true,"jetpack_social_post_already_shared":true,"jetpack_social_options":{"image_generator_settings":{"template":"highway","default_image_id":0,"font":"","enabled":false},"version":2},"_wpas_customize_per_network":false},"product_brand":[],"product_cat":[19226],"product_tag":[1653,1844,19039,1777,1778],"class_list":{"0":"post-151130","1":"product","2":"type-product","3":"status-publish","4":"has-post-thumbnail","6":"product_cat-dahab-ausfluege-touren","7":"product_tag-ausflug","8":"product_tag-bootsausfluge","9":"product_tag-jeepsafari-de","10":"product_tag-meer","11":"product_tag-schnorcheln","13":"first","14":"instock","15":"sale","16":"virtual","17":"taxable","18":"purchasable","19":"product-type-simple"},"yoast_head":"<!-- This site is optimized with the Yoast SEO Premium plugin v27.5 (Yoast SEO v27.5) - https:\/\/yoast.com\/product\/yoast-seo-premium-wordpress\/ -->\n<title>Ras Abu Galum Schnorchelausflug Dahab<\/title>\n<meta name=\"description\" content=\"Ras Abu Galum Schnorchelausflug Dahab Begeben Sie sich auf eine wirklich unvergessliche Reise zum faszinierenden Blue Hole, einem der ber\u00fchmtesten Tauch\" \/>\n<meta name=\"robots\" content=\"index, follow, max-snippet:-1, max-image-preview:large, max-video-preview:-1\" \/>\n<link rel=\"canonical\" href=\"https:\/\/landioustravel.com\/de\/shop\/ras-abu-galum-schnorchelausflug-dahab\/\" \/>\n<meta property=\"og:locale\" content=\"de_DE\" \/>\n<meta property=\"og:type\" content=\"article\" \/>\n<meta property=\"og:title\" content=\"Ras Abu Galum Schnorchelausflug Dahab\" \/>\n<meta property=\"og:description\" content=\"Landious Travel\" \/>\n<meta property=\"og:url\" content=\"https:\/\/landioustravel.com\/de\/shop\/ras-abu-galum-schnorchelausflug-dahab\/\" \/>\n<meta property=\"og:site_name\" content=\"Landious Travel\" \/>\n<meta property=\"article:publisher\" content=\"https:\/\/web.facebook.com\/landiousEgypt\" \/>\n<meta property=\"article:modified_time\" content=\"2024-05-30T10:05:58+00:00\" \/>\n<meta property=\"og:image\" content=\"https:\/\/landioustravel.com\/wp-content\/uploads\/2023\/08\/Ras-Abu-Galum-Snorkeling-Trip-Dahab-e1691595039952.jpg\" \/>\n\t<meta property=\"og:image:width\" content=\"1200\" \/>\n\t<meta property=\"og:image:height\" content=\"750\" \/>\n\t<meta property=\"og:image:type\" content=\"image\/jpeg\" \/>\n<meta name=\"twitter:card\" content=\"summary_large_image\" \/>\n<meta name=\"twitter:site\" content=\"@LandiousTours\" \/>\n<meta name=\"twitter:label1\" content=\"Gesch\u00e4tzte Lesezeit\" \/>\n\t<meta name=\"twitter:data1\" content=\"2\u00a0Minuten\" \/>\n<script type=\"application\/ld+json\" class=\"yoast-schema-graph\">{\"@context\":\"https:\\\/\\\/schema.org\",\"@graph\":[{\"@type\":\"WebPage\",\"@id\":\"https:\\\/\\\/landioustravel.com\\\/de\\\/shop\\\/ras-abu-galum-schnorchelausflug-dahab\\\/\",\"url\":\"https:\\\/\\\/landioustravel.com\\\/de\\\/shop\\\/ras-abu-galum-schnorchelausflug-dahab\\\/\",\"name\":\"Ras Abu Galum Schnorchelausflug Dahab\",\"isPartOf\":{\"@id\":\"https:\\\/\\\/landioustravel.com\\\/de\\\/#website\"},\"primaryImageOfPage\":{\"@id\":\"https:\\\/\\\/landioustravel.com\\\/de\\\/shop\\\/ras-abu-galum-schnorchelausflug-dahab\\\/#primaryimage\"},\"image\":{\"@id\":\"https:\\\/\\\/landioustravel.com\\\/de\\\/shop\\\/ras-abu-galum-schnorchelausflug-dahab\\\/#primaryimage\"},\"thumbnailUrl\":\"https:\\\/\\\/i0.wp.com\\\/landioustravel.com\\\/wp-content\\\/uploads\\\/2023\\\/08\\\/Ras-Abu-Galum-Snorkeling-Trip-Dahab-e1691595039952.jpg?fit=1200%2C750&ssl=1\",\"datePublished\":\"2023-08-09T14:36:59+00:00\",\"dateModified\":\"2024-05-30T10:05:58+00:00\",\"description\":\"Ras Abu Galum Schnorchelausflug Dahab Begeben Sie sich auf eine wirklich unvergessliche Reise zum faszinierenden Blue Hole, einem der ber\u00fchmtesten Tauch\",\"breadcrumb\":{\"@id\":\"https:\\\/\\\/landioustravel.com\\\/de\\\/shop\\\/ras-abu-galum-schnorchelausflug-dahab\\\/#breadcrumb\"},\"inLanguage\":\"de\",\"potentialAction\":[{\"@type\":\"ReadAction\",\"target\":[\"https:\\\/\\\/landioustravel.com\\\/de\\\/shop\\\/ras-abu-galum-schnorchelausflug-dahab\\\/\"]}]},{\"@type\":\"ImageObject\",\"inLanguage\":\"de\",\"@id\":\"https:\\\/\\\/landioustravel.com\\\/de\\\/shop\\\/ras-abu-galum-schnorchelausflug-dahab\\\/#primaryimage\",\"url\":\"https:\\\/\\\/i0.wp.com\\\/landioustravel.com\\\/wp-content\\\/uploads\\\/2023\\\/08\\\/Ras-Abu-Galum-Snorkeling-Trip-Dahab-e1691595039952.jpg?fit=1200%2C750&ssl=1\",\"contentUrl\":\"https:\\\/\\\/i0.wp.com\\\/landioustravel.com\\\/wp-content\\\/uploads\\\/2023\\\/08\\\/Ras-Abu-Galum-Snorkeling-Trip-Dahab-e1691595039952.jpg?fit=1200%2C750&ssl=1\",\"width\":1200,\"height\":750,\"caption\":\"Ras Abu Galum Snorkeling Trip Dahab\"},{\"@type\":\"BreadcrumbList\",\"@id\":\"https:\\\/\\\/landioustravel.com\\\/de\\\/shop\\\/ras-abu-galum-schnorchelausflug-dahab\\\/#breadcrumb\",\"itemListElement\":[{\"@type\":\"ListItem\",\"position\":1,\"name\":\"Home\",\"item\":\"https:\\\/\\\/landioustravel.com\\\/de\\\/\"},{\"@type\":\"ListItem\",\"position\":2,\"name\":\"\u00c4gypten Touren\",\"item\":\"https:\\\/\\\/landioustravel.com\\\/de\\\/\"},{\"@type\":\"ListItem\",\"position\":3,\"name\":\"Ras Abu Galum Schnorchelausflug Dahab\"}]},{\"@type\":\"WebSite\",\"@id\":\"https:\\\/\\\/landioustravel.com\\\/de\\\/#website\",\"url\":\"https:\\\/\\\/landioustravel.com\\\/de\\\/\",\"name\":\"Landious Travel\",\"description\":\"Excursions, trips and cruises in Egypt\",\"publisher\":{\"@id\":\"https:\\\/\\\/landioustravel.com\\\/de\\\/#organization\"},\"potentialAction\":[{\"@type\":\"SearchAction\",\"target\":{\"@type\":\"EntryPoint\",\"urlTemplate\":\"https:\\\/\\\/landioustravel.com\\\/de\\\/?s={search_term_string}\"},\"query-input\":{\"@type\":\"PropertyValueSpecification\",\"valueRequired\":true,\"valueName\":\"search_term_string\"}}],\"inLanguage\":\"de\"},{\"@type\":[\"Organization\",\"Place\"],\"@id\":\"https:\\\/\\\/landioustravel.com\\\/de\\\/#organization\",\"name\":\"Landious Travel\",\"alternateName\":\"Landious Travel\",\"url\":\"https:\\\/\\\/landioustravel.com\\\/de\\\/\",\"logo\":{\"@id\":\"https:\\\/\\\/landioustravel.com\\\/de\\\/shop\\\/ras-abu-galum-schnorchelausflug-dahab\\\/#local-main-organization-logo\"},\"image\":{\"@id\":\"https:\\\/\\\/landioustravel.com\\\/de\\\/shop\\\/ras-abu-galum-schnorchelausflug-dahab\\\/#local-main-organization-logo\"},\"sameAs\":[\"https:\\\/\\\/web.facebook.com\\\/landiousEgypt\",\"https:\\\/\\\/x.com\\\/LandiousTours\",\"https:\\\/\\\/mastodon.social\\\/@landious\"],\"legalName\":\"Landious Travel\",\"telephone\":[],\"openingHoursSpecification\":[{\"@type\":\"OpeningHoursSpecification\",\"dayOfWeek\":[\"Monday\",\"Tuesday\",\"Wednesday\",\"Thursday\",\"Friday\",\"Saturday\",\"Sunday\"],\"opens\":\"09:00\",\"closes\":\"17:00\"}]},{\"@type\":\"ImageObject\",\"inLanguage\":\"de\",\"@id\":\"https:\\\/\\\/landioustravel.com\\\/de\\\/shop\\\/ras-abu-galum-schnorchelausflug-dahab\\\/#local-main-organization-logo\",\"url\":\"https:\\\/\\\/i0.wp.com\\\/landioustravel.com\\\/wp-content\\\/uploads\\\/2021\\\/06\\\/Landious-T.png?fit=500%2C500&ssl=1\",\"contentUrl\":\"https:\\\/\\\/i0.wp.com\\\/landioustravel.com\\\/wp-content\\\/uploads\\\/2021\\\/06\\\/Landious-T.png?fit=500%2C500&ssl=1\",\"width\":500,\"height\":500,\"caption\":\"Landious Travel\"}]}<\/script>\n<!-- \/ Yoast SEO Premium plugin. -->","yoast_head_json":{"title":"Ras Abu Galum Schnorchelausflug Dahab","description":"Ras Abu Galum Schnorchelausflug Dahab Begeben Sie sich auf eine wirklich unvergessliche Reise zum faszinierenden Blue Hole, einem der ber\u00fchmtesten Tauch","robots":{"index":"index","follow":"follow","max-snippet":"max-snippet:-1","max-image-preview":"max-image-preview:large","max-video-preview":"max-video-preview:-1"},"canonical":"https:\/\/landioustravel.com\/de\/shop\/ras-abu-galum-schnorchelausflug-dahab\/","og_locale":"de_DE","og_type":"article","og_title":"Ras Abu Galum Schnorchelausflug Dahab","og_description":"Landious Travel","og_url":"https:\/\/landioustravel.com\/de\/shop\/ras-abu-galum-schnorchelausflug-dahab\/","og_site_name":"Landious Travel","article_publisher":"https:\/\/web.facebook.com\/landiousEgypt","article_modified_time":"2024-05-30T10:05:58+00:00","og_image":[{"width":1200,"height":750,"url":"https:\/\/landioustravel.com\/wp-content\/uploads\/2023\/08\/Ras-Abu-Galum-Snorkeling-Trip-Dahab-e1691595039952.jpg","type":"image\/jpeg"}],"twitter_card":"summary_large_image","twitter_site":"@LandiousTours","twitter_misc":{"Gesch\u00e4tzte Lesezeit":"2\u00a0Minuten"},"schema":{"@context":"https:\/\/schema.org","@graph":[{"@type":"WebPage","@id":"https:\/\/landioustravel.com\/de\/shop\/ras-abu-galum-schnorchelausflug-dahab\/","url":"https:\/\/landioustravel.com\/de\/shop\/ras-abu-galum-schnorchelausflug-dahab\/","name":"Ras Abu Galum Schnorchelausflug Dahab","isPartOf":{"@id":"https:\/\/landioustravel.com\/de\/#website"},"primaryImageOfPage":{"@id":"https:\/\/landioustravel.com\/de\/shop\/ras-abu-galum-schnorchelausflug-dahab\/#primaryimage"},"image":{"@id":"https:\/\/landioustravel.com\/de\/shop\/ras-abu-galum-schnorchelausflug-dahab\/#primaryimage"},"thumbnailUrl":"https:\/\/i0.wp.com\/landioustravel.com\/wp-content\/uploads\/2023\/08\/Ras-Abu-Galum-Snorkeling-Trip-Dahab-e1691595039952.jpg?fit=1200%2C750&ssl=1","datePublished":"2023-08-09T14:36:59+00:00","dateModified":"2024-05-30T10:05:58+00:00","description":"Ras Abu Galum Schnorchelausflug Dahab Begeben Sie sich auf eine wirklich unvergessliche Reise zum faszinierenden Blue Hole, einem der ber\u00fchmtesten Tauch","breadcrumb":{"@id":"https:\/\/landioustravel.com\/de\/shop\/ras-abu-galum-schnorchelausflug-dahab\/#breadcrumb"},"inLanguage":"de","potentialAction":[{"@type":"ReadAction","target":["https:\/\/landioustravel.com\/de\/shop\/ras-abu-galum-schnorchelausflug-dahab\/"]}]},{"@type":"ImageObject","inLanguage":"de","@id":"https:\/\/landioustravel.com\/de\/shop\/ras-abu-galum-schnorchelausflug-dahab\/#primaryimage","url":"https:\/\/i0.wp.com\/landioustravel.com\/wp-content\/uploads\/2023\/08\/Ras-Abu-Galum-Snorkeling-Trip-Dahab-e1691595039952.jpg?fit=1200%2C750&ssl=1","contentUrl":"https:\/\/i0.wp.com\/landioustravel.com\/wp-content\/uploads\/2023\/08\/Ras-Abu-Galum-Snorkeling-Trip-Dahab-e1691595039952.jpg?fit=1200%2C750&ssl=1","width":1200,"height":750,"caption":"Ras Abu Galum Snorkeling Trip Dahab"},{"@type":"BreadcrumbList","@id":"https:\/\/landioustravel.com\/de\/shop\/ras-abu-galum-schnorchelausflug-dahab\/#breadcrumb","itemListElement":[{"@type":"ListItem","position":1,"name":"Home","item":"https:\/\/landioustravel.com\/de\/"},{"@type":"ListItem","position":2,"name":"\u00c4gypten Touren","item":"https:\/\/landioustravel.com\/de\/"},{"@type":"ListItem","position":3,"name":"Ras Abu Galum Schnorchelausflug Dahab"}]},{"@type":"WebSite","@id":"https:\/\/landioustravel.com\/de\/#website","url":"https:\/\/landioustravel.com\/de\/","name":"Landious Travel","description":"Excursions, trips and cruises in Egypt","publisher":{"@id":"https:\/\/landioustravel.com\/de\/#organization"},"potentialAction":[{"@type":"SearchAction","target":{"@type":"EntryPoint","urlTemplate":"https:\/\/landioustravel.com\/de\/?s={search_term_string}"},"query-input":{"@type":"PropertyValueSpecification","valueRequired":true,"valueName":"search_term_string"}}],"inLanguage":"de"},{"@type":["Organization","Place"],"@id":"https:\/\/landioustravel.com\/de\/#organization","name":"Landious Travel","alternateName":"Landious Travel","url":"https:\/\/landioustravel.com\/de\/","logo":{"@id":"https:\/\/landioustravel.com\/de\/shop\/ras-abu-galum-schnorchelausflug-dahab\/#local-main-organization-logo"},"image":{"@id":"https:\/\/landioustravel.com\/de\/shop\/ras-abu-galum-schnorchelausflug-dahab\/#local-main-organization-logo"},"sameAs":["https:\/\/web.facebook.com\/landiousEgypt","https:\/\/x.com\/LandiousTours","https:\/\/mastodon.social\/@landious"],"legalName":"Landious Travel","telephone":[],"openingHoursSpecification":[{"@type":"OpeningHoursSpecification","dayOfWeek":["Monday","Tuesday","Wednesday","Thursday","Friday","Saturday","Sunday"],"opens":"09:00","closes":"17:00"}]},{"@type":"ImageObject","inLanguage":"de","@id":"https:\/\/landioustravel.com\/de\/shop\/ras-abu-galum-schnorchelausflug-dahab\/#local-main-organization-logo","url":"https:\/\/i0.wp.com\/landioustravel.com\/wp-content\/uploads\/2021\/06\/Landious-T.png?fit=500%2C500&ssl=1","contentUrl":"https:\/\/i0.wp.com\/landioustravel.com\/wp-content\/uploads\/2021\/06\/Landious-T.png?fit=500%2C500&ssl=1","width":500,"height":500,"caption":"Landious Travel"}]}},"jetpack_publicize_connections":[],"uagb_featured_image_src":{"full":["https:\/\/i0.wp.com\/landioustravel.com\/wp-content\/uploads\/2023\/08\/Ras-Abu-Galum-Snorkeling-Trip-Dahab-e1691595039952.jpg?fit=1200%2C750&ssl=1",1200,750,false],"thumbnail":["https:\/\/i0.wp.com\/landioustravel.com\/wp-content\/uploads\/2023\/08\/Ras-Abu-Galum-Snorkeling-Trip-Dahab-e1691595039952.jpg?resize=150%2C150&ssl=1",150,150,true],"medium":["https:\/\/i0.wp.com\/landioustravel.com\/wp-content\/uploads\/2023\/08\/Ras-Abu-Galum-Snorkeling-Trip-Dahab-e1691595039952.jpg?fit=300%2C188&ssl=1",300,188,true],"medium_large":["https:\/\/i0.wp.com\/landioustravel.com\/wp-content\/uploads\/2023\/08\/Ras-Abu-Galum-Snorkeling-Trip-Dahab-e1691595039952.jpg?fit=768%2C480&ssl=1",768,480,true],"large":["https:\/\/i0.wp.com\/landioustravel.com\/wp-content\/uploads\/2023\/08\/Ras-Abu-Galum-Snorkeling-Trip-Dahab-e1691595039952.jpg?fit=980%2C613&ssl=1",980,613,true],"1536x1536":["https:\/\/i0.wp.com\/landioustravel.com\/wp-content\/uploads\/2023\/08\/Ras-Abu-Galum-Snorkeling-Trip-Dahab-e1691595039952.jpg?fit=1536%2C960&ssl=1",1536,960,true],"2048x2048":["https:\/\/i0.wp.com\/landioustravel.com\/wp-content\/uploads\/2023\/08\/Ras-Abu-Galum-Snorkeling-Trip-Dahab-e1691595039952.jpg?fit=1200%2C750&ssl=1",1200,750,true],"newspack-article-block-landscape-large":["https:\/\/i0.wp.com\/landioustravel.com\/wp-content\/uploads\/2023\/08\/Ras-Abu-Galum-Snorkeling-Trip-Dahab-e1691595039952.jpg?resize=1200%2C750&ssl=1",1200,750,true],"newspack-article-block-portrait-large":["https:\/\/i0.wp.com\/landioustravel.com\/wp-content\/uploads\/2023\/08\/Ras-Abu-Galum-Snorkeling-Trip-Dahab-e1691595039952.jpg?resize=900%2C750&ssl=1",900,750,true],"newspack-article-block-square-large":["https:\/\/i0.wp.com\/landioustravel.com\/wp-content\/uploads\/2023\/08\/Ras-Abu-Galum-Snorkeling-Trip-Dahab-e1691595039952.jpg?resize=1200%2C750&ssl=1",1200,750,true],"newspack-article-block-landscape-medium":["https:\/\/i0.wp.com\/landioustravel.com\/wp-content\/uploads\/2023\/08\/Ras-Abu-Galum-Snorkeling-Trip-Dahab-e1691595039952.jpg?resize=800%2C600&ssl=1",800,600,true],"newspack-article-block-portrait-medium":["https:\/\/i0.wp.com\/landioustravel.com\/wp-content\/uploads\/2023\/08\/Ras-Abu-Galum-Snorkeling-Trip-Dahab-e1691595039952.jpg?resize=600%2C750&ssl=1",600,750,true],"newspack-article-block-square-medium":["https:\/\/i0.wp.com\/landioustravel.com\/wp-content\/uploads\/2023\/08\/Ras-Abu-Galum-Snorkeling-Trip-Dahab-e1691595039952.jpg?resize=800%2C750&ssl=1",800,750,true],"newspack-article-block-landscape-intermediate":["https:\/\/i0.wp.com\/landioustravel.com\/wp-content\/uploads\/2023\/08\/Ras-Abu-Galum-Snorkeling-Trip-Dahab-e1691595039952.jpg?resize=600%2C450&ssl=1",600,450,true],"newspack-article-block-portrait-intermediate":["https:\/\/i0.wp.com\/landioustravel.com\/wp-content\/uploads\/2023\/08\/Ras-Abu-Galum-Snorkeling-Trip-Dahab-e1691595039952.jpg?resize=450%2C600&ssl=1",450,600,true],"newspack-article-block-square-intermediate":["https:\/\/i0.wp.com\/landioustravel.com\/wp-content\/uploads\/2023\/08\/Ras-Abu-Galum-Snorkeling-Trip-Dahab-e1691595039952.jpg?resize=600%2C600&ssl=1",600,600,true],"newspack-article-block-landscape-small":["https:\/\/i0.wp.com\/landioustravel.com\/wp-content\/uploads\/2023\/08\/Ras-Abu-Galum-Snorkeling-Trip-Dahab-e1691595039952.jpg?resize=400%2C300&ssl=1",400,300,true],"newspack-article-block-portrait-small":["https:\/\/i0.wp.com\/landioustravel.com\/wp-content\/uploads\/2023\/08\/Ras-Abu-Galum-Snorkeling-Trip-Dahab-e1691595039952.jpg?resize=300%2C400&ssl=1",300,400,true],"newspack-article-block-square-small":["https:\/\/i0.wp.com\/landioustravel.com\/wp-content\/uploads\/2023\/08\/Ras-Abu-Galum-Snorkeling-Trip-Dahab-e1691595039952.jpg?resize=400%2C400&ssl=1",400,400,true],"newspack-article-block-landscape-tiny":["https:\/\/i0.wp.com\/landioustravel.com\/wp-content\/uploads\/2023\/08\/Ras-Abu-Galum-Snorkeling-Trip-Dahab-e1691595039952.jpg?resize=200%2C150&ssl=1",200,150,true],"newspack-article-block-portrait-tiny":["https:\/\/i0.wp.com\/landioustravel.com\/wp-content\/uploads\/2023\/08\/Ras-Abu-Galum-Snorkeling-Trip-Dahab-e1691595039952.jpg?resize=150%2C200&ssl=1",150,200,true],"newspack-article-block-square-tiny":["https:\/\/i0.wp.com\/landioustravel.com\/wp-content\/uploads\/2023\/08\/Ras-Abu-Galum-Snorkeling-Trip-Dahab-e1691595039952.jpg?resize=200%2C200&ssl=1",200,200,true],"newspack-article-block-uncropped":["https:\/\/i0.wp.com\/landioustravel.com\/wp-content\/uploads\/2023\/08\/Ras-Abu-Galum-Snorkeling-Trip-Dahab-e1691595039952.jpg?fit=1200%2C750&ssl=1",1200,750,true],"woocommerce_thumbnail":["https:\/\/i0.wp.com\/landioustravel.com\/wp-content\/uploads\/2023\/08\/Ras-Abu-Galum-Snorkeling-Trip-Dahab-e1691595039952.jpg?resize=324%2C324&ssl=1",324,324,true],"woocommerce_single":["https:\/\/i0.wp.com\/landioustravel.com\/wp-content\/uploads\/2023\/08\/Ras-Abu-Galum-Snorkeling-Trip-Dahab-e1691595039952.jpg?fit=416%2C260&ssl=1",416,260,true],"woocommerce_gallery_thumbnail":["https:\/\/i0.wp.com\/landioustravel.com\/wp-content\/uploads\/2023\/08\/Ras-Abu-Galum-Snorkeling-Trip-Dahab-e1691595039952.jpg?resize=100%2C100&ssl=1",100,100,true]},"uagb_author_info":{"display_name":"Mofreh Landious","author_link":"https:\/\/landioustravel.com\/de\/author\/"},"uagb_comment_info":0,"uagb_excerpt":"Begeben Sie sich auf eine wirklich unvergessliche Reise zum faszinierenden Blue Hole, einem der ber\u00fchmtesten Tauchpl\u00e4tze der Welt. Sie schnorcheln und begegnen verschiedenen Fischarten und schaffen so Erinnerungen, die ein Leben lang anhalten. Entspannen Sie sich anschlie\u00dfend und genie\u00dfen Sie die atemberaubende Landschaft des Ras Abu Gallum Protected Reserve bei einer ganzt\u00e4gigen Safari mit dem&hellip;","jetpack_sharing_enabled":true,"jetpack_likes_enabled":true,"amp_enabled":true,"_links":{"self":[{"href":"https:\/\/landioustravel.com\/de\/wp-json\/wp\/v2\/product\/151130","targetHints":{"allow":["GET"]}}],"collection":[{"href":"https:\/\/landioustravel.com\/de\/wp-json\/wp\/v2\/product"}],"about":[{"href":"https:\/\/landioustravel.com\/de\/wp-json\/wp\/v2\/types\/product"}],"replies":[{"embeddable":true,"href":"https:\/\/landioustravel.com\/de\/wp-json\/wp\/v2\/comments?post=151130"}],"wp:featuredmedia":[{"embeddable":true,"href":"https:\/\/landioustravel.com\/de\/wp-json\/wp\/v2\/media\/151131"}],"wp:attachment":[{"href":"https:\/\/landioustravel.com\/de\/wp-json\/wp\/v2\/media?parent=151130"}],"wp:term":[{"taxonomy":"product_brand","embeddable":true,"href":"https:\/\/landioustravel.com\/de\/wp-json\/wp\/v2\/product_brand?post=151130"},{"taxonomy":"product_cat","embeddable":true,"href":"https:\/\/landioustravel.com\/de\/wp-json\/wp\/v2\/product_cat?post=151130"},{"taxonomy":"product_tag","embeddable":true,"href":"https:\/\/landioustravel.com\/de\/wp-json\/wp\/v2\/product_tag?post=151130"}],"curies":[{"name":"wp","href":"https:\/\/api.w.org\/{rel}","templated":true}]}}