{"id":151133,"date":"2023-08-08T22:52:18","date_gmt":"2023-08-08T19:52:18","guid":{"rendered":"https:\/\/landioustravel.com\/?post_type=product&#038;p=151133"},"modified":"2024-05-30T16:56:50","modified_gmt":"2024-05-30T13:56:50","slug":"blue-hole-schnorcheltour-dahab","status":"publish","type":"product","link":"https:\/\/landioustravel.com\/de\/shop\/blue-hole-schnorcheltour-dahab\/","title":{"rendered":"Blue Hole Schnorcheltour Dahab"},"content":{"rendered":"<p><span>Erleben Sie die Wunder von Dahabs Blue Hole, einem nat\u00fcrlichen Unterwasserloch direkt vor der K\u00fcste des\u00a0<\/span><span>Roten Meeres<\/span><span>. Um diese atemberaubende Attraktion zu erreichen, nehmen Sie an der Blue Hole Snorkeling Tour Dahab teil, bei der Sie zwischen einem zeitsparenden Jeep oder dem klassischen arabischen Kamel w\u00e4hlen k\u00f6nnen.<\/span><\/p>\n<p><span>Verbringen Sie einen Tag im kristallklaren Wasser des Roten Meeres, schnorcheln Sie und entdecken Sie die Sch\u00f6nheit des Blue Hole. Die gesamte notwendige Ausr\u00fcstung ist in der Tour enthalten und sorgt f\u00fcr ein stressfreies und unvergessliches Abenteuer. Erkunden Sie das 100 Meter tiefe Blue Hole und schaffen Sie besondere Erinnerungen, die ein Leben lang anhalten.<\/span><\/p>\n<h2><span>H\u00f6hepunkte der Blue Hole-Schnorcheltour mit Mittagessen ab Dahab<\/span><\/h2>\n<ul>\n<li><span>Genie\u00dfen Sie die lebendigen Korallen und halten Sie Ausschau nach verschiedenen Meereslebewesen wie Kaiserfischen, Rotfeuerfischen und Clownfischen.<\/span><\/li>\n<li><span>Begeben Sie sich auf ein Abenteuer, indem Sie die raue K\u00fcste erkunden und atemberaubende Ausblicke von den trockenen Bergen aus genie\u00dfen.<\/span><\/li>\n<li><span>Entscheiden Sie, ob Sie von Ihrem Hotel in Dahab aus mit dem Jeep oder dem Kamel anreisen und ein einzigartiges Erlebnis erleben m\u00f6chten.<\/span><\/li>\n<\/ul>\n<h2><span>Reiseroute des Blue Hole Schnorchelausflugs Dahab<\/span><\/h2>\n<ul>\n<li><span>Beginnen Sie Ihren Tag um 9:00, 10:00 oder 11:00 Uhr und genie\u00dfen Sie das atemberaubende Schnorchelerlebnis an einem der weltber\u00fchmten Orte. Dieser Ort eignet sich perfekt zum Schwimmen und Schnorcheln, und wenn Sie abenteuerlustig sind, k\u00f6nnen Sie zur Riffwand hinausschwimmen, um die unglaubliche Unterwasserwelt des Roten Meeres zu beobachten.<\/span><\/li>\n<li><span>Machen Sie eine Pause und entspannen Sie sich in den \u00f6rtlichen Restaurants oder erkunden Sie die Berge und genie\u00dfen Sie die spektakul\u00e4re Aussicht auf die Umgebung.<\/span><\/li>\n<li><span>Sie k\u00f6nnen auch am Ufer entlang spazieren, um das hier freigelegte alte versteinerte Riff zu beobachten.<\/span><\/li>\n<li><span>Sie k\u00f6nnen mit dem Auto oder auf dem Kamel reisen, wann immer Sie bereit sind zur\u00fcckzukehren.<\/span><\/li>\n<\/ul>\n<h2><span>Was ist im Preis des Blue Hole-Ausflugs Dahab enthalten?<\/span><\/h2>\n<ul>\n<li><span>Transfer zum Hafen und zur\u00fcck zum Hotel.<\/span><\/li>\n<li><span>Mittagessen<\/span><\/li>\n<li><span>Schnorchelausr\u00fcstung (nur Masken)<\/span><\/li>\n<\/ul>\n<h2>Was ist im Ausflugsprogramm zum Blue Hole Beach nicht enthalten?<\/h2>\n<ul>\n<li><span>Kippen<\/span><\/li>\n<li><span>Eintrittsgelder f\u00fcr das Blue Hole (10 USD pro Person)<\/span><\/li>\n<li><span>Video-DVD.<\/span><\/li>\n<li><span>Au\u00dferdem die Foto-CD.<\/span><\/li>\n<\/ul>\n<h2><span>Gegenst\u00e4nde, die Sie auf die Reise mitnehmen k\u00f6nnen<\/span><\/h2>\n<ul>\n<li><span>Sonnenschutz.<\/span><\/li>\n<\/ul>\n<h2><span>Blue Hole Schnorchelausflug Dahab Buchungstage<\/span><\/h2>\n<ul>\n<li><span>T\u00e4glich von 08:30 \u2013 15:00 Uhr.<\/span><\/li>\n<\/ul>\n<h2><span>Dienstleistungen, die w\u00e4hrend der Blue Hole Schnorcheltour Dahab pr\u00e4sentiert werden<\/span><\/h2>\n<ul>\n<li><strong><span>Transport<\/span><\/strong><span>\u00a0: Landious Travel nutzt klimatisierte Limousinen\/Kleinbusse als Transportmittel. Au\u00dferdem begleitet Sie ein professioneller Fahrer zum Hafen und zur\u00fcck zu Ihrem Hotel.<\/span><\/li>\n<li><strong><span>F\u00fchrung<\/span><\/strong><span>\u00a0: Ein professioneller englischer Reiseleiter holt Sie von Ihren Hotels ab und begleitet Sie zum Hafen.<\/span><\/li>\n<li><strong><span>Team und Mitarbeiter:\u00a0<\/span><\/strong><span>\u00a0Sie werden eine freundliche und professionelle Crew haben. Unsere Instruktoren und Trainer begleiten Sie w\u00e4hrend der Reise.<\/span><\/li>\n<\/ul>\n","protected":false},"excerpt":{"rendered":"<p>Erleben Sie einen unvergesslichen Tag voller Abenteuer mit unserem au\u00dfergew\u00f6hnlichen Angebot an Attraktionen auf unserer Tour zum weltber\u00fchmten Blue Hole. Sie k\u00f6nnen die unglaubliche Sch\u00f6nheit einzigartiger geologischer Formationen entdecken und beim Schnorcheln auf verschiedene Fischarten treffen.<\/p>\n<p>Wir k\u00fcmmern uns den ganzen Tag \u00fcber um Ihre Bed\u00fcrfnisse und stellen Ihnen Schnorchelausr\u00fcstung (nur Maske), Transportmittel, Kamele und leckeres Essen zur Verf\u00fcgung. Sie k\u00f6nnen Ihre Zeit unbesorgt genie\u00dfen, denn wir sorgen f\u00fcr Ihre sichere R\u00fcckkehr zu einem f\u00fcr Sie passenden Zeitpunkt.<\/p>\n","protected":false},"featured_media":151134,"comment_status":"open","ping_status":"closed","template":"","meta":{"_coblocks_attr":"","_coblocks_dimensions":"","_coblocks_responsive_height":"","_coblocks_accordion_ie_support":"","_uag_custom_page_level_css":"","jetpack_publicize_message":"","jetpack_publicize_feature_enabled":true,"jetpack_social_post_already_shared":true,"jetpack_social_options":{"image_generator_settings":{"template":"highway","default_image_id":0,"font":"","enabled":false},"version":2},"_wpas_customize_per_network":false},"product_brand":[],"product_cat":[19226],"product_tag":[1653,1844,1777,1778],"class_list":{"0":"post-151133","1":"product","2":"type-product","3":"status-publish","4":"has-post-thumbnail","6":"product_cat-dahab-ausfluege-touren","7":"product_tag-ausflug","8":"product_tag-bootsausfluge","9":"product_tag-meer","10":"product_tag-schnorcheln","12":"first","13":"instock","14":"sale","15":"virtual","16":"taxable","17":"purchasable","18":"product-type-simple"},"yoast_head":"<!-- This site is optimized with the Yoast SEO Premium plugin v27.5 (Yoast SEO v27.5) - https:\/\/yoast.com\/product\/yoast-seo-premium-wordpress\/ -->\n<title>Blue Hole Schnorcheltour Dahab<\/title>\n<meta name=\"description\" content=\"Blue Hole Schnorcheltour Dahab Erleben Sie einen unvergesslichen Tag voller Abenteuer mit unserem au\u00dfergew\u00f6hnlichen Angebot an Attraktionen auf unserer Tour\" \/>\n<meta name=\"robots\" content=\"index, follow, max-snippet:-1, max-image-preview:large, max-video-preview:-1\" \/>\n<link rel=\"canonical\" href=\"https:\/\/landioustravel.com\/de\/shop\/blue-hole-schnorcheltour-dahab\/\" \/>\n<meta property=\"og:locale\" content=\"de_DE\" \/>\n<meta property=\"og:type\" content=\"article\" \/>\n<meta property=\"og:title\" content=\"Blue Hole Schnorcheltour Dahab\" \/>\n<meta property=\"og:description\" content=\"Landious Travel\" \/>\n<meta property=\"og:url\" content=\"https:\/\/landioustravel.com\/de\/shop\/blue-hole-schnorcheltour-dahab\/\" \/>\n<meta property=\"og:site_name\" content=\"Landious Travel\" \/>\n<meta property=\"article:publisher\" content=\"https:\/\/web.facebook.com\/landiousEgypt\" \/>\n<meta property=\"article:modified_time\" content=\"2024-05-30T13:56:50+00:00\" \/>\n<meta property=\"og:image\" content=\"https:\/\/landioustravel.com\/wp-content\/uploads\/2023\/08\/Blue-Hole-Snorkeling-Tour-Dahab-e1691527724647.jpg\" \/>\n\t<meta property=\"og:image:width\" content=\"1200\" \/>\n\t<meta property=\"og:image:height\" content=\"675\" \/>\n\t<meta property=\"og:image:type\" content=\"image\/jpeg\" \/>\n<meta name=\"twitter:card\" content=\"summary_large_image\" \/>\n<meta name=\"twitter:site\" content=\"@LandiousTours\" \/>\n<meta name=\"twitter:label1\" content=\"Gesch\u00e4tzte Lesezeit\" \/>\n\t<meta name=\"twitter:data1\" content=\"3\u00a0Minuten\" \/>\n<script type=\"application\/ld+json\" class=\"yoast-schema-graph\">{\"@context\":\"https:\\\/\\\/schema.org\",\"@graph\":[{\"@type\":\"WebPage\",\"@id\":\"https:\\\/\\\/landioustravel.com\\\/de\\\/shop\\\/blue-hole-schnorcheltour-dahab\\\/\",\"url\":\"https:\\\/\\\/landioustravel.com\\\/de\\\/shop\\\/blue-hole-schnorcheltour-dahab\\\/\",\"name\":\"Blue Hole Schnorcheltour Dahab\",\"isPartOf\":{\"@id\":\"https:\\\/\\\/landioustravel.com\\\/de\\\/#website\"},\"primaryImageOfPage\":{\"@id\":\"https:\\\/\\\/landioustravel.com\\\/de\\\/shop\\\/blue-hole-schnorcheltour-dahab\\\/#primaryimage\"},\"image\":{\"@id\":\"https:\\\/\\\/landioustravel.com\\\/de\\\/shop\\\/blue-hole-schnorcheltour-dahab\\\/#primaryimage\"},\"thumbnailUrl\":\"https:\\\/\\\/i0.wp.com\\\/landioustravel.com\\\/wp-content\\\/uploads\\\/2023\\\/08\\\/Blue-Hole-Snorkeling-Tour-Dahab-e1691527724647.jpg?fit=1200%2C675&ssl=1\",\"datePublished\":\"2023-08-08T19:52:18+00:00\",\"dateModified\":\"2024-05-30T13:56:50+00:00\",\"description\":\"Blue Hole Schnorcheltour Dahab Erleben Sie einen unvergesslichen Tag voller Abenteuer mit unserem au\u00dfergew\u00f6hnlichen Angebot an Attraktionen auf unserer Tour\",\"breadcrumb\":{\"@id\":\"https:\\\/\\\/landioustravel.com\\\/de\\\/shop\\\/blue-hole-schnorcheltour-dahab\\\/#breadcrumb\"},\"inLanguage\":\"de\",\"potentialAction\":[{\"@type\":\"ReadAction\",\"target\":[\"https:\\\/\\\/landioustravel.com\\\/de\\\/shop\\\/blue-hole-schnorcheltour-dahab\\\/\"]}]},{\"@type\":\"ImageObject\",\"inLanguage\":\"de\",\"@id\":\"https:\\\/\\\/landioustravel.com\\\/de\\\/shop\\\/blue-hole-schnorcheltour-dahab\\\/#primaryimage\",\"url\":\"https:\\\/\\\/i0.wp.com\\\/landioustravel.com\\\/wp-content\\\/uploads\\\/2023\\\/08\\\/Blue-Hole-Snorkeling-Tour-Dahab-e1691527724647.jpg?fit=1200%2C675&ssl=1\",\"contentUrl\":\"https:\\\/\\\/i0.wp.com\\\/landioustravel.com\\\/wp-content\\\/uploads\\\/2023\\\/08\\\/Blue-Hole-Snorkeling-Tour-Dahab-e1691527724647.jpg?fit=1200%2C675&ssl=1\",\"width\":1200,\"height\":675,\"caption\":\"Blue Hole Snorkeling Tour Dahab\"},{\"@type\":\"BreadcrumbList\",\"@id\":\"https:\\\/\\\/landioustravel.com\\\/de\\\/shop\\\/blue-hole-schnorcheltour-dahab\\\/#breadcrumb\",\"itemListElement\":[{\"@type\":\"ListItem\",\"position\":1,\"name\":\"Home\",\"item\":\"https:\\\/\\\/landioustravel.com\\\/de\\\/\"},{\"@type\":\"ListItem\",\"position\":2,\"name\":\"\u00c4gypten Touren\",\"item\":\"https:\\\/\\\/landioustravel.com\\\/de\\\/\"},{\"@type\":\"ListItem\",\"position\":3,\"name\":\"Blue Hole Schnorcheltour Dahab\"}]},{\"@type\":\"WebSite\",\"@id\":\"https:\\\/\\\/landioustravel.com\\\/de\\\/#website\",\"url\":\"https:\\\/\\\/landioustravel.com\\\/de\\\/\",\"name\":\"Landious Travel\",\"description\":\"Excursions, trips and cruises in Egypt\",\"publisher\":{\"@id\":\"https:\\\/\\\/landioustravel.com\\\/de\\\/#organization\"},\"potentialAction\":[{\"@type\":\"SearchAction\",\"target\":{\"@type\":\"EntryPoint\",\"urlTemplate\":\"https:\\\/\\\/landioustravel.com\\\/de\\\/?s={search_term_string}\"},\"query-input\":{\"@type\":\"PropertyValueSpecification\",\"valueRequired\":true,\"valueName\":\"search_term_string\"}}],\"inLanguage\":\"de\"},{\"@type\":[\"Organization\",\"Place\"],\"@id\":\"https:\\\/\\\/landioustravel.com\\\/de\\\/#organization\",\"name\":\"Landious Travel\",\"alternateName\":\"Landious Travel\",\"url\":\"https:\\\/\\\/landioustravel.com\\\/de\\\/\",\"logo\":{\"@id\":\"https:\\\/\\\/landioustravel.com\\\/de\\\/shop\\\/blue-hole-schnorcheltour-dahab\\\/#local-main-organization-logo\"},\"image\":{\"@id\":\"https:\\\/\\\/landioustravel.com\\\/de\\\/shop\\\/blue-hole-schnorcheltour-dahab\\\/#local-main-organization-logo\"},\"sameAs\":[\"https:\\\/\\\/web.facebook.com\\\/landiousEgypt\",\"https:\\\/\\\/x.com\\\/LandiousTours\",\"https:\\\/\\\/mastodon.social\\\/@landious\"],\"legalName\":\"Landious Travel\",\"telephone\":[],\"openingHoursSpecification\":[{\"@type\":\"OpeningHoursSpecification\",\"dayOfWeek\":[\"Monday\",\"Tuesday\",\"Wednesday\",\"Thursday\",\"Friday\",\"Saturday\",\"Sunday\"],\"opens\":\"09:00\",\"closes\":\"17:00\"}]},{\"@type\":\"ImageObject\",\"inLanguage\":\"de\",\"@id\":\"https:\\\/\\\/landioustravel.com\\\/de\\\/shop\\\/blue-hole-schnorcheltour-dahab\\\/#local-main-organization-logo\",\"url\":\"https:\\\/\\\/i0.wp.com\\\/landioustravel.com\\\/wp-content\\\/uploads\\\/2021\\\/06\\\/Landious-T.png?fit=500%2C500&ssl=1\",\"contentUrl\":\"https:\\\/\\\/i0.wp.com\\\/landioustravel.com\\\/wp-content\\\/uploads\\\/2021\\\/06\\\/Landious-T.png?fit=500%2C500&ssl=1\",\"width\":500,\"height\":500,\"caption\":\"Landious Travel\"}]}<\/script>\n<!-- \/ Yoast SEO Premium plugin. -->","yoast_head_json":{"title":"Blue Hole Schnorcheltour Dahab","description":"Blue Hole Schnorcheltour Dahab Erleben Sie einen unvergesslichen Tag voller Abenteuer mit unserem au\u00dfergew\u00f6hnlichen Angebot an Attraktionen auf unserer Tour","robots":{"index":"index","follow":"follow","max-snippet":"max-snippet:-1","max-image-preview":"max-image-preview:large","max-video-preview":"max-video-preview:-1"},"canonical":"https:\/\/landioustravel.com\/de\/shop\/blue-hole-schnorcheltour-dahab\/","og_locale":"de_DE","og_type":"article","og_title":"Blue Hole Schnorcheltour Dahab","og_description":"Landious Travel","og_url":"https:\/\/landioustravel.com\/de\/shop\/blue-hole-schnorcheltour-dahab\/","og_site_name":"Landious Travel","article_publisher":"https:\/\/web.facebook.com\/landiousEgypt","article_modified_time":"2024-05-30T13:56:50+00:00","og_image":[{"width":1200,"height":675,"url":"https:\/\/landioustravel.com\/wp-content\/uploads\/2023\/08\/Blue-Hole-Snorkeling-Tour-Dahab-e1691527724647.jpg","type":"image\/jpeg"}],"twitter_card":"summary_large_image","twitter_site":"@LandiousTours","twitter_misc":{"Gesch\u00e4tzte Lesezeit":"3\u00a0Minuten"},"schema":{"@context":"https:\/\/schema.org","@graph":[{"@type":"WebPage","@id":"https:\/\/landioustravel.com\/de\/shop\/blue-hole-schnorcheltour-dahab\/","url":"https:\/\/landioustravel.com\/de\/shop\/blue-hole-schnorcheltour-dahab\/","name":"Blue Hole Schnorcheltour Dahab","isPartOf":{"@id":"https:\/\/landioustravel.com\/de\/#website"},"primaryImageOfPage":{"@id":"https:\/\/landioustravel.com\/de\/shop\/blue-hole-schnorcheltour-dahab\/#primaryimage"},"image":{"@id":"https:\/\/landioustravel.com\/de\/shop\/blue-hole-schnorcheltour-dahab\/#primaryimage"},"thumbnailUrl":"https:\/\/i0.wp.com\/landioustravel.com\/wp-content\/uploads\/2023\/08\/Blue-Hole-Snorkeling-Tour-Dahab-e1691527724647.jpg?fit=1200%2C675&ssl=1","datePublished":"2023-08-08T19:52:18+00:00","dateModified":"2024-05-30T13:56:50+00:00","description":"Blue Hole Schnorcheltour Dahab Erleben Sie einen unvergesslichen Tag voller Abenteuer mit unserem au\u00dfergew\u00f6hnlichen Angebot an Attraktionen auf unserer Tour","breadcrumb":{"@id":"https:\/\/landioustravel.com\/de\/shop\/blue-hole-schnorcheltour-dahab\/#breadcrumb"},"inLanguage":"de","potentialAction":[{"@type":"ReadAction","target":["https:\/\/landioustravel.com\/de\/shop\/blue-hole-schnorcheltour-dahab\/"]}]},{"@type":"ImageObject","inLanguage":"de","@id":"https:\/\/landioustravel.com\/de\/shop\/blue-hole-schnorcheltour-dahab\/#primaryimage","url":"https:\/\/i0.wp.com\/landioustravel.com\/wp-content\/uploads\/2023\/08\/Blue-Hole-Snorkeling-Tour-Dahab-e1691527724647.jpg?fit=1200%2C675&ssl=1","contentUrl":"https:\/\/i0.wp.com\/landioustravel.com\/wp-content\/uploads\/2023\/08\/Blue-Hole-Snorkeling-Tour-Dahab-e1691527724647.jpg?fit=1200%2C675&ssl=1","width":1200,"height":675,"caption":"Blue Hole Snorkeling Tour Dahab"},{"@type":"BreadcrumbList","@id":"https:\/\/landioustravel.com\/de\/shop\/blue-hole-schnorcheltour-dahab\/#breadcrumb","itemListElement":[{"@type":"ListItem","position":1,"name":"Home","item":"https:\/\/landioustravel.com\/de\/"},{"@type":"ListItem","position":2,"name":"\u00c4gypten Touren","item":"https:\/\/landioustravel.com\/de\/"},{"@type":"ListItem","position":3,"name":"Blue Hole Schnorcheltour Dahab"}]},{"@type":"WebSite","@id":"https:\/\/landioustravel.com\/de\/#website","url":"https:\/\/landioustravel.com\/de\/","name":"Landious Travel","description":"Excursions, trips and cruises in Egypt","publisher":{"@id":"https:\/\/landioustravel.com\/de\/#organization"},"potentialAction":[{"@type":"SearchAction","target":{"@type":"EntryPoint","urlTemplate":"https:\/\/landioustravel.com\/de\/?s={search_term_string}"},"query-input":{"@type":"PropertyValueSpecification","valueRequired":true,"valueName":"search_term_string"}}],"inLanguage":"de"},{"@type":["Organization","Place"],"@id":"https:\/\/landioustravel.com\/de\/#organization","name":"Landious Travel","alternateName":"Landious Travel","url":"https:\/\/landioustravel.com\/de\/","logo":{"@id":"https:\/\/landioustravel.com\/de\/shop\/blue-hole-schnorcheltour-dahab\/#local-main-organization-logo"},"image":{"@id":"https:\/\/landioustravel.com\/de\/shop\/blue-hole-schnorcheltour-dahab\/#local-main-organization-logo"},"sameAs":["https:\/\/web.facebook.com\/landiousEgypt","https:\/\/x.com\/LandiousTours","https:\/\/mastodon.social\/@landious"],"legalName":"Landious Travel","telephone":[],"openingHoursSpecification":[{"@type":"OpeningHoursSpecification","dayOfWeek":["Monday","Tuesday","Wednesday","Thursday","Friday","Saturday","Sunday"],"opens":"09:00","closes":"17:00"}]},{"@type":"ImageObject","inLanguage":"de","@id":"https:\/\/landioustravel.com\/de\/shop\/blue-hole-schnorcheltour-dahab\/#local-main-organization-logo","url":"https:\/\/i0.wp.com\/landioustravel.com\/wp-content\/uploads\/2021\/06\/Landious-T.png?fit=500%2C500&ssl=1","contentUrl":"https:\/\/i0.wp.com\/landioustravel.com\/wp-content\/uploads\/2021\/06\/Landious-T.png?fit=500%2C500&ssl=1","width":500,"height":500,"caption":"Landious Travel"}]}},"jetpack_publicize_connections":[],"uagb_featured_image_src":{"full":["https:\/\/i0.wp.com\/landioustravel.com\/wp-content\/uploads\/2023\/08\/Blue-Hole-Snorkeling-Tour-Dahab-e1691527724647.jpg?fit=1200%2C675&ssl=1",1200,675,false],"thumbnail":["https:\/\/i0.wp.com\/landioustravel.com\/wp-content\/uploads\/2023\/08\/Blue-Hole-Snorkeling-Tour-Dahab-e1691527724647.jpg?resize=150%2C150&ssl=1",150,150,true],"medium":["https:\/\/i0.wp.com\/landioustravel.com\/wp-content\/uploads\/2023\/08\/Blue-Hole-Snorkeling-Tour-Dahab-e1691527724647.jpg?fit=300%2C169&ssl=1",300,169,true],"medium_large":["https:\/\/i0.wp.com\/landioustravel.com\/wp-content\/uploads\/2023\/08\/Blue-Hole-Snorkeling-Tour-Dahab-e1691527724647.jpg?fit=768%2C432&ssl=1",768,432,true],"large":["https:\/\/i0.wp.com\/landioustravel.com\/wp-content\/uploads\/2023\/08\/Blue-Hole-Snorkeling-Tour-Dahab-e1691527724647.jpg?fit=980%2C551&ssl=1",980,551,true],"1536x1536":["https:\/\/i0.wp.com\/landioustravel.com\/wp-content\/uploads\/2023\/08\/Blue-Hole-Snorkeling-Tour-Dahab-e1691527724647.jpg?fit=1200%2C675&ssl=1",1200,675,true],"2048x2048":["https:\/\/i0.wp.com\/landioustravel.com\/wp-content\/uploads\/2023\/08\/Blue-Hole-Snorkeling-Tour-Dahab-e1691527724647.jpg?fit=1200%2C675&ssl=1",1200,675,true],"newspack-article-block-landscape-large":["https:\/\/i0.wp.com\/landioustravel.com\/wp-content\/uploads\/2023\/08\/Blue-Hole-Snorkeling-Tour-Dahab-e1691527724647.jpg?resize=1200%2C675&ssl=1",1200,675,true],"newspack-article-block-portrait-large":["https:\/\/i0.wp.com\/landioustravel.com\/wp-content\/uploads\/2023\/08\/Blue-Hole-Snorkeling-Tour-Dahab-e1691527724647.jpg?resize=900%2C675&ssl=1",900,675,true],"newspack-article-block-square-large":["https:\/\/i0.wp.com\/landioustravel.com\/wp-content\/uploads\/2023\/08\/Blue-Hole-Snorkeling-Tour-Dahab-e1691527724647.jpg?resize=1200%2C675&ssl=1",1200,675,true],"newspack-article-block-landscape-medium":["https:\/\/i0.wp.com\/landioustravel.com\/wp-content\/uploads\/2023\/08\/Blue-Hole-Snorkeling-Tour-Dahab-e1691527724647.jpg?resize=800%2C600&ssl=1",800,600,true],"newspack-article-block-portrait-medium":["https:\/\/i0.wp.com\/landioustravel.com\/wp-content\/uploads\/2023\/08\/Blue-Hole-Snorkeling-Tour-Dahab-e1691527724647.jpg?resize=600%2C675&ssl=1",600,675,true],"newspack-article-block-square-medium":["https:\/\/i0.wp.com\/landioustravel.com\/wp-content\/uploads\/2023\/08\/Blue-Hole-Snorkeling-Tour-Dahab-e1691527724647.jpg?resize=800%2C675&ssl=1",800,675,true],"newspack-article-block-landscape-intermediate":["https:\/\/i0.wp.com\/landioustravel.com\/wp-content\/uploads\/2023\/08\/Blue-Hole-Snorkeling-Tour-Dahab-e1691527724647.jpg?resize=600%2C450&ssl=1",600,450,true],"newspack-article-block-portrait-intermediate":["https:\/\/i0.wp.com\/landioustravel.com\/wp-content\/uploads\/2023\/08\/Blue-Hole-Snorkeling-Tour-Dahab-e1691527724647.jpg?resize=450%2C600&ssl=1",450,600,true],"newspack-article-block-square-intermediate":["https:\/\/i0.wp.com\/landioustravel.com\/wp-content\/uploads\/2023\/08\/Blue-Hole-Snorkeling-Tour-Dahab-e1691527724647.jpg?resize=600%2C600&ssl=1",600,600,true],"newspack-article-block-landscape-small":["https:\/\/i0.wp.com\/landioustravel.com\/wp-content\/uploads\/2023\/08\/Blue-Hole-Snorkeling-Tour-Dahab-e1691527724647.jpg?resize=400%2C300&ssl=1",400,300,true],"newspack-article-block-portrait-small":["https:\/\/i0.wp.com\/landioustravel.com\/wp-content\/uploads\/2023\/08\/Blue-Hole-Snorkeling-Tour-Dahab-e1691527724647.jpg?resize=300%2C400&ssl=1",300,400,true],"newspack-article-block-square-small":["https:\/\/i0.wp.com\/landioustravel.com\/wp-content\/uploads\/2023\/08\/Blue-Hole-Snorkeling-Tour-Dahab-e1691527724647.jpg?resize=400%2C400&ssl=1",400,400,true],"newspack-article-block-landscape-tiny":["https:\/\/i0.wp.com\/landioustravel.com\/wp-content\/uploads\/2023\/08\/Blue-Hole-Snorkeling-Tour-Dahab-e1691527724647.jpg?resize=200%2C150&ssl=1",200,150,true],"newspack-article-block-portrait-tiny":["https:\/\/i0.wp.com\/landioustravel.com\/wp-content\/uploads\/2023\/08\/Blue-Hole-Snorkeling-Tour-Dahab-e1691527724647.jpg?resize=150%2C200&ssl=1",150,200,true],"newspack-article-block-square-tiny":["https:\/\/i0.wp.com\/landioustravel.com\/wp-content\/uploads\/2023\/08\/Blue-Hole-Snorkeling-Tour-Dahab-e1691527724647.jpg?resize=200%2C200&ssl=1",200,200,true],"newspack-article-block-uncropped":["https:\/\/i0.wp.com\/landioustravel.com\/wp-content\/uploads\/2023\/08\/Blue-Hole-Snorkeling-Tour-Dahab-e1691527724647.jpg?fit=1200%2C675&ssl=1",1200,675,true],"woocommerce_thumbnail":["https:\/\/i0.wp.com\/landioustravel.com\/wp-content\/uploads\/2023\/08\/Blue-Hole-Snorkeling-Tour-Dahab-e1691527724647.jpg?resize=324%2C324&ssl=1",324,324,true],"woocommerce_single":["https:\/\/i0.wp.com\/landioustravel.com\/wp-content\/uploads\/2023\/08\/Blue-Hole-Snorkeling-Tour-Dahab-e1691527724647.jpg?fit=416%2C234&ssl=1",416,234,true],"woocommerce_gallery_thumbnail":["https:\/\/i0.wp.com\/landioustravel.com\/wp-content\/uploads\/2023\/08\/Blue-Hole-Snorkeling-Tour-Dahab-e1691527724647.jpg?resize=100%2C100&ssl=1",100,100,true]},"uagb_author_info":{"display_name":"Mofreh Landious","author_link":"https:\/\/landioustravel.com\/de\/author\/"},"uagb_comment_info":0,"uagb_excerpt":"Erleben Sie einen unvergesslichen Tag voller Abenteuer mit unserem au\u00dfergew\u00f6hnlichen Angebot an Attraktionen auf unserer Tour zum weltber\u00fchmten Blue Hole. Sie k\u00f6nnen die unglaubliche Sch\u00f6nheit einzigartiger geologischer Formationen entdecken und beim Schnorcheln auf verschiedene Fischarten treffen. Wir k\u00fcmmern uns den ganzen Tag \u00fcber um Ihre Bed\u00fcrfnisse und stellen Ihnen Schnorchelausr\u00fcstung (nur Maske), Transportmittel, Kamele und&hellip;","jetpack_sharing_enabled":true,"jetpack_likes_enabled":true,"amp_enabled":true,"_links":{"self":[{"href":"https:\/\/landioustravel.com\/de\/wp-json\/wp\/v2\/product\/151133","targetHints":{"allow":["GET"]}}],"collection":[{"href":"https:\/\/landioustravel.com\/de\/wp-json\/wp\/v2\/product"}],"about":[{"href":"https:\/\/landioustravel.com\/de\/wp-json\/wp\/v2\/types\/product"}],"replies":[{"embeddable":true,"href":"https:\/\/landioustravel.com\/de\/wp-json\/wp\/v2\/comments?post=151133"}],"wp:featuredmedia":[{"embeddable":true,"href":"https:\/\/landioustravel.com\/de\/wp-json\/wp\/v2\/media\/151134"}],"wp:attachment":[{"href":"https:\/\/landioustravel.com\/de\/wp-json\/wp\/v2\/media?parent=151133"}],"wp:term":[{"taxonomy":"product_brand","embeddable":true,"href":"https:\/\/landioustravel.com\/de\/wp-json\/wp\/v2\/product_brand?post=151133"},{"taxonomy":"product_cat","embeddable":true,"href":"https:\/\/landioustravel.com\/de\/wp-json\/wp\/v2\/product_cat?post=151133"},{"taxonomy":"product_tag","embeddable":true,"href":"https:\/\/landioustravel.com\/de\/wp-json\/wp\/v2\/product_tag?post=151133"}],"curies":[{"name":"wp","href":"https:\/\/api.w.org\/{rel}","templated":true}]}}