{"id":151144,"date":"2023-08-08T09:03:12","date_gmt":"2023-08-08T06:03:12","guid":{"rendered":"https:\/\/landioustravel.com\/?post_type=product&#038;p=151144"},"modified":"2024-05-30T17:30:51","modified_gmt":"2024-05-30T14:30:51","slug":"berg-sinai-tour-dahab","status":"publish","type":"product","link":"https:\/\/landioustravel.com\/de\/shop\/berg-sinai-tour-dahab\/","title":{"rendered":"Berg-Sinai-Tour ab Dahab"},"content":{"rendered":"<p><span>Wir empfehlen den Ausflug, da Sie dabei eine der beeindruckendsten Sehensw\u00fcrdigkeiten der Sinai-Halbinsel sehen k\u00f6nnen: den Berg Sinai! Die Berg-Sinai-Tour von Dahab aus ist ein Besichtigungsausflug zur Besteigung des Berges des Propheten Moses von Dahab,\u00a0<\/span><span>\u00c4gypten aus<\/span><span>!<\/span><\/p>\n<p><span>Au\u00dferdem k\u00f6nnen Sie das herrliche Kloster St. Katharina<\/span><span>\u00a0besuchen\u00a0. Die Reise erinnert an den Weg des Propheten Moses vom <\/span><span>Nildelta<\/span><span> bis zur\u00a0\u00a0<\/span><span>Sinai-Halbinsel<\/span><span>. Es spiegelt vor allem die Verwandlung von Jabal Mousa wider.<\/span><\/p>\n<p><span>Zweifellos verleiht Ihnen der Besuch des <\/span><span>Katharinenklosters<\/span><span> mehr spirituelle Kraft. Dar\u00fcber hinaus bietet es Informationen \u00fcber <\/span><span>die Geschichte des Christentums<\/span><span>\u00a0in \u00c4gypten. Tats\u00e4chlich lohnt sich Moses\u2018 Bergausflug von Dahab aus!<\/span><\/p>\n<h2><span>H\u00f6hepunkte der Moses Mountain-Reise von Dahab aus<\/span><\/h2>\n<ul>\n<li><strong><span>Erklimmen Sie den Berg des Propheten Moses.<\/span><\/strong><\/li>\n<li><strong><span>Fr\u00fchst\u00fcck im Restaurant.<\/span><\/strong><\/li>\n<li><span>Besuchen Sie auch\u00a0<\/span><strong><span>das Kloster St. Katharina auf<\/span><\/strong><span> der Sinai-Halbinsel.<\/span><\/li>\n<\/ul>\n<h2><span>Reiseroute der Berg-Sinai-Tour ab Dahab<\/span><\/h2>\n<ul>\n<li><span>Der Vertreter von Landious Travel<\/span><span>\u00a0holt Sie gegen 20:00 Uhr in einem klimatisierten Fahrzeug von Ihrem Hotel in Dahab ab.<\/span><\/li>\n<li><span>Nachdem alle abgeholt wurden, f\u00e4hrt der Bus zum Kloster St. Katharina. Sie f\u00fchrt entlang der K\u00fcstenstadt Nuweiba, die n\u00f6rdlich von Dahab an der Ostk\u00fcste des Roten Meeres liegt. Die Fahrt zum Kloster dauert vom Zentrum Dahabs aus etwa drei Stunden.<\/span><\/li>\n<\/ul>\n<h3><span>Zeitplan auf Moses Mountain<\/span><\/h3>\n<ul>\n<li><span>Sobald Sie am Berg Sinai angekommen sind, beginnen Sie mit Ihrem Beduinenf\u00fchrer, den Berg Moses zu besteigen. Es gibt zwei Routen hinauf zur Spitze des H\u00fcgels. Die Stufen der Bu\u00dfe sind eine steilere Route mit 3750 Stufen, die von M\u00f6nchen gehauen wurden. Diese Routen treffen an einem kleinen Ort namens Elijah&#8217;s Hollow oder den Sieben \u00c4ltesten Israels zusammen. Von hier aus sind es 750 steile Stufen bis zum Gipfel des Berges Sinai.<\/span><\/li>\n<li><span>Auf dem Weg zum Gipfel des Berges machen Sie zwei oder mehr Pausen. Am sechsten Tag von Sivan 6, vor etwa 3.500 Jahren, bestieg Moses den Berg Sinai. W\u00e4hrend seines 40-t\u00e4gigen Aufenthalts auf dem Berg diktierte ihm Gott der popul\u00e4ren j\u00fcdischen Tradition zufolge die Zehn Gebote, die gesamte Thora und das m\u00fcndliche Gesetz.<\/span><\/li>\n<li><span>Wenn Sie den Gipfel des <\/span><span>Berges Moses<\/span><span>\u00a0erreichen , warten Sie auf den Sonnenaufgang. Am Morgen geht die Sonne wunderbar vor Ihren Augen auf. Am Ende eines solchen Panoramablicks auf die Sinai-Berge steigen Sie zum Kloster St. Katharina ab.<\/span><\/li>\n<li><span>Danach fr\u00fchst\u00fccken Sie.<\/span><\/li>\n<\/ul>\n<h3><span>Agenda im Katharinenkloster<\/span><\/h3>\n<ul>\n<li><span>Nach dem Fr\u00fchst\u00fcck beginnt das Programm mit einem Besuch des Klosters St. Katharina. Es liegt am Fu\u00dfe des Berges Sinai, wurde zwischen 548 und 565 erbaut und ist das \u00e4lteste durchgehend bewohnte christliche Kloster der Welt. Das zum UNESCO-Weltkulturerbe geh\u00f6rende Kloster wurde im Auftrag des byzantinischen Kaisers Justinian I. erbaut und umschlie\u00dft angeblich den brennenden Dornbusch, den Moses gesehen hat.<\/span><\/li>\n<li><span>Dementsprechend zeigt Ihnen Ihr Reisef\u00fchrer alle wichtigen Schreine des Heiligtums und gibt Ihnen Zeit zum Fotografieren.<\/span><\/li>\n<li><span>Anschlie\u00dfend sehen Sie im Kloster die Reliquien der Heiligen Katharina und den Busch des Brennenden Dornbuschs. Anschlie\u00dfend gelangen Sie zum Friedhof und zur Krypta unter der Kapelle des Heiligen Trifonab. Au\u00dferdem sehen Sie die \u00e4ltesten Mosaike, Ikonen und die ber\u00fchmte Sinai-Bibliothek.<\/span><\/li>\n<\/ul>\n<h3><span>Abfahrt nach Dahab<\/span><\/h3>\n<ul>\n<li><span>Wenn der Besuch im Katharinenkloster beendet ist, kehren Sie nach Dahab zur\u00fcck.<\/span><\/li>\n<li><span>Die <\/span><strong><span>Jabal Mousa-Reise von Dahab<\/span><\/strong><span>\u00a0endet am zweiten Tag gegen 15:00 Uhr.<\/span><\/li>\n<\/ul>\n<h2><span>Was ist im Preis der Berg-Sinai-Tour ab Dahab enthalten?<\/span><\/h2>\n<ul>\n<li><span>Fr\u00fchst\u00fcck.<\/span><\/li>\n<li><span>F\u00fchrung.<\/span><\/li>\n<li><span>Au\u00dferdem Transfer zum Kloster und zur\u00fcck zu Ihrem Hotel.<\/span><\/li>\n<\/ul>\n<h2><span>Was ist im Mount Sinai Trip Dahab-Programm nicht enthalten?<\/span><\/h2>\n<ul>\n<li><span>Zus\u00e4tzliche Ausflugsprogramme, sofern nicht im oben genannten Programm enthalten.<\/span><\/li>\n<\/ul>\n<h2><span>Gegenst\u00e4nde, die Sie auf die Reise mitnehmen k\u00f6nnen<\/span><\/h2>\n<ul>\n<li><span>Fr\u00fchst\u00fccksbox.<\/span><\/li>\n<li><span>Reisepass.<\/span><\/li>\n<li><span>Nehmen Sie au\u00dferdem der Jahreszeit entsprechende Kleidung mit.<\/span><\/li>\n<\/ul>\n<h2><span>Moses Mountain Trip Dahab Buchungstage<\/span><\/h2>\n<ul>\n<li><span>Sonntags von 20:00 \u2013 15:00 Uhr am zweiten Tag.<\/span><\/li>\n<li><span>Mittwochs von 20:00 \u2013 15:00 Uhr zweiter Tag.<\/span><\/li>\n<li><span>Au\u00dferdem sind die Samstage am zweiten Tag von 20:00 \u2013 15:00 Uhr.<\/span><\/li>\n<\/ul>\n<h2><span>Was k\u00f6nnen Sie w\u00e4hrend der Reise zum Mosesberg erwarten?<\/span><\/h2>\n<p><span>Das griechisch-orthodoxe Kloster auf dem von Gott getretenen <\/span><span>Berg Sinai<\/span><span>\u00a0liegt genau an der Stelle, an der Gott Moses im Brennenden Dornbusch erschien, unterhalb des Berges DecGod&#8217;se. Dank der Vorsehung Gottes sind an dieser Stelle auch die heiligen Reliquien der Heiligen Katharina aufbewahrt.<\/span><\/p>\n","protected":false},"excerpt":{"rendered":"<p>Unsere Welt ist voller einzigartiger Orte und Sehensw\u00fcrdigkeiten, die uns Freude und Erfrischung bringen. Ein Ausflug von spiritueller und historischer Bedeutung ist der \u201eAufstieg zum Berg des Propheten Moses\u201c.<\/p>\n<p>W\u00e4hrend dieser Reise erklimmen Sie den Berg und erleben den spektakul\u00e4ren Sonnenaufgang auf seinem Gipfel, bevor Sie ein herzhaftes Fr\u00fchst\u00fcck genie\u00dfen. Anschlie\u00dfend k\u00f6nnen Sie das wundersch\u00f6ne Katharinenkloster besichtigen.<\/p>\n<p>Der Aufstieg auf den Berg dauert etwa 2-3 Stunden, aber die atemberaubende Aussicht auf den Sonnenaufgang lohnt sich auf jeden Fall. Sobald Sie den Berg hinuntergestiegen sind, k\u00f6nnen Sie das Katharinenkloster erkunden, eines der ber\u00fchmtesten der Welt. Es wurde zwischen 527 und 565 n. Chr. erbaut und ist nach der Heiligen Katharina benannt, die f\u00fcr ihren christlichen Glauben den M\u00e4rtyrertod erlitt.<\/p>\n<p>W\u00e4hrend Ihres Besuchs sehen Sie die griechisch-orthodoxe Kirche, Gottesdienstikonen und das ber\u00fchmte Mosaik der Verkl\u00e4rung. Das Kloster beherbergt auch die Kapelle des brennenden Dornbuschs, die angeblich der Ort ist, an dem Moses den brennenden Dornbusch gesehen hat. Die unsch\u00e4tzbaren Kunstwerke, Klosterikonen und illuminierten Manuskripte machen dies zu einem unvergesslichen Erlebnis.<\/p>\n<p>Unsere Tour beinhaltet einen qualifizierten \u00c4gyptologenf\u00fchrer, einen lokalen F\u00fchrer w\u00e4hrend Ihres Aufstiegs auf den Berg und einen Hin- und R\u00fccktransport von Ihrem Hotel oder Hafen in Sharm el Sheikh. Wir \u00fcbernehmen auch die Geb\u00fchren f\u00fcr den St. Catherine Nationalpark und den Fahrzeugtransport.<\/p>\n<p>Wir wissen, wie wichtig es ist, diese bedeutenden historischen und spirituellen St\u00e4tten zu erleben, und bem\u00fchen uns, Ihre Reise so angenehm und unvergesslich wie m\u00f6glich zu gestalten. Begleiten Sie uns zu diesem unvergesslichen Erlebnis und lassen Sie sich von uns die Wunder des \u201eAufstiegs zum Berg des Propheten Moses\u201c zeigen.<\/p>\n","protected":false},"featured_media":151145,"comment_status":"open","ping_status":"closed","template":"","meta":{"_coblocks_attr":"","_coblocks_dimensions":"","_coblocks_responsive_height":"","_coblocks_accordion_ie_support":"","_uag_custom_page_level_css":"","jetpack_post_was_ever_published":false,"jetpack_publicize_message":"","jetpack_publicize_feature_enabled":true,"jetpack_social_post_already_shared":true,"jetpack_social_options":{"image_generator_settings":{"template":"highway","default_image_id":0,"font":"","enabled":false},"version":2},"_wpas_customize_per_network":false},"product_brand":[],"product_cat":[19226],"product_tag":[1653,9906,2184],"class_list":{"0":"post-151144","1":"product","2":"type-product","3":"status-publish","4":"has-post-thumbnail","6":"product_cat-dahab-ausfluege-touren","7":"product_tag-ausflug","8":"product_tag-besichtigung","9":"product_tag-kloster-der-hl-katharina","11":"first","12":"instock","13":"sale","14":"virtual","15":"taxable","16":"purchasable","17":"product-type-simple"},"yoast_head":"<!-- This site is optimized with the Yoast SEO Premium plugin v26.9 (Yoast SEO v27.3) - https:\/\/yoast.com\/product\/yoast-seo-premium-wordpress\/ -->\n<title>Berg-Sinai-Tour ab Dahab<\/title>\n<meta name=\"description\" content=\"Berg-Sinai-Tour ab Dahab Unsere Welt ist voller einzigartiger Orte und Sehensw\u00fcrdigkeiten, die uns Freude und Erfrischung bringen. Ein Ausflug von\" \/>\n<meta name=\"robots\" content=\"index, follow, max-snippet:-1, max-image-preview:large, max-video-preview:-1\" \/>\n<link rel=\"canonical\" href=\"https:\/\/landioustravel.com\/de\/shop\/berg-sinai-tour-dahab\/\" \/>\n<meta property=\"og:locale\" content=\"de_DE\" \/>\n<meta property=\"og:type\" content=\"article\" \/>\n<meta property=\"og:title\" content=\"Berg-Sinai-Tour ab Dahab\" \/>\n<meta property=\"og:description\" content=\"Landious Travel\" \/>\n<meta property=\"og:url\" content=\"https:\/\/landioustravel.com\/de\/shop\/berg-sinai-tour-dahab\/\" \/>\n<meta property=\"og:site_name\" content=\"Landious Travel\" \/>\n<meta property=\"article:publisher\" content=\"https:\/\/web.facebook.com\/landiousEgypt\" \/>\n<meta property=\"article:modified_time\" content=\"2024-05-30T14:30:51+00:00\" \/>\n<meta property=\"og:image\" content=\"https:\/\/landioustravel.com\/wp-content\/uploads\/2023\/08\/Mount-Sinai-Tour-from-Dahab-e1691478111727.jpg\" \/>\n\t<meta property=\"og:image:width\" content=\"1200\" \/>\n\t<meta property=\"og:image:height\" content=\"675\" \/>\n\t<meta property=\"og:image:type\" content=\"image\/jpeg\" \/>\n<meta name=\"twitter:card\" content=\"summary_large_image\" \/>\n<meta name=\"twitter:site\" content=\"@LandiousTours\" \/>\n<meta name=\"twitter:label1\" content=\"Gesch\u00e4tzte Lesezeit\" \/>\n\t<meta name=\"twitter:data1\" content=\"4\u00a0Minuten\" \/>\n<script type=\"application\/ld+json\" class=\"yoast-schema-graph\">{\"@context\":\"https:\\\/\\\/schema.org\",\"@graph\":[{\"@type\":\"WebPage\",\"@id\":\"https:\\\/\\\/landioustravel.com\\\/de\\\/shop\\\/berg-sinai-tour-dahab\\\/\",\"url\":\"https:\\\/\\\/landioustravel.com\\\/de\\\/shop\\\/berg-sinai-tour-dahab\\\/\",\"name\":\"Berg-Sinai-Tour ab Dahab\",\"isPartOf\":{\"@id\":\"https:\\\/\\\/landioustravel.com\\\/de\\\/#website\"},\"primaryImageOfPage\":{\"@id\":\"https:\\\/\\\/landioustravel.com\\\/de\\\/shop\\\/berg-sinai-tour-dahab\\\/#primaryimage\"},\"image\":{\"@id\":\"https:\\\/\\\/landioustravel.com\\\/de\\\/shop\\\/berg-sinai-tour-dahab\\\/#primaryimage\"},\"thumbnailUrl\":\"https:\\\/\\\/i0.wp.com\\\/landioustravel.com\\\/wp-content\\\/uploads\\\/2023\\\/08\\\/Mount-Sinai-Tour-from-Dahab-e1691478111727.jpg?fit=1200%2C675&ssl=1\",\"datePublished\":\"2023-08-08T06:03:12+00:00\",\"dateModified\":\"2024-05-30T14:30:51+00:00\",\"description\":\"Berg-Sinai-Tour ab Dahab Unsere Welt ist voller einzigartiger Orte und Sehensw\u00fcrdigkeiten, die uns Freude und Erfrischung bringen. Ein Ausflug von\",\"breadcrumb\":{\"@id\":\"https:\\\/\\\/landioustravel.com\\\/de\\\/shop\\\/berg-sinai-tour-dahab\\\/#breadcrumb\"},\"inLanguage\":\"de\",\"potentialAction\":[{\"@type\":\"ReadAction\",\"target\":[\"https:\\\/\\\/landioustravel.com\\\/de\\\/shop\\\/berg-sinai-tour-dahab\\\/\"]}]},{\"@type\":\"ImageObject\",\"inLanguage\":\"de\",\"@id\":\"https:\\\/\\\/landioustravel.com\\\/de\\\/shop\\\/berg-sinai-tour-dahab\\\/#primaryimage\",\"url\":\"https:\\\/\\\/i0.wp.com\\\/landioustravel.com\\\/wp-content\\\/uploads\\\/2023\\\/08\\\/Mount-Sinai-Tour-from-Dahab-e1691478111727.jpg?fit=1200%2C675&ssl=1\",\"contentUrl\":\"https:\\\/\\\/i0.wp.com\\\/landioustravel.com\\\/wp-content\\\/uploads\\\/2023\\\/08\\\/Mount-Sinai-Tour-from-Dahab-e1691478111727.jpg?fit=1200%2C675&ssl=1\",\"width\":1200,\"height\":675,\"caption\":\"Mount Sinai Tour from Dahab\"},{\"@type\":\"BreadcrumbList\",\"@id\":\"https:\\\/\\\/landioustravel.com\\\/de\\\/shop\\\/berg-sinai-tour-dahab\\\/#breadcrumb\",\"itemListElement\":[{\"@type\":\"ListItem\",\"position\":1,\"name\":\"Home\",\"item\":\"https:\\\/\\\/landioustravel.com\\\/de\\\/\"},{\"@type\":\"ListItem\",\"position\":2,\"name\":\"\u00c4gypten Touren\",\"item\":\"https:\\\/\\\/landioustravel.com\\\/de\\\/\"},{\"@type\":\"ListItem\",\"position\":3,\"name\":\"Berg-Sinai-Tour ab Dahab\"}]},{\"@type\":\"WebSite\",\"@id\":\"https:\\\/\\\/landioustravel.com\\\/de\\\/#website\",\"url\":\"https:\\\/\\\/landioustravel.com\\\/de\\\/\",\"name\":\"Landious Travel\",\"description\":\"Excursions, trips and cruises in Egypt\",\"publisher\":{\"@id\":\"https:\\\/\\\/landioustravel.com\\\/de\\\/#organization\"},\"potentialAction\":[{\"@type\":\"SearchAction\",\"target\":{\"@type\":\"EntryPoint\",\"urlTemplate\":\"https:\\\/\\\/landioustravel.com\\\/de\\\/?s={search_term_string}\"},\"query-input\":{\"@type\":\"PropertyValueSpecification\",\"valueRequired\":true,\"valueName\":\"search_term_string\"}}],\"inLanguage\":\"de\"},{\"@type\":[\"Organization\",\"Place\"],\"@id\":\"https:\\\/\\\/landioustravel.com\\\/de\\\/#organization\",\"name\":\"Landious Travel\",\"alternateName\":\"Landious Travel\",\"url\":\"https:\\\/\\\/landioustravel.com\\\/de\\\/\",\"logo\":{\"@id\":\"https:\\\/\\\/landioustravel.com\\\/de\\\/shop\\\/berg-sinai-tour-dahab\\\/#local-main-organization-logo\"},\"image\":{\"@id\":\"https:\\\/\\\/landioustravel.com\\\/de\\\/shop\\\/berg-sinai-tour-dahab\\\/#local-main-organization-logo\"},\"sameAs\":[\"https:\\\/\\\/web.facebook.com\\\/landiousEgypt\",\"https:\\\/\\\/x.com\\\/LandiousTours\",\"https:\\\/\\\/mastodon.social\\\/@landious\"],\"legalName\":\"Landious Travel\",\"telephone\":[],\"openingHoursSpecification\":[{\"@type\":\"OpeningHoursSpecification\",\"dayOfWeek\":[\"Monday\",\"Tuesday\",\"Wednesday\",\"Thursday\",\"Friday\",\"Saturday\",\"Sunday\"],\"opens\":\"09:00\",\"closes\":\"17:00\"}]},{\"@type\":\"ImageObject\",\"inLanguage\":\"de\",\"@id\":\"https:\\\/\\\/landioustravel.com\\\/de\\\/shop\\\/berg-sinai-tour-dahab\\\/#local-main-organization-logo\",\"url\":\"https:\\\/\\\/i0.wp.com\\\/landioustravel.com\\\/wp-content\\\/uploads\\\/2021\\\/06\\\/Landious-T.png?fit=500%2C500&ssl=1\",\"contentUrl\":\"https:\\\/\\\/i0.wp.com\\\/landioustravel.com\\\/wp-content\\\/uploads\\\/2021\\\/06\\\/Landious-T.png?fit=500%2C500&ssl=1\",\"width\":500,\"height\":500,\"caption\":\"Landious Travel\"}]}<\/script>\n<!-- \/ Yoast SEO Premium plugin. -->","yoast_head_json":{"title":"Berg-Sinai-Tour ab Dahab","description":"Berg-Sinai-Tour ab Dahab Unsere Welt ist voller einzigartiger Orte und Sehensw\u00fcrdigkeiten, die uns Freude und Erfrischung bringen. Ein Ausflug von","robots":{"index":"index","follow":"follow","max-snippet":"max-snippet:-1","max-image-preview":"max-image-preview:large","max-video-preview":"max-video-preview:-1"},"canonical":"https:\/\/landioustravel.com\/de\/shop\/berg-sinai-tour-dahab\/","og_locale":"de_DE","og_type":"article","og_title":"Berg-Sinai-Tour ab Dahab","og_description":"Landious Travel","og_url":"https:\/\/landioustravel.com\/de\/shop\/berg-sinai-tour-dahab\/","og_site_name":"Landious Travel","article_publisher":"https:\/\/web.facebook.com\/landiousEgypt","article_modified_time":"2024-05-30T14:30:51+00:00","og_image":[{"width":1200,"height":675,"url":"https:\/\/landioustravel.com\/wp-content\/uploads\/2023\/08\/Mount-Sinai-Tour-from-Dahab-e1691478111727.jpg","type":"image\/jpeg"}],"twitter_card":"summary_large_image","twitter_site":"@LandiousTours","twitter_misc":{"Gesch\u00e4tzte Lesezeit":"4\u00a0Minuten"},"schema":{"@context":"https:\/\/schema.org","@graph":[{"@type":"WebPage","@id":"https:\/\/landioustravel.com\/de\/shop\/berg-sinai-tour-dahab\/","url":"https:\/\/landioustravel.com\/de\/shop\/berg-sinai-tour-dahab\/","name":"Berg-Sinai-Tour ab Dahab","isPartOf":{"@id":"https:\/\/landioustravel.com\/de\/#website"},"primaryImageOfPage":{"@id":"https:\/\/landioustravel.com\/de\/shop\/berg-sinai-tour-dahab\/#primaryimage"},"image":{"@id":"https:\/\/landioustravel.com\/de\/shop\/berg-sinai-tour-dahab\/#primaryimage"},"thumbnailUrl":"https:\/\/i0.wp.com\/landioustravel.com\/wp-content\/uploads\/2023\/08\/Mount-Sinai-Tour-from-Dahab-e1691478111727.jpg?fit=1200%2C675&ssl=1","datePublished":"2023-08-08T06:03:12+00:00","dateModified":"2024-05-30T14:30:51+00:00","description":"Berg-Sinai-Tour ab Dahab Unsere Welt ist voller einzigartiger Orte und Sehensw\u00fcrdigkeiten, die uns Freude und Erfrischung bringen. Ein Ausflug von","breadcrumb":{"@id":"https:\/\/landioustravel.com\/de\/shop\/berg-sinai-tour-dahab\/#breadcrumb"},"inLanguage":"de","potentialAction":[{"@type":"ReadAction","target":["https:\/\/landioustravel.com\/de\/shop\/berg-sinai-tour-dahab\/"]}]},{"@type":"ImageObject","inLanguage":"de","@id":"https:\/\/landioustravel.com\/de\/shop\/berg-sinai-tour-dahab\/#primaryimage","url":"https:\/\/i0.wp.com\/landioustravel.com\/wp-content\/uploads\/2023\/08\/Mount-Sinai-Tour-from-Dahab-e1691478111727.jpg?fit=1200%2C675&ssl=1","contentUrl":"https:\/\/i0.wp.com\/landioustravel.com\/wp-content\/uploads\/2023\/08\/Mount-Sinai-Tour-from-Dahab-e1691478111727.jpg?fit=1200%2C675&ssl=1","width":1200,"height":675,"caption":"Mount Sinai Tour from Dahab"},{"@type":"BreadcrumbList","@id":"https:\/\/landioustravel.com\/de\/shop\/berg-sinai-tour-dahab\/#breadcrumb","itemListElement":[{"@type":"ListItem","position":1,"name":"Home","item":"https:\/\/landioustravel.com\/de\/"},{"@type":"ListItem","position":2,"name":"\u00c4gypten Touren","item":"https:\/\/landioustravel.com\/de\/"},{"@type":"ListItem","position":3,"name":"Berg-Sinai-Tour ab Dahab"}]},{"@type":"WebSite","@id":"https:\/\/landioustravel.com\/de\/#website","url":"https:\/\/landioustravel.com\/de\/","name":"Landious Travel","description":"Excursions, trips and cruises in Egypt","publisher":{"@id":"https:\/\/landioustravel.com\/de\/#organization"},"potentialAction":[{"@type":"SearchAction","target":{"@type":"EntryPoint","urlTemplate":"https:\/\/landioustravel.com\/de\/?s={search_term_string}"},"query-input":{"@type":"PropertyValueSpecification","valueRequired":true,"valueName":"search_term_string"}}],"inLanguage":"de"},{"@type":["Organization","Place"],"@id":"https:\/\/landioustravel.com\/de\/#organization","name":"Landious Travel","alternateName":"Landious Travel","url":"https:\/\/landioustravel.com\/de\/","logo":{"@id":"https:\/\/landioustravel.com\/de\/shop\/berg-sinai-tour-dahab\/#local-main-organization-logo"},"image":{"@id":"https:\/\/landioustravel.com\/de\/shop\/berg-sinai-tour-dahab\/#local-main-organization-logo"},"sameAs":["https:\/\/web.facebook.com\/landiousEgypt","https:\/\/x.com\/LandiousTours","https:\/\/mastodon.social\/@landious"],"legalName":"Landious Travel","telephone":[],"openingHoursSpecification":[{"@type":"OpeningHoursSpecification","dayOfWeek":["Monday","Tuesday","Wednesday","Thursday","Friday","Saturday","Sunday"],"opens":"09:00","closes":"17:00"}]},{"@type":"ImageObject","inLanguage":"de","@id":"https:\/\/landioustravel.com\/de\/shop\/berg-sinai-tour-dahab\/#local-main-organization-logo","url":"https:\/\/i0.wp.com\/landioustravel.com\/wp-content\/uploads\/2021\/06\/Landious-T.png?fit=500%2C500&ssl=1","contentUrl":"https:\/\/i0.wp.com\/landioustravel.com\/wp-content\/uploads\/2021\/06\/Landious-T.png?fit=500%2C500&ssl=1","width":500,"height":500,"caption":"Landious Travel"}]}},"jetpack_publicize_connections":[],"uagb_featured_image_src":{"full":["https:\/\/i0.wp.com\/landioustravel.com\/wp-content\/uploads\/2023\/08\/Mount-Sinai-Tour-from-Dahab-e1691478111727.jpg?fit=1200%2C675&ssl=1",1200,675,false],"thumbnail":["https:\/\/i0.wp.com\/landioustravel.com\/wp-content\/uploads\/2023\/08\/Mount-Sinai-Tour-from-Dahab-e1691478111727.jpg?resize=150%2C150&ssl=1",150,150,true],"medium":["https:\/\/i0.wp.com\/landioustravel.com\/wp-content\/uploads\/2023\/08\/Mount-Sinai-Tour-from-Dahab-e1691478111727.jpg?fit=300%2C169&ssl=1",300,169,true],"medium_large":["https:\/\/i0.wp.com\/landioustravel.com\/wp-content\/uploads\/2023\/08\/Mount-Sinai-Tour-from-Dahab-e1691478111727.jpg?fit=768%2C432&ssl=1",768,432,true],"large":["https:\/\/i0.wp.com\/landioustravel.com\/wp-content\/uploads\/2023\/08\/Mount-Sinai-Tour-from-Dahab-e1691478111727.jpg?fit=980%2C551&ssl=1",980,551,true],"1536x1536":["https:\/\/i0.wp.com\/landioustravel.com\/wp-content\/uploads\/2023\/08\/Mount-Sinai-Tour-from-Dahab-e1691478111727.jpg?fit=1200%2C675&ssl=1",1200,675,true],"2048x2048":["https:\/\/i0.wp.com\/landioustravel.com\/wp-content\/uploads\/2023\/08\/Mount-Sinai-Tour-from-Dahab-e1691478111727.jpg?fit=1200%2C675&ssl=1",1200,675,true],"newspack-article-block-landscape-large":["https:\/\/i0.wp.com\/landioustravel.com\/wp-content\/uploads\/2023\/08\/Mount-Sinai-Tour-from-Dahab-e1691478111727.jpg?resize=1200%2C675&ssl=1",1200,675,true],"newspack-article-block-portrait-large":["https:\/\/i0.wp.com\/landioustravel.com\/wp-content\/uploads\/2023\/08\/Mount-Sinai-Tour-from-Dahab-e1691478111727.jpg?resize=900%2C675&ssl=1",900,675,true],"newspack-article-block-square-large":["https:\/\/i0.wp.com\/landioustravel.com\/wp-content\/uploads\/2023\/08\/Mount-Sinai-Tour-from-Dahab-e1691478111727.jpg?resize=1200%2C675&ssl=1",1200,675,true],"newspack-article-block-landscape-medium":["https:\/\/i0.wp.com\/landioustravel.com\/wp-content\/uploads\/2023\/08\/Mount-Sinai-Tour-from-Dahab-e1691478111727.jpg?resize=800%2C600&ssl=1",800,600,true],"newspack-article-block-portrait-medium":["https:\/\/i0.wp.com\/landioustravel.com\/wp-content\/uploads\/2023\/08\/Mount-Sinai-Tour-from-Dahab-e1691478111727.jpg?resize=600%2C675&ssl=1",600,675,true],"newspack-article-block-square-medium":["https:\/\/i0.wp.com\/landioustravel.com\/wp-content\/uploads\/2023\/08\/Mount-Sinai-Tour-from-Dahab-e1691478111727.jpg?resize=800%2C675&ssl=1",800,675,true],"newspack-article-block-landscape-intermediate":["https:\/\/i0.wp.com\/landioustravel.com\/wp-content\/uploads\/2023\/08\/Mount-Sinai-Tour-from-Dahab-e1691478111727.jpg?resize=600%2C450&ssl=1",600,450,true],"newspack-article-block-portrait-intermediate":["https:\/\/i0.wp.com\/landioustravel.com\/wp-content\/uploads\/2023\/08\/Mount-Sinai-Tour-from-Dahab-e1691478111727.jpg?resize=450%2C600&ssl=1",450,600,true],"newspack-article-block-square-intermediate":["https:\/\/i0.wp.com\/landioustravel.com\/wp-content\/uploads\/2023\/08\/Mount-Sinai-Tour-from-Dahab-e1691478111727.jpg?resize=600%2C600&ssl=1",600,600,true],"newspack-article-block-landscape-small":["https:\/\/i0.wp.com\/landioustravel.com\/wp-content\/uploads\/2023\/08\/Mount-Sinai-Tour-from-Dahab-e1691478111727.jpg?resize=400%2C300&ssl=1",400,300,true],"newspack-article-block-portrait-small":["https:\/\/i0.wp.com\/landioustravel.com\/wp-content\/uploads\/2023\/08\/Mount-Sinai-Tour-from-Dahab-e1691478111727.jpg?resize=300%2C400&ssl=1",300,400,true],"newspack-article-block-square-small":["https:\/\/i0.wp.com\/landioustravel.com\/wp-content\/uploads\/2023\/08\/Mount-Sinai-Tour-from-Dahab-e1691478111727.jpg?resize=400%2C400&ssl=1",400,400,true],"newspack-article-block-landscape-tiny":["https:\/\/i0.wp.com\/landioustravel.com\/wp-content\/uploads\/2023\/08\/Mount-Sinai-Tour-from-Dahab-e1691478111727.jpg?resize=200%2C150&ssl=1",200,150,true],"newspack-article-block-portrait-tiny":["https:\/\/i0.wp.com\/landioustravel.com\/wp-content\/uploads\/2023\/08\/Mount-Sinai-Tour-from-Dahab-e1691478111727.jpg?resize=150%2C200&ssl=1",150,200,true],"newspack-article-block-square-tiny":["https:\/\/i0.wp.com\/landioustravel.com\/wp-content\/uploads\/2023\/08\/Mount-Sinai-Tour-from-Dahab-e1691478111727.jpg?resize=200%2C200&ssl=1",200,200,true],"newspack-article-block-uncropped":["https:\/\/i0.wp.com\/landioustravel.com\/wp-content\/uploads\/2023\/08\/Mount-Sinai-Tour-from-Dahab-e1691478111727.jpg?fit=1200%2C675&ssl=1",1200,675,true],"woocommerce_thumbnail":["https:\/\/i0.wp.com\/landioustravel.com\/wp-content\/uploads\/2023\/08\/Mount-Sinai-Tour-from-Dahab-e1691478111727.jpg?resize=324%2C324&ssl=1",324,324,true],"woocommerce_single":["https:\/\/i0.wp.com\/landioustravel.com\/wp-content\/uploads\/2023\/08\/Mount-Sinai-Tour-from-Dahab-e1691478111727.jpg?fit=416%2C234&ssl=1",416,234,true],"woocommerce_gallery_thumbnail":["https:\/\/i0.wp.com\/landioustravel.com\/wp-content\/uploads\/2023\/08\/Mount-Sinai-Tour-from-Dahab-e1691478111727.jpg?resize=100%2C100&ssl=1",100,100,true]},"uagb_author_info":{"display_name":"Mofreh Landious","author_link":"https:\/\/landioustravel.com\/de\/author\/"},"uagb_comment_info":0,"uagb_excerpt":"Unsere Welt ist voller einzigartiger Orte und Sehensw\u00fcrdigkeiten, die uns Freude und Erfrischung bringen. Ein Ausflug von spiritueller und historischer Bedeutung ist der \u201eAufstieg zum Berg des Propheten Moses\u201c. W\u00e4hrend dieser Reise erklimmen Sie den Berg und erleben den spektakul\u00e4ren Sonnenaufgang auf seinem Gipfel, bevor Sie ein herzhaftes Fr\u00fchst\u00fcck genie\u00dfen. Anschlie\u00dfend k\u00f6nnen Sie das wundersch\u00f6ne&hellip;","jetpack_sharing_enabled":true,"jetpack_likes_enabled":true,"amp_enabled":true,"_links":{"self":[{"href":"https:\/\/landioustravel.com\/de\/wp-json\/wp\/v2\/product\/151144","targetHints":{"allow":["GET"]}}],"collection":[{"href":"https:\/\/landioustravel.com\/de\/wp-json\/wp\/v2\/product"}],"about":[{"href":"https:\/\/landioustravel.com\/de\/wp-json\/wp\/v2\/types\/product"}],"replies":[{"embeddable":true,"href":"https:\/\/landioustravel.com\/de\/wp-json\/wp\/v2\/comments?post=151144"}],"wp:featuredmedia":[{"embeddable":true,"href":"https:\/\/landioustravel.com\/de\/wp-json\/wp\/v2\/media\/151145"}],"wp:attachment":[{"href":"https:\/\/landioustravel.com\/de\/wp-json\/wp\/v2\/media?parent=151144"}],"wp:term":[{"taxonomy":"product_brand","embeddable":true,"href":"https:\/\/landioustravel.com\/de\/wp-json\/wp\/v2\/product_brand?post=151144"},{"taxonomy":"product_cat","embeddable":true,"href":"https:\/\/landioustravel.com\/de\/wp-json\/wp\/v2\/product_cat?post=151144"},{"taxonomy":"product_tag","embeddable":true,"href":"https:\/\/landioustravel.com\/de\/wp-json\/wp\/v2\/product_tag?post=151144"}],"curies":[{"name":"wp","href":"https:\/\/api.w.org\/{rel}","templated":true}]}}