{"id":152402,"date":"2023-07-31T06:01:16","date_gmt":"2023-07-31T04:01:16","guid":{"rendered":"https:\/\/landioustravel.com\/?post_type=product&#038;p=152402"},"modified":"2025-10-18T02:08:05","modified_gmt":"2025-10-17T23:08:05","slug":"3-taegiges-kairo-tourpaket","status":"publish","type":"product","link":"https:\/\/landioustravel.com\/de\/shop\/3-taegiges-kairo-tourpaket\/","title":{"rendered":"3-t\u00e4giges Kairo-Tourpaket"},"content":{"rendered":"<p>Wenn Sie nur wenig Zeit haben, ist ein 3-t\u00e4giges Kairo-Tourpaket mit pers\u00f6nlichem Reisef\u00fchrer und Fahrer die perfekte M\u00f6glichkeit, die ganze Pracht Kairos zu erleben. Sie sehen einige der ber\u00fchmtesten antiken Sehensw\u00fcrdigkeiten der Welt, erkunden die alten koptischen Kirchen und islamischen Moscheen der Stadt und bestaunen die Pyramiden von Gizeh.<\/p>\n<p>Nehmen Sie sich Zeit f\u00fcr einen Spaziergang durch das beeindruckende \u00c4gyptische Museum, wo Sie sogar echte Mumien von vor Jahrhunderten verstorbenen Pharaonen bewundern k\u00f6nnen. Sp\u00fcren Sie die Geschichte des mittelalterlichen Kairo und verlieren Sie sich in der pulsierenden Energie des Khan Al Khalili Basars, der seit 1392 besteht. All diese Wunder erwarten Sie auf Ihrer unvergesslichen dreit\u00e4gigen Kairo-Tour.<\/p>\n<h2>Tag 1: Willkommen in Kairo<\/h2>\n<p>Nach Ihrer Landung am internationalen Flughafen Kairo zu Ihrer dreit\u00e4gigen Kairo-Tour werden Sie von Ihrem Reiseleiter empfangen und unterst\u00fctzt. Anschlie\u00dfend werden Sie in einem exklusiven, klimatisierten Fahrzeug bequem zu Ihrem 5-Sterne-Hotel in der Stadt gebracht.<\/p>\n<p>Ihr Reiseleiter sorgt f\u00fcr einen reibungslosen Check-in. Er bespricht mit Ihnen Ihren Reiseplan und legt die Abholzeiten f\u00fcr jede Tour fest. Nach dem Check-in genie\u00dfen Sie ein kostenloses und erfrischendes Willkommensgetr\u00e4nk. Der Rest des Tages steht Ihnen zur freien Verf\u00fcgung.<\/p>\n<h2>Tag 2: Pyramiden von Gizeh, Sakkara und Memphis<\/h2>\n<p>Beginnen Sie Ihren Tag mit einem herzhaften Fr\u00fchst\u00fcck in Ihrem Hotel in Kairo. Anschlie\u00dfend treffen Sie Ihren Reiseleiter, der Sie zum Gizeh-Plateau begleitet, wo Sie die Gro\u00dfen Pyramiden besichtigen. Entdecken Sie die Pyramiden von Cheops, Chefren und Mykerinos sowie die ber\u00fchmte Sphinx und den Taltempel gegen\u00fcber der pr\u00e4chtigen Statue.<\/p>\n<p>Sie k\u00f6nnen vor Ort ein zus\u00e4tzliches Ticket erwerben, um das Solarboot vor der Cheops-Pyramide zu besuchen. Das Mittagessen ist in Ihrer Tour inbegriffen. Anschlie\u00dfend fahren Sie nach Sakkara, um den Sakkara-Komplex und die \u00e4lteste Pyramide, die Djoser-Pyramide, zu besichtigen.<\/p>\n<p>Verbringen Sie den Rest des Tages mit der Erkundung des \u00c4gyptischen Museums und der Schatzkammer Tutanchamuns. Anschlie\u00dfend besuchen Sie das koptische Kairo, wo Sie die Ben-Esra-Synagoge und die H\u00e4ngende Kirche besichtigen. Beenden Sie Ihren Tag mit einem Ausflug zum gesch\u00e4ftigen Khan El Khalili Basar, einem Markt, auf dem seit Jahrhunderten Waren verkauft werden.<\/p>\n<p>\u00dcbernachten Sie in Ihrem Hotel in Kairo und genie\u00dfen Sie Fr\u00fchst\u00fcck und Mittagessen w\u00e4hrend Ihrer Tour.<\/p>\n<h2>Tag 3: \u00c4gyptisches Museum \u2013 Endg\u00fcltige Abreise<\/h2>\n<p>Nach dem Fr\u00fchst\u00fcck im Hotel f\u00fchrt Sie Ihr Reiseleiter zum \u00c4gyptischen Museum, wo Sie verschiedene faszinierende Artefakte bewundern k\u00f6nnen. Sie haben au\u00dferdem die M\u00f6glichkeit, das Zimmer der Mumien im Museum zu besichtigen (zus\u00e4tzliche Tickets sind vor Ort erh\u00e4ltlich). W\u00e4hrend der Tour halten wir zum Mittagessen in einem lokalen Restaurant.<\/p>\n<p>Unser n\u00e4chster Halt ist das koptische Kairo, wo Sie die H\u00e4ngende Kirche und die Ben-Esra-Synagoge besichtigen. Unsere Reise geht weiter ins islamische Kairo, wo Sie Khan El Khalili, den alten Basar Kairos, erkunden k\u00f6nnen.<\/p>\n<p>Anschlie\u00dfend bringen wir Sie zum internationalen Flughafen Kairo. Fr\u00fchst\u00fcck und Mittagessen sind am dritten Tag Ihrer dreit\u00e4gigen Kairo-Tour inklusive. Leider ist es Zeit, sich zu verabschieden, aber nicht bevor Sie ein k\u00f6stliches Fr\u00fchst\u00fcck in Ihrem Hotel genie\u00dfen.<\/p>\n<p>Sobald Sie fertig sind, checken wir aus und bringen Sie bequem und stilvoll zum Flughafen. Unser Team unterst\u00fctzt Sie bei Bedarf mit Ihrem Gep\u00e4ck und beim Check-in. Nachdem alles gekl\u00e4rt ist, w\u00fcnschen wir Ihnen alles Gute und verabschieden uns von Ihnen.<\/p>\n<h2>Entdecken<\/h2>\n<ul>\n<li>9-t\u00e4giges Kairo-Assuan-Tourpaket auf dem Landweg<\/li>\n<li>12-t\u00e4giges Kairo-Alexandria-Tourpaket mit Flug<\/li>\n<li>13-t\u00e4giges Kairo-Hurghada-Tourpaket<\/li>\n<li>10-t\u00e4giges Kairo-Hurghada-Tourpaket mit Flug<\/li>\n<li>11-t\u00e4giges Kairo-Hurghada-Tourpaket mit Flug<\/li>\n<\/ul>\n","protected":false},"excerpt":{"rendered":"<p>Suchen Sie ein einzigartiges Abenteuer? Entdecken Sie die Wunder \u00c4gyptens bei einem dreit\u00e4gigen Kurztrip nach Kairo. Erleben Sie die atemberaubenden Sehensw\u00fcrdigkeiten Kairos, entdecken Sie antike \u00e4gyptische St\u00e4tten und bestaunen Sie die beeindruckenden Pyramiden.<\/p>\n<p>Nutzen Sie unser 3-t\u00e4giges Kairo- und Nilkreuzfahrt-Paket. Es beinhaltet Besuche der Pyramiden von Gizeh, des \u00c4gyptischen Museums, der Sphinx, Memphis, Sakkara, der Zitadelle von Dahschur und Alt-Kairo. Buchen Sie Ihr Kairo-Reisepaket jetzt online und begeben Sie sich auf eine aufregende Reise. Wenn Sie einen Zwischenstopp in Kairo planen, verl\u00e4ngern Sie Ihren Aufenthalt und tauchen Sie ein in die Stadt der tausend Minarette.<\/p>\n<p>Verbringen Sie zwei N\u00e4chte in \u00c4gyptens Hauptstadt, erkunden Sie die ber\u00fchmten Pyramiden von Gizeh, entdecken Sie k\u00f6nigliche Mumien und besichtigen Sie das Gro\u00dfe \u00c4gyptische Museum. Unsere dreit\u00e4gigen \u00c4gypten-Kurztrip-Pakete bieten Ihnen den ultimativen Wochenendausflug nach Kairo.<\/p>\n","protected":false},"featured_media":152403,"comment_status":"open","ping_status":"closed","template":"","meta":{"_coblocks_attr":"","_coblocks_dimensions":"","_coblocks_responsive_height":"","_coblocks_accordion_ie_support":"","_uag_custom_page_level_css":"","jetpack_post_was_ever_published":false,"jetpack_publicize_message":"","jetpack_publicize_feature_enabled":true,"jetpack_social_post_already_shared":true,"jetpack_social_options":{"image_generator_settings":{"template":"highway","default_image_id":0,"font":"","enabled":false},"version":2},"_wpas_customize_per_network":false},"product_brand":[],"product_cat":[23600,23599],"product_tag":[1653,9906,1652,1654,1655],"class_list":{"0":"post-152402","1":"product","2":"type-product","3":"status-publish","4":"has-post-thumbnail","6":"product_cat-3-taegige-tourpakete-kairo","7":"product_cat-aegypten-urlaub","8":"product_tag-ausflug","9":"product_tag-besichtigung","10":"product_tag-kairo","11":"product_tag-pyramiden","12":"product_tag-sphinx-de","14":"first","15":"instock","16":"sale","17":"virtual","18":"taxable","19":"purchasable","20":"product-type-simple"},"yoast_head":"<!-- This site is optimized with the Yoast SEO Premium plugin v26.9 (Yoast SEO v27.3) - https:\/\/yoast.com\/product\/yoast-seo-premium-wordpress\/ -->\n<title>3-t\u00e4giges Kairo-Tourpaket<\/title>\n<meta name=\"description\" content=\"3-t\u00e4giges Kairo-Tourpaket Suchen Sie ein einzigartiges Abenteuer? Entdecken Sie die Wunder \u00c4gyptens bei einem dreit\u00e4gigen Kurztrip nach Kairo. Erleben Sie die atemberaubenden Sehensw\u00fcrdigkeiten Kairos, entdecken Sie antike \u00e4gyptische St\u00e4tten und bestaunen Sie die beeindruckenden Pyramiden\" \/>\n<meta name=\"robots\" content=\"index, follow, max-snippet:-1, max-image-preview:large, max-video-preview:-1\" \/>\n<link rel=\"canonical\" href=\"https:\/\/landioustravel.com\/de\/shop\/3-taegiges-kairo-tourpaket\/\" \/>\n<meta property=\"og:locale\" content=\"de_DE\" \/>\n<meta property=\"og:type\" content=\"article\" \/>\n<meta property=\"og:title\" content=\"3-t\u00e4giges Kairo-Tourpaket\" \/>\n<meta property=\"og:description\" content=\"Landious Travel\" \/>\n<meta property=\"og:url\" content=\"https:\/\/landioustravel.com\/de\/shop\/3-taegiges-kairo-tourpaket\/\" \/>\n<meta property=\"og:site_name\" content=\"Landious Travel\" \/>\n<meta property=\"article:publisher\" content=\"https:\/\/web.facebook.com\/landiousEgypt\" \/>\n<meta property=\"article:modified_time\" content=\"2025-10-17T23:08:05+00:00\" \/>\n<meta property=\"og:image\" content=\"https:\/\/landioustravel.com\/wp-content\/uploads\/2023\/07\/3-Day-Cairo-Tour-Package-e1690775723744.jpg\" \/>\n\t<meta property=\"og:image:width\" content=\"1200\" \/>\n\t<meta property=\"og:image:height\" content=\"820\" \/>\n\t<meta property=\"og:image:type\" content=\"image\/jpeg\" \/>\n<meta name=\"twitter:card\" content=\"summary_large_image\" \/>\n<meta name=\"twitter:site\" content=\"@LandiousTours\" \/>\n<meta name=\"twitter:label1\" content=\"Gesch\u00e4tzte Lesezeit\" \/>\n\t<meta name=\"twitter:data1\" content=\"4\u00a0Minuten\" \/>\n<script type=\"application\/ld+json\" class=\"yoast-schema-graph\">{\"@context\":\"https:\\\/\\\/schema.org\",\"@graph\":[{\"@type\":\"WebPage\",\"@id\":\"https:\\\/\\\/landioustravel.com\\\/de\\\/shop\\\/3-taegiges-kairo-tourpaket\\\/\",\"url\":\"https:\\\/\\\/landioustravel.com\\\/de\\\/shop\\\/3-taegiges-kairo-tourpaket\\\/\",\"name\":\"3-t\u00e4giges Kairo-Tourpaket\",\"isPartOf\":{\"@id\":\"https:\\\/\\\/landioustravel.com\\\/de\\\/#website\"},\"primaryImageOfPage\":{\"@id\":\"https:\\\/\\\/landioustravel.com\\\/de\\\/shop\\\/3-taegiges-kairo-tourpaket\\\/#primaryimage\"},\"image\":{\"@id\":\"https:\\\/\\\/landioustravel.com\\\/de\\\/shop\\\/3-taegiges-kairo-tourpaket\\\/#primaryimage\"},\"thumbnailUrl\":\"https:\\\/\\\/i0.wp.com\\\/landioustravel.com\\\/wp-content\\\/uploads\\\/2023\\\/07\\\/3-Day-Cairo-Tour-Package-e1690775723744.jpg?fit=1200%2C820&ssl=1\",\"datePublished\":\"2023-07-31T04:01:16+00:00\",\"dateModified\":\"2025-10-17T23:08:05+00:00\",\"description\":\"3-t\u00e4giges Kairo-Tourpaket Suchen Sie ein einzigartiges Abenteuer? Entdecken Sie die Wunder \u00c4gyptens bei einem dreit\u00e4gigen Kurztrip nach Kairo. Erleben Sie die atemberaubenden Sehensw\u00fcrdigkeiten Kairos, entdecken Sie antike \u00e4gyptische St\u00e4tten und bestaunen Sie die beeindruckenden Pyramiden\",\"breadcrumb\":{\"@id\":\"https:\\\/\\\/landioustravel.com\\\/de\\\/shop\\\/3-taegiges-kairo-tourpaket\\\/#breadcrumb\"},\"inLanguage\":\"de\",\"potentialAction\":[{\"@type\":\"ReadAction\",\"target\":[\"https:\\\/\\\/landioustravel.com\\\/de\\\/shop\\\/3-taegiges-kairo-tourpaket\\\/\"]}]},{\"@type\":\"ImageObject\",\"inLanguage\":\"de\",\"@id\":\"https:\\\/\\\/landioustravel.com\\\/de\\\/shop\\\/3-taegiges-kairo-tourpaket\\\/#primaryimage\",\"url\":\"https:\\\/\\\/i0.wp.com\\\/landioustravel.com\\\/wp-content\\\/uploads\\\/2023\\\/07\\\/3-Day-Cairo-Tour-Package-e1690775723744.jpg?fit=1200%2C820&ssl=1\",\"contentUrl\":\"https:\\\/\\\/i0.wp.com\\\/landioustravel.com\\\/wp-content\\\/uploads\\\/2023\\\/07\\\/3-Day-Cairo-Tour-Package-e1690775723744.jpg?fit=1200%2C820&ssl=1\",\"width\":1200,\"height\":820,\"caption\":\"3 Day Cairo Tour Package\"},{\"@type\":\"BreadcrumbList\",\"@id\":\"https:\\\/\\\/landioustravel.com\\\/de\\\/shop\\\/3-taegiges-kairo-tourpaket\\\/#breadcrumb\",\"itemListElement\":[{\"@type\":\"ListItem\",\"position\":1,\"name\":\"Home\",\"item\":\"https:\\\/\\\/landioustravel.com\\\/de\\\/\"},{\"@type\":\"ListItem\",\"position\":2,\"name\":\"\u00c4gypten Touren\",\"item\":\"https:\\\/\\\/landioustravel.com\\\/de\\\/\"},{\"@type\":\"ListItem\",\"position\":3,\"name\":\"3-t\u00e4giges Kairo-Tourpaket\"}]},{\"@type\":\"WebSite\",\"@id\":\"https:\\\/\\\/landioustravel.com\\\/de\\\/#website\",\"url\":\"https:\\\/\\\/landioustravel.com\\\/de\\\/\",\"name\":\"Landious Travel\",\"description\":\"Excursions, trips and cruises in Egypt\",\"publisher\":{\"@id\":\"https:\\\/\\\/landioustravel.com\\\/de\\\/#organization\"},\"potentialAction\":[{\"@type\":\"SearchAction\",\"target\":{\"@type\":\"EntryPoint\",\"urlTemplate\":\"https:\\\/\\\/landioustravel.com\\\/de\\\/?s={search_term_string}\"},\"query-input\":{\"@type\":\"PropertyValueSpecification\",\"valueRequired\":true,\"valueName\":\"search_term_string\"}}],\"inLanguage\":\"de\"},{\"@type\":[\"Organization\",\"Place\"],\"@id\":\"https:\\\/\\\/landioustravel.com\\\/de\\\/#organization\",\"name\":\"Landious Travel\",\"alternateName\":\"Landious Travel\",\"url\":\"https:\\\/\\\/landioustravel.com\\\/de\\\/\",\"logo\":{\"@id\":\"https:\\\/\\\/landioustravel.com\\\/de\\\/shop\\\/3-taegiges-kairo-tourpaket\\\/#local-main-organization-logo\"},\"image\":{\"@id\":\"https:\\\/\\\/landioustravel.com\\\/de\\\/shop\\\/3-taegiges-kairo-tourpaket\\\/#local-main-organization-logo\"},\"sameAs\":[\"https:\\\/\\\/web.facebook.com\\\/landiousEgypt\",\"https:\\\/\\\/x.com\\\/LandiousTours\",\"https:\\\/\\\/mastodon.social\\\/@landious\"],\"legalName\":\"Landious Travel\",\"telephone\":[],\"openingHoursSpecification\":[{\"@type\":\"OpeningHoursSpecification\",\"dayOfWeek\":[\"Monday\",\"Tuesday\",\"Wednesday\",\"Thursday\",\"Friday\",\"Saturday\",\"Sunday\"],\"opens\":\"09:00\",\"closes\":\"17:00\"}]},{\"@type\":\"ImageObject\",\"inLanguage\":\"de\",\"@id\":\"https:\\\/\\\/landioustravel.com\\\/de\\\/shop\\\/3-taegiges-kairo-tourpaket\\\/#local-main-organization-logo\",\"url\":\"https:\\\/\\\/i0.wp.com\\\/landioustravel.com\\\/wp-content\\\/uploads\\\/2021\\\/06\\\/Landious-T.png?fit=500%2C500&ssl=1\",\"contentUrl\":\"https:\\\/\\\/i0.wp.com\\\/landioustravel.com\\\/wp-content\\\/uploads\\\/2021\\\/06\\\/Landious-T.png?fit=500%2C500&ssl=1\",\"width\":500,\"height\":500,\"caption\":\"Landious Travel\"}]}<\/script>\n<!-- \/ Yoast SEO Premium plugin. -->","yoast_head_json":{"title":"3-t\u00e4giges Kairo-Tourpaket","description":"3-t\u00e4giges Kairo-Tourpaket Suchen Sie ein einzigartiges Abenteuer? Entdecken Sie die Wunder \u00c4gyptens bei einem dreit\u00e4gigen Kurztrip nach Kairo. Erleben Sie die atemberaubenden Sehensw\u00fcrdigkeiten Kairos, entdecken Sie antike \u00e4gyptische St\u00e4tten und bestaunen Sie die beeindruckenden Pyramiden","robots":{"index":"index","follow":"follow","max-snippet":"max-snippet:-1","max-image-preview":"max-image-preview:large","max-video-preview":"max-video-preview:-1"},"canonical":"https:\/\/landioustravel.com\/de\/shop\/3-taegiges-kairo-tourpaket\/","og_locale":"de_DE","og_type":"article","og_title":"3-t\u00e4giges Kairo-Tourpaket","og_description":"Landious Travel","og_url":"https:\/\/landioustravel.com\/de\/shop\/3-taegiges-kairo-tourpaket\/","og_site_name":"Landious Travel","article_publisher":"https:\/\/web.facebook.com\/landiousEgypt","article_modified_time":"2025-10-17T23:08:05+00:00","og_image":[{"width":1200,"height":820,"url":"https:\/\/landioustravel.com\/wp-content\/uploads\/2023\/07\/3-Day-Cairo-Tour-Package-e1690775723744.jpg","type":"image\/jpeg"}],"twitter_card":"summary_large_image","twitter_site":"@LandiousTours","twitter_misc":{"Gesch\u00e4tzte Lesezeit":"4\u00a0Minuten"},"schema":{"@context":"https:\/\/schema.org","@graph":[{"@type":"WebPage","@id":"https:\/\/landioustravel.com\/de\/shop\/3-taegiges-kairo-tourpaket\/","url":"https:\/\/landioustravel.com\/de\/shop\/3-taegiges-kairo-tourpaket\/","name":"3-t\u00e4giges Kairo-Tourpaket","isPartOf":{"@id":"https:\/\/landioustravel.com\/de\/#website"},"primaryImageOfPage":{"@id":"https:\/\/landioustravel.com\/de\/shop\/3-taegiges-kairo-tourpaket\/#primaryimage"},"image":{"@id":"https:\/\/landioustravel.com\/de\/shop\/3-taegiges-kairo-tourpaket\/#primaryimage"},"thumbnailUrl":"https:\/\/i0.wp.com\/landioustravel.com\/wp-content\/uploads\/2023\/07\/3-Day-Cairo-Tour-Package-e1690775723744.jpg?fit=1200%2C820&ssl=1","datePublished":"2023-07-31T04:01:16+00:00","dateModified":"2025-10-17T23:08:05+00:00","description":"3-t\u00e4giges Kairo-Tourpaket Suchen Sie ein einzigartiges Abenteuer? Entdecken Sie die Wunder \u00c4gyptens bei einem dreit\u00e4gigen Kurztrip nach Kairo. Erleben Sie die atemberaubenden Sehensw\u00fcrdigkeiten Kairos, entdecken Sie antike \u00e4gyptische St\u00e4tten und bestaunen Sie die beeindruckenden Pyramiden","breadcrumb":{"@id":"https:\/\/landioustravel.com\/de\/shop\/3-taegiges-kairo-tourpaket\/#breadcrumb"},"inLanguage":"de","potentialAction":[{"@type":"ReadAction","target":["https:\/\/landioustravel.com\/de\/shop\/3-taegiges-kairo-tourpaket\/"]}]},{"@type":"ImageObject","inLanguage":"de","@id":"https:\/\/landioustravel.com\/de\/shop\/3-taegiges-kairo-tourpaket\/#primaryimage","url":"https:\/\/i0.wp.com\/landioustravel.com\/wp-content\/uploads\/2023\/07\/3-Day-Cairo-Tour-Package-e1690775723744.jpg?fit=1200%2C820&ssl=1","contentUrl":"https:\/\/i0.wp.com\/landioustravel.com\/wp-content\/uploads\/2023\/07\/3-Day-Cairo-Tour-Package-e1690775723744.jpg?fit=1200%2C820&ssl=1","width":1200,"height":820,"caption":"3 Day Cairo Tour Package"},{"@type":"BreadcrumbList","@id":"https:\/\/landioustravel.com\/de\/shop\/3-taegiges-kairo-tourpaket\/#breadcrumb","itemListElement":[{"@type":"ListItem","position":1,"name":"Home","item":"https:\/\/landioustravel.com\/de\/"},{"@type":"ListItem","position":2,"name":"\u00c4gypten Touren","item":"https:\/\/landioustravel.com\/de\/"},{"@type":"ListItem","position":3,"name":"3-t\u00e4giges Kairo-Tourpaket"}]},{"@type":"WebSite","@id":"https:\/\/landioustravel.com\/de\/#website","url":"https:\/\/landioustravel.com\/de\/","name":"Landious Travel","description":"Excursions, trips and cruises in Egypt","publisher":{"@id":"https:\/\/landioustravel.com\/de\/#organization"},"potentialAction":[{"@type":"SearchAction","target":{"@type":"EntryPoint","urlTemplate":"https:\/\/landioustravel.com\/de\/?s={search_term_string}"},"query-input":{"@type":"PropertyValueSpecification","valueRequired":true,"valueName":"search_term_string"}}],"inLanguage":"de"},{"@type":["Organization","Place"],"@id":"https:\/\/landioustravel.com\/de\/#organization","name":"Landious Travel","alternateName":"Landious Travel","url":"https:\/\/landioustravel.com\/de\/","logo":{"@id":"https:\/\/landioustravel.com\/de\/shop\/3-taegiges-kairo-tourpaket\/#local-main-organization-logo"},"image":{"@id":"https:\/\/landioustravel.com\/de\/shop\/3-taegiges-kairo-tourpaket\/#local-main-organization-logo"},"sameAs":["https:\/\/web.facebook.com\/landiousEgypt","https:\/\/x.com\/LandiousTours","https:\/\/mastodon.social\/@landious"],"legalName":"Landious Travel","telephone":[],"openingHoursSpecification":[{"@type":"OpeningHoursSpecification","dayOfWeek":["Monday","Tuesday","Wednesday","Thursday","Friday","Saturday","Sunday"],"opens":"09:00","closes":"17:00"}]},{"@type":"ImageObject","inLanguage":"de","@id":"https:\/\/landioustravel.com\/de\/shop\/3-taegiges-kairo-tourpaket\/#local-main-organization-logo","url":"https:\/\/i0.wp.com\/landioustravel.com\/wp-content\/uploads\/2021\/06\/Landious-T.png?fit=500%2C500&ssl=1","contentUrl":"https:\/\/i0.wp.com\/landioustravel.com\/wp-content\/uploads\/2021\/06\/Landious-T.png?fit=500%2C500&ssl=1","width":500,"height":500,"caption":"Landious Travel"}]}},"jetpack_publicize_connections":[],"uagb_featured_image_src":{"full":["https:\/\/i0.wp.com\/landioustravel.com\/wp-content\/uploads\/2023\/07\/3-Day-Cairo-Tour-Package-e1690775723744.jpg?fit=1200%2C820&ssl=1",1200,820,false],"thumbnail":["https:\/\/i0.wp.com\/landioustravel.com\/wp-content\/uploads\/2023\/07\/3-Day-Cairo-Tour-Package-e1690775723744.jpg?resize=150%2C150&ssl=1",150,150,true],"medium":["https:\/\/i0.wp.com\/landioustravel.com\/wp-content\/uploads\/2023\/07\/3-Day-Cairo-Tour-Package-e1690775723744.jpg?fit=300%2C205&ssl=1",300,205,true],"medium_large":["https:\/\/i0.wp.com\/landioustravel.com\/wp-content\/uploads\/2023\/07\/3-Day-Cairo-Tour-Package-e1690775723744.jpg?fit=768%2C525&ssl=1",768,525,true],"large":["https:\/\/i0.wp.com\/landioustravel.com\/wp-content\/uploads\/2023\/07\/3-Day-Cairo-Tour-Package-e1690775723744.jpg?fit=980%2C670&ssl=1",980,670,true],"1536x1536":["https:\/\/i0.wp.com\/landioustravel.com\/wp-content\/uploads\/2023\/07\/3-Day-Cairo-Tour-Package-e1690775723744.jpg?fit=1200%2C820&ssl=1",1200,820,true],"2048x2048":["https:\/\/i0.wp.com\/landioustravel.com\/wp-content\/uploads\/2023\/07\/3-Day-Cairo-Tour-Package-e1690775723744.jpg?fit=1200%2C820&ssl=1",1200,820,true],"newspack-article-block-landscape-large":["https:\/\/i0.wp.com\/landioustravel.com\/wp-content\/uploads\/2023\/07\/3-Day-Cairo-Tour-Package-e1690775723744.jpg?resize=1200%2C820&ssl=1",1200,820,true],"newspack-article-block-portrait-large":["https:\/\/i0.wp.com\/landioustravel.com\/wp-content\/uploads\/2023\/07\/3-Day-Cairo-Tour-Package-e1690775723744.jpg?resize=900%2C820&ssl=1",900,820,true],"newspack-article-block-square-large":["https:\/\/i0.wp.com\/landioustravel.com\/wp-content\/uploads\/2023\/07\/3-Day-Cairo-Tour-Package-e1690775723744.jpg?resize=1200%2C820&ssl=1",1200,820,true],"newspack-article-block-landscape-medium":["https:\/\/i0.wp.com\/landioustravel.com\/wp-content\/uploads\/2023\/07\/3-Day-Cairo-Tour-Package-e1690775723744.jpg?resize=800%2C600&ssl=1",800,600,true],"newspack-article-block-portrait-medium":["https:\/\/i0.wp.com\/landioustravel.com\/wp-content\/uploads\/2023\/07\/3-Day-Cairo-Tour-Package-e1690775723744.jpg?resize=600%2C800&ssl=1",600,800,true],"newspack-article-block-square-medium":["https:\/\/i0.wp.com\/landioustravel.com\/wp-content\/uploads\/2023\/07\/3-Day-Cairo-Tour-Package-e1690775723744.jpg?resize=800%2C800&ssl=1",800,800,true],"newspack-article-block-landscape-intermediate":["https:\/\/i0.wp.com\/landioustravel.com\/wp-content\/uploads\/2023\/07\/3-Day-Cairo-Tour-Package-e1690775723744.jpg?resize=600%2C450&ssl=1",600,450,true],"newspack-article-block-portrait-intermediate":["https:\/\/i0.wp.com\/landioustravel.com\/wp-content\/uploads\/2023\/07\/3-Day-Cairo-Tour-Package-e1690775723744.jpg?resize=450%2C600&ssl=1",450,600,true],"newspack-article-block-square-intermediate":["https:\/\/i0.wp.com\/landioustravel.com\/wp-content\/uploads\/2023\/07\/3-Day-Cairo-Tour-Package-e1690775723744.jpg?resize=600%2C600&ssl=1",600,600,true],"newspack-article-block-landscape-small":["https:\/\/i0.wp.com\/landioustravel.com\/wp-content\/uploads\/2023\/07\/3-Day-Cairo-Tour-Package-e1690775723744.jpg?resize=400%2C300&ssl=1",400,300,true],"newspack-article-block-portrait-small":["https:\/\/i0.wp.com\/landioustravel.com\/wp-content\/uploads\/2023\/07\/3-Day-Cairo-Tour-Package-e1690775723744.jpg?resize=300%2C400&ssl=1",300,400,true],"newspack-article-block-square-small":["https:\/\/i0.wp.com\/landioustravel.com\/wp-content\/uploads\/2023\/07\/3-Day-Cairo-Tour-Package-e1690775723744.jpg?resize=400%2C400&ssl=1",400,400,true],"newspack-article-block-landscape-tiny":["https:\/\/i0.wp.com\/landioustravel.com\/wp-content\/uploads\/2023\/07\/3-Day-Cairo-Tour-Package-e1690775723744.jpg?resize=200%2C150&ssl=1",200,150,true],"newspack-article-block-portrait-tiny":["https:\/\/i0.wp.com\/landioustravel.com\/wp-content\/uploads\/2023\/07\/3-Day-Cairo-Tour-Package-e1690775723744.jpg?resize=150%2C200&ssl=1",150,200,true],"newspack-article-block-square-tiny":["https:\/\/i0.wp.com\/landioustravel.com\/wp-content\/uploads\/2023\/07\/3-Day-Cairo-Tour-Package-e1690775723744.jpg?resize=200%2C200&ssl=1",200,200,true],"newspack-article-block-uncropped":["https:\/\/i0.wp.com\/landioustravel.com\/wp-content\/uploads\/2023\/07\/3-Day-Cairo-Tour-Package-e1690775723744.jpg?fit=1200%2C820&ssl=1",1200,820,true],"woocommerce_thumbnail":["https:\/\/i0.wp.com\/landioustravel.com\/wp-content\/uploads\/2023\/07\/3-Day-Cairo-Tour-Package-e1690775723744.jpg?resize=324%2C324&ssl=1",324,324,true],"woocommerce_single":["https:\/\/i0.wp.com\/landioustravel.com\/wp-content\/uploads\/2023\/07\/3-Day-Cairo-Tour-Package-e1690775723744.jpg?fit=416%2C284&ssl=1",416,284,true],"woocommerce_gallery_thumbnail":["https:\/\/i0.wp.com\/landioustravel.com\/wp-content\/uploads\/2023\/07\/3-Day-Cairo-Tour-Package-e1690775723744.jpg?resize=100%2C100&ssl=1",100,100,true]},"uagb_author_info":{"display_name":"Mofreh Landious","author_link":"https:\/\/landioustravel.com\/de\/author\/"},"uagb_comment_info":0,"uagb_excerpt":"Suchen Sie ein einzigartiges Abenteuer? Entdecken Sie die Wunder \u00c4gyptens bei einem dreit\u00e4gigen Kurztrip nach Kairo. Erleben Sie die atemberaubenden Sehensw\u00fcrdigkeiten Kairos, entdecken Sie antike \u00e4gyptische St\u00e4tten und bestaunen Sie die beeindruckenden Pyramiden. Nutzen Sie unser 3-t\u00e4giges Kairo- und Nilkreuzfahrt-Paket. Es beinhaltet Besuche der Pyramiden von Gizeh, des \u00c4gyptischen Museums, der Sphinx, Memphis, Sakkara, der&hellip;","jetpack_sharing_enabled":true,"jetpack_likes_enabled":true,"amp_enabled":true,"_links":{"self":[{"href":"https:\/\/landioustravel.com\/de\/wp-json\/wp\/v2\/product\/152402","targetHints":{"allow":["GET"]}}],"collection":[{"href":"https:\/\/landioustravel.com\/de\/wp-json\/wp\/v2\/product"}],"about":[{"href":"https:\/\/landioustravel.com\/de\/wp-json\/wp\/v2\/types\/product"}],"replies":[{"embeddable":true,"href":"https:\/\/landioustravel.com\/de\/wp-json\/wp\/v2\/comments?post=152402"}],"wp:featuredmedia":[{"embeddable":true,"href":"https:\/\/landioustravel.com\/de\/wp-json\/wp\/v2\/media\/152403"}],"wp:attachment":[{"href":"https:\/\/landioustravel.com\/de\/wp-json\/wp\/v2\/media?parent=152402"}],"wp:term":[{"taxonomy":"product_brand","embeddable":true,"href":"https:\/\/landioustravel.com\/de\/wp-json\/wp\/v2\/product_brand?post=152402"},{"taxonomy":"product_cat","embeddable":true,"href":"https:\/\/landioustravel.com\/de\/wp-json\/wp\/v2\/product_cat?post=152402"},{"taxonomy":"product_tag","embeddable":true,"href":"https:\/\/landioustravel.com\/de\/wp-json\/wp\/v2\/product_tag?post=152402"}],"curies":[{"name":"wp","href":"https:\/\/api.w.org\/{rel}","templated":true}]}}