{"id":1856,"date":"2019-02-05T22:01:03","date_gmt":"2019-02-04T20:50:47","guid":{"rendered":"https:\/\/landioustravel.com\/?post_type=product&#038;p=1856"},"modified":"2024-03-27T04:44:43","modified_gmt":"2024-03-27T02:44:43","slug":"meer-ausritt-pferd-hurghada","status":"publish","type":"product","link":"https:\/\/landioustravel.com\/de\/shop\/meer-ausritt-pferd-hurghada\/","title":{"rendered":"Reitausflug im Meer Hurghada"},"content":{"rendered":"<p>Es ist eine erstaunliche Erfahrung f\u00fcr Reiten auf offener See in <a href=\"https:\/\/landioustravel.com\/de\/hurghada-stadt\/\">Hurghada<\/a>, <a href=\"https:\/\/landioustravel.com\/de\/agypten\/\">\u00c4gypten<\/a>! Wir empfehlen die Reise, da Touristen eine sch\u00f6ne Zeit mit einem Ausritt in Hurghada verbringen k\u00f6nnen! Dieses Reiten wird so professionell sein, wie es mit einem ruhigen Gehen beginnt, und dann; es l\u00e4sst uns mit diesen sch\u00f6nen Kreaturen ins Meer baden. Dar\u00fcber hinaus k\u00f6nnen Sie versuchen, mehr zu traben, um aufgeregter zu werden. Die Reise ist wirklich eine tolle Erfahrung! Dies ist eine der Dienstleistungen, die wir Ihnen in Hurghada, Gouvernement Rotes Meer, anbieten. ONLINE-BUCHUNG REITAUSFLUG IM MEER HURGHADA UND BESTER PREIS!<\/p>\n<h2>H\u00f6hepunkte des Reitausflugs in Hurghada<\/h2>\n<ul>\n<li>Lernprogramm.<\/li>\n<li>Ruhiges Reiten bei einem Spaziergang.<\/li>\n<li>Baden mit Pferden im offenen Meer.<\/li>\n<li>Auch Trabrennen.<\/li>\n<\/ul>\n<h3>Programm der Ausritt zu Pferd im Meer<\/h3>\n<ul>\n<li>Der Vertreter von <a href=\"https:\/\/landioustravel.com\/de\/kontakte\/\">Landious Travel<\/a> holt Sie gegen 15:00 Uhr vom Hotel in Hurghada ab.<\/li>\n<li>Nachdem alle Ank\u00f6mmlinge abgeholt wurden, f\u00e4hrt der Bus zum Pferdestall. Der Weg zu diesem Pferdestall dauert ca. 20 Minuten.<\/li>\n<li>Sie finden Ihre Pferde im Stall. Sie sind sehr freundlich! Sobald Sie in den Stall gehen, haben Sie f\u00fcr kurze Zeit ein Tutorial.<\/li>\n<li>Nach diesem Tutorial m\u00fcssen Sie sich auf ein Reiten vorbereiten. Dann gehen Sie langsam auf Pferden, um sich mit der ganzen Sache vertraut zu machen. Ein spezieller Leitfaden wird Ihnen zur Verf\u00fcgung gestellt.<\/li>\n<li>Als n\u00e4chstes k\u00f6nnen Sie Ihr echtes Abenteuer beginnen und auf Pferden schwimmen.<\/li>\n<li>Die Reise geht weiter, damit Sie auch Trab genie\u00dfen k\u00f6nnen.<\/li>\n<li>Schlie\u00dflich begleiten wir Sie zur\u00fcck zu Ihren Hotels.<\/li>\n<li>Dieser Reitausflug in <a href=\"https:\/\/www.google.de\/maps\/place\/Hurghada,+Al-Bahr+al-ahmar\/@27.1928369,33.5015083,10z\/data=!3m1!4b1!4m5!3m4!1s0x145287b2cd3dbbb3:0x2db807f98bd3c360!8m2!3d27.2578957!4d33.8116067\" target=\"_blank\" rel=\"noopener\">Hurghada<\/a> endet gegen 19:00 Uhr.<\/li>\n<\/ul>\n<h4>Was beinhaltet der Preis f\u00fcr Reitausflug Hurghada?<\/h4>\n<ul>\n<li>Lernprogramm.<\/li>\n<li>F\u00fchrung beim Reiten.<\/li>\n<li>Transfer zum Hafen und zur\u00fcck zum Hotel.<\/li>\n<\/ul>\n<h5>Was beinhaltet das Reitausflug Hurghada Programm nicht?<\/h5>\n<ul>\n<li>Video DVD.<\/li>\n<li>Auch die Foto-CD.<\/li>\n<\/ul>\n<h6>Was k\u00f6nnen Sie auf dem Reitausflug mitnehmen?<\/h6>\n<ul>\n<li>Handtuch.<\/li>\n<li>Auch Sonnenschutz.<\/li>\n<\/ul>\n<h6>Reitausflug im meer Hurghada Buchungstage<\/h6>\n<ul>\n<li>T\u00e4glich von 15:00 bis 19:00 Uhr.<\/li>\n<\/ul>\n","protected":false},"excerpt":{"rendered":"<p>F\u00fcr Pferdeliebhaber ist dies ein unglaubliches Abenteuer, das Sie sich nicht entgehen lassen sollten! In Hurghada k\u00f6nnen Sie einen zweist\u00fcndigen Reitausflug auf dem Meer unternehmen. Sie haben die M\u00f6glichkeit, auf offener See zu reiten, einen ruhigen Spaziergang zu Pferd zu unternehmen und sich sogar im Trab zu versuchen. Der Aufenthalt im Wasser mit diesen sanften Gesch\u00f6pfen wird unvergessliche Momente schaffen und viele warme Gef\u00fchle hervorrufen. Die Kosten f\u00fcr den Ausflug beinhalten Transport und Tutorials, sodass Sie w\u00e4hrend des gesamten Erlebnisses gut betreut werden.<\/p>\n<p>Schwimmen mit Pferden ist eine hervorragende M\u00f6glichkeit, sich von der Hektik des Alltags zu erholen und einen aufregenden Ausritt zu genie\u00dfen. Unsere ruhigen und sch\u00f6nen Pferde f\u00fchren Sie durch die W\u00fcste, den M\u00e4rchenwald und ans Meer, wo Sie unvergessliche Momente erleben werden. W\u00e4hrend der Fahrt sp\u00fcren Sie die erfrischende Meeresbrise auf Ihrem Gesicht und genie\u00dfen die atemberaubende Landschaft rund um Hurghada. Reiten ist nicht nur eine unterhaltsame und unterhaltsame Aktivit\u00e4t, sondern kann auch bei verschiedenen Gesundheitsproblemen helfen und Sie fit halten.<\/p>\n<p>Wir holen Sie von Ihrem Hotel ab und bringen Sie zum Stall, wo Sie eine kurze Einf\u00fchrung erhalten. Dann k\u00f6nnen Sie Ihr Abenteuer beginnen und auf den Pferden im Meer reiten. Unsere Pferde sind f\u00fcr alle Niveaus geeignet, vom Anf\u00e4nger bis zum Profireiter, und wir haben auch Pferde f\u00fcr Kinder.<\/p>\n<p>Wir k\u00f6nnen dieses Erlebnis auf dem Meerespferd in Hurghada, \u00c4gypten, w\u00e4rmstens empfehlen, da es eine perfekte M\u00f6glichkeit ist, den Ausritt zu genie\u00dfen, Spa\u00df zu haben und bleibende Erinnerungen zu schaffen. Sie beginnen mit einem ruhigen Spaziergang und haben dann die M\u00f6glichkeit, mit diesen freundlichen Kreaturen zu schwimmen. Vergessen Sie nicht, einige unglaubliche Fotos zu machen, um diesen Moment f\u00fcr immer in Erinnerung zu behalten. F\u00fcr ein aufregenderes Erlebnis k\u00f6nnen Sie auch den Trab versuchen. Wir wissen, wie viel Pferde den Menschen bedeuten k\u00f6nnen, und sorgen daf\u00fcr, dass Sie ein sicheres und unvergessliches Erlebnis haben.<\/p>\n","protected":false},"featured_media":1843,"comment_status":"open","ping_status":"closed","template":"","meta":{"_coblocks_attr":"","_coblocks_dimensions":"","_coblocks_responsive_height":"","_coblocks_accordion_ie_support":"","_uag_custom_page_level_css":"","jetpack_publicize_message":"","jetpack_publicize_feature_enabled":true,"jetpack_social_post_already_shared":true,"jetpack_social_options":{"image_generator_settings":{"template":"highway","default_image_id":0,"font":"","enabled":false},"version":2},"_wpas_customize_per_network":false},"product_brand":[],"product_cat":[22096,1597,22097,1599],"product_tag":[1653,1774,1777,1934],"class_list":{"0":"post-1856","1":"product","2":"type-product","3":"status-publish","4":"has-post-thumbnail","6":"product_cat-budgetfreundliche-hurghada-ausfluege","7":"product_cat-ausfluge-hurghada","8":"product_cat-hurghada-familienausfluege","9":"product_cat-unterhaltungsausfluge-hurghada","10":"product_tag-ausflug","11":"product_tag-hurghada-de","12":"product_tag-meer","13":"product_tag-pferd","14":"pa_age-erwachsene","15":"pa_age-kind","17":"first","18":"instock","19":"sale","20":"taxable","21":"shipping-taxable","22":"purchasable","23":"product-type-variable"},"yoast_head":"<!-- This site is optimized with the Yoast SEO Premium plugin v27.5 (Yoast SEO v27.5) - https:\/\/yoast.com\/product\/yoast-seo-premium-wordpress\/ -->\n<title>Reitausflug im Meer Hurghada - Buchen - Landious Travel<\/title>\n<meta name=\"description\" content=\"Reitausflug im Meer Hurghada W\u00e4hrend des Ausfluges &quot;Ausritt zu Pferd in Hurghada\u201c k\u00f6nnen Sie zwei Stunden lang auf offenem Meer reiten\" \/>\n<meta name=\"robots\" content=\"index, follow, max-snippet:-1, max-image-preview:large, max-video-preview:-1\" \/>\n<link rel=\"canonical\" href=\"https:\/\/landioustravel.com\/de\/shop\/meer-ausritt-pferd-hurghada\/\" \/>\n<meta property=\"og:locale\" content=\"de_DE\" \/>\n<meta property=\"og:type\" content=\"article\" \/>\n<meta property=\"og:title\" content=\"Reitausflug im Meer Hurghada\" \/>\n<meta property=\"og:description\" content=\"Landious Travel\" \/>\n<meta property=\"og:url\" content=\"https:\/\/landioustravel.com\/de\/shop\/meer-ausritt-pferd-hurghada\/\" \/>\n<meta property=\"og:site_name\" content=\"Landious Travel\" \/>\n<meta property=\"article:publisher\" content=\"https:\/\/web.facebook.com\/landiousEgypt\" \/>\n<meta property=\"article:modified_time\" content=\"2024-03-27T02:44:43+00:00\" \/>\n<meta property=\"og:image\" content=\"https:\/\/i0.wp.com\/landioustravel.com\/wp-content\/uploads\/2019\/02\/horseback_riding_in_hurghada.jpg?fit=823%2C463&ssl=1\" \/>\n\t<meta property=\"og:image:width\" content=\"823\" \/>\n\t<meta property=\"og:image:height\" content=\"463\" \/>\n\t<meta property=\"og:image:type\" content=\"image\/jpeg\" \/>\n<meta name=\"twitter:card\" content=\"summary_large_image\" \/>\n<meta name=\"twitter:site\" content=\"@LandiousTours\" \/>\n<meta name=\"twitter:label1\" content=\"Gesch\u00e4tzte Lesezeit\" \/>\n\t<meta name=\"twitter:data1\" content=\"2\u00a0Minuten\" \/>\n<script type=\"application\/ld+json\" class=\"yoast-schema-graph\">{\"@context\":\"https:\\\/\\\/schema.org\",\"@graph\":[{\"@type\":\"WebPage\",\"@id\":\"https:\\\/\\\/landioustravel.com\\\/de\\\/shop\\\/meer-ausritt-pferd-hurghada\\\/\",\"url\":\"https:\\\/\\\/landioustravel.com\\\/de\\\/shop\\\/meer-ausritt-pferd-hurghada\\\/\",\"name\":\"Reitausflug im Meer Hurghada - Buchen - Landious Travel\",\"isPartOf\":{\"@id\":\"https:\\\/\\\/landioustravel.com\\\/de\\\/#website\"},\"primaryImageOfPage\":{\"@id\":\"https:\\\/\\\/landioustravel.com\\\/de\\\/shop\\\/meer-ausritt-pferd-hurghada\\\/#primaryimage\"},\"image\":{\"@id\":\"https:\\\/\\\/landioustravel.com\\\/de\\\/shop\\\/meer-ausritt-pferd-hurghada\\\/#primaryimage\"},\"thumbnailUrl\":\"https:\\\/\\\/i0.wp.com\\\/landioustravel.com\\\/wp-content\\\/uploads\\\/2019\\\/02\\\/horseback_riding_in_hurghada.jpg?fit=823%2C463&ssl=1\",\"datePublished\":\"2019-02-04T20:50:47+00:00\",\"dateModified\":\"2024-03-27T02:44:43+00:00\",\"description\":\"Reitausflug im Meer Hurghada W\u00e4hrend des Ausfluges \\\"Ausritt zu Pferd in Hurghada\u201c k\u00f6nnen Sie zwei Stunden lang auf offenem Meer reiten\",\"breadcrumb\":{\"@id\":\"https:\\\/\\\/landioustravel.com\\\/de\\\/shop\\\/meer-ausritt-pferd-hurghada\\\/#breadcrumb\"},\"inLanguage\":\"de\",\"potentialAction\":[{\"@type\":\"ReadAction\",\"target\":[\"https:\\\/\\\/landioustravel.com\\\/de\\\/shop\\\/meer-ausritt-pferd-hurghada\\\/\"]}]},{\"@type\":\"ImageObject\",\"inLanguage\":\"de\",\"@id\":\"https:\\\/\\\/landioustravel.com\\\/de\\\/shop\\\/meer-ausritt-pferd-hurghada\\\/#primaryimage\",\"url\":\"https:\\\/\\\/i0.wp.com\\\/landioustravel.com\\\/wp-content\\\/uploads\\\/2019\\\/02\\\/horseback_riding_in_hurghada.jpg?fit=823%2C463&ssl=1\",\"contentUrl\":\"https:\\\/\\\/i0.wp.com\\\/landioustravel.com\\\/wp-content\\\/uploads\\\/2019\\\/02\\\/horseback_riding_in_hurghada.jpg?fit=823%2C463&ssl=1\",\"width\":823,\"height\":463,\"caption\":\"Ausritt zu Pferd in Hurghada\"},{\"@type\":\"BreadcrumbList\",\"@id\":\"https:\\\/\\\/landioustravel.com\\\/de\\\/shop\\\/meer-ausritt-pferd-hurghada\\\/#breadcrumb\",\"itemListElement\":[{\"@type\":\"ListItem\",\"position\":1,\"name\":\"Home\",\"item\":\"https:\\\/\\\/landioustravel.com\\\/de\\\/\"},{\"@type\":\"ListItem\",\"position\":2,\"name\":\"\u00c4gypten Touren\",\"item\":\"https:\\\/\\\/landioustravel.com\\\/de\\\/\"},{\"@type\":\"ListItem\",\"position\":3,\"name\":\"Reitausflug im Meer Hurghada\"}]},{\"@type\":\"WebSite\",\"@id\":\"https:\\\/\\\/landioustravel.com\\\/de\\\/#website\",\"url\":\"https:\\\/\\\/landioustravel.com\\\/de\\\/\",\"name\":\"Landious Travel\",\"description\":\"Excursions, trips and cruises in Egypt\",\"publisher\":{\"@id\":\"https:\\\/\\\/landioustravel.com\\\/de\\\/#organization\"},\"potentialAction\":[{\"@type\":\"SearchAction\",\"target\":{\"@type\":\"EntryPoint\",\"urlTemplate\":\"https:\\\/\\\/landioustravel.com\\\/de\\\/?s={search_term_string}\"},\"query-input\":{\"@type\":\"PropertyValueSpecification\",\"valueRequired\":true,\"valueName\":\"search_term_string\"}}],\"inLanguage\":\"de\"},{\"@type\":[\"Organization\",\"Place\"],\"@id\":\"https:\\\/\\\/landioustravel.com\\\/de\\\/#organization\",\"name\":\"Landious Travel\",\"alternateName\":\"Landious Travel\",\"url\":\"https:\\\/\\\/landioustravel.com\\\/de\\\/\",\"logo\":{\"@id\":\"https:\\\/\\\/landioustravel.com\\\/de\\\/shop\\\/meer-ausritt-pferd-hurghada\\\/#local-main-organization-logo\"},\"image\":{\"@id\":\"https:\\\/\\\/landioustravel.com\\\/de\\\/shop\\\/meer-ausritt-pferd-hurghada\\\/#local-main-organization-logo\"},\"sameAs\":[\"https:\\\/\\\/web.facebook.com\\\/landiousEgypt\",\"https:\\\/\\\/x.com\\\/LandiousTours\",\"https:\\\/\\\/mastodon.social\\\/@landious\"],\"legalName\":\"Landious Travel\",\"telephone\":[],\"openingHoursSpecification\":[{\"@type\":\"OpeningHoursSpecification\",\"dayOfWeek\":[\"Monday\",\"Tuesday\",\"Wednesday\",\"Thursday\",\"Friday\",\"Saturday\",\"Sunday\"],\"opens\":\"09:00\",\"closes\":\"17:00\"}]},{\"@type\":\"ImageObject\",\"inLanguage\":\"de\",\"@id\":\"https:\\\/\\\/landioustravel.com\\\/de\\\/shop\\\/meer-ausritt-pferd-hurghada\\\/#local-main-organization-logo\",\"url\":\"https:\\\/\\\/i0.wp.com\\\/landioustravel.com\\\/wp-content\\\/uploads\\\/2021\\\/06\\\/Landious-T.png?fit=500%2C500&ssl=1\",\"contentUrl\":\"https:\\\/\\\/i0.wp.com\\\/landioustravel.com\\\/wp-content\\\/uploads\\\/2021\\\/06\\\/Landious-T.png?fit=500%2C500&ssl=1\",\"width\":500,\"height\":500,\"caption\":\"Landious Travel\"}]}<\/script>\n<!-- \/ Yoast SEO Premium plugin. -->","yoast_head_json":{"title":"Reitausflug im Meer Hurghada - Buchen - Landious Travel","description":"Reitausflug im Meer Hurghada W\u00e4hrend des Ausfluges \"Ausritt zu Pferd in Hurghada\u201c k\u00f6nnen Sie zwei Stunden lang auf offenem Meer reiten","robots":{"index":"index","follow":"follow","max-snippet":"max-snippet:-1","max-image-preview":"max-image-preview:large","max-video-preview":"max-video-preview:-1"},"canonical":"https:\/\/landioustravel.com\/de\/shop\/meer-ausritt-pferd-hurghada\/","og_locale":"de_DE","og_type":"article","og_title":"Reitausflug im Meer Hurghada","og_description":"Landious Travel","og_url":"https:\/\/landioustravel.com\/de\/shop\/meer-ausritt-pferd-hurghada\/","og_site_name":"Landious Travel","article_publisher":"https:\/\/web.facebook.com\/landiousEgypt","article_modified_time":"2024-03-27T02:44:43+00:00","og_image":[{"width":823,"height":463,"url":"https:\/\/i0.wp.com\/landioustravel.com\/wp-content\/uploads\/2019\/02\/horseback_riding_in_hurghada.jpg?fit=823%2C463&ssl=1","type":"image\/jpeg"}],"twitter_card":"summary_large_image","twitter_site":"@LandiousTours","twitter_misc":{"Gesch\u00e4tzte Lesezeit":"2\u00a0Minuten"},"schema":{"@context":"https:\/\/schema.org","@graph":[{"@type":"WebPage","@id":"https:\/\/landioustravel.com\/de\/shop\/meer-ausritt-pferd-hurghada\/","url":"https:\/\/landioustravel.com\/de\/shop\/meer-ausritt-pferd-hurghada\/","name":"Reitausflug im Meer Hurghada - Buchen - Landious Travel","isPartOf":{"@id":"https:\/\/landioustravel.com\/de\/#website"},"primaryImageOfPage":{"@id":"https:\/\/landioustravel.com\/de\/shop\/meer-ausritt-pferd-hurghada\/#primaryimage"},"image":{"@id":"https:\/\/landioustravel.com\/de\/shop\/meer-ausritt-pferd-hurghada\/#primaryimage"},"thumbnailUrl":"https:\/\/i0.wp.com\/landioustravel.com\/wp-content\/uploads\/2019\/02\/horseback_riding_in_hurghada.jpg?fit=823%2C463&ssl=1","datePublished":"2019-02-04T20:50:47+00:00","dateModified":"2024-03-27T02:44:43+00:00","description":"Reitausflug im Meer Hurghada W\u00e4hrend des Ausfluges \"Ausritt zu Pferd in Hurghada\u201c k\u00f6nnen Sie zwei Stunden lang auf offenem Meer reiten","breadcrumb":{"@id":"https:\/\/landioustravel.com\/de\/shop\/meer-ausritt-pferd-hurghada\/#breadcrumb"},"inLanguage":"de","potentialAction":[{"@type":"ReadAction","target":["https:\/\/landioustravel.com\/de\/shop\/meer-ausritt-pferd-hurghada\/"]}]},{"@type":"ImageObject","inLanguage":"de","@id":"https:\/\/landioustravel.com\/de\/shop\/meer-ausritt-pferd-hurghada\/#primaryimage","url":"https:\/\/i0.wp.com\/landioustravel.com\/wp-content\/uploads\/2019\/02\/horseback_riding_in_hurghada.jpg?fit=823%2C463&ssl=1","contentUrl":"https:\/\/i0.wp.com\/landioustravel.com\/wp-content\/uploads\/2019\/02\/horseback_riding_in_hurghada.jpg?fit=823%2C463&ssl=1","width":823,"height":463,"caption":"Ausritt zu Pferd in Hurghada"},{"@type":"BreadcrumbList","@id":"https:\/\/landioustravel.com\/de\/shop\/meer-ausritt-pferd-hurghada\/#breadcrumb","itemListElement":[{"@type":"ListItem","position":1,"name":"Home","item":"https:\/\/landioustravel.com\/de\/"},{"@type":"ListItem","position":2,"name":"\u00c4gypten Touren","item":"https:\/\/landioustravel.com\/de\/"},{"@type":"ListItem","position":3,"name":"Reitausflug im Meer Hurghada"}]},{"@type":"WebSite","@id":"https:\/\/landioustravel.com\/de\/#website","url":"https:\/\/landioustravel.com\/de\/","name":"Landious Travel","description":"Excursions, trips and cruises in Egypt","publisher":{"@id":"https:\/\/landioustravel.com\/de\/#organization"},"potentialAction":[{"@type":"SearchAction","target":{"@type":"EntryPoint","urlTemplate":"https:\/\/landioustravel.com\/de\/?s={search_term_string}"},"query-input":{"@type":"PropertyValueSpecification","valueRequired":true,"valueName":"search_term_string"}}],"inLanguage":"de"},{"@type":["Organization","Place"],"@id":"https:\/\/landioustravel.com\/de\/#organization","name":"Landious Travel","alternateName":"Landious Travel","url":"https:\/\/landioustravel.com\/de\/","logo":{"@id":"https:\/\/landioustravel.com\/de\/shop\/meer-ausritt-pferd-hurghada\/#local-main-organization-logo"},"image":{"@id":"https:\/\/landioustravel.com\/de\/shop\/meer-ausritt-pferd-hurghada\/#local-main-organization-logo"},"sameAs":["https:\/\/web.facebook.com\/landiousEgypt","https:\/\/x.com\/LandiousTours","https:\/\/mastodon.social\/@landious"],"legalName":"Landious Travel","telephone":[],"openingHoursSpecification":[{"@type":"OpeningHoursSpecification","dayOfWeek":["Monday","Tuesday","Wednesday","Thursday","Friday","Saturday","Sunday"],"opens":"09:00","closes":"17:00"}]},{"@type":"ImageObject","inLanguage":"de","@id":"https:\/\/landioustravel.com\/de\/shop\/meer-ausritt-pferd-hurghada\/#local-main-organization-logo","url":"https:\/\/i0.wp.com\/landioustravel.com\/wp-content\/uploads\/2021\/06\/Landious-T.png?fit=500%2C500&ssl=1","contentUrl":"https:\/\/i0.wp.com\/landioustravel.com\/wp-content\/uploads\/2021\/06\/Landious-T.png?fit=500%2C500&ssl=1","width":500,"height":500,"caption":"Landious Travel"}]}},"jetpack_publicize_connections":[],"uagb_featured_image_src":{"full":["https:\/\/i0.wp.com\/landioustravel.com\/wp-content\/uploads\/2019\/02\/horseback_riding_in_hurghada.jpg?fit=823%2C463&ssl=1",823,463,false],"thumbnail":["https:\/\/i0.wp.com\/landioustravel.com\/wp-content\/uploads\/2019\/02\/horseback_riding_in_hurghada.jpg?resize=150%2C150&ssl=1",150,150,true],"medium":["https:\/\/i0.wp.com\/landioustravel.com\/wp-content\/uploads\/2019\/02\/horseback_riding_in_hurghada.jpg?fit=300%2C169&ssl=1",300,169,true],"medium_large":["https:\/\/i0.wp.com\/landioustravel.com\/wp-content\/uploads\/2019\/02\/horseback_riding_in_hurghada.jpg?fit=768%2C432&ssl=1",768,432,true],"large":["https:\/\/i0.wp.com\/landioustravel.com\/wp-content\/uploads\/2019\/02\/horseback_riding_in_hurghada.jpg?fit=823%2C463&ssl=1",823,463,true],"1536x1536":["https:\/\/i0.wp.com\/landioustravel.com\/wp-content\/uploads\/2019\/02\/horseback_riding_in_hurghada.jpg?fit=823%2C463&ssl=1",823,463,true],"2048x2048":["https:\/\/i0.wp.com\/landioustravel.com\/wp-content\/uploads\/2019\/02\/horseback_riding_in_hurghada.jpg?fit=823%2C463&ssl=1",823,463,true],"newspack-article-block-landscape-large":["https:\/\/i0.wp.com\/landioustravel.com\/wp-content\/uploads\/2019\/02\/horseback_riding_in_hurghada.jpg?resize=823%2C463&ssl=1",823,463,true],"newspack-article-block-portrait-large":["https:\/\/i0.wp.com\/landioustravel.com\/wp-content\/uploads\/2019\/02\/horseback_riding_in_hurghada.jpg?resize=823%2C463&ssl=1",823,463,true],"newspack-article-block-square-large":["https:\/\/i0.wp.com\/landioustravel.com\/wp-content\/uploads\/2019\/02\/horseback_riding_in_hurghada.jpg?resize=823%2C463&ssl=1",823,463,true],"newspack-article-block-landscape-medium":["https:\/\/i0.wp.com\/landioustravel.com\/wp-content\/uploads\/2019\/02\/horseback_riding_in_hurghada.jpg?resize=800%2C463&ssl=1",800,463,true],"newspack-article-block-portrait-medium":["https:\/\/i0.wp.com\/landioustravel.com\/wp-content\/uploads\/2019\/02\/horseback_riding_in_hurghada.jpg?resize=600%2C463&ssl=1",600,463,true],"newspack-article-block-square-medium":["https:\/\/i0.wp.com\/landioustravel.com\/wp-content\/uploads\/2019\/02\/horseback_riding_in_hurghada.jpg?resize=800%2C463&ssl=1",800,463,true],"newspack-article-block-landscape-intermediate":["https:\/\/i0.wp.com\/landioustravel.com\/wp-content\/uploads\/2019\/02\/horseback_riding_in_hurghada.jpg?resize=600%2C450&ssl=1",600,450,true],"newspack-article-block-portrait-intermediate":["https:\/\/i0.wp.com\/landioustravel.com\/wp-content\/uploads\/2019\/02\/horseback_riding_in_hurghada.jpg?resize=450%2C463&ssl=1",450,463,true],"newspack-article-block-square-intermediate":["https:\/\/i0.wp.com\/landioustravel.com\/wp-content\/uploads\/2019\/02\/horseback_riding_in_hurghada.jpg?resize=600%2C463&ssl=1",600,463,true],"newspack-article-block-landscape-small":["https:\/\/i0.wp.com\/landioustravel.com\/wp-content\/uploads\/2019\/02\/horseback_riding_in_hurghada.jpg?resize=400%2C300&ssl=1",400,300,true],"newspack-article-block-portrait-small":["https:\/\/i0.wp.com\/landioustravel.com\/wp-content\/uploads\/2019\/02\/horseback_riding_in_hurghada.jpg?resize=300%2C400&ssl=1",300,400,true],"newspack-article-block-square-small":["https:\/\/i0.wp.com\/landioustravel.com\/wp-content\/uploads\/2019\/02\/horseback_riding_in_hurghada.jpg?resize=400%2C400&ssl=1",400,400,true],"newspack-article-block-landscape-tiny":["https:\/\/i0.wp.com\/landioustravel.com\/wp-content\/uploads\/2019\/02\/horseback_riding_in_hurghada.jpg?resize=200%2C150&ssl=1",200,150,true],"newspack-article-block-portrait-tiny":["https:\/\/i0.wp.com\/landioustravel.com\/wp-content\/uploads\/2019\/02\/horseback_riding_in_hurghada.jpg?resize=150%2C200&ssl=1",150,200,true],"newspack-article-block-square-tiny":["https:\/\/i0.wp.com\/landioustravel.com\/wp-content\/uploads\/2019\/02\/horseback_riding_in_hurghada.jpg?resize=200%2C200&ssl=1",200,200,true],"newspack-article-block-uncropped":["https:\/\/i0.wp.com\/landioustravel.com\/wp-content\/uploads\/2019\/02\/horseback_riding_in_hurghada.jpg?fit=823%2C463&ssl=1",823,463,true],"woocommerce_thumbnail":["https:\/\/i0.wp.com\/landioustravel.com\/wp-content\/uploads\/2019\/02\/horseback_riding_in_hurghada.jpg?resize=324%2C324&ssl=1",324,324,true],"woocommerce_single":["https:\/\/i0.wp.com\/landioustravel.com\/wp-content\/uploads\/2019\/02\/horseback_riding_in_hurghada.jpg?fit=416%2C234&ssl=1",416,234,true],"woocommerce_gallery_thumbnail":["https:\/\/i0.wp.com\/landioustravel.com\/wp-content\/uploads\/2019\/02\/horseback_riding_in_hurghada.jpg?resize=100%2C100&ssl=1",100,100,true]},"uagb_author_info":{"display_name":"Mofreh Landious","author_link":"https:\/\/landioustravel.com\/de\/author\/"},"uagb_comment_info":4,"uagb_excerpt":"F\u00fcr Pferdeliebhaber ist dies ein unglaubliches Abenteuer, das Sie sich nicht entgehen lassen sollten! In Hurghada k\u00f6nnen Sie einen zweist\u00fcndigen Reitausflug auf dem Meer unternehmen. Sie haben die M\u00f6glichkeit, auf offener See zu reiten, einen ruhigen Spaziergang zu Pferd zu unternehmen und sich sogar im Trab zu versuchen. Der Aufenthalt im Wasser mit diesen sanften&hellip;","jetpack_sharing_enabled":true,"jetpack_likes_enabled":true,"amp_enabled":true,"_links":{"self":[{"href":"https:\/\/landioustravel.com\/de\/wp-json\/wp\/v2\/product\/1856","targetHints":{"allow":["GET"]}}],"collection":[{"href":"https:\/\/landioustravel.com\/de\/wp-json\/wp\/v2\/product"}],"about":[{"href":"https:\/\/landioustravel.com\/de\/wp-json\/wp\/v2\/types\/product"}],"replies":[{"embeddable":true,"href":"https:\/\/landioustravel.com\/de\/wp-json\/wp\/v2\/comments?post=1856"}],"wp:featuredmedia":[{"embeddable":true,"href":"https:\/\/landioustravel.com\/de\/wp-json\/wp\/v2\/media\/1843"}],"wp:attachment":[{"href":"https:\/\/landioustravel.com\/de\/wp-json\/wp\/v2\/media?parent=1856"}],"wp:term":[{"taxonomy":"product_brand","embeddable":true,"href":"https:\/\/landioustravel.com\/de\/wp-json\/wp\/v2\/product_brand?post=1856"},{"taxonomy":"product_cat","embeddable":true,"href":"https:\/\/landioustravel.com\/de\/wp-json\/wp\/v2\/product_cat?post=1856"},{"taxonomy":"product_tag","embeddable":true,"href":"https:\/\/landioustravel.com\/de\/wp-json\/wp\/v2\/product_tag?post=1856"}],"curies":[{"name":"wp","href":"https:\/\/api.w.org\/{rel}","templated":true}]}}