{"id":18743,"date":"2019-09-01T12:31:20","date_gmt":"2019-09-01T16:17:09","guid":{"rendered":"https:\/\/landioustravel.com\/?post_type=product&#038;p=18743"},"modified":"2024-05-13T05:29:29","modified_gmt":"2024-05-13T02:29:29","slug":"drei-stunden-moto-safari-safaga","status":"publish","type":"product","link":"https:\/\/landioustravel.com\/de\/shop\/drei-stunden-moto-safari-safaga\/","title":{"rendered":"Drei Stunden Moto Safari Safaga"},"content":{"rendered":"<p>W\u00e4hrend der W\u00fcstensafari Quad-Biken in <a href=\"https:\/\/landioustravel.com\/de\/safaga-stadt\/\">Safaga<\/a>, <a href=\"https:\/\/landioustravel.com\/de\/agypten\/\">\u00c4gypten<\/a>, k\u00f6nnen Sie 50 km Quad fahren! Die Reise erm\u00f6glicht es Ihnen, sowohl die W\u00fcstennatur in \u00c4gypten als auch den Meerblick zu genie\u00dfen! Wir empfehlen dieses Programm, da es das einzige ist, mit dem Quads entlang der K\u00fcste des Roten Meeres gefahren werden k\u00f6nnen! ONLINE-BUCHUNG DREI STUNDEN MOTO SAFARI SAFAGA UND BESTER PREIS!<\/p>\n<h2>H\u00f6hepunkte der dreist\u00fcndigen Moto-Safari in Safaga<\/h2>\n<ul>\n<li>Quadfahren f\u00fcr eine Strecke von 25 km in der W\u00fcste.<\/li>\n<li>Auch Quad Biking f\u00fcr eine Entfernung von 25 km entlang der K\u00fcste des Roten Meeres.<\/li>\n<\/ul>\n<h3>Programm des Quadfahrens<\/h3>\n<ul>\n<li>Der Vertreter von <a href=\"https:\/\/landioustravel.com\/de\/kontakte\/\">Landious Travel<\/a> holt Sie gegen 08:00 Uhr vom Hotel in <a href=\"https:\/\/www.google.de\/maps\/place\/Safaga,+Al-Bahr+al-ahmar\/@26.7529569,33.9005682,13z\/data=!3m1!4b1!4m5!3m4!1s0x144d0d2c5606c925:0x67d911822e470041!8m2!3d26.7500171!4d33.9359756\" target=\"_blank\" rel=\"noopener\">Safaga<\/a> ab.<\/li>\n<li>Nachdem wir alle Ank\u00f6mmlinge abgeholt haben, f\u00e4hrt unser Minibus\/Jeep in Richtung W\u00fcste, wo es eine Quad-Basis gibt. Der Weg zur Basis dauert ca. 30 Minuten.<\/li>\n<li>Zun\u00e4chst m\u00fcssen Sie sich fertig machen. Sie m\u00fcssen also einen Schal auf den Kopf und den Helm legen und Ihre Sonnenbrille tragen.<\/li>\n<li>Dann haben Sie eine kurze Einweisung und Schulung, bevor Sie losfahren.<\/li>\n<li>Als n\u00e4chstes fahren Sie 10 km durch die W\u00fcste, bevor Sie an die K\u00fcste des Roten Meeres gelangen.<\/li>\n<li>Nachdem Sie das Rote Meer erreicht haben, fahren Sie 15 km weiter entlang der K\u00fcste.<\/li>\n<li>Am Ende dieser erstaunlichen Fahrt halten Sie eine Weile an, um ein Foto zu machen.<\/li>\n<li>Wieder einmal machen Sie sich bereit, 25 km zur\u00fcck zur Basis zu fahren.<\/li>\n<li>Schlie\u00dflich begleiten wir Sie zur\u00fcck zu Ihren Hotels.<\/li>\n<li>Diese aufregende Reise f\u00fcr eine Quad-Safari dauert drei Stunden. Es endet gegen 12:00 Uhr.<\/li>\n<\/ul>\n<h4>Was beinhaltet der Preis f\u00fcr drei Stunden Moto Safari Safaga?<\/h4>\n<ul>\n<li>Transfer in die W\u00fcste und zur\u00fcck zum Hotel.<\/li>\n<\/ul>\n<h5>Was beinhaltet das Drei-Stunden-Moto-Safari-Safaga-Programm nicht?<\/h5>\n<ul>\n<li>Video DVD.<\/li>\n<li>Auch die Foto-CD.<\/li>\n<\/ul>\n<h6>Was f\u00fcr eine dreist\u00fcndige Moto-Safari-Reise?<\/h6>\n<ul>\n<li>Schal.<\/li>\n<li>Auch Sonnenbrillen.<\/li>\n<\/ul>\n<h6>Drei Stunden Moto Safari Safaga Buchungstage<\/h6>\n<ul>\n<li>T\u00e4glich von 08:00 bis 12:00 Uhr.<\/li>\n<\/ul>\n","protected":false},"excerpt":{"rendered":"<p>Sind Sie bereit f\u00fcr ein unvergessliches Abenteuer? Die 3-st\u00fcndige Moto-Safari in Hurghada ist die perfekte Gelegenheit f\u00fcr Sie und Ihre Lieben, den Nervenkitzel einer ATV-Fahrt inmitten der wundersch\u00f6nen Landschaft \u00c4gyptens zu erleben. Diese Fahrt verspricht ein adrenalingeladenes Erlebnis zu werden, das Sie genie\u00dfen und mit anderen teilen k\u00f6nnen.<\/p>\n<p>Das ATV ist ein vielseitiges Transportmittel, das die besten Eigenschaften eines Motorrads, eines Jeeps und eines Traktors vereint. Es ist speziell f\u00fcr das Fahren im Gel\u00e4nde konzipiert und macht Ihre Reise durch die W\u00fcsten \u00c4gyptens spannender als je zuvor.<\/p>\n<p>W\u00e4hrend der Moto-Safari-Tour haben Sie die M\u00f6glichkeit, eine einst\u00fcndige, unabh\u00e4ngige Offroad-Fahrt zu genie\u00dfen! Sicherheit hat f\u00fcr uns oberste Priorit\u00e4t und jeder Teilnehmer absolviert vor Beginn des Abenteuers ein obligatorisches Sicherheitstraining auf Englisch. Sie erhalten die gesamte notwendige Ausr\u00fcstung, eine Flasche Wasser und eine Anleitung w\u00e4hrend der Tour.<\/p>\n<p>Begleiten Sie uns auf dieser aufregenden 3-st\u00fcndigen Tour ab Safaga\/Soma Bay und erkunden Sie die herrliche W\u00fcste auf einem Quad. Auf dieser 50 km langen Tour k\u00f6nnen Sie die Sch\u00f6nheit der \u00e4gyptischen W\u00fcstennatur entdecken und gleichzeitig den atemberaubenden Blick auf das Meer genie\u00dfen. Der Preis beinhaltet Transfers und F\u00fchrung, sodass Sie sich um nichts k\u00fcmmern m\u00fcssen.<\/p>\n<p>Wir verstehen, dass Abenteuer nervenaufreibend sein k\u00f6nnen, deshalb steht Ihnen unser Team bei jedem Schritt zur Seite. Von der Abholung an Ihrem Hotel bis zur Quad-Station f\u00fchren wir Sie vor der Abfahrt durch alle wichtigen Details des Quads. Erobern Sie die Sandd\u00fcnen und genie\u00dfen Sie die atemberaubende Aussicht auf die \u00e4gyptische W\u00fcste. Nach etwa einer Stunde erreichen wir ein traditionelles Beduinendorf, in dem Sie die lokale Kultur erleben k\u00f6nnen.<\/p>\n<p>Am Ende der Tour kehren wir durch die Sandd\u00fcnen und die W\u00fcste zum Ausgangspunkt der Quad-Bike-Safari zur\u00fcck und Sie werden zu Ihrem Hotel in Soma Bay zur\u00fcckgebracht. Wir versprechen, dass es ein Erlebnis wird, das Sie nie vergessen werden! Lassen Sie sich dieses faszinierende Top-Quad-Abenteuer in der W\u00fcste w\u00e4hrend Ihres Urlaubs in Soma Bay nicht entgehen.<\/p>\n","protected":false},"featured_media":18720,"comment_status":"open","ping_status":"closed","template":"","meta":{"_coblocks_attr":"","_coblocks_dimensions":"","_coblocks_responsive_height":"","_coblocks_accordion_ie_support":"","_uag_custom_page_level_css":"","jetpack_post_was_ever_published":false,"jetpack_publicize_message":"","jetpack_publicize_feature_enabled":true,"jetpack_social_post_already_shared":true,"jetpack_social_options":{"image_generator_settings":{"template":"highway","default_image_id":0,"font":"","enabled":false},"version":2},"_wpas_customize_per_network":false},"product_brand":[],"product_cat":[23604,16902,20146],"product_tag":[1653,2180,2177,2113],"class_list":{"0":"post-18743","1":"product","2":"type-product","3":"status-publish","4":"has-post-thumbnail","6":"product_cat-budgetfreundliche-ausfluege-safaga","7":"product_cat-ausfluege-safaga","8":"product_cat-safaga-safari-ausfluege","9":"product_tag-ausflug","10":"product_tag-quadfahren","11":"product_tag-safari-de","12":"product_tag-wustensafari","14":"first","15":"instock","16":"sale","17":"taxable","18":"shipping-taxable","19":"purchasable","20":"product-type-variable"},"yoast_head":"<!-- This site is optimized with the Yoast SEO Premium plugin v26.9 (Yoast SEO v27.3) - https:\/\/yoast.com\/product\/yoast-seo-premium-wordpress\/ -->\n<title>Drei Stunden Moto Safari Safaga<\/title>\n<meta name=\"description\" content=\"Drei Stunden Moto Safari Safaga k\u00f6nnen Sie eine Strecke von 50 km mit dem Quad zur\u00fccklegen! Auf dieser Reise k\u00f6nnen Sie sowohl die W\u00fcste\" \/>\n<meta name=\"robots\" content=\"index, follow, max-snippet:-1, max-image-preview:large, max-video-preview:-1\" \/>\n<link rel=\"canonical\" href=\"https:\/\/landioustravel.com\/de\/shop\/drei-stunden-moto-safari-safaga\/\" \/>\n<meta property=\"og:locale\" content=\"de_DE\" \/>\n<meta property=\"og:type\" content=\"article\" \/>\n<meta property=\"og:title\" content=\"Drei Stunden Moto Safari Safaga\" \/>\n<meta property=\"og:description\" content=\"Landious Travel\" \/>\n<meta property=\"og:url\" content=\"https:\/\/landioustravel.com\/de\/shop\/drei-stunden-moto-safari-safaga\/\" \/>\n<meta property=\"og:site_name\" content=\"Landious Travel\" \/>\n<meta property=\"article:publisher\" content=\"https:\/\/web.facebook.com\/landiousEgypt\" \/>\n<meta property=\"article:modified_time\" content=\"2024-05-13T02:29:29+00:00\" \/>\n<meta property=\"og:image\" content=\"https:\/\/landioustravel.com\/wp-content\/uploads\/2019\/09\/Quad_biking_for_three_hours_in_Safaga2-e1618021569780.jpg\" \/>\n\t<meta property=\"og:image:width\" content=\"1200\" \/>\n\t<meta property=\"og:image:height\" content=\"675\" \/>\n\t<meta property=\"og:image:type\" content=\"image\/jpeg\" \/>\n<meta name=\"twitter:card\" content=\"summary_large_image\" \/>\n<meta name=\"twitter:site\" content=\"@LandiousTours\" \/>\n<meta name=\"twitter:label1\" content=\"Gesch\u00e4tzte Lesezeit\" \/>\n\t<meta name=\"twitter:data1\" content=\"2\u00a0Minuten\" \/>\n<script type=\"application\/ld+json\" class=\"yoast-schema-graph\">{\"@context\":\"https:\\\/\\\/schema.org\",\"@graph\":[{\"@type\":\"WebPage\",\"@id\":\"https:\\\/\\\/landioustravel.com\\\/de\\\/shop\\\/drei-stunden-moto-safari-safaga\\\/\",\"url\":\"https:\\\/\\\/landioustravel.com\\\/de\\\/shop\\\/drei-stunden-moto-safari-safaga\\\/\",\"name\":\"Drei Stunden Moto Safari Safaga\",\"isPartOf\":{\"@id\":\"https:\\\/\\\/landioustravel.com\\\/de\\\/#website\"},\"primaryImageOfPage\":{\"@id\":\"https:\\\/\\\/landioustravel.com\\\/de\\\/shop\\\/drei-stunden-moto-safari-safaga\\\/#primaryimage\"},\"image\":{\"@id\":\"https:\\\/\\\/landioustravel.com\\\/de\\\/shop\\\/drei-stunden-moto-safari-safaga\\\/#primaryimage\"},\"thumbnailUrl\":\"https:\\\/\\\/i0.wp.com\\\/landioustravel.com\\\/wp-content\\\/uploads\\\/2019\\\/09\\\/Quad_biking_for_three_hours_in_Safaga2-e1618021569780.jpg?fit=1200%2C675&ssl=1\",\"datePublished\":\"2019-09-01T16:17:09+00:00\",\"dateModified\":\"2024-05-13T02:29:29+00:00\",\"description\":\"Drei Stunden Moto Safari Safaga k\u00f6nnen Sie eine Strecke von 50 km mit dem Quad zur\u00fccklegen! Auf dieser Reise k\u00f6nnen Sie sowohl die W\u00fcste\",\"breadcrumb\":{\"@id\":\"https:\\\/\\\/landioustravel.com\\\/de\\\/shop\\\/drei-stunden-moto-safari-safaga\\\/#breadcrumb\"},\"inLanguage\":\"de\",\"potentialAction\":[{\"@type\":\"ReadAction\",\"target\":[\"https:\\\/\\\/landioustravel.com\\\/de\\\/shop\\\/drei-stunden-moto-safari-safaga\\\/\"]}]},{\"@type\":\"ImageObject\",\"inLanguage\":\"de\",\"@id\":\"https:\\\/\\\/landioustravel.com\\\/de\\\/shop\\\/drei-stunden-moto-safari-safaga\\\/#primaryimage\",\"url\":\"https:\\\/\\\/i0.wp.com\\\/landioustravel.com\\\/wp-content\\\/uploads\\\/2019\\\/09\\\/Quad_biking_for_three_hours_in_Safaga2-e1618021569780.jpg?fit=1200%2C675&ssl=1\",\"contentUrl\":\"https:\\\/\\\/i0.wp.com\\\/landioustravel.com\\\/wp-content\\\/uploads\\\/2019\\\/09\\\/Quad_biking_for_three_hours_in_Safaga2-e1618021569780.jpg?fit=1200%2C675&ssl=1\",\"width\":1200,\"height\":675,\"caption\":\"Three Hours Moto Safari in Safaga\"},{\"@type\":\"BreadcrumbList\",\"@id\":\"https:\\\/\\\/landioustravel.com\\\/de\\\/shop\\\/drei-stunden-moto-safari-safaga\\\/#breadcrumb\",\"itemListElement\":[{\"@type\":\"ListItem\",\"position\":1,\"name\":\"Home\",\"item\":\"https:\\\/\\\/landioustravel.com\\\/de\\\/\"},{\"@type\":\"ListItem\",\"position\":2,\"name\":\"\u00c4gypten Touren\",\"item\":\"https:\\\/\\\/landioustravel.com\\\/de\\\/\"},{\"@type\":\"ListItem\",\"position\":3,\"name\":\"Drei Stunden Moto Safari Safaga\"}]},{\"@type\":\"WebSite\",\"@id\":\"https:\\\/\\\/landioustravel.com\\\/de\\\/#website\",\"url\":\"https:\\\/\\\/landioustravel.com\\\/de\\\/\",\"name\":\"Landious Travel\",\"description\":\"Excursions, trips and cruises in Egypt\",\"publisher\":{\"@id\":\"https:\\\/\\\/landioustravel.com\\\/de\\\/#organization\"},\"potentialAction\":[{\"@type\":\"SearchAction\",\"target\":{\"@type\":\"EntryPoint\",\"urlTemplate\":\"https:\\\/\\\/landioustravel.com\\\/de\\\/?s={search_term_string}\"},\"query-input\":{\"@type\":\"PropertyValueSpecification\",\"valueRequired\":true,\"valueName\":\"search_term_string\"}}],\"inLanguage\":\"de\"},{\"@type\":[\"Organization\",\"Place\"],\"@id\":\"https:\\\/\\\/landioustravel.com\\\/de\\\/#organization\",\"name\":\"Landious Travel\",\"alternateName\":\"Landious Travel\",\"url\":\"https:\\\/\\\/landioustravel.com\\\/de\\\/\",\"logo\":{\"@id\":\"https:\\\/\\\/landioustravel.com\\\/de\\\/shop\\\/drei-stunden-moto-safari-safaga\\\/#local-main-organization-logo\"},\"image\":{\"@id\":\"https:\\\/\\\/landioustravel.com\\\/de\\\/shop\\\/drei-stunden-moto-safari-safaga\\\/#local-main-organization-logo\"},\"sameAs\":[\"https:\\\/\\\/web.facebook.com\\\/landiousEgypt\",\"https:\\\/\\\/x.com\\\/LandiousTours\",\"https:\\\/\\\/mastodon.social\\\/@landious\"],\"legalName\":\"Landious Travel\",\"telephone\":[],\"openingHoursSpecification\":[{\"@type\":\"OpeningHoursSpecification\",\"dayOfWeek\":[\"Monday\",\"Tuesday\",\"Wednesday\",\"Thursday\",\"Friday\",\"Saturday\",\"Sunday\"],\"opens\":\"09:00\",\"closes\":\"17:00\"}]},{\"@type\":\"ImageObject\",\"inLanguage\":\"de\",\"@id\":\"https:\\\/\\\/landioustravel.com\\\/de\\\/shop\\\/drei-stunden-moto-safari-safaga\\\/#local-main-organization-logo\",\"url\":\"https:\\\/\\\/i0.wp.com\\\/landioustravel.com\\\/wp-content\\\/uploads\\\/2021\\\/06\\\/Landious-T.png?fit=500%2C500&ssl=1\",\"contentUrl\":\"https:\\\/\\\/i0.wp.com\\\/landioustravel.com\\\/wp-content\\\/uploads\\\/2021\\\/06\\\/Landious-T.png?fit=500%2C500&ssl=1\",\"width\":500,\"height\":500,\"caption\":\"Landious Travel\"}]}<\/script>\n<!-- \/ Yoast SEO Premium plugin. -->","yoast_head_json":{"title":"Drei Stunden Moto Safari Safaga","description":"Drei Stunden Moto Safari Safaga k\u00f6nnen Sie eine Strecke von 50 km mit dem Quad zur\u00fccklegen! Auf dieser Reise k\u00f6nnen Sie sowohl die W\u00fcste","robots":{"index":"index","follow":"follow","max-snippet":"max-snippet:-1","max-image-preview":"max-image-preview:large","max-video-preview":"max-video-preview:-1"},"canonical":"https:\/\/landioustravel.com\/de\/shop\/drei-stunden-moto-safari-safaga\/","og_locale":"de_DE","og_type":"article","og_title":"Drei Stunden Moto Safari Safaga","og_description":"Landious Travel","og_url":"https:\/\/landioustravel.com\/de\/shop\/drei-stunden-moto-safari-safaga\/","og_site_name":"Landious Travel","article_publisher":"https:\/\/web.facebook.com\/landiousEgypt","article_modified_time":"2024-05-13T02:29:29+00:00","og_image":[{"width":1200,"height":675,"url":"https:\/\/landioustravel.com\/wp-content\/uploads\/2019\/09\/Quad_biking_for_three_hours_in_Safaga2-e1618021569780.jpg","type":"image\/jpeg"}],"twitter_card":"summary_large_image","twitter_site":"@LandiousTours","twitter_misc":{"Gesch\u00e4tzte Lesezeit":"2\u00a0Minuten"},"schema":{"@context":"https:\/\/schema.org","@graph":[{"@type":"WebPage","@id":"https:\/\/landioustravel.com\/de\/shop\/drei-stunden-moto-safari-safaga\/","url":"https:\/\/landioustravel.com\/de\/shop\/drei-stunden-moto-safari-safaga\/","name":"Drei Stunden Moto Safari Safaga","isPartOf":{"@id":"https:\/\/landioustravel.com\/de\/#website"},"primaryImageOfPage":{"@id":"https:\/\/landioustravel.com\/de\/shop\/drei-stunden-moto-safari-safaga\/#primaryimage"},"image":{"@id":"https:\/\/landioustravel.com\/de\/shop\/drei-stunden-moto-safari-safaga\/#primaryimage"},"thumbnailUrl":"https:\/\/i0.wp.com\/landioustravel.com\/wp-content\/uploads\/2019\/09\/Quad_biking_for_three_hours_in_Safaga2-e1618021569780.jpg?fit=1200%2C675&ssl=1","datePublished":"2019-09-01T16:17:09+00:00","dateModified":"2024-05-13T02:29:29+00:00","description":"Drei Stunden Moto Safari Safaga k\u00f6nnen Sie eine Strecke von 50 km mit dem Quad zur\u00fccklegen! Auf dieser Reise k\u00f6nnen Sie sowohl die W\u00fcste","breadcrumb":{"@id":"https:\/\/landioustravel.com\/de\/shop\/drei-stunden-moto-safari-safaga\/#breadcrumb"},"inLanguage":"de","potentialAction":[{"@type":"ReadAction","target":["https:\/\/landioustravel.com\/de\/shop\/drei-stunden-moto-safari-safaga\/"]}]},{"@type":"ImageObject","inLanguage":"de","@id":"https:\/\/landioustravel.com\/de\/shop\/drei-stunden-moto-safari-safaga\/#primaryimage","url":"https:\/\/i0.wp.com\/landioustravel.com\/wp-content\/uploads\/2019\/09\/Quad_biking_for_three_hours_in_Safaga2-e1618021569780.jpg?fit=1200%2C675&ssl=1","contentUrl":"https:\/\/i0.wp.com\/landioustravel.com\/wp-content\/uploads\/2019\/09\/Quad_biking_for_three_hours_in_Safaga2-e1618021569780.jpg?fit=1200%2C675&ssl=1","width":1200,"height":675,"caption":"Three Hours Moto Safari in Safaga"},{"@type":"BreadcrumbList","@id":"https:\/\/landioustravel.com\/de\/shop\/drei-stunden-moto-safari-safaga\/#breadcrumb","itemListElement":[{"@type":"ListItem","position":1,"name":"Home","item":"https:\/\/landioustravel.com\/de\/"},{"@type":"ListItem","position":2,"name":"\u00c4gypten Touren","item":"https:\/\/landioustravel.com\/de\/"},{"@type":"ListItem","position":3,"name":"Drei Stunden Moto Safari Safaga"}]},{"@type":"WebSite","@id":"https:\/\/landioustravel.com\/de\/#website","url":"https:\/\/landioustravel.com\/de\/","name":"Landious Travel","description":"Excursions, trips and cruises in Egypt","publisher":{"@id":"https:\/\/landioustravel.com\/de\/#organization"},"potentialAction":[{"@type":"SearchAction","target":{"@type":"EntryPoint","urlTemplate":"https:\/\/landioustravel.com\/de\/?s={search_term_string}"},"query-input":{"@type":"PropertyValueSpecification","valueRequired":true,"valueName":"search_term_string"}}],"inLanguage":"de"},{"@type":["Organization","Place"],"@id":"https:\/\/landioustravel.com\/de\/#organization","name":"Landious Travel","alternateName":"Landious Travel","url":"https:\/\/landioustravel.com\/de\/","logo":{"@id":"https:\/\/landioustravel.com\/de\/shop\/drei-stunden-moto-safari-safaga\/#local-main-organization-logo"},"image":{"@id":"https:\/\/landioustravel.com\/de\/shop\/drei-stunden-moto-safari-safaga\/#local-main-organization-logo"},"sameAs":["https:\/\/web.facebook.com\/landiousEgypt","https:\/\/x.com\/LandiousTours","https:\/\/mastodon.social\/@landious"],"legalName":"Landious Travel","telephone":[],"openingHoursSpecification":[{"@type":"OpeningHoursSpecification","dayOfWeek":["Monday","Tuesday","Wednesday","Thursday","Friday","Saturday","Sunday"],"opens":"09:00","closes":"17:00"}]},{"@type":"ImageObject","inLanguage":"de","@id":"https:\/\/landioustravel.com\/de\/shop\/drei-stunden-moto-safari-safaga\/#local-main-organization-logo","url":"https:\/\/i0.wp.com\/landioustravel.com\/wp-content\/uploads\/2021\/06\/Landious-T.png?fit=500%2C500&ssl=1","contentUrl":"https:\/\/i0.wp.com\/landioustravel.com\/wp-content\/uploads\/2021\/06\/Landious-T.png?fit=500%2C500&ssl=1","width":500,"height":500,"caption":"Landious Travel"}]}},"jetpack_publicize_connections":[],"uagb_featured_image_src":{"full":["https:\/\/i0.wp.com\/landioustravel.com\/wp-content\/uploads\/2019\/09\/Quad_biking_for_three_hours_in_Safaga2-e1618021569780.jpg?fit=1200%2C675&ssl=1",1200,675,false],"thumbnail":["https:\/\/i0.wp.com\/landioustravel.com\/wp-content\/uploads\/2019\/09\/Quad_biking_for_three_hours_in_Safaga2-e1618021569780.jpg?resize=150%2C150&ssl=1",150,150,true],"medium":["https:\/\/i0.wp.com\/landioustravel.com\/wp-content\/uploads\/2019\/09\/Quad_biking_for_three_hours_in_Safaga2-e1618021569780.jpg?fit=300%2C169&ssl=1",300,169,true],"medium_large":["https:\/\/i0.wp.com\/landioustravel.com\/wp-content\/uploads\/2019\/09\/Quad_biking_for_three_hours_in_Safaga2-e1618021569780.jpg?fit=768%2C432&ssl=1",768,432,true],"large":["https:\/\/i0.wp.com\/landioustravel.com\/wp-content\/uploads\/2019\/09\/Quad_biking_for_three_hours_in_Safaga2-e1618021569780.jpg?fit=980%2C551&ssl=1",980,551,true],"1536x1536":["https:\/\/i0.wp.com\/landioustravel.com\/wp-content\/uploads\/2019\/09\/Quad_biking_for_three_hours_in_Safaga2-e1618021569780.jpg?fit=1536%2C864&ssl=1",1536,864,true],"2048x2048":["https:\/\/i0.wp.com\/landioustravel.com\/wp-content\/uploads\/2019\/09\/Quad_biking_for_three_hours_in_Safaga2-e1618021569780.jpg?fit=2048%2C1151&ssl=1",2048,1151,true],"newspack-article-block-landscape-large":["https:\/\/i0.wp.com\/landioustravel.com\/wp-content\/uploads\/2019\/09\/Quad_biking_for_three_hours_in_Safaga2-e1618021569780.jpg?resize=1200%2C675&ssl=1",1200,900,true],"newspack-article-block-portrait-large":["https:\/\/i0.wp.com\/landioustravel.com\/wp-content\/uploads\/2019\/09\/Quad_biking_for_three_hours_in_Safaga2-e1618021569780.jpg?resize=900%2C675&ssl=1",900,1200,true],"newspack-article-block-square-large":["https:\/\/i0.wp.com\/landioustravel.com\/wp-content\/uploads\/2019\/09\/Quad_biking_for_three_hours_in_Safaga2-e1618021569780.jpg?resize=1200%2C675&ssl=1",1200,1200,true],"newspack-article-block-landscape-medium":["https:\/\/i0.wp.com\/landioustravel.com\/wp-content\/uploads\/2019\/09\/Quad_biking_for_three_hours_in_Safaga2-e1618021569780.jpg?resize=800%2C600&ssl=1",800,600,true],"newspack-article-block-portrait-medium":["https:\/\/i0.wp.com\/landioustravel.com\/wp-content\/uploads\/2019\/09\/Quad_biking_for_three_hours_in_Safaga2-e1618021569780.jpg?resize=600%2C675&ssl=1",600,800,true],"newspack-article-block-square-medium":["https:\/\/i0.wp.com\/landioustravel.com\/wp-content\/uploads\/2019\/09\/Quad_biking_for_three_hours_in_Safaga2-e1618021569780.jpg?resize=800%2C675&ssl=1",800,800,true],"newspack-article-block-landscape-intermediate":["https:\/\/i0.wp.com\/landioustravel.com\/wp-content\/uploads\/2019\/09\/Quad_biking_for_three_hours_in_Safaga2-e1618021569780.jpg?resize=600%2C450&ssl=1",600,450,true],"newspack-article-block-portrait-intermediate":["https:\/\/i0.wp.com\/landioustravel.com\/wp-content\/uploads\/2019\/09\/Quad_biking_for_three_hours_in_Safaga2-e1618021569780.jpg?resize=450%2C600&ssl=1",450,600,true],"newspack-article-block-square-intermediate":["https:\/\/i0.wp.com\/landioustravel.com\/wp-content\/uploads\/2019\/09\/Quad_biking_for_three_hours_in_Safaga2-e1618021569780.jpg?resize=600%2C600&ssl=1",600,600,true],"newspack-article-block-landscape-small":["https:\/\/i0.wp.com\/landioustravel.com\/wp-content\/uploads\/2019\/09\/Quad_biking_for_three_hours_in_Safaga2-e1618021569780.jpg?resize=400%2C300&ssl=1",400,300,true],"newspack-article-block-portrait-small":["https:\/\/i0.wp.com\/landioustravel.com\/wp-content\/uploads\/2019\/09\/Quad_biking_for_three_hours_in_Safaga2-e1618021569780.jpg?resize=300%2C400&ssl=1",300,400,true],"newspack-article-block-square-small":["https:\/\/i0.wp.com\/landioustravel.com\/wp-content\/uploads\/2019\/09\/Quad_biking_for_three_hours_in_Safaga2-e1618021569780.jpg?resize=400%2C400&ssl=1",400,400,true],"newspack-article-block-landscape-tiny":["https:\/\/i0.wp.com\/landioustravel.com\/wp-content\/uploads\/2019\/09\/Quad_biking_for_three_hours_in_Safaga2-e1618021569780.jpg?resize=200%2C150&ssl=1",200,150,true],"newspack-article-block-portrait-tiny":["https:\/\/i0.wp.com\/landioustravel.com\/wp-content\/uploads\/2019\/09\/Quad_biking_for_three_hours_in_Safaga2-e1618021569780.jpg?resize=150%2C200&ssl=1",150,200,true],"newspack-article-block-square-tiny":["https:\/\/i0.wp.com\/landioustravel.com\/wp-content\/uploads\/2019\/09\/Quad_biking_for_three_hours_in_Safaga2-e1618021569780.jpg?resize=200%2C200&ssl=1",200,200,true],"newspack-article-block-uncropped":["https:\/\/i0.wp.com\/landioustravel.com\/wp-content\/uploads\/2019\/09\/Quad_biking_for_three_hours_in_Safaga2-e1618021569780.jpg?fit=1200%2C675&ssl=1",1200,675,true],"woocommerce_thumbnail":["https:\/\/i0.wp.com\/landioustravel.com\/wp-content\/uploads\/2019\/09\/Quad_biking_for_three_hours_in_Safaga2-e1618021569780.jpg?resize=324%2C324&ssl=1",324,324,true],"woocommerce_single":["https:\/\/i0.wp.com\/landioustravel.com\/wp-content\/uploads\/2019\/09\/Quad_biking_for_three_hours_in_Safaga2-e1618021569780.jpg?fit=416%2C234&ssl=1",416,234,true],"woocommerce_gallery_thumbnail":["https:\/\/i0.wp.com\/landioustravel.com\/wp-content\/uploads\/2019\/09\/Quad_biking_for_three_hours_in_Safaga2-e1618021569780.jpg?resize=100%2C100&ssl=1",100,100,true]},"uagb_author_info":{"display_name":"Mofreh Landious","author_link":"https:\/\/landioustravel.com\/de\/author\/"},"uagb_comment_info":2,"uagb_excerpt":"Sind Sie bereit f\u00fcr ein unvergessliches Abenteuer? Die 3-st\u00fcndige Moto-Safari in Hurghada ist die perfekte Gelegenheit f\u00fcr Sie und Ihre Lieben, den Nervenkitzel einer ATV-Fahrt inmitten der wundersch\u00f6nen Landschaft \u00c4gyptens zu erleben. Diese Fahrt verspricht ein adrenalingeladenes Erlebnis zu werden, das Sie genie\u00dfen und mit anderen teilen k\u00f6nnen. Das ATV ist ein vielseitiges Transportmittel, das&hellip;","jetpack_sharing_enabled":true,"jetpack_likes_enabled":true,"amp_enabled":true,"_links":{"self":[{"href":"https:\/\/landioustravel.com\/de\/wp-json\/wp\/v2\/product\/18743","targetHints":{"allow":["GET"]}}],"collection":[{"href":"https:\/\/landioustravel.com\/de\/wp-json\/wp\/v2\/product"}],"about":[{"href":"https:\/\/landioustravel.com\/de\/wp-json\/wp\/v2\/types\/product"}],"replies":[{"embeddable":true,"href":"https:\/\/landioustravel.com\/de\/wp-json\/wp\/v2\/comments?post=18743"}],"wp:featuredmedia":[{"embeddable":true,"href":"https:\/\/landioustravel.com\/de\/wp-json\/wp\/v2\/media\/18720"}],"wp:attachment":[{"href":"https:\/\/landioustravel.com\/de\/wp-json\/wp\/v2\/media?parent=18743"}],"wp:term":[{"taxonomy":"product_brand","embeddable":true,"href":"https:\/\/landioustravel.com\/de\/wp-json\/wp\/v2\/product_brand?post=18743"},{"taxonomy":"product_cat","embeddable":true,"href":"https:\/\/landioustravel.com\/de\/wp-json\/wp\/v2\/product_cat?post=18743"},{"taxonomy":"product_tag","embeddable":true,"href":"https:\/\/landioustravel.com\/de\/wp-json\/wp\/v2\/product_tag?post=18743"}],"curies":[{"name":"wp","href":"https:\/\/api.w.org\/{rel}","templated":true}]}}