{"id":18831,"date":"2019-09-02T11:32:18","date_gmt":"2019-09-03T04:11:17","guid":{"rendered":"https:\/\/landioustravel.com\/?post_type=product&#038;p=18831"},"modified":"2023-06-30T02:10:54","modified_gmt":"2023-06-30T00:10:54","slug":"schnorchelausflug-safaga-insel-utopia","status":"publish","type":"product","link":"https:\/\/landioustravel.com\/de\/shop\/schnorchelausflug-safaga-insel-utopia\/","title":{"rendered":"Utopia Insel Reise Safaga"},"content":{"rendered":"<p>ONLINE BUCHUNG UTOPIA INSEL REISE SAFAGA UND BESTER PREIS!\u00a0Es ist eine wundervolle Seereise zur Insel Utopia aus dem Ferienort <a href=\"https:\/\/landioustravel.com\/de\/safaga-stadt\/\">Safaga<\/a> in <a href=\"https:\/\/landioustravel.com\/de\/agypten\/\">\u00c4gypten<\/a>!<\/p>\n<p>Wir empfehlen den Ausflug, da Touristen auf einer der sandgesundsten <a href=\"https:\/\/landioustravel.com\/de\/agypten\/meeresinseln\/\">Inseln<\/a> \u00c4gyptens landen k\u00f6nnen. Diese Reise erm\u00f6glicht es, eine gute Zeit auf See zu verbringen und wundersch\u00f6ne Korallenriffe und verschiedene Fische zu sehen. Mit dem Utopia Island-Programm k\u00f6nnen Sie auch ein Picknick auf dem Meer durch das Rote Meer genie\u00dfen und auf der Utopia Island selbst landen. Es ist wirklich eine erstaunliche Erfahrung, K\u00f6rper und Seele zu heilen!<\/p>\n<h2>H\u00f6hepunkte der Utopia Island Schnorchelreise von Safaga<\/h2>\n<ul>\n<li>Schwimmen und Schnorcheln im offenen Meer vom Boot aus.<\/li>\n<li>Fischereit\u00e4tigkeit.<\/li>\n<li>Mittagessen auf dem Boot.<\/li>\n<li>Auch Landung auf der Insel Utopia.<\/li>\n<\/ul>\n<h3>Programm des Schnorchelausflugs auf der Utopia-Insel<\/h3>\n<ul>\n<li>Der Vertreter von <a href=\"https:\/\/landioustravel.com\/de\/kontakte\/\">Landious Travel<\/a> holt Sie gegen 08:00 Uhr vom Hotel in Safaga ab.<\/li>\n<li>Nachdem Sie alle Ank\u00f6mmlinge genommen haben, f\u00e4hrt der Bus zum Hafen. Bemerkenswert ist, dass sich unser Hafen in der Stadt Safaga befindet. Der Weg zum Hafen dauert ca. 30 Minuten.Sie finden Ihr Boot im Hafen. Es ist gro\u00df und schick! Das Boot hat zwei Stockwerke. Sobald Sie ins Boot steigen, m\u00fcssen Sie Ihre Schuhe ausziehen und sich im zweiten Stock erheben, um sich im oberen Sonnendeck zu br\u00e4unen.<\/li>\n<li>Das Boot f\u00e4hrt durch das Rote Meer, sobald sich die Gruppe versammelt. Die erste Station unserer Schnorchelreise zur Insel Utopia ist auf offener See. Auf den wundersch\u00f6nen Korallenriffen machen Sie einen Halt im offenen Meer. Dort k\u00f6nnen Sie mit Masken und Flossen schwimmen und schnorcheln.<\/li>\n<li>Als n\u00e4chstes machen Sie einen Zwischenstopp an einem anderen Ort, um angeln zu gehen.<\/li>\n<li>Nach dem Angeln fahren Sie mit einem Boot mit transparentem Boden zur Insel Utopia.<\/li>\n<li>Von der Insel aus k\u00f6nnen Sie ins Meer gehen oder sich auf dem weichen Sand des Strandes suhlen.<\/li>\n<li>Dann bringen wir Sie zum Mittagessen zur\u00fcck zum Boot. Zur Mittagszeit ist das Buffet ge\u00f6ffnet.<\/li>\n<li>Sobald Sie Ihre Interaktion beendet haben, beginnt ein Bild- und DVD-Briefing. Am Ende des letzten Schnorchelstopps bietet Ihnen Ihr Trainer an, einige Fotos zu machen, um sich diese sch\u00f6nen Momente zu merken. Anschlie\u00dfend erhalten Sie diese Bilder gegen Aufpreis. Der Preis variiert je nach Gr\u00f6\u00dfe. Es wird etwas Optionales sein, es zu haben. Das DVD-Briefing dauert 30 Minuten.<\/li>\n<li>Dieser Schnorchelausflug auf der Utopia-Insel von <a href=\"https:\/\/www.google.de\/maps\/place\/Safaga,+Al-Bahr+al-ahmar\/@26.7529569,33.9005682,13z\/data=!3m1!4b1!4m5!3m4!1s0x144d0d2c5606c925:0x67d911822e470041!8m2!3d26.7500171!4d33.9359756\" target=\"_blank\" rel=\"noopener\">Safaga<\/a> endet gegen 16:30 Uhr.<\/li>\n<\/ul>\n<h4>Was beinhaltet der Utopia Insel Reise Safaga Preis?<\/h4>\n<ul>\n<li>Schnorchelausr\u00fcstung.<\/li>\n<li>Essen &amp; Trinken.<\/li>\n<li>Transfer zum Hafen und zur\u00fcck zum Hotel.<\/li>\n<\/ul>\n<h5>Was beinhaltet das Utopia Island Safaga Programm nicht?<\/h5>\n<ul>\n<li>Video DVD.<\/li>\n<li>Auch die Foto-CD.<\/li>\n<\/ul>\n<h6>Was nehmen Sie f\u00fcr die Reise mit?<\/h6>\n<ul>\n<li>Handtuch<\/li>\n<li>Auch Sonnenschutz.<\/li>\n<\/ul>\n<h6>Utopia Insel Reise Safaga Buchungstage<\/h6>\n<ul>\n<li>T\u00e4glich von 08:00 bis 17:00 Uhr.<\/li>\n<\/ul>\n<h3>Dienstleistungen w\u00e4hrend der Utopia Island Schnorchelreise von Safaga pr\u00e4sentiert<\/h3>\n<ul>\n<li><strong>Transport<\/strong>: Landious Travel bedient Sie mit einer klimatisierten Limousine\/einem Kleinbus. Ein professioneller Fahrer begleitet Sie zum Hafen und zur\u00fcck zu Ihren Hotels.<\/li>\n<li><strong>F\u00fchrung<\/strong>: Ein professioneller englischer Reiseleiter holt Sie von Ihren Hotels ab und begleitet Sie zum Hafen.<\/li>\n<li><strong>Bootsausstattung<\/strong>: Unsere Boote sind neue dreist\u00f6ckige. Sie sind im ersten Stock mit einem Speisesaal, einem Wasserk\u00e4lter, einer K\u00fcche, zwei Toiletten, Schwimmwesten, Schnorchelausr\u00fcstung und zwei Trolling-Rollen ausgestattet. W\u00e4hrenddessen verf\u00fcgt der Sonnendeckboden \u00fcber bequeme Sonnenliegen und ein Zelt.<\/li>\n<li><strong>Team und so<\/strong>: Sie haben eine freundliche und professionelle Crew auf dem Boot. Unsere Instruktoren und Trainer werden Sie w\u00e4hrend der Reise begleiten.<\/li>\n<li><strong>Essen<\/strong>: Wir pr\u00e4sentieren ein hochwertiges Mittagessen auf dem Boot mit verschiedenen Gerichten.<\/li>\n<\/ul>\n","protected":false},"excerpt":{"rendered":"<p>Haben Sie schon einmal dar\u00fcber nachgedacht, einen Seeausflug zur Insel Utopia zu unternehmen? Es ist ein aufregendes Abenteuer, das verschiedene Wassersportarten und die Landung auf der Insel beinhaltet! Sie k\u00f6nnen mit Maske und Flossen im offenen Meer schwimmen und schnorcheln, angeln gehen und sogar die Insel Utopia erkunden. Diese Reise ist allen Touristen auf der Suche nach etwas Spannung w\u00e4rmstens zu empfehlen!<\/p>\n<p>Utopia Island ist auch als \u201eSandinsel\u201c bekannt und einer der faszinierendsten Schnorchelpl\u00e4tze im Roten Meer. Sie k\u00f6nnen von Safaga aus eine Bootsfahrt unternehmen und auf dem Weg zur Insel Utopia einen Zwischenstopp zum Schnorcheln zwischen farbenfrohen Korallenriffen einlegen. Sobald Sie angekommen sind, k\u00f6nnen Sie am wundersch\u00f6nen Sandstrand entspannen und die Sonne genie\u00dfen. Der eigentliche H\u00f6hepunkt der Reise ist jedoch die Entdeckung der herrlichen Unterwasserwelt beim Schnorcheln, wo Sie direkt vor der Insel ein tolles Riff finden! Und wenn Sie Gl\u00fcck haben, k\u00f6nnen Sie sogar einige Delfine entdecken.<\/p>\n<p>Lassen Sie sich diese einmalige Gelegenheit nicht entgehen, die farbenfrohe Unterwasserwelt zu erkunden und Spa\u00df in der Sonne zu haben! Wenn Sie ein Fan des Surfens sind, dann ist Utopia Island der perfekte Ort f\u00fcr Sie! Bei optimalen Windbedingungen ist es ein gro\u00dfartiger Ort zum Kitesurfen oder Windsurfen. Teilen Sie uns einfach im Voraus mit, ob Sie Ausr\u00fcstung mieten m\u00f6chten. Am Ende des Tages bringen wir Sie zur\u00fcck zu Ihrem Schiff in Safaga.<\/p>\n","protected":false},"featured_media":28765,"comment_status":"open","ping_status":"closed","template":"","meta":{"_coblocks_attr":"","_coblocks_dimensions":"","_coblocks_responsive_height":"","_coblocks_accordion_ie_support":"","_uag_custom_page_level_css":"","jetpack_publicize_message":"","jetpack_publicize_feature_enabled":true,"jetpack_social_post_already_shared":true,"jetpack_social_options":{"image_generator_settings":{"template":"highway","default_image_id":0,"font":"","enabled":false},"version":2},"_wpas_customize_per_network":false},"product_brand":[],"product_cat":[23604,16902,19549],"product_tag":[1653,1844,2172,1777,1778],"class_list":{"0":"post-18831","1":"product","2":"type-product","3":"status-publish","4":"has-post-thumbnail","6":"product_cat-budgetfreundliche-ausfluege-safaga","7":"product_cat-ausfluege-safaga","8":"product_cat-seeausfluege-safaga","9":"product_tag-ausflug","10":"product_tag-bootsausfluge","11":"product_tag-die-insel","12":"product_tag-meer","13":"product_tag-schnorcheln","14":"pa_age-erwachsene","15":"pa_age-kind-1-4-jahre","16":"pa_age-kind-5-11-jahre","18":"first","19":"instock","20":"sale","21":"taxable","22":"shipping-taxable","23":"purchasable","24":"product-type-variable"},"yoast_head":"<!-- This site is optimized with the Yoast SEO Premium plugin v27.5 (Yoast SEO v27.5) - https:\/\/yoast.com\/product\/yoast-seo-premium-wordpress\/ -->\n<title>Utopia Insel Reise Safaga - Buchen - Landious Travel<\/title>\n<meta name=\"description\" content=\"Utopia Insel Reise Safaga ! Wir empfehlen die Exkursion, da Touristen auf einer der sandgesundsten Inseln \u00c4gyptens landen k\u00f6nnen\" \/>\n<meta name=\"robots\" content=\"index, follow, max-snippet:-1, max-image-preview:large, max-video-preview:-1\" \/>\n<link rel=\"canonical\" href=\"https:\/\/landioustravel.com\/de\/shop\/schnorchelausflug-safaga-insel-utopia\/\" \/>\n<meta property=\"og:locale\" content=\"de_DE\" \/>\n<meta property=\"og:type\" content=\"article\" \/>\n<meta property=\"og:title\" content=\"Utopia Insel Reise Safaga\" \/>\n<meta property=\"og:description\" content=\"Landious Travel\" \/>\n<meta property=\"og:url\" content=\"https:\/\/landioustravel.com\/de\/shop\/schnorchelausflug-safaga-insel-utopia\/\" \/>\n<meta property=\"og:site_name\" content=\"Landious Travel\" \/>\n<meta property=\"article:publisher\" content=\"https:\/\/web.facebook.com\/landiousEgypt\" \/>\n<meta property=\"article:modified_time\" content=\"2023-06-30T00:10:54+00:00\" \/>\n<meta property=\"og:image\" content=\"https:\/\/i0.wp.com\/landioustravel.com\/wp-content\/uploads\/2019\/09\/Utopia_Island_Trip_Safaga-e1614296637848.jpg?fit=1200%2C675&ssl=1\" \/>\n\t<meta property=\"og:image:width\" content=\"1200\" \/>\n\t<meta property=\"og:image:height\" content=\"675\" \/>\n\t<meta property=\"og:image:type\" content=\"image\/jpeg\" \/>\n<meta name=\"twitter:card\" content=\"summary_large_image\" \/>\n<meta name=\"twitter:site\" content=\"@LandiousTours\" \/>\n<meta name=\"twitter:label1\" content=\"Gesch\u00e4tzte Lesezeit\" \/>\n\t<meta name=\"twitter:data1\" content=\"3\u00a0Minuten\" \/>\n<script type=\"application\/ld+json\" class=\"yoast-schema-graph\">{\"@context\":\"https:\\\/\\\/schema.org\",\"@graph\":[{\"@type\":\"WebPage\",\"@id\":\"https:\\\/\\\/landioustravel.com\\\/de\\\/shop\\\/schnorchelausflug-safaga-insel-utopia\\\/\",\"url\":\"https:\\\/\\\/landioustravel.com\\\/de\\\/shop\\\/schnorchelausflug-safaga-insel-utopia\\\/\",\"name\":\"Utopia Insel Reise Safaga - Buchen - Landious Travel\",\"isPartOf\":{\"@id\":\"https:\\\/\\\/landioustravel.com\\\/de\\\/#website\"},\"primaryImageOfPage\":{\"@id\":\"https:\\\/\\\/landioustravel.com\\\/de\\\/shop\\\/schnorchelausflug-safaga-insel-utopia\\\/#primaryimage\"},\"image\":{\"@id\":\"https:\\\/\\\/landioustravel.com\\\/de\\\/shop\\\/schnorchelausflug-safaga-insel-utopia\\\/#primaryimage\"},\"thumbnailUrl\":\"https:\\\/\\\/i0.wp.com\\\/landioustravel.com\\\/wp-content\\\/uploads\\\/2019\\\/09\\\/Utopia_Island_Trip_Safaga-e1614296637848.jpg?fit=1200%2C675&ssl=1\",\"datePublished\":\"2019-09-03T04:11:17+00:00\",\"dateModified\":\"2023-06-30T00:10:54+00:00\",\"description\":\"Utopia Insel Reise Safaga ! Wir empfehlen die Exkursion, da Touristen auf einer der sandgesundsten Inseln \u00c4gyptens landen k\u00f6nnen\",\"breadcrumb\":{\"@id\":\"https:\\\/\\\/landioustravel.com\\\/de\\\/shop\\\/schnorchelausflug-safaga-insel-utopia\\\/#breadcrumb\"},\"inLanguage\":\"de\",\"potentialAction\":[{\"@type\":\"ReadAction\",\"target\":[\"https:\\\/\\\/landioustravel.com\\\/de\\\/shop\\\/schnorchelausflug-safaga-insel-utopia\\\/\"]}]},{\"@type\":\"ImageObject\",\"inLanguage\":\"de\",\"@id\":\"https:\\\/\\\/landioustravel.com\\\/de\\\/shop\\\/schnorchelausflug-safaga-insel-utopia\\\/#primaryimage\",\"url\":\"https:\\\/\\\/i0.wp.com\\\/landioustravel.com\\\/wp-content\\\/uploads\\\/2019\\\/09\\\/Utopia_Island_Trip_Safaga-e1614296637848.jpg?fit=1200%2C675&ssl=1\",\"contentUrl\":\"https:\\\/\\\/i0.wp.com\\\/landioustravel.com\\\/wp-content\\\/uploads\\\/2019\\\/09\\\/Utopia_Island_Trip_Safaga-e1614296637848.jpg?fit=1200%2C675&ssl=1\",\"width\":1200,\"height\":675,\"caption\":\"Utopia Island Trip Safaga\"},{\"@type\":\"BreadcrumbList\",\"@id\":\"https:\\\/\\\/landioustravel.com\\\/de\\\/shop\\\/schnorchelausflug-safaga-insel-utopia\\\/#breadcrumb\",\"itemListElement\":[{\"@type\":\"ListItem\",\"position\":1,\"name\":\"Home\",\"item\":\"https:\\\/\\\/landioustravel.com\\\/de\\\/\"},{\"@type\":\"ListItem\",\"position\":2,\"name\":\"\u00c4gypten Touren\",\"item\":\"https:\\\/\\\/landioustravel.com\\\/de\\\/\"},{\"@type\":\"ListItem\",\"position\":3,\"name\":\"Utopia Insel Reise Safaga\"}]},{\"@type\":\"WebSite\",\"@id\":\"https:\\\/\\\/landioustravel.com\\\/de\\\/#website\",\"url\":\"https:\\\/\\\/landioustravel.com\\\/de\\\/\",\"name\":\"Landious Travel\",\"description\":\"Excursions, trips and cruises in Egypt\",\"publisher\":{\"@id\":\"https:\\\/\\\/landioustravel.com\\\/de\\\/#organization\"},\"potentialAction\":[{\"@type\":\"SearchAction\",\"target\":{\"@type\":\"EntryPoint\",\"urlTemplate\":\"https:\\\/\\\/landioustravel.com\\\/de\\\/?s={search_term_string}\"},\"query-input\":{\"@type\":\"PropertyValueSpecification\",\"valueRequired\":true,\"valueName\":\"search_term_string\"}}],\"inLanguage\":\"de\"},{\"@type\":[\"Organization\",\"Place\"],\"@id\":\"https:\\\/\\\/landioustravel.com\\\/de\\\/#organization\",\"name\":\"Landious Travel\",\"alternateName\":\"Landious Travel\",\"url\":\"https:\\\/\\\/landioustravel.com\\\/de\\\/\",\"logo\":{\"@id\":\"https:\\\/\\\/landioustravel.com\\\/de\\\/shop\\\/schnorchelausflug-safaga-insel-utopia\\\/#local-main-organization-logo\"},\"image\":{\"@id\":\"https:\\\/\\\/landioustravel.com\\\/de\\\/shop\\\/schnorchelausflug-safaga-insel-utopia\\\/#local-main-organization-logo\"},\"sameAs\":[\"https:\\\/\\\/web.facebook.com\\\/landiousEgypt\",\"https:\\\/\\\/x.com\\\/LandiousTours\",\"https:\\\/\\\/mastodon.social\\\/@landious\"],\"legalName\":\"Landious Travel\",\"telephone\":[],\"openingHoursSpecification\":[{\"@type\":\"OpeningHoursSpecification\",\"dayOfWeek\":[\"Monday\",\"Tuesday\",\"Wednesday\",\"Thursday\",\"Friday\",\"Saturday\",\"Sunday\"],\"opens\":\"09:00\",\"closes\":\"17:00\"}]},{\"@type\":\"ImageObject\",\"inLanguage\":\"de\",\"@id\":\"https:\\\/\\\/landioustravel.com\\\/de\\\/shop\\\/schnorchelausflug-safaga-insel-utopia\\\/#local-main-organization-logo\",\"url\":\"https:\\\/\\\/i0.wp.com\\\/landioustravel.com\\\/wp-content\\\/uploads\\\/2021\\\/06\\\/Landious-T.png?fit=500%2C500&ssl=1\",\"contentUrl\":\"https:\\\/\\\/i0.wp.com\\\/landioustravel.com\\\/wp-content\\\/uploads\\\/2021\\\/06\\\/Landious-T.png?fit=500%2C500&ssl=1\",\"width\":500,\"height\":500,\"caption\":\"Landious Travel\"}]}<\/script>\n<!-- \/ Yoast SEO Premium plugin. -->","yoast_head_json":{"title":"Utopia Insel Reise Safaga - Buchen - Landious Travel","description":"Utopia Insel Reise Safaga ! Wir empfehlen die Exkursion, da Touristen auf einer der sandgesundsten Inseln \u00c4gyptens landen k\u00f6nnen","robots":{"index":"index","follow":"follow","max-snippet":"max-snippet:-1","max-image-preview":"max-image-preview:large","max-video-preview":"max-video-preview:-1"},"canonical":"https:\/\/landioustravel.com\/de\/shop\/schnorchelausflug-safaga-insel-utopia\/","og_locale":"de_DE","og_type":"article","og_title":"Utopia Insel Reise Safaga","og_description":"Landious Travel","og_url":"https:\/\/landioustravel.com\/de\/shop\/schnorchelausflug-safaga-insel-utopia\/","og_site_name":"Landious Travel","article_publisher":"https:\/\/web.facebook.com\/landiousEgypt","article_modified_time":"2023-06-30T00:10:54+00:00","og_image":[{"width":1200,"height":675,"url":"https:\/\/i0.wp.com\/landioustravel.com\/wp-content\/uploads\/2019\/09\/Utopia_Island_Trip_Safaga-e1614296637848.jpg?fit=1200%2C675&ssl=1","type":"image\/jpeg"}],"twitter_card":"summary_large_image","twitter_site":"@LandiousTours","twitter_misc":{"Gesch\u00e4tzte Lesezeit":"3\u00a0Minuten"},"schema":{"@context":"https:\/\/schema.org","@graph":[{"@type":"WebPage","@id":"https:\/\/landioustravel.com\/de\/shop\/schnorchelausflug-safaga-insel-utopia\/","url":"https:\/\/landioustravel.com\/de\/shop\/schnorchelausflug-safaga-insel-utopia\/","name":"Utopia Insel Reise Safaga - Buchen - Landious Travel","isPartOf":{"@id":"https:\/\/landioustravel.com\/de\/#website"},"primaryImageOfPage":{"@id":"https:\/\/landioustravel.com\/de\/shop\/schnorchelausflug-safaga-insel-utopia\/#primaryimage"},"image":{"@id":"https:\/\/landioustravel.com\/de\/shop\/schnorchelausflug-safaga-insel-utopia\/#primaryimage"},"thumbnailUrl":"https:\/\/i0.wp.com\/landioustravel.com\/wp-content\/uploads\/2019\/09\/Utopia_Island_Trip_Safaga-e1614296637848.jpg?fit=1200%2C675&ssl=1","datePublished":"2019-09-03T04:11:17+00:00","dateModified":"2023-06-30T00:10:54+00:00","description":"Utopia Insel Reise Safaga ! Wir empfehlen die Exkursion, da Touristen auf einer der sandgesundsten Inseln \u00c4gyptens landen k\u00f6nnen","breadcrumb":{"@id":"https:\/\/landioustravel.com\/de\/shop\/schnorchelausflug-safaga-insel-utopia\/#breadcrumb"},"inLanguage":"de","potentialAction":[{"@type":"ReadAction","target":["https:\/\/landioustravel.com\/de\/shop\/schnorchelausflug-safaga-insel-utopia\/"]}]},{"@type":"ImageObject","inLanguage":"de","@id":"https:\/\/landioustravel.com\/de\/shop\/schnorchelausflug-safaga-insel-utopia\/#primaryimage","url":"https:\/\/i0.wp.com\/landioustravel.com\/wp-content\/uploads\/2019\/09\/Utopia_Island_Trip_Safaga-e1614296637848.jpg?fit=1200%2C675&ssl=1","contentUrl":"https:\/\/i0.wp.com\/landioustravel.com\/wp-content\/uploads\/2019\/09\/Utopia_Island_Trip_Safaga-e1614296637848.jpg?fit=1200%2C675&ssl=1","width":1200,"height":675,"caption":"Utopia Island Trip Safaga"},{"@type":"BreadcrumbList","@id":"https:\/\/landioustravel.com\/de\/shop\/schnorchelausflug-safaga-insel-utopia\/#breadcrumb","itemListElement":[{"@type":"ListItem","position":1,"name":"Home","item":"https:\/\/landioustravel.com\/de\/"},{"@type":"ListItem","position":2,"name":"\u00c4gypten Touren","item":"https:\/\/landioustravel.com\/de\/"},{"@type":"ListItem","position":3,"name":"Utopia Insel Reise Safaga"}]},{"@type":"WebSite","@id":"https:\/\/landioustravel.com\/de\/#website","url":"https:\/\/landioustravel.com\/de\/","name":"Landious Travel","description":"Excursions, trips and cruises in Egypt","publisher":{"@id":"https:\/\/landioustravel.com\/de\/#organization"},"potentialAction":[{"@type":"SearchAction","target":{"@type":"EntryPoint","urlTemplate":"https:\/\/landioustravel.com\/de\/?s={search_term_string}"},"query-input":{"@type":"PropertyValueSpecification","valueRequired":true,"valueName":"search_term_string"}}],"inLanguage":"de"},{"@type":["Organization","Place"],"@id":"https:\/\/landioustravel.com\/de\/#organization","name":"Landious Travel","alternateName":"Landious Travel","url":"https:\/\/landioustravel.com\/de\/","logo":{"@id":"https:\/\/landioustravel.com\/de\/shop\/schnorchelausflug-safaga-insel-utopia\/#local-main-organization-logo"},"image":{"@id":"https:\/\/landioustravel.com\/de\/shop\/schnorchelausflug-safaga-insel-utopia\/#local-main-organization-logo"},"sameAs":["https:\/\/web.facebook.com\/landiousEgypt","https:\/\/x.com\/LandiousTours","https:\/\/mastodon.social\/@landious"],"legalName":"Landious Travel","telephone":[],"openingHoursSpecification":[{"@type":"OpeningHoursSpecification","dayOfWeek":["Monday","Tuesday","Wednesday","Thursday","Friday","Saturday","Sunday"],"opens":"09:00","closes":"17:00"}]},{"@type":"ImageObject","inLanguage":"de","@id":"https:\/\/landioustravel.com\/de\/shop\/schnorchelausflug-safaga-insel-utopia\/#local-main-organization-logo","url":"https:\/\/i0.wp.com\/landioustravel.com\/wp-content\/uploads\/2021\/06\/Landious-T.png?fit=500%2C500&ssl=1","contentUrl":"https:\/\/i0.wp.com\/landioustravel.com\/wp-content\/uploads\/2021\/06\/Landious-T.png?fit=500%2C500&ssl=1","width":500,"height":500,"caption":"Landious Travel"}]}},"jetpack_publicize_connections":[],"uagb_featured_image_src":{"full":["https:\/\/i0.wp.com\/landioustravel.com\/wp-content\/uploads\/2019\/09\/Utopia_Island_Trip_Safaga-e1614296637848.jpg?fit=1200%2C675&ssl=1",1200,675,false],"thumbnail":["https:\/\/i0.wp.com\/landioustravel.com\/wp-content\/uploads\/2019\/09\/Utopia_Island_Trip_Safaga-e1614296637848.jpg?resize=150%2C150&ssl=1",150,150,true],"medium":["https:\/\/i0.wp.com\/landioustravel.com\/wp-content\/uploads\/2019\/09\/Utopia_Island_Trip_Safaga-e1614296637848.jpg?fit=300%2C169&ssl=1",300,169,true],"medium_large":["https:\/\/i0.wp.com\/landioustravel.com\/wp-content\/uploads\/2019\/09\/Utopia_Island_Trip_Safaga-e1614296637848.jpg?fit=768%2C432&ssl=1",768,432,true],"large":["https:\/\/i0.wp.com\/landioustravel.com\/wp-content\/uploads\/2019\/09\/Utopia_Island_Trip_Safaga-e1614296637848.jpg?fit=980%2C551&ssl=1",980,551,true],"1536x1536":["https:\/\/i0.wp.com\/landioustravel.com\/wp-content\/uploads\/2019\/09\/Utopia_Island_Trip_Safaga-e1614296637848.jpg?fit=1536%2C864&ssl=1",1536,864,true],"2048x2048":["https:\/\/i0.wp.com\/landioustravel.com\/wp-content\/uploads\/2019\/09\/Utopia_Island_Trip_Safaga-e1614296637848.jpg?fit=2048%2C1152&ssl=1",2048,1152,true],"newspack-article-block-landscape-large":["https:\/\/i0.wp.com\/landioustravel.com\/wp-content\/uploads\/2019\/09\/Utopia_Island_Trip_Safaga-e1614296637848.jpg?resize=1200%2C675&ssl=1",1200,900,true],"newspack-article-block-portrait-large":["https:\/\/i0.wp.com\/landioustravel.com\/wp-content\/uploads\/2019\/09\/Utopia_Island_Trip_Safaga-e1614296637848.jpg?resize=900%2C675&ssl=1",900,675,true],"newspack-article-block-square-large":["https:\/\/i0.wp.com\/landioustravel.com\/wp-content\/uploads\/2019\/09\/Utopia_Island_Trip_Safaga-e1614296637848.jpg?resize=1200%2C675&ssl=1",1200,1200,true],"newspack-article-block-landscape-medium":["https:\/\/i0.wp.com\/landioustravel.com\/wp-content\/uploads\/2019\/09\/Utopia_Island_Trip_Safaga-e1614296637848.jpg?resize=800%2C600&ssl=1",800,600,true],"newspack-article-block-portrait-medium":["https:\/\/i0.wp.com\/landioustravel.com\/wp-content\/uploads\/2019\/09\/Utopia_Island_Trip_Safaga-e1614296637848.jpg?resize=600%2C675&ssl=1",600,675,true],"newspack-article-block-square-medium":["https:\/\/i0.wp.com\/landioustravel.com\/wp-content\/uploads\/2019\/09\/Utopia_Island_Trip_Safaga-e1614296637848.jpg?resize=800%2C675&ssl=1",800,675,true],"newspack-article-block-landscape-intermediate":["https:\/\/i0.wp.com\/landioustravel.com\/wp-content\/uploads\/2019\/09\/Utopia_Island_Trip_Safaga-e1614296637848.jpg?resize=600%2C450&ssl=1",600,450,true],"newspack-article-block-portrait-intermediate":["https:\/\/i0.wp.com\/landioustravel.com\/wp-content\/uploads\/2019\/09\/Utopia_Island_Trip_Safaga-e1614296637848.jpg?resize=450%2C600&ssl=1",450,600,true],"newspack-article-block-square-intermediate":["https:\/\/i0.wp.com\/landioustravel.com\/wp-content\/uploads\/2019\/09\/Utopia_Island_Trip_Safaga-e1614296637848.jpg?resize=600%2C600&ssl=1",600,600,true],"newspack-article-block-landscape-small":["https:\/\/i0.wp.com\/landioustravel.com\/wp-content\/uploads\/2019\/09\/Utopia_Island_Trip_Safaga-e1614296637848.jpg?resize=400%2C300&ssl=1",400,300,true],"newspack-article-block-portrait-small":["https:\/\/i0.wp.com\/landioustravel.com\/wp-content\/uploads\/2019\/09\/Utopia_Island_Trip_Safaga-e1614296637848.jpg?resize=300%2C400&ssl=1",300,400,true],"newspack-article-block-square-small":["https:\/\/i0.wp.com\/landioustravel.com\/wp-content\/uploads\/2019\/09\/Utopia_Island_Trip_Safaga-e1614296637848.jpg?resize=400%2C400&ssl=1",400,400,true],"newspack-article-block-landscape-tiny":["https:\/\/i0.wp.com\/landioustravel.com\/wp-content\/uploads\/2019\/09\/Utopia_Island_Trip_Safaga-e1614296637848.jpg?resize=200%2C150&ssl=1",200,150,true],"newspack-article-block-portrait-tiny":["https:\/\/i0.wp.com\/landioustravel.com\/wp-content\/uploads\/2019\/09\/Utopia_Island_Trip_Safaga-e1614296637848.jpg?resize=150%2C200&ssl=1",150,200,true],"newspack-article-block-square-tiny":["https:\/\/i0.wp.com\/landioustravel.com\/wp-content\/uploads\/2019\/09\/Utopia_Island_Trip_Safaga-e1614296637848.jpg?resize=200%2C200&ssl=1",200,200,true],"newspack-article-block-uncropped":["https:\/\/i0.wp.com\/landioustravel.com\/wp-content\/uploads\/2019\/09\/Utopia_Island_Trip_Safaga-e1614296637848.jpg?fit=1200%2C675&ssl=1",1200,675,true],"woocommerce_thumbnail":["https:\/\/i0.wp.com\/landioustravel.com\/wp-content\/uploads\/2019\/09\/Utopia_Island_Trip_Safaga-e1614296637848.jpg?resize=324%2C324&ssl=1",324,324,true],"woocommerce_single":["https:\/\/i0.wp.com\/landioustravel.com\/wp-content\/uploads\/2019\/09\/Utopia_Island_Trip_Safaga-e1614296637848.jpg?fit=416%2C234&ssl=1",416,234,true],"woocommerce_gallery_thumbnail":["https:\/\/i0.wp.com\/landioustravel.com\/wp-content\/uploads\/2019\/09\/Utopia_Island_Trip_Safaga-e1614296637848.jpg?resize=100%2C100&ssl=1",100,100,true]},"uagb_author_info":{"display_name":"Mofreh Landious","author_link":"https:\/\/landioustravel.com\/de\/author\/"},"uagb_comment_info":6,"uagb_excerpt":"Haben Sie schon einmal dar\u00fcber nachgedacht, einen Seeausflug zur Insel Utopia zu unternehmen? Es ist ein aufregendes Abenteuer, das verschiedene Wassersportarten und die Landung auf der Insel beinhaltet! Sie k\u00f6nnen mit Maske und Flossen im offenen Meer schwimmen und schnorcheln, angeln gehen und sogar die Insel Utopia erkunden. Diese Reise ist allen Touristen auf der&hellip;","jetpack_sharing_enabled":true,"jetpack_likes_enabled":true,"amp_enabled":true,"_links":{"self":[{"href":"https:\/\/landioustravel.com\/de\/wp-json\/wp\/v2\/product\/18831","targetHints":{"allow":["GET"]}}],"collection":[{"href":"https:\/\/landioustravel.com\/de\/wp-json\/wp\/v2\/product"}],"about":[{"href":"https:\/\/landioustravel.com\/de\/wp-json\/wp\/v2\/types\/product"}],"replies":[{"embeddable":true,"href":"https:\/\/landioustravel.com\/de\/wp-json\/wp\/v2\/comments?post=18831"}],"wp:featuredmedia":[{"embeddable":true,"href":"https:\/\/landioustravel.com\/de\/wp-json\/wp\/v2\/media\/28765"}],"wp:attachment":[{"href":"https:\/\/landioustravel.com\/de\/wp-json\/wp\/v2\/media?parent=18831"}],"wp:term":[{"taxonomy":"product_brand","embeddable":true,"href":"https:\/\/landioustravel.com\/de\/wp-json\/wp\/v2\/product_brand?post=18831"},{"taxonomy":"product_cat","embeddable":true,"href":"https:\/\/landioustravel.com\/de\/wp-json\/wp\/v2\/product_cat?post=18831"},{"taxonomy":"product_tag","embeddable":true,"href":"https:\/\/landioustravel.com\/de\/wp-json\/wp\/v2\/product_tag?post=18831"}],"curies":[{"name":"wp","href":"https:\/\/api.w.org\/{rel}","templated":true}]}}