{"id":2044,"date":"2019-02-16T17:40:16","date_gmt":"2019-02-16T15:40:16","guid":{"rendered":"https:\/\/landioustravel.com\/product\/schnorcheln-bus-ras-mohammed-sharm\/"},"modified":"2024-09-30T20:17:25","modified_gmt":"2024-09-30T17:17:25","slug":"schnorcheln-bus-ras-mohammed-sharm","status":"publish","type":"product","link":"https:\/\/landioustravel.com\/de\/shop\/schnorcheln-bus-ras-mohammed-sharm\/","title":{"rendered":"Ras Mohammed Busfahrt Sharm El Sheikh"},"content":{"rendered":"<p>Es ist ein wunderbarer halbt\u00e4giger Ausflug mit dem Bus von <a href=\"https:\/\/landioustravel.com\/de\/sharm-sheikh-stadt\/\">Sharm El-Sheikh<\/a>, <a href=\"https:\/\/landioustravel.com\/de\/agypten\/\">\u00c4gypten<\/a>, in das Schutzgebiet von Ras Mohammed! Wir empfehlen die Reise, da Touristen so eine gute Zeit im Ras Mohammed National Park verbringen k\u00f6nnen! Mit Hilfe von Masken und Flossen k\u00f6nnen Sie wundersch\u00f6ne Korallenriffe und eine Vielzahl von Fischen sehen. Zweifellos werden Sie den Besuch eines der ber\u00fchmtesten Orte der Welt genie\u00dfen &#8211; des Ras Mohammed Nationalparks. ONLINE-BUCHUNG RAS MOHAMMED BUSFAHRT SHARM EL SHEIKH UND BESTER PREIS!<\/p>\n<p>Diese Reise geh\u00f6rt zu einer Liste von Dienstleistungen, die wir Ihnen in Sharm El Sheikh, Gouvernement S\u00fcd-Sinai, vorstellen. Sie werden es so sehr m\u00f6gen!<\/p>\n<h2>H\u00f6hepunkte der Busfahrt nach Ras Mohammed von Sharm El-Sheikh<\/h2>\n<ul>\n<li>Vom Strand aus im Meer schwimmen.<\/li>\n<li>Schnorcheln mit Masken und Flossen.<\/li>\n<li>Genie\u00dfen Sie die Landnatur des Ras Mohammed Nationalparks.<\/li>\n<li>Auch im Magic Lake schwimmen.<\/li>\n<\/ul>\n<h3>Programm der Schnorcheltour zum Ras Mohammed National Park<\/h3>\n<ul>\n<li>Der Vertreter von <a href=\"https:\/\/landioustravel.com\/de\/kontakte\/\">Landious Travel<\/a> holt Sie gegen 08:00 Uhr vom Hotel in Sharm El-Sheikh ab.<\/li>\n<li>Nachdem wir alle Ank\u00f6mmlinge abgeholt haben, f\u00e4hrt unser Bus in Richtung Ras Mohammed National Park. Der Weg zu diesem Nationalpark dauert ungef\u00e4hr 20 Minuten.<\/li>\n<li>Sobald Sie in diesem Nationalpark ankommen, entdecken Sie die Natur dieses erstaunlichen Ortes. Nat\u00fcrlich ist es weltber\u00fchmt f\u00fcr die Sch\u00f6nheit des Meereslebens und den Charme der Landnatur.<\/li>\n<li>Zuerst k\u00f6nnen Sie den Ort besuchen, an dem die Mangrovenb\u00e4ume in diesem Nationalpark wachsen.<\/li>\n<li>Dann k\u00f6nnen Sie im Magic Lake schwimmen. Es ist ein kleiner Salzsee.<\/li>\n<li>Danach haben Sie die M\u00f6glichkeit, im Meer zu schwimmen und das Meeresleben beim Schnorcheln mit Masken und Flossen zu beobachten.<\/li>\n<li>Schlie\u00dflich begleiten wir Sie nach einem so sch\u00f6nen Schnorchelausflug im Ras Mohammed National Park zur\u00fcck zu Ihren Hotels.<\/li>\n<li>Diese Reise mit dem Bus von <a href=\"https:\/\/www.google.de\/maps\/place\/Scharm+El-Scheich,+Qesm+Sharm+Ash+Sheikh,+Dschanub+Sina\/@27.946844,34.2787122,12z\/data=!3m1!4b1!4m5!3m4!1s0x14533bca3624d2e3:0xdd987e9c1945fd9c!8m2!3d27.9654198!4d34.3617769\" target=\"_blank\" rel=\"noopener\">Sharm El-Sheikh<\/a> nach Ras Mohammed endet gegen 13:30 Uhr.<\/li>\n<\/ul>\n<h4>Was beinhaltet der Preis f\u00fcr Ras Mohammed Busfahrt Sharm El Sheikh?<\/h4>\n<ul>\n<li>Eintrittskarten f\u00fcr den Ras Mohammed National Park.<\/li>\n<li>Transfer zum Pas Mohammed National Park und zur\u00fcck zum Hotel.<\/li>\n<\/ul>\n<h5>Was ist nicht im Ras Mohammed Bus Reise Sharm El Sheikh Programm enthalten?<\/h5>\n<ul>\n<li>Schnorchelausr\u00fcstung.<\/li>\n<li>Video DVD.<\/li>\n<li>Auch die Foto-CD.<\/li>\n<\/ul>\n<h6>Was nehmen Sie f\u00fcr die Reise mit?<\/h6>\n<ul>\n<li>Handtuch.<\/li>\n<li>Schnorchelausr\u00fcstung.<\/li>\n<li>Auch Sonnenschutz.<\/li>\n<\/ul>\n<h6>Ras Mohammed Busreise Sharm El Sheikh Buchungstage<\/h6>\n<ul>\n<li>T\u00e4glich von 08:00 bis 14:00 Uhr.<\/li>\n<\/ul>\n<h3>Dienstleistungen w\u00e4hrend der Busfahrt nach Ras Mohammed von Sharm El-Sheikh<\/h3>\n<ul>\n<li><strong>Transport<\/strong>: Landious Travel bedient Sie mit einer klimatisierten Limousine \/ einem Kleinbus. Ein professioneller Fahrer begleitet Sie zum Hafen und zur\u00fcck zu Ihren Hotels.<\/li>\n<li><strong>F\u00fchrung<\/strong>: Ein professioneller englischer Reiseleiter holt Sie von Ihren Hotels ab und begleitet Sie zum Hafen.<\/li>\n<li><strong>Team und so<\/strong>: Sie haben eine freundliche und professionelle Crew auf dem Boot. Unsere Instruktoren und Trainer werden Sie w\u00e4hrend der Reise begleiten.<\/li>\n<li><strong>Essen<\/strong>: Wir pr\u00e4sentieren ein hochwertiges Mittagessen auf dem Boot mit verschiedenen Gerichten.<\/li>\n<\/ul>\n","protected":false},"excerpt":{"rendered":"<p>Machen Sie sich bereit f\u00fcr ein unglaubliches Abenteuer mit Sharmers! Steigen Sie in einen Bus und fahren Sie f\u00fcr einen unvergesslichen Schnorchelausflug in den atemberaubenden Nationalpark Ras Mohamed. Auf dem Weg dorthin werden Sie von der atemberaubenden Landschaft begeistert sein und bei Ihrer Ankunft bereiten Sie sich darauf vor, in das weltber\u00fchmte Korallenriff einzutauchen. Dank des Schutzstatus des Parks k\u00f6nnen Sie eine unglaubliche Vielfalt an Meereslebewesen beobachten, darunter Hunderte von Korallen und Arten, \u00fcber tausend Fischarten, Dutzende Seesterne und Seeigel und sogar mehrere Arten von Meeresschildkr\u00f6ten.<\/p>\n<p>Aber das ist nicht alles! Ras Mohamed ist ber\u00fchmt f\u00fcr seine wundersch\u00f6ne nat\u00fcrliche Umgebung, sowohl unter Wasser als auch an Land. W\u00e4hrend Ihrer Reise haben Sie die M\u00f6glichkeit, die Mangrovenb\u00e4ume zu erkunden, die direkt im salzigen Wasser des Roten Meeres wachsen. Und vergessen Sie nicht, einen Blick auf den Erdspalt und den \u201eZaubersee\u201c zu werfen \u2013 es wird Ihnen den Atem rauben!<\/p>\n<p>Unser Team steht Ihnen bei jedem Schritt zur Seite und sorgt w\u00e4hrend der gesamten Reise f\u00fcr Ihre Sicherheit und Ihren Komfort. Also, worauf wartest Du? Buchen Sie jetzt Ihre Reise und machen Sie sich bereit f\u00fcr das Abenteuer Ihres Lebens!<\/p>\n","protected":false},"featured_media":100344,"comment_status":"open","ping_status":"closed","template":"","meta":{"_coblocks_attr":"","_coblocks_dimensions":"","_coblocks_responsive_height":"","_coblocks_accordion_ie_support":"","_uag_custom_page_level_css":"","jetpack_post_was_ever_published":false,"jetpack_publicize_message":"","jetpack_publicize_feature_enabled":true,"jetpack_social_post_already_shared":false,"jetpack_social_options":{"image_generator_settings":{"template":"highway","default_image_id":0,"font":"","enabled":false},"version":2},"_wpas_customize_per_network":false},"product_brand":[],"product_cat":[1606,1604,23606],"product_tag":[1653,1844,1777,1778,1657],"class_list":{"0":"post-2044","1":"product","2":"type-product","3":"status-publish","4":"has-post-thumbnail","6":"product_cat-seereisen-sharm-sheikh","7":"product_cat-ausfluge-sharm-sheikh","8":"product_cat-tagesausfluege-sharm-sheikh","9":"product_tag-ausflug","10":"product_tag-bootsausfluge","11":"product_tag-meer","12":"product_tag-schnorcheln","13":"product_tag-sharm-el-sheikh-de","14":"pa_age-erwachsene","15":"pa_age-kind-1-4-jahre","16":"pa_age-kind-5-11-jahre","18":"first","19":"instock","20":"sale","21":"purchasable","22":"product-type-variable"},"yoast_head":"<!-- This site is optimized with the Yoast SEO Premium plugin v26.9 (Yoast SEO v27.3) - https:\/\/yoast.com\/product\/yoast-seo-premium-wordpress\/ -->\n<title>Ras Mohammed Busfahrt Sharm El Sheikh<\/title>\n<meta name=\"description\" content=\"Ras Mohammed Busfahrt Sharm El Sheikh Eine wundersch\u00f6ne Schnorchelbusfahrt im Naturschutzgebiet Ras Mohammed, preis, program\" \/>\n<meta name=\"robots\" content=\"index, follow, max-snippet:-1, max-image-preview:large, max-video-preview:-1\" \/>\n<link rel=\"canonical\" href=\"https:\/\/landioustravel.com\/de\/shop\/schnorcheln-bus-ras-mohammed-sharm\/\" \/>\n<meta property=\"og:locale\" content=\"de_DE\" \/>\n<meta property=\"og:type\" content=\"article\" \/>\n<meta property=\"og:title\" content=\"Ras Mohammed Busfahrt Sharm El Sheikh\" \/>\n<meta property=\"og:description\" content=\"Landious Travel\" \/>\n<meta property=\"og:url\" content=\"https:\/\/landioustravel.com\/de\/shop\/schnorcheln-bus-ras-mohammed-sharm\/\" \/>\n<meta property=\"og:site_name\" content=\"Landious Travel\" \/>\n<meta property=\"article:publisher\" content=\"https:\/\/web.facebook.com\/landiousEgypt\" \/>\n<meta property=\"article:modified_time\" content=\"2024-09-30T17:17:25+00:00\" \/>\n<meta property=\"og:image\" content=\"https:\/\/landioustravel.com\/wp-content\/uploads\/2019\/02\/Ras-Mohammed-National-Park-entrance-gate.jpg\" \/>\n\t<meta property=\"og:image:width\" content=\"1024\" \/>\n\t<meta property=\"og:image:height\" content=\"644\" \/>\n\t<meta property=\"og:image:type\" content=\"image\/jpeg\" \/>\n<meta name=\"twitter:card\" content=\"summary_large_image\" \/>\n<meta name=\"twitter:site\" content=\"@LandiousTours\" \/>\n<meta name=\"twitter:label1\" content=\"Gesch\u00e4tzte Lesezeit\" \/>\n\t<meta name=\"twitter:data1\" content=\"3\u00a0Minuten\" \/>\n<script type=\"application\/ld+json\" class=\"yoast-schema-graph\">{\"@context\":\"https:\\\/\\\/schema.org\",\"@graph\":[{\"@type\":\"WebPage\",\"@id\":\"https:\\\/\\\/landioustravel.com\\\/de\\\/shop\\\/schnorcheln-bus-ras-mohammed-sharm\\\/\",\"url\":\"https:\\\/\\\/landioustravel.com\\\/de\\\/shop\\\/schnorcheln-bus-ras-mohammed-sharm\\\/\",\"name\":\"Ras Mohammed Busfahrt Sharm El Sheikh\",\"isPartOf\":{\"@id\":\"https:\\\/\\\/landioustravel.com\\\/de\\\/#website\"},\"primaryImageOfPage\":{\"@id\":\"https:\\\/\\\/landioustravel.com\\\/de\\\/shop\\\/schnorcheln-bus-ras-mohammed-sharm\\\/#primaryimage\"},\"image\":{\"@id\":\"https:\\\/\\\/landioustravel.com\\\/de\\\/shop\\\/schnorcheln-bus-ras-mohammed-sharm\\\/#primaryimage\"},\"thumbnailUrl\":\"https:\\\/\\\/i0.wp.com\\\/landioustravel.com\\\/wp-content\\\/uploads\\\/2019\\\/02\\\/Ras-Mohammed-National-Park-entrance-gate.jpg?fit=1024%2C644&ssl=1\",\"datePublished\":\"2019-02-16T15:40:16+00:00\",\"dateModified\":\"2024-09-30T17:17:25+00:00\",\"description\":\"Ras Mohammed Busfahrt Sharm El Sheikh Eine wundersch\u00f6ne Schnorchelbusfahrt im Naturschutzgebiet Ras Mohammed, preis, program\",\"breadcrumb\":{\"@id\":\"https:\\\/\\\/landioustravel.com\\\/de\\\/shop\\\/schnorcheln-bus-ras-mohammed-sharm\\\/#breadcrumb\"},\"inLanguage\":\"de\",\"potentialAction\":[{\"@type\":\"ReadAction\",\"target\":[\"https:\\\/\\\/landioustravel.com\\\/de\\\/shop\\\/schnorcheln-bus-ras-mohammed-sharm\\\/\"]}]},{\"@type\":\"ImageObject\",\"inLanguage\":\"de\",\"@id\":\"https:\\\/\\\/landioustravel.com\\\/de\\\/shop\\\/schnorcheln-bus-ras-mohammed-sharm\\\/#primaryimage\",\"url\":\"https:\\\/\\\/i0.wp.com\\\/landioustravel.com\\\/wp-content\\\/uploads\\\/2019\\\/02\\\/Ras-Mohammed-National-Park-entrance-gate.jpg?fit=1024%2C644&ssl=1\",\"contentUrl\":\"https:\\\/\\\/i0.wp.com\\\/landioustravel.com\\\/wp-content\\\/uploads\\\/2019\\\/02\\\/Ras-Mohammed-National-Park-entrance-gate.jpg?fit=1024%2C644&ssl=1\",\"width\":1024,\"height\":644,\"caption\":\"Ras Mohammed National Park entrance gate\"},{\"@type\":\"BreadcrumbList\",\"@id\":\"https:\\\/\\\/landioustravel.com\\\/de\\\/shop\\\/schnorcheln-bus-ras-mohammed-sharm\\\/#breadcrumb\",\"itemListElement\":[{\"@type\":\"ListItem\",\"position\":1,\"name\":\"Home\",\"item\":\"https:\\\/\\\/landioustravel.com\\\/de\\\/\"},{\"@type\":\"ListItem\",\"position\":2,\"name\":\"\u00c4gypten Touren\",\"item\":\"https:\\\/\\\/landioustravel.com\\\/de\\\/\"},{\"@type\":\"ListItem\",\"position\":3,\"name\":\"Ras Mohammed Busfahrt Sharm El Sheikh\"}]},{\"@type\":\"WebSite\",\"@id\":\"https:\\\/\\\/landioustravel.com\\\/de\\\/#website\",\"url\":\"https:\\\/\\\/landioustravel.com\\\/de\\\/\",\"name\":\"Landious Travel\",\"description\":\"Excursions, trips and cruises in Egypt\",\"publisher\":{\"@id\":\"https:\\\/\\\/landioustravel.com\\\/de\\\/#organization\"},\"potentialAction\":[{\"@type\":\"SearchAction\",\"target\":{\"@type\":\"EntryPoint\",\"urlTemplate\":\"https:\\\/\\\/landioustravel.com\\\/de\\\/?s={search_term_string}\"},\"query-input\":{\"@type\":\"PropertyValueSpecification\",\"valueRequired\":true,\"valueName\":\"search_term_string\"}}],\"inLanguage\":\"de\"},{\"@type\":[\"Organization\",\"Place\"],\"@id\":\"https:\\\/\\\/landioustravel.com\\\/de\\\/#organization\",\"name\":\"Landious Travel\",\"alternateName\":\"Landious Travel\",\"url\":\"https:\\\/\\\/landioustravel.com\\\/de\\\/\",\"logo\":{\"@id\":\"https:\\\/\\\/landioustravel.com\\\/de\\\/shop\\\/schnorcheln-bus-ras-mohammed-sharm\\\/#local-main-organization-logo\"},\"image\":{\"@id\":\"https:\\\/\\\/landioustravel.com\\\/de\\\/shop\\\/schnorcheln-bus-ras-mohammed-sharm\\\/#local-main-organization-logo\"},\"sameAs\":[\"https:\\\/\\\/web.facebook.com\\\/landiousEgypt\",\"https:\\\/\\\/x.com\\\/LandiousTours\",\"https:\\\/\\\/mastodon.social\\\/@landious\"],\"legalName\":\"Landious Travel\",\"telephone\":[],\"openingHoursSpecification\":[{\"@type\":\"OpeningHoursSpecification\",\"dayOfWeek\":[\"Monday\",\"Tuesday\",\"Wednesday\",\"Thursday\",\"Friday\",\"Saturday\",\"Sunday\"],\"opens\":\"09:00\",\"closes\":\"17:00\"}]},{\"@type\":\"ImageObject\",\"inLanguage\":\"de\",\"@id\":\"https:\\\/\\\/landioustravel.com\\\/de\\\/shop\\\/schnorcheln-bus-ras-mohammed-sharm\\\/#local-main-organization-logo\",\"url\":\"https:\\\/\\\/i0.wp.com\\\/landioustravel.com\\\/wp-content\\\/uploads\\\/2021\\\/06\\\/Landious-T.png?fit=500%2C500&ssl=1\",\"contentUrl\":\"https:\\\/\\\/i0.wp.com\\\/landioustravel.com\\\/wp-content\\\/uploads\\\/2021\\\/06\\\/Landious-T.png?fit=500%2C500&ssl=1\",\"width\":500,\"height\":500,\"caption\":\"Landious Travel\"}]}<\/script>\n<!-- \/ Yoast SEO Premium plugin. -->","yoast_head_json":{"title":"Ras Mohammed Busfahrt Sharm El Sheikh","description":"Ras Mohammed Busfahrt Sharm El Sheikh Eine wundersch\u00f6ne Schnorchelbusfahrt im Naturschutzgebiet Ras Mohammed, preis, program","robots":{"index":"index","follow":"follow","max-snippet":"max-snippet:-1","max-image-preview":"max-image-preview:large","max-video-preview":"max-video-preview:-1"},"canonical":"https:\/\/landioustravel.com\/de\/shop\/schnorcheln-bus-ras-mohammed-sharm\/","og_locale":"de_DE","og_type":"article","og_title":"Ras Mohammed Busfahrt Sharm El Sheikh","og_description":"Landious Travel","og_url":"https:\/\/landioustravel.com\/de\/shop\/schnorcheln-bus-ras-mohammed-sharm\/","og_site_name":"Landious Travel","article_publisher":"https:\/\/web.facebook.com\/landiousEgypt","article_modified_time":"2024-09-30T17:17:25+00:00","og_image":[{"width":1024,"height":644,"url":"https:\/\/landioustravel.com\/wp-content\/uploads\/2019\/02\/Ras-Mohammed-National-Park-entrance-gate.jpg","type":"image\/jpeg"}],"twitter_card":"summary_large_image","twitter_site":"@LandiousTours","twitter_misc":{"Gesch\u00e4tzte Lesezeit":"3\u00a0Minuten"},"schema":{"@context":"https:\/\/schema.org","@graph":[{"@type":"WebPage","@id":"https:\/\/landioustravel.com\/de\/shop\/schnorcheln-bus-ras-mohammed-sharm\/","url":"https:\/\/landioustravel.com\/de\/shop\/schnorcheln-bus-ras-mohammed-sharm\/","name":"Ras Mohammed Busfahrt Sharm El Sheikh","isPartOf":{"@id":"https:\/\/landioustravel.com\/de\/#website"},"primaryImageOfPage":{"@id":"https:\/\/landioustravel.com\/de\/shop\/schnorcheln-bus-ras-mohammed-sharm\/#primaryimage"},"image":{"@id":"https:\/\/landioustravel.com\/de\/shop\/schnorcheln-bus-ras-mohammed-sharm\/#primaryimage"},"thumbnailUrl":"https:\/\/i0.wp.com\/landioustravel.com\/wp-content\/uploads\/2019\/02\/Ras-Mohammed-National-Park-entrance-gate.jpg?fit=1024%2C644&ssl=1","datePublished":"2019-02-16T15:40:16+00:00","dateModified":"2024-09-30T17:17:25+00:00","description":"Ras Mohammed Busfahrt Sharm El Sheikh Eine wundersch\u00f6ne Schnorchelbusfahrt im Naturschutzgebiet Ras Mohammed, preis, program","breadcrumb":{"@id":"https:\/\/landioustravel.com\/de\/shop\/schnorcheln-bus-ras-mohammed-sharm\/#breadcrumb"},"inLanguage":"de","potentialAction":[{"@type":"ReadAction","target":["https:\/\/landioustravel.com\/de\/shop\/schnorcheln-bus-ras-mohammed-sharm\/"]}]},{"@type":"ImageObject","inLanguage":"de","@id":"https:\/\/landioustravel.com\/de\/shop\/schnorcheln-bus-ras-mohammed-sharm\/#primaryimage","url":"https:\/\/i0.wp.com\/landioustravel.com\/wp-content\/uploads\/2019\/02\/Ras-Mohammed-National-Park-entrance-gate.jpg?fit=1024%2C644&ssl=1","contentUrl":"https:\/\/i0.wp.com\/landioustravel.com\/wp-content\/uploads\/2019\/02\/Ras-Mohammed-National-Park-entrance-gate.jpg?fit=1024%2C644&ssl=1","width":1024,"height":644,"caption":"Ras Mohammed National Park entrance gate"},{"@type":"BreadcrumbList","@id":"https:\/\/landioustravel.com\/de\/shop\/schnorcheln-bus-ras-mohammed-sharm\/#breadcrumb","itemListElement":[{"@type":"ListItem","position":1,"name":"Home","item":"https:\/\/landioustravel.com\/de\/"},{"@type":"ListItem","position":2,"name":"\u00c4gypten Touren","item":"https:\/\/landioustravel.com\/de\/"},{"@type":"ListItem","position":3,"name":"Ras Mohammed Busfahrt Sharm El Sheikh"}]},{"@type":"WebSite","@id":"https:\/\/landioustravel.com\/de\/#website","url":"https:\/\/landioustravel.com\/de\/","name":"Landious Travel","description":"Excursions, trips and cruises in Egypt","publisher":{"@id":"https:\/\/landioustravel.com\/de\/#organization"},"potentialAction":[{"@type":"SearchAction","target":{"@type":"EntryPoint","urlTemplate":"https:\/\/landioustravel.com\/de\/?s={search_term_string}"},"query-input":{"@type":"PropertyValueSpecification","valueRequired":true,"valueName":"search_term_string"}}],"inLanguage":"de"},{"@type":["Organization","Place"],"@id":"https:\/\/landioustravel.com\/de\/#organization","name":"Landious Travel","alternateName":"Landious Travel","url":"https:\/\/landioustravel.com\/de\/","logo":{"@id":"https:\/\/landioustravel.com\/de\/shop\/schnorcheln-bus-ras-mohammed-sharm\/#local-main-organization-logo"},"image":{"@id":"https:\/\/landioustravel.com\/de\/shop\/schnorcheln-bus-ras-mohammed-sharm\/#local-main-organization-logo"},"sameAs":["https:\/\/web.facebook.com\/landiousEgypt","https:\/\/x.com\/LandiousTours","https:\/\/mastodon.social\/@landious"],"legalName":"Landious Travel","telephone":[],"openingHoursSpecification":[{"@type":"OpeningHoursSpecification","dayOfWeek":["Monday","Tuesday","Wednesday","Thursday","Friday","Saturday","Sunday"],"opens":"09:00","closes":"17:00"}]},{"@type":"ImageObject","inLanguage":"de","@id":"https:\/\/landioustravel.com\/de\/shop\/schnorcheln-bus-ras-mohammed-sharm\/#local-main-organization-logo","url":"https:\/\/i0.wp.com\/landioustravel.com\/wp-content\/uploads\/2021\/06\/Landious-T.png?fit=500%2C500&ssl=1","contentUrl":"https:\/\/i0.wp.com\/landioustravel.com\/wp-content\/uploads\/2021\/06\/Landious-T.png?fit=500%2C500&ssl=1","width":500,"height":500,"caption":"Landious Travel"}]}},"jetpack_publicize_connections":[],"uagb_featured_image_src":{"full":["https:\/\/i0.wp.com\/landioustravel.com\/wp-content\/uploads\/2019\/02\/Ras-Mohammed-National-Park-entrance-gate.jpg?fit=1024%2C644&ssl=1",1024,644,false],"thumbnail":["https:\/\/i0.wp.com\/landioustravel.com\/wp-content\/uploads\/2019\/02\/Ras-Mohammed-National-Park-entrance-gate.jpg?resize=150%2C150&ssl=1",150,150,true],"medium":["https:\/\/i0.wp.com\/landioustravel.com\/wp-content\/uploads\/2019\/02\/Ras-Mohammed-National-Park-entrance-gate.jpg?fit=300%2C189&ssl=1",300,189,true],"medium_large":["https:\/\/i0.wp.com\/landioustravel.com\/wp-content\/uploads\/2019\/02\/Ras-Mohammed-National-Park-entrance-gate.jpg?fit=768%2C483&ssl=1",768,483,true],"large":["https:\/\/i0.wp.com\/landioustravel.com\/wp-content\/uploads\/2019\/02\/Ras-Mohammed-National-Park-entrance-gate.jpg?fit=980%2C616&ssl=1",980,616,true],"1536x1536":["https:\/\/i0.wp.com\/landioustravel.com\/wp-content\/uploads\/2019\/02\/Ras-Mohammed-National-Park-entrance-gate.jpg?fit=1024%2C644&ssl=1",1024,644,true],"2048x2048":["https:\/\/i0.wp.com\/landioustravel.com\/wp-content\/uploads\/2019\/02\/Ras-Mohammed-National-Park-entrance-gate.jpg?fit=1024%2C644&ssl=1",1024,644,true],"newspack-article-block-landscape-large":["https:\/\/i0.wp.com\/landioustravel.com\/wp-content\/uploads\/2019\/02\/Ras-Mohammed-National-Park-entrance-gate.jpg?resize=1024%2C644&ssl=1",1024,644,true],"newspack-article-block-portrait-large":["https:\/\/i0.wp.com\/landioustravel.com\/wp-content\/uploads\/2019\/02\/Ras-Mohammed-National-Park-entrance-gate.jpg?resize=900%2C644&ssl=1",900,644,true],"newspack-article-block-square-large":["https:\/\/i0.wp.com\/landioustravel.com\/wp-content\/uploads\/2019\/02\/Ras-Mohammed-National-Park-entrance-gate.jpg?resize=1024%2C644&ssl=1",1024,644,true],"newspack-article-block-landscape-medium":["https:\/\/i0.wp.com\/landioustravel.com\/wp-content\/uploads\/2019\/02\/Ras-Mohammed-National-Park-entrance-gate.jpg?resize=800%2C600&ssl=1",800,600,true],"newspack-article-block-portrait-medium":["https:\/\/i0.wp.com\/landioustravel.com\/wp-content\/uploads\/2019\/02\/Ras-Mohammed-National-Park-entrance-gate.jpg?resize=600%2C644&ssl=1",600,644,true],"newspack-article-block-square-medium":["https:\/\/i0.wp.com\/landioustravel.com\/wp-content\/uploads\/2019\/02\/Ras-Mohammed-National-Park-entrance-gate.jpg?resize=800%2C644&ssl=1",800,644,true],"newspack-article-block-landscape-intermediate":["https:\/\/i0.wp.com\/landioustravel.com\/wp-content\/uploads\/2019\/02\/Ras-Mohammed-National-Park-entrance-gate.jpg?resize=600%2C450&ssl=1",600,450,true],"newspack-article-block-portrait-intermediate":["https:\/\/i0.wp.com\/landioustravel.com\/wp-content\/uploads\/2019\/02\/Ras-Mohammed-National-Park-entrance-gate.jpg?resize=450%2C600&ssl=1",450,600,true],"newspack-article-block-square-intermediate":["https:\/\/i0.wp.com\/landioustravel.com\/wp-content\/uploads\/2019\/02\/Ras-Mohammed-National-Park-entrance-gate.jpg?resize=600%2C600&ssl=1",600,600,true],"newspack-article-block-landscape-small":["https:\/\/i0.wp.com\/landioustravel.com\/wp-content\/uploads\/2019\/02\/Ras-Mohammed-National-Park-entrance-gate.jpg?resize=400%2C300&ssl=1",400,300,true],"newspack-article-block-portrait-small":["https:\/\/i0.wp.com\/landioustravel.com\/wp-content\/uploads\/2019\/02\/Ras-Mohammed-National-Park-entrance-gate.jpg?resize=300%2C400&ssl=1",300,400,true],"newspack-article-block-square-small":["https:\/\/i0.wp.com\/landioustravel.com\/wp-content\/uploads\/2019\/02\/Ras-Mohammed-National-Park-entrance-gate.jpg?resize=400%2C400&ssl=1",400,400,true],"newspack-article-block-landscape-tiny":["https:\/\/i0.wp.com\/landioustravel.com\/wp-content\/uploads\/2019\/02\/Ras-Mohammed-National-Park-entrance-gate.jpg?resize=200%2C150&ssl=1",200,150,true],"newspack-article-block-portrait-tiny":["https:\/\/i0.wp.com\/landioustravel.com\/wp-content\/uploads\/2019\/02\/Ras-Mohammed-National-Park-entrance-gate.jpg?resize=150%2C200&ssl=1",150,200,true],"newspack-article-block-square-tiny":["https:\/\/i0.wp.com\/landioustravel.com\/wp-content\/uploads\/2019\/02\/Ras-Mohammed-National-Park-entrance-gate.jpg?resize=200%2C200&ssl=1",200,200,true],"newspack-article-block-uncropped":["https:\/\/i0.wp.com\/landioustravel.com\/wp-content\/uploads\/2019\/02\/Ras-Mohammed-National-Park-entrance-gate.jpg?fit=1024%2C644&ssl=1",1024,644,true],"woocommerce_thumbnail":["https:\/\/i0.wp.com\/landioustravel.com\/wp-content\/uploads\/2019\/02\/Ras-Mohammed-National-Park-entrance-gate.jpg?resize=324%2C324&ssl=1",324,324,true],"woocommerce_single":["https:\/\/i0.wp.com\/landioustravel.com\/wp-content\/uploads\/2019\/02\/Ras-Mohammed-National-Park-entrance-gate.jpg?fit=416%2C262&ssl=1",416,262,true],"woocommerce_gallery_thumbnail":["https:\/\/i0.wp.com\/landioustravel.com\/wp-content\/uploads\/2019\/02\/Ras-Mohammed-National-Park-entrance-gate.jpg?resize=100%2C100&ssl=1",100,100,true]},"uagb_author_info":{"display_name":"Mofreh Landious","author_link":"https:\/\/landioustravel.com\/de\/author\/"},"uagb_comment_info":3,"uagb_excerpt":"Machen Sie sich bereit f\u00fcr ein unglaubliches Abenteuer mit Sharmers! Steigen Sie in einen Bus und fahren Sie f\u00fcr einen unvergesslichen Schnorchelausflug in den atemberaubenden Nationalpark Ras Mohamed. Auf dem Weg dorthin werden Sie von der atemberaubenden Landschaft begeistert sein und bei Ihrer Ankunft bereiten Sie sich darauf vor, in das weltber\u00fchmte Korallenriff einzutauchen. Dank&hellip;","jetpack_sharing_enabled":true,"jetpack_likes_enabled":true,"amp_enabled":true,"_links":{"self":[{"href":"https:\/\/landioustravel.com\/de\/wp-json\/wp\/v2\/product\/2044","targetHints":{"allow":["GET"]}}],"collection":[{"href":"https:\/\/landioustravel.com\/de\/wp-json\/wp\/v2\/product"}],"about":[{"href":"https:\/\/landioustravel.com\/de\/wp-json\/wp\/v2\/types\/product"}],"replies":[{"embeddable":true,"href":"https:\/\/landioustravel.com\/de\/wp-json\/wp\/v2\/comments?post=2044"}],"wp:featuredmedia":[{"embeddable":true,"href":"https:\/\/landioustravel.com\/de\/wp-json\/wp\/v2\/media\/100344"}],"wp:attachment":[{"href":"https:\/\/landioustravel.com\/de\/wp-json\/wp\/v2\/media?parent=2044"}],"wp:term":[{"taxonomy":"product_brand","embeddable":true,"href":"https:\/\/landioustravel.com\/de\/wp-json\/wp\/v2\/product_brand?post=2044"},{"taxonomy":"product_cat","embeddable":true,"href":"https:\/\/landioustravel.com\/de\/wp-json\/wp\/v2\/product_cat?post=2044"},{"taxonomy":"product_tag","embeddable":true,"href":"https:\/\/landioustravel.com\/de\/wp-json\/wp\/v2\/product_tag?post=2044"}],"curies":[{"name":"wp","href":"https:\/\/api.w.org\/{rel}","templated":true}]}}