{"id":25312,"date":"2020-10-18T10:11:09","date_gmt":"2020-10-18T12:17:35","guid":{"rendered":"https:\/\/landioustravel.com\/?post_type=product&#038;p=25312"},"modified":"2025-10-01T20:16:15","modified_gmt":"2025-10-01T17:16:15","slug":"schwimmausflug-delfinen-hurghada","status":"publish","type":"product","link":"https:\/\/landioustravel.com\/de\/shop\/schwimmausflug-delfinen-hurghada\/","title":{"rendered":"Schwimmen mit Delfinen Reise Hurghada"},"content":{"rendered":"<p>Ein beliebter Unterhaltungsausflug zum Schwimmen mit den freundlichen Delfinen in <a href=\"https:\/\/landioustravel.com\/de\/hurghada-stadt\/\">Hurghada<\/a>, <a href=\"https:\/\/landioustravel.com\/de\/agypten\/\">\u00c4gypten<\/a>! Wir empfehlen die Reise, da Touristen so gut mit Delfinen schwimmen k\u00f6nnen. Dieses Delphin-Schwimmerlebnis ist eine gro\u00dfartige M\u00f6glichkeit, diese sch\u00f6nen und reizenden Kreaturen hautnah kennenzulernen. Sie k\u00f6nnen die Delfine ber\u00fchren, k\u00fcssen, umarmen, schwimmen, singen und mit ihnen spielen. Was f\u00fcr eine gro\u00dfartige Erfahrung, diese freudigen Aktivit\u00e4ten ausf\u00fchren zu k\u00f6nnen! Es ist eine M\u00f6glichkeit, mit der Familie einige sch\u00f6ne Erinnerungen an die Interaktion mit diesen intelligenten Meeress\u00e4ugern zu teilen. Nat\u00fcrlich k\u00f6nnen Sie die ganze Familie begleiten, um diese Aktivit\u00e4t durchzuf\u00fchren und die Tr\u00e4ume wahr werden zu lassen. Es ist wirklich eine der besten Unterhaltungsreisen, die Sie in Hurghada unternehmen k\u00f6nnen! ONLINE BUCHUNG SCHWIMMEN MIT DELPHINEN REISE HURGHADA UND BEST PREIS!<\/p>\n<h2>H\u00f6hepunkte der Schwimmreise mit Delfinen in Hurghada<\/h2>\n<ul>\n<li>Schwimmen mit den Delfinen im Schwimmbad.<\/li>\n<li>Auch Bilder und DVD-Briefing.<\/li>\n<\/ul>\n<h3>Schwimmprogramm Erfahrung mit Delfinen<\/h3>\n<ul>\n<li>Der Vertreter von <a href=\"https:\/\/landioustravel.com\/de\/kontakte\/\">Landious Travel<\/a> holt Sie gegen 09:00 Uhr von Ihrem Hotel in Hurghada ab.<\/li>\n<li>Nachdem alle Ank\u00f6mmlinge abgeholt wurden, f\u00e4hrt der Bus zum Delphinarium in Hurghada. Der Weg zum Delphinarium dauert ca. 30 Minuten.<\/li>\n<li>Im Delphinarium haben Sie Platz zum Umziehen. Bei Bedarf k\u00f6nnen Sie auch einen Badeanzug und Schwimmwesten anziehen.<\/li>\n<li>Einer der faszinierendsten Punkte dieser Erfahrung ist die Interaktion mit Delfinen. Sie werden ein so sch\u00f6nes Gef\u00fchl bekommen, wenn Sie mit ihnen interagieren. Delfine sind wirklich eine der freundlichsten und intelligentesten Arten der Welt! Die n\u00e4chste Hauptstation ist das Schwimmen mit freundlichen Delfinen. Es ist f\u00fcr jedes Alter geeignet, Spa\u00df mit diesen niedlichen Kreaturen in einem gro\u00dfen Schwimmbad zu haben. Sie haben einen Delphin pro zwei Personen und einen professionellen Trainer, der Ihnen hilft, diese aufregende Erfahrung zu genie\u00dfen. Genie\u00dfen Sie Ihr Schwimmerlebnis mit Delfinen, indem Sie diese entz\u00fcckenden Kreaturen im Pool ber\u00fchren, streicheln, umarmen und k\u00fcssen. Denken Sie daran, f\u00fcr die Kamera zu l\u00e4cheln! Sch\u00e4tzen Sie diese unvergesslichen Erinnerungen mit digitalen Fotos Ihres Schwimmens mit Delfinerfahrung.<\/li>\n<li>Sobald Sie Ihre Interaktion beendet haben, beginnt ein Bild- und DVD-Briefing. Bis dahin bietet Ihnen Ihr Trainer an, einige Fotos zu machen, um sich diese sch\u00f6nen Momente zu merken. Anschlie\u00dfend bietet Ihnen der Trainer diese Bilder gegen Aufpreis an. Nat\u00fcrlich variiert der Preis je nach Gr\u00f6\u00dfe. Aber es wird etwas Optionales sein. Diese DVD-Einweisung dauert 30 Minuten.<\/li>\n<li>Nach solch einer wunderbaren Delfinreise f\u00e4hrt Ihr Bus schlie\u00dflich zur\u00fcck zu Ihren Hotels. Und wieder begleiten wir Sie zu Ihren Hotels.<\/li>\n<li>Diese Schwimmreise mit Delfinen in <a href=\"https:\/\/www.google.de\/maps\/place\/Hurghada,+Al-Bahr+al-ahmar\/@27.1928369,33.5015083,10z\/data=!3m1!4b1!4m5!3m4!1s0x145287b2cd3dbbb3:0x2db807f98bd3c360!8m2!3d27.2578957!4d33.8116067\" target=\"_blank\" rel=\"noopener\">Hurghada<\/a> endet gegen 16:30 Uhr.<\/li>\n<\/ul>\n<h4>Was beinhaltet der Preis f\u00fcr Schwimmen mit Delfinen Reise Hurghada?<\/h4>\n<ul>\n<li>Professioneller Trainer.<\/li>\n<li>Rettungsweste.<\/li>\n<li>Transfer zum Delphinarium und zur\u00fcck zum Hotel.<\/li>\n<\/ul>\n<h5>Was beinhaltet das Hurghada-Programm \u201eSchwimmen mit Delfinen\u201c nicht?<\/h5>\n<ul>\n<li>Video DVD.<\/li>\n<li>Auch die Foto-CD.<\/li>\n<\/ul>\n<h6>Was nehmen Sie f\u00fcr die Reise mit?<\/h6>\n<ul>\n<li>Handtuch.<\/li>\n<li>Auch Sonnenschutz.<\/li>\n<li>Zus\u00e4tzliches Geld.<\/li>\n<\/ul>\n<h6>Schwimmausflug mit Dolphins Hurghada Buchungstage<\/h6>\n<ul>\n<li>T\u00e4glich von 09:00 bis 12:00 Uhr.<\/li>\n<\/ul>\n","protected":false},"excerpt":{"rendered":"<p>Erleben Sie bei unserem fantastischen Ausflug die Freude, mit Delfinen in Hurghada aus n\u00e4chster N\u00e4he zu schwimmen. Unsere erfahrenen Trainer beaufsichtigen Ihr 5-min\u00fctiges Schwimmen und geben Ihnen die M\u00f6glichkeit, mit einem Delfin zu spielen, ihn zu ber\u00fchren und sogar einen Kuss von ihm zu bekommen. Sie haben die M\u00f6glichkeit, in einer freundlichen und sicheren Umgebung mit diesen liebenswerten Kreaturen zu interagieren.<\/p>\n<p>Dieses Abenteuer ist f\u00fcr Menschen jeden Alters geeignet, auch f\u00fcr Kinder und Nichtschwimmer. Sie werden vor dem Erlebnis eingewiesen und w\u00e4hrend der gesamten Sitzung begleitet, um sicherzustellen, dass Sie eine unvergessliche Zeit mit unseren freundlichen Delfinen verbringen.<\/p>\n<p>Halten Sie die Erinnerungen mit professionellen Fotos fest, die Sie nach der Reise erwerben k\u00f6nnen. Gegen eine zus\u00e4tzliche Geb\u00fchr k\u00f6nnen Sie Ihr Schwimmen um 5 bis 10 Minuten verl\u00e4ngern oder eine DVD des Erlebnisses erhalten.<\/p>\n<p>Unsere Reise beinhaltet die Abholung und R\u00fcckgabe an Ihrem Hotel in Hurghada sowie alle Transfers mit einem klimatisierten Fahrzeug und Eintrittsgelder. Lassen Sie sich diese einmalige Chance nicht entgehen, mit Delfinen zu schwimmen und unvergessliche Erinnerungen zu schaffen.<\/p>\n","protected":false},"featured_media":25792,"comment_status":"open","ping_status":"closed","template":"","meta":{"_coblocks_attr":"","_coblocks_dimensions":"","_coblocks_responsive_height":"","_coblocks_accordion_ie_support":"","_uag_custom_page_level_css":"","jetpack_post_was_ever_published":false,"jetpack_publicize_message":"","jetpack_publicize_feature_enabled":true,"jetpack_social_post_already_shared":true,"jetpack_social_options":{"image_generator_settings":{"template":"highway","default_image_id":0,"font":"","enabled":false},"version":2},"_wpas_customize_per_network":false},"product_brand":[],"product_cat":[22096,1597,22097,1599],"product_tag":[2143,1653,2222,1774],"class_list":{"0":"post-25312","1":"product","2":"type-product","3":"status-publish","4":"has-post-thumbnail","6":"product_cat-budgetfreundliche-hurghada-ausfluege","7":"product_cat-ausfluge-hurghada","8":"product_cat-hurghada-familienausfluege","9":"product_cat-unterhaltungsausfluge-hurghada","10":"product_tag-ausfluge-von-hurghada","11":"product_tag-ausflug","12":"product_tag-delphinarium-de","13":"product_tag-hurghada-de","14":"pa_age-erwachsene","15":"pa_age-kind","17":"first","18":"instock","19":"sale","20":"taxable","21":"shipping-taxable","22":"purchasable","23":"product-type-variable"},"yoast_head":"<!-- This site is optimized with the Yoast SEO Premium plugin v26.9 (Yoast SEO v27.3) - https:\/\/yoast.com\/product\/yoast-seo-premium-wordpress\/ -->\n<title>Schwimmen mit Delfinen Reise Hurghada<\/title>\n<meta name=\"description\" content=\"Schwimmen mit Delfinen Reise Hurghada W\u00e4hrend der Seereise \u201eSchwimmausflug mit Delfinen in Hurghada\u201c k\u00f6nnen Sie in einem Schwimmbad sehr\" \/>\n<meta name=\"robots\" content=\"index, follow, max-snippet:-1, max-image-preview:large, max-video-preview:-1\" \/>\n<link rel=\"canonical\" href=\"https:\/\/landioustravel.com\/de\/shop\/schwimmausflug-delfinen-hurghada\/\" \/>\n<meta property=\"og:locale\" content=\"de_DE\" \/>\n<meta property=\"og:type\" content=\"article\" \/>\n<meta property=\"og:title\" content=\"Schwimmen mit Delfinen Reise Hurghada\" \/>\n<meta property=\"og:description\" content=\"Landious Travel\" \/>\n<meta property=\"og:url\" content=\"https:\/\/landioustravel.com\/de\/shop\/schwimmausflug-delfinen-hurghada\/\" \/>\n<meta property=\"og:site_name\" content=\"Landious Travel\" \/>\n<meta property=\"article:publisher\" content=\"https:\/\/web.facebook.com\/landiousEgypt\" \/>\n<meta property=\"article:modified_time\" content=\"2025-10-01T17:16:15+00:00\" \/>\n<meta property=\"og:image\" content=\"https:\/\/i0.wp.com\/landioustravel.com\/wp-content\/uploads\/2020\/11\/swimming_with_the_dolphins_hurghada-e1618004553492.jpg?fit=1200%2C675&ssl=1\" \/>\n\t<meta property=\"og:image:width\" content=\"1200\" \/>\n\t<meta property=\"og:image:height\" content=\"675\" \/>\n\t<meta property=\"og:image:type\" content=\"image\/jpeg\" \/>\n<meta name=\"twitter:card\" content=\"summary_large_image\" \/>\n<meta name=\"twitter:site\" content=\"@LandiousTours\" \/>\n<meta name=\"twitter:label1\" content=\"Gesch\u00e4tzte Lesezeit\" \/>\n\t<meta name=\"twitter:data1\" content=\"2\u00a0Minuten\" \/>\n<script type=\"application\/ld+json\" class=\"yoast-schema-graph\">{\"@context\":\"https:\\\/\\\/schema.org\",\"@graph\":[{\"@type\":\"WebPage\",\"@id\":\"https:\\\/\\\/landioustravel.com\\\/de\\\/shop\\\/schwimmausflug-delfinen-hurghada\\\/\",\"url\":\"https:\\\/\\\/landioustravel.com\\\/de\\\/shop\\\/schwimmausflug-delfinen-hurghada\\\/\",\"name\":\"Schwimmen mit Delfinen Reise Hurghada\",\"isPartOf\":{\"@id\":\"https:\\\/\\\/landioustravel.com\\\/de\\\/#website\"},\"primaryImageOfPage\":{\"@id\":\"https:\\\/\\\/landioustravel.com\\\/de\\\/shop\\\/schwimmausflug-delfinen-hurghada\\\/#primaryimage\"},\"image\":{\"@id\":\"https:\\\/\\\/landioustravel.com\\\/de\\\/shop\\\/schwimmausflug-delfinen-hurghada\\\/#primaryimage\"},\"thumbnailUrl\":\"https:\\\/\\\/i0.wp.com\\\/landioustravel.com\\\/wp-content\\\/uploads\\\/2020\\\/11\\\/swimming_with_the_dolphins_hurghada-e1618004553492.jpg?fit=1200%2C675&ssl=1\",\"datePublished\":\"2020-10-18T12:17:35+00:00\",\"dateModified\":\"2025-10-01T17:16:15+00:00\",\"description\":\"Schwimmen mit Delfinen Reise Hurghada W\u00e4hrend der Seereise \u201eSchwimmausflug mit Delfinen in Hurghada\u201c k\u00f6nnen Sie in einem Schwimmbad sehr\",\"breadcrumb\":{\"@id\":\"https:\\\/\\\/landioustravel.com\\\/de\\\/shop\\\/schwimmausflug-delfinen-hurghada\\\/#breadcrumb\"},\"inLanguage\":\"de\",\"potentialAction\":[{\"@type\":\"ReadAction\",\"target\":[\"https:\\\/\\\/landioustravel.com\\\/de\\\/shop\\\/schwimmausflug-delfinen-hurghada\\\/\"]}]},{\"@type\":\"ImageObject\",\"inLanguage\":\"de\",\"@id\":\"https:\\\/\\\/landioustravel.com\\\/de\\\/shop\\\/schwimmausflug-delfinen-hurghada\\\/#primaryimage\",\"url\":\"https:\\\/\\\/i0.wp.com\\\/landioustravel.com\\\/wp-content\\\/uploads\\\/2020\\\/11\\\/swimming_with_the_dolphins_hurghada-e1618004553492.jpg?fit=1200%2C675&ssl=1\",\"contentUrl\":\"https:\\\/\\\/i0.wp.com\\\/landioustravel.com\\\/wp-content\\\/uploads\\\/2020\\\/11\\\/swimming_with_the_dolphins_hurghada-e1618004553492.jpg?fit=1200%2C675&ssl=1\",\"width\":1200,\"height\":675,\"caption\":\"Schwimmen mit Delfinen Reise Hurghada\"},{\"@type\":\"BreadcrumbList\",\"@id\":\"https:\\\/\\\/landioustravel.com\\\/de\\\/shop\\\/schwimmausflug-delfinen-hurghada\\\/#breadcrumb\",\"itemListElement\":[{\"@type\":\"ListItem\",\"position\":1,\"name\":\"Home\",\"item\":\"https:\\\/\\\/landioustravel.com\\\/de\\\/\"},{\"@type\":\"ListItem\",\"position\":2,\"name\":\"\u00c4gypten Touren\",\"item\":\"https:\\\/\\\/landioustravel.com\\\/de\\\/\"},{\"@type\":\"ListItem\",\"position\":3,\"name\":\"Schwimmen mit Delfinen Reise Hurghada\"}]},{\"@type\":\"WebSite\",\"@id\":\"https:\\\/\\\/landioustravel.com\\\/de\\\/#website\",\"url\":\"https:\\\/\\\/landioustravel.com\\\/de\\\/\",\"name\":\"Landious Travel\",\"description\":\"Excursions, trips and cruises in Egypt\",\"publisher\":{\"@id\":\"https:\\\/\\\/landioustravel.com\\\/de\\\/#organization\"},\"potentialAction\":[{\"@type\":\"SearchAction\",\"target\":{\"@type\":\"EntryPoint\",\"urlTemplate\":\"https:\\\/\\\/landioustravel.com\\\/de\\\/?s={search_term_string}\"},\"query-input\":{\"@type\":\"PropertyValueSpecification\",\"valueRequired\":true,\"valueName\":\"search_term_string\"}}],\"inLanguage\":\"de\"},{\"@type\":[\"Organization\",\"Place\"],\"@id\":\"https:\\\/\\\/landioustravel.com\\\/de\\\/#organization\",\"name\":\"Landious Travel\",\"alternateName\":\"Landious Travel\",\"url\":\"https:\\\/\\\/landioustravel.com\\\/de\\\/\",\"logo\":{\"@id\":\"https:\\\/\\\/landioustravel.com\\\/de\\\/shop\\\/schwimmausflug-delfinen-hurghada\\\/#local-main-organization-logo\"},\"image\":{\"@id\":\"https:\\\/\\\/landioustravel.com\\\/de\\\/shop\\\/schwimmausflug-delfinen-hurghada\\\/#local-main-organization-logo\"},\"sameAs\":[\"https:\\\/\\\/web.facebook.com\\\/landiousEgypt\",\"https:\\\/\\\/x.com\\\/LandiousTours\",\"https:\\\/\\\/mastodon.social\\\/@landious\"],\"legalName\":\"Landious Travel\",\"telephone\":[],\"openingHoursSpecification\":[{\"@type\":\"OpeningHoursSpecification\",\"dayOfWeek\":[\"Monday\",\"Tuesday\",\"Wednesday\",\"Thursday\",\"Friday\",\"Saturday\",\"Sunday\"],\"opens\":\"09:00\",\"closes\":\"17:00\"}]},{\"@type\":\"ImageObject\",\"inLanguage\":\"de\",\"@id\":\"https:\\\/\\\/landioustravel.com\\\/de\\\/shop\\\/schwimmausflug-delfinen-hurghada\\\/#local-main-organization-logo\",\"url\":\"https:\\\/\\\/i0.wp.com\\\/landioustravel.com\\\/wp-content\\\/uploads\\\/2021\\\/06\\\/Landious-T.png?fit=500%2C500&ssl=1\",\"contentUrl\":\"https:\\\/\\\/i0.wp.com\\\/landioustravel.com\\\/wp-content\\\/uploads\\\/2021\\\/06\\\/Landious-T.png?fit=500%2C500&ssl=1\",\"width\":500,\"height\":500,\"caption\":\"Landious Travel\"}]}<\/script>\n<!-- \/ Yoast SEO Premium plugin. -->","yoast_head_json":{"title":"Schwimmen mit Delfinen Reise Hurghada","description":"Schwimmen mit Delfinen Reise Hurghada W\u00e4hrend der Seereise \u201eSchwimmausflug mit Delfinen in Hurghada\u201c k\u00f6nnen Sie in einem Schwimmbad sehr","robots":{"index":"index","follow":"follow","max-snippet":"max-snippet:-1","max-image-preview":"max-image-preview:large","max-video-preview":"max-video-preview:-1"},"canonical":"https:\/\/landioustravel.com\/de\/shop\/schwimmausflug-delfinen-hurghada\/","og_locale":"de_DE","og_type":"article","og_title":"Schwimmen mit Delfinen Reise Hurghada","og_description":"Landious Travel","og_url":"https:\/\/landioustravel.com\/de\/shop\/schwimmausflug-delfinen-hurghada\/","og_site_name":"Landious Travel","article_publisher":"https:\/\/web.facebook.com\/landiousEgypt","article_modified_time":"2025-10-01T17:16:15+00:00","og_image":[{"width":1200,"height":675,"url":"https:\/\/i0.wp.com\/landioustravel.com\/wp-content\/uploads\/2020\/11\/swimming_with_the_dolphins_hurghada-e1618004553492.jpg?fit=1200%2C675&ssl=1","type":"image\/jpeg"}],"twitter_card":"summary_large_image","twitter_site":"@LandiousTours","twitter_misc":{"Gesch\u00e4tzte Lesezeit":"2\u00a0Minuten"},"schema":{"@context":"https:\/\/schema.org","@graph":[{"@type":"WebPage","@id":"https:\/\/landioustravel.com\/de\/shop\/schwimmausflug-delfinen-hurghada\/","url":"https:\/\/landioustravel.com\/de\/shop\/schwimmausflug-delfinen-hurghada\/","name":"Schwimmen mit Delfinen Reise Hurghada","isPartOf":{"@id":"https:\/\/landioustravel.com\/de\/#website"},"primaryImageOfPage":{"@id":"https:\/\/landioustravel.com\/de\/shop\/schwimmausflug-delfinen-hurghada\/#primaryimage"},"image":{"@id":"https:\/\/landioustravel.com\/de\/shop\/schwimmausflug-delfinen-hurghada\/#primaryimage"},"thumbnailUrl":"https:\/\/i0.wp.com\/landioustravel.com\/wp-content\/uploads\/2020\/11\/swimming_with_the_dolphins_hurghada-e1618004553492.jpg?fit=1200%2C675&ssl=1","datePublished":"2020-10-18T12:17:35+00:00","dateModified":"2025-10-01T17:16:15+00:00","description":"Schwimmen mit Delfinen Reise Hurghada W\u00e4hrend der Seereise \u201eSchwimmausflug mit Delfinen in Hurghada\u201c k\u00f6nnen Sie in einem Schwimmbad sehr","breadcrumb":{"@id":"https:\/\/landioustravel.com\/de\/shop\/schwimmausflug-delfinen-hurghada\/#breadcrumb"},"inLanguage":"de","potentialAction":[{"@type":"ReadAction","target":["https:\/\/landioustravel.com\/de\/shop\/schwimmausflug-delfinen-hurghada\/"]}]},{"@type":"ImageObject","inLanguage":"de","@id":"https:\/\/landioustravel.com\/de\/shop\/schwimmausflug-delfinen-hurghada\/#primaryimage","url":"https:\/\/i0.wp.com\/landioustravel.com\/wp-content\/uploads\/2020\/11\/swimming_with_the_dolphins_hurghada-e1618004553492.jpg?fit=1200%2C675&ssl=1","contentUrl":"https:\/\/i0.wp.com\/landioustravel.com\/wp-content\/uploads\/2020\/11\/swimming_with_the_dolphins_hurghada-e1618004553492.jpg?fit=1200%2C675&ssl=1","width":1200,"height":675,"caption":"Schwimmen mit Delfinen Reise Hurghada"},{"@type":"BreadcrumbList","@id":"https:\/\/landioustravel.com\/de\/shop\/schwimmausflug-delfinen-hurghada\/#breadcrumb","itemListElement":[{"@type":"ListItem","position":1,"name":"Home","item":"https:\/\/landioustravel.com\/de\/"},{"@type":"ListItem","position":2,"name":"\u00c4gypten Touren","item":"https:\/\/landioustravel.com\/de\/"},{"@type":"ListItem","position":3,"name":"Schwimmen mit Delfinen Reise Hurghada"}]},{"@type":"WebSite","@id":"https:\/\/landioustravel.com\/de\/#website","url":"https:\/\/landioustravel.com\/de\/","name":"Landious Travel","description":"Excursions, trips and cruises in Egypt","publisher":{"@id":"https:\/\/landioustravel.com\/de\/#organization"},"potentialAction":[{"@type":"SearchAction","target":{"@type":"EntryPoint","urlTemplate":"https:\/\/landioustravel.com\/de\/?s={search_term_string}"},"query-input":{"@type":"PropertyValueSpecification","valueRequired":true,"valueName":"search_term_string"}}],"inLanguage":"de"},{"@type":["Organization","Place"],"@id":"https:\/\/landioustravel.com\/de\/#organization","name":"Landious Travel","alternateName":"Landious Travel","url":"https:\/\/landioustravel.com\/de\/","logo":{"@id":"https:\/\/landioustravel.com\/de\/shop\/schwimmausflug-delfinen-hurghada\/#local-main-organization-logo"},"image":{"@id":"https:\/\/landioustravel.com\/de\/shop\/schwimmausflug-delfinen-hurghada\/#local-main-organization-logo"},"sameAs":["https:\/\/web.facebook.com\/landiousEgypt","https:\/\/x.com\/LandiousTours","https:\/\/mastodon.social\/@landious"],"legalName":"Landious Travel","telephone":[],"openingHoursSpecification":[{"@type":"OpeningHoursSpecification","dayOfWeek":["Monday","Tuesday","Wednesday","Thursday","Friday","Saturday","Sunday"],"opens":"09:00","closes":"17:00"}]},{"@type":"ImageObject","inLanguage":"de","@id":"https:\/\/landioustravel.com\/de\/shop\/schwimmausflug-delfinen-hurghada\/#local-main-organization-logo","url":"https:\/\/i0.wp.com\/landioustravel.com\/wp-content\/uploads\/2021\/06\/Landious-T.png?fit=500%2C500&ssl=1","contentUrl":"https:\/\/i0.wp.com\/landioustravel.com\/wp-content\/uploads\/2021\/06\/Landious-T.png?fit=500%2C500&ssl=1","width":500,"height":500,"caption":"Landious Travel"}]}},"jetpack_publicize_connections":[],"uagb_featured_image_src":{"full":["https:\/\/i0.wp.com\/landioustravel.com\/wp-content\/uploads\/2020\/11\/swimming_with_the_dolphins_hurghada-e1618004553492.jpg?fit=1200%2C675&ssl=1",1200,675,false],"thumbnail":["https:\/\/i0.wp.com\/landioustravel.com\/wp-content\/uploads\/2020\/11\/swimming_with_the_dolphins_hurghada-e1618004553492.jpg?resize=150%2C150&ssl=1",150,150,true],"medium":["https:\/\/i0.wp.com\/landioustravel.com\/wp-content\/uploads\/2020\/11\/swimming_with_the_dolphins_hurghada-e1618004553492.jpg?fit=300%2C169&ssl=1",300,169,true],"medium_large":["https:\/\/i0.wp.com\/landioustravel.com\/wp-content\/uploads\/2020\/11\/swimming_with_the_dolphins_hurghada-e1618004553492.jpg?fit=768%2C432&ssl=1",768,432,true],"large":["https:\/\/i0.wp.com\/landioustravel.com\/wp-content\/uploads\/2020\/11\/swimming_with_the_dolphins_hurghada-e1618004553492.jpg?fit=980%2C551&ssl=1",980,551,true],"1536x1536":["https:\/\/i0.wp.com\/landioustravel.com\/wp-content\/uploads\/2020\/11\/swimming_with_the_dolphins_hurghada-e1618004553492.jpg?fit=1536%2C1020&ssl=1",1536,1020,true],"2048x2048":["https:\/\/i0.wp.com\/landioustravel.com\/wp-content\/uploads\/2020\/11\/swimming_with_the_dolphins_hurghada-e1618004553492.jpg?fit=2048%2C1360&ssl=1",2048,1360,true],"newspack-article-block-landscape-large":["https:\/\/i0.wp.com\/landioustravel.com\/wp-content\/uploads\/2020\/11\/swimming_with_the_dolphins_hurghada-e1618004553492.jpg?resize=1200%2C675&ssl=1",1200,900,true],"newspack-article-block-portrait-large":["https:\/\/i0.wp.com\/landioustravel.com\/wp-content\/uploads\/2020\/11\/swimming_with_the_dolphins_hurghada-e1618004553492.jpg?resize=900%2C675&ssl=1",900,675,true],"newspack-article-block-square-large":["https:\/\/i0.wp.com\/landioustravel.com\/wp-content\/uploads\/2020\/11\/swimming_with_the_dolphins_hurghada-e1618004553492.jpg?resize=1200%2C675&ssl=1",1200,1200,true],"newspack-article-block-landscape-medium":["https:\/\/i0.wp.com\/landioustravel.com\/wp-content\/uploads\/2020\/11\/swimming_with_the_dolphins_hurghada-e1618004553492.jpg?resize=800%2C600&ssl=1",800,600,true],"newspack-article-block-portrait-medium":["https:\/\/i0.wp.com\/landioustravel.com\/wp-content\/uploads\/2020\/11\/swimming_with_the_dolphins_hurghada-e1618004553492.jpg?resize=600%2C675&ssl=1",600,675,true],"newspack-article-block-square-medium":["https:\/\/i0.wp.com\/landioustravel.com\/wp-content\/uploads\/2020\/11\/swimming_with_the_dolphins_hurghada-e1618004553492.jpg?resize=800%2C675&ssl=1",800,675,true],"newspack-article-block-landscape-intermediate":["https:\/\/i0.wp.com\/landioustravel.com\/wp-content\/uploads\/2020\/11\/swimming_with_the_dolphins_hurghada-e1618004553492.jpg?resize=600%2C450&ssl=1",600,450,true],"newspack-article-block-portrait-intermediate":["https:\/\/i0.wp.com\/landioustravel.com\/wp-content\/uploads\/2020\/11\/swimming_with_the_dolphins_hurghada-e1618004553492.jpg?resize=450%2C600&ssl=1",450,600,true],"newspack-article-block-square-intermediate":["https:\/\/i0.wp.com\/landioustravel.com\/wp-content\/uploads\/2020\/11\/swimming_with_the_dolphins_hurghada-e1618004553492.jpg?resize=600%2C600&ssl=1",600,600,true],"newspack-article-block-landscape-small":["https:\/\/i0.wp.com\/landioustravel.com\/wp-content\/uploads\/2020\/11\/swimming_with_the_dolphins_hurghada-e1618004553492.jpg?resize=400%2C300&ssl=1",400,300,true],"newspack-article-block-portrait-small":["https:\/\/i0.wp.com\/landioustravel.com\/wp-content\/uploads\/2020\/11\/swimming_with_the_dolphins_hurghada-e1618004553492.jpg?resize=300%2C400&ssl=1",300,400,true],"newspack-article-block-square-small":["https:\/\/i0.wp.com\/landioustravel.com\/wp-content\/uploads\/2020\/11\/swimming_with_the_dolphins_hurghada-e1618004553492.jpg?resize=400%2C400&ssl=1",400,400,true],"newspack-article-block-landscape-tiny":["https:\/\/i0.wp.com\/landioustravel.com\/wp-content\/uploads\/2020\/11\/swimming_with_the_dolphins_hurghada-e1618004553492.jpg?resize=200%2C150&ssl=1",200,150,true],"newspack-article-block-portrait-tiny":["https:\/\/i0.wp.com\/landioustravel.com\/wp-content\/uploads\/2020\/11\/swimming_with_the_dolphins_hurghada-e1618004553492.jpg?resize=150%2C200&ssl=1",150,200,true],"newspack-article-block-square-tiny":["https:\/\/i0.wp.com\/landioustravel.com\/wp-content\/uploads\/2020\/11\/swimming_with_the_dolphins_hurghada-e1618004553492.jpg?resize=200%2C200&ssl=1",200,200,true],"newspack-article-block-uncropped":["https:\/\/i0.wp.com\/landioustravel.com\/wp-content\/uploads\/2020\/11\/swimming_with_the_dolphins_hurghada-e1618004553492.jpg?fit=1200%2C797&ssl=1",1200,797,true],"woocommerce_thumbnail":["https:\/\/i0.wp.com\/landioustravel.com\/wp-content\/uploads\/2020\/11\/swimming_with_the_dolphins_hurghada-e1618004553492.jpg?resize=324%2C324&ssl=1",324,324,true],"woocommerce_single":["https:\/\/i0.wp.com\/landioustravel.com\/wp-content\/uploads\/2020\/11\/swimming_with_the_dolphins_hurghada-e1618004553492.jpg?fit=416%2C234&ssl=1",416,234,true],"woocommerce_gallery_thumbnail":["https:\/\/i0.wp.com\/landioustravel.com\/wp-content\/uploads\/2020\/11\/swimming_with_the_dolphins_hurghada-e1618004553492.jpg?resize=100%2C100&ssl=1",100,100,true]},"uagb_author_info":{"display_name":"Mofreh Landious","author_link":"https:\/\/landioustravel.com\/de\/author\/"},"uagb_comment_info":3,"uagb_excerpt":"Erleben Sie bei unserem fantastischen Ausflug die Freude, mit Delfinen in Hurghada aus n\u00e4chster N\u00e4he zu schwimmen. Unsere erfahrenen Trainer beaufsichtigen Ihr 5-min\u00fctiges Schwimmen und geben Ihnen die M\u00f6glichkeit, mit einem Delfin zu spielen, ihn zu ber\u00fchren und sogar einen Kuss von ihm zu bekommen. Sie haben die M\u00f6glichkeit, in einer freundlichen und sicheren Umgebung&hellip;","jetpack_sharing_enabled":true,"jetpack_likes_enabled":true,"amp_enabled":true,"_links":{"self":[{"href":"https:\/\/landioustravel.com\/de\/wp-json\/wp\/v2\/product\/25312","targetHints":{"allow":["GET"]}}],"collection":[{"href":"https:\/\/landioustravel.com\/de\/wp-json\/wp\/v2\/product"}],"about":[{"href":"https:\/\/landioustravel.com\/de\/wp-json\/wp\/v2\/types\/product"}],"replies":[{"embeddable":true,"href":"https:\/\/landioustravel.com\/de\/wp-json\/wp\/v2\/comments?post=25312"}],"wp:featuredmedia":[{"embeddable":true,"href":"https:\/\/landioustravel.com\/de\/wp-json\/wp\/v2\/media\/25792"}],"wp:attachment":[{"href":"https:\/\/landioustravel.com\/de\/wp-json\/wp\/v2\/media?parent=25312"}],"wp:term":[{"taxonomy":"product_brand","embeddable":true,"href":"https:\/\/landioustravel.com\/de\/wp-json\/wp\/v2\/product_brand?post=25312"},{"taxonomy":"product_cat","embeddable":true,"href":"https:\/\/landioustravel.com\/de\/wp-json\/wp\/v2\/product_cat?post=25312"},{"taxonomy":"product_tag","embeddable":true,"href":"https:\/\/landioustravel.com\/de\/wp-json\/wp\/v2\/product_tag?post=25312"}],"curies":[{"name":"wp","href":"https:\/\/api.w.org\/{rel}","templated":true}]}}