{"id":25314,"date":"2020-10-12T03:26:51","date_gmt":"2020-10-18T12:28:53","guid":{"rendered":"https:\/\/landioustravel.com\/?post_type=product&#038;p=25314"},"modified":"2024-04-24T19:14:08","modified_gmt":"2024-04-24T17:14:08","slug":"ausflug-hurghada-jungle-aquapark","status":"publish","type":"product","link":"https:\/\/landioustravel.com\/de\/shop\/ausflug-hurghada-jungle-aquapark\/","title":{"rendered":"Hurghada Jungle Aqua Park Ausflug"},"content":{"rendered":"<p>Es ist wunderbar, den Hurghada Jungle Aqua Park in <a href=\"https:\/\/landioustravel.com\/de\/agypten\/\">\u00c4gypten<\/a> zu erleben! Verbringen Sie einen ganzen Tag voller Spa\u00df in diesem sch\u00f6nen Aquapark! Nutzen Sie auch die endlosen M\u00f6glichkeiten, die der Jungle Aqua Park bietet: Rutschen, Pools, Rafting und Spiele! Der gr\u00f6\u00dfte Wasser-Themenpark in <a href=\"https:\/\/landioustravel.com\/de\/hurghada-stadt\/\">Hurghada<\/a> verf\u00fcgt \u00fcber 35 Wasserrutschen, 14 Au\u00dfenpools, einen beheizten Pool, Wasserseen, Sonnenschirme am Pool und Sonnenliegen. Es bietet auch eine Vielzahl von Aktivit\u00e4ten f\u00fcr alle Altersgruppen. Wir empfehlen die Reise, weil es Touristen erm\u00f6glicht, eine gute Zeit im Wasserpark zu haben! Im Allgemeinen k\u00f6nnen Sie mit dem Ausflug in den Jungle Aqua Park einen sch\u00f6nen Tag mit Ihrer Familie verbringen. Es ist so ein unglaubliches Gef\u00fchl, in diesem Wasserpark zu existieren, in dem es viele Dienstleistungen gibt! ONLINE BUCHUNG HURGHADA JUNGLE AQUA PARK AUSFLUG UND BESTER PREIS!<\/p>\n<h2>H\u00f6hepunkte des Hurghada Jungle Aqua Park Ausfluges<\/h2>\n<ul>\n<li>Genie\u00dfen Sie die Wasserparkanlagen f\u00fcr einen ganzen Tag.<\/li>\n<li>Auch Mittagessen.<\/li>\n<\/ul>\n<h3>Programm der Aqua Park Reise<\/h3>\n<ul>\n<li>Der Vertreter von <a href=\"https:\/\/landioustravel.com\/de\/kontakte\/\">Landious Travel<\/a> holt Sie gegen 09:30 Uhr vom Hotel in Hurghada ab.<\/li>\n<li>Nachdem Sie alle Ank\u00f6mmlinge abgeholt haben, f\u00e4hrt der Bus zum Jungle Aqua Park Hotel. Der Weg zu diesem Hotel dauert ca. 25 Minuten.<\/li>\n<li>Sobald Sie im Hurghada Jungle Aqua Park ankommen, erhalten Sie von der Rezeption einen Zimmerschl\u00fcssel. In diesem Hotelzimmer k\u00f6nnen Sie sich umziehen und dann Ihren unterhaltsamen Tag beginnen.<\/li>\n<li>Sobald Sie fertig sind, k\u00f6nnen Sie den Aquapark in diesem Hotel besuchen. Dementsprechend werden Sie die vielen Einrichtungen dieses erstaunlichen Wasserparks genie\u00dfen.<\/li>\n<li>Gegen Mittag genie\u00dfen Sie eine k\u00f6stliche Mahlzeit in einem der Restaurants in diesem Hotel.<\/li>\n<li>Nach dem Mittagessen k\u00f6nnen Sie zum Aquapark zur\u00fcckkehren, um Ihren Spa\u00df und Ihre Unterhaltung fortzusetzen.<\/li>\n<li>Vor 17:00 Uhr m\u00fcssen Sie sich fertig machen und Ihren Schl\u00fcsselraum an die Rezeption zur\u00fcckgeben.<\/li>\n<li>Schlie\u00dflich werden wir Sie nach einem so freudigen Tag im Wasserpark zur\u00fcck zu Ihren Hotels bringen.<\/li>\n<li>Diese Reise zum <a href=\"https:\/\/www.google.de\/maps\/place\/Hurghada,+Al-Bahr+al-ahmar\/@27.1928369,33.5015083,10z\/data=!3m1!4b1!4m5!3m4!1s0x145287b2cd3dbbb3:0x2db807f98bd3c360!8m2!3d27.2578957!4d33.8116067\" target=\"_blank\" rel=\"noopener\">Hurghada<\/a> Jungle Aqua Park endet gegen 17:00 Uhr.<\/li>\n<\/ul>\n<h4>Was beinhaltet der Preis f\u00fcr den Hurghada Jungle Aqua Park?<\/h4>\n<ul>\n<li>Eintritts Karten.<\/li>\n<li>Essen &amp; Trinken.<\/li>\n<li>Transfer zum Hafen und zur\u00fcck zum Hotel.<\/li>\n<\/ul>\n<h5>Was beinhaltet das Programm des Hurghada Jungle Aqua Park nicht?<\/h5>\n<ul>\n<li>Video DVD.<\/li>\n<li>Auch die Foto-CD.<\/li>\n<\/ul>\n<h6>Was nehmen Sie f\u00fcr die Reise mit?<\/h6>\n<ul>\n<li>Handtuch.<\/li>\n<li>Auch Sonnenschutz.<\/li>\n<\/ul>\n<h6>Hurghada Jungle Aqua Park Ausflug Buchungstage<\/h6>\n<ul>\n<li>T\u00e4glich von 09:30 bis 17:00 Uhr.<\/li>\n<\/ul>\n","protected":false},"excerpt":{"rendered":"<p>Machen Sie sich bereit f\u00fcr einen unvergesslichen Tag voller Spa\u00df und Spannung im Jungle Aqua Park Hurghada! Es ist der ultimative Wasser-Themenpark an der K\u00fcste des Roten Meeres, den Sie sich nicht entgehen lassen sollten! Mit sage und schreibe 35 Wasserrutschen, 14 Pools und unz\u00e4hligen Spielen und Aktivit\u00e4ten f\u00fcr alle Altersgruppen wird Ihnen etwas geboten.<\/p>\n<p>Wir holen Sie p\u00fcnktlich von Ihrem Hotel ab und bringen Sie in den Park, wo Sie mit Ihren Lieben all die tollen Wassersportarten und geselligen Aktivit\u00e4ten genie\u00dfen k\u00f6nnen. Dar\u00fcber hinaus ist in Ihrer Ganztages-Eintrittskarte ein k\u00f6stliches Mittagessen enthalten.<\/p>\n<p>Stellen Sie sich vor, Sie rutschen 35 fantastische Wasserrutschen hinunter, faulenzen an 14 Au\u00dfenpools, genie\u00dfen die Sonne unter Sonnenschirmen und Sonnenliegen am Pool und planschen in Wasserseen. Und das ist nicht alles! F\u00fcr noch mehr Spa\u00df gibt es sogar einen beheizten Pool und ein Wellenbad.<\/p>\n<p>Lassen Sie uns gemeinsam unvergessliche Erinnerungen schaffen! Da es nur 25 Minuten von der Innenstadt entfernt liegt, m\u00fcssen Sie f\u00fcr dieses epische Abenteuer nicht weit reisen. Und wenn Ihr erlebnisreicher Tag zu Ende geht, bringen wir Sie sicher und bequem zur\u00fcck zu Ihrem Hotel.<\/p>\n","protected":false},"featured_media":25139,"comment_status":"open","ping_status":"closed","template":"","meta":{"_coblocks_attr":"","_coblocks_dimensions":"","_coblocks_responsive_height":"","_coblocks_accordion_ie_support":"","_uag_custom_page_level_css":"","jetpack_publicize_message":"","jetpack_publicize_feature_enabled":true,"jetpack_social_post_already_shared":true,"jetpack_social_options":{"image_generator_settings":{"template":"highway","default_image_id":0,"font":"","enabled":false},"version":2},"_wpas_customize_per_network":false},"product_brand":[],"product_cat":[22096,1597,22097,1599],"product_tag":[1653,1774],"class_list":{"0":"post-25314","1":"product","2":"type-product","3":"status-publish","4":"has-post-thumbnail","6":"product_cat-budgetfreundliche-hurghada-ausfluege","7":"product_cat-ausfluge-hurghada","8":"product_cat-hurghada-familienausfluege","9":"product_cat-unterhaltungsausfluge-hurghada","10":"product_tag-ausflug","11":"product_tag-hurghada-de","12":"pa_age-erwachsene","13":"pa_age-kind-1-4-jahre","14":"pa_age-kind-5-11-jahre","16":"first","17":"instock","18":"sale","19":"taxable","20":"shipping-taxable","21":"purchasable","22":"product-type-variable"},"yoast_head":"<!-- This site is optimized with the Yoast SEO Premium plugin v27.5 (Yoast SEO v27.5) - https:\/\/yoast.com\/product\/yoast-seo-premium-wordpress\/ -->\n<title>Hurghada Jungle Aqua Park Ausflug<\/title>\n<meta name=\"description\" content=\"Hurghada Jungle Aqua Park Ausflug W\u00e4hrend des Tagesausfluges \u201eAusflug zum Hurghada Jungle Aqua Park\u201c haben Sie einen ganzt\u00e4gigen\" \/>\n<meta name=\"robots\" content=\"index, follow, max-snippet:-1, max-image-preview:large, max-video-preview:-1\" \/>\n<link rel=\"canonical\" href=\"https:\/\/landioustravel.com\/de\/shop\/ausflug-hurghada-jungle-aquapark\/\" \/>\n<meta property=\"og:locale\" content=\"de_DE\" \/>\n<meta property=\"og:type\" content=\"article\" \/>\n<meta property=\"og:title\" content=\"Hurghada Jungle Aqua Park Ausflug\" \/>\n<meta property=\"og:description\" content=\"Landious Travel\" \/>\n<meta property=\"og:url\" content=\"https:\/\/landioustravel.com\/de\/shop\/ausflug-hurghada-jungle-aquapark\/\" \/>\n<meta property=\"og:site_name\" content=\"Landious Travel\" \/>\n<meta property=\"article:publisher\" content=\"https:\/\/web.facebook.com\/landiousEgypt\" \/>\n<meta property=\"article:modified_time\" content=\"2024-04-24T17:14:08+00:00\" \/>\n<meta property=\"og:image\" content=\"https:\/\/i0.wp.com\/landioustravel.com\/wp-content\/uploads\/2020\/10\/jungle_excursion.jpg?fit=1024%2C546&ssl=1\" \/>\n\t<meta property=\"og:image:width\" content=\"1024\" \/>\n\t<meta property=\"og:image:height\" content=\"546\" \/>\n\t<meta property=\"og:image:type\" content=\"image\/jpeg\" \/>\n<meta name=\"twitter:card\" content=\"summary_large_image\" \/>\n<meta name=\"twitter:site\" content=\"@LandiousTours\" \/>\n<meta name=\"twitter:label1\" content=\"Gesch\u00e4tzte Lesezeit\" \/>\n\t<meta name=\"twitter:data1\" content=\"2\u00a0Minuten\" \/>\n<script type=\"application\/ld+json\" class=\"yoast-schema-graph\">{\"@context\":\"https:\\\/\\\/schema.org\",\"@graph\":[{\"@type\":\"WebPage\",\"@id\":\"https:\\\/\\\/landioustravel.com\\\/de\\\/shop\\\/ausflug-hurghada-jungle-aquapark\\\/\",\"url\":\"https:\\\/\\\/landioustravel.com\\\/de\\\/shop\\\/ausflug-hurghada-jungle-aquapark\\\/\",\"name\":\"Hurghada Jungle Aqua Park Ausflug\",\"isPartOf\":{\"@id\":\"https:\\\/\\\/landioustravel.com\\\/de\\\/#website\"},\"primaryImageOfPage\":{\"@id\":\"https:\\\/\\\/landioustravel.com\\\/de\\\/shop\\\/ausflug-hurghada-jungle-aquapark\\\/#primaryimage\"},\"image\":{\"@id\":\"https:\\\/\\\/landioustravel.com\\\/de\\\/shop\\\/ausflug-hurghada-jungle-aquapark\\\/#primaryimage\"},\"thumbnailUrl\":\"https:\\\/\\\/i0.wp.com\\\/landioustravel.com\\\/wp-content\\\/uploads\\\/2020\\\/10\\\/jungle_excursion.jpg?fit=1024%2C546&ssl=1\",\"datePublished\":\"2020-10-18T12:28:53+00:00\",\"dateModified\":\"2024-04-24T17:14:08+00:00\",\"description\":\"Hurghada Jungle Aqua Park Ausflug W\u00e4hrend des Tagesausfluges \u201eAusflug zum Hurghada Jungle Aqua Park\u201c haben Sie einen ganzt\u00e4gigen\",\"breadcrumb\":{\"@id\":\"https:\\\/\\\/landioustravel.com\\\/de\\\/shop\\\/ausflug-hurghada-jungle-aquapark\\\/#breadcrumb\"},\"inLanguage\":\"de\",\"potentialAction\":[{\"@type\":\"ReadAction\",\"target\":[\"https:\\\/\\\/landioustravel.com\\\/de\\\/shop\\\/ausflug-hurghada-jungle-aquapark\\\/\"]}]},{\"@type\":\"ImageObject\",\"inLanguage\":\"de\",\"@id\":\"https:\\\/\\\/landioustravel.com\\\/de\\\/shop\\\/ausflug-hurghada-jungle-aquapark\\\/#primaryimage\",\"url\":\"https:\\\/\\\/i0.wp.com\\\/landioustravel.com\\\/wp-content\\\/uploads\\\/2020\\\/10\\\/jungle_excursion.jpg?fit=1024%2C546&ssl=1\",\"contentUrl\":\"https:\\\/\\\/i0.wp.com\\\/landioustravel.com\\\/wp-content\\\/uploads\\\/2020\\\/10\\\/jungle_excursion.jpg?fit=1024%2C546&ssl=1\",\"width\":1024,\"height\":546,\"caption\":\"Hurghada Jungle Aqua Park Ausflug\"},{\"@type\":\"BreadcrumbList\",\"@id\":\"https:\\\/\\\/landioustravel.com\\\/de\\\/shop\\\/ausflug-hurghada-jungle-aquapark\\\/#breadcrumb\",\"itemListElement\":[{\"@type\":\"ListItem\",\"position\":1,\"name\":\"Home\",\"item\":\"https:\\\/\\\/landioustravel.com\\\/de\\\/\"},{\"@type\":\"ListItem\",\"position\":2,\"name\":\"\u00c4gypten Touren\",\"item\":\"https:\\\/\\\/landioustravel.com\\\/de\\\/\"},{\"@type\":\"ListItem\",\"position\":3,\"name\":\"Hurghada Jungle Aqua Park Ausflug\"}]},{\"@type\":\"WebSite\",\"@id\":\"https:\\\/\\\/landioustravel.com\\\/de\\\/#website\",\"url\":\"https:\\\/\\\/landioustravel.com\\\/de\\\/\",\"name\":\"Landious Travel\",\"description\":\"Excursions, trips and cruises in Egypt\",\"publisher\":{\"@id\":\"https:\\\/\\\/landioustravel.com\\\/de\\\/#organization\"},\"potentialAction\":[{\"@type\":\"SearchAction\",\"target\":{\"@type\":\"EntryPoint\",\"urlTemplate\":\"https:\\\/\\\/landioustravel.com\\\/de\\\/?s={search_term_string}\"},\"query-input\":{\"@type\":\"PropertyValueSpecification\",\"valueRequired\":true,\"valueName\":\"search_term_string\"}}],\"inLanguage\":\"de\"},{\"@type\":[\"Organization\",\"Place\"],\"@id\":\"https:\\\/\\\/landioustravel.com\\\/de\\\/#organization\",\"name\":\"Landious Travel\",\"alternateName\":\"Landious Travel\",\"url\":\"https:\\\/\\\/landioustravel.com\\\/de\\\/\",\"logo\":{\"@id\":\"https:\\\/\\\/landioustravel.com\\\/de\\\/shop\\\/ausflug-hurghada-jungle-aquapark\\\/#local-main-organization-logo\"},\"image\":{\"@id\":\"https:\\\/\\\/landioustravel.com\\\/de\\\/shop\\\/ausflug-hurghada-jungle-aquapark\\\/#local-main-organization-logo\"},\"sameAs\":[\"https:\\\/\\\/web.facebook.com\\\/landiousEgypt\",\"https:\\\/\\\/x.com\\\/LandiousTours\",\"https:\\\/\\\/mastodon.social\\\/@landious\"],\"legalName\":\"Landious Travel\",\"telephone\":[],\"openingHoursSpecification\":[{\"@type\":\"OpeningHoursSpecification\",\"dayOfWeek\":[\"Monday\",\"Tuesday\",\"Wednesday\",\"Thursday\",\"Friday\",\"Saturday\",\"Sunday\"],\"opens\":\"09:00\",\"closes\":\"17:00\"}]},{\"@type\":\"ImageObject\",\"inLanguage\":\"de\",\"@id\":\"https:\\\/\\\/landioustravel.com\\\/de\\\/shop\\\/ausflug-hurghada-jungle-aquapark\\\/#local-main-organization-logo\",\"url\":\"https:\\\/\\\/i0.wp.com\\\/landioustravel.com\\\/wp-content\\\/uploads\\\/2021\\\/06\\\/Landious-T.png?fit=500%2C500&ssl=1\",\"contentUrl\":\"https:\\\/\\\/i0.wp.com\\\/landioustravel.com\\\/wp-content\\\/uploads\\\/2021\\\/06\\\/Landious-T.png?fit=500%2C500&ssl=1\",\"width\":500,\"height\":500,\"caption\":\"Landious Travel\"}]}<\/script>\n<!-- \/ Yoast SEO Premium plugin. -->","yoast_head_json":{"title":"Hurghada Jungle Aqua Park Ausflug","description":"Hurghada Jungle Aqua Park Ausflug W\u00e4hrend des Tagesausfluges \u201eAusflug zum Hurghada Jungle Aqua Park\u201c haben Sie einen ganzt\u00e4gigen","robots":{"index":"index","follow":"follow","max-snippet":"max-snippet:-1","max-image-preview":"max-image-preview:large","max-video-preview":"max-video-preview:-1"},"canonical":"https:\/\/landioustravel.com\/de\/shop\/ausflug-hurghada-jungle-aquapark\/","og_locale":"de_DE","og_type":"article","og_title":"Hurghada Jungle Aqua Park Ausflug","og_description":"Landious Travel","og_url":"https:\/\/landioustravel.com\/de\/shop\/ausflug-hurghada-jungle-aquapark\/","og_site_name":"Landious Travel","article_publisher":"https:\/\/web.facebook.com\/landiousEgypt","article_modified_time":"2024-04-24T17:14:08+00:00","og_image":[{"width":1024,"height":546,"url":"https:\/\/i0.wp.com\/landioustravel.com\/wp-content\/uploads\/2020\/10\/jungle_excursion.jpg?fit=1024%2C546&ssl=1","type":"image\/jpeg"}],"twitter_card":"summary_large_image","twitter_site":"@LandiousTours","twitter_misc":{"Gesch\u00e4tzte Lesezeit":"2\u00a0Minuten"},"schema":{"@context":"https:\/\/schema.org","@graph":[{"@type":"WebPage","@id":"https:\/\/landioustravel.com\/de\/shop\/ausflug-hurghada-jungle-aquapark\/","url":"https:\/\/landioustravel.com\/de\/shop\/ausflug-hurghada-jungle-aquapark\/","name":"Hurghada Jungle Aqua Park Ausflug","isPartOf":{"@id":"https:\/\/landioustravel.com\/de\/#website"},"primaryImageOfPage":{"@id":"https:\/\/landioustravel.com\/de\/shop\/ausflug-hurghada-jungle-aquapark\/#primaryimage"},"image":{"@id":"https:\/\/landioustravel.com\/de\/shop\/ausflug-hurghada-jungle-aquapark\/#primaryimage"},"thumbnailUrl":"https:\/\/i0.wp.com\/landioustravel.com\/wp-content\/uploads\/2020\/10\/jungle_excursion.jpg?fit=1024%2C546&ssl=1","datePublished":"2020-10-18T12:28:53+00:00","dateModified":"2024-04-24T17:14:08+00:00","description":"Hurghada Jungle Aqua Park Ausflug W\u00e4hrend des Tagesausfluges \u201eAusflug zum Hurghada Jungle Aqua Park\u201c haben Sie einen ganzt\u00e4gigen","breadcrumb":{"@id":"https:\/\/landioustravel.com\/de\/shop\/ausflug-hurghada-jungle-aquapark\/#breadcrumb"},"inLanguage":"de","potentialAction":[{"@type":"ReadAction","target":["https:\/\/landioustravel.com\/de\/shop\/ausflug-hurghada-jungle-aquapark\/"]}]},{"@type":"ImageObject","inLanguage":"de","@id":"https:\/\/landioustravel.com\/de\/shop\/ausflug-hurghada-jungle-aquapark\/#primaryimage","url":"https:\/\/i0.wp.com\/landioustravel.com\/wp-content\/uploads\/2020\/10\/jungle_excursion.jpg?fit=1024%2C546&ssl=1","contentUrl":"https:\/\/i0.wp.com\/landioustravel.com\/wp-content\/uploads\/2020\/10\/jungle_excursion.jpg?fit=1024%2C546&ssl=1","width":1024,"height":546,"caption":"Hurghada Jungle Aqua Park Ausflug"},{"@type":"BreadcrumbList","@id":"https:\/\/landioustravel.com\/de\/shop\/ausflug-hurghada-jungle-aquapark\/#breadcrumb","itemListElement":[{"@type":"ListItem","position":1,"name":"Home","item":"https:\/\/landioustravel.com\/de\/"},{"@type":"ListItem","position":2,"name":"\u00c4gypten Touren","item":"https:\/\/landioustravel.com\/de\/"},{"@type":"ListItem","position":3,"name":"Hurghada Jungle Aqua Park Ausflug"}]},{"@type":"WebSite","@id":"https:\/\/landioustravel.com\/de\/#website","url":"https:\/\/landioustravel.com\/de\/","name":"Landious Travel","description":"Excursions, trips and cruises in Egypt","publisher":{"@id":"https:\/\/landioustravel.com\/de\/#organization"},"potentialAction":[{"@type":"SearchAction","target":{"@type":"EntryPoint","urlTemplate":"https:\/\/landioustravel.com\/de\/?s={search_term_string}"},"query-input":{"@type":"PropertyValueSpecification","valueRequired":true,"valueName":"search_term_string"}}],"inLanguage":"de"},{"@type":["Organization","Place"],"@id":"https:\/\/landioustravel.com\/de\/#organization","name":"Landious Travel","alternateName":"Landious Travel","url":"https:\/\/landioustravel.com\/de\/","logo":{"@id":"https:\/\/landioustravel.com\/de\/shop\/ausflug-hurghada-jungle-aquapark\/#local-main-organization-logo"},"image":{"@id":"https:\/\/landioustravel.com\/de\/shop\/ausflug-hurghada-jungle-aquapark\/#local-main-organization-logo"},"sameAs":["https:\/\/web.facebook.com\/landiousEgypt","https:\/\/x.com\/LandiousTours","https:\/\/mastodon.social\/@landious"],"legalName":"Landious Travel","telephone":[],"openingHoursSpecification":[{"@type":"OpeningHoursSpecification","dayOfWeek":["Monday","Tuesday","Wednesday","Thursday","Friday","Saturday","Sunday"],"opens":"09:00","closes":"17:00"}]},{"@type":"ImageObject","inLanguage":"de","@id":"https:\/\/landioustravel.com\/de\/shop\/ausflug-hurghada-jungle-aquapark\/#local-main-organization-logo","url":"https:\/\/i0.wp.com\/landioustravel.com\/wp-content\/uploads\/2021\/06\/Landious-T.png?fit=500%2C500&ssl=1","contentUrl":"https:\/\/i0.wp.com\/landioustravel.com\/wp-content\/uploads\/2021\/06\/Landious-T.png?fit=500%2C500&ssl=1","width":500,"height":500,"caption":"Landious Travel"}]}},"jetpack_publicize_connections":[],"uagb_featured_image_src":{"full":["https:\/\/i0.wp.com\/landioustravel.com\/wp-content\/uploads\/2020\/10\/jungle_excursion.jpg?fit=1024%2C546&ssl=1",1024,546,false],"thumbnail":["https:\/\/i0.wp.com\/landioustravel.com\/wp-content\/uploads\/2020\/10\/jungle_excursion.jpg?resize=150%2C150&ssl=1",150,150,true],"medium":["https:\/\/i0.wp.com\/landioustravel.com\/wp-content\/uploads\/2020\/10\/jungle_excursion.jpg?fit=300%2C160&ssl=1",300,160,true],"medium_large":["https:\/\/i0.wp.com\/landioustravel.com\/wp-content\/uploads\/2020\/10\/jungle_excursion.jpg?fit=768%2C410&ssl=1",768,410,true],"large":["https:\/\/i0.wp.com\/landioustravel.com\/wp-content\/uploads\/2020\/10\/jungle_excursion.jpg?fit=980%2C523&ssl=1",980,523,true],"1536x1536":["https:\/\/i0.wp.com\/landioustravel.com\/wp-content\/uploads\/2020\/10\/jungle_excursion.jpg?fit=1024%2C546&ssl=1",1024,546,true],"2048x2048":["https:\/\/i0.wp.com\/landioustravel.com\/wp-content\/uploads\/2020\/10\/jungle_excursion.jpg?fit=1024%2C546&ssl=1",1024,546,true],"newspack-article-block-landscape-large":["https:\/\/i0.wp.com\/landioustravel.com\/wp-content\/uploads\/2020\/10\/jungle_excursion.jpg?resize=1024%2C546&ssl=1",1024,546,true],"newspack-article-block-portrait-large":["https:\/\/i0.wp.com\/landioustravel.com\/wp-content\/uploads\/2020\/10\/jungle_excursion.jpg?resize=900%2C546&ssl=1",900,546,true],"newspack-article-block-square-large":["https:\/\/i0.wp.com\/landioustravel.com\/wp-content\/uploads\/2020\/10\/jungle_excursion.jpg?resize=1024%2C546&ssl=1",1024,546,true],"newspack-article-block-landscape-medium":["https:\/\/i0.wp.com\/landioustravel.com\/wp-content\/uploads\/2020\/10\/jungle_excursion.jpg?resize=800%2C546&ssl=1",800,546,true],"newspack-article-block-portrait-medium":["https:\/\/i0.wp.com\/landioustravel.com\/wp-content\/uploads\/2020\/10\/jungle_excursion.jpg?resize=600%2C546&ssl=1",600,546,true],"newspack-article-block-square-medium":["https:\/\/i0.wp.com\/landioustravel.com\/wp-content\/uploads\/2020\/10\/jungle_excursion.jpg?resize=800%2C546&ssl=1",800,546,true],"newspack-article-block-landscape-intermediate":["https:\/\/i0.wp.com\/landioustravel.com\/wp-content\/uploads\/2020\/10\/jungle_excursion.jpg?resize=600%2C450&ssl=1",600,450,true],"newspack-article-block-portrait-intermediate":["https:\/\/i0.wp.com\/landioustravel.com\/wp-content\/uploads\/2020\/10\/jungle_excursion.jpg?resize=450%2C546&ssl=1",450,546,true],"newspack-article-block-square-intermediate":["https:\/\/i0.wp.com\/landioustravel.com\/wp-content\/uploads\/2020\/10\/jungle_excursion.jpg?resize=600%2C546&ssl=1",600,546,true],"newspack-article-block-landscape-small":["https:\/\/i0.wp.com\/landioustravel.com\/wp-content\/uploads\/2020\/10\/jungle_excursion.jpg?resize=400%2C300&ssl=1",400,300,true],"newspack-article-block-portrait-small":["https:\/\/i0.wp.com\/landioustravel.com\/wp-content\/uploads\/2020\/10\/jungle_excursion.jpg?resize=300%2C400&ssl=1",300,400,true],"newspack-article-block-square-small":["https:\/\/i0.wp.com\/landioustravel.com\/wp-content\/uploads\/2020\/10\/jungle_excursion.jpg?resize=400%2C400&ssl=1",400,400,true],"newspack-article-block-landscape-tiny":["https:\/\/i0.wp.com\/landioustravel.com\/wp-content\/uploads\/2020\/10\/jungle_excursion.jpg?resize=200%2C150&ssl=1",200,150,true],"newspack-article-block-portrait-tiny":["https:\/\/i0.wp.com\/landioustravel.com\/wp-content\/uploads\/2020\/10\/jungle_excursion.jpg?resize=150%2C200&ssl=1",150,200,true],"newspack-article-block-square-tiny":["https:\/\/i0.wp.com\/landioustravel.com\/wp-content\/uploads\/2020\/10\/jungle_excursion.jpg?resize=200%2C200&ssl=1",200,200,true],"newspack-article-block-uncropped":["https:\/\/i0.wp.com\/landioustravel.com\/wp-content\/uploads\/2020\/10\/jungle_excursion.jpg?fit=1024%2C546&ssl=1",1024,546,true],"woocommerce_thumbnail":["https:\/\/i0.wp.com\/landioustravel.com\/wp-content\/uploads\/2020\/10\/jungle_excursion.jpg?resize=324%2C324&ssl=1",324,324,true],"woocommerce_single":["https:\/\/i0.wp.com\/landioustravel.com\/wp-content\/uploads\/2020\/10\/jungle_excursion.jpg?fit=416%2C222&ssl=1",416,222,true],"woocommerce_gallery_thumbnail":["https:\/\/i0.wp.com\/landioustravel.com\/wp-content\/uploads\/2020\/10\/jungle_excursion.jpg?resize=100%2C100&ssl=1",100,100,true]},"uagb_author_info":{"display_name":"Mofreh Landious","author_link":"https:\/\/landioustravel.com\/de\/author\/"},"uagb_comment_info":2,"uagb_excerpt":"Machen Sie sich bereit f\u00fcr einen unvergesslichen Tag voller Spa\u00df und Spannung im Jungle Aqua Park Hurghada! Es ist der ultimative Wasser-Themenpark an der K\u00fcste des Roten Meeres, den Sie sich nicht entgehen lassen sollten! Mit sage und schreibe 35 Wasserrutschen, 14 Pools und unz\u00e4hligen Spielen und Aktivit\u00e4ten f\u00fcr alle Altersgruppen wird Ihnen etwas geboten.&hellip;","jetpack_sharing_enabled":true,"jetpack_likes_enabled":true,"amp_enabled":true,"_links":{"self":[{"href":"https:\/\/landioustravel.com\/de\/wp-json\/wp\/v2\/product\/25314","targetHints":{"allow":["GET"]}}],"collection":[{"href":"https:\/\/landioustravel.com\/de\/wp-json\/wp\/v2\/product"}],"about":[{"href":"https:\/\/landioustravel.com\/de\/wp-json\/wp\/v2\/types\/product"}],"replies":[{"embeddable":true,"href":"https:\/\/landioustravel.com\/de\/wp-json\/wp\/v2\/comments?post=25314"}],"wp:featuredmedia":[{"embeddable":true,"href":"https:\/\/landioustravel.com\/de\/wp-json\/wp\/v2\/media\/25139"}],"wp:attachment":[{"href":"https:\/\/landioustravel.com\/de\/wp-json\/wp\/v2\/media?parent=25314"}],"wp:term":[{"taxonomy":"product_brand","embeddable":true,"href":"https:\/\/landioustravel.com\/de\/wp-json\/wp\/v2\/product_brand?post=25314"},{"taxonomy":"product_cat","embeddable":true,"href":"https:\/\/landioustravel.com\/de\/wp-json\/wp\/v2\/product_cat?post=25314"},{"taxonomy":"product_tag","embeddable":true,"href":"https:\/\/landioustravel.com\/de\/wp-json\/wp\/v2\/product_tag?post=25314"}],"curies":[{"name":"wp","href":"https:\/\/api.w.org\/{rel}","templated":true}]}}