{"id":25322,"date":"2020-10-08T12:43:34","date_gmt":"2020-10-18T22:12:54","guid":{"rendered":"https:\/\/landioustravel.com\/?post_type=product&#038;p=25322"},"modified":"2024-09-27T20:17:01","modified_gmt":"2024-09-27T17:17:01","slug":"stadtrundfahrt-sharm-sheikh","status":"publish","type":"product","link":"https:\/\/landioustravel.com\/de\/shop\/stadtrundfahrt-sharm-sheikh\/","title":{"rendered":"Stadtrundfahrt Sharm El Sheikh"},"content":{"rendered":"<p>Genie\u00dfen Sie eine der sch\u00f6nen Touren in <a href=\"https:\/\/landioustravel.com\/de\/sharm-sheikh-stadt\/\">Sharm El Sheikh<\/a> und erkunden Sie die fantastischen Sehensw\u00fcrdigkeiten der Stadt! Es ist eine sehr aufregende Tour von Sharm El Sheikh, <a href=\"https:\/\/landioustravel.com\/de\/agypten\/\">\u00c4gypten<\/a>. Wir empfehlen die Reise, da Touristen die verschiedenen Sehensw\u00fcrdigkeiten in Sharm El-Sheikh entdecken k\u00f6nnen. Au\u00dferdem bietet Ihnen das Sightseeing-Programm umfassende Informationen zu den verschiedenen Bereichen und Kulturen des Ortes. ONLINE BOOKING STADTRUNDFAHRT SHARM EL SHEIKH UND BESTER PREIS!<\/p>\n<h2>H\u00f6hepunkte der Stadtrundfahrt von Sharm El Sheikh<\/h2>\n<ul>\n<li>Besuch der Mostafa-Moschee und der koptisch-orthodoxen Kirche.<\/li>\n<li>Dann erkunden Sie die Altstadt und machen Eink\u00e4ufe.<\/li>\n<li>Naama Bay besuchen und spazieren gehen.<\/li>\n<li>Beobachten Sie auch die Show des tanzenden Brunnens auf dem Soho Square.<\/li>\n<\/ul>\n<h3>Programm der Besichtigungstour<\/h3>\n<ul>\n<li>Der Vertreter von <a href=\"https:\/\/landioustravel.com\/de\/kontakte\/\">Landious Travel<\/a> holt Sie gegen 15:00 Uhr von Ihrem Hotel in Sharm El Sheikh ab.<\/li>\n<li>Nachdem alle Ank\u00f6mmlinge abgeholt wurden, f\u00e4hrt der Bus in die Altstadt von Sharm. Es dauert ungef\u00e4hr 30 Minuten, um es zu bekommen.<\/li>\n<li>Zu Beginn der Reise erhalten Sie einen Panoramablick \u00fcber den Ort. Bis dahin informiert Sie Ihr Reiseleiter \u00fcber die verschiedenen Bereiche der Stadt.<\/li>\n<li>Nach diesem Panoramablick fahren Sie in Richtung Mostafa Moschee. Diese Moschee ist die gr\u00f6\u00dfte und sch\u00f6nste im gesamten Sinai.<\/li>\n<li>Anschlie\u00dfend besuchen Sie die koptisch-orthodoxe Kirche. Die Copic Church ist eine der modernsten und sch\u00f6nsten Kirchen der Welt.<\/li>\n<li>W\u00e4hrend Sie auf dem Alten Markt sind, k\u00f6nnen Sie mehr Aktivit\u00e4ten unternehmen &#8211; einkaufen und spazieren gehen.<\/li>\n<li>Nach Ihrem Besuch in der Altstadt begeben Sie sich zu einem aktiven und sch\u00f6nen Ort &#8211; der Naama Bay.<\/li>\n<li>Dementsprechend k\u00f6nnen Sie in der Bucht von Naama einen Spaziergang durch den Ort unternehmen und die Discos, Restaurants und Caf\u00e9s entdecken.<\/li>\n<li>Danach fahren Sie zum Soho Square, wo Sie die Dancing Fountain Show und den Eislaufplatz genie\u00dfen k\u00f6nnen.<\/li>\n<li>Am Ende dieser fantastischen Rundtour in Sharm El Sheikh bringen wir Sie schlie\u00dflich zur\u00fcck zu Ihren Hotels.<\/li>\n<li>Diese Sightseeing-Tour von <a href=\"https:\/\/www.google.de\/maps\/place\/Scharm+El-Scheich,+Qesm+Sharm+Ash+Sheikh,+Dschanub+Sina\/@27.946844,34.2787122,12z\/data=!3m1!4b1!4m5!3m4!1s0x14533bca3624d2e3:0xdd987e9c1945fd9c!8m2!3d27.9654198!4d34.3617769\" target=\"_blank\" rel=\"noopener\">Sharm El Sheikh<\/a> endet gegen 20:00 Uhr.<\/li>\n<\/ul>\n<h4>Was beinhaltet die Stadtrundfahrt durch Sharm El Sheikh Price?<\/h4>\n<ul>\n<li>Transfer in die Stadt und zur\u00fcck zum Hotel.<\/li>\n<\/ul>\n<h5>Was beinhaltet die City Tour mit dem Sharm El Sheikh Programm nicht?<\/h5>\n<ul>\n<li>Zus\u00e4tzliche Programme, falls nicht im obigen Programm enthalten.<\/li>\n<\/ul>\n<h6>Was f\u00fcr die Stadtrundfahrt mitnehmen?<\/h6>\n<ul>\n<li>Sonnenbrille<\/li>\n<li>Auch extra Bargeld<\/li>\n<\/ul>\n<h6>Stadtrundfahrt durch Sharm El Sheikh Buchungstage<\/h6>\n<ul>\n<li>T\u00e4glich von 15:00 bis 20:00 Uhr.<\/li>\n<\/ul>\n","protected":false},"excerpt":{"rendered":"<p>Die Sharm El Sheikh Sightseeing Tour ist eine ehrgeizige Reiseroute, die Sie zu den faszinierendsten Orten der Stadt f\u00fchrt. Sie k\u00f6nnen so viel \u00fcber diesen unglaublichen Ort erkunden und entdecken. Auf dem Programm stehen ein Besuch der Altstadt, des Alten Marktes und der Naama Bay, der gr\u00f6\u00dften Moschee in Sharm El Sheikh, der koptischen Kirche und des Soho-Platzes. Und wenn Sie Interesse haben, gibt es auch M\u00f6glichkeiten zum Einkaufen.<\/p>\n<p>W\u00e4hrend Sharm El Sheikh f\u00fcr seine luxuri\u00f6sen Hotels, erstklassigen Tauchm\u00f6glichkeiten und sein pulsierendes Nachtleben bekannt ist, ist es aufgrund seiner Lage an der Handelsroute zwischen Afrika und Asien auch seit Tausenden von Jahren ein Reiseziel. Die Bucht der Scheichs, wie sie genannt wird, wird aufgrund der zahlreichen Friedenskonferenzen, die hier abgehalten werden, auch als Stadt des Friedens bezeichnet. Diese Tour bietet Ihnen die M\u00f6glichkeit, die religi\u00f6se Toleranz der Stadt, die moderne und antike Architektur sowie die lokale \u00e4gyptische Lebensart kennenzulernen, die die meisten Touristen nicht zu sehen bekommen.<\/p>\n<p>Ihr Stadtf\u00fchrer holt Sie gegen 15:00 Uhr in einem klimatisierten Minibus ab und unser erster Halt wird das Viertel al-Noor sein. Hier besuchen wir die Himmlische Kathedrale, eine atemberaubende katholische Kathedrale mit wundersch\u00f6nen Wandgem\u00e4lden. Ihr Reisef\u00fchrer wird Ihnen auch einige Informationen \u00fcber die Geschichte des Christentums in \u00c4gypten geben. Als n\u00e4chstes besuchen wir die Al-Mostafa-Moschee, wo Ihr Reisef\u00fchrer Ihnen mehr \u00fcber den Stil und die Architektur der Moschee und \u00fcber den Islam selbst erz\u00e4hlt.<\/p>\n<p>Anschlie\u00dfend fahren wir zum Leuchtturm Al-Fanar, der einen atemberaubenden Blick \u00fcber die K\u00fcste von Sharm und den Golf von Aqaba bietet. Hier k\u00f6nnen wir entspannen und das Panorama genie\u00dfen. Hier gibt es auch ein wundersch\u00f6nes Friedensdenkmal, das sich perfekt f\u00fcr ein Fotomotiv eignet.<\/p>\n<p>Die Sahaba-Moschee auf dem Alten Markt ist unser n\u00e4chster Halt. Es ist eine wundersch\u00f6ne Moschee, die fatimidische, mamlukische und osmanische Elemente in ihrer Architektur und Innenarchitektur vereint. Sie gilt als die bedeutendste Moschee des Jahrzehnts. Wenn Sie schlie\u00dflich daran interessiert sind, das \u00e4gyptische Leben vor Ort kennenzulernen, besuchen wir das Einkaufsviertel am Alten Markt, wo Sie sich unter die Einheimischen mischen und auf Wunsch einkaufen k\u00f6nnen.<\/p>\n<p>Die Tour endet gegen 18:00 Uhr und Ihr Reiseleiter begleitet Sie zur\u00fcck zu Ihrem Hotel in der Stadt Sharm El Sheikh. Diese Tour ist eine unglaubliche Gelegenheit, die Stadt zu erkunden und etwas \u00fcber sie zu lernen, und wir sind zuversichtlich, dass Sie ein unvergessliches Erlebnis haben werden.<\/p>\n","protected":false},"featured_media":45813,"comment_status":"open","ping_status":"closed","template":"","meta":{"_coblocks_attr":"","_coblocks_dimensions":"","_coblocks_responsive_height":"","_coblocks_accordion_ie_support":"","_uag_custom_page_level_css":"","jetpack_publicize_message":"","jetpack_publicize_feature_enabled":true,"jetpack_social_post_already_shared":true,"jetpack_social_options":{"image_generator_settings":{"template":"highway","default_image_id":0,"font":"","enabled":false},"version":2},"_wpas_customize_per_network":false},"product_brand":[],"product_cat":[1604,23606],"product_tag":[1653,9906,1657,2110],"class_list":{"0":"post-25322","1":"product","2":"type-product","3":"status-publish","4":"has-post-thumbnail","6":"product_cat-ausfluge-sharm-sheikh","7":"product_cat-tagesausfluege-sharm-sheikh","8":"product_tag-ausflug","9":"product_tag-besichtigung","10":"product_tag-sharm-el-sheikh-de","11":"product_tag-stadtrundfahrt","12":"pa_age-erwachsene","13":"pa_age-kind","15":"first","16":"instock","17":"sale","18":"taxable","19":"shipping-taxable","20":"purchasable","21":"product-type-variable"},"yoast_head":"<!-- This site is optimized with the Yoast SEO Premium plugin v27.5 (Yoast SEO v27.5) - https:\/\/yoast.com\/product\/yoast-seo-premium-wordpress\/ -->\n<title>Stadtrundfahrt Sharm El Sheikh<\/title>\n<meta name=\"description\" content=\"Stadtrundfahrt Sharm El Sheikh Die Sightseeing-Tour in Sharm El Sheikh beinhaltet verschiedene Punkte und Stopps an den wichtigsten\" \/>\n<meta name=\"robots\" content=\"index, follow, max-snippet:-1, max-image-preview:large, max-video-preview:-1\" \/>\n<link rel=\"canonical\" href=\"https:\/\/landioustravel.com\/de\/shop\/stadtrundfahrt-sharm-sheikh\/\" \/>\n<meta property=\"og:locale\" content=\"de_DE\" \/>\n<meta property=\"og:type\" content=\"article\" \/>\n<meta property=\"og:title\" content=\"Stadtrundfahrt Sharm El Sheikh\" \/>\n<meta property=\"og:description\" content=\"Landious Travel\" \/>\n<meta property=\"og:url\" content=\"https:\/\/landioustravel.com\/de\/shop\/stadtrundfahrt-sharm-sheikh\/\" \/>\n<meta property=\"og:site_name\" content=\"Landious Travel\" \/>\n<meta property=\"article:publisher\" content=\"https:\/\/web.facebook.com\/landiousEgypt\" \/>\n<meta property=\"article:modified_time\" content=\"2024-09-27T17:17:01+00:00\" \/>\n<meta property=\"og:image\" content=\"https:\/\/landioustravel.com\/wp-content\/uploads\/2020\/10\/City-Tour-Sharm-El-Sheikh-e1617565959779.jpg\" \/>\n\t<meta property=\"og:image:width\" content=\"1200\" \/>\n\t<meta property=\"og:image:height\" content=\"675\" \/>\n\t<meta property=\"og:image:type\" content=\"image\/jpeg\" \/>\n<meta name=\"twitter:card\" content=\"summary_large_image\" \/>\n<meta name=\"twitter:site\" content=\"@LandiousTours\" \/>\n<meta name=\"twitter:label1\" content=\"Gesch\u00e4tzte Lesezeit\" \/>\n\t<meta name=\"twitter:data1\" content=\"2\u00a0Minuten\" \/>\n<script type=\"application\/ld+json\" class=\"yoast-schema-graph\">{\"@context\":\"https:\\\/\\\/schema.org\",\"@graph\":[{\"@type\":\"WebPage\",\"@id\":\"https:\\\/\\\/landioustravel.com\\\/de\\\/shop\\\/stadtrundfahrt-sharm-sheikh\\\/\",\"url\":\"https:\\\/\\\/landioustravel.com\\\/de\\\/shop\\\/stadtrundfahrt-sharm-sheikh\\\/\",\"name\":\"Stadtrundfahrt Sharm El Sheikh\",\"isPartOf\":{\"@id\":\"https:\\\/\\\/landioustravel.com\\\/de\\\/#website\"},\"primaryImageOfPage\":{\"@id\":\"https:\\\/\\\/landioustravel.com\\\/de\\\/shop\\\/stadtrundfahrt-sharm-sheikh\\\/#primaryimage\"},\"image\":{\"@id\":\"https:\\\/\\\/landioustravel.com\\\/de\\\/shop\\\/stadtrundfahrt-sharm-sheikh\\\/#primaryimage\"},\"thumbnailUrl\":\"https:\\\/\\\/i0.wp.com\\\/landioustravel.com\\\/wp-content\\\/uploads\\\/2020\\\/10\\\/City-Tour-Sharm-El-Sheikh-e1617565959779.jpg?fit=1200%2C675&ssl=1\",\"datePublished\":\"2020-10-18T22:12:54+00:00\",\"dateModified\":\"2024-09-27T17:17:01+00:00\",\"description\":\"Stadtrundfahrt Sharm El Sheikh Die Sightseeing-Tour in Sharm El Sheikh beinhaltet verschiedene Punkte und Stopps an den wichtigsten\",\"breadcrumb\":{\"@id\":\"https:\\\/\\\/landioustravel.com\\\/de\\\/shop\\\/stadtrundfahrt-sharm-sheikh\\\/#breadcrumb\"},\"inLanguage\":\"de\",\"potentialAction\":[{\"@type\":\"ReadAction\",\"target\":[\"https:\\\/\\\/landioustravel.com\\\/de\\\/shop\\\/stadtrundfahrt-sharm-sheikh\\\/\"]}]},{\"@type\":\"ImageObject\",\"inLanguage\":\"de\",\"@id\":\"https:\\\/\\\/landioustravel.com\\\/de\\\/shop\\\/stadtrundfahrt-sharm-sheikh\\\/#primaryimage\",\"url\":\"https:\\\/\\\/i0.wp.com\\\/landioustravel.com\\\/wp-content\\\/uploads\\\/2020\\\/10\\\/City-Tour-Sharm-El-Sheikh-e1617565959779.jpg?fit=1200%2C675&ssl=1\",\"contentUrl\":\"https:\\\/\\\/i0.wp.com\\\/landioustravel.com\\\/wp-content\\\/uploads\\\/2020\\\/10\\\/City-Tour-Sharm-El-Sheikh-e1617565959779.jpg?fit=1200%2C675&ssl=1\",\"width\":1200,\"height\":675,\"caption\":\"City Tour Sharm El Sheikh\"},{\"@type\":\"BreadcrumbList\",\"@id\":\"https:\\\/\\\/landioustravel.com\\\/de\\\/shop\\\/stadtrundfahrt-sharm-sheikh\\\/#breadcrumb\",\"itemListElement\":[{\"@type\":\"ListItem\",\"position\":1,\"name\":\"Home\",\"item\":\"https:\\\/\\\/landioustravel.com\\\/de\\\/\"},{\"@type\":\"ListItem\",\"position\":2,\"name\":\"\u00c4gypten Touren\",\"item\":\"https:\\\/\\\/landioustravel.com\\\/de\\\/\"},{\"@type\":\"ListItem\",\"position\":3,\"name\":\"Stadtrundfahrt Sharm El Sheikh\"}]},{\"@type\":\"WebSite\",\"@id\":\"https:\\\/\\\/landioustravel.com\\\/de\\\/#website\",\"url\":\"https:\\\/\\\/landioustravel.com\\\/de\\\/\",\"name\":\"Landious Travel\",\"description\":\"Excursions, trips and cruises in Egypt\",\"publisher\":{\"@id\":\"https:\\\/\\\/landioustravel.com\\\/de\\\/#organization\"},\"potentialAction\":[{\"@type\":\"SearchAction\",\"target\":{\"@type\":\"EntryPoint\",\"urlTemplate\":\"https:\\\/\\\/landioustravel.com\\\/de\\\/?s={search_term_string}\"},\"query-input\":{\"@type\":\"PropertyValueSpecification\",\"valueRequired\":true,\"valueName\":\"search_term_string\"}}],\"inLanguage\":\"de\"},{\"@type\":[\"Organization\",\"Place\"],\"@id\":\"https:\\\/\\\/landioustravel.com\\\/de\\\/#organization\",\"name\":\"Landious Travel\",\"alternateName\":\"Landious Travel\",\"url\":\"https:\\\/\\\/landioustravel.com\\\/de\\\/\",\"logo\":{\"@id\":\"https:\\\/\\\/landioustravel.com\\\/de\\\/shop\\\/stadtrundfahrt-sharm-sheikh\\\/#local-main-organization-logo\"},\"image\":{\"@id\":\"https:\\\/\\\/landioustravel.com\\\/de\\\/shop\\\/stadtrundfahrt-sharm-sheikh\\\/#local-main-organization-logo\"},\"sameAs\":[\"https:\\\/\\\/web.facebook.com\\\/landiousEgypt\",\"https:\\\/\\\/x.com\\\/LandiousTours\",\"https:\\\/\\\/mastodon.social\\\/@landious\"],\"legalName\":\"Landious Travel\",\"telephone\":[],\"openingHoursSpecification\":[{\"@type\":\"OpeningHoursSpecification\",\"dayOfWeek\":[\"Monday\",\"Tuesday\",\"Wednesday\",\"Thursday\",\"Friday\",\"Saturday\",\"Sunday\"],\"opens\":\"09:00\",\"closes\":\"17:00\"}]},{\"@type\":\"ImageObject\",\"inLanguage\":\"de\",\"@id\":\"https:\\\/\\\/landioustravel.com\\\/de\\\/shop\\\/stadtrundfahrt-sharm-sheikh\\\/#local-main-organization-logo\",\"url\":\"https:\\\/\\\/i0.wp.com\\\/landioustravel.com\\\/wp-content\\\/uploads\\\/2021\\\/06\\\/Landious-T.png?fit=500%2C500&ssl=1\",\"contentUrl\":\"https:\\\/\\\/i0.wp.com\\\/landioustravel.com\\\/wp-content\\\/uploads\\\/2021\\\/06\\\/Landious-T.png?fit=500%2C500&ssl=1\",\"width\":500,\"height\":500,\"caption\":\"Landious Travel\"}]}<\/script>\n<!-- \/ Yoast SEO Premium plugin. -->","yoast_head_json":{"title":"Stadtrundfahrt Sharm El Sheikh","description":"Stadtrundfahrt Sharm El Sheikh Die Sightseeing-Tour in Sharm El Sheikh beinhaltet verschiedene Punkte und Stopps an den wichtigsten","robots":{"index":"index","follow":"follow","max-snippet":"max-snippet:-1","max-image-preview":"max-image-preview:large","max-video-preview":"max-video-preview:-1"},"canonical":"https:\/\/landioustravel.com\/de\/shop\/stadtrundfahrt-sharm-sheikh\/","og_locale":"de_DE","og_type":"article","og_title":"Stadtrundfahrt Sharm El Sheikh","og_description":"Landious Travel","og_url":"https:\/\/landioustravel.com\/de\/shop\/stadtrundfahrt-sharm-sheikh\/","og_site_name":"Landious Travel","article_publisher":"https:\/\/web.facebook.com\/landiousEgypt","article_modified_time":"2024-09-27T17:17:01+00:00","og_image":[{"width":1200,"height":675,"url":"https:\/\/landioustravel.com\/wp-content\/uploads\/2020\/10\/City-Tour-Sharm-El-Sheikh-e1617565959779.jpg","type":"image\/jpeg"}],"twitter_card":"summary_large_image","twitter_site":"@LandiousTours","twitter_misc":{"Gesch\u00e4tzte Lesezeit":"2\u00a0Minuten"},"schema":{"@context":"https:\/\/schema.org","@graph":[{"@type":"WebPage","@id":"https:\/\/landioustravel.com\/de\/shop\/stadtrundfahrt-sharm-sheikh\/","url":"https:\/\/landioustravel.com\/de\/shop\/stadtrundfahrt-sharm-sheikh\/","name":"Stadtrundfahrt Sharm El Sheikh","isPartOf":{"@id":"https:\/\/landioustravel.com\/de\/#website"},"primaryImageOfPage":{"@id":"https:\/\/landioustravel.com\/de\/shop\/stadtrundfahrt-sharm-sheikh\/#primaryimage"},"image":{"@id":"https:\/\/landioustravel.com\/de\/shop\/stadtrundfahrt-sharm-sheikh\/#primaryimage"},"thumbnailUrl":"https:\/\/i0.wp.com\/landioustravel.com\/wp-content\/uploads\/2020\/10\/City-Tour-Sharm-El-Sheikh-e1617565959779.jpg?fit=1200%2C675&ssl=1","datePublished":"2020-10-18T22:12:54+00:00","dateModified":"2024-09-27T17:17:01+00:00","description":"Stadtrundfahrt Sharm El Sheikh Die Sightseeing-Tour in Sharm El Sheikh beinhaltet verschiedene Punkte und Stopps an den wichtigsten","breadcrumb":{"@id":"https:\/\/landioustravel.com\/de\/shop\/stadtrundfahrt-sharm-sheikh\/#breadcrumb"},"inLanguage":"de","potentialAction":[{"@type":"ReadAction","target":["https:\/\/landioustravel.com\/de\/shop\/stadtrundfahrt-sharm-sheikh\/"]}]},{"@type":"ImageObject","inLanguage":"de","@id":"https:\/\/landioustravel.com\/de\/shop\/stadtrundfahrt-sharm-sheikh\/#primaryimage","url":"https:\/\/i0.wp.com\/landioustravel.com\/wp-content\/uploads\/2020\/10\/City-Tour-Sharm-El-Sheikh-e1617565959779.jpg?fit=1200%2C675&ssl=1","contentUrl":"https:\/\/i0.wp.com\/landioustravel.com\/wp-content\/uploads\/2020\/10\/City-Tour-Sharm-El-Sheikh-e1617565959779.jpg?fit=1200%2C675&ssl=1","width":1200,"height":675,"caption":"City Tour Sharm El Sheikh"},{"@type":"BreadcrumbList","@id":"https:\/\/landioustravel.com\/de\/shop\/stadtrundfahrt-sharm-sheikh\/#breadcrumb","itemListElement":[{"@type":"ListItem","position":1,"name":"Home","item":"https:\/\/landioustravel.com\/de\/"},{"@type":"ListItem","position":2,"name":"\u00c4gypten Touren","item":"https:\/\/landioustravel.com\/de\/"},{"@type":"ListItem","position":3,"name":"Stadtrundfahrt Sharm El Sheikh"}]},{"@type":"WebSite","@id":"https:\/\/landioustravel.com\/de\/#website","url":"https:\/\/landioustravel.com\/de\/","name":"Landious Travel","description":"Excursions, trips and cruises in Egypt","publisher":{"@id":"https:\/\/landioustravel.com\/de\/#organization"},"potentialAction":[{"@type":"SearchAction","target":{"@type":"EntryPoint","urlTemplate":"https:\/\/landioustravel.com\/de\/?s={search_term_string}"},"query-input":{"@type":"PropertyValueSpecification","valueRequired":true,"valueName":"search_term_string"}}],"inLanguage":"de"},{"@type":["Organization","Place"],"@id":"https:\/\/landioustravel.com\/de\/#organization","name":"Landious Travel","alternateName":"Landious Travel","url":"https:\/\/landioustravel.com\/de\/","logo":{"@id":"https:\/\/landioustravel.com\/de\/shop\/stadtrundfahrt-sharm-sheikh\/#local-main-organization-logo"},"image":{"@id":"https:\/\/landioustravel.com\/de\/shop\/stadtrundfahrt-sharm-sheikh\/#local-main-organization-logo"},"sameAs":["https:\/\/web.facebook.com\/landiousEgypt","https:\/\/x.com\/LandiousTours","https:\/\/mastodon.social\/@landious"],"legalName":"Landious Travel","telephone":[],"openingHoursSpecification":[{"@type":"OpeningHoursSpecification","dayOfWeek":["Monday","Tuesday","Wednesday","Thursday","Friday","Saturday","Sunday"],"opens":"09:00","closes":"17:00"}]},{"@type":"ImageObject","inLanguage":"de","@id":"https:\/\/landioustravel.com\/de\/shop\/stadtrundfahrt-sharm-sheikh\/#local-main-organization-logo","url":"https:\/\/i0.wp.com\/landioustravel.com\/wp-content\/uploads\/2021\/06\/Landious-T.png?fit=500%2C500&ssl=1","contentUrl":"https:\/\/i0.wp.com\/landioustravel.com\/wp-content\/uploads\/2021\/06\/Landious-T.png?fit=500%2C500&ssl=1","width":500,"height":500,"caption":"Landious Travel"}]}},"jetpack_publicize_connections":[],"uagb_featured_image_src":{"full":["https:\/\/i0.wp.com\/landioustravel.com\/wp-content\/uploads\/2020\/10\/City-Tour-Sharm-El-Sheikh-e1617565959779.jpg?fit=1200%2C675&ssl=1",1200,675,false],"thumbnail":["https:\/\/i0.wp.com\/landioustravel.com\/wp-content\/uploads\/2020\/10\/City-Tour-Sharm-El-Sheikh-e1617565959779.jpg?resize=150%2C150&ssl=1",150,150,true],"medium":["https:\/\/i0.wp.com\/landioustravel.com\/wp-content\/uploads\/2020\/10\/City-Tour-Sharm-El-Sheikh-e1617565959779.jpg?fit=300%2C169&ssl=1",300,169,true],"medium_large":["https:\/\/i0.wp.com\/landioustravel.com\/wp-content\/uploads\/2020\/10\/City-Tour-Sharm-El-Sheikh-e1617565959779.jpg?fit=768%2C432&ssl=1",768,432,true],"large":["https:\/\/i0.wp.com\/landioustravel.com\/wp-content\/uploads\/2020\/10\/City-Tour-Sharm-El-Sheikh-e1617565959779.jpg?fit=980%2C551&ssl=1",980,551,true],"1536x1536":["https:\/\/i0.wp.com\/landioustravel.com\/wp-content\/uploads\/2020\/10\/City-Tour-Sharm-El-Sheikh-e1617565959779.jpg?fit=1200%2C675&ssl=1",1200,675,true],"2048x2048":["https:\/\/i0.wp.com\/landioustravel.com\/wp-content\/uploads\/2020\/10\/City-Tour-Sharm-El-Sheikh-e1617565959779.jpg?fit=1200%2C675&ssl=1",1200,675,true],"newspack-article-block-landscape-large":["https:\/\/i0.wp.com\/landioustravel.com\/wp-content\/uploads\/2020\/10\/City-Tour-Sharm-El-Sheikh-e1617565959779.jpg?resize=1200%2C675&ssl=1",1200,720,true],"newspack-article-block-portrait-large":["https:\/\/i0.wp.com\/landioustravel.com\/wp-content\/uploads\/2020\/10\/City-Tour-Sharm-El-Sheikh-e1617565959779.jpg?resize=900%2C675&ssl=1",900,720,true],"newspack-article-block-square-large":["https:\/\/i0.wp.com\/landioustravel.com\/wp-content\/uploads\/2020\/10\/City-Tour-Sharm-El-Sheikh-e1617565959779.jpg?resize=1200%2C675&ssl=1",1200,720,true],"newspack-article-block-landscape-medium":["https:\/\/i0.wp.com\/landioustravel.com\/wp-content\/uploads\/2020\/10\/City-Tour-Sharm-El-Sheikh-e1617565959779.jpg?resize=800%2C600&ssl=1",800,600,true],"newspack-article-block-portrait-medium":["https:\/\/i0.wp.com\/landioustravel.com\/wp-content\/uploads\/2020\/10\/City-Tour-Sharm-El-Sheikh-e1617565959779.jpg?resize=600%2C675&ssl=1",600,720,true],"newspack-article-block-square-medium":["https:\/\/i0.wp.com\/landioustravel.com\/wp-content\/uploads\/2020\/10\/City-Tour-Sharm-El-Sheikh-e1617565959779.jpg?resize=800%2C675&ssl=1",800,720,true],"newspack-article-block-landscape-intermediate":["https:\/\/i0.wp.com\/landioustravel.com\/wp-content\/uploads\/2020\/10\/City-Tour-Sharm-El-Sheikh-e1617565959779.jpg?resize=600%2C450&ssl=1",600,450,true],"newspack-article-block-portrait-intermediate":["https:\/\/i0.wp.com\/landioustravel.com\/wp-content\/uploads\/2020\/10\/City-Tour-Sharm-El-Sheikh-e1617565959779.jpg?resize=450%2C600&ssl=1",450,600,true],"newspack-article-block-square-intermediate":["https:\/\/i0.wp.com\/landioustravel.com\/wp-content\/uploads\/2020\/10\/City-Tour-Sharm-El-Sheikh-e1617565959779.jpg?resize=600%2C600&ssl=1",600,600,true],"newspack-article-block-landscape-small":["https:\/\/i0.wp.com\/landioustravel.com\/wp-content\/uploads\/2020\/10\/City-Tour-Sharm-El-Sheikh-e1617565959779.jpg?resize=400%2C300&ssl=1",400,300,true],"newspack-article-block-portrait-small":["https:\/\/i0.wp.com\/landioustravel.com\/wp-content\/uploads\/2020\/10\/City-Tour-Sharm-El-Sheikh-e1617565959779.jpg?resize=300%2C400&ssl=1",300,400,true],"newspack-article-block-square-small":["https:\/\/i0.wp.com\/landioustravel.com\/wp-content\/uploads\/2020\/10\/City-Tour-Sharm-El-Sheikh-e1617565959779.jpg?resize=400%2C400&ssl=1",400,400,true],"newspack-article-block-landscape-tiny":["https:\/\/i0.wp.com\/landioustravel.com\/wp-content\/uploads\/2020\/10\/City-Tour-Sharm-El-Sheikh-e1617565959779.jpg?resize=200%2C150&ssl=1",200,150,true],"newspack-article-block-portrait-tiny":["https:\/\/i0.wp.com\/landioustravel.com\/wp-content\/uploads\/2020\/10\/City-Tour-Sharm-El-Sheikh-e1617565959779.jpg?resize=150%2C200&ssl=1",150,200,true],"newspack-article-block-square-tiny":["https:\/\/i0.wp.com\/landioustravel.com\/wp-content\/uploads\/2020\/10\/City-Tour-Sharm-El-Sheikh-e1617565959779.jpg?resize=200%2C200&ssl=1",200,200,true],"newspack-article-block-uncropped":["https:\/\/i0.wp.com\/landioustravel.com\/wp-content\/uploads\/2020\/10\/City-Tour-Sharm-El-Sheikh-e1617565959779.jpg?fit=1200%2C675&ssl=1",1200,675,true],"woocommerce_thumbnail":["https:\/\/i0.wp.com\/landioustravel.com\/wp-content\/uploads\/2020\/10\/City-Tour-Sharm-El-Sheikh-e1617565959779.jpg?resize=324%2C324&ssl=1",324,324,true],"woocommerce_single":["https:\/\/i0.wp.com\/landioustravel.com\/wp-content\/uploads\/2020\/10\/City-Tour-Sharm-El-Sheikh-e1617565959779.jpg?fit=416%2C234&ssl=1",416,234,true],"woocommerce_gallery_thumbnail":["https:\/\/i0.wp.com\/landioustravel.com\/wp-content\/uploads\/2020\/10\/City-Tour-Sharm-El-Sheikh-e1617565959779.jpg?resize=100%2C100&ssl=1",100,100,true]},"uagb_author_info":{"display_name":"Mofreh Landious","author_link":"https:\/\/landioustravel.com\/de\/author\/"},"uagb_comment_info":1,"uagb_excerpt":"Die Sharm El Sheikh Sightseeing Tour ist eine ehrgeizige Reiseroute, die Sie zu den faszinierendsten Orten der Stadt f\u00fchrt. Sie k\u00f6nnen so viel \u00fcber diesen unglaublichen Ort erkunden und entdecken. Auf dem Programm stehen ein Besuch der Altstadt, des Alten Marktes und der Naama Bay, der gr\u00f6\u00dften Moschee in Sharm El Sheikh, der koptischen Kirche&hellip;","jetpack_sharing_enabled":true,"jetpack_likes_enabled":true,"amp_enabled":true,"_links":{"self":[{"href":"https:\/\/landioustravel.com\/de\/wp-json\/wp\/v2\/product\/25322","targetHints":{"allow":["GET"]}}],"collection":[{"href":"https:\/\/landioustravel.com\/de\/wp-json\/wp\/v2\/product"}],"about":[{"href":"https:\/\/landioustravel.com\/de\/wp-json\/wp\/v2\/types\/product"}],"replies":[{"embeddable":true,"href":"https:\/\/landioustravel.com\/de\/wp-json\/wp\/v2\/comments?post=25322"}],"wp:featuredmedia":[{"embeddable":true,"href":"https:\/\/landioustravel.com\/de\/wp-json\/wp\/v2\/media\/45813"}],"wp:attachment":[{"href":"https:\/\/landioustravel.com\/de\/wp-json\/wp\/v2\/media?parent=25322"}],"wp:term":[{"taxonomy":"product_brand","embeddable":true,"href":"https:\/\/landioustravel.com\/de\/wp-json\/wp\/v2\/product_brand?post=25322"},{"taxonomy":"product_cat","embeddable":true,"href":"https:\/\/landioustravel.com\/de\/wp-json\/wp\/v2\/product_cat?post=25322"},{"taxonomy":"product_tag","embeddable":true,"href":"https:\/\/landioustravel.com\/de\/wp-json\/wp\/v2\/product_tag?post=25322"}],"curies":[{"name":"wp","href":"https:\/\/api.w.org\/{rel}","templated":true}]}}